{"id":140365,"date":"2023-05-14T13:54:14","date_gmt":"2023-05-14T13:54:14","guid":{"rendered":"http:\/\/talkpal.ai\/armenska-gramatika\/"},"modified":"2025-05-21T10:54:13","modified_gmt":"2025-05-21T10:54:13","slug":"armenska-gramatika","status":"publish","type":"page","link":"https:\/\/talkpal.ai\/sk\/armenska-gramatika\/","title":{"rendered":"Arm\u00e9nska gramatika"},"content":{"rendered":"\r\n\r\n\r\n<section class=\"languageChallengeSection\">\r\n    <div class=\"languageInfoWrapper\">\r\n        \r\n        <h1>Arm\u00e9nska gramatika<\/h1>\r\n        <p>Ste pripraven\u00ed spozna\u0165 nov\u00fd jazyk? <a href=\"https:\/\/talkpal.ai\/armenian-grammar\/\">Arm\u00e9nska gramatika<\/a> je va\u0161ou br\u00e1nou do sveta fascinuj\u00facich vzorov a jedine\u010dn\u00fdch trad\u00edci\u00ed! Ke\u010f sa nau\u010d\u00edte arm\u00e9nsku gramatiku, nielen\u017ee si osvoj\u00edte jazyk, ale tie\u017e sa spoj\u00edte s hlbok\u00fdm kult\u00farnym dedi\u010dstvom Arm\u00e9nska. Po\u010fme sa spolu ponori\u0165 a u\u017ei\u0165 si cestu do arm\u00e9n\u010diny!<\/p>\r\n\r\n                            <a class=\"getStartedHidden\" href=\"https:\/\/app.talkpal.ai\/sk\/signup?lng=\">Za\u010dni<\/a>\r\n        \r\n    <\/div>\r\n\r\n    <figure>\r\n    <img decoding=\"async\" width=\"768\" height=\"768\" src=\"https:\/\/talkpal.ai\/wp-content\/uploads\/2023\/06\/armenian-768x768.png\" class=\"languageImage no-lazy\" alt=\"Language learning for higher cognition\" fetchpriority=\"high\" sizes=\"(max-width: 768px) 150px, 768px\" srcset=\"https:\/\/talkpal.ai\/wp-content\/uploads\/2023\/06\/armenian-768x768.png 768w, https:\/\/talkpal.ai\/wp-content\/uploads\/2023\/06\/armenian-300x300.png 300w\" \/>\r\n    \r\n\r\n    <\/figure>\r\n\r\n            <a class=\"getStartedVisible\" href=\"https:\/\/app.talkpal.ai\/sk\/signup?lng=\">Za\u010dni<\/a>\r\n    \r\n<\/section>\r\n<section class=\"promotionalBanner\">\r\n    <p class=\"promotionalText\">Najefekt\u00edvnej\u0161\u00ed sp\u00f4sob, ako sa nau\u010di\u0165 jazyk<\/p>\r\n    <a class=\"promotionalLink\" href=\"https:\/\/app.talkpal.ai\/sk\/signup?lng=\">Vysk\u00fa\u0161ajte Talkpal zadarmo<\/a>\r\n<\/section>\n<div class=\"wp-block-group pageContainerStyle\"><div class=\"wp-block-group__inner-container is-layout-constrained wp-block-group-is-layout-constrained\">\n<h2 class=\"wp-block-heading\" id=\"h-discovering-the-richness-of-armenian-grammar\">Objavovanie bohatstva arm\u00e9nskej gramatiky<\/h2>\n\n\n\n<p><a href=\"https:\/\/talkpal.ai\/learn-armenian\/\">Arm\u00e9n\u010dina<\/a>, jedine\u010dn\u00fd a fascinuj\u00faci jazyk, m\u00e1 v indoeur\u00f3pskej rodine osobitn\u00e9 miesto. <a href=\"https:\/\/talkpal.ai\/sk\/ucenie\/\">U\u010denie sa<\/a> arm\u00e9n\u010diny nielen obohacuje v\u00e1\u0161 jazykov\u00fd reperto\u00e1r, ale tie\u017e v\u00e1m umo\u017e\u0148uje ponori\u0165 sa do bohatej hist\u00f3rie a kult\u00fary Arm\u00e9nska. Zatia\u013e \u010do arm\u00e9nska gramatika sa m\u00f4\u017ee zda\u0165 na prv\u00fd poh\u013ead sk\u013eu\u010duj\u00faca, jej rozdelenie na z\u00e1kladn\u00e9 zlo\u017eky zjednodu\u0161uje proces. V tomto \u010dl\u00e1nku v\u00e1m predstav\u00edme podmaniv\u00fd svet arm\u00e9nskej gramatiky a poskytneme tipy, ako si osvoji\u0165 jej zlo\u017eitosti.<\/p>\n\n\n\n<h3 class=\"wp-block-heading\" id=\"h-1-the-armenian-alphabet\">1. Arm\u00e9nska abeceda<\/h3>\n\n\n\n<p>Arm\u00e9n\u010dina m\u00e1 svoju odli\u0161n\u00fa abecedu pozost\u00e1vaj\u00facu z 39 p\u00edsmen, z ktor\u00fdch ka\u017ed\u00e9 predstavuje \u0161pecifick\u00fa fon\u00e9mu alebo kombin\u00e1ciu fon\u00e9mov. Ak sa chcete nau\u010di\u0165 arm\u00e9nsku gramatiku, je ve\u013emi d\u00f4le\u017eit\u00e9 obozn\u00e1mi\u0165 sa s t\u00fdmto jedine\u010dn\u00fdm syst\u00e9mom p\u00edsania precvi\u010dovan\u00edm \u010d\u00edtania a p\u00edsania arm\u00e9nskych textov.<\/p>\n\n\n\n<h3 class=\"wp-block-heading\" id=\"h-2-nouns-gender-and-cases\">2. Podstatn\u00e9 men\u00e1: pohlavie a pr\u00edpady<\/h3>\n\n\n\n<p>Arm\u00e9nske podstatn\u00e9 men\u00e1 nemaj\u00fa gramatick\u00fd rod ako mnoh\u00e9 in\u00e9 <a href=\"https:\/\/talkpal.ai\/what-language-is-spoken-on-the-international-space-station\/\">jazyky<\/a>. Maj\u00fa v\u0161ak nieko\u013eko p\u00e1dov, vr\u00e1tane nominat\u00edvu, akuzat\u00edvu, dat\u00edvu, genit\u00edvu, in\u0161trument\u00e1lu, ablat\u00edvu a lokat\u00edvu. U\u010denie sa pravidiel formovania t\u00fdchto pr\u00edpadov v\u00e1m umo\u017en\u00ed lep\u0161ie pochopi\u0165 a \u0161trukt\u00farova\u0165 arm\u00e9nske vety.<\/p>\n\n\n\n<h3 class=\"wp-block-heading\" id=\"h-3-verbs-conjugation-and-tense\">3. Sloves\u00e1: \u010dasovanie a \u010das<\/h3>\n\n\n\n<p>Arm\u00e9nske sloves\u00e1 s\u00fa konjugovan\u00e9 pod\u013ea ich \u010dasu, n\u00e1lady a aspektu. V arm\u00e9n\u010dine je sedem z\u00e1kladn\u00fdch \u010dasov, vr\u00e1tane pr\u00edtomn\u00e9ho, nedokonal\u00e9ho, dokonal\u00e9ho, aoristick\u00e9ho, bud\u00faceho, pluperfektn\u00e9ho a bud\u00faceho dokonal\u00e9ho. Pravideln\u00e9 sloves\u00e1 sa riadia \u0161pecifick\u00fdmi \u010dasovac\u00edmi vzormi, v\u010faka \u010domu sa daj\u00fa relat\u00edvne \u013eahko nau\u010di\u0165, ke\u010f pochop\u00edte pravidl\u00e1.<\/p>\n\n\n\n<h3 class=\"wp-block-heading\" id=\"h-4-adjectives-agreement-and-placement\">4. Pr\u00eddavn\u00e9 men\u00e1: dohoda a umiestnenie<\/h3>\n\n\n\n<p>V arm\u00e9nskej gramatike sa pr\u00eddavn\u00e9 men\u00e1 zvy\u010dajne vyskytuj\u00fa pred podstatn\u00fdm menom, ktor\u00e9 upravuj\u00fa, a nemusia s\u00fahlasi\u0165 v pr\u00edpade podstatn\u00e9ho mena. Pr\u00eddavn\u00e9 men\u00e1 sa v\u0161ak m\u00f4\u017eu sklo\u0148ova\u0165, ak sa pou\u017e\u00edvaj\u00fa vecne (ako podstatn\u00e9 meno) alebo im predch\u00e1dzaj\u00fa ur\u010dit\u00e9 demon\u0161trat\u00edvne a privlast\u0148ovacie z\u00e1men\u00e1.<\/p>\n\n\n\n<p><strong>Pr\u00edklady:<\/strong><\/p>\n\n\n\n<p>&#8211; \u057d\u0578\u0582\u0580\u0562 \u057f\u0561\u0573\u0561\u0580 (surb tachar) &#8211; sv\u00e4t\u00fd chr\u00e1m<\/p>\n\n\n\n<p>&#8211; \u0561\u0575\u057d \u0574\u0565\u056e \u057f\u0578\u0582\u0576 (ays <a href=\"https:\/\/talkpal.ai\/locations\/language-courses-in-metz\/\">metz<\/a> tun) &#8211; tento ve\u013ek\u00fd dom<\/p>\n\n\n\n<h3 class=\"wp-block-heading\" id=\"h-5-evidentiality-in-verbs\">5. D\u00f4kaznos\u0165 v sloves\u00e1ch<\/h3>\n\n\n\n<p>Jedn\u00fdm z jedine\u010dn\u00fdch aspektov arm\u00e9nskej gramatiky je pou\u017e\u00edvanie d\u00f4kazn\u00fdch slovies. T\u00e1to funkcia ukazuje zdroj vedomost\u00ed hovoriaceho (osobn\u00e1 sk\u00fasenos\u0165, z po\u010dutia alebo odvodenie) o deji vo vete. Venovanie pozornosti t\u00fdmto nuans\u00e1m v\u00e1m m\u00f4\u017ee pom\u00f4c\u0165 poskytn\u00fa\u0165 kontext a jasnos\u0165 vo va\u0161ej konverz\u00e1cii.<\/p>\n\n\n\n<h3 class=\"wp-block-heading\" id=\"h-6-engaging-with-the-language\">6. Zapojenie sa do jazyka<\/h3>\n\n\n\n<p>Najefekt\u00edvnej\u0161\u00edm sp\u00f4sobom, ako pochopi\u0165 a internalizova\u0165 arm\u00e9nsku gramatiku, je pravideln\u00e1 interakcia s jazykom. \u010c\u00edtan\u00edm arm\u00e9nskej literat\u00fary, sledovan\u00edm filmov alebo telev\u00edznych seri\u00e1lov a akt\u00edvnou komunik\u00e1ciou s roden\u00fdmi hovorcami posiln\u00edte svoje ch\u00e1panie gramatiky a s\u00fa\u010dasne roz\u0161\u00edrite svoju slovn\u00fa z\u00e1sobu.<\/p>\n\n\n\n<h3 class=\"wp-block-heading\" id=\"h-conclusion\">Z\u00e1ver<\/h3>\n\n\n\n<p>Hoci sa arm\u00e9nska gramatika m\u00f4\u017ee zda\u0165 komplikovan\u00e1, pr\u00edstup k nej krok za krokom a d\u00f4sledn\u00e9 precvi\u010dovanie v\u00e1m pom\u00f4\u017ee sta\u0165 sa zdatn\u00fdm v tomto kr\u00e1snom jazyku. Prijmite t\u00fato v\u00fdzvu, ke\u010f sa vyd\u00e1te na cestu za arm\u00e9nskym jazykom, a \u010doskoro zist\u00edte, \u017ee sa s \u010doraz v\u00e4\u010d\u0161ou istotou orientujete v nuans\u00e1ch jeho gramatiky. \u0160\u0165astn\u00e9 \u0161t\u00fadium a u\u017eite si objavovanie bohatstva arm\u00e9nskej gramatiky!<\/p>\n<\/div><\/div>\n\r\n<section class=\"learnNavigationSection\">\r\n            \r\n        <a href=\"https:\/\/talkpal.ai\/sk\/naucte-sa-armensky\/\">\r\n            <div class=\"learnNavigationWrapper\">\r\n                <div class=\"learnNavigationContent\">\r\n                    <img decoding=\"async\" src=\"https:\/\/talkpal.ai\/wp-content\/uploads\/2024\/08\/Armenian.jpg\" alt=\"Armenian Flag\">\r\n                    <div>\r\n                        <h4>O arm\u00e9nskom vzdel\u00e1van\u00ed<\/h4>\r\n                        <p>Zistite v\u0161etko o arm\u00e9nskej gramatike.<\/p>\r\n                    <\/div>\r\n                <\/div>\r\n            <\/div>\r\n        <\/a>\r\n\r\n        \r\n        <a href=\"https:\/\/talkpal.ai\/sk\/armenske-gramaticke-cvicenia\/\">\r\n            <div class=\"learnNavigationWrapper\">\r\n                <div class=\"learnNavigationContent\">\r\n                    <img decoding=\"async\" src=\"https:\/\/talkpal.ai\/wp-content\/uploads\/2024\/08\/Armenian.jpg\" alt=\"Armenian Flag\">\r\n                    <div>\r\n                        <h4>Cvi\u010denie z arm\u00e9nskej gramatiky<\/h4>\r\n                        <p>Precvi\u010dte si arm\u00e9nsku gramatiku.<\/p>\r\n                    <\/div>\r\n                <\/div>\r\n            <\/div>\r\n        <\/a>\r\n\r\n        \r\n        <a href=\"https:\/\/talkpal.ai\/vocabulary_language\/armenian\/\">\r\n            <div class=\"learnNavigationWrapper\">\r\n                <div class=\"learnNavigationContent\">\r\n                    <img decoding=\"async\" src=\"https:\/\/talkpal.ai\/wp-content\/uploads\/2024\/08\/Armenian.jpg\" alt=\"Armenian Flag\">\r\n                    <div>\r\n                        <h4>Arm\u00e9nska slovn\u00e1 z\u00e1soba<\/h4>\r\n                        <p>Roz\u0161\u00edrte si slovn\u00fa z\u00e1sobu arm\u00e9n\u010diny.<\/p>\r\n                    <\/div>\r\n                <\/div>\r\n            <\/div>\r\n        <\/a>\r\n\r\n            <\/section>","protected":false},"excerpt":{"rendered":"<p>Objavovanie bohatstva arm\u00e9nskej gramatiky Arm\u00e9n\u010dina, jedine\u010dn\u00fd a fascinuj\u00faci jazyk, m\u00e1 v indoeur\u00f3pskej rodine osobitn\u00e9 miesto. U\u010denie sa arm\u00e9n\u010diny nielen obohacuje v\u00e1\u0161 jazykov\u00fd reperto\u00e1r, ale tie\u017e v\u00e1m umo\u017e\u0148uje ponori\u0165 sa do bohatej hist\u00f3rie a kult\u00fary Arm\u00e9nska. Zatia\u013e \u010do arm\u00e9nska gramatika sa m\u00f4\u017ee zda\u0165 na prv\u00fd poh\u013ead sk\u013eu\u010duj\u00faca, jej rozdelenie na z\u00e1kladn\u00e9 zlo\u017eky zjednodu\u0161uje proces. V tomto [&hellip;]<\/p>\n","protected":false},"author":1,"featured_media":109264,"parent":0,"menu_order":0,"comment_status":"closed","ping_status":"closed","template":"LearningContentPage.php","meta":{"_acf_changed":false,"footnotes":""},"class_list":["post-140365","page","type-page","status-publish","has-post-thumbnail","hentry"],"acf":[],"yoast_head":"<!-- This site is optimized with the Yoast SEO Premium plugin v27.2 (Yoast SEO v27.2) - https:\/\/yoast.com\/product\/yoast-seo-premium-wordpress\/ -->\n<title>Arm\u00e9nska gramatika - Talkpal<\/title>\n<meta name=\"description\" content=\"Odha\u013ete tajomstv\u00e1 arm\u00e9nskej gramatiky a spoznajte bohat\u00fa kult\u00faru Arm\u00e9nska a z\u00e1rove\u0148 si osvojte tento fascinuj\u00faci jazyk.\" \/>\n<meta name=\"robots\" content=\"index, follow, max-snippet:-1, max-image-preview:large, max-video-preview:-1\" \/>\n<link rel=\"canonical\" href=\"https:\/\/talkpal.ai\/sk\/armenska-gramatika\/\" \/>\n<meta property=\"og:locale\" content=\"sk_SK\" \/>\n<meta property=\"og:type\" content=\"article\" \/>\n<meta property=\"og:title\" content=\"Arm\u00e9nska gramatika\" \/>\n<meta property=\"og:description\" content=\"Objavovanie bohatstva arm\u00e9nskej gramatiky Arm\u00e9n\u010dina, jedine\u010dn\u00fd a fascinuj\u00faci jazyk, m\u00e1 v indoeur\u00f3pskej rodine osobitn\u00e9 miesto. U\u010denie sa arm\u00e9n\u010diny nielen\" \/>\n<meta property=\"og:url\" content=\"https:\/\/talkpal.ai\/sk\/armenska-gramatika\/\" \/>\n<meta property=\"og:site_name\" content=\"Talkpal\" \/>\n<meta property=\"article:publisher\" content=\"https:\/\/www.facebook.com\/profile.php?id=100090733639311\" \/>\n<meta property=\"article:modified_time\" content=\"2025-05-21T10:54:13+00:00\" \/>\n<meta property=\"og:image\" content=\"https:\/\/talkpal.ai\/wp-content\/uploads\/2023\/05\/armenia.png\" \/>\n\t<meta property=\"og:image:width\" content=\"512\" \/>\n\t<meta property=\"og:image:height\" content=\"512\" \/>\n\t<meta property=\"og:image:type\" content=\"image\/png\" \/>\n<meta name=\"twitter:card\" content=\"summary_large_image\" \/>\n<meta name=\"twitter:site\" content=\"@talkpalai\" \/>\n<meta name=\"twitter:label1\" content=\"Predpokladan\u00fd \u010das \u010d\u00edtania\" \/>\n\t<meta name=\"twitter:data1\" content=\"3 min\u00faty\" \/>\n<script type=\"application\/ld+json\" class=\"yoast-schema-graph\">{\"@context\":\"https:\/\/schema.org\",\"@graph\":[{\"@type\":\"WebPage\",\"@id\":\"https:\/\/talkpal.ai\/sk\/armenska-gramatika\/\",\"url\":\"https:\/\/talkpal.ai\/sk\/armenska-gramatika\/\",\"name\":\"Arm\u00e9nska gramatika - Talkpal\",\"isPartOf\":{\"@id\":\"https:\/\/talkpal.ai\/sk\/#website\"},\"primaryImageOfPage\":{\"@id\":\"https:\/\/talkpal.ai\/sk\/armenska-gramatika\/#primaryimage\"},\"image\":{\"@id\":\"https:\/\/talkpal.ai\/sk\/armenska-gramatika\/#primaryimage\"},\"thumbnailUrl\":\"https:\/\/talkpal.ai\/wp-content\/uploads\/2023\/05\/armenia.png\",\"datePublished\":\"2023-05-14T13:54:14+00:00\",\"dateModified\":\"2025-05-21T10:54:13+00:00\",\"description\":\"Odha\u013ete tajomstv\u00e1 arm\u00e9nskej gramatiky a spoznajte bohat\u00fa kult\u00faru Arm\u00e9nska a z\u00e1rove\u0148 si osvojte tento fascinuj\u00faci jazyk.\",\"breadcrumb\":{\"@id\":\"https:\/\/talkpal.ai\/sk\/armenska-gramatika\/#breadcrumb\"},\"inLanguage\":\"sk-SK\",\"potentialAction\":[{\"@type\":\"ReadAction\",\"target\":[\"https:\/\/talkpal.ai\/sk\/armenska-gramatika\/\"]}]},{\"@type\":\"ImageObject\",\"inLanguage\":\"sk-SK\",\"@id\":\"https:\/\/talkpal.ai\/sk\/armenska-gramatika\/#primaryimage\",\"url\":\"https:\/\/talkpal.ai\/wp-content\/uploads\/2023\/05\/armenia.png\",\"contentUrl\":\"https:\/\/talkpal.ai\/wp-content\/uploads\/2023\/05\/armenia.png\",\"width\":512,\"height\":512},{\"@type\":\"BreadcrumbList\",\"@id\":\"https:\/\/talkpal.ai\/sk\/armenska-gramatika\/#breadcrumb\",\"itemListElement\":[{\"@type\":\"ListItem\",\"position\":1,\"name\":\"Homepage\",\"item\":\"https:\/\/talkpal.ai\/sk\/\"},{\"@type\":\"ListItem\",\"position\":2,\"name\":\"Arm\u00e9nska gramatika\"}]},{\"@type\":\"WebSite\",\"@id\":\"https:\/\/talkpal.ai\/sk\/#website\",\"url\":\"https:\/\/talkpal.ai\/sk\/\",\"name\":\"Talkpal\",\"description\":\"AI Language Learning\",\"publisher\":{\"@id\":\"https:\/\/talkpal.ai\/sk\/#organization\"},\"alternateName\":\"Talkpal AI\",\"potentialAction\":[{\"@type\":\"SearchAction\",\"target\":{\"@type\":\"EntryPoint\",\"urlTemplate\":\"https:\/\/talkpal.ai\/sk\/?s={search_term_string}\"},\"query-input\":{\"@type\":\"PropertyValueSpecification\",\"valueRequired\":true,\"valueName\":\"search_term_string\"}}],\"inLanguage\":\"sk-SK\"},{\"@type\":\"Organization\",\"@id\":\"https:\/\/talkpal.ai\/sk\/#organization\",\"name\":\"Talkpal, Inc.\",\"alternateName\":\"Talkpal AI\",\"url\":\"https:\/\/talkpal.ai\/sk\/\",\"logo\":{\"@type\":\"ImageObject\",\"inLanguage\":\"sk-SK\",\"@id\":\"https:\/\/talkpal.ai\/sk\/#\/schema\/logo\/image\/\",\"url\":\"https:\/\/talkpal.ai\/wp-content\/uploads\/2024\/03\/Talkpal-Logo-Icon.png\",\"contentUrl\":\"https:\/\/talkpal.ai\/wp-content\/uploads\/2024\/03\/Talkpal-Logo-Icon.png\",\"width\":2880,\"height\":2880,\"caption\":\"Talkpal, Inc.\"},\"image\":{\"@id\":\"https:\/\/talkpal.ai\/sk\/#\/schema\/logo\/image\/\"},\"sameAs\":[\"https:\/\/www.facebook.com\/profile.php?id=100090733639311\",\"https:\/\/x.com\/talkpalai\",\"https:\/\/www.linkedin.com\/company\/talkpal\/\",\"https:\/\/www.youtube.com\/@TalkPal\/\",\"https:\/\/www.tiktok.com\/@talkpal\",\"https:\/\/www.instagram.com\/talkpal_ai\/\",\"https:\/\/www.crunchbase.com\/organization\/talkpal-9cde\",\"https:\/\/www.g2.com\/products\/talkpal-for-business\/\",\"https:\/\/www.trustpilot.com\/review\/talkpal.ai\",\"https:\/\/www.capterra.com\/p\/10006800\/TalkPal\/\"],\"description\":\"Talkpal is a language learning web and mobile education app, powered by the latest AI technologies, that provides engaging experiences to its customers in many different languages to help them improve their language skills. Users can chat about unlimited amount of topics with the app and use other modes to practice their language learning.\",\"email\":\"support@talkpal.ai\",\"legalName\":\"Talkpal, Inc.\",\"foundingDate\":\"2023-04-03\",\"duns\":\"118989042\",\"numberOfEmployees\":{\"@type\":\"QuantitativeValue\",\"minValue\":\"11\",\"maxValue\":\"50\"},\"publishingPrinciples\":\"https:\/\/talkpal.ai\/publishing-principles\/\",\"actionableFeedbackPolicy\":\"https:\/\/talkpal.ai\/actionable-feedback-policy\/\",\"correctionsPolicy\":\"https:\/\/talkpal.ai\/corrections-policy\/\",\"ethicsPolicy\":\"https:\/\/talkpal.ai\/ethics-policy\/\",\"diversityPolicy\":\"https:\/\/talkpal.ai\/diversity-policy\/\",\"diversityStaffingReport\":\"https:\/\/talkpal.ai\/diversity-policy\/\"}]}<\/script>\n<!-- \/ Yoast SEO Premium plugin. -->","yoast_head_json":{"title":"Arm\u00e9nska gramatika - Talkpal","description":"Odha\u013ete tajomstv\u00e1 arm\u00e9nskej gramatiky a spoznajte bohat\u00fa kult\u00faru Arm\u00e9nska a z\u00e1rove\u0148 si osvojte tento fascinuj\u00faci jazyk.","robots":{"index":"index","follow":"follow","max-snippet":"max-snippet:-1","max-image-preview":"max-image-preview:large","max-video-preview":"max-video-preview:-1"},"canonical":"https:\/\/talkpal.ai\/sk\/armenska-gramatika\/","og_locale":"sk_SK","og_type":"article","og_title":"Arm\u00e9nska gramatika","og_description":"Objavovanie bohatstva arm\u00e9nskej gramatiky Arm\u00e9n\u010dina, jedine\u010dn\u00fd a fascinuj\u00faci jazyk, m\u00e1 v indoeur\u00f3pskej rodine osobitn\u00e9 miesto. U\u010denie sa arm\u00e9n\u010diny nielen","og_url":"https:\/\/talkpal.ai\/sk\/armenska-gramatika\/","og_site_name":"Talkpal","article_publisher":"https:\/\/www.facebook.com\/profile.php?id=100090733639311","article_modified_time":"2025-05-21T10:54:13+00:00","og_image":[{"width":512,"height":512,"url":"https:\/\/talkpal.ai\/wp-content\/uploads\/2023\/05\/armenia.png","type":"image\/png"}],"twitter_card":"summary_large_image","twitter_site":"@talkpalai","twitter_misc":{"Predpokladan\u00fd \u010das \u010d\u00edtania":"3 min\u00faty"},"schema":{"@context":"https:\/\/schema.org","@graph":[{"@type":"WebPage","@id":"https:\/\/talkpal.ai\/sk\/armenska-gramatika\/","url":"https:\/\/talkpal.ai\/sk\/armenska-gramatika\/","name":"Arm\u00e9nska gramatika - Talkpal","isPartOf":{"@id":"https:\/\/talkpal.ai\/sk\/#website"},"primaryImageOfPage":{"@id":"https:\/\/talkpal.ai\/sk\/armenska-gramatika\/#primaryimage"},"image":{"@id":"https:\/\/talkpal.ai\/sk\/armenska-gramatika\/#primaryimage"},"thumbnailUrl":"https:\/\/talkpal.ai\/wp-content\/uploads\/2023\/05\/armenia.png","datePublished":"2023-05-14T13:54:14+00:00","dateModified":"2025-05-21T10:54:13+00:00","description":"Odha\u013ete tajomstv\u00e1 arm\u00e9nskej gramatiky a spoznajte bohat\u00fa kult\u00faru Arm\u00e9nska a z\u00e1rove\u0148 si osvojte tento fascinuj\u00faci jazyk.","breadcrumb":{"@id":"https:\/\/talkpal.ai\/sk\/armenska-gramatika\/#breadcrumb"},"inLanguage":"sk-SK","potentialAction":[{"@type":"ReadAction","target":["https:\/\/talkpal.ai\/sk\/armenska-gramatika\/"]}]},{"@type":"ImageObject","inLanguage":"sk-SK","@id":"https:\/\/talkpal.ai\/sk\/armenska-gramatika\/#primaryimage","url":"https:\/\/talkpal.ai\/wp-content\/uploads\/2023\/05\/armenia.png","contentUrl":"https:\/\/talkpal.ai\/wp-content\/uploads\/2023\/05\/armenia.png","width":512,"height":512},{"@type":"BreadcrumbList","@id":"https:\/\/talkpal.ai\/sk\/armenska-gramatika\/#breadcrumb","itemListElement":[{"@type":"ListItem","position":1,"name":"Homepage","item":"https:\/\/talkpal.ai\/sk\/"},{"@type":"ListItem","position":2,"name":"Arm\u00e9nska gramatika"}]},{"@type":"WebSite","@id":"https:\/\/talkpal.ai\/sk\/#website","url":"https:\/\/talkpal.ai\/sk\/","name":"Talkpal","description":"AI Language Learning","publisher":{"@id":"https:\/\/talkpal.ai\/sk\/#organization"},"alternateName":"Talkpal AI","potentialAction":[{"@type":"SearchAction","target":{"@type":"EntryPoint","urlTemplate":"https:\/\/talkpal.ai\/sk\/?s={search_term_string}"},"query-input":{"@type":"PropertyValueSpecification","valueRequired":true,"valueName":"search_term_string"}}],"inLanguage":"sk-SK"},{"@type":"Organization","@id":"https:\/\/talkpal.ai\/sk\/#organization","name":"Talkpal, Inc.","alternateName":"Talkpal AI","url":"https:\/\/talkpal.ai\/sk\/","logo":{"@type":"ImageObject","inLanguage":"sk-SK","@id":"https:\/\/talkpal.ai\/sk\/#\/schema\/logo\/image\/","url":"https:\/\/talkpal.ai\/wp-content\/uploads\/2024\/03\/Talkpal-Logo-Icon.png","contentUrl":"https:\/\/talkpal.ai\/wp-content\/uploads\/2024\/03\/Talkpal-Logo-Icon.png","width":2880,"height":2880,"caption":"Talkpal, Inc."},"image":{"@id":"https:\/\/talkpal.ai\/sk\/#\/schema\/logo\/image\/"},"sameAs":["https:\/\/www.facebook.com\/profile.php?id=100090733639311","https:\/\/x.com\/talkpalai","https:\/\/www.linkedin.com\/company\/talkpal\/","https:\/\/www.youtube.com\/@TalkPal\/","https:\/\/www.tiktok.com\/@talkpal","https:\/\/www.instagram.com\/talkpal_ai\/","https:\/\/www.crunchbase.com\/organization\/talkpal-9cde","https:\/\/www.g2.com\/products\/talkpal-for-business\/","https:\/\/www.trustpilot.com\/review\/talkpal.ai","https:\/\/www.capterra.com\/p\/10006800\/TalkPal\/"],"description":"Talkpal is a language learning web and mobile education app, powered by the latest AI technologies, that provides engaging experiences to its customers in many different languages to help them improve their language skills. Users can chat about unlimited amount of topics with the app and use other modes to practice their language learning.","email":"support@talkpal.ai","legalName":"Talkpal, Inc.","foundingDate":"2023-04-03","duns":"118989042","numberOfEmployees":{"@type":"QuantitativeValue","minValue":"11","maxValue":"50"},"publishingPrinciples":"https:\/\/talkpal.ai\/publishing-principles\/","actionableFeedbackPolicy":"https:\/\/talkpal.ai\/actionable-feedback-policy\/","correctionsPolicy":"https:\/\/talkpal.ai\/corrections-policy\/","ethicsPolicy":"https:\/\/talkpal.ai\/ethics-policy\/","diversityPolicy":"https:\/\/talkpal.ai\/diversity-policy\/","diversityStaffingReport":"https:\/\/talkpal.ai\/diversity-policy\/"}]}},"_links":{"self":[{"href":"https:\/\/talkpal.ai\/sk\/wp-json\/wp\/v2\/pages\/140365","targetHints":{"allow":["GET"]}}],"collection":[{"href":"https:\/\/talkpal.ai\/sk\/wp-json\/wp\/v2\/pages"}],"about":[{"href":"https:\/\/talkpal.ai\/sk\/wp-json\/wp\/v2\/types\/page"}],"author":[{"embeddable":true,"href":"https:\/\/talkpal.ai\/sk\/wp-json\/wp\/v2\/users\/1"}],"replies":[{"embeddable":true,"href":"https:\/\/talkpal.ai\/sk\/wp-json\/wp\/v2\/comments?post=140365"}],"version-history":[{"count":0,"href":"https:\/\/talkpal.ai\/sk\/wp-json\/wp\/v2\/pages\/140365\/revisions"}],"wp:featuredmedia":[{"embeddable":true,"href":"https:\/\/talkpal.ai\/sk\/wp-json\/wp\/v2\/media\/109264"}],"wp:attachment":[{"href":"https:\/\/talkpal.ai\/sk\/wp-json\/wp\/v2\/media?parent=140365"}],"curies":[{"name":"wp","href":"https:\/\/api.w.org\/{rel}","templated":true}]}}