{"id":140068,"date":"2023-05-14T13:53:48","date_gmt":"2023-05-14T13:53:48","guid":{"rendered":"http:\/\/talkpal.ai\/azerbajdzanska-gramatika\/"},"modified":"2025-05-22T08:23:35","modified_gmt":"2025-05-22T08:23:35","slug":"azerbajdzanska-gramatika","status":"publish","type":"page","link":"https:\/\/talkpal.ai\/sk\/azerbajdzanska-gramatika\/","title":{"rendered":"Azerbajd\u017eansk\u00e1 gramatika"},"content":{"rendered":"\r\n\r\n\r\n<section class=\"languageChallengeSection\">\r\n    <div class=\"languageInfoWrapper\">\r\n        \r\n        <h1>Azerbajd\u017eansk\u00e1 gramatika<\/h1>\r\n        <p>Ste pripraven\u00ed odhali\u0165 kr\u00e1su azerbajd\u017eansk\u00e9ho jazyka? Ponorte sa do azerbajd\u017eanskej gramatiky a objavte jej jedine\u010dn\u00fa \u0161trukt\u00faru, od samohl\u00e1skovej harm\u00f3nie a\u017e po expres\u00edvne slovesn\u00e9 tvary. Za\u010dnite sa u\u010di\u0165 e\u0161te dnes a vysk\u00fa\u0161ajte, ako v\u00e1m zvl\u00e1dnutie gramatiky skuto\u010dne otvor\u00ed cestu k plynulej konverz\u00e1cii a hlb\u0161iemu porozumeniu azerbajd\u017eanskej kult\u00fary!<\/p>\r\n\r\n                            <a class=\"getStartedHidden\" href=\"https:\/\/app.talkpal.ai\/sk\/signup?lng=\">Za\u010dni<\/a>\r\n        \r\n    <\/div>\r\n\r\n    <figure>\r\n    <img decoding=\"async\" width=\"768\" height=\"768\" src=\"https:\/\/talkpal.ai\/wp-content\/uploads\/2023\/06\/azerbaijani-768x768.png\" class=\"languageImage no-lazy\" alt=\"Language learning for enhanced cognitive skills\" fetchpriority=\"high\" sizes=\"(max-width: 768px) 150px, 768px\" srcset=\"https:\/\/talkpal.ai\/wp-content\/uploads\/2023\/06\/azerbaijani-768x768.png 768w, https:\/\/talkpal.ai\/wp-content\/uploads\/2023\/06\/azerbaijani-300x300.png 300w\" \/>\r\n    \r\n\r\n    <\/figure>\r\n\r\n            <a class=\"getStartedVisible\" href=\"https:\/\/app.talkpal.ai\/sk\/signup?lng=\">Za\u010dni<\/a>\r\n    \r\n<\/section>\r\n<section class=\"promotionalBanner\">\r\n    <p class=\"promotionalText\">Najefekt\u00edvnej\u0161\u00ed sp\u00f4sob, ako sa nau\u010di\u0165 jazyk<\/p>\r\n    <a class=\"promotionalLink\" href=\"https:\/\/app.talkpal.ai\/sk\/signup?lng=\">Vysk\u00fa\u0161ajte Talkpal zadarmo<\/a>\r\n<\/section>\n<div class=\"wp-block-group pageContainerStyle\"><div class=\"wp-block-group__inner-container is-layout-constrained wp-block-group-is-layout-constrained\">\n<h2 class=\"wp-block-heading\" id=\"h-a-comprehensive-guide-to-azerbaijani-grammar\">Komplexn\u00fd sprievodca azerbajd\u017eanskou gramatikou<\/h2>\n\n\n\n<p>U\u017e ste niekedy prem\u00fd\u0161\u013eali o u\u010den\u00ed sa azerbajd\u017ean\u010diny? Ako \u00faradn\u00fd jazyk Azerbajd\u017eanu, ktor\u00fdm hovoria mili\u00f3ny \u013eud\u00ed v kaukazskom regi\u00f3ne, je <a href=\"https:\/\/talkpal.ai\/learn-azerbaijani\/\">azerbajd\u017ean\u010dina<\/a> jedine\u010dn\u00fdm a fascinuj\u00facim jazykom. V\u010faka bohatej hist\u00f3rii, rozmanitej kult\u00fare a zmesi vplyvov z ture\u010dtiny, ru\u0161tiny a perz\u0161tiny poskytuje azerbajd\u017ean\u010dina jedine\u010dn\u00fd jazykov\u00fd z\u00e1\u017eitok. Ale neboj sa, priate\u013e m\u00f4j! V tomto \u010dl\u00e1nku odhal\u00edme z\u00e1zraky azerbajd\u017eanskej gramatiky, spr\u00edstupn\u00edme ju a dovol\u00edm si tvrdi\u0165, \u017ee aj pr\u00edjemnou pre jazykov\u00fdch nad\u0161encov, ako ste vy.<\/p>\n\n\n\n<p><strong>Za\u010dnime, dobre?<\/strong><\/p>\n\n\n\n<h3 class=\"wp-block-heading\" id=\"h-1-the-azerbaijani-alphabet-a-fusion-of-beauty-and-simplicity\">1. Azerbajd\u017eansk\u00e1 abeceda: spojenie kr\u00e1sy a jednoduchosti<\/h3>\n\n\n\n<p>Azerbajd\u017eansk\u00e1 abeceda je zalo\u017een\u00e1 na latinskom p\u00edsme, ktor\u00e9 pozost\u00e1va z 32 p\u00edsmen. Nebojte sa, nebudete musie\u0165 l\u00fa\u0161ti\u0165 z\u00e1hadn\u00e9 znaky, preto\u017ee sa ve\u013emi podobaj\u00fa anglickej abecede. Niektor\u00e9 p\u00edsmen\u00e1 v\u0161ak maj\u00fa jedine\u010dn\u00e9 akcenty a diakritick\u00e9 znamienka, ktor\u00e9 predstavuj\u00fa \u0161pecifick\u00e9 azerbajd\u017eansk\u00e9 zvuky. Ak\u00fd je k\u013e\u00fa\u010dov\u00fd z\u00e1ver? Zvl\u00e1dnutie abecedy je prv\u00fdm mal\u00fdm, ale nevyhnutn\u00fdm krokom pri u\u010den\u00ed sa jazyka.<\/p>\n\n\n\n<h3 class=\"wp-block-heading\" id=\"h-2-word-order-simple-as-s-o-v\">2. Slovosled: Jednoduch\u00e9 ako S-O-V!<\/h3>\n\n\n\n<p>Na rozdiel od angli\u010dtiny, ktor\u00e1 nasleduje slovosled subjekt-sloveso-objekt (SVO), azerbajd\u017ean\u010dina je jazyk SOV. To znamen\u00e1, \u017ee podmet zvy\u010dajne n\u00e1jdete na za\u010diatku vety, za ktor\u00fdm nasleduje objekt a kon\u010d\u00ed slovesom. Spo\u010diatku sa to m\u00f4\u017ee zda\u0165 trochu zvl\u00e1\u0161tne, ale verte mi, \u017ee si to r\u00fdchlo osvoj\u00edte! Napr\u00edklad v angli\u010dtine hovor\u00edme &#8222;I love Azerbaijan&#8220;. V azerbajd\u017ean\u010dine by t\u00e1to veta znela: &#8222;M\u0259n Az\u0259rbaycan\u0131 sevir\u0259m&#8220; (doslova: &#8222;Ja Azerbajd\u017ean milujem&#8220;). Hra\u010dka, v\u0161ak?<\/p>\n\n\n\n<h3 class=\"wp-block-heading\" id=\"h-3-noun-cases-a-colorful-display-of-linguistic-variety\">3. Pr\u00edpady podstatn\u00fdch mien: farebn\u00e9 zobrazenie jazykovej rozmanitosti<\/h3>\n\n\n\n<p>Jednou z najv\u00fdraznej\u0161\u00edch \u010d\u0155t azerbajd\u017eanskej gramatiky s\u00fa jej podstatn\u00e9 p\u00edsmen\u00e1. Jazyk sa m\u00f4\u017ee pochv\u00e1li\u0165 \u0161iestimi odli\u0161n\u00fdmi pr\u00edpadmi, z ktor\u00fdch ka\u017ed\u00fd sl\u00fa\u017ei \u0161pecifickej funkcii. S\u00fa to: nominat\u00edv, genit\u00edv, dat\u00edv, akuzat\u00edv, lokat\u00edv a ablat\u00edv. Teraz to m\u00f4\u017ee znie\u0165 zastra\u0161uj\u00faco, ale nebojte sa! Rovnako ako ma\u013eovanie obr\u00e1zka r\u00f4znymi farbami, tieto pr\u00edpady dod\u00e1vaj\u00fa va\u0161im vet\u00e1m h\u013abku a v\u00fdznam. Napr\u00edklad &#8222;kitab&#8220; (kniha) sa m\u00f4\u017ee zmeni\u0165 na &#8222;kitab\u0131n&#8220; (knihy), aby sa vyjadrilo vlastn\u00edctvo. Ke\u010f sa postupne obozn\u00e1mite s t\u00fdmito pr\u00edpadmi, za\u010dnete si uvedomova\u0165 ich v\u00fdznam v jazyku.<\/p>\n\n\n\n<h3 class=\"wp-block-heading\" id=\"h-4-verb-conjugation-express-yourself-with-ease\">4. \u010casovanie slovies: Vyjadrite sa s \u013eahkos\u0165ou<\/h3>\n\n\n\n<p>Azerbajd\u017eansk\u00e9 sloves\u00e1 s\u00fa bohat\u00e9 a expres\u00edvne, \u010do v\u00e1m umo\u017e\u0148uje vyjadri\u0165 \u0161irok\u00fa \u0161k\u00e1lu akci\u00ed, em\u00f3ci\u00ed, z\u00e1merov a \u010fal\u0161\u00edch. K\u013e\u00fa\u010d k zvl\u00e1dnutiu azerbajd\u017eanskej \u010dasovania slovies spo\u010d\u00edva v pochopen\u00ed infinit\u00edvnej formy (z\u00e1kladn\u00e1, nekonjugovan\u00e1 forma slovesa) a r\u00f4znych pr\u00edpon, ktor\u00e9 ozna\u010duj\u00fa \u010das, osobu a \u010d\u00edslo. Napr\u00edklad z infinit\u00edvu &#8222;g\u00f6rm\u0259k&#8220; (vidie\u0165) sa m\u00f4\u017ee sta\u0165 &#8222;g\u00f6r\u00fcr\u0259m&#8220; (vid\u00edm) alebo &#8222;g\u00f6rd\u00fcm&#8220; (videl som) v\u010faka \u010darovnej konjug\u00e1cii. Cvi\u010denie rob\u00ed majstra, tak\u017ee sa mu venujte a za chv\u00ed\u013eu budete v konjug\u00e1cii slovies ako doma!<\/p>\n\n\n\n<h3 class=\"wp-block-heading\" id=\"h-5-it-s-all-about-the-context-dig-deep-into-the-azerbaijani-mindset\">5. V\u0161etko z\u00e1vis\u00ed od kontextu: Hlb\u0161ie preniknite do azerbajd\u017eansk\u00e9ho myslenia!<\/h3>\n\n\n\n<p>Ke\u010f za\u010dnete sklada\u0165 vety a ponor\u00edte sa do azerbajd\u017eansk\u00e9ho jazyka, v\u017edy majte na pam\u00e4ti, \u017ee kontext je rozhoduj\u00faci. Azerbajd\u017eansk\u00e1 kult\u00fara, hist\u00f3ria a sveton\u00e1zor zohr\u00e1vaj\u00fa ve\u013ek\u00fa \u00falohu pri formovan\u00ed jazyka. Preto, ako sa hovor\u00ed, &#8222;ke\u010f si v R\u00edme, rob ako Rimania&#8220;. Ponorte sa do azerbajd\u017eansk\u00e9ho myslenia, aby ste z\u00edskali skuto\u010dn\u00fd zmysel pre jazyk. Spojte sa s roden\u00fdmi hovorcami, presk\u00famajte miestnu literat\u00faru a osvojte si osobitosti jazyka. Verte mi, \u017ee si nielen zlep\u0161\u00edte jazykov\u00e9 znalosti, ale z\u00edskate aj nezabudnute\u013en\u00e9 z\u00e1\u017eitky a spomienky.<\/p>\n\n\n\n<p>Na z\u00e1ver, <a href=\"https:\/\/talkpal.ai\/azerbaijani-grammar\/\">azerbajd\u017eansk\u00e1 gramatika<\/a> sa m\u00f4\u017ee zda\u0165 spo\u010diatku n\u00e1ro\u010dn\u00e1, ale s odhodlan\u00edm, praxou a z\u00e1ujmom o kult\u00faru budete v okamihu profesion\u00e1lom! Tak pre\u010do \u010daka\u0165? Ponorte sa a vydajte sa na toto vzru\u0161uj\u00face jazykov\u00e9 dobrodru\u017estvo, ktor\u00e9 v\u00e1s nech\u00e1 v \u00fa\u017ease nad kr\u00e1sou a h\u013abkou azerbajd\u017eansk\u00e9ho jazyka.<\/p>\n<\/div><\/div>\n\r\n<section class=\"learnNavigationSection\">\r\n            \r\n        <a href=\"https:\/\/talkpal.ai\/sk\/naucte-sa-azerbajdzansky\/\">\r\n            <div class=\"learnNavigationWrapper\">\r\n                <div class=\"learnNavigationContent\">\r\n                    <img decoding=\"async\" src=\"https:\/\/talkpal.ai\/wp-content\/uploads\/2024\/08\/Azerbaijani.jpg\" alt=\"Azerbaijani Flag\">\r\n                    <div>\r\n                        <h4>O azerbajd\u017eanskom vzdel\u00e1van\u00ed<\/h4>\r\n                        <p>Zistite v\u0161etko o azerbajd\u017eanskej gramatike.<\/p>\r\n                    <\/div>\r\n                <\/div>\r\n            <\/div>\r\n        <\/a>\r\n\r\n        \r\n        <a href=\"https:\/\/talkpal.ai\/sk\/azerbajdzanske-gramaticke-cvicenia\/\">\r\n            <div class=\"learnNavigationWrapper\">\r\n                <div class=\"learnNavigationContent\">\r\n                    <img decoding=\"async\" src=\"https:\/\/talkpal.ai\/wp-content\/uploads\/2024\/08\/Azerbaijani.jpg\" alt=\"Azerbaijani Flag\">\r\n                    <div>\r\n                        <h4>Cvi\u010denie z azerbajd\u017eanskej gramatiky<\/h4>\r\n                        <p>Precvi\u010dte si azerbajd\u017eansk\u00fa gramatiku.<\/p>\r\n                    <\/div>\r\n                <\/div>\r\n            <\/div>\r\n        <\/a>\r\n\r\n        \r\n        <a href=\"https:\/\/talkpal.ai\/vocabulary_language\/azerbaijani\/\">\r\n            <div class=\"learnNavigationWrapper\">\r\n                <div class=\"learnNavigationContent\">\r\n                    <img decoding=\"async\" src=\"https:\/\/talkpal.ai\/wp-content\/uploads\/2024\/08\/Azerbaijani.jpg\" alt=\"Azerbaijani Flag\">\r\n                    <div>\r\n                        <h4>Azerbajd\u017eansk\u00fd slovn\u00edk<\/h4>\r\n                        <p>Roz\u0161\u00edrte si slovn\u00fa z\u00e1sobu azerbajd\u017ean\u010diny.<\/p>\r\n                    <\/div>\r\n                <\/div>\r\n            <\/div>\r\n        <\/a>\r\n\r\n            <\/section>","protected":false},"excerpt":{"rendered":"<p>Komplexn\u00fd sprievodca azerbajd\u017eanskou gramatikou U\u017e ste niekedy prem\u00fd\u0161\u013eali o u\u010den\u00ed sa azerbajd\u017ean\u010diny? Ako \u00faradn\u00fd jazyk Azerbajd\u017eanu, ktor\u00fdm hovoria mili\u00f3ny \u013eud\u00ed v kaukazskom regi\u00f3ne, je azerbajd\u017ean\u010dina jedine\u010dn\u00fdm a fascinuj\u00facim jazykom. V\u010faka bohatej hist\u00f3rii, rozmanitej kult\u00fare a zmesi vplyvov z ture\u010dtiny, ru\u0161tiny a perz\u0161tiny poskytuje azerbajd\u017ean\u010dina jedine\u010dn\u00fd jazykov\u00fd z\u00e1\u017eitok. Ale neboj sa, priate\u013e m\u00f4j! V tomto \u010dl\u00e1nku [&hellip;]<\/p>\n","protected":false},"author":1,"featured_media":109361,"parent":0,"menu_order":0,"comment_status":"closed","ping_status":"closed","template":"LearningContentPage.php","meta":{"_acf_changed":false,"footnotes":""},"class_list":["post-140068","page","type-page","status-publish","has-post-thumbnail","hentry"],"acf":[],"yoast_head":"<!-- This site is optimized with the Yoast SEO Premium plugin v27.2 (Yoast SEO v27.2) - https:\/\/yoast.com\/product\/yoast-seo-premium-wordpress\/ -->\n<title>Azerbajd\u017eansk\u00e1 gramatika - Talkpal<\/title>\n<meta name=\"description\" content=\"Ovl\u00e1dajte azerbajd\u017eansk\u00fa gramatiku bez n\u00e1mahy s Talkpal, va\u0161im u\u010dite\u013eom s umelou inteligenciou. Objavte jednoduch\u00e9 vysvetlenia, interakt\u00edvne cvi\u010denia a praktick\u00e9 tipy\" \/>\n<meta name=\"robots\" content=\"index, follow, max-snippet:-1, max-image-preview:large, max-video-preview:-1\" \/>\n<link rel=\"canonical\" href=\"https:\/\/talkpal.ai\/sk\/azerbajdzanska-gramatika\/\" \/>\n<meta property=\"og:locale\" content=\"sk_SK\" \/>\n<meta property=\"og:type\" content=\"article\" \/>\n<meta property=\"og:title\" content=\"Azerbajd\u017eansk\u00e1 gramatika\" \/>\n<meta property=\"og:description\" content=\"Komplexn\u00fd sprievodca azerbajd\u017eanskou gramatikou U\u017e ste niekedy prem\u00fd\u0161\u013eali o u\u010den\u00ed sa azerbajd\u017ean\u010diny? Ako \u00faradn\u00fd jazyk Azerbajd\u017eanu, ktor\u00fdm hovoria\" \/>\n<meta property=\"og:url\" content=\"https:\/\/talkpal.ai\/sk\/azerbajdzanska-gramatika\/\" \/>\n<meta property=\"og:site_name\" content=\"Talkpal\" \/>\n<meta property=\"article:publisher\" content=\"https:\/\/www.facebook.com\/profile.php?id=100090733639311\" \/>\n<meta property=\"article:modified_time\" content=\"2025-05-22T08:23:35+00:00\" \/>\n<meta property=\"og:image\" content=\"https:\/\/talkpal.ai\/wp-content\/uploads\/2023\/05\/azerbaijan.png\" \/>\n\t<meta property=\"og:image:width\" content=\"512\" \/>\n\t<meta property=\"og:image:height\" content=\"512\" \/>\n\t<meta property=\"og:image:type\" content=\"image\/png\" \/>\n<meta name=\"twitter:card\" content=\"summary_large_image\" \/>\n<meta name=\"twitter:site\" content=\"@talkpalai\" \/>\n<meta name=\"twitter:label1\" content=\"Predpokladan\u00fd \u010das \u010d\u00edtania\" \/>\n\t<meta name=\"twitter:data1\" content=\"4 min\u00faty\" \/>\n<script type=\"application\/ld+json\" class=\"yoast-schema-graph\">{\"@context\":\"https:\/\/schema.org\",\"@graph\":[{\"@type\":\"WebPage\",\"@id\":\"https:\/\/talkpal.ai\/sk\/azerbajdzanska-gramatika\/\",\"url\":\"https:\/\/talkpal.ai\/sk\/azerbajdzanska-gramatika\/\",\"name\":\"Azerbajd\u017eansk\u00e1 gramatika - Talkpal\",\"isPartOf\":{\"@id\":\"https:\/\/talkpal.ai\/sk\/#website\"},\"primaryImageOfPage\":{\"@id\":\"https:\/\/talkpal.ai\/sk\/azerbajdzanska-gramatika\/#primaryimage\"},\"image\":{\"@id\":\"https:\/\/talkpal.ai\/sk\/azerbajdzanska-gramatika\/#primaryimage\"},\"thumbnailUrl\":\"https:\/\/talkpal.ai\/wp-content\/uploads\/2023\/05\/azerbaijan.png\",\"datePublished\":\"2023-05-14T13:53:48+00:00\",\"dateModified\":\"2025-05-22T08:23:35+00:00\",\"description\":\"Ovl\u00e1dajte azerbajd\u017eansk\u00fa gramatiku bez n\u00e1mahy s Talkpal, va\u0161im u\u010dite\u013eom s umelou inteligenciou. Objavte jednoduch\u00e9 vysvetlenia, interakt\u00edvne cvi\u010denia a praktick\u00e9 tipy\",\"breadcrumb\":{\"@id\":\"https:\/\/talkpal.ai\/sk\/azerbajdzanska-gramatika\/#breadcrumb\"},\"inLanguage\":\"sk-SK\",\"potentialAction\":[{\"@type\":\"ReadAction\",\"target\":[\"https:\/\/talkpal.ai\/sk\/azerbajdzanska-gramatika\/\"]}]},{\"@type\":\"ImageObject\",\"inLanguage\":\"sk-SK\",\"@id\":\"https:\/\/talkpal.ai\/sk\/azerbajdzanska-gramatika\/#primaryimage\",\"url\":\"https:\/\/talkpal.ai\/wp-content\/uploads\/2023\/05\/azerbaijan.png\",\"contentUrl\":\"https:\/\/talkpal.ai\/wp-content\/uploads\/2023\/05\/azerbaijan.png\",\"width\":512,\"height\":512},{\"@type\":\"BreadcrumbList\",\"@id\":\"https:\/\/talkpal.ai\/sk\/azerbajdzanska-gramatika\/#breadcrumb\",\"itemListElement\":[{\"@type\":\"ListItem\",\"position\":1,\"name\":\"Homepage\",\"item\":\"https:\/\/talkpal.ai\/sk\/\"},{\"@type\":\"ListItem\",\"position\":2,\"name\":\"Azerbajd\u017eansk\u00e1 gramatika\"}]},{\"@type\":\"WebSite\",\"@id\":\"https:\/\/talkpal.ai\/sk\/#website\",\"url\":\"https:\/\/talkpal.ai\/sk\/\",\"name\":\"Talkpal\",\"description\":\"AI Language Learning\",\"publisher\":{\"@id\":\"https:\/\/talkpal.ai\/sk\/#organization\"},\"alternateName\":\"Talkpal AI\",\"potentialAction\":[{\"@type\":\"SearchAction\",\"target\":{\"@type\":\"EntryPoint\",\"urlTemplate\":\"https:\/\/talkpal.ai\/sk\/?s={search_term_string}\"},\"query-input\":{\"@type\":\"PropertyValueSpecification\",\"valueRequired\":true,\"valueName\":\"search_term_string\"}}],\"inLanguage\":\"sk-SK\"},{\"@type\":\"Organization\",\"@id\":\"https:\/\/talkpal.ai\/sk\/#organization\",\"name\":\"Talkpal, Inc.\",\"alternateName\":\"Talkpal AI\",\"url\":\"https:\/\/talkpal.ai\/sk\/\",\"logo\":{\"@type\":\"ImageObject\",\"inLanguage\":\"sk-SK\",\"@id\":\"https:\/\/talkpal.ai\/sk\/#\/schema\/logo\/image\/\",\"url\":\"https:\/\/talkpal.ai\/wp-content\/uploads\/2024\/03\/Talkpal-Logo-Icon.png\",\"contentUrl\":\"https:\/\/talkpal.ai\/wp-content\/uploads\/2024\/03\/Talkpal-Logo-Icon.png\",\"width\":2880,\"height\":2880,\"caption\":\"Talkpal, Inc.\"},\"image\":{\"@id\":\"https:\/\/talkpal.ai\/sk\/#\/schema\/logo\/image\/\"},\"sameAs\":[\"https:\/\/www.facebook.com\/profile.php?id=100090733639311\",\"https:\/\/x.com\/talkpalai\",\"https:\/\/www.linkedin.com\/company\/talkpal\/\",\"https:\/\/www.youtube.com\/@TalkPal\/\",\"https:\/\/www.tiktok.com\/@talkpal\",\"https:\/\/www.instagram.com\/talkpal_ai\/\",\"https:\/\/www.crunchbase.com\/organization\/talkpal-9cde\",\"https:\/\/www.g2.com\/products\/talkpal-for-business\/\",\"https:\/\/www.trustpilot.com\/review\/talkpal.ai\",\"https:\/\/www.capterra.com\/p\/10006800\/TalkPal\/\"],\"description\":\"Talkpal is a language learning web and mobile education app, powered by the latest AI technologies, that provides engaging experiences to its customers in many different languages to help them improve their language skills. Users can chat about unlimited amount of topics with the app and use other modes to practice their language learning.\",\"email\":\"support@talkpal.ai\",\"legalName\":\"Talkpal, Inc.\",\"foundingDate\":\"2023-04-03\",\"duns\":\"118989042\",\"numberOfEmployees\":{\"@type\":\"QuantitativeValue\",\"minValue\":\"11\",\"maxValue\":\"50\"},\"publishingPrinciples\":\"https:\/\/talkpal.ai\/publishing-principles\/\",\"actionableFeedbackPolicy\":\"https:\/\/talkpal.ai\/actionable-feedback-policy\/\",\"correctionsPolicy\":\"https:\/\/talkpal.ai\/corrections-policy\/\",\"ethicsPolicy\":\"https:\/\/talkpal.ai\/ethics-policy\/\",\"diversityPolicy\":\"https:\/\/talkpal.ai\/diversity-policy\/\",\"diversityStaffingReport\":\"https:\/\/talkpal.ai\/diversity-policy\/\"}]}<\/script>\n<!-- \/ Yoast SEO Premium plugin. -->","yoast_head_json":{"title":"Azerbajd\u017eansk\u00e1 gramatika - Talkpal","description":"Ovl\u00e1dajte azerbajd\u017eansk\u00fa gramatiku bez n\u00e1mahy s Talkpal, va\u0161im u\u010dite\u013eom s umelou inteligenciou. Objavte jednoduch\u00e9 vysvetlenia, interakt\u00edvne cvi\u010denia a praktick\u00e9 tipy","robots":{"index":"index","follow":"follow","max-snippet":"max-snippet:-1","max-image-preview":"max-image-preview:large","max-video-preview":"max-video-preview:-1"},"canonical":"https:\/\/talkpal.ai\/sk\/azerbajdzanska-gramatika\/","og_locale":"sk_SK","og_type":"article","og_title":"Azerbajd\u017eansk\u00e1 gramatika","og_description":"Komplexn\u00fd sprievodca azerbajd\u017eanskou gramatikou U\u017e ste niekedy prem\u00fd\u0161\u013eali o u\u010den\u00ed sa azerbajd\u017ean\u010diny? Ako \u00faradn\u00fd jazyk Azerbajd\u017eanu, ktor\u00fdm hovoria","og_url":"https:\/\/talkpal.ai\/sk\/azerbajdzanska-gramatika\/","og_site_name":"Talkpal","article_publisher":"https:\/\/www.facebook.com\/profile.php?id=100090733639311","article_modified_time":"2025-05-22T08:23:35+00:00","og_image":[{"width":512,"height":512,"url":"https:\/\/talkpal.ai\/wp-content\/uploads\/2023\/05\/azerbaijan.png","type":"image\/png"}],"twitter_card":"summary_large_image","twitter_site":"@talkpalai","twitter_misc":{"Predpokladan\u00fd \u010das \u010d\u00edtania":"4 min\u00faty"},"schema":{"@context":"https:\/\/schema.org","@graph":[{"@type":"WebPage","@id":"https:\/\/talkpal.ai\/sk\/azerbajdzanska-gramatika\/","url":"https:\/\/talkpal.ai\/sk\/azerbajdzanska-gramatika\/","name":"Azerbajd\u017eansk\u00e1 gramatika - Talkpal","isPartOf":{"@id":"https:\/\/talkpal.ai\/sk\/#website"},"primaryImageOfPage":{"@id":"https:\/\/talkpal.ai\/sk\/azerbajdzanska-gramatika\/#primaryimage"},"image":{"@id":"https:\/\/talkpal.ai\/sk\/azerbajdzanska-gramatika\/#primaryimage"},"thumbnailUrl":"https:\/\/talkpal.ai\/wp-content\/uploads\/2023\/05\/azerbaijan.png","datePublished":"2023-05-14T13:53:48+00:00","dateModified":"2025-05-22T08:23:35+00:00","description":"Ovl\u00e1dajte azerbajd\u017eansk\u00fa gramatiku bez n\u00e1mahy s Talkpal, va\u0161im u\u010dite\u013eom s umelou inteligenciou. Objavte jednoduch\u00e9 vysvetlenia, interakt\u00edvne cvi\u010denia a praktick\u00e9 tipy","breadcrumb":{"@id":"https:\/\/talkpal.ai\/sk\/azerbajdzanska-gramatika\/#breadcrumb"},"inLanguage":"sk-SK","potentialAction":[{"@type":"ReadAction","target":["https:\/\/talkpal.ai\/sk\/azerbajdzanska-gramatika\/"]}]},{"@type":"ImageObject","inLanguage":"sk-SK","@id":"https:\/\/talkpal.ai\/sk\/azerbajdzanska-gramatika\/#primaryimage","url":"https:\/\/talkpal.ai\/wp-content\/uploads\/2023\/05\/azerbaijan.png","contentUrl":"https:\/\/talkpal.ai\/wp-content\/uploads\/2023\/05\/azerbaijan.png","width":512,"height":512},{"@type":"BreadcrumbList","@id":"https:\/\/talkpal.ai\/sk\/azerbajdzanska-gramatika\/#breadcrumb","itemListElement":[{"@type":"ListItem","position":1,"name":"Homepage","item":"https:\/\/talkpal.ai\/sk\/"},{"@type":"ListItem","position":2,"name":"Azerbajd\u017eansk\u00e1 gramatika"}]},{"@type":"WebSite","@id":"https:\/\/talkpal.ai\/sk\/#website","url":"https:\/\/talkpal.ai\/sk\/","name":"Talkpal","description":"AI Language Learning","publisher":{"@id":"https:\/\/talkpal.ai\/sk\/#organization"},"alternateName":"Talkpal AI","potentialAction":[{"@type":"SearchAction","target":{"@type":"EntryPoint","urlTemplate":"https:\/\/talkpal.ai\/sk\/?s={search_term_string}"},"query-input":{"@type":"PropertyValueSpecification","valueRequired":true,"valueName":"search_term_string"}}],"inLanguage":"sk-SK"},{"@type":"Organization","@id":"https:\/\/talkpal.ai\/sk\/#organization","name":"Talkpal, Inc.","alternateName":"Talkpal AI","url":"https:\/\/talkpal.ai\/sk\/","logo":{"@type":"ImageObject","inLanguage":"sk-SK","@id":"https:\/\/talkpal.ai\/sk\/#\/schema\/logo\/image\/","url":"https:\/\/talkpal.ai\/wp-content\/uploads\/2024\/03\/Talkpal-Logo-Icon.png","contentUrl":"https:\/\/talkpal.ai\/wp-content\/uploads\/2024\/03\/Talkpal-Logo-Icon.png","width":2880,"height":2880,"caption":"Talkpal, Inc."},"image":{"@id":"https:\/\/talkpal.ai\/sk\/#\/schema\/logo\/image\/"},"sameAs":["https:\/\/www.facebook.com\/profile.php?id=100090733639311","https:\/\/x.com\/talkpalai","https:\/\/www.linkedin.com\/company\/talkpal\/","https:\/\/www.youtube.com\/@TalkPal\/","https:\/\/www.tiktok.com\/@talkpal","https:\/\/www.instagram.com\/talkpal_ai\/","https:\/\/www.crunchbase.com\/organization\/talkpal-9cde","https:\/\/www.g2.com\/products\/talkpal-for-business\/","https:\/\/www.trustpilot.com\/review\/talkpal.ai","https:\/\/www.capterra.com\/p\/10006800\/TalkPal\/"],"description":"Talkpal is a language learning web and mobile education app, powered by the latest AI technologies, that provides engaging experiences to its customers in many different languages to help them improve their language skills. Users can chat about unlimited amount of topics with the app and use other modes to practice their language learning.","email":"support@talkpal.ai","legalName":"Talkpal, Inc.","foundingDate":"2023-04-03","duns":"118989042","numberOfEmployees":{"@type":"QuantitativeValue","minValue":"11","maxValue":"50"},"publishingPrinciples":"https:\/\/talkpal.ai\/publishing-principles\/","actionableFeedbackPolicy":"https:\/\/talkpal.ai\/actionable-feedback-policy\/","correctionsPolicy":"https:\/\/talkpal.ai\/corrections-policy\/","ethicsPolicy":"https:\/\/talkpal.ai\/ethics-policy\/","diversityPolicy":"https:\/\/talkpal.ai\/diversity-policy\/","diversityStaffingReport":"https:\/\/talkpal.ai\/diversity-policy\/"}]}},"_links":{"self":[{"href":"https:\/\/talkpal.ai\/sk\/wp-json\/wp\/v2\/pages\/140068","targetHints":{"allow":["GET"]}}],"collection":[{"href":"https:\/\/talkpal.ai\/sk\/wp-json\/wp\/v2\/pages"}],"about":[{"href":"https:\/\/talkpal.ai\/sk\/wp-json\/wp\/v2\/types\/page"}],"author":[{"embeddable":true,"href":"https:\/\/talkpal.ai\/sk\/wp-json\/wp\/v2\/users\/1"}],"replies":[{"embeddable":true,"href":"https:\/\/talkpal.ai\/sk\/wp-json\/wp\/v2\/comments?post=140068"}],"version-history":[{"count":0,"href":"https:\/\/talkpal.ai\/sk\/wp-json\/wp\/v2\/pages\/140068\/revisions"}],"wp:featuredmedia":[{"embeddable":true,"href":"https:\/\/talkpal.ai\/sk\/wp-json\/wp\/v2\/media\/109361"}],"wp:attachment":[{"href":"https:\/\/talkpal.ai\/sk\/wp-json\/wp\/v2\/media?parent=140068"}],"curies":[{"name":"wp","href":"https:\/\/api.w.org\/{rel}","templated":true}]}}