{"id":139875,"date":"2023-05-14T13:52:49","date_gmt":"2023-05-14T13:52:49","guid":{"rendered":"http:\/\/talkpal.ai\/ruska-gramatika\/"},"modified":"2025-12-13T15:15:59","modified_gmt":"2025-12-13T15:15:59","slug":"ruska-gramatika","status":"publish","type":"page","link":"https:\/\/talkpal.ai\/sk\/ruska-gramatika\/","title":{"rendered":"Rusk\u00e1 gramatika"},"content":{"rendered":"\r\n\r\n\r\n<section class=\"languageChallengeSection\">\r\n    <div class=\"languageInfoWrapper\">\r\n        \r\n        <h1>Rusk\u00e1 gramatika<\/h1>\r\n        <p>Za\u010dnite svoje dobrodru\u017estvo s rusk\u00fdm jazykom a otvorte si dvere do bohatej kult\u00fary a hist\u00f3rie. Zvl\u00e1dnutie ruskej gramatiky a slovnej z\u00e1soby zlep\u0161\u00ed va\u0161e mo\u017enosti cestovania, kari\u00e9ry a komunik\u00e1cie. Za\u010dnite sa u\u010di\u0165 ru\u0161tinu e\u0161te dnes a urobte prv\u00fd krok k jej ovl\u00e1daniu!\n\n<\/p>\r\n\r\n                            <a class=\"getStartedHidden\" href=\"https:\/\/app.talkpal.ai\/sk\/signup?lng=\">Za\u010dni<\/a>\r\n        \r\n    <\/div>\r\n\r\n    <figure>\r\n    <img decoding=\"async\" width=\"768\" height=\"768\" src=\"https:\/\/talkpal.ai\/wp-content\/uploads\/2023\/06\/russian-768x768.png\" class=\"languageImage no-lazy\" alt=\"Language learning for multicultural understanding\" fetchpriority=\"high\" sizes=\"(max-width: 768px) 150px, 768px\" srcset=\"https:\/\/talkpal.ai\/wp-content\/uploads\/2023\/06\/russian-768x768.png 768w, https:\/\/talkpal.ai\/wp-content\/uploads\/2023\/06\/russian-300x300.png 300w\" \/>\r\n    \r\n\r\n    <\/figure>\r\n\r\n            <a class=\"getStartedVisible\" href=\"https:\/\/app.talkpal.ai\/sk\/signup?lng=\">Za\u010dni<\/a>\r\n    \r\n<\/section>\r\n<section class=\"promotionalBanner\">\r\n    <p class=\"promotionalText\">Najefekt\u00edvnej\u0161\u00ed sp\u00f4sob, ako sa nau\u010di\u0165 jazyk<\/p>\r\n    <a class=\"promotionalLink\" href=\"https:\/\/app.talkpal.ai\/sk\/signup?lng=\">Vysk\u00fa\u0161ajte Talkpal zadarmo<\/a>\r\n<\/section>\n<div class=\"wp-block-group pageContainerStyle\"><div class=\"wp-block-group__inner-container is-layout-constrained wp-block-group-is-layout-constrained\">\n<h1 class=\"wp-block-heading\" id=\"h-russian-grammar-unlock-the-secrets-to-mastering-russian\">Rusk\u00e1 gramatika: Odomknite tajomstv\u00e1 zvl\u00e1dnutia ru\u0161tiny<\/h1>\n\n\n\n<p>Gratulujeme k odv\u00e1\u017enemu kroku smerom k u\u010deniu ru\u0161tiny! S viac ako 258 mili\u00f3nmi hovoriacich po celom svete je <a href=\"https:\/\/talkpal.ai\/learn-russian\/\">ru\u0161tina<\/a> fascinuj\u00facim a obohacuj\u00facim jazykom, ktor\u00fd pon\u00faka poh\u013ead na bohat\u00fa kult\u00faru a hist\u00f3riu. Pokia\u013e ide o rusk\u00fa gramatiku, m\u00f4\u017ee sa to zda\u0165 zastra\u0161uj\u00face, ale nebojte sa! Tento priate\u013esk\u00fd sprievodca pre za\u010diato\u010dn\u00edkov v\u00e1m jednoduch\u00fdm a p\u00fatav\u00fdm sp\u00f4sobom vysvetl\u00ed z\u00e1klady ruskej gramatiky.<\/p>\n\n\n\n<h3 class=\"wp-block-heading\" id=\"h-1-the-russian-alphabet-your-starting-point\">1. Rusk\u00e1 abeceda: v\u00e1\u0161 v\u00fdchodiskov\u00fd bod<\/h3>\n\n\n\n<p>K\u013e\u00fa\u010dom k navig\u00e1cii v ruskej gramatike je zvl\u00e1dnutie cyriliky. S 33 p\u00edsmenami, 10 samohl\u00e1skami a 21 spoluhl\u00e1skami tvor\u00ed z\u00e1klad pre \u010d\u00edtanie, p\u00edsanie a porozumenie jazyku. Obozn\u00e1menie sa s abecedou vytvor\u00ed pevn\u00fd z\u00e1klad, na ktorom m\u00f4\u017eete budova\u0165 svoje rusk\u00e9 gramatick\u00e9 zru\u010dnosti.<\/p>\n\n\n\n<h3 class=\"wp-block-heading\" id=\"h-2-nouns-and-cases-the-core-of-russian-grammar\">2. Podstatn\u00e9 men\u00e1 a pr\u00edpady: jadro ruskej gramatiky<\/h3>\n\n\n\n<p><a href=\"https:\/\/talkpal.ai\/russian-grammar\/\">Rusk\u00e1 gramatika<\/a> zd\u00f4raz\u0148uje pou\u017eitie pr\u00edpadov na vyjadrenie v\u00fdznamu a kontextu. So \u0161iestimi p\u00e1dmi &#8211; nominat\u00edv, genit\u00edv, dat\u00edv, akuzat\u00edv, in\u0161trument\u00e1l a predlo\u017ekov\u00fd &#8211; rusk\u00e9 podstatn\u00e9 men\u00e1 menia svoje koncovky, aby uk\u00e1zali svoju funkciu vo vete. Preto sa slovosled st\u00e1va menej kritick\u00fdm ako v angli\u010dtine. Napr\u00edklad:<\/p>\n\n\n\n<p><a href=\"https:\/\/talkpal.ai\/learn-english-with-ai\/\">Angli\u010dtina<\/a>: D\u00e1vam knihu priate\u013eovi.<\/p>\n\n\n\n<p>ru\u0161tina: \u042f \u0434\u0430\u044e \u0434\u0440\u0443\u0433\u0443 \u043a\u043d\u0438\u0433\u0443 (Ya dayu drugu knigu)<\/p>\n\n\n\n<p>Tu s\u00fa &#8222;\u0434\u0440\u0443\u0433\u0443&#8220; (priate\u013eovi) a &#8222;\u043a\u043d\u0438\u0433\u0443&#8220; (kniha) v dat\u00edve a akuzat\u00edve.<\/p>\n\n\n\n<h3 class=\"wp-block-heading\" id=\"h-3-mastering-gender-and-plurals\">3. Zvl\u00e1dnutie rodu a mno\u017en\u00e9ho \u010d\u00edsla<\/h3>\n\n\n\n<p>V ruskej gramatike s\u00fa podstatn\u00e9 men\u00e1 priraden\u00e9 k jedn\u00e9mu z troch rodov: mu\u017esk\u00e9mu, \u017eensk\u00e9mu alebo kastrovan\u00e9mu. Koniec podstatn\u00e9ho mena zvy\u010dajne ozna\u010duje jeho rod:<\/p>\n\n\n\n<p>&#8211; Mu\u017esk\u00fd rod: kon\u010d\u00ed na spoluhl\u00e1sku alebo &#8222;-\u0439&#8220;<\/p>\n\n\n\n<p>&#8211; \u017densk\u00fd rod: kon\u010d\u00ed na &#8222;-\u0430&#8220; alebo &#8222;-\u044f&#8220;<\/p>\n\n\n\n<p>&#8211; Stredn\u00e9 rody: kon\u010dia na &#8222;-\u043e&#8220; alebo &#8222;-\u0435&#8220;<\/p>\n\n\n\n<p>Na vytvorenie mno\u017en\u00e9ho \u010d\u00edsla sa koncovky podstatn\u00fdch mien menia na z\u00e1klade ich rodu a pr\u00edpadu, v ktorom sa nach\u00e1dzaj\u00fa.<\/p>\n\n\n\n<h3 class=\"wp-block-heading\" id=\"h-4-conquer-verb-conjugation\">4. Doby\u0165 \u010dasovanie slovies<\/h3>\n\n\n\n<p>Rovnako ako mnoho jazykov, rusk\u00e9 sloves\u00e1 menia formu (\u010dasovanie) na z\u00e1klade \u010dasu, osoby a \u010d\u00edsla. Rusk\u00e9 sloves\u00e1 tie\u017e prich\u00e1dzaj\u00fa v dvoch aspektoch: dokonal\u00e9 a nedokonal\u00e9. Dokonal\u00fd aspekt signalizuje dokon\u010den\u00fa \u010dinnos\u0165, zatia\u013e \u010do nedokonal\u00fd aspekt sa vz\u0165ahuje na prebiehaj\u00face alebo obvykl\u00e9 \u010dinnosti.<\/p>\n\n\n\n<p>Na za\u010diatok sa zamerajte na pochopenie \u010dasovania pr\u00edtomn\u00e9ho \u010dasu pre nedokonav\u00e9 sloves\u00e1 a minul\u00e9ho \u010dasu pre oba aspekty. Napr\u00edklad:<\/p>\n\n\n\n<p>Pr\u00edtomn\u00fd \u010das (imperfekt\u00edvum): (Ya chitayu) &#8211; &#8222;\u010d\u00edtam&#8220; alebo &#8222;\u010d\u00edtam&#8220;<\/p>\n\n\n\n<p>Minul\u00fd \u010das (imperfekt\u00edvum): (Ya chital) &#8211; &#8222;\u010d\u00edtal som&#8220;<\/p>\n\n\n\n<p>Minul\u00fd \u010das (perfekt\u00edvum): Ja \u043f\u0440\u043e\u0447\u0438\u0442\u0430\u043b (Ya prochital) &#8211; &#8222;\u010d\u00edtal som&#8220; alebo &#8222;\u010d\u00edtal som (a do\u010d\u00edtal)&#8220;<\/p>\n\n\n\n<h3 class=\"wp-block-heading\" id=\"h-5-embrace-russian-pronouns\">5. Prijmite rusk\u00e9 z\u00e1men\u00e1<\/h3>\n\n\n\n<p>Z\u00e1men\u00e1 v ruskej gramatike nahr\u00e1dzaj\u00fa podstatn\u00e9 men\u00e1 a s\u00fa rozhoduj\u00face pre plynul\u00fa re\u010d. Ponorte sa do u\u010denia osobn\u00fdch a privlast\u0148ovac\u00edch z\u00e1men, ako napr\u00edklad:<\/p>\n\n\n\n<p><a href=\"https:\/\/talkpal.ai\/sk\/grammar\/pronomi-personali-v-talianskej-gramatike\/\">Osobn\u00e9 z\u00e1men\u00e1<\/a>: \u044f (I), \u0442\u044b (ty, neform\u00e1lne), \u043e\u043d\/\u043e\u043d\u0430\/\u043e\u043d\u043e (on\/ona\/to), \u0432\u044b (ty, form\u00e1lne alebo mno\u017en\u00e9 \u010d\u00edslo), \u043c\u044b (my), \u043e\u043d\u0438 (oni)<\/p>\n\n\n\n<p>Privlast\u0148ovacie z\u00e1men\u00e1: \u043c\u043e\u0439\/\u043c\u043e\u044f\/\u043c\u043e\u0451 (m\u00f4j), \u0442\u0432\u043e\u0439\/\u0442\u0432\u043e\u044f\/\u0442\u0432\u043e\u0451 (v\u00e1\u0161, neform\u00e1lne), \u0435\u0433\u043e\/\u0435\u0451\/\u0438\u0445 (jeho\/ich), \u0432\u0430\u0448\/\u0432\u0430\u0448\u0430\/\u0432\u0430\u0448\u0435 (ur, form\u00e1lne alebo mno\u017en\u00e9 \u010d\u00edslo), \u043d\u0430\u0448\/\u043d\u0430\u0448\u0430\/\u043d\u0430\u0448\u0435 (n\u00e1\u0161)<\/p>\n\n\n\n<p>Nezabudnite, \u017ee rusk\u00e9 z\u00e1men\u00e1 sa musia zhodova\u0165 s rodom a p\u00e1dom podstatn\u00e9ho mena, ktor\u00e9 nahr\u00e1dzaj\u00fa.<\/p>\n\n\n\n<p>Gratulujem! Urobili ste prv\u00e9 kroky k zvl\u00e1dnutiu zlo\u017eitej ruskej gramatiky. Pam\u00e4tajte, \u017ee prax je k\u013e\u00fa\u010dov\u00e1, tak\u017ee sa ponorte hlb\u0161ie do jazyka, spojte sa s roden\u00fdmi hovorcami a posilnite svoj z\u00e1klad u\u010denia. \u0423\u0434\u0430\u0447\u0438! (Ve\u013ea \u0161\u0165astia!)<\/p>\n<\/div><\/div>\n\r\n<section class=\"learnNavigationSection\">\r\n            \r\n        <a href=\"https:\/\/talkpal.ai\/sk\/naucte-sa-rustinu\/\">\r\n            <div class=\"learnNavigationWrapper\">\r\n                <div class=\"learnNavigationContent\">\r\n                    <img decoding=\"async\" src=\"https:\/\/talkpal.ai\/wp-content\/uploads\/2024\/08\/Russian.jpg\" alt=\"Russian Flag\">\r\n                    <div>\r\n                        <h4>O \u0161t\u00fadiu ru\u0161tiny<\/h4>\r\n                        <p>Zistite v\u0161etko o ruskej gramatike.<\/p>\r\n                    <\/div>\r\n                <\/div>\r\n            <\/div>\r\n        <\/a>\r\n\r\n        \r\n        <a href=\"https:\/\/talkpal.ai\/sk\/ruske-gramaticke-cvicenia\/\">\r\n            <div class=\"learnNavigationWrapper\">\r\n                <div class=\"learnNavigationContent\">\r\n                    <img decoding=\"async\" src=\"https:\/\/talkpal.ai\/wp-content\/uploads\/2024\/08\/Russian.jpg\" alt=\"Russian Flag\">\r\n                    <div>\r\n                        <h4>Cvi\u010denie z ruskej gramatiky<\/h4>\r\n                        <p>Precvi\u010dte si rusk\u00fa gramatiku.<\/p>\r\n                    <\/div>\r\n                <\/div>\r\n            <\/div>\r\n        <\/a>\r\n\r\n        \r\n        <a href=\"https:\/\/talkpal.ai\/vocabulary_language\/russian\/\">\r\n            <div class=\"learnNavigationWrapper\">\r\n                <div class=\"learnNavigationContent\">\r\n                    <img decoding=\"async\" src=\"https:\/\/talkpal.ai\/wp-content\/uploads\/2024\/08\/Russian.jpg\" alt=\"Russian Flag\">\r\n                    <div>\r\n                        <h4>Rusk\u00e1 slovn\u00e1 z\u00e1soba<\/h4>\r\n                        <p>Roz\u0161\u00edrte si slovn\u00fa z\u00e1sobu ru\u0161tiny.<\/p>\r\n                    <\/div>\r\n                <\/div>\r\n            <\/div>\r\n        <\/a>\r\n\r\n            <\/section>","protected":false},"excerpt":{"rendered":"<p>Rusk\u00e1 gramatika: Odomknite tajomstv\u00e1 zvl\u00e1dnutia ru\u0161tiny Gratulujeme k odv\u00e1\u017enemu kroku smerom k u\u010deniu ru\u0161tiny! S viac ako 258 mili\u00f3nmi hovoriacich po celom svete je ru\u0161tina fascinuj\u00facim a obohacuj\u00facim jazykom, ktor\u00fd pon\u00faka poh\u013ead na bohat\u00fa kult\u00faru a hist\u00f3riu. Pokia\u013e ide o rusk\u00fa gramatiku, m\u00f4\u017ee sa to zda\u0165 zastra\u0161uj\u00face, ale nebojte sa! Tento priate\u013esk\u00fd sprievodca pre za\u010diato\u010dn\u00edkov [&hellip;]<\/p>\n","protected":false},"author":1,"featured_media":108001,"parent":0,"menu_order":0,"comment_status":"closed","ping_status":"closed","template":"LearningContentPage.php","meta":{"_acf_changed":false,"footnotes":""},"class_list":["post-139875","page","type-page","status-publish","has-post-thumbnail","hentry"],"acf":[],"yoast_head":"<!-- This site is optimized with the Yoast SEO Premium plugin v27.2 (Yoast SEO v27.2) - https:\/\/yoast.com\/product\/yoast-seo-premium-wordpress\/ -->\n<title>Rusk\u00e1 gramatika - Talkpal<\/title>\n<meta name=\"description\" content=\"Objavte svet ruskej gramatiky s na\u0161ou pr\u00edru\u010dkou pre za\u010diato\u010dn\u00edkov. Osvojte si cyriliku a rozv\u00edjajte svoje jazykov\u00e9 schopnosti.\" \/>\n<meta name=\"robots\" content=\"index, follow, max-snippet:-1, max-image-preview:large, max-video-preview:-1\" \/>\n<link rel=\"canonical\" href=\"https:\/\/talkpal.ai\/sk\/ruska-gramatika\/\" \/>\n<meta property=\"og:locale\" content=\"sk_SK\" \/>\n<meta property=\"og:type\" content=\"article\" \/>\n<meta property=\"og:title\" content=\"Rusk\u00e1 gramatika\" \/>\n<meta property=\"og:description\" content=\"Rusk\u00e1 gramatika: Odomknite tajomstv\u00e1 zvl\u00e1dnutia ru\u0161tiny Gratulujeme k odv\u00e1\u017enemu kroku smerom k u\u010deniu ru\u0161tiny! S viac ako 258 mili\u00f3nmi hovoriacich po\" \/>\n<meta property=\"og:url\" content=\"https:\/\/talkpal.ai\/sk\/ruska-gramatika\/\" \/>\n<meta property=\"og:site_name\" content=\"Talkpal\" \/>\n<meta property=\"article:publisher\" content=\"https:\/\/www.facebook.com\/profile.php?id=100090733639311\" \/>\n<meta property=\"article:modified_time\" content=\"2025-12-13T15:15:59+00:00\" \/>\n<meta property=\"og:image\" content=\"https:\/\/talkpal.ai\/wp-content\/uploads\/2023\/04\/rusia.png\" \/>\n\t<meta property=\"og:image:width\" content=\"512\" \/>\n\t<meta property=\"og:image:height\" content=\"512\" \/>\n\t<meta property=\"og:image:type\" content=\"image\/png\" \/>\n<meta name=\"twitter:card\" content=\"summary_large_image\" \/>\n<meta name=\"twitter:site\" content=\"@talkpalai\" \/>\n<meta name=\"twitter:label1\" content=\"Predpokladan\u00fd \u010das \u010d\u00edtania\" \/>\n\t<meta name=\"twitter:data1\" content=\"3 min\u00faty\" \/>\n<script type=\"application\/ld+json\" class=\"yoast-schema-graph\">{\"@context\":\"https:\/\/schema.org\",\"@graph\":[{\"@type\":\"WebPage\",\"@id\":\"https:\/\/talkpal.ai\/sk\/ruska-gramatika\/\",\"url\":\"https:\/\/talkpal.ai\/sk\/ruska-gramatika\/\",\"name\":\"Rusk\u00e1 gramatika - Talkpal\",\"isPartOf\":{\"@id\":\"https:\/\/talkpal.ai\/sk\/#website\"},\"primaryImageOfPage\":{\"@id\":\"https:\/\/talkpal.ai\/sk\/ruska-gramatika\/#primaryimage\"},\"image\":{\"@id\":\"https:\/\/talkpal.ai\/sk\/ruska-gramatika\/#primaryimage\"},\"thumbnailUrl\":\"https:\/\/talkpal.ai\/wp-content\/uploads\/2023\/04\/rusia.png\",\"datePublished\":\"2023-05-14T13:52:49+00:00\",\"dateModified\":\"2025-12-13T15:15:59+00:00\",\"description\":\"Objavte svet ruskej gramatiky s na\u0161ou pr\u00edru\u010dkou pre za\u010diato\u010dn\u00edkov. Osvojte si cyriliku a rozv\u00edjajte svoje jazykov\u00e9 schopnosti.\",\"breadcrumb\":{\"@id\":\"https:\/\/talkpal.ai\/sk\/ruska-gramatika\/#breadcrumb\"},\"inLanguage\":\"sk-SK\",\"potentialAction\":[{\"@type\":\"ReadAction\",\"target\":[\"https:\/\/talkpal.ai\/sk\/ruska-gramatika\/\"]}]},{\"@type\":\"ImageObject\",\"inLanguage\":\"sk-SK\",\"@id\":\"https:\/\/talkpal.ai\/sk\/ruska-gramatika\/#primaryimage\",\"url\":\"https:\/\/talkpal.ai\/wp-content\/uploads\/2023\/04\/rusia.png\",\"contentUrl\":\"https:\/\/talkpal.ai\/wp-content\/uploads\/2023\/04\/rusia.png\",\"width\":512,\"height\":512},{\"@type\":\"BreadcrumbList\",\"@id\":\"https:\/\/talkpal.ai\/sk\/ruska-gramatika\/#breadcrumb\",\"itemListElement\":[{\"@type\":\"ListItem\",\"position\":1,\"name\":\"Homepage\",\"item\":\"https:\/\/talkpal.ai\/sk\/\"},{\"@type\":\"ListItem\",\"position\":2,\"name\":\"Rusk\u00e1 gramatika\"}]},{\"@type\":\"WebSite\",\"@id\":\"https:\/\/talkpal.ai\/sk\/#website\",\"url\":\"https:\/\/talkpal.ai\/sk\/\",\"name\":\"Talkpal\",\"description\":\"AI Language Learning\",\"publisher\":{\"@id\":\"https:\/\/talkpal.ai\/sk\/#organization\"},\"alternateName\":\"Talkpal AI\",\"potentialAction\":[{\"@type\":\"SearchAction\",\"target\":{\"@type\":\"EntryPoint\",\"urlTemplate\":\"https:\/\/talkpal.ai\/sk\/?s={search_term_string}\"},\"query-input\":{\"@type\":\"PropertyValueSpecification\",\"valueRequired\":true,\"valueName\":\"search_term_string\"}}],\"inLanguage\":\"sk-SK\"},{\"@type\":\"Organization\",\"@id\":\"https:\/\/talkpal.ai\/sk\/#organization\",\"name\":\"Talkpal, Inc.\",\"alternateName\":\"Talkpal AI\",\"url\":\"https:\/\/talkpal.ai\/sk\/\",\"logo\":{\"@type\":\"ImageObject\",\"inLanguage\":\"sk-SK\",\"@id\":\"https:\/\/talkpal.ai\/sk\/#\/schema\/logo\/image\/\",\"url\":\"https:\/\/talkpal.ai\/wp-content\/uploads\/2024\/03\/Talkpal-Logo-Icon.png\",\"contentUrl\":\"https:\/\/talkpal.ai\/wp-content\/uploads\/2024\/03\/Talkpal-Logo-Icon.png\",\"width\":2880,\"height\":2880,\"caption\":\"Talkpal, Inc.\"},\"image\":{\"@id\":\"https:\/\/talkpal.ai\/sk\/#\/schema\/logo\/image\/\"},\"sameAs\":[\"https:\/\/www.facebook.com\/profile.php?id=100090733639311\",\"https:\/\/x.com\/talkpalai\",\"https:\/\/www.linkedin.com\/company\/talkpal\/\",\"https:\/\/www.youtube.com\/@TalkPal\/\",\"https:\/\/www.tiktok.com\/@talkpal\",\"https:\/\/www.instagram.com\/talkpal_ai\/\",\"https:\/\/www.crunchbase.com\/organization\/talkpal-9cde\",\"https:\/\/www.g2.com\/products\/talkpal-for-business\/\",\"https:\/\/www.trustpilot.com\/review\/talkpal.ai\",\"https:\/\/www.capterra.com\/p\/10006800\/TalkPal\/\"],\"description\":\"Talkpal is a language learning web and mobile education app, powered by the latest AI technologies, that provides engaging experiences to its customers in many different languages to help them improve their language skills. Users can chat about unlimited amount of topics with the app and use other modes to practice their language learning.\",\"email\":\"support@talkpal.ai\",\"legalName\":\"Talkpal, Inc.\",\"foundingDate\":\"2023-04-03\",\"duns\":\"118989042\",\"numberOfEmployees\":{\"@type\":\"QuantitativeValue\",\"minValue\":\"11\",\"maxValue\":\"50\"},\"publishingPrinciples\":\"https:\/\/talkpal.ai\/publishing-principles\/\",\"actionableFeedbackPolicy\":\"https:\/\/talkpal.ai\/actionable-feedback-policy\/\",\"correctionsPolicy\":\"https:\/\/talkpal.ai\/corrections-policy\/\",\"ethicsPolicy\":\"https:\/\/talkpal.ai\/ethics-policy\/\",\"diversityPolicy\":\"https:\/\/talkpal.ai\/diversity-policy\/\",\"diversityStaffingReport\":\"https:\/\/talkpal.ai\/diversity-policy\/\"}]}<\/script>\n<!-- \/ Yoast SEO Premium plugin. -->","yoast_head_json":{"title":"Rusk\u00e1 gramatika - Talkpal","description":"Objavte svet ruskej gramatiky s na\u0161ou pr\u00edru\u010dkou pre za\u010diato\u010dn\u00edkov. Osvojte si cyriliku a rozv\u00edjajte svoje jazykov\u00e9 schopnosti.","robots":{"index":"index","follow":"follow","max-snippet":"max-snippet:-1","max-image-preview":"max-image-preview:large","max-video-preview":"max-video-preview:-1"},"canonical":"https:\/\/talkpal.ai\/sk\/ruska-gramatika\/","og_locale":"sk_SK","og_type":"article","og_title":"Rusk\u00e1 gramatika","og_description":"Rusk\u00e1 gramatika: Odomknite tajomstv\u00e1 zvl\u00e1dnutia ru\u0161tiny Gratulujeme k odv\u00e1\u017enemu kroku smerom k u\u010deniu ru\u0161tiny! S viac ako 258 mili\u00f3nmi hovoriacich po","og_url":"https:\/\/talkpal.ai\/sk\/ruska-gramatika\/","og_site_name":"Talkpal","article_publisher":"https:\/\/www.facebook.com\/profile.php?id=100090733639311","article_modified_time":"2025-12-13T15:15:59+00:00","og_image":[{"width":512,"height":512,"url":"https:\/\/talkpal.ai\/wp-content\/uploads\/2023\/04\/rusia.png","type":"image\/png"}],"twitter_card":"summary_large_image","twitter_site":"@talkpalai","twitter_misc":{"Predpokladan\u00fd \u010das \u010d\u00edtania":"3 min\u00faty"},"schema":{"@context":"https:\/\/schema.org","@graph":[{"@type":"WebPage","@id":"https:\/\/talkpal.ai\/sk\/ruska-gramatika\/","url":"https:\/\/talkpal.ai\/sk\/ruska-gramatika\/","name":"Rusk\u00e1 gramatika - Talkpal","isPartOf":{"@id":"https:\/\/talkpal.ai\/sk\/#website"},"primaryImageOfPage":{"@id":"https:\/\/talkpal.ai\/sk\/ruska-gramatika\/#primaryimage"},"image":{"@id":"https:\/\/talkpal.ai\/sk\/ruska-gramatika\/#primaryimage"},"thumbnailUrl":"https:\/\/talkpal.ai\/wp-content\/uploads\/2023\/04\/rusia.png","datePublished":"2023-05-14T13:52:49+00:00","dateModified":"2025-12-13T15:15:59+00:00","description":"Objavte svet ruskej gramatiky s na\u0161ou pr\u00edru\u010dkou pre za\u010diato\u010dn\u00edkov. Osvojte si cyriliku a rozv\u00edjajte svoje jazykov\u00e9 schopnosti.","breadcrumb":{"@id":"https:\/\/talkpal.ai\/sk\/ruska-gramatika\/#breadcrumb"},"inLanguage":"sk-SK","potentialAction":[{"@type":"ReadAction","target":["https:\/\/talkpal.ai\/sk\/ruska-gramatika\/"]}]},{"@type":"ImageObject","inLanguage":"sk-SK","@id":"https:\/\/talkpal.ai\/sk\/ruska-gramatika\/#primaryimage","url":"https:\/\/talkpal.ai\/wp-content\/uploads\/2023\/04\/rusia.png","contentUrl":"https:\/\/talkpal.ai\/wp-content\/uploads\/2023\/04\/rusia.png","width":512,"height":512},{"@type":"BreadcrumbList","@id":"https:\/\/talkpal.ai\/sk\/ruska-gramatika\/#breadcrumb","itemListElement":[{"@type":"ListItem","position":1,"name":"Homepage","item":"https:\/\/talkpal.ai\/sk\/"},{"@type":"ListItem","position":2,"name":"Rusk\u00e1 gramatika"}]},{"@type":"WebSite","@id":"https:\/\/talkpal.ai\/sk\/#website","url":"https:\/\/talkpal.ai\/sk\/","name":"Talkpal","description":"AI Language Learning","publisher":{"@id":"https:\/\/talkpal.ai\/sk\/#organization"},"alternateName":"Talkpal AI","potentialAction":[{"@type":"SearchAction","target":{"@type":"EntryPoint","urlTemplate":"https:\/\/talkpal.ai\/sk\/?s={search_term_string}"},"query-input":{"@type":"PropertyValueSpecification","valueRequired":true,"valueName":"search_term_string"}}],"inLanguage":"sk-SK"},{"@type":"Organization","@id":"https:\/\/talkpal.ai\/sk\/#organization","name":"Talkpal, Inc.","alternateName":"Talkpal AI","url":"https:\/\/talkpal.ai\/sk\/","logo":{"@type":"ImageObject","inLanguage":"sk-SK","@id":"https:\/\/talkpal.ai\/sk\/#\/schema\/logo\/image\/","url":"https:\/\/talkpal.ai\/wp-content\/uploads\/2024\/03\/Talkpal-Logo-Icon.png","contentUrl":"https:\/\/talkpal.ai\/wp-content\/uploads\/2024\/03\/Talkpal-Logo-Icon.png","width":2880,"height":2880,"caption":"Talkpal, Inc."},"image":{"@id":"https:\/\/talkpal.ai\/sk\/#\/schema\/logo\/image\/"},"sameAs":["https:\/\/www.facebook.com\/profile.php?id=100090733639311","https:\/\/x.com\/talkpalai","https:\/\/www.linkedin.com\/company\/talkpal\/","https:\/\/www.youtube.com\/@TalkPal\/","https:\/\/www.tiktok.com\/@talkpal","https:\/\/www.instagram.com\/talkpal_ai\/","https:\/\/www.crunchbase.com\/organization\/talkpal-9cde","https:\/\/www.g2.com\/products\/talkpal-for-business\/","https:\/\/www.trustpilot.com\/review\/talkpal.ai","https:\/\/www.capterra.com\/p\/10006800\/TalkPal\/"],"description":"Talkpal is a language learning web and mobile education app, powered by the latest AI technologies, that provides engaging experiences to its customers in many different languages to help them improve their language skills. Users can chat about unlimited amount of topics with the app and use other modes to practice their language learning.","email":"support@talkpal.ai","legalName":"Talkpal, Inc.","foundingDate":"2023-04-03","duns":"118989042","numberOfEmployees":{"@type":"QuantitativeValue","minValue":"11","maxValue":"50"},"publishingPrinciples":"https:\/\/talkpal.ai\/publishing-principles\/","actionableFeedbackPolicy":"https:\/\/talkpal.ai\/actionable-feedback-policy\/","correctionsPolicy":"https:\/\/talkpal.ai\/corrections-policy\/","ethicsPolicy":"https:\/\/talkpal.ai\/ethics-policy\/","diversityPolicy":"https:\/\/talkpal.ai\/diversity-policy\/","diversityStaffingReport":"https:\/\/talkpal.ai\/diversity-policy\/"}]}},"_links":{"self":[{"href":"https:\/\/talkpal.ai\/sk\/wp-json\/wp\/v2\/pages\/139875","targetHints":{"allow":["GET"]}}],"collection":[{"href":"https:\/\/talkpal.ai\/sk\/wp-json\/wp\/v2\/pages"}],"about":[{"href":"https:\/\/talkpal.ai\/sk\/wp-json\/wp\/v2\/types\/page"}],"author":[{"embeddable":true,"href":"https:\/\/talkpal.ai\/sk\/wp-json\/wp\/v2\/users\/1"}],"replies":[{"embeddable":true,"href":"https:\/\/talkpal.ai\/sk\/wp-json\/wp\/v2\/comments?post=139875"}],"version-history":[{"count":0,"href":"https:\/\/talkpal.ai\/sk\/wp-json\/wp\/v2\/pages\/139875\/revisions"}],"wp:featuredmedia":[{"embeddable":true,"href":"https:\/\/talkpal.ai\/sk\/wp-json\/wp\/v2\/media\/108001"}],"wp:attachment":[{"href":"https:\/\/talkpal.ai\/sk\/wp-json\/wp\/v2\/media?parent=139875"}],"curies":[{"name":"wp","href":"https:\/\/api.w.org\/{rel}","templated":true}]}}