{"id":135770,"date":"2023-06-16T10:51:16","date_gmt":"2023-06-16T10:51:16","guid":{"rendered":"http:\/\/talkpal.ai\/ukrajinske-gramaticke-cvicenia\/"},"modified":"2025-12-17T16:20:56","modified_gmt":"2025-12-17T16:20:56","slug":"ukrajinske-gramaticke-cvicenia","status":"publish","type":"page","link":"https:\/\/talkpal.ai\/sk\/ukrajinske-gramaticke-cvicenia\/","title":{"rendered":"Ukrajinsk\u00e9 gramatick\u00e9 cvi\u010denia"},"content":{"rendered":"\r\n\r\n\r\n<section class=\"languageChallengeSection\">\r\n    <div class=\"languageInfoWrapper\">\r\n        \r\n        <h1>Ukrajinsk\u00e9 gramatick\u00e9 cvi\u010denia<\/h1>\r\n        <p>Chcete posun\u00fa\u0165 svoje ukrajinsk\u00e9 zru\u010dnosti na vy\u0161\u0161iu \u00farove\u0148? Precvi\u010dovanie gramatick\u00fdch cvi\u010den\u00ed je k\u013e\u00fa\u010dov\u00fdm sp\u00f4sobom, ako si osvoji\u0165 \u0161trukt\u00faru vety, slovesn\u00e9 tvary a jedine\u010dn\u00e9 vzory ukrajinsk\u00e9ho jazyka. Za\u010dnite pracova\u0165 na ukrajinskej gramatike e\u0161te dnes a sledujte, ako s ka\u017ed\u00fdm cvi\u010den\u00edm rastie va\u0161a sebad\u00f4vera a plynulos\u0165!<\/p>\r\n\r\n                            <a class=\"getStartedHidden\" href=\"https:\/\/app.talkpal.ai\/sk\/signup?lng=\">Za\u010dni<\/a>\r\n        \r\n    <\/div>\r\n\r\n    <figure>\r\n    <img decoding=\"async\" width=\"768\" height=\"768\" src=\"https:\/\/talkpal.ai\/wp-content\/uploads\/2023\/06\/Ukrainian-768x768.png\" class=\"languageImage no-lazy\" alt=\"Language learning - Your doorway to the world\" fetchpriority=\"high\" sizes=\"(max-width: 768px) 150px, 768px\" srcset=\"https:\/\/talkpal.ai\/wp-content\/uploads\/2023\/06\/Ukrainian-768x768.png 768w, https:\/\/talkpal.ai\/wp-content\/uploads\/2023\/06\/Ukrainian-300x300.png 300w\" \/>\r\n    \r\n\r\n    <\/figure>\r\n\r\n            <a class=\"getStartedVisible\" href=\"https:\/\/app.talkpal.ai\/sk\/signup?lng=\">Za\u010dni<\/a>\r\n    \r\n<\/section>\r\n\r\n\r\n<!-- <section class=\"grammarSection\">\r\n    <div class=\"grammarLinks\">\r\n            <\/div>\r\n<\/section> -->\r\n\r\n\r\n\r\n\r\n<section class=\"promotionalBanner\">\r\n    <p class=\"promotionalText\">Najefekt\u00edvnej\u0161\u00ed sp\u00f4sob, ako sa nau\u010di\u0165 jazyk<\/p>\r\n    <a class=\"promotionalLink\" href=\"https:\/\/app.talkpal.ai\/sk\/signup?lng=\">Vysk\u00fa\u0161ajte Talkpal zadarmo<\/a>\r\n<\/section>\n<div class=\"wp-block-group pageContainerStyle\"><div class=\"wp-block-group__inner-container is-layout-constrained wp-block-group-is-layout-constrained\">\n<h2 class=\"wp-block-heading\" id=\"h-ukrainian-grammar-topics\">T\u00e9my ukrajinskej gramatiky<\/h2>\n\n\n\n<p><a href=\"https:\/\/talkpal.ai\/sk\/ucenie\/\">U\u010denie sa<\/a> nov\u00e9ho jazyka m\u00f4\u017ee by\u0165 vzru\u0161uj\u00face, ale n\u00e1ro\u010dn\u00e9 \u00fasilie a ukrajinsk\u00fd jazyk nie je v\u00fdnimkou. <a href=\"https:\/\/talkpal.ai\/learn-ukrainian\/\">Ukrajin\u010dina<\/a>, v\u00fdchodoslovansk\u00fd jazyk, je \u00faradn\u00fdm jazykom Ukrajiny a m\u00f4\u017ee sa pochv\u00e1li\u0165 bohatou hist\u00f3riou a rozmanitou gramatickou \u0161trukt\u00farou. Ke\u010f sa vyd\u00e1te na cestu k zdokonaleniu sa v ukrajin\u010dine, existuje nieko\u013eko k\u013e\u00fa\u010dov\u00fdch gramatick\u00fdch t\u00e9m, ktor\u00e9 budete musie\u0165 zvl\u00e1dnu\u0165, vr\u00e1tane \u010dasov, slovies, podstatn\u00fdch mien, \u010dl\u00e1nkov, z\u00e1men, pr\u00eddavn\u00fdch mien, pr\u00edsloviek, predlo\u017eiek a vetnej \u0161trukt\u00fary. Pochopenie a spr\u00e1vne uplat\u0148ovanie t\u00fdchto gramatick\u00fdch pravidiel v\u00fdrazne zlep\u0161\u00ed va\u0161u plynulos\u0165 jazyka. Po\u010fme sa teda ponori\u0165 do jednotliv\u00fdch t\u00e9m a presk\u00fama\u0165, v akom porad\u00ed by ste sa ich mali u\u010di\u0165.<\/p>\n\n\n\n<h3 class=\"wp-block-heading\" id=\"h-1-nouns\">1. Podstatn\u00e9 men\u00e1:<\/h3>\n\n\n\n<p>Za\u010dnite u\u010den\u00edm sa ukrajinsk\u00fdch podstatn\u00fdch mien, preto\u017ee s\u00fa z\u00e1kladom jazyka. Zozn\u00e1mte sa s ich rodom (mu\u017esk\u00fdm, \u017eensk\u00fdm a kastrovan\u00fdm) a ich formami mno\u017en\u00e9ho \u010d\u00edsla. Pochopenie sklo\u0148ovania podstatn\u00fdch mien (p\u00e1dov) je rozhoduj\u00face pre spr\u00e1vne tvorenie viet.<\/p>\n\n\n\n<h3 class=\"wp-block-heading\" id=\"h-2-pronouns\">2. Z\u00e1men\u00e1:<\/h3>\n\n\n\n<p>\u010ealej sa nau\u010dte z\u00e1men\u00e1 &#8211; slov\u00e1, ktor\u00e9 nahr\u00e1dzaj\u00fa podstatn\u00e9 men\u00e1 vo vete. Maj\u00fa tie\u017e rodov\u00e9 a p\u00e1dov\u00e9 rozdiely, tak\u017ee je d\u00f4le\u017eit\u00e9 nau\u010di\u0165 sa pou\u017e\u00edva\u0165 vhodn\u00e9 tvary v z\u00e1vislosti od podstatn\u00e9ho mena, ktor\u00e9 nahr\u00e1dzaj\u00fa.<\/p>\n\n\n\n<h3 class=\"wp-block-heading\" id=\"h-3-verbs\">3. Sloves\u00e1:<\/h3>\n\n\n\n<p>Sloves\u00e1 s\u00fa ak\u010dn\u00e9 slov\u00e1 vo vete. V ukrajin\u010dine maj\u00fa sloves\u00e1 r\u00f4zne formy zalo\u017een\u00e9 na \u010dase, n\u00e1lade a aspekte. Za\u010dnite u\u010den\u00edm sa indikat\u00edvnych tvarov slovies pr\u00edtomn\u00e9ho \u010dasu, ktor\u00e9 v\u00e1m pom\u00f4\u017eu pochopi\u0165 z\u00e1kladn\u00fa \u0161trukt\u00faru viet.<\/p>\n\n\n\n<h3 class=\"wp-block-heading\" id=\"h-4-tenses-indicative\">4. Indikat\u00edvne \u010dasy:<\/h3>\n\n\n\n<p>Ke\u010f si osvoj\u00edte sloves\u00e1 v pr\u00edtomnom \u010dase, prejdite na u\u010denie minul\u00e9ho a bud\u00faceho \u010dasu v indikat\u00edve. To v\u00e1m umo\u017en\u00ed komunikova\u0165 o udalostiach, ktor\u00e9 sa u\u017e vyskytli alebo sa vyskytn\u00fa v bud\u00facnosti.<\/p>\n\n\n\n<h3 class=\"wp-block-heading\" id=\"h-5-tenses-subjunctive\">5. \u010casy subjunkt\u00edvne:<\/h3>\n\n\n\n<p>Po zvl\u00e1dnut\u00ed indikat\u00edvnej n\u00e1lady presk\u00famajte subjunkt\u00edvnu n\u00e1ladu, ktor\u00e1 vyjadruje hypotetick\u00e9 situ\u00e1cie, \u017eelania alebo n\u00e1vrhy. Subjunkt\u00edvna n\u00e1lada sa vyskytuje hlavne v minulom a bud\u00facom \u010dase v ukrajin\u010dine.<\/p>\n\n\n\n<h3 class=\"wp-block-heading\" id=\"h-6-tense-comparison\">6. Nap\u00e4t\u00e9 porovnanie:<\/h3>\n\n\n\n<p>Nau\u010dte sa porovn\u00e1va\u0165 \u010dasy v ukrajin\u010dine, aby ste vyjadrili r\u00f4zne stupne istoty alebo mo\u017enosti. To v\u00e1m pom\u00f4\u017ee pochopi\u0165 a vytvori\u0165 zlo\u017eitej\u0161ie vety.<\/p>\n\n\n\n<h3 class=\"wp-block-heading\" id=\"h-7-adjectives\">7. Pr\u00eddavn\u00e9 men\u00e1:<\/h3>\n\n\n\n<p>Pr\u00eddavn\u00e9 men\u00e1 opisuj\u00fa vlastnosti podstatn\u00fdch mien. Zhoduj\u00fa sa v pohlav\u00ed, \u010d\u00edsle a p\u00e1de s podstatn\u00fdm menom, ktor\u00e9 upravuj\u00fa. U\u010denie pr\u00eddavn\u00fdch mien v\u00e1m pom\u00f4\u017ee prida\u0165 viac podrobnost\u00ed do va\u0161ich viet.<\/p>\n\n\n\n<h3 class=\"wp-block-heading\" id=\"h-8-adverbs\">8. Pr\u00edslovky:<\/h3>\n\n\n\n<p>Pr\u00edslovky opisuj\u00fa sp\u00f4sob, miesto alebo \u010das konania. Nezni\u017euj\u00fa sa ako pr\u00eddavn\u00e9 men\u00e1, ale zohr\u00e1vaj\u00fa k\u013e\u00fa\u010dov\u00fa \u00falohu pri zvy\u0161ovan\u00ed informat\u00edvnosti a p\u00fatavosti va\u0161ich viet.<\/p>\n\n\n\n<h3 class=\"wp-block-heading\" id=\"h-9-prepositions\">9. Predlo\u017eky:<\/h3>\n\n\n\n<p>Predlo\u017eky ukazuj\u00fa vz\u0165ah medzi slovami vo vete (napr. miesto, smer alebo \u010das). Nau\u010dte sa, ako spr\u00e1vne pou\u017e\u00edva\u0165 predlo\u017eky, aby ste sa vyhli zm\u00e4tku a vyjadrili zam\u00fd\u0161\u013ean\u00fd v\u00fdznam.<\/p>\n\n\n\n<h3 class=\"wp-block-heading\" id=\"h-10-sentence-structure\">10. \u0160trukt\u00fara vety:<\/h3>\n\n\n\n<p>Nakoniec sa obozn\u00e1mte s ukrajinskou \u0161trukt\u00farou viet. To zah\u0155\u0148a pochopenie slovosledu podmet-sloveso-objekt (SVO) a ako pou\u017e\u00edva\u0165 p\u00e1dy a in\u00e9 gramatick\u00e9 prvky na vytv\u00e1ranie jasn\u00fdch a s\u00favisl\u00fdch viet.<\/p>\n\n\n\n<h3 class=\"wp-block-heading\" id=\"h-11-articles\">11. \u010cl\u00e1nky:<\/h3>\n\n\n\n<p>Ukrajin\u010dina nem\u00e1 \u010dleny ako &#8222;the&#8220; alebo &#8222;a&#8220; v angli\u010dtine, ale je d\u00f4le\u017eit\u00e9 pochopi\u0165, ako sa v jazyku vyjadruje ur\u010ditos\u0165 a neur\u010ditos\u0165, zvy\u010dajne pomocou ukazovac\u00edch z\u00e1men alebo kontextu.<\/p>\n\n\n\n<p>U\u010den\u00edm sa t\u00fdchto gramatick\u00fdch t\u00e9m v navrhovanom porad\u00ed si postupne vybudujete siln\u00e9 z\u00e1klady v ukrajin\u010dine a posuniete sa smerom k plynulosti jazyka.<\/p>\n<\/div><\/div>\n\r\n<section class=\"learnNavigationSection\">\r\n            \r\n        <a href=\"https:\/\/talkpal.ai\/sk\/naucte-sa-ukrajinsky\/\">\r\n            <div class=\"learnNavigationWrapper\">\r\n                <div class=\"learnNavigationContent\">\r\n                    <img decoding=\"async\" src=\"https:\/\/talkpal.ai\/wp-content\/uploads\/2024\/08\/Ukrainian.jpg\" alt=\"Ukrainian Flag\">\r\n                    <div>\r\n                        <h4>O ukrajinskom vzdel\u00e1van\u00ed<\/h4>\r\n                        <p>Zistite v\u0161etko o ukrajinskej gramatike.<\/p>\r\n                    <\/div>\r\n                <\/div>\r\n            <\/div>\r\n        <\/a>\r\n\r\n        \r\n        <a href=\"https:\/\/talkpal.ai\/sk\/ukrajinska-gramatika\/\">\r\n            <div class=\"learnNavigationWrapper\">\r\n                <div class=\"learnNavigationContent\">\r\n                    <img decoding=\"async\" src=\"https:\/\/talkpal.ai\/wp-content\/uploads\/2024\/08\/Ukrainian.jpg\" alt=\"Ukrainian Flag\">\r\n                    <div>\r\n                        <h4>Lekcie ukrajinskej gramatiky<\/h4>\r\n                        <p>Precvi\u010dte si ukrajinsk\u00fa gramatiku.<\/p>\r\n                    <\/div>\r\n                <\/div>\r\n            <\/div>\r\n        <\/a>\r\n\r\n        \r\n        <a href=\"https:\/\/talkpal.ai\/vocabulary_language\/ukrainian\/\">\r\n            <div class=\"learnNavigationWrapper\">\r\n                <div class=\"learnNavigationContent\">\r\n                    <img decoding=\"async\" src=\"https:\/\/talkpal.ai\/wp-content\/uploads\/2024\/08\/Ukrainian.jpg\" alt=\"Ukrainian Flag\">\r\n                    <div>\r\n                        <h4>Ukrajinsk\u00e1 slovn\u00e1 z\u00e1soba<\/h4>\r\n                        <p>Roz\u0161\u00edrte si slovn\u00fa z\u00e1sobu ukrajin\u010diny.<\/p>\r\n                    <\/div>\r\n                <\/div>\r\n            <\/div>\r\n        <\/a>\r\n\r\n            <\/section>","protected":false},"excerpt":{"rendered":"<p>T\u00e9my ukrajinskej gramatiky U\u010denie sa nov\u00e9ho jazyka m\u00f4\u017ee by\u0165 vzru\u0161uj\u00face, ale n\u00e1ro\u010dn\u00e9 \u00fasilie a ukrajinsk\u00fd jazyk nie je v\u00fdnimkou. Ukrajin\u010dina, v\u00fdchodoslovansk\u00fd jazyk, je \u00faradn\u00fdm jazykom Ukrajiny a m\u00f4\u017ee sa pochv\u00e1li\u0165 bohatou hist\u00f3riou a rozmanitou gramatickou \u0161trukt\u00farou. Ke\u010f sa vyd\u00e1te na cestu k zdokonaleniu sa v ukrajin\u010dine, existuje nieko\u013eko k\u013e\u00fa\u010dov\u00fdch gramatick\u00fdch t\u00e9m, ktor\u00e9 budete musie\u0165 zvl\u00e1dnu\u0165, [&hellip;]<\/p>\n","protected":false},"author":6,"featured_media":108550,"parent":0,"menu_order":0,"comment_status":"closed","ping_status":"closed","template":"LearningContentPage.php","meta":{"_acf_changed":false,"footnotes":""},"class_list":["post-135770","page","type-page","status-publish","has-post-thumbnail","hentry"],"acf":[],"yoast_head":"<!-- This site is optimized with the Yoast SEO Premium plugin v27.2 (Yoast SEO v27.2) - https:\/\/yoast.com\/product\/yoast-seo-premium-wordpress\/ -->\n<title>Ukrajinsk\u00e9 gramatick\u00e9 cvi\u010denia - Talkpal<\/title>\n<meta name=\"description\" content=\"Zlep\u0161ite svoje znalosti ukrajin\u010diny pomocou p\u00fatav\u00fdch cvi\u010den\u00ed z ukrajinskej gramatiky, ktor\u00e9 pokr\u00fdvaj\u00fa z\u00e1kladn\u00e9 gramatick\u00e9 t\u00e9my pre plynulos\u0165.\" \/>\n<meta name=\"robots\" content=\"index, follow, max-snippet:-1, max-image-preview:large, max-video-preview:-1\" \/>\n<link rel=\"canonical\" href=\"https:\/\/talkpal.ai\/sk\/ukrajinske-gramaticke-cvicenia\/\" \/>\n<meta property=\"og:locale\" content=\"sk_SK\" \/>\n<meta property=\"og:type\" content=\"article\" \/>\n<meta property=\"og:title\" content=\"Ukrajinsk\u00e9 gramatick\u00e9 cvi\u010denia\" \/>\n<meta property=\"og:description\" content=\"T\u00e9my ukrajinskej gramatiky U\u010denie sa nov\u00e9ho jazyka m\u00f4\u017ee by\u0165 vzru\u0161uj\u00face, ale n\u00e1ro\u010dn\u00e9 \u00fasilie a ukrajinsk\u00fd jazyk nie je v\u00fdnimkou. Ukrajin\u010dina,\" \/>\n<meta property=\"og:url\" content=\"https:\/\/talkpal.ai\/sk\/ukrajinske-gramaticke-cvicenia\/\" \/>\n<meta property=\"og:site_name\" content=\"Talkpal\" \/>\n<meta property=\"article:publisher\" content=\"https:\/\/www.facebook.com\/profile.php?id=100090733639311\" \/>\n<meta property=\"article:modified_time\" content=\"2025-12-17T16:20:56+00:00\" \/>\n<meta property=\"og:image\" content=\"https:\/\/talkpal.ai\/wp-content\/uploads\/2023\/04\/ukraine.png\" \/>\n\t<meta property=\"og:image:width\" content=\"512\" \/>\n\t<meta property=\"og:image:height\" content=\"512\" \/>\n\t<meta property=\"og:image:type\" content=\"image\/png\" \/>\n<meta name=\"twitter:card\" content=\"summary_large_image\" \/>\n<meta name=\"twitter:site\" content=\"@talkpalai\" \/>\n<meta name=\"twitter:label1\" content=\"Predpokladan\u00fd \u010das \u010d\u00edtania\" \/>\n\t<meta name=\"twitter:data1\" content=\"3 min\u00faty\" \/>\n<script type=\"application\/ld+json\" class=\"yoast-schema-graph\">{\"@context\":\"https:\/\/schema.org\",\"@graph\":[{\"@type\":\"WebPage\",\"@id\":\"https:\/\/talkpal.ai\/sk\/ukrajinske-gramaticke-cvicenia\/\",\"url\":\"https:\/\/talkpal.ai\/sk\/ukrajinske-gramaticke-cvicenia\/\",\"name\":\"Ukrajinsk\u00e9 gramatick\u00e9 cvi\u010denia - Talkpal\",\"isPartOf\":{\"@id\":\"https:\/\/talkpal.ai\/sk\/#website\"},\"primaryImageOfPage\":{\"@id\":\"https:\/\/talkpal.ai\/sk\/ukrajinske-gramaticke-cvicenia\/#primaryimage\"},\"image\":{\"@id\":\"https:\/\/talkpal.ai\/sk\/ukrajinske-gramaticke-cvicenia\/#primaryimage\"},\"thumbnailUrl\":\"https:\/\/talkpal.ai\/wp-content\/uploads\/2023\/04\/ukraine.png\",\"datePublished\":\"2023-06-16T10:51:16+00:00\",\"dateModified\":\"2025-12-17T16:20:56+00:00\",\"description\":\"Zlep\u0161ite svoje znalosti ukrajin\u010diny pomocou p\u00fatav\u00fdch cvi\u010den\u00ed z ukrajinskej gramatiky, ktor\u00e9 pokr\u00fdvaj\u00fa z\u00e1kladn\u00e9 gramatick\u00e9 t\u00e9my pre plynulos\u0165.\",\"breadcrumb\":{\"@id\":\"https:\/\/talkpal.ai\/sk\/ukrajinske-gramaticke-cvicenia\/#breadcrumb\"},\"inLanguage\":\"sk-SK\",\"potentialAction\":[{\"@type\":\"ReadAction\",\"target\":[\"https:\/\/talkpal.ai\/sk\/ukrajinske-gramaticke-cvicenia\/\"]}]},{\"@type\":\"ImageObject\",\"inLanguage\":\"sk-SK\",\"@id\":\"https:\/\/talkpal.ai\/sk\/ukrajinske-gramaticke-cvicenia\/#primaryimage\",\"url\":\"https:\/\/talkpal.ai\/wp-content\/uploads\/2023\/04\/ukraine.png\",\"contentUrl\":\"https:\/\/talkpal.ai\/wp-content\/uploads\/2023\/04\/ukraine.png\",\"width\":512,\"height\":512,\"caption\":\"TalkPal Ukrainian Flag\"},{\"@type\":\"BreadcrumbList\",\"@id\":\"https:\/\/talkpal.ai\/sk\/ukrajinske-gramaticke-cvicenia\/#breadcrumb\",\"itemListElement\":[{\"@type\":\"ListItem\",\"position\":1,\"name\":\"Homepage\",\"item\":\"https:\/\/talkpal.ai\/sk\/\"},{\"@type\":\"ListItem\",\"position\":2,\"name\":\"Ukrajinsk\u00e9 gramatick\u00e9 cvi\u010denia\"}]},{\"@type\":\"WebSite\",\"@id\":\"https:\/\/talkpal.ai\/sk\/#website\",\"url\":\"https:\/\/talkpal.ai\/sk\/\",\"name\":\"Talkpal\",\"description\":\"AI Language Learning\",\"publisher\":{\"@id\":\"https:\/\/talkpal.ai\/sk\/#organization\"},\"alternateName\":\"Talkpal AI\",\"potentialAction\":[{\"@type\":\"SearchAction\",\"target\":{\"@type\":\"EntryPoint\",\"urlTemplate\":\"https:\/\/talkpal.ai\/sk\/?s={search_term_string}\"},\"query-input\":{\"@type\":\"PropertyValueSpecification\",\"valueRequired\":true,\"valueName\":\"search_term_string\"}}],\"inLanguage\":\"sk-SK\"},{\"@type\":\"Organization\",\"@id\":\"https:\/\/talkpal.ai\/sk\/#organization\",\"name\":\"Talkpal, Inc.\",\"alternateName\":\"Talkpal AI\",\"url\":\"https:\/\/talkpal.ai\/sk\/\",\"logo\":{\"@type\":\"ImageObject\",\"inLanguage\":\"sk-SK\",\"@id\":\"https:\/\/talkpal.ai\/sk\/#\/schema\/logo\/image\/\",\"url\":\"https:\/\/talkpal.ai\/wp-content\/uploads\/2024\/03\/Talkpal-Logo-Icon.png\",\"contentUrl\":\"https:\/\/talkpal.ai\/wp-content\/uploads\/2024\/03\/Talkpal-Logo-Icon.png\",\"width\":2880,\"height\":2880,\"caption\":\"Talkpal, Inc.\"},\"image\":{\"@id\":\"https:\/\/talkpal.ai\/sk\/#\/schema\/logo\/image\/\"},\"sameAs\":[\"https:\/\/www.facebook.com\/profile.php?id=100090733639311\",\"https:\/\/x.com\/talkpalai\",\"https:\/\/www.linkedin.com\/company\/talkpal\/\",\"https:\/\/www.youtube.com\/@TalkPal\/\",\"https:\/\/www.tiktok.com\/@talkpal\",\"https:\/\/www.instagram.com\/talkpal_ai\/\",\"https:\/\/www.crunchbase.com\/organization\/talkpal-9cde\",\"https:\/\/www.g2.com\/products\/talkpal-for-business\/\",\"https:\/\/www.trustpilot.com\/review\/talkpal.ai\",\"https:\/\/www.capterra.com\/p\/10006800\/TalkPal\/\"],\"description\":\"Talkpal is a language learning web and mobile education app, powered by the latest AI technologies, that provides engaging experiences to its customers in many different languages to help them improve their language skills. Users can chat about unlimited amount of topics with the app and use other modes to practice their language learning.\",\"email\":\"support@talkpal.ai\",\"legalName\":\"Talkpal, Inc.\",\"foundingDate\":\"2023-04-03\",\"duns\":\"118989042\",\"numberOfEmployees\":{\"@type\":\"QuantitativeValue\",\"minValue\":\"11\",\"maxValue\":\"50\"},\"publishingPrinciples\":\"https:\/\/talkpal.ai\/publishing-principles\/\",\"actionableFeedbackPolicy\":\"https:\/\/talkpal.ai\/actionable-feedback-policy\/\",\"correctionsPolicy\":\"https:\/\/talkpal.ai\/corrections-policy\/\",\"ethicsPolicy\":\"https:\/\/talkpal.ai\/ethics-policy\/\",\"diversityPolicy\":\"https:\/\/talkpal.ai\/diversity-policy\/\",\"diversityStaffingReport\":\"https:\/\/talkpal.ai\/diversity-policy\/\"}]}<\/script>\n<!-- \/ Yoast SEO Premium plugin. -->","yoast_head_json":{"title":"Ukrajinsk\u00e9 gramatick\u00e9 cvi\u010denia - Talkpal","description":"Zlep\u0161ite svoje znalosti ukrajin\u010diny pomocou p\u00fatav\u00fdch cvi\u010den\u00ed z ukrajinskej gramatiky, ktor\u00e9 pokr\u00fdvaj\u00fa z\u00e1kladn\u00e9 gramatick\u00e9 t\u00e9my pre plynulos\u0165.","robots":{"index":"index","follow":"follow","max-snippet":"max-snippet:-1","max-image-preview":"max-image-preview:large","max-video-preview":"max-video-preview:-1"},"canonical":"https:\/\/talkpal.ai\/sk\/ukrajinske-gramaticke-cvicenia\/","og_locale":"sk_SK","og_type":"article","og_title":"Ukrajinsk\u00e9 gramatick\u00e9 cvi\u010denia","og_description":"T\u00e9my ukrajinskej gramatiky U\u010denie sa nov\u00e9ho jazyka m\u00f4\u017ee by\u0165 vzru\u0161uj\u00face, ale n\u00e1ro\u010dn\u00e9 \u00fasilie a ukrajinsk\u00fd jazyk nie je v\u00fdnimkou. Ukrajin\u010dina,","og_url":"https:\/\/talkpal.ai\/sk\/ukrajinske-gramaticke-cvicenia\/","og_site_name":"Talkpal","article_publisher":"https:\/\/www.facebook.com\/profile.php?id=100090733639311","article_modified_time":"2025-12-17T16:20:56+00:00","og_image":[{"width":512,"height":512,"url":"https:\/\/talkpal.ai\/wp-content\/uploads\/2023\/04\/ukraine.png","type":"image\/png"}],"twitter_card":"summary_large_image","twitter_site":"@talkpalai","twitter_misc":{"Predpokladan\u00fd \u010das \u010d\u00edtania":"3 min\u00faty"},"schema":{"@context":"https:\/\/schema.org","@graph":[{"@type":"WebPage","@id":"https:\/\/talkpal.ai\/sk\/ukrajinske-gramaticke-cvicenia\/","url":"https:\/\/talkpal.ai\/sk\/ukrajinske-gramaticke-cvicenia\/","name":"Ukrajinsk\u00e9 gramatick\u00e9 cvi\u010denia - Talkpal","isPartOf":{"@id":"https:\/\/talkpal.ai\/sk\/#website"},"primaryImageOfPage":{"@id":"https:\/\/talkpal.ai\/sk\/ukrajinske-gramaticke-cvicenia\/#primaryimage"},"image":{"@id":"https:\/\/talkpal.ai\/sk\/ukrajinske-gramaticke-cvicenia\/#primaryimage"},"thumbnailUrl":"https:\/\/talkpal.ai\/wp-content\/uploads\/2023\/04\/ukraine.png","datePublished":"2023-06-16T10:51:16+00:00","dateModified":"2025-12-17T16:20:56+00:00","description":"Zlep\u0161ite svoje znalosti ukrajin\u010diny pomocou p\u00fatav\u00fdch cvi\u010den\u00ed z ukrajinskej gramatiky, ktor\u00e9 pokr\u00fdvaj\u00fa z\u00e1kladn\u00e9 gramatick\u00e9 t\u00e9my pre plynulos\u0165.","breadcrumb":{"@id":"https:\/\/talkpal.ai\/sk\/ukrajinske-gramaticke-cvicenia\/#breadcrumb"},"inLanguage":"sk-SK","potentialAction":[{"@type":"ReadAction","target":["https:\/\/talkpal.ai\/sk\/ukrajinske-gramaticke-cvicenia\/"]}]},{"@type":"ImageObject","inLanguage":"sk-SK","@id":"https:\/\/talkpal.ai\/sk\/ukrajinske-gramaticke-cvicenia\/#primaryimage","url":"https:\/\/talkpal.ai\/wp-content\/uploads\/2023\/04\/ukraine.png","contentUrl":"https:\/\/talkpal.ai\/wp-content\/uploads\/2023\/04\/ukraine.png","width":512,"height":512,"caption":"TalkPal Ukrainian Flag"},{"@type":"BreadcrumbList","@id":"https:\/\/talkpal.ai\/sk\/ukrajinske-gramaticke-cvicenia\/#breadcrumb","itemListElement":[{"@type":"ListItem","position":1,"name":"Homepage","item":"https:\/\/talkpal.ai\/sk\/"},{"@type":"ListItem","position":2,"name":"Ukrajinsk\u00e9 gramatick\u00e9 cvi\u010denia"}]},{"@type":"WebSite","@id":"https:\/\/talkpal.ai\/sk\/#website","url":"https:\/\/talkpal.ai\/sk\/","name":"Talkpal","description":"AI Language Learning","publisher":{"@id":"https:\/\/talkpal.ai\/sk\/#organization"},"alternateName":"Talkpal AI","potentialAction":[{"@type":"SearchAction","target":{"@type":"EntryPoint","urlTemplate":"https:\/\/talkpal.ai\/sk\/?s={search_term_string}"},"query-input":{"@type":"PropertyValueSpecification","valueRequired":true,"valueName":"search_term_string"}}],"inLanguage":"sk-SK"},{"@type":"Organization","@id":"https:\/\/talkpal.ai\/sk\/#organization","name":"Talkpal, Inc.","alternateName":"Talkpal AI","url":"https:\/\/talkpal.ai\/sk\/","logo":{"@type":"ImageObject","inLanguage":"sk-SK","@id":"https:\/\/talkpal.ai\/sk\/#\/schema\/logo\/image\/","url":"https:\/\/talkpal.ai\/wp-content\/uploads\/2024\/03\/Talkpal-Logo-Icon.png","contentUrl":"https:\/\/talkpal.ai\/wp-content\/uploads\/2024\/03\/Talkpal-Logo-Icon.png","width":2880,"height":2880,"caption":"Talkpal, Inc."},"image":{"@id":"https:\/\/talkpal.ai\/sk\/#\/schema\/logo\/image\/"},"sameAs":["https:\/\/www.facebook.com\/profile.php?id=100090733639311","https:\/\/x.com\/talkpalai","https:\/\/www.linkedin.com\/company\/talkpal\/","https:\/\/www.youtube.com\/@TalkPal\/","https:\/\/www.tiktok.com\/@talkpal","https:\/\/www.instagram.com\/talkpal_ai\/","https:\/\/www.crunchbase.com\/organization\/talkpal-9cde","https:\/\/www.g2.com\/products\/talkpal-for-business\/","https:\/\/www.trustpilot.com\/review\/talkpal.ai","https:\/\/www.capterra.com\/p\/10006800\/TalkPal\/"],"description":"Talkpal is a language learning web and mobile education app, powered by the latest AI technologies, that provides engaging experiences to its customers in many different languages to help them improve their language skills. Users can chat about unlimited amount of topics with the app and use other modes to practice their language learning.","email":"support@talkpal.ai","legalName":"Talkpal, Inc.","foundingDate":"2023-04-03","duns":"118989042","numberOfEmployees":{"@type":"QuantitativeValue","minValue":"11","maxValue":"50"},"publishingPrinciples":"https:\/\/talkpal.ai\/publishing-principles\/","actionableFeedbackPolicy":"https:\/\/talkpal.ai\/actionable-feedback-policy\/","correctionsPolicy":"https:\/\/talkpal.ai\/corrections-policy\/","ethicsPolicy":"https:\/\/talkpal.ai\/ethics-policy\/","diversityPolicy":"https:\/\/talkpal.ai\/diversity-policy\/","diversityStaffingReport":"https:\/\/talkpal.ai\/diversity-policy\/"}]}},"_links":{"self":[{"href":"https:\/\/talkpal.ai\/sk\/wp-json\/wp\/v2\/pages\/135770","targetHints":{"allow":["GET"]}}],"collection":[{"href":"https:\/\/talkpal.ai\/sk\/wp-json\/wp\/v2\/pages"}],"about":[{"href":"https:\/\/talkpal.ai\/sk\/wp-json\/wp\/v2\/types\/page"}],"author":[{"embeddable":true,"href":"https:\/\/talkpal.ai\/sk\/wp-json\/wp\/v2\/users\/6"}],"replies":[{"embeddable":true,"href":"https:\/\/talkpal.ai\/sk\/wp-json\/wp\/v2\/comments?post=135770"}],"version-history":[{"count":0,"href":"https:\/\/talkpal.ai\/sk\/wp-json\/wp\/v2\/pages\/135770\/revisions"}],"wp:featuredmedia":[{"embeddable":true,"href":"https:\/\/talkpal.ai\/sk\/wp-json\/wp\/v2\/media\/108550"}],"wp:attachment":[{"href":"https:\/\/talkpal.ai\/sk\/wp-json\/wp\/v2\/media?parent=135770"}],"curies":[{"name":"wp","href":"https:\/\/api.w.org\/{rel}","templated":true}]}}