{"id":135527,"date":"2023-06-16T10:42:00","date_gmt":"2023-06-16T10:42:00","guid":{"rendered":"http:\/\/talkpal.ai\/portugalske-gramaticke-cvicenia\/"},"modified":"2025-12-17T16:16:27","modified_gmt":"2025-12-17T16:16:27","slug":"portugalske-gramaticke-cvicenia","status":"publish","type":"page","link":"https:\/\/talkpal.ai\/sk\/portugalske-gramaticke-cvicenia\/","title":{"rendered":"Portugalsk\u00e9 gramatick\u00e9 cvi\u010denia"},"content":{"rendered":"\r\n\r\n\r\n<section class=\"languageChallengeSection\">\r\n    <div class=\"languageInfoWrapper\">\r\n        \r\n        <h1>Portugalsk\u00e9 gramatick\u00e9 cvi\u010denia<\/h1>\r\n        <p>Chcete si zlep\u0161i\u0165 svoje znalosti portugal\u010diny? Prejdite na precvi\u010dovanie gramatiky a osvojte si \u0161trukt\u00faru viet, slovesn\u00e9 spojenia a jedine\u010dn\u00e9 vzorce portugalsk\u00e9ho jazyka. Za\u010dnite si teraz precvi\u010dova\u0165 portugalsk\u00fa gramatiku a s ka\u017ed\u00fdm cvi\u010den\u00edm uvid\u00edte, ako rastie va\u0161a sebad\u00f4vera a plynulos\u0165!<\/p>\r\n\r\n                            <a class=\"getStartedHidden\" href=\"https:\/\/app.talkpal.ai\/sk\/signup?lng=\">Za\u010dni<\/a>\r\n        \r\n    <\/div>\r\n\r\n    <figure>\r\n    <img decoding=\"async\" width=\"768\" height=\"768\" src=\"https:\/\/talkpal.ai\/wp-content\/uploads\/2023\/06\/portuguese-768x768.png\" class=\"languageImage no-lazy\" alt=\"Language learning for broader world view\" fetchpriority=\"high\" sizes=\"(max-width: 768px) 150px, 768px\" srcset=\"https:\/\/talkpal.ai\/wp-content\/uploads\/2023\/06\/portuguese-768x768.png 768w, https:\/\/talkpal.ai\/wp-content\/uploads\/2023\/06\/portuguese-300x300.png 300w\" \/>\r\n    \r\n\r\n    <\/figure>\r\n\r\n            <a class=\"getStartedVisible\" href=\"https:\/\/app.talkpal.ai\/sk\/signup?lng=\">Za\u010dni<\/a>\r\n    \r\n<\/section>\r\n\r\n\r\n<!-- <section class=\"grammarSection\">\r\n    <div class=\"grammarLinks\">\r\n            <\/div>\r\n<\/section> -->\r\n\r\n\r\n\r\n\r\n<section class=\"promotionalBanner\">\r\n    <p class=\"promotionalText\">Najefekt\u00edvnej\u0161\u00ed sp\u00f4sob, ako sa nau\u010di\u0165 jazyk<\/p>\r\n    <a class=\"promotionalLink\" href=\"https:\/\/app.talkpal.ai\/sk\/signup?lng=\">Vysk\u00fa\u0161ajte Talkpal zadarmo<\/a>\r\n<\/section>\n<div class=\"wp-block-group pageContainerStyle\"><div class=\"wp-block-group__inner-container is-layout-constrained wp-block-group-is-layout-constrained\">\n<h2 class=\"wp-block-heading\" id=\"h-portuguese-grammar-topics\">T\u00e9my portugalskej gramatiky<\/h2>\n\n\n\n<p><a href=\"https:\/\/talkpal.ai\/sk\/ucenie\/\">U\u010denie sa<\/a> nov\u00e9ho jazyka m\u00f4\u017ee by\u0165 vzru\u0161uj\u00facou a obohacuj\u00facou sk\u00fasenos\u0165ou a <a href=\"https:\/\/talkpal.ai\/learn-portuguese\/\">portugal\u010dina<\/a> nie je v\u00fdnimkou. Ako \u0161iesty najpou\u017e\u00edvanej\u0161\u00ed jazyk na svete pon\u00faka mno\u017estvo pr\u00edle\u017eitost\u00ed na osobn\u00fd a profesion\u00e1lny rast. Pochopenie a zvl\u00e1dnutie jeho jazykov\u00fdch zlo\u017eitost\u00ed a gramatiky m\u00f4\u017ee otvori\u0165 dvere bohat\u00fdm kult\u00farnym sk\u00fasenostiam v krajin\u00e1ch ako Portugalsko, Braz\u00edlia a r\u00f4zne africk\u00e9 n\u00e1rody. Aby sme v\u00e1m u\u013eah\u010dili cestu do sveta portugal\u010diny, t\u00e1to pr\u00edru\u010dka na\u010drt\u00e1va postupnos\u0165 gramatick\u00fdch t\u00e9m, ktor\u00e9 by ste mali dodr\u017eiava\u0165, aby ste si vybudovali siln\u00fd z\u00e1klad a napredovali pohodln\u00fdm tempom.<\/p>\n\n\n\n<h3 class=\"wp-block-heading\" id=\"h-1-articles\">1. \u010cl\u00e1nky:<\/h3>\n\n\n\n<p>Za\u010dnite u\u010den\u00edm sa ur\u010dit\u00fdch a neur\u010dit\u00fdch \u010dl\u00e1nkov, ktor\u00e9 s\u00fa z\u00e1kladn\u00fdmi stavebn\u00fdmi kame\u0148mi jazyka. Tieto poskytuj\u00fa r\u00e1mec pre pochopenie rodu a po\u010dtu podstatn\u00fdch mien vo vet\u00e1ch.<\/p>\n\n\n\n<h3 class=\"wp-block-heading\" id=\"h-2-nouns\">2. Podstatn\u00e9 men\u00e1:<\/h3>\n\n\n\n<p>Zozn\u00e1mte sa s portugalsk\u00fdmi podstatn\u00fdmi menami vr\u00e1tane ich pohlavia (mu\u017esk\u00e9ho alebo \u017eensk\u00e9ho) a \u010d\u00edsla (jednotn\u00e9ho alebo mno\u017en\u00e9ho \u010d\u00edsla). Tieto poznatky bud\u00fa rozhoduj\u00face pre vytvorenie s\u00favisl\u00fdch viet a doh\u00f4d s in\u00fdmi prvkami, ako s\u00fa pr\u00eddavn\u00e9 men\u00e1.<\/p>\n\n\n\n<h3 class=\"wp-block-heading\" id=\"h-3-adjectives\">3. Pr\u00eddavn\u00e9 men\u00e1:<\/h3>\n\n\n\n<p>Nau\u010dte sa, ako op\u00edsa\u0165 podstatn\u00e9 men\u00e1 pomocou pr\u00eddavn\u00fdch mien, ktor\u00e9 musia s\u00fahlasi\u0165 s podstatn\u00fdm menom v rode a \u010d\u00edsle. To zlep\u0161\u00ed va\u0161u schopnos\u0165 vyjadrova\u0165 n\u00e1pady a opisova\u0165 objekty alebo \u013eud\u00ed v portugal\u010dine.<\/p>\n\n\n\n<h3 class=\"wp-block-heading\" id=\"h-4-pronouns\">4. Z\u00e1men\u00e1:<\/h3>\n\n\n\n<p>Ponorte sa do sveta z\u00e1men vr\u00e1tane osobn\u00fdch, privlast\u0148ovac\u00edch, demon\u0161trat\u00edvnych a relat\u00edvnych z\u00e1men. Tieto nahr\u00e1dzaj\u00fa podstatn\u00e9 men\u00e1 vo vet\u00e1ch a pom\u00e1haj\u00fa predch\u00e1dza\u0165 zbyto\u010dn\u00e9mu opakovaniu.<\/p>\n\n\n\n<h3 class=\"wp-block-heading\" id=\"h-5-verbs\">5. Sloves\u00e1:<\/h3>\n\n\n\n<p>Pochopte r\u00f4zne \u010dasovanie slovies v portugal\u010dine, ktor\u00e9 s\u00fa nevyhnutn\u00e9 na vyjadrenie akci\u00ed, udalost\u00ed a stavov. Za\u010dnite s pravideln\u00fdmi slovesami a potom prejdite na nepravideln\u00e9 sloves\u00e1 a ich r\u00f4zne \u010dasovania.<\/p>\n\n\n\n<h3 class=\"wp-block-heading\" id=\"h-6-tenses-indicative\">6. Indikat\u00edvne \u010dasy:<\/h3>\n\n\n\n<p>Nau\u010dte sa indikat\u00edvnu n\u00e1ladu, ktor\u00e1 sa pou\u017e\u00edva na vyjadrenie faktov alebo istoty. To zah\u0155\u0148a pochopenie r\u00f4znych \u010dasov, ako je pr\u00edtomnos\u0165, minulos\u0165 a bud\u00facnos\u0165, ako aj ich \u010dasovanie pre r\u00f4zne typy slovies.<\/p>\n\n\n\n<h3 class=\"wp-block-heading\" id=\"h-7-tenses-subjunctive\">7. \u010casy subjunkt\u00edvne:<\/h3>\n\n\n\n<p>Ponorte sa do subjunkt\u00edvnej n\u00e1lady, ktor\u00e1 vyjadruje pochybnosti, mo\u017enosti alebo neistotu. To zah\u0155\u0148a <a href=\"https:\/\/talkpal.ai\/sk\/ucenie\/\">u\u010denie sa<\/a> s\u00fa\u010dasn\u00e9ho, minul\u00e9ho a bud\u00faceho subjunkt\u00edvneho \u010dasu a ich pr\u00edslu\u0161n\u00fdch konjug\u00e1ci\u00ed.<\/p>\n\n\n\n<h3 class=\"wp-block-heading\" id=\"h-8-tense-comparison\">8. Nap\u00e4t\u00e9 porovnanie:<\/h3>\n\n\n\n<p>\u0160tudujte, ako porovna\u0165 a kontrastova\u0165 r\u00f4zne \u010dasy v indikat\u00edvnych aj subjunkt\u00edvnych n\u00e1lad\u00e1ch. To v\u00e1m pom\u00f4\u017ee zvoli\u0165 vhodn\u00fd \u010das pre r\u00f4zne kontexty a situ\u00e1cie.<\/p>\n\n\n\n<h3 class=\"wp-block-heading\" id=\"h-9-adverbs\">9. Pr\u00edslovky:<\/h3>\n\n\n\n<p>Z\u00edskajte inform\u00e1cie o pr\u00edslovk\u00e1ch, ktor\u00e9 upravuj\u00fa sloves\u00e1, pr\u00eddavn\u00e9 men\u00e1 alebo in\u00e9 pr\u00edslovky a poskytuj\u00fa \u010fal\u0161ie inform\u00e1cie o sp\u00f4sobe, mieste alebo \u010dase akcie.<\/p>\n\n\n\n<h3 class=\"wp-block-heading\" id=\"h-10-prepositions\">10. Predlo\u017eky:<\/h3>\n\n\n\n<p>Obozn\u00e1mte sa s pou\u017e\u00edvan\u00edm predlo\u017eiek, ktor\u00e9 vytv\u00e1raj\u00fa vz\u0165ahy medzi slovami vo vete, ako je miesto, smer, \u010das alebo \u00fa\u010del.<\/p>\n\n\n\n<h3 class=\"wp-block-heading\" id=\"h-11-sentence-structure\">11. \u0160trukt\u00fara vety:<\/h3>\n\n\n\n<p>Nakoniec pochopte z\u00e1kladn\u00fa \u0161trukt\u00faru viet v portugal\u010dine, vr\u00e1tane slovosledu, neg\u00e1cie a formovania ot\u00e1zok. To v\u00e1m umo\u017en\u00ed zostavi\u0165 zmyslupln\u00e9 a gramaticky spr\u00e1vne vety, \u010do umo\u017en\u00ed efekt\u00edvnu komunik\u00e1ciu v portugal\u010dine.<\/p>\n<\/div><\/div>\n\r\n<section class=\"learnNavigationSection\">\r\n            \r\n        <a href=\"https:\/\/talkpal.ai\/sk\/naucte-sa-portugalsky\/\">\r\n            <div class=\"learnNavigationWrapper\">\r\n                <div class=\"learnNavigationContent\">\r\n                    <img decoding=\"async\" src=\"https:\/\/talkpal.ai\/wp-content\/uploads\/2024\/08\/Portuguese.jpg\" alt=\"Portuguese Flag\">\r\n                    <div>\r\n                        <h4>O vzdel\u00e1van\u00ed v Portugalsku<\/h4>\r\n                        <p>Zistite v\u0161etko o portugalskej gramatike.<\/p>\r\n                    <\/div>\r\n                <\/div>\r\n            <\/div>\r\n        <\/a>\r\n\r\n        \r\n        <a href=\"https:\/\/talkpal.ai\/sk\/portugalska-gramatika\/\">\r\n            <div class=\"learnNavigationWrapper\">\r\n                <div class=\"learnNavigationContent\">\r\n                    <img decoding=\"async\" src=\"https:\/\/talkpal.ai\/wp-content\/uploads\/2024\/08\/Portuguese.jpg\" alt=\"Portuguese Flag\">\r\n                    <div>\r\n                        <h4>Lekcie portugalskej gramatiky<\/h4>\r\n                        <p>Precvi\u010dte si portugalsk\u00fa gramatiku .<\/p>\r\n                    <\/div>\r\n                <\/div>\r\n            <\/div>\r\n        <\/a>\r\n\r\n        \r\n        <a href=\"https:\/\/talkpal.ai\/vocabulary_language\/portuguese\/\">\r\n            <div class=\"learnNavigationWrapper\">\r\n                <div class=\"learnNavigationContent\">\r\n                    <img decoding=\"async\" src=\"https:\/\/talkpal.ai\/wp-content\/uploads\/2024\/08\/Portuguese.jpg\" alt=\"Portuguese Flag\">\r\n                    <div>\r\n                        <h4>Portugalsk\u00e1 slovn\u00e1 z\u00e1soba<\/h4>\r\n                        <p>Roz\u0161\u00edrte si slovn\u00fa z\u00e1sobu portugal\u010diny.<\/p>\r\n                    <\/div>\r\n                <\/div>\r\n            <\/div>\r\n        <\/a>\r\n\r\n            <\/section>","protected":false},"excerpt":{"rendered":"<p>T\u00e9my portugalskej gramatiky U\u010denie sa nov\u00e9ho jazyka m\u00f4\u017ee by\u0165 vzru\u0161uj\u00facou a obohacuj\u00facou sk\u00fasenos\u0165ou a portugal\u010dina nie je v\u00fdnimkou. Ako \u0161iesty najpou\u017e\u00edvanej\u0161\u00ed jazyk na svete pon\u00faka mno\u017estvo pr\u00edle\u017eitost\u00ed na osobn\u00fd a profesion\u00e1lny rast. Pochopenie a zvl\u00e1dnutie jeho jazykov\u00fdch zlo\u017eitost\u00ed a gramatiky m\u00f4\u017ee otvori\u0165 dvere bohat\u00fdm kult\u00farnym sk\u00fasenostiam v krajin\u00e1ch ako Portugalsko, Braz\u00edlia a r\u00f4zne africk\u00e9 n\u00e1rody. [&hellip;]<\/p>\n","protected":false},"author":6,"featured_media":107742,"parent":0,"menu_order":0,"comment_status":"closed","ping_status":"closed","template":"LearningContentPage.php","meta":{"_acf_changed":false,"footnotes":""},"class_list":["post-135527","page","type-page","status-publish","has-post-thumbnail","hentry"],"acf":[],"yoast_head":"<!-- This site is optimized with the Yoast SEO Premium plugin v27.2 (Yoast SEO v27.2) - https:\/\/yoast.com\/product\/yoast-seo-premium-wordpress\/ -->\n<title>Portugalsk\u00e9 gramatick\u00e9 cvi\u010denia - Talkpal<\/title>\n<meta name=\"description\" content=\"Posilnite si gramatick\u00e9 zru\u010dnosti v portugal\u010dine pomocou interakt\u00edvnych cvi\u010den\u00ed ur\u010den\u00fdch pre v\u0161etky \u00farovne.\" \/>\n<meta name=\"robots\" content=\"index, follow, max-snippet:-1, max-image-preview:large, max-video-preview:-1\" \/>\n<link rel=\"canonical\" href=\"https:\/\/talkpal.ai\/sk\/portugalske-gramaticke-cvicenia\/\" \/>\n<meta property=\"og:locale\" content=\"sk_SK\" \/>\n<meta property=\"og:type\" content=\"article\" \/>\n<meta property=\"og:title\" content=\"Portugalsk\u00e9 gramatick\u00e9 cvi\u010denia\" \/>\n<meta property=\"og:description\" content=\"T\u00e9my portugalskej gramatiky U\u010denie sa nov\u00e9ho jazyka m\u00f4\u017ee by\u0165 vzru\u0161uj\u00facou a obohacuj\u00facou sk\u00fasenos\u0165ou a portugal\u010dina nie je v\u00fdnimkou. Ako \u0161iesty\" \/>\n<meta property=\"og:url\" content=\"https:\/\/talkpal.ai\/sk\/portugalske-gramaticke-cvicenia\/\" \/>\n<meta property=\"og:site_name\" content=\"Talkpal\" \/>\n<meta property=\"article:publisher\" content=\"https:\/\/www.facebook.com\/profile.php?id=100090733639311\" \/>\n<meta property=\"article:modified_time\" content=\"2025-12-17T16:16:27+00:00\" \/>\n<meta property=\"og:image\" content=\"https:\/\/talkpal.ai\/wp-content\/uploads\/2023\/04\/portugal.png\" \/>\n\t<meta property=\"og:image:width\" content=\"512\" \/>\n\t<meta property=\"og:image:height\" content=\"512\" \/>\n\t<meta property=\"og:image:type\" content=\"image\/png\" \/>\n<meta name=\"twitter:card\" content=\"summary_large_image\" \/>\n<meta name=\"twitter:site\" content=\"@talkpalai\" \/>\n<meta name=\"twitter:label1\" content=\"Predpokladan\u00fd \u010das \u010d\u00edtania\" \/>\n\t<meta name=\"twitter:data1\" content=\"3 min\u00faty\" \/>\n<script type=\"application\/ld+json\" class=\"yoast-schema-graph\">{\"@context\":\"https:\/\/schema.org\",\"@graph\":[{\"@type\":\"WebPage\",\"@id\":\"https:\/\/talkpal.ai\/sk\/portugalske-gramaticke-cvicenia\/\",\"url\":\"https:\/\/talkpal.ai\/sk\/portugalske-gramaticke-cvicenia\/\",\"name\":\"Portugalsk\u00e9 gramatick\u00e9 cvi\u010denia - Talkpal\",\"isPartOf\":{\"@id\":\"https:\/\/talkpal.ai\/sk\/#website\"},\"primaryImageOfPage\":{\"@id\":\"https:\/\/talkpal.ai\/sk\/portugalske-gramaticke-cvicenia\/#primaryimage\"},\"image\":{\"@id\":\"https:\/\/talkpal.ai\/sk\/portugalske-gramaticke-cvicenia\/#primaryimage\"},\"thumbnailUrl\":\"https:\/\/talkpal.ai\/wp-content\/uploads\/2023\/04\/portugal.png\",\"datePublished\":\"2023-06-16T10:42:00+00:00\",\"dateModified\":\"2025-12-17T16:16:27+00:00\",\"description\":\"Posilnite si gramatick\u00e9 zru\u010dnosti v portugal\u010dine pomocou interakt\u00edvnych cvi\u010den\u00ed ur\u010den\u00fdch pre v\u0161etky \u00farovne.\",\"breadcrumb\":{\"@id\":\"https:\/\/talkpal.ai\/sk\/portugalske-gramaticke-cvicenia\/#breadcrumb\"},\"inLanguage\":\"sk-SK\",\"potentialAction\":[{\"@type\":\"ReadAction\",\"target\":[\"https:\/\/talkpal.ai\/sk\/portugalske-gramaticke-cvicenia\/\"]}]},{\"@type\":\"ImageObject\",\"inLanguage\":\"sk-SK\",\"@id\":\"https:\/\/talkpal.ai\/sk\/portugalske-gramaticke-cvicenia\/#primaryimage\",\"url\":\"https:\/\/talkpal.ai\/wp-content\/uploads\/2023\/04\/portugal.png\",\"contentUrl\":\"https:\/\/talkpal.ai\/wp-content\/uploads\/2023\/04\/portugal.png\",\"width\":512,\"height\":512},{\"@type\":\"BreadcrumbList\",\"@id\":\"https:\/\/talkpal.ai\/sk\/portugalske-gramaticke-cvicenia\/#breadcrumb\",\"itemListElement\":[{\"@type\":\"ListItem\",\"position\":1,\"name\":\"Homepage\",\"item\":\"https:\/\/talkpal.ai\/sk\/\"},{\"@type\":\"ListItem\",\"position\":2,\"name\":\"Portugalsk\u00e9 gramatick\u00e9 cvi\u010denia\"}]},{\"@type\":\"WebSite\",\"@id\":\"https:\/\/talkpal.ai\/sk\/#website\",\"url\":\"https:\/\/talkpal.ai\/sk\/\",\"name\":\"Talkpal\",\"description\":\"AI Language Learning\",\"publisher\":{\"@id\":\"https:\/\/talkpal.ai\/sk\/#organization\"},\"alternateName\":\"Talkpal AI\",\"potentialAction\":[{\"@type\":\"SearchAction\",\"target\":{\"@type\":\"EntryPoint\",\"urlTemplate\":\"https:\/\/talkpal.ai\/sk\/?s={search_term_string}\"},\"query-input\":{\"@type\":\"PropertyValueSpecification\",\"valueRequired\":true,\"valueName\":\"search_term_string\"}}],\"inLanguage\":\"sk-SK\"},{\"@type\":\"Organization\",\"@id\":\"https:\/\/talkpal.ai\/sk\/#organization\",\"name\":\"Talkpal, Inc.\",\"alternateName\":\"Talkpal AI\",\"url\":\"https:\/\/talkpal.ai\/sk\/\",\"logo\":{\"@type\":\"ImageObject\",\"inLanguage\":\"sk-SK\",\"@id\":\"https:\/\/talkpal.ai\/sk\/#\/schema\/logo\/image\/\",\"url\":\"https:\/\/talkpal.ai\/wp-content\/uploads\/2024\/03\/Talkpal-Logo-Icon.png\",\"contentUrl\":\"https:\/\/talkpal.ai\/wp-content\/uploads\/2024\/03\/Talkpal-Logo-Icon.png\",\"width\":2880,\"height\":2880,\"caption\":\"Talkpal, Inc.\"},\"image\":{\"@id\":\"https:\/\/talkpal.ai\/sk\/#\/schema\/logo\/image\/\"},\"sameAs\":[\"https:\/\/www.facebook.com\/profile.php?id=100090733639311\",\"https:\/\/x.com\/talkpalai\",\"https:\/\/www.linkedin.com\/company\/talkpal\/\",\"https:\/\/www.youtube.com\/@TalkPal\/\",\"https:\/\/www.tiktok.com\/@talkpal\",\"https:\/\/www.instagram.com\/talkpal_ai\/\",\"https:\/\/www.crunchbase.com\/organization\/talkpal-9cde\",\"https:\/\/www.g2.com\/products\/talkpal-for-business\/\",\"https:\/\/www.trustpilot.com\/review\/talkpal.ai\",\"https:\/\/www.capterra.com\/p\/10006800\/TalkPal\/\"],\"description\":\"Talkpal is a language learning web and mobile education app, powered by the latest AI technologies, that provides engaging experiences to its customers in many different languages to help them improve their language skills. Users can chat about unlimited amount of topics with the app and use other modes to practice their language learning.\",\"email\":\"support@talkpal.ai\",\"legalName\":\"Talkpal, Inc.\",\"foundingDate\":\"2023-04-03\",\"duns\":\"118989042\",\"numberOfEmployees\":{\"@type\":\"QuantitativeValue\",\"minValue\":\"11\",\"maxValue\":\"50\"},\"publishingPrinciples\":\"https:\/\/talkpal.ai\/publishing-principles\/\",\"actionableFeedbackPolicy\":\"https:\/\/talkpal.ai\/actionable-feedback-policy\/\",\"correctionsPolicy\":\"https:\/\/talkpal.ai\/corrections-policy\/\",\"ethicsPolicy\":\"https:\/\/talkpal.ai\/ethics-policy\/\",\"diversityPolicy\":\"https:\/\/talkpal.ai\/diversity-policy\/\",\"diversityStaffingReport\":\"https:\/\/talkpal.ai\/diversity-policy\/\"}]}<\/script>\n<!-- \/ Yoast SEO Premium plugin. -->","yoast_head_json":{"title":"Portugalsk\u00e9 gramatick\u00e9 cvi\u010denia - Talkpal","description":"Posilnite si gramatick\u00e9 zru\u010dnosti v portugal\u010dine pomocou interakt\u00edvnych cvi\u010den\u00ed ur\u010den\u00fdch pre v\u0161etky \u00farovne.","robots":{"index":"index","follow":"follow","max-snippet":"max-snippet:-1","max-image-preview":"max-image-preview:large","max-video-preview":"max-video-preview:-1"},"canonical":"https:\/\/talkpal.ai\/sk\/portugalske-gramaticke-cvicenia\/","og_locale":"sk_SK","og_type":"article","og_title":"Portugalsk\u00e9 gramatick\u00e9 cvi\u010denia","og_description":"T\u00e9my portugalskej gramatiky U\u010denie sa nov\u00e9ho jazyka m\u00f4\u017ee by\u0165 vzru\u0161uj\u00facou a obohacuj\u00facou sk\u00fasenos\u0165ou a portugal\u010dina nie je v\u00fdnimkou. Ako \u0161iesty","og_url":"https:\/\/talkpal.ai\/sk\/portugalske-gramaticke-cvicenia\/","og_site_name":"Talkpal","article_publisher":"https:\/\/www.facebook.com\/profile.php?id=100090733639311","article_modified_time":"2025-12-17T16:16:27+00:00","og_image":[{"width":512,"height":512,"url":"https:\/\/talkpal.ai\/wp-content\/uploads\/2023\/04\/portugal.png","type":"image\/png"}],"twitter_card":"summary_large_image","twitter_site":"@talkpalai","twitter_misc":{"Predpokladan\u00fd \u010das \u010d\u00edtania":"3 min\u00faty"},"schema":{"@context":"https:\/\/schema.org","@graph":[{"@type":"WebPage","@id":"https:\/\/talkpal.ai\/sk\/portugalske-gramaticke-cvicenia\/","url":"https:\/\/talkpal.ai\/sk\/portugalske-gramaticke-cvicenia\/","name":"Portugalsk\u00e9 gramatick\u00e9 cvi\u010denia - Talkpal","isPartOf":{"@id":"https:\/\/talkpal.ai\/sk\/#website"},"primaryImageOfPage":{"@id":"https:\/\/talkpal.ai\/sk\/portugalske-gramaticke-cvicenia\/#primaryimage"},"image":{"@id":"https:\/\/talkpal.ai\/sk\/portugalske-gramaticke-cvicenia\/#primaryimage"},"thumbnailUrl":"https:\/\/talkpal.ai\/wp-content\/uploads\/2023\/04\/portugal.png","datePublished":"2023-06-16T10:42:00+00:00","dateModified":"2025-12-17T16:16:27+00:00","description":"Posilnite si gramatick\u00e9 zru\u010dnosti v portugal\u010dine pomocou interakt\u00edvnych cvi\u010den\u00ed ur\u010den\u00fdch pre v\u0161etky \u00farovne.","breadcrumb":{"@id":"https:\/\/talkpal.ai\/sk\/portugalske-gramaticke-cvicenia\/#breadcrumb"},"inLanguage":"sk-SK","potentialAction":[{"@type":"ReadAction","target":["https:\/\/talkpal.ai\/sk\/portugalske-gramaticke-cvicenia\/"]}]},{"@type":"ImageObject","inLanguage":"sk-SK","@id":"https:\/\/talkpal.ai\/sk\/portugalske-gramaticke-cvicenia\/#primaryimage","url":"https:\/\/talkpal.ai\/wp-content\/uploads\/2023\/04\/portugal.png","contentUrl":"https:\/\/talkpal.ai\/wp-content\/uploads\/2023\/04\/portugal.png","width":512,"height":512},{"@type":"BreadcrumbList","@id":"https:\/\/talkpal.ai\/sk\/portugalske-gramaticke-cvicenia\/#breadcrumb","itemListElement":[{"@type":"ListItem","position":1,"name":"Homepage","item":"https:\/\/talkpal.ai\/sk\/"},{"@type":"ListItem","position":2,"name":"Portugalsk\u00e9 gramatick\u00e9 cvi\u010denia"}]},{"@type":"WebSite","@id":"https:\/\/talkpal.ai\/sk\/#website","url":"https:\/\/talkpal.ai\/sk\/","name":"Talkpal","description":"AI Language Learning","publisher":{"@id":"https:\/\/talkpal.ai\/sk\/#organization"},"alternateName":"Talkpal AI","potentialAction":[{"@type":"SearchAction","target":{"@type":"EntryPoint","urlTemplate":"https:\/\/talkpal.ai\/sk\/?s={search_term_string}"},"query-input":{"@type":"PropertyValueSpecification","valueRequired":true,"valueName":"search_term_string"}}],"inLanguage":"sk-SK"},{"@type":"Organization","@id":"https:\/\/talkpal.ai\/sk\/#organization","name":"Talkpal, Inc.","alternateName":"Talkpal AI","url":"https:\/\/talkpal.ai\/sk\/","logo":{"@type":"ImageObject","inLanguage":"sk-SK","@id":"https:\/\/talkpal.ai\/sk\/#\/schema\/logo\/image\/","url":"https:\/\/talkpal.ai\/wp-content\/uploads\/2024\/03\/Talkpal-Logo-Icon.png","contentUrl":"https:\/\/talkpal.ai\/wp-content\/uploads\/2024\/03\/Talkpal-Logo-Icon.png","width":2880,"height":2880,"caption":"Talkpal, Inc."},"image":{"@id":"https:\/\/talkpal.ai\/sk\/#\/schema\/logo\/image\/"},"sameAs":["https:\/\/www.facebook.com\/profile.php?id=100090733639311","https:\/\/x.com\/talkpalai","https:\/\/www.linkedin.com\/company\/talkpal\/","https:\/\/www.youtube.com\/@TalkPal\/","https:\/\/www.tiktok.com\/@talkpal","https:\/\/www.instagram.com\/talkpal_ai\/","https:\/\/www.crunchbase.com\/organization\/talkpal-9cde","https:\/\/www.g2.com\/products\/talkpal-for-business\/","https:\/\/www.trustpilot.com\/review\/talkpal.ai","https:\/\/www.capterra.com\/p\/10006800\/TalkPal\/"],"description":"Talkpal is a language learning web and mobile education app, powered by the latest AI technologies, that provides engaging experiences to its customers in many different languages to help them improve their language skills. Users can chat about unlimited amount of topics with the app and use other modes to practice their language learning.","email":"support@talkpal.ai","legalName":"Talkpal, Inc.","foundingDate":"2023-04-03","duns":"118989042","numberOfEmployees":{"@type":"QuantitativeValue","minValue":"11","maxValue":"50"},"publishingPrinciples":"https:\/\/talkpal.ai\/publishing-principles\/","actionableFeedbackPolicy":"https:\/\/talkpal.ai\/actionable-feedback-policy\/","correctionsPolicy":"https:\/\/talkpal.ai\/corrections-policy\/","ethicsPolicy":"https:\/\/talkpal.ai\/ethics-policy\/","diversityPolicy":"https:\/\/talkpal.ai\/diversity-policy\/","diversityStaffingReport":"https:\/\/talkpal.ai\/diversity-policy\/"}]}},"_links":{"self":[{"href":"https:\/\/talkpal.ai\/sk\/wp-json\/wp\/v2\/pages\/135527","targetHints":{"allow":["GET"]}}],"collection":[{"href":"https:\/\/talkpal.ai\/sk\/wp-json\/wp\/v2\/pages"}],"about":[{"href":"https:\/\/talkpal.ai\/sk\/wp-json\/wp\/v2\/types\/page"}],"author":[{"embeddable":true,"href":"https:\/\/talkpal.ai\/sk\/wp-json\/wp\/v2\/users\/6"}],"replies":[{"embeddable":true,"href":"https:\/\/talkpal.ai\/sk\/wp-json\/wp\/v2\/comments?post=135527"}],"version-history":[{"count":0,"href":"https:\/\/talkpal.ai\/sk\/wp-json\/wp\/v2\/pages\/135527\/revisions"}],"wp:featuredmedia":[{"embeddable":true,"href":"https:\/\/talkpal.ai\/sk\/wp-json\/wp\/v2\/media\/107742"}],"wp:attachment":[{"href":"https:\/\/talkpal.ai\/sk\/wp-json\/wp\/v2\/media?parent=135527"}],"curies":[{"name":"wp","href":"https:\/\/api.w.org\/{rel}","templated":true}]}}