{"id":135020,"date":"2023-06-16T10:27:33","date_gmt":"2023-06-16T10:27:33","guid":{"rendered":"http:\/\/talkpal.ai\/korejske-gramaticke-cvicenia\/"},"modified":"2025-12-17T16:48:55","modified_gmt":"2025-12-17T16:48:55","slug":"korejske-gramaticke-cvicenia","status":"publish","type":"page","link":"https:\/\/talkpal.ai\/sk\/korejske-gramaticke-cvicenia\/","title":{"rendered":"K\u00f3rejsk\u00e9 gramatick\u00e9 cvi\u010denia"},"content":{"rendered":"\r\n\r\n\r\n<section class=\"languageChallengeSection\">\r\n    <div class=\"languageInfoWrapper\">\r\n        \r\n        <h1>K\u00f3rejsk\u00e9 gramatick\u00e9 cvi\u010denia<\/h1>\r\n        <p>Chcete si zlep\u0161i\u0165 svoje znalosti k\u00f3rejsk\u00e9ho jazyka? Zameranie sa na gramatick\u00e9 cvi\u010denia je skvel\u00fd sp\u00f4sob, ako si osvoji\u0165 \u0161trukt\u00faru vety, koncovky slovies a ka\u017edodenn\u00e9 fr\u00e1zy. Pravidelne sa pon\u00e1rajte do k\u00f3rejskej gramatiky a precvi\u010dujte ju &#8211; ka\u017ed\u00e9 cvi\u010denie v\u00e1s pribl\u00ed\u017ei k prirodzenej a sebavedomej komunik\u00e1cii. Za\u010dnite e\u0161te dnes a sledujte, ako va\u0161e k\u00f3rejsk\u00e9 zru\u010dnosti krok za krokom rast\u00fa!<\/p>\r\n\r\n                            <a class=\"getStartedHidden\" href=\"https:\/\/app.talkpal.ai\/sk\/signup?lng=\">Za\u010dni<\/a>\r\n        \r\n    <\/div>\r\n\r\n    <figure>\r\n    <img decoding=\"async\" width=\"768\" height=\"768\" src=\"https:\/\/talkpal.ai\/wp-content\/uploads\/2023\/06\/korean-768x768.png\" class=\"languageImage no-lazy\" alt=\"Line-by-line learning for language acquisition\" fetchpriority=\"high\" sizes=\"(max-width: 768px) 150px, 768px\" srcset=\"https:\/\/talkpal.ai\/wp-content\/uploads\/2023\/06\/korean-768x768.png 768w, https:\/\/talkpal.ai\/wp-content\/uploads\/2023\/06\/korean-300x300.png 300w\" \/>\r\n    \r\n\r\n    <\/figure>\r\n\r\n            <a class=\"getStartedVisible\" href=\"https:\/\/app.talkpal.ai\/sk\/signup?lng=\">Za\u010dni<\/a>\r\n    \r\n<\/section>\r\n\r\n\r\n<!-- <section class=\"grammarSection\">\r\n    <div class=\"grammarLinks\">\r\n            <\/div>\r\n<\/section> -->\r\n\r\n\r\n\r\n\r\n<section class=\"promotionalBanner\">\r\n    <p class=\"promotionalText\">Najefekt\u00edvnej\u0161\u00ed sp\u00f4sob, ako sa nau\u010di\u0165 jazyk<\/p>\r\n    <a class=\"promotionalLink\" href=\"https:\/\/app.talkpal.ai\/sk\/signup?lng=\">Vysk\u00fa\u0161ajte Talkpal zadarmo<\/a>\r\n<\/section>\n<div class=\"wp-block-group pageContainerStyle\"><div class=\"wp-block-group__inner-container is-layout-constrained wp-block-group-is-layout-constrained\">\n<h2 class=\"wp-block-heading\" id=\"h-korean-grammar-topics\">T\u00e9my k\u00f3rejskej gramatiky<\/h2>\n\n\n\n<p><a href=\"https:\/\/talkpal.ai\/sk\/ucenie\/\">U\u010denie sa<\/a> k\u00f3rej\u010diny m\u00f4\u017ee by\u0165 vzru\u0161uj\u00facou a obohacuj\u00facou sk\u00fasenos\u0165ou, preto\u017ee otv\u00e1ra nov\u00e9 kult\u00farne a profesion\u00e1lne pr\u00edle\u017eitosti. K\u00f3rejsk\u00fd jazyk m\u00e1 bohat\u00fa hist\u00f3riu a hovoria n\u00edm mili\u00f3ny \u013eud\u00ed na celom svete. Jedn\u00fdm z k\u013e\u00fa\u010dov\u00fdch aspektov u\u010denia sa ak\u00e9hoko\u013evek jazyka je pochopenie jeho gramatiky. V pr\u00edpade k\u00f3rej\u010diny je <a href=\"https:\/\/talkpal.ai\/sq\/gramatika\/\">gramatika<\/a> \u00faplne odli\u0161n\u00e1 od mnoh\u00fdch z\u00e1padn\u00fdch jazykov, ale so spr\u00e1vnym pr\u00edstupom sa d\u00e1 systematicky pochopi\u0165. V tomto \u010dl\u00e1nku presk\u00famame r\u00f4zne t\u00e9my k\u00f3rejskej gramatiky vr\u00e1tane \u010dasov, slovies, podstatn\u00fdch mien, \u010dl\u00e1nkov, z\u00e1men, pr\u00eddavn\u00fdch mien, pr\u00edsloviek, predlo\u017eiek a vetnej \u0161trukt\u00fary. Pochopen\u00edm a zvl\u00e1dnut\u00edm t\u00fdchto konceptov budete na dobrej ceste k tomu, aby ste sa stali zdatn\u00fdmi v k\u00f3rej\u010dine.<\/p>\n\n\n\n<h3 class=\"wp-block-heading\" id=\"h-1-nouns\">1. Podstatn\u00e9 men\u00e1:<\/h3>\n\n\n\n<p>V k\u00f3rej\u010dine s\u00fa podstatn\u00e9 men\u00e1 z\u00e1kladn\u00fdmi stavebn\u00fdmi kame\u0148mi viet. Predstavuj\u00fa \u013eud\u00ed, miesta, veci alebo my\u0161lienky. K\u00f3rejsk\u00e9 podstatn\u00e9 men\u00e1 nemaj\u00fa rodov\u00e9 alebo \u010d\u00edseln\u00e9 rozdiely, v\u010faka \u010domu sa daj\u00fa relat\u00edvne \u013eahko nau\u010di\u0165. Obozn\u00e1menie sa s be\u017en\u00fdmi k\u00f3rejsk\u00fdmi podstatn\u00fdmi menami v\u00e1m pom\u00f4\u017ee vybudova\u0165 siln\u00fd z\u00e1klad slovnej z\u00e1soby.<\/p>\n\n\n\n<h3 class=\"wp-block-heading\" id=\"h-2-verbs\">2. Sloves\u00e1:<\/h3>\n\n\n\n<p>K\u00f3rejsk\u00e9 sloves\u00e1 s\u00fa rozhoduj\u00face pre vyjadrenie akci\u00ed a stavov bytia. Zvy\u010dajne prich\u00e1dzaj\u00fa na konci vety a maj\u00fa r\u00f4zne formy v z\u00e1vislosti od \u00farovne nap\u00e4tia a zdvorilosti. Pochopenie pravidiel \u010dasovania pre r\u00f4zne slovesn\u00e9 tvary je nevyhnutn\u00e9 pre efekt\u00edvnu komunik\u00e1ciu v k\u00f3rej\u010dine.<\/p>\n\n\n\n<h3 class=\"wp-block-heading\" id=\"h-3-adjectives\">3. Pr\u00eddavn\u00e9 men\u00e1:<\/h3>\n\n\n\n<p>V k\u00f3rej\u010dine sa pr\u00eddavn\u00e9 men\u00e1 pou\u017e\u00edvaj\u00fa na opis podstatn\u00fdch mien a maj\u00fa podobn\u00e9 pravidl\u00e1 \u010dasovania ako sloves\u00e1. M\u00f4\u017eu by\u0165 pou\u017eit\u00e9 pred alebo za podstatn\u00fdm menom a ich forma sa m\u00f4\u017ee meni\u0165 v z\u00e1vislosti od \u00farovne nap\u00e4tia a zdvorilosti. U\u010denie sa be\u017en\u00fdch pr\u00eddavn\u00fdch mien a ich pou\u017e\u00edvanie zlep\u0161\u00ed va\u0161e popisn\u00e9 schopnosti v k\u00f3rej\u010dine.<\/p>\n\n\n\n<h3 class=\"wp-block-heading\" id=\"h-4-adverbs\">4. Pr\u00edslovky:<\/h3>\n\n\n\n<p>Pr\u00edslovky v k\u00f3rej\u010dine poskytuj\u00fa \u010fal\u0161ie inform\u00e1cie o sloves\u00e1ch, pr\u00eddavn\u00fdch men\u00e1ch alebo in\u00fdch pr\u00edslovk\u00e1ch. Zvy\u010dajne prich\u00e1dzaj\u00fa pred slovo, ktor\u00e9 upravuj\u00fa, a nemaj\u00fa \u0161pecifick\u00e9 pravidl\u00e1 \u010dasovania. Za\u010dlenenie pr\u00edsloviek do va\u0161ich k\u00f3rejsk\u00fdch viet m\u00f4\u017ee v\u00e1\u0161mu v\u00fdrazu prida\u0165 h\u013abku a nuansu.<\/p>\n\n\n\n<h3 class=\"wp-block-heading\" id=\"h-5-pronouns\">5. Z\u00e1men\u00e1:<\/h3>\n\n\n\n<p>K\u00f3rejsk\u00e9 z\u00e1men\u00e1 pom\u00e1haj\u00fa vyhn\u00fa\u0165 sa nadbyto\u010dnosti a robia vety stru\u010dnej\u0161\u00edmi. Nahr\u00e1dzaj\u00fa podstatn\u00e9 men\u00e1, ktor\u00e9 u\u017e boli spomenut\u00e9 alebo s\u00fa ch\u00e1pan\u00e9 v kontexte. K\u00f3rejsk\u00e9 z\u00e1men\u00e1 maj\u00fa r\u00f4zne tvary v z\u00e1vislosti od spolo\u010densk\u00e9ho postavenia a pohlavia subjektu, \u010do z nich rob\u00ed d\u00f4le\u017eit\u00fd aspekt jazyka, ktor\u00fd je potrebn\u00e9 ovl\u00e1da\u0165.<\/p>\n\n\n\n<h3 class=\"wp-block-heading\" id=\"h-6-prepositions\">6. Predlo\u017eky:<\/h3>\n\n\n\n<p>V k\u00f3rej\u010dine sa predlo\u017eky pou\u017e\u00edvaj\u00fa na vyjadrenie vz\u0165ahov medzi podstatn\u00fdmi menami vo vete, ako je umiestnenie, smer alebo vlastn\u00edctvo. Na rozdiel od angli\u010dtiny k\u00f3rejsk\u00e9 predlo\u017eky zvy\u010dajne prich\u00e1dzaj\u00fa za podstatn\u00fdm menom, ktor\u00e9 modifikuj\u00fa, a tvoria jednu jednotku naz\u00fdvan\u00fa postpozi\u010dn\u00e1 fr\u00e1za. Pochopenie spr\u00e1vneho pou\u017eitia t\u00fdchto \u010dast\u00edc je rozhoduj\u00face pre kon\u0161trukciu koherentn\u00fdch k\u00f3rejsk\u00fdch viet.<\/p>\n\n\n\n<h3 class=\"wp-block-heading\" id=\"h-7-sentence-structure\">7. \u0160trukt\u00fara vety:<\/h3>\n\n\n\n<p>Z\u00e1kladnou \u0161trukt\u00farou k\u00f3rejskej vety je podmet-objekt-sloveso (SOV). To znamen\u00e1, \u017ee sloveso je zvy\u010dajne posledn\u00e9 vo vete, \u010do m\u00f4\u017ee by\u0165 pre anglicky hovoriacich v\u00fdznamnou zmenou. Nau\u010di\u0165 sa spr\u00e1vny slovosled a \u0161trukt\u00faru viet v\u00e1m umo\u017en\u00ed efekt\u00edvnej\u0161ie komunikova\u0165 v k\u00f3rej\u010dine.<\/p>\n\n\n\n<h3 class=\"wp-block-heading\" id=\"h-8-tenses-indicative-and-subjunctive\">8. Indikat\u00edvne a subjunkt\u00edvne \u010dasy:<\/h3>\n\n\n\n<p><a href=\"https:\/\/talkpal.ai\/learn-korean\/\">K\u00f3rej\u010dina<\/a> m\u00e1 r\u00f4zne slovesn\u00e9 tvary na vyjadrenie minul\u00fdch, s\u00fa\u010dasn\u00fdch a bud\u00facich akci\u00ed alebo \u0161t\u00e1tov. Indikat\u00edvna n\u00e1lada sa pou\u017e\u00edva na kon\u0161tatovanie faktov, zatia\u013e \u010do subjunkt\u00edvna n\u00e1lada vyjadruje neistotu, mo\u017enos\u0165 alebo hypotetick\u00e9 situ\u00e1cie. Spr\u00e1vne rozpoznanie a pou\u017e\u00edvanie t\u00fdchto slovesn\u00fdch tvarov je nevyhnutn\u00e9 pre jasn\u00fa komunik\u00e1ciu v k\u00f3rej\u010dine.<\/p>\n\n\n\n<h3 class=\"wp-block-heading\" id=\"h-9-tense-comparison\">9. Nap\u00e4t\u00e9 porovnanie:<\/h3>\n\n\n\n<p>Porovn\u00e1vanie udalost\u00ed v r\u00f4znych \u010dasov\u00fdch r\u00e1mcoch vy\u017eaduje pochopenie nuanci\u00ed k\u00f3rejsk\u00e9ho \u010dasovania slovies. Ak sa nau\u010d\u00edte porovn\u00e1va\u0165 minul\u00e9, s\u00fa\u010dasn\u00e9 a bud\u00face udalosti pomocou vhodn\u00fdch slovesn\u00fdch tvarov, m\u00f4\u017eete v k\u00f3rej\u010dine sprostredkova\u0165 zlo\u017eit\u00e9 my\u0161lienky a vz\u0165ahy.<\/p>\n\n\n\n<h3 class=\"wp-block-heading\" id=\"h-10-articles\">10. \u010cl\u00e1nky:<\/h3>\n\n\n\n<p>Na rozdiel od angli\u010dtiny, <a href=\"https:\/\/talkpal.ai\/learn-korean\/\">k\u00f3rej\u010dina<\/a> nem\u00e1 ur\u010dit\u00e9 alebo neur\u010dit\u00e9 \u010dl\u00e1nky. Namiesto toho sa jazyk spolieha na kontext a pou\u017eitie \u0161pecifick\u00fdch \u010dast\u00edc na vyjadrenie ur\u010ditosti alebo neur\u010ditosti podstatn\u00e9ho mena. Zvl\u00e1dnutie t\u00fdchto \u010dast\u00edc v\u00e1m umo\u017en\u00ed vyjadri\u0165 sa presnej\u0161ie v k\u00f3rej\u010dine.<\/p>\n<\/div><\/div>\n\r\n<section class=\"learnNavigationSection\">\r\n            \r\n        <a href=\"https:\/\/talkpal.ai\/sk\/naucte-sa-korejcinu\/\">\r\n            <div class=\"learnNavigationWrapper\">\r\n                <div class=\"learnNavigationContent\">\r\n                    <img decoding=\"async\" src=\"https:\/\/talkpal.ai\/wp-content\/uploads\/2024\/08\/Korean.jpg\" alt=\"Korean Flag\">\r\n                    <div>\r\n                        <h4>O \u0161t\u00fadiu k\u00f3rej\u010diny<\/h4>\r\n                        <p>Zistite v\u0161etko o k\u00f3rejskej gramatike.<\/p>\r\n                    <\/div>\r\n                <\/div>\r\n            <\/div>\r\n        <\/a>\r\n\r\n        \r\n        <a href=\"https:\/\/talkpal.ai\/sk\/korejska-gramatika\/\">\r\n            <div class=\"learnNavigationWrapper\">\r\n                <div class=\"learnNavigationContent\">\r\n                    <img decoding=\"async\" src=\"https:\/\/talkpal.ai\/wp-content\/uploads\/2024\/08\/Korean.jpg\" alt=\"Korean Flag\">\r\n                    <div>\r\n                        <h4>Lekcie k\u00f3rejskej gramatiky<\/h4>\r\n                        <p>Precvi\u010dte si k\u00f3rejsk\u00fa gramatiku.<\/p>\r\n                    <\/div>\r\n                <\/div>\r\n            <\/div>\r\n        <\/a>\r\n\r\n        \r\n        <a href=\"https:\/\/talkpal.ai\/vocabulary_language\/korean\/\">\r\n            <div class=\"learnNavigationWrapper\">\r\n                <div class=\"learnNavigationContent\">\r\n                    <img decoding=\"async\" src=\"https:\/\/talkpal.ai\/wp-content\/uploads\/2024\/08\/Korean.jpg\" alt=\"Korean Flag\">\r\n                    <div>\r\n                        <h4>K\u00f3rejsk\u00e1 slovn\u00e1 z\u00e1soba<\/h4>\r\n                        <p>Roz\u0161\u00edrte si k\u00f3rejsk\u00fa slovn\u00fa z\u00e1sobu.<\/p>\r\n                    <\/div>\r\n                <\/div>\r\n            <\/div>\r\n        <\/a>\r\n\r\n            <\/section>","protected":false},"excerpt":{"rendered":"<p>T\u00e9my k\u00f3rejskej gramatiky U\u010denie sa k\u00f3rej\u010diny m\u00f4\u017ee by\u0165 vzru\u0161uj\u00facou a obohacuj\u00facou sk\u00fasenos\u0165ou, preto\u017ee otv\u00e1ra nov\u00e9 kult\u00farne a profesion\u00e1lne pr\u00edle\u017eitosti. K\u00f3rejsk\u00fd jazyk m\u00e1 bohat\u00fa hist\u00f3riu a hovoria n\u00edm mili\u00f3ny \u013eud\u00ed na celom svete. Jedn\u00fdm z k\u013e\u00fa\u010dov\u00fdch aspektov u\u010denia sa ak\u00e9hoko\u013evek jazyka je pochopenie jeho gramatiky. V pr\u00edpade k\u00f3rej\u010diny je gramatika \u00faplne odli\u0161n\u00e1 od mnoh\u00fdch z\u00e1padn\u00fdch jazykov, [&hellip;]<\/p>\n","protected":false},"author":6,"featured_media":107535,"parent":0,"menu_order":0,"comment_status":"closed","ping_status":"closed","template":"LearningContentPage.php","meta":{"_acf_changed":false,"footnotes":""},"class_list":["post-135020","page","type-page","status-publish","has-post-thumbnail","hentry"],"acf":[],"yoast_head":"<!-- This site is optimized with the Yoast SEO Premium plugin v27.2 (Yoast SEO v27.2) - https:\/\/yoast.com\/product\/yoast-seo-premium-wordpress\/ -->\n<title>K\u00f3rejsk\u00e9 gramatick\u00e9 cvi\u010denia - Talkpal<\/title>\n<meta name=\"description\" content=\"\u013dahko si zlep\u0161ite k\u00f3rejsk\u00fa gramatiku \u2013 precvi\u010dujte si interakt\u00edvne cvi\u010denia, osvojte si jazykov\u00e9 vzory a budujte si sebavedomie\" \/>\n<meta name=\"robots\" content=\"index, follow, max-snippet:-1, max-image-preview:large, max-video-preview:-1\" \/>\n<link rel=\"canonical\" href=\"https:\/\/talkpal.ai\/sk\/korejske-gramaticke-cvicenia\/\" \/>\n<meta property=\"og:locale\" content=\"sk_SK\" \/>\n<meta property=\"og:type\" content=\"article\" \/>\n<meta property=\"og:title\" content=\"K\u00f3rejsk\u00e9 gramatick\u00e9 cvi\u010denia\" \/>\n<meta property=\"og:description\" content=\"T\u00e9my k\u00f3rejskej gramatiky U\u010denie sa k\u00f3rej\u010diny m\u00f4\u017ee by\u0165 vzru\u0161uj\u00facou a obohacuj\u00facou sk\u00fasenos\u0165ou, preto\u017ee otv\u00e1ra nov\u00e9 kult\u00farne a profesion\u00e1lne pr\u00edle\u017eitosti.\" \/>\n<meta property=\"og:url\" content=\"https:\/\/talkpal.ai\/sk\/korejske-gramaticke-cvicenia\/\" \/>\n<meta property=\"og:site_name\" content=\"Talkpal\" \/>\n<meta property=\"article:publisher\" content=\"https:\/\/www.facebook.com\/profile.php?id=100090733639311\" \/>\n<meta property=\"article:modified_time\" content=\"2025-12-17T16:48:55+00:00\" \/>\n<meta property=\"og:image\" content=\"https:\/\/talkpal.ai\/wp-content\/uploads\/2023\/04\/south-korea.png\" \/>\n\t<meta property=\"og:image:width\" content=\"512\" \/>\n\t<meta property=\"og:image:height\" content=\"512\" \/>\n\t<meta property=\"og:image:type\" content=\"image\/png\" \/>\n<meta name=\"twitter:card\" content=\"summary_large_image\" \/>\n<meta name=\"twitter:site\" content=\"@talkpalai\" \/>\n<meta name=\"twitter:label1\" content=\"Predpokladan\u00fd \u010das \u010d\u00edtania\" \/>\n\t<meta name=\"twitter:data1\" content=\"4 min\u00faty\" \/>\n<script type=\"application\/ld+json\" class=\"yoast-schema-graph\">{\"@context\":\"https:\/\/schema.org\",\"@graph\":[{\"@type\":\"WebPage\",\"@id\":\"https:\/\/talkpal.ai\/sk\/korejske-gramaticke-cvicenia\/\",\"url\":\"https:\/\/talkpal.ai\/sk\/korejske-gramaticke-cvicenia\/\",\"name\":\"K\u00f3rejsk\u00e9 gramatick\u00e9 cvi\u010denia - Talkpal\",\"isPartOf\":{\"@id\":\"https:\/\/talkpal.ai\/sk\/#website\"},\"primaryImageOfPage\":{\"@id\":\"https:\/\/talkpal.ai\/sk\/korejske-gramaticke-cvicenia\/#primaryimage\"},\"image\":{\"@id\":\"https:\/\/talkpal.ai\/sk\/korejske-gramaticke-cvicenia\/#primaryimage\"},\"thumbnailUrl\":\"https:\/\/talkpal.ai\/wp-content\/uploads\/2023\/04\/south-korea.png\",\"datePublished\":\"2023-06-16T10:27:33+00:00\",\"dateModified\":\"2025-12-17T16:48:55+00:00\",\"description\":\"\u013dahko si zlep\u0161ite k\u00f3rejsk\u00fa gramatiku \u2013 precvi\u010dujte si interakt\u00edvne cvi\u010denia, osvojte si jazykov\u00e9 vzory a budujte si sebavedomie\",\"breadcrumb\":{\"@id\":\"https:\/\/talkpal.ai\/sk\/korejske-gramaticke-cvicenia\/#breadcrumb\"},\"inLanguage\":\"sk-SK\",\"potentialAction\":[{\"@type\":\"ReadAction\",\"target\":[\"https:\/\/talkpal.ai\/sk\/korejske-gramaticke-cvicenia\/\"]}]},{\"@type\":\"ImageObject\",\"inLanguage\":\"sk-SK\",\"@id\":\"https:\/\/talkpal.ai\/sk\/korejske-gramaticke-cvicenia\/#primaryimage\",\"url\":\"https:\/\/talkpal.ai\/wp-content\/uploads\/2023\/04\/south-korea.png\",\"contentUrl\":\"https:\/\/talkpal.ai\/wp-content\/uploads\/2023\/04\/south-korea.png\",\"width\":512,\"height\":512},{\"@type\":\"BreadcrumbList\",\"@id\":\"https:\/\/talkpal.ai\/sk\/korejske-gramaticke-cvicenia\/#breadcrumb\",\"itemListElement\":[{\"@type\":\"ListItem\",\"position\":1,\"name\":\"Homepage\",\"item\":\"https:\/\/talkpal.ai\/sk\/\"},{\"@type\":\"ListItem\",\"position\":2,\"name\":\"K\u00f3rejsk\u00e9 gramatick\u00e9 cvi\u010denia\"}]},{\"@type\":\"WebSite\",\"@id\":\"https:\/\/talkpal.ai\/sk\/#website\",\"url\":\"https:\/\/talkpal.ai\/sk\/\",\"name\":\"Talkpal\",\"description\":\"AI Language Learning\",\"publisher\":{\"@id\":\"https:\/\/talkpal.ai\/sk\/#organization\"},\"alternateName\":\"Talkpal AI\",\"potentialAction\":[{\"@type\":\"SearchAction\",\"target\":{\"@type\":\"EntryPoint\",\"urlTemplate\":\"https:\/\/talkpal.ai\/sk\/?s={search_term_string}\"},\"query-input\":{\"@type\":\"PropertyValueSpecification\",\"valueRequired\":true,\"valueName\":\"search_term_string\"}}],\"inLanguage\":\"sk-SK\"},{\"@type\":\"Organization\",\"@id\":\"https:\/\/talkpal.ai\/sk\/#organization\",\"name\":\"Talkpal, Inc.\",\"alternateName\":\"Talkpal AI\",\"url\":\"https:\/\/talkpal.ai\/sk\/\",\"logo\":{\"@type\":\"ImageObject\",\"inLanguage\":\"sk-SK\",\"@id\":\"https:\/\/talkpal.ai\/sk\/#\/schema\/logo\/image\/\",\"url\":\"https:\/\/talkpal.ai\/wp-content\/uploads\/2024\/03\/Talkpal-Logo-Icon.png\",\"contentUrl\":\"https:\/\/talkpal.ai\/wp-content\/uploads\/2024\/03\/Talkpal-Logo-Icon.png\",\"width\":2880,\"height\":2880,\"caption\":\"Talkpal, Inc.\"},\"image\":{\"@id\":\"https:\/\/talkpal.ai\/sk\/#\/schema\/logo\/image\/\"},\"sameAs\":[\"https:\/\/www.facebook.com\/profile.php?id=100090733639311\",\"https:\/\/x.com\/talkpalai\",\"https:\/\/www.linkedin.com\/company\/talkpal\/\",\"https:\/\/www.youtube.com\/@TalkPal\/\",\"https:\/\/www.tiktok.com\/@talkpal\",\"https:\/\/www.instagram.com\/talkpal_ai\/\",\"https:\/\/www.crunchbase.com\/organization\/talkpal-9cde\",\"https:\/\/www.g2.com\/products\/talkpal-for-business\/\",\"https:\/\/www.trustpilot.com\/review\/talkpal.ai\",\"https:\/\/www.capterra.com\/p\/10006800\/TalkPal\/\"],\"description\":\"Talkpal is a language learning web and mobile education app, powered by the latest AI technologies, that provides engaging experiences to its customers in many different languages to help them improve their language skills. Users can chat about unlimited amount of topics with the app and use other modes to practice their language learning.\",\"email\":\"support@talkpal.ai\",\"legalName\":\"Talkpal, Inc.\",\"foundingDate\":\"2023-04-03\",\"duns\":\"118989042\",\"numberOfEmployees\":{\"@type\":\"QuantitativeValue\",\"minValue\":\"11\",\"maxValue\":\"50\"},\"publishingPrinciples\":\"https:\/\/talkpal.ai\/publishing-principles\/\",\"actionableFeedbackPolicy\":\"https:\/\/talkpal.ai\/actionable-feedback-policy\/\",\"correctionsPolicy\":\"https:\/\/talkpal.ai\/corrections-policy\/\",\"ethicsPolicy\":\"https:\/\/talkpal.ai\/ethics-policy\/\",\"diversityPolicy\":\"https:\/\/talkpal.ai\/diversity-policy\/\",\"diversityStaffingReport\":\"https:\/\/talkpal.ai\/diversity-policy\/\"}]}<\/script>\n<!-- \/ Yoast SEO Premium plugin. -->","yoast_head_json":{"title":"K\u00f3rejsk\u00e9 gramatick\u00e9 cvi\u010denia - Talkpal","description":"\u013dahko si zlep\u0161ite k\u00f3rejsk\u00fa gramatiku \u2013 precvi\u010dujte si interakt\u00edvne cvi\u010denia, osvojte si jazykov\u00e9 vzory a budujte si sebavedomie","robots":{"index":"index","follow":"follow","max-snippet":"max-snippet:-1","max-image-preview":"max-image-preview:large","max-video-preview":"max-video-preview:-1"},"canonical":"https:\/\/talkpal.ai\/sk\/korejske-gramaticke-cvicenia\/","og_locale":"sk_SK","og_type":"article","og_title":"K\u00f3rejsk\u00e9 gramatick\u00e9 cvi\u010denia","og_description":"T\u00e9my k\u00f3rejskej gramatiky U\u010denie sa k\u00f3rej\u010diny m\u00f4\u017ee by\u0165 vzru\u0161uj\u00facou a obohacuj\u00facou sk\u00fasenos\u0165ou, preto\u017ee otv\u00e1ra nov\u00e9 kult\u00farne a profesion\u00e1lne pr\u00edle\u017eitosti.","og_url":"https:\/\/talkpal.ai\/sk\/korejske-gramaticke-cvicenia\/","og_site_name":"Talkpal","article_publisher":"https:\/\/www.facebook.com\/profile.php?id=100090733639311","article_modified_time":"2025-12-17T16:48:55+00:00","og_image":[{"width":512,"height":512,"url":"https:\/\/talkpal.ai\/wp-content\/uploads\/2023\/04\/south-korea.png","type":"image\/png"}],"twitter_card":"summary_large_image","twitter_site":"@talkpalai","twitter_misc":{"Predpokladan\u00fd \u010das \u010d\u00edtania":"4 min\u00faty"},"schema":{"@context":"https:\/\/schema.org","@graph":[{"@type":"WebPage","@id":"https:\/\/talkpal.ai\/sk\/korejske-gramaticke-cvicenia\/","url":"https:\/\/talkpal.ai\/sk\/korejske-gramaticke-cvicenia\/","name":"K\u00f3rejsk\u00e9 gramatick\u00e9 cvi\u010denia - Talkpal","isPartOf":{"@id":"https:\/\/talkpal.ai\/sk\/#website"},"primaryImageOfPage":{"@id":"https:\/\/talkpal.ai\/sk\/korejske-gramaticke-cvicenia\/#primaryimage"},"image":{"@id":"https:\/\/talkpal.ai\/sk\/korejske-gramaticke-cvicenia\/#primaryimage"},"thumbnailUrl":"https:\/\/talkpal.ai\/wp-content\/uploads\/2023\/04\/south-korea.png","datePublished":"2023-06-16T10:27:33+00:00","dateModified":"2025-12-17T16:48:55+00:00","description":"\u013dahko si zlep\u0161ite k\u00f3rejsk\u00fa gramatiku \u2013 precvi\u010dujte si interakt\u00edvne cvi\u010denia, osvojte si jazykov\u00e9 vzory a budujte si sebavedomie","breadcrumb":{"@id":"https:\/\/talkpal.ai\/sk\/korejske-gramaticke-cvicenia\/#breadcrumb"},"inLanguage":"sk-SK","potentialAction":[{"@type":"ReadAction","target":["https:\/\/talkpal.ai\/sk\/korejske-gramaticke-cvicenia\/"]}]},{"@type":"ImageObject","inLanguage":"sk-SK","@id":"https:\/\/talkpal.ai\/sk\/korejske-gramaticke-cvicenia\/#primaryimage","url":"https:\/\/talkpal.ai\/wp-content\/uploads\/2023\/04\/south-korea.png","contentUrl":"https:\/\/talkpal.ai\/wp-content\/uploads\/2023\/04\/south-korea.png","width":512,"height":512},{"@type":"BreadcrumbList","@id":"https:\/\/talkpal.ai\/sk\/korejske-gramaticke-cvicenia\/#breadcrumb","itemListElement":[{"@type":"ListItem","position":1,"name":"Homepage","item":"https:\/\/talkpal.ai\/sk\/"},{"@type":"ListItem","position":2,"name":"K\u00f3rejsk\u00e9 gramatick\u00e9 cvi\u010denia"}]},{"@type":"WebSite","@id":"https:\/\/talkpal.ai\/sk\/#website","url":"https:\/\/talkpal.ai\/sk\/","name":"Talkpal","description":"AI Language Learning","publisher":{"@id":"https:\/\/talkpal.ai\/sk\/#organization"},"alternateName":"Talkpal AI","potentialAction":[{"@type":"SearchAction","target":{"@type":"EntryPoint","urlTemplate":"https:\/\/talkpal.ai\/sk\/?s={search_term_string}"},"query-input":{"@type":"PropertyValueSpecification","valueRequired":true,"valueName":"search_term_string"}}],"inLanguage":"sk-SK"},{"@type":"Organization","@id":"https:\/\/talkpal.ai\/sk\/#organization","name":"Talkpal, Inc.","alternateName":"Talkpal AI","url":"https:\/\/talkpal.ai\/sk\/","logo":{"@type":"ImageObject","inLanguage":"sk-SK","@id":"https:\/\/talkpal.ai\/sk\/#\/schema\/logo\/image\/","url":"https:\/\/talkpal.ai\/wp-content\/uploads\/2024\/03\/Talkpal-Logo-Icon.png","contentUrl":"https:\/\/talkpal.ai\/wp-content\/uploads\/2024\/03\/Talkpal-Logo-Icon.png","width":2880,"height":2880,"caption":"Talkpal, Inc."},"image":{"@id":"https:\/\/talkpal.ai\/sk\/#\/schema\/logo\/image\/"},"sameAs":["https:\/\/www.facebook.com\/profile.php?id=100090733639311","https:\/\/x.com\/talkpalai","https:\/\/www.linkedin.com\/company\/talkpal\/","https:\/\/www.youtube.com\/@TalkPal\/","https:\/\/www.tiktok.com\/@talkpal","https:\/\/www.instagram.com\/talkpal_ai\/","https:\/\/www.crunchbase.com\/organization\/talkpal-9cde","https:\/\/www.g2.com\/products\/talkpal-for-business\/","https:\/\/www.trustpilot.com\/review\/talkpal.ai","https:\/\/www.capterra.com\/p\/10006800\/TalkPal\/"],"description":"Talkpal is a language learning web and mobile education app, powered by the latest AI technologies, that provides engaging experiences to its customers in many different languages to help them improve their language skills. Users can chat about unlimited amount of topics with the app and use other modes to practice their language learning.","email":"support@talkpal.ai","legalName":"Talkpal, Inc.","foundingDate":"2023-04-03","duns":"118989042","numberOfEmployees":{"@type":"QuantitativeValue","minValue":"11","maxValue":"50"},"publishingPrinciples":"https:\/\/talkpal.ai\/publishing-principles\/","actionableFeedbackPolicy":"https:\/\/talkpal.ai\/actionable-feedback-policy\/","correctionsPolicy":"https:\/\/talkpal.ai\/corrections-policy\/","ethicsPolicy":"https:\/\/talkpal.ai\/ethics-policy\/","diversityPolicy":"https:\/\/talkpal.ai\/diversity-policy\/","diversityStaffingReport":"https:\/\/talkpal.ai\/diversity-policy\/"}]}},"_links":{"self":[{"href":"https:\/\/talkpal.ai\/sk\/wp-json\/wp\/v2\/pages\/135020","targetHints":{"allow":["GET"]}}],"collection":[{"href":"https:\/\/talkpal.ai\/sk\/wp-json\/wp\/v2\/pages"}],"about":[{"href":"https:\/\/talkpal.ai\/sk\/wp-json\/wp\/v2\/types\/page"}],"author":[{"embeddable":true,"href":"https:\/\/talkpal.ai\/sk\/wp-json\/wp\/v2\/users\/6"}],"replies":[{"embeddable":true,"href":"https:\/\/talkpal.ai\/sk\/wp-json\/wp\/v2\/comments?post=135020"}],"version-history":[{"count":0,"href":"https:\/\/talkpal.ai\/sk\/wp-json\/wp\/v2\/pages\/135020\/revisions"}],"wp:featuredmedia":[{"embeddable":true,"href":"https:\/\/talkpal.ai\/sk\/wp-json\/wp\/v2\/media\/107535"}],"wp:attachment":[{"href":"https:\/\/talkpal.ai\/sk\/wp-json\/wp\/v2\/media?parent=135020"}],"curies":[{"name":"wp","href":"https:\/\/api.w.org\/{rel}","templated":true}]}}