{"id":134650,"date":"2023-06-16T10:21:59","date_gmt":"2023-06-16T10:21:59","guid":{"rendered":"http:\/\/talkpal.ai\/japonske-gramaticke-cvicenia\/"},"modified":"2025-12-17T16:55:55","modified_gmt":"2025-12-17T16:55:55","slug":"japonske-gramaticke-cvicenia","status":"publish","type":"page","link":"https:\/\/talkpal.ai\/sk\/japonske-gramaticke-cvicenia\/","title":{"rendered":"Japonsk\u00e9 gramatick\u00e9 cvi\u010denia"},"content":{"rendered":"\r\n\r\n\r\n<section class=\"languageChallengeSection\">\r\n    <div class=\"languageInfoWrapper\">\r\n        \r\n        <h1>Japonsk\u00e9 gramatick\u00e9 cvi\u010denia<\/h1>\r\n        <p>Ste pripraven\u00ed posun\u00fa\u0165 svoju japon\u010dinu na vy\u0161\u0161iu \u00farove\u0148? Precvi\u010dovanie gramatick\u00fdch cvi\u010den\u00ed je skvel\u00fd sp\u00f4sob, ako pochopi\u0165 vzory viet, spr\u00e1vne pou\u017e\u00edva\u0165 \u010dastice a c\u00edti\u0165 sa v jazyku ako doma. Zapojte sa, vysk\u00fa\u0161ajte nov\u00e9 gramatick\u00e9 body a zistite, ako v\u00e1s ka\u017ed\u00e9 cvi\u010denie pribl\u00ed\u017ei k plynulosti &#8211; za\u010dnite precvi\u010dova\u0165 japonsk\u00fa gramatiku e\u0161te dnes!<\/p>\r\n\r\n                            <a class=\"getStartedHidden\" href=\"https:\/\/app.talkpal.ai\/sk\/signup?lng=\">Za\u010dni<\/a>\r\n        \r\n    <\/div>\r\n\r\n    <figure>\r\n    <img decoding=\"async\" width=\"768\" height=\"768\" src=\"https:\/\/talkpal.ai\/wp-content\/uploads\/2023\/06\/japanese-768x768.png\" class=\"languageImage no-lazy\" alt=\"Language learning for world travelers\" fetchpriority=\"high\" sizes=\"(max-width: 768px) 150px, 768px\" srcset=\"https:\/\/talkpal.ai\/wp-content\/uploads\/2023\/06\/japanese-768x768.png 768w, https:\/\/talkpal.ai\/wp-content\/uploads\/2023\/06\/japanese-300x300.png 300w\" \/>\r\n    \r\n\r\n    <\/figure>\r\n\r\n            <a class=\"getStartedVisible\" href=\"https:\/\/app.talkpal.ai\/sk\/signup?lng=\">Za\u010dni<\/a>\r\n    \r\n<\/section>\r\n\r\n\r\n<!-- <section class=\"grammarSection\">\r\n    <div class=\"grammarLinks\">\r\n            <\/div>\r\n<\/section> -->\r\n\r\n\r\n\r\n\r\n<section class=\"promotionalBanner\">\r\n    <p class=\"promotionalText\">Najefekt\u00edvnej\u0161\u00ed sp\u00f4sob, ako sa nau\u010di\u0165 jazyk<\/p>\r\n    <a class=\"promotionalLink\" href=\"https:\/\/app.talkpal.ai\/sk\/signup?lng=\">Vysk\u00fa\u0161ajte Talkpal zadarmo<\/a>\r\n<\/section>\n<div class=\"wp-block-group pageContainerStyle\"><div class=\"wp-block-group__inner-container is-layout-constrained wp-block-group-is-layout-constrained\">\n<h2 class=\"wp-block-heading\" id=\"h-japanese-grammar-topics\">T\u00e9my japonskej gramatiky<\/h2>\n\n\n\n<p><a href=\"https:\/\/talkpal.ai\/sk\/ucenie\/\">U\u010denie sa<\/a> japon\u010diny m\u00f4\u017ee by\u0165 vzru\u0161uj\u00facou a obohacuj\u00facou sk\u00fasenos\u0165ou, preto\u017ee otv\u00e1ra \u00faplne nov\u00fd svet kult\u00fary, komunik\u00e1cie a osobn\u00e9ho rastu. <a href=\"https:\/\/talkpal.ai\/learn-japanese\/\">Japonsk\u00fd<\/a> jazyk m\u00e1 jedine\u010dn\u00fa \u0161trukt\u00faru a gramatick\u00fd syst\u00e9m, ktor\u00fd sa na prv\u00fd poh\u013ead m\u00f4\u017ee zda\u0165 sk\u013eu\u010duj\u00faci, ale d\u00e1 sa zvl\u00e1dnu\u0165 d\u00f4slednou praxou a dobre organizovan\u00fdm u\u010debn\u00fdm pl\u00e1nom. Aby sme v\u00e1m u\u013eah\u010dili cestu do sveta japon\u010diny, zoskupili sme z\u00e1kladn\u00e9 gramatick\u00e9 t\u00e9my do sekvencie, ktor\u00e1 v\u00e1m pom\u00f4\u017ee vybudova\u0165 siln\u00fd z\u00e1klad a hladko napredova\u0165. Zameran\u00edm sa na tieto gramatick\u00e9 prvky budete na dobrej ceste k dosiahnutiu znalosti japon\u010diny.<\/p>\n\n\n\n<h3 class=\"wp-block-heading\" id=\"h-1-particles\">1. \u010castice:<\/h3>\n\n\n\n<p>\u010castice s\u00fa v japon\u010dine nevyhnutn\u00e9, preto\u017ee ozna\u010duj\u00fa vz\u0165ah medzi slovami vo vete. Funguj\u00fa ako predlo\u017eky a postpoz\u00edcie v in\u00fdch jazykoch. U\u010debn\u00e9 \u010dastice ako \u306f (wa), \u304c (ga), \u3092 (wo), \u306b (ni), \u3067 (de) a \u3068 (to) v\u00e1m pom\u00f4\u017eu vytvori\u0165 z\u00e1kladn\u00e9 vety a pochopi\u0165 funkciu ka\u017ed\u00e9ho slova.<\/p>\n\n\n\n<h3 class=\"wp-block-heading\" id=\"h-2-nouns\">2. Podstatn\u00e9 men\u00e1:<\/h3>\n\n\n\n<p>Obozn\u00e1menie sa s be\u017en\u00fdmi podstatn\u00fdmi menami v\u00e1m umo\u017en\u00ed <a href=\"https:\/\/talkpal.ai\/ko\/ai-%ec%96%b8%ec%96%b4-%ea%b5%90%ec%82%ac\/\">za\u010da\u0165<\/a> budova\u0165 slovn\u00fa z\u00e1sobu. Japonsk\u00e9 podstatn\u00e9 men\u00e1 nemaj\u00fa pohlavie, \u010d\u00edslo ani \u010dl\u00e1nky, \u010do zjednodu\u0161uje proces u\u010denia.<\/p>\n\n\n\n<h3 class=\"wp-block-heading\" id=\"h-3-pronouns\">3. Z\u00e1men\u00e1:<\/h3>\n\n\n\n<p>Japonsk\u00e9 z\u00e1men\u00e1 sa pou\u017e\u00edvaj\u00fa na ozna\u010denie \u013eud\u00ed a vec\u00ed. Medzi be\u017en\u00e9 z\u00e1men\u00e1 patria \u79c1 (watashi &#8211; ja), \u3042\u306a\u305f (anata &#8211; ty), \u5f7c (kare &#8211; on), \u5f7c\u5973 (kanojo &#8211; ona) a \u305d\u308c (sore &#8211; to).<\/p>\n\n\n\n<h3 class=\"wp-block-heading\" id=\"h-4-verb-conjugation\">4. \u010casovanie slovies:<\/h3>\n\n\n\n<p>Japonsk\u00e9 sloves\u00e1 maj\u00fa r\u00f4zne \u010dasovanie zalo\u017een\u00e9 na nap\u00e4t\u00ed, zdvorilosti a \u010fal\u0161\u00edch faktoroch. Osvojenie si z\u00e1kladn\u00fdch slovesn\u00fdch tvarov, ako je slovn\u00edkov\u00e1 forma, forma -masu a forma -te, v\u00e1m pom\u00f4\u017ee vyjadri\u0165 r\u00f4zne akcie a stavy.<\/p>\n\n\n\n<h3 class=\"wp-block-heading\" id=\"h-5-tenses\">5. \u010casy:<\/h3>\n\n\n\n<p><a href=\"https:\/\/talkpal.ai\/learn-japanese\/\">Japon\u010dina<\/a> m\u00e1 minul\u00fd a neminul\u00fd \u010das, pri\u010dom ten druh\u00fd sa pou\u017e\u00edva na s\u00fa\u010dasn\u00e9 a bud\u00face akcie. Pochopenie toho, ako konjugova\u0165 sloves\u00e1 v t\u00fdchto \u010dasoch, v\u00e1m pom\u00f4\u017ee presne vyjadri\u0165 \u010das.<\/p>\n\n\n\n<h3 class=\"wp-block-heading\" id=\"h-6-adjectives\">6. Pr\u00eddavn\u00e9 men\u00e1:<\/h3>\n\n\n\n<p>Japonsk\u00e9 pr\u00eddavn\u00e9 men\u00e1 s\u00fa rozdelen\u00e9 do dvoch skup\u00edn: i-pr\u00eddavn\u00e9 men\u00e1 a na-pr\u00eddavn\u00e9 men\u00e1. Nau\u010di\u0165 sa ich pravidl\u00e1 konjug\u00e1cie a ako ich pou\u017e\u00edva\u0165 vo vet\u00e1ch v\u00e1m pom\u00f4\u017ee op\u00edsa\u0165 objekty, \u013eud\u00ed a situ\u00e1cie.<\/p>\n\n\n\n<h3 class=\"wp-block-heading\" id=\"h-7-adverbs\">7. Pr\u00edslovky:<\/h3>\n\n\n\n<p>Pr\u00edslovky upravuj\u00fa sloves\u00e1, pr\u00eddavn\u00e9 men\u00e1 a in\u00e9 pr\u00edslovky a prid\u00e1vaj\u00fa nuansu do va\u0161ich viet. Medzi be\u017en\u00e9 japonsk\u00e9 pr\u00edslovky patria \u901f\u304f (hayaku &#8211; r\u00fdchlo), \u3086\u3063\u304f\u308a (yukkuri &#8211; pomaly) a \u3068\u3066\u3082 (totemo &#8211; ve\u013emi).<\/p>\n\n\n\n<h3 class=\"wp-block-heading\" id=\"h-8-prepositions\">8. Predlo\u017eky:<\/h3>\n\n\n\n<p>Japon\u010dina s\u00edce nem\u00e1 predlo\u017eky tak ako <a href=\"https:\/\/talkpal.ai\/learn-english-with-ai\/\">angli\u010dtina<\/a>, ale niektor\u00e9 \u010dastice funguj\u00fa podobne. U\u010denie sa t\u00fdchto \u010dast\u00edc a ich pou\u017eitia v\u00e1m pom\u00f4\u017ee vyjadri\u0165 priestorov\u00e9 a \u010dasov\u00e9 vz\u0165ahy.<\/p>\n\n\n\n<h3 class=\"wp-block-heading\" id=\"h-9-conjunctions\">9. Spojky:<\/h3>\n\n\n\n<p>Spojky sa pou\u017e\u00edvaj\u00fa na sp\u00e1janie slov, fr\u00e1z a viet. Medzi be\u017en\u00e9 japonsk\u00e9 spojky patria \u305d\u3057\u3066 (soshite &#8211; a), \u3057\u304b\u3057 (shikashi &#8211; v\u0161ak) a \u3060\u304b\u3089 (dakara &#8211; teda).<\/p>\n\n\n\n<h3 class=\"wp-block-heading\" id=\"h-10-sentence-structure\">10. \u0160trukt\u00fara vety:<\/h3>\n\n\n\n<p>Japon\u010dina sa riadi vetnou \u0161trukt\u00farou podmet-objekt-sloveso (SOV). Pochopenie tejto \u0161trukt\u00fary a \u010fal\u0161\u00edch vetn\u00fdch vzorov v\u00e1m pom\u00f4\u017ee vytvori\u0165 presn\u00e9 a zlo\u017eit\u00e9 vety.<\/p>\n\n\n\n<h3 class=\"wp-block-heading\" id=\"h-11-honorifics\">11. \u010cestnos\u0165:<\/h3>\n\n\n\n<p>Japon\u010dina m\u00e1 komplexn\u00fd syst\u00e9m \u010destnosti, ktor\u00fd vyjadruje zdvorilos\u0165 a re\u0161pekt. Nau\u010di\u0165 sa z\u00e1klady \u010destnej re\u010di, ako je pou\u017e\u00edvanie \u3067\u3059 (desu) a \u307e\u3059 (masu), v\u00e1m pom\u00f4\u017ee orientova\u0165 sa v soci\u00e1lnych situ\u00e1ci\u00e1ch.<\/p>\n\n\n\n<h3 class=\"wp-block-heading\" id=\"h-12-expressions\">12. V\u00fdrazy:<\/h3>\n\n\n\n<p>Obozn\u00e1menie sa s be\u017en\u00fdmi japonsk\u00fdmi v\u00fdrazmi a idi\u00f3mami v\u00e1m pom\u00f4\u017ee znie\u0165 prirodzenej\u0161ie a plynulej\u0161ie v konverz\u00e1cii.<\/p>\n\n\n\n<h3 class=\"wp-block-heading\" id=\"h-13-numbers\">13. \u010c\u00edsla:<\/h3>\n\n\n\n<p>Japon\u010dina m\u00e1 jedine\u010dn\u00fd \u010d\u00edseln\u00fd syst\u00e9m s r\u00f4znymi po\u010d\u00edtadlami pre r\u00f4zne objekty. Nau\u010di\u0165 sa po\u010d\u00edta\u0165 a pou\u017e\u00edva\u0165 \u010d\u00edsla v kontexte je nevyhnutn\u00e9 pre ka\u017edodenn\u00fa komunik\u00e1ciu.<\/p>\n\n\n\n<h3 class=\"wp-block-heading\" id=\"h-14-verbs\">14. Sloves\u00e1:<\/h3>\n\n\n\n<p>Nakoniec, roz\u0161\u00edrenie slovnej z\u00e1soby slovies v\u00e1m umo\u017en\u00ed vyjadri\u0165 \u0161irok\u00fa \u0161k\u00e1lu akci\u00ed a stavov, \u010do v\u00e1m umo\u017en\u00ed efekt\u00edvnej\u0161ie komunikova\u0165 v japon\u010dine.<\/p>\n<\/div><\/div>\n\r\n<section class=\"learnNavigationSection\">\r\n            \r\n        <a href=\"https:\/\/talkpal.ai\/sk\/naucte-sa-japonsky\/\">\r\n            <div class=\"learnNavigationWrapper\">\r\n                <div class=\"learnNavigationContent\">\r\n                    <img decoding=\"async\" src=\"https:\/\/talkpal.ai\/wp-content\/uploads\/2024\/08\/Japanese.jpg\" alt=\"Japanese Flag\">\r\n                    <div>\r\n                        <h4>O v\u00fdu\u010dbe japon\u010diny<\/h4>\r\n                        <p>Zistite v\u0161etko o japonskej gramatike.<\/p>\r\n                    <\/div>\r\n                <\/div>\r\n            <\/div>\r\n        <\/a>\r\n\r\n        \r\n        <a href=\"https:\/\/talkpal.ai\/sk\/japonska-gramatika\/\">\r\n            <div class=\"learnNavigationWrapper\">\r\n                <div class=\"learnNavigationContent\">\r\n                    <img decoding=\"async\" src=\"https:\/\/talkpal.ai\/wp-content\/uploads\/2024\/08\/Japanese.jpg\" alt=\"Japanese Flag\">\r\n                    <div>\r\n                        <h4>Lekcie japonskej gramatiky<\/h4>\r\n                        <p>Precvi\u010dte si japonsk\u00fa gramatiku.<\/p>\r\n                    <\/div>\r\n                <\/div>\r\n            <\/div>\r\n        <\/a>\r\n\r\n        \r\n        <a href=\"https:\/\/talkpal.ai\/vocabulary_language\/japanese\/\">\r\n            <div class=\"learnNavigationWrapper\">\r\n                <div class=\"learnNavigationContent\">\r\n                    <img decoding=\"async\" src=\"https:\/\/talkpal.ai\/wp-content\/uploads\/2024\/08\/Japanese.jpg\" alt=\"Japanese Flag\">\r\n                    <div>\r\n                        <h4>Japonsk\u00e1 slovn\u00e1 z\u00e1soba<\/h4>\r\n                        <p>Roz\u0161\u00edrte si japonsk\u00fa slovn\u00fa z\u00e1sobu.<\/p>\r\n                    <\/div>\r\n                <\/div>\r\n            <\/div>\r\n        <\/a>\r\n\r\n            <\/section>","protected":false},"excerpt":{"rendered":"<p>T\u00e9my japonskej gramatiky U\u010denie sa japon\u010diny m\u00f4\u017ee by\u0165 vzru\u0161uj\u00facou a obohacuj\u00facou sk\u00fasenos\u0165ou, preto\u017ee otv\u00e1ra \u00faplne nov\u00fd svet kult\u00fary, komunik\u00e1cie a osobn\u00e9ho rastu. Japonsk\u00fd jazyk m\u00e1 jedine\u010dn\u00fa \u0161trukt\u00faru a gramatick\u00fd syst\u00e9m, ktor\u00fd sa na prv\u00fd poh\u013ead m\u00f4\u017ee zda\u0165 sk\u013eu\u010duj\u00faci, ale d\u00e1 sa zvl\u00e1dnu\u0165 d\u00f4slednou praxou a dobre organizovan\u00fdm u\u010debn\u00fdm pl\u00e1nom. Aby sme v\u00e1m u\u013eah\u010dili cestu do [&hellip;]<\/p>\n","protected":false},"author":6,"featured_media":107221,"parent":0,"menu_order":0,"comment_status":"closed","ping_status":"closed","template":"LearningContentPage.php","meta":{"_acf_changed":false,"footnotes":""},"class_list":["post-134650","page","type-page","status-publish","has-post-thumbnail","hentry"],"acf":[],"yoast_head":"<!-- This site is optimized with the Yoast SEO Premium plugin v27.2 (Yoast SEO v27.2) - https:\/\/yoast.com\/product\/yoast-seo-premium-wordpress\/ -->\n<title>Japonsk\u00e9 gramatick\u00e9 cvi\u010denia - Talkpal<\/title>\n<meta name=\"description\" content=\"Zlep\u0161ite si znalosti japonskej gramatiky - osvojte si \u0161trukt\u00fary viet, precvi\u010dte si interakt\u00edvne aktivity a zlep\u0161ite plynulos\u0165\" \/>\n<meta name=\"robots\" content=\"index, follow, max-snippet:-1, max-image-preview:large, max-video-preview:-1\" \/>\n<link rel=\"canonical\" href=\"https:\/\/talkpal.ai\/sk\/japonske-gramaticke-cvicenia\/\" \/>\n<meta property=\"og:locale\" content=\"sk_SK\" \/>\n<meta property=\"og:type\" content=\"article\" \/>\n<meta property=\"og:title\" content=\"Japonsk\u00e9 gramatick\u00e9 cvi\u010denia\" \/>\n<meta property=\"og:description\" content=\"T\u00e9my japonskej gramatiky U\u010denie sa japon\u010diny m\u00f4\u017ee by\u0165 vzru\u0161uj\u00facou a obohacuj\u00facou sk\u00fasenos\u0165ou, preto\u017ee otv\u00e1ra \u00faplne nov\u00fd svet kult\u00fary, komunik\u00e1cie a\" \/>\n<meta property=\"og:url\" content=\"https:\/\/talkpal.ai\/sk\/japonske-gramaticke-cvicenia\/\" \/>\n<meta property=\"og:site_name\" content=\"Talkpal\" \/>\n<meta property=\"article:publisher\" content=\"https:\/\/www.facebook.com\/profile.php?id=100090733639311\" \/>\n<meta property=\"article:modified_time\" content=\"2025-12-17T16:55:55+00:00\" \/>\n<meta property=\"og:image\" content=\"https:\/\/talkpal.ai\/wp-content\/uploads\/2023\/04\/japan.png\" \/>\n\t<meta property=\"og:image:width\" content=\"512\" \/>\n\t<meta property=\"og:image:height\" content=\"512\" \/>\n\t<meta property=\"og:image:type\" content=\"image\/png\" \/>\n<meta name=\"twitter:card\" content=\"summary_large_image\" \/>\n<meta name=\"twitter:site\" content=\"@talkpalai\" \/>\n<meta name=\"twitter:label1\" content=\"Predpokladan\u00fd \u010das \u010d\u00edtania\" \/>\n\t<meta name=\"twitter:data1\" content=\"3 min\u00faty\" \/>\n<script type=\"application\/ld+json\" class=\"yoast-schema-graph\">{\"@context\":\"https:\/\/schema.org\",\"@graph\":[{\"@type\":\"WebPage\",\"@id\":\"https:\/\/talkpal.ai\/sk\/japonske-gramaticke-cvicenia\/\",\"url\":\"https:\/\/talkpal.ai\/sk\/japonske-gramaticke-cvicenia\/\",\"name\":\"Japonsk\u00e9 gramatick\u00e9 cvi\u010denia - Talkpal\",\"isPartOf\":{\"@id\":\"https:\/\/talkpal.ai\/sk\/#website\"},\"primaryImageOfPage\":{\"@id\":\"https:\/\/talkpal.ai\/sk\/japonske-gramaticke-cvicenia\/#primaryimage\"},\"image\":{\"@id\":\"https:\/\/talkpal.ai\/sk\/japonske-gramaticke-cvicenia\/#primaryimage\"},\"thumbnailUrl\":\"https:\/\/talkpal.ai\/wp-content\/uploads\/2023\/04\/japan.png\",\"datePublished\":\"2023-06-16T10:21:59+00:00\",\"dateModified\":\"2025-12-17T16:55:55+00:00\",\"description\":\"Zlep\u0161ite si znalosti japonskej gramatiky - osvojte si \u0161trukt\u00fary viet, precvi\u010dte si interakt\u00edvne aktivity a zlep\u0161ite plynulos\u0165\",\"breadcrumb\":{\"@id\":\"https:\/\/talkpal.ai\/sk\/japonske-gramaticke-cvicenia\/#breadcrumb\"},\"inLanguage\":\"sk-SK\",\"potentialAction\":[{\"@type\":\"ReadAction\",\"target\":[\"https:\/\/talkpal.ai\/sk\/japonske-gramaticke-cvicenia\/\"]}]},{\"@type\":\"ImageObject\",\"inLanguage\":\"sk-SK\",\"@id\":\"https:\/\/talkpal.ai\/sk\/japonske-gramaticke-cvicenia\/#primaryimage\",\"url\":\"https:\/\/talkpal.ai\/wp-content\/uploads\/2023\/04\/japan.png\",\"contentUrl\":\"https:\/\/talkpal.ai\/wp-content\/uploads\/2023\/04\/japan.png\",\"width\":512,\"height\":512},{\"@type\":\"BreadcrumbList\",\"@id\":\"https:\/\/talkpal.ai\/sk\/japonske-gramaticke-cvicenia\/#breadcrumb\",\"itemListElement\":[{\"@type\":\"ListItem\",\"position\":1,\"name\":\"Homepage\",\"item\":\"https:\/\/talkpal.ai\/sk\/\"},{\"@type\":\"ListItem\",\"position\":2,\"name\":\"Japonsk\u00e9 gramatick\u00e9 cvi\u010denia\"}]},{\"@type\":\"WebSite\",\"@id\":\"https:\/\/talkpal.ai\/sk\/#website\",\"url\":\"https:\/\/talkpal.ai\/sk\/\",\"name\":\"Talkpal\",\"description\":\"AI Language Learning\",\"publisher\":{\"@id\":\"https:\/\/talkpal.ai\/sk\/#organization\"},\"alternateName\":\"Talkpal AI\",\"potentialAction\":[{\"@type\":\"SearchAction\",\"target\":{\"@type\":\"EntryPoint\",\"urlTemplate\":\"https:\/\/talkpal.ai\/sk\/?s={search_term_string}\"},\"query-input\":{\"@type\":\"PropertyValueSpecification\",\"valueRequired\":true,\"valueName\":\"search_term_string\"}}],\"inLanguage\":\"sk-SK\"},{\"@type\":\"Organization\",\"@id\":\"https:\/\/talkpal.ai\/sk\/#organization\",\"name\":\"Talkpal, Inc.\",\"alternateName\":\"Talkpal AI\",\"url\":\"https:\/\/talkpal.ai\/sk\/\",\"logo\":{\"@type\":\"ImageObject\",\"inLanguage\":\"sk-SK\",\"@id\":\"https:\/\/talkpal.ai\/sk\/#\/schema\/logo\/image\/\",\"url\":\"https:\/\/talkpal.ai\/wp-content\/uploads\/2024\/03\/Talkpal-Logo-Icon.png\",\"contentUrl\":\"https:\/\/talkpal.ai\/wp-content\/uploads\/2024\/03\/Talkpal-Logo-Icon.png\",\"width\":2880,\"height\":2880,\"caption\":\"Talkpal, Inc.\"},\"image\":{\"@id\":\"https:\/\/talkpal.ai\/sk\/#\/schema\/logo\/image\/\"},\"sameAs\":[\"https:\/\/www.facebook.com\/profile.php?id=100090733639311\",\"https:\/\/x.com\/talkpalai\",\"https:\/\/www.linkedin.com\/company\/talkpal\/\",\"https:\/\/www.youtube.com\/@TalkPal\/\",\"https:\/\/www.tiktok.com\/@talkpal\",\"https:\/\/www.instagram.com\/talkpal_ai\/\",\"https:\/\/www.crunchbase.com\/organization\/talkpal-9cde\",\"https:\/\/www.g2.com\/products\/talkpal-for-business\/\",\"https:\/\/www.trustpilot.com\/review\/talkpal.ai\",\"https:\/\/www.capterra.com\/p\/10006800\/TalkPal\/\"],\"description\":\"Talkpal is a language learning web and mobile education app, powered by the latest AI technologies, that provides engaging experiences to its customers in many different languages to help them improve their language skills. Users can chat about unlimited amount of topics with the app and use other modes to practice their language learning.\",\"email\":\"support@talkpal.ai\",\"legalName\":\"Talkpal, Inc.\",\"foundingDate\":\"2023-04-03\",\"duns\":\"118989042\",\"numberOfEmployees\":{\"@type\":\"QuantitativeValue\",\"minValue\":\"11\",\"maxValue\":\"50\"},\"publishingPrinciples\":\"https:\/\/talkpal.ai\/publishing-principles\/\",\"actionableFeedbackPolicy\":\"https:\/\/talkpal.ai\/actionable-feedback-policy\/\",\"correctionsPolicy\":\"https:\/\/talkpal.ai\/corrections-policy\/\",\"ethicsPolicy\":\"https:\/\/talkpal.ai\/ethics-policy\/\",\"diversityPolicy\":\"https:\/\/talkpal.ai\/diversity-policy\/\",\"diversityStaffingReport\":\"https:\/\/talkpal.ai\/diversity-policy\/\"}]}<\/script>\n<!-- \/ Yoast SEO Premium plugin. -->","yoast_head_json":{"title":"Japonsk\u00e9 gramatick\u00e9 cvi\u010denia - Talkpal","description":"Zlep\u0161ite si znalosti japonskej gramatiky - osvojte si \u0161trukt\u00fary viet, precvi\u010dte si interakt\u00edvne aktivity a zlep\u0161ite plynulos\u0165","robots":{"index":"index","follow":"follow","max-snippet":"max-snippet:-1","max-image-preview":"max-image-preview:large","max-video-preview":"max-video-preview:-1"},"canonical":"https:\/\/talkpal.ai\/sk\/japonske-gramaticke-cvicenia\/","og_locale":"sk_SK","og_type":"article","og_title":"Japonsk\u00e9 gramatick\u00e9 cvi\u010denia","og_description":"T\u00e9my japonskej gramatiky U\u010denie sa japon\u010diny m\u00f4\u017ee by\u0165 vzru\u0161uj\u00facou a obohacuj\u00facou sk\u00fasenos\u0165ou, preto\u017ee otv\u00e1ra \u00faplne nov\u00fd svet kult\u00fary, komunik\u00e1cie a","og_url":"https:\/\/talkpal.ai\/sk\/japonske-gramaticke-cvicenia\/","og_site_name":"Talkpal","article_publisher":"https:\/\/www.facebook.com\/profile.php?id=100090733639311","article_modified_time":"2025-12-17T16:55:55+00:00","og_image":[{"width":512,"height":512,"url":"https:\/\/talkpal.ai\/wp-content\/uploads\/2023\/04\/japan.png","type":"image\/png"}],"twitter_card":"summary_large_image","twitter_site":"@talkpalai","twitter_misc":{"Predpokladan\u00fd \u010das \u010d\u00edtania":"3 min\u00faty"},"schema":{"@context":"https:\/\/schema.org","@graph":[{"@type":"WebPage","@id":"https:\/\/talkpal.ai\/sk\/japonske-gramaticke-cvicenia\/","url":"https:\/\/talkpal.ai\/sk\/japonske-gramaticke-cvicenia\/","name":"Japonsk\u00e9 gramatick\u00e9 cvi\u010denia - Talkpal","isPartOf":{"@id":"https:\/\/talkpal.ai\/sk\/#website"},"primaryImageOfPage":{"@id":"https:\/\/talkpal.ai\/sk\/japonske-gramaticke-cvicenia\/#primaryimage"},"image":{"@id":"https:\/\/talkpal.ai\/sk\/japonske-gramaticke-cvicenia\/#primaryimage"},"thumbnailUrl":"https:\/\/talkpal.ai\/wp-content\/uploads\/2023\/04\/japan.png","datePublished":"2023-06-16T10:21:59+00:00","dateModified":"2025-12-17T16:55:55+00:00","description":"Zlep\u0161ite si znalosti japonskej gramatiky - osvojte si \u0161trukt\u00fary viet, precvi\u010dte si interakt\u00edvne aktivity a zlep\u0161ite plynulos\u0165","breadcrumb":{"@id":"https:\/\/talkpal.ai\/sk\/japonske-gramaticke-cvicenia\/#breadcrumb"},"inLanguage":"sk-SK","potentialAction":[{"@type":"ReadAction","target":["https:\/\/talkpal.ai\/sk\/japonske-gramaticke-cvicenia\/"]}]},{"@type":"ImageObject","inLanguage":"sk-SK","@id":"https:\/\/talkpal.ai\/sk\/japonske-gramaticke-cvicenia\/#primaryimage","url":"https:\/\/talkpal.ai\/wp-content\/uploads\/2023\/04\/japan.png","contentUrl":"https:\/\/talkpal.ai\/wp-content\/uploads\/2023\/04\/japan.png","width":512,"height":512},{"@type":"BreadcrumbList","@id":"https:\/\/talkpal.ai\/sk\/japonske-gramaticke-cvicenia\/#breadcrumb","itemListElement":[{"@type":"ListItem","position":1,"name":"Homepage","item":"https:\/\/talkpal.ai\/sk\/"},{"@type":"ListItem","position":2,"name":"Japonsk\u00e9 gramatick\u00e9 cvi\u010denia"}]},{"@type":"WebSite","@id":"https:\/\/talkpal.ai\/sk\/#website","url":"https:\/\/talkpal.ai\/sk\/","name":"Talkpal","description":"AI Language Learning","publisher":{"@id":"https:\/\/talkpal.ai\/sk\/#organization"},"alternateName":"Talkpal AI","potentialAction":[{"@type":"SearchAction","target":{"@type":"EntryPoint","urlTemplate":"https:\/\/talkpal.ai\/sk\/?s={search_term_string}"},"query-input":{"@type":"PropertyValueSpecification","valueRequired":true,"valueName":"search_term_string"}}],"inLanguage":"sk-SK"},{"@type":"Organization","@id":"https:\/\/talkpal.ai\/sk\/#organization","name":"Talkpal, Inc.","alternateName":"Talkpal AI","url":"https:\/\/talkpal.ai\/sk\/","logo":{"@type":"ImageObject","inLanguage":"sk-SK","@id":"https:\/\/talkpal.ai\/sk\/#\/schema\/logo\/image\/","url":"https:\/\/talkpal.ai\/wp-content\/uploads\/2024\/03\/Talkpal-Logo-Icon.png","contentUrl":"https:\/\/talkpal.ai\/wp-content\/uploads\/2024\/03\/Talkpal-Logo-Icon.png","width":2880,"height":2880,"caption":"Talkpal, Inc."},"image":{"@id":"https:\/\/talkpal.ai\/sk\/#\/schema\/logo\/image\/"},"sameAs":["https:\/\/www.facebook.com\/profile.php?id=100090733639311","https:\/\/x.com\/talkpalai","https:\/\/www.linkedin.com\/company\/talkpal\/","https:\/\/www.youtube.com\/@TalkPal\/","https:\/\/www.tiktok.com\/@talkpal","https:\/\/www.instagram.com\/talkpal_ai\/","https:\/\/www.crunchbase.com\/organization\/talkpal-9cde","https:\/\/www.g2.com\/products\/talkpal-for-business\/","https:\/\/www.trustpilot.com\/review\/talkpal.ai","https:\/\/www.capterra.com\/p\/10006800\/TalkPal\/"],"description":"Talkpal is a language learning web and mobile education app, powered by the latest AI technologies, that provides engaging experiences to its customers in many different languages to help them improve their language skills. Users can chat about unlimited amount of topics with the app and use other modes to practice their language learning.","email":"support@talkpal.ai","legalName":"Talkpal, Inc.","foundingDate":"2023-04-03","duns":"118989042","numberOfEmployees":{"@type":"QuantitativeValue","minValue":"11","maxValue":"50"},"publishingPrinciples":"https:\/\/talkpal.ai\/publishing-principles\/","actionableFeedbackPolicy":"https:\/\/talkpal.ai\/actionable-feedback-policy\/","correctionsPolicy":"https:\/\/talkpal.ai\/corrections-policy\/","ethicsPolicy":"https:\/\/talkpal.ai\/ethics-policy\/","diversityPolicy":"https:\/\/talkpal.ai\/diversity-policy\/","diversityStaffingReport":"https:\/\/talkpal.ai\/diversity-policy\/"}]}},"_links":{"self":[{"href":"https:\/\/talkpal.ai\/sk\/wp-json\/wp\/v2\/pages\/134650","targetHints":{"allow":["GET"]}}],"collection":[{"href":"https:\/\/talkpal.ai\/sk\/wp-json\/wp\/v2\/pages"}],"about":[{"href":"https:\/\/talkpal.ai\/sk\/wp-json\/wp\/v2\/types\/page"}],"author":[{"embeddable":true,"href":"https:\/\/talkpal.ai\/sk\/wp-json\/wp\/v2\/users\/6"}],"replies":[{"embeddable":true,"href":"https:\/\/talkpal.ai\/sk\/wp-json\/wp\/v2\/comments?post=134650"}],"version-history":[{"count":0,"href":"https:\/\/talkpal.ai\/sk\/wp-json\/wp\/v2\/pages\/134650\/revisions"}],"wp:featuredmedia":[{"embeddable":true,"href":"https:\/\/talkpal.ai\/sk\/wp-json\/wp\/v2\/media\/107221"}],"wp:attachment":[{"href":"https:\/\/talkpal.ai\/sk\/wp-json\/wp\/v2\/media?parent=134650"}],"curies":[{"name":"wp","href":"https:\/\/api.w.org\/{rel}","templated":true}]}}