{"id":134307,"date":"2023-06-16T10:15:21","date_gmt":"2023-06-16T10:15:21","guid":{"rendered":"http:\/\/talkpal.ai\/hindske-gramaticke-cvicenia\/"},"modified":"2025-12-17T16:17:34","modified_gmt":"2025-12-17T16:17:34","slug":"hindske-gramaticke-cvicenia","status":"publish","type":"page","link":"https:\/\/talkpal.ai\/sk\/hindske-gramaticke-cvicenia\/","title":{"rendered":"Hindsk\u00e9 gramatick\u00e9 cvi\u010denia"},"content":{"rendered":"\r\n\r\n\r\n<section class=\"languageChallengeSection\">\r\n    <div class=\"languageInfoWrapper\">\r\n        \r\n        <h1>Hindsk\u00e9 gramatick\u00e9 cvi\u010denia<\/h1>\r\n        <p>Chcete z\u00edska\u0165 v\u00e4\u010d\u0161iu istotu v hind\u010dine? Precvi\u010dovanie gramatick\u00fdch cvi\u010den\u00ed je skvel\u00fd sp\u00f4sob, ako si osvoji\u0165 \u0161trukt\u00faru viet, slovesn\u00e9 tvary a jedine\u010dn\u00e9 vzorce hindsk\u00e9ho jazyka. Za\u010dnite pracova\u0165 na hindskej gramatike e\u0161te dnes a s ka\u017ed\u00fdm cvi\u010den\u00edm uvid\u00edte, ako rastie va\u0161e porozumenie a plynulos\u0165!\n\n<\/p>\r\n\r\n                            <a class=\"getStartedHidden\" href=\"https:\/\/app.talkpal.ai\/sk\/signup?lng=\">Za\u010dni<\/a>\r\n        \r\n    <\/div>\r\n\r\n    <figure>\r\n    <img decoding=\"async\" width=\"768\" height=\"768\" src=\"https:\/\/talkpal.ai\/wp-content\/uploads\/2023\/06\/hindi-768x768.png\" class=\"languageImage no-lazy\" alt=\"Language learning for mental agility\" fetchpriority=\"high\" sizes=\"(max-width: 768px) 150px, 768px\" srcset=\"https:\/\/talkpal.ai\/wp-content\/uploads\/2023\/06\/hindi-768x768.png 768w, https:\/\/talkpal.ai\/wp-content\/uploads\/2023\/06\/hindi-300x300.png 300w\" \/>\r\n    \r\n\r\n    <\/figure>\r\n\r\n            <a class=\"getStartedVisible\" href=\"https:\/\/app.talkpal.ai\/sk\/signup?lng=\">Za\u010dni<\/a>\r\n    \r\n<\/section>\r\n\r\n\r\n<!-- <section class=\"grammarSection\">\r\n    <div class=\"grammarLinks\">\r\n            <\/div>\r\n<\/section> -->\r\n\r\n\r\n\r\n\r\n<section class=\"promotionalBanner\">\r\n    <p class=\"promotionalText\">Najefekt\u00edvnej\u0161\u00ed sp\u00f4sob, ako sa nau\u010di\u0165 jazyk<\/p>\r\n    <a class=\"promotionalLink\" href=\"https:\/\/app.talkpal.ai\/sk\/signup?lng=\">Vysk\u00fa\u0161ajte Talkpal zadarmo<\/a>\r\n<\/section>\n<div class=\"wp-block-group pageContainerStyle\"><div class=\"wp-block-group__inner-container is-layout-constrained wp-block-group-is-layout-constrained\">\n<h2 class=\"wp-block-heading\" id=\"h-hindi-grammar-topics\">T\u00e9my hindskej gramatiky<\/h2>\n\n\n\n<p><a href=\"https:\/\/talkpal.ai\/sk\/ucenie\/\">U\u010denie sa<\/a> nov\u00e9ho jazyka m\u00f4\u017ee by\u0165 vzru\u0161uj\u00facou, ale n\u00e1ro\u010dnou sk\u00fasenos\u0165ou, najm\u00e4 pokia\u013e ide o pochopenie a zvl\u00e1dnutie jeho gramatiky. <a href=\"https:\/\/talkpal.ai\/learn-hindi\/\">Hind\u010dina<\/a>, ktor\u00e1 je jedn\u00fdm z najroz\u0161\u00edrenej\u0161\u00edch jazykov na svete, pon\u00faka jedine\u010dn\u00e9 a bohat\u00e9 jazykov\u00e9 sk\u00fasenosti. Ke\u010f sa vyd\u00e1te na cestu u\u010denia sa hind\u010diny, je nevyhnutn\u00e9 pochopi\u0165 z\u00e1kladn\u00e9 gramatick\u00e9 t\u00e9my, ktor\u00e9 polo\u017eia siln\u00fd z\u00e1klad pre va\u0161e jazykov\u00e9 zru\u010dnosti. T\u00e1to pr\u00edru\u010dka v\u00e1m predstav\u00ed k\u013e\u00fa\u010dov\u00e9 t\u00e9my hindskej gramatiky zoskupen\u00e9 do sekvencie, ktor\u00e1 u\u013eah\u010d\u00ed v\u00e1\u0161 proces u\u010denia.<\/p>\n\n\n\n<h3 class=\"wp-block-heading\" id=\"h-1-nouns\">1. Podstatn\u00e9 men\u00e1:<\/h3>\n\n\n\n<p>Za\u010dnite svoju cestu u\u010denia hind\u010diny podstatn\u00fdmi menami, preto\u017ee s\u00fa stavebn\u00fdmi kame\u0148mi ka\u017ed\u00e9ho jazyka. V hind\u010dine s\u00fa podstatn\u00e9 men\u00e1 rozdelen\u00e9 do dvoch rodov (mu\u017esk\u00e9ho a \u017eensk\u00e9ho) a m\u00f4\u017eu by\u0165 jednotn\u00e9 alebo mno\u017en\u00e9 \u010d\u00edslo. Pochopenie z\u00e1kladov hindsk\u00fdch podstatn\u00fdch mien pom\u00f4\u017ee pri vytv\u00e1ran\u00ed jednoduch\u00fdch viet a fr\u00e1z.<\/p>\n\n\n\n<h3 class=\"wp-block-heading\" id=\"h-2-pronouns\">2. Z\u00e1men\u00e1:<\/h3>\n\n\n\n<p>Z\u00e1men\u00e1 nahr\u00e1dzaj\u00fa podstatn\u00e9 men\u00e1 vo vete a pom\u00e1haj\u00fa vyhn\u00fa\u0165 sa opakovaniu. Hindsk\u00e9 z\u00e1men\u00e1 s\u00fa rozdelen\u00e9 do troch kateg\u00f3ri\u00ed &#8211; osobn\u00e9, demon\u0161trat\u00edvne a opytovacie. Zozn\u00e1mte sa s r\u00f4znymi formami z\u00e1men, aby ste zlep\u0161ili svoje komunika\u010dn\u00e9 schopnosti.<\/p>\n\n\n\n<h3 class=\"wp-block-heading\" id=\"h-3-adjectives\">3. Pr\u00eddavn\u00e9 men\u00e1:<\/h3>\n\n\n\n<p>Pr\u00eddavn\u00e9 men\u00e1 opisuj\u00fa vlastnosti podstatn\u00fdch mien a z\u00e1men. V hind\u010dine pr\u00eddavn\u00e9 men\u00e1 s\u00fahlasia s podstatn\u00fdm menom, ktor\u00e9 opisuj\u00fa v rode a \u010d\u00edsle. U\u010denie pr\u00eddavn\u00fdch mien v\u00e1m umo\u017en\u00ed vyjadri\u0165 svoje my\u0161lienky a n\u00e1zory \u017eiv\u0161ie.<\/p>\n\n\n\n<h3 class=\"wp-block-heading\" id=\"h-4-verbs\">4. Sloves\u00e1:<\/h3>\n\n\n\n<p>Sloves\u00e1 ozna\u010duj\u00fa \u010diny alebo stavy bytia. Hindsk\u00e9 sloves\u00e1 maj\u00fa tri hlavn\u00e9 \u010dasy &#8211; minul\u00fd, pr\u00edtomn\u00fd a bud\u00faci &#8211; a m\u00f4\u017eu by\u0165 indikat\u00edvne alebo subjunkt\u00edvne. Z\u00edskanie sol\u00eddneho pochopenia hindsk\u00fdch slovies a ich \u010dasovania v\u00e1m umo\u017en\u00ed presne vyjadri\u0165 akcie a udalosti.<\/p>\n\n\n\n<h3 class=\"wp-block-heading\" id=\"h-5-tenses-indicative\">5. Indikat\u00edvne \u010dasy:<\/h3>\n\n\n\n<p>Indikat\u00edvne \u010dasy v hind\u010dine vyjadruj\u00fa fakty alebo istotu a pou\u017e\u00edvaj\u00fa sa v ka\u017edodenn\u00fdch rozhovoroch. Nau\u010dte sa pravidl\u00e1 a \u010dasovanie minul\u00e9ho, s\u00fa\u010dasn\u00e9ho a bud\u00faceho indikat\u00edvneho \u010dasu, aby ste mohli komunikova\u0165 jasne a efekt\u00edvne.<\/p>\n\n\n\n<h3 class=\"wp-block-heading\" id=\"h-6-tenses-subjunctive\">6. \u010casy subjunkt\u00edvne:<\/h3>\n\n\n\n<p>Subjunkt\u00edvne \u010dasy v hind\u010dine predstavuj\u00fa akcie alebo udalosti, ktor\u00e9 s\u00fa neist\u00e9, hypotetick\u00e9 alebo v rozpore so skuto\u010dnos\u0165ou. Zvl\u00e1dnutie subjunkt\u00edvnej n\u00e1lady v\u00e1m umo\u017en\u00ed vyjadri\u0165 pochybnosti, mo\u017enosti a \u017eelania.<\/p>\n\n\n\n<h3 class=\"wp-block-heading\" id=\"h-7-tense-comparison\">7. Nap\u00e4t\u00e9 porovnanie:<\/h3>\n\n\n\n<p>Porovnanie r\u00f4znych \u010dasov v hind\u010dine v\u00e1m pom\u00f4\u017ee pochopi\u0165 vz\u0165ahy medzi akciami a udalos\u0165ami v \u010dase. Precvi\u010dujte si vytv\u00e1ranie viet pomocou r\u00f4znych \u010dasov, aby ste rozvinuli komplexn\u00e9 pochopenie \u010dasov\u00fdch vz\u0165ahov.<\/p>\n\n\n\n<h3 class=\"wp-block-heading\" id=\"h-8-adverbs\">8. Pr\u00edslovky:<\/h3>\n\n\n\n<p>Pr\u00edslovky upravuj\u00fa sloves\u00e1, pr\u00eddavn\u00e9 men\u00e1 alebo in\u00e9 pr\u00edslovky a poskytuj\u00fa \u010fal\u0161ie inform\u00e1cie o \u010dinnostiach alebo vlastnostiach. Nau\u010dte sa be\u017en\u00e9 hindsk\u00e9 pr\u00edslovky a ich umiestnenie vo vet\u00e1ch, aby ste zlep\u0161ili svoje opisn\u00e9 schopnosti.<\/p>\n\n\n\n<h3 class=\"wp-block-heading\" id=\"h-9-prepositions\">9. Predlo\u017eky:<\/h3>\n\n\n\n<p>Predlo\u017eky v hind\u010dine sp\u00e1jaj\u00fa podstatn\u00e9 men\u00e1, z\u00e1men\u00e1 alebo fr\u00e1zy s in\u00fdmi slovami vo vete. Ozna\u010duj\u00fa vz\u0165ahy ako miesto, \u010das a smer. Zozn\u00e1mte sa s hindsk\u00fdmi predlo\u017ekami a ich pou\u017eit\u00edm na vytvorenie zlo\u017eitej\u0161\u00edch viet.<\/p>\n\n\n\n<h3 class=\"wp-block-heading\" id=\"h-10-articles\">10. \u010cl\u00e1nky:<\/h3>\n\n\n\n<p>Hind\u010dina nem\u00e1 \u010dl\u00e1nky ako <a href=\"https:\/\/talkpal.ai\/learn-english-with-ai\/\">angli\u010dtina<\/a> (the, a, an), ale pou\u017e\u00edva postpoz\u00edcie na vyjadrenie podobn\u00fdch v\u00fdznamov. Pochopenie pou\u017e\u00edvania postpoz\u00edci\u00ed v hind\u010dine v\u00e1m pom\u00f4\u017ee spr\u00e1vne vyjadri\u0165 ur\u010ditos\u0165 a neur\u010ditos\u0165 vo va\u0161ich vet\u00e1ch.<\/p>\n\n\n\n<h3 class=\"wp-block-heading\" id=\"h-11-sentence-structure\">11. \u0160trukt\u00fara vety:<\/h3>\n\n\n\n<p>Nakoniec sa nau\u010dte z\u00e1kladn\u00fa vetn\u00fa \u0161trukt\u00faru v hind\u010dine, ktor\u00e1 sa riadi vzorom podmet-objekt-sloveso (SOV). Pochopenie hindskej vetnej \u0161trukt\u00fary v\u00e1m umo\u017en\u00ed komunikova\u0165 efekt\u00edvne a jasne.<\/p>\n\n\n\n<p>Dodr\u017eiavan\u00edm tejto postupnosti t\u00e9m hindskej gramatiky budete dobre vybaven\u00ed na porozumenie, hovorenie a p\u00edsanie v hind\u010dine, \u010do v\u00e1m umo\u017en\u00ed plne sa ponori\u0165 do bohatej kult\u00fary a trad\u00edci\u00ed hindsky hovoriacich regi\u00f3nov.<\/p>\n<\/div><\/div>\n\r\n<section class=\"learnNavigationSection\">\r\n            \r\n        <a href=\"https:\/\/talkpal.ai\/sk\/naucte-sa-hindcinu\/\">\r\n            <div class=\"learnNavigationWrapper\">\r\n                <div class=\"learnNavigationContent\">\r\n                    <img decoding=\"async\" src=\"https:\/\/talkpal.ai\/wp-content\/uploads\/2024\/08\/Hindi.jpg\" alt=\"Indian Flag\">\r\n                    <div>\r\n                        <h4>O u\u010den\u00ed hind\u010diny<\/h4>\r\n                        <p>Zistite v\u0161etko o hindskej gramatike.<\/p>\r\n                    <\/div>\r\n                <\/div>\r\n            <\/div>\r\n        <\/a>\r\n\r\n        \r\n        <a href=\"https:\/\/talkpal.ai\/sk\/hindska-gramatika\/\">\r\n            <div class=\"learnNavigationWrapper\">\r\n                <div class=\"learnNavigationContent\">\r\n                    <img decoding=\"async\" src=\"https:\/\/talkpal.ai\/wp-content\/uploads\/2024\/08\/Hindi.jpg\" alt=\"Indian Flag\">\r\n                    <div>\r\n                        <h4>Hindsk\u00e9 gramatick\u00e9 lekcie<\/h4>\r\n                        <p>Precvi\u010dte si hindsk\u00fa gramatiku.<\/p>\r\n                    <\/div>\r\n                <\/div>\r\n            <\/div>\r\n        <\/a>\r\n\r\n        \r\n        <a href=\"https:\/\/talkpal.ai\/vocabulary_language\/hindi\/\">\r\n            <div class=\"learnNavigationWrapper\">\r\n                <div class=\"learnNavigationContent\">\r\n                    <img decoding=\"async\" src=\"https:\/\/talkpal.ai\/wp-content\/uploads\/2024\/08\/Hindi.jpg\" alt=\"Indian Flag\">\r\n                    <div>\r\n                        <h4>Slovn\u00e1 z\u00e1soba hind\u010diny<\/h4>\r\n                        <p>Roz\u0161\u00edrte si slovn\u00fa z\u00e1sobu hind\u010diny.<\/p>\r\n                    <\/div>\r\n                <\/div>\r\n            <\/div>\r\n        <\/a>\r\n\r\n            <\/section>","protected":false},"excerpt":{"rendered":"<p>T\u00e9my hindskej gramatiky U\u010denie sa nov\u00e9ho jazyka m\u00f4\u017ee by\u0165 vzru\u0161uj\u00facou, ale n\u00e1ro\u010dnou sk\u00fasenos\u0165ou, najm\u00e4 pokia\u013e ide o pochopenie a zvl\u00e1dnutie jeho gramatiky. Hind\u010dina, ktor\u00e1 je jedn\u00fdm z najroz\u0161\u00edrenej\u0161\u00edch jazykov na svete, pon\u00faka jedine\u010dn\u00e9 a bohat\u00e9 jazykov\u00e9 sk\u00fasenosti. Ke\u010f sa vyd\u00e1te na cestu u\u010denia sa hind\u010diny, je nevyhnutn\u00e9 pochopi\u0165 z\u00e1kladn\u00e9 gramatick\u00e9 t\u00e9my, ktor\u00e9 polo\u017eia siln\u00fd z\u00e1klad [&hellip;]<\/p>\n","protected":false},"author":6,"featured_media":188230,"parent":0,"menu_order":0,"comment_status":"closed","ping_status":"closed","template":"LearningContentPage.php","meta":{"_acf_changed":false,"footnotes":""},"class_list":["post-134307","page","type-page","status-publish","has-post-thumbnail","hentry"],"acf":[],"yoast_head":"<!-- This site is optimized with the Yoast SEO Premium plugin v27.2 (Yoast SEO v27.2) - https:\/\/yoast.com\/product\/yoast-seo-premium-wordpress\/ -->\n<title>Hindsk\u00e9 gramatick\u00e9 cvi\u010denia - Talkpal<\/title>\n<meta name=\"description\" content=\"Jednoduch\u00e9 precvi\u010dovanie hindskej gramatiky - vysk\u00fa\u0161ajte interakt\u00edvne cvi\u010denia na zlep\u0161enie va\u0161ich zru\u010dnost\u00ed a u\u010dte sa r\u00fdchlej\u0161ie Talkpal AI.\" \/>\n<meta name=\"robots\" content=\"index, follow, max-snippet:-1, max-image-preview:large, max-video-preview:-1\" \/>\n<link rel=\"canonical\" href=\"https:\/\/talkpal.ai\/sk\/hindske-gramaticke-cvicenia\/\" \/>\n<meta property=\"og:locale\" content=\"sk_SK\" \/>\n<meta property=\"og:type\" content=\"article\" \/>\n<meta property=\"og:title\" content=\"Hindsk\u00e9 gramatick\u00e9 cvi\u010denia\" \/>\n<meta property=\"og:description\" content=\"T\u00e9my hindskej gramatiky U\u010denie sa nov\u00e9ho jazyka m\u00f4\u017ee by\u0165 vzru\u0161uj\u00facou, ale n\u00e1ro\u010dnou sk\u00fasenos\u0165ou, najm\u00e4 pokia\u013e ide o pochopenie a zvl\u00e1dnutie jeho gramatiky.\" \/>\n<meta property=\"og:url\" content=\"https:\/\/talkpal.ai\/sk\/hindske-gramaticke-cvicenia\/\" \/>\n<meta property=\"og:site_name\" content=\"Talkpal\" \/>\n<meta property=\"article:publisher\" content=\"https:\/\/www.facebook.com\/profile.php?id=100090733639311\" \/>\n<meta property=\"article:modified_time\" content=\"2025-12-17T16:17:34+00:00\" \/>\n<meta property=\"og:image\" content=\"https:\/\/talkpal.ai\/wp-content\/uploads\/2024\/02\/india.png\" \/>\n\t<meta property=\"og:image:width\" content=\"517\" \/>\n\t<meta property=\"og:image:height\" content=\"517\" \/>\n\t<meta property=\"og:image:type\" content=\"image\/png\" \/>\n<meta name=\"twitter:card\" content=\"summary_large_image\" \/>\n<meta name=\"twitter:site\" content=\"@talkpalai\" \/>\n<meta name=\"twitter:label1\" content=\"Predpokladan\u00fd \u010das \u010d\u00edtania\" \/>\n\t<meta name=\"twitter:data1\" content=\"3 min\u00faty\" \/>\n<script type=\"application\/ld+json\" class=\"yoast-schema-graph\">{\"@context\":\"https:\/\/schema.org\",\"@graph\":[{\"@type\":\"WebPage\",\"@id\":\"https:\/\/talkpal.ai\/sk\/hindske-gramaticke-cvicenia\/\",\"url\":\"https:\/\/talkpal.ai\/sk\/hindske-gramaticke-cvicenia\/\",\"name\":\"Hindsk\u00e9 gramatick\u00e9 cvi\u010denia - Talkpal\",\"isPartOf\":{\"@id\":\"https:\/\/talkpal.ai\/sk\/#website\"},\"primaryImageOfPage\":{\"@id\":\"https:\/\/talkpal.ai\/sk\/hindske-gramaticke-cvicenia\/#primaryimage\"},\"image\":{\"@id\":\"https:\/\/talkpal.ai\/sk\/hindske-gramaticke-cvicenia\/#primaryimage\"},\"thumbnailUrl\":\"https:\/\/talkpal.ai\/wp-content\/uploads\/2024\/02\/india.png\",\"datePublished\":\"2023-06-16T10:15:21+00:00\",\"dateModified\":\"2025-12-17T16:17:34+00:00\",\"description\":\"Jednoduch\u00e9 precvi\u010dovanie hindskej gramatiky - vysk\u00fa\u0161ajte interakt\u00edvne cvi\u010denia na zlep\u0161enie va\u0161ich zru\u010dnost\u00ed a u\u010dte sa r\u00fdchlej\u0161ie Talkpal AI.\",\"breadcrumb\":{\"@id\":\"https:\/\/talkpal.ai\/sk\/hindske-gramaticke-cvicenia\/#breadcrumb\"},\"inLanguage\":\"sk-SK\",\"potentialAction\":[{\"@type\":\"ReadAction\",\"target\":[\"https:\/\/talkpal.ai\/sk\/hindske-gramaticke-cvicenia\/\"]}]},{\"@type\":\"ImageObject\",\"inLanguage\":\"sk-SK\",\"@id\":\"https:\/\/talkpal.ai\/sk\/hindske-gramaticke-cvicenia\/#primaryimage\",\"url\":\"https:\/\/talkpal.ai\/wp-content\/uploads\/2024\/02\/india.png\",\"contentUrl\":\"https:\/\/talkpal.ai\/wp-content\/uploads\/2024\/02\/india.png\",\"width\":517,\"height\":517,\"caption\":\"TalkPal Indian Flag\"},{\"@type\":\"BreadcrumbList\",\"@id\":\"https:\/\/talkpal.ai\/sk\/hindske-gramaticke-cvicenia\/#breadcrumb\",\"itemListElement\":[{\"@type\":\"ListItem\",\"position\":1,\"name\":\"Homepage\",\"item\":\"https:\/\/talkpal.ai\/sk\/\"},{\"@type\":\"ListItem\",\"position\":2,\"name\":\"Hindsk\u00e9 gramatick\u00e9 cvi\u010denia\"}]},{\"@type\":\"WebSite\",\"@id\":\"https:\/\/talkpal.ai\/sk\/#website\",\"url\":\"https:\/\/talkpal.ai\/sk\/\",\"name\":\"Talkpal\",\"description\":\"AI Language Learning\",\"publisher\":{\"@id\":\"https:\/\/talkpal.ai\/sk\/#organization\"},\"alternateName\":\"Talkpal AI\",\"potentialAction\":[{\"@type\":\"SearchAction\",\"target\":{\"@type\":\"EntryPoint\",\"urlTemplate\":\"https:\/\/talkpal.ai\/sk\/?s={search_term_string}\"},\"query-input\":{\"@type\":\"PropertyValueSpecification\",\"valueRequired\":true,\"valueName\":\"search_term_string\"}}],\"inLanguage\":\"sk-SK\"},{\"@type\":\"Organization\",\"@id\":\"https:\/\/talkpal.ai\/sk\/#organization\",\"name\":\"Talkpal, Inc.\",\"alternateName\":\"Talkpal AI\",\"url\":\"https:\/\/talkpal.ai\/sk\/\",\"logo\":{\"@type\":\"ImageObject\",\"inLanguage\":\"sk-SK\",\"@id\":\"https:\/\/talkpal.ai\/sk\/#\/schema\/logo\/image\/\",\"url\":\"https:\/\/talkpal.ai\/wp-content\/uploads\/2024\/03\/Talkpal-Logo-Icon.png\",\"contentUrl\":\"https:\/\/talkpal.ai\/wp-content\/uploads\/2024\/03\/Talkpal-Logo-Icon.png\",\"width\":2880,\"height\":2880,\"caption\":\"Talkpal, Inc.\"},\"image\":{\"@id\":\"https:\/\/talkpal.ai\/sk\/#\/schema\/logo\/image\/\"},\"sameAs\":[\"https:\/\/www.facebook.com\/profile.php?id=100090733639311\",\"https:\/\/x.com\/talkpalai\",\"https:\/\/www.linkedin.com\/company\/talkpal\/\",\"https:\/\/www.youtube.com\/@TalkPal\/\",\"https:\/\/www.tiktok.com\/@talkpal\",\"https:\/\/www.instagram.com\/talkpal_ai\/\",\"https:\/\/www.crunchbase.com\/organization\/talkpal-9cde\",\"https:\/\/www.g2.com\/products\/talkpal-for-business\/\",\"https:\/\/www.trustpilot.com\/review\/talkpal.ai\",\"https:\/\/www.capterra.com\/p\/10006800\/TalkPal\/\"],\"description\":\"Talkpal is a language learning web and mobile education app, powered by the latest AI technologies, that provides engaging experiences to its customers in many different languages to help them improve their language skills. Users can chat about unlimited amount of topics with the app and use other modes to practice their language learning.\",\"email\":\"support@talkpal.ai\",\"legalName\":\"Talkpal, Inc.\",\"foundingDate\":\"2023-04-03\",\"duns\":\"118989042\",\"numberOfEmployees\":{\"@type\":\"QuantitativeValue\",\"minValue\":\"11\",\"maxValue\":\"50\"},\"publishingPrinciples\":\"https:\/\/talkpal.ai\/publishing-principles\/\",\"actionableFeedbackPolicy\":\"https:\/\/talkpal.ai\/actionable-feedback-policy\/\",\"correctionsPolicy\":\"https:\/\/talkpal.ai\/corrections-policy\/\",\"ethicsPolicy\":\"https:\/\/talkpal.ai\/ethics-policy\/\",\"diversityPolicy\":\"https:\/\/talkpal.ai\/diversity-policy\/\",\"diversityStaffingReport\":\"https:\/\/talkpal.ai\/diversity-policy\/\"}]}<\/script>\n<!-- \/ Yoast SEO Premium plugin. -->","yoast_head_json":{"title":"Hindsk\u00e9 gramatick\u00e9 cvi\u010denia - Talkpal","description":"Jednoduch\u00e9 precvi\u010dovanie hindskej gramatiky - vysk\u00fa\u0161ajte interakt\u00edvne cvi\u010denia na zlep\u0161enie va\u0161ich zru\u010dnost\u00ed a u\u010dte sa r\u00fdchlej\u0161ie Talkpal AI.","robots":{"index":"index","follow":"follow","max-snippet":"max-snippet:-1","max-image-preview":"max-image-preview:large","max-video-preview":"max-video-preview:-1"},"canonical":"https:\/\/talkpal.ai\/sk\/hindske-gramaticke-cvicenia\/","og_locale":"sk_SK","og_type":"article","og_title":"Hindsk\u00e9 gramatick\u00e9 cvi\u010denia","og_description":"T\u00e9my hindskej gramatiky U\u010denie sa nov\u00e9ho jazyka m\u00f4\u017ee by\u0165 vzru\u0161uj\u00facou, ale n\u00e1ro\u010dnou sk\u00fasenos\u0165ou, najm\u00e4 pokia\u013e ide o pochopenie a zvl\u00e1dnutie jeho gramatiky.","og_url":"https:\/\/talkpal.ai\/sk\/hindske-gramaticke-cvicenia\/","og_site_name":"Talkpal","article_publisher":"https:\/\/www.facebook.com\/profile.php?id=100090733639311","article_modified_time":"2025-12-17T16:17:34+00:00","og_image":[{"width":517,"height":517,"url":"https:\/\/talkpal.ai\/wp-content\/uploads\/2024\/02\/india.png","type":"image\/png"}],"twitter_card":"summary_large_image","twitter_site":"@talkpalai","twitter_misc":{"Predpokladan\u00fd \u010das \u010d\u00edtania":"3 min\u00faty"},"schema":{"@context":"https:\/\/schema.org","@graph":[{"@type":"WebPage","@id":"https:\/\/talkpal.ai\/sk\/hindske-gramaticke-cvicenia\/","url":"https:\/\/talkpal.ai\/sk\/hindske-gramaticke-cvicenia\/","name":"Hindsk\u00e9 gramatick\u00e9 cvi\u010denia - Talkpal","isPartOf":{"@id":"https:\/\/talkpal.ai\/sk\/#website"},"primaryImageOfPage":{"@id":"https:\/\/talkpal.ai\/sk\/hindske-gramaticke-cvicenia\/#primaryimage"},"image":{"@id":"https:\/\/talkpal.ai\/sk\/hindske-gramaticke-cvicenia\/#primaryimage"},"thumbnailUrl":"https:\/\/talkpal.ai\/wp-content\/uploads\/2024\/02\/india.png","datePublished":"2023-06-16T10:15:21+00:00","dateModified":"2025-12-17T16:17:34+00:00","description":"Jednoduch\u00e9 precvi\u010dovanie hindskej gramatiky - vysk\u00fa\u0161ajte interakt\u00edvne cvi\u010denia na zlep\u0161enie va\u0161ich zru\u010dnost\u00ed a u\u010dte sa r\u00fdchlej\u0161ie Talkpal AI.","breadcrumb":{"@id":"https:\/\/talkpal.ai\/sk\/hindske-gramaticke-cvicenia\/#breadcrumb"},"inLanguage":"sk-SK","potentialAction":[{"@type":"ReadAction","target":["https:\/\/talkpal.ai\/sk\/hindske-gramaticke-cvicenia\/"]}]},{"@type":"ImageObject","inLanguage":"sk-SK","@id":"https:\/\/talkpal.ai\/sk\/hindske-gramaticke-cvicenia\/#primaryimage","url":"https:\/\/talkpal.ai\/wp-content\/uploads\/2024\/02\/india.png","contentUrl":"https:\/\/talkpal.ai\/wp-content\/uploads\/2024\/02\/india.png","width":517,"height":517,"caption":"TalkPal Indian Flag"},{"@type":"BreadcrumbList","@id":"https:\/\/talkpal.ai\/sk\/hindske-gramaticke-cvicenia\/#breadcrumb","itemListElement":[{"@type":"ListItem","position":1,"name":"Homepage","item":"https:\/\/talkpal.ai\/sk\/"},{"@type":"ListItem","position":2,"name":"Hindsk\u00e9 gramatick\u00e9 cvi\u010denia"}]},{"@type":"WebSite","@id":"https:\/\/talkpal.ai\/sk\/#website","url":"https:\/\/talkpal.ai\/sk\/","name":"Talkpal","description":"AI Language Learning","publisher":{"@id":"https:\/\/talkpal.ai\/sk\/#organization"},"alternateName":"Talkpal AI","potentialAction":[{"@type":"SearchAction","target":{"@type":"EntryPoint","urlTemplate":"https:\/\/talkpal.ai\/sk\/?s={search_term_string}"},"query-input":{"@type":"PropertyValueSpecification","valueRequired":true,"valueName":"search_term_string"}}],"inLanguage":"sk-SK"},{"@type":"Organization","@id":"https:\/\/talkpal.ai\/sk\/#organization","name":"Talkpal, Inc.","alternateName":"Talkpal AI","url":"https:\/\/talkpal.ai\/sk\/","logo":{"@type":"ImageObject","inLanguage":"sk-SK","@id":"https:\/\/talkpal.ai\/sk\/#\/schema\/logo\/image\/","url":"https:\/\/talkpal.ai\/wp-content\/uploads\/2024\/03\/Talkpal-Logo-Icon.png","contentUrl":"https:\/\/talkpal.ai\/wp-content\/uploads\/2024\/03\/Talkpal-Logo-Icon.png","width":2880,"height":2880,"caption":"Talkpal, Inc."},"image":{"@id":"https:\/\/talkpal.ai\/sk\/#\/schema\/logo\/image\/"},"sameAs":["https:\/\/www.facebook.com\/profile.php?id=100090733639311","https:\/\/x.com\/talkpalai","https:\/\/www.linkedin.com\/company\/talkpal\/","https:\/\/www.youtube.com\/@TalkPal\/","https:\/\/www.tiktok.com\/@talkpal","https:\/\/www.instagram.com\/talkpal_ai\/","https:\/\/www.crunchbase.com\/organization\/talkpal-9cde","https:\/\/www.g2.com\/products\/talkpal-for-business\/","https:\/\/www.trustpilot.com\/review\/talkpal.ai","https:\/\/www.capterra.com\/p\/10006800\/TalkPal\/"],"description":"Talkpal is a language learning web and mobile education app, powered by the latest AI technologies, that provides engaging experiences to its customers in many different languages to help them improve their language skills. Users can chat about unlimited amount of topics with the app and use other modes to practice their language learning.","email":"support@talkpal.ai","legalName":"Talkpal, Inc.","foundingDate":"2023-04-03","duns":"118989042","numberOfEmployees":{"@type":"QuantitativeValue","minValue":"11","maxValue":"50"},"publishingPrinciples":"https:\/\/talkpal.ai\/publishing-principles\/","actionableFeedbackPolicy":"https:\/\/talkpal.ai\/actionable-feedback-policy\/","correctionsPolicy":"https:\/\/talkpal.ai\/corrections-policy\/","ethicsPolicy":"https:\/\/talkpal.ai\/ethics-policy\/","diversityPolicy":"https:\/\/talkpal.ai\/diversity-policy\/","diversityStaffingReport":"https:\/\/talkpal.ai\/diversity-policy\/"}]}},"_links":{"self":[{"href":"https:\/\/talkpal.ai\/sk\/wp-json\/wp\/v2\/pages\/134307","targetHints":{"allow":["GET"]}}],"collection":[{"href":"https:\/\/talkpal.ai\/sk\/wp-json\/wp\/v2\/pages"}],"about":[{"href":"https:\/\/talkpal.ai\/sk\/wp-json\/wp\/v2\/types\/page"}],"author":[{"embeddable":true,"href":"https:\/\/talkpal.ai\/sk\/wp-json\/wp\/v2\/users\/6"}],"replies":[{"embeddable":true,"href":"https:\/\/talkpal.ai\/sk\/wp-json\/wp\/v2\/comments?post=134307"}],"version-history":[{"count":0,"href":"https:\/\/talkpal.ai\/sk\/wp-json\/wp\/v2\/pages\/134307\/revisions"}],"wp:featuredmedia":[{"embeddable":true,"href":"https:\/\/talkpal.ai\/sk\/wp-json\/wp\/v2\/media\/188230"}],"wp:attachment":[{"href":"https:\/\/talkpal.ai\/sk\/wp-json\/wp\/v2\/media?parent=134307"}],"curies":[{"name":"wp","href":"https:\/\/api.w.org\/{rel}","templated":true}]}}