{"id":134066,"date":"2023-06-16T10:07:13","date_gmt":"2023-06-16T10:07:13","guid":{"rendered":"http:\/\/talkpal.ai\/finske-gramaticke-cvicenia\/"},"modified":"2025-12-17T15:32:01","modified_gmt":"2025-12-17T15:32:01","slug":"finske-gramaticke-cvicenia","status":"publish","type":"page","link":"https:\/\/talkpal.ai\/sk\/finske-gramaticke-cvicenia\/","title":{"rendered":"F\u00ednske gramatick\u00e9 cvi\u010denia"},"content":{"rendered":"\r\n\r\n\r\n<section class=\"languageChallengeSection\">\r\n    <div class=\"languageInfoWrapper\">\r\n        \r\n        <h1>F\u00ednske gramatick\u00e9 cvi\u010denia<\/h1>\r\n        <p>Ste pripraven\u00ed zvl\u00e1dnu\u0165 jedine\u010dn\u00fa \u0161trukt\u00faru f\u00edn\u010diny? Precvi\u010dovanie gramatick\u00fdch cvi\u010den\u00ed je skvel\u00fd sp\u00f4sob, ako si osvoji\u0165 koncovky slov, p\u00e1dy a vzory viet, ktor\u00e9 robia f\u00edn\u010dinu v\u00fdnimo\u010dnou. Ponorte sa do f\u00ednskej gramatiky e\u0161te dnes a s ka\u017ed\u00fdm cvi\u010den\u00edm uvid\u00edte, ako va\u0161e zru\u010dnosti a sebad\u00f4vera rast\u00fa!<\/p>\r\n\r\n                            <a class=\"getStartedHidden\" href=\"https:\/\/app.talkpal.ai\/sk\/signup?lng=\">Za\u010dni<\/a>\r\n        \r\n    <\/div>\r\n\r\n    <figure>\r\n    <img decoding=\"async\" width=\"768\" height=\"768\" src=\"https:\/\/talkpal.ai\/wp-content\/uploads\/2023\/06\/Finnish-768x768.png\" class=\"languageImage no-lazy\" alt=\"Develop your language aptitude learning\" fetchpriority=\"high\" sizes=\"(max-width: 768px) 150px, 768px\" srcset=\"https:\/\/talkpal.ai\/wp-content\/uploads\/2023\/06\/Finnish-768x768.png 768w, https:\/\/talkpal.ai\/wp-content\/uploads\/2023\/06\/Finnish-300x300.png 300w\" \/>\r\n    \r\n\r\n    <\/figure>\r\n\r\n            <a class=\"getStartedVisible\" href=\"https:\/\/app.talkpal.ai\/sk\/signup?lng=\">Za\u010dni<\/a>\r\n    \r\n<\/section>\r\n\r\n\r\n<!-- <section class=\"grammarSection\">\r\n    <div class=\"grammarLinks\">\r\n            <\/div>\r\n<\/section> -->\r\n\r\n\r\n\r\n\r\n<section class=\"promotionalBanner\">\r\n    <p class=\"promotionalText\">Najefekt\u00edvnej\u0161\u00ed sp\u00f4sob, ako sa nau\u010di\u0165 jazyk<\/p>\r\n    <a class=\"promotionalLink\" href=\"https:\/\/app.talkpal.ai\/sk\/signup?lng=\">Vysk\u00fa\u0161ajte Talkpal zadarmo<\/a>\r\n<\/section>\n<div class=\"wp-block-group pageContainerStyle\"><div class=\"wp-block-group__inner-container is-layout-constrained wp-block-group-is-layout-constrained\">\n<h2 class=\"wp-block-heading\" id=\"h-finnish-grammar-topics\">F\u00ednske gramatick\u00e9 t\u00e9my<\/h2>\n\n\n\n<p><a href=\"https:\/\/talkpal.ai\/sk\/ucenie\/\">U\u010denie sa<\/a> f\u00edn\u010diny m\u00f4\u017ee by\u0165 pre jazykov\u00fdch nad\u0161encov obohacuj\u00facou sk\u00fasenos\u0165ou, preto\u017ee je to jedine\u010dn\u00fd a fascinuj\u00faci jazyk s bohatou kult\u00farnou hist\u00f3riou. <a href=\"https:\/\/talkpal.ai\/finnish-grammar\/\">F\u00ednska gramatika<\/a> sa m\u00f4\u017ee na prv\u00fd poh\u013ead zda\u0165 n\u00e1ro\u010dn\u00e1, ale so systematick\u00fdm pr\u00edstupom a zameran\u00edm sa na z\u00e1kladn\u00e9 t\u00e9my m\u00f4\u017eete dosiahnu\u0165 stabiln\u00fd pokrok a nakoniec plynule hovori\u0165 t\u00fdmto kr\u00e1snym jazykom. V tejto pr\u00edru\u010dke budeme diskutova\u0165 o t\u00e9mach f\u00ednskej gramatiky v porad\u00ed, ktor\u00e9 v\u00e1m pom\u00f4\u017ee <a href=\"https:\/\/talkpal.ai\/sk\/ako-sa-naucit-jazyk-rychlo-a-efektivne-tipy-ktore-funguju\/\">nau\u010di\u0165 sa jazyk<\/a> efekt\u00edvne, pokr\u00fdvaj\u00fac \u010dasy, sloves\u00e1, podstatn\u00e9 men\u00e1, \u010dl\u00e1nky, pr\u00eddavn\u00e9 men\u00e1, pr\u00edslovky, postpoz\u00edcie a \u0161trukt\u00faru viet.<\/p>\n\n\n\n<h3 class=\"wp-block-heading\" id=\"h-1-nouns\">1. Podstatn\u00e9 men\u00e1:<\/h3>\n\n\n\n<p>Za\u010dnite u\u010den\u00edm sa f\u00ednskych podstatn\u00fdch mien, preto\u017ee tvoria z\u00e1klad pre kon\u0161trukciu viet. F\u00ednske podstatn\u00e9 men\u00e1 maj\u00fa 15 p\u00e1dov, ktor\u00e9 s\u00fa nevyhnutn\u00e9 na pochopenie \u0161trukt\u00fary jazyka. Zozn\u00e1mte sa s r\u00f4znymi pr\u00edpadmi podstatn\u00fdch mien a ich \u00falohami vo vete.<\/p>\n\n\n\n<h3 class=\"wp-block-heading\" id=\"h-2-articles\">2. \u010cl\u00e1nky:<\/h3>\n\n\n\n<p><a href=\"https:\/\/talkpal.ai\/learn-finnish\/\">F\u00edn\u010dina<\/a> nem\u00e1 \u010dleny ako &#8222;the&#8220; alebo &#8222;a&#8220; v angli\u010dtine, \u010do \u0161tudentom u\u013eah\u010duje u\u010denie. Namiesto toho je v\u00fdznam podstatn\u00e9ho mena ur\u010den\u00fd kontextom a koncovkami p\u00e1dov.<\/p>\n\n\n\n<h3 class=\"wp-block-heading\" id=\"h-3-adjectives\">3. Pr\u00eddavn\u00e9 men\u00e1:<\/h3>\n\n\n\n<p>Pr\u00eddavn\u00e9 men\u00e1 opisuj\u00fa podstatn\u00e9 men\u00e1 a s\u00fahlasia s nimi v p\u00e1de a \u010d\u00edsle. Nau\u010dte sa tvori\u0165 a pou\u017e\u00edva\u0165 pr\u00eddavn\u00e9 men\u00e1, aby boli va\u0161e vety opisnej\u0161ie a expres\u00edvnej\u0161ie.<\/p>\n\n\n\n<h3 class=\"wp-block-heading\" id=\"h-4-verbs\">4. Sloves\u00e1:<\/h3>\n\n\n\n<p>F\u00ednske sloves\u00e1 s\u00fa rozhoduj\u00face pre vyjadrenie akci\u00ed a \u0161t\u00e1tov. Zozn\u00e1mte sa so z\u00e1kladn\u00fdmi \u010dasovac\u00edmi vzormi slovies a najbe\u017enej\u0161\u00edmi nepravideln\u00fdmi slovesami.<\/p>\n\n\n\n<h3 class=\"wp-block-heading\" id=\"h-5-tenses-indicative\">5. Indikat\u00edvne \u010dasy:<\/h3>\n\n\n\n<p>Pochopte indikat\u00edvnu n\u00e1ladu, ktor\u00e1 sa pou\u017e\u00edva na vyjadrenie vyhl\u00e1sen\u00ed, faktov a n\u00e1zorov. F\u00edn\u010dina m\u00e1 \u0161tyri hlavn\u00e9 \u010dasy indikat\u00edvnej n\u00e1lady: pr\u00edtomn\u00fd, minul\u00fd (nedokonal\u00fd), dokonal\u00fd a pludokonal\u00fd. Nau\u010dte sa, ako spr\u00e1vne vytv\u00e1ra\u0165 a pou\u017e\u00edva\u0165 tieto \u010dasy.<\/p>\n\n\n\n<h3 class=\"wp-block-heading\" id=\"h-6-tenses-potential\">6. Potenci\u00e1l nap\u00e4tia:<\/h3>\n\n\n\n<p>Potenci\u00e1lna n\u00e1lada sa pou\u017e\u00edva na vyjadrenie mo\u017enosti, pravdepodobnosti alebo pochybnost\u00ed. M\u00e1 dva \u010dasy: s\u00fa\u010dasn\u00fd potenci\u00e1l a minul\u00fd potenci\u00e1l. Nau\u010dte sa, ako tvori\u0165 a pou\u017e\u00edva\u0165 tieto \u010dasy na pridanie nuansy do va\u0161ich viet.<\/p>\n\n\n\n<h3 class=\"wp-block-heading\" id=\"h-7-tenses-imperative\">7. Naliehav\u00fd \u010das:<\/h3>\n\n\n\n<p>Imperat\u00edvna n\u00e1lada sa pou\u017e\u00edva na vyd\u00e1vanie pr\u00edkazov a po\u017eiadaviek. Nau\u010dte sa, ako vytvori\u0165 imperat\u00edv vo f\u00edn\u010dine a vhodne ho pou\u017e\u00edva\u0165 v r\u00f4znych situ\u00e1ci\u00e1ch.<\/p>\n\n\n\n<h3 class=\"wp-block-heading\" id=\"h-8-tense-comparison\">8. Nap\u00e4t\u00e9 porovnanie:<\/h3>\n\n\n\n<p>Pochopte, ako porovna\u0165 r\u00f4zne \u010dasy a n\u00e1lady vo f\u00edn\u010dine. T\u00e1to zru\u010dnos\u0165 v\u00e1m umo\u017en\u00ed vyjadri\u0165 zlo\u017eit\u00e9 my\u0161lienky a vz\u0165ahy medzi udalos\u0165ami.<\/p>\n\n\n\n<h3 class=\"wp-block-heading\" id=\"h-9-adverbs\">9. Pr\u00edslovky:<\/h3>\n\n\n\n<p>Pr\u00edslovky upravuj\u00fa sloves\u00e1, pr\u00eddavn\u00e9 men\u00e1 alebo in\u00e9 pr\u00edslovky a poskytuj\u00fa \u010fal\u0161ie inform\u00e1cie o \u010dinnostiach alebo vlastnostiach. Nau\u010dte sa r\u00f4zne typy pr\u00edsloviek a ako ich efekt\u00edvne pou\u017e\u00edva\u0165 vo svojich vet\u00e1ch.<\/p>\n\n\n\n<h3 class=\"wp-block-heading\" id=\"h-10-postpositions\">10. Pracovn\u00e9 miesta:<\/h3>\n\n\n\n<p>F\u00edn\u010dina pou\u017e\u00edva postpoz\u00edcie namiesto predlo\u017eiek na ozna\u010denie vz\u0165ahov medzi slovami. Nau\u010dte sa najbe\u017enej\u0161ie postpoz\u00edcie a ako funguj\u00fa vo vete.<\/p>\n\n\n\n<h3 class=\"wp-block-heading\" id=\"h-11-sentence-structure\">11. \u0160trukt\u00fara vety:<\/h3>\n\n\n\n<p>Nakoniec si pre\u0161tudujte z\u00e1kladn\u00fa vetn\u00fa \u0161trukt\u00faru f\u00edn\u010diny, ktor\u00e1 sleduje vzor subjekt-sloveso-objekt (SVO). Nau\u010dte sa, ako vytv\u00e1ra\u0165 jednoduch\u00e9 a zlo\u017eit\u00e9 vety pomocou gramatick\u00fdch t\u00e9m, ktor\u00e9 ste sa nau\u010dili, a precvi\u010dte si ich kombinovanie, aby ste presne a plynule vyjadrili svoje my\u0161lienky.<\/p>\n<\/div><\/div>\n\r\n<section class=\"learnNavigationSection\">\r\n            \r\n        <a href=\"https:\/\/talkpal.ai\/sk\/naucte-sa-finsky\/\">\r\n            <div class=\"learnNavigationWrapper\">\r\n                <div class=\"learnNavigationContent\">\r\n                    <img decoding=\"async\" src=\"https:\/\/talkpal.ai\/wp-content\/uploads\/2024\/08\/Finnish.jpg\" alt=\"Finnish Flag\">\r\n                    <div>\r\n                        <h4>O f\u00ednskom vzdel\u00e1van\u00ed<\/h4>\r\n                        <p>Zistite v\u0161etko o f\u00ednskej gramatike.<\/p>\r\n                    <\/div>\r\n                <\/div>\r\n            <\/div>\r\n        <\/a>\r\n\r\n        \r\n        <a href=\"https:\/\/talkpal.ai\/sk\/finska-gramatika\/\">\r\n            <div class=\"learnNavigationWrapper\">\r\n                <div class=\"learnNavigationContent\">\r\n                    <img decoding=\"async\" src=\"https:\/\/talkpal.ai\/wp-content\/uploads\/2024\/08\/Finnish.jpg\" alt=\"Finnish Flag\">\r\n                    <div>\r\n                        <h4>Lekcie f\u00ednskej gramatiky<\/h4>\r\n                        <p>Precvi\u010dte si f\u00ednsku gramatiku.<\/p>\r\n                    <\/div>\r\n                <\/div>\r\n            <\/div>\r\n        <\/a>\r\n\r\n        \r\n        <a href=\"https:\/\/talkpal.ai\/vocabulary_language\/finnish\/\">\r\n            <div class=\"learnNavigationWrapper\">\r\n                <div class=\"learnNavigationContent\">\r\n                    <img decoding=\"async\" src=\"https:\/\/talkpal.ai\/wp-content\/uploads\/2024\/08\/Finnish.jpg\" alt=\"Finnish Flag\">\r\n                    <div>\r\n                        <h4>F\u00ednska slovn\u00e1 z\u00e1soba<\/h4>\r\n                        <p>Roz\u0161\u00edrte si f\u00ednsku slovn\u00fa z\u00e1sobu.<\/p>\r\n                    <\/div>\r\n                <\/div>\r\n            <\/div>\r\n        <\/a>\r\n\r\n            <\/section>\n<p><\/p>\n","protected":false},"excerpt":{"rendered":"<p>F\u00ednske gramatick\u00e9 t\u00e9my U\u010denie sa f\u00edn\u010diny m\u00f4\u017ee by\u0165 pre jazykov\u00fdch nad\u0161encov obohacuj\u00facou sk\u00fasenos\u0165ou, preto\u017ee je to jedine\u010dn\u00fd a fascinuj\u00faci jazyk s bohatou kult\u00farnou hist\u00f3riou. F\u00ednska gramatika sa m\u00f4\u017ee na prv\u00fd poh\u013ead zda\u0165 n\u00e1ro\u010dn\u00e1, ale so systematick\u00fdm pr\u00edstupom a zameran\u00edm sa na z\u00e1kladn\u00e9 t\u00e9my m\u00f4\u017eete dosiahnu\u0165 stabiln\u00fd pokrok a nakoniec plynule hovori\u0165 t\u00fdmto kr\u00e1snym jazykom. V [&hellip;]<\/p>\n","protected":false},"author":6,"featured_media":106624,"parent":0,"menu_order":0,"comment_status":"closed","ping_status":"closed","template":"LearningContentPage.php","meta":{"_acf_changed":false,"footnotes":""},"class_list":["post-134066","page","type-page","status-publish","has-post-thumbnail","hentry"],"acf":[],"yoast_head":"<!-- This site is optimized with the Yoast SEO Premium plugin v27.2 (Yoast SEO v27.2) - https:\/\/yoast.com\/product\/yoast-seo-premium-wordpress\/ -->\n<title>F\u00ednske gramatick\u00e9 cvi\u010denia - Talkpal<\/title>\n<meta name=\"description\" content=\"Precvi\u010dte si a zlep\u0161ite svoje znalosti f\u00ednskej gramatiky pomocou t\u00fdchto interakt\u00edvnych a efekt\u00edvnych cvi\u010den\u00ed. Vhodn\u00e9 pre v\u0161etky \u00farovne vzdel\u00e1vania.\" \/>\n<meta name=\"robots\" content=\"index, follow, max-snippet:-1, max-image-preview:large, max-video-preview:-1\" \/>\n<link rel=\"canonical\" href=\"https:\/\/talkpal.ai\/sk\/finske-gramaticke-cvicenia\/\" \/>\n<meta property=\"og:locale\" content=\"sk_SK\" \/>\n<meta property=\"og:type\" content=\"article\" \/>\n<meta property=\"og:title\" content=\"F\u00ednske gramatick\u00e9 cvi\u010denia\" \/>\n<meta property=\"og:description\" content=\"F\u00ednske gramatick\u00e9 t\u00e9my U\u010denie sa f\u00edn\u010diny m\u00f4\u017ee by\u0165 pre jazykov\u00fdch nad\u0161encov obohacuj\u00facou sk\u00fasenos\u0165ou, preto\u017ee je to jedine\u010dn\u00fd a fascinuj\u00faci jazyk s bohatou\" \/>\n<meta property=\"og:url\" content=\"https:\/\/talkpal.ai\/sk\/finske-gramaticke-cvicenia\/\" \/>\n<meta property=\"og:site_name\" content=\"Talkpal\" \/>\n<meta property=\"article:publisher\" content=\"https:\/\/www.facebook.com\/profile.php?id=100090733639311\" \/>\n<meta property=\"article:modified_time\" content=\"2025-12-17T15:32:01+00:00\" \/>\n<meta property=\"og:image\" content=\"https:\/\/talkpal.ai\/wp-content\/uploads\/2023\/04\/finland.png\" \/>\n\t<meta property=\"og:image:width\" content=\"512\" \/>\n\t<meta property=\"og:image:height\" content=\"512\" \/>\n\t<meta property=\"og:image:type\" content=\"image\/png\" \/>\n<meta name=\"twitter:card\" content=\"summary_large_image\" \/>\n<meta name=\"twitter:site\" content=\"@talkpalai\" \/>\n<meta name=\"twitter:label1\" content=\"Predpokladan\u00fd \u010das \u010d\u00edtania\" \/>\n\t<meta name=\"twitter:data1\" content=\"3 min\u00faty\" \/>\n<script type=\"application\/ld+json\" class=\"yoast-schema-graph\">{\"@context\":\"https:\/\/schema.org\",\"@graph\":[{\"@type\":\"WebPage\",\"@id\":\"https:\/\/talkpal.ai\/sk\/finske-gramaticke-cvicenia\/\",\"url\":\"https:\/\/talkpal.ai\/sk\/finske-gramaticke-cvicenia\/\",\"name\":\"F\u00ednske gramatick\u00e9 cvi\u010denia - Talkpal\",\"isPartOf\":{\"@id\":\"https:\/\/talkpal.ai\/sk\/#website\"},\"primaryImageOfPage\":{\"@id\":\"https:\/\/talkpal.ai\/sk\/finske-gramaticke-cvicenia\/#primaryimage\"},\"image\":{\"@id\":\"https:\/\/talkpal.ai\/sk\/finske-gramaticke-cvicenia\/#primaryimage\"},\"thumbnailUrl\":\"https:\/\/talkpal.ai\/wp-content\/uploads\/2023\/04\/finland.png\",\"datePublished\":\"2023-06-16T10:07:13+00:00\",\"dateModified\":\"2025-12-17T15:32:01+00:00\",\"description\":\"Precvi\u010dte si a zlep\u0161ite svoje znalosti f\u00ednskej gramatiky pomocou t\u00fdchto interakt\u00edvnych a efekt\u00edvnych cvi\u010den\u00ed. Vhodn\u00e9 pre v\u0161etky \u00farovne vzdel\u00e1vania.\",\"breadcrumb\":{\"@id\":\"https:\/\/talkpal.ai\/sk\/finske-gramaticke-cvicenia\/#breadcrumb\"},\"inLanguage\":\"sk-SK\",\"potentialAction\":[{\"@type\":\"ReadAction\",\"target\":[\"https:\/\/talkpal.ai\/sk\/finske-gramaticke-cvicenia\/\"]}]},{\"@type\":\"ImageObject\",\"inLanguage\":\"sk-SK\",\"@id\":\"https:\/\/talkpal.ai\/sk\/finske-gramaticke-cvicenia\/#primaryimage\",\"url\":\"https:\/\/talkpal.ai\/wp-content\/uploads\/2023\/04\/finland.png\",\"contentUrl\":\"https:\/\/talkpal.ai\/wp-content\/uploads\/2023\/04\/finland.png\",\"width\":512,\"height\":512,\"caption\":\"TalkPal finland Flag\"},{\"@type\":\"BreadcrumbList\",\"@id\":\"https:\/\/talkpal.ai\/sk\/finske-gramaticke-cvicenia\/#breadcrumb\",\"itemListElement\":[{\"@type\":\"ListItem\",\"position\":1,\"name\":\"Homepage\",\"item\":\"https:\/\/talkpal.ai\/sk\/\"},{\"@type\":\"ListItem\",\"position\":2,\"name\":\"F\u00ednske gramatick\u00e9 cvi\u010denia\"}]},{\"@type\":\"WebSite\",\"@id\":\"https:\/\/talkpal.ai\/sk\/#website\",\"url\":\"https:\/\/talkpal.ai\/sk\/\",\"name\":\"Talkpal\",\"description\":\"AI Language Learning\",\"publisher\":{\"@id\":\"https:\/\/talkpal.ai\/sk\/#organization\"},\"alternateName\":\"Talkpal AI\",\"potentialAction\":[{\"@type\":\"SearchAction\",\"target\":{\"@type\":\"EntryPoint\",\"urlTemplate\":\"https:\/\/talkpal.ai\/sk\/?s={search_term_string}\"},\"query-input\":{\"@type\":\"PropertyValueSpecification\",\"valueRequired\":true,\"valueName\":\"search_term_string\"}}],\"inLanguage\":\"sk-SK\"},{\"@type\":\"Organization\",\"@id\":\"https:\/\/talkpal.ai\/sk\/#organization\",\"name\":\"Talkpal, Inc.\",\"alternateName\":\"Talkpal AI\",\"url\":\"https:\/\/talkpal.ai\/sk\/\",\"logo\":{\"@type\":\"ImageObject\",\"inLanguage\":\"sk-SK\",\"@id\":\"https:\/\/talkpal.ai\/sk\/#\/schema\/logo\/image\/\",\"url\":\"https:\/\/talkpal.ai\/wp-content\/uploads\/2024\/03\/Talkpal-Logo-Icon.png\",\"contentUrl\":\"https:\/\/talkpal.ai\/wp-content\/uploads\/2024\/03\/Talkpal-Logo-Icon.png\",\"width\":2880,\"height\":2880,\"caption\":\"Talkpal, Inc.\"},\"image\":{\"@id\":\"https:\/\/talkpal.ai\/sk\/#\/schema\/logo\/image\/\"},\"sameAs\":[\"https:\/\/www.facebook.com\/profile.php?id=100090733639311\",\"https:\/\/x.com\/talkpalai\",\"https:\/\/www.linkedin.com\/company\/talkpal\/\",\"https:\/\/www.youtube.com\/@TalkPal\/\",\"https:\/\/www.tiktok.com\/@talkpal\",\"https:\/\/www.instagram.com\/talkpal_ai\/\",\"https:\/\/www.crunchbase.com\/organization\/talkpal-9cde\",\"https:\/\/www.g2.com\/products\/talkpal-for-business\/\",\"https:\/\/www.trustpilot.com\/review\/talkpal.ai\",\"https:\/\/www.capterra.com\/p\/10006800\/TalkPal\/\"],\"description\":\"Talkpal is a language learning web and mobile education app, powered by the latest AI technologies, that provides engaging experiences to its customers in many different languages to help them improve their language skills. Users can chat about unlimited amount of topics with the app and use other modes to practice their language learning.\",\"email\":\"support@talkpal.ai\",\"legalName\":\"Talkpal, Inc.\",\"foundingDate\":\"2023-04-03\",\"duns\":\"118989042\",\"numberOfEmployees\":{\"@type\":\"QuantitativeValue\",\"minValue\":\"11\",\"maxValue\":\"50\"},\"publishingPrinciples\":\"https:\/\/talkpal.ai\/publishing-principles\/\",\"actionableFeedbackPolicy\":\"https:\/\/talkpal.ai\/actionable-feedback-policy\/\",\"correctionsPolicy\":\"https:\/\/talkpal.ai\/corrections-policy\/\",\"ethicsPolicy\":\"https:\/\/talkpal.ai\/ethics-policy\/\",\"diversityPolicy\":\"https:\/\/talkpal.ai\/diversity-policy\/\",\"diversityStaffingReport\":\"https:\/\/talkpal.ai\/diversity-policy\/\"}]}<\/script>\n<!-- \/ Yoast SEO Premium plugin. -->","yoast_head_json":{"title":"F\u00ednske gramatick\u00e9 cvi\u010denia - Talkpal","description":"Precvi\u010dte si a zlep\u0161ite svoje znalosti f\u00ednskej gramatiky pomocou t\u00fdchto interakt\u00edvnych a efekt\u00edvnych cvi\u010den\u00ed. Vhodn\u00e9 pre v\u0161etky \u00farovne vzdel\u00e1vania.","robots":{"index":"index","follow":"follow","max-snippet":"max-snippet:-1","max-image-preview":"max-image-preview:large","max-video-preview":"max-video-preview:-1"},"canonical":"https:\/\/talkpal.ai\/sk\/finske-gramaticke-cvicenia\/","og_locale":"sk_SK","og_type":"article","og_title":"F\u00ednske gramatick\u00e9 cvi\u010denia","og_description":"F\u00ednske gramatick\u00e9 t\u00e9my U\u010denie sa f\u00edn\u010diny m\u00f4\u017ee by\u0165 pre jazykov\u00fdch nad\u0161encov obohacuj\u00facou sk\u00fasenos\u0165ou, preto\u017ee je to jedine\u010dn\u00fd a fascinuj\u00faci jazyk s bohatou","og_url":"https:\/\/talkpal.ai\/sk\/finske-gramaticke-cvicenia\/","og_site_name":"Talkpal","article_publisher":"https:\/\/www.facebook.com\/profile.php?id=100090733639311","article_modified_time":"2025-12-17T15:32:01+00:00","og_image":[{"width":512,"height":512,"url":"https:\/\/talkpal.ai\/wp-content\/uploads\/2023\/04\/finland.png","type":"image\/png"}],"twitter_card":"summary_large_image","twitter_site":"@talkpalai","twitter_misc":{"Predpokladan\u00fd \u010das \u010d\u00edtania":"3 min\u00faty"},"schema":{"@context":"https:\/\/schema.org","@graph":[{"@type":"WebPage","@id":"https:\/\/talkpal.ai\/sk\/finske-gramaticke-cvicenia\/","url":"https:\/\/talkpal.ai\/sk\/finske-gramaticke-cvicenia\/","name":"F\u00ednske gramatick\u00e9 cvi\u010denia - Talkpal","isPartOf":{"@id":"https:\/\/talkpal.ai\/sk\/#website"},"primaryImageOfPage":{"@id":"https:\/\/talkpal.ai\/sk\/finske-gramaticke-cvicenia\/#primaryimage"},"image":{"@id":"https:\/\/talkpal.ai\/sk\/finske-gramaticke-cvicenia\/#primaryimage"},"thumbnailUrl":"https:\/\/talkpal.ai\/wp-content\/uploads\/2023\/04\/finland.png","datePublished":"2023-06-16T10:07:13+00:00","dateModified":"2025-12-17T15:32:01+00:00","description":"Precvi\u010dte si a zlep\u0161ite svoje znalosti f\u00ednskej gramatiky pomocou t\u00fdchto interakt\u00edvnych a efekt\u00edvnych cvi\u010den\u00ed. Vhodn\u00e9 pre v\u0161etky \u00farovne vzdel\u00e1vania.","breadcrumb":{"@id":"https:\/\/talkpal.ai\/sk\/finske-gramaticke-cvicenia\/#breadcrumb"},"inLanguage":"sk-SK","potentialAction":[{"@type":"ReadAction","target":["https:\/\/talkpal.ai\/sk\/finske-gramaticke-cvicenia\/"]}]},{"@type":"ImageObject","inLanguage":"sk-SK","@id":"https:\/\/talkpal.ai\/sk\/finske-gramaticke-cvicenia\/#primaryimage","url":"https:\/\/talkpal.ai\/wp-content\/uploads\/2023\/04\/finland.png","contentUrl":"https:\/\/talkpal.ai\/wp-content\/uploads\/2023\/04\/finland.png","width":512,"height":512,"caption":"TalkPal finland Flag"},{"@type":"BreadcrumbList","@id":"https:\/\/talkpal.ai\/sk\/finske-gramaticke-cvicenia\/#breadcrumb","itemListElement":[{"@type":"ListItem","position":1,"name":"Homepage","item":"https:\/\/talkpal.ai\/sk\/"},{"@type":"ListItem","position":2,"name":"F\u00ednske gramatick\u00e9 cvi\u010denia"}]},{"@type":"WebSite","@id":"https:\/\/talkpal.ai\/sk\/#website","url":"https:\/\/talkpal.ai\/sk\/","name":"Talkpal","description":"AI Language Learning","publisher":{"@id":"https:\/\/talkpal.ai\/sk\/#organization"},"alternateName":"Talkpal AI","potentialAction":[{"@type":"SearchAction","target":{"@type":"EntryPoint","urlTemplate":"https:\/\/talkpal.ai\/sk\/?s={search_term_string}"},"query-input":{"@type":"PropertyValueSpecification","valueRequired":true,"valueName":"search_term_string"}}],"inLanguage":"sk-SK"},{"@type":"Organization","@id":"https:\/\/talkpal.ai\/sk\/#organization","name":"Talkpal, Inc.","alternateName":"Talkpal AI","url":"https:\/\/talkpal.ai\/sk\/","logo":{"@type":"ImageObject","inLanguage":"sk-SK","@id":"https:\/\/talkpal.ai\/sk\/#\/schema\/logo\/image\/","url":"https:\/\/talkpal.ai\/wp-content\/uploads\/2024\/03\/Talkpal-Logo-Icon.png","contentUrl":"https:\/\/talkpal.ai\/wp-content\/uploads\/2024\/03\/Talkpal-Logo-Icon.png","width":2880,"height":2880,"caption":"Talkpal, Inc."},"image":{"@id":"https:\/\/talkpal.ai\/sk\/#\/schema\/logo\/image\/"},"sameAs":["https:\/\/www.facebook.com\/profile.php?id=100090733639311","https:\/\/x.com\/talkpalai","https:\/\/www.linkedin.com\/company\/talkpal\/","https:\/\/www.youtube.com\/@TalkPal\/","https:\/\/www.tiktok.com\/@talkpal","https:\/\/www.instagram.com\/talkpal_ai\/","https:\/\/www.crunchbase.com\/organization\/talkpal-9cde","https:\/\/www.g2.com\/products\/talkpal-for-business\/","https:\/\/www.trustpilot.com\/review\/talkpal.ai","https:\/\/www.capterra.com\/p\/10006800\/TalkPal\/"],"description":"Talkpal is a language learning web and mobile education app, powered by the latest AI technologies, that provides engaging experiences to its customers in many different languages to help them improve their language skills. Users can chat about unlimited amount of topics with the app and use other modes to practice their language learning.","email":"support@talkpal.ai","legalName":"Talkpal, Inc.","foundingDate":"2023-04-03","duns":"118989042","numberOfEmployees":{"@type":"QuantitativeValue","minValue":"11","maxValue":"50"},"publishingPrinciples":"https:\/\/talkpal.ai\/publishing-principles\/","actionableFeedbackPolicy":"https:\/\/talkpal.ai\/actionable-feedback-policy\/","correctionsPolicy":"https:\/\/talkpal.ai\/corrections-policy\/","ethicsPolicy":"https:\/\/talkpal.ai\/ethics-policy\/","diversityPolicy":"https:\/\/talkpal.ai\/diversity-policy\/","diversityStaffingReport":"https:\/\/talkpal.ai\/diversity-policy\/"}]}},"_links":{"self":[{"href":"https:\/\/talkpal.ai\/sk\/wp-json\/wp\/v2\/pages\/134066","targetHints":{"allow":["GET"]}}],"collection":[{"href":"https:\/\/talkpal.ai\/sk\/wp-json\/wp\/v2\/pages"}],"about":[{"href":"https:\/\/talkpal.ai\/sk\/wp-json\/wp\/v2\/types\/page"}],"author":[{"embeddable":true,"href":"https:\/\/talkpal.ai\/sk\/wp-json\/wp\/v2\/users\/6"}],"replies":[{"embeddable":true,"href":"https:\/\/talkpal.ai\/sk\/wp-json\/wp\/v2\/comments?post=134066"}],"version-history":[{"count":0,"href":"https:\/\/talkpal.ai\/sk\/wp-json\/wp\/v2\/pages\/134066\/revisions"}],"wp:featuredmedia":[{"embeddable":true,"href":"https:\/\/talkpal.ai\/sk\/wp-json\/wp\/v2\/media\/106624"}],"wp:attachment":[{"href":"https:\/\/talkpal.ai\/sk\/wp-json\/wp\/v2\/media?parent=134066"}],"curies":[{"name":"wp","href":"https:\/\/api.w.org\/{rel}","templated":true}]}}