{"id":133808,"date":"2023-06-16T10:01:38","date_gmt":"2023-06-16T10:01:38","guid":{"rendered":"http:\/\/talkpal.ai\/svedske-gramaticke-cvicenia\/"},"modified":"2025-12-17T15:29:42","modified_gmt":"2025-12-17T15:29:42","slug":"svedske-gramaticke-cvicenia","status":"publish","type":"page","link":"https:\/\/talkpal.ai\/sk\/svedske-gramaticke-cvicenia\/","title":{"rendered":"\u0160v\u00e9dske gramatick\u00e9 cvi\u010denia"},"content":{"rendered":"\r\n\r\n\r\n<section class=\"languageChallengeSection\">\r\n    <div class=\"languageInfoWrapper\">\r\n        \r\n        <h1>\u0160v\u00e9dske gramatick\u00e9 cvi\u010denia<\/h1>\r\n        <p>Ste pripraven\u00ed zlep\u0161i\u0165 svoju \u0161v\u00e9d\u010dinu? Precvi\u010dovanie gramatick\u00fdch cvi\u010den\u00ed je skvel\u00fd sp\u00f4sob, ako si osvoji\u0165 \u0161trukt\u00faru viet, slovesn\u00e9 tvary a jedine\u010dn\u00e9 vzory \u0161v\u00e9dskeho jazyka. Za\u010dnite pracova\u0165 na \u0161v\u00e9dskej gramatike e\u0161te dnes a sledujte, ako va\u0161e zru\u010dnosti a sebad\u00f4vera rast\u00fa s ka\u017ed\u00fdm cvi\u010den\u00edm!\n\n<\/p>\r\n\r\n                            <a class=\"getStartedHidden\" href=\"https:\/\/app.talkpal.ai\/sk\/signup?lng=\">Za\u010dni<\/a>\r\n        \r\n    <\/div>\r\n\r\n    <figure>\r\n    <img decoding=\"async\" width=\"768\" height=\"768\" src=\"https:\/\/talkpal.ai\/wp-content\/uploads\/2023\/06\/swedish-768x768.png\" class=\"languageImage no-lazy\" alt=\"Language learning for improved concentration\" fetchpriority=\"high\" sizes=\"(max-width: 768px) 150px, 768px\" srcset=\"https:\/\/talkpal.ai\/wp-content\/uploads\/2023\/06\/swedish-768x768.png 768w, https:\/\/talkpal.ai\/wp-content\/uploads\/2023\/06\/swedish-300x300.png 300w\" \/>\r\n    \r\n\r\n    <\/figure>\r\n\r\n            <a class=\"getStartedVisible\" href=\"https:\/\/app.talkpal.ai\/sk\/signup?lng=\">Za\u010dni<\/a>\r\n    \r\n<\/section>\r\n\r\n\r\n<!-- <section class=\"grammarSection\">\r\n    <div class=\"grammarLinks\">\r\n            <\/div>\r\n<\/section> -->\r\n\r\n\r\n\r\n\r\n<section class=\"promotionalBanner\">\r\n    <p class=\"promotionalText\">Najefekt\u00edvnej\u0161\u00ed sp\u00f4sob, ako sa nau\u010di\u0165 jazyk<\/p>\r\n    <a class=\"promotionalLink\" href=\"https:\/\/app.talkpal.ai\/sk\/signup?lng=\">Vysk\u00fa\u0161ajte Talkpal zadarmo<\/a>\r\n<\/section>\n<div class=\"wp-block-group pageContainerStyle\"><div class=\"wp-block-group__inner-container is-layout-constrained wp-block-group-is-layout-constrained\">\n<h2 class=\"wp-block-heading\" id=\"h-swedish-grammar-topics\">T\u00e9my \u0161v\u00e9dskej gramatiky<\/h2>\n\n\n\n<p><a href=\"https:\/\/talkpal.ai\/sk\/ucenie\/\">U\u010denie sa<\/a> \u0161v\u00e9d\u010diny, \u00faradn\u00e9ho jazyka \u0160v\u00e9dska a jedn\u00e9ho z \u00faradn\u00fdch jazykov F\u00ednska, m\u00f4\u017ee by\u0165 obohacuj\u00facou sk\u00fasenos\u0165ou. Nielen\u017ee v\u00e1s vystav\u00ed bohatej kult\u00fare a hist\u00f3rii, ale tie\u017e v\u00e1m u\u013eah\u010d\u00ed komunik\u00e1ciu s viac ako 10 mili\u00f3nmi roden\u00fdch hovorcov. Aby ste sa mohli efekt\u00edvne u\u010di\u0165 \u0161v\u00e9d\u010dinu, je d\u00f4le\u017eit\u00e9 pochopi\u0165 r\u00f4zne gramatick\u00e9 t\u00e9my a ich vz\u00e1jomn\u00fd vz\u0165ah. T\u00e1to pr\u00edru\u010dka v\u00e1m poskytne preh\u013ead k\u013e\u00fa\u010dov\u00fdch t\u00e9m \u0161v\u00e9dskej gramatiky usporiadan\u00fdch v porad\u00ed, ktor\u00e9 v\u00e1m pom\u00f4\u017eu postupne a efekt\u00edvne budova\u0165 va\u0161e jazykov\u00e9 zru\u010dnosti.<\/p>\n\n\n\n<h3 class=\"wp-block-heading\" id=\"h-1-nouns\">1. Podstatn\u00e9 men\u00e1:<\/h3>\n\n\n\n<p>Za\u010dnite svoju cestu \u0161v\u00e9dskym jazykom t\u00fdm, \u017ee sa zozn\u00e1mite s podstatn\u00fdmi menami, preto\u017ee s\u00fa stavebn\u00fdmi kame\u0148mi ka\u017ed\u00e9ho jazyka. Vo \u0161v\u00e9d\u010dine maj\u00fa podstatn\u00e9 men\u00e1 dva rody (spolo\u010dn\u00e9 a kastrovan\u00e9), ktor\u00e9 ovplyv\u0148uj\u00fa \u010dl\u00e1nky a pr\u00eddavn\u00e9 men\u00e1, ktor\u00e9 sa s nimi pou\u017e\u00edvaj\u00fa. Maj\u00fa tie\u017e jednotn\u00e9 a mno\u017en\u00e9 \u010d\u00edslo, ako aj ur\u010dit\u00e9 a neur\u010dit\u00e9 formy.<\/p>\n\n\n\n<h3 class=\"wp-block-heading\" id=\"h-2-articles\">2. \u010cl\u00e1nky:<\/h3>\n\n\n\n<p>Ke\u010f pochop\u00edte podstatn\u00e9 men\u00e1, prejdite na \u010dl\u00e1nky, ktor\u00e9 s\u00fa nevyhnutn\u00e9 pri ur\u010dovan\u00ed pohlavia a \u010d\u00edsla podstatn\u00e9ho mena. \u0160v\u00e9d\u010dina m\u00e1 ur\u010dit\u00e9 a neur\u010dit\u00e9 \u010dl\u00e1nky, ktor\u00e9 s\u00fahlasia s rodom a \u010d\u00edslom podstatn\u00e9ho mena, ktor\u00e9 upravuj\u00fa.<\/p>\n\n\n\n<h3 class=\"wp-block-heading\" id=\"h-3-adjectives\">3. Pr\u00eddavn\u00e9 men\u00e1:<\/h3>\n\n\n\n<p>Pr\u00eddavn\u00e9 men\u00e1 sa pou\u017e\u00edvaj\u00fa na opis podstatn\u00fdch mien a s\u00fahlasia v rode, po\u010dte a ur\u010ditosti s podstatn\u00fdm menom, ktor\u00e9 upravuj\u00fa. U\u010denie pr\u00eddavn\u00fdch mien v\u00e1m pom\u00f4\u017ee vyjadri\u0165 zlo\u017eitej\u0161ie my\u0161lienky a popisy vo \u0161v\u00e9d\u010dine.<\/p>\n\n\n\n<h3 class=\"wp-block-heading\" id=\"h-4-pronouns\">4. Z\u00e1men\u00e1:<\/h3>\n\n\n\n<p>Z\u00e1men\u00e1 nahr\u00e1dzaj\u00fa podstatn\u00e9 men\u00e1 vo vet\u00e1ch a s\u00fa nevyhnutn\u00e9 na to, aby bola va\u0161a re\u010d plynulej\u0161ia a prirodzenej\u0161ia. \u0160v\u00e9d\u010dina m\u00e1 osobn\u00e9, privlast\u0148ovacie, reflex\u00edvne a relat\u00edvne z\u00e1men\u00e1, z ktor\u00fdch ka\u017ed\u00e9 m\u00e1 svoje vlastn\u00e9 pravidl\u00e1 dohody a pou\u017e\u00edvania.<\/p>\n\n\n\n<h3 class=\"wp-block-heading\" id=\"h-5-verbs\">5. Sloves\u00e1:<\/h3>\n\n\n\n<p>Sloves\u00e1 vyjadruj\u00fa \u010diny, udalosti alebo stavy bytia a s\u00fa k\u013e\u00fa\u010dovou s\u00fa\u010das\u0165ou ka\u017ed\u00e9ho jazyka. Vo \u0161v\u00e9d\u010dine s\u00fa sloves\u00e1 konjugovan\u00e9 pod\u013ea \u010dasu a n\u00e1lady. Za\u010dnite t\u00fdm, \u017ee sa nau\u010d\u00edte indik\u00e1tor pr\u00edtomn\u00e9ho \u010dasu, ktor\u00fd je najbe\u017enej\u0161ou a naju\u017eito\u010dnej\u0161ou formou.<\/p>\n\n\n\n<h3 class=\"wp-block-heading\" id=\"h-6-tenses-indicative\">6. Indikat\u00edvne \u010dasy:<\/h3>\n\n\n\n<p>Prejdite z pr\u00edtomn\u00e9ho \u010dasu a nau\u010dte sa minul\u00fd a bud\u00faci \u010das v indikat\u00edvnej n\u00e1lade. Tieto v\u00e1m umo\u017enia hovori\u0165 o udalostiach a akci\u00e1ch, ktor\u00e9 sa stali alebo sa stan\u00fa, \u010d\u00edm sa roz\u0161\u00edri va\u0161a schopnos\u0165 komunikova\u0165 vo \u0161v\u00e9d\u010dine.<\/p>\n\n\n\n<h3 class=\"wp-block-heading\" id=\"h-7-tenses-subjunctive\">7. \u010casy subjunkt\u00edvne:<\/h3>\n\n\n\n<p>Hoci je menej \u010dast\u00e1 ako indikat\u00edvna, subjunkt\u00edvna n\u00e1lada sa pou\u017e\u00edva na vyjadrenie hypotetick\u00fdch alebo neist\u00fdch udalost\u00ed. U\u010denie sa subjunkt\u00edvnych foriem slovies zv\u00fd\u0161i va\u0161u schopnos\u0165 vyjadri\u0165 jemnej\u0161ie my\u0161lienky.<\/p>\n\n\n\n<h3 class=\"wp-block-heading\" id=\"h-8-tense-comparison\">8. Nap\u00e4t\u00e9 porovnanie:<\/h3>\n\n\n\n<p>Pochopenie toho, ako porovna\u0165 r\u00f4zne \u010dasy, v\u00e1m umo\u017en\u00ed vyjadri\u0165 zlo\u017eitej\u0161ie predstavy o \u010dase a udalostiach. To zah\u0155\u0148a vedie\u0165, ako pou\u017e\u00edva\u0165 minul\u00fd a bud\u00faci \u010das spolo\u010dne, ako aj pochopenie toho, ako r\u00f4zne \u010dasy interaguj\u00fa v zlo\u017eit\u00fdch vet\u00e1ch.<\/p>\n\n\n\n<h3 class=\"wp-block-heading\" id=\"h-9-adverbs\">9. Pr\u00edslovky:<\/h3>\n\n\n\n<p>Pr\u00edslovky upravuj\u00fa sloves\u00e1, pr\u00eddavn\u00e9 men\u00e1 alebo in\u00e9 pr\u00edslovky a poskytuj\u00fa \u010fal\u0161ie inform\u00e1cie o \u010dinnostiach alebo vlastnostiach. U\u010denie \u0161v\u00e9dskych pr\u00edsloviek v\u00e1m pom\u00f4\u017ee vyjadri\u0165 my\u0161lienky presnej\u0161ie a efekt\u00edvnej\u0161ie.<\/p>\n\n\n\n<h3 class=\"wp-block-heading\" id=\"h-10-prepositions\">10. Predlo\u017eky:<\/h3>\n\n\n\n<p>Predlo\u017eky sp\u00e1jaj\u00fa podstatn\u00e9 men\u00e1, z\u00e1men\u00e1 a fr\u00e1zy s in\u00fdmi slovami vo vete a vyjadruj\u00fa vz\u0165ahy, ako s\u00fa miesto, smer a \u010das. Zvl\u00e1dnutie predlo\u017eiek je z\u00e1kladom pre kon\u0161trukciu jasn\u00fdch a zmyslupln\u00fdch viet vo \u0161v\u00e9d\u010dine.<\/p>\n\n\n\n<h3 class=\"wp-block-heading\" id=\"h-11-sentence-structure\">11. \u0160trukt\u00fara vety:<\/h3>\n\n\n\n<p>Nakoniec, pochopenie z\u00e1kladn\u00fdch pravidiel \u0161v\u00e9dskej vetnej \u0161trukt\u00fary spoj\u00ed v\u0161etky predch\u00e1dzaj\u00face gramatick\u00e9 t\u00e9my, \u010do v\u00e1m umo\u017en\u00ed vytv\u00e1ra\u0165 dobre formovan\u00e9 vety a vyjadrova\u0165 sa presne a efekt\u00edvne v jazyku.<\/p>\n<\/div><\/div>\n\r\n<section class=\"learnNavigationSection\">\r\n            \r\n        <a href=\"https:\/\/talkpal.ai\/sk\/naucte-sa-po-sv\/\">\r\n            <div class=\"learnNavigationWrapper\">\r\n                <div class=\"learnNavigationContent\">\r\n                    <img decoding=\"async\" src=\"https:\/\/talkpal.ai\/wp-content\/uploads\/2024\/08\/Swedish.jpg\" alt=\"Swedish Flag\">\r\n                    <div>\r\n                        <h4>O \u0161v\u00e9dskom vzdel\u00e1van\u00ed<\/h4>\r\n                        <p>Zistite v\u0161etko o \u0161v\u00e9dskej gramatike.<\/p>\r\n                    <\/div>\r\n                <\/div>\r\n            <\/div>\r\n        <\/a>\r\n\r\n        \r\n        <a href=\"https:\/\/talkpal.ai\/sk\/svedska-gramatika\/\">\r\n            <div class=\"learnNavigationWrapper\">\r\n                <div class=\"learnNavigationContent\">\r\n                    <img decoding=\"async\" src=\"https:\/\/talkpal.ai\/wp-content\/uploads\/2024\/08\/Swedish.jpg\" alt=\"Swedish Flag\">\r\n                    <div>\r\n                        <h4>Cvi\u010denie zo \u0161v\u00e9dskej gramatiky<\/h4>\r\n                        <p>Precvi\u010dte si \u0161v\u00e9dsku gramatiku.<\/p>\r\n                    <\/div>\r\n                <\/div>\r\n            <\/div>\r\n        <\/a>\r\n\r\n        \r\n        <a href=\"https:\/\/talkpal.ai\/vocabulary_language\/swedish\/\">\r\n            <div class=\"learnNavigationWrapper\">\r\n                <div class=\"learnNavigationContent\">\r\n                    <img decoding=\"async\" src=\"https:\/\/talkpal.ai\/wp-content\/uploads\/2024\/08\/Swedish.jpg\" alt=\"Swedish Flag\">\r\n                    <div>\r\n                        <h4>\u0160v\u00e9dska slovn\u00e1 z\u00e1soba<\/h4>\r\n                        <p>Roz\u0161\u00edrte si \u0161v\u00e9dsku slovn\u00fa z\u00e1sobu.<\/p>\r\n                    <\/div>\r\n                <\/div>\r\n            <\/div>\r\n        <\/a>\r\n\r\n            <\/section>","protected":false},"excerpt":{"rendered":"<p>T\u00e9my \u0161v\u00e9dskej gramatiky U\u010denie sa \u0161v\u00e9d\u010diny, \u00faradn\u00e9ho jazyka \u0160v\u00e9dska a jedn\u00e9ho z \u00faradn\u00fdch jazykov F\u00ednska, m\u00f4\u017ee by\u0165 obohacuj\u00facou sk\u00fasenos\u0165ou. Nielen\u017ee v\u00e1s vystav\u00ed bohatej kult\u00fare a hist\u00f3rii, ale tie\u017e v\u00e1m u\u013eah\u010d\u00ed komunik\u00e1ciu s viac ako 10 mili\u00f3nmi roden\u00fdch hovorcov. Aby ste sa mohli efekt\u00edvne u\u010di\u0165 \u0161v\u00e9d\u010dinu, je d\u00f4le\u017eit\u00e9 pochopi\u0165 r\u00f4zne gramatick\u00e9 t\u00e9my a ich vz\u00e1jomn\u00fd vz\u0165ah. [&hellip;]<\/p>\n","protected":false},"author":6,"featured_media":108266,"parent":0,"menu_order":0,"comment_status":"closed","ping_status":"closed","template":"LearningContentPage.php","meta":{"_acf_changed":false,"footnotes":""},"class_list":["post-133808","page","type-page","status-publish","has-post-thumbnail","hentry"],"acf":[],"yoast_head":"<!-- This site is optimized with the Yoast SEO Premium plugin v27.2 (Yoast SEO v27.2) - https:\/\/yoast.com\/product\/yoast-seo-premium-wordpress\/ -->\n<title>\u0160v\u00e9dske gramatick\u00e9 cvi\u010denia - Talkpal<\/title>\n<meta name=\"description\" content=\"Zlep\u0161ite svoje jazykov\u00e9 zru\u010dnosti pomocou p\u00fatav\u00fdch cvi\u010den\u00ed zo \u0161v\u00e9dskej gramatiky ur\u010den\u00fdch pre v\u0161etky \u00farovne \u0161tudentov.\" \/>\n<meta name=\"robots\" content=\"index, follow, max-snippet:-1, max-image-preview:large, max-video-preview:-1\" \/>\n<link rel=\"canonical\" href=\"https:\/\/talkpal.ai\/sk\/svedske-gramaticke-cvicenia\/\" \/>\n<meta property=\"og:locale\" content=\"sk_SK\" \/>\n<meta property=\"og:type\" content=\"article\" \/>\n<meta property=\"og:title\" content=\"\u0160v\u00e9dske gramatick\u00e9 cvi\u010denia\" \/>\n<meta property=\"og:description\" content=\"T\u00e9my \u0161v\u00e9dskej gramatiky U\u010denie sa \u0161v\u00e9d\u010diny, \u00faradn\u00e9ho jazyka \u0160v\u00e9dska a jedn\u00e9ho z \u00faradn\u00fdch jazykov F\u00ednska, m\u00f4\u017ee by\u0165 obohacuj\u00facou sk\u00fasenos\u0165ou. Nielen\u017ee v\u00e1s\" \/>\n<meta property=\"og:url\" content=\"https:\/\/talkpal.ai\/sk\/svedske-gramaticke-cvicenia\/\" \/>\n<meta property=\"og:site_name\" content=\"Talkpal\" \/>\n<meta property=\"article:publisher\" content=\"https:\/\/www.facebook.com\/profile.php?id=100090733639311\" \/>\n<meta property=\"article:modified_time\" content=\"2025-12-17T15:29:42+00:00\" \/>\n<meta property=\"og:image\" content=\"https:\/\/talkpal.ai\/wp-content\/uploads\/2023\/04\/sweden.png\" \/>\n\t<meta property=\"og:image:width\" content=\"512\" \/>\n\t<meta property=\"og:image:height\" content=\"512\" \/>\n\t<meta property=\"og:image:type\" content=\"image\/png\" \/>\n<meta name=\"twitter:card\" content=\"summary_large_image\" \/>\n<meta name=\"twitter:site\" content=\"@talkpalai\" \/>\n<meta name=\"twitter:label1\" content=\"Predpokladan\u00fd \u010das \u010d\u00edtania\" \/>\n\t<meta name=\"twitter:data1\" content=\"3 min\u00faty\" \/>\n<script type=\"application\/ld+json\" class=\"yoast-schema-graph\">{\"@context\":\"https:\/\/schema.org\",\"@graph\":[{\"@type\":\"WebPage\",\"@id\":\"https:\/\/talkpal.ai\/sk\/svedske-gramaticke-cvicenia\/\",\"url\":\"https:\/\/talkpal.ai\/sk\/svedske-gramaticke-cvicenia\/\",\"name\":\"\u0160v\u00e9dske gramatick\u00e9 cvi\u010denia - Talkpal\",\"isPartOf\":{\"@id\":\"https:\/\/talkpal.ai\/sk\/#website\"},\"primaryImageOfPage\":{\"@id\":\"https:\/\/talkpal.ai\/sk\/svedske-gramaticke-cvicenia\/#primaryimage\"},\"image\":{\"@id\":\"https:\/\/talkpal.ai\/sk\/svedske-gramaticke-cvicenia\/#primaryimage\"},\"thumbnailUrl\":\"https:\/\/talkpal.ai\/wp-content\/uploads\/2023\/04\/sweden.png\",\"datePublished\":\"2023-06-16T10:01:38+00:00\",\"dateModified\":\"2025-12-17T15:29:42+00:00\",\"description\":\"Zlep\u0161ite svoje jazykov\u00e9 zru\u010dnosti pomocou p\u00fatav\u00fdch cvi\u010den\u00ed zo \u0161v\u00e9dskej gramatiky ur\u010den\u00fdch pre v\u0161etky \u00farovne \u0161tudentov.\",\"breadcrumb\":{\"@id\":\"https:\/\/talkpal.ai\/sk\/svedske-gramaticke-cvicenia\/#breadcrumb\"},\"inLanguage\":\"sk-SK\",\"potentialAction\":[{\"@type\":\"ReadAction\",\"target\":[\"https:\/\/talkpal.ai\/sk\/svedske-gramaticke-cvicenia\/\"]}]},{\"@type\":\"ImageObject\",\"inLanguage\":\"sk-SK\",\"@id\":\"https:\/\/talkpal.ai\/sk\/svedske-gramaticke-cvicenia\/#primaryimage\",\"url\":\"https:\/\/talkpal.ai\/wp-content\/uploads\/2023\/04\/sweden.png\",\"contentUrl\":\"https:\/\/talkpal.ai\/wp-content\/uploads\/2023\/04\/sweden.png\",\"width\":512,\"height\":512},{\"@type\":\"BreadcrumbList\",\"@id\":\"https:\/\/talkpal.ai\/sk\/svedske-gramaticke-cvicenia\/#breadcrumb\",\"itemListElement\":[{\"@type\":\"ListItem\",\"position\":1,\"name\":\"Homepage\",\"item\":\"https:\/\/talkpal.ai\/sk\/\"},{\"@type\":\"ListItem\",\"position\":2,\"name\":\"\u0160v\u00e9dske gramatick\u00e9 cvi\u010denia\"}]},{\"@type\":\"WebSite\",\"@id\":\"https:\/\/talkpal.ai\/sk\/#website\",\"url\":\"https:\/\/talkpal.ai\/sk\/\",\"name\":\"Talkpal\",\"description\":\"AI Language Learning\",\"publisher\":{\"@id\":\"https:\/\/talkpal.ai\/sk\/#organization\"},\"alternateName\":\"Talkpal AI\",\"potentialAction\":[{\"@type\":\"SearchAction\",\"target\":{\"@type\":\"EntryPoint\",\"urlTemplate\":\"https:\/\/talkpal.ai\/sk\/?s={search_term_string}\"},\"query-input\":{\"@type\":\"PropertyValueSpecification\",\"valueRequired\":true,\"valueName\":\"search_term_string\"}}],\"inLanguage\":\"sk-SK\"},{\"@type\":\"Organization\",\"@id\":\"https:\/\/talkpal.ai\/sk\/#organization\",\"name\":\"Talkpal, Inc.\",\"alternateName\":\"Talkpal AI\",\"url\":\"https:\/\/talkpal.ai\/sk\/\",\"logo\":{\"@type\":\"ImageObject\",\"inLanguage\":\"sk-SK\",\"@id\":\"https:\/\/talkpal.ai\/sk\/#\/schema\/logo\/image\/\",\"url\":\"https:\/\/talkpal.ai\/wp-content\/uploads\/2024\/03\/Talkpal-Logo-Icon.png\",\"contentUrl\":\"https:\/\/talkpal.ai\/wp-content\/uploads\/2024\/03\/Talkpal-Logo-Icon.png\",\"width\":2880,\"height\":2880,\"caption\":\"Talkpal, Inc.\"},\"image\":{\"@id\":\"https:\/\/talkpal.ai\/sk\/#\/schema\/logo\/image\/\"},\"sameAs\":[\"https:\/\/www.facebook.com\/profile.php?id=100090733639311\",\"https:\/\/x.com\/talkpalai\",\"https:\/\/www.linkedin.com\/company\/talkpal\/\",\"https:\/\/www.youtube.com\/@TalkPal\/\",\"https:\/\/www.tiktok.com\/@talkpal\",\"https:\/\/www.instagram.com\/talkpal_ai\/\",\"https:\/\/www.crunchbase.com\/organization\/talkpal-9cde\",\"https:\/\/www.g2.com\/products\/talkpal-for-business\/\",\"https:\/\/www.trustpilot.com\/review\/talkpal.ai\",\"https:\/\/www.capterra.com\/p\/10006800\/TalkPal\/\"],\"description\":\"Talkpal is a language learning web and mobile education app, powered by the latest AI technologies, that provides engaging experiences to its customers in many different languages to help them improve their language skills. Users can chat about unlimited amount of topics with the app and use other modes to practice their language learning.\",\"email\":\"support@talkpal.ai\",\"legalName\":\"Talkpal, Inc.\",\"foundingDate\":\"2023-04-03\",\"duns\":\"118989042\",\"numberOfEmployees\":{\"@type\":\"QuantitativeValue\",\"minValue\":\"11\",\"maxValue\":\"50\"},\"publishingPrinciples\":\"https:\/\/talkpal.ai\/publishing-principles\/\",\"actionableFeedbackPolicy\":\"https:\/\/talkpal.ai\/actionable-feedback-policy\/\",\"correctionsPolicy\":\"https:\/\/talkpal.ai\/corrections-policy\/\",\"ethicsPolicy\":\"https:\/\/talkpal.ai\/ethics-policy\/\",\"diversityPolicy\":\"https:\/\/talkpal.ai\/diversity-policy\/\",\"diversityStaffingReport\":\"https:\/\/talkpal.ai\/diversity-policy\/\"}]}<\/script>\n<!-- \/ Yoast SEO Premium plugin. -->","yoast_head_json":{"title":"\u0160v\u00e9dske gramatick\u00e9 cvi\u010denia - Talkpal","description":"Zlep\u0161ite svoje jazykov\u00e9 zru\u010dnosti pomocou p\u00fatav\u00fdch cvi\u010den\u00ed zo \u0161v\u00e9dskej gramatiky ur\u010den\u00fdch pre v\u0161etky \u00farovne \u0161tudentov.","robots":{"index":"index","follow":"follow","max-snippet":"max-snippet:-1","max-image-preview":"max-image-preview:large","max-video-preview":"max-video-preview:-1"},"canonical":"https:\/\/talkpal.ai\/sk\/svedske-gramaticke-cvicenia\/","og_locale":"sk_SK","og_type":"article","og_title":"\u0160v\u00e9dske gramatick\u00e9 cvi\u010denia","og_description":"T\u00e9my \u0161v\u00e9dskej gramatiky U\u010denie sa \u0161v\u00e9d\u010diny, \u00faradn\u00e9ho jazyka \u0160v\u00e9dska a jedn\u00e9ho z \u00faradn\u00fdch jazykov F\u00ednska, m\u00f4\u017ee by\u0165 obohacuj\u00facou sk\u00fasenos\u0165ou. Nielen\u017ee v\u00e1s","og_url":"https:\/\/talkpal.ai\/sk\/svedske-gramaticke-cvicenia\/","og_site_name":"Talkpal","article_publisher":"https:\/\/www.facebook.com\/profile.php?id=100090733639311","article_modified_time":"2025-12-17T15:29:42+00:00","og_image":[{"width":512,"height":512,"url":"https:\/\/talkpal.ai\/wp-content\/uploads\/2023\/04\/sweden.png","type":"image\/png"}],"twitter_card":"summary_large_image","twitter_site":"@talkpalai","twitter_misc":{"Predpokladan\u00fd \u010das \u010d\u00edtania":"3 min\u00faty"},"schema":{"@context":"https:\/\/schema.org","@graph":[{"@type":"WebPage","@id":"https:\/\/talkpal.ai\/sk\/svedske-gramaticke-cvicenia\/","url":"https:\/\/talkpal.ai\/sk\/svedske-gramaticke-cvicenia\/","name":"\u0160v\u00e9dske gramatick\u00e9 cvi\u010denia - Talkpal","isPartOf":{"@id":"https:\/\/talkpal.ai\/sk\/#website"},"primaryImageOfPage":{"@id":"https:\/\/talkpal.ai\/sk\/svedske-gramaticke-cvicenia\/#primaryimage"},"image":{"@id":"https:\/\/talkpal.ai\/sk\/svedske-gramaticke-cvicenia\/#primaryimage"},"thumbnailUrl":"https:\/\/talkpal.ai\/wp-content\/uploads\/2023\/04\/sweden.png","datePublished":"2023-06-16T10:01:38+00:00","dateModified":"2025-12-17T15:29:42+00:00","description":"Zlep\u0161ite svoje jazykov\u00e9 zru\u010dnosti pomocou p\u00fatav\u00fdch cvi\u010den\u00ed zo \u0161v\u00e9dskej gramatiky ur\u010den\u00fdch pre v\u0161etky \u00farovne \u0161tudentov.","breadcrumb":{"@id":"https:\/\/talkpal.ai\/sk\/svedske-gramaticke-cvicenia\/#breadcrumb"},"inLanguage":"sk-SK","potentialAction":[{"@type":"ReadAction","target":["https:\/\/talkpal.ai\/sk\/svedske-gramaticke-cvicenia\/"]}]},{"@type":"ImageObject","inLanguage":"sk-SK","@id":"https:\/\/talkpal.ai\/sk\/svedske-gramaticke-cvicenia\/#primaryimage","url":"https:\/\/talkpal.ai\/wp-content\/uploads\/2023\/04\/sweden.png","contentUrl":"https:\/\/talkpal.ai\/wp-content\/uploads\/2023\/04\/sweden.png","width":512,"height":512},{"@type":"BreadcrumbList","@id":"https:\/\/talkpal.ai\/sk\/svedske-gramaticke-cvicenia\/#breadcrumb","itemListElement":[{"@type":"ListItem","position":1,"name":"Homepage","item":"https:\/\/talkpal.ai\/sk\/"},{"@type":"ListItem","position":2,"name":"\u0160v\u00e9dske gramatick\u00e9 cvi\u010denia"}]},{"@type":"WebSite","@id":"https:\/\/talkpal.ai\/sk\/#website","url":"https:\/\/talkpal.ai\/sk\/","name":"Talkpal","description":"AI Language Learning","publisher":{"@id":"https:\/\/talkpal.ai\/sk\/#organization"},"alternateName":"Talkpal AI","potentialAction":[{"@type":"SearchAction","target":{"@type":"EntryPoint","urlTemplate":"https:\/\/talkpal.ai\/sk\/?s={search_term_string}"},"query-input":{"@type":"PropertyValueSpecification","valueRequired":true,"valueName":"search_term_string"}}],"inLanguage":"sk-SK"},{"@type":"Organization","@id":"https:\/\/talkpal.ai\/sk\/#organization","name":"Talkpal, Inc.","alternateName":"Talkpal AI","url":"https:\/\/talkpal.ai\/sk\/","logo":{"@type":"ImageObject","inLanguage":"sk-SK","@id":"https:\/\/talkpal.ai\/sk\/#\/schema\/logo\/image\/","url":"https:\/\/talkpal.ai\/wp-content\/uploads\/2024\/03\/Talkpal-Logo-Icon.png","contentUrl":"https:\/\/talkpal.ai\/wp-content\/uploads\/2024\/03\/Talkpal-Logo-Icon.png","width":2880,"height":2880,"caption":"Talkpal, Inc."},"image":{"@id":"https:\/\/talkpal.ai\/sk\/#\/schema\/logo\/image\/"},"sameAs":["https:\/\/www.facebook.com\/profile.php?id=100090733639311","https:\/\/x.com\/talkpalai","https:\/\/www.linkedin.com\/company\/talkpal\/","https:\/\/www.youtube.com\/@TalkPal\/","https:\/\/www.tiktok.com\/@talkpal","https:\/\/www.instagram.com\/talkpal_ai\/","https:\/\/www.crunchbase.com\/organization\/talkpal-9cde","https:\/\/www.g2.com\/products\/talkpal-for-business\/","https:\/\/www.trustpilot.com\/review\/talkpal.ai","https:\/\/www.capterra.com\/p\/10006800\/TalkPal\/"],"description":"Talkpal is a language learning web and mobile education app, powered by the latest AI technologies, that provides engaging experiences to its customers in many different languages to help them improve their language skills. Users can chat about unlimited amount of topics with the app and use other modes to practice their language learning.","email":"support@talkpal.ai","legalName":"Talkpal, Inc.","foundingDate":"2023-04-03","duns":"118989042","numberOfEmployees":{"@type":"QuantitativeValue","minValue":"11","maxValue":"50"},"publishingPrinciples":"https:\/\/talkpal.ai\/publishing-principles\/","actionableFeedbackPolicy":"https:\/\/talkpal.ai\/actionable-feedback-policy\/","correctionsPolicy":"https:\/\/talkpal.ai\/corrections-policy\/","ethicsPolicy":"https:\/\/talkpal.ai\/ethics-policy\/","diversityPolicy":"https:\/\/talkpal.ai\/diversity-policy\/","diversityStaffingReport":"https:\/\/talkpal.ai\/diversity-policy\/"}]}},"_links":{"self":[{"href":"https:\/\/talkpal.ai\/sk\/wp-json\/wp\/v2\/pages\/133808","targetHints":{"allow":["GET"]}}],"collection":[{"href":"https:\/\/talkpal.ai\/sk\/wp-json\/wp\/v2\/pages"}],"about":[{"href":"https:\/\/talkpal.ai\/sk\/wp-json\/wp\/v2\/types\/page"}],"author":[{"embeddable":true,"href":"https:\/\/talkpal.ai\/sk\/wp-json\/wp\/v2\/users\/6"}],"replies":[{"embeddable":true,"href":"https:\/\/talkpal.ai\/sk\/wp-json\/wp\/v2\/comments?post=133808"}],"version-history":[{"count":0,"href":"https:\/\/talkpal.ai\/sk\/wp-json\/wp\/v2\/pages\/133808\/revisions"}],"wp:featuredmedia":[{"embeddable":true,"href":"https:\/\/talkpal.ai\/sk\/wp-json\/wp\/v2\/media\/108266"}],"wp:attachment":[{"href":"https:\/\/talkpal.ai\/sk\/wp-json\/wp\/v2\/media?parent=133808"}],"curies":[{"name":"wp","href":"https:\/\/api.w.org\/{rel}","templated":true}]}}