{"id":133447,"date":"2023-06-16T09:41:10","date_gmt":"2023-06-16T09:41:10","guid":{"rendered":"http:\/\/talkpal.ai\/holandske-gramaticke-cvicenia\/"},"modified":"2025-12-17T15:27:36","modified_gmt":"2025-12-17T15:27:36","slug":"holandske-gramaticke-cvicenia","status":"publish","type":"page","link":"https:\/\/talkpal.ai\/sk\/holandske-gramaticke-cvicenia\/","title":{"rendered":"Holandsk\u00e9 gramatick\u00e9 cvi\u010denia"},"content":{"rendered":"\r\n\r\n\r\n<section class=\"languageChallengeSection\">\r\n    <div class=\"languageInfoWrapper\">\r\n        \r\n        <h1>Holandsk\u00e9 gramatick\u00e9 cvi\u010denia<\/h1>\r\n        <p>Chcete si by\u0165 istej\u0161\u00ed v holand\u010dine? Precvi\u010dovanie gramatick\u00fdch cvi\u010den\u00ed je skvel\u00fd sp\u00f4sob, ako si osvoji\u0165 \u0161trukt\u00faru viet, slovesn\u00e9 spojenia a jedine\u010dn\u00e9 vzorce holandsk\u00e9ho jazyka. Za\u010dnite pracova\u0165 na holandskej gramatike e\u0161te dnes a sledujte, ako va\u0161e zru\u010dnosti a plynulos\u0165 rast\u00fa s ka\u017ed\u00fdm cvi\u010den\u00edm!\n\n<\/p>\r\n\r\n                            <a class=\"getStartedHidden\" href=\"https:\/\/app.talkpal.ai\/sk\/signup?lng=\">Za\u010dni<\/a>\r\n        \r\n    <\/div>\r\n\r\n    <figure>\r\n    <img decoding=\"async\" width=\"768\" height=\"768\" src=\"https:\/\/talkpal.ai\/wp-content\/uploads\/2023\/06\/Dutch-768x768.png\" class=\"languageImage no-lazy\" alt=\"Developing skills through language learning\" fetchpriority=\"high\" sizes=\"(max-width: 768px) 150px, 768px\" srcset=\"https:\/\/talkpal.ai\/wp-content\/uploads\/2023\/06\/Dutch-768x768.png 768w, https:\/\/talkpal.ai\/wp-content\/uploads\/2023\/06\/Dutch-300x300.png 300w\" \/>\r\n    \r\n\r\n    <\/figure>\r\n\r\n            <a class=\"getStartedVisible\" href=\"https:\/\/app.talkpal.ai\/sk\/signup?lng=\">Za\u010dni<\/a>\r\n    \r\n<\/section>\r\n\r\n\r\n<!-- <section class=\"grammarSection\">\r\n    <div class=\"grammarLinks\">\r\n            <\/div>\r\n<\/section> -->\r\n\r\n\r\n\r\n\r\n<section class=\"promotionalBanner\">\r\n    <p class=\"promotionalText\">Najefekt\u00edvnej\u0161\u00ed sp\u00f4sob, ako sa nau\u010di\u0165 jazyk<\/p>\r\n    <a class=\"promotionalLink\" href=\"https:\/\/app.talkpal.ai\/sk\/signup?lng=\">Vysk\u00fa\u0161ajte Talkpal zadarmo<\/a>\r\n<\/section>\n<div class=\"wp-block-group pageContainerStyle\"><div class=\"wp-block-group__inner-container is-layout-constrained wp-block-group-is-layout-constrained\">\n<h2 class=\"wp-block-heading\" id=\"h-dutch-grammar-topics\">T\u00e9my holandskej gramatiky<\/h2>\n\n\n\n<p><a href=\"https:\/\/talkpal.ai\/sk\/ucenie\/\">U\u010denie sa<\/a> holand\u010diny m\u00f4\u017ee by\u0165 vzru\u0161uj\u00facou a obohacuj\u00facou sk\u00fasenos\u0165ou, preto\u017ee otv\u00e1ra dvere k bohatej kult\u00fare, hist\u00f3rii a pr\u00edle\u017eitostiam na osobn\u00fd a profesion\u00e1lny rast. <a href=\"https:\/\/talkpal.ai\/learn-dutch\/\">Holandsk\u00fd<\/a> jazyk, aj ke\u010f je \u00fazko spojen\u00fd s angli\u010dtinou a nem\u010dinou, m\u00e1 svoje vlastn\u00e9 jedine\u010dn\u00e9 gramatick\u00e9 pravidl\u00e1 a \u0161trukt\u00faru, ktor\u00e9 sa na prv\u00fd poh\u013ead m\u00f4\u017eu zda\u0165 n\u00e1ro\u010dn\u00e9. Av\u0161ak s odhodlan\u00edm a spr\u00e1vnym pr\u00edstupom m\u00f4\u017eete ovl\u00e1da\u0165 <a href=\"https:\/\/talkpal.ai\/learn-dutch\/\">holandsk\u00fd<\/a> jazyk a plynule komunikova\u0165 s roden\u00fdmi hovorcami. V tejto pr\u00edru\u010dke presk\u00famame niektor\u00e9 z\u00e1kladn\u00e9 t\u00e9my holandskej gramatiky zoskupen\u00e9 do sekvencie, ktor\u00e1 v\u00e1m pom\u00f4\u017ee <a href=\"https:\/\/talkpal.ai\/sk\/ako-sa-naucit-jazyk-rychlo-a-efektivne-tipy-ktore-funguju\/\">nau\u010di\u0165 sa jazyk<\/a> systematick\u00fdm a efekt\u00edvnym sp\u00f4sobom.<\/p>\n\n\n\n<h3 class=\"wp-block-heading\" id=\"h-1-nouns-and-articles\">1. Podstatn\u00e9 men\u00e1 a \u010dleny:<\/h3>\n\n\n\n<p>Za\u010dnite t\u00fdm, \u017ee sa zozn\u00e1mite s holandsk\u00fdmi podstatn\u00fdmi menami a ich rodovou klasifik\u00e1ciou (be\u017enou a kastrovanou). Nau\u010dte sa ur\u010dit\u00e9 a neur\u010dit\u00e9 \u010dl\u00e1nky, ktor\u00e9 ich sprev\u00e1dzaj\u00fa, ako aj tvary mno\u017en\u00e9ho \u010d\u00edsla a zdrobnen\u00e9 konce.<\/p>\n\n\n\n<h3 class=\"wp-block-heading\" id=\"h-2-adjectives\">2. Pr\u00eddavn\u00e9 men\u00e1:<\/h3>\n\n\n\n<p>\u010ealej si pre\u0161tudujte pravidl\u00e1 pre zhodu pr\u00eddavn\u00fdch mien s podstatn\u00fdmi menami z h\u013eadiska pohlavia, \u010d\u00edsla a pr\u00edtomnosti ur\u010dit\u00fdch \u010dl\u00e1nkov. Nau\u010dte sa, ako sa pr\u00eddavn\u00e9 men\u00e1 sklo\u0148uj\u00fa na z\u00e1klade t\u00fdchto faktorov a ako pou\u017e\u00edva\u0165 porovn\u00e1vacie a superlat\u00edvne tvary.<\/p>\n\n\n\n<h3 class=\"wp-block-heading\" id=\"h-3-pronouns\">3. Z\u00e1men\u00e1:<\/h3>\n\n\n\n<p>Ponorte sa do sveta holandsk\u00fdch z\u00e1men vr\u00e1tane osobn\u00fdch, privlast\u0148ovac\u00edch, demon\u0161trat\u00edvnych, reflex\u00edvnych a relat\u00edvnych z\u00e1men. Pochopte, ako nahr\u00e1dzaj\u00fa podstatn\u00e9 men\u00e1 a ako s nimi s\u00fahlasia z h\u013eadiska pohlavia a po\u010dtu.<\/p>\n\n\n\n<h3 class=\"wp-block-heading\" id=\"h-4-verbs\">4. Sloves\u00e1:<\/h3>\n\n\n\n<p>Teraz sa zamerajte na holandsk\u00e9 sloves\u00e1 a ich \u010dasovacie vzory v s\u00fa\u010dasnom, minulom a bud\u00facom \u010dase. Nau\u010dte sa rozdiel medzi siln\u00fdmi, slab\u00fdmi a nepravideln\u00fdmi slovesami a obozn\u00e1mte sa s pravidlami vytv\u00e1rania dokonal\u00fdch a pludokonal\u00fdch \u010dasov.<\/p>\n\n\n\n<h3 class=\"wp-block-heading\" id=\"h-5-tenses-indicative\">5. Indikat\u00edvne \u010dasy:<\/h3>\n\n\n\n<p>Pre\u0161tudujte si indikat\u00edvnu n\u00e1ladu v holand\u010dine, ktor\u00e1 sa pou\u017e\u00edva na vyjadrenie faktov a pravdepodobnosti. Nau\u010dte sa, ako konjugova\u0165 sloves\u00e1 v pr\u00edtomnom, minulom a bud\u00facom \u010dase v tejto n\u00e1lade, ako aj v podmienen\u00fdch a imperat\u00edvnych form\u00e1ch.<\/p>\n\n\n\n<h3 class=\"wp-block-heading\" id=\"h-6-tenses-subjunctive\">6. \u010casy subjunkt\u00edvne:<\/h3>\n\n\n\n<p>Hoci je subjunkt\u00edvna n\u00e1lada v modernej holand\u010dine menej be\u017en\u00e1, je nevyhnutn\u00e1 pre pochopenie star\u0161\u00edch textov a form\u00e1lneho jazyka. Nau\u010dte sa, ako vytvori\u0165 subjunkt\u00edvnu n\u00e1ladu v holand\u010dine a kedy ju pou\u017ei\u0165.<\/p>\n\n\n\n<h3 class=\"wp-block-heading\" id=\"h-7-tense-comparison\">7. Nap\u00e4t\u00e9 porovnanie:<\/h3>\n\n\n\n<p>Po zvl\u00e1dnut\u00ed r\u00f4znych \u010dasov sa zamerajte na pochopenie rozdielov a podobnost\u00ed medzi nimi. Nau\u010dte sa, ako spr\u00e1vne pou\u017e\u00edva\u0165 jednotliv\u00e9 \u010dasy v kontexte a ako na seba vz\u00e1jomne p\u00f4sobia.<\/p>\n\n\n\n<h3 class=\"wp-block-heading\" id=\"h-8-adverbs\">8. Pr\u00edslovky:<\/h3>\n\n\n\n<p>\u0160tudujte holandsk\u00e9 pr\u00edslovky a ich r\u00f4zne funkcie vo vet\u00e1ch. Nau\u010dte sa, ako tvori\u0165 pr\u00edslovky z pr\u00eddavn\u00fdch mien a ako ich pou\u017e\u00edva\u0165 na \u00fapravu slovies, pr\u00eddavn\u00fdch mien a in\u00fdch pr\u00edsloviek.<\/p>\n\n\n\n<h3 class=\"wp-block-heading\" id=\"h-9-prepositions\">9. Predlo\u017eky:<\/h3>\n\n\n\n<p>Rozv\u00edjajte siln\u00e9 ch\u00e1panie holandsk\u00fdch predlo\u017eiek a ich pou\u017e\u00edvania s podstatn\u00fdmi menami, z\u00e1menami a slovesami. Nau\u010dte sa, ako vyjadruj\u00fa vz\u0165ahy v \u010dase, priestore a in\u00fdch kontextoch.<\/p>\n\n\n\n<h3 class=\"wp-block-heading\" id=\"h-10-sentence-structure\">10. \u0160trukt\u00fara vety:<\/h3>\n\n\n\n<p>Nakoniec to v\u0161etko spojte \u0161t\u00fadiom holandskej vetnej \u0161trukt\u00fary a slovosledu. Nau\u010dte sa pravidl\u00e1 pre kon\u0161trukciu jednoduch\u00fdch a zlo\u017eit\u00fdch viet vr\u00e1tane deklarat\u00edvnych, opytovac\u00edch, imperat\u00edvnych a v\u00fdkri\u010dn\u00edkov\u00fdch viet.<\/p>\n\n\n\n<p>Dodr\u017eiavan\u00edm tejto postupnosti gramatick\u00fdch t\u00e9m a venovan\u00edm \u010dasu precvi\u010dovaniu a kontrole budete na dobrej ceste k zvl\u00e1dnutiu holandsk\u00e9ho jazyka. Pam\u00e4tajte, \u017ee d\u00f4slednos\u0165 a trpezlivos\u0165 s\u00fa k\u013e\u00fa\u010dom k u\u010deniu sa ak\u00e9hoko\u013evek nov\u00e9ho jazyka. Ve\u013ea \u0161\u0165astia a u\u017eite si cestu!<\/p>\n<\/div><\/div>\n\r\n<section class=\"learnNavigationSection\">\r\n            \r\n        <a href=\"https:\/\/talkpal.ai\/sk\/naucte-sa-holandsky\/\">\r\n            <div class=\"learnNavigationWrapper\">\r\n                <div class=\"learnNavigationContent\">\r\n                    <img decoding=\"async\" src=\"https:\/\/talkpal.ai\/wp-content\/uploads\/2024\/08\/Dutch.jpg\" alt=\"Netherlands Flag\">\r\n                    <div>\r\n                        <h4>O holandskom vzdel\u00e1van\u00ed<\/h4>\r\n                        <p>Zistite v\u0161etko o holandskej gramatike.<\/p>\r\n                    <\/div>\r\n                <\/div>\r\n            <\/div>\r\n        <\/a>\r\n\r\n        \r\n        <a href=\"https:\/\/talkpal.ai\/sk\/holandska-gramatika\/\">\r\n            <div class=\"learnNavigationWrapper\">\r\n                <div class=\"learnNavigationContent\">\r\n                    <img decoding=\"async\" src=\"https:\/\/talkpal.ai\/wp-content\/uploads\/2024\/08\/Dutch.jpg\" alt=\"Netherlands Flag\">\r\n                    <div>\r\n                        <h4>Lekcie holandskej gramatiky<\/h4>\r\n                        <p>Precvi\u010dte si holandsk\u00fa gramatiku.<\/p>\r\n                    <\/div>\r\n                <\/div>\r\n            <\/div>\r\n        <\/a>\r\n\r\n        \r\n        <a href=\"https:\/\/talkpal.ai\/vocabulary_language\/dutch\/\">\r\n            <div class=\"learnNavigationWrapper\">\r\n                <div class=\"learnNavigationContent\">\r\n                    <img decoding=\"async\" src=\"https:\/\/talkpal.ai\/wp-content\/uploads\/2024\/08\/Dutch.jpg\" alt=\"Netherlands Flag\">\r\n                    <div>\r\n                        <h4>Holandsk\u00e1 slovn\u00e1 z\u00e1soba<\/h4>\r\n                        <p>Roz\u0161\u00edrte si slovn\u00fa z\u00e1sobu holand\u010diny.<\/p>\r\n                    <\/div>\r\n                <\/div>\r\n            <\/div>\r\n        <\/a>\r\n\r\n            <\/section>","protected":false},"excerpt":{"rendered":"<p>T\u00e9my holandskej gramatiky U\u010denie sa holand\u010diny m\u00f4\u017ee by\u0165 vzru\u0161uj\u00facou a obohacuj\u00facou sk\u00fasenos\u0165ou, preto\u017ee otv\u00e1ra dvere k bohatej kult\u00fare, hist\u00f3rii a pr\u00edle\u017eitostiam na osobn\u00fd a profesion\u00e1lny rast. Holandsk\u00fd jazyk, aj ke\u010f je \u00fazko spojen\u00fd s angli\u010dtinou a nem\u010dinou, m\u00e1 svoje vlastn\u00e9 jedine\u010dn\u00e9 gramatick\u00e9 pravidl\u00e1 a \u0161trukt\u00faru, ktor\u00e9 sa na prv\u00fd poh\u013ead m\u00f4\u017eu zda\u0165 n\u00e1ro\u010dn\u00e9. Av\u0161ak s [&hellip;]<\/p>\n","protected":false},"author":6,"featured_media":106307,"parent":0,"menu_order":0,"comment_status":"closed","ping_status":"closed","template":"LearningContentPage.php","meta":{"_acf_changed":false,"footnotes":""},"class_list":["post-133447","page","type-page","status-publish","has-post-thumbnail","hentry"],"acf":[],"yoast_head":"<!-- This site is optimized with the Yoast SEO Premium plugin v27.2 (Yoast SEO v27.2) - https:\/\/yoast.com\/product\/yoast-seo-premium-wordpress\/ -->\n<title>Holandsk\u00e9 gramatick\u00e9 cvi\u010denia - Talkpal<\/title>\n<meta name=\"description\" content=\"Zlep\u0161ite svoje jazykov\u00e9 zru\u010dnosti pomocou interakt\u00edvnych cvi\u010den\u00ed z holandskej gramatiky od Talkpal, v\u00e1\u0161ho jazykov\u00e9ho u\u010dite\u013ea poh\u00e1\u0148an\u00e9ho umelou inteligenciou.\" \/>\n<meta name=\"robots\" content=\"index, follow, max-snippet:-1, max-image-preview:large, max-video-preview:-1\" \/>\n<link rel=\"canonical\" href=\"https:\/\/talkpal.ai\/sk\/holandske-gramaticke-cvicenia\/\" \/>\n<meta property=\"og:locale\" content=\"sk_SK\" \/>\n<meta property=\"og:type\" content=\"article\" \/>\n<meta property=\"og:title\" content=\"Holandsk\u00e9 gramatick\u00e9 cvi\u010denia\" \/>\n<meta property=\"og:description\" content=\"T\u00e9my holandskej gramatiky U\u010denie sa holand\u010diny m\u00f4\u017ee by\u0165 vzru\u0161uj\u00facou a obohacuj\u00facou sk\u00fasenos\u0165ou, preto\u017ee otv\u00e1ra dvere k bohatej kult\u00fare, hist\u00f3rii a\" \/>\n<meta property=\"og:url\" content=\"https:\/\/talkpal.ai\/sk\/holandske-gramaticke-cvicenia\/\" \/>\n<meta property=\"og:site_name\" content=\"Talkpal\" \/>\n<meta property=\"article:publisher\" content=\"https:\/\/www.facebook.com\/profile.php?id=100090733639311\" \/>\n<meta property=\"article:modified_time\" content=\"2025-12-17T15:27:36+00:00\" \/>\n<meta property=\"og:image\" content=\"https:\/\/talkpal.ai\/wp-content\/uploads\/2023\/04\/netherlands-dutch.png\" \/>\n\t<meta property=\"og:image:width\" content=\"512\" \/>\n\t<meta property=\"og:image:height\" content=\"512\" \/>\n\t<meta property=\"og:image:type\" content=\"image\/png\" \/>\n<meta name=\"twitter:card\" content=\"summary_large_image\" \/>\n<meta name=\"twitter:site\" content=\"@talkpalai\" \/>\n<meta name=\"twitter:label1\" content=\"Predpokladan\u00fd \u010das \u010d\u00edtania\" \/>\n\t<meta name=\"twitter:data1\" content=\"3 min\u00faty\" \/>\n<script type=\"application\/ld+json\" class=\"yoast-schema-graph\">{\"@context\":\"https:\/\/schema.org\",\"@graph\":[{\"@type\":\"WebPage\",\"@id\":\"https:\/\/talkpal.ai\/sk\/holandske-gramaticke-cvicenia\/\",\"url\":\"https:\/\/talkpal.ai\/sk\/holandske-gramaticke-cvicenia\/\",\"name\":\"Holandsk\u00e9 gramatick\u00e9 cvi\u010denia - Talkpal\",\"isPartOf\":{\"@id\":\"https:\/\/talkpal.ai\/sk\/#website\"},\"primaryImageOfPage\":{\"@id\":\"https:\/\/talkpal.ai\/sk\/holandske-gramaticke-cvicenia\/#primaryimage\"},\"image\":{\"@id\":\"https:\/\/talkpal.ai\/sk\/holandske-gramaticke-cvicenia\/#primaryimage\"},\"thumbnailUrl\":\"https:\/\/talkpal.ai\/wp-content\/uploads\/2023\/04\/netherlands-dutch.png\",\"datePublished\":\"2023-06-16T09:41:10+00:00\",\"dateModified\":\"2025-12-17T15:27:36+00:00\",\"description\":\"Zlep\u0161ite svoje jazykov\u00e9 zru\u010dnosti pomocou interakt\u00edvnych cvi\u010den\u00ed z holandskej gramatiky od Talkpal, v\u00e1\u0161ho jazykov\u00e9ho u\u010dite\u013ea poh\u00e1\u0148an\u00e9ho umelou inteligenciou.\",\"breadcrumb\":{\"@id\":\"https:\/\/talkpal.ai\/sk\/holandske-gramaticke-cvicenia\/#breadcrumb\"},\"inLanguage\":\"sk-SK\",\"potentialAction\":[{\"@type\":\"ReadAction\",\"target\":[\"https:\/\/talkpal.ai\/sk\/holandske-gramaticke-cvicenia\/\"]}]},{\"@type\":\"ImageObject\",\"inLanguage\":\"sk-SK\",\"@id\":\"https:\/\/talkpal.ai\/sk\/holandske-gramaticke-cvicenia\/#primaryimage\",\"url\":\"https:\/\/talkpal.ai\/wp-content\/uploads\/2023\/04\/netherlands-dutch.png\",\"contentUrl\":\"https:\/\/talkpal.ai\/wp-content\/uploads\/2023\/04\/netherlands-dutch.png\",\"width\":512,\"height\":512},{\"@type\":\"BreadcrumbList\",\"@id\":\"https:\/\/talkpal.ai\/sk\/holandske-gramaticke-cvicenia\/#breadcrumb\",\"itemListElement\":[{\"@type\":\"ListItem\",\"position\":1,\"name\":\"Homepage\",\"item\":\"https:\/\/talkpal.ai\/sk\/\"},{\"@type\":\"ListItem\",\"position\":2,\"name\":\"Holandsk\u00e9 gramatick\u00e9 cvi\u010denia\"}]},{\"@type\":\"WebSite\",\"@id\":\"https:\/\/talkpal.ai\/sk\/#website\",\"url\":\"https:\/\/talkpal.ai\/sk\/\",\"name\":\"Talkpal\",\"description\":\"AI Language Learning\",\"publisher\":{\"@id\":\"https:\/\/talkpal.ai\/sk\/#organization\"},\"alternateName\":\"Talkpal AI\",\"potentialAction\":[{\"@type\":\"SearchAction\",\"target\":{\"@type\":\"EntryPoint\",\"urlTemplate\":\"https:\/\/talkpal.ai\/sk\/?s={search_term_string}\"},\"query-input\":{\"@type\":\"PropertyValueSpecification\",\"valueRequired\":true,\"valueName\":\"search_term_string\"}}],\"inLanguage\":\"sk-SK\"},{\"@type\":\"Organization\",\"@id\":\"https:\/\/talkpal.ai\/sk\/#organization\",\"name\":\"Talkpal, Inc.\",\"alternateName\":\"Talkpal AI\",\"url\":\"https:\/\/talkpal.ai\/sk\/\",\"logo\":{\"@type\":\"ImageObject\",\"inLanguage\":\"sk-SK\",\"@id\":\"https:\/\/talkpal.ai\/sk\/#\/schema\/logo\/image\/\",\"url\":\"https:\/\/talkpal.ai\/wp-content\/uploads\/2024\/03\/Talkpal-Logo-Icon.png\",\"contentUrl\":\"https:\/\/talkpal.ai\/wp-content\/uploads\/2024\/03\/Talkpal-Logo-Icon.png\",\"width\":2880,\"height\":2880,\"caption\":\"Talkpal, Inc.\"},\"image\":{\"@id\":\"https:\/\/talkpal.ai\/sk\/#\/schema\/logo\/image\/\"},\"sameAs\":[\"https:\/\/www.facebook.com\/profile.php?id=100090733639311\",\"https:\/\/x.com\/talkpalai\",\"https:\/\/www.linkedin.com\/company\/talkpal\/\",\"https:\/\/www.youtube.com\/@TalkPal\/\",\"https:\/\/www.tiktok.com\/@talkpal\",\"https:\/\/www.instagram.com\/talkpal_ai\/\",\"https:\/\/www.crunchbase.com\/organization\/talkpal-9cde\",\"https:\/\/www.g2.com\/products\/talkpal-for-business\/\",\"https:\/\/www.trustpilot.com\/review\/talkpal.ai\",\"https:\/\/www.capterra.com\/p\/10006800\/TalkPal\/\"],\"description\":\"Talkpal is a language learning web and mobile education app, powered by the latest AI technologies, that provides engaging experiences to its customers in many different languages to help them improve their language skills. Users can chat about unlimited amount of topics with the app and use other modes to practice their language learning.\",\"email\":\"support@talkpal.ai\",\"legalName\":\"Talkpal, Inc.\",\"foundingDate\":\"2023-04-03\",\"duns\":\"118989042\",\"numberOfEmployees\":{\"@type\":\"QuantitativeValue\",\"minValue\":\"11\",\"maxValue\":\"50\"},\"publishingPrinciples\":\"https:\/\/talkpal.ai\/publishing-principles\/\",\"actionableFeedbackPolicy\":\"https:\/\/talkpal.ai\/actionable-feedback-policy\/\",\"correctionsPolicy\":\"https:\/\/talkpal.ai\/corrections-policy\/\",\"ethicsPolicy\":\"https:\/\/talkpal.ai\/ethics-policy\/\",\"diversityPolicy\":\"https:\/\/talkpal.ai\/diversity-policy\/\",\"diversityStaffingReport\":\"https:\/\/talkpal.ai\/diversity-policy\/\"}]}<\/script>\n<!-- \/ Yoast SEO Premium plugin. -->","yoast_head_json":{"title":"Holandsk\u00e9 gramatick\u00e9 cvi\u010denia - Talkpal","description":"Zlep\u0161ite svoje jazykov\u00e9 zru\u010dnosti pomocou interakt\u00edvnych cvi\u010den\u00ed z holandskej gramatiky od Talkpal, v\u00e1\u0161ho jazykov\u00e9ho u\u010dite\u013ea poh\u00e1\u0148an\u00e9ho umelou inteligenciou.","robots":{"index":"index","follow":"follow","max-snippet":"max-snippet:-1","max-image-preview":"max-image-preview:large","max-video-preview":"max-video-preview:-1"},"canonical":"https:\/\/talkpal.ai\/sk\/holandske-gramaticke-cvicenia\/","og_locale":"sk_SK","og_type":"article","og_title":"Holandsk\u00e9 gramatick\u00e9 cvi\u010denia","og_description":"T\u00e9my holandskej gramatiky U\u010denie sa holand\u010diny m\u00f4\u017ee by\u0165 vzru\u0161uj\u00facou a obohacuj\u00facou sk\u00fasenos\u0165ou, preto\u017ee otv\u00e1ra dvere k bohatej kult\u00fare, hist\u00f3rii a","og_url":"https:\/\/talkpal.ai\/sk\/holandske-gramaticke-cvicenia\/","og_site_name":"Talkpal","article_publisher":"https:\/\/www.facebook.com\/profile.php?id=100090733639311","article_modified_time":"2025-12-17T15:27:36+00:00","og_image":[{"width":512,"height":512,"url":"https:\/\/talkpal.ai\/wp-content\/uploads\/2023\/04\/netherlands-dutch.png","type":"image\/png"}],"twitter_card":"summary_large_image","twitter_site":"@talkpalai","twitter_misc":{"Predpokladan\u00fd \u010das \u010d\u00edtania":"3 min\u00faty"},"schema":{"@context":"https:\/\/schema.org","@graph":[{"@type":"WebPage","@id":"https:\/\/talkpal.ai\/sk\/holandske-gramaticke-cvicenia\/","url":"https:\/\/talkpal.ai\/sk\/holandske-gramaticke-cvicenia\/","name":"Holandsk\u00e9 gramatick\u00e9 cvi\u010denia - Talkpal","isPartOf":{"@id":"https:\/\/talkpal.ai\/sk\/#website"},"primaryImageOfPage":{"@id":"https:\/\/talkpal.ai\/sk\/holandske-gramaticke-cvicenia\/#primaryimage"},"image":{"@id":"https:\/\/talkpal.ai\/sk\/holandske-gramaticke-cvicenia\/#primaryimage"},"thumbnailUrl":"https:\/\/talkpal.ai\/wp-content\/uploads\/2023\/04\/netherlands-dutch.png","datePublished":"2023-06-16T09:41:10+00:00","dateModified":"2025-12-17T15:27:36+00:00","description":"Zlep\u0161ite svoje jazykov\u00e9 zru\u010dnosti pomocou interakt\u00edvnych cvi\u010den\u00ed z holandskej gramatiky od Talkpal, v\u00e1\u0161ho jazykov\u00e9ho u\u010dite\u013ea poh\u00e1\u0148an\u00e9ho umelou inteligenciou.","breadcrumb":{"@id":"https:\/\/talkpal.ai\/sk\/holandske-gramaticke-cvicenia\/#breadcrumb"},"inLanguage":"sk-SK","potentialAction":[{"@type":"ReadAction","target":["https:\/\/talkpal.ai\/sk\/holandske-gramaticke-cvicenia\/"]}]},{"@type":"ImageObject","inLanguage":"sk-SK","@id":"https:\/\/talkpal.ai\/sk\/holandske-gramaticke-cvicenia\/#primaryimage","url":"https:\/\/talkpal.ai\/wp-content\/uploads\/2023\/04\/netherlands-dutch.png","contentUrl":"https:\/\/talkpal.ai\/wp-content\/uploads\/2023\/04\/netherlands-dutch.png","width":512,"height":512},{"@type":"BreadcrumbList","@id":"https:\/\/talkpal.ai\/sk\/holandske-gramaticke-cvicenia\/#breadcrumb","itemListElement":[{"@type":"ListItem","position":1,"name":"Homepage","item":"https:\/\/talkpal.ai\/sk\/"},{"@type":"ListItem","position":2,"name":"Holandsk\u00e9 gramatick\u00e9 cvi\u010denia"}]},{"@type":"WebSite","@id":"https:\/\/talkpal.ai\/sk\/#website","url":"https:\/\/talkpal.ai\/sk\/","name":"Talkpal","description":"AI Language Learning","publisher":{"@id":"https:\/\/talkpal.ai\/sk\/#organization"},"alternateName":"Talkpal AI","potentialAction":[{"@type":"SearchAction","target":{"@type":"EntryPoint","urlTemplate":"https:\/\/talkpal.ai\/sk\/?s={search_term_string}"},"query-input":{"@type":"PropertyValueSpecification","valueRequired":true,"valueName":"search_term_string"}}],"inLanguage":"sk-SK"},{"@type":"Organization","@id":"https:\/\/talkpal.ai\/sk\/#organization","name":"Talkpal, Inc.","alternateName":"Talkpal AI","url":"https:\/\/talkpal.ai\/sk\/","logo":{"@type":"ImageObject","inLanguage":"sk-SK","@id":"https:\/\/talkpal.ai\/sk\/#\/schema\/logo\/image\/","url":"https:\/\/talkpal.ai\/wp-content\/uploads\/2024\/03\/Talkpal-Logo-Icon.png","contentUrl":"https:\/\/talkpal.ai\/wp-content\/uploads\/2024\/03\/Talkpal-Logo-Icon.png","width":2880,"height":2880,"caption":"Talkpal, Inc."},"image":{"@id":"https:\/\/talkpal.ai\/sk\/#\/schema\/logo\/image\/"},"sameAs":["https:\/\/www.facebook.com\/profile.php?id=100090733639311","https:\/\/x.com\/talkpalai","https:\/\/www.linkedin.com\/company\/talkpal\/","https:\/\/www.youtube.com\/@TalkPal\/","https:\/\/www.tiktok.com\/@talkpal","https:\/\/www.instagram.com\/talkpal_ai\/","https:\/\/www.crunchbase.com\/organization\/talkpal-9cde","https:\/\/www.g2.com\/products\/talkpal-for-business\/","https:\/\/www.trustpilot.com\/review\/talkpal.ai","https:\/\/www.capterra.com\/p\/10006800\/TalkPal\/"],"description":"Talkpal is a language learning web and mobile education app, powered by the latest AI technologies, that provides engaging experiences to its customers in many different languages to help them improve their language skills. Users can chat about unlimited amount of topics with the app and use other modes to practice their language learning.","email":"support@talkpal.ai","legalName":"Talkpal, Inc.","foundingDate":"2023-04-03","duns":"118989042","numberOfEmployees":{"@type":"QuantitativeValue","minValue":"11","maxValue":"50"},"publishingPrinciples":"https:\/\/talkpal.ai\/publishing-principles\/","actionableFeedbackPolicy":"https:\/\/talkpal.ai\/actionable-feedback-policy\/","correctionsPolicy":"https:\/\/talkpal.ai\/corrections-policy\/","ethicsPolicy":"https:\/\/talkpal.ai\/ethics-policy\/","diversityPolicy":"https:\/\/talkpal.ai\/diversity-policy\/","diversityStaffingReport":"https:\/\/talkpal.ai\/diversity-policy\/"}]}},"_links":{"self":[{"href":"https:\/\/talkpal.ai\/sk\/wp-json\/wp\/v2\/pages\/133447","targetHints":{"allow":["GET"]}}],"collection":[{"href":"https:\/\/talkpal.ai\/sk\/wp-json\/wp\/v2\/pages"}],"about":[{"href":"https:\/\/talkpal.ai\/sk\/wp-json\/wp\/v2\/types\/page"}],"author":[{"embeddable":true,"href":"https:\/\/talkpal.ai\/sk\/wp-json\/wp\/v2\/users\/6"}],"replies":[{"embeddable":true,"href":"https:\/\/talkpal.ai\/sk\/wp-json\/wp\/v2\/comments?post=133447"}],"version-history":[{"count":0,"href":"https:\/\/talkpal.ai\/sk\/wp-json\/wp\/v2\/pages\/133447\/revisions"}],"wp:featuredmedia":[{"embeddable":true,"href":"https:\/\/talkpal.ai\/sk\/wp-json\/wp\/v2\/media\/106307"}],"wp:attachment":[{"href":"https:\/\/talkpal.ai\/sk\/wp-json\/wp\/v2\/media?parent=133447"}],"curies":[{"name":"wp","href":"https:\/\/api.w.org\/{rel}","templated":true}]}}