{"id":133061,"date":"2023-06-16T09:39:29","date_gmt":"2023-06-16T09:39:29","guid":{"rendered":"http:\/\/talkpal.ai\/cinske-gramaticke-cvicenia\/"},"modified":"2025-05-22T21:24:29","modified_gmt":"2025-05-22T21:24:29","slug":"cinske-gramaticke-cvicenia","status":"publish","type":"page","link":"https:\/\/talkpal.ai\/sk\/cinske-gramaticke-cvicenia\/","title":{"rendered":"\u010c\u00ednske gramatick\u00e9 cvi\u010denia"},"content":{"rendered":"\r\n\r\n\r\n<section class=\"languageChallengeSection\">\r\n    <div class=\"languageInfoWrapper\">\r\n        \r\n        <h1>\u010c\u00ednske gramatick\u00e9 cvi\u010denia<\/h1>\r\n        <p>Chcete si zlep\u0161i\u0165 svoje znalosti \u010d\u00ednskeho jazyka? Zameranie na gramatick\u00e9 cvi\u010denia v\u00e1m pom\u00f4\u017ee pochopi\u0165 \u0161trukt\u00faru vety, osvoji\u0165 si z\u00e1kladn\u00e9 vzorce a vybudova\u0165 si sebad\u00f4veru v ka\u017edodennej konverz\u00e1cii. Za\u010dnite s precvi\u010dovan\u00edm \u010d\u00ednskej gramatiky e\u0161te dnes a s ka\u017ed\u00fdm cvi\u010den\u00edm robte stabiln\u00e9 kroky k plynulosti!<\/p>\r\n\r\n                            <a class=\"getStartedHidden\" href=\"https:\/\/app.talkpal.ai\/sk\/signup?lng=\">Za\u010dni<\/a>\r\n        \r\n    <\/div>\r\n\r\n    <figure>\r\n    <img decoding=\"async\" width=\"768\" height=\"768\" src=\"https:\/\/talkpal.ai\/wp-content\/uploads\/2023\/06\/chinese-768x768.png\" class=\"languageImage no-lazy\" alt=\"Language learning for flexible communication\" fetchpriority=\"high\" sizes=\"(max-width: 768px) 150px, 768px\" srcset=\"https:\/\/talkpal.ai\/wp-content\/uploads\/2023\/06\/chinese-768x768.png 768w, https:\/\/talkpal.ai\/wp-content\/uploads\/2023\/06\/chinese-300x300.png 300w\" \/>\r\n    \r\n\r\n    <\/figure>\r\n\r\n            <a class=\"getStartedVisible\" href=\"https:\/\/app.talkpal.ai\/sk\/signup?lng=\">Za\u010dni<\/a>\r\n    \r\n<\/section>\r\n\r\n\r\n<!-- <section class=\"grammarSection\">\r\n    <div class=\"grammarLinks\">\r\n            <\/div>\r\n<\/section> -->\r\n\r\n\r\n\r\n\r\n<section class=\"promotionalBanner\">\r\n    <p class=\"promotionalText\">Najefekt\u00edvnej\u0161\u00ed sp\u00f4sob, ako sa nau\u010di\u0165 jazyk<\/p>\r\n    <a class=\"promotionalLink\" href=\"https:\/\/app.talkpal.ai\/sk\/signup?lng=\">Vysk\u00fa\u0161ajte Talkpal zadarmo<\/a>\r\n<\/section>\n<div class=\"wp-block-group pageContainerStyle\"><div class=\"wp-block-group__inner-container is-layout-constrained wp-block-group-is-layout-constrained\">\n<h2 class=\"wp-block-heading\" id=\"h-chinese-grammar-topics\">T\u00e9my \u010d\u00ednskej gramatiky<\/h2>\n\n\n\n<p><a href=\"https:\/\/talkpal.ai\/chinese-grammar\/\">\u010c\u00ednska gramatika<\/a> sa m\u00f4\u017ee na prv\u00fd poh\u013ead zda\u0165 zastra\u0161uj\u00faca, ale je nevyhnutn\u00e1 pre zvl\u00e1dnutie jazyka. V\u010faka svojmu jedine\u010dn\u00e9mu syst\u00e9mu znakov a ton\u00e1lnej povahe sa <a href=\"https:\/\/talkpal.ai\/chinese-grammar\/\">\u010d\u00ednska gramatika<\/a> riadi in\u00fdm s\u00faborom pravidiel ako <a href=\"https:\/\/talkpal.ai\/what-language-is-spoken-on-the-international-space-station\/\">jazyky<\/a> ako <a href=\"https:\/\/talkpal.ai\/learn-english-with-ai\/\">angli\u010dtina<\/a>. Osvojenie si t\u00fdchto pravidiel v spr\u00e1vnom porad\u00ed v\u00e1m pom\u00f4\u017ee efekt\u00edvnej\u0161ie napredova\u0165 v \u0161t\u00fadiu jazykov. Nasleduj\u00face t\u00e9my bud\u00fa diskutovan\u00e9 v odpor\u00fa\u010danom porad\u00ed u\u010denia: \u010dasy, sloves\u00e1, podstatn\u00e9 men\u00e1, \u010dl\u00e1nky, z\u00e1men\u00e1, pr\u00eddavn\u00e9 men\u00e1, pr\u00edslovky, predlo\u017eky a \u0161trukt\u00fara viet. T\u00e1to pr\u00edru\u010dka poskytne stru\u010dn\u00e9 vysvetlenie ka\u017edej t\u00e9my, ktor\u00e1 v\u00e1m pom\u00f4\u017ee lep\u0161ie pochopi\u0165 ich funkcie v \u010d\u00ednskom jazyku.<\/p>\n\n\n\n<h3 class=\"wp-block-heading\" id=\"h-1-tenses\">1. \u010casy:<\/h3>\n\n\n\n<p>Na rozdiel od angli\u010dtiny, <a href=\"https:\/\/talkpal.ai\/learn-chinese\/\">\u010d\u00edn\u0161tina<\/a> nem\u00e1 zlo\u017eit\u00e9 \u010dasovanie slovies na ozna\u010denie \u010dasu. Namiesto toho pou\u017e\u00edva \u010dasov\u00e9 slov\u00e1 alebo \u010dastice, aby uk\u00e1zal, kedy d\u00f4jde k akcii. Ak chcete vyjadri\u0165 minulos\u0165, pr\u00edtomnos\u0165 alebo bud\u00facnos\u0165, mali by ste sa najprv obozn\u00e1mi\u0165 s be\u017en\u00fdmi \u010dasov\u00fdmi slovami, ako s\u00fa &#8222;v\u010dera&#8220;, &#8222;dnes&#8220; a &#8222;zajtra&#8220;.<\/p>\n\n\n\n<h3 class=\"wp-block-heading\" id=\"h-2-verbs\">2. Sloves\u00e1:<\/h3>\n\n\n\n<p>Ke\u010f pochop\u00edte \u010dasy, je nevyhnutn\u00e9 nau\u010di\u0165 sa z\u00e1kladn\u00e9 sloves\u00e1 v \u010d\u00edn\u0161tine. Sloves\u00e1 s\u00fa k\u013e\u00fa\u010dov\u00e9, preto\u017ee vyjadruj\u00fa \u010diny a stavy a \u010dasto zost\u00e1vaj\u00fa nezmenen\u00e9 v r\u00f4znych \u010dasoch. Zamerajte sa na <a href=\"https:\/\/talkpal.ai\/sk\/ucenie\/\">u\u010denie sa<\/a> najbe\u017enej\u0161\u00edch slovies a ich vhodn\u00e9 pou\u017e\u00edvanie.<\/p>\n\n\n\n<h3 class=\"wp-block-heading\" id=\"h-3-nouns\">3. Podstatn\u00e9 men\u00e1:<\/h3>\n\n\n\n<p>Podstatn\u00e9 men\u00e1 s\u00fa stavebn\u00fdmi kame\u0148mi jazyka, ktor\u00e9 predstavuj\u00fa \u013eud\u00ed, miesta, veci alebo my\u0161lienky. V \u010d\u00edn\u0161tine s\u00fa podstatn\u00e9 men\u00e1 vo v\u0161eobecnosti jednoduch\u00e9 a m\u00f4\u017eete <a href=\"https:\/\/talkpal.ai\/ko\/ai-%ec%96%b8%ec%96%b4-%ea%b5%90%ec%82%ac\/\">za\u010da\u0165<\/a> t\u00fdm, \u017ee sa nau\u010d\u00edte tie najbe\u017enej\u0161ie a naju\u017eito\u010dnej\u0161ie, aby ste roz\u0161\u00edrili svoju slovn\u00fa z\u00e1sobu.<\/p>\n\n\n\n<h3 class=\"wp-block-heading\" id=\"h-4-articles\">4. \u010cl\u00e1nky:<\/h3>\n\n\n\n<p>V \u010d\u00edn\u0161tine sa nepou\u017e\u00edvaj\u00fa \u010dleny ako v angli\u010dtine &#8222;a&#8220; alebo &#8222;the&#8220;. Existuj\u00fa v\u0161ak mierov\u00e9 slov\u00e1, ktor\u00e9 sprev\u00e1dzaj\u00fa podstatn\u00e9 men\u00e1 na ozna\u010denie mno\u017estva. Tieto slov\u00e1 merania s\u00fa nevyhnutn\u00e9 pri diskusii o mno\u017estv\u00e1ch alebo po\u010dtoch konkr\u00e9tnych polo\u017eiek.<\/p>\n\n\n\n<h3 class=\"wp-block-heading\" id=\"h-5-pronouns\">5. Z\u00e1men\u00e1:<\/h3>\n\n\n\n<p>Z\u00e1men\u00e1 sa pou\u017e\u00edvaj\u00fa na nahradenie podstatn\u00fdch mien vo vete a s\u00fa rozhoduj\u00face, aby sa zabr\u00e1nilo opakovaniu. V \u010d\u00edn\u0161tine sa z\u00e1men\u00e1 menia na z\u00e1klade ich funkcie v r\u00e1mci vety, napr\u00edklad podmet, predmet alebo privlast\u0148ovac\u00ed predmet. Nau\u010dte sa r\u00f4zne z\u00e1men\u00e1 a ich spr\u00e1vne pou\u017e\u00edvanie, aby ste zlep\u0161ili svoju vetn\u00fa kon\u0161trukciu.<\/p>\n\n\n\n<h3 class=\"wp-block-heading\" id=\"h-6-adjectives\">6. Pr\u00eddavn\u00e9 men\u00e1:<\/h3>\n\n\n\n<p>Pr\u00eddavn\u00e9 men\u00e1 sa pou\u017e\u00edvaj\u00fa na opis alebo \u00fapravu podstatn\u00fdch mien a zohr\u00e1vaj\u00fa v\u00fdznamn\u00fa \u00falohu pri vytv\u00e1ran\u00ed expres\u00edvnej\u0161\u00edch a p\u00fatavej\u0161\u00edch viet. Nau\u010dte sa najbe\u017enej\u0161ie pr\u00eddavn\u00e9 men\u00e1 a ich umiestnenie vo vz\u0165ahu k podstatn\u00e9mu menu vo vete.<\/p>\n\n\n\n<h3 class=\"wp-block-heading\" id=\"h-7-adverbs\">7. Pr\u00edslovky:<\/h3>\n\n\n\n<p>Pr\u00edslovky s\u00fa nevyhnutn\u00e9 na poskytovanie dodato\u010dn\u00fdch inform\u00e1ci\u00ed o sloves\u00e1ch, pr\u00eddavn\u00fdch men\u00e1ch alebo in\u00fdch pr\u00edslovk\u00e1ch. M\u00f4\u017eu popisova\u0165, ako, kedy alebo kde k akcii d\u00f4jde. Zozn\u00e1mte sa s be\u017en\u00fdmi pr\u00edslovkami a ich pou\u017e\u00edvan\u00edm, aby ste zv\u00fd\u0161ili svoje opisn\u00e9 schopnosti.<\/p>\n\n\n\n<h3 class=\"wp-block-heading\" id=\"h-8-prepositions\">8. Predlo\u017eky:<\/h3>\n\n\n\n<p>Predlo\u017eky sa pou\u017e\u00edvaj\u00fa na ozna\u010denie vz\u0165ahu medzi podstatn\u00fdmi menami alebo z\u00e1menami vo vete. \u010casto vyjadruj\u00fa priestorov\u00e9 alebo \u010dasov\u00e9 vz\u0165ahy, napr\u00edklad &#8222;v&#8220;, &#8222;na&#8220; alebo &#8222;pri&#8220;. Osvojenie si najbe\u017enej\u0161\u00edch predlo\u017eiek a ich spr\u00e1vne pou\u017e\u00edvanie v\u00fdrazne zlep\u0161\u00ed \u0161trukt\u00faru viet.<\/p>\n\n\n\n<h3 class=\"wp-block-heading\" id=\"h-9-sentence-structure\">9. \u0160trukt\u00fara vety:<\/h3>\n\n\n\n<p>Nakoniec, pochopenie \u0161trukt\u00fary \u010d\u00ednskej vety je k\u013e\u00fa\u010dom k vytvoreniu koherentn\u00fdch a gramaticky spr\u00e1vnych viet. <a href=\"https:\/\/talkpal.ai\/learn-chinese\/\">\u010c\u00edn\u0161tina<\/a> m\u00e1 \u0161trukt\u00faru subjekt-sloveso-objekt (SVO), podobn\u00fa angli\u010dtine. Existuj\u00fa v\u0161ak rozdiely v slovoslede a umiestnen\u00ed r\u00f4znych gramatick\u00fdch prvkov. Nau\u010dte sa z\u00e1kladn\u00e9 vetn\u00e9 vzory a precvi\u010dte si vytv\u00e1ranie viet s prvkami, ktor\u00e9 ste sa nau\u010dili, ako s\u00fa \u010dasy, sloves\u00e1, podstatn\u00e9 men\u00e1, z\u00e1men\u00e1, pr\u00eddavn\u00e9 men\u00e1, pr\u00edslovky a predlo\u017eky.<\/p>\n\n\n\n<p>Dodr\u017eiavan\u00edm tejto sekvencie a zameran\u00edm sa na ka\u017ed\u00fa t\u00e9mu si vytvor\u00edte siln\u00fd z\u00e1klad v \u010d\u00ednskej gramatike a budete na dobrej ceste k plynulosti jazyka.<\/p>\n<\/div><\/div>\n\r\n<section class=\"learnNavigationSection\">\r\n            \r\n        <a href=\"https:\/\/talkpal.ai\/sk\/naucte-sa-cinsky\/\">\r\n            <div class=\"learnNavigationWrapper\">\r\n                <div class=\"learnNavigationContent\">\r\n                    <img decoding=\"async\" src=\"https:\/\/talkpal.ai\/wp-content\/uploads\/2024\/08\/Chinese.jpg\" alt=\"Chinese Flag\u00a0\">\r\n                    <div>\r\n                        <h4>O \u0161t\u00fadiu \u010d\u00edn\u0161tiny<\/h4>\r\n                        <p>Zistite v\u0161etko o \u010d\u00ednskej gramatike.<\/p>\r\n                    <\/div>\r\n                <\/div>\r\n            <\/div>\r\n        <\/a>\r\n\r\n        \r\n        <a href=\"https:\/\/talkpal.ai\/sk\/cinska-gramatika\/\">\r\n            <div class=\"learnNavigationWrapper\">\r\n                <div class=\"learnNavigationContent\">\r\n                    <img decoding=\"async\" src=\"https:\/\/talkpal.ai\/wp-content\/uploads\/2024\/08\/Chinese.jpg\" alt=\"Chinese Flag\u00a0\">\r\n                    <div>\r\n                        <h4>Lekcie \u010d\u00ednskej gramatiky<\/h4>\r\n                        <p>Precvi\u010dte si \u010d\u00ednsku gramatiku.<\/p>\r\n                    <\/div>\r\n                <\/div>\r\n            <\/div>\r\n        <\/a>\r\n\r\n        \r\n        <a href=\"https:\/\/talkpal.ai\/vocabulary_language\/chinese\/\">\r\n            <div class=\"learnNavigationWrapper\">\r\n                <div class=\"learnNavigationContent\">\r\n                    <img decoding=\"async\" src=\"https:\/\/talkpal.ai\/wp-content\/uploads\/2024\/08\/Chinese.jpg\" alt=\"Chinese Flag\u00a0\">\r\n                    <div>\r\n                        <h4>\u010c\u00ednska slovn\u00e1 z\u00e1soba<\/h4>\r\n                        <p>Roz\u0161\u00edrte si slovn\u00fa z\u00e1sobu \u010d\u00edn\u0161tiny.<\/p>\r\n                    <\/div>\r\n                <\/div>\r\n            <\/div>\r\n        <\/a>\r\n\r\n            <\/section>","protected":false},"excerpt":{"rendered":"<p>T\u00e9my \u010d\u00ednskej gramatiky \u010c\u00ednska gramatika sa m\u00f4\u017ee na prv\u00fd poh\u013ead zda\u0165 zastra\u0161uj\u00faca, ale je nevyhnutn\u00e1 pre zvl\u00e1dnutie jazyka. V\u010faka svojmu jedine\u010dn\u00e9mu syst\u00e9mu znakov a ton\u00e1lnej povahe sa \u010d\u00ednska gramatika riadi in\u00fdm s\u00faborom pravidiel ako jazyky ako angli\u010dtina. Osvojenie si t\u00fdchto pravidiel v spr\u00e1vnom porad\u00ed v\u00e1m pom\u00f4\u017ee efekt\u00edvnej\u0161ie napredova\u0165 v \u0161t\u00fadiu jazykov. Nasleduj\u00face t\u00e9my bud\u00fa diskutovan\u00e9 [&hellip;]<\/p>\n","protected":false},"author":6,"featured_media":106034,"parent":0,"menu_order":0,"comment_status":"closed","ping_status":"closed","template":"LearningContentPage.php","meta":{"_acf_changed":false,"footnotes":""},"class_list":["post-133061","page","type-page","status-publish","has-post-thumbnail","hentry"],"acf":[],"yoast_head":"<!-- This site is optimized with the Yoast SEO Premium plugin v27.2 (Yoast SEO v27.2) - https:\/\/yoast.com\/product\/yoast-seo-premium-wordpress\/ -->\n<title>\u010c\u00ednske gramatick\u00e9 cvi\u010denia - Talkpal<\/title>\n<meta name=\"description\" content=\"Zvl\u00e1dnite \u010d\u00ednsku gramatiku s na\u0161ou komplexnou pr\u00edru\u010dkou obsahuj\u00facou \u010dasy, sloves\u00e1 a \u010fal\u0161ie inform\u00e1cie, ktor\u00e9 v\u00e1m pom\u00f4\u017eu zlep\u0161i\u0165 va\u0161e jazykov\u00e9 zru\u010dnosti.\" \/>\n<meta name=\"robots\" content=\"index, follow, max-snippet:-1, max-image-preview:large, max-video-preview:-1\" \/>\n<link rel=\"canonical\" href=\"https:\/\/talkpal.ai\/sk\/cinske-gramaticke-cvicenia\/\" \/>\n<meta property=\"og:locale\" content=\"sk_SK\" \/>\n<meta property=\"og:type\" content=\"article\" \/>\n<meta property=\"og:title\" content=\"\u010c\u00ednske gramatick\u00e9 cvi\u010denia\" \/>\n<meta property=\"og:description\" content=\"T\u00e9my \u010d\u00ednskej gramatiky \u010c\u00ednska gramatika sa m\u00f4\u017ee na prv\u00fd poh\u013ead zda\u0165 zastra\u0161uj\u00faca, ale je nevyhnutn\u00e1 pre zvl\u00e1dnutie jazyka. V\u010faka svojmu jedine\u010dn\u00e9mu\" \/>\n<meta property=\"og:url\" content=\"https:\/\/talkpal.ai\/sk\/cinske-gramaticke-cvicenia\/\" \/>\n<meta property=\"og:site_name\" content=\"Talkpal\" \/>\n<meta property=\"article:publisher\" content=\"https:\/\/www.facebook.com\/profile.php?id=100090733639311\" \/>\n<meta property=\"article:modified_time\" content=\"2025-05-22T21:24:29+00:00\" \/>\n<meta property=\"og:image\" content=\"https:\/\/talkpal.ai\/wp-content\/uploads\/2023\/04\/china.png\" \/>\n\t<meta property=\"og:image:width\" content=\"512\" \/>\n\t<meta property=\"og:image:height\" content=\"512\" \/>\n\t<meta property=\"og:image:type\" content=\"image\/png\" \/>\n<meta name=\"twitter:card\" content=\"summary_large_image\" \/>\n<meta name=\"twitter:site\" content=\"@talkpalai\" \/>\n<meta name=\"twitter:label1\" content=\"Predpokladan\u00fd \u010das \u010d\u00edtania\" \/>\n\t<meta name=\"twitter:data1\" content=\"3 min\u00faty\" \/>\n<script type=\"application\/ld+json\" class=\"yoast-schema-graph\">{\"@context\":\"https:\/\/schema.org\",\"@graph\":[{\"@type\":\"WebPage\",\"@id\":\"https:\/\/talkpal.ai\/sk\/cinske-gramaticke-cvicenia\/\",\"url\":\"https:\/\/talkpal.ai\/sk\/cinske-gramaticke-cvicenia\/\",\"name\":\"\u010c\u00ednske gramatick\u00e9 cvi\u010denia - Talkpal\",\"isPartOf\":{\"@id\":\"https:\/\/talkpal.ai\/sk\/#website\"},\"primaryImageOfPage\":{\"@id\":\"https:\/\/talkpal.ai\/sk\/cinske-gramaticke-cvicenia\/#primaryimage\"},\"image\":{\"@id\":\"https:\/\/talkpal.ai\/sk\/cinske-gramaticke-cvicenia\/#primaryimage\"},\"thumbnailUrl\":\"https:\/\/talkpal.ai\/wp-content\/uploads\/2023\/04\/china.png\",\"datePublished\":\"2023-06-16T09:39:29+00:00\",\"dateModified\":\"2025-05-22T21:24:29+00:00\",\"description\":\"Zvl\u00e1dnite \u010d\u00ednsku gramatiku s na\u0161ou komplexnou pr\u00edru\u010dkou obsahuj\u00facou \u010dasy, sloves\u00e1 a \u010fal\u0161ie inform\u00e1cie, ktor\u00e9 v\u00e1m pom\u00f4\u017eu zlep\u0161i\u0165 va\u0161e jazykov\u00e9 zru\u010dnosti.\",\"breadcrumb\":{\"@id\":\"https:\/\/talkpal.ai\/sk\/cinske-gramaticke-cvicenia\/#breadcrumb\"},\"inLanguage\":\"sk-SK\",\"potentialAction\":[{\"@type\":\"ReadAction\",\"target\":[\"https:\/\/talkpal.ai\/sk\/cinske-gramaticke-cvicenia\/\"]}]},{\"@type\":\"ImageObject\",\"inLanguage\":\"sk-SK\",\"@id\":\"https:\/\/talkpal.ai\/sk\/cinske-gramaticke-cvicenia\/#primaryimage\",\"url\":\"https:\/\/talkpal.ai\/wp-content\/uploads\/2023\/04\/china.png\",\"contentUrl\":\"https:\/\/talkpal.ai\/wp-content\/uploads\/2023\/04\/china.png\",\"width\":512,\"height\":512},{\"@type\":\"BreadcrumbList\",\"@id\":\"https:\/\/talkpal.ai\/sk\/cinske-gramaticke-cvicenia\/#breadcrumb\",\"itemListElement\":[{\"@type\":\"ListItem\",\"position\":1,\"name\":\"Homepage\",\"item\":\"https:\/\/talkpal.ai\/sk\/\"},{\"@type\":\"ListItem\",\"position\":2,\"name\":\"\u010c\u00ednske gramatick\u00e9 cvi\u010denia\"}]},{\"@type\":\"WebSite\",\"@id\":\"https:\/\/talkpal.ai\/sk\/#website\",\"url\":\"https:\/\/talkpal.ai\/sk\/\",\"name\":\"Talkpal\",\"description\":\"AI Language Learning\",\"publisher\":{\"@id\":\"https:\/\/talkpal.ai\/sk\/#organization\"},\"alternateName\":\"Talkpal AI\",\"potentialAction\":[{\"@type\":\"SearchAction\",\"target\":{\"@type\":\"EntryPoint\",\"urlTemplate\":\"https:\/\/talkpal.ai\/sk\/?s={search_term_string}\"},\"query-input\":{\"@type\":\"PropertyValueSpecification\",\"valueRequired\":true,\"valueName\":\"search_term_string\"}}],\"inLanguage\":\"sk-SK\"},{\"@type\":\"Organization\",\"@id\":\"https:\/\/talkpal.ai\/sk\/#organization\",\"name\":\"Talkpal, Inc.\",\"alternateName\":\"Talkpal AI\",\"url\":\"https:\/\/talkpal.ai\/sk\/\",\"logo\":{\"@type\":\"ImageObject\",\"inLanguage\":\"sk-SK\",\"@id\":\"https:\/\/talkpal.ai\/sk\/#\/schema\/logo\/image\/\",\"url\":\"https:\/\/talkpal.ai\/wp-content\/uploads\/2024\/03\/Talkpal-Logo-Icon.png\",\"contentUrl\":\"https:\/\/talkpal.ai\/wp-content\/uploads\/2024\/03\/Talkpal-Logo-Icon.png\",\"width\":2880,\"height\":2880,\"caption\":\"Talkpal, Inc.\"},\"image\":{\"@id\":\"https:\/\/talkpal.ai\/sk\/#\/schema\/logo\/image\/\"},\"sameAs\":[\"https:\/\/www.facebook.com\/profile.php?id=100090733639311\",\"https:\/\/x.com\/talkpalai\",\"https:\/\/www.linkedin.com\/company\/talkpal\/\",\"https:\/\/www.youtube.com\/@TalkPal\/\",\"https:\/\/www.tiktok.com\/@talkpal\",\"https:\/\/www.instagram.com\/talkpal_ai\/\",\"https:\/\/www.crunchbase.com\/organization\/talkpal-9cde\",\"https:\/\/www.g2.com\/products\/talkpal-for-business\/\",\"https:\/\/www.trustpilot.com\/review\/talkpal.ai\",\"https:\/\/www.capterra.com\/p\/10006800\/TalkPal\/\"],\"description\":\"Talkpal is a language learning web and mobile education app, powered by the latest AI technologies, that provides engaging experiences to its customers in many different languages to help them improve their language skills. Users can chat about unlimited amount of topics with the app and use other modes to practice their language learning.\",\"email\":\"support@talkpal.ai\",\"legalName\":\"Talkpal, Inc.\",\"foundingDate\":\"2023-04-03\",\"duns\":\"118989042\",\"numberOfEmployees\":{\"@type\":\"QuantitativeValue\",\"minValue\":\"11\",\"maxValue\":\"50\"},\"publishingPrinciples\":\"https:\/\/talkpal.ai\/publishing-principles\/\",\"actionableFeedbackPolicy\":\"https:\/\/talkpal.ai\/actionable-feedback-policy\/\",\"correctionsPolicy\":\"https:\/\/talkpal.ai\/corrections-policy\/\",\"ethicsPolicy\":\"https:\/\/talkpal.ai\/ethics-policy\/\",\"diversityPolicy\":\"https:\/\/talkpal.ai\/diversity-policy\/\",\"diversityStaffingReport\":\"https:\/\/talkpal.ai\/diversity-policy\/\"}]}<\/script>\n<!-- \/ Yoast SEO Premium plugin. -->","yoast_head_json":{"title":"\u010c\u00ednske gramatick\u00e9 cvi\u010denia - Talkpal","description":"Zvl\u00e1dnite \u010d\u00ednsku gramatiku s na\u0161ou komplexnou pr\u00edru\u010dkou obsahuj\u00facou \u010dasy, sloves\u00e1 a \u010fal\u0161ie inform\u00e1cie, ktor\u00e9 v\u00e1m pom\u00f4\u017eu zlep\u0161i\u0165 va\u0161e jazykov\u00e9 zru\u010dnosti.","robots":{"index":"index","follow":"follow","max-snippet":"max-snippet:-1","max-image-preview":"max-image-preview:large","max-video-preview":"max-video-preview:-1"},"canonical":"https:\/\/talkpal.ai\/sk\/cinske-gramaticke-cvicenia\/","og_locale":"sk_SK","og_type":"article","og_title":"\u010c\u00ednske gramatick\u00e9 cvi\u010denia","og_description":"T\u00e9my \u010d\u00ednskej gramatiky \u010c\u00ednska gramatika sa m\u00f4\u017ee na prv\u00fd poh\u013ead zda\u0165 zastra\u0161uj\u00faca, ale je nevyhnutn\u00e1 pre zvl\u00e1dnutie jazyka. V\u010faka svojmu jedine\u010dn\u00e9mu","og_url":"https:\/\/talkpal.ai\/sk\/cinske-gramaticke-cvicenia\/","og_site_name":"Talkpal","article_publisher":"https:\/\/www.facebook.com\/profile.php?id=100090733639311","article_modified_time":"2025-05-22T21:24:29+00:00","og_image":[{"width":512,"height":512,"url":"https:\/\/talkpal.ai\/wp-content\/uploads\/2023\/04\/china.png","type":"image\/png"}],"twitter_card":"summary_large_image","twitter_site":"@talkpalai","twitter_misc":{"Predpokladan\u00fd \u010das \u010d\u00edtania":"3 min\u00faty"},"schema":{"@context":"https:\/\/schema.org","@graph":[{"@type":"WebPage","@id":"https:\/\/talkpal.ai\/sk\/cinske-gramaticke-cvicenia\/","url":"https:\/\/talkpal.ai\/sk\/cinske-gramaticke-cvicenia\/","name":"\u010c\u00ednske gramatick\u00e9 cvi\u010denia - Talkpal","isPartOf":{"@id":"https:\/\/talkpal.ai\/sk\/#website"},"primaryImageOfPage":{"@id":"https:\/\/talkpal.ai\/sk\/cinske-gramaticke-cvicenia\/#primaryimage"},"image":{"@id":"https:\/\/talkpal.ai\/sk\/cinske-gramaticke-cvicenia\/#primaryimage"},"thumbnailUrl":"https:\/\/talkpal.ai\/wp-content\/uploads\/2023\/04\/china.png","datePublished":"2023-06-16T09:39:29+00:00","dateModified":"2025-05-22T21:24:29+00:00","description":"Zvl\u00e1dnite \u010d\u00ednsku gramatiku s na\u0161ou komplexnou pr\u00edru\u010dkou obsahuj\u00facou \u010dasy, sloves\u00e1 a \u010fal\u0161ie inform\u00e1cie, ktor\u00e9 v\u00e1m pom\u00f4\u017eu zlep\u0161i\u0165 va\u0161e jazykov\u00e9 zru\u010dnosti.","breadcrumb":{"@id":"https:\/\/talkpal.ai\/sk\/cinske-gramaticke-cvicenia\/#breadcrumb"},"inLanguage":"sk-SK","potentialAction":[{"@type":"ReadAction","target":["https:\/\/talkpal.ai\/sk\/cinske-gramaticke-cvicenia\/"]}]},{"@type":"ImageObject","inLanguage":"sk-SK","@id":"https:\/\/talkpal.ai\/sk\/cinske-gramaticke-cvicenia\/#primaryimage","url":"https:\/\/talkpal.ai\/wp-content\/uploads\/2023\/04\/china.png","contentUrl":"https:\/\/talkpal.ai\/wp-content\/uploads\/2023\/04\/china.png","width":512,"height":512},{"@type":"BreadcrumbList","@id":"https:\/\/talkpal.ai\/sk\/cinske-gramaticke-cvicenia\/#breadcrumb","itemListElement":[{"@type":"ListItem","position":1,"name":"Homepage","item":"https:\/\/talkpal.ai\/sk\/"},{"@type":"ListItem","position":2,"name":"\u010c\u00ednske gramatick\u00e9 cvi\u010denia"}]},{"@type":"WebSite","@id":"https:\/\/talkpal.ai\/sk\/#website","url":"https:\/\/talkpal.ai\/sk\/","name":"Talkpal","description":"AI Language Learning","publisher":{"@id":"https:\/\/talkpal.ai\/sk\/#organization"},"alternateName":"Talkpal AI","potentialAction":[{"@type":"SearchAction","target":{"@type":"EntryPoint","urlTemplate":"https:\/\/talkpal.ai\/sk\/?s={search_term_string}"},"query-input":{"@type":"PropertyValueSpecification","valueRequired":true,"valueName":"search_term_string"}}],"inLanguage":"sk-SK"},{"@type":"Organization","@id":"https:\/\/talkpal.ai\/sk\/#organization","name":"Talkpal, Inc.","alternateName":"Talkpal AI","url":"https:\/\/talkpal.ai\/sk\/","logo":{"@type":"ImageObject","inLanguage":"sk-SK","@id":"https:\/\/talkpal.ai\/sk\/#\/schema\/logo\/image\/","url":"https:\/\/talkpal.ai\/wp-content\/uploads\/2024\/03\/Talkpal-Logo-Icon.png","contentUrl":"https:\/\/talkpal.ai\/wp-content\/uploads\/2024\/03\/Talkpal-Logo-Icon.png","width":2880,"height":2880,"caption":"Talkpal, Inc."},"image":{"@id":"https:\/\/talkpal.ai\/sk\/#\/schema\/logo\/image\/"},"sameAs":["https:\/\/www.facebook.com\/profile.php?id=100090733639311","https:\/\/x.com\/talkpalai","https:\/\/www.linkedin.com\/company\/talkpal\/","https:\/\/www.youtube.com\/@TalkPal\/","https:\/\/www.tiktok.com\/@talkpal","https:\/\/www.instagram.com\/talkpal_ai\/","https:\/\/www.crunchbase.com\/organization\/talkpal-9cde","https:\/\/www.g2.com\/products\/talkpal-for-business\/","https:\/\/www.trustpilot.com\/review\/talkpal.ai","https:\/\/www.capterra.com\/p\/10006800\/TalkPal\/"],"description":"Talkpal is a language learning web and mobile education app, powered by the latest AI technologies, that provides engaging experiences to its customers in many different languages to help them improve their language skills. Users can chat about unlimited amount of topics with the app and use other modes to practice their language learning.","email":"support@talkpal.ai","legalName":"Talkpal, Inc.","foundingDate":"2023-04-03","duns":"118989042","numberOfEmployees":{"@type":"QuantitativeValue","minValue":"11","maxValue":"50"},"publishingPrinciples":"https:\/\/talkpal.ai\/publishing-principles\/","actionableFeedbackPolicy":"https:\/\/talkpal.ai\/actionable-feedback-policy\/","correctionsPolicy":"https:\/\/talkpal.ai\/corrections-policy\/","ethicsPolicy":"https:\/\/talkpal.ai\/ethics-policy\/","diversityPolicy":"https:\/\/talkpal.ai\/diversity-policy\/","diversityStaffingReport":"https:\/\/talkpal.ai\/diversity-policy\/"}]}},"_links":{"self":[{"href":"https:\/\/talkpal.ai\/sk\/wp-json\/wp\/v2\/pages\/133061","targetHints":{"allow":["GET"]}}],"collection":[{"href":"https:\/\/talkpal.ai\/sk\/wp-json\/wp\/v2\/pages"}],"about":[{"href":"https:\/\/talkpal.ai\/sk\/wp-json\/wp\/v2\/types\/page"}],"author":[{"embeddable":true,"href":"https:\/\/talkpal.ai\/sk\/wp-json\/wp\/v2\/users\/6"}],"replies":[{"embeddable":true,"href":"https:\/\/talkpal.ai\/sk\/wp-json\/wp\/v2\/comments?post=133061"}],"version-history":[{"count":0,"href":"https:\/\/talkpal.ai\/sk\/wp-json\/wp\/v2\/pages\/133061\/revisions"}],"wp:featuredmedia":[{"embeddable":true,"href":"https:\/\/talkpal.ai\/sk\/wp-json\/wp\/v2\/media\/106034"}],"wp:attachment":[{"href":"https:\/\/talkpal.ai\/sk\/wp-json\/wp\/v2\/media?parent=133061"}],"curies":[{"name":"wp","href":"https:\/\/api.w.org\/{rel}","templated":true}]}}