{"id":132486,"date":"2023-06-16T09:31:38","date_gmt":"2023-06-16T09:31:38","guid":{"rendered":"http:\/\/talkpal.ai\/arabske-gramaticke-cvicenia\/"},"modified":"2025-05-22T20:15:23","modified_gmt":"2025-05-22T20:15:23","slug":"arabske-gramaticke-cvicenia","status":"publish","type":"page","link":"https:\/\/talkpal.ai\/sk\/arabske-gramaticke-cvicenia\/","title":{"rendered":"Arabsk\u00e9 gramatick\u00e9 cvi\u010denia"},"content":{"rendered":"\r\n\r\n\r\n<section class=\"languageChallengeSection\">\r\n    <div class=\"languageInfoWrapper\">\r\n        \r\n        <h1>Arabsk\u00e9 gramatick\u00e9 cvi\u010denia<\/h1>\r\n        <p>Ste pripraven\u00ed zlep\u0161i\u0165 svoje znalosti arab\u010diny? Precvi\u010dovanie gramatick\u00fdch cvi\u010den\u00ed je nevyhnutn\u00e9 na zvl\u00e1dnutie \u0161trukt\u00fary viet, slovesn\u00fdch tvarov a jedine\u010dn\u00fdch vzorcov arabsk\u00e9ho jazyka. Zamerajte sa na tieto cvi\u010denia, aby ste si zv\u00fd\u0161ili sebavedomie, roz\u0161\u00edrili slovn\u00fa z\u00e1sobu a u\u013eah\u010dili si vyjadrovanie v arab\u010dine. Za\u010dnite cvi\u010di\u0165 e\u0161te dnes a sledujte, ako sa va\u0161e jazykov\u00e9 zru\u010dnosti rozv\u00edjaj\u00fa!<\/p>\r\n\r\n                            <a class=\"getStartedHidden\" href=\"https:\/\/app.talkpal.ai\/sk\/signup?lng=\">Za\u010dni<\/a>\r\n        \r\n    <\/div>\r\n\r\n    <figure>\r\n    <img decoding=\"async\" width=\"768\" height=\"768\" src=\"https:\/\/talkpal.ai\/wp-content\/uploads\/2023\/06\/arabic-768x768.png\" class=\"languageImage no-lazy\" alt=\"Language learning for linguistic diversity\" fetchpriority=\"high\" sizes=\"(max-width: 768px) 150px, 768px\" srcset=\"https:\/\/talkpal.ai\/wp-content\/uploads\/2023\/06\/arabic-768x768.png 768w, https:\/\/talkpal.ai\/wp-content\/uploads\/2023\/06\/arabic-300x300.png 300w\" \/>\r\n    \r\n\r\n    <\/figure>\r\n\r\n            <a class=\"getStartedVisible\" href=\"https:\/\/app.talkpal.ai\/sk\/signup?lng=\">Za\u010dni<\/a>\r\n    \r\n<\/section>\r\n\r\n\r\n<!-- <section class=\"grammarSection\">\r\n    <div class=\"grammarLinks\">\r\n            <\/div>\r\n<\/section> -->\r\n\r\n\r\n\r\n\r\n<section class=\"promotionalBanner\">\r\n    <p class=\"promotionalText\">Najefekt\u00edvnej\u0161\u00ed sp\u00f4sob, ako sa nau\u010di\u0165 jazyk<\/p>\r\n    <a class=\"promotionalLink\" href=\"https:\/\/app.talkpal.ai\/sk\/signup?lng=\">Vysk\u00fa\u0161ajte Talkpal zadarmo<\/a>\r\n<\/section>\n<div class=\"wp-block-group pageContainerStyle\"><div class=\"wp-block-group__inner-container is-layout-constrained wp-block-group-is-layout-constrained\">\n<h2 class=\"wp-block-heading\" id=\"h-arabic-grammar-topics\">T\u00e9my arabskej gramatiky<\/h2>\n\n\n\n<p>Arabsk\u00fd jazyk so svojou bohatou hist\u00f3riou a kult\u00farnym v\u00fdznamom je fascinuj\u00facim a obohacuj\u00facim \u00fasil\u00edm pre \u0161tudentov jazykov. Ako jeden zo \u0161iestich ofici\u00e1lnych jazykov Organiz\u00e1cie Spojen\u00fdch n\u00e1rodov, ktor\u00fdm hovor\u00ed viac ako 420 mili\u00f3nov \u013eud\u00ed na celom svete, <a href=\"https:\/\/talkpal.ai\/sk\/ucenie\/\">u\u010denie sa<\/a> arab\u010diny otv\u00e1ra pr\u00edle\u017eitosti pre glob\u00e1lnu komunik\u00e1ciu a porozumenie. Zvl\u00e1dnutie jazyka si v\u0161ak vy\u017eaduje d\u00f4kladn\u00e9 pochopenie jeho jedine\u010dn\u00fdch gramatick\u00fdch pravidiel a \u0161trukt\u00far. V tomto \u010dl\u00e1nku presk\u00famame z\u00e1kladn\u00e9 t\u00e9my arabskej gramatiky, ktor\u00e9 v\u00e1m pom\u00f4\u017eu vybudova\u0165 siln\u00fd z\u00e1klad v jazyku, od z\u00e1kladn\u00fdch \u010dasov a \u010dasovania slovies a\u017e po zlo\u017eitej\u0161ie nomin\u00e1lne a slovn\u00e9 vetn\u00e9 \u0161trukt\u00fary.<\/p>\n\n\n\n<h3 class=\"wp-block-heading\" id=\"h-1-tenses-indicative\">1. Indikat\u00edvne \u010dasy:<\/h3>\n\n\n\n<p>Indikat\u00edvny \u010das sa pou\u017e\u00edva na vyjadrenie akci\u00ed alebo stavov v s\u00fa\u010dasnosti, minulosti alebo bud\u00facnosti. V arab\u010dine sa \u010dasovanie slovies men\u00ed na z\u00e1klade \u010dasu. Za\u010dnite t\u00fdm, \u017ee sa nau\u010d\u00edte z\u00e1kladn\u00e9 \u010dasovanie pravideln\u00fdch slovies a zozn\u00e1mte sa s r\u00f4znymi vzormi pre s\u00fa\u010dasn\u00fd, minul\u00fd a bud\u00faci \u010das.<\/p>\n\n\n\n<h3 class=\"wp-block-heading\" id=\"h-2-tenses-subjunctive\">2. Subjunkt\u00edvne \u010dasy:<\/h3>\n\n\n\n<p>Subjunkt\u00edvny \u010das sa pou\u017e\u00edva na vyjadrenie neistoty, pochybnost\u00ed alebo t\u00fa\u017eby. Je ve\u013emi d\u00f4le\u017eit\u00e9 nau\u010di\u0165 sa konkr\u00e9tne slovesn\u00e9 \u010dasy a ich odli\u0161nosti od indikat\u00edvu. To v\u00e1m pom\u00f4\u017ee sprostredkova\u0165 jemnej\u0161ie my\u0161lienky a pocity vo va\u0161ej komunik\u00e1cii.<\/p>\n\n\n\n<h3 class=\"wp-block-heading\" id=\"h-3-tense-comparison\">3. Nap\u00e4t\u00e9 porovnanie:<\/h3>\n\n\n\n<p>Pochopenie rozdielov medzi indikat\u00edvnym a subjunkt\u00edvnym \u010dasom je \u017eivotne d\u00f4le\u017eit\u00e9. Zamerajte sa na to, ako sa \u010dasovanie slovies upravuje a kontext, v ktorom sa ka\u017ed\u00fd \u010das pou\u017e\u00edva.<\/p>\n\n\n\n<h3 class=\"wp-block-heading\" id=\"h-4-verbs\">4. Sloves\u00e1:<\/h3>\n\n\n\n<p>Arabsk\u00e9 sloves\u00e1 s\u00fa kategorizovan\u00e9 do r\u00f4znych foriem na z\u00e1klade ich kore\u0148ov\u00fdch p\u00edsmen a vzorov. Nau\u010dte sa desa\u0165 z\u00e1kladn\u00fdch tvarov slovies a ich \u010dasovacie pravidl\u00e1, ktor\u00e9 v\u00e1m pom\u00f4\u017eu spr\u00e1vne rozpozna\u0165 a pou\u017e\u00edva\u0165 sloves\u00e1 v r\u00f4znych situ\u00e1ci\u00e1ch.<\/p>\n\n\n\n<h3 class=\"wp-block-heading\" id=\"h-5-nouns\">5. Podstatn\u00e9 men\u00e1:<\/h3>\n\n\n\n<p>Arabsk\u00e9 podstatn\u00e9 men\u00e1 s\u00fa bu\u010f mu\u017esk\u00e9ho alebo \u017eensk\u00e9ho rodu a ich konce sa menia na z\u00e1klade ich gramatickej \u00falohy vo vete. Nau\u010dte sa r\u00f4zne vzory podstatn\u00fdch mien a ako ich ovplyv\u0148uj\u00fa ozna\u010denia p\u00e1dov a in\u00e9 gramatick\u00e9 prvky.<\/p>\n\n\n\n<h3 class=\"wp-block-heading\" id=\"h-6-articles\">6. \u010cl\u00e1nky:<\/h3>\n\n\n\n<p>Arab\u010dina m\u00e1 ur\u010dit\u00e9 a neur\u010dit\u00e9 \u010dleny, ktor\u00e9 zohr\u00e1vaj\u00fa k\u013e\u00fa\u010dov\u00fa \u00falohu pri identifik\u00e1cii podstatn\u00fdch mien. Nau\u010dte sa pravidl\u00e1 a pou\u017e\u00edvanie ur\u010dit\u00e9ho \u010dlena &#8222;al-&#8220; a absenciu neur\u010dit\u00e9ho \u010dlena v arab\u010dine.<\/p>\n\n\n\n<h3 class=\"wp-block-heading\" id=\"h-7-definite-and-indefinite-articles\">7. Ur\u010dit\u00e9 a neur\u010dit\u00e9 \u010dl\u00e1nky:<\/h3>\n\n\n\n<p>Ako u\u017e bolo spomenut\u00e9, pochopenie pou\u017e\u00edvania ur\u010dit\u00fdch a neur\u010dit\u00fdch \u010dl\u00e1nkov v arab\u010dine je nevyhnutn\u00e9. Precvi\u010dte si ich pou\u017e\u00edvanie vo vet\u00e1ch s r\u00f4znymi podstatn\u00fdmi menami, aby ste posilnili svoje pochopenie konceptu.<\/p>\n\n\n\n<h3 class=\"wp-block-heading\" id=\"h-8-pronouns\">8. Z\u00e1men\u00e1:<\/h3>\n\n\n\n<p>Arabsk\u00e9 z\u00e1men\u00e1 sa delia na osobn\u00e9, demon\u0161trat\u00edvne a relat\u00edvne z\u00e1men\u00e1. Nau\u010dte sa ich formy a pou\u017eitie, ako aj pravidl\u00e1 ich prip\u00e1jania k sloves\u00e1m, podstatn\u00fdm men\u00e1m a predlo\u017ek\u00e1m.<\/p>\n\n\n\n<h3 class=\"wp-block-heading\" id=\"h-9-adjectives\">9. Pr\u00eddavn\u00e9 men\u00e1:<\/h3>\n\n\n\n<p>Pr\u00eddavn\u00e9 men\u00e1 v arab\u010dine s\u00fahlasia s podstatn\u00fdmi menami, ktor\u00e9 upravuj\u00fa v rode a \u010d\u00edsle. Nau\u010dte sa pravidl\u00e1 pre s\u00fahlas s pr\u00eddavn\u00fdmi menami a z\u00e1kladn\u00e9 vzory pr\u00eddavn\u00fdch mien.<\/p>\n\n\n\n<h3 class=\"wp-block-heading\" id=\"h-10-adverbs\">10. Pr\u00edslovky:<\/h3>\n\n\n\n<p>Zozn\u00e1mte sa s be\u017en\u00fdmi arabsk\u00fdmi pr\u00edslovkami a ich umiestnen\u00edm vo vet\u00e1ch. Pochopenie funkcie pr\u00edsloviek v\u00e1m pom\u00f4\u017ee sprostredkova\u0165 podrobnej\u0161ie inform\u00e1cie vo va\u0161ej komunik\u00e1cii.<\/p>\n\n\n\n<h3 class=\"wp-block-heading\" id=\"h-11-prepositions\">11. Predlo\u017eky:<\/h3>\n\n\n\n<p>Arabsk\u00e9 predlo\u017eky s\u00fa nevyhnutn\u00e9 na sp\u00e1janie slov a fr\u00e1z a vyjadrenie vz\u0165ahov medzi nimi. Nau\u010dte sa r\u00f4zne predlo\u017eky a ich pou\u017eitie vo vet\u00e1ch.<\/p>\n\n\n\n<h3 class=\"wp-block-heading\" id=\"h-12-idaafa-genitive-construction\">12. Idaafa (kon\u0161trukcia genit\u00edvu):<\/h3>\n\n\n\n<p>Kon\u0161trukcia Idaafa sa pou\u017e\u00edva na vyjadrenie vlastn\u00edctva alebo vz\u0165ahov medzi podstatn\u00fdmi menami. Nau\u010dte sa pravidl\u00e1 a vzory pre vytv\u00e1ranie kon\u0161trukci\u00ed Idaafa, ktor\u00e9 s\u00fa neoddelite\u013enou s\u00fa\u010das\u0165ou arabskej gramatiky.<\/p>\n\n\n\n<h3 class=\"wp-block-heading\" id=\"h-13-sentence-structure\">13. \u0160trukt\u00fara vety:<\/h3>\n\n\n\n<p>Arabsk\u00e9 vety m\u00f4\u017eu by\u0165 nomin\u00e1lne alebo verb\u00e1lne. Nau\u010dte sa z\u00e1kladn\u00fa \u0161trukt\u00faru oboch typov viet a precvi\u010dte si tvorbu viet s r\u00f4znymi zlo\u017ekami.<\/p>\n\n\n\n<h3 class=\"wp-block-heading\" id=\"h-14-nominal-and-verbal-sentences\">14. Nomin\u00e1lne a slovn\u00e9 vety:<\/h3>\n\n\n\n<p>Ponorte sa hlb\u0161ie do rozdielov medzi nomin\u00e1lnymi a verb\u00e1lnymi vetami a nau\u010dte sa, ako ich efekt\u00edvne pou\u017e\u00edva\u0165 v r\u00f4znych kontextoch.<\/p>\n\n\n\n<h3 class=\"wp-block-heading\" id=\"h-15-subject-and-predicate-in-arabic\">15. Predmet a pr\u00edsudok v arab\u010dine:<\/h3>\n\n\n\n<p>Pochopenie \u00faloh subjektu a predik\u00e1tu v arabsk\u00fdch vet\u00e1ch je z\u00e1kladom efekt\u00edvnej komunik\u00e1cie. Nau\u010dte sa pravidl\u00e1 identifik\u00e1cie a pou\u017e\u00edvania predmetov a predik\u00e1tov v r\u00f4znych typoch viet.<\/p>\n<\/div><\/div>\n\r\n<section class=\"learnNavigationSection\">\r\n            \r\n        <a href=\"https:\/\/talkpal.ai\/sk\/naucte-sa-arabsky\/\">\r\n            <div class=\"learnNavigationWrapper\">\r\n                <div class=\"learnNavigationContent\">\r\n                    <img decoding=\"async\" src=\"https:\/\/talkpal.ai\/wp-content\/uploads\/2024\/08\/Arabic.jpg\" alt=\"Arabic Flag\">\r\n                    <div>\r\n                        <h4>O \u0161t\u00fadiu arab\u010diny<\/h4>\r\n                        <p>Zistite v\u0161etko o arabskej gramatike.<\/p>\r\n                    <\/div>\r\n                <\/div>\r\n            <\/div>\r\n        <\/a>\r\n\r\n        \r\n        <a href=\"https:\/\/talkpal.ai\/sk\/arabska-gramatika\/\">\r\n            <div class=\"learnNavigationWrapper\">\r\n                <div class=\"learnNavigationContent\">\r\n                    <img decoding=\"async\" src=\"https:\/\/talkpal.ai\/wp-content\/uploads\/2024\/08\/Arabic.jpg\" alt=\"Arabic Flag\">\r\n                    <div>\r\n                        <h4>Lekcie arabskej gramatiky<\/h4>\r\n                        <p>Precvi\u010dte si arabsk\u00fa gramatiku.<\/p>\r\n                    <\/div>\r\n                <\/div>\r\n            <\/div>\r\n        <\/a>\r\n\r\n        \r\n        <a href=\"https:\/\/talkpal.ai\/vocabulary_language\/arabic\/\">\r\n            <div class=\"learnNavigationWrapper\">\r\n                <div class=\"learnNavigationContent\">\r\n                    <img decoding=\"async\" src=\"https:\/\/talkpal.ai\/wp-content\/uploads\/2024\/08\/Arabic.jpg\" alt=\"Arabic Flag\">\r\n                    <div>\r\n                        <h4>Arabsk\u00e1 slovn\u00e1 z\u00e1soba<\/h4>\r\n                        <p>Roz\u0161\u00edrte si slovn\u00fa z\u00e1sobu arab\u010diny.<\/p>\r\n                    <\/div>\r\n                <\/div>\r\n            <\/div>\r\n        <\/a>\r\n\r\n            <\/section>","protected":false},"excerpt":{"rendered":"<p>T\u00e9my arabskej gramatiky Arabsk\u00fd jazyk so svojou bohatou hist\u00f3riou a kult\u00farnym v\u00fdznamom je fascinuj\u00facim a obohacuj\u00facim \u00fasil\u00edm pre \u0161tudentov jazykov. Ako jeden zo \u0161iestich ofici\u00e1lnych jazykov Organiz\u00e1cie Spojen\u00fdch n\u00e1rodov, ktor\u00fdm hovor\u00ed viac ako 420 mili\u00f3nov \u013eud\u00ed na celom svete, u\u010denie sa arab\u010diny otv\u00e1ra pr\u00edle\u017eitosti pre glob\u00e1lnu komunik\u00e1ciu a porozumenie. Zvl\u00e1dnutie jazyka si v\u0161ak vy\u017eaduje d\u00f4kladn\u00e9 [&hellip;]<\/p>\n","protected":false},"author":6,"featured_media":105819,"parent":0,"menu_order":0,"comment_status":"closed","ping_status":"closed","template":"LearningContentPage.php","meta":{"_acf_changed":false,"footnotes":""},"class_list":["post-132486","page","type-page","status-publish","has-post-thumbnail","hentry"],"acf":[],"yoast_head":"<!-- This site is optimized with the Yoast SEO Premium plugin v27.2 (Yoast SEO v27.2) - https:\/\/yoast.com\/product\/yoast-seo-premium-wordpress\/ -->\n<title>Arabsk\u00e9 gramatick\u00e9 cvi\u010denia - Talkpal<\/title>\n<meta name=\"description\" content=\"Zlep\u0161ite svoje porozumenie pomocou cvi\u010den\u00ed z arabskej gramatiky, ktor\u00e9 obsahuj\u00fa z\u00e1kladn\u00e9 pravidl\u00e1 a \u0161trukt\u00fary na zvl\u00e1dnutie jazyka.\" \/>\n<meta name=\"robots\" content=\"index, follow, max-snippet:-1, max-image-preview:large, max-video-preview:-1\" \/>\n<link rel=\"canonical\" href=\"https:\/\/talkpal.ai\/sk\/arabske-gramaticke-cvicenia\/\" \/>\n<meta property=\"og:locale\" content=\"sk_SK\" \/>\n<meta property=\"og:type\" content=\"article\" \/>\n<meta property=\"og:title\" content=\"Arabsk\u00e9 gramatick\u00e9 cvi\u010denia\" \/>\n<meta property=\"og:description\" content=\"T\u00e9my arabskej gramatiky Arabsk\u00fd jazyk so svojou bohatou hist\u00f3riou a kult\u00farnym v\u00fdznamom je fascinuj\u00facim a obohacuj\u00facim \u00fasil\u00edm pre \u0161tudentov jazykov. Ako\" \/>\n<meta property=\"og:url\" content=\"https:\/\/talkpal.ai\/sk\/arabske-gramaticke-cvicenia\/\" \/>\n<meta property=\"og:site_name\" content=\"Talkpal\" \/>\n<meta property=\"article:publisher\" content=\"https:\/\/www.facebook.com\/profile.php?id=100090733639311\" \/>\n<meta property=\"article:modified_time\" content=\"2025-05-22T20:15:23+00:00\" \/>\n<meta property=\"og:image\" content=\"https:\/\/talkpal.ai\/wp-content\/uploads\/2023\/04\/arabic-united-arab-emirates.png\" \/>\n\t<meta property=\"og:image:width\" content=\"512\" \/>\n\t<meta property=\"og:image:height\" content=\"512\" \/>\n\t<meta property=\"og:image:type\" content=\"image\/png\" \/>\n<meta name=\"twitter:card\" content=\"summary_large_image\" \/>\n<meta name=\"twitter:site\" content=\"@talkpalai\" \/>\n<meta name=\"twitter:label1\" content=\"Predpokladan\u00fd \u010das \u010d\u00edtania\" \/>\n\t<meta name=\"twitter:data1\" content=\"4 min\u00faty\" \/>\n<script type=\"application\/ld+json\" class=\"yoast-schema-graph\">{\"@context\":\"https:\/\/schema.org\",\"@graph\":[{\"@type\":\"WebPage\",\"@id\":\"https:\/\/talkpal.ai\/sk\/arabske-gramaticke-cvicenia\/\",\"url\":\"https:\/\/talkpal.ai\/sk\/arabske-gramaticke-cvicenia\/\",\"name\":\"Arabsk\u00e9 gramatick\u00e9 cvi\u010denia - Talkpal\",\"isPartOf\":{\"@id\":\"https:\/\/talkpal.ai\/sk\/#website\"},\"primaryImageOfPage\":{\"@id\":\"https:\/\/talkpal.ai\/sk\/arabske-gramaticke-cvicenia\/#primaryimage\"},\"image\":{\"@id\":\"https:\/\/talkpal.ai\/sk\/arabske-gramaticke-cvicenia\/#primaryimage\"},\"thumbnailUrl\":\"https:\/\/talkpal.ai\/wp-content\/uploads\/2023\/04\/arabic-united-arab-emirates.png\",\"datePublished\":\"2023-06-16T09:31:38+00:00\",\"dateModified\":\"2025-05-22T20:15:23+00:00\",\"description\":\"Zlep\u0161ite svoje porozumenie pomocou cvi\u010den\u00ed z arabskej gramatiky, ktor\u00e9 obsahuj\u00fa z\u00e1kladn\u00e9 pravidl\u00e1 a \u0161trukt\u00fary na zvl\u00e1dnutie jazyka.\",\"breadcrumb\":{\"@id\":\"https:\/\/talkpal.ai\/sk\/arabske-gramaticke-cvicenia\/#breadcrumb\"},\"inLanguage\":\"sk-SK\",\"potentialAction\":[{\"@type\":\"ReadAction\",\"target\":[\"https:\/\/talkpal.ai\/sk\/arabske-gramaticke-cvicenia\/\"]}]},{\"@type\":\"ImageObject\",\"inLanguage\":\"sk-SK\",\"@id\":\"https:\/\/talkpal.ai\/sk\/arabske-gramaticke-cvicenia\/#primaryimage\",\"url\":\"https:\/\/talkpal.ai\/wp-content\/uploads\/2023\/04\/arabic-united-arab-emirates.png\",\"contentUrl\":\"https:\/\/talkpal.ai\/wp-content\/uploads\/2023\/04\/arabic-united-arab-emirates.png\",\"width\":512,\"height\":512},{\"@type\":\"BreadcrumbList\",\"@id\":\"https:\/\/talkpal.ai\/sk\/arabske-gramaticke-cvicenia\/#breadcrumb\",\"itemListElement\":[{\"@type\":\"ListItem\",\"position\":1,\"name\":\"Homepage\",\"item\":\"https:\/\/talkpal.ai\/sk\/\"},{\"@type\":\"ListItem\",\"position\":2,\"name\":\"Arabsk\u00e9 gramatick\u00e9 cvi\u010denia\"}]},{\"@type\":\"WebSite\",\"@id\":\"https:\/\/talkpal.ai\/sk\/#website\",\"url\":\"https:\/\/talkpal.ai\/sk\/\",\"name\":\"Talkpal\",\"description\":\"AI Language Learning\",\"publisher\":{\"@id\":\"https:\/\/talkpal.ai\/sk\/#organization\"},\"alternateName\":\"Talkpal AI\",\"potentialAction\":[{\"@type\":\"SearchAction\",\"target\":{\"@type\":\"EntryPoint\",\"urlTemplate\":\"https:\/\/talkpal.ai\/sk\/?s={search_term_string}\"},\"query-input\":{\"@type\":\"PropertyValueSpecification\",\"valueRequired\":true,\"valueName\":\"search_term_string\"}}],\"inLanguage\":\"sk-SK\"},{\"@type\":\"Organization\",\"@id\":\"https:\/\/talkpal.ai\/sk\/#organization\",\"name\":\"Talkpal, Inc.\",\"alternateName\":\"Talkpal AI\",\"url\":\"https:\/\/talkpal.ai\/sk\/\",\"logo\":{\"@type\":\"ImageObject\",\"inLanguage\":\"sk-SK\",\"@id\":\"https:\/\/talkpal.ai\/sk\/#\/schema\/logo\/image\/\",\"url\":\"https:\/\/talkpal.ai\/wp-content\/uploads\/2024\/03\/Talkpal-Logo-Icon.png\",\"contentUrl\":\"https:\/\/talkpal.ai\/wp-content\/uploads\/2024\/03\/Talkpal-Logo-Icon.png\",\"width\":2880,\"height\":2880,\"caption\":\"Talkpal, Inc.\"},\"image\":{\"@id\":\"https:\/\/talkpal.ai\/sk\/#\/schema\/logo\/image\/\"},\"sameAs\":[\"https:\/\/www.facebook.com\/profile.php?id=100090733639311\",\"https:\/\/x.com\/talkpalai\",\"https:\/\/www.linkedin.com\/company\/talkpal\/\",\"https:\/\/www.youtube.com\/@TalkPal\/\",\"https:\/\/www.tiktok.com\/@talkpal\",\"https:\/\/www.instagram.com\/talkpal_ai\/\",\"https:\/\/www.crunchbase.com\/organization\/talkpal-9cde\",\"https:\/\/www.g2.com\/products\/talkpal-for-business\/\",\"https:\/\/www.trustpilot.com\/review\/talkpal.ai\",\"https:\/\/www.capterra.com\/p\/10006800\/TalkPal\/\"],\"description\":\"Talkpal is a language learning web and mobile education app, powered by the latest AI technologies, that provides engaging experiences to its customers in many different languages to help them improve their language skills. Users can chat about unlimited amount of topics with the app and use other modes to practice their language learning.\",\"email\":\"support@talkpal.ai\",\"legalName\":\"Talkpal, Inc.\",\"foundingDate\":\"2023-04-03\",\"duns\":\"118989042\",\"numberOfEmployees\":{\"@type\":\"QuantitativeValue\",\"minValue\":\"11\",\"maxValue\":\"50\"},\"publishingPrinciples\":\"https:\/\/talkpal.ai\/publishing-principles\/\",\"actionableFeedbackPolicy\":\"https:\/\/talkpal.ai\/actionable-feedback-policy\/\",\"correctionsPolicy\":\"https:\/\/talkpal.ai\/corrections-policy\/\",\"ethicsPolicy\":\"https:\/\/talkpal.ai\/ethics-policy\/\",\"diversityPolicy\":\"https:\/\/talkpal.ai\/diversity-policy\/\",\"diversityStaffingReport\":\"https:\/\/talkpal.ai\/diversity-policy\/\"}]}<\/script>\n<!-- \/ Yoast SEO Premium plugin. -->","yoast_head_json":{"title":"Arabsk\u00e9 gramatick\u00e9 cvi\u010denia - Talkpal","description":"Zlep\u0161ite svoje porozumenie pomocou cvi\u010den\u00ed z arabskej gramatiky, ktor\u00e9 obsahuj\u00fa z\u00e1kladn\u00e9 pravidl\u00e1 a \u0161trukt\u00fary na zvl\u00e1dnutie jazyka.","robots":{"index":"index","follow":"follow","max-snippet":"max-snippet:-1","max-image-preview":"max-image-preview:large","max-video-preview":"max-video-preview:-1"},"canonical":"https:\/\/talkpal.ai\/sk\/arabske-gramaticke-cvicenia\/","og_locale":"sk_SK","og_type":"article","og_title":"Arabsk\u00e9 gramatick\u00e9 cvi\u010denia","og_description":"T\u00e9my arabskej gramatiky Arabsk\u00fd jazyk so svojou bohatou hist\u00f3riou a kult\u00farnym v\u00fdznamom je fascinuj\u00facim a obohacuj\u00facim \u00fasil\u00edm pre \u0161tudentov jazykov. Ako","og_url":"https:\/\/talkpal.ai\/sk\/arabske-gramaticke-cvicenia\/","og_site_name":"Talkpal","article_publisher":"https:\/\/www.facebook.com\/profile.php?id=100090733639311","article_modified_time":"2025-05-22T20:15:23+00:00","og_image":[{"width":512,"height":512,"url":"https:\/\/talkpal.ai\/wp-content\/uploads\/2023\/04\/arabic-united-arab-emirates.png","type":"image\/png"}],"twitter_card":"summary_large_image","twitter_site":"@talkpalai","twitter_misc":{"Predpokladan\u00fd \u010das \u010d\u00edtania":"4 min\u00faty"},"schema":{"@context":"https:\/\/schema.org","@graph":[{"@type":"WebPage","@id":"https:\/\/talkpal.ai\/sk\/arabske-gramaticke-cvicenia\/","url":"https:\/\/talkpal.ai\/sk\/arabske-gramaticke-cvicenia\/","name":"Arabsk\u00e9 gramatick\u00e9 cvi\u010denia - Talkpal","isPartOf":{"@id":"https:\/\/talkpal.ai\/sk\/#website"},"primaryImageOfPage":{"@id":"https:\/\/talkpal.ai\/sk\/arabske-gramaticke-cvicenia\/#primaryimage"},"image":{"@id":"https:\/\/talkpal.ai\/sk\/arabske-gramaticke-cvicenia\/#primaryimage"},"thumbnailUrl":"https:\/\/talkpal.ai\/wp-content\/uploads\/2023\/04\/arabic-united-arab-emirates.png","datePublished":"2023-06-16T09:31:38+00:00","dateModified":"2025-05-22T20:15:23+00:00","description":"Zlep\u0161ite svoje porozumenie pomocou cvi\u010den\u00ed z arabskej gramatiky, ktor\u00e9 obsahuj\u00fa z\u00e1kladn\u00e9 pravidl\u00e1 a \u0161trukt\u00fary na zvl\u00e1dnutie jazyka.","breadcrumb":{"@id":"https:\/\/talkpal.ai\/sk\/arabske-gramaticke-cvicenia\/#breadcrumb"},"inLanguage":"sk-SK","potentialAction":[{"@type":"ReadAction","target":["https:\/\/talkpal.ai\/sk\/arabske-gramaticke-cvicenia\/"]}]},{"@type":"ImageObject","inLanguage":"sk-SK","@id":"https:\/\/talkpal.ai\/sk\/arabske-gramaticke-cvicenia\/#primaryimage","url":"https:\/\/talkpal.ai\/wp-content\/uploads\/2023\/04\/arabic-united-arab-emirates.png","contentUrl":"https:\/\/talkpal.ai\/wp-content\/uploads\/2023\/04\/arabic-united-arab-emirates.png","width":512,"height":512},{"@type":"BreadcrumbList","@id":"https:\/\/talkpal.ai\/sk\/arabske-gramaticke-cvicenia\/#breadcrumb","itemListElement":[{"@type":"ListItem","position":1,"name":"Homepage","item":"https:\/\/talkpal.ai\/sk\/"},{"@type":"ListItem","position":2,"name":"Arabsk\u00e9 gramatick\u00e9 cvi\u010denia"}]},{"@type":"WebSite","@id":"https:\/\/talkpal.ai\/sk\/#website","url":"https:\/\/talkpal.ai\/sk\/","name":"Talkpal","description":"AI Language Learning","publisher":{"@id":"https:\/\/talkpal.ai\/sk\/#organization"},"alternateName":"Talkpal AI","potentialAction":[{"@type":"SearchAction","target":{"@type":"EntryPoint","urlTemplate":"https:\/\/talkpal.ai\/sk\/?s={search_term_string}"},"query-input":{"@type":"PropertyValueSpecification","valueRequired":true,"valueName":"search_term_string"}}],"inLanguage":"sk-SK"},{"@type":"Organization","@id":"https:\/\/talkpal.ai\/sk\/#organization","name":"Talkpal, Inc.","alternateName":"Talkpal AI","url":"https:\/\/talkpal.ai\/sk\/","logo":{"@type":"ImageObject","inLanguage":"sk-SK","@id":"https:\/\/talkpal.ai\/sk\/#\/schema\/logo\/image\/","url":"https:\/\/talkpal.ai\/wp-content\/uploads\/2024\/03\/Talkpal-Logo-Icon.png","contentUrl":"https:\/\/talkpal.ai\/wp-content\/uploads\/2024\/03\/Talkpal-Logo-Icon.png","width":2880,"height":2880,"caption":"Talkpal, Inc."},"image":{"@id":"https:\/\/talkpal.ai\/sk\/#\/schema\/logo\/image\/"},"sameAs":["https:\/\/www.facebook.com\/profile.php?id=100090733639311","https:\/\/x.com\/talkpalai","https:\/\/www.linkedin.com\/company\/talkpal\/","https:\/\/www.youtube.com\/@TalkPal\/","https:\/\/www.tiktok.com\/@talkpal","https:\/\/www.instagram.com\/talkpal_ai\/","https:\/\/www.crunchbase.com\/organization\/talkpal-9cde","https:\/\/www.g2.com\/products\/talkpal-for-business\/","https:\/\/www.trustpilot.com\/review\/talkpal.ai","https:\/\/www.capterra.com\/p\/10006800\/TalkPal\/"],"description":"Talkpal is a language learning web and mobile education app, powered by the latest AI technologies, that provides engaging experiences to its customers in many different languages to help them improve their language skills. Users can chat about unlimited amount of topics with the app and use other modes to practice their language learning.","email":"support@talkpal.ai","legalName":"Talkpal, Inc.","foundingDate":"2023-04-03","duns":"118989042","numberOfEmployees":{"@type":"QuantitativeValue","minValue":"11","maxValue":"50"},"publishingPrinciples":"https:\/\/talkpal.ai\/publishing-principles\/","actionableFeedbackPolicy":"https:\/\/talkpal.ai\/actionable-feedback-policy\/","correctionsPolicy":"https:\/\/talkpal.ai\/corrections-policy\/","ethicsPolicy":"https:\/\/talkpal.ai\/ethics-policy\/","diversityPolicy":"https:\/\/talkpal.ai\/diversity-policy\/","diversityStaffingReport":"https:\/\/talkpal.ai\/diversity-policy\/"}]}},"_links":{"self":[{"href":"https:\/\/talkpal.ai\/sk\/wp-json\/wp\/v2\/pages\/132486","targetHints":{"allow":["GET"]}}],"collection":[{"href":"https:\/\/talkpal.ai\/sk\/wp-json\/wp\/v2\/pages"}],"about":[{"href":"https:\/\/talkpal.ai\/sk\/wp-json\/wp\/v2\/types\/page"}],"author":[{"embeddable":true,"href":"https:\/\/talkpal.ai\/sk\/wp-json\/wp\/v2\/users\/6"}],"replies":[{"embeddable":true,"href":"https:\/\/talkpal.ai\/sk\/wp-json\/wp\/v2\/comments?post=132486"}],"version-history":[{"count":0,"href":"https:\/\/talkpal.ai\/sk\/wp-json\/wp\/v2\/pages\/132486\/revisions"}],"wp:featuredmedia":[{"embeddable":true,"href":"https:\/\/talkpal.ai\/sk\/wp-json\/wp\/v2\/media\/105819"}],"wp:attachment":[{"href":"https:\/\/talkpal.ai\/sk\/wp-json\/wp\/v2\/media?parent=132486"}],"curies":[{"name":"wp","href":"https:\/\/api.w.org\/{rel}","templated":true}]}}