{"id":132055,"date":"2023-06-16T09:14:18","date_gmt":"2023-06-16T09:14:18","guid":{"rendered":"http:\/\/talkpal.ai\/nemecke-gramaticke-cvicenia\/"},"modified":"2025-12-17T16:11:12","modified_gmt":"2025-12-17T16:11:12","slug":"nemecke-gramaticke-cvicenia","status":"publish","type":"page","link":"https:\/\/talkpal.ai\/sk\/nemecke-gramaticke-cvicenia\/","title":{"rendered":"Nemeck\u00e9 gramatick\u00e9 cvi\u010denia"},"content":{"rendered":"\r\n\r\n\r\n<section class=\"languageChallengeSection\">\r\n    <div class=\"languageInfoWrapper\">\r\n        \r\n        <h1>Nemeck\u00e9 gramatick\u00e9 cvi\u010denia<\/h1>\r\n        <p>Ste pripraven\u00ed posilni\u0165 svoju nemeck\u00fa gramatiku? Precvi\u010dovanie gramatick\u00fdch cvi\u010den\u00ed je ide\u00e1lny sp\u00f4sob, ako si osvoji\u0165 nemeck\u00fd jazyk. Za\u010dnite na \u0148om pracova\u0165 e\u0161te dnes a s ka\u017ed\u00fdm cvi\u010den\u00edm uvid\u00edte, ako rastie va\u0161a sebad\u00f4vera a plynulos\u0165!\n\n<\/p>\r\n\r\n                            <a class=\"getStartedHidden\" href=\"https:\/\/app.talkpal.ai\/sk\/signup?lng=\">Za\u010dni<\/a>\r\n        \r\n    <\/div>\r\n\r\n    <figure>\r\n    <img decoding=\"async\" width=\"768\" height=\"768\" src=\"https:\/\/talkpal.ai\/wp-content\/uploads\/2023\/06\/german-768x768.png\" class=\"languageImage no-lazy\" alt=\"Language learning for global networking\" fetchpriority=\"high\" sizes=\"(max-width: 768px) 150px, 768px\" srcset=\"https:\/\/talkpal.ai\/wp-content\/uploads\/2023\/06\/german-768x768.png 768w, https:\/\/talkpal.ai\/wp-content\/uploads\/2023\/06\/german-300x300.png 300w\" \/>\r\n    \r\n\r\n    <\/figure>\r\n\r\n            <a class=\"getStartedVisible\" href=\"https:\/\/app.talkpal.ai\/sk\/signup?lng=\">Za\u010dni<\/a>\r\n    \r\n<\/section>\r\n\r\n\r\n<!-- <section class=\"grammarSection\">\r\n    <div class=\"grammarLinks\">\r\n        <a href=\"https:\/\/talkpal.ai\/sk\/exercise_language\/casy-nemecka-gramatika-sk\/\">\u010casy <\/a><a href=\"https:\/\/talkpal.ai\/sk\/exercise_language\/deklinacia-nemecka-gramatika\/\">Deklin\u00e1cia <\/a><a href=\"https:\/\/talkpal.ai\/sk\/exercise_language\/podstatne-mena-a-cleny-nemecka-gramatika\/\">Podstatn\u00e9 men\u00e1 a \u010dleny <\/a><a href=\"https:\/\/talkpal.ai\/sk\/exercise_language\/predlozky-nemecka-gramatika-sk\/\">Predlo\u017eky <\/a><a href=\"https:\/\/talkpal.ai\/sk\/exercise_language\/pridavne-mena-nemecka-gramatika\/\">Pr\u00eddavn\u00e9 men\u00e1 <\/a><a href=\"https:\/\/talkpal.ai\/sk\/exercise_language\/prislovky-nemecka-gramatika\/\">Pr\u00edslovky <\/a><a href=\"https:\/\/talkpal.ai\/sk\/exercise_language\/slovesa-nemecka-gramatika-sk\/\">Sloves\u00e1 <\/a><a href=\"https:\/\/talkpal.ai\/sk\/exercise_language\/struktura-vety-nemecka-gramatika\/\">\u0160trukt\u00fara vety <\/a><a href=\"https:\/\/talkpal.ai\/sk\/exercise_language\/zamena-nemecka-gramatika\/\">Z\u00e1men\u00e1 <\/a>    <\/div>\r\n<\/section> -->\r\n\r\n\r\n\r\n\r\n        <section class=\"grammarSection\">\r\n            <div class=\"grammarLinks\">\r\n                <a href=\"https:\/\/talkpal.ai\/sk\/exercise_language\/casy-nemecka-gramatika-sk\/\">\u010casy <\/a><a href=\"https:\/\/talkpal.ai\/sk\/exercise_language\/deklinacia-nemecka-gramatika\/\">Deklin\u00e1cia <\/a><a href=\"https:\/\/talkpal.ai\/sk\/exercise_language\/podstatne-mena-a-cleny-nemecka-gramatika\/\">Podstatn\u00e9 men\u00e1 a \u010dleny <\/a><a href=\"https:\/\/talkpal.ai\/sk\/exercise_language\/predlozky-nemecka-gramatika-sk\/\">Predlo\u017eky <\/a><a href=\"https:\/\/talkpal.ai\/sk\/exercise_language\/pridavne-mena-nemecka-gramatika\/\">Pr\u00eddavn\u00e9 men\u00e1 <\/a><a href=\"https:\/\/talkpal.ai\/sk\/exercise_language\/prislovky-nemecka-gramatika\/\">Pr\u00edslovky <\/a><a href=\"https:\/\/talkpal.ai\/sk\/exercise_language\/slovesa-nemecka-gramatika-sk\/\">Sloves\u00e1 <\/a><a href=\"https:\/\/talkpal.ai\/sk\/exercise_language\/struktura-vety-nemecka-gramatika\/\">\u0160trukt\u00fara vety <\/a><a href=\"https:\/\/talkpal.ai\/sk\/exercise_language\/zamena-nemecka-gramatika\/\">Z\u00e1men\u00e1 <\/a>            <\/div>\r\n        <\/section>\r\n<section class=\"promotionalBanner\">\r\n    <p class=\"promotionalText\">Najefekt\u00edvnej\u0161\u00ed sp\u00f4sob, ako sa nau\u010di\u0165 jazyk<\/p>\r\n    <a class=\"promotionalLink\" href=\"https:\/\/app.talkpal.ai\/sk\/signup?lng=\">Vysk\u00fa\u0161ajte Talkpal zadarmo<\/a>\r\n<\/section>\n<div class=\"wp-block-group pageContainerStyle\"><div class=\"wp-block-group__inner-container is-layout-constrained wp-block-group-is-layout-constrained\">\n<h2 class=\"wp-block-heading\" id=\"h-german-grammar-topics\">T\u00e9my nemeckej gramatiky<\/h2>\n\n\n\n<p>Nau\u010di\u0165 sa nov\u00fd jazyk m\u00f4\u017ee by\u0165 sk\u013eu\u010duj\u00faca \u00faloha, ale so spr\u00e1vnym pr\u00edstupom to m\u00f4\u017ee by\u0165 vzru\u0161uj\u00faca a obohacuj\u00faca sk\u00fasenos\u0165. Nem\u010dina je vysoko \u0161trukt\u00farovan\u00fd a logick\u00fd jazyk, ktor\u00fd u\u013eah\u010duje u\u010denie, ak jasne rozumiete jeho gramatick\u00fdm pravidl\u00e1m. T\u00e1to pr\u00edru\u010dka v\u00e1m pom\u00f4\u017ee pochopi\u0165 k\u013e\u00fa\u010dov\u00e9 aspekty nemeckej gramatiky, ako s\u00fa \u010dasy, sloves\u00e1, podstatn\u00e9 men\u00e1 a \u010dl\u00e1nky, z\u00e1men\u00e1, pr\u00eddavn\u00e9 men\u00e1, sklo\u0148ovanie, pr\u00edslovky, predlo\u017eky a \u0161trukt\u00fara viet. Dodr\u017eiavan\u00edm tejto postupnosti budete m\u00f4c\u0165 efekt\u00edvne a efekt\u00edvne napredova\u0165 na svojej ceste k v\u00fdu\u010dbe <a href=\"https:\/\/talkpal.ai\/sk\/kurz-nemeckeho-jazyka\/\">nemeck\u00e9ho jazyka<\/a>.<\/p>\n\n\n\n<h3 class=\"wp-block-heading\" id=\"h-1-nouns-and-articles\">1. Podstatn\u00e9 men\u00e1 a \u010dleny:<\/h3>\n\n\n\n<p>Za\u010dnite t\u00fdm, \u017ee sa nau\u010d\u00edte z\u00e1klady nemeck\u00fdch podstatn\u00fdch mien a ich sprievodn\u00fdch \u010dl\u00e1nkov. Nem\u010dina m\u00e1 tri rody (mu\u017esk\u00fd, \u017eensk\u00fd a kastrovan\u00fd) a \u0161tyri p\u00e1dy (nominat\u00edv, akuzat\u00edv, dat\u00edv a genit\u00edv). Pochopenie t\u00fdchto pravidiel v\u00e1m pom\u00f4\u017ee ur\u010di\u0165 spr\u00e1vny \u010dl\u00e1nok pre ka\u017ed\u00e9 podstatn\u00e9 meno a polo\u017ei\u0165 z\u00e1klady pre va\u0161e znalosti nemeckej gramatiky.<\/p>\n\n\n\n<h3 class=\"wp-block-heading\" id=\"h-2-pronouns\">2. Z\u00e1men\u00e1:<\/h3>\n\n\n\n<p>Z\u00e1men\u00e1 nahr\u00e1dzaj\u00fa podstatn\u00e9 men\u00e1 vo vete a maj\u00fa r\u00f4zne tvary v z\u00e1vislosti od ich pohlavia, \u010d\u00edsla a p\u00e1du. Zozn\u00e1mte sa s nemeck\u00fdmi z\u00e1menami, ako s\u00fa osobn\u00e9, privlast\u0148ovacie, reflex\u00edvne a relat\u00edvne z\u00e1men\u00e1, aby ste vytvorili zlo\u017eitej\u0161ie vety a presnej\u0161ie vyjadrili svoje my\u0161lienky.<\/p>\n\n\n\n<h3 class=\"wp-block-heading\" id=\"h-3-verbs\">3. Sloves\u00e1:<\/h3>\n\n\n\n<p>Sloves\u00e1 s\u00fa rozhoduj\u00face pri tvorbe viet, preto\u017ee vyjadruj\u00fa \u010diny a stavy. Nau\u010dte sa r\u00f4zne typy nemeck\u00fdch slovies, ako s\u00fa pravideln\u00e9, nepravideln\u00e9, mod\u00e1lne a reflex\u00edvne sloves\u00e1, spolu s ich \u010dasovan\u00edm v s\u00fa\u010dasnom, minulom a bud\u00facom \u010dase. To v\u00e1m umo\u017en\u00ed efekt\u00edvne komunikova\u0165 v r\u00f4znych situ\u00e1ci\u00e1ch.<\/p>\n\n\n\n<h3 class=\"wp-block-heading\" id=\"h-4-tenses\">4. \u010casy:<\/h3>\n\n\n\n<p>\u010casy ozna\u010duj\u00fa \u010das, v ktorom d\u00f4jde k akcii. V nem\u010dine existuje \u0161es\u0165 \u010dasov: pr\u00edtomn\u00fd, jednoduch\u00fd minul\u00fd, pr\u00edtomn\u00fd dokonal\u00fd, minul\u00fd dokonal\u00fd, bud\u00faci a bud\u00faci dokonal\u00fd \u010das. Pochopenie pravidiel a pou\u017e\u00edvania t\u00fdchto \u010dasov v\u00e1m pom\u00f4\u017ee vyjadri\u0165 sa jasne a presne.<\/p>\n\n\n\n<h3 class=\"wp-block-heading\" id=\"h-5-adjectives\">5. Pr\u00eddavn\u00e9 men\u00e1:<\/h3>\n\n\n\n<p>Pr\u00eddavn\u00e9 men\u00e1 opisuj\u00fa vlastnosti podstatn\u00fdch mien a z\u00e1men a zhoduj\u00fa sa v rode, \u010d\u00edsle a p\u00e1de s podstatn\u00fdm menom, ktor\u00e9 upravuj\u00fa. Nau\u010dte sa pravidl\u00e1 sklo\u0148ovania pr\u00eddavn\u00fdch mien, ako aj porovn\u00e1vacie a superlat\u00edvne formy, aby ste vylep\u0161ili svoje opisy a urobili va\u0161u re\u010d farebnej\u0161ou.<\/p>\n\n\n\n<h3 class=\"wp-block-heading\" id=\"h-6-declension\">6. Sklo\u0148ovanie:<\/h3>\n\n\n\n<p>Deklin\u00e1cia je proces zmeny podstatn\u00fdch mien, z\u00e1men a pr\u00eddavn\u00fdch mien na ozna\u010denie ich gramatickej funkcie vo vete. Zozn\u00e1mte sa so \u0161tyrmi nemeck\u00fdmi pr\u00edpadmi a s t\u00fdm, ako ovplyv\u0148uj\u00fa konce slov, \u010do v\u00e1m umo\u017en\u00ed zostavi\u0165 gramaticky spr\u00e1vne vety.<\/p>\n\n\n\n<h3 class=\"wp-block-heading\" id=\"h-7-adverbs\">7. Pr\u00edslovky:<\/h3>\n\n\n\n<p>Pr\u00edslovky poskytuj\u00fa \u010fal\u0161ie inform\u00e1cie o sloves\u00e1ch, pr\u00eddavn\u00fdch men\u00e1ch alebo in\u00fdch pr\u00edslovk\u00e1ch. Nau\u010dte sa r\u00f4zne typy nemeck\u00fdch pr\u00edsloviek, napr\u00edklad tie, ktor\u00e9 ozna\u010duj\u00fa \u010das, sp\u00f4sob a miesto, a ako ich efekt\u00edvne pou\u017e\u00edva\u0165, aby ste svojmu prejavu dodali nuansu a presnos\u0165.<\/p>\n\n\n\n<h3 class=\"wp-block-heading\" id=\"h-8-prepositions\">8. Predlo\u017eky:<\/h3>\n\n\n\n<p>Predlo\u017eky sa pou\u017e\u00edvaj\u00fa na ozna\u010denie vz\u0165ahu medzi podstatn\u00fdmi menami alebo z\u00e1menami a in\u00fdmi prvkami vo vete. Pre\u0161tudujte si r\u00f4zne nemeck\u00e9 predlo\u017eky a ich pou\u017eitie v r\u00f4znych pr\u00edpadoch, aby ste lep\u0161ie pochopili, ako s\u00fa vety kon\u0161truovan\u00e9.<\/p>\n\n\n\n<h3 class=\"wp-block-heading\" id=\"h-9-sentence-structure\">9. \u0160trukt\u00fara vety:<\/h3>\n\n\n\n<p>Nakoniec sa obozn\u00e1mte s nemeckou vetnou \u0161trukt\u00farou vr\u00e1tane slovosledu, ved\u013eaj\u0161\u00edch viet a spojok. Pochopenie t\u00fdchto pravidiel v\u00e1m pom\u00f4\u017ee vytvori\u0165 s\u00favisl\u00e9 a dobre \u0161trukt\u00farovan\u00e9 vety, ktor\u00e9 v\u00e1m umo\u017enia jasne a efekt\u00edvne vyjadri\u0165 svoje my\u0161lienky v nem\u010dine.<\/p>\n<\/div><\/div>\n\r\n<section class=\"learnNavigationSection\">\r\n            \r\n        <a href=\"https:\/\/talkpal.ai\/sk\/ucte-sa-nemecky\/\">\r\n            <div class=\"learnNavigationWrapper\">\r\n                <div class=\"learnNavigationContent\">\r\n                    <img decoding=\"async\" src=\"https:\/\/talkpal.ai\/wp-content\/uploads\/2024\/08\/German.jpg\" alt=\"German Flag\">\r\n                    <div>\r\n                        <h4>O v\u00fdu\u010dbe nem\u010diny<\/h4>\r\n                        <p>Zistite v\u0161etko o nemeckej gramatike.<\/p>\r\n                    <\/div>\r\n                <\/div>\r\n            <\/div>\r\n        <\/a>\r\n\r\n        \r\n        <a href=\"https:\/\/talkpal.ai\/sk\/nemecka-gramatika\/\">\r\n            <div class=\"learnNavigationWrapper\">\r\n                <div class=\"learnNavigationContent\">\r\n                    <img decoding=\"async\" src=\"https:\/\/talkpal.ai\/wp-content\/uploads\/2024\/08\/German.jpg\" alt=\"German Flag\">\r\n                    <div>\r\n                        <h4>Hodiny nemeckej gramatiky<\/h4>\r\n                        <p>Precvi\u010dte si nemeck\u00fa gramatiku.<\/p>\r\n                    <\/div>\r\n                <\/div>\r\n            <\/div>\r\n        <\/a>\r\n\r\n        \r\n        <a href=\"https:\/\/talkpal.ai\/vocabulary_language\/german\/\">\r\n            <div class=\"learnNavigationWrapper\">\r\n                <div class=\"learnNavigationContent\">\r\n                    <img decoding=\"async\" src=\"https:\/\/talkpal.ai\/wp-content\/uploads\/2024\/08\/German.jpg\" alt=\"German Flag\">\r\n                    <div>\r\n                        <h4>Nemeck\u00e1 slovn\u00e1 z\u00e1soba<\/h4>\r\n                        <p>Roz\u0161\u00edrte si slovn\u00fa z\u00e1sobu nem\u010diny.<\/p>\r\n                    <\/div>\r\n                <\/div>\r\n            <\/div>\r\n        <\/a>\r\n\r\n            <\/section>","protected":false},"excerpt":{"rendered":"<p>T\u00e9my nemeckej gramatiky Nau\u010di\u0165 sa nov\u00fd jazyk m\u00f4\u017ee by\u0165 sk\u013eu\u010duj\u00faca \u00faloha, ale so spr\u00e1vnym pr\u00edstupom to m\u00f4\u017ee by\u0165 vzru\u0161uj\u00faca a obohacuj\u00faca sk\u00fasenos\u0165. Nem\u010dina je vysoko \u0161trukt\u00farovan\u00fd a logick\u00fd jazyk, ktor\u00fd u\u013eah\u010duje u\u010denie, ak jasne rozumiete jeho gramatick\u00fdm pravidl\u00e1m. T\u00e1to pr\u00edru\u010dka v\u00e1m pom\u00f4\u017ee pochopi\u0165 k\u013e\u00fa\u010dov\u00e9 aspekty nemeckej gramatiky, ako s\u00fa \u010dasy, sloves\u00e1, podstatn\u00e9 men\u00e1 a \u010dl\u00e1nky, [&hellip;]<\/p>\n","protected":false},"author":6,"featured_media":75658,"parent":0,"menu_order":0,"comment_status":"closed","ping_status":"closed","template":"LearningContentPage.php","meta":{"_acf_changed":false,"footnotes":""},"class_list":["post-132055","page","type-page","status-publish","has-post-thumbnail","hentry"],"acf":[],"yoast_head":"<!-- This site is optimized with the Yoast SEO Premium plugin v27.2 (Yoast SEO v27.2) - https:\/\/yoast.com\/product\/yoast-seo-premium-wordpress\/ -->\n<title>Nemeck\u00e9 gramatick\u00e9 cvi\u010denia - Talkpal<\/title>\n<meta name=\"description\" content=\"Zlep\u0161ite si nemeck\u00fa gramatiku pomocou praktick\u00fdch cvi\u010den\u00ed - r\u00fdchlo sa zlep\u0161ujte, interakt\u00edvne cvi\u010dte a z\u00edskajte jazykov\u00fa istotu pomocou Talkpal AI.\" \/>\n<meta name=\"robots\" content=\"index, follow, max-snippet:-1, max-image-preview:large, max-video-preview:-1\" \/>\n<link rel=\"canonical\" href=\"https:\/\/talkpal.ai\/sk\/nemecke-gramaticke-cvicenia\/\" \/>\n<meta property=\"og:locale\" content=\"sk_SK\" \/>\n<meta property=\"og:type\" content=\"article\" \/>\n<meta property=\"og:title\" content=\"Nemeck\u00e9 gramatick\u00e9 cvi\u010denia\" \/>\n<meta property=\"og:description\" content=\"T\u00e9my nemeckej gramatiky Nau\u010di\u0165 sa nov\u00fd jazyk m\u00f4\u017ee by\u0165 sk\u013eu\u010duj\u00faca \u00faloha, ale so spr\u00e1vnym pr\u00edstupom to m\u00f4\u017ee by\u0165 vzru\u0161uj\u00faca a obohacuj\u00faca sk\u00fasenos\u0165. Nem\u010dina\" \/>\n<meta property=\"og:url\" content=\"https:\/\/talkpal.ai\/sk\/nemecke-gramaticke-cvicenia\/\" \/>\n<meta property=\"og:site_name\" content=\"Talkpal\" \/>\n<meta property=\"article:publisher\" content=\"https:\/\/www.facebook.com\/profile.php?id=100090733639311\" \/>\n<meta property=\"article:modified_time\" content=\"2025-12-17T16:11:12+00:00\" \/>\n<meta property=\"og:image\" content=\"https:\/\/talkpal.ai\/wp-content\/uploads\/2023\/03\/germany.png\" \/>\n\t<meta property=\"og:image:width\" content=\"512\" \/>\n\t<meta property=\"og:image:height\" content=\"512\" \/>\n\t<meta property=\"og:image:type\" content=\"image\/png\" \/>\n<meta name=\"twitter:card\" content=\"summary_large_image\" \/>\n<meta name=\"twitter:site\" content=\"@talkpalai\" \/>\n<meta name=\"twitter:label1\" content=\"Predpokladan\u00fd \u010das \u010d\u00edtania\" \/>\n\t<meta name=\"twitter:data1\" content=\"3 min\u00faty\" \/>\n<script type=\"application\/ld+json\" class=\"yoast-schema-graph\">{\"@context\":\"https:\/\/schema.org\",\"@graph\":[{\"@type\":\"WebPage\",\"@id\":\"https:\/\/talkpal.ai\/sk\/nemecke-gramaticke-cvicenia\/\",\"url\":\"https:\/\/talkpal.ai\/sk\/nemecke-gramaticke-cvicenia\/\",\"name\":\"Nemeck\u00e9 gramatick\u00e9 cvi\u010denia - Talkpal\",\"isPartOf\":{\"@id\":\"https:\/\/talkpal.ai\/sk\/#website\"},\"primaryImageOfPage\":{\"@id\":\"https:\/\/talkpal.ai\/sk\/nemecke-gramaticke-cvicenia\/#primaryimage\"},\"image\":{\"@id\":\"https:\/\/talkpal.ai\/sk\/nemecke-gramaticke-cvicenia\/#primaryimage\"},\"thumbnailUrl\":\"https:\/\/talkpal.ai\/wp-content\/uploads\/2023\/03\/germany.png\",\"datePublished\":\"2023-06-16T09:14:18+00:00\",\"dateModified\":\"2025-12-17T16:11:12+00:00\",\"description\":\"Zlep\u0161ite si nemeck\u00fa gramatiku pomocou praktick\u00fdch cvi\u010den\u00ed - r\u00fdchlo sa zlep\u0161ujte, interakt\u00edvne cvi\u010dte a z\u00edskajte jazykov\u00fa istotu pomocou Talkpal AI.\",\"breadcrumb\":{\"@id\":\"https:\/\/talkpal.ai\/sk\/nemecke-gramaticke-cvicenia\/#breadcrumb\"},\"inLanguage\":\"sk-SK\",\"potentialAction\":[{\"@type\":\"ReadAction\",\"target\":[\"https:\/\/talkpal.ai\/sk\/nemecke-gramaticke-cvicenia\/\"]}]},{\"@type\":\"ImageObject\",\"inLanguage\":\"sk-SK\",\"@id\":\"https:\/\/talkpal.ai\/sk\/nemecke-gramaticke-cvicenia\/#primaryimage\",\"url\":\"https:\/\/talkpal.ai\/wp-content\/uploads\/2023\/03\/germany.png\",\"contentUrl\":\"https:\/\/talkpal.ai\/wp-content\/uploads\/2023\/03\/germany.png\",\"width\":512,\"height\":512,\"caption\":\"TalkPal AI learn German\"},{\"@type\":\"BreadcrumbList\",\"@id\":\"https:\/\/talkpal.ai\/sk\/nemecke-gramaticke-cvicenia\/#breadcrumb\",\"itemListElement\":[{\"@type\":\"ListItem\",\"position\":1,\"name\":\"Homepage\",\"item\":\"https:\/\/talkpal.ai\/sk\/\"},{\"@type\":\"ListItem\",\"position\":2,\"name\":\"Nemeck\u00e9 gramatick\u00e9 cvi\u010denia\"}]},{\"@type\":\"WebSite\",\"@id\":\"https:\/\/talkpal.ai\/sk\/#website\",\"url\":\"https:\/\/talkpal.ai\/sk\/\",\"name\":\"Talkpal\",\"description\":\"AI Language Learning\",\"publisher\":{\"@id\":\"https:\/\/talkpal.ai\/sk\/#organization\"},\"alternateName\":\"Talkpal AI\",\"potentialAction\":[{\"@type\":\"SearchAction\",\"target\":{\"@type\":\"EntryPoint\",\"urlTemplate\":\"https:\/\/talkpal.ai\/sk\/?s={search_term_string}\"},\"query-input\":{\"@type\":\"PropertyValueSpecification\",\"valueRequired\":true,\"valueName\":\"search_term_string\"}}],\"inLanguage\":\"sk-SK\"},{\"@type\":\"Organization\",\"@id\":\"https:\/\/talkpal.ai\/sk\/#organization\",\"name\":\"Talkpal, Inc.\",\"alternateName\":\"Talkpal AI\",\"url\":\"https:\/\/talkpal.ai\/sk\/\",\"logo\":{\"@type\":\"ImageObject\",\"inLanguage\":\"sk-SK\",\"@id\":\"https:\/\/talkpal.ai\/sk\/#\/schema\/logo\/image\/\",\"url\":\"https:\/\/talkpal.ai\/wp-content\/uploads\/2024\/03\/Talkpal-Logo-Icon.png\",\"contentUrl\":\"https:\/\/talkpal.ai\/wp-content\/uploads\/2024\/03\/Talkpal-Logo-Icon.png\",\"width\":2880,\"height\":2880,\"caption\":\"Talkpal, Inc.\"},\"image\":{\"@id\":\"https:\/\/talkpal.ai\/sk\/#\/schema\/logo\/image\/\"},\"sameAs\":[\"https:\/\/www.facebook.com\/profile.php?id=100090733639311\",\"https:\/\/x.com\/talkpalai\",\"https:\/\/www.linkedin.com\/company\/talkpal\/\",\"https:\/\/www.youtube.com\/@TalkPal\/\",\"https:\/\/www.tiktok.com\/@talkpal\",\"https:\/\/www.instagram.com\/talkpal_ai\/\",\"https:\/\/www.crunchbase.com\/organization\/talkpal-9cde\",\"https:\/\/www.g2.com\/products\/talkpal-for-business\/\",\"https:\/\/www.trustpilot.com\/review\/talkpal.ai\",\"https:\/\/www.capterra.com\/p\/10006800\/TalkPal\/\"],\"description\":\"Talkpal is a language learning web and mobile education app, powered by the latest AI technologies, that provides engaging experiences to its customers in many different languages to help them improve their language skills. Users can chat about unlimited amount of topics with the app and use other modes to practice their language learning.\",\"email\":\"support@talkpal.ai\",\"legalName\":\"Talkpal, Inc.\",\"foundingDate\":\"2023-04-03\",\"duns\":\"118989042\",\"numberOfEmployees\":{\"@type\":\"QuantitativeValue\",\"minValue\":\"11\",\"maxValue\":\"50\"},\"publishingPrinciples\":\"https:\/\/talkpal.ai\/publishing-principles\/\",\"actionableFeedbackPolicy\":\"https:\/\/talkpal.ai\/actionable-feedback-policy\/\",\"correctionsPolicy\":\"https:\/\/talkpal.ai\/corrections-policy\/\",\"ethicsPolicy\":\"https:\/\/talkpal.ai\/ethics-policy\/\",\"diversityPolicy\":\"https:\/\/talkpal.ai\/diversity-policy\/\",\"diversityStaffingReport\":\"https:\/\/talkpal.ai\/diversity-policy\/\"}]}<\/script>\n<!-- \/ Yoast SEO Premium plugin. -->","yoast_head_json":{"title":"Nemeck\u00e9 gramatick\u00e9 cvi\u010denia - Talkpal","description":"Zlep\u0161ite si nemeck\u00fa gramatiku pomocou praktick\u00fdch cvi\u010den\u00ed - r\u00fdchlo sa zlep\u0161ujte, interakt\u00edvne cvi\u010dte a z\u00edskajte jazykov\u00fa istotu pomocou Talkpal AI.","robots":{"index":"index","follow":"follow","max-snippet":"max-snippet:-1","max-image-preview":"max-image-preview:large","max-video-preview":"max-video-preview:-1"},"canonical":"https:\/\/talkpal.ai\/sk\/nemecke-gramaticke-cvicenia\/","og_locale":"sk_SK","og_type":"article","og_title":"Nemeck\u00e9 gramatick\u00e9 cvi\u010denia","og_description":"T\u00e9my nemeckej gramatiky Nau\u010di\u0165 sa nov\u00fd jazyk m\u00f4\u017ee by\u0165 sk\u013eu\u010duj\u00faca \u00faloha, ale so spr\u00e1vnym pr\u00edstupom to m\u00f4\u017ee by\u0165 vzru\u0161uj\u00faca a obohacuj\u00faca sk\u00fasenos\u0165. Nem\u010dina","og_url":"https:\/\/talkpal.ai\/sk\/nemecke-gramaticke-cvicenia\/","og_site_name":"Talkpal","article_publisher":"https:\/\/www.facebook.com\/profile.php?id=100090733639311","article_modified_time":"2025-12-17T16:11:12+00:00","og_image":[{"width":512,"height":512,"url":"https:\/\/talkpal.ai\/wp-content\/uploads\/2023\/03\/germany.png","type":"image\/png"}],"twitter_card":"summary_large_image","twitter_site":"@talkpalai","twitter_misc":{"Predpokladan\u00fd \u010das \u010d\u00edtania":"3 min\u00faty"},"schema":{"@context":"https:\/\/schema.org","@graph":[{"@type":"WebPage","@id":"https:\/\/talkpal.ai\/sk\/nemecke-gramaticke-cvicenia\/","url":"https:\/\/talkpal.ai\/sk\/nemecke-gramaticke-cvicenia\/","name":"Nemeck\u00e9 gramatick\u00e9 cvi\u010denia - Talkpal","isPartOf":{"@id":"https:\/\/talkpal.ai\/sk\/#website"},"primaryImageOfPage":{"@id":"https:\/\/talkpal.ai\/sk\/nemecke-gramaticke-cvicenia\/#primaryimage"},"image":{"@id":"https:\/\/talkpal.ai\/sk\/nemecke-gramaticke-cvicenia\/#primaryimage"},"thumbnailUrl":"https:\/\/talkpal.ai\/wp-content\/uploads\/2023\/03\/germany.png","datePublished":"2023-06-16T09:14:18+00:00","dateModified":"2025-12-17T16:11:12+00:00","description":"Zlep\u0161ite si nemeck\u00fa gramatiku pomocou praktick\u00fdch cvi\u010den\u00ed - r\u00fdchlo sa zlep\u0161ujte, interakt\u00edvne cvi\u010dte a z\u00edskajte jazykov\u00fa istotu pomocou Talkpal AI.","breadcrumb":{"@id":"https:\/\/talkpal.ai\/sk\/nemecke-gramaticke-cvicenia\/#breadcrumb"},"inLanguage":"sk-SK","potentialAction":[{"@type":"ReadAction","target":["https:\/\/talkpal.ai\/sk\/nemecke-gramaticke-cvicenia\/"]}]},{"@type":"ImageObject","inLanguage":"sk-SK","@id":"https:\/\/talkpal.ai\/sk\/nemecke-gramaticke-cvicenia\/#primaryimage","url":"https:\/\/talkpal.ai\/wp-content\/uploads\/2023\/03\/germany.png","contentUrl":"https:\/\/talkpal.ai\/wp-content\/uploads\/2023\/03\/germany.png","width":512,"height":512,"caption":"TalkPal AI learn German"},{"@type":"BreadcrumbList","@id":"https:\/\/talkpal.ai\/sk\/nemecke-gramaticke-cvicenia\/#breadcrumb","itemListElement":[{"@type":"ListItem","position":1,"name":"Homepage","item":"https:\/\/talkpal.ai\/sk\/"},{"@type":"ListItem","position":2,"name":"Nemeck\u00e9 gramatick\u00e9 cvi\u010denia"}]},{"@type":"WebSite","@id":"https:\/\/talkpal.ai\/sk\/#website","url":"https:\/\/talkpal.ai\/sk\/","name":"Talkpal","description":"AI Language Learning","publisher":{"@id":"https:\/\/talkpal.ai\/sk\/#organization"},"alternateName":"Talkpal AI","potentialAction":[{"@type":"SearchAction","target":{"@type":"EntryPoint","urlTemplate":"https:\/\/talkpal.ai\/sk\/?s={search_term_string}"},"query-input":{"@type":"PropertyValueSpecification","valueRequired":true,"valueName":"search_term_string"}}],"inLanguage":"sk-SK"},{"@type":"Organization","@id":"https:\/\/talkpal.ai\/sk\/#organization","name":"Talkpal, Inc.","alternateName":"Talkpal AI","url":"https:\/\/talkpal.ai\/sk\/","logo":{"@type":"ImageObject","inLanguage":"sk-SK","@id":"https:\/\/talkpal.ai\/sk\/#\/schema\/logo\/image\/","url":"https:\/\/talkpal.ai\/wp-content\/uploads\/2024\/03\/Talkpal-Logo-Icon.png","contentUrl":"https:\/\/talkpal.ai\/wp-content\/uploads\/2024\/03\/Talkpal-Logo-Icon.png","width":2880,"height":2880,"caption":"Talkpal, Inc."},"image":{"@id":"https:\/\/talkpal.ai\/sk\/#\/schema\/logo\/image\/"},"sameAs":["https:\/\/www.facebook.com\/profile.php?id=100090733639311","https:\/\/x.com\/talkpalai","https:\/\/www.linkedin.com\/company\/talkpal\/","https:\/\/www.youtube.com\/@TalkPal\/","https:\/\/www.tiktok.com\/@talkpal","https:\/\/www.instagram.com\/talkpal_ai\/","https:\/\/www.crunchbase.com\/organization\/talkpal-9cde","https:\/\/www.g2.com\/products\/talkpal-for-business\/","https:\/\/www.trustpilot.com\/review\/talkpal.ai","https:\/\/www.capterra.com\/p\/10006800\/TalkPal\/"],"description":"Talkpal is a language learning web and mobile education app, powered by the latest AI technologies, that provides engaging experiences to its customers in many different languages to help them improve their language skills. Users can chat about unlimited amount of topics with the app and use other modes to practice their language learning.","email":"support@talkpal.ai","legalName":"Talkpal, Inc.","foundingDate":"2023-04-03","duns":"118989042","numberOfEmployees":{"@type":"QuantitativeValue","minValue":"11","maxValue":"50"},"publishingPrinciples":"https:\/\/talkpal.ai\/publishing-principles\/","actionableFeedbackPolicy":"https:\/\/talkpal.ai\/actionable-feedback-policy\/","correctionsPolicy":"https:\/\/talkpal.ai\/corrections-policy\/","ethicsPolicy":"https:\/\/talkpal.ai\/ethics-policy\/","diversityPolicy":"https:\/\/talkpal.ai\/diversity-policy\/","diversityStaffingReport":"https:\/\/talkpal.ai\/diversity-policy\/"}]}},"_links":{"self":[{"href":"https:\/\/talkpal.ai\/sk\/wp-json\/wp\/v2\/pages\/132055","targetHints":{"allow":["GET"]}}],"collection":[{"href":"https:\/\/talkpal.ai\/sk\/wp-json\/wp\/v2\/pages"}],"about":[{"href":"https:\/\/talkpal.ai\/sk\/wp-json\/wp\/v2\/types\/page"}],"author":[{"embeddable":true,"href":"https:\/\/talkpal.ai\/sk\/wp-json\/wp\/v2\/users\/6"}],"replies":[{"embeddable":true,"href":"https:\/\/talkpal.ai\/sk\/wp-json\/wp\/v2\/comments?post=132055"}],"version-history":[{"count":0,"href":"https:\/\/talkpal.ai\/sk\/wp-json\/wp\/v2\/pages\/132055\/revisions"}],"wp:featuredmedia":[{"embeddable":true,"href":"https:\/\/talkpal.ai\/sk\/wp-json\/wp\/v2\/media\/75658"}],"wp:attachment":[{"href":"https:\/\/talkpal.ai\/sk\/wp-json\/wp\/v2\/media?parent=132055"}],"curies":[{"name":"wp","href":"https:\/\/api.w.org\/{rel}","templated":true}]}}