{"id":131779,"date":"2023-06-16T08:35:52","date_gmt":"2023-06-16T08:35:52","guid":{"rendered":"http:\/\/talkpal.ai\/francuzske-gramaticke-cvicenia\/"},"modified":"2025-12-17T16:46:47","modified_gmt":"2025-12-17T16:46:47","slug":"francuzske-gramaticke-cvicenia","status":"publish","type":"page","link":"https:\/\/talkpal.ai\/sk\/francuzske-gramaticke-cvicenia\/","title":{"rendered":"Franc\u00fazske gramatick\u00e9 cvi\u010denia"},"content":{"rendered":"\r\n\r\n\r\n<section class=\"languageChallengeSection\">\r\n    <div class=\"languageInfoWrapper\">\r\n        \r\n        <h1>Franc\u00fazske gramatick\u00e9 cvi\u010denia<\/h1>\r\n        <p>Chcete ovl\u00e1da\u0165 franc\u00faz\u0161tinu? Precvi\u010dovanie gramatick\u00fdch cvi\u010den\u00ed je skvel\u00fd sp\u00f4sob, ako pochopi\u0165 \u0161trukt\u00faru viet, slovesn\u00e9 spojenia a jedine\u010dn\u00e9 vzorce franc\u00fazskeho jazyka. Za\u010dnite pracova\u0165 na franc\u00fazskej gramatike e\u0161te dnes a sledujte, ako s ka\u017ed\u00fdm cvi\u010den\u00edm rastie va\u0161e sebavedomie a plynulos\u0165!\n\n<\/p>\r\n\r\n                            <a class=\"getStartedHidden\" href=\"https:\/\/app.talkpal.ai\/sk\/signup?lng=\">Za\u010dni<\/a>\r\n        \r\n    <\/div>\r\n\r\n    <figure>\r\n    <img decoding=\"async\" width=\"768\" height=\"768\" src=\"https:\/\/talkpal.ai\/wp-content\/uploads\/2023\/06\/french-768x768.png\" class=\"languageImage no-lazy\" alt=\"Language learning strategies for professionals\" fetchpriority=\"high\" sizes=\"(max-width: 768px) 150px, 768px\" srcset=\"https:\/\/talkpal.ai\/wp-content\/uploads\/2023\/06\/french-768x768.png 768w, https:\/\/talkpal.ai\/wp-content\/uploads\/2023\/06\/french-300x300.png 300w\" \/>\r\n    \r\n\r\n    <\/figure>\r\n\r\n            <a class=\"getStartedVisible\" href=\"https:\/\/app.talkpal.ai\/sk\/signup?lng=\">Za\u010dni<\/a>\r\n    \r\n<\/section>\r\n\r\n\r\n<!-- <section class=\"grammarSection\">\r\n    <div class=\"grammarLinks\">\r\n        <a href=\"https:\/\/talkpal.ai\/sk\/exercise_language\/casy-indikativne-francuzska-gramatika\/\">\u010casy \u2013 indikat\u00edvne \u2013 franc\u00fazska gramatika<\/a><a href=\"https:\/\/talkpal.ai\/sk\/exercise_language\/clanky-francuzska-gramatika\/\">\u010cl\u00e1nky <\/a><a href=\"https:\/\/talkpal.ai\/sk\/exercise_language\/podstatne-mena-francuzska-gramatika\/\">Podstatn\u00e9 men\u00e1 <\/a><a href=\"https:\/\/talkpal.ai\/sk\/exercise_language\/predlozky-francuzska-gramatika\/\">Predlo\u017eky <\/a><a href=\"https:\/\/talkpal.ai\/sk\/exercise_language\/pridavne-mena-francuzska-gramatika\/\">Pr\u00eddavn\u00e9 men\u00e1 <\/a><a href=\"https:\/\/talkpal.ai\/sk\/exercise_language\/prislovky-francuzska-gramatika\/\">Pr\u00edslovky <\/a><a href=\"https:\/\/talkpal.ai\/sk\/exercise_language\/slovesa-francuzska-gramatika\/\">Sloves\u00e1 <\/a><a href=\"https:\/\/talkpal.ai\/sk\/exercise_language\/struktura-vety-francuzska-gramatika\/\">\u0160trukt\u00fara vety <\/a><a href=\"https:\/\/talkpal.ai\/sk\/exercise_language\/zamena-a-determinanty-francuzska-gramatika\/\">Z\u00e1men\u00e1 a determinanty <\/a>    <\/div>\r\n<\/section> -->\r\n\r\n\r\n\r\n\r\n        <section class=\"grammarSection\">\r\n            <div class=\"grammarLinks\">\r\n                <a href=\"https:\/\/talkpal.ai\/sk\/exercise_language\/casy-indikativne-francuzska-gramatika\/\">\u010casy \u2013 indikat\u00edvne \u2013 franc\u00fazska gramatika<\/a><a href=\"https:\/\/talkpal.ai\/sk\/exercise_language\/clanky-francuzska-gramatika\/\">\u010cl\u00e1nky <\/a><a href=\"https:\/\/talkpal.ai\/sk\/exercise_language\/podstatne-mena-francuzska-gramatika\/\">Podstatn\u00e9 men\u00e1 <\/a><a href=\"https:\/\/talkpal.ai\/sk\/exercise_language\/predlozky-francuzska-gramatika\/\">Predlo\u017eky <\/a><a href=\"https:\/\/talkpal.ai\/sk\/exercise_language\/pridavne-mena-francuzska-gramatika\/\">Pr\u00eddavn\u00e9 men\u00e1 <\/a><a href=\"https:\/\/talkpal.ai\/sk\/exercise_language\/prislovky-francuzska-gramatika\/\">Pr\u00edslovky <\/a><a href=\"https:\/\/talkpal.ai\/sk\/exercise_language\/slovesa-francuzska-gramatika\/\">Sloves\u00e1 <\/a><a href=\"https:\/\/talkpal.ai\/sk\/exercise_language\/struktura-vety-francuzska-gramatika\/\">\u0160trukt\u00fara vety <\/a><a href=\"https:\/\/talkpal.ai\/sk\/exercise_language\/zamena-a-determinanty-francuzska-gramatika\/\">Z\u00e1men\u00e1 a determinanty <\/a>            <\/div>\r\n        <\/section>\r\n<section class=\"promotionalBanner\">\r\n    <p class=\"promotionalText\">Najefekt\u00edvnej\u0161\u00ed sp\u00f4sob, ako sa nau\u010di\u0165 jazyk<\/p>\r\n    <a class=\"promotionalLink\" href=\"https:\/\/app.talkpal.ai\/sk\/signup?lng=\">Vysk\u00fa\u0161ajte Talkpal zadarmo<\/a>\r\n<\/section>\n<div class=\"wp-block-group pageContainerStyle\"><div class=\"wp-block-group__inner-container is-layout-constrained wp-block-group-is-layout-constrained\">\n<h2 class=\"wp-block-heading\" id=\"h-french-grammar-topics\">T\u00e9my franc\u00fazskej gramatiky<\/h2>\n\n\n\n<p>U\u010denie franc\u00faz\u0161tiny m\u00f4\u017ee by\u0165 vzru\u0161uj\u00facim a obohacuj\u00facim z\u00e1\u017eitkom. Ako jazyk bohat\u00fd na hist\u00f3riu a kult\u00faru pon\u00faka franc\u00faz\u0161tina jedine\u010dn\u00fd poh\u013ead na svet a je z\u00e1kladn\u00fdm komunika\u010dn\u00fdm n\u00e1strojom v r\u00f4znych oblastiach. Ak sa chcete efekt\u00edvne nau\u010di\u0165 franc\u00faz\u0161tinu, je nevyhnutn\u00e9 dobre pochopi\u0165 jej gramatiku, ktor\u00e1 je z\u00e1kladom ka\u017ed\u00e9ho jazyka. Nasleduj\u00faca postupnos\u0165 t\u00e9m franc\u00fazskej gramatiky, vr\u00e1tane pr\u00eddavn\u00fdch mien, pr\u00edsloviek, \u010dl\u00e1nkov, podstatn\u00fdch mien, predlo\u017eiek, z\u00e1men a determin\u00e1torov, vetnej \u0161trukt\u00fary, \u010dasov \u2013 indikat\u00edvov a slovies, v\u00e1m pom\u00f4\u017ee vies\u0165 v\u00e1s na va\u0161ej ceste k zvl\u00e1dnutiu jazyka.<\/p>\n\n\n\n<h3 class=\"wp-block-heading\" id=\"h-1-nouns\">1. Podstatn\u00e9 men\u00e1:<\/h3>\n\n\n\n<p>Podstatn\u00e9 men\u00e1 s\u00fa hlavn\u00fdmi stavebn\u00fdmi kame\u0148mi ka\u017ed\u00e9ho jazyka, preto\u017ee predstavuj\u00fa \u013eud\u00ed, miesta, veci alebo my\u0161lienky. Vo franc\u00faz\u0161tine maj\u00fa podstatn\u00e9 men\u00e1 rody (mu\u017esk\u00e9 alebo \u017eensk\u00e9) a m\u00f4\u017eu by\u0165 jednotn\u00e9 alebo mno\u017en\u00e9 \u010d\u00edslo. Pochopenie rodu a po\u010dtu podstatn\u00fdch mien je \u017eivotne d\u00f4le\u017eit\u00e9, preto\u017ee ovplyv\u0148uje formy in\u00fdch slov vo vete, ako s\u00fa pr\u00eddavn\u00e9 men\u00e1, \u010dl\u00e1nky a z\u00e1men\u00e1.<\/p>\n\n\n\n<h3 class=\"wp-block-heading\" id=\"h-2-articles\">2. \u010cl\u00e1nky:<\/h3>\n\n\n\n<p>\u010cl\u00e1nky s\u00fa nevyhnutn\u00e9 vo franc\u00fazskej gramatike, preto\u017ee poskytuj\u00fa inform\u00e1cie o pohlav\u00ed a \u010d\u00edsle podstatn\u00e9ho mena. Vo franc\u00faz\u0161tine existuj\u00fa tri typy \u010dl\u00e1nkov: ur\u010dit\u00fd (le, la, les), neur\u010dit\u00fd (un, une, des) a \u010diasto\u010dn\u00fd (du, de la, des). Pou\u017eitie vhodn\u00e9ho \u010dl\u00e1nku pom\u00e1ha vyjadri\u0165 zam\u00fd\u0161\u013ean\u00fd v\u00fdznam vety.<\/p>\n\n\n\n<h3 class=\"wp-block-heading\" id=\"h-3-adjectives\">3. Pr\u00eddavn\u00e9 men\u00e1:<\/h3>\n\n\n\n<p>Pr\u00eddavn\u00e9 men\u00e1 sa pou\u017e\u00edvaj\u00fa na opis alebo \u00fapravu podstatn\u00fdch mien. Vo franc\u00faz\u0161tine musia pr\u00eddavn\u00e9 men\u00e1 s\u00fahlasi\u0165 s podstatn\u00fdm menom, ktor\u00e9 upravuj\u00fa v rode a \u010d\u00edsle. Okrem toho sa poz\u00edcia pr\u00eddavn\u00fdch mien vo vete m\u00f4\u017ee l\u00ed\u0161i\u0165, hoci v\u00e4\u010d\u0161ina pr\u00eddavn\u00fdch mien nasleduje podstatn\u00e9 meno, ktor\u00e9 opisuj\u00fa.<\/p>\n\n\n\n<h3 class=\"wp-block-heading\" id=\"h-4-pronouns-and-determiners\">4. Z\u00e1men\u00e1 a determin\u00e1tory:<\/h3>\n\n\n\n<p>Z\u00e1men\u00e1 nahr\u00e1dzaj\u00fa podstatn\u00e9 men\u00e1, aby sa zabr\u00e1nilo opakovaniu, zatia\u013e \u010do determin\u00e1tory \u0161pecifikuj\u00fa alebo kvantifikuj\u00fa podstatn\u00e9 men\u00e1. Z\u00e1men\u00e1 aj determin\u00e1tory musia s\u00fahlasi\u0165 s podstatn\u00fdm menom, ktor\u00e9 nahr\u00e1dzaj\u00fa alebo sprev\u00e1dzaj\u00fa v rode a \u010d\u00edsle. Franc\u00fazske z\u00e1men\u00e1 zah\u0155\u0148aj\u00fa podmetov\u00e9 z\u00e1men\u00e1 (je, tu, il at\u010f.), predmetov\u00e9 z\u00e1men\u00e1 (me, te, lui at\u010f.) a reflex\u00edvne z\u00e1men\u00e1 (me, te, se at\u010f.). Medzi determinanty patria privlast\u0148ovacie pr\u00eddavn\u00e9 men\u00e1 (mon, ma, mes at\u010f.) a demon\u0161trat\u00edvne pr\u00eddavn\u00e9 men\u00e1 (ce, cette, ces at\u010f.).<\/p>\n\n\n\n<h3 class=\"wp-block-heading\" id=\"h-5-verbs\">5. Sloves\u00e1:<\/h3>\n\n\n\n<p>Sloves\u00e1 vyjadruj\u00fa akcie, stavy alebo v\u00fdskyty. Vo franc\u00faz\u0161tine s\u00fa sloves\u00e1 konjugovan\u00e9 tak, aby s\u00fahlasili s predmetom v osobe a po\u010dte a vyjadrovali r\u00f4zne \u010dasy a n\u00e1lady. Pravideln\u00e9 sloves\u00e1 sa riadia predv\u00eddate\u013en\u00fdm vzorom, zatia\u013e \u010do nepravideln\u00e9 sloves\u00e1 vy\u017eaduj\u00fa zapam\u00e4tanie.<\/p>\n\n\n\n<h3 class=\"wp-block-heading\" id=\"h-6-tenses-indicative\">6. \u010casy &#8211; indikat\u00edv:<\/h3>\n\n\n\n<p>Indikat\u00edvna n\u00e1lada sa pou\u017e\u00edva na vyjadrenie faktov a objekt\u00edvnych vyhl\u00e1sen\u00ed. Vo franc\u00fazskom indikat\u00edve je osem \u010dasov: pr\u00edtomn\u00fd, bud\u00faci, nedokonal\u00fd, jednoduch\u00e1 minulos\u0165, pludokonal\u00fd, bud\u00faci dokonal\u00fd, minul\u00fd podmienen\u00fd a minul\u00fd dokonal\u00fd. Pochopenie a zvl\u00e1dnutie t\u00fdchto \u010dasov je rozhoduj\u00face pre vyjadrenie \u010dasu a postupnosti vo franc\u00faz\u0161tine.<\/p>\n\n\n\n<h3 class=\"wp-block-heading\" id=\"h-7-adverbs\">7. Pr\u00edslovky:<\/h3>\n\n\n\n<p>Pr\u00edslovky upravuj\u00fa sloves\u00e1, pr\u00eddavn\u00e9 men\u00e1 alebo in\u00e9 pr\u00edslovky a poskytuj\u00fa \u010fal\u0161ie inform\u00e1cie o akcii, stave alebo kvalite. Vo franc\u00faz\u0161tine je v\u00e4\u010d\u0161ina pr\u00edsloviek tvoren\u00e1 pridan\u00edm -ment k \u017eenskej forme pr\u00eddavn\u00e9ho mena. Pr\u00edslovky vo v\u0161eobecnosti nasleduj\u00fa za slovesom, ktor\u00e9 upravuj\u00fa.<\/p>\n\n\n\n<h3 class=\"wp-block-heading\" id=\"h-8-prepositions\">8. Predlo\u017eky:<\/h3>\n\n\n\n<p>Predlo\u017eky sp\u00e1jaj\u00fa slov\u00e1 alebo skupiny slov a ozna\u010duj\u00fa vz\u0165ahy ako poloha, smer, \u010das alebo pr\u00ed\u010dina. Be\u017en\u00e9 <a href=\"https:\/\/talkpal.ai\/sk\/grammar\/predlozky-vo-francuzskej-gramatike\/\">franc\u00fazske predlo\u017eky<\/a> zah\u0155\u0148aj\u00fa \u00e0 (at, to), de (of, from), en (in, on) a pour (for). U\u010denie predlo\u017eiek a ich pou\u017e\u00edvanie je nevyhnutn\u00e9 pre kon\u0161trukciu s\u00favisl\u00fdch viet.<\/p>\n\n\n\n<h3 class=\"wp-block-heading\" id=\"h-9-sentence-structure\">9. \u0160trukt\u00fara vety:<\/h3>\n\n\n\n<p>Franc\u00fazske vety maj\u00fa \u0161trukt\u00faru subjekt-sloveso-objekt (SVO), podobn\u00fa angli\u010dtine. Slovosled sa v\u0161ak m\u00f4\u017ee l\u00ed\u0161i\u0165 v z\u00e1vislosti od pou\u017eitia z\u00e1men, neg\u00e1cie a d\u00f4razu. Pochopenie \u0161trukt\u00fary viet je nevyhnutn\u00e9 pre vytv\u00e1ranie jasn\u00fdch a presn\u00fdch vyhl\u00e1sen\u00ed a ot\u00e1zok vo franc\u00faz\u0161tine.<\/p>\n<\/div><\/div>\n\r\n<section class=\"learnNavigationSection\">\r\n            \r\n        <a href=\"https:\/\/talkpal.ai\/sk\/ucte-sa-francuzsky\/\">\r\n            <div class=\"learnNavigationWrapper\">\r\n                <div class=\"learnNavigationContent\">\r\n                    <img decoding=\"async\" src=\"https:\/\/talkpal.ai\/wp-content\/uploads\/2024\/08\/French.jpg\" alt=\"French Flag\">\r\n                    <div>\r\n                        <h4>O v\u00fdu\u010dbe franc\u00faz\u0161tiny<\/h4>\r\n                        <p>Zistite v\u0161etko o franc\u00fazskej gramatike.<\/p>\r\n                    <\/div>\r\n                <\/div>\r\n            <\/div>\r\n        <\/a>\r\n\r\n        \r\n        <a href=\"https:\/\/talkpal.ai\/sk\/francuzska-gramatika\/\">\r\n            <div class=\"learnNavigationWrapper\">\r\n                <div class=\"learnNavigationContent\">\r\n                    <img decoding=\"async\" src=\"https:\/\/talkpal.ai\/wp-content\/uploads\/2024\/08\/French.jpg\" alt=\"French Flag\">\r\n                    <div>\r\n                        <h4>Franc\u00fazske gramatick\u00e9 lekcie<\/h4>\r\n                        <p>Precvi\u010dte si franc\u00fazsku gramatiku.<\/p>\r\n                    <\/div>\r\n                <\/div>\r\n            <\/div>\r\n        <\/a>\r\n\r\n        \r\n        <a href=\"https:\/\/talkpal.ai\/vocabulary_language\/french\/\">\r\n            <div class=\"learnNavigationWrapper\">\r\n                <div class=\"learnNavigationContent\">\r\n                    <img decoding=\"async\" src=\"https:\/\/talkpal.ai\/wp-content\/uploads\/2024\/08\/French.jpg\" alt=\"French Flag\">\r\n                    <div>\r\n                        <h4>Franc\u00fazska slovn\u00e1 z\u00e1soba<\/h4>\r\n                        <p>Roz\u0161\u00edrte si franc\u00fazsku slovn\u00fa z\u00e1sobu.<\/p>\r\n                    <\/div>\r\n                <\/div>\r\n            <\/div>\r\n        <\/a>\r\n\r\n            <\/section>","protected":false},"excerpt":{"rendered":"<p>T\u00e9my franc\u00fazskej gramatiky U\u010denie franc\u00faz\u0161tiny m\u00f4\u017ee by\u0165 vzru\u0161uj\u00facim a obohacuj\u00facim z\u00e1\u017eitkom. Ako jazyk bohat\u00fd na hist\u00f3riu a kult\u00faru pon\u00faka franc\u00faz\u0161tina jedine\u010dn\u00fd poh\u013ead na svet a je z\u00e1kladn\u00fdm komunika\u010dn\u00fdm n\u00e1strojom v r\u00f4znych oblastiach. Ak sa chcete efekt\u00edvne nau\u010di\u0165 franc\u00faz\u0161tinu, je nevyhnutn\u00e9 dobre pochopi\u0165 jej gramatiku, ktor\u00e1 je z\u00e1kladom ka\u017ed\u00e9ho jazyka. Nasleduj\u00faca postupnos\u0165 t\u00e9m franc\u00fazskej gramatiky, vr\u00e1tane [&hellip;]<\/p>\n","protected":false},"author":6,"featured_media":75844,"parent":0,"menu_order":0,"comment_status":"closed","ping_status":"closed","template":"LearningContentPage.php","meta":{"_acf_changed":false,"footnotes":""},"class_list":["post-131779","page","type-page","status-publish","has-post-thumbnail","hentry"],"acf":[],"yoast_head":"<!-- This site is optimized with the Yoast SEO Premium plugin v27.2 (Yoast SEO v27.2) - https:\/\/yoast.com\/product\/yoast-seo-premium-wordpress\/ -->\n<title>Franc\u00fazske gramatick\u00e9 cvi\u010denia - Talkpal<\/title>\n<meta name=\"description\" content=\"Precvi\u010dte si a zlep\u0161ite svoje znalosti franc\u00fazskej gramatiky pomocou interakt\u00edvnych cvi\u010den\u00ed ur\u010den\u00fdch pre v\u0161etky \u00farovne. Zlep\u0161ite svoje jazykov\u00e9 znalosti!\" \/>\n<meta name=\"robots\" content=\"index, follow, max-snippet:-1, max-image-preview:large, max-video-preview:-1\" \/>\n<link rel=\"canonical\" href=\"https:\/\/talkpal.ai\/sk\/francuzske-gramaticke-cvicenia\/\" \/>\n<meta property=\"og:locale\" content=\"sk_SK\" \/>\n<meta property=\"og:type\" content=\"article\" \/>\n<meta property=\"og:title\" content=\"Franc\u00fazske gramatick\u00e9 cvi\u010denia\" \/>\n<meta property=\"og:description\" content=\"T\u00e9my franc\u00fazskej gramatiky U\u010denie franc\u00faz\u0161tiny m\u00f4\u017ee by\u0165 vzru\u0161uj\u00facim a obohacuj\u00facim z\u00e1\u017eitkom. Ako jazyk bohat\u00fd na hist\u00f3riu a kult\u00faru pon\u00faka franc\u00faz\u0161tina\" \/>\n<meta property=\"og:url\" content=\"https:\/\/talkpal.ai\/sk\/francuzske-gramaticke-cvicenia\/\" \/>\n<meta property=\"og:site_name\" content=\"Talkpal\" \/>\n<meta property=\"article:publisher\" content=\"https:\/\/www.facebook.com\/profile.php?id=100090733639311\" \/>\n<meta property=\"article:modified_time\" content=\"2025-12-17T16:46:47+00:00\" \/>\n<meta property=\"og:image\" content=\"https:\/\/talkpal.ai\/wp-content\/uploads\/2023\/03\/france.png\" \/>\n\t<meta property=\"og:image:width\" content=\"512\" \/>\n\t<meta property=\"og:image:height\" content=\"512\" \/>\n\t<meta property=\"og:image:type\" content=\"image\/png\" \/>\n<meta name=\"twitter:card\" content=\"summary_large_image\" \/>\n<meta name=\"twitter:site\" content=\"@talkpalai\" \/>\n<meta name=\"twitter:label1\" content=\"Predpokladan\u00fd \u010das \u010d\u00edtania\" \/>\n\t<meta name=\"twitter:data1\" content=\"4 min\u00faty\" \/>\n<script type=\"application\/ld+json\" class=\"yoast-schema-graph\">{\"@context\":\"https:\/\/schema.org\",\"@graph\":[{\"@type\":\"WebPage\",\"@id\":\"https:\/\/talkpal.ai\/sk\/francuzske-gramaticke-cvicenia\/\",\"url\":\"https:\/\/talkpal.ai\/sk\/francuzske-gramaticke-cvicenia\/\",\"name\":\"Franc\u00fazske gramatick\u00e9 cvi\u010denia - Talkpal\",\"isPartOf\":{\"@id\":\"https:\/\/talkpal.ai\/sk\/#website\"},\"primaryImageOfPage\":{\"@id\":\"https:\/\/talkpal.ai\/sk\/francuzske-gramaticke-cvicenia\/#primaryimage\"},\"image\":{\"@id\":\"https:\/\/talkpal.ai\/sk\/francuzske-gramaticke-cvicenia\/#primaryimage\"},\"thumbnailUrl\":\"https:\/\/talkpal.ai\/wp-content\/uploads\/2023\/03\/france.png\",\"datePublished\":\"2023-06-16T08:35:52+00:00\",\"dateModified\":\"2025-12-17T16:46:47+00:00\",\"description\":\"Precvi\u010dte si a zlep\u0161ite svoje znalosti franc\u00fazskej gramatiky pomocou interakt\u00edvnych cvi\u010den\u00ed ur\u010den\u00fdch pre v\u0161etky \u00farovne. Zlep\u0161ite svoje jazykov\u00e9 znalosti!\",\"breadcrumb\":{\"@id\":\"https:\/\/talkpal.ai\/sk\/francuzske-gramaticke-cvicenia\/#breadcrumb\"},\"inLanguage\":\"sk-SK\",\"potentialAction\":[{\"@type\":\"ReadAction\",\"target\":[\"https:\/\/talkpal.ai\/sk\/francuzske-gramaticke-cvicenia\/\"]}]},{\"@type\":\"ImageObject\",\"inLanguage\":\"sk-SK\",\"@id\":\"https:\/\/talkpal.ai\/sk\/francuzske-gramaticke-cvicenia\/#primaryimage\",\"url\":\"https:\/\/talkpal.ai\/wp-content\/uploads\/2023\/03\/france.png\",\"contentUrl\":\"https:\/\/talkpal.ai\/wp-content\/uploads\/2023\/03\/france.png\",\"width\":512,\"height\":512,\"caption\":\"TalkPal AI learn French\"},{\"@type\":\"BreadcrumbList\",\"@id\":\"https:\/\/talkpal.ai\/sk\/francuzske-gramaticke-cvicenia\/#breadcrumb\",\"itemListElement\":[{\"@type\":\"ListItem\",\"position\":1,\"name\":\"Homepage\",\"item\":\"https:\/\/talkpal.ai\/sk\/\"},{\"@type\":\"ListItem\",\"position\":2,\"name\":\"Franc\u00fazske gramatick\u00e9 cvi\u010denia\"}]},{\"@type\":\"WebSite\",\"@id\":\"https:\/\/talkpal.ai\/sk\/#website\",\"url\":\"https:\/\/talkpal.ai\/sk\/\",\"name\":\"Talkpal\",\"description\":\"AI Language Learning\",\"publisher\":{\"@id\":\"https:\/\/talkpal.ai\/sk\/#organization\"},\"alternateName\":\"Talkpal AI\",\"potentialAction\":[{\"@type\":\"SearchAction\",\"target\":{\"@type\":\"EntryPoint\",\"urlTemplate\":\"https:\/\/talkpal.ai\/sk\/?s={search_term_string}\"},\"query-input\":{\"@type\":\"PropertyValueSpecification\",\"valueRequired\":true,\"valueName\":\"search_term_string\"}}],\"inLanguage\":\"sk-SK\"},{\"@type\":\"Organization\",\"@id\":\"https:\/\/talkpal.ai\/sk\/#organization\",\"name\":\"Talkpal, Inc.\",\"alternateName\":\"Talkpal AI\",\"url\":\"https:\/\/talkpal.ai\/sk\/\",\"logo\":{\"@type\":\"ImageObject\",\"inLanguage\":\"sk-SK\",\"@id\":\"https:\/\/talkpal.ai\/sk\/#\/schema\/logo\/image\/\",\"url\":\"https:\/\/talkpal.ai\/wp-content\/uploads\/2024\/03\/Talkpal-Logo-Icon.png\",\"contentUrl\":\"https:\/\/talkpal.ai\/wp-content\/uploads\/2024\/03\/Talkpal-Logo-Icon.png\",\"width\":2880,\"height\":2880,\"caption\":\"Talkpal, Inc.\"},\"image\":{\"@id\":\"https:\/\/talkpal.ai\/sk\/#\/schema\/logo\/image\/\"},\"sameAs\":[\"https:\/\/www.facebook.com\/profile.php?id=100090733639311\",\"https:\/\/x.com\/talkpalai\",\"https:\/\/www.linkedin.com\/company\/talkpal\/\",\"https:\/\/www.youtube.com\/@TalkPal\/\",\"https:\/\/www.tiktok.com\/@talkpal\",\"https:\/\/www.instagram.com\/talkpal_ai\/\",\"https:\/\/www.crunchbase.com\/organization\/talkpal-9cde\",\"https:\/\/www.g2.com\/products\/talkpal-for-business\/\",\"https:\/\/www.trustpilot.com\/review\/talkpal.ai\",\"https:\/\/www.capterra.com\/p\/10006800\/TalkPal\/\"],\"description\":\"Talkpal is a language learning web and mobile education app, powered by the latest AI technologies, that provides engaging experiences to its customers in many different languages to help them improve their language skills. Users can chat about unlimited amount of topics with the app and use other modes to practice their language learning.\",\"email\":\"support@talkpal.ai\",\"legalName\":\"Talkpal, Inc.\",\"foundingDate\":\"2023-04-03\",\"duns\":\"118989042\",\"numberOfEmployees\":{\"@type\":\"QuantitativeValue\",\"minValue\":\"11\",\"maxValue\":\"50\"},\"publishingPrinciples\":\"https:\/\/talkpal.ai\/publishing-principles\/\",\"actionableFeedbackPolicy\":\"https:\/\/talkpal.ai\/actionable-feedback-policy\/\",\"correctionsPolicy\":\"https:\/\/talkpal.ai\/corrections-policy\/\",\"ethicsPolicy\":\"https:\/\/talkpal.ai\/ethics-policy\/\",\"diversityPolicy\":\"https:\/\/talkpal.ai\/diversity-policy\/\",\"diversityStaffingReport\":\"https:\/\/talkpal.ai\/diversity-policy\/\"}]}<\/script>\n<!-- \/ Yoast SEO Premium plugin. -->","yoast_head_json":{"title":"Franc\u00fazske gramatick\u00e9 cvi\u010denia - Talkpal","description":"Precvi\u010dte si a zlep\u0161ite svoje znalosti franc\u00fazskej gramatiky pomocou interakt\u00edvnych cvi\u010den\u00ed ur\u010den\u00fdch pre v\u0161etky \u00farovne. Zlep\u0161ite svoje jazykov\u00e9 znalosti!","robots":{"index":"index","follow":"follow","max-snippet":"max-snippet:-1","max-image-preview":"max-image-preview:large","max-video-preview":"max-video-preview:-1"},"canonical":"https:\/\/talkpal.ai\/sk\/francuzske-gramaticke-cvicenia\/","og_locale":"sk_SK","og_type":"article","og_title":"Franc\u00fazske gramatick\u00e9 cvi\u010denia","og_description":"T\u00e9my franc\u00fazskej gramatiky U\u010denie franc\u00faz\u0161tiny m\u00f4\u017ee by\u0165 vzru\u0161uj\u00facim a obohacuj\u00facim z\u00e1\u017eitkom. Ako jazyk bohat\u00fd na hist\u00f3riu a kult\u00faru pon\u00faka franc\u00faz\u0161tina","og_url":"https:\/\/talkpal.ai\/sk\/francuzske-gramaticke-cvicenia\/","og_site_name":"Talkpal","article_publisher":"https:\/\/www.facebook.com\/profile.php?id=100090733639311","article_modified_time":"2025-12-17T16:46:47+00:00","og_image":[{"width":512,"height":512,"url":"https:\/\/talkpal.ai\/wp-content\/uploads\/2023\/03\/france.png","type":"image\/png"}],"twitter_card":"summary_large_image","twitter_site":"@talkpalai","twitter_misc":{"Predpokladan\u00fd \u010das \u010d\u00edtania":"4 min\u00faty"},"schema":{"@context":"https:\/\/schema.org","@graph":[{"@type":"WebPage","@id":"https:\/\/talkpal.ai\/sk\/francuzske-gramaticke-cvicenia\/","url":"https:\/\/talkpal.ai\/sk\/francuzske-gramaticke-cvicenia\/","name":"Franc\u00fazske gramatick\u00e9 cvi\u010denia - Talkpal","isPartOf":{"@id":"https:\/\/talkpal.ai\/sk\/#website"},"primaryImageOfPage":{"@id":"https:\/\/talkpal.ai\/sk\/francuzske-gramaticke-cvicenia\/#primaryimage"},"image":{"@id":"https:\/\/talkpal.ai\/sk\/francuzske-gramaticke-cvicenia\/#primaryimage"},"thumbnailUrl":"https:\/\/talkpal.ai\/wp-content\/uploads\/2023\/03\/france.png","datePublished":"2023-06-16T08:35:52+00:00","dateModified":"2025-12-17T16:46:47+00:00","description":"Precvi\u010dte si a zlep\u0161ite svoje znalosti franc\u00fazskej gramatiky pomocou interakt\u00edvnych cvi\u010den\u00ed ur\u010den\u00fdch pre v\u0161etky \u00farovne. Zlep\u0161ite svoje jazykov\u00e9 znalosti!","breadcrumb":{"@id":"https:\/\/talkpal.ai\/sk\/francuzske-gramaticke-cvicenia\/#breadcrumb"},"inLanguage":"sk-SK","potentialAction":[{"@type":"ReadAction","target":["https:\/\/talkpal.ai\/sk\/francuzske-gramaticke-cvicenia\/"]}]},{"@type":"ImageObject","inLanguage":"sk-SK","@id":"https:\/\/talkpal.ai\/sk\/francuzske-gramaticke-cvicenia\/#primaryimage","url":"https:\/\/talkpal.ai\/wp-content\/uploads\/2023\/03\/france.png","contentUrl":"https:\/\/talkpal.ai\/wp-content\/uploads\/2023\/03\/france.png","width":512,"height":512,"caption":"TalkPal AI learn French"},{"@type":"BreadcrumbList","@id":"https:\/\/talkpal.ai\/sk\/francuzske-gramaticke-cvicenia\/#breadcrumb","itemListElement":[{"@type":"ListItem","position":1,"name":"Homepage","item":"https:\/\/talkpal.ai\/sk\/"},{"@type":"ListItem","position":2,"name":"Franc\u00fazske gramatick\u00e9 cvi\u010denia"}]},{"@type":"WebSite","@id":"https:\/\/talkpal.ai\/sk\/#website","url":"https:\/\/talkpal.ai\/sk\/","name":"Talkpal","description":"AI Language Learning","publisher":{"@id":"https:\/\/talkpal.ai\/sk\/#organization"},"alternateName":"Talkpal AI","potentialAction":[{"@type":"SearchAction","target":{"@type":"EntryPoint","urlTemplate":"https:\/\/talkpal.ai\/sk\/?s={search_term_string}"},"query-input":{"@type":"PropertyValueSpecification","valueRequired":true,"valueName":"search_term_string"}}],"inLanguage":"sk-SK"},{"@type":"Organization","@id":"https:\/\/talkpal.ai\/sk\/#organization","name":"Talkpal, Inc.","alternateName":"Talkpal AI","url":"https:\/\/talkpal.ai\/sk\/","logo":{"@type":"ImageObject","inLanguage":"sk-SK","@id":"https:\/\/talkpal.ai\/sk\/#\/schema\/logo\/image\/","url":"https:\/\/talkpal.ai\/wp-content\/uploads\/2024\/03\/Talkpal-Logo-Icon.png","contentUrl":"https:\/\/talkpal.ai\/wp-content\/uploads\/2024\/03\/Talkpal-Logo-Icon.png","width":2880,"height":2880,"caption":"Talkpal, Inc."},"image":{"@id":"https:\/\/talkpal.ai\/sk\/#\/schema\/logo\/image\/"},"sameAs":["https:\/\/www.facebook.com\/profile.php?id=100090733639311","https:\/\/x.com\/talkpalai","https:\/\/www.linkedin.com\/company\/talkpal\/","https:\/\/www.youtube.com\/@TalkPal\/","https:\/\/www.tiktok.com\/@talkpal","https:\/\/www.instagram.com\/talkpal_ai\/","https:\/\/www.crunchbase.com\/organization\/talkpal-9cde","https:\/\/www.g2.com\/products\/talkpal-for-business\/","https:\/\/www.trustpilot.com\/review\/talkpal.ai","https:\/\/www.capterra.com\/p\/10006800\/TalkPal\/"],"description":"Talkpal is a language learning web and mobile education app, powered by the latest AI technologies, that provides engaging experiences to its customers in many different languages to help them improve their language skills. Users can chat about unlimited amount of topics with the app and use other modes to practice their language learning.","email":"support@talkpal.ai","legalName":"Talkpal, Inc.","foundingDate":"2023-04-03","duns":"118989042","numberOfEmployees":{"@type":"QuantitativeValue","minValue":"11","maxValue":"50"},"publishingPrinciples":"https:\/\/talkpal.ai\/publishing-principles\/","actionableFeedbackPolicy":"https:\/\/talkpal.ai\/actionable-feedback-policy\/","correctionsPolicy":"https:\/\/talkpal.ai\/corrections-policy\/","ethicsPolicy":"https:\/\/talkpal.ai\/ethics-policy\/","diversityPolicy":"https:\/\/talkpal.ai\/diversity-policy\/","diversityStaffingReport":"https:\/\/talkpal.ai\/diversity-policy\/"}]}},"_links":{"self":[{"href":"https:\/\/talkpal.ai\/sk\/wp-json\/wp\/v2\/pages\/131779","targetHints":{"allow":["GET"]}}],"collection":[{"href":"https:\/\/talkpal.ai\/sk\/wp-json\/wp\/v2\/pages"}],"about":[{"href":"https:\/\/talkpal.ai\/sk\/wp-json\/wp\/v2\/types\/page"}],"author":[{"embeddable":true,"href":"https:\/\/talkpal.ai\/sk\/wp-json\/wp\/v2\/users\/6"}],"replies":[{"embeddable":true,"href":"https:\/\/talkpal.ai\/sk\/wp-json\/wp\/v2\/comments?post=131779"}],"version-history":[{"count":0,"href":"https:\/\/talkpal.ai\/sk\/wp-json\/wp\/v2\/pages\/131779\/revisions"}],"wp:featuredmedia":[{"embeddable":true,"href":"https:\/\/talkpal.ai\/sk\/wp-json\/wp\/v2\/media\/75844"}],"wp:attachment":[{"href":"https:\/\/talkpal.ai\/sk\/wp-json\/wp\/v2\/media?parent=131779"}],"curies":[{"name":"wp","href":"https:\/\/api.w.org\/{rel}","templated":true}]}}