{"id":131493,"date":"2023-06-15T07:00:21","date_gmt":"2023-06-15T07:00:21","guid":{"rendered":"http:\/\/talkpal.ai\/spanielske-gramaticke-cvicenia\/"},"modified":"2025-12-17T16:37:02","modified_gmt":"2025-12-17T16:37:02","slug":"spanielske-gramaticke-cvicenia","status":"publish","type":"page","link":"https:\/\/talkpal.ai\/sk\/spanielske-gramaticke-cvicenia\/","title":{"rendered":"\u0160panielske gramatick\u00e9 cvi\u010denia"},"content":{"rendered":"\r\n\r\n\r\n<section class=\"languageChallengeSection\">\r\n    <div class=\"languageInfoWrapper\">\r\n        \r\n        <h1>\u0160panielske gramatick\u00e9 cvi\u010denia<\/h1>\r\n        <p>Ste pripraven\u00ed zlep\u0161i\u0165 svoju \u0161paniel\u010dinu? Precvi\u010dovanie gramatick\u00fdch cvi\u010den\u00ed je skvel\u00fd sp\u00f4sob, ako si osvoji\u0165 \u0161trukt\u00faru viet, slovesn\u00e9 spojenia a jedine\u010dn\u00e9 vzorce \u0161panielskeho jazyka. Za\u010dnite pracova\u0165 na \u0161panielskej gramatike e\u0161te dnes a s ka\u017ed\u00fdm cvi\u010den\u00edm uvid\u00edte, ako rastie va\u0161a sebad\u00f4vera a plynulos\u0165!\n\n<\/p>\r\n\r\n                            <a class=\"getStartedHidden\" href=\"https:\/\/app.talkpal.ai\/sk\/signup?lng=\">Za\u010dni<\/a>\r\n        \r\n    <\/div>\r\n\r\n    <figure>\r\n    <img decoding=\"async\" width=\"768\" height=\"768\" src=\"https:\/\/talkpal.ai\/wp-content\/uploads\/2023\/06\/Spanish-768x768.png\" class=\"languageImage no-lazy\" alt=\"Practical application of language learning\" fetchpriority=\"high\" sizes=\"(max-width: 768px) 150px, 768px\" srcset=\"https:\/\/talkpal.ai\/wp-content\/uploads\/2023\/06\/Spanish-768x768.png 768w, https:\/\/talkpal.ai\/wp-content\/uploads\/2023\/06\/Spanish-300x300.png 300w\" \/>\r\n    \r\n\r\n    <\/figure>\r\n\r\n            <a class=\"getStartedVisible\" href=\"https:\/\/app.talkpal.ai\/sk\/signup?lng=\">Za\u010dni<\/a>\r\n    \r\n<\/section>\r\n\r\n\r\n<!-- <section class=\"grammarSection\">\r\n    <div class=\"grammarLinks\">\r\n        <a href=\"https:\/\/talkpal.ai\/sk\/exercise_language\/casy-konjunktiv-spanielska-gramatika\/\">\u010casy konjunkt\u00edv <\/a><a href=\"https:\/\/talkpal.ai\/sk\/exercise_language\/clanky-spanielska-gramatika\/\">\u010cl\u00e1nky <\/a><a href=\"https:\/\/talkpal.ai\/sk\/exercise_language\/indikativne-casy-spanielska-gramatika\/\">Indikat\u00edvne \u010dasy <\/a><a href=\"https:\/\/talkpal.ai\/sk\/exercise_language\/podstatne-mena-spanielska-gramatika\/\">Podstatn\u00e9 men\u00e1 <\/a><a href=\"https:\/\/talkpal.ai\/sk\/exercise_language\/porovnanie-casu-spanielska-gramatika\/\">Porovnanie \u010dasu <\/a><a href=\"https:\/\/talkpal.ai\/sk\/exercise_language\/predlozky-spanielska-gramatika\/\">Predlo\u017eky <\/a><a href=\"https:\/\/talkpal.ai\/sk\/exercise_language\/pridavne-mena-spanielska-gramatika\/\">Pr\u00eddavn\u00e9 men\u00e1 <\/a><a href=\"https:\/\/talkpal.ai\/sk\/exercise_language\/prislovky-spanielska-gramatika\/\">Pr\u00edslovky <\/a><a href=\"https:\/\/talkpal.ai\/sk\/exercise_language\/slovesa-spanielska-gramatika\/\">Sloves\u00e1 <\/a><a href=\"https:\/\/talkpal.ai\/sk\/exercise_language\/struktura-vety-spanielska-gramatika\/\">\u0160trukt\u00fara vety <\/a><a href=\"https:\/\/talkpal.ai\/sk\/exercise_language\/zamena-spanielska-gramatika\/\">Z\u00e1men\u00e1 <\/a>    <\/div>\r\n<\/section> -->\r\n\r\n\r\n\r\n\r\n        <section class=\"grammarSection\">\r\n            <div class=\"grammarLinks\">\r\n                <a href=\"https:\/\/talkpal.ai\/sk\/exercise_language\/casy-konjunktiv-spanielska-gramatika\/\">\u010casy konjunkt\u00edv <\/a><a href=\"https:\/\/talkpal.ai\/sk\/exercise_language\/clanky-spanielska-gramatika\/\">\u010cl\u00e1nky <\/a><a href=\"https:\/\/talkpal.ai\/sk\/exercise_language\/indikativne-casy-spanielska-gramatika\/\">Indikat\u00edvne \u010dasy <\/a><a href=\"https:\/\/talkpal.ai\/sk\/exercise_language\/podstatne-mena-spanielska-gramatika\/\">Podstatn\u00e9 men\u00e1 <\/a><a href=\"https:\/\/talkpal.ai\/sk\/exercise_language\/porovnanie-casu-spanielska-gramatika\/\">Porovnanie \u010dasu <\/a><a href=\"https:\/\/talkpal.ai\/sk\/exercise_language\/predlozky-spanielska-gramatika\/\">Predlo\u017eky <\/a><a href=\"https:\/\/talkpal.ai\/sk\/exercise_language\/pridavne-mena-spanielska-gramatika\/\">Pr\u00eddavn\u00e9 men\u00e1 <\/a><a href=\"https:\/\/talkpal.ai\/sk\/exercise_language\/prislovky-spanielska-gramatika\/\">Pr\u00edslovky <\/a><a href=\"https:\/\/talkpal.ai\/sk\/exercise_language\/slovesa-spanielska-gramatika\/\">Sloves\u00e1 <\/a><a href=\"https:\/\/talkpal.ai\/sk\/exercise_language\/struktura-vety-spanielska-gramatika\/\">\u0160trukt\u00fara vety <\/a><a href=\"https:\/\/talkpal.ai\/sk\/exercise_language\/zamena-spanielska-gramatika\/\">Z\u00e1men\u00e1 <\/a>            <\/div>\r\n        <\/section>\r\n<section class=\"promotionalBanner\">\r\n    <p class=\"promotionalText\">Najefekt\u00edvnej\u0161\u00ed sp\u00f4sob, ako sa nau\u010di\u0165 jazyk<\/p>\r\n    <a class=\"promotionalLink\" href=\"https:\/\/app.talkpal.ai\/sk\/signup?lng=\">Vysk\u00fa\u0161ajte Talkpal zadarmo<\/a>\r\n<\/section>\n<div class=\"wp-block-group pageContainerStyle\"><div class=\"wp-block-group__inner-container is-layout-constrained wp-block-group-is-layout-constrained\">\n<h2 class=\"wp-block-heading\" id=\"h-spanish-grammar-topics\">T\u00e9my \u0161panielskej gramatiky<\/h2>\n\n\n\n<p><a href=\"https:\/\/talkpal.ai\/sk\/ucenie\/\">U\u010denie sa<\/a> nov\u00e9ho jazyka m\u00f4\u017ee by\u0165 vzru\u0161uj\u00face a obohacuj\u00face \u00fasilie a <a href=\"https:\/\/talkpal.ai\/learn-spanish\/\">\u0161paniel\u010dina<\/a> nie je v\u00fdnimkou. Ako druh\u00fd najpou\u017e\u00edvanej\u0161\u00ed jazyk na svete m\u00f4\u017ee otvori\u0165 nov\u00e9 pr\u00edle\u017eitosti na cestovanie, pr\u00e1cu a kult\u00farnu v\u00fdmenu. \u010ci u\u017e ste \u00fapln\u00fd za\u010diato\u010dn\u00edk alebo chcete zlep\u0161i\u0165 svoje existuj\u00face zru\u010dnosti, pochopenie a zvl\u00e1dnutie \u0161panielskej gramatiky je nevyhnutn\u00e9. Od \u010dasov a slovies a\u017e po vetn\u00fa \u0161trukt\u00faru a predlo\u017eky, ka\u017ed\u00fd aspekt jazyka hr\u00e1 k\u013e\u00fa\u010dov\u00fa \u00falohu vo va\u0161ej schopnosti efekt\u00edvne komunikova\u0165. V tejto pr\u00edru\u010dke presk\u00famame d\u00f4le\u017eit\u00e9 t\u00e9my \u0161panielskej gramatiky a predstav\u00edme ich v logickom porad\u00ed, aby sme v\u00e1m pomohli \u013eahko sa nau\u010di\u0165 jazyk.<\/p>\n\n\n\n<h3 class=\"wp-block-heading\" id=\"h-1-nouns-and-articles\">1. Podstatn\u00e9 men\u00e1 a \u010dleny:<\/h3>\n\n\n\n<p>Za\u010dnite t\u00fdm, \u017ee sa zozn\u00e1mite so \u0161panielskymi podstatn\u00fdmi menami a ich pohlav\u00edm, ako aj s ur\u010dit\u00fdmi a neur\u010dit\u00fdmi \u010dl\u00e1nkami. Tieto z\u00e1kladn\u00e9 stavebn\u00e9 bloky v\u00e1m pom\u00f4\u017eu pochopi\u0165 a vytvori\u0165 jednoduch\u00e9 fr\u00e1zy a vety.<\/p>\n\n\n\n<h3 class=\"wp-block-heading\" id=\"h-2-adjectives\">2. Pr\u00eddavn\u00e9 men\u00e1:<\/h3>\n\n\n\n<p>Pr\u00eddavn\u00e9 men\u00e1 s\u00fa nevyhnutn\u00e9 na opis podstatn\u00fdch mien a v \u0161paniel\u010dine musia s\u00fahlasi\u0165 v rode a po\u010dte s podstatn\u00fdm menom, ktor\u00e9 upravuj\u00fa. Osvojenie si pravidiel pre umiestnenie pr\u00eddavn\u00fdch mien a dohodu v\u00fdrazne zv\u00fd\u0161i va\u0161u schopnos\u0165 vyjadrova\u0165 sa v \u0161paniel\u010dine.<\/p>\n\n\n\n<h3 class=\"wp-block-heading\" id=\"h-3-pronouns\">3. Z\u00e1men\u00e1:<\/h3>\n\n\n\n<p>Z\u00e1men\u00e1 nahr\u00e1dzaj\u00fa podstatn\u00e9 men\u00e1 a s\u00fa \u017eivotne d\u00f4le\u017eit\u00e9 pre to, aby bola konverz\u00e1cia plynulej\u0161ia a prirodzenej\u0161ia. Zamerajte sa na predmetov\u00e9 z\u00e1men\u00e1, priame a nepriame predmetov\u00e9 z\u00e1men\u00e1 a reflex\u00edvne z\u00e1men\u00e1, aby ste sa uistili, \u017ee rozumiete ich pou\u017e\u00edvaniu a umiestneniu vo vet\u00e1ch.<\/p>\n\n\n\n<h3 class=\"wp-block-heading\" id=\"h-4-verbs\">4. Sloves\u00e1:<\/h3>\n\n\n\n<p>Sloves\u00e1 s\u00fa chrbtovou kos\u0165ou ka\u017ed\u00e9ho jazyka a \u0161paniel\u010dina sa nel\u00ed\u0161i. Za\u010dnite t\u00fdm, \u017ee sa nau\u010d\u00edte najbe\u017enej\u0161ie pravideln\u00e9 a nepravideln\u00e9 sloves\u00e1, ako aj ich \u010dasovanie v pr\u00edtomnom \u010dase indikat\u00edvnej n\u00e1lady.<\/p>\n\n\n\n<h3 class=\"wp-block-heading\" id=\"h-5-tenses-indicative\">5. Indikat\u00edvne \u010dasy:<\/h3>\n\n\n\n<p>Ke\u010f pochop\u00edte z\u00e1kladn\u00e9 \u010dasovanie slovies, roz\u0161\u00edrte svoje vedomosti o \u010fal\u0161ie indikat\u00edvne \u010dasy, ako s\u00fa predbe\u017en\u00fd, nedokonal\u00fd, bud\u00faci a podmienen\u00fd \u010das. To v\u00e1m umo\u017en\u00ed vyjadri\u0165 akcie a udalosti v r\u00f4znych \u010dasov\u00fdch r\u00e1mcoch.<\/p>\n\n\n\n<h3 class=\"wp-block-heading\" id=\"h-6-adverbs\">6. Pr\u00edslovky:<\/h3>\n\n\n\n<p>Pr\u00edslovky poskytuj\u00fa \u010fal\u0161ie inform\u00e1cie o sloves\u00e1ch, pr\u00eddavn\u00fdch men\u00e1ch alebo in\u00fdch pr\u00edslovk\u00e1ch. Nau\u010dte sa r\u00f4zne typy pr\u00edsloviek a ich umiestnenie vo vet\u00e1ch, aby ste do svojho prejavu pridali viac podrobnost\u00ed a nuansy.<\/p>\n\n\n\n<h3 class=\"wp-block-heading\" id=\"h-7-prepositions\">7. Predlo\u017eky:<\/h3>\n\n\n\n<p>Predlo\u017eky s\u00fa nevyhnutn\u00e9 na vyjadrenie vz\u0165ahov medzi slovami, ako je miesto, smer alebo \u010das. Zozn\u00e1mte sa s najbe\u017enej\u0161\u00edmi \u0161panielskymi predlo\u017ekami a ich pou\u017e\u00edvan\u00edm v r\u00f4znych kontextoch.<\/p>\n\n\n\n<h3 class=\"wp-block-heading\" id=\"h-8-tenses-subjunctive\">8. \u010casy subjunkt\u00edvne:<\/h3>\n\n\n\n<p>Subjunkt\u00edvna n\u00e1lada sa pou\u017e\u00edva na vyjadrenie pochybnost\u00ed, neistoty alebo hypotetick\u00fdch situ\u00e1ci\u00ed. Pre\u0161tudujte si pravidl\u00e1 \u010dasovania pravideln\u00fdch a nepravideln\u00fdch slovies v s\u00fa\u010dasnom, minulom a bud\u00facom subjunkt\u00edvnom \u010dase, aby ste roz\u0161\u00edrili svoje expres\u00edvne schopnosti.<\/p>\n\n\n\n<h3 class=\"wp-block-heading\" id=\"h-9-tense-comparison\">9. Nap\u00e4t\u00e9 porovnanie:<\/h3>\n\n\n\n<p>Pochopenie nuanci\u00ed medzi r\u00f4znymi \u010dasmi a n\u00e1ladami v\u00e1m pom\u00f4\u017ee vybra\u0165 vhodn\u00fa formu na vyjadrenie zam\u00fd\u0161\u013ean\u00e9ho v\u00fdznamu. Precvi\u010dte si porovn\u00e1vanie a kontrastovanie indikat\u00edvnych a subjunkt\u00edvnych \u010dasov, ako aj r\u00f4znych minul\u00fdch \u010dasov, aby ste z\u00edskali lep\u0161ie ovl\u00e1danie jazyka.<\/p>\n\n\n\n<h3 class=\"wp-block-heading\" id=\"h-10-sentence-structure\">10. \u0160trukt\u00fara vety:<\/h3>\n\n\n\n<p>Nakoniec presk\u00famajte r\u00f4zne vetn\u00e9 \u0161trukt\u00fary vr\u00e1tane jednoduch\u00fdch, zlo\u017een\u00fdch a zlo\u017eit\u00fdch viet. Nau\u010dte sa, ako pou\u017e\u00edva\u0165 koordina\u010dn\u00e9 a podriaden\u00e9 spojky na vytv\u00e1ranie zlo\u017eitej\u0161\u00edch my\u0161lienok a rozv\u00edjanie schopnosti efekt\u00edvne komunikova\u0165 v \u0161paniel\u010dine.<\/p>\n<\/div><\/div>\n\r\n<section class=\"learnNavigationSection\">\r\n            \r\n        <a href=\"https:\/\/talkpal.ai\/sk\/ucte-sa-spanielsky\/\">\r\n            <div class=\"learnNavigationWrapper\">\r\n                <div class=\"learnNavigationContent\">\r\n                    <img decoding=\"async\" src=\"https:\/\/talkpal.ai\/wp-content\/uploads\/2024\/08\/Spanish.jpg\" alt=\"Spanish Flag\">\r\n                    <div>\r\n                        <h4>O v\u00fdu\u010dbe \u0161paniel\u010diny<\/h4>\r\n                        <p>Zistite v\u0161etko o \u0161panielskej gramatike.<\/p>\r\n                    <\/div>\r\n                <\/div>\r\n            <\/div>\r\n        <\/a>\r\n\r\n        \r\n        <a href=\"https:\/\/talkpal.ai\/sk\/spanielska-gramatika\/\">\r\n            <div class=\"learnNavigationWrapper\">\r\n                <div class=\"learnNavigationContent\">\r\n                    <img decoding=\"async\" src=\"https:\/\/talkpal.ai\/wp-content\/uploads\/2024\/08\/Spanish.jpg\" alt=\"Spanish Flag\">\r\n                    <div>\r\n                        <h4>Lekcie \u0161panielskej gramatiky<\/h4>\r\n                        <p>Precvi\u010dte si \u0161panielsku gramatiku.<\/p>\r\n                    <\/div>\r\n                <\/div>\r\n            <\/div>\r\n        <\/a>\r\n\r\n        \r\n        <a href=\"https:\/\/talkpal.ai\/vocabulary_language\/spanish\/\">\r\n            <div class=\"learnNavigationWrapper\">\r\n                <div class=\"learnNavigationContent\">\r\n                    <img decoding=\"async\" src=\"https:\/\/talkpal.ai\/wp-content\/uploads\/2024\/08\/Spanish.jpg\" alt=\"Spanish Flag\">\r\n                    <div>\r\n                        <h4>\u0160panielska slovn\u00e1 z\u00e1soba<\/h4>\r\n                        <p>Roz\u0161\u00edrte si \u0161panielsku slovn\u00fa z\u00e1sobu.<\/p>\r\n                    <\/div>\r\n                <\/div>\r\n            <\/div>\r\n        <\/a>\r\n\r\n            <\/section>","protected":false},"excerpt":{"rendered":"<p>T\u00e9my \u0161panielskej gramatiky U\u010denie sa nov\u00e9ho jazyka m\u00f4\u017ee by\u0165 vzru\u0161uj\u00face a obohacuj\u00face \u00fasilie a \u0161paniel\u010dina nie je v\u00fdnimkou. Ako druh\u00fd najpou\u017e\u00edvanej\u0161\u00ed jazyk na svete m\u00f4\u017ee otvori\u0165 nov\u00e9 pr\u00edle\u017eitosti na cestovanie, pr\u00e1cu a kult\u00farnu v\u00fdmenu. \u010ci u\u017e ste \u00fapln\u00fd za\u010diato\u010dn\u00edk alebo chcete zlep\u0161i\u0165 svoje existuj\u00face zru\u010dnosti, pochopenie a zvl\u00e1dnutie \u0161panielskej gramatiky je nevyhnutn\u00e9. Od \u010dasov a [&hellip;]<\/p>\n","protected":false},"author":1,"featured_media":75484,"parent":0,"menu_order":0,"comment_status":"closed","ping_status":"closed","template":"LearningContentPage.php","meta":{"_acf_changed":false,"footnotes":""},"class_list":["post-131493","page","type-page","status-publish","has-post-thumbnail","hentry"],"acf":[],"yoast_head":"<!-- This site is optimized with the Yoast SEO Premium plugin v27.2 (Yoast SEO v27.2) - https:\/\/yoast.com\/product\/yoast-seo-premium-wordpress\/ -->\n<title>\u0160panielske gramatick\u00e9 cvi\u010denia - Talkpal<\/title>\n<meta name=\"description\" content=\"Zlep\u0161ite si \u0161panielsku gramatiku pomocou interakt\u00edvnych cvi\u010den\u00ed ur\u010den\u00fdch pre v\u0161etky \u00farovne zru\u010dnost\u00ed. Precvi\u010dte si sloves\u00e1, \u0161trukt\u00faru vety, slovn\u00fa z\u00e1sobu a mnoho \u010fal\u0161ieho!\" \/>\n<meta name=\"robots\" content=\"index, follow, max-snippet:-1, max-image-preview:large, max-video-preview:-1\" \/>\n<link rel=\"canonical\" href=\"https:\/\/talkpal.ai\/sk\/spanielske-gramaticke-cvicenia\/\" \/>\n<meta property=\"og:locale\" content=\"sk_SK\" \/>\n<meta property=\"og:type\" content=\"article\" \/>\n<meta property=\"og:title\" content=\"\u0160panielske gramatick\u00e9 cvi\u010denia\" \/>\n<meta property=\"og:description\" content=\"T\u00e9my \u0161panielskej gramatiky U\u010denie sa nov\u00e9ho jazyka m\u00f4\u017ee by\u0165 vzru\u0161uj\u00face a obohacuj\u00face \u00fasilie a \u0161paniel\u010dina nie je v\u00fdnimkou. Ako druh\u00fd najpou\u017e\u00edvanej\u0161\u00ed jazyk\" \/>\n<meta property=\"og:url\" content=\"https:\/\/talkpal.ai\/sk\/spanielske-gramaticke-cvicenia\/\" \/>\n<meta property=\"og:site_name\" content=\"Talkpal\" \/>\n<meta property=\"article:publisher\" content=\"https:\/\/www.facebook.com\/profile.php?id=100090733639311\" \/>\n<meta property=\"article:modified_time\" content=\"2025-12-17T16:37:02+00:00\" \/>\n<meta property=\"og:image\" content=\"https:\/\/talkpal.ai\/wp-content\/uploads\/2023\/03\/spain.png\" \/>\n\t<meta property=\"og:image:width\" content=\"512\" \/>\n\t<meta property=\"og:image:height\" content=\"512\" \/>\n\t<meta property=\"og:image:type\" content=\"image\/png\" \/>\n<meta name=\"twitter:card\" content=\"summary_large_image\" \/>\n<meta name=\"twitter:site\" content=\"@talkpalai\" \/>\n<meta name=\"twitter:label1\" content=\"Predpokladan\u00fd \u010das \u010d\u00edtania\" \/>\n\t<meta name=\"twitter:data1\" content=\"3 min\u00faty\" \/>\n<script type=\"application\/ld+json\" class=\"yoast-schema-graph\">{\"@context\":\"https:\/\/schema.org\",\"@graph\":[{\"@type\":\"WebPage\",\"@id\":\"https:\/\/talkpal.ai\/sk\/spanielske-gramaticke-cvicenia\/\",\"url\":\"https:\/\/talkpal.ai\/sk\/spanielske-gramaticke-cvicenia\/\",\"name\":\"\u0160panielske gramatick\u00e9 cvi\u010denia - Talkpal\",\"isPartOf\":{\"@id\":\"https:\/\/talkpal.ai\/sk\/#website\"},\"primaryImageOfPage\":{\"@id\":\"https:\/\/talkpal.ai\/sk\/spanielske-gramaticke-cvicenia\/#primaryimage\"},\"image\":{\"@id\":\"https:\/\/talkpal.ai\/sk\/spanielske-gramaticke-cvicenia\/#primaryimage\"},\"thumbnailUrl\":\"https:\/\/talkpal.ai\/wp-content\/uploads\/2023\/03\/spain.png\",\"datePublished\":\"2023-06-15T07:00:21+00:00\",\"dateModified\":\"2025-12-17T16:37:02+00:00\",\"description\":\"Zlep\u0161ite si \u0161panielsku gramatiku pomocou interakt\u00edvnych cvi\u010den\u00ed ur\u010den\u00fdch pre v\u0161etky \u00farovne zru\u010dnost\u00ed. Precvi\u010dte si sloves\u00e1, \u0161trukt\u00faru vety, slovn\u00fa z\u00e1sobu a mnoho \u010fal\u0161ieho!\",\"breadcrumb\":{\"@id\":\"https:\/\/talkpal.ai\/sk\/spanielske-gramaticke-cvicenia\/#breadcrumb\"},\"inLanguage\":\"sk-SK\",\"potentialAction\":[{\"@type\":\"ReadAction\",\"target\":[\"https:\/\/talkpal.ai\/sk\/spanielske-gramaticke-cvicenia\/\"]}]},{\"@type\":\"ImageObject\",\"inLanguage\":\"sk-SK\",\"@id\":\"https:\/\/talkpal.ai\/sk\/spanielske-gramaticke-cvicenia\/#primaryimage\",\"url\":\"https:\/\/talkpal.ai\/wp-content\/uploads\/2023\/03\/spain.png\",\"contentUrl\":\"https:\/\/talkpal.ai\/wp-content\/uploads\/2023\/03\/spain.png\",\"width\":512,\"height\":512,\"caption\":\"TalkPal AI learn Spanish\"},{\"@type\":\"BreadcrumbList\",\"@id\":\"https:\/\/talkpal.ai\/sk\/spanielske-gramaticke-cvicenia\/#breadcrumb\",\"itemListElement\":[{\"@type\":\"ListItem\",\"position\":1,\"name\":\"Homepage\",\"item\":\"https:\/\/talkpal.ai\/sk\/\"},{\"@type\":\"ListItem\",\"position\":2,\"name\":\"\u0160panielske gramatick\u00e9 cvi\u010denia\"}]},{\"@type\":\"WebSite\",\"@id\":\"https:\/\/talkpal.ai\/sk\/#website\",\"url\":\"https:\/\/talkpal.ai\/sk\/\",\"name\":\"Talkpal\",\"description\":\"AI Language Learning\",\"publisher\":{\"@id\":\"https:\/\/talkpal.ai\/sk\/#organization\"},\"alternateName\":\"Talkpal AI\",\"potentialAction\":[{\"@type\":\"SearchAction\",\"target\":{\"@type\":\"EntryPoint\",\"urlTemplate\":\"https:\/\/talkpal.ai\/sk\/?s={search_term_string}\"},\"query-input\":{\"@type\":\"PropertyValueSpecification\",\"valueRequired\":true,\"valueName\":\"search_term_string\"}}],\"inLanguage\":\"sk-SK\"},{\"@type\":\"Organization\",\"@id\":\"https:\/\/talkpal.ai\/sk\/#organization\",\"name\":\"Talkpal, Inc.\",\"alternateName\":\"Talkpal AI\",\"url\":\"https:\/\/talkpal.ai\/sk\/\",\"logo\":{\"@type\":\"ImageObject\",\"inLanguage\":\"sk-SK\",\"@id\":\"https:\/\/talkpal.ai\/sk\/#\/schema\/logo\/image\/\",\"url\":\"https:\/\/talkpal.ai\/wp-content\/uploads\/2024\/03\/Talkpal-Logo-Icon.png\",\"contentUrl\":\"https:\/\/talkpal.ai\/wp-content\/uploads\/2024\/03\/Talkpal-Logo-Icon.png\",\"width\":2880,\"height\":2880,\"caption\":\"Talkpal, Inc.\"},\"image\":{\"@id\":\"https:\/\/talkpal.ai\/sk\/#\/schema\/logo\/image\/\"},\"sameAs\":[\"https:\/\/www.facebook.com\/profile.php?id=100090733639311\",\"https:\/\/x.com\/talkpalai\",\"https:\/\/www.linkedin.com\/company\/talkpal\/\",\"https:\/\/www.youtube.com\/@TalkPal\/\",\"https:\/\/www.tiktok.com\/@talkpal\",\"https:\/\/www.instagram.com\/talkpal_ai\/\",\"https:\/\/www.crunchbase.com\/organization\/talkpal-9cde\",\"https:\/\/www.g2.com\/products\/talkpal-for-business\/\",\"https:\/\/www.trustpilot.com\/review\/talkpal.ai\",\"https:\/\/www.capterra.com\/p\/10006800\/TalkPal\/\"],\"description\":\"Talkpal is a language learning web and mobile education app, powered by the latest AI technologies, that provides engaging experiences to its customers in many different languages to help them improve their language skills. Users can chat about unlimited amount of topics with the app and use other modes to practice their language learning.\",\"email\":\"support@talkpal.ai\",\"legalName\":\"Talkpal, Inc.\",\"foundingDate\":\"2023-04-03\",\"duns\":\"118989042\",\"numberOfEmployees\":{\"@type\":\"QuantitativeValue\",\"minValue\":\"11\",\"maxValue\":\"50\"},\"publishingPrinciples\":\"https:\/\/talkpal.ai\/publishing-principles\/\",\"actionableFeedbackPolicy\":\"https:\/\/talkpal.ai\/actionable-feedback-policy\/\",\"correctionsPolicy\":\"https:\/\/talkpal.ai\/corrections-policy\/\",\"ethicsPolicy\":\"https:\/\/talkpal.ai\/ethics-policy\/\",\"diversityPolicy\":\"https:\/\/talkpal.ai\/diversity-policy\/\",\"diversityStaffingReport\":\"https:\/\/talkpal.ai\/diversity-policy\/\"}]}<\/script>\n<!-- \/ Yoast SEO Premium plugin. -->","yoast_head_json":{"title":"\u0160panielske gramatick\u00e9 cvi\u010denia - Talkpal","description":"Zlep\u0161ite si \u0161panielsku gramatiku pomocou interakt\u00edvnych cvi\u010den\u00ed ur\u010den\u00fdch pre v\u0161etky \u00farovne zru\u010dnost\u00ed. Precvi\u010dte si sloves\u00e1, \u0161trukt\u00faru vety, slovn\u00fa z\u00e1sobu a mnoho \u010fal\u0161ieho!","robots":{"index":"index","follow":"follow","max-snippet":"max-snippet:-1","max-image-preview":"max-image-preview:large","max-video-preview":"max-video-preview:-1"},"canonical":"https:\/\/talkpal.ai\/sk\/spanielske-gramaticke-cvicenia\/","og_locale":"sk_SK","og_type":"article","og_title":"\u0160panielske gramatick\u00e9 cvi\u010denia","og_description":"T\u00e9my \u0161panielskej gramatiky U\u010denie sa nov\u00e9ho jazyka m\u00f4\u017ee by\u0165 vzru\u0161uj\u00face a obohacuj\u00face \u00fasilie a \u0161paniel\u010dina nie je v\u00fdnimkou. Ako druh\u00fd najpou\u017e\u00edvanej\u0161\u00ed jazyk","og_url":"https:\/\/talkpal.ai\/sk\/spanielske-gramaticke-cvicenia\/","og_site_name":"Talkpal","article_publisher":"https:\/\/www.facebook.com\/profile.php?id=100090733639311","article_modified_time":"2025-12-17T16:37:02+00:00","og_image":[{"width":512,"height":512,"url":"https:\/\/talkpal.ai\/wp-content\/uploads\/2023\/03\/spain.png","type":"image\/png"}],"twitter_card":"summary_large_image","twitter_site":"@talkpalai","twitter_misc":{"Predpokladan\u00fd \u010das \u010d\u00edtania":"3 min\u00faty"},"schema":{"@context":"https:\/\/schema.org","@graph":[{"@type":"WebPage","@id":"https:\/\/talkpal.ai\/sk\/spanielske-gramaticke-cvicenia\/","url":"https:\/\/talkpal.ai\/sk\/spanielske-gramaticke-cvicenia\/","name":"\u0160panielske gramatick\u00e9 cvi\u010denia - Talkpal","isPartOf":{"@id":"https:\/\/talkpal.ai\/sk\/#website"},"primaryImageOfPage":{"@id":"https:\/\/talkpal.ai\/sk\/spanielske-gramaticke-cvicenia\/#primaryimage"},"image":{"@id":"https:\/\/talkpal.ai\/sk\/spanielske-gramaticke-cvicenia\/#primaryimage"},"thumbnailUrl":"https:\/\/talkpal.ai\/wp-content\/uploads\/2023\/03\/spain.png","datePublished":"2023-06-15T07:00:21+00:00","dateModified":"2025-12-17T16:37:02+00:00","description":"Zlep\u0161ite si \u0161panielsku gramatiku pomocou interakt\u00edvnych cvi\u010den\u00ed ur\u010den\u00fdch pre v\u0161etky \u00farovne zru\u010dnost\u00ed. Precvi\u010dte si sloves\u00e1, \u0161trukt\u00faru vety, slovn\u00fa z\u00e1sobu a mnoho \u010fal\u0161ieho!","breadcrumb":{"@id":"https:\/\/talkpal.ai\/sk\/spanielske-gramaticke-cvicenia\/#breadcrumb"},"inLanguage":"sk-SK","potentialAction":[{"@type":"ReadAction","target":["https:\/\/talkpal.ai\/sk\/spanielske-gramaticke-cvicenia\/"]}]},{"@type":"ImageObject","inLanguage":"sk-SK","@id":"https:\/\/talkpal.ai\/sk\/spanielske-gramaticke-cvicenia\/#primaryimage","url":"https:\/\/talkpal.ai\/wp-content\/uploads\/2023\/03\/spain.png","contentUrl":"https:\/\/talkpal.ai\/wp-content\/uploads\/2023\/03\/spain.png","width":512,"height":512,"caption":"TalkPal AI learn Spanish"},{"@type":"BreadcrumbList","@id":"https:\/\/talkpal.ai\/sk\/spanielske-gramaticke-cvicenia\/#breadcrumb","itemListElement":[{"@type":"ListItem","position":1,"name":"Homepage","item":"https:\/\/talkpal.ai\/sk\/"},{"@type":"ListItem","position":2,"name":"\u0160panielske gramatick\u00e9 cvi\u010denia"}]},{"@type":"WebSite","@id":"https:\/\/talkpal.ai\/sk\/#website","url":"https:\/\/talkpal.ai\/sk\/","name":"Talkpal","description":"AI Language Learning","publisher":{"@id":"https:\/\/talkpal.ai\/sk\/#organization"},"alternateName":"Talkpal AI","potentialAction":[{"@type":"SearchAction","target":{"@type":"EntryPoint","urlTemplate":"https:\/\/talkpal.ai\/sk\/?s={search_term_string}"},"query-input":{"@type":"PropertyValueSpecification","valueRequired":true,"valueName":"search_term_string"}}],"inLanguage":"sk-SK"},{"@type":"Organization","@id":"https:\/\/talkpal.ai\/sk\/#organization","name":"Talkpal, Inc.","alternateName":"Talkpal AI","url":"https:\/\/talkpal.ai\/sk\/","logo":{"@type":"ImageObject","inLanguage":"sk-SK","@id":"https:\/\/talkpal.ai\/sk\/#\/schema\/logo\/image\/","url":"https:\/\/talkpal.ai\/wp-content\/uploads\/2024\/03\/Talkpal-Logo-Icon.png","contentUrl":"https:\/\/talkpal.ai\/wp-content\/uploads\/2024\/03\/Talkpal-Logo-Icon.png","width":2880,"height":2880,"caption":"Talkpal, Inc."},"image":{"@id":"https:\/\/talkpal.ai\/sk\/#\/schema\/logo\/image\/"},"sameAs":["https:\/\/www.facebook.com\/profile.php?id=100090733639311","https:\/\/x.com\/talkpalai","https:\/\/www.linkedin.com\/company\/talkpal\/","https:\/\/www.youtube.com\/@TalkPal\/","https:\/\/www.tiktok.com\/@talkpal","https:\/\/www.instagram.com\/talkpal_ai\/","https:\/\/www.crunchbase.com\/organization\/talkpal-9cde","https:\/\/www.g2.com\/products\/talkpal-for-business\/","https:\/\/www.trustpilot.com\/review\/talkpal.ai","https:\/\/www.capterra.com\/p\/10006800\/TalkPal\/"],"description":"Talkpal is a language learning web and mobile education app, powered by the latest AI technologies, that provides engaging experiences to its customers in many different languages to help them improve their language skills. Users can chat about unlimited amount of topics with the app and use other modes to practice their language learning.","email":"support@talkpal.ai","legalName":"Talkpal, Inc.","foundingDate":"2023-04-03","duns":"118989042","numberOfEmployees":{"@type":"QuantitativeValue","minValue":"11","maxValue":"50"},"publishingPrinciples":"https:\/\/talkpal.ai\/publishing-principles\/","actionableFeedbackPolicy":"https:\/\/talkpal.ai\/actionable-feedback-policy\/","correctionsPolicy":"https:\/\/talkpal.ai\/corrections-policy\/","ethicsPolicy":"https:\/\/talkpal.ai\/ethics-policy\/","diversityPolicy":"https:\/\/talkpal.ai\/diversity-policy\/","diversityStaffingReport":"https:\/\/talkpal.ai\/diversity-policy\/"}]}},"_links":{"self":[{"href":"https:\/\/talkpal.ai\/sk\/wp-json\/wp\/v2\/pages\/131493","targetHints":{"allow":["GET"]}}],"collection":[{"href":"https:\/\/talkpal.ai\/sk\/wp-json\/wp\/v2\/pages"}],"about":[{"href":"https:\/\/talkpal.ai\/sk\/wp-json\/wp\/v2\/types\/page"}],"author":[{"embeddable":true,"href":"https:\/\/talkpal.ai\/sk\/wp-json\/wp\/v2\/users\/1"}],"replies":[{"embeddable":true,"href":"https:\/\/talkpal.ai\/sk\/wp-json\/wp\/v2\/comments?post=131493"}],"version-history":[{"count":0,"href":"https:\/\/talkpal.ai\/sk\/wp-json\/wp\/v2\/pages\/131493\/revisions"}],"wp:featuredmedia":[{"embeddable":true,"href":"https:\/\/talkpal.ai\/sk\/wp-json\/wp\/v2\/media\/75484"}],"wp:attachment":[{"href":"https:\/\/talkpal.ai\/sk\/wp-json\/wp\/v2\/media?parent=131493"}],"curies":[{"name":"wp","href":"https:\/\/api.w.org\/{rel}","templated":true}]}}