{"id":131068,"date":"2023-05-14T13:53:24","date_gmt":"2023-05-14T13:53:24","guid":{"rendered":"http:\/\/talkpal.ai\/ukrajinska-gramatika\/"},"modified":"2025-12-11T16:36:14","modified_gmt":"2025-12-11T16:36:14","slug":"ukrajinska-gramatika","status":"publish","type":"page","link":"https:\/\/talkpal.ai\/sk\/ukrajinska-gramatika\/","title":{"rendered":"Ukrajinsk\u00e1 gramatika"},"content":{"rendered":"\r\n\r\n\r\n<section class=\"languageChallengeSection\">\r\n    <div class=\"languageInfoWrapper\">\r\n        \r\n        <h1>Ukrajinsk\u00e1 gramatika<\/h1>\r\n        <p>Presk\u00famajte \u0161trukt\u00faru ukrajinsk\u00e9ho jazyka a nau\u010dte sa jeho z\u00e1kladn\u00e9 gramatick\u00e9 pravidl\u00e1. Zvl\u00e1dnutie ukrajinskej gramatiky v\u00e1m pom\u00f4\u017ee d\u00f4verne komunikova\u0165 a hlb\u0161ie sa spoji\u0165 s ukrajinskou kult\u00farou a dedi\u010dstvom. Za\u010dnite svoju cestu k ukrajinskej gramatike e\u0161te dnes a urobte prv\u00fd krok k plynulosti!<\/p>\r\n\r\n                            <a class=\"getStartedHidden\" href=\"https:\/\/app.talkpal.ai\/sk\/signup?lng=\">Za\u010dni<\/a>\r\n        \r\n    <\/div>\r\n\r\n    <figure>\r\n    <img decoding=\"async\" width=\"768\" height=\"768\" src=\"https:\/\/talkpal.ai\/wp-content\/uploads\/2023\/06\/Ukrainian-768x768.png\" class=\"languageImage no-lazy\" alt=\"Language learning - Your doorway to the world\" fetchpriority=\"high\" sizes=\"(max-width: 768px) 150px, 768px\" srcset=\"https:\/\/talkpal.ai\/wp-content\/uploads\/2023\/06\/Ukrainian-768x768.png 768w, https:\/\/talkpal.ai\/wp-content\/uploads\/2023\/06\/Ukrainian-300x300.png 300w\" \/>\r\n    \r\n\r\n    <\/figure>\r\n\r\n            <a class=\"getStartedVisible\" href=\"https:\/\/app.talkpal.ai\/sk\/signup?lng=\">Za\u010dni<\/a>\r\n    \r\n<\/section>\r\n<section class=\"promotionalBanner\">\r\n    <p class=\"promotionalText\">Najefekt\u00edvnej\u0161\u00ed sp\u00f4sob, ako sa nau\u010di\u0165 jazyk<\/p>\r\n    <a class=\"promotionalLink\" href=\"https:\/\/app.talkpal.ai\/sk\/signup?lng=\">Vysk\u00fa\u0161ajte Talkpal zadarmo<\/a>\r\n<\/section>\n<div class=\"wp-block-group pageContainerStyle\"><div class=\"wp-block-group__inner-container is-layout-constrained wp-block-group-is-layout-constrained\">\n<h2 class=\"wp-block-heading\" id=\"h-a-comprehensive-guide-to-mastering-ukrainian-grammar\">Komplexn\u00fd sprievodca zvl\u00e1dnut\u00edm ukrajinskej gramatiky<\/h2>\n\n\n\n<p><a href=\"https:\/\/talkpal.ai\/learn-ukrainian\/\">Ukrajin\u010dina<\/a>, kr\u00e1sny a melodick\u00fd jazyk, si z\u00edskala rast\u00faci z\u00e1ujem jazykov\u00fdch nad\u0161encov na celom svete. V\u00fdu\u010dba ukrajin\u010diny v\u00e1m umo\u017en\u00ed pr\u00edstup k bohat\u00e9mu kult\u00farnemu dedi\u010dstvu a umo\u017en\u00ed v\u00e1m komunikova\u0165 s mili\u00f3nmi \u013eud\u00ed na Ukrajine a v susedn\u00fdch krajin\u00e1ch. Zatia\u013e \u010do ponorenie sa do ukrajinskej gramatiky sa m\u00f4\u017ee zda\u0165 sk\u013eu\u010duj\u00face na prv\u00fd poh\u013ead, ma\u0165 v \u0148om siln\u00fd z\u00e1klad v\u00e1m umo\u017en\u00ed presk\u00fama\u0165 nuansy jazyka a plne oceni\u0165 jeho kr\u00e1su. Tento \u010dl\u00e1nok v\u00e1s krok za krokom prevedie z\u00e1kladmi ukrajinskej gramatiky a vybav\u00ed v\u00e1s na sebavedom\u00fd za\u010diatok va\u0161ej jazykovej cesty.<\/p>\n\n\n\n<h3 class=\"wp-block-heading\" id=\"h-1-mastering-ukrainian-nouns-and-cases\">1. Zvl\u00e1dnutie ukrajinsk\u00fdch podstatn\u00fdch mien a pr\u00edpadov<\/h3>\n\n\n\n<p>\u00dastrednou \u010drtou ukrajinskej gramatiky je jej kazuistika. Pri pou\u017e\u00edvan\u00ed podstatn\u00fdch mien mus\u00edte pozna\u0165 ich rod (mu\u017esk\u00fd, \u017eensk\u00fd alebo kastrovan\u00fd) a uvedomi\u0165 si kontext, ktor\u00fd m\u00f4\u017ee vy\u017eadova\u0165 zmenu ich koncov. Ukrajinsk\u00fd jazyk m\u00e1 sedem pr\u00edpadov:<\/p>\n\n\n\n<p>&#8211; Nominat\u00edv: predmet vety<\/p>\n\n\n\n<p>&#8211; Genit\u00edv: ozna\u010denie vlastn\u00edctva, mno\u017estva a neg\u00e1cie<\/p>\n\n\n\n<p>&#8211; Dat\u00edv: nepriamy predmet alebo pohyb k cie\u013eu<\/p>\n\n\n\n<p>&#8211; Akuzat\u00edv: priamy predmet alebo pohyb zameran\u00fd na nie\u010do<\/p>\n\n\n\n<p>&#8211; in\u0161trument\u00e1lny: ozna\u010duje prostriedok alebo n\u00e1stroj \u010dinnosti<\/p>\n\n\n\n<p>&#8211; Lokat\u00edv: ozna\u010duje miesto<\/p>\n\n\n\n<p>&#8211; Vokat\u00edv: pou\u017e\u00edva sa na oslovenie alebo zvolanie niekoho<\/p>\n\n\n\n<p>Mus\u00edte venova\u0165 pozornos\u0165 koncovk\u00e1m a deklin\u00e1ci\u00e1m podstatn\u00fdch mien, preto\u017ee sa menia v z\u00e1vislosti od pou\u017eit\u00e9ho p\u00e1du, rodu a \u010d\u00edsla podstatn\u00e9ho mena.<\/p>\n\n\n\n<h3 class=\"wp-block-heading\" id=\"h-2-navigating-the-ukrainian-verb-system\">2. Navig\u00e1cia v ukrajinskom slovesnom syst\u00e9me<\/h3>\n\n\n\n<p>Ukrajinsk\u00e9 sloves\u00e1 s\u00fa \u010dasovan\u00e9 na z\u00e1klade osoby, \u010d\u00edsla, \u010dasu, n\u00e1lady a hlasu. V ukrajin\u010dine existuj\u00fa \u0161tyri aspekty slovies &#8211; dokonav\u00e9, nedokonal\u00e9, iterat\u00edvne a po\u010diato\u010dn\u00e9:<\/p>\n\n\n\n<p>&#8211; Perfekt\u00edvum: ozna\u010duje dokon\u010den\u00e9 \u010dinnosti<\/p>\n\n\n\n<p>&#8211; Imperfekt\u00edvum: opisuje prebiehaj\u00face, obvykl\u00e9 alebo opakovan\u00e9 \u010dinnosti<\/p>\n\n\n\n<p>&#8211; Iterat\u00edvny: vyjadruje \u010dinnosti opakuj\u00face sa v ur\u010ditom intervale<\/p>\n\n\n\n<p>&#8211; Incep\u010dn\u00fd: ozna\u010duje za\u010diatok \u010dinnosti<\/p>\n\n\n\n<p>Ak sa chcete orientova\u0165 v ukrajinskom slovesnom syst\u00e9me, mali by ste sa obozn\u00e1mi\u0165 s tromi z\u00e1kladn\u00fdmi \u010dasovan\u00edm slovies. Proces konjug\u00e1cie zah\u0155\u0148a zmenu koncov slovesn\u00e9ho kore\u0148a pod\u013ea \u010dasu, n\u00e1lady a predmetu.<\/p>\n\n\n\n<h3 class=\"wp-block-heading\" id=\"h-3-perfecting-ukrainian-adjectives-and-pronouns\">3. Zdokona\u013eovanie ukrajinsk\u00fdch pr\u00eddavn\u00fdch mien a z\u00e1men<\/h3>\n\n\n\n<p>Pr\u00eddavn\u00e9 men\u00e1 v ukrajin\u010dine musia s\u00fahlasi\u0165 s podstatn\u00fdm menom, ktor\u00e9 opisuj\u00fa, v pohlav\u00ed, \u010d\u00edsle a p\u00e1de. To znamen\u00e1, \u017ee pri pou\u017e\u00edvan\u00ed pr\u00eddavn\u00e9ho mena mus\u00edte venova\u0165 pozornos\u0165 jeho koncom, preto\u017ee sa zmenia tak, aby boli v s\u00falade s podstatn\u00fdm menom. Okrem toho pr\u00eddavn\u00e9 men\u00e1 v ukrajin\u010dine m\u00f4\u017eu by\u0165 bu\u010f dlh\u00e9 alebo kr\u00e1tke formy, pri\u010dom ka\u017ed\u00e9 z nich m\u00e1 svoje pou\u017eitie v z\u00e1vislosti od kontextu.<\/p>\n\n\n\n<p>Z\u00e1men\u00e1 sa pou\u017e\u00edvaj\u00fa namiesto podstatn\u00fdch mien a musia tie\u017e s\u00fahlasi\u0165 s podstatn\u00fdm menom, ktor\u00e9 nahr\u00e1dzaj\u00fa, v rode, po\u010dte a p\u00e1de. Medzi <a href=\"https:\/\/talkpal.ai\/sk\/grammar\/pronomi-personali-v-talianskej-gramatike\/\">osobn\u00e9 z\u00e1men\u00e1<\/a> v ukrajin\u010dine patria &#8222;\u044f&#8220; (ja), &#8222;\u0442\u0438&#8220; (ty, jednotn\u00e9 \u010d\u00edslo), &#8222;\u0432\u0456\u043d\/\u0432\u043e\u043d\u0430\/\u0432\u043e\u043d\u043e&#8220; (on\/ona\/to), &#8222;\u043c\u0438&#8220; (my), &#8222;\u0432\u0438&#8220; (vy, mno\u017en\u00e9 \u010d\u00edslo alebo form\u00e1lne) a &#8222;\u0432\u043e\u043d\u0438&#8220; (oni). V ukrajin\u010dine s\u00fa tie\u017e privlast\u0148ovacie, demon\u0161trat\u00edvne a relat\u00edvne z\u00e1men\u00e1.<\/p>\n\n\n\n<h3 class=\"wp-block-heading\" id=\"h-4-putting-it-all-together-sentence-structure\">4. Da\u0165 to v\u0161etko dohromady: \u0161trukt\u00fara vety<\/h3>\n\n\n\n<p>Ukrajin\u010dina sleduje \u0161trukt\u00faru vety podmet-sloveso-objekt (SVO), podobn\u00fa angli\u010dtine. Na rozdiel od angli\u010dtiny m\u00e1 v\u0161ak ukrajin\u010dina v\u010faka syst\u00e9mu pr\u00edpadov v\u00e4\u010d\u0161iu flexibilitu v slovoslede. T\u00e1to flexibilita umo\u017e\u0148uje re\u010dn\u00edkom zd\u00f4razni\u0165 konkr\u00e9tne slov\u00e1 alebo my\u0161lienky t\u00fdm, \u017ee ich umiestnia do r\u00f4znych poz\u00edci\u00ed vo vete. Aj ke\u010f zvl\u00e1dnutie tejto v\u0161estrannosti m\u00f4\u017ee chv\u00ed\u013eu trva\u0165, umo\u017e\u0148uje v\u00e1m vyjadri\u0165 sa umeleckej\u0161ie a plynulej\u0161ie v ukrajin\u010dine.<\/p>\n\n\n\n<h3 class=\"wp-block-heading\" id=\"h-conclusion\">Z\u00e1ver<\/h3>\n\n\n\n<p>Ke\u010f sa vyd\u00e1te na cestu ukrajinsk\u00e9ho jazyka, nezabudnite, \u017ee plynulos\u0165 v gramatike si vy\u017eaduje prax a vytrvalos\u0165. Zozn\u00e1mte sa s r\u00f4znymi aspektmi ukrajinskej gramatiky postupne, od podstatn\u00fdch mien a pr\u00edpadov a\u017e po sloves\u00e1 a \u0161trukt\u00faru viet. U\u017eite si proces u\u010denia a vychutnajte si kr\u00e1su a expresivitu ukrajinsk\u00e9ho jazyka. \u0412\u0434\u0430\u0447\u0456! (Ve\u013ea \u0161\u0165astia!)<\/p>\n<\/div><\/div>\n\r\n<section class=\"learnNavigationSection\">\r\n            \r\n        <a href=\"https:\/\/talkpal.ai\/sk\/naucte-sa-ukrajinsky\/\">\r\n            <div class=\"learnNavigationWrapper\">\r\n                <div class=\"learnNavigationContent\">\r\n                    <img decoding=\"async\" src=\"https:\/\/talkpal.ai\/wp-content\/uploads\/2024\/08\/Ukrainian.jpg\" alt=\"Ukrainian Flag\">\r\n                    <div>\r\n                        <h4>O ukrajinskom vzdel\u00e1van\u00ed<\/h4>\r\n                        <p>Zistite v\u0161etko o ukrajinskej gramatike.<\/p>\r\n                    <\/div>\r\n                <\/div>\r\n            <\/div>\r\n        <\/a>\r\n\r\n        \r\n        <a href=\"https:\/\/talkpal.ai\/sk\/ukrajinske-gramaticke-cvicenia\/\">\r\n            <div class=\"learnNavigationWrapper\">\r\n                <div class=\"learnNavigationContent\">\r\n                    <img decoding=\"async\" src=\"https:\/\/talkpal.ai\/wp-content\/uploads\/2024\/08\/Ukrainian.jpg\" alt=\"Ukrainian Flag\">\r\n                    <div>\r\n                        <h4>Cvi\u010denie z ukrajinskej gramatiky<\/h4>\r\n                        <p>Precvi\u010dte si ukrajinsk\u00fa gramatiku.<\/p>\r\n                    <\/div>\r\n                <\/div>\r\n            <\/div>\r\n        <\/a>\r\n\r\n        \r\n        <a href=\"https:\/\/talkpal.ai\/vocabulary_language\/ukrainian\/\">\r\n            <div class=\"learnNavigationWrapper\">\r\n                <div class=\"learnNavigationContent\">\r\n                    <img decoding=\"async\" src=\"https:\/\/talkpal.ai\/wp-content\/uploads\/2024\/08\/Ukrainian.jpg\" alt=\"Ukrainian Flag\">\r\n                    <div>\r\n                        <h4>Ukrajinsk\u00e1 slovn\u00e1 z\u00e1soba<\/h4>\r\n                        <p>Roz\u0161\u00edrte si slovn\u00fa z\u00e1sobu ukrajin\u010diny.<\/p>\r\n                    <\/div>\r\n                <\/div>\r\n            <\/div>\r\n        <\/a>\r\n\r\n            <\/section>","protected":false},"excerpt":{"rendered":"<p>Komplexn\u00fd sprievodca zvl\u00e1dnut\u00edm ukrajinskej gramatiky Ukrajin\u010dina, kr\u00e1sny a melodick\u00fd jazyk, si z\u00edskala rast\u00faci z\u00e1ujem jazykov\u00fdch nad\u0161encov na celom svete. V\u00fdu\u010dba ukrajin\u010diny v\u00e1m umo\u017en\u00ed pr\u00edstup k bohat\u00e9mu kult\u00farnemu dedi\u010dstvu a umo\u017en\u00ed v\u00e1m komunikova\u0165 s mili\u00f3nmi \u013eud\u00ed na Ukrajine a v susedn\u00fdch krajin\u00e1ch. Zatia\u013e \u010do ponorenie sa do ukrajinskej gramatiky sa m\u00f4\u017ee zda\u0165 sk\u013eu\u010duj\u00face na prv\u00fd poh\u013ead, [&hellip;]<\/p>\n","protected":false},"author":1,"featured_media":108550,"parent":0,"menu_order":0,"comment_status":"closed","ping_status":"closed","template":"LearningContentPage.php","meta":{"_acf_changed":false,"footnotes":""},"class_list":["post-131068","page","type-page","status-publish","has-post-thumbnail","hentry"],"acf":[],"yoast_head":"<!-- This site is optimized with the Yoast SEO Premium plugin v27.2 (Yoast SEO v27.2) - https:\/\/yoast.com\/product\/yoast-seo-premium-wordpress\/ -->\n<title>Ukrajinsk\u00e1 gramatika - Talkpal<\/title>\n<meta name=\"description\" content=\"Odha\u013ete kr\u00e1su ukrajinskej gramatiky so z\u00e1kladn\u00fdmi tipmi a poznatkami, ktor\u00e9 v\u00e1m pom\u00f4\u017eu zlep\u0161i\u0165 va\u0161e jazykov\u00e9 vzdel\u00e1vanie.\" \/>\n<meta name=\"robots\" content=\"index, follow, max-snippet:-1, max-image-preview:large, max-video-preview:-1\" \/>\n<link rel=\"canonical\" href=\"https:\/\/talkpal.ai\/sk\/ukrajinska-gramatika\/\" \/>\n<meta property=\"og:locale\" content=\"sk_SK\" \/>\n<meta property=\"og:type\" content=\"article\" \/>\n<meta property=\"og:title\" content=\"Ukrajinsk\u00e1 gramatika\" \/>\n<meta property=\"og:description\" content=\"Komplexn\u00fd sprievodca zvl\u00e1dnut\u00edm ukrajinskej gramatiky Ukrajin\u010dina, kr\u00e1sny a melodick\u00fd jazyk, si z\u00edskala rast\u00faci z\u00e1ujem jazykov\u00fdch nad\u0161encov na celom\" \/>\n<meta property=\"og:url\" content=\"https:\/\/talkpal.ai\/sk\/ukrajinska-gramatika\/\" \/>\n<meta property=\"og:site_name\" content=\"Talkpal\" \/>\n<meta property=\"article:publisher\" content=\"https:\/\/www.facebook.com\/profile.php?id=100090733639311\" \/>\n<meta property=\"article:modified_time\" content=\"2025-12-11T16:36:14+00:00\" \/>\n<meta property=\"og:image\" content=\"https:\/\/talkpal.ai\/wp-content\/uploads\/2023\/04\/ukraine.png\" \/>\n\t<meta property=\"og:image:width\" content=\"512\" \/>\n\t<meta property=\"og:image:height\" content=\"512\" \/>\n\t<meta property=\"og:image:type\" content=\"image\/png\" \/>\n<meta name=\"twitter:card\" content=\"summary_large_image\" \/>\n<meta name=\"twitter:site\" content=\"@talkpalai\" \/>\n<meta name=\"twitter:label1\" content=\"Predpokladan\u00fd \u010das \u010d\u00edtania\" \/>\n\t<meta name=\"twitter:data1\" content=\"4 min\u00faty\" \/>\n<script type=\"application\/ld+json\" class=\"yoast-schema-graph\">{\"@context\":\"https:\/\/schema.org\",\"@graph\":[{\"@type\":\"WebPage\",\"@id\":\"https:\/\/talkpal.ai\/sk\/ukrajinska-gramatika\/\",\"url\":\"https:\/\/talkpal.ai\/sk\/ukrajinska-gramatika\/\",\"name\":\"Ukrajinsk\u00e1 gramatika - Talkpal\",\"isPartOf\":{\"@id\":\"https:\/\/talkpal.ai\/sk\/#website\"},\"primaryImageOfPage\":{\"@id\":\"https:\/\/talkpal.ai\/sk\/ukrajinska-gramatika\/#primaryimage\"},\"image\":{\"@id\":\"https:\/\/talkpal.ai\/sk\/ukrajinska-gramatika\/#primaryimage\"},\"thumbnailUrl\":\"https:\/\/talkpal.ai\/wp-content\/uploads\/2023\/04\/ukraine.png\",\"datePublished\":\"2023-05-14T13:53:24+00:00\",\"dateModified\":\"2025-12-11T16:36:14+00:00\",\"description\":\"Odha\u013ete kr\u00e1su ukrajinskej gramatiky so z\u00e1kladn\u00fdmi tipmi a poznatkami, ktor\u00e9 v\u00e1m pom\u00f4\u017eu zlep\u0161i\u0165 va\u0161e jazykov\u00e9 vzdel\u00e1vanie.\",\"breadcrumb\":{\"@id\":\"https:\/\/talkpal.ai\/sk\/ukrajinska-gramatika\/#breadcrumb\"},\"inLanguage\":\"sk-SK\",\"potentialAction\":[{\"@type\":\"ReadAction\",\"target\":[\"https:\/\/talkpal.ai\/sk\/ukrajinska-gramatika\/\"]}]},{\"@type\":\"ImageObject\",\"inLanguage\":\"sk-SK\",\"@id\":\"https:\/\/talkpal.ai\/sk\/ukrajinska-gramatika\/#primaryimage\",\"url\":\"https:\/\/talkpal.ai\/wp-content\/uploads\/2023\/04\/ukraine.png\",\"contentUrl\":\"https:\/\/talkpal.ai\/wp-content\/uploads\/2023\/04\/ukraine.png\",\"width\":512,\"height\":512,\"caption\":\"TalkPal Ukrainian Flag\"},{\"@type\":\"BreadcrumbList\",\"@id\":\"https:\/\/talkpal.ai\/sk\/ukrajinska-gramatika\/#breadcrumb\",\"itemListElement\":[{\"@type\":\"ListItem\",\"position\":1,\"name\":\"Homepage\",\"item\":\"https:\/\/talkpal.ai\/sk\/\"},{\"@type\":\"ListItem\",\"position\":2,\"name\":\"Ukrajinsk\u00e1 gramatika\"}]},{\"@type\":\"WebSite\",\"@id\":\"https:\/\/talkpal.ai\/sk\/#website\",\"url\":\"https:\/\/talkpal.ai\/sk\/\",\"name\":\"Talkpal\",\"description\":\"AI Language Learning\",\"publisher\":{\"@id\":\"https:\/\/talkpal.ai\/sk\/#organization\"},\"alternateName\":\"Talkpal AI\",\"potentialAction\":[{\"@type\":\"SearchAction\",\"target\":{\"@type\":\"EntryPoint\",\"urlTemplate\":\"https:\/\/talkpal.ai\/sk\/?s={search_term_string}\"},\"query-input\":{\"@type\":\"PropertyValueSpecification\",\"valueRequired\":true,\"valueName\":\"search_term_string\"}}],\"inLanguage\":\"sk-SK\"},{\"@type\":\"Organization\",\"@id\":\"https:\/\/talkpal.ai\/sk\/#organization\",\"name\":\"Talkpal, Inc.\",\"alternateName\":\"Talkpal AI\",\"url\":\"https:\/\/talkpal.ai\/sk\/\",\"logo\":{\"@type\":\"ImageObject\",\"inLanguage\":\"sk-SK\",\"@id\":\"https:\/\/talkpal.ai\/sk\/#\/schema\/logo\/image\/\",\"url\":\"https:\/\/talkpal.ai\/wp-content\/uploads\/2024\/03\/Talkpal-Logo-Icon.png\",\"contentUrl\":\"https:\/\/talkpal.ai\/wp-content\/uploads\/2024\/03\/Talkpal-Logo-Icon.png\",\"width\":2880,\"height\":2880,\"caption\":\"Talkpal, Inc.\"},\"image\":{\"@id\":\"https:\/\/talkpal.ai\/sk\/#\/schema\/logo\/image\/\"},\"sameAs\":[\"https:\/\/www.facebook.com\/profile.php?id=100090733639311\",\"https:\/\/x.com\/talkpalai\",\"https:\/\/www.linkedin.com\/company\/talkpal\/\",\"https:\/\/www.youtube.com\/@TalkPal\/\",\"https:\/\/www.tiktok.com\/@talkpal\",\"https:\/\/www.instagram.com\/talkpal_ai\/\",\"https:\/\/www.crunchbase.com\/organization\/talkpal-9cde\",\"https:\/\/www.g2.com\/products\/talkpal-for-business\/\",\"https:\/\/www.trustpilot.com\/review\/talkpal.ai\",\"https:\/\/www.capterra.com\/p\/10006800\/TalkPal\/\"],\"description\":\"Talkpal is a language learning web and mobile education app, powered by the latest AI technologies, that provides engaging experiences to its customers in many different languages to help them improve their language skills. Users can chat about unlimited amount of topics with the app and use other modes to practice their language learning.\",\"email\":\"support@talkpal.ai\",\"legalName\":\"Talkpal, Inc.\",\"foundingDate\":\"2023-04-03\",\"duns\":\"118989042\",\"numberOfEmployees\":{\"@type\":\"QuantitativeValue\",\"minValue\":\"11\",\"maxValue\":\"50\"},\"publishingPrinciples\":\"https:\/\/talkpal.ai\/publishing-principles\/\",\"actionableFeedbackPolicy\":\"https:\/\/talkpal.ai\/actionable-feedback-policy\/\",\"correctionsPolicy\":\"https:\/\/talkpal.ai\/corrections-policy\/\",\"ethicsPolicy\":\"https:\/\/talkpal.ai\/ethics-policy\/\",\"diversityPolicy\":\"https:\/\/talkpal.ai\/diversity-policy\/\",\"diversityStaffingReport\":\"https:\/\/talkpal.ai\/diversity-policy\/\"}]}<\/script>\n<!-- \/ Yoast SEO Premium plugin. -->","yoast_head_json":{"title":"Ukrajinsk\u00e1 gramatika - Talkpal","description":"Odha\u013ete kr\u00e1su ukrajinskej gramatiky so z\u00e1kladn\u00fdmi tipmi a poznatkami, ktor\u00e9 v\u00e1m pom\u00f4\u017eu zlep\u0161i\u0165 va\u0161e jazykov\u00e9 vzdel\u00e1vanie.","robots":{"index":"index","follow":"follow","max-snippet":"max-snippet:-1","max-image-preview":"max-image-preview:large","max-video-preview":"max-video-preview:-1"},"canonical":"https:\/\/talkpal.ai\/sk\/ukrajinska-gramatika\/","og_locale":"sk_SK","og_type":"article","og_title":"Ukrajinsk\u00e1 gramatika","og_description":"Komplexn\u00fd sprievodca zvl\u00e1dnut\u00edm ukrajinskej gramatiky Ukrajin\u010dina, kr\u00e1sny a melodick\u00fd jazyk, si z\u00edskala rast\u00faci z\u00e1ujem jazykov\u00fdch nad\u0161encov na celom","og_url":"https:\/\/talkpal.ai\/sk\/ukrajinska-gramatika\/","og_site_name":"Talkpal","article_publisher":"https:\/\/www.facebook.com\/profile.php?id=100090733639311","article_modified_time":"2025-12-11T16:36:14+00:00","og_image":[{"width":512,"height":512,"url":"https:\/\/talkpal.ai\/wp-content\/uploads\/2023\/04\/ukraine.png","type":"image\/png"}],"twitter_card":"summary_large_image","twitter_site":"@talkpalai","twitter_misc":{"Predpokladan\u00fd \u010das \u010d\u00edtania":"4 min\u00faty"},"schema":{"@context":"https:\/\/schema.org","@graph":[{"@type":"WebPage","@id":"https:\/\/talkpal.ai\/sk\/ukrajinska-gramatika\/","url":"https:\/\/talkpal.ai\/sk\/ukrajinska-gramatika\/","name":"Ukrajinsk\u00e1 gramatika - Talkpal","isPartOf":{"@id":"https:\/\/talkpal.ai\/sk\/#website"},"primaryImageOfPage":{"@id":"https:\/\/talkpal.ai\/sk\/ukrajinska-gramatika\/#primaryimage"},"image":{"@id":"https:\/\/talkpal.ai\/sk\/ukrajinska-gramatika\/#primaryimage"},"thumbnailUrl":"https:\/\/talkpal.ai\/wp-content\/uploads\/2023\/04\/ukraine.png","datePublished":"2023-05-14T13:53:24+00:00","dateModified":"2025-12-11T16:36:14+00:00","description":"Odha\u013ete kr\u00e1su ukrajinskej gramatiky so z\u00e1kladn\u00fdmi tipmi a poznatkami, ktor\u00e9 v\u00e1m pom\u00f4\u017eu zlep\u0161i\u0165 va\u0161e jazykov\u00e9 vzdel\u00e1vanie.","breadcrumb":{"@id":"https:\/\/talkpal.ai\/sk\/ukrajinska-gramatika\/#breadcrumb"},"inLanguage":"sk-SK","potentialAction":[{"@type":"ReadAction","target":["https:\/\/talkpal.ai\/sk\/ukrajinska-gramatika\/"]}]},{"@type":"ImageObject","inLanguage":"sk-SK","@id":"https:\/\/talkpal.ai\/sk\/ukrajinska-gramatika\/#primaryimage","url":"https:\/\/talkpal.ai\/wp-content\/uploads\/2023\/04\/ukraine.png","contentUrl":"https:\/\/talkpal.ai\/wp-content\/uploads\/2023\/04\/ukraine.png","width":512,"height":512,"caption":"TalkPal Ukrainian Flag"},{"@type":"BreadcrumbList","@id":"https:\/\/talkpal.ai\/sk\/ukrajinska-gramatika\/#breadcrumb","itemListElement":[{"@type":"ListItem","position":1,"name":"Homepage","item":"https:\/\/talkpal.ai\/sk\/"},{"@type":"ListItem","position":2,"name":"Ukrajinsk\u00e1 gramatika"}]},{"@type":"WebSite","@id":"https:\/\/talkpal.ai\/sk\/#website","url":"https:\/\/talkpal.ai\/sk\/","name":"Talkpal","description":"AI Language Learning","publisher":{"@id":"https:\/\/talkpal.ai\/sk\/#organization"},"alternateName":"Talkpal AI","potentialAction":[{"@type":"SearchAction","target":{"@type":"EntryPoint","urlTemplate":"https:\/\/talkpal.ai\/sk\/?s={search_term_string}"},"query-input":{"@type":"PropertyValueSpecification","valueRequired":true,"valueName":"search_term_string"}}],"inLanguage":"sk-SK"},{"@type":"Organization","@id":"https:\/\/talkpal.ai\/sk\/#organization","name":"Talkpal, Inc.","alternateName":"Talkpal AI","url":"https:\/\/talkpal.ai\/sk\/","logo":{"@type":"ImageObject","inLanguage":"sk-SK","@id":"https:\/\/talkpal.ai\/sk\/#\/schema\/logo\/image\/","url":"https:\/\/talkpal.ai\/wp-content\/uploads\/2024\/03\/Talkpal-Logo-Icon.png","contentUrl":"https:\/\/talkpal.ai\/wp-content\/uploads\/2024\/03\/Talkpal-Logo-Icon.png","width":2880,"height":2880,"caption":"Talkpal, Inc."},"image":{"@id":"https:\/\/talkpal.ai\/sk\/#\/schema\/logo\/image\/"},"sameAs":["https:\/\/www.facebook.com\/profile.php?id=100090733639311","https:\/\/x.com\/talkpalai","https:\/\/www.linkedin.com\/company\/talkpal\/","https:\/\/www.youtube.com\/@TalkPal\/","https:\/\/www.tiktok.com\/@talkpal","https:\/\/www.instagram.com\/talkpal_ai\/","https:\/\/www.crunchbase.com\/organization\/talkpal-9cde","https:\/\/www.g2.com\/products\/talkpal-for-business\/","https:\/\/www.trustpilot.com\/review\/talkpal.ai","https:\/\/www.capterra.com\/p\/10006800\/TalkPal\/"],"description":"Talkpal is a language learning web and mobile education app, powered by the latest AI technologies, that provides engaging experiences to its customers in many different languages to help them improve their language skills. Users can chat about unlimited amount of topics with the app and use other modes to practice their language learning.","email":"support@talkpal.ai","legalName":"Talkpal, Inc.","foundingDate":"2023-04-03","duns":"118989042","numberOfEmployees":{"@type":"QuantitativeValue","minValue":"11","maxValue":"50"},"publishingPrinciples":"https:\/\/talkpal.ai\/publishing-principles\/","actionableFeedbackPolicy":"https:\/\/talkpal.ai\/actionable-feedback-policy\/","correctionsPolicy":"https:\/\/talkpal.ai\/corrections-policy\/","ethicsPolicy":"https:\/\/talkpal.ai\/ethics-policy\/","diversityPolicy":"https:\/\/talkpal.ai\/diversity-policy\/","diversityStaffingReport":"https:\/\/talkpal.ai\/diversity-policy\/"}]}},"_links":{"self":[{"href":"https:\/\/talkpal.ai\/sk\/wp-json\/wp\/v2\/pages\/131068","targetHints":{"allow":["GET"]}}],"collection":[{"href":"https:\/\/talkpal.ai\/sk\/wp-json\/wp\/v2\/pages"}],"about":[{"href":"https:\/\/talkpal.ai\/sk\/wp-json\/wp\/v2\/types\/page"}],"author":[{"embeddable":true,"href":"https:\/\/talkpal.ai\/sk\/wp-json\/wp\/v2\/users\/1"}],"replies":[{"embeddable":true,"href":"https:\/\/talkpal.ai\/sk\/wp-json\/wp\/v2\/comments?post=131068"}],"version-history":[{"count":0,"href":"https:\/\/talkpal.ai\/sk\/wp-json\/wp\/v2\/pages\/131068\/revisions"}],"wp:featuredmedia":[{"embeddable":true,"href":"https:\/\/talkpal.ai\/sk\/wp-json\/wp\/v2\/media\/108550"}],"wp:attachment":[{"href":"https:\/\/talkpal.ai\/sk\/wp-json\/wp\/v2\/media?parent=131068"}],"curies":[{"name":"wp","href":"https:\/\/api.w.org\/{rel}","templated":true}]}}