{"id":130682,"date":"2023-05-14T13:53:07","date_gmt":"2023-05-14T13:53:07","guid":{"rendered":"http:\/\/talkpal.ai\/svedska-gramatika\/"},"modified":"2025-12-11T16:31:03","modified_gmt":"2025-12-11T16:31:03","slug":"svedska-gramatika","status":"publish","type":"page","link":"https:\/\/talkpal.ai\/sk\/svedska-gramatika\/","title":{"rendered":"\u0160v\u00e9dska gramatika"},"content":{"rendered":"\r\n\r\n\r\n<section class=\"languageChallengeSection\">\r\n    <div class=\"languageInfoWrapper\">\r\n        \r\n        <h1>\u0160v\u00e9dska gramatika<\/h1>\r\n        <p>Odha\u013ete kr\u00e1su \u0161v\u00e9dskeho jazyka t\u00fdm, \u017ee si osvoj\u00edte jeho z\u00e1kladn\u00e9 gramatick\u00e9 pravidl\u00e1. Dobr\u00e1 znalos\u0165 \u0161v\u00e9dskej gramatiky v\u00e1m umo\u017en\u00ed sebavedomo komunikova\u0165 a nadviaza\u0165 kontakt so \u0161v\u00e9dskou kult\u00farou. Za\u010dnite sa u\u010di\u0165 \u0161v\u00e9dsku gramatiku e\u0161te dnes a urobte prv\u00fd krok k plynulosti!<\/p>\r\n\r\n                            <a class=\"getStartedHidden\" href=\"https:\/\/app.talkpal.ai\/sk\/signup?lng=\">Za\u010dni<\/a>\r\n        \r\n    <\/div>\r\n\r\n    <figure>\r\n    <img decoding=\"async\" width=\"768\" height=\"768\" src=\"https:\/\/talkpal.ai\/wp-content\/uploads\/2023\/06\/swedish-768x768.png\" class=\"languageImage no-lazy\" alt=\"Language learning for improved concentration\" fetchpriority=\"high\" sizes=\"(max-width: 768px) 150px, 768px\" srcset=\"https:\/\/talkpal.ai\/wp-content\/uploads\/2023\/06\/swedish-768x768.png 768w, https:\/\/talkpal.ai\/wp-content\/uploads\/2023\/06\/swedish-300x300.png 300w\" \/>\r\n    \r\n\r\n    <\/figure>\r\n\r\n            <a class=\"getStartedVisible\" href=\"https:\/\/app.talkpal.ai\/sk\/signup?lng=\">Za\u010dni<\/a>\r\n    \r\n<\/section>\r\n<section class=\"promotionalBanner\">\r\n    <p class=\"promotionalText\">Najefekt\u00edvnej\u0161\u00ed sp\u00f4sob, ako sa nau\u010di\u0165 jazyk<\/p>\r\n    <a class=\"promotionalLink\" href=\"https:\/\/app.talkpal.ai\/sk\/signup?lng=\">Vysk\u00fa\u0161ajte Talkpal zadarmo<\/a>\r\n<\/section>\n<div class=\"wp-block-group pageContainerStyle\"><div class=\"wp-block-group__inner-container is-layout-constrained wp-block-group-is-layout-constrained\">\n<h2 class=\"wp-block-heading\" id=\"h-demystifying-swedish-grammar-a-comprehensive-guide-to-master-its-rules-and-nuances\">Demystifik\u00e1cia \u0161v\u00e9dskej gramatiky: komplexn\u00fd sprievodca zvl\u00e1dnut\u00edm jej pravidiel a nuanci\u00ed<\/h2>\n\n\n\n<p>\u0160v\u00e9d\u010dina, ktorou hovor\u00ed pribli\u017ene 10 mili\u00f3nov \u013eud\u00ed, je bohat\u00fd a melodick\u00fd jazyk patriaci do severogerm\u00e1nskej rodiny. Hoci <a href=\"https:\/\/talkpal.ai\/swedish-grammar\/\">\u0161v\u00e9dska gramatika<\/a> je v porovnan\u00ed s niektor\u00fdmi in\u00fdmi jazykmi relat\u00edvne jednoduch\u00e1, pochopenie jej pravidiel a \u0161trukt\u00fary je k\u013e\u00fa\u010dom k zlep\u0161eniu va\u0161ich jazykov\u00fdch znalost\u00ed. V tomto \u010dl\u00e1nku v\u00e1s obozn\u00e1mime so z\u00e1kladn\u00fdmi aspektmi \u0161v\u00e9dskej gramatiky a poskytneme v\u00e1m u\u017eito\u010dn\u00e9 tipy na zlep\u0161enie va\u0161ich jazykov\u00fdch zru\u010dnost\u00ed.<\/p>\n\n\n\n<h3 class=\"wp-block-heading\" id=\"h-essential-components-of-swedish-grammar\">Z\u00e1kladn\u00e9 zlo\u017eky \u0161v\u00e9dskej gramatiky:<\/h3>\n\n\n\n<p><a href=\"https:\/\/talkpal.ai\/swedish-grammar\/\">\u0160v\u00e9dska gramatika<\/a> zdie\u013ea podobnosti s anglickou gramatikou, \u010do u\u013eah\u010duje anglicky hovoriacim vyzdvihn\u00fa\u0165. Tu s\u00fa niektor\u00e9 kritick\u00e9 aspekty \u0161v\u00e9dskej gramatiky, s ktor\u00fdmi stoj\u00ed za to sa obozn\u00e1mi\u0165:<\/p>\n\n\n\n<p><strong>1. Podstatn\u00e9 men\u00e1<\/strong> : \u0160v\u00e9dske podstatn\u00e9 men\u00e1 sa delia na dva gramatick\u00e9 rody: spolo\u010dn\u00e9 (en) a kastrovan\u00e9 (ett). Ka\u017ed\u00e9 podstatn\u00e9 meno patr\u00ed do jednej z t\u00fdchto kateg\u00f3ri\u00ed, \u010do je d\u00f4le\u017eit\u00e9 zv\u00e1\u017ei\u0165 pri pou\u017e\u00edvan\u00ed neur\u010dit\u00fdch a ur\u010dit\u00fdch \u010dl\u00e1nkov. \u0160v\u00e9dske podstatn\u00e9 men\u00e1 maj\u00fa tie\u017e tvary mno\u017en\u00e9ho \u010d\u00edsla s nieko\u013ek\u00fdmi odli\u0161n\u00fdmi vzormi, ktor\u00e9 si treba zapam\u00e4ta\u0165.<\/p>\n\n\n\n<p><strong>2. Pr\u00eddavn\u00e9 men\u00e1:<\/strong> Pr\u00eddavn\u00e9 men\u00e1 vo \u0161v\u00e9d\u010dine sa zhoduj\u00fa s rodom podstatn\u00e9ho mena. V z\u00e1vislosti od pohlavia podstatn\u00e9ho mena existuj\u00fa tri formy pr\u00eddavn\u00fdch mien: pozit\u00edvne, porovn\u00e1vacie a superlat\u00edvne. Pr\u00eddavn\u00e9 men\u00e1 sa zhoduj\u00fa aj v po\u010dte (jednotn\u00e9 alebo mno\u017en\u00e9 \u010d\u00edslo).<\/p>\n\n\n\n<p>3. Sloves\u00e1: \u0160v\u00e9dske <strong>sloves\u00e1<\/strong> s\u00fa rozdelen\u00e9 do \u0161tyroch skup\u00edn, z ktor\u00fdch ka\u017ed\u00e1 m\u00e1 svoj \u010dasovac\u00ed vzor. Sloves\u00e1 sa \u010dasuj\u00fa pod\u013ea \u010dasu (pr\u00edtomn\u00fd, minul\u00fd alebo bud\u00faci), ale nie pod\u013ea predmetu, ako je to v angli\u010dtine. Namiesto toho \u0161v\u00e9dske slovesn\u00e9 tvary zost\u00e1vaj\u00fa konzistentn\u00e9 bez oh\u013eadu na predmet. Okrem toho \u0161v\u00e9dske sloves\u00e1 nemaj\u00fa spojit\u00e9 tvary (t. j. -ing) ako v angli\u010dtine.<\/p>\n\n\n\n<p><strong>4. Vetn\u00e1 \u0161trukt\u00fara:<\/strong> \u0160v\u00e9dska vetn\u00e1 \u0161trukt\u00fara je typicky podmet-sloveso-objekt (SVO), podobne ako <a href=\"https:\/\/talkpal.ai\/learn-english-with-ai\/\">angli\u010dtina<\/a>. \u0160v\u00e9d\u010dina v\u0161ak \u010dasto pou\u017e\u00edva pravidlo slovosled V2, kde sa sloveso vyskytuje na druhej poz\u00edcii v deklarat\u00edvnych vet\u00e1ch a ot\u00e1zkach.<\/p>\n\n\n\n<h3 class=\"wp-block-heading\" id=\"h-tips-for-learning-swedish-grammar\">Tipy na v\u00fdu\u010dbu \u0161v\u00e9dskej gramatiky:<\/h3>\n\n\n\n<p>Ak chcete, aby va\u0161a cesta k u\u010deniu \u0161v\u00e9dskej gramatiky bola plynulej\u0161ia, tu je nieko\u013eko praktick\u00fdch tipov, ktor\u00e9 treba dodr\u017eiava\u0165:<\/p>\n\n\n\n<p><strong>1. Pravidelne cvi\u010dte:<\/strong> Konzistentnos\u0165 je k\u013e\u00fa\u010dov\u00e1. Ka\u017ed\u00fd de\u0148 alebo t\u00fd\u017ede\u0148 si vyhra\u010fte \u010das na precvi\u010dovanie gramatick\u00fdch cvi\u010den\u00ed, \u010d\u00edtanie a p\u00edsanie vo \u0161v\u00e9d\u010dine.<\/p>\n\n\n\n<p><strong>2. Pou\u017e\u00edvajte nat\u00edvne zdroje:<\/strong> Ponorte sa do p\u00f4vodn\u00fdch \u0161v\u00e9dskych materi\u00e1lov, ako je literat\u00fara, spravodajsk\u00e9 \u010dl\u00e1nky a podcasty. To v\u00e1m pom\u00f4\u017ee nielen pochopi\u0165 \u0161v\u00e9dsku gramatiku v kontexte, ale tie\u017e zlep\u0161i\u0165 va\u0161e schopnosti \u010d\u00edtania a po\u010d\u00favania.<\/p>\n\n\n\n<p><strong>3. Nau\u010dte sa podstatn\u00e9 men\u00e1 rody a mno\u017en\u00e9 \u010d\u00edsla:<\/strong> Zapam\u00e4tanie si rodu (en alebo ett) a mno\u017en\u00e9ho \u010d\u00edsla \u0161v\u00e9dskych podstatn\u00fdch mien je rozhoduj\u00face. Cvi\u010denie v priebehu \u010dasu v\u00e1m nakoniec pom\u00f4\u017ee internalizova\u0165 tieto pravidl\u00e1.<\/p>\n\n\n\n<p>4. Spojte sa s roden\u00fdmi hovorcami: Zapojenie sa do konverz\u00e1ci\u00ed <strong>s roden\u00fdmi hovorcami<\/strong> \u0161v\u00e9d\u010diny v\u00e1m umo\u017en\u00ed precvi\u010di\u0165 si gramatiku a z\u00edska\u0165 cenn\u00fa sp\u00e4tn\u00fa v\u00e4zbu. Zv\u00e1\u017ete pripojenie sa k skupin\u00e1m na v\u00fdmenu jazykov alebo online f\u00f3ram a spojte sa so <a href=\"https:\/\/talkpal.ai\/learn-swedish\/\">\u0161v\u00e9dsky<\/a> hovoriacimi jednotlivcami.<\/p>\n\n\n\n<p><strong>5. Bu\u010fte trpezliv\u00ed a vytrval\u00ed:<\/strong> Pam\u00e4tajte, \u017ee u\u010denie gramatiky je proces. Zosta\u0148te odhodlan\u00ed, pokra\u010dujte v cvi\u010den\u00ed a oslavujte pokrok na ceste.<\/p>\n\n\n\n<h2 class=\"wp-block-heading\" id=\"h-conclusion\">Z\u00e1ver:<\/h2>\n\n\n\n<p>\u0160v\u00e9dska <a href=\"https:\/\/talkpal.ai\/sq\/gramatika\/\">gramatika<\/a>, aj ke\u010f je zdanlivo zlo\u017eit\u00e1, sa d\u00e1 zvl\u00e1dnu\u0165 s odhodlan\u00edm a pochopen\u00edm jej integr\u00e1lnych zlo\u017eiek. Ak sa budete riadi\u0165 na\u0161imi n\u00e1vrhmi a ponor\u00edte sa do jazyka, budete svedkami neust\u00e1leho zlep\u0161ovania svojich \u0161v\u00e9dskych jazykov\u00fdch znalost\u00ed. Prijmite v\u00fdzvu a u\u017eite si cestu k \u0161v\u00e9dskemu gramatick\u00e9mu majstrovstvu!<\/p>\n<\/div><\/div>\n\r\n<section class=\"learnNavigationSection\">\r\n            \r\n        <a href=\"https:\/\/talkpal.ai\/sk\/naucte-sa-po-sv\/\">\r\n            <div class=\"learnNavigationWrapper\">\r\n                <div class=\"learnNavigationContent\">\r\n                    <img decoding=\"async\" src=\"https:\/\/talkpal.ai\/wp-content\/uploads\/2024\/08\/Swedish.jpg\" alt=\"Swedish Flag\">\r\n                    <div>\r\n                        <h4>O \u0161v\u00e9dskom vzdel\u00e1van\u00ed<\/h4>\r\n                        <p>Zistite v\u0161etko o \u0161v\u00e9dskej gramatike.<\/p>\r\n                    <\/div>\r\n                <\/div>\r\n            <\/div>\r\n        <\/a>\r\n\r\n        \r\n        <a href=\"https:\/\/talkpal.ai\/sk\/svedske-gramaticke-cvicenia\/\">\r\n            <div class=\"learnNavigationWrapper\">\r\n                <div class=\"learnNavigationContent\">\r\n                    <img decoding=\"async\" src=\"https:\/\/talkpal.ai\/wp-content\/uploads\/2024\/08\/Swedish.jpg\" alt=\"Swedish Flag\">\r\n                    <div>\r\n                        <h4>Cvi\u010denie zo \u0161v\u00e9dskej gramatiky<\/h4>\r\n                        <p>Precvi\u010dte si \u0161v\u00e9dsku gramatiku.<\/p>\r\n                    <\/div>\r\n                <\/div>\r\n            <\/div>\r\n        <\/a>\r\n\r\n        \r\n        <a href=\"https:\/\/talkpal.ai\/vocabulary_language\/swedish\/\">\r\n            <div class=\"learnNavigationWrapper\">\r\n                <div class=\"learnNavigationContent\">\r\n                    <img decoding=\"async\" src=\"https:\/\/talkpal.ai\/wp-content\/uploads\/2024\/08\/Swedish.jpg\" alt=\"Swedish Flag\">\r\n                    <div>\r\n                        <h4>\u0160v\u00e9dska slovn\u00e1 z\u00e1soba<\/h4>\r\n                        <p>Roz\u0161\u00edrte si \u0161v\u00e9dsku slovn\u00fa z\u00e1sobu.<\/p>\r\n                    <\/div>\r\n                <\/div>\r\n            <\/div>\r\n        <\/a>\r\n\r\n            <\/section>","protected":false},"excerpt":{"rendered":"<p>Demystifik\u00e1cia \u0161v\u00e9dskej gramatiky: komplexn\u00fd sprievodca zvl\u00e1dnut\u00edm jej pravidiel a nuanci\u00ed \u0160v\u00e9d\u010dina, ktorou hovor\u00ed pribli\u017ene 10 mili\u00f3nov \u013eud\u00ed, je bohat\u00fd a melodick\u00fd jazyk patriaci do severogerm\u00e1nskej rodiny. Hoci \u0161v\u00e9dska gramatika je v porovnan\u00ed s niektor\u00fdmi in\u00fdmi jazykmi relat\u00edvne jednoduch\u00e1, pochopenie jej pravidiel a \u0161trukt\u00fary je k\u013e\u00fa\u010dom k zlep\u0161eniu va\u0161ich jazykov\u00fdch znalost\u00ed. V tomto \u010dl\u00e1nku v\u00e1s obozn\u00e1mime [&hellip;]<\/p>\n","protected":false},"author":1,"featured_media":108266,"parent":0,"menu_order":0,"comment_status":"closed","ping_status":"closed","template":"LearningContentPage.php","meta":{"_acf_changed":false,"footnotes":""},"class_list":["post-130682","page","type-page","status-publish","has-post-thumbnail","hentry"],"acf":[],"yoast_head":"<!-- This site is optimized with the Yoast SEO Premium plugin v27.2 (Yoast SEO v27.2) - https:\/\/yoast.com\/product\/yoast-seo-premium-wordpress\/ -->\n<title>\u0160v\u00e9dska gramatika - Talkpal<\/title>\n<meta name=\"description\" content=\"Odha\u013ete tajomstv\u00e1 \u0161v\u00e9dskej gramatiky a zlep\u0161ite svoje jazykov\u00e9 zru\u010dnosti pomocou z\u00e1kladn\u00fdch pravidiel a u\u017eito\u010dn\u00fdch tipov.\" \/>\n<meta name=\"robots\" content=\"index, follow, max-snippet:-1, max-image-preview:large, max-video-preview:-1\" \/>\n<link rel=\"canonical\" href=\"https:\/\/talkpal.ai\/sk\/svedska-gramatika\/\" \/>\n<meta property=\"og:locale\" content=\"sk_SK\" \/>\n<meta property=\"og:type\" content=\"article\" \/>\n<meta property=\"og:title\" content=\"\u0160v\u00e9dska gramatika\" \/>\n<meta property=\"og:description\" content=\"Demystifik\u00e1cia \u0161v\u00e9dskej gramatiky: komplexn\u00fd sprievodca zvl\u00e1dnut\u00edm jej pravidiel a nuanci\u00ed \u0160v\u00e9d\u010dina, ktorou hovor\u00ed pribli\u017ene 10 mili\u00f3nov \u013eud\u00ed, je bohat\u00fd a\" \/>\n<meta property=\"og:url\" content=\"https:\/\/talkpal.ai\/sk\/svedska-gramatika\/\" \/>\n<meta property=\"og:site_name\" content=\"Talkpal\" \/>\n<meta property=\"article:publisher\" content=\"https:\/\/www.facebook.com\/profile.php?id=100090733639311\" \/>\n<meta property=\"article:modified_time\" content=\"2025-12-11T16:31:03+00:00\" \/>\n<meta property=\"og:image\" content=\"https:\/\/talkpal.ai\/wp-content\/uploads\/2023\/04\/sweden.png\" \/>\n\t<meta property=\"og:image:width\" content=\"512\" \/>\n\t<meta property=\"og:image:height\" content=\"512\" \/>\n\t<meta property=\"og:image:type\" content=\"image\/png\" \/>\n<meta name=\"twitter:card\" content=\"summary_large_image\" \/>\n<meta name=\"twitter:site\" content=\"@talkpalai\" \/>\n<meta name=\"twitter:label1\" content=\"Predpokladan\u00fd \u010das \u010d\u00edtania\" \/>\n\t<meta name=\"twitter:data1\" content=\"3 min\u00faty\" \/>\n<script type=\"application\/ld+json\" class=\"yoast-schema-graph\">{\"@context\":\"https:\/\/schema.org\",\"@graph\":[{\"@type\":\"WebPage\",\"@id\":\"https:\/\/talkpal.ai\/sk\/svedska-gramatika\/\",\"url\":\"https:\/\/talkpal.ai\/sk\/svedska-gramatika\/\",\"name\":\"\u0160v\u00e9dska gramatika - Talkpal\",\"isPartOf\":{\"@id\":\"https:\/\/talkpal.ai\/sk\/#website\"},\"primaryImageOfPage\":{\"@id\":\"https:\/\/talkpal.ai\/sk\/svedska-gramatika\/#primaryimage\"},\"image\":{\"@id\":\"https:\/\/talkpal.ai\/sk\/svedska-gramatika\/#primaryimage\"},\"thumbnailUrl\":\"https:\/\/talkpal.ai\/wp-content\/uploads\/2023\/04\/sweden.png\",\"datePublished\":\"2023-05-14T13:53:07+00:00\",\"dateModified\":\"2025-12-11T16:31:03+00:00\",\"description\":\"Odha\u013ete tajomstv\u00e1 \u0161v\u00e9dskej gramatiky a zlep\u0161ite svoje jazykov\u00e9 zru\u010dnosti pomocou z\u00e1kladn\u00fdch pravidiel a u\u017eito\u010dn\u00fdch tipov.\",\"breadcrumb\":{\"@id\":\"https:\/\/talkpal.ai\/sk\/svedska-gramatika\/#breadcrumb\"},\"inLanguage\":\"sk-SK\",\"potentialAction\":[{\"@type\":\"ReadAction\",\"target\":[\"https:\/\/talkpal.ai\/sk\/svedska-gramatika\/\"]}]},{\"@type\":\"ImageObject\",\"inLanguage\":\"sk-SK\",\"@id\":\"https:\/\/talkpal.ai\/sk\/svedska-gramatika\/#primaryimage\",\"url\":\"https:\/\/talkpal.ai\/wp-content\/uploads\/2023\/04\/sweden.png\",\"contentUrl\":\"https:\/\/talkpal.ai\/wp-content\/uploads\/2023\/04\/sweden.png\",\"width\":512,\"height\":512},{\"@type\":\"BreadcrumbList\",\"@id\":\"https:\/\/talkpal.ai\/sk\/svedska-gramatika\/#breadcrumb\",\"itemListElement\":[{\"@type\":\"ListItem\",\"position\":1,\"name\":\"Homepage\",\"item\":\"https:\/\/talkpal.ai\/sk\/\"},{\"@type\":\"ListItem\",\"position\":2,\"name\":\"\u0160v\u00e9dska gramatika\"}]},{\"@type\":\"WebSite\",\"@id\":\"https:\/\/talkpal.ai\/sk\/#website\",\"url\":\"https:\/\/talkpal.ai\/sk\/\",\"name\":\"Talkpal\",\"description\":\"AI Language Learning\",\"publisher\":{\"@id\":\"https:\/\/talkpal.ai\/sk\/#organization\"},\"alternateName\":\"Talkpal AI\",\"potentialAction\":[{\"@type\":\"SearchAction\",\"target\":{\"@type\":\"EntryPoint\",\"urlTemplate\":\"https:\/\/talkpal.ai\/sk\/?s={search_term_string}\"},\"query-input\":{\"@type\":\"PropertyValueSpecification\",\"valueRequired\":true,\"valueName\":\"search_term_string\"}}],\"inLanguage\":\"sk-SK\"},{\"@type\":\"Organization\",\"@id\":\"https:\/\/talkpal.ai\/sk\/#organization\",\"name\":\"Talkpal, Inc.\",\"alternateName\":\"Talkpal AI\",\"url\":\"https:\/\/talkpal.ai\/sk\/\",\"logo\":{\"@type\":\"ImageObject\",\"inLanguage\":\"sk-SK\",\"@id\":\"https:\/\/talkpal.ai\/sk\/#\/schema\/logo\/image\/\",\"url\":\"https:\/\/talkpal.ai\/wp-content\/uploads\/2024\/03\/Talkpal-Logo-Icon.png\",\"contentUrl\":\"https:\/\/talkpal.ai\/wp-content\/uploads\/2024\/03\/Talkpal-Logo-Icon.png\",\"width\":2880,\"height\":2880,\"caption\":\"Talkpal, Inc.\"},\"image\":{\"@id\":\"https:\/\/talkpal.ai\/sk\/#\/schema\/logo\/image\/\"},\"sameAs\":[\"https:\/\/www.facebook.com\/profile.php?id=100090733639311\",\"https:\/\/x.com\/talkpalai\",\"https:\/\/www.linkedin.com\/company\/talkpal\/\",\"https:\/\/www.youtube.com\/@TalkPal\/\",\"https:\/\/www.tiktok.com\/@talkpal\",\"https:\/\/www.instagram.com\/talkpal_ai\/\",\"https:\/\/www.crunchbase.com\/organization\/talkpal-9cde\",\"https:\/\/www.g2.com\/products\/talkpal-for-business\/\",\"https:\/\/www.trustpilot.com\/review\/talkpal.ai\",\"https:\/\/www.capterra.com\/p\/10006800\/TalkPal\/\"],\"description\":\"Talkpal is a language learning web and mobile education app, powered by the latest AI technologies, that provides engaging experiences to its customers in many different languages to help them improve their language skills. Users can chat about unlimited amount of topics with the app and use other modes to practice their language learning.\",\"email\":\"support@talkpal.ai\",\"legalName\":\"Talkpal, Inc.\",\"foundingDate\":\"2023-04-03\",\"duns\":\"118989042\",\"numberOfEmployees\":{\"@type\":\"QuantitativeValue\",\"minValue\":\"11\",\"maxValue\":\"50\"},\"publishingPrinciples\":\"https:\/\/talkpal.ai\/publishing-principles\/\",\"actionableFeedbackPolicy\":\"https:\/\/talkpal.ai\/actionable-feedback-policy\/\",\"correctionsPolicy\":\"https:\/\/talkpal.ai\/corrections-policy\/\",\"ethicsPolicy\":\"https:\/\/talkpal.ai\/ethics-policy\/\",\"diversityPolicy\":\"https:\/\/talkpal.ai\/diversity-policy\/\",\"diversityStaffingReport\":\"https:\/\/talkpal.ai\/diversity-policy\/\"}]}<\/script>\n<!-- \/ Yoast SEO Premium plugin. -->","yoast_head_json":{"title":"\u0160v\u00e9dska gramatika - Talkpal","description":"Odha\u013ete tajomstv\u00e1 \u0161v\u00e9dskej gramatiky a zlep\u0161ite svoje jazykov\u00e9 zru\u010dnosti pomocou z\u00e1kladn\u00fdch pravidiel a u\u017eito\u010dn\u00fdch tipov.","robots":{"index":"index","follow":"follow","max-snippet":"max-snippet:-1","max-image-preview":"max-image-preview:large","max-video-preview":"max-video-preview:-1"},"canonical":"https:\/\/talkpal.ai\/sk\/svedska-gramatika\/","og_locale":"sk_SK","og_type":"article","og_title":"\u0160v\u00e9dska gramatika","og_description":"Demystifik\u00e1cia \u0161v\u00e9dskej gramatiky: komplexn\u00fd sprievodca zvl\u00e1dnut\u00edm jej pravidiel a nuanci\u00ed \u0160v\u00e9d\u010dina, ktorou hovor\u00ed pribli\u017ene 10 mili\u00f3nov \u013eud\u00ed, je bohat\u00fd a","og_url":"https:\/\/talkpal.ai\/sk\/svedska-gramatika\/","og_site_name":"Talkpal","article_publisher":"https:\/\/www.facebook.com\/profile.php?id=100090733639311","article_modified_time":"2025-12-11T16:31:03+00:00","og_image":[{"width":512,"height":512,"url":"https:\/\/talkpal.ai\/wp-content\/uploads\/2023\/04\/sweden.png","type":"image\/png"}],"twitter_card":"summary_large_image","twitter_site":"@talkpalai","twitter_misc":{"Predpokladan\u00fd \u010das \u010d\u00edtania":"3 min\u00faty"},"schema":{"@context":"https:\/\/schema.org","@graph":[{"@type":"WebPage","@id":"https:\/\/talkpal.ai\/sk\/svedska-gramatika\/","url":"https:\/\/talkpal.ai\/sk\/svedska-gramatika\/","name":"\u0160v\u00e9dska gramatika - Talkpal","isPartOf":{"@id":"https:\/\/talkpal.ai\/sk\/#website"},"primaryImageOfPage":{"@id":"https:\/\/talkpal.ai\/sk\/svedska-gramatika\/#primaryimage"},"image":{"@id":"https:\/\/talkpal.ai\/sk\/svedska-gramatika\/#primaryimage"},"thumbnailUrl":"https:\/\/talkpal.ai\/wp-content\/uploads\/2023\/04\/sweden.png","datePublished":"2023-05-14T13:53:07+00:00","dateModified":"2025-12-11T16:31:03+00:00","description":"Odha\u013ete tajomstv\u00e1 \u0161v\u00e9dskej gramatiky a zlep\u0161ite svoje jazykov\u00e9 zru\u010dnosti pomocou z\u00e1kladn\u00fdch pravidiel a u\u017eito\u010dn\u00fdch tipov.","breadcrumb":{"@id":"https:\/\/talkpal.ai\/sk\/svedska-gramatika\/#breadcrumb"},"inLanguage":"sk-SK","potentialAction":[{"@type":"ReadAction","target":["https:\/\/talkpal.ai\/sk\/svedska-gramatika\/"]}]},{"@type":"ImageObject","inLanguage":"sk-SK","@id":"https:\/\/talkpal.ai\/sk\/svedska-gramatika\/#primaryimage","url":"https:\/\/talkpal.ai\/wp-content\/uploads\/2023\/04\/sweden.png","contentUrl":"https:\/\/talkpal.ai\/wp-content\/uploads\/2023\/04\/sweden.png","width":512,"height":512},{"@type":"BreadcrumbList","@id":"https:\/\/talkpal.ai\/sk\/svedska-gramatika\/#breadcrumb","itemListElement":[{"@type":"ListItem","position":1,"name":"Homepage","item":"https:\/\/talkpal.ai\/sk\/"},{"@type":"ListItem","position":2,"name":"\u0160v\u00e9dska gramatika"}]},{"@type":"WebSite","@id":"https:\/\/talkpal.ai\/sk\/#website","url":"https:\/\/talkpal.ai\/sk\/","name":"Talkpal","description":"AI Language Learning","publisher":{"@id":"https:\/\/talkpal.ai\/sk\/#organization"},"alternateName":"Talkpal AI","potentialAction":[{"@type":"SearchAction","target":{"@type":"EntryPoint","urlTemplate":"https:\/\/talkpal.ai\/sk\/?s={search_term_string}"},"query-input":{"@type":"PropertyValueSpecification","valueRequired":true,"valueName":"search_term_string"}}],"inLanguage":"sk-SK"},{"@type":"Organization","@id":"https:\/\/talkpal.ai\/sk\/#organization","name":"Talkpal, Inc.","alternateName":"Talkpal AI","url":"https:\/\/talkpal.ai\/sk\/","logo":{"@type":"ImageObject","inLanguage":"sk-SK","@id":"https:\/\/talkpal.ai\/sk\/#\/schema\/logo\/image\/","url":"https:\/\/talkpal.ai\/wp-content\/uploads\/2024\/03\/Talkpal-Logo-Icon.png","contentUrl":"https:\/\/talkpal.ai\/wp-content\/uploads\/2024\/03\/Talkpal-Logo-Icon.png","width":2880,"height":2880,"caption":"Talkpal, Inc."},"image":{"@id":"https:\/\/talkpal.ai\/sk\/#\/schema\/logo\/image\/"},"sameAs":["https:\/\/www.facebook.com\/profile.php?id=100090733639311","https:\/\/x.com\/talkpalai","https:\/\/www.linkedin.com\/company\/talkpal\/","https:\/\/www.youtube.com\/@TalkPal\/","https:\/\/www.tiktok.com\/@talkpal","https:\/\/www.instagram.com\/talkpal_ai\/","https:\/\/www.crunchbase.com\/organization\/talkpal-9cde","https:\/\/www.g2.com\/products\/talkpal-for-business\/","https:\/\/www.trustpilot.com\/review\/talkpal.ai","https:\/\/www.capterra.com\/p\/10006800\/TalkPal\/"],"description":"Talkpal is a language learning web and mobile education app, powered by the latest AI technologies, that provides engaging experiences to its customers in many different languages to help them improve their language skills. Users can chat about unlimited amount of topics with the app and use other modes to practice their language learning.","email":"support@talkpal.ai","legalName":"Talkpal, Inc.","foundingDate":"2023-04-03","duns":"118989042","numberOfEmployees":{"@type":"QuantitativeValue","minValue":"11","maxValue":"50"},"publishingPrinciples":"https:\/\/talkpal.ai\/publishing-principles\/","actionableFeedbackPolicy":"https:\/\/talkpal.ai\/actionable-feedback-policy\/","correctionsPolicy":"https:\/\/talkpal.ai\/corrections-policy\/","ethicsPolicy":"https:\/\/talkpal.ai\/ethics-policy\/","diversityPolicy":"https:\/\/talkpal.ai\/diversity-policy\/","diversityStaffingReport":"https:\/\/talkpal.ai\/diversity-policy\/"}]}},"_links":{"self":[{"href":"https:\/\/talkpal.ai\/sk\/wp-json\/wp\/v2\/pages\/130682","targetHints":{"allow":["GET"]}}],"collection":[{"href":"https:\/\/talkpal.ai\/sk\/wp-json\/wp\/v2\/pages"}],"about":[{"href":"https:\/\/talkpal.ai\/sk\/wp-json\/wp\/v2\/types\/page"}],"author":[{"embeddable":true,"href":"https:\/\/talkpal.ai\/sk\/wp-json\/wp\/v2\/users\/1"}],"replies":[{"embeddable":true,"href":"https:\/\/talkpal.ai\/sk\/wp-json\/wp\/v2\/comments?post=130682"}],"version-history":[{"count":0,"href":"https:\/\/talkpal.ai\/sk\/wp-json\/wp\/v2\/pages\/130682\/revisions"}],"wp:featuredmedia":[{"embeddable":true,"href":"https:\/\/talkpal.ai\/sk\/wp-json\/wp\/v2\/media\/108266"}],"wp:attachment":[{"href":"https:\/\/talkpal.ai\/sk\/wp-json\/wp\/v2\/media?parent=130682"}],"curies":[{"name":"wp","href":"https:\/\/api.w.org\/{rel}","templated":true}]}}