{"id":130612,"date":"2023-05-14T13:52:27","date_gmt":"2023-05-14T13:52:27","guid":{"rendered":"http:\/\/talkpal.ai\/korejska-gramatika\/"},"modified":"2025-12-11T16:28:20","modified_gmt":"2025-12-11T16:28:20","slug":"korejska-gramatika","status":"publish","type":"page","link":"https:\/\/talkpal.ai\/sk\/korejska-gramatika\/","title":{"rendered":"K\u00f3rejsk\u00e1 gramatika"},"content":{"rendered":"\r\n\r\n\r\n<section class=\"languageChallengeSection\">\r\n    <div class=\"languageInfoWrapper\">\r\n        \r\n        <h1>K\u00f3rejsk\u00e1 gramatika<\/h1>\r\n        <p>Za\u010dnite ovl\u00e1da\u0165 k\u00f3rejsk\u00fa gramatiku pomocou preh\u013eadn\u00fdch pr\u00edru\u010diek a praktick\u00fdch pr\u00edkladov. Nau\u010dte sa spr\u00e1vne tvori\u0165 vety, pou\u017e\u00edva\u0165 \u010dastice a \u010dasova\u0165 sloves\u00e1. Precvi\u010dte si svoje zru\u010dnosti pomocou interakt\u00edvnych cvi\u010den\u00ed zameran\u00fdch na posilnenie va\u0161ej sebad\u00f4very. Urobte \u010fal\u0161\u00ed krok na svojej ceste za k\u00f3rejsk\u00fdm jazykom a zlep\u0161ite svoju plynulos\u0165 e\u0161te dnes!<\/p>\r\n\r\n                            <a class=\"getStartedHidden\" href=\"https:\/\/app.talkpal.ai\/sk\/signup?lng=\">Za\u010dni<\/a>\r\n        \r\n    <\/div>\r\n\r\n    <figure>\r\n    <img decoding=\"async\" width=\"768\" height=\"768\" src=\"https:\/\/talkpal.ai\/wp-content\/uploads\/2023\/06\/korean-768x768.png\" class=\"languageImage no-lazy\" alt=\"Line-by-line learning for language acquisition\" fetchpriority=\"high\" sizes=\"(max-width: 768px) 150px, 768px\" srcset=\"https:\/\/talkpal.ai\/wp-content\/uploads\/2023\/06\/korean-768x768.png 768w, https:\/\/talkpal.ai\/wp-content\/uploads\/2023\/06\/korean-300x300.png 300w\" \/>\r\n    \r\n\r\n    <\/figure>\r\n\r\n            <a class=\"getStartedVisible\" href=\"https:\/\/app.talkpal.ai\/sk\/signup?lng=\">Za\u010dni<\/a>\r\n    \r\n<\/section>\r\n<section class=\"promotionalBanner\">\r\n    <p class=\"promotionalText\">Najefekt\u00edvnej\u0161\u00ed sp\u00f4sob, ako sa nau\u010di\u0165 jazyk<\/p>\r\n    <a class=\"promotionalLink\" href=\"https:\/\/app.talkpal.ai\/sk\/signup?lng=\">Vysk\u00fa\u0161ajte Talkpal zadarmo<\/a>\r\n<\/section>\n<div class=\"wp-block-group pageContainerStyle\"><div class=\"wp-block-group__inner-container is-layout-constrained wp-block-group-is-layout-constrained\">\n<h2 class=\"wp-block-heading\" id=\"h-demystifying-korean-grammar-a-beginner-s-guide\">Demystifik\u00e1cia k\u00f3rejskej gramatiky: pr\u00edru\u010dka pre za\u010diato\u010dn\u00edkov<\/h2>\n\n\n\n<p><a href=\"https:\/\/talkpal.ai\/sk\/ucenie\/\">U\u010denie sa<\/a> k\u00f3rej\u010diny v\u00e1m m\u00f4\u017ee otvori\u0165 svet pr\u00edle\u017eitost\u00ed, \u010di u\u017e ide o spozn\u00e1vanie k\u00f3rejskej kuchyne, sledovanie najnov\u0161\u00edch k-dr\u00e1m alebo pr\u00e1cu v jednej z mnoh\u00fdch inovat\u00edvnych juhok\u00f3rejsk\u00fdch spolo\u010dnost\u00ed. Ako roden\u00fd hovorca, ktor\u00fd sa ponor\u00ed do tohto fascinuj\u00faceho jazyka, m\u00f4\u017ee by\u0165 jedn\u00fdm z najn\u00e1ro\u010dnej\u0161\u00edch aspektov zvl\u00e1dnutie jeho gramatiky. <a href=\"https:\/\/talkpal.ai\/korean-grammar\/\">K\u00f3rejsk\u00e1 gramatika<\/a> sa na prv\u00fd poh\u013ead m\u00f4\u017ee zda\u0165 zlo\u017eit\u00e1, ale m\u00e1 logiku a konzistenciu, ktor\u00e1 m\u00f4\u017ee by\u0165 pr\u00edstupnej\u0161ia, ako by ste si mysleli. V tomto \u010dl\u00e1nku rozoberieme k\u013e\u00fa\u010dov\u00e9 prvky k\u00f3rejskej gramatiky a poskytneme v\u00e1m cenn\u00e9 inform\u00e1cie, v\u010faka ktor\u00fdm bude va\u0161a cesta k plynulosti hladk\u00e1 a pr\u00edjemn\u00e1.<\/p>\n\n\n\n<h3 class=\"wp-block-heading\" id=\"h-1-word-nbsp-order-nbsp-get-in-the-flow\"><b>1. Poradie slov<\/b><b> &#8211; Dosta\u0148te sa do pr\u00fadu!<\/b><\/h3>\n\n\n\n<p>Prv\u00e1 vec, ktor\u00fa potrebujete vedie\u0165 o k\u00f3rejskej gramatike, je jej z\u00e1kladn\u00fd slovosled: podmet-objekt-sloveso (SOV). To znamen\u00e1, \u017ee sloves\u00e1 s\u00fa na konci vety, na rozdiel od anglick\u00e9ho poradia subjekt &#8211; sloveso &#8211; objekt (SVO). M\u00f4\u017ee to chv\u00ed\u013eu trva\u0165, k\u00fdm si zvyknete, ale k\u013e\u00fa\u010dom k plynulosti je pohodln\u00e9 pou\u017e\u00edvanie tejto novej \u0161trukt\u00fary.<\/p>\n\n\n\n<p>Tip: Precvi\u010dte si vytv\u00e1ranie jednoduch\u00fdch k\u00f3rejsk\u00fdch viet prekladan\u00edm anglick\u00fdch fr\u00e1z a zmenou poradia slov. Zamerajte sa na pochopenie logiky \u0161trukt\u00fary SOV, aby ste sa s \u0148ou c\u00edtili pohodlnej\u0161ie.<\/p>\n\n\n\n<h3 class=\"wp-block-heading\" id=\"h-2-particles-attach-and-connect\">2. \u010castice &#8211; Pripojte a pripojte!<\/h3>\n\n\n\n<p>K\u00f3rejsk\u00e9 vety pou\u017e\u00edvaj\u00fa mal\u00e9 k\u00fasky gramatick\u00fdch inform\u00e1ci\u00ed naz\u00fdvan\u00fdch \u010dastice, ktor\u00e9 pom\u00e1haj\u00fa ur\u010di\u0165 funkciu slova vo vete. Napr\u00edklad \uc774\/\uac00 a \uc740\/\ub294 ozna\u010duj\u00fa subjekt, zatia\u013e \u010do \uc744\/\ub97c ozna\u010duje objekt. \u010castice s\u00fa z\u00e1kladnou s\u00fa\u010das\u0165ou k\u00f3rejskej gramatiky, ale ich pou\u017eitie sa m\u00f4\u017ee spo\u010diatku zda\u0165 ohromuj\u00face.<\/p>\n\n\n\n<p>Tip: Zaoberajte sa jednou \u010dasticou naraz a bu\u010fte spokojn\u00ed s jej pou\u017e\u00edvan\u00edm a v\u00fdznamom. Vytvorte zoznam pr\u00edkladov viet s pou\u017eit\u00edm ka\u017edej \u010dastice na vytvorenie zbierky referen\u010dn\u00fdch materi\u00e1lov.<\/p>\n\n\n\n<h3 class=\"wp-block-heading\" id=\"h-3-verb-conjugation-keep-it-simple\">3. \u010casovanie slovies \u2013 Udr\u017eujte to jednoduch\u00e9!<\/h3>\n\n\n\n<p>K\u00f3rejsk\u00e9 sloves\u00e1 s\u00fa pozoruhodne konzistentn\u00e9, \u010do im m\u00f4\u017ee u\u013eah\u010di\u0165 <a href=\"https:\/\/talkpal.ai\/sk\/ucenie\/\">u\u010denie sa<\/a> ako sloves\u00e1 v in\u00fdch jazykoch. V\u0161etky k\u00f3rejsk\u00e9 sloves\u00e1 sa v z\u00e1kladnom tvare kon\u010dia na \ub2e4 (da) a na vytvorenie r\u00f4znych \u010dasov alebo \u00farovn\u00ed zdvorilosti sta\u010d\u00ed prida\u0165 r\u00f4zne koncovky. Najbe\u017enej\u0161ie s\u00fa -\uc694 (yo) pre neform\u00e1lnu zdvorilos\u0165 a -\uc2b5\ub2c8\ub2e4 (seumnida) pre form\u00e1lnej\u0161ie situ\u00e1cie.<\/p>\n\n\n\n<p>Tip: Nau\u010dte sa sklo\u0148ova\u0165 nieko\u013eko z\u00e1kladn\u00fdch slovies v r\u00f4znych zdvorilostn\u00fdch \u00farovniach, ako napr\u00edklad \ud558\ub2e4 (robi\u0165), \uba39\ub2e4 (jes\u0165), \uc790\ub2e4 (spa\u0165) a \uac00\ub2e4 (\u00eds\u0165). Potom ich za\u010dnite za\u010dle\u0148ova\u0165 do viet, aby ste sa lep\u0161ie obozn\u00e1mili a pohodlnej\u0161ie pou\u017e\u00edvali r\u00f4zne konjug\u00e1cie.<\/p>\n\n\n\n<h3 class=\"wp-block-heading\" id=\"h-4-adjectives-treat-them-like-verbs\">4. Pr\u00eddavn\u00e9 men\u00e1 &#8211; Zaobch\u00e1dzajte s nimi ako so slovesami!<\/h3>\n\n\n\n<p>V k\u00f3rejskej gramatike pr\u00eddavn\u00e9 men\u00e1 funguj\u00fa podobne ako sloves\u00e1 a s\u00fa konjugovan\u00e9 pomocou rovnak\u00e9ho syst\u00e9mu. Mnoh\u00e9 pr\u00eddavn\u00e9 men\u00e1 sa kon\u010dia na ~\ud558\ub2e4 (-hada) a mo\u017eno ich sklo\u0148ova\u0165 rovnak\u00fdm sp\u00f4sobom ako sloves\u00e1.<\/p>\n\n\n\n<p>Tip: Precvi\u010dte si \u010dasovanie be\u017en\u00fdch pr\u00eddavn\u00fdch mien ako \uc88b\ub2e4 (by\u0165 dobr\u00fd), \uc608\uc058\ub2e4 (by\u0165 pekn\u00fd), \ub192\ub2e4 (by\u0165 vysok\u00fd), \ub0ae\ub2e4 (by\u0165 n\u00edzky) a \ud06c\ub2e4 (by\u0165 ve\u013ek\u00fd). Ich za\u010dlenenie do viet pom\u00f4\u017ee upevni\u0165 va\u0161e porozumenie.<\/p>\n\n\n\n<h3 class=\"wp-block-heading\" id=\"h-5-honorifics-show-your-respect\">5. Honorifics &#8211; Uk\u00e1\u017ete svoju \u00factu!<\/h3>\n\n\n\n<p>K\u00f3rejsk\u00e1 kult\u00fara zd\u00f4raz\u0148uje preukazovanie \u00facty star\u0161\u00edm a t\u00fdm, ktor\u00ed s\u00fa v poz\u00edci\u00e1ch autority. To sa odr\u00e1\u017ea v jeho jazyku prostredn\u00edctvom honorifik\u00e1ci\u00ed, \u010do s\u00fa \u0161peci\u00e1lne formy slov a gramatick\u00fdch \u0161trukt\u00far pou\u017e\u00edvan\u00fdch na preuk\u00e1zanie zdvorilosti. Medzi k\u013e\u00fa\u010dov\u00e9 pr\u00edklady patr\u00ed pou\u017e\u00edvanie \u010dastice -\uaed8\uc11c (-kkeseo) namiesto -\uc774\/\uac00 pri \u00factivom osloven\u00ed alebo prip\u00e1janie -\uc2dc (-si) k sloves\u00e1m ako zna\u010dky zdvorilosti.<\/p>\n\n\n\n<p>Tip: Nau\u010dte sa z\u00e1klady pou\u017e\u00edvania osloven\u00ed, ale netreba sa hne\u010f sta\u0165 expertom. Ako anglicky hovoriaci bud\u00fa K\u00f3rej\u010dania pravdepodobne rozumie\u0165, ak urob\u00edte chyby, ale prejav \u00facty bude ocenen\u00fd.<\/p>\n\n\n\n<h3 class=\"wp-block-heading\" id=\"h-conclusion\">Z\u00e1ver:<\/h3>\n\n\n\n<p>K\u00f3rejsk\u00e1 gramatika sa m\u00f4\u017ee zda\u0165 spo\u010diatku n\u00e1ro\u010dn\u00e1, ale ke\u010f z\u00edskate sk\u00fasenosti a porozumenie, zist\u00edte, \u017ee m\u00e1 logick\u00fd a konzistentn\u00fd r\u00e1mec. Zameran\u00edm sa na k\u013e\u00fa\u010dov\u00e9 pojmy, ako je slovosled, \u010dastice a \u010dasovanie slovies, budete \u010doskoro tvori\u0165 vety ako profesion\u00e1l. Prejavte l\u00e1sku k tomuto expres\u00edvnemu jazyku a sledujte, ako v\u00e1m ovl\u00e1danie k\u00f3rejskej gramatiky prinesie nov\u00e9 mo\u017enosti. \ud654\uc774\ud305 (hwaiting) &#8211; nech<\/p>\n<\/div><\/div>\n\r\n<section class=\"learnNavigationSection\">\r\n            \r\n        <a href=\"https:\/\/talkpal.ai\/sk\/naucte-sa-korejcinu\/\">\r\n            <div class=\"learnNavigationWrapper\">\r\n                <div class=\"learnNavigationContent\">\r\n                    <img decoding=\"async\" src=\"https:\/\/talkpal.ai\/wp-content\/uploads\/2024\/08\/Korean.jpg\" alt=\"Korean Flag\">\r\n                    <div>\r\n                        <h4>O \u0161t\u00fadiu k\u00f3rej\u010diny<\/h4>\r\n                        <p>Zistite v\u0161etko o k\u00f3rejskej gramatike.<\/p>\r\n                    <\/div>\r\n                <\/div>\r\n            <\/div>\r\n        <\/a>\r\n\r\n        \r\n        <a href=\"https:\/\/talkpal.ai\/sk\/korejske-gramaticke-cvicenia\/\">\r\n            <div class=\"learnNavigationWrapper\">\r\n                <div class=\"learnNavigationContent\">\r\n                    <img decoding=\"async\" src=\"https:\/\/talkpal.ai\/wp-content\/uploads\/2024\/08\/Korean.jpg\" alt=\"Korean Flag\">\r\n                    <div>\r\n                        <h4>Cvi\u010denie z k\u00f3rejskej gramatiky<\/h4>\r\n                        <p>Precvi\u010dte si k\u00f3rejsk\u00fa gramatiku.<\/p>\r\n                    <\/div>\r\n                <\/div>\r\n            <\/div>\r\n        <\/a>\r\n\r\n        \r\n        <a href=\"https:\/\/talkpal.ai\/vocabulary_language\/korean\/\">\r\n            <div class=\"learnNavigationWrapper\">\r\n                <div class=\"learnNavigationContent\">\r\n                    <img decoding=\"async\" src=\"https:\/\/talkpal.ai\/wp-content\/uploads\/2024\/08\/Korean.jpg\" alt=\"Korean Flag\">\r\n                    <div>\r\n                        <h4>K\u00f3rejsk\u00e1 slovn\u00e1 z\u00e1soba<\/h4>\r\n                        <p>Roz\u0161\u00edrte si k\u00f3rejsk\u00fa slovn\u00fa z\u00e1sobu.<\/p>\r\n                    <\/div>\r\n                <\/div>\r\n            <\/div>\r\n        <\/a>\r\n\r\n            <\/section>","protected":false},"excerpt":{"rendered":"<p>Demystifik\u00e1cia k\u00f3rejskej gramatiky: pr\u00edru\u010dka pre za\u010diato\u010dn\u00edkov U\u010denie sa k\u00f3rej\u010diny v\u00e1m m\u00f4\u017ee otvori\u0165 svet pr\u00edle\u017eitost\u00ed, \u010di u\u017e ide o spozn\u00e1vanie k\u00f3rejskej kuchyne, sledovanie najnov\u0161\u00edch k-dr\u00e1m alebo pr\u00e1cu v jednej z mnoh\u00fdch inovat\u00edvnych juhok\u00f3rejsk\u00fdch spolo\u010dnost\u00ed. Ako roden\u00fd hovorca, ktor\u00fd sa ponor\u00ed do tohto fascinuj\u00faceho jazyka, m\u00f4\u017ee by\u0165 jedn\u00fdm z najn\u00e1ro\u010dnej\u0161\u00edch aspektov zvl\u00e1dnutie jeho gramatiky. K\u00f3rejsk\u00e1 gramatika sa [&hellip;]<\/p>\n","protected":false},"author":1,"featured_media":107535,"parent":0,"menu_order":0,"comment_status":"closed","ping_status":"closed","template":"LearningContentPage.php","meta":{"_acf_changed":false,"footnotes":""},"class_list":["post-130612","page","type-page","status-publish","has-post-thumbnail","hentry"],"acf":[],"yoast_head":"<!-- This site is optimized with the Yoast SEO Premium plugin v27.2 (Yoast SEO v27.2) - https:\/\/yoast.com\/product\/yoast-seo-premium-wordpress\/ -->\n<title>K\u00f3rejsk\u00e1 gramatika - Talkpal<\/title>\n<meta name=\"description\" content=\"Ovl\u00e1dajte k\u00f3rejsk\u00fa gramatiku s istotou - posilnite \u0161trukt\u00faru viet, objasnite pravidl\u00e1 a \u013eahko zlep\u0161ite plynulos\u0165\" \/>\n<meta name=\"robots\" content=\"index, follow, max-snippet:-1, max-image-preview:large, max-video-preview:-1\" \/>\n<link rel=\"canonical\" href=\"https:\/\/talkpal.ai\/sk\/korejska-gramatika\/\" \/>\n<meta property=\"og:locale\" content=\"sk_SK\" \/>\n<meta property=\"og:type\" content=\"article\" \/>\n<meta property=\"og:title\" content=\"K\u00f3rejsk\u00e1 gramatika\" \/>\n<meta property=\"og:description\" content=\"Demystifik\u00e1cia k\u00f3rejskej gramatiky: pr\u00edru\u010dka pre za\u010diato\u010dn\u00edkov U\u010denie sa k\u00f3rej\u010diny v\u00e1m m\u00f4\u017ee otvori\u0165 svet pr\u00edle\u017eitost\u00ed, \u010di u\u017e ide o spozn\u00e1vanie k\u00f3rejskej\" \/>\n<meta property=\"og:url\" content=\"https:\/\/talkpal.ai\/sk\/korejska-gramatika\/\" \/>\n<meta property=\"og:site_name\" content=\"Talkpal\" \/>\n<meta property=\"article:publisher\" content=\"https:\/\/www.facebook.com\/profile.php?id=100090733639311\" \/>\n<meta property=\"article:modified_time\" content=\"2025-12-11T16:28:20+00:00\" \/>\n<meta property=\"og:image\" content=\"https:\/\/talkpal.ai\/wp-content\/uploads\/2023\/04\/south-korea.png\" \/>\n\t<meta property=\"og:image:width\" content=\"512\" \/>\n\t<meta property=\"og:image:height\" content=\"512\" \/>\n\t<meta property=\"og:image:type\" content=\"image\/png\" \/>\n<meta name=\"twitter:card\" content=\"summary_large_image\" \/>\n<meta name=\"twitter:site\" content=\"@talkpalai\" \/>\n<meta name=\"twitter:label1\" content=\"Predpokladan\u00fd \u010das \u010d\u00edtania\" \/>\n\t<meta name=\"twitter:data1\" content=\"4 min\u00faty\" \/>\n<script type=\"application\/ld+json\" class=\"yoast-schema-graph\">{\"@context\":\"https:\/\/schema.org\",\"@graph\":[{\"@type\":\"WebPage\",\"@id\":\"https:\/\/talkpal.ai\/sk\/korejska-gramatika\/\",\"url\":\"https:\/\/talkpal.ai\/sk\/korejska-gramatika\/\",\"name\":\"K\u00f3rejsk\u00e1 gramatika - Talkpal\",\"isPartOf\":{\"@id\":\"https:\/\/talkpal.ai\/sk\/#website\"},\"primaryImageOfPage\":{\"@id\":\"https:\/\/talkpal.ai\/sk\/korejska-gramatika\/#primaryimage\"},\"image\":{\"@id\":\"https:\/\/talkpal.ai\/sk\/korejska-gramatika\/#primaryimage\"},\"thumbnailUrl\":\"https:\/\/talkpal.ai\/wp-content\/uploads\/2023\/04\/south-korea.png\",\"datePublished\":\"2023-05-14T13:52:27+00:00\",\"dateModified\":\"2025-12-11T16:28:20+00:00\",\"description\":\"Ovl\u00e1dajte k\u00f3rejsk\u00fa gramatiku s istotou - posilnite \u0161trukt\u00faru viet, objasnite pravidl\u00e1 a \u013eahko zlep\u0161ite plynulos\u0165\",\"breadcrumb\":{\"@id\":\"https:\/\/talkpal.ai\/sk\/korejska-gramatika\/#breadcrumb\"},\"inLanguage\":\"sk-SK\",\"potentialAction\":[{\"@type\":\"ReadAction\",\"target\":[\"https:\/\/talkpal.ai\/sk\/korejska-gramatika\/\"]}]},{\"@type\":\"ImageObject\",\"inLanguage\":\"sk-SK\",\"@id\":\"https:\/\/talkpal.ai\/sk\/korejska-gramatika\/#primaryimage\",\"url\":\"https:\/\/talkpal.ai\/wp-content\/uploads\/2023\/04\/south-korea.png\",\"contentUrl\":\"https:\/\/talkpal.ai\/wp-content\/uploads\/2023\/04\/south-korea.png\",\"width\":512,\"height\":512},{\"@type\":\"BreadcrumbList\",\"@id\":\"https:\/\/talkpal.ai\/sk\/korejska-gramatika\/#breadcrumb\",\"itemListElement\":[{\"@type\":\"ListItem\",\"position\":1,\"name\":\"Homepage\",\"item\":\"https:\/\/talkpal.ai\/sk\/\"},{\"@type\":\"ListItem\",\"position\":2,\"name\":\"K\u00f3rejsk\u00e1 gramatika\"}]},{\"@type\":\"WebSite\",\"@id\":\"https:\/\/talkpal.ai\/sk\/#website\",\"url\":\"https:\/\/talkpal.ai\/sk\/\",\"name\":\"Talkpal\",\"description\":\"AI Language Learning\",\"publisher\":{\"@id\":\"https:\/\/talkpal.ai\/sk\/#organization\"},\"alternateName\":\"Talkpal AI\",\"potentialAction\":[{\"@type\":\"SearchAction\",\"target\":{\"@type\":\"EntryPoint\",\"urlTemplate\":\"https:\/\/talkpal.ai\/sk\/?s={search_term_string}\"},\"query-input\":{\"@type\":\"PropertyValueSpecification\",\"valueRequired\":true,\"valueName\":\"search_term_string\"}}],\"inLanguage\":\"sk-SK\"},{\"@type\":\"Organization\",\"@id\":\"https:\/\/talkpal.ai\/sk\/#organization\",\"name\":\"Talkpal, Inc.\",\"alternateName\":\"Talkpal AI\",\"url\":\"https:\/\/talkpal.ai\/sk\/\",\"logo\":{\"@type\":\"ImageObject\",\"inLanguage\":\"sk-SK\",\"@id\":\"https:\/\/talkpal.ai\/sk\/#\/schema\/logo\/image\/\",\"url\":\"https:\/\/talkpal.ai\/wp-content\/uploads\/2024\/03\/Talkpal-Logo-Icon.png\",\"contentUrl\":\"https:\/\/talkpal.ai\/wp-content\/uploads\/2024\/03\/Talkpal-Logo-Icon.png\",\"width\":2880,\"height\":2880,\"caption\":\"Talkpal, Inc.\"},\"image\":{\"@id\":\"https:\/\/talkpal.ai\/sk\/#\/schema\/logo\/image\/\"},\"sameAs\":[\"https:\/\/www.facebook.com\/profile.php?id=100090733639311\",\"https:\/\/x.com\/talkpalai\",\"https:\/\/www.linkedin.com\/company\/talkpal\/\",\"https:\/\/www.youtube.com\/@TalkPal\/\",\"https:\/\/www.tiktok.com\/@talkpal\",\"https:\/\/www.instagram.com\/talkpal_ai\/\",\"https:\/\/www.crunchbase.com\/organization\/talkpal-9cde\",\"https:\/\/www.g2.com\/products\/talkpal-for-business\/\",\"https:\/\/www.trustpilot.com\/review\/talkpal.ai\",\"https:\/\/www.capterra.com\/p\/10006800\/TalkPal\/\"],\"description\":\"Talkpal is a language learning web and mobile education app, powered by the latest AI technologies, that provides engaging experiences to its customers in many different languages to help them improve their language skills. Users can chat about unlimited amount of topics with the app and use other modes to practice their language learning.\",\"email\":\"support@talkpal.ai\",\"legalName\":\"Talkpal, Inc.\",\"foundingDate\":\"2023-04-03\",\"duns\":\"118989042\",\"numberOfEmployees\":{\"@type\":\"QuantitativeValue\",\"minValue\":\"11\",\"maxValue\":\"50\"},\"publishingPrinciples\":\"https:\/\/talkpal.ai\/publishing-principles\/\",\"actionableFeedbackPolicy\":\"https:\/\/talkpal.ai\/actionable-feedback-policy\/\",\"correctionsPolicy\":\"https:\/\/talkpal.ai\/corrections-policy\/\",\"ethicsPolicy\":\"https:\/\/talkpal.ai\/ethics-policy\/\",\"diversityPolicy\":\"https:\/\/talkpal.ai\/diversity-policy\/\",\"diversityStaffingReport\":\"https:\/\/talkpal.ai\/diversity-policy\/\"}]}<\/script>\n<!-- \/ Yoast SEO Premium plugin. -->","yoast_head_json":{"title":"K\u00f3rejsk\u00e1 gramatika - Talkpal","description":"Ovl\u00e1dajte k\u00f3rejsk\u00fa gramatiku s istotou - posilnite \u0161trukt\u00faru viet, objasnite pravidl\u00e1 a \u013eahko zlep\u0161ite plynulos\u0165","robots":{"index":"index","follow":"follow","max-snippet":"max-snippet:-1","max-image-preview":"max-image-preview:large","max-video-preview":"max-video-preview:-1"},"canonical":"https:\/\/talkpal.ai\/sk\/korejska-gramatika\/","og_locale":"sk_SK","og_type":"article","og_title":"K\u00f3rejsk\u00e1 gramatika","og_description":"Demystifik\u00e1cia k\u00f3rejskej gramatiky: pr\u00edru\u010dka pre za\u010diato\u010dn\u00edkov U\u010denie sa k\u00f3rej\u010diny v\u00e1m m\u00f4\u017ee otvori\u0165 svet pr\u00edle\u017eitost\u00ed, \u010di u\u017e ide o spozn\u00e1vanie k\u00f3rejskej","og_url":"https:\/\/talkpal.ai\/sk\/korejska-gramatika\/","og_site_name":"Talkpal","article_publisher":"https:\/\/www.facebook.com\/profile.php?id=100090733639311","article_modified_time":"2025-12-11T16:28:20+00:00","og_image":[{"width":512,"height":512,"url":"https:\/\/talkpal.ai\/wp-content\/uploads\/2023\/04\/south-korea.png","type":"image\/png"}],"twitter_card":"summary_large_image","twitter_site":"@talkpalai","twitter_misc":{"Predpokladan\u00fd \u010das \u010d\u00edtania":"4 min\u00faty"},"schema":{"@context":"https:\/\/schema.org","@graph":[{"@type":"WebPage","@id":"https:\/\/talkpal.ai\/sk\/korejska-gramatika\/","url":"https:\/\/talkpal.ai\/sk\/korejska-gramatika\/","name":"K\u00f3rejsk\u00e1 gramatika - Talkpal","isPartOf":{"@id":"https:\/\/talkpal.ai\/sk\/#website"},"primaryImageOfPage":{"@id":"https:\/\/talkpal.ai\/sk\/korejska-gramatika\/#primaryimage"},"image":{"@id":"https:\/\/talkpal.ai\/sk\/korejska-gramatika\/#primaryimage"},"thumbnailUrl":"https:\/\/talkpal.ai\/wp-content\/uploads\/2023\/04\/south-korea.png","datePublished":"2023-05-14T13:52:27+00:00","dateModified":"2025-12-11T16:28:20+00:00","description":"Ovl\u00e1dajte k\u00f3rejsk\u00fa gramatiku s istotou - posilnite \u0161trukt\u00faru viet, objasnite pravidl\u00e1 a \u013eahko zlep\u0161ite plynulos\u0165","breadcrumb":{"@id":"https:\/\/talkpal.ai\/sk\/korejska-gramatika\/#breadcrumb"},"inLanguage":"sk-SK","potentialAction":[{"@type":"ReadAction","target":["https:\/\/talkpal.ai\/sk\/korejska-gramatika\/"]}]},{"@type":"ImageObject","inLanguage":"sk-SK","@id":"https:\/\/talkpal.ai\/sk\/korejska-gramatika\/#primaryimage","url":"https:\/\/talkpal.ai\/wp-content\/uploads\/2023\/04\/south-korea.png","contentUrl":"https:\/\/talkpal.ai\/wp-content\/uploads\/2023\/04\/south-korea.png","width":512,"height":512},{"@type":"BreadcrumbList","@id":"https:\/\/talkpal.ai\/sk\/korejska-gramatika\/#breadcrumb","itemListElement":[{"@type":"ListItem","position":1,"name":"Homepage","item":"https:\/\/talkpal.ai\/sk\/"},{"@type":"ListItem","position":2,"name":"K\u00f3rejsk\u00e1 gramatika"}]},{"@type":"WebSite","@id":"https:\/\/talkpal.ai\/sk\/#website","url":"https:\/\/talkpal.ai\/sk\/","name":"Talkpal","description":"AI Language Learning","publisher":{"@id":"https:\/\/talkpal.ai\/sk\/#organization"},"alternateName":"Talkpal AI","potentialAction":[{"@type":"SearchAction","target":{"@type":"EntryPoint","urlTemplate":"https:\/\/talkpal.ai\/sk\/?s={search_term_string}"},"query-input":{"@type":"PropertyValueSpecification","valueRequired":true,"valueName":"search_term_string"}}],"inLanguage":"sk-SK"},{"@type":"Organization","@id":"https:\/\/talkpal.ai\/sk\/#organization","name":"Talkpal, Inc.","alternateName":"Talkpal AI","url":"https:\/\/talkpal.ai\/sk\/","logo":{"@type":"ImageObject","inLanguage":"sk-SK","@id":"https:\/\/talkpal.ai\/sk\/#\/schema\/logo\/image\/","url":"https:\/\/talkpal.ai\/wp-content\/uploads\/2024\/03\/Talkpal-Logo-Icon.png","contentUrl":"https:\/\/talkpal.ai\/wp-content\/uploads\/2024\/03\/Talkpal-Logo-Icon.png","width":2880,"height":2880,"caption":"Talkpal, Inc."},"image":{"@id":"https:\/\/talkpal.ai\/sk\/#\/schema\/logo\/image\/"},"sameAs":["https:\/\/www.facebook.com\/profile.php?id=100090733639311","https:\/\/x.com\/talkpalai","https:\/\/www.linkedin.com\/company\/talkpal\/","https:\/\/www.youtube.com\/@TalkPal\/","https:\/\/www.tiktok.com\/@talkpal","https:\/\/www.instagram.com\/talkpal_ai\/","https:\/\/www.crunchbase.com\/organization\/talkpal-9cde","https:\/\/www.g2.com\/products\/talkpal-for-business\/","https:\/\/www.trustpilot.com\/review\/talkpal.ai","https:\/\/www.capterra.com\/p\/10006800\/TalkPal\/"],"description":"Talkpal is a language learning web and mobile education app, powered by the latest AI technologies, that provides engaging experiences to its customers in many different languages to help them improve their language skills. Users can chat about unlimited amount of topics with the app and use other modes to practice their language learning.","email":"support@talkpal.ai","legalName":"Talkpal, Inc.","foundingDate":"2023-04-03","duns":"118989042","numberOfEmployees":{"@type":"QuantitativeValue","minValue":"11","maxValue":"50"},"publishingPrinciples":"https:\/\/talkpal.ai\/publishing-principles\/","actionableFeedbackPolicy":"https:\/\/talkpal.ai\/actionable-feedback-policy\/","correctionsPolicy":"https:\/\/talkpal.ai\/corrections-policy\/","ethicsPolicy":"https:\/\/talkpal.ai\/ethics-policy\/","diversityPolicy":"https:\/\/talkpal.ai\/diversity-policy\/","diversityStaffingReport":"https:\/\/talkpal.ai\/diversity-policy\/"}]}},"_links":{"self":[{"href":"https:\/\/talkpal.ai\/sk\/wp-json\/wp\/v2\/pages\/130612","targetHints":{"allow":["GET"]}}],"collection":[{"href":"https:\/\/talkpal.ai\/sk\/wp-json\/wp\/v2\/pages"}],"about":[{"href":"https:\/\/talkpal.ai\/sk\/wp-json\/wp\/v2\/types\/page"}],"author":[{"embeddable":true,"href":"https:\/\/talkpal.ai\/sk\/wp-json\/wp\/v2\/users\/1"}],"replies":[{"embeddable":true,"href":"https:\/\/talkpal.ai\/sk\/wp-json\/wp\/v2\/comments?post=130612"}],"version-history":[{"count":0,"href":"https:\/\/talkpal.ai\/sk\/wp-json\/wp\/v2\/pages\/130612\/revisions"}],"wp:featuredmedia":[{"embeddable":true,"href":"https:\/\/talkpal.ai\/sk\/wp-json\/wp\/v2\/media\/107535"}],"wp:attachment":[{"href":"https:\/\/talkpal.ai\/sk\/wp-json\/wp\/v2\/media?parent=130612"}],"curies":[{"name":"wp","href":"https:\/\/api.w.org\/{rel}","templated":true}]}}