{"id":130142,"date":"2023-05-14T13:51:46","date_gmt":"2023-05-14T13:51:46","guid":{"rendered":"http:\/\/talkpal.ai\/portugalska-gramatika\/"},"modified":"2025-12-11T16:46:14","modified_gmt":"2025-12-11T16:46:14","slug":"portugalska-gramatika","status":"publish","type":"page","link":"https:\/\/talkpal.ai\/sk\/portugalska-gramatika\/","title":{"rendered":"Portugalsk\u00e1 gramatika"},"content":{"rendered":"\r\n\r\n\r\n<section class=\"languageChallengeSection\">\r\n    <div class=\"languageInfoWrapper\">\r\n        \r\n        <h1>Portugalsk\u00e1 gramatika<\/h1>\r\n        <p>Presk\u00famajte z\u00e1klady portugalskej gramatiky a odomknite si svet pr\u00edle\u017eitost\u00ed, ako sa spoji\u0165 s mili\u00f3nmi hovoriacich na celom svete. Ak si osvoj\u00edte jej k\u013e\u00fa\u010dov\u00e9 pravidl\u00e1 a \u0161trukt\u00fary, budete pripraven\u00ed komunikova\u0165 s istotou a naplno si u\u017e\u00edva\u0165 portugalsk\u00fa kult\u00faru. Za\u010dnite sa u\u010di\u0165 portugalsk\u00fa gramatiku e\u0161te dnes a urobte prv\u00fd krok k plynulosti!<\/p>\r\n\r\n                            <a class=\"getStartedHidden\" href=\"https:\/\/app.talkpal.ai\/sk\/signup?lng=\">Za\u010dni<\/a>\r\n        \r\n    <\/div>\r\n\r\n    <figure>\r\n    <img decoding=\"async\" width=\"768\" height=\"768\" src=\"https:\/\/talkpal.ai\/wp-content\/uploads\/2023\/06\/portuguese-768x768.png\" class=\"languageImage no-lazy\" alt=\"Language learning for broader world view\" fetchpriority=\"high\" sizes=\"(max-width: 768px) 150px, 768px\" srcset=\"https:\/\/talkpal.ai\/wp-content\/uploads\/2023\/06\/portuguese-768x768.png 768w, https:\/\/talkpal.ai\/wp-content\/uploads\/2023\/06\/portuguese-300x300.png 300w\" \/>\r\n    \r\n\r\n    <\/figure>\r\n\r\n            <a class=\"getStartedVisible\" href=\"https:\/\/app.talkpal.ai\/sk\/signup?lng=\">Za\u010dni<\/a>\r\n    \r\n<\/section>\r\n<section class=\"promotionalBanner\">\r\n    <p class=\"promotionalText\">Najefekt\u00edvnej\u0161\u00ed sp\u00f4sob, ako sa nau\u010di\u0165 jazyk<\/p>\r\n    <a class=\"promotionalLink\" href=\"https:\/\/app.talkpal.ai\/sk\/signup?lng=\">Vysk\u00fa\u0161ajte Talkpal zadarmo<\/a>\r\n<\/section>\n<div class=\"wp-block-group pageContainerStyle\"><div class=\"wp-block-group__inner-container is-layout-constrained wp-block-group-is-layout-constrained\">\n<h2 class=\"wp-block-heading\" id=\"h-a-beginner-s-guide-to-understanding-portuguese-grammar\">Pr\u00edru\u010dka pre za\u010diato\u010dn\u00edkov na pochopenie portugalskej gramatiky<\/h2>\n\n\n\n<p>\u010ci u\u017e pl\u00e1nujete cestu do Portugalska, alebo sa jednoducho chcete nau\u010di\u0165 nov\u00fd jazyk, u\u010denie portugal\u010diny m\u00f4\u017ee by\u0165 vzru\u0161uj\u00faca a obohacuj\u00faca sk\u00fasenos\u0165. Jedn\u00fdm zo z\u00e1kladn\u00fdch aspektov v\u00fdu\u010dby portugalsk\u00e9ho jazyka, ako ka\u017ed\u00e9ho in\u00e9ho, je pochopenie gramatiky. Tento \u010dl\u00e1nok v\u00e1s prevedie z\u00e1kladmi portugalskej gramatiky a poskytne v\u00e1m z\u00e1kladn\u00e9 tipy a preh\u013eady, ktor\u00e9 v\u00e1m pom\u00f4\u017eu navigova\u0165 a komunikova\u0165 bez n\u00e1mahy. Tak\u017ee ak ste \u010dakali, \u017ee sa ponor\u00edte do sveta portugal\u010diny, za\u010dnime!<\/p>\n\n\n\n<h3 class=\"wp-block-heading\" id=\"h-1-the-basics-nouns-pronouns-and-articles\">1. Z\u00e1klady: podstatn\u00e9 men\u00e1, z\u00e1men\u00e1 a \u010dl\u00e1nky<\/h3>\n\n\n\n<p>Rovnako ako v angli\u010dtine, <a href=\"https:\/\/talkpal.ai\/portuguese-grammar\/\">portugalsk\u00e1 gramatika<\/a> je postaven\u00e1 na podstatn\u00fdch men\u00e1ch, z\u00e1men\u00e1ch a \u010dl\u00e1nkoch. Podstatn\u00e9 men\u00e1 v portugal\u010dine m\u00f4\u017eu by\u0165 mu\u017esk\u00e9ho alebo \u017eensk\u00e9ho rodu a pre spr\u00e1vne tvorenie viet je d\u00f4le\u017eit\u00e9 ur\u010di\u0165 ich rod. Napr\u00edklad &#8222;o menino&#8220; znamen\u00e1 &#8222;chlapec&#8220;, zatia\u013e \u010do &#8222;a menina&#8220; znamen\u00e1 &#8222;diev\u010da&#8220;.<\/p>\n\n\n\n<p>Z\u00e1men\u00e1 v portugal\u010dine, podobne ako <a href=\"https:\/\/talkpal.ai\/learn-english-with-ai\/\">angli\u010dtina<\/a>, nahr\u00e1dzaj\u00fa podstatn\u00e9 men\u00e1. Aj oni maj\u00fa pohlavie. <a href=\"https:\/\/talkpal.ai\/sk\/grammar\/pronomi-personali-v-talianskej-gramatike\/\">Osobn\u00e9 z\u00e1men\u00e1<\/a> zah\u0155\u0148aj\u00fa eu (I), voc\u00ea\/tu (ty), ele\/ela (on\/ona), n\u00f3s (my) a eles\/elas (oni).<\/p>\n\n\n\n<p>Ur\u010dit\u00e9 \u010dleny (the) a neur\u010dit\u00e9 \u010dleny (a\/an) s\u00fa tie\u017e rodovo \u0161pecifick\u00e9 a s\u00fa nevyhnutn\u00e9 pre spr\u00e1vnu kon\u0161trukciu viet. V portugal\u010dine s\u00fa ur\u010dit\u00e9 \u010dleny &#8222;o&#8220; (mu\u017esk\u00fd rod) a &#8222;a&#8220; (\u017eensk\u00fd rod) a neur\u010dit\u00e9 \u010dleny &#8222;um&#8220; (mu\u017esk\u00fd rod) a &#8222;uma&#8220; (\u017eensk\u00fd rod).<\/p>\n\n\n\n<h3 class=\"wp-block-heading\" id=\"h-2-adjectives-and-adverbs-add-spice-to-your-sentences\">2. Pr\u00eddavn\u00e9 men\u00e1 a pr\u00edslovky: pridajte do svojich viet korenie<\/h3>\n\n\n\n<p>Pr\u00eddavn\u00e9 men\u00e1 s\u00fa slov\u00e1, ktor\u00e9 opisuj\u00fa alebo upravuj\u00fa podstatn\u00e9 men\u00e1, a podobne ako podstatn\u00e9 men\u00e1 maj\u00fa rody. Pr\u00eddavn\u00e9 men\u00e1 zakon\u010den\u00e9 na &#8222;o&#8220; s\u00fa zvy\u010dajne mu\u017esk\u00e9ho rodu, zatia\u013e \u010do pr\u00eddavn\u00e9 men\u00e1 zakon\u010den\u00e9 na &#8222;a&#8220; s\u00fa \u017eensk\u00e9ho rodu. Je d\u00f4le\u017eit\u00e9, aby sa rod pr\u00eddavn\u00e9ho mena zhodoval s podstatn\u00fdm menom, ktor\u00e9 opisuje. Napr\u00edklad &#8222;homem alto&#8220; znamen\u00e1 &#8222;vysok\u00fd mu\u017e&#8220;, zatia\u013e \u010do &#8222;mulher alta&#8220; znamen\u00e1 &#8222;vysok\u00e1 \u017eena&#8220;.<\/p>\n\n\n\n<p>Pr\u00edslovky naopak upravuj\u00fa sloves\u00e1, pr\u00eddavn\u00e9 men\u00e1 alebo in\u00e9 pr\u00edslovky. V portugal\u010dine pr\u00edslovky zvy\u010dajne nemaj\u00fa rodovo \u0161pecifick\u00e9 tvary. Medzi be\u017en\u00e9 pr\u00edslovky patria &#8222;rapidamente&#8220; (r\u00fdchlo), &#8222;lentamente&#8220; (pomaly) a &#8222;sempre&#8220; (v\u017edy).<\/p>\n\n\n\n<h3 class=\"wp-block-heading\" id=\"h-3-verbs-the-action-words\">3. Sloves\u00e1: Ak\u010dn\u00e9 slov\u00e1<\/h3>\n\n\n\n<p>Portugalsk\u00e9 sloves\u00e1 s\u00fa rozdelen\u00e9 do troch \u010dasovac\u00edch skup\u00edn (-ar, -er, -ir) a ich tvary sa menia v z\u00e1vislosti od \u010dasu a podmetu. Toto s\u00fa z\u00e1kladn\u00e9 \u010dasy, ktor\u00e9 potrebujete pozna\u0165:<\/p>\n\n\n\n<p>&#8211; Pr\u00edtomn\u00fd \u010das (<a href=\"https:\/\/talkpal.ai\/zh-hans\/grammar_exercises\/presente-%e8%a5%bf%e7%8f%ad%e7%89%99%e8%af%ad%e6%b3%95%e7%bb%83%e4%b9%a0\/\">Presente<\/a>): Opisuje \u010dinnosti, ktor\u00e9 sa dej\u00fa teraz, alebo obvykl\u00e9 \u010dinnosti.<br\/>&#8211; Minul\u00fd \u010das (Pret\u00e9rito): Opisuje \u010dinnosti, ktor\u00e9 sa stali v minulosti. Existuj\u00fa dva typy: <a href=\"https:\/\/talkpal.ai\/grammar\/preterite-perfect-in-portuguese-grammar\/\">Pret\u00e9rito Perfeito<\/a> (jednoduch\u00e1 minulos\u0165) a <a href=\"https:\/\/talkpal.ai\/grammar\/preterito-imperfeito-in-portuguese-grammar\/\">Pret\u00e9rito Imperfeito<\/a> (minul\u00e1 kontinu\u00e1lna).<br\/>&#8211; Bud\u00faci \u010das (<a href=\"https:\/\/talkpal.ai\/ja\/grammar_exercises\/futuro-%e3%82%b9%e3%83%9a%e3%82%a4%e3%83%b3%e8%aa%9e%e3%81%ae%e6%96%87%e6%b3%95%e3%81%ae%e6%bc%94%e7%bf%92\/\">Futuro<\/a>): Opisuje \u010dinnosti, ktor\u00e9 sa stan\u00fa v bud\u00facnosti.<\/p>\n\n\n\n<p>Zvl\u00e1dnutie \u010dasovania slovies m\u00f4\u017ee by\u0165 v portugal\u010dine v\u00fdzvou, ale prax a d\u00f4slednos\u0165 v\u00e1m pom\u00f4\u017eu pochopi\u0165 ju efekt\u00edvnej\u0161ie.<\/p>\n\n\n\n<h3 class=\"wp-block-heading\" id=\"h-4-word-order-building-understandable-sentences\">4. Slovosled: Vytv\u00e1ranie zrozumite\u013en\u00fdch viet<\/h3>\n\n\n\n<p>Typick\u00e1 portugalsk\u00e1 vetn\u00e1 \u0161trukt\u00fara sa riadi porad\u00edm podmet-sloveso-objekt (SVO). Napr\u00edklad veta &#8222;Eu amo pizza&#8220; (&#8222;<a href=\"https:\/\/talkpal.ai\/culture\/how-to-say-i-like-in-slovak-using-mam-rad\/\">M\u00e1m r\u00e1d<\/a> pizzu&#8220;) sa riadi t\u00fdmto vzorom. <a href=\"https:\/\/talkpal.ai\/portuguese-grammar\/\">Portugalsk\u00e1 gramatika<\/a> v\u0161ak m\u00f4\u017ee by\u0165 pomerne flexibiln\u00e1 a m\u00f4\u017eete sa stretn\u00fa\u0165 s vari\u00e1ciami v slovoslede, najm\u00e4 v literat\u00fare alebo neform\u00e1lnych rozhovoroch. Kontext a zdrav\u00fd rozum s\u00fa rozhoduj\u00face pre pochopenie t\u00fdchto vari\u00e1ci\u00ed.<\/p>\n\n\n\n<h3 class=\"wp-block-heading\" id=\"h-5-negation-and-interrogation-say-no-and-ask-questions\">5. Neg\u00e1cia a v\u00fdsluch: povedzte nie a p\u00fdtajte sa<\/h3>\n\n\n\n<p>Ak chcete negova\u0165 vetu v portugal\u010dine, jednoducho pred sloveso umiestnite slovo &#8222;n\u00e3o&#8220;. Napr\u00edklad &#8222;Eu n\u00e3o falo <a href=\"https:\/\/talkpal.ai\/learn-portuguese\/\">portugu\u00eas<\/a>&#8220; znamen\u00e1 &#8222;Nehovor\u00edm po portugalsky&#8220;.<\/p>\n\n\n\n<p>Ak chcete v portugal\u010dine zmeni\u0165 v\u00fdpove\u010f na ot\u00e1zku, m\u00f4\u017eete bu\u010f zmeni\u0165 slovosled, alebo pou\u017ei\u0165 t\u00e1zacie slovo (napr\u00edklad &#8222;quem&#8220; pre &#8222;kto&#8220;, &#8222;o que&#8220; pre &#8222;\u010do&#8220; alebo &#8222;onde&#8220; pre &#8222;kde&#8220;). Napr\u00edklad &#8222;Voc\u00ea fala ingl\u00eas?&#8220; sa preklad\u00e1 ako &#8222;Hovor\u00edte po anglicky?&#8220;.<\/p>\n\n\n\n<h3 class=\"wp-block-heading\" id=\"h-conclusion\">Z\u00e1ver<\/h3>\n\n\n\n<p>U\u010denie portugalskej gramatiky sa m\u00f4\u017ee zda\u0165 n\u00e1ro\u010dn\u00e9, ale nenechajte sa odradi\u0165! Ka\u017ed\u00fd jazyk m\u00e1 svoje \u00faskalia, ale s d\u00f4slednos\u0165ou, praxou a trochou trpezlivosti budete komunikova\u0165 sebaisto a efekt\u00edvne. Majte na pam\u00e4ti, \u017ee u\u010denie gramatiky je len jednou \u010das\u0165ou osvojovania si jazyka a mali by ste tie\u017e precvi\u010dova\u0165 po\u010d\u00favanie, hovorenie a \u010d\u00edtanie v portugal\u010dine. Boa sorte! (Ve\u013ea \u0161\u0165astia!)<\/p>\n<\/div><\/div>\n\r\n<section class=\"learnNavigationSection\">\r\n            \r\n        <a href=\"https:\/\/talkpal.ai\/sk\/naucte-sa-portugalsky\/\">\r\n            <div class=\"learnNavigationWrapper\">\r\n                <div class=\"learnNavigationContent\">\r\n                    <img decoding=\"async\" src=\"https:\/\/talkpal.ai\/wp-content\/uploads\/2024\/08\/Portuguese.jpg\" alt=\"Portuguese Flag\">\r\n                    <div>\r\n                        <h4>O vzdel\u00e1van\u00ed v Portugalsku<\/h4>\r\n                        <p>Zistite v\u0161etko o portugalskej gramatike.<\/p>\r\n                    <\/div>\r\n                <\/div>\r\n            <\/div>\r\n        <\/a>\r\n\r\n        \r\n        <a href=\"https:\/\/talkpal.ai\/sk\/portugalske-gramaticke-cvicenia\/\">\r\n            <div class=\"learnNavigationWrapper\">\r\n                <div class=\"learnNavigationContent\">\r\n                    <img decoding=\"async\" src=\"https:\/\/talkpal.ai\/wp-content\/uploads\/2024\/08\/Portuguese.jpg\" alt=\"Portuguese Flag\">\r\n                    <div>\r\n                        <h4>Cvi\u010denie z portugalskej gramatiky<\/h4>\r\n                        <p>Precvi\u010dte si portugalsk\u00fa gramatiku .<\/p>\r\n                    <\/div>\r\n                <\/div>\r\n            <\/div>\r\n        <\/a>\r\n\r\n        \r\n        <a href=\"https:\/\/talkpal.ai\/vocabulary_language\/portuguese\/\">\r\n            <div class=\"learnNavigationWrapper\">\r\n                <div class=\"learnNavigationContent\">\r\n                    <img decoding=\"async\" src=\"https:\/\/talkpal.ai\/wp-content\/uploads\/2024\/08\/Portuguese.jpg\" alt=\"Portuguese Flag\">\r\n                    <div>\r\n                        <h4>Portugalsk\u00e1 slovn\u00e1 z\u00e1soba<\/h4>\r\n                        <p>Roz\u0161\u00edrte si slovn\u00fa z\u00e1sobu portugal\u010diny.<\/p>\r\n                    <\/div>\r\n                <\/div>\r\n            <\/div>\r\n        <\/a>\r\n\r\n            <\/section>","protected":false},"excerpt":{"rendered":"<p>Pr\u00edru\u010dka pre za\u010diato\u010dn\u00edkov na pochopenie portugalskej gramatiky \u010ci u\u017e pl\u00e1nujete cestu do Portugalska, alebo sa jednoducho chcete nau\u010di\u0165 nov\u00fd jazyk, u\u010denie portugal\u010diny m\u00f4\u017ee by\u0165 vzru\u0161uj\u00faca a obohacuj\u00faca sk\u00fasenos\u0165. Jedn\u00fdm zo z\u00e1kladn\u00fdch aspektov v\u00fdu\u010dby portugalsk\u00e9ho jazyka, ako ka\u017ed\u00e9ho in\u00e9ho, je pochopenie gramatiky. Tento \u010dl\u00e1nok v\u00e1s prevedie z\u00e1kladmi portugalskej gramatiky a poskytne v\u00e1m z\u00e1kladn\u00e9 tipy a preh\u013eady, [&hellip;]<\/p>\n","protected":false},"author":1,"featured_media":107742,"parent":0,"menu_order":0,"comment_status":"closed","ping_status":"closed","template":"LearningContentPage.php","meta":{"_acf_changed":false,"footnotes":""},"class_list":["post-130142","page","type-page","status-publish","has-post-thumbnail","hentry"],"acf":[],"yoast_head":"<!-- This site is optimized with the Yoast SEO Premium plugin v27.2 (Yoast SEO v27.2) - https:\/\/yoast.com\/product\/yoast-seo-premium-wordpress\/ -->\n<title>Portugalsk\u00e1 gramatika - Talkpal<\/title>\n<meta name=\"description\" content=\"Ovl\u00e1dajte portugalsk\u00fa gramatiku pomocou interakt\u00edvnych cvi\u010den\u00ed ur\u010den\u00fdch pre v\u0161etky \u00farovne zru\u010dnost\u00ed. Zlep\u0161ite svoje jazykov\u00e9 znalosti!\" \/>\n<meta name=\"robots\" content=\"index, follow, max-snippet:-1, max-image-preview:large, max-video-preview:-1\" \/>\n<link rel=\"canonical\" href=\"https:\/\/talkpal.ai\/sk\/portugalska-gramatika\/\" \/>\n<meta property=\"og:locale\" content=\"sk_SK\" \/>\n<meta property=\"og:type\" content=\"article\" \/>\n<meta property=\"og:title\" content=\"Portugalsk\u00e1 gramatika\" \/>\n<meta property=\"og:description\" content=\"Pr\u00edru\u010dka pre za\u010diato\u010dn\u00edkov na pochopenie portugalskej gramatiky \u010ci u\u017e pl\u00e1nujete cestu do Portugalska, alebo sa jednoducho chcete nau\u010di\u0165 nov\u00fd jazyk, u\u010denie\" \/>\n<meta property=\"og:url\" content=\"https:\/\/talkpal.ai\/sk\/portugalska-gramatika\/\" \/>\n<meta property=\"og:site_name\" content=\"Talkpal\" \/>\n<meta property=\"article:publisher\" content=\"https:\/\/www.facebook.com\/profile.php?id=100090733639311\" \/>\n<meta property=\"article:modified_time\" content=\"2025-12-11T16:46:14+00:00\" \/>\n<meta property=\"og:image\" content=\"https:\/\/talkpal.ai\/wp-content\/uploads\/2023\/04\/portugal.png\" \/>\n\t<meta property=\"og:image:width\" content=\"512\" \/>\n\t<meta property=\"og:image:height\" content=\"512\" \/>\n\t<meta property=\"og:image:type\" content=\"image\/png\" \/>\n<meta name=\"twitter:card\" content=\"summary_large_image\" \/>\n<meta name=\"twitter:site\" content=\"@talkpalai\" \/>\n<meta name=\"twitter:label1\" content=\"Predpokladan\u00fd \u010das \u010d\u00edtania\" \/>\n\t<meta name=\"twitter:data1\" content=\"4 min\u00faty\" \/>\n<script type=\"application\/ld+json\" class=\"yoast-schema-graph\">{\"@context\":\"https:\/\/schema.org\",\"@graph\":[{\"@type\":\"WebPage\",\"@id\":\"https:\/\/talkpal.ai\/sk\/portugalska-gramatika\/\",\"url\":\"https:\/\/talkpal.ai\/sk\/portugalska-gramatika\/\",\"name\":\"Portugalsk\u00e1 gramatika - Talkpal\",\"isPartOf\":{\"@id\":\"https:\/\/talkpal.ai\/sk\/#website\"},\"primaryImageOfPage\":{\"@id\":\"https:\/\/talkpal.ai\/sk\/portugalska-gramatika\/#primaryimage\"},\"image\":{\"@id\":\"https:\/\/talkpal.ai\/sk\/portugalska-gramatika\/#primaryimage\"},\"thumbnailUrl\":\"https:\/\/talkpal.ai\/wp-content\/uploads\/2023\/04\/portugal.png\",\"datePublished\":\"2023-05-14T13:51:46+00:00\",\"dateModified\":\"2025-12-11T16:46:14+00:00\",\"description\":\"Ovl\u00e1dajte portugalsk\u00fa gramatiku pomocou interakt\u00edvnych cvi\u010den\u00ed ur\u010den\u00fdch pre v\u0161etky \u00farovne zru\u010dnost\u00ed. Zlep\u0161ite svoje jazykov\u00e9 znalosti!\",\"breadcrumb\":{\"@id\":\"https:\/\/talkpal.ai\/sk\/portugalska-gramatika\/#breadcrumb\"},\"inLanguage\":\"sk-SK\",\"potentialAction\":[{\"@type\":\"ReadAction\",\"target\":[\"https:\/\/talkpal.ai\/sk\/portugalska-gramatika\/\"]}]},{\"@type\":\"ImageObject\",\"inLanguage\":\"sk-SK\",\"@id\":\"https:\/\/talkpal.ai\/sk\/portugalska-gramatika\/#primaryimage\",\"url\":\"https:\/\/talkpal.ai\/wp-content\/uploads\/2023\/04\/portugal.png\",\"contentUrl\":\"https:\/\/talkpal.ai\/wp-content\/uploads\/2023\/04\/portugal.png\",\"width\":512,\"height\":512},{\"@type\":\"BreadcrumbList\",\"@id\":\"https:\/\/talkpal.ai\/sk\/portugalska-gramatika\/#breadcrumb\",\"itemListElement\":[{\"@type\":\"ListItem\",\"position\":1,\"name\":\"Homepage\",\"item\":\"https:\/\/talkpal.ai\/sk\/\"},{\"@type\":\"ListItem\",\"position\":2,\"name\":\"Portugalsk\u00e1 gramatika\"}]},{\"@type\":\"WebSite\",\"@id\":\"https:\/\/talkpal.ai\/sk\/#website\",\"url\":\"https:\/\/talkpal.ai\/sk\/\",\"name\":\"Talkpal\",\"description\":\"AI Language Learning\",\"publisher\":{\"@id\":\"https:\/\/talkpal.ai\/sk\/#organization\"},\"alternateName\":\"Talkpal AI\",\"potentialAction\":[{\"@type\":\"SearchAction\",\"target\":{\"@type\":\"EntryPoint\",\"urlTemplate\":\"https:\/\/talkpal.ai\/sk\/?s={search_term_string}\"},\"query-input\":{\"@type\":\"PropertyValueSpecification\",\"valueRequired\":true,\"valueName\":\"search_term_string\"}}],\"inLanguage\":\"sk-SK\"},{\"@type\":\"Organization\",\"@id\":\"https:\/\/talkpal.ai\/sk\/#organization\",\"name\":\"Talkpal, Inc.\",\"alternateName\":\"Talkpal AI\",\"url\":\"https:\/\/talkpal.ai\/sk\/\",\"logo\":{\"@type\":\"ImageObject\",\"inLanguage\":\"sk-SK\",\"@id\":\"https:\/\/talkpal.ai\/sk\/#\/schema\/logo\/image\/\",\"url\":\"https:\/\/talkpal.ai\/wp-content\/uploads\/2024\/03\/Talkpal-Logo-Icon.png\",\"contentUrl\":\"https:\/\/talkpal.ai\/wp-content\/uploads\/2024\/03\/Talkpal-Logo-Icon.png\",\"width\":2880,\"height\":2880,\"caption\":\"Talkpal, Inc.\"},\"image\":{\"@id\":\"https:\/\/talkpal.ai\/sk\/#\/schema\/logo\/image\/\"},\"sameAs\":[\"https:\/\/www.facebook.com\/profile.php?id=100090733639311\",\"https:\/\/x.com\/talkpalai\",\"https:\/\/www.linkedin.com\/company\/talkpal\/\",\"https:\/\/www.youtube.com\/@TalkPal\/\",\"https:\/\/www.tiktok.com\/@talkpal\",\"https:\/\/www.instagram.com\/talkpal_ai\/\",\"https:\/\/www.crunchbase.com\/organization\/talkpal-9cde\",\"https:\/\/www.g2.com\/products\/talkpal-for-business\/\",\"https:\/\/www.trustpilot.com\/review\/talkpal.ai\",\"https:\/\/www.capterra.com\/p\/10006800\/TalkPal\/\"],\"description\":\"Talkpal is a language learning web and mobile education app, powered by the latest AI technologies, that provides engaging experiences to its customers in many different languages to help them improve their language skills. Users can chat about unlimited amount of topics with the app and use other modes to practice their language learning.\",\"email\":\"support@talkpal.ai\",\"legalName\":\"Talkpal, Inc.\",\"foundingDate\":\"2023-04-03\",\"duns\":\"118989042\",\"numberOfEmployees\":{\"@type\":\"QuantitativeValue\",\"minValue\":\"11\",\"maxValue\":\"50\"},\"publishingPrinciples\":\"https:\/\/talkpal.ai\/publishing-principles\/\",\"actionableFeedbackPolicy\":\"https:\/\/talkpal.ai\/actionable-feedback-policy\/\",\"correctionsPolicy\":\"https:\/\/talkpal.ai\/corrections-policy\/\",\"ethicsPolicy\":\"https:\/\/talkpal.ai\/ethics-policy\/\",\"diversityPolicy\":\"https:\/\/talkpal.ai\/diversity-policy\/\",\"diversityStaffingReport\":\"https:\/\/talkpal.ai\/diversity-policy\/\"}]}<\/script>\n<!-- \/ Yoast SEO Premium plugin. -->","yoast_head_json":{"title":"Portugalsk\u00e1 gramatika - Talkpal","description":"Ovl\u00e1dajte portugalsk\u00fa gramatiku pomocou interakt\u00edvnych cvi\u010den\u00ed ur\u010den\u00fdch pre v\u0161etky \u00farovne zru\u010dnost\u00ed. Zlep\u0161ite svoje jazykov\u00e9 znalosti!","robots":{"index":"index","follow":"follow","max-snippet":"max-snippet:-1","max-image-preview":"max-image-preview:large","max-video-preview":"max-video-preview:-1"},"canonical":"https:\/\/talkpal.ai\/sk\/portugalska-gramatika\/","og_locale":"sk_SK","og_type":"article","og_title":"Portugalsk\u00e1 gramatika","og_description":"Pr\u00edru\u010dka pre za\u010diato\u010dn\u00edkov na pochopenie portugalskej gramatiky \u010ci u\u017e pl\u00e1nujete cestu do Portugalska, alebo sa jednoducho chcete nau\u010di\u0165 nov\u00fd jazyk, u\u010denie","og_url":"https:\/\/talkpal.ai\/sk\/portugalska-gramatika\/","og_site_name":"Talkpal","article_publisher":"https:\/\/www.facebook.com\/profile.php?id=100090733639311","article_modified_time":"2025-12-11T16:46:14+00:00","og_image":[{"width":512,"height":512,"url":"https:\/\/talkpal.ai\/wp-content\/uploads\/2023\/04\/portugal.png","type":"image\/png"}],"twitter_card":"summary_large_image","twitter_site":"@talkpalai","twitter_misc":{"Predpokladan\u00fd \u010das \u010d\u00edtania":"4 min\u00faty"},"schema":{"@context":"https:\/\/schema.org","@graph":[{"@type":"WebPage","@id":"https:\/\/talkpal.ai\/sk\/portugalska-gramatika\/","url":"https:\/\/talkpal.ai\/sk\/portugalska-gramatika\/","name":"Portugalsk\u00e1 gramatika - Talkpal","isPartOf":{"@id":"https:\/\/talkpal.ai\/sk\/#website"},"primaryImageOfPage":{"@id":"https:\/\/talkpal.ai\/sk\/portugalska-gramatika\/#primaryimage"},"image":{"@id":"https:\/\/talkpal.ai\/sk\/portugalska-gramatika\/#primaryimage"},"thumbnailUrl":"https:\/\/talkpal.ai\/wp-content\/uploads\/2023\/04\/portugal.png","datePublished":"2023-05-14T13:51:46+00:00","dateModified":"2025-12-11T16:46:14+00:00","description":"Ovl\u00e1dajte portugalsk\u00fa gramatiku pomocou interakt\u00edvnych cvi\u010den\u00ed ur\u010den\u00fdch pre v\u0161etky \u00farovne zru\u010dnost\u00ed. Zlep\u0161ite svoje jazykov\u00e9 znalosti!","breadcrumb":{"@id":"https:\/\/talkpal.ai\/sk\/portugalska-gramatika\/#breadcrumb"},"inLanguage":"sk-SK","potentialAction":[{"@type":"ReadAction","target":["https:\/\/talkpal.ai\/sk\/portugalska-gramatika\/"]}]},{"@type":"ImageObject","inLanguage":"sk-SK","@id":"https:\/\/talkpal.ai\/sk\/portugalska-gramatika\/#primaryimage","url":"https:\/\/talkpal.ai\/wp-content\/uploads\/2023\/04\/portugal.png","contentUrl":"https:\/\/talkpal.ai\/wp-content\/uploads\/2023\/04\/portugal.png","width":512,"height":512},{"@type":"BreadcrumbList","@id":"https:\/\/talkpal.ai\/sk\/portugalska-gramatika\/#breadcrumb","itemListElement":[{"@type":"ListItem","position":1,"name":"Homepage","item":"https:\/\/talkpal.ai\/sk\/"},{"@type":"ListItem","position":2,"name":"Portugalsk\u00e1 gramatika"}]},{"@type":"WebSite","@id":"https:\/\/talkpal.ai\/sk\/#website","url":"https:\/\/talkpal.ai\/sk\/","name":"Talkpal","description":"AI Language Learning","publisher":{"@id":"https:\/\/talkpal.ai\/sk\/#organization"},"alternateName":"Talkpal AI","potentialAction":[{"@type":"SearchAction","target":{"@type":"EntryPoint","urlTemplate":"https:\/\/talkpal.ai\/sk\/?s={search_term_string}"},"query-input":{"@type":"PropertyValueSpecification","valueRequired":true,"valueName":"search_term_string"}}],"inLanguage":"sk-SK"},{"@type":"Organization","@id":"https:\/\/talkpal.ai\/sk\/#organization","name":"Talkpal, Inc.","alternateName":"Talkpal AI","url":"https:\/\/talkpal.ai\/sk\/","logo":{"@type":"ImageObject","inLanguage":"sk-SK","@id":"https:\/\/talkpal.ai\/sk\/#\/schema\/logo\/image\/","url":"https:\/\/talkpal.ai\/wp-content\/uploads\/2024\/03\/Talkpal-Logo-Icon.png","contentUrl":"https:\/\/talkpal.ai\/wp-content\/uploads\/2024\/03\/Talkpal-Logo-Icon.png","width":2880,"height":2880,"caption":"Talkpal, Inc."},"image":{"@id":"https:\/\/talkpal.ai\/sk\/#\/schema\/logo\/image\/"},"sameAs":["https:\/\/www.facebook.com\/profile.php?id=100090733639311","https:\/\/x.com\/talkpalai","https:\/\/www.linkedin.com\/company\/talkpal\/","https:\/\/www.youtube.com\/@TalkPal\/","https:\/\/www.tiktok.com\/@talkpal","https:\/\/www.instagram.com\/talkpal_ai\/","https:\/\/www.crunchbase.com\/organization\/talkpal-9cde","https:\/\/www.g2.com\/products\/talkpal-for-business\/","https:\/\/www.trustpilot.com\/review\/talkpal.ai","https:\/\/www.capterra.com\/p\/10006800\/TalkPal\/"],"description":"Talkpal is a language learning web and mobile education app, powered by the latest AI technologies, that provides engaging experiences to its customers in many different languages to help them improve their language skills. Users can chat about unlimited amount of topics with the app and use other modes to practice their language learning.","email":"support@talkpal.ai","legalName":"Talkpal, Inc.","foundingDate":"2023-04-03","duns":"118989042","numberOfEmployees":{"@type":"QuantitativeValue","minValue":"11","maxValue":"50"},"publishingPrinciples":"https:\/\/talkpal.ai\/publishing-principles\/","actionableFeedbackPolicy":"https:\/\/talkpal.ai\/actionable-feedback-policy\/","correctionsPolicy":"https:\/\/talkpal.ai\/corrections-policy\/","ethicsPolicy":"https:\/\/talkpal.ai\/ethics-policy\/","diversityPolicy":"https:\/\/talkpal.ai\/diversity-policy\/","diversityStaffingReport":"https:\/\/talkpal.ai\/diversity-policy\/"}]}},"_links":{"self":[{"href":"https:\/\/talkpal.ai\/sk\/wp-json\/wp\/v2\/pages\/130142","targetHints":{"allow":["GET"]}}],"collection":[{"href":"https:\/\/talkpal.ai\/sk\/wp-json\/wp\/v2\/pages"}],"about":[{"href":"https:\/\/talkpal.ai\/sk\/wp-json\/wp\/v2\/types\/page"}],"author":[{"embeddable":true,"href":"https:\/\/talkpal.ai\/sk\/wp-json\/wp\/v2\/users\/1"}],"replies":[{"embeddable":true,"href":"https:\/\/talkpal.ai\/sk\/wp-json\/wp\/v2\/comments?post=130142"}],"version-history":[{"count":0,"href":"https:\/\/talkpal.ai\/sk\/wp-json\/wp\/v2\/pages\/130142\/revisions"}],"wp:featuredmedia":[{"embeddable":true,"href":"https:\/\/talkpal.ai\/sk\/wp-json\/wp\/v2\/media\/107742"}],"wp:attachment":[{"href":"https:\/\/talkpal.ai\/sk\/wp-json\/wp\/v2\/media?parent=130142"}],"curies":[{"name":"wp","href":"https:\/\/api.w.org\/{rel}","templated":true}]}}