{"id":129867,"date":"2023-05-14T13:51:09","date_gmt":"2023-05-14T13:51:09","guid":{"rendered":"http:\/\/talkpal.ai\/japonska-gramatika\/"},"modified":"2025-12-11T16:42:58","modified_gmt":"2025-12-11T16:42:58","slug":"japonska-gramatika","status":"publish","type":"page","link":"https:\/\/talkpal.ai\/sk\/japonska-gramatika\/","title":{"rendered":"Japonsk\u00e1 gramatika"},"content":{"rendered":"\r\n\r\n\r\n<section class=\"languageChallengeSection\">\r\n    <div class=\"languageInfoWrapper\">\r\n        \r\n        <h1>Japonsk\u00e1 gramatika<\/h1>\r\n        <p>Zlep\u0161ite svoje znalosti japonsk\u00e9ho jazyka t\u00fdm, \u017ee si osvoj\u00edte z\u00e1kladn\u00e9 gramatick\u00e9 body s jasn\u00fdmi vysvetleniami a pr\u00edkladmi. Za\u010dnite svoju cestu k plynulosti &#8211; ponorte sa do japonskej gramatiky e\u0161te dnes!<\/p>\r\n\r\n                            <a class=\"getStartedHidden\" href=\"https:\/\/app.talkpal.ai\/sk\/signup?lng=\">Za\u010dni<\/a>\r\n        \r\n    <\/div>\r\n\r\n    <figure>\r\n    <img decoding=\"async\" width=\"768\" height=\"768\" src=\"https:\/\/talkpal.ai\/wp-content\/uploads\/2023\/06\/japanese-768x768.png\" class=\"languageImage no-lazy\" alt=\"Language learning for world travelers\" fetchpriority=\"high\" sizes=\"(max-width: 768px) 150px, 768px\" srcset=\"https:\/\/talkpal.ai\/wp-content\/uploads\/2023\/06\/japanese-768x768.png 768w, https:\/\/talkpal.ai\/wp-content\/uploads\/2023\/06\/japanese-300x300.png 300w\" \/>\r\n    \r\n\r\n    <\/figure>\r\n\r\n            <a class=\"getStartedVisible\" href=\"https:\/\/app.talkpal.ai\/sk\/signup?lng=\">Za\u010dni<\/a>\r\n    \r\n<\/section>\r\n<section class=\"promotionalBanner\">\r\n    <p class=\"promotionalText\">Najefekt\u00edvnej\u0161\u00ed sp\u00f4sob, ako sa nau\u010di\u0165 jazyk<\/p>\r\n    <a class=\"promotionalLink\" href=\"https:\/\/app.talkpal.ai\/sk\/signup?lng=\">Vysk\u00fa\u0161ajte Talkpal zadarmo<\/a>\r\n<\/section>\n<div class=\"wp-block-group pageContainerStyle\"><div class=\"wp-block-group__inner-container is-layout-constrained wp-block-group-is-layout-constrained\">\n<h2 class=\"wp-block-heading\" id=\"h-mastering-the-intricacies-of-japanese-grammar\">Zvl\u00e1dnutie zlo\u017eitosti japonskej gramatiky<\/h2>\n\n\n\n<p><a href=\"https:\/\/talkpal.ai\/talkpal-discount-for-language-enthusiasts\/\">Jazykov\u00ed nad\u0161enci<\/a> \u010dasto pova\u017euj\u00fa japon\u010dinu za fascinuj\u00faci a n\u00e1ro\u010dn\u00fd jazyk na u\u010denie, najm\u00e4 v\u010faka svojmu jedine\u010dn\u00e9mu gramatick\u00e9mu syst\u00e9mu. Napriek tomu m\u00f4\u017ee pochopenie japonskej gramatiky v\u00fdrazne zlep\u0161i\u0165 va\u0161e komunika\u010dn\u00e9 schopnosti a kult\u00farne porozumenie. V tomto \u010dl\u00e1nku budeme diskutova\u0165 o nieko\u013ek\u00fdch z\u00e1kladn\u00fdch aspektoch japonskej gramatiky, ktor\u00e9 v\u00e1m pom\u00f4\u017eu na va\u0161ej ceste k u\u010deniu sa jazykov. Prip\u00fatajte sa a ponorme sa do podmaniv\u00e9ho sveta japonskej gramatiky.<\/p>\n\n\n\n<h3 class=\"wp-block-heading\" id=\"h-1-sentence-structure-sov\">1. \u0160trukt\u00fara vety: SOV<\/h3>\n\n\n\n<p>Na rozdiel od angli\u010dtiny (subjekt &#8211; sloveso &#8211; objekt alebo SVO) m\u00e1 <a href=\"https:\/\/talkpal.ai\/learn-japanese\/\">japon\u010dina<\/a> \u0161trukt\u00faru vety subjekt &#8211; objekt &#8211; sloveso (SOV). To znamen\u00e1, \u017ee sloveso je vo v\u0161eobecnosti posledn\u00e9 vo vete. Osvoji\u0165 si tento jedine\u010dn\u00fd slovosled je \u017eivotne d\u00f4le\u017eit\u00e9 pri vytv\u00e1ran\u00ed zrozumite\u013en\u00fdch viet v japon\u010dine.<\/p>\n\n\n\n<p>Pr\u00edklad:  <\/p>\n\n\n\n<p>&#8211; \u308f\u305f\u3057\u306f\u308a\u3093\u3054\u3092\u305f\u3079\u307e\u3059\u3002 (zjem jablko)<\/p>\n\n\n\n<p>&#8211; Watashi wa ringo o tabemasu. (lit. Ja jablko jem)<\/p>\n\n\n\n<h3 class=\"wp-block-heading\" id=\"h-2-particles-the-sentence-connectors\">2. \u010castice: vetn\u00e9 konektory<\/h3>\n\n\n\n<p>\u010castice zohr\u00e1vaj\u00fa v japonskej gramatike k\u013e\u00fa\u010dov\u00fa \u00falohu, preto\u017ee ozna\u010duj\u00fa funkciu slova vo vete. Medzi be\u017en\u00e9 \u010dastice patria \u306f (wa), \u3092 (o), \u304c (ga), \u3067 (de) a \u306b (ni). Ke\u010f pochop\u00edte, ako tieto \u010dastice funguj\u00fa, zist\u00edte, \u017ee de\u0161ifrovanie a tvorba japonsk\u00fdch viet je ove\u013ea jednoduch\u0161ia.<\/p>\n\n\n\n<h3 class=\"wp-block-heading\" id=\"h-3-verbs-an-introduction-to-conjugation\">3. Sloves\u00e1: \u00favod do \u010dasovania<\/h3>\n\n\n\n<p>Japonsk\u00e9 sloves\u00e1 sa delia na tri hlavn\u00e9 skupiny pod\u013ea koncovky z\u00e1kladn\u00e9ho tvaru. Tieto skupiny sa ber\u00fa do \u00favahy pri konjug\u00e1cii nap\u00e4tia, zdvorilosti a n\u00e1lady. Dobrou spr\u00e1vou je, \u017ee japonsk\u00e9 sloves\u00e1 sa nemenia na z\u00e1klade predmetu, \u010do ich rob\u00ed menej zlo\u017eit\u00fdmi ako tie v niektor\u00fdch in\u00fdch jazykoch.<\/p>\n\n\n\n<p>&#8211; Skupina 1: sloves\u00e1 v tvare U<\/p>\n\n\n\n<p>&#8211; Skupina 2: Ru-verbs<\/p>\n\n\n\n<p>&#8211; Skupina 3: Nepravideln\u00e9 sloves\u00e1 (len dve sloves\u00e1 &#8211; \u3059\u308b (suru) a \u6765\u308b (kuru))<\/p>\n\n\n\n<h3 class=\"wp-block-heading\" id=\"h-4-politeness-levels\">4. \u00darovne zdvorilosti<\/h3>\n\n\n\n<p><a href=\"https:\/\/talkpal.ai\/learn-japanese\/\">Japon\u010dina<\/a> je jazyk bohat\u00fd na zdvorilos\u0165, \u010do sa odr\u00e1\u017ea aj v jej gramatike. Existuj\u00fa tri z\u00e1kladn\u00e9 \u00farovne zdvorilosti: neform\u00e1lna, zdvoril\u00e1 a \u010destn\u00e1. Ich rozpoznanie a spr\u00e1vne pou\u017e\u00edvanie je nevyhnutn\u00e9 pre prirodzen\u00fa a \u00factiv\u00fa komunik\u00e1ciu.<\/p>\n\n\n\n<p>&#8211; Pr\u00edle\u017eitostn\u00e9: jednoduch\u00e9 tvary slovies (napr. \u98df\u3079\u308b &#8211; taberu &#8211; jes\u0165)<\/p>\n\n\n\n<p>&#8211; Zdvorilos\u0165: \u307e\u3059 (masu) konjug\u00e1cia (napr. \u98df\u3079\u307e\u3059 &#8211; tabemasu &#8211; jes\u0165 (zdvorilo))<\/p>\n\n\n\n<p>&#8211; \u010cestn\u00e9: \u0161peci\u00e1lne spojenia a predpony (napr. \u304a\u53ec\u3057\u4e0a\u304c\u308a\u306b\u306a\u308b &#8211; omeshiagari ni naru &#8211; jes\u0165 (\u010destn\u00e9))<\/p>\n\n\n\n<h3 class=\"wp-block-heading\" id=\"h-5-japanese-adjectives\">5. Japonsk\u00e9 pr\u00eddavn\u00e9 men\u00e1<\/h3>\n\n\n\n<p>Japonsk\u00e9 pr\u00eddavn\u00e9 men\u00e1 sa vyskytuj\u00fa v dvoch typoch: i-pr\u00eddavn\u00e9 men\u00e1 a na-pr\u00eddavn\u00e9 men\u00e1. Oba typy maj\u00fa jedine\u010dn\u00e9 pravidl\u00e1 \u010dasovania a interaguj\u00fa s podstatn\u00fdmi menami odli\u0161ne. Zvl\u00e1dnutie pou\u017e\u00edvania t\u00fdchto dvoch typov pr\u00eddavn\u00fdch mien je rozhoduj\u00face pre efekt\u00edvnu komunik\u00e1ciu v japon\u010dine.<\/p>\n\n\n\n<h3 class=\"wp-block-heading\" id=\"h-6-engaging-with-the-language\">6. Zapojenie sa do jazyka<\/h3>\n\n\n\n<p>Jedn\u00fdm z najefekt\u00edvnej\u0161\u00edch sp\u00f4sobov, ako sa nau\u010di\u0165 japonsk\u00fa gramatiku, je d\u00f4sledne pracova\u0165 s jazykom. Od sledovania japonsk\u00fdch filmov a anime a\u017e po \u00fa\u010das\u0165 na konverza\u010dn\u00fdch v\u00fdmen\u00e1ch s roden\u00fdmi hovorcami, ponorenie sa do jazyka pom\u00f4\u017ee upevni\u0165 gramatick\u00e9 koncepty a roz\u0161\u00edri\u0165 va\u0161u slovn\u00fa z\u00e1sobu.<\/p>\n\n\n\n<h3 class=\"wp-block-heading\" id=\"h-conclusion\">Z\u00e1ver<\/h3>\n\n\n\n<p>Hoci sa <a href=\"https:\/\/talkpal.ai\/cs\/japonstina-vyuka-naucte-se-japonsky-rychle-a-efektivne\/\">japonsk\u00e1 gramatika<\/a> m\u00f4\u017ee na za\u010diatku zda\u0165 neprekonate\u013en\u00e1, s odhodlan\u00edm a \u010dasom sa v jej zlo\u017eitosti \u013eahko zorientujete. K\u013e\u00fa\u010dom je zosta\u0165 zvedav\u00fd a pravidelne cvi\u010di\u0165. Ve\u013ea \u0161\u0165astia na ceste k zvl\u00e1dnutiu japonskej gramatiky a u\u017eite si jazykov\u00e9 dobrodru\u017estvo!<\/p>\n<\/div><\/div>\n\r\n<section class=\"learnNavigationSection\">\r\n            \r\n        <a href=\"https:\/\/talkpal.ai\/sk\/naucte-sa-japonsky\/\">\r\n            <div class=\"learnNavigationWrapper\">\r\n                <div class=\"learnNavigationContent\">\r\n                    <img decoding=\"async\" src=\"https:\/\/talkpal.ai\/wp-content\/uploads\/2024\/08\/Japanese.jpg\" alt=\"Japanese Flag\">\r\n                    <div>\r\n                        <h4>O v\u00fdu\u010dbe japon\u010diny<\/h4>\r\n                        <p>Zistite v\u0161etko o japonskej gramatike.<\/p>\r\n                    <\/div>\r\n                <\/div>\r\n            <\/div>\r\n        <\/a>\r\n\r\n        \r\n        <a href=\"https:\/\/talkpal.ai\/sk\/japonske-gramaticke-cvicenia\/\">\r\n            <div class=\"learnNavigationWrapper\">\r\n                <div class=\"learnNavigationContent\">\r\n                    <img decoding=\"async\" src=\"https:\/\/talkpal.ai\/wp-content\/uploads\/2024\/08\/Japanese.jpg\" alt=\"Japanese Flag\">\r\n                    <div>\r\n                        <h4>Cvi\u010denie z japonskej gramatiky<\/h4>\r\n                        <p>Precvi\u010dte si japonsk\u00fa gramatiku.<\/p>\r\n                    <\/div>\r\n                <\/div>\r\n            <\/div>\r\n        <\/a>\r\n\r\n        \r\n        <a href=\"https:\/\/talkpal.ai\/vocabulary_language\/japanese\/\">\r\n            <div class=\"learnNavigationWrapper\">\r\n                <div class=\"learnNavigationContent\">\r\n                    <img decoding=\"async\" src=\"https:\/\/talkpal.ai\/wp-content\/uploads\/2024\/08\/Japanese.jpg\" alt=\"Japanese Flag\">\r\n                    <div>\r\n                        <h4>Japonsk\u00e1 slovn\u00e1 z\u00e1soba<\/h4>\r\n                        <p>Roz\u0161\u00edrte si japonsk\u00fa slovn\u00fa z\u00e1sobu.<\/p>\r\n                    <\/div>\r\n                <\/div>\r\n            <\/div>\r\n        <\/a>\r\n\r\n            <\/section>","protected":false},"excerpt":{"rendered":"<p>Zvl\u00e1dnutie zlo\u017eitosti japonskej gramatiky Jazykov\u00ed nad\u0161enci \u010dasto pova\u017euj\u00fa japon\u010dinu za fascinuj\u00faci a n\u00e1ro\u010dn\u00fd jazyk na u\u010denie, najm\u00e4 v\u010faka svojmu jedine\u010dn\u00e9mu gramatick\u00e9mu syst\u00e9mu. Napriek tomu m\u00f4\u017ee pochopenie japonskej gramatiky v\u00fdrazne zlep\u0161i\u0165 va\u0161e komunika\u010dn\u00e9 schopnosti a kult\u00farne porozumenie. V tomto \u010dl\u00e1nku budeme diskutova\u0165 o nieko\u013ek\u00fdch z\u00e1kladn\u00fdch aspektoch japonskej gramatiky, ktor\u00e9 v\u00e1m pom\u00f4\u017eu na va\u0161ej ceste k u\u010deniu [&hellip;]<\/p>\n","protected":false},"author":1,"featured_media":107221,"parent":0,"menu_order":0,"comment_status":"closed","ping_status":"closed","template":"LearningContentPage.php","meta":{"_acf_changed":false,"footnotes":""},"class_list":["post-129867","page","type-page","status-publish","has-post-thumbnail","hentry"],"acf":[],"yoast_head":"<!-- This site is optimized with the Yoast SEO Premium plugin v27.2 (Yoast SEO v27.2) - https:\/\/yoast.com\/product\/yoast-seo-premium-wordpress\/ -->\n<title>Japonsk\u00e1 gramatika - Talkpal<\/title>\n<meta name=\"description\" content=\"Ovl\u00e1dajte japonsk\u00fa gramatiku pomocou na\u0161ej aplik\u00e1cie na u\u010denie jazykov s umelou inteligenciou. Zlep\u0161ite si svoje jazykov\u00e9 zru\u010dnosti jednoducho prostredn\u00edctvom Talkpal&#039;s podporou umelej inteligencie.\" \/>\n<meta name=\"robots\" content=\"index, follow, max-snippet:-1, max-image-preview:large, max-video-preview:-1\" \/>\n<link rel=\"canonical\" href=\"https:\/\/talkpal.ai\/sk\/japonska-gramatika\/\" \/>\n<meta property=\"og:locale\" content=\"sk_SK\" \/>\n<meta property=\"og:type\" content=\"article\" \/>\n<meta property=\"og:title\" content=\"Japonsk\u00e1 gramatika\" \/>\n<meta property=\"og:description\" content=\"Zvl\u00e1dnutie zlo\u017eitosti japonskej gramatiky Jazykov\u00ed nad\u0161enci \u010dasto pova\u017euj\u00fa japon\u010dinu za fascinuj\u00faci a n\u00e1ro\u010dn\u00fd jazyk na u\u010denie, najm\u00e4 v\u010faka svojmu\" \/>\n<meta property=\"og:url\" content=\"https:\/\/talkpal.ai\/sk\/japonska-gramatika\/\" \/>\n<meta property=\"og:site_name\" content=\"Talkpal\" \/>\n<meta property=\"article:publisher\" content=\"https:\/\/www.facebook.com\/profile.php?id=100090733639311\" \/>\n<meta property=\"article:modified_time\" content=\"2025-12-11T16:42:58+00:00\" \/>\n<meta property=\"og:image\" content=\"https:\/\/talkpal.ai\/wp-content\/uploads\/2023\/04\/japan.png\" \/>\n\t<meta property=\"og:image:width\" content=\"512\" \/>\n\t<meta property=\"og:image:height\" content=\"512\" \/>\n\t<meta property=\"og:image:type\" content=\"image\/png\" \/>\n<meta name=\"twitter:card\" content=\"summary_large_image\" \/>\n<meta name=\"twitter:site\" content=\"@talkpalai\" \/>\n<meta name=\"twitter:label1\" content=\"Predpokladan\u00fd \u010das \u010d\u00edtania\" \/>\n\t<meta name=\"twitter:data1\" content=\"3 min\u00faty\" \/>\n<script type=\"application\/ld+json\" class=\"yoast-schema-graph\">{\"@context\":\"https:\/\/schema.org\",\"@graph\":[{\"@type\":\"WebPage\",\"@id\":\"https:\/\/talkpal.ai\/sk\/japonska-gramatika\/\",\"url\":\"https:\/\/talkpal.ai\/sk\/japonska-gramatika\/\",\"name\":\"Japonsk\u00e1 gramatika - Talkpal\",\"isPartOf\":{\"@id\":\"https:\/\/talkpal.ai\/sk\/#website\"},\"primaryImageOfPage\":{\"@id\":\"https:\/\/talkpal.ai\/sk\/japonska-gramatika\/#primaryimage\"},\"image\":{\"@id\":\"https:\/\/talkpal.ai\/sk\/japonska-gramatika\/#primaryimage\"},\"thumbnailUrl\":\"https:\/\/talkpal.ai\/wp-content\/uploads\/2023\/04\/japan.png\",\"datePublished\":\"2023-05-14T13:51:09+00:00\",\"dateModified\":\"2025-12-11T16:42:58+00:00\",\"description\":\"Ovl\u00e1dajte japonsk\u00fa gramatiku pomocou na\u0161ej aplik\u00e1cie na u\u010denie jazykov s umelou inteligenciou. Zlep\u0161ite si svoje jazykov\u00e9 zru\u010dnosti jednoducho prostredn\u00edctvom Talkpal's podporou umelej inteligencie.\",\"breadcrumb\":{\"@id\":\"https:\/\/talkpal.ai\/sk\/japonska-gramatika\/#breadcrumb\"},\"inLanguage\":\"sk-SK\",\"potentialAction\":[{\"@type\":\"ReadAction\",\"target\":[\"https:\/\/talkpal.ai\/sk\/japonska-gramatika\/\"]}]},{\"@type\":\"ImageObject\",\"inLanguage\":\"sk-SK\",\"@id\":\"https:\/\/talkpal.ai\/sk\/japonska-gramatika\/#primaryimage\",\"url\":\"https:\/\/talkpal.ai\/wp-content\/uploads\/2023\/04\/japan.png\",\"contentUrl\":\"https:\/\/talkpal.ai\/wp-content\/uploads\/2023\/04\/japan.png\",\"width\":512,\"height\":512},{\"@type\":\"BreadcrumbList\",\"@id\":\"https:\/\/talkpal.ai\/sk\/japonska-gramatika\/#breadcrumb\",\"itemListElement\":[{\"@type\":\"ListItem\",\"position\":1,\"name\":\"Homepage\",\"item\":\"https:\/\/talkpal.ai\/sk\/\"},{\"@type\":\"ListItem\",\"position\":2,\"name\":\"Japonsk\u00e1 gramatika\"}]},{\"@type\":\"WebSite\",\"@id\":\"https:\/\/talkpal.ai\/sk\/#website\",\"url\":\"https:\/\/talkpal.ai\/sk\/\",\"name\":\"Talkpal\",\"description\":\"AI Language Learning\",\"publisher\":{\"@id\":\"https:\/\/talkpal.ai\/sk\/#organization\"},\"alternateName\":\"Talkpal AI\",\"potentialAction\":[{\"@type\":\"SearchAction\",\"target\":{\"@type\":\"EntryPoint\",\"urlTemplate\":\"https:\/\/talkpal.ai\/sk\/?s={search_term_string}\"},\"query-input\":{\"@type\":\"PropertyValueSpecification\",\"valueRequired\":true,\"valueName\":\"search_term_string\"}}],\"inLanguage\":\"sk-SK\"},{\"@type\":\"Organization\",\"@id\":\"https:\/\/talkpal.ai\/sk\/#organization\",\"name\":\"Talkpal, Inc.\",\"alternateName\":\"Talkpal AI\",\"url\":\"https:\/\/talkpal.ai\/sk\/\",\"logo\":{\"@type\":\"ImageObject\",\"inLanguage\":\"sk-SK\",\"@id\":\"https:\/\/talkpal.ai\/sk\/#\/schema\/logo\/image\/\",\"url\":\"https:\/\/talkpal.ai\/wp-content\/uploads\/2024\/03\/Talkpal-Logo-Icon.png\",\"contentUrl\":\"https:\/\/talkpal.ai\/wp-content\/uploads\/2024\/03\/Talkpal-Logo-Icon.png\",\"width\":2880,\"height\":2880,\"caption\":\"Talkpal, Inc.\"},\"image\":{\"@id\":\"https:\/\/talkpal.ai\/sk\/#\/schema\/logo\/image\/\"},\"sameAs\":[\"https:\/\/www.facebook.com\/profile.php?id=100090733639311\",\"https:\/\/x.com\/talkpalai\",\"https:\/\/www.linkedin.com\/company\/talkpal\/\",\"https:\/\/www.youtube.com\/@TalkPal\/\",\"https:\/\/www.tiktok.com\/@talkpal\",\"https:\/\/www.instagram.com\/talkpal_ai\/\",\"https:\/\/www.crunchbase.com\/organization\/talkpal-9cde\",\"https:\/\/www.g2.com\/products\/talkpal-for-business\/\",\"https:\/\/www.trustpilot.com\/review\/talkpal.ai\",\"https:\/\/www.capterra.com\/p\/10006800\/TalkPal\/\"],\"description\":\"Talkpal is a language learning web and mobile education app, powered by the latest AI technologies, that provides engaging experiences to its customers in many different languages to help them improve their language skills. Users can chat about unlimited amount of topics with the app and use other modes to practice their language learning.\",\"email\":\"support@talkpal.ai\",\"legalName\":\"Talkpal, Inc.\",\"foundingDate\":\"2023-04-03\",\"duns\":\"118989042\",\"numberOfEmployees\":{\"@type\":\"QuantitativeValue\",\"minValue\":\"11\",\"maxValue\":\"50\"},\"publishingPrinciples\":\"https:\/\/talkpal.ai\/publishing-principles\/\",\"actionableFeedbackPolicy\":\"https:\/\/talkpal.ai\/actionable-feedback-policy\/\",\"correctionsPolicy\":\"https:\/\/talkpal.ai\/corrections-policy\/\",\"ethicsPolicy\":\"https:\/\/talkpal.ai\/ethics-policy\/\",\"diversityPolicy\":\"https:\/\/talkpal.ai\/diversity-policy\/\",\"diversityStaffingReport\":\"https:\/\/talkpal.ai\/diversity-policy\/\"}]}<\/script>\n<!-- \/ Yoast SEO Premium plugin. -->","yoast_head_json":{"title":"Japonsk\u00e1 gramatika - Talkpal","description":"Ovl\u00e1dajte japonsk\u00fa gramatiku pomocou na\u0161ej aplik\u00e1cie na u\u010denie jazykov s umelou inteligenciou. Zlep\u0161ite si svoje jazykov\u00e9 zru\u010dnosti jednoducho prostredn\u00edctvom Talkpal's podporou umelej inteligencie.","robots":{"index":"index","follow":"follow","max-snippet":"max-snippet:-1","max-image-preview":"max-image-preview:large","max-video-preview":"max-video-preview:-1"},"canonical":"https:\/\/talkpal.ai\/sk\/japonska-gramatika\/","og_locale":"sk_SK","og_type":"article","og_title":"Japonsk\u00e1 gramatika","og_description":"Zvl\u00e1dnutie zlo\u017eitosti japonskej gramatiky Jazykov\u00ed nad\u0161enci \u010dasto pova\u017euj\u00fa japon\u010dinu za fascinuj\u00faci a n\u00e1ro\u010dn\u00fd jazyk na u\u010denie, najm\u00e4 v\u010faka svojmu","og_url":"https:\/\/talkpal.ai\/sk\/japonska-gramatika\/","og_site_name":"Talkpal","article_publisher":"https:\/\/www.facebook.com\/profile.php?id=100090733639311","article_modified_time":"2025-12-11T16:42:58+00:00","og_image":[{"width":512,"height":512,"url":"https:\/\/talkpal.ai\/wp-content\/uploads\/2023\/04\/japan.png","type":"image\/png"}],"twitter_card":"summary_large_image","twitter_site":"@talkpalai","twitter_misc":{"Predpokladan\u00fd \u010das \u010d\u00edtania":"3 min\u00faty"},"schema":{"@context":"https:\/\/schema.org","@graph":[{"@type":"WebPage","@id":"https:\/\/talkpal.ai\/sk\/japonska-gramatika\/","url":"https:\/\/talkpal.ai\/sk\/japonska-gramatika\/","name":"Japonsk\u00e1 gramatika - Talkpal","isPartOf":{"@id":"https:\/\/talkpal.ai\/sk\/#website"},"primaryImageOfPage":{"@id":"https:\/\/talkpal.ai\/sk\/japonska-gramatika\/#primaryimage"},"image":{"@id":"https:\/\/talkpal.ai\/sk\/japonska-gramatika\/#primaryimage"},"thumbnailUrl":"https:\/\/talkpal.ai\/wp-content\/uploads\/2023\/04\/japan.png","datePublished":"2023-05-14T13:51:09+00:00","dateModified":"2025-12-11T16:42:58+00:00","description":"Ovl\u00e1dajte japonsk\u00fa gramatiku pomocou na\u0161ej aplik\u00e1cie na u\u010denie jazykov s umelou inteligenciou. Zlep\u0161ite si svoje jazykov\u00e9 zru\u010dnosti jednoducho prostredn\u00edctvom Talkpal's podporou umelej inteligencie.","breadcrumb":{"@id":"https:\/\/talkpal.ai\/sk\/japonska-gramatika\/#breadcrumb"},"inLanguage":"sk-SK","potentialAction":[{"@type":"ReadAction","target":["https:\/\/talkpal.ai\/sk\/japonska-gramatika\/"]}]},{"@type":"ImageObject","inLanguage":"sk-SK","@id":"https:\/\/talkpal.ai\/sk\/japonska-gramatika\/#primaryimage","url":"https:\/\/talkpal.ai\/wp-content\/uploads\/2023\/04\/japan.png","contentUrl":"https:\/\/talkpal.ai\/wp-content\/uploads\/2023\/04\/japan.png","width":512,"height":512},{"@type":"BreadcrumbList","@id":"https:\/\/talkpal.ai\/sk\/japonska-gramatika\/#breadcrumb","itemListElement":[{"@type":"ListItem","position":1,"name":"Homepage","item":"https:\/\/talkpal.ai\/sk\/"},{"@type":"ListItem","position":2,"name":"Japonsk\u00e1 gramatika"}]},{"@type":"WebSite","@id":"https:\/\/talkpal.ai\/sk\/#website","url":"https:\/\/talkpal.ai\/sk\/","name":"Talkpal","description":"AI Language Learning","publisher":{"@id":"https:\/\/talkpal.ai\/sk\/#organization"},"alternateName":"Talkpal AI","potentialAction":[{"@type":"SearchAction","target":{"@type":"EntryPoint","urlTemplate":"https:\/\/talkpal.ai\/sk\/?s={search_term_string}"},"query-input":{"@type":"PropertyValueSpecification","valueRequired":true,"valueName":"search_term_string"}}],"inLanguage":"sk-SK"},{"@type":"Organization","@id":"https:\/\/talkpal.ai\/sk\/#organization","name":"Talkpal, Inc.","alternateName":"Talkpal AI","url":"https:\/\/talkpal.ai\/sk\/","logo":{"@type":"ImageObject","inLanguage":"sk-SK","@id":"https:\/\/talkpal.ai\/sk\/#\/schema\/logo\/image\/","url":"https:\/\/talkpal.ai\/wp-content\/uploads\/2024\/03\/Talkpal-Logo-Icon.png","contentUrl":"https:\/\/talkpal.ai\/wp-content\/uploads\/2024\/03\/Talkpal-Logo-Icon.png","width":2880,"height":2880,"caption":"Talkpal, Inc."},"image":{"@id":"https:\/\/talkpal.ai\/sk\/#\/schema\/logo\/image\/"},"sameAs":["https:\/\/www.facebook.com\/profile.php?id=100090733639311","https:\/\/x.com\/talkpalai","https:\/\/www.linkedin.com\/company\/talkpal\/","https:\/\/www.youtube.com\/@TalkPal\/","https:\/\/www.tiktok.com\/@talkpal","https:\/\/www.instagram.com\/talkpal_ai\/","https:\/\/www.crunchbase.com\/organization\/talkpal-9cde","https:\/\/www.g2.com\/products\/talkpal-for-business\/","https:\/\/www.trustpilot.com\/review\/talkpal.ai","https:\/\/www.capterra.com\/p\/10006800\/TalkPal\/"],"description":"Talkpal is a language learning web and mobile education app, powered by the latest AI technologies, that provides engaging experiences to its customers in many different languages to help them improve their language skills. Users can chat about unlimited amount of topics with the app and use other modes to practice their language learning.","email":"support@talkpal.ai","legalName":"Talkpal, Inc.","foundingDate":"2023-04-03","duns":"118989042","numberOfEmployees":{"@type":"QuantitativeValue","minValue":"11","maxValue":"50"},"publishingPrinciples":"https:\/\/talkpal.ai\/publishing-principles\/","actionableFeedbackPolicy":"https:\/\/talkpal.ai\/actionable-feedback-policy\/","correctionsPolicy":"https:\/\/talkpal.ai\/corrections-policy\/","ethicsPolicy":"https:\/\/talkpal.ai\/ethics-policy\/","diversityPolicy":"https:\/\/talkpal.ai\/diversity-policy\/","diversityStaffingReport":"https:\/\/talkpal.ai\/diversity-policy\/"}]}},"_links":{"self":[{"href":"https:\/\/talkpal.ai\/sk\/wp-json\/wp\/v2\/pages\/129867","targetHints":{"allow":["GET"]}}],"collection":[{"href":"https:\/\/talkpal.ai\/sk\/wp-json\/wp\/v2\/pages"}],"about":[{"href":"https:\/\/talkpal.ai\/sk\/wp-json\/wp\/v2\/types\/page"}],"author":[{"embeddable":true,"href":"https:\/\/talkpal.ai\/sk\/wp-json\/wp\/v2\/users\/1"}],"replies":[{"embeddable":true,"href":"https:\/\/talkpal.ai\/sk\/wp-json\/wp\/v2\/comments?post=129867"}],"version-history":[{"count":0,"href":"https:\/\/talkpal.ai\/sk\/wp-json\/wp\/v2\/pages\/129867\/revisions"}],"wp:featuredmedia":[{"embeddable":true,"href":"https:\/\/talkpal.ai\/sk\/wp-json\/wp\/v2\/media\/107221"}],"wp:attachment":[{"href":"https:\/\/talkpal.ai\/sk\/wp-json\/wp\/v2\/media?parent=129867"}],"curies":[{"name":"wp","href":"https:\/\/api.w.org\/{rel}","templated":true}]}}