{"id":129364,"date":"2023-05-14T13:50:44","date_gmt":"2023-05-14T13:50:44","guid":{"rendered":"http:\/\/talkpal.ai\/hindska-gramatika\/"},"modified":"2025-12-13T15:12:18","modified_gmt":"2025-12-13T15:12:18","slug":"hindska-gramatika","status":"publish","type":"page","link":"https:\/\/talkpal.ai\/sk\/hindska-gramatika\/","title":{"rendered":"Hindsk\u00e1 gramatika"},"content":{"rendered":"\r\n\r\n\r\n<section class=\"languageChallengeSection\">\r\n    <div class=\"languageInfoWrapper\">\r\n        \r\n        <h1>Hindsk\u00e1 gramatika<\/h1>\r\n        <p>Ste pripraven\u00ed nau\u010di\u0165 sa hind\u010dinu? Ponorte sa do hindskej gramatiky, v ktorej jazyk o\u017e\u00edva v\u010faka rodovo ur\u010den\u00fdm podstatn\u00fdm men\u00e1m, \u0161trukt\u00fare viet s predmetom a slovesom a expres\u00edvnym slovesn\u00fdm spojeniam. Za\u010dnite svoju cestu za hind\u010dinou e\u0161te dnes &#8211; zvl\u00e1dnutie jej gramatiky v\u00e1m umo\u017en\u00ed sebavedomo komunikova\u0165 a nadviaza\u0165 kontakt s pulzuj\u00facou kult\u00farou a trad\u00edciami Indie!<\/p>\r\n\r\n                            <a class=\"getStartedHidden\" href=\"https:\/\/app.talkpal.ai\/sk\/signup?lng=\">Za\u010dni<\/a>\r\n        \r\n    <\/div>\r\n\r\n    <figure>\r\n    <img decoding=\"async\" width=\"768\" height=\"768\" src=\"https:\/\/talkpal.ai\/wp-content\/uploads\/2023\/06\/hindi-768x768.png\" class=\"languageImage no-lazy\" alt=\"Language learning for mental agility\" fetchpriority=\"high\" sizes=\"(max-width: 768px) 150px, 768px\" srcset=\"https:\/\/talkpal.ai\/wp-content\/uploads\/2023\/06\/hindi-768x768.png 768w, https:\/\/talkpal.ai\/wp-content\/uploads\/2023\/06\/hindi-300x300.png 300w\" \/>\r\n    \r\n\r\n    <\/figure>\r\n\r\n            <a class=\"getStartedVisible\" href=\"https:\/\/app.talkpal.ai\/sk\/signup?lng=\">Za\u010dni<\/a>\r\n    \r\n<\/section>\r\n<section class=\"promotionalBanner\">\r\n    <p class=\"promotionalText\">Najefekt\u00edvnej\u0161\u00ed sp\u00f4sob, ako sa nau\u010di\u0165 jazyk<\/p>\r\n    <a class=\"promotionalLink\" href=\"https:\/\/app.talkpal.ai\/sk\/signup?lng=\">Vysk\u00fa\u0161ajte Talkpal zadarmo<\/a>\r\n<\/section>\n<div class=\"wp-block-group pageContainerStyle\"><div class=\"wp-block-group__inner-container is-layout-constrained wp-block-group-is-layout-constrained\">\n<h2 class=\"wp-block-heading\" id=\"h-mastering-hindi-grammar-your-ultimate-guide\">Zvl\u00e1dnutie hindskej gramatiky: V\u00e1\u0161 kone\u010dn\u00fd sprievodca<\/h2>\n\n\n\n<p>Namaste, <a href=\"https:\/\/talkpal.ai\/talkpal-discount-for-language-enthusiasts\/\">jazykov\u00ed nad\u0161enci<\/a>! Ste pripraven\u00ed presk\u00fama\u0165 svet hindskej gramatiky? Ste na spr\u00e1vnom mieste. Tento \u010dl\u00e1nok, pln\u00fd \u013eahko zrozumite\u013en\u00fdch inform\u00e1ci\u00ed a konverza\u010dn\u00e9ho t\u00f3nu, v\u00e1s prevedie fascinuj\u00facou oblas\u0165ou hindskej gramatiky. \u010coskoro budete schopn\u00ed tvori\u0165 vety a vies\u0165 zmyslupln\u00e9 rozhovory s roden\u00fdmi hovorcami. Tak sa do toho pustite!<\/p>\n\n\n\n<p><strong>Ale najprv, pre\u010do hindsk\u00e1 gramatika?<\/strong><\/p>\n\n\n\n<p>Ak sa u\u010d\u00edte hind\u010dinu, pre plynul\u00e9 rozpr\u00e1vanie, \u010d\u00edtanie a p\u00edsanie je ve\u013emi d\u00f4le\u017eit\u00fd siln\u00fd z\u00e1klad gramatiky. Zatia\u013e \u010do <a href=\"https:\/\/talkpal.ai\/hindi-grammar\/\">hindsk\u00e1 gramatika<\/a> sa m\u00f4\u017ee spo\u010diatku zda\u0165 zlo\u017eit\u00e1, st\u00e1va sa pr\u00edstupnej\u0161ou, ke\u010f je rozdelen\u00e1 na men\u0161ie, zvl\u00e1dnute\u013en\u00e9 segmenty. Tento \u010dl\u00e1nok bude ide\u00e1lnym miestom na za\u010datie va\u0161ej cesty k zvl\u00e1dnutiu hindskej gramatiky!<\/p>\n\n\n\n<h3 class=\"wp-block-heading\" id=\"h-1-nouns-gender-and-cases\">1. Podstatn\u00e9 men\u00e1, rod a p\u00e1dy<\/h3>\n\n\n\n<p>Hindsk\u00e9 podstatn\u00e9 men\u00e1 prich\u00e1dzaj\u00fa v dvoch rodoch: mu\u017esk\u00fd a \u017eensk\u00fd. Je d\u00f4le\u017eit\u00e9 ur\u010di\u0165 rod podstatn\u00fdch mien, preto\u017ee to ovplyv\u0148uje ostatn\u00e9 \u010dasti re\u010di, ako s\u00fa pr\u00eddavn\u00e9 men\u00e1 a sloves\u00e1.  <\/p>\n\n\n\n<p>Jednoduch\u00e9 pravidlo: ak podstatn\u00e9 meno kon\u010d\u00ed na \u201e-aa\u201c (\u201e\u0906\u201c), je spravidla mu\u017esk\u00e9ho rodu, zatia\u013e \u010do podstatn\u00e9 meno kon\u010diace na \u201e-ii\u201c (\u201e\u0908\u201c) je zvy\u010dajne \u017eensk\u00e9ho rodu. Ale pam\u00e4tajte &#8211; ako v\u017edy, existuj\u00fa v\u00fdnimky!  <\/p>\n\n\n\n<p>Hindsk\u00e9 podstatn\u00e9 men\u00e1 maj\u00fa r\u00f4zne formy v z\u00e1vislosti od ich \u00falohy vo vete (predmet, predmet, privlast\u0148ovac\u00ed at\u010f.). Tieto formy sa naz\u00fdvaj\u00fa pr\u00edpady. Z\u00e1kladn\u00e9 p\u00e1dy v hind\u010dine s\u00fa priamy (\u201e\u0906\u092e \u0915\u094d\u0930\u092e\u201c), sklonn\u00fd (\u201e\u0909\u092a \u0935\u093f\u0932\u094b\u092e\u201c) a vokat\u00edv (\u201e\u0938\u0902\u092c\u094b\u0927\u0928\u201c).<\/p>\n\n\n\n<h3 class=\"wp-block-heading\" id=\"h-2-pronouns-and-agreement\">2. Z\u00e1men\u00e1 a dohoda<\/h3>\n\n\n\n<p>Hindsk\u00e9 z\u00e1men\u00e1 (ja, ty, on, ona at\u010f.) sa menia pod\u013ea pohlavia a hierarchie. Napr\u00edklad: \u092e\u0948\u0902 (main &#8211; ja), \u0924\u0941\u092e (tum &#8211; ty, neform\u00e1lne), \u0906\u092a (aap &#8211; ty, form\u00e1lne), \u0935\u0939 (vah &#8211; on\/ona), \u0939\u092e (hum &#8211; my) a \u0935\u0947 (ve &#8211; oni).  <\/p>\n\n\n\n<p>Pri pou\u017e\u00edvan\u00ed z\u00e1men je nevyhnutn\u00e9 uvedomi\u0165 si hierarchiu. Napr\u00edklad, zatia\u013e \u010do \u201e\u0924\u0941\u092e\u201c m\u00f4\u017ee by\u0165 vhodn\u00e9 medzi priate\u013emi, pou\u017e\u00edvanie \u201e\u0906\u092a\u201c vyjadruje \u00factu pri oslovovan\u00ed star\u0161\u00edch alebo cudz\u00edch \u013eud\u00ed.<\/p>\n\n\n\n<h3 class=\"wp-block-heading\" id=\"h-3-verbs-tense-and-conjugation\">3. Sloves\u00e1, \u010dasovanie a \u010dasovanie<\/h3>\n\n\n\n<p>Sloves\u00e1 tvoria chrbticu hindskej gramatiky a ich pochopenie je \u017eivotne d\u00f4le\u017eit\u00e9 pre kon\u0161trukciu viet. Hindsk\u00e9 sloves\u00e1 sa v\u0161eobecne delia na prechodn\u00e9 (\u201e\u0938\u0915\u0930\u094d\u092e\u0915\u201c) a nepriechodn\u00e9 (\u201e\u0905\u0915\u0930\u094d\u092e\u0915\u201c), pri\u010dom pre ka\u017ed\u00e9 z nich platia in\u00e9 pravidl\u00e1 \u010dasovania.  <\/p>\n\n\n\n<p>Aby ste mali r\u00fdchly preh\u013ead, preberieme si \u010dasovanie pravideln\u00fdch slovies v pr\u00edtomnom \u010dase:<\/p>\n\n\n\n<p>&#8211; \u092e\u0948\u0902 \u092a\u0922\u093c\u0924\u093e \u0939\u0942\u0901 (main padhta hoon &#8211; \u010d\u00edtam, mu\u017esk\u00fd rod)<\/p>\n\n\n\n<p>&#8211; \u092e\u0948\u0902 \u092a\u0922\u093c\u0924\u0940 \u0939\u0942\u0901 (main padhti hoon &#8211; \u010d\u00edtam, \u017eensk\u00fd rod)<\/p>\n\n\n\n<p>&#8211; \u0924\u0941\u092e \u092a\u0922\u093c\u0924\u0947 \u0939\u094b (tum padhte ho &#8211; \u010d\u00edtate, neform\u00e1lne, mu\u017esk\u00fd rod)<\/p>\n\n\n\n<p>&#8211; \u0924\u0941\u092e \u092a\u0922\u093c\u0924\u0940 \u0939\u094b (tum padhti ho &#8211; \u010d\u00edtate, neform\u00e1lne, \u017eensk\u00fd rod)<\/p>\n\n\n\n<p>Pam\u00e4tajte, \u017ee toto je len za\u010diatok! Existuje ve\u013ea \u010dasov a nepravideln\u00fdch slovies, ktor\u00e9 treba zvl\u00e1dnu\u0165, ale ka\u017ed\u00fd nov\u00fd krok v\u00e1s pribl\u00ed\u017ei k plynulosti.<\/p>\n\n\n\n<h3 class=\"wp-block-heading\" id=\"h-4-adjectives-adverbs-and-more\">4. Pr\u00eddavn\u00e9 men\u00e1, pr\u00edslovky a \u010fal\u0161ie!<\/h3>\n\n\n\n<p>Hindsk\u00e1 <a href=\"https:\/\/talkpal.ai\/sq\/gramatika\/\">gramatika<\/a> obsahuje \u010fal\u0161ie zlo\u017eky, ako s\u00fa pr\u00eddavn\u00e9 men\u00e1 (ktor\u00e9 musia s\u00fahlasi\u0165 s podstatn\u00fdmi menami v rode a \u010d\u00edsle), pr\u00edslovky, predlo\u017eky a idiomatick\u00e9 v\u00fdrazy. Ka\u017ed\u00fd prvok je k\u013e\u00fa\u010dom k tomu, aby ste plynule hovorili hindsky, tak\u017ee ich rie\u0161te krok za krokom.<\/p>\n\n\n\n<p>Na z\u00e1ver chcem poveda\u0165, \u017ee neexistuje \u017eiadna skratka na zvl\u00e1dnutie hindskej gramatiky. Vy\u017eaduje si to vytrvalos\u0165, prax a trpezlivos\u0165. Ke\u010f ho v\u0161ak pochop\u00edte, budete schopn\u00ed oceni\u0165 nuansy konverz\u00e1cie v hind\u010dine, odhali\u0165 bohat\u00fa kult\u00faru a hist\u00f3riu a preh\u013abi\u0165 svoju l\u00e1sku k tomuto jazyku. \u0936\u0941\u092d\u0915\u093e\u092e\u0928\u093e\u090f\u0901 (shubhkaamnaayein &#8211; najlep\u0161ie priania)!<\/p>\n<\/div><\/div>\n\r\n<section class=\"learnNavigationSection\">\r\n            \r\n        <a href=\"https:\/\/talkpal.ai\/sk\/naucte-sa-hindcinu\/\">\r\n            <div class=\"learnNavigationWrapper\">\r\n                <div class=\"learnNavigationContent\">\r\n                    <img decoding=\"async\" src=\"https:\/\/talkpal.ai\/wp-content\/uploads\/2024\/08\/Hindi.jpg\" alt=\"Indian Flag\">\r\n                    <div>\r\n                        <h4>O u\u010den\u00ed hind\u010diny<\/h4>\r\n                        <p>Zistite v\u0161etko o hindskej gramatike.<\/p>\r\n                    <\/div>\r\n                <\/div>\r\n            <\/div>\r\n        <\/a>\r\n\r\n        \r\n        <a href=\"https:\/\/talkpal.ai\/sk\/hindske-gramaticke-cvicenia\/\">\r\n            <div class=\"learnNavigationWrapper\">\r\n                <div class=\"learnNavigationContent\">\r\n                    <img decoding=\"async\" src=\"https:\/\/talkpal.ai\/wp-content\/uploads\/2024\/08\/Hindi.jpg\" alt=\"Indian Flag\">\r\n                    <div>\r\n                        <h4>Cvi\u010denie hindskej gramatiky<\/h4>\r\n                        <p>Precvi\u010dte si hindsk\u00fa gramatiku.<\/p>\r\n                    <\/div>\r\n                <\/div>\r\n            <\/div>\r\n        <\/a>\r\n\r\n        \r\n        <a href=\"https:\/\/talkpal.ai\/vocabulary_language\/hindi\/\">\r\n            <div class=\"learnNavigationWrapper\">\r\n                <div class=\"learnNavigationContent\">\r\n                    <img decoding=\"async\" src=\"https:\/\/talkpal.ai\/wp-content\/uploads\/2024\/08\/Hindi.jpg\" alt=\"Indian Flag\">\r\n                    <div>\r\n                        <h4>Slovn\u00e1 z\u00e1soba hind\u010diny<\/h4>\r\n                        <p>Roz\u0161\u00edrte si slovn\u00fa z\u00e1sobu hind\u010diny.<\/p>\r\n                    <\/div>\r\n                <\/div>\r\n            <\/div>\r\n        <\/a>\r\n\r\n            <\/section>","protected":false},"excerpt":{"rendered":"<p>Zvl\u00e1dnutie hindskej gramatiky: V\u00e1\u0161 kone\u010dn\u00fd sprievodca Namaste, jazykov\u00ed nad\u0161enci! Ste pripraven\u00ed presk\u00fama\u0165 svet hindskej gramatiky? Ste na spr\u00e1vnom mieste. Tento \u010dl\u00e1nok, pln\u00fd \u013eahko zrozumite\u013en\u00fdch inform\u00e1ci\u00ed a konverza\u010dn\u00e9ho t\u00f3nu, v\u00e1s prevedie fascinuj\u00facou oblas\u0165ou hindskej gramatiky. \u010coskoro budete schopn\u00ed tvori\u0165 vety a vies\u0165 zmyslupln\u00e9 rozhovory s roden\u00fdmi hovorcami. Tak sa do toho pustite! Ale najprv, pre\u010do hindsk\u00e1 [&hellip;]<\/p>\n","protected":false},"author":1,"featured_media":188230,"parent":0,"menu_order":0,"comment_status":"closed","ping_status":"closed","template":"LearningContentPage.php","meta":{"_acf_changed":false,"footnotes":""},"class_list":["post-129364","page","type-page","status-publish","has-post-thumbnail","hentry"],"acf":[],"yoast_head":"<!-- This site is optimized with the Yoast SEO Premium plugin v27.2 (Yoast SEO v27.2) - https:\/\/yoast.com\/product\/yoast-seo-premium-wordpress\/ -->\n<title>Hindsk\u00e1 gramatika - Talkpal<\/title>\n<meta name=\"description\" content=\"Ovl\u00e1dajte hindsk\u00fa gramatiku s istotou - nau\u010dte sa jasn\u00e9 pravidl\u00e1, tvorte spr\u00e1vne vety a hovorte lep\u0161ie s jednoduch\u00fdm veden\u00edm od Talkpal AI.\" \/>\n<meta name=\"robots\" content=\"index, follow, max-snippet:-1, max-image-preview:large, max-video-preview:-1\" \/>\n<link rel=\"canonical\" href=\"https:\/\/talkpal.ai\/sk\/hindska-gramatika\/\" \/>\n<meta property=\"og:locale\" content=\"sk_SK\" \/>\n<meta property=\"og:type\" content=\"article\" \/>\n<meta property=\"og:title\" content=\"Hindsk\u00e1 gramatika\" \/>\n<meta property=\"og:description\" content=\"Zvl\u00e1dnutie hindskej gramatiky: V\u00e1\u0161 kone\u010dn\u00fd sprievodca Namaste, jazykov\u00ed nad\u0161enci! Ste pripraven\u00ed presk\u00fama\u0165 svet hindskej gramatiky? Ste na spr\u00e1vnom\" \/>\n<meta property=\"og:url\" content=\"https:\/\/talkpal.ai\/sk\/hindska-gramatika\/\" \/>\n<meta property=\"og:site_name\" content=\"Talkpal\" \/>\n<meta property=\"article:publisher\" content=\"https:\/\/www.facebook.com\/profile.php?id=100090733639311\" \/>\n<meta property=\"article:modified_time\" content=\"2025-12-13T15:12:18+00:00\" \/>\n<meta property=\"og:image\" content=\"https:\/\/talkpal.ai\/wp-content\/uploads\/2024\/02\/india.png\" \/>\n\t<meta property=\"og:image:width\" content=\"517\" \/>\n\t<meta property=\"og:image:height\" content=\"517\" \/>\n\t<meta property=\"og:image:type\" content=\"image\/png\" \/>\n<meta name=\"twitter:card\" content=\"summary_large_image\" \/>\n<meta name=\"twitter:site\" content=\"@talkpalai\" \/>\n<meta name=\"twitter:label1\" content=\"Predpokladan\u00fd \u010das \u010d\u00edtania\" \/>\n\t<meta name=\"twitter:data1\" content=\"3 min\u00faty\" \/>\n<script type=\"application\/ld+json\" class=\"yoast-schema-graph\">{\"@context\":\"https:\/\/schema.org\",\"@graph\":[{\"@type\":\"WebPage\",\"@id\":\"https:\/\/talkpal.ai\/sk\/hindska-gramatika\/\",\"url\":\"https:\/\/talkpal.ai\/sk\/hindska-gramatika\/\",\"name\":\"Hindsk\u00e1 gramatika - Talkpal\",\"isPartOf\":{\"@id\":\"https:\/\/talkpal.ai\/sk\/#website\"},\"primaryImageOfPage\":{\"@id\":\"https:\/\/talkpal.ai\/sk\/hindska-gramatika\/#primaryimage\"},\"image\":{\"@id\":\"https:\/\/talkpal.ai\/sk\/hindska-gramatika\/#primaryimage\"},\"thumbnailUrl\":\"https:\/\/talkpal.ai\/wp-content\/uploads\/2024\/02\/india.png\",\"datePublished\":\"2023-05-14T13:50:44+00:00\",\"dateModified\":\"2025-12-13T15:12:18+00:00\",\"description\":\"Ovl\u00e1dajte hindsk\u00fa gramatiku s istotou - nau\u010dte sa jasn\u00e9 pravidl\u00e1, tvorte spr\u00e1vne vety a hovorte lep\u0161ie s jednoduch\u00fdm veden\u00edm od Talkpal AI.\",\"breadcrumb\":{\"@id\":\"https:\/\/talkpal.ai\/sk\/hindska-gramatika\/#breadcrumb\"},\"inLanguage\":\"sk-SK\",\"potentialAction\":[{\"@type\":\"ReadAction\",\"target\":[\"https:\/\/talkpal.ai\/sk\/hindska-gramatika\/\"]}]},{\"@type\":\"ImageObject\",\"inLanguage\":\"sk-SK\",\"@id\":\"https:\/\/talkpal.ai\/sk\/hindska-gramatika\/#primaryimage\",\"url\":\"https:\/\/talkpal.ai\/wp-content\/uploads\/2024\/02\/india.png\",\"contentUrl\":\"https:\/\/talkpal.ai\/wp-content\/uploads\/2024\/02\/india.png\",\"width\":517,\"height\":517,\"caption\":\"TalkPal Indian Flag\"},{\"@type\":\"BreadcrumbList\",\"@id\":\"https:\/\/talkpal.ai\/sk\/hindska-gramatika\/#breadcrumb\",\"itemListElement\":[{\"@type\":\"ListItem\",\"position\":1,\"name\":\"Homepage\",\"item\":\"https:\/\/talkpal.ai\/sk\/\"},{\"@type\":\"ListItem\",\"position\":2,\"name\":\"Hindsk\u00e1 gramatika\"}]},{\"@type\":\"WebSite\",\"@id\":\"https:\/\/talkpal.ai\/sk\/#website\",\"url\":\"https:\/\/talkpal.ai\/sk\/\",\"name\":\"Talkpal\",\"description\":\"AI Language Learning\",\"publisher\":{\"@id\":\"https:\/\/talkpal.ai\/sk\/#organization\"},\"alternateName\":\"Talkpal AI\",\"potentialAction\":[{\"@type\":\"SearchAction\",\"target\":{\"@type\":\"EntryPoint\",\"urlTemplate\":\"https:\/\/talkpal.ai\/sk\/?s={search_term_string}\"},\"query-input\":{\"@type\":\"PropertyValueSpecification\",\"valueRequired\":true,\"valueName\":\"search_term_string\"}}],\"inLanguage\":\"sk-SK\"},{\"@type\":\"Organization\",\"@id\":\"https:\/\/talkpal.ai\/sk\/#organization\",\"name\":\"Talkpal, Inc.\",\"alternateName\":\"Talkpal AI\",\"url\":\"https:\/\/talkpal.ai\/sk\/\",\"logo\":{\"@type\":\"ImageObject\",\"inLanguage\":\"sk-SK\",\"@id\":\"https:\/\/talkpal.ai\/sk\/#\/schema\/logo\/image\/\",\"url\":\"https:\/\/talkpal.ai\/wp-content\/uploads\/2024\/03\/Talkpal-Logo-Icon.png\",\"contentUrl\":\"https:\/\/talkpal.ai\/wp-content\/uploads\/2024\/03\/Talkpal-Logo-Icon.png\",\"width\":2880,\"height\":2880,\"caption\":\"Talkpal, Inc.\"},\"image\":{\"@id\":\"https:\/\/talkpal.ai\/sk\/#\/schema\/logo\/image\/\"},\"sameAs\":[\"https:\/\/www.facebook.com\/profile.php?id=100090733639311\",\"https:\/\/x.com\/talkpalai\",\"https:\/\/www.linkedin.com\/company\/talkpal\/\",\"https:\/\/www.youtube.com\/@TalkPal\/\",\"https:\/\/www.tiktok.com\/@talkpal\",\"https:\/\/www.instagram.com\/talkpal_ai\/\",\"https:\/\/www.crunchbase.com\/organization\/talkpal-9cde\",\"https:\/\/www.g2.com\/products\/talkpal-for-business\/\",\"https:\/\/www.trustpilot.com\/review\/talkpal.ai\",\"https:\/\/www.capterra.com\/p\/10006800\/TalkPal\/\"],\"description\":\"Talkpal is a language learning web and mobile education app, powered by the latest AI technologies, that provides engaging experiences to its customers in many different languages to help them improve their language skills. Users can chat about unlimited amount of topics with the app and use other modes to practice their language learning.\",\"email\":\"support@talkpal.ai\",\"legalName\":\"Talkpal, Inc.\",\"foundingDate\":\"2023-04-03\",\"duns\":\"118989042\",\"numberOfEmployees\":{\"@type\":\"QuantitativeValue\",\"minValue\":\"11\",\"maxValue\":\"50\"},\"publishingPrinciples\":\"https:\/\/talkpal.ai\/publishing-principles\/\",\"actionableFeedbackPolicy\":\"https:\/\/talkpal.ai\/actionable-feedback-policy\/\",\"correctionsPolicy\":\"https:\/\/talkpal.ai\/corrections-policy\/\",\"ethicsPolicy\":\"https:\/\/talkpal.ai\/ethics-policy\/\",\"diversityPolicy\":\"https:\/\/talkpal.ai\/diversity-policy\/\",\"diversityStaffingReport\":\"https:\/\/talkpal.ai\/diversity-policy\/\"}]}<\/script>\n<!-- \/ Yoast SEO Premium plugin. -->","yoast_head_json":{"title":"Hindsk\u00e1 gramatika - Talkpal","description":"Ovl\u00e1dajte hindsk\u00fa gramatiku s istotou - nau\u010dte sa jasn\u00e9 pravidl\u00e1, tvorte spr\u00e1vne vety a hovorte lep\u0161ie s jednoduch\u00fdm veden\u00edm od Talkpal AI.","robots":{"index":"index","follow":"follow","max-snippet":"max-snippet:-1","max-image-preview":"max-image-preview:large","max-video-preview":"max-video-preview:-1"},"canonical":"https:\/\/talkpal.ai\/sk\/hindska-gramatika\/","og_locale":"sk_SK","og_type":"article","og_title":"Hindsk\u00e1 gramatika","og_description":"Zvl\u00e1dnutie hindskej gramatiky: V\u00e1\u0161 kone\u010dn\u00fd sprievodca Namaste, jazykov\u00ed nad\u0161enci! Ste pripraven\u00ed presk\u00fama\u0165 svet hindskej gramatiky? Ste na spr\u00e1vnom","og_url":"https:\/\/talkpal.ai\/sk\/hindska-gramatika\/","og_site_name":"Talkpal","article_publisher":"https:\/\/www.facebook.com\/profile.php?id=100090733639311","article_modified_time":"2025-12-13T15:12:18+00:00","og_image":[{"width":517,"height":517,"url":"https:\/\/talkpal.ai\/wp-content\/uploads\/2024\/02\/india.png","type":"image\/png"}],"twitter_card":"summary_large_image","twitter_site":"@talkpalai","twitter_misc":{"Predpokladan\u00fd \u010das \u010d\u00edtania":"3 min\u00faty"},"schema":{"@context":"https:\/\/schema.org","@graph":[{"@type":"WebPage","@id":"https:\/\/talkpal.ai\/sk\/hindska-gramatika\/","url":"https:\/\/talkpal.ai\/sk\/hindska-gramatika\/","name":"Hindsk\u00e1 gramatika - Talkpal","isPartOf":{"@id":"https:\/\/talkpal.ai\/sk\/#website"},"primaryImageOfPage":{"@id":"https:\/\/talkpal.ai\/sk\/hindska-gramatika\/#primaryimage"},"image":{"@id":"https:\/\/talkpal.ai\/sk\/hindska-gramatika\/#primaryimage"},"thumbnailUrl":"https:\/\/talkpal.ai\/wp-content\/uploads\/2024\/02\/india.png","datePublished":"2023-05-14T13:50:44+00:00","dateModified":"2025-12-13T15:12:18+00:00","description":"Ovl\u00e1dajte hindsk\u00fa gramatiku s istotou - nau\u010dte sa jasn\u00e9 pravidl\u00e1, tvorte spr\u00e1vne vety a hovorte lep\u0161ie s jednoduch\u00fdm veden\u00edm od Talkpal AI.","breadcrumb":{"@id":"https:\/\/talkpal.ai\/sk\/hindska-gramatika\/#breadcrumb"},"inLanguage":"sk-SK","potentialAction":[{"@type":"ReadAction","target":["https:\/\/talkpal.ai\/sk\/hindska-gramatika\/"]}]},{"@type":"ImageObject","inLanguage":"sk-SK","@id":"https:\/\/talkpal.ai\/sk\/hindska-gramatika\/#primaryimage","url":"https:\/\/talkpal.ai\/wp-content\/uploads\/2024\/02\/india.png","contentUrl":"https:\/\/talkpal.ai\/wp-content\/uploads\/2024\/02\/india.png","width":517,"height":517,"caption":"TalkPal Indian Flag"},{"@type":"BreadcrumbList","@id":"https:\/\/talkpal.ai\/sk\/hindska-gramatika\/#breadcrumb","itemListElement":[{"@type":"ListItem","position":1,"name":"Homepage","item":"https:\/\/talkpal.ai\/sk\/"},{"@type":"ListItem","position":2,"name":"Hindsk\u00e1 gramatika"}]},{"@type":"WebSite","@id":"https:\/\/talkpal.ai\/sk\/#website","url":"https:\/\/talkpal.ai\/sk\/","name":"Talkpal","description":"AI Language Learning","publisher":{"@id":"https:\/\/talkpal.ai\/sk\/#organization"},"alternateName":"Talkpal AI","potentialAction":[{"@type":"SearchAction","target":{"@type":"EntryPoint","urlTemplate":"https:\/\/talkpal.ai\/sk\/?s={search_term_string}"},"query-input":{"@type":"PropertyValueSpecification","valueRequired":true,"valueName":"search_term_string"}}],"inLanguage":"sk-SK"},{"@type":"Organization","@id":"https:\/\/talkpal.ai\/sk\/#organization","name":"Talkpal, Inc.","alternateName":"Talkpal AI","url":"https:\/\/talkpal.ai\/sk\/","logo":{"@type":"ImageObject","inLanguage":"sk-SK","@id":"https:\/\/talkpal.ai\/sk\/#\/schema\/logo\/image\/","url":"https:\/\/talkpal.ai\/wp-content\/uploads\/2024\/03\/Talkpal-Logo-Icon.png","contentUrl":"https:\/\/talkpal.ai\/wp-content\/uploads\/2024\/03\/Talkpal-Logo-Icon.png","width":2880,"height":2880,"caption":"Talkpal, Inc."},"image":{"@id":"https:\/\/talkpal.ai\/sk\/#\/schema\/logo\/image\/"},"sameAs":["https:\/\/www.facebook.com\/profile.php?id=100090733639311","https:\/\/x.com\/talkpalai","https:\/\/www.linkedin.com\/company\/talkpal\/","https:\/\/www.youtube.com\/@TalkPal\/","https:\/\/www.tiktok.com\/@talkpal","https:\/\/www.instagram.com\/talkpal_ai\/","https:\/\/www.crunchbase.com\/organization\/talkpal-9cde","https:\/\/www.g2.com\/products\/talkpal-for-business\/","https:\/\/www.trustpilot.com\/review\/talkpal.ai","https:\/\/www.capterra.com\/p\/10006800\/TalkPal\/"],"description":"Talkpal is a language learning web and mobile education app, powered by the latest AI technologies, that provides engaging experiences to its customers in many different languages to help them improve their language skills. Users can chat about unlimited amount of topics with the app and use other modes to practice their language learning.","email":"support@talkpal.ai","legalName":"Talkpal, Inc.","foundingDate":"2023-04-03","duns":"118989042","numberOfEmployees":{"@type":"QuantitativeValue","minValue":"11","maxValue":"50"},"publishingPrinciples":"https:\/\/talkpal.ai\/publishing-principles\/","actionableFeedbackPolicy":"https:\/\/talkpal.ai\/actionable-feedback-policy\/","correctionsPolicy":"https:\/\/talkpal.ai\/corrections-policy\/","ethicsPolicy":"https:\/\/talkpal.ai\/ethics-policy\/","diversityPolicy":"https:\/\/talkpal.ai\/diversity-policy\/","diversityStaffingReport":"https:\/\/talkpal.ai\/diversity-policy\/"}]}},"_links":{"self":[{"href":"https:\/\/talkpal.ai\/sk\/wp-json\/wp\/v2\/pages\/129364","targetHints":{"allow":["GET"]}}],"collection":[{"href":"https:\/\/talkpal.ai\/sk\/wp-json\/wp\/v2\/pages"}],"about":[{"href":"https:\/\/talkpal.ai\/sk\/wp-json\/wp\/v2\/types\/page"}],"author":[{"embeddable":true,"href":"https:\/\/talkpal.ai\/sk\/wp-json\/wp\/v2\/users\/1"}],"replies":[{"embeddable":true,"href":"https:\/\/talkpal.ai\/sk\/wp-json\/wp\/v2\/comments?post=129364"}],"version-history":[{"count":0,"href":"https:\/\/talkpal.ai\/sk\/wp-json\/wp\/v2\/pages\/129364\/revisions"}],"wp:featuredmedia":[{"embeddable":true,"href":"https:\/\/talkpal.ai\/sk\/wp-json\/wp\/v2\/media\/188230"}],"wp:attachment":[{"href":"https:\/\/talkpal.ai\/sk\/wp-json\/wp\/v2\/media?parent=129364"}],"curies":[{"name":"wp","href":"https:\/\/api.w.org\/{rel}","templated":true}]}}