{"id":129016,"date":"2023-05-14T13:50:21","date_gmt":"2023-05-14T13:50:21","guid":{"rendered":"http:\/\/talkpal.ai\/finska-gramatika\/"},"modified":"2025-12-11T17:05:31","modified_gmt":"2025-12-11T17:05:31","slug":"finska-gramatika","status":"publish","type":"page","link":"https:\/\/talkpal.ai\/sk\/finska-gramatika\/","title":{"rendered":"F\u00ednska gramatika"},"content":{"rendered":"\r\n\r\n\r\n<section class=\"languageChallengeSection\">\r\n    <div class=\"languageInfoWrapper\">\r\n        \r\n        <h1>F\u00ednska gramatika<\/h1>\r\n        <p>Ste pripraven\u00ed objavi\u0165 tajomstv\u00e1 f\u00edn\u010diny? Ponorte sa do f\u00ednskej gramatiky, ktor\u00e1 je zn\u00e1ma svojou logickou \u0161trukt\u00farou, hl\u00e1skovou harm\u00f3niou a p\u00f4sobiv\u00fdm mno\u017estvom p\u00e1dov. Za\u010dnite sa u\u010di\u0165 e\u0161te dnes &#8211; zvl\u00e1dnutie f\u00ednskej gramatiky v\u00e1m dod\u00e1 sebavedomie pri rozhovore a kontakte a z\u00e1rove\u0148 v\u00e1m otvor\u00ed dvere do bohatej f\u00ednskej kult\u00fary a trad\u00edci\u00ed!<\/p>\r\n\r\n                            <a class=\"getStartedHidden\" href=\"https:\/\/app.talkpal.ai\/sk\/signup?lng=\">Za\u010dni<\/a>\r\n        \r\n    <\/div>\r\n\r\n    <figure>\r\n    <img decoding=\"async\" width=\"768\" height=\"768\" src=\"https:\/\/talkpal.ai\/wp-content\/uploads\/2023\/06\/Finnish-768x768.png\" class=\"languageImage no-lazy\" alt=\"Develop your language aptitude learning\" fetchpriority=\"high\" sizes=\"(max-width: 768px) 150px, 768px\" srcset=\"https:\/\/talkpal.ai\/wp-content\/uploads\/2023\/06\/Finnish-768x768.png 768w, https:\/\/talkpal.ai\/wp-content\/uploads\/2023\/06\/Finnish-300x300.png 300w\" \/>\r\n    \r\n\r\n    <\/figure>\r\n\r\n            <a class=\"getStartedVisible\" href=\"https:\/\/app.talkpal.ai\/sk\/signup?lng=\">Za\u010dni<\/a>\r\n    \r\n<\/section>\r\n<section class=\"promotionalBanner\">\r\n    <p class=\"promotionalText\">Najefekt\u00edvnej\u0161\u00ed sp\u00f4sob, ako sa nau\u010di\u0165 jazyk<\/p>\r\n    <a class=\"promotionalLink\" href=\"https:\/\/app.talkpal.ai\/sk\/signup?lng=\">Vysk\u00fa\u0161ajte Talkpal zadarmo<\/a>\r\n<\/section>\n<div class=\"wp-block-group pageContainerStyle\"><div class=\"wp-block-group__inner-container is-layout-constrained wp-block-group-is-layout-constrained\">\n<h2 class=\"wp-block-heading\" id=\"h-finnish-grammar-a-guide-to-mastering-the-complexities-of-the-finnish-language\">F\u00ednska gramatika: Sprievodca zvl\u00e1dnut\u00edm zlo\u017eitosti f\u00ednskeho jazyka<\/h2>\n\n\n\n<p><a href=\"https:\/\/talkpal.ai\/learn-finnish\/\">F\u00edn\u010dina<\/a>, jedine\u010dn\u00fd a fascinuj\u00faci jazyk, ktor\u00fdm hovor\u00ed pribli\u017ene 5 mili\u00f3nov \u013eud\u00ed, je zn\u00e1my svojou zlo\u017eitos\u0165ou a v\u00fdrazn\u00fdm gramatick\u00fdm syst\u00e9mom. Na prv\u00fd poh\u013ead sa pravidl\u00e1 a \u0161trukt\u00fary vo f\u00ednskej gramatike m\u00f4\u017eu zda\u0165 sk\u013eu\u010duj\u00face, ale nebojte sa! S trpezlivos\u0165ou, praxou a veden\u00edm m\u00f4\u017eete odhali\u0165 tajomstv\u00e1 f\u00ednskej gramatiky a zlep\u0161i\u0165 svoje jazykov\u00e9 zru\u010dnosti. V tomto \u010dl\u00e1nku v\u00e1m poskytneme preh\u013ead f\u00ednskej gramatiky a podel\u00edme sa s vami o nieko\u013eko tipov, ktor\u00e9 v\u00e1m u\u013eah\u010dia u\u010denie.<\/p>\n\n\n\n<h3 class=\"wp-block-heading\" id=\"h-the-basics-of-finnish-grammar\">Z\u00e1klady f\u00ednskej gramatiky:<\/h3>\n\n\n\n<p><a href=\"https:\/\/talkpal.ai\/finnish-grammar\/\">F\u00ednska gramatika<\/a>, \u00faplne odli\u0161n\u00e1 od anglickej gramatiky, sa vyzna\u010duje bohat\u00fdm vyu\u017e\u00edvan\u00edm pr\u00edpadov, nedostatkom gramatick\u00e9ho rodu a jedine\u010dn\u00fdm syst\u00e9mom \u010dasovania slovies. Tu s\u00fa niektor\u00e9 z\u00e1kladn\u00e9 aspekty f\u00ednskej gramatiky, ktor\u00e9 by ste mali pozna\u0165:<\/p>\n\n\n\n<p>1. Pr\u00edpady podstatn\u00fdch mien: F\u00edn\u010dina m\u00e1 15 p\u00e1dov podstatn\u00fdch mien, ktor\u00e9 ozna\u010duj\u00fa vz\u0165ah medzi <strong>podstatn\u00fdm<\/strong> menom a in\u00fdmi zlo\u017ekami vety. Ka\u017ed\u00fd pr\u00edpad podstatn\u00e9ho mena m\u00e1 \u0161pecifick\u00fa koncovku, ktor\u00e1 sa prip\u00e1ja k kme\u0148u podstatn\u00e9ho mena. Nieko\u013eko pr\u00edkladov p\u00e1dov podstatn\u00fdch mien zah\u0155\u0148a nominat\u00edv, genit\u00edv, akuzat\u00edv a \u010diasto\u010dn\u00fd.<\/p>\n\n\n\n<p><strong>2. \u017diadny gramatick\u00fd rod:<\/strong> Na rozdiel od mnoh\u00fdch jazykov f\u00edn\u010dina neprira\u010fuje podstatn\u00fdm men\u00e1m rod. Namiesto toho sa v jazyku pou\u017e\u00edva jedno slovo &#8211; h\u00e4n &#8211; na ozna\u010denie &#8222;on&#8220; aj &#8222;ona&#8220;. T\u00e1to vlastnos\u0165 zjednodu\u0161uje proces u\u010denia sa f\u00edn\u010diny a eliminuje potrebu zapam\u00e4ta\u0165 si rodov\u00e9 \u010dleny alebo tvary z\u00e1men.<\/p>\n\n\n\n<p><strong>3. \u010casovanie slovies:<\/strong> F\u00ednske sloves\u00e1 s\u00fa \u010dasovan\u00e9 na z\u00e1klade \u010dasu, n\u00e1lady a hlasu. Vo f\u00edn\u010dine s\u00fa \u0161tyri slovesn\u00e9 \u010dasy: pr\u00edtomn\u00fd, minul\u00fd, dokonal\u00fd a pluperfect. Okrem toho maj\u00fa f\u00ednske sloves\u00e1 p\u00e4\u0165 n\u00e1lad: indikat\u00edvne, podmienen\u00e9, potenci\u00e1lne, imperat\u00edvne a event\u00edvne.<\/p>\n\n\n\n<p><strong>4. Harm\u00f3nia<\/strong> samohl\u00e1sok: Vo f\u00edn\u010dine s\u00fa samohl\u00e1sky rozdelen\u00e9 do troch skup\u00edn: predn\u00e9 (\u00e4, \u00f6, y), zadn\u00e9 (a, o, u) a neutr\u00e1lne (i, e). Kv\u00f4li harm\u00f3nii samohl\u00e1sok sa predn\u00e9 a zadn\u00e9 samohl\u00e1sky zvy\u010dajne nem\u00f4\u017eu objavi\u0165 v tom istom slove, s v\u00fdnimkou zlo\u017een\u00fdch slov a niektor\u00fdch prevzat\u00fdch slov.<\/p>\n\n\n\n<h3 class=\"wp-block-heading\" id=\"h-strategies-for-learning-finnish-grammar\">Strat\u00e9gie v\u00fdu\u010dby f\u00ednskej gramatiky:<\/h3>\n\n\n\n<p>Pochopenie f\u00ednskej gramatiky sa m\u00f4\u017ee zda\u0165 ohromuj\u00face, ale so spr\u00e1vnym myslen\u00edm a strat\u00e9giami u\u010denia ju zvl\u00e1dnete. Tu je nieko\u013eko u\u017eito\u010dn\u00fdch tipov, ktor\u00e9 v\u00e1m pom\u00f4\u017eu pri \u0161t\u00fadiu:<\/p>\n\n\n\n<p><strong>1. Urobte detsk\u00e9 kroky:<\/strong> Za\u010dnite so z\u00e1kladmi f\u00ednskej gramatiky, ako s\u00fa p\u00e1dy podstatn\u00fdch mien a \u010dasovanie slovies. Rozdelen\u00edm zlo\u017eit\u00fdch pravidiel na men\u0161ie, \u013eahko str\u00e1vite\u013en\u00e9 \u010dasti budete m\u00f4c\u0165 postupne napredova\u0165 a vybudova\u0165 si pevn\u00e9 z\u00e1klady.<\/p>\n\n\n\n<p><strong>2. Pravidelne cvi\u010dte:<\/strong> D\u00f4slednos\u0165 je k\u013e\u00fa\u010dov\u00e1 pri u\u010den\u00ed sa jazyka. Pride\u013ete \u010das ka\u017ed\u00fd de\u0148 alebo t\u00fd\u017ede\u0148 na <a href=\"https:\/\/talkpal.ai\/grammar\/\">precvi\u010dovanie gramatiky<\/a> prostredn\u00edctvom cvi\u010den\u00ed, \u010d\u00edtania a p\u00edsania vo f\u00edn\u010dine.<\/p>\n\n\n\n<p><strong>3. Pou\u017e\u00edvajte nat\u00edvne zdroje:<\/strong> Ak chcete lep\u0161ie porozumie\u0165 f\u00ednskej gramatike v kontexte, ponorte sa do p\u00f4vodn\u00fdch materi\u00e1lov, ako je literat\u00fara, spravodajsk\u00e9 \u010dl\u00e1nky a podcasty. To v\u00e1m pom\u00f4\u017ee internalizova\u0165 pravidl\u00e1 a zlep\u0161i\u0165 va\u0161e schopnosti po\u010d\u00favania a \u010d\u00edtania.<\/p>\n\n\n\n<p><strong>4. Spojte sa s roden\u00fdmi hovorcami:<\/strong> Zapojenie sa do konverz\u00e1cie s roden\u00fdmi f\u00ednskymi hovorcami je vynikaj\u00faci sp\u00f4sob, ako precvi\u010di\u0165 gramatiku a z\u00edska\u0165 cenn\u00fa sp\u00e4tn\u00fa v\u00e4zbu. Zv\u00e1\u017ete pripojenie sa k skupin\u00e1m na v\u00fdmenu jazykov alebo online f\u00f3ram, kde sa m\u00f4\u017eete spoji\u0165 s \u013eu\u010fmi hovoriacimi f\u00ednsky.<\/p>\n\n\n\n<p><strong>5. Bu\u010fte trpezliv\u00ed a vytrval\u00ed:<\/strong> S trpezlivos\u0165ou a odhodlan\u00edm v\u0161ak odhal\u00edte jej zlo\u017eitosti a stanete sa znalcami jazyka.<\/p>\n\n\n\n<h3 class=\"wp-block-heading\" id=\"h-conclusion\">Z\u00e1ver:<\/h3>\n\n\n\n<p>Svet f\u00ednskej gramatiky, aj ke\u010f je zlo\u017eit\u00fd, je zauj\u00edmav\u00fd, ktor\u00fd sa d\u00e1 rozl\u00fa\u0161ti\u0165 odhodlan\u00edm a praxou. Ak sa obozn\u00e1mite so z\u00e1kladn\u00fdmi prvkami f\u00ednskej gramatiky a budete sa riadi\u0165 na\u0161imi strat\u00e9giami u\u010denia, vydl\u00e1\u017edite si cestu k plynulosti a hlb\u0161iemu porozumeniu tohto podmaniv\u00e9ho jazyka. Ponorte sa teda do zlo\u017eitost\u00ed f\u00ednskej gramatiky s pozit\u00edvnym myslen\u00edm a sk\u00f4r, ako sa nazd\u00e1te, budete sa s istotou pohybova\u0165 v jazykovej krajine Suomi!<\/p>\n<\/div><\/div>\n\r\n<section class=\"learnNavigationSection\">\r\n            \r\n        <a href=\"https:\/\/talkpal.ai\/sk\/naucte-sa-finsky\/\">\r\n            <div class=\"learnNavigationWrapper\">\r\n                <div class=\"learnNavigationContent\">\r\n                    <img decoding=\"async\" src=\"https:\/\/talkpal.ai\/wp-content\/uploads\/2024\/08\/Finnish.jpg\" alt=\"Finnish Flag\">\r\n                    <div>\r\n                        <h4>O f\u00ednskom vzdel\u00e1van\u00ed<\/h4>\r\n                        <p>Zistite v\u0161etko o f\u00ednskej gramatike.<\/p>\r\n                    <\/div>\r\n                <\/div>\r\n            <\/div>\r\n        <\/a>\r\n\r\n        \r\n        <a href=\"https:\/\/talkpal.ai\/sk\/finske-gramaticke-cvicenia\/\">\r\n            <div class=\"learnNavigationWrapper\">\r\n                <div class=\"learnNavigationContent\">\r\n                    <img decoding=\"async\" src=\"https:\/\/talkpal.ai\/wp-content\/uploads\/2024\/08\/Finnish.jpg\" alt=\"Finnish Flag\">\r\n                    <div>\r\n                        <h4>Cvi\u010denie z f\u00ednskej gramatiky<\/h4>\r\n                        <p>Precvi\u010dte si f\u00ednsku gramatiku.<\/p>\r\n                    <\/div>\r\n                <\/div>\r\n            <\/div>\r\n        <\/a>\r\n\r\n        \r\n        <a href=\"https:\/\/talkpal.ai\/vocabulary_language\/finnish\/\">\r\n            <div class=\"learnNavigationWrapper\">\r\n                <div class=\"learnNavigationContent\">\r\n                    <img decoding=\"async\" src=\"https:\/\/talkpal.ai\/wp-content\/uploads\/2024\/08\/Finnish.jpg\" alt=\"Finnish Flag\">\r\n                    <div>\r\n                        <h4>F\u00ednska slovn\u00e1 z\u00e1soba<\/h4>\r\n                        <p>Roz\u0161\u00edrte si f\u00ednsku slovn\u00fa z\u00e1sobu.<\/p>\r\n                    <\/div>\r\n                <\/div>\r\n            <\/div>\r\n        <\/a>\r\n\r\n            <\/section>","protected":false},"excerpt":{"rendered":"<p>F\u00ednska gramatika: Sprievodca zvl\u00e1dnut\u00edm zlo\u017eitosti f\u00ednskeho jazyka F\u00edn\u010dina, jedine\u010dn\u00fd a fascinuj\u00faci jazyk, ktor\u00fdm hovor\u00ed pribli\u017ene 5 mili\u00f3nov \u013eud\u00ed, je zn\u00e1my svojou zlo\u017eitos\u0165ou a v\u00fdrazn\u00fdm gramatick\u00fdm syst\u00e9mom. Na prv\u00fd poh\u013ead sa pravidl\u00e1 a \u0161trukt\u00fary vo f\u00ednskej gramatike m\u00f4\u017eu zda\u0165 sk\u013eu\u010duj\u00face, ale nebojte sa! S trpezlivos\u0165ou, praxou a veden\u00edm m\u00f4\u017eete odhali\u0165 tajomstv\u00e1 f\u00ednskej gramatiky a zlep\u0161i\u0165 svoje [&hellip;]<\/p>\n","protected":false},"author":1,"featured_media":106624,"parent":0,"menu_order":0,"comment_status":"closed","ping_status":"closed","template":"LearningContentPage.php","meta":{"_acf_changed":false,"footnotes":""},"class_list":["post-129016","page","type-page","status-publish","has-post-thumbnail","hentry"],"acf":[],"yoast_head":"<!-- This site is optimized with the Yoast SEO Premium plugin v27.2 (Yoast SEO v27.2) - https:\/\/yoast.com\/product\/yoast-seo-premium-wordpress\/ -->\n<title>F\u00ednska gramatika - Talkpal<\/title>\n<meta name=\"description\" content=\"Nau\u010dte sa z\u00e1kladn\u00e9 aspekty f\u00ednskej gramatiky vr\u00e1tane p\u00e1dov, slovies, \u0161trukt\u00fary viet a tipov na v\u00fdslovnos\u0165, aby ste zvl\u00e1dli f\u00ednsky jazyk.\" \/>\n<meta name=\"robots\" content=\"index, follow, max-snippet:-1, max-image-preview:large, max-video-preview:-1\" \/>\n<link rel=\"canonical\" href=\"https:\/\/talkpal.ai\/sk\/finska-gramatika\/\" \/>\n<meta property=\"og:locale\" content=\"sk_SK\" \/>\n<meta property=\"og:type\" content=\"article\" \/>\n<meta property=\"og:title\" content=\"F\u00ednska gramatika\" \/>\n<meta property=\"og:description\" content=\"F\u00ednska gramatika: Sprievodca zvl\u00e1dnut\u00edm zlo\u017eitosti f\u00ednskeho jazyka F\u00edn\u010dina, jedine\u010dn\u00fd a fascinuj\u00faci jazyk, ktor\u00fdm hovor\u00ed pribli\u017ene 5 mili\u00f3nov \u013eud\u00ed, je\" \/>\n<meta property=\"og:url\" content=\"https:\/\/talkpal.ai\/sk\/finska-gramatika\/\" \/>\n<meta property=\"og:site_name\" content=\"Talkpal\" \/>\n<meta property=\"article:publisher\" content=\"https:\/\/www.facebook.com\/profile.php?id=100090733639311\" \/>\n<meta property=\"article:modified_time\" content=\"2025-12-11T17:05:31+00:00\" \/>\n<meta property=\"og:image\" content=\"https:\/\/talkpal.ai\/wp-content\/uploads\/2023\/04\/finland.png\" \/>\n\t<meta property=\"og:image:width\" content=\"512\" \/>\n\t<meta property=\"og:image:height\" content=\"512\" \/>\n\t<meta property=\"og:image:type\" content=\"image\/png\" \/>\n<meta name=\"twitter:card\" content=\"summary_large_image\" \/>\n<meta name=\"twitter:site\" content=\"@talkpalai\" \/>\n<meta name=\"twitter:label1\" content=\"Predpokladan\u00fd \u010das \u010d\u00edtania\" \/>\n\t<meta name=\"twitter:data1\" content=\"4 min\u00faty\" \/>\n<script type=\"application\/ld+json\" class=\"yoast-schema-graph\">{\"@context\":\"https:\/\/schema.org\",\"@graph\":[{\"@type\":\"WebPage\",\"@id\":\"https:\/\/talkpal.ai\/sk\/finska-gramatika\/\",\"url\":\"https:\/\/talkpal.ai\/sk\/finska-gramatika\/\",\"name\":\"F\u00ednska gramatika - Talkpal\",\"isPartOf\":{\"@id\":\"https:\/\/talkpal.ai\/sk\/#website\"},\"primaryImageOfPage\":{\"@id\":\"https:\/\/talkpal.ai\/sk\/finska-gramatika\/#primaryimage\"},\"image\":{\"@id\":\"https:\/\/talkpal.ai\/sk\/finska-gramatika\/#primaryimage\"},\"thumbnailUrl\":\"https:\/\/talkpal.ai\/wp-content\/uploads\/2023\/04\/finland.png\",\"datePublished\":\"2023-05-14T13:50:21+00:00\",\"dateModified\":\"2025-12-11T17:05:31+00:00\",\"description\":\"Nau\u010dte sa z\u00e1kladn\u00e9 aspekty f\u00ednskej gramatiky vr\u00e1tane p\u00e1dov, slovies, \u0161trukt\u00fary viet a tipov na v\u00fdslovnos\u0165, aby ste zvl\u00e1dli f\u00ednsky jazyk.\",\"breadcrumb\":{\"@id\":\"https:\/\/talkpal.ai\/sk\/finska-gramatika\/#breadcrumb\"},\"inLanguage\":\"sk-SK\",\"potentialAction\":[{\"@type\":\"ReadAction\",\"target\":[\"https:\/\/talkpal.ai\/sk\/finska-gramatika\/\"]}]},{\"@type\":\"ImageObject\",\"inLanguage\":\"sk-SK\",\"@id\":\"https:\/\/talkpal.ai\/sk\/finska-gramatika\/#primaryimage\",\"url\":\"https:\/\/talkpal.ai\/wp-content\/uploads\/2023\/04\/finland.png\",\"contentUrl\":\"https:\/\/talkpal.ai\/wp-content\/uploads\/2023\/04\/finland.png\",\"width\":512,\"height\":512,\"caption\":\"TalkPal finland Flag\"},{\"@type\":\"BreadcrumbList\",\"@id\":\"https:\/\/talkpal.ai\/sk\/finska-gramatika\/#breadcrumb\",\"itemListElement\":[{\"@type\":\"ListItem\",\"position\":1,\"name\":\"Homepage\",\"item\":\"https:\/\/talkpal.ai\/sk\/\"},{\"@type\":\"ListItem\",\"position\":2,\"name\":\"F\u00ednska gramatika\"}]},{\"@type\":\"WebSite\",\"@id\":\"https:\/\/talkpal.ai\/sk\/#website\",\"url\":\"https:\/\/talkpal.ai\/sk\/\",\"name\":\"Talkpal\",\"description\":\"AI Language Learning\",\"publisher\":{\"@id\":\"https:\/\/talkpal.ai\/sk\/#organization\"},\"alternateName\":\"Talkpal AI\",\"potentialAction\":[{\"@type\":\"SearchAction\",\"target\":{\"@type\":\"EntryPoint\",\"urlTemplate\":\"https:\/\/talkpal.ai\/sk\/?s={search_term_string}\"},\"query-input\":{\"@type\":\"PropertyValueSpecification\",\"valueRequired\":true,\"valueName\":\"search_term_string\"}}],\"inLanguage\":\"sk-SK\"},{\"@type\":\"Organization\",\"@id\":\"https:\/\/talkpal.ai\/sk\/#organization\",\"name\":\"Talkpal, Inc.\",\"alternateName\":\"Talkpal AI\",\"url\":\"https:\/\/talkpal.ai\/sk\/\",\"logo\":{\"@type\":\"ImageObject\",\"inLanguage\":\"sk-SK\",\"@id\":\"https:\/\/talkpal.ai\/sk\/#\/schema\/logo\/image\/\",\"url\":\"https:\/\/talkpal.ai\/wp-content\/uploads\/2024\/03\/Talkpal-Logo-Icon.png\",\"contentUrl\":\"https:\/\/talkpal.ai\/wp-content\/uploads\/2024\/03\/Talkpal-Logo-Icon.png\",\"width\":2880,\"height\":2880,\"caption\":\"Talkpal, Inc.\"},\"image\":{\"@id\":\"https:\/\/talkpal.ai\/sk\/#\/schema\/logo\/image\/\"},\"sameAs\":[\"https:\/\/www.facebook.com\/profile.php?id=100090733639311\",\"https:\/\/x.com\/talkpalai\",\"https:\/\/www.linkedin.com\/company\/talkpal\/\",\"https:\/\/www.youtube.com\/@TalkPal\/\",\"https:\/\/www.tiktok.com\/@talkpal\",\"https:\/\/www.instagram.com\/talkpal_ai\/\",\"https:\/\/www.crunchbase.com\/organization\/talkpal-9cde\",\"https:\/\/www.g2.com\/products\/talkpal-for-business\/\",\"https:\/\/www.trustpilot.com\/review\/talkpal.ai\",\"https:\/\/www.capterra.com\/p\/10006800\/TalkPal\/\"],\"description\":\"Talkpal is a language learning web and mobile education app, powered by the latest AI technologies, that provides engaging experiences to its customers in many different languages to help them improve their language skills. Users can chat about unlimited amount of topics with the app and use other modes to practice their language learning.\",\"email\":\"support@talkpal.ai\",\"legalName\":\"Talkpal, Inc.\",\"foundingDate\":\"2023-04-03\",\"duns\":\"118989042\",\"numberOfEmployees\":{\"@type\":\"QuantitativeValue\",\"minValue\":\"11\",\"maxValue\":\"50\"},\"publishingPrinciples\":\"https:\/\/talkpal.ai\/publishing-principles\/\",\"actionableFeedbackPolicy\":\"https:\/\/talkpal.ai\/actionable-feedback-policy\/\",\"correctionsPolicy\":\"https:\/\/talkpal.ai\/corrections-policy\/\",\"ethicsPolicy\":\"https:\/\/talkpal.ai\/ethics-policy\/\",\"diversityPolicy\":\"https:\/\/talkpal.ai\/diversity-policy\/\",\"diversityStaffingReport\":\"https:\/\/talkpal.ai\/diversity-policy\/\"}]}<\/script>\n<!-- \/ Yoast SEO Premium plugin. -->","yoast_head_json":{"title":"F\u00ednska gramatika - Talkpal","description":"Nau\u010dte sa z\u00e1kladn\u00e9 aspekty f\u00ednskej gramatiky vr\u00e1tane p\u00e1dov, slovies, \u0161trukt\u00fary viet a tipov na v\u00fdslovnos\u0165, aby ste zvl\u00e1dli f\u00ednsky jazyk.","robots":{"index":"index","follow":"follow","max-snippet":"max-snippet:-1","max-image-preview":"max-image-preview:large","max-video-preview":"max-video-preview:-1"},"canonical":"https:\/\/talkpal.ai\/sk\/finska-gramatika\/","og_locale":"sk_SK","og_type":"article","og_title":"F\u00ednska gramatika","og_description":"F\u00ednska gramatika: Sprievodca zvl\u00e1dnut\u00edm zlo\u017eitosti f\u00ednskeho jazyka F\u00edn\u010dina, jedine\u010dn\u00fd a fascinuj\u00faci jazyk, ktor\u00fdm hovor\u00ed pribli\u017ene 5 mili\u00f3nov \u013eud\u00ed, je","og_url":"https:\/\/talkpal.ai\/sk\/finska-gramatika\/","og_site_name":"Talkpal","article_publisher":"https:\/\/www.facebook.com\/profile.php?id=100090733639311","article_modified_time":"2025-12-11T17:05:31+00:00","og_image":[{"width":512,"height":512,"url":"https:\/\/talkpal.ai\/wp-content\/uploads\/2023\/04\/finland.png","type":"image\/png"}],"twitter_card":"summary_large_image","twitter_site":"@talkpalai","twitter_misc":{"Predpokladan\u00fd \u010das \u010d\u00edtania":"4 min\u00faty"},"schema":{"@context":"https:\/\/schema.org","@graph":[{"@type":"WebPage","@id":"https:\/\/talkpal.ai\/sk\/finska-gramatika\/","url":"https:\/\/talkpal.ai\/sk\/finska-gramatika\/","name":"F\u00ednska gramatika - Talkpal","isPartOf":{"@id":"https:\/\/talkpal.ai\/sk\/#website"},"primaryImageOfPage":{"@id":"https:\/\/talkpal.ai\/sk\/finska-gramatika\/#primaryimage"},"image":{"@id":"https:\/\/talkpal.ai\/sk\/finska-gramatika\/#primaryimage"},"thumbnailUrl":"https:\/\/talkpal.ai\/wp-content\/uploads\/2023\/04\/finland.png","datePublished":"2023-05-14T13:50:21+00:00","dateModified":"2025-12-11T17:05:31+00:00","description":"Nau\u010dte sa z\u00e1kladn\u00e9 aspekty f\u00ednskej gramatiky vr\u00e1tane p\u00e1dov, slovies, \u0161trukt\u00fary viet a tipov na v\u00fdslovnos\u0165, aby ste zvl\u00e1dli f\u00ednsky jazyk.","breadcrumb":{"@id":"https:\/\/talkpal.ai\/sk\/finska-gramatika\/#breadcrumb"},"inLanguage":"sk-SK","potentialAction":[{"@type":"ReadAction","target":["https:\/\/talkpal.ai\/sk\/finska-gramatika\/"]}]},{"@type":"ImageObject","inLanguage":"sk-SK","@id":"https:\/\/talkpal.ai\/sk\/finska-gramatika\/#primaryimage","url":"https:\/\/talkpal.ai\/wp-content\/uploads\/2023\/04\/finland.png","contentUrl":"https:\/\/talkpal.ai\/wp-content\/uploads\/2023\/04\/finland.png","width":512,"height":512,"caption":"TalkPal finland Flag"},{"@type":"BreadcrumbList","@id":"https:\/\/talkpal.ai\/sk\/finska-gramatika\/#breadcrumb","itemListElement":[{"@type":"ListItem","position":1,"name":"Homepage","item":"https:\/\/talkpal.ai\/sk\/"},{"@type":"ListItem","position":2,"name":"F\u00ednska gramatika"}]},{"@type":"WebSite","@id":"https:\/\/talkpal.ai\/sk\/#website","url":"https:\/\/talkpal.ai\/sk\/","name":"Talkpal","description":"AI Language Learning","publisher":{"@id":"https:\/\/talkpal.ai\/sk\/#organization"},"alternateName":"Talkpal AI","potentialAction":[{"@type":"SearchAction","target":{"@type":"EntryPoint","urlTemplate":"https:\/\/talkpal.ai\/sk\/?s={search_term_string}"},"query-input":{"@type":"PropertyValueSpecification","valueRequired":true,"valueName":"search_term_string"}}],"inLanguage":"sk-SK"},{"@type":"Organization","@id":"https:\/\/talkpal.ai\/sk\/#organization","name":"Talkpal, Inc.","alternateName":"Talkpal AI","url":"https:\/\/talkpal.ai\/sk\/","logo":{"@type":"ImageObject","inLanguage":"sk-SK","@id":"https:\/\/talkpal.ai\/sk\/#\/schema\/logo\/image\/","url":"https:\/\/talkpal.ai\/wp-content\/uploads\/2024\/03\/Talkpal-Logo-Icon.png","contentUrl":"https:\/\/talkpal.ai\/wp-content\/uploads\/2024\/03\/Talkpal-Logo-Icon.png","width":2880,"height":2880,"caption":"Talkpal, Inc."},"image":{"@id":"https:\/\/talkpal.ai\/sk\/#\/schema\/logo\/image\/"},"sameAs":["https:\/\/www.facebook.com\/profile.php?id=100090733639311","https:\/\/x.com\/talkpalai","https:\/\/www.linkedin.com\/company\/talkpal\/","https:\/\/www.youtube.com\/@TalkPal\/","https:\/\/www.tiktok.com\/@talkpal","https:\/\/www.instagram.com\/talkpal_ai\/","https:\/\/www.crunchbase.com\/organization\/talkpal-9cde","https:\/\/www.g2.com\/products\/talkpal-for-business\/","https:\/\/www.trustpilot.com\/review\/talkpal.ai","https:\/\/www.capterra.com\/p\/10006800\/TalkPal\/"],"description":"Talkpal is a language learning web and mobile education app, powered by the latest AI technologies, that provides engaging experiences to its customers in many different languages to help them improve their language skills. Users can chat about unlimited amount of topics with the app and use other modes to practice their language learning.","email":"support@talkpal.ai","legalName":"Talkpal, Inc.","foundingDate":"2023-04-03","duns":"118989042","numberOfEmployees":{"@type":"QuantitativeValue","minValue":"11","maxValue":"50"},"publishingPrinciples":"https:\/\/talkpal.ai\/publishing-principles\/","actionableFeedbackPolicy":"https:\/\/talkpal.ai\/actionable-feedback-policy\/","correctionsPolicy":"https:\/\/talkpal.ai\/corrections-policy\/","ethicsPolicy":"https:\/\/talkpal.ai\/ethics-policy\/","diversityPolicy":"https:\/\/talkpal.ai\/diversity-policy\/","diversityStaffingReport":"https:\/\/talkpal.ai\/diversity-policy\/"}]}},"_links":{"self":[{"href":"https:\/\/talkpal.ai\/sk\/wp-json\/wp\/v2\/pages\/129016","targetHints":{"allow":["GET"]}}],"collection":[{"href":"https:\/\/talkpal.ai\/sk\/wp-json\/wp\/v2\/pages"}],"about":[{"href":"https:\/\/talkpal.ai\/sk\/wp-json\/wp\/v2\/types\/page"}],"author":[{"embeddable":true,"href":"https:\/\/talkpal.ai\/sk\/wp-json\/wp\/v2\/users\/1"}],"replies":[{"embeddable":true,"href":"https:\/\/talkpal.ai\/sk\/wp-json\/wp\/v2\/comments?post=129016"}],"version-history":[{"count":0,"href":"https:\/\/talkpal.ai\/sk\/wp-json\/wp\/v2\/pages\/129016\/revisions"}],"wp:featuredmedia":[{"embeddable":true,"href":"https:\/\/talkpal.ai\/sk\/wp-json\/wp\/v2\/media\/106624"}],"wp:attachment":[{"href":"https:\/\/talkpal.ai\/sk\/wp-json\/wp\/v2\/media?parent=129016"}],"curies":[{"name":"wp","href":"https:\/\/api.w.org\/{rel}","templated":true}]}}