{"id":128686,"date":"2023-05-14T13:49:38","date_gmt":"2023-05-14T13:49:38","guid":{"rendered":"http:\/\/talkpal.ai\/holandska-gramatika\/"},"modified":"2025-12-11T17:02:54","modified_gmt":"2025-12-11T17:02:54","slug":"holandska-gramatika","status":"publish","type":"page","link":"https:\/\/talkpal.ai\/sk\/holandska-gramatika\/","title":{"rendered":"Holandsk\u00e1 gramatika"},"content":{"rendered":"\r\n\r\n\r\n<section class=\"languageChallengeSection\">\r\n    <div class=\"languageInfoWrapper\">\r\n        \r\n        <h1>Holandsk\u00e1 gramatika<\/h1>\r\n        <p>Presk\u00famajte z\u00e1klady holandsk\u00e9ho jazyka a nau\u010dte sa jeho z\u00e1kladn\u00e9 gramatick\u00e9 pravidl\u00e1. Zvl\u00e1dnutie holandskej gramatiky v\u00e1m pom\u00f4\u017ee efekt\u00edvne komunikova\u0165 a z\u00edska\u0165 hlb\u0161\u00ed preh\u013ead o holandskej kult\u00fare. Za\u010dnite sa u\u010di\u0165 holandsk\u00fa gramatiku e\u0161te dnes a urobte prv\u00fd krok k plynulosti!\n<\/p>\r\n\r\n                            <a class=\"getStartedHidden\" href=\"https:\/\/app.talkpal.ai\/sk\/signup?lng=\">Za\u010dni<\/a>\r\n        \r\n    <\/div>\r\n\r\n    <figure>\r\n    <img decoding=\"async\" width=\"768\" height=\"768\" src=\"https:\/\/talkpal.ai\/wp-content\/uploads\/2023\/06\/Dutch-768x768.png\" class=\"languageImage no-lazy\" alt=\"Developing skills through language learning\" fetchpriority=\"high\" sizes=\"(max-width: 768px) 150px, 768px\" srcset=\"https:\/\/talkpal.ai\/wp-content\/uploads\/2023\/06\/Dutch-768x768.png 768w, https:\/\/talkpal.ai\/wp-content\/uploads\/2023\/06\/Dutch-300x300.png 300w\" \/>\r\n    \r\n\r\n    <\/figure>\r\n\r\n            <a class=\"getStartedVisible\" href=\"https:\/\/app.talkpal.ai\/sk\/signup?lng=\">Za\u010dni<\/a>\r\n    \r\n<\/section>\r\n<section class=\"promotionalBanner\">\r\n    <p class=\"promotionalText\">Najefekt\u00edvnej\u0161\u00ed sp\u00f4sob, ako sa nau\u010di\u0165 jazyk<\/p>\r\n    <a class=\"promotionalLink\" href=\"https:\/\/app.talkpal.ai\/sk\/signup?lng=\">Vysk\u00fa\u0161ajte Talkpal zadarmo<\/a>\r\n<\/section>\n<div class=\"wp-block-group pageContainerStyle\"><div class=\"wp-block-group__inner-container is-layout-constrained wp-block-group-is-layout-constrained\">\n<h2 class=\"wp-block-heading\" id=\"h-dutch-grammar-master-the-mechanics-of-the-dutch-language\">Holandsk\u00e1 gramatika: Zvl\u00e1dnite mechaniku holandsk\u00e9ho jazyka<\/h2>\n\n\n\n<p>Ak ste sa rozhodli nau\u010di\u0165 sa holandsky, \u010dak\u00e1 v\u00e1s vzru\u0161uj\u00faca jazda! S viac ako 23 mili\u00f3nmi hovoriacich po celom svete je <a href=\"https:\/\/talkpal.ai\/learn-dutch\/\">holand\u010dina<\/a> fantastick\u00fdm jazykom, ktor\u00fd posiln\u00ed va\u0161u jazykov\u00fa zdatnos\u0165 a roz\u0161\u00edri va\u0161e obzory. Teraz ste mo\u017eno po\u010duli \u0161epot o zlo\u017eitosti holandskej gramatiky, ale nebojte sa! Tento \u010dl\u00e1nok sl\u00fa\u017ei ako priate\u013esk\u00fd sprievodca pre za\u010diato\u010dn\u00edkov, ktor\u00fd z\u00e1bavn\u00fdm a z\u00e1rove\u0148 komplexn\u00fdm sp\u00f4sobom vysvetl\u00ed holandsk\u00fa gramatiku.<\/p>\n\n\n\n<h3 class=\"wp-block-heading\" id=\"h-1-the-pillar-of-dutch-grammar-word-order\">1. Pilier holandskej gramatiky: slovosled<\/h3>\n\n\n\n<p><a href=\"https:\/\/talkpal.ai\/dutch-grammar\/\">Holandsk\u00e1 gramatika<\/a> sa vo ve\u013ekej miere spolieha na slovosled. Vo v\u0161eobecnosti sa pou\u017e\u00edva \u0161trukt\u00fara &#8222;subjekt &#8211; sloveso &#8211; objekt&#8220; podobne ako v angli\u010dtine. <a href=\"https:\/\/talkpal.ai\/learn-dutch\/\">Holand\u010dina<\/a> m\u00e1 v\u0161ak jedine\u010dn\u00fa vlastnos\u0165: slovosled slovies druh\u00fd (V2). Vo vete s viac ako jedn\u00fdm slovesom sa druh\u00e9 sloveso tla\u010d\u00ed na koniec. Napr\u00edklad:<\/p>\n\n\n\n<p><a href=\"https:\/\/talkpal.ai\/learn-english-with-ai\/\">Angli\u010dtina<\/a>: Dnes mus\u00edm pracova\u0165.<\/p>\n\n\n\n<p>Holand\u010dina: Ik moet vandaag werken. (doslova: &#8222;Dnes mus\u00edm pracova\u0165.&#8220;)<\/p>\n\n\n\n<p>Zvl\u00e1dnutie slovosledu slov V2 je nevyhnutn\u00e9 pri v\u00fdu\u010dbe holandskej gramatiky.<\/p>\n\n\n\n<h3 class=\"wp-block-heading\" id=\"h-2-get-to-know-your-articles\">2. Spoznajte svoje \u010dl\u00e1nky<\/h3>\n\n\n\n<p>Holand\u010dina m\u00e1 dva ur\u010dit\u00e9 \u010dleny (&#8222;de&#8220; a &#8222;het&#8220;) a neur\u010dit\u00fd \u010dl\u00e1nok (&#8222;een&#8220;). V\u00fdber medzi dvoma definit\u00edvnymi \u010dl\u00e1nkami m\u00f4\u017ee by\u0165 zlo\u017eit\u00fd, bez jednozna\u010dn\u00e9ho pravidla, ktor\u00e9 by sa malo dodr\u017eiava\u0165. Ako za\u010diato\u010dn\u00edk je najlep\u0161\u00ed sp\u00f4sob, ako sa ich nau\u010di\u0165, prostredn\u00edctvom praxe a kontextu. Napr\u00edklad:<\/p>\n\n\n\n<p>De man &#8211; Mu\u017e<\/p>\n\n\n\n<p>Het meisje &#8211; Diev\u010da<\/p>\n\n\n\n<p>Een hond &#8211; Pes<\/p>\n\n\n\n<h3 class=\"wp-block-heading\" id=\"h-3-the-dance-of-dutch-conjugations\">3. Tanec holandsk\u00fdch konjug\u00e1ci\u00ed<\/h3>\n\n\n\n<p>Rovnako ako <a href=\"https:\/\/talkpal.ai\/learn-english-with-ai\/\">angli\u010dtina<\/a>, holandsk\u00e9 sloves\u00e1 menia formu, aby vyjadrili \u010das a n\u00e1ladu. V holand\u010dine existuj\u00fa tri z\u00e1kladn\u00e9 skupiny \u010dasovania slovies: slab\u00e9 sloves\u00e1, siln\u00e9 sloves\u00e1 a nepravideln\u00e9 sloves\u00e1.<\/p>\n\n\n\n<p>Slabi\u010dn\u00e9 sloves\u00e1 sa \u010dasuj\u00fa pod\u013ea stanoven\u00fdch pravidiel, tak\u017ee ich osvojenie je pomerne jednoduch\u00e9.  <\/p>\n\n\n\n<p>Pr\u00edklad (pr\u00edtomn\u00fd \u010das): Ik werk, jij werkt, hij\/zij\/u werkt, wij\/jullie\/zij werken<\/p>\n\n\n\n<p>Siln\u00e9 sloves\u00e1 zah\u0155\u0148aj\u00fa zmeny samohl\u00e1sok, \u010do \u010dasto vedie \u0161tudentov k tomu, aby si ich zapam\u00e4tali individu\u00e1lne.<\/p>\n\n\n\n<p>Pr\u00edklad (pr\u00edtomn\u00fd \u010das): Ik zing, jij zingt, hij\/zij\/u zingt, wij\/jullie\/zij zingen<\/p>\n\n\n\n<p>Nepravideln\u00e9 sloves\u00e1, ako u\u017e ich n\u00e1zov napoved\u00e1, sa neriadia \u017eiadnym ust\u00e1len\u00fdm vzorom pre \u010dasovanie a musia sa u\u010di\u0165 samostatne.<\/p>\n\n\n\n<p>Pr\u00edklad (pr\u00edtomn\u00fd \u010das): Ik ben, jij bent, hij\/zij\/u is, wij\/jullie\/zij zijn<\/p>\n\n\n\n<h3 class=\"wp-block-heading\" id=\"h-4-a-flair-for-pronouns\">4. Cit pre z\u00e1men\u00e1<\/h3>\n\n\n\n<p>Z\u00e1men\u00e1 v holandskej gramatike nahr\u00e1dzaj\u00fa podstatn\u00e9 men\u00e1 a s\u00fa nevyhnutn\u00e9 na to, aby bola va\u0161a re\u010d dynamickej\u0161ia a plynulej\u0161ia. Existuj\u00fa <a href=\"https:\/\/talkpal.ai\/sk\/grammar\/pronomi-personali-v-talianskej-gramatike\/\">osobn\u00e9 z\u00e1men\u00e1<\/a>, privlast\u0148ovacie z\u00e1men\u00e1, demon\u0161trat\u00edvne z\u00e1men\u00e1 a reflex\u00edvne z\u00e1men\u00e1. Pre za\u010diato\u010dn\u00edka je rozhoduj\u00face porozumie\u0165 osobn\u00fdm a majetn\u00edckym z\u00e1men\u00e1m.<\/p>\n\n\n\n<p><a href=\"https:\/\/talkpal.ai\/sk\/grammar\/pronomi-personali-v-talianskej-gramatike\/\">Osobn\u00e9 z\u00e1men\u00e1<\/a>: ik (I), jij\/je (ty), hij\/zij\/ze (on\/ona), wij\/my (my), jullie (vy v\u0161etci), zij\/ze (oni)<\/p>\n\n\n\n<p>Privlast\u0148ovacie z\u00e1men\u00e1: mijn (m\u00f4j), jouw\/je (tvoj), zijn\/haar (jeho\/ona), ons\/onze (n\u00e1\u0161), jullie (tvoj), hun\/hen (ich)<\/p>\n\n\n\n<h3 class=\"wp-block-heading\" id=\"h-5-cases-no-more-mostly\">5. Pr\u00edpady u\u017e nie (v\u00e4\u010d\u0161inou)<\/h3>\n\n\n\n<p>Na rozdiel od nem\u010diny u\u017e holand\u010dina nepou\u017e\u00edva syst\u00e9m pr\u00edpadov v ka\u017edodennom \u017eivote, \u010do poskytuje ur\u010dit\u00fa \u00fa\u013eavu od jazykov\u00fdch prek\u00e1\u017eok. Jedinou v\u00fdnimkou s\u00fa holandsk\u00e9 varianty slovies \u201ekto\u201c a \u201ekto\u201c (wie a wie) a nieko\u013eko ust\u00e1len\u00fdch v\u00fdrazov (napr\u00edklad te <a href=\"https:\/\/talkpal.ai\/locations\/learn-english-in-allen\/\">allen<\/a> tijde, \u010do znamen\u00e1 \u201ev\u017edy\u201c).  <\/p>\n\n\n\n<p>Gratulujem! Urobili ste prv\u00e9 kroky k zvl\u00e1dnutiu holandskej gramatiky. Nezabudnite, \u017ee k\u013e\u00fa\u010dom k \u00faspechu je prax, preto sa nev\u00e1hajte zah\u013abi\u0165, komunikova\u0165 s roden\u00fdmi hovorcami a budova\u0165 si pevn\u00e9 z\u00e1klady. Veel uspeje! (Ve\u013ea \u0161\u0165astia!)<\/p>\n<\/div><\/div>\n\r\n<section class=\"learnNavigationSection\">\r\n            \r\n        <a href=\"https:\/\/talkpal.ai\/sk\/naucte-sa-holandsky\/\">\r\n            <div class=\"learnNavigationWrapper\">\r\n                <div class=\"learnNavigationContent\">\r\n                    <img decoding=\"async\" src=\"https:\/\/talkpal.ai\/wp-content\/uploads\/2024\/08\/Dutch.jpg\" alt=\"Netherlands Flag\">\r\n                    <div>\r\n                        <h4>O holandskom vzdel\u00e1van\u00ed<\/h4>\r\n                        <p>Zistite v\u0161etko o holandskej gramatike.<\/p>\r\n                    <\/div>\r\n                <\/div>\r\n            <\/div>\r\n        <\/a>\r\n\r\n        \r\n        <a href=\"https:\/\/talkpal.ai\/sk\/holandske-gramaticke-cvicenia\/\">\r\n            <div class=\"learnNavigationWrapper\">\r\n                <div class=\"learnNavigationContent\">\r\n                    <img decoding=\"async\" src=\"https:\/\/talkpal.ai\/wp-content\/uploads\/2024\/08\/Dutch.jpg\" alt=\"Netherlands Flag\">\r\n                    <div>\r\n                        <h4>Cvi\u010denie z holandskej gramatiky<\/h4>\r\n                        <p>Precvi\u010dte si holandsk\u00fa gramatiku.<\/p>\r\n                    <\/div>\r\n                <\/div>\r\n            <\/div>\r\n        <\/a>\r\n\r\n        \r\n        <a href=\"https:\/\/talkpal.ai\/vocabulary_language\/dutch\/\">\r\n            <div class=\"learnNavigationWrapper\">\r\n                <div class=\"learnNavigationContent\">\r\n                    <img decoding=\"async\" src=\"https:\/\/talkpal.ai\/wp-content\/uploads\/2024\/08\/Dutch.jpg\" alt=\"Netherlands Flag\">\r\n                    <div>\r\n                        <h4>Holandsk\u00e1 slovn\u00e1 z\u00e1soba<\/h4>\r\n                        <p>Roz\u0161\u00edrte si slovn\u00fa z\u00e1sobu holand\u010diny.<\/p>\r\n                    <\/div>\r\n                <\/div>\r\n            <\/div>\r\n        <\/a>\r\n\r\n            <\/section>","protected":false},"excerpt":{"rendered":"<p>Holandsk\u00e1 gramatika: Zvl\u00e1dnite mechaniku holandsk\u00e9ho jazyka Ak ste sa rozhodli nau\u010di\u0165 sa holandsky, \u010dak\u00e1 v\u00e1s vzru\u0161uj\u00faca jazda! S viac ako 23 mili\u00f3nmi hovoriacich po celom svete je holand\u010dina fantastick\u00fdm jazykom, ktor\u00fd posiln\u00ed va\u0161u jazykov\u00fa zdatnos\u0165 a roz\u0161\u00edri va\u0161e obzory. Teraz ste mo\u017eno po\u010duli \u0161epot o zlo\u017eitosti holandskej gramatiky, ale nebojte sa! Tento \u010dl\u00e1nok sl\u00fa\u017ei ako [&hellip;]<\/p>\n","protected":false},"author":1,"featured_media":106307,"parent":0,"menu_order":0,"comment_status":"closed","ping_status":"closed","template":"LearningContentPage.php","meta":{"_acf_changed":false,"footnotes":""},"class_list":["post-128686","page","type-page","status-publish","has-post-thumbnail","hentry"],"acf":[],"yoast_head":"<!-- This site is optimized with the Yoast SEO Premium plugin v27.2 (Yoast SEO v27.2) - https:\/\/yoast.com\/product\/yoast-seo-premium-wordpress\/ -->\n<title>Holandsk\u00e1 gramatika - Talkpal<\/title>\n<meta name=\"description\" content=\"Ovl\u00e1dajte holandsk\u00fa gramatiku s Talkpal, v\u00e1\u0161 jazykov\u00fd t\u00fator s umelou inteligenciou. Z\u00edskajte pr\u00edstup k jasn\u00fdm vysvetleniam, praktick\u00fdm pr\u00edkladom a interakt\u00edvnym cvi\u010deniam!\" \/>\n<meta name=\"robots\" content=\"index, follow, max-snippet:-1, max-image-preview:large, max-video-preview:-1\" \/>\n<link rel=\"canonical\" href=\"https:\/\/talkpal.ai\/sk\/holandska-gramatika\/\" \/>\n<meta property=\"og:locale\" content=\"sk_SK\" \/>\n<meta property=\"og:type\" content=\"article\" \/>\n<meta property=\"og:title\" content=\"Holandsk\u00e1 gramatika\" \/>\n<meta property=\"og:description\" content=\"Holandsk\u00e1 gramatika: Zvl\u00e1dnite mechaniku holandsk\u00e9ho jazyka Ak ste sa rozhodli nau\u010di\u0165 sa holandsky, \u010dak\u00e1 v\u00e1s vzru\u0161uj\u00faca jazda! S viac ako 23 mili\u00f3nmi\" \/>\n<meta property=\"og:url\" content=\"https:\/\/talkpal.ai\/sk\/holandska-gramatika\/\" \/>\n<meta property=\"og:site_name\" content=\"Talkpal\" \/>\n<meta property=\"article:publisher\" content=\"https:\/\/www.facebook.com\/profile.php?id=100090733639311\" \/>\n<meta property=\"article:modified_time\" content=\"2025-12-11T17:02:54+00:00\" \/>\n<meta property=\"og:image\" content=\"https:\/\/talkpal.ai\/wp-content\/uploads\/2023\/04\/netherlands-dutch.png\" \/>\n\t<meta property=\"og:image:width\" content=\"512\" \/>\n\t<meta property=\"og:image:height\" content=\"512\" \/>\n\t<meta property=\"og:image:type\" content=\"image\/png\" \/>\n<meta name=\"twitter:card\" content=\"summary_large_image\" \/>\n<meta name=\"twitter:site\" content=\"@talkpalai\" \/>\n<meta name=\"twitter:label1\" content=\"Predpokladan\u00fd \u010das \u010d\u00edtania\" \/>\n\t<meta name=\"twitter:data1\" content=\"3 min\u00faty\" \/>\n<script type=\"application\/ld+json\" class=\"yoast-schema-graph\">{\"@context\":\"https:\/\/schema.org\",\"@graph\":[{\"@type\":\"WebPage\",\"@id\":\"https:\/\/talkpal.ai\/sk\/holandska-gramatika\/\",\"url\":\"https:\/\/talkpal.ai\/sk\/holandska-gramatika\/\",\"name\":\"Holandsk\u00e1 gramatika - Talkpal\",\"isPartOf\":{\"@id\":\"https:\/\/talkpal.ai\/sk\/#website\"},\"primaryImageOfPage\":{\"@id\":\"https:\/\/talkpal.ai\/sk\/holandska-gramatika\/#primaryimage\"},\"image\":{\"@id\":\"https:\/\/talkpal.ai\/sk\/holandska-gramatika\/#primaryimage\"},\"thumbnailUrl\":\"https:\/\/talkpal.ai\/wp-content\/uploads\/2023\/04\/netherlands-dutch.png\",\"datePublished\":\"2023-05-14T13:49:38+00:00\",\"dateModified\":\"2025-12-11T17:02:54+00:00\",\"description\":\"Ovl\u00e1dajte holandsk\u00fa gramatiku s Talkpal, v\u00e1\u0161 jazykov\u00fd t\u00fator s umelou inteligenciou. Z\u00edskajte pr\u00edstup k jasn\u00fdm vysvetleniam, praktick\u00fdm pr\u00edkladom a interakt\u00edvnym cvi\u010deniam!\",\"breadcrumb\":{\"@id\":\"https:\/\/talkpal.ai\/sk\/holandska-gramatika\/#breadcrumb\"},\"inLanguage\":\"sk-SK\",\"potentialAction\":[{\"@type\":\"ReadAction\",\"target\":[\"https:\/\/talkpal.ai\/sk\/holandska-gramatika\/\"]}]},{\"@type\":\"ImageObject\",\"inLanguage\":\"sk-SK\",\"@id\":\"https:\/\/talkpal.ai\/sk\/holandska-gramatika\/#primaryimage\",\"url\":\"https:\/\/talkpal.ai\/wp-content\/uploads\/2023\/04\/netherlands-dutch.png\",\"contentUrl\":\"https:\/\/talkpal.ai\/wp-content\/uploads\/2023\/04\/netherlands-dutch.png\",\"width\":512,\"height\":512},{\"@type\":\"BreadcrumbList\",\"@id\":\"https:\/\/talkpal.ai\/sk\/holandska-gramatika\/#breadcrumb\",\"itemListElement\":[{\"@type\":\"ListItem\",\"position\":1,\"name\":\"Homepage\",\"item\":\"https:\/\/talkpal.ai\/sk\/\"},{\"@type\":\"ListItem\",\"position\":2,\"name\":\"Holandsk\u00e1 gramatika\"}]},{\"@type\":\"WebSite\",\"@id\":\"https:\/\/talkpal.ai\/sk\/#website\",\"url\":\"https:\/\/talkpal.ai\/sk\/\",\"name\":\"Talkpal\",\"description\":\"AI Language Learning\",\"publisher\":{\"@id\":\"https:\/\/talkpal.ai\/sk\/#organization\"},\"alternateName\":\"Talkpal AI\",\"potentialAction\":[{\"@type\":\"SearchAction\",\"target\":{\"@type\":\"EntryPoint\",\"urlTemplate\":\"https:\/\/talkpal.ai\/sk\/?s={search_term_string}\"},\"query-input\":{\"@type\":\"PropertyValueSpecification\",\"valueRequired\":true,\"valueName\":\"search_term_string\"}}],\"inLanguage\":\"sk-SK\"},{\"@type\":\"Organization\",\"@id\":\"https:\/\/talkpal.ai\/sk\/#organization\",\"name\":\"Talkpal, Inc.\",\"alternateName\":\"Talkpal AI\",\"url\":\"https:\/\/talkpal.ai\/sk\/\",\"logo\":{\"@type\":\"ImageObject\",\"inLanguage\":\"sk-SK\",\"@id\":\"https:\/\/talkpal.ai\/sk\/#\/schema\/logo\/image\/\",\"url\":\"https:\/\/talkpal.ai\/wp-content\/uploads\/2024\/03\/Talkpal-Logo-Icon.png\",\"contentUrl\":\"https:\/\/talkpal.ai\/wp-content\/uploads\/2024\/03\/Talkpal-Logo-Icon.png\",\"width\":2880,\"height\":2880,\"caption\":\"Talkpal, Inc.\"},\"image\":{\"@id\":\"https:\/\/talkpal.ai\/sk\/#\/schema\/logo\/image\/\"},\"sameAs\":[\"https:\/\/www.facebook.com\/profile.php?id=100090733639311\",\"https:\/\/x.com\/talkpalai\",\"https:\/\/www.linkedin.com\/company\/talkpal\/\",\"https:\/\/www.youtube.com\/@TalkPal\/\",\"https:\/\/www.tiktok.com\/@talkpal\",\"https:\/\/www.instagram.com\/talkpal_ai\/\",\"https:\/\/www.crunchbase.com\/organization\/talkpal-9cde\",\"https:\/\/www.g2.com\/products\/talkpal-for-business\/\",\"https:\/\/www.trustpilot.com\/review\/talkpal.ai\",\"https:\/\/www.capterra.com\/p\/10006800\/TalkPal\/\"],\"description\":\"Talkpal is a language learning web and mobile education app, powered by the latest AI technologies, that provides engaging experiences to its customers in many different languages to help them improve their language skills. Users can chat about unlimited amount of topics with the app and use other modes to practice their language learning.\",\"email\":\"support@talkpal.ai\",\"legalName\":\"Talkpal, Inc.\",\"foundingDate\":\"2023-04-03\",\"duns\":\"118989042\",\"numberOfEmployees\":{\"@type\":\"QuantitativeValue\",\"minValue\":\"11\",\"maxValue\":\"50\"},\"publishingPrinciples\":\"https:\/\/talkpal.ai\/publishing-principles\/\",\"actionableFeedbackPolicy\":\"https:\/\/talkpal.ai\/actionable-feedback-policy\/\",\"correctionsPolicy\":\"https:\/\/talkpal.ai\/corrections-policy\/\",\"ethicsPolicy\":\"https:\/\/talkpal.ai\/ethics-policy\/\",\"diversityPolicy\":\"https:\/\/talkpal.ai\/diversity-policy\/\",\"diversityStaffingReport\":\"https:\/\/talkpal.ai\/diversity-policy\/\"}]}<\/script>\n<!-- \/ Yoast SEO Premium plugin. -->","yoast_head_json":{"title":"Holandsk\u00e1 gramatika - Talkpal","description":"Ovl\u00e1dajte holandsk\u00fa gramatiku s Talkpal, v\u00e1\u0161 jazykov\u00fd t\u00fator s umelou inteligenciou. Z\u00edskajte pr\u00edstup k jasn\u00fdm vysvetleniam, praktick\u00fdm pr\u00edkladom a interakt\u00edvnym cvi\u010deniam!","robots":{"index":"index","follow":"follow","max-snippet":"max-snippet:-1","max-image-preview":"max-image-preview:large","max-video-preview":"max-video-preview:-1"},"canonical":"https:\/\/talkpal.ai\/sk\/holandska-gramatika\/","og_locale":"sk_SK","og_type":"article","og_title":"Holandsk\u00e1 gramatika","og_description":"Holandsk\u00e1 gramatika: Zvl\u00e1dnite mechaniku holandsk\u00e9ho jazyka Ak ste sa rozhodli nau\u010di\u0165 sa holandsky, \u010dak\u00e1 v\u00e1s vzru\u0161uj\u00faca jazda! S viac ako 23 mili\u00f3nmi","og_url":"https:\/\/talkpal.ai\/sk\/holandska-gramatika\/","og_site_name":"Talkpal","article_publisher":"https:\/\/www.facebook.com\/profile.php?id=100090733639311","article_modified_time":"2025-12-11T17:02:54+00:00","og_image":[{"width":512,"height":512,"url":"https:\/\/talkpal.ai\/wp-content\/uploads\/2023\/04\/netherlands-dutch.png","type":"image\/png"}],"twitter_card":"summary_large_image","twitter_site":"@talkpalai","twitter_misc":{"Predpokladan\u00fd \u010das \u010d\u00edtania":"3 min\u00faty"},"schema":{"@context":"https:\/\/schema.org","@graph":[{"@type":"WebPage","@id":"https:\/\/talkpal.ai\/sk\/holandska-gramatika\/","url":"https:\/\/talkpal.ai\/sk\/holandska-gramatika\/","name":"Holandsk\u00e1 gramatika - Talkpal","isPartOf":{"@id":"https:\/\/talkpal.ai\/sk\/#website"},"primaryImageOfPage":{"@id":"https:\/\/talkpal.ai\/sk\/holandska-gramatika\/#primaryimage"},"image":{"@id":"https:\/\/talkpal.ai\/sk\/holandska-gramatika\/#primaryimage"},"thumbnailUrl":"https:\/\/talkpal.ai\/wp-content\/uploads\/2023\/04\/netherlands-dutch.png","datePublished":"2023-05-14T13:49:38+00:00","dateModified":"2025-12-11T17:02:54+00:00","description":"Ovl\u00e1dajte holandsk\u00fa gramatiku s Talkpal, v\u00e1\u0161 jazykov\u00fd t\u00fator s umelou inteligenciou. Z\u00edskajte pr\u00edstup k jasn\u00fdm vysvetleniam, praktick\u00fdm pr\u00edkladom a interakt\u00edvnym cvi\u010deniam!","breadcrumb":{"@id":"https:\/\/talkpal.ai\/sk\/holandska-gramatika\/#breadcrumb"},"inLanguage":"sk-SK","potentialAction":[{"@type":"ReadAction","target":["https:\/\/talkpal.ai\/sk\/holandska-gramatika\/"]}]},{"@type":"ImageObject","inLanguage":"sk-SK","@id":"https:\/\/talkpal.ai\/sk\/holandska-gramatika\/#primaryimage","url":"https:\/\/talkpal.ai\/wp-content\/uploads\/2023\/04\/netherlands-dutch.png","contentUrl":"https:\/\/talkpal.ai\/wp-content\/uploads\/2023\/04\/netherlands-dutch.png","width":512,"height":512},{"@type":"BreadcrumbList","@id":"https:\/\/talkpal.ai\/sk\/holandska-gramatika\/#breadcrumb","itemListElement":[{"@type":"ListItem","position":1,"name":"Homepage","item":"https:\/\/talkpal.ai\/sk\/"},{"@type":"ListItem","position":2,"name":"Holandsk\u00e1 gramatika"}]},{"@type":"WebSite","@id":"https:\/\/talkpal.ai\/sk\/#website","url":"https:\/\/talkpal.ai\/sk\/","name":"Talkpal","description":"AI Language Learning","publisher":{"@id":"https:\/\/talkpal.ai\/sk\/#organization"},"alternateName":"Talkpal AI","potentialAction":[{"@type":"SearchAction","target":{"@type":"EntryPoint","urlTemplate":"https:\/\/talkpal.ai\/sk\/?s={search_term_string}"},"query-input":{"@type":"PropertyValueSpecification","valueRequired":true,"valueName":"search_term_string"}}],"inLanguage":"sk-SK"},{"@type":"Organization","@id":"https:\/\/talkpal.ai\/sk\/#organization","name":"Talkpal, Inc.","alternateName":"Talkpal AI","url":"https:\/\/talkpal.ai\/sk\/","logo":{"@type":"ImageObject","inLanguage":"sk-SK","@id":"https:\/\/talkpal.ai\/sk\/#\/schema\/logo\/image\/","url":"https:\/\/talkpal.ai\/wp-content\/uploads\/2024\/03\/Talkpal-Logo-Icon.png","contentUrl":"https:\/\/talkpal.ai\/wp-content\/uploads\/2024\/03\/Talkpal-Logo-Icon.png","width":2880,"height":2880,"caption":"Talkpal, Inc."},"image":{"@id":"https:\/\/talkpal.ai\/sk\/#\/schema\/logo\/image\/"},"sameAs":["https:\/\/www.facebook.com\/profile.php?id=100090733639311","https:\/\/x.com\/talkpalai","https:\/\/www.linkedin.com\/company\/talkpal\/","https:\/\/www.youtube.com\/@TalkPal\/","https:\/\/www.tiktok.com\/@talkpal","https:\/\/www.instagram.com\/talkpal_ai\/","https:\/\/www.crunchbase.com\/organization\/talkpal-9cde","https:\/\/www.g2.com\/products\/talkpal-for-business\/","https:\/\/www.trustpilot.com\/review\/talkpal.ai","https:\/\/www.capterra.com\/p\/10006800\/TalkPal\/"],"description":"Talkpal is a language learning web and mobile education app, powered by the latest AI technologies, that provides engaging experiences to its customers in many different languages to help them improve their language skills. Users can chat about unlimited amount of topics with the app and use other modes to practice their language learning.","email":"support@talkpal.ai","legalName":"Talkpal, Inc.","foundingDate":"2023-04-03","duns":"118989042","numberOfEmployees":{"@type":"QuantitativeValue","minValue":"11","maxValue":"50"},"publishingPrinciples":"https:\/\/talkpal.ai\/publishing-principles\/","actionableFeedbackPolicy":"https:\/\/talkpal.ai\/actionable-feedback-policy\/","correctionsPolicy":"https:\/\/talkpal.ai\/corrections-policy\/","ethicsPolicy":"https:\/\/talkpal.ai\/ethics-policy\/","diversityPolicy":"https:\/\/talkpal.ai\/diversity-policy\/","diversityStaffingReport":"https:\/\/talkpal.ai\/diversity-policy\/"}]}},"_links":{"self":[{"href":"https:\/\/talkpal.ai\/sk\/wp-json\/wp\/v2\/pages\/128686","targetHints":{"allow":["GET"]}}],"collection":[{"href":"https:\/\/talkpal.ai\/sk\/wp-json\/wp\/v2\/pages"}],"about":[{"href":"https:\/\/talkpal.ai\/sk\/wp-json\/wp\/v2\/types\/page"}],"author":[{"embeddable":true,"href":"https:\/\/talkpal.ai\/sk\/wp-json\/wp\/v2\/users\/1"}],"replies":[{"embeddable":true,"href":"https:\/\/talkpal.ai\/sk\/wp-json\/wp\/v2\/comments?post=128686"}],"version-history":[{"count":0,"href":"https:\/\/talkpal.ai\/sk\/wp-json\/wp\/v2\/pages\/128686\/revisions"}],"wp:featuredmedia":[{"embeddable":true,"href":"https:\/\/talkpal.ai\/sk\/wp-json\/wp\/v2\/media\/106307"}],"wp:attachment":[{"href":"https:\/\/talkpal.ai\/sk\/wp-json\/wp\/v2\/media?parent=128686"}],"curies":[{"name":"wp","href":"https:\/\/api.w.org\/{rel}","templated":true}]}}