{"id":128240,"date":"2023-05-14T13:48:36","date_gmt":"2023-05-14T13:48:36","guid":{"rendered":"http:\/\/talkpal.ai\/cinska-gramatika\/"},"modified":"2025-06-17T16:38:44","modified_gmt":"2025-06-17T16:38:44","slug":"cinska-gramatika","status":"publish","type":"page","link":"https:\/\/talkpal.ai\/sk\/cinska-gramatika\/","title":{"rendered":"\u010c\u00ednska gramatika"},"content":{"rendered":"\r\n\r\n\r\n<section class=\"languageChallengeSection\">\r\n    <div class=\"languageInfoWrapper\">\r\n        \r\n        <h1>\u010c\u00ednska gramatika<\/h1>\r\n        <p>Posilnite svoje znalosti \u010d\u00ednskeho jazyka u\u010den\u00edm k\u013e\u00fa\u010dov\u00fdch gramatick\u00fdch \u0161trukt\u00far a vzorov pou\u017e\u00edvania. Za\u010dnite zlep\u0161ova\u0165 svoju \u010d\u00ednsku gramatiku e\u0161te dnes a komunikujte s istotou!<\/p>\r\n\r\n                            <a class=\"getStartedHidden\" href=\"https:\/\/app.talkpal.ai\/sk\/signup?lng=\">Za\u010dni<\/a>\r\n        \r\n    <\/div>\r\n\r\n    <figure>\r\n    <img decoding=\"async\" width=\"768\" height=\"768\" src=\"https:\/\/talkpal.ai\/wp-content\/uploads\/2023\/06\/chinese-768x768.png\" class=\"languageImage no-lazy\" alt=\"Language learning for flexible communication\" fetchpriority=\"high\" sizes=\"(max-width: 768px) 150px, 768px\" srcset=\"https:\/\/talkpal.ai\/wp-content\/uploads\/2023\/06\/chinese-768x768.png 768w, https:\/\/talkpal.ai\/wp-content\/uploads\/2023\/06\/chinese-300x300.png 300w\" \/>\r\n    \r\n\r\n    <\/figure>\r\n\r\n            <a class=\"getStartedVisible\" href=\"https:\/\/app.talkpal.ai\/sk\/signup?lng=\">Za\u010dni<\/a>\r\n    \r\n<\/section>\r\n<section class=\"promotionalBanner\">\r\n    <p class=\"promotionalText\">Najefekt\u00edvnej\u0161\u00ed sp\u00f4sob, ako sa nau\u010di\u0165 jazyk<\/p>\r\n    <a class=\"promotionalLink\" href=\"https:\/\/app.talkpal.ai\/sk\/signup?lng=\">Vysk\u00fa\u0161ajte Talkpal zadarmo<\/a>\r\n<\/section>\n<div class=\"wp-block-group pageContainerStyle\"><div class=\"wp-block-group__inner-container is-layout-constrained wp-block-group-is-layout-constrained\">\n<h2 class=\"wp-block-heading\" id=\"h-chinese-grammar-the-key-to-mastering-mandarin\">\u010c\u00ednska gramatika: k\u013e\u00fa\u010d k zvl\u00e1dnutiu mandar\u00ednskej \u010d\u00edn\u0161tiny<\/h2>\n\n\n\n<p>Ste ambici\u00f3zny \u0161tudent jazykov, ktor\u00fd sa zameral na zvl\u00e1dnutie mandar\u00ednskej \u010d\u00edn\u0161tiny? Ak \u00e1no, blaho\u017eel\u00e1me! Rie\u0161enie \u010d\u00edn\u0161tiny je fantastick\u00fd sp\u00f4sob, ako roz\u0161\u00edri\u0165 svoje glob\u00e1lne myslenie, spoji\u0165 sa so \u0161irokou \u0161k\u00e1lou re\u010dn\u00edkov a intelektu\u00e1lne sa vyzva\u0165. Av\u0161ak s 1,2 miliardami roden\u00fdch hovoriacich a jazykov\u00fdm syst\u00e9mom v\u00fdrazne odli\u0161n\u00fdm od z\u00e1padn\u00fdch jazykov sa <a href=\"https:\/\/talkpal.ai\/chinese-grammar\/\">\u010d\u00ednska gramatika<\/a> m\u00f4\u017ee zda\u0165 dos\u0165 sk\u013eu\u010duj\u00faca. Nebojte sa! Pre\u010d\u00edtajte si r\u00fdchlokurz \u010d\u00ednskej gramatiky pre za\u010diato\u010dn\u00edkov, ktor\u00fd je p\u00fatav\u00fd a pou\u010dn\u00fd.<\/p>\n\n\n\n<p><strong>Po prv\u00e9: zabudnite na to, \u010do viete o eur\u00f3pskych jazykoch!<\/strong><\/p>\n\n\n\n<p>Jedn\u00fdm z hlavn\u00fdch d\u00f4vodov, pre\u010do s\u00fa <a href=\"https:\/\/talkpal.ai\/talkpal-discount-for-students\/\">\u0161tudenti<\/a> jazykov vystra\u0161en\u00ed \u010d\u00ednskou gramatikou, je to, \u017ee sa radik\u00e1lne l\u00ed\u0161i od \u0161trukt\u00fary &#8222;subjekt &#8211; sloveso &#8211; objekt&#8220;, na ktor\u00fa sme zvyknut\u00ed v jazykoch ako <a href=\"https:\/\/talkpal.ai\/learn-english-with-ai\/\">angli\u010dtina<\/a>, <a href=\"https:\/\/talkpal.ai\/learn-spanish\/\">\u0161paniel\u010dina<\/a> alebo franc\u00faz\u0161tina. Tak sa zhlboka nad\u00fdchnite a ponorte sa do \u00faplne nov\u00e9ho vesm\u00edru jazykov\u00fdch pravidiel a pojmov!<\/p>\n\n\n\n<h3 class=\"wp-block-heading\" id=\"h-1-word-order-is-king\">1. Slovosled je kr\u00e1\u013e<\/h3>\n\n\n\n<p>Aj ke\u010f v \u010d\u00ednskej gramatike nie s\u00fa \u017eiadne \u010dasy, \u010dasovanie slovies alebo mno\u017en\u00e9 \u010d\u00edslo, spr\u00e1vna vetn\u00e1 \u0161trukt\u00fara je prvorad\u00e1. Ako sa teda dosahuje spr\u00e1vny slovosled? Vo v\u00e4\u010d\u0161ine pr\u00edpadov jednoducho postupujte pod\u013ea vzoru &#8222;predmet-sloveso-objekt&#8220; (podobne ako v angli\u010dtine). Napr\u00edklad:<\/p>\n\n\n\n<p><a href=\"https:\/\/talkpal.ai\/learn-english-with-ai\/\">Angli\u010dtina<\/a>: Milujem \u0165a.<br\/><a href=\"https:\/\/talkpal.ai\/learn-chinese\/\">\u010d\u00edn\u0161tina<\/a>: \u6211\u7231\u4f60\u3002 W\u01d2 \u00e0i n\u01d0.<\/p>\n\n\n\n<p>Existuj\u00fa zlo\u017eitej\u0161ie \u0161trukt\u00fary, ale vytvorenie siln\u00e9ho z\u00e1kladu u\u013eah\u010d\u00ed ich pochopenie, ke\u010f napredujete.<\/p>\n\n\n\n<h3 class=\"wp-block-heading\" id=\"h-2-particles-particles-everywhere\">2. \u010castice, \u010dastice v\u0161ade!<\/h3>\n\n\n\n<p>V \u010d\u00ednskej gramatike hraj\u00fa \u010dastice rozhoduj\u00facu \u00falohu pri sprostredkovan\u00ed v\u00fdznamu. Jednou z naj\u010dastej\u0161\u00edch \u010dast\u00edc je &#8222;\u4e86 (le)&#8220;, ktor\u00e1 signalizuje ukon\u010den\u00fa \u010dinnos\u0165. Napr\u00edklad:<\/p>\n\n\n\n<p>\u6211\u5403\u4e86\u3002W\u01d2 ch\u012b le. &#8211; &#8222;Jedol som.&#8220;<\/p>\n\n\n\n<p>\u010eal\u0161ou \u010dastou \u010dasticou je &#8222;\u5427 (ba)&#8220;, ktor\u00e1 men\u00ed v\u00fdrok na n\u00e1vrh alebo ot\u00e1zku:<\/p>\n\n\n\n<p>\u8d70\u5427\uff01Z\u01d2u ba! &#8211; &#8222;Po\u010fme!&#8220;<\/p>\n\n\n\n<p>Pochopenie funkci\u00ed r\u00f4znych \u010dast\u00edc je k\u013e\u00fa\u010dom k zvl\u00e1dnutiu nuanci\u00ed \u010d\u00ednskej gramatiky.<\/p>\n\n\n\n<h3 class=\"wp-block-heading\" id=\"h-3-measure-words-quality-not-quantity\">3. Merajte slov\u00e1: kvalita, nie kvantita<\/h3>\n\n\n\n<p>V \u010d\u00edn\u0161tine podstatn\u00e9 men\u00e1 nemaj\u00fa mno\u017en\u00e9 \u010d\u00edslo. Namiesto toho pou\u017e\u00edvaj\u00fa meracie slov\u00e1 (zn\u00e1me aj ako klasifik\u00e1tory) na vyjadrenie mno\u017estva. Medzi \u010d\u00edslo a podstatn\u00e9 meno sa prid\u00e1vaj\u00fa meracie slov\u00e1. Napr\u00edklad:<\/p>\n\n\n\n<p>\u4e00\u672c\u4e66 &#8211; Y\u012b b\u011bn <a href=\"https:\/\/talkpal.ai\/locations\/language-courses-in-shu\/\">sh\u016b<\/a> &#8211; &#8222;jedna kniha&#8220;<\/p>\n\n\n\n<p>V\u0161imnite si pou\u017eitie \u672c (b\u011bn) ako slova miery pre knihy. R\u00f4zne podstatn\u00e9 men\u00e1 si vy\u017eaduj\u00fa r\u00f4zne meracie slov\u00e1, a hoci sa to na za\u010diatku m\u00f4\u017ee zda\u0165 m\u00e4t\u00face, s praxou sa to stane druhou prirodzenos\u0165ou.<\/p>\n\n\n\n<h3 class=\"wp-block-heading\" id=\"h-4-the-magic-of-compound-words\">4. K\u00fazlo zlo\u017een\u00fdch slov<\/h3>\n\n\n\n<p><a href=\"https:\/\/talkpal.ai\/learn-chinese\/\">\u010c\u00edn\u0161tina<\/a> je pln\u00e1 zlo\u017een\u00fdch slov, ktor\u00e9 s\u00fa tvoren\u00e9 kombin\u00e1ciou dvoch alebo viacer\u00fdch znakov. Nielen\u017ee to zjednodu\u0161uje u\u010denie slovnej z\u00e1soby, ale umo\u017e\u0148uje aj \u017eiv\u00e9 obrazy a kontext. Napr\u00edklad:<\/p>\n\n\n\n<p>\u706b\u8f66 &#8211; Hu\u01d2ch\u0113 &#8211; &#8222;vlak&#8220; (doslova: &#8222;ohniv\u00e9 vozidlo&#8220;)<br\/>\u7535\u8bdd &#8211; Di\u00e0nhu\u00e0 &#8211; &#8222;telef\u00f3n&#8220; (doslova: &#8222;elektrick\u00e1 re\u010d&#8220;)<\/p>\n\n\n\n<p>Pochopen\u00edm v\u00fdznamu jednotliv\u00fdch znakov m\u00f4\u017eete \u013eahko odvodi\u0165 v\u00fdznam zlo\u017een\u00fdch slov, s ktor\u00fdmi ste sa nikdy predt\u00fdm nestretli.<\/p>\n\n\n\n<h3 class=\"wp-block-heading\" id=\"h-5-no-tenses-no-problem\">5. \u017diadne \u010dasy? Bez probl\u00e9mov!<\/h3>\n\n\n\n<p>Jedn\u00fdm z najosvie\u017euj\u00facej\u0161\u00edch aspektov \u010d\u00edn\u0161tiny je nedostatok \u010dasovania slovies pre r\u00f4zne \u010dasy. Ale ako vyjadri\u0165 \u010das? Jednoduch\u00fd! Sta\u010d\u00ed zahrn\u00fa\u0165 slov\u00e1 ozna\u010duj\u00face \u010dasov\u00fd r\u00e1mec, napr\u00edklad:<\/p>\n\n\n\n<p>\u6628\u5929 &#8211; Zu\u00f3ti\u0101n &#8211; &#8222;v\u010dera&#8220;<br\/>\u660e\u5929 &#8211; M\u00edngti\u0101n &#8211; &#8222;zajtra&#8220;<\/p>\n\n\n\n<p><strong>Napr\u00edklad:<\/strong><\/p>\n\n\n\n<p>\u6211\u6628\u5929\u5403\u4e86\u996d\u3002W\u01d2 zu\u00f3ti\u0101n ch\u012b le f\u00e0n. &#8211; &#8222;V\u010dera som jedol jedlo.&#8220;<br\/>\u6211\u660e\u5929\u5403\u996d\u3002W\u01d2 m\u00edngti\u0101n ch\u012b f\u00e0n. &#8211; &#8222;Zajtra budem jes\u0165 jedlo.&#8220;<\/p>\n\n\n\n<p>Gratulujem! Urobili ste prv\u00e9 kroky k zvl\u00e1dnutiu \u010d\u00ednskej gramatiky. Pam\u00e4tajte: prax rob\u00ed majstra. Nevyh\u00fdbajte sa preto objavovaniu nov\u00fdch gramatick\u00fdch \u0161trukt\u00far, konverz\u00e1cii s roden\u00fdmi hovoriacimi a upev\u0148ovaniu svojich z\u00e1kladov. Svet mandar\u00edn\u010diny na v\u00e1s \u010dak\u00e1 &#8211; \u0161\u0165astn\u00e9 u\u010denie!<\/p>\n<\/div><\/div>\n\r\n<section class=\"learnNavigationSection\">\r\n            \r\n        <a href=\"https:\/\/talkpal.ai\/sk\/naucte-sa-cinsky\/\">\r\n            <div class=\"learnNavigationWrapper\">\r\n                <div class=\"learnNavigationContent\">\r\n                    <img decoding=\"async\" src=\"https:\/\/talkpal.ai\/wp-content\/uploads\/2024\/08\/Chinese.jpg\" alt=\"Chinese Flag\u00a0\">\r\n                    <div>\r\n                        <h4>O \u0161t\u00fadiu \u010d\u00edn\u0161tiny<\/h4>\r\n                        <p>Zistite v\u0161etko o \u010d\u00ednskej gramatike.<\/p>\r\n                    <\/div>\r\n                <\/div>\r\n            <\/div>\r\n        <\/a>\r\n\r\n        \r\n        <a href=\"https:\/\/talkpal.ai\/sk\/cinske-gramaticke-cvicenia\/\">\r\n            <div class=\"learnNavigationWrapper\">\r\n                <div class=\"learnNavigationContent\">\r\n                    <img decoding=\"async\" src=\"https:\/\/talkpal.ai\/wp-content\/uploads\/2024\/08\/Chinese.jpg\" alt=\"Chinese Flag\u00a0\">\r\n                    <div>\r\n                        <h4>Cvi\u010denie z \u010d\u00ednskej gramatiky<\/h4>\r\n                        <p>Precvi\u010dte si \u010d\u00ednsku gramatiku.<\/p>\r\n                    <\/div>\r\n                <\/div>\r\n            <\/div>\r\n        <\/a>\r\n\r\n        \r\n        <a href=\"https:\/\/talkpal.ai\/vocabulary_language\/chinese\/\">\r\n            <div class=\"learnNavigationWrapper\">\r\n                <div class=\"learnNavigationContent\">\r\n                    <img decoding=\"async\" src=\"https:\/\/talkpal.ai\/wp-content\/uploads\/2024\/08\/Chinese.jpg\" alt=\"Chinese Flag\u00a0\">\r\n                    <div>\r\n                        <h4>\u010c\u00ednska slovn\u00e1 z\u00e1soba<\/h4>\r\n                        <p>Roz\u0161\u00edrte si slovn\u00fa z\u00e1sobu \u010d\u00edn\u0161tiny.<\/p>\r\n                    <\/div>\r\n                <\/div>\r\n            <\/div>\r\n        <\/a>\r\n\r\n            <\/section>","protected":false},"excerpt":{"rendered":"<p>\u010c\u00ednska gramatika: k\u013e\u00fa\u010d k zvl\u00e1dnutiu mandar\u00ednskej \u010d\u00edn\u0161tiny Ste ambici\u00f3zny \u0161tudent jazykov, ktor\u00fd sa zameral na zvl\u00e1dnutie mandar\u00ednskej \u010d\u00edn\u0161tiny? Ak \u00e1no, blaho\u017eel\u00e1me! Rie\u0161enie \u010d\u00edn\u0161tiny je fantastick\u00fd sp\u00f4sob, ako roz\u0161\u00edri\u0165 svoje glob\u00e1lne myslenie, spoji\u0165 sa so \u0161irokou \u0161k\u00e1lou re\u010dn\u00edkov a intelektu\u00e1lne sa vyzva\u0165. Av\u0161ak s 1,2 miliardami roden\u00fdch hovoriacich a jazykov\u00fdm syst\u00e9mom v\u00fdrazne odli\u0161n\u00fdm od z\u00e1padn\u00fdch jazykov [&hellip;]<\/p>\n","protected":false},"author":1,"featured_media":106034,"parent":0,"menu_order":0,"comment_status":"closed","ping_status":"closed","template":"LearningContentPage.php","meta":{"_acf_changed":false,"footnotes":""},"class_list":["post-128240","page","type-page","status-publish","has-post-thumbnail","hentry"],"acf":[],"yoast_head":"<!-- This site is optimized with the Yoast SEO Premium plugin v27.2 (Yoast SEO v27.2) - https:\/\/yoast.com\/product\/yoast-seo-premium-wordpress\/ -->\n<title>\u010c\u00ednska gramatika - Talkpal<\/title>\n<meta name=\"description\" content=\"Odha\u013ete tajomstv\u00e1 \u010d\u00ednskej gramatiky, aby ste lep\u0161ie porozumeli \u010d\u00ednskemu jazyku a kult\u00fare.\" \/>\n<meta name=\"robots\" content=\"index, follow, max-snippet:-1, max-image-preview:large, max-video-preview:-1\" \/>\n<link rel=\"canonical\" href=\"https:\/\/talkpal.ai\/sk\/cinska-gramatika\/\" \/>\n<meta property=\"og:locale\" content=\"sk_SK\" \/>\n<meta property=\"og:type\" content=\"article\" \/>\n<meta property=\"og:title\" content=\"\u010c\u00ednska gramatika\" \/>\n<meta property=\"og:description\" content=\"\u010c\u00ednska gramatika: k\u013e\u00fa\u010d k zvl\u00e1dnutiu mandar\u00ednskej \u010d\u00edn\u0161tiny Ste ambici\u00f3zny \u0161tudent jazykov, ktor\u00fd sa zameral na zvl\u00e1dnutie mandar\u00ednskej \u010d\u00edn\u0161tiny? Ak \u00e1no,\" \/>\n<meta property=\"og:url\" content=\"https:\/\/talkpal.ai\/sk\/cinska-gramatika\/\" \/>\n<meta property=\"og:site_name\" content=\"Talkpal\" \/>\n<meta property=\"article:publisher\" content=\"https:\/\/www.facebook.com\/profile.php?id=100090733639311\" \/>\n<meta property=\"article:modified_time\" content=\"2025-06-17T16:38:44+00:00\" \/>\n<meta property=\"og:image\" content=\"https:\/\/talkpal.ai\/wp-content\/uploads\/2023\/04\/china.png\" \/>\n\t<meta property=\"og:image:width\" content=\"512\" \/>\n\t<meta property=\"og:image:height\" content=\"512\" \/>\n\t<meta property=\"og:image:type\" content=\"image\/png\" \/>\n<meta name=\"twitter:card\" content=\"summary_large_image\" \/>\n<meta name=\"twitter:site\" content=\"@talkpalai\" \/>\n<meta name=\"twitter:label1\" content=\"Predpokladan\u00fd \u010das \u010d\u00edtania\" \/>\n\t<meta name=\"twitter:data1\" content=\"3 min\u00faty\" \/>\n<script type=\"application\/ld+json\" class=\"yoast-schema-graph\">{\"@context\":\"https:\/\/schema.org\",\"@graph\":[{\"@type\":\"WebPage\",\"@id\":\"https:\/\/talkpal.ai\/sk\/cinska-gramatika\/\",\"url\":\"https:\/\/talkpal.ai\/sk\/cinska-gramatika\/\",\"name\":\"\u010c\u00ednska gramatika - Talkpal\",\"isPartOf\":{\"@id\":\"https:\/\/talkpal.ai\/sk\/#website\"},\"primaryImageOfPage\":{\"@id\":\"https:\/\/talkpal.ai\/sk\/cinska-gramatika\/#primaryimage\"},\"image\":{\"@id\":\"https:\/\/talkpal.ai\/sk\/cinska-gramatika\/#primaryimage\"},\"thumbnailUrl\":\"https:\/\/talkpal.ai\/wp-content\/uploads\/2023\/04\/china.png\",\"datePublished\":\"2023-05-14T13:48:36+00:00\",\"dateModified\":\"2025-06-17T16:38:44+00:00\",\"description\":\"Odha\u013ete tajomstv\u00e1 \u010d\u00ednskej gramatiky, aby ste lep\u0161ie porozumeli \u010d\u00ednskemu jazyku a kult\u00fare.\",\"breadcrumb\":{\"@id\":\"https:\/\/talkpal.ai\/sk\/cinska-gramatika\/#breadcrumb\"},\"inLanguage\":\"sk-SK\",\"potentialAction\":[{\"@type\":\"ReadAction\",\"target\":[\"https:\/\/talkpal.ai\/sk\/cinska-gramatika\/\"]}]},{\"@type\":\"ImageObject\",\"inLanguage\":\"sk-SK\",\"@id\":\"https:\/\/talkpal.ai\/sk\/cinska-gramatika\/#primaryimage\",\"url\":\"https:\/\/talkpal.ai\/wp-content\/uploads\/2023\/04\/china.png\",\"contentUrl\":\"https:\/\/talkpal.ai\/wp-content\/uploads\/2023\/04\/china.png\",\"width\":512,\"height\":512},{\"@type\":\"BreadcrumbList\",\"@id\":\"https:\/\/talkpal.ai\/sk\/cinska-gramatika\/#breadcrumb\",\"itemListElement\":[{\"@type\":\"ListItem\",\"position\":1,\"name\":\"Homepage\",\"item\":\"https:\/\/talkpal.ai\/sk\/\"},{\"@type\":\"ListItem\",\"position\":2,\"name\":\"\u010c\u00ednska gramatika\"}]},{\"@type\":\"WebSite\",\"@id\":\"https:\/\/talkpal.ai\/sk\/#website\",\"url\":\"https:\/\/talkpal.ai\/sk\/\",\"name\":\"Talkpal\",\"description\":\"AI Language Learning\",\"publisher\":{\"@id\":\"https:\/\/talkpal.ai\/sk\/#organization\"},\"alternateName\":\"Talkpal AI\",\"potentialAction\":[{\"@type\":\"SearchAction\",\"target\":{\"@type\":\"EntryPoint\",\"urlTemplate\":\"https:\/\/talkpal.ai\/sk\/?s={search_term_string}\"},\"query-input\":{\"@type\":\"PropertyValueSpecification\",\"valueRequired\":true,\"valueName\":\"search_term_string\"}}],\"inLanguage\":\"sk-SK\"},{\"@type\":\"Organization\",\"@id\":\"https:\/\/talkpal.ai\/sk\/#organization\",\"name\":\"Talkpal, Inc.\",\"alternateName\":\"Talkpal AI\",\"url\":\"https:\/\/talkpal.ai\/sk\/\",\"logo\":{\"@type\":\"ImageObject\",\"inLanguage\":\"sk-SK\",\"@id\":\"https:\/\/talkpal.ai\/sk\/#\/schema\/logo\/image\/\",\"url\":\"https:\/\/talkpal.ai\/wp-content\/uploads\/2024\/03\/Talkpal-Logo-Icon.png\",\"contentUrl\":\"https:\/\/talkpal.ai\/wp-content\/uploads\/2024\/03\/Talkpal-Logo-Icon.png\",\"width\":2880,\"height\":2880,\"caption\":\"Talkpal, Inc.\"},\"image\":{\"@id\":\"https:\/\/talkpal.ai\/sk\/#\/schema\/logo\/image\/\"},\"sameAs\":[\"https:\/\/www.facebook.com\/profile.php?id=100090733639311\",\"https:\/\/x.com\/talkpalai\",\"https:\/\/www.linkedin.com\/company\/talkpal\/\",\"https:\/\/www.youtube.com\/@TalkPal\/\",\"https:\/\/www.tiktok.com\/@talkpal\",\"https:\/\/www.instagram.com\/talkpal_ai\/\",\"https:\/\/www.crunchbase.com\/organization\/talkpal-9cde\",\"https:\/\/www.g2.com\/products\/talkpal-for-business\/\",\"https:\/\/www.trustpilot.com\/review\/talkpal.ai\",\"https:\/\/www.capterra.com\/p\/10006800\/TalkPal\/\"],\"description\":\"Talkpal is a language learning web and mobile education app, powered by the latest AI technologies, that provides engaging experiences to its customers in many different languages to help them improve their language skills. Users can chat about unlimited amount of topics with the app and use other modes to practice their language learning.\",\"email\":\"support@talkpal.ai\",\"legalName\":\"Talkpal, Inc.\",\"foundingDate\":\"2023-04-03\",\"duns\":\"118989042\",\"numberOfEmployees\":{\"@type\":\"QuantitativeValue\",\"minValue\":\"11\",\"maxValue\":\"50\"},\"publishingPrinciples\":\"https:\/\/talkpal.ai\/publishing-principles\/\",\"actionableFeedbackPolicy\":\"https:\/\/talkpal.ai\/actionable-feedback-policy\/\",\"correctionsPolicy\":\"https:\/\/talkpal.ai\/corrections-policy\/\",\"ethicsPolicy\":\"https:\/\/talkpal.ai\/ethics-policy\/\",\"diversityPolicy\":\"https:\/\/talkpal.ai\/diversity-policy\/\",\"diversityStaffingReport\":\"https:\/\/talkpal.ai\/diversity-policy\/\"}]}<\/script>\n<!-- \/ Yoast SEO Premium plugin. -->","yoast_head_json":{"title":"\u010c\u00ednska gramatika - Talkpal","description":"Odha\u013ete tajomstv\u00e1 \u010d\u00ednskej gramatiky, aby ste lep\u0161ie porozumeli \u010d\u00ednskemu jazyku a kult\u00fare.","robots":{"index":"index","follow":"follow","max-snippet":"max-snippet:-1","max-image-preview":"max-image-preview:large","max-video-preview":"max-video-preview:-1"},"canonical":"https:\/\/talkpal.ai\/sk\/cinska-gramatika\/","og_locale":"sk_SK","og_type":"article","og_title":"\u010c\u00ednska gramatika","og_description":"\u010c\u00ednska gramatika: k\u013e\u00fa\u010d k zvl\u00e1dnutiu mandar\u00ednskej \u010d\u00edn\u0161tiny Ste ambici\u00f3zny \u0161tudent jazykov, ktor\u00fd sa zameral na zvl\u00e1dnutie mandar\u00ednskej \u010d\u00edn\u0161tiny? Ak \u00e1no,","og_url":"https:\/\/talkpal.ai\/sk\/cinska-gramatika\/","og_site_name":"Talkpal","article_publisher":"https:\/\/www.facebook.com\/profile.php?id=100090733639311","article_modified_time":"2025-06-17T16:38:44+00:00","og_image":[{"width":512,"height":512,"url":"https:\/\/talkpal.ai\/wp-content\/uploads\/2023\/04\/china.png","type":"image\/png"}],"twitter_card":"summary_large_image","twitter_site":"@talkpalai","twitter_misc":{"Predpokladan\u00fd \u010das \u010d\u00edtania":"3 min\u00faty"},"schema":{"@context":"https:\/\/schema.org","@graph":[{"@type":"WebPage","@id":"https:\/\/talkpal.ai\/sk\/cinska-gramatika\/","url":"https:\/\/talkpal.ai\/sk\/cinska-gramatika\/","name":"\u010c\u00ednska gramatika - Talkpal","isPartOf":{"@id":"https:\/\/talkpal.ai\/sk\/#website"},"primaryImageOfPage":{"@id":"https:\/\/talkpal.ai\/sk\/cinska-gramatika\/#primaryimage"},"image":{"@id":"https:\/\/talkpal.ai\/sk\/cinska-gramatika\/#primaryimage"},"thumbnailUrl":"https:\/\/talkpal.ai\/wp-content\/uploads\/2023\/04\/china.png","datePublished":"2023-05-14T13:48:36+00:00","dateModified":"2025-06-17T16:38:44+00:00","description":"Odha\u013ete tajomstv\u00e1 \u010d\u00ednskej gramatiky, aby ste lep\u0161ie porozumeli \u010d\u00ednskemu jazyku a kult\u00fare.","breadcrumb":{"@id":"https:\/\/talkpal.ai\/sk\/cinska-gramatika\/#breadcrumb"},"inLanguage":"sk-SK","potentialAction":[{"@type":"ReadAction","target":["https:\/\/talkpal.ai\/sk\/cinska-gramatika\/"]}]},{"@type":"ImageObject","inLanguage":"sk-SK","@id":"https:\/\/talkpal.ai\/sk\/cinska-gramatika\/#primaryimage","url":"https:\/\/talkpal.ai\/wp-content\/uploads\/2023\/04\/china.png","contentUrl":"https:\/\/talkpal.ai\/wp-content\/uploads\/2023\/04\/china.png","width":512,"height":512},{"@type":"BreadcrumbList","@id":"https:\/\/talkpal.ai\/sk\/cinska-gramatika\/#breadcrumb","itemListElement":[{"@type":"ListItem","position":1,"name":"Homepage","item":"https:\/\/talkpal.ai\/sk\/"},{"@type":"ListItem","position":2,"name":"\u010c\u00ednska gramatika"}]},{"@type":"WebSite","@id":"https:\/\/talkpal.ai\/sk\/#website","url":"https:\/\/talkpal.ai\/sk\/","name":"Talkpal","description":"AI Language Learning","publisher":{"@id":"https:\/\/talkpal.ai\/sk\/#organization"},"alternateName":"Talkpal AI","potentialAction":[{"@type":"SearchAction","target":{"@type":"EntryPoint","urlTemplate":"https:\/\/talkpal.ai\/sk\/?s={search_term_string}"},"query-input":{"@type":"PropertyValueSpecification","valueRequired":true,"valueName":"search_term_string"}}],"inLanguage":"sk-SK"},{"@type":"Organization","@id":"https:\/\/talkpal.ai\/sk\/#organization","name":"Talkpal, Inc.","alternateName":"Talkpal AI","url":"https:\/\/talkpal.ai\/sk\/","logo":{"@type":"ImageObject","inLanguage":"sk-SK","@id":"https:\/\/talkpal.ai\/sk\/#\/schema\/logo\/image\/","url":"https:\/\/talkpal.ai\/wp-content\/uploads\/2024\/03\/Talkpal-Logo-Icon.png","contentUrl":"https:\/\/talkpal.ai\/wp-content\/uploads\/2024\/03\/Talkpal-Logo-Icon.png","width":2880,"height":2880,"caption":"Talkpal, Inc."},"image":{"@id":"https:\/\/talkpal.ai\/sk\/#\/schema\/logo\/image\/"},"sameAs":["https:\/\/www.facebook.com\/profile.php?id=100090733639311","https:\/\/x.com\/talkpalai","https:\/\/www.linkedin.com\/company\/talkpal\/","https:\/\/www.youtube.com\/@TalkPal\/","https:\/\/www.tiktok.com\/@talkpal","https:\/\/www.instagram.com\/talkpal_ai\/","https:\/\/www.crunchbase.com\/organization\/talkpal-9cde","https:\/\/www.g2.com\/products\/talkpal-for-business\/","https:\/\/www.trustpilot.com\/review\/talkpal.ai","https:\/\/www.capterra.com\/p\/10006800\/TalkPal\/"],"description":"Talkpal is a language learning web and mobile education app, powered by the latest AI technologies, that provides engaging experiences to its customers in many different languages to help them improve their language skills. Users can chat about unlimited amount of topics with the app and use other modes to practice their language learning.","email":"support@talkpal.ai","legalName":"Talkpal, Inc.","foundingDate":"2023-04-03","duns":"118989042","numberOfEmployees":{"@type":"QuantitativeValue","minValue":"11","maxValue":"50"},"publishingPrinciples":"https:\/\/talkpal.ai\/publishing-principles\/","actionableFeedbackPolicy":"https:\/\/talkpal.ai\/actionable-feedback-policy\/","correctionsPolicy":"https:\/\/talkpal.ai\/corrections-policy\/","ethicsPolicy":"https:\/\/talkpal.ai\/ethics-policy\/","diversityPolicy":"https:\/\/talkpal.ai\/diversity-policy\/","diversityStaffingReport":"https:\/\/talkpal.ai\/diversity-policy\/"}]}},"_links":{"self":[{"href":"https:\/\/talkpal.ai\/sk\/wp-json\/wp\/v2\/pages\/128240","targetHints":{"allow":["GET"]}}],"collection":[{"href":"https:\/\/talkpal.ai\/sk\/wp-json\/wp\/v2\/pages"}],"about":[{"href":"https:\/\/talkpal.ai\/sk\/wp-json\/wp\/v2\/types\/page"}],"author":[{"embeddable":true,"href":"https:\/\/talkpal.ai\/sk\/wp-json\/wp\/v2\/users\/1"}],"replies":[{"embeddable":true,"href":"https:\/\/talkpal.ai\/sk\/wp-json\/wp\/v2\/comments?post=128240"}],"version-history":[{"count":0,"href":"https:\/\/talkpal.ai\/sk\/wp-json\/wp\/v2\/pages\/128240\/revisions"}],"wp:featuredmedia":[{"embeddable":true,"href":"https:\/\/talkpal.ai\/sk\/wp-json\/wp\/v2\/media\/106034"}],"wp:attachment":[{"href":"https:\/\/talkpal.ai\/sk\/wp-json\/wp\/v2\/media?parent=128240"}],"curies":[{"name":"wp","href":"https:\/\/api.w.org\/{rel}","templated":true}]}}