{"id":127839,"date":"2023-05-14T13:43:38","date_gmt":"2023-05-14T13:43:38","guid":{"rendered":"http:\/\/talkpal.ai\/arabska-gramatika\/"},"modified":"2025-05-21T11:47:32","modified_gmt":"2025-05-21T11:47:32","slug":"arabska-gramatika","status":"publish","type":"page","link":"https:\/\/talkpal.ai\/sk\/arabska-gramatika\/","title":{"rendered":"Arabsk\u00e1 gramatika"},"content":{"rendered":"\r\n\r\n\r\n<section class=\"languageChallengeSection\">\r\n    <div class=\"languageInfoWrapper\">\r\n        \r\n        <h1>Arabsk\u00e1 gramatika<\/h1>\r\n        <p>Zlep\u0161ite svoje znalosti arab\u010diny sk\u00faman\u00edm z\u00e1kladn\u00fdch gramatick\u00fdch pojmov a jasn\u00fdch vysvetlen\u00ed krok za krokom. Za\u010dnite teraz ovl\u00e1da\u0165 arabsk\u00fa gramatiku a komunikujte plynulej\u0161ie a sebavedomej\u0161ie!<\/p>\r\n\r\n                            <a class=\"getStartedHidden\" href=\"https:\/\/app.talkpal.ai\/sk\/signup?lng=\">Za\u010dni<\/a>\r\n        \r\n    <\/div>\r\n\r\n    <figure>\r\n    <img decoding=\"async\" width=\"768\" height=\"768\" src=\"https:\/\/talkpal.ai\/wp-content\/uploads\/2023\/06\/arabic-768x768.png\" class=\"languageImage no-lazy\" alt=\"Language learning for linguistic diversity\" fetchpriority=\"high\" sizes=\"(max-width: 768px) 150px, 768px\" srcset=\"https:\/\/talkpal.ai\/wp-content\/uploads\/2023\/06\/arabic-768x768.png 768w, https:\/\/talkpal.ai\/wp-content\/uploads\/2023\/06\/arabic-300x300.png 300w\" \/>\r\n    \r\n\r\n    <\/figure>\r\n\r\n            <a class=\"getStartedVisible\" href=\"https:\/\/app.talkpal.ai\/sk\/signup?lng=\">Za\u010dni<\/a>\r\n    \r\n<\/section>\r\n<section class=\"promotionalBanner\">\r\n    <p class=\"promotionalText\">Najefekt\u00edvnej\u0161\u00ed sp\u00f4sob, ako sa nau\u010di\u0165 jazyk<\/p>\r\n    <a class=\"promotionalLink\" href=\"https:\/\/app.talkpal.ai\/sk\/signup?lng=\">Vysk\u00fa\u0161ajte Talkpal zadarmo<\/a>\r\n<\/section>\n<div class=\"wp-block-group pageContainerStyle\"><div class=\"wp-block-group__inner-container is-layout-constrained wp-block-group-is-layout-constrained\">\n<h2 class=\"wp-block-heading\" id=\"h-the-intricacies-of-arabic-grammar-a-journey-through-its-roots-and-beauty\">Zlo\u017eitos\u0165 arabskej gramatiky: cesta cez jej korene a kr\u00e1su<\/h2>\n\n\n\n<p><strong>Pam\u00e4t\u00e1te si, kedy ste sa prv\u00fdkr\u00e1t za\u010dali u\u010di\u0165 anglick\u00fa gramatiku?<\/strong>  Zdanlivo nekone\u010dn\u00e9 pravidl\u00e1, v\u00fdnimky a terminol\u00f3gie vo v\u00e1s mohli ob\u010das zanecha\u0165 pocit ohromenia. Ak uva\u017eujete o \u0161t\u00fadiu arabsk\u00e9ho jazyka, bu\u010fte si ist\u00ed, \u017ee m\u00e1 aj jedine\u010dn\u00fd a zlo\u017eit\u00fd gramatick\u00fd syst\u00e9m. Vydajme sa teda na kr\u00e1tku, ale pou\u010dn\u00fa cestu po kore\u0148och a kr\u00e1se arabskej gramatiky.<\/p>\n\n\n\n<p>Na za\u010diatok si povedzme nieko\u013eko <strong>k\u013e\u00fa\u010dov\u00fdch rozdielov medzi arabskou a anglickou gramatikou.<\/strong> V arab\u010dine sa slov\u00e1 delia do troch kateg\u00f3ri\u00ed: podstatn\u00e9 men\u00e1, sloves\u00e1 a \u010dastice. Na rozdiel od angli\u010dtiny sa arabsk\u00e9 slov\u00e1 riadia kore\u0148ov\u00fdm syst\u00e9mom, \u010do znamen\u00e1, \u017ee m\u00f4\u017eete sledova\u0165 z\u00e1kladn\u00fd v\u00fdznam slova identifik\u00e1ciou jeho kore\u0148a. Tento kore\u0148ov\u00fd syst\u00e9m d\u00e1va arab\u010dine v\u00fdnimo\u010dn\u00fa \u00farove\u0148 h\u013abky a bohatstva. Neuverite\u013en\u00e1 vec na arabskej gramatike je jej spoliehanie sa na vzory, ktor\u00e9 \u010dasto umo\u017e\u0148uj\u00fa re\u010dn\u00edkom vytv\u00e1ra\u0165 nov\u00e9 slov\u00e1 sledovan\u00edm ur\u010dit\u00fdch \u0161trukt\u00far.<\/p>\n\n\n\n<p>\u010eal\u0161\u00edm d\u00f4le\u017eit\u00fdm aspektom <strong>arabskej gramatiky je skuto\u010dnos\u0165, \u017ee ide o rodov\u00fd jazyk<\/strong>, \u010do znamen\u00e1, \u017ee podstatn\u00e9 a pr\u00eddavn\u00e9 men\u00e1 maj\u00fa rodovo \u0161pecifick\u00e9 tvary. Vedeli ste, \u017ee arab\u010dina m\u00e1 okrem jednotn\u00e9ho a mno\u017en\u00e9ho \u010d\u00edsla aj du\u00e1lnu formu? Je to pravda! Arabsk\u00e1 du\u00e1lna forma sa pou\u017e\u00edva na ozna\u010denie p\u00e1rov, ako s\u00fa o\u010di, ruky alebo rodi\u010dia. Prid\u00e1va \u010fal\u0161iu vrstvu \u0161pecifickosti, ktor\u00e1 anglick\u00e9mu jazyku ch\u00fdba.<\/p>\n\n\n\n<p>Teraz sa po\u010fme venova\u0165 <strong>konjug\u00e1cii slovies v arab\u010dine<\/strong>, ktor\u00e1 je <a href=\"https:\/\/talkpal.ai\/locations\/language-courses-in-sama\/\">sama<\/a> o sebe cel\u00fdm nov\u00fdm svetom. Arabsk\u00e9 sloves\u00e1 s\u00fa zalo\u017een\u00e9 na syst\u00e9me kore\u0148ov, ktor\u00e9 sa zvy\u010dajne skladaj\u00fa z troch z\u00e1kladn\u00fdch spoluhl\u00e1sok. Kore\u0148 ur\u010duje z\u00e1kladn\u00fd v\u00fdznam slovesa a pridan\u00edm samohl\u00e1skov\u00fdch vzorov vytv\u00e1rate r\u00f4zne formy slovesa vyjadruj\u00face r\u00f4zne v\u00fdznamy a \u010dasy. Napr\u00edklad zmena samohl\u00e1sok v kore\u0148och m\u00f4\u017ee zmeni\u0165 \u010das z minulosti do s\u00fa\u010dasnosti alebo zmeni\u0165 akt\u00edvne sloveso na pas\u00edvne. Celkom \u00fa\u017easn\u00e9, v\u0161ak?<\/p>\n\n\n\n<p>\u010eal\u0161\u00edm fascinuj\u00facim aspektom arabskej gramatiky, o ktorom mus\u00edme hovori\u0165, je <strong>ur\u010ditos\u0165<\/strong>. V angli\u010dtine pou\u017e\u00edvame slovo &#8222;the&#8220; na ozna\u010denie toho, \u017ee podstatn\u00e9 meno je ur\u010dit\u00e9. V arab\u010dine je tento pojem zakotven\u00fd v jazyku prostredn\u00edctvom malej \u010dastice &#8222;Al-&#8222;, ktor\u00e1 sa prid\u00e1va na za\u010diatok slova. Ke\u010f sa pred podstatn\u00fdm menom uvedie &#8222;Al-&#8222;, st\u00e1va sa ur\u010dit\u00fdm bez \u010fal\u0161\u00edch pr\u00edvlastkov. Tak\u017ee namiesto toho, aby ste v arab\u010dine povedali &#8222;dom je ve\u013ek\u00fd&#8220;, povedali by ste &#8222;Al-baytu kabir&#8220;, kde &#8222;Al-baytu&#8220; znamen\u00e1 &#8222;dom&#8220;.<\/p>\n\n\n\n<p><strong>Konverza\u010dn\u00e1 arab\u010dina<\/strong> je dynamickej\u0161ia a plynulej\u0161ia ako form\u00e1lna arab\u010dina, ako je to v pr\u00edpade ak\u00e9hoko\u013evek jazyka. Zvl\u00e1dnutie z\u00e1kladn\u00fdch princ\u00edpov arabskej gramatiky v\u0161ak zost\u00e1va nevyhnutn\u00e9 pre skuto\u010dn\u00e9 pochopenie a ocenenie jazyka. Akon\u00e1hle sa dostanete na k\u013ab kore\u0148ov\u00fdm vzorom, rodov\u00fdm form\u00e1m a \u010dasovaniu slovies, bude ove\u013ea jednoduch\u0161ie rozpozna\u0165 a nau\u010di\u0165 sa nov\u00e9 slov\u00e1.<\/p>\n\n\n\n<p><strong>U\u010denie arabskej gramatiky<\/strong> sa m\u00f4\u017ee zda\u0165 spo\u010diatku n\u00e1ro\u010dn\u00e9, ale s vytrvalos\u0165ou a odhodlan\u00edm budete schopn\u00ed oceni\u0165 kr\u00e1su tohto zlo\u017eit\u00e9ho jazyka. Rovnako ako rie\u0161enie zlo\u017eitej h\u00e1danky alebo de\u0161ifrovanie \u0161ifrovan\u00e9ho k\u00f3du, odmena spo\u010d\u00edva v uspokojen\u00ed z odomknutia tajomstiev arabsk\u00e9ho jazyka a ponorenia sa do jeho bohatej kult\u00fary, hist\u00f3rie a literat\u00fary. Tak na \u010do \u010dak\u00e1te? Ponorte sa do o\u010daruj\u00faceho sveta arabskej gramatiky a objavte jej skuto\u010dn\u00fa podstatu pre seba.<\/p>\n<\/div><\/div>\n\r\n<section class=\"learnNavigationSection\">\r\n            \r\n        <a href=\"https:\/\/talkpal.ai\/sk\/naucte-sa-arabsky\/\">\r\n            <div class=\"learnNavigationWrapper\">\r\n                <div class=\"learnNavigationContent\">\r\n                    <img decoding=\"async\" src=\"https:\/\/talkpal.ai\/wp-content\/uploads\/2024\/08\/Arabic.jpg\" alt=\"Arabic Flag\">\r\n                    <div>\r\n                        <h4>O \u0161t\u00fadiu arab\u010diny<\/h4>\r\n                        <p>Zistite v\u0161etko o arabskej gramatike.<\/p>\r\n                    <\/div>\r\n                <\/div>\r\n            <\/div>\r\n        <\/a>\r\n\r\n        \r\n        <a href=\"https:\/\/talkpal.ai\/sk\/arabske-gramaticke-cvicenia\/\">\r\n            <div class=\"learnNavigationWrapper\">\r\n                <div class=\"learnNavigationContent\">\r\n                    <img decoding=\"async\" src=\"https:\/\/talkpal.ai\/wp-content\/uploads\/2024\/08\/Arabic.jpg\" alt=\"Arabic Flag\">\r\n                    <div>\r\n                        <h4>Cvi\u010denie z arabskej gramatiky<\/h4>\r\n                        <p>Precvi\u010dte si arabsk\u00fa gramatiku.<\/p>\r\n                    <\/div>\r\n                <\/div>\r\n            <\/div>\r\n        <\/a>\r\n\r\n        \r\n        <a href=\"https:\/\/talkpal.ai\/vocabulary_language\/arabic\/\">\r\n            <div class=\"learnNavigationWrapper\">\r\n                <div class=\"learnNavigationContent\">\r\n                    <img decoding=\"async\" src=\"https:\/\/talkpal.ai\/wp-content\/uploads\/2024\/08\/Arabic.jpg\" alt=\"Arabic Flag\">\r\n                    <div>\r\n                        <h4>Arabsk\u00e1 slovn\u00e1 z\u00e1soba<\/h4>\r\n                        <p>Roz\u0161\u00edrte si slovn\u00fa z\u00e1sobu arab\u010diny.<\/p>\r\n                    <\/div>\r\n                <\/div>\r\n            <\/div>\r\n        <\/a>\r\n\r\n            <\/section>","protected":false},"excerpt":{"rendered":"<p>Zlo\u017eitos\u0165 arabskej gramatiky: cesta cez jej korene a kr\u00e1su Pam\u00e4t\u00e1te si, kedy ste sa prv\u00fdkr\u00e1t za\u010dali u\u010di\u0165 anglick\u00fa gramatiku? Zdanlivo nekone\u010dn\u00e9 pravidl\u00e1, v\u00fdnimky a terminol\u00f3gie vo v\u00e1s mohli ob\u010das zanecha\u0165 pocit ohromenia. Ak uva\u017eujete o \u0161t\u00fadiu arabsk\u00e9ho jazyka, bu\u010fte si ist\u00ed, \u017ee m\u00e1 aj jedine\u010dn\u00fd a zlo\u017eit\u00fd gramatick\u00fd syst\u00e9m. Vydajme sa teda na kr\u00e1tku, ale [&hellip;]<\/p>\n","protected":false},"author":1,"featured_media":105819,"parent":0,"menu_order":0,"comment_status":"closed","ping_status":"closed","template":"LearningContentPage.php","meta":{"_acf_changed":false,"footnotes":""},"class_list":["post-127839","page","type-page","status-publish","has-post-thumbnail","hentry"],"acf":[],"yoast_head":"<!-- This site is optimized with the Yoast SEO Premium plugin v27.2 (Yoast SEO v27.2) - https:\/\/yoast.com\/product\/yoast-seo-premium-wordpress\/ -->\n<title>Arabsk\u00e1 gramatika - Talkpal<\/title>\n<meta name=\"description\" content=\"Presk\u00famajte zlo\u017eitosti arabskej gramatiky a objavte jej jedine\u010dn\u00fa \u0161trukt\u00faru v porovnan\u00ed s anglickou gramatikou.\" \/>\n<meta name=\"robots\" content=\"index, follow, max-snippet:-1, max-image-preview:large, max-video-preview:-1\" \/>\n<link rel=\"canonical\" href=\"https:\/\/talkpal.ai\/sk\/arabska-gramatika\/\" \/>\n<meta property=\"og:locale\" content=\"sk_SK\" \/>\n<meta property=\"og:type\" content=\"article\" \/>\n<meta property=\"og:title\" content=\"Arabsk\u00e1 gramatika\" \/>\n<meta property=\"og:description\" content=\"Zlo\u017eitos\u0165 arabskej gramatiky: cesta cez jej korene a kr\u00e1su Pam\u00e4t\u00e1te si, kedy ste sa prv\u00fdkr\u00e1t za\u010dali u\u010di\u0165 anglick\u00fa gramatiku? Zdanlivo nekone\u010dn\u00e9 pravidl\u00e1,\" \/>\n<meta property=\"og:url\" content=\"https:\/\/talkpal.ai\/sk\/arabska-gramatika\/\" \/>\n<meta property=\"og:site_name\" content=\"Talkpal\" \/>\n<meta property=\"article:publisher\" content=\"https:\/\/www.facebook.com\/profile.php?id=100090733639311\" \/>\n<meta property=\"article:modified_time\" content=\"2025-05-21T11:47:32+00:00\" \/>\n<meta property=\"og:image\" content=\"https:\/\/talkpal.ai\/wp-content\/uploads\/2023\/04\/arabic-united-arab-emirates.png\" \/>\n\t<meta property=\"og:image:width\" content=\"512\" \/>\n\t<meta property=\"og:image:height\" content=\"512\" \/>\n\t<meta property=\"og:image:type\" content=\"image\/png\" \/>\n<meta name=\"twitter:card\" content=\"summary_large_image\" \/>\n<meta name=\"twitter:site\" content=\"@talkpalai\" \/>\n<meta name=\"twitter:label1\" content=\"Predpokladan\u00fd \u010das \u010d\u00edtania\" \/>\n\t<meta name=\"twitter:data1\" content=\"3 min\u00faty\" \/>\n<script type=\"application\/ld+json\" class=\"yoast-schema-graph\">{\"@context\":\"https:\/\/schema.org\",\"@graph\":[{\"@type\":\"WebPage\",\"@id\":\"https:\/\/talkpal.ai\/sk\/arabska-gramatika\/\",\"url\":\"https:\/\/talkpal.ai\/sk\/arabska-gramatika\/\",\"name\":\"Arabsk\u00e1 gramatika - Talkpal\",\"isPartOf\":{\"@id\":\"https:\/\/talkpal.ai\/sk\/#website\"},\"primaryImageOfPage\":{\"@id\":\"https:\/\/talkpal.ai\/sk\/arabska-gramatika\/#primaryimage\"},\"image\":{\"@id\":\"https:\/\/talkpal.ai\/sk\/arabska-gramatika\/#primaryimage\"},\"thumbnailUrl\":\"https:\/\/talkpal.ai\/wp-content\/uploads\/2023\/04\/arabic-united-arab-emirates.png\",\"datePublished\":\"2023-05-14T13:43:38+00:00\",\"dateModified\":\"2025-05-21T11:47:32+00:00\",\"description\":\"Presk\u00famajte zlo\u017eitosti arabskej gramatiky a objavte jej jedine\u010dn\u00fa \u0161trukt\u00faru v porovnan\u00ed s anglickou gramatikou.\",\"breadcrumb\":{\"@id\":\"https:\/\/talkpal.ai\/sk\/arabska-gramatika\/#breadcrumb\"},\"inLanguage\":\"sk-SK\",\"potentialAction\":[{\"@type\":\"ReadAction\",\"target\":[\"https:\/\/talkpal.ai\/sk\/arabska-gramatika\/\"]}]},{\"@type\":\"ImageObject\",\"inLanguage\":\"sk-SK\",\"@id\":\"https:\/\/talkpal.ai\/sk\/arabska-gramatika\/#primaryimage\",\"url\":\"https:\/\/talkpal.ai\/wp-content\/uploads\/2023\/04\/arabic-united-arab-emirates.png\",\"contentUrl\":\"https:\/\/talkpal.ai\/wp-content\/uploads\/2023\/04\/arabic-united-arab-emirates.png\",\"width\":512,\"height\":512},{\"@type\":\"BreadcrumbList\",\"@id\":\"https:\/\/talkpal.ai\/sk\/arabska-gramatika\/#breadcrumb\",\"itemListElement\":[{\"@type\":\"ListItem\",\"position\":1,\"name\":\"Homepage\",\"item\":\"https:\/\/talkpal.ai\/sk\/\"},{\"@type\":\"ListItem\",\"position\":2,\"name\":\"Arabsk\u00e1 gramatika\"}]},{\"@type\":\"WebSite\",\"@id\":\"https:\/\/talkpal.ai\/sk\/#website\",\"url\":\"https:\/\/talkpal.ai\/sk\/\",\"name\":\"Talkpal\",\"description\":\"AI Language Learning\",\"publisher\":{\"@id\":\"https:\/\/talkpal.ai\/sk\/#organization\"},\"alternateName\":\"Talkpal AI\",\"potentialAction\":[{\"@type\":\"SearchAction\",\"target\":{\"@type\":\"EntryPoint\",\"urlTemplate\":\"https:\/\/talkpal.ai\/sk\/?s={search_term_string}\"},\"query-input\":{\"@type\":\"PropertyValueSpecification\",\"valueRequired\":true,\"valueName\":\"search_term_string\"}}],\"inLanguage\":\"sk-SK\"},{\"@type\":\"Organization\",\"@id\":\"https:\/\/talkpal.ai\/sk\/#organization\",\"name\":\"Talkpal, Inc.\",\"alternateName\":\"Talkpal AI\",\"url\":\"https:\/\/talkpal.ai\/sk\/\",\"logo\":{\"@type\":\"ImageObject\",\"inLanguage\":\"sk-SK\",\"@id\":\"https:\/\/talkpal.ai\/sk\/#\/schema\/logo\/image\/\",\"url\":\"https:\/\/talkpal.ai\/wp-content\/uploads\/2024\/03\/Talkpal-Logo-Icon.png\",\"contentUrl\":\"https:\/\/talkpal.ai\/wp-content\/uploads\/2024\/03\/Talkpal-Logo-Icon.png\",\"width\":2880,\"height\":2880,\"caption\":\"Talkpal, Inc.\"},\"image\":{\"@id\":\"https:\/\/talkpal.ai\/sk\/#\/schema\/logo\/image\/\"},\"sameAs\":[\"https:\/\/www.facebook.com\/profile.php?id=100090733639311\",\"https:\/\/x.com\/talkpalai\",\"https:\/\/www.linkedin.com\/company\/talkpal\/\",\"https:\/\/www.youtube.com\/@TalkPal\/\",\"https:\/\/www.tiktok.com\/@talkpal\",\"https:\/\/www.instagram.com\/talkpal_ai\/\",\"https:\/\/www.crunchbase.com\/organization\/talkpal-9cde\",\"https:\/\/www.g2.com\/products\/talkpal-for-business\/\",\"https:\/\/www.trustpilot.com\/review\/talkpal.ai\",\"https:\/\/www.capterra.com\/p\/10006800\/TalkPal\/\"],\"description\":\"Talkpal is a language learning web and mobile education app, powered by the latest AI technologies, that provides engaging experiences to its customers in many different languages to help them improve their language skills. Users can chat about unlimited amount of topics with the app and use other modes to practice their language learning.\",\"email\":\"support@talkpal.ai\",\"legalName\":\"Talkpal, Inc.\",\"foundingDate\":\"2023-04-03\",\"duns\":\"118989042\",\"numberOfEmployees\":{\"@type\":\"QuantitativeValue\",\"minValue\":\"11\",\"maxValue\":\"50\"},\"publishingPrinciples\":\"https:\/\/talkpal.ai\/publishing-principles\/\",\"actionableFeedbackPolicy\":\"https:\/\/talkpal.ai\/actionable-feedback-policy\/\",\"correctionsPolicy\":\"https:\/\/talkpal.ai\/corrections-policy\/\",\"ethicsPolicy\":\"https:\/\/talkpal.ai\/ethics-policy\/\",\"diversityPolicy\":\"https:\/\/talkpal.ai\/diversity-policy\/\",\"diversityStaffingReport\":\"https:\/\/talkpal.ai\/diversity-policy\/\"}]}<\/script>\n<!-- \/ Yoast SEO Premium plugin. -->","yoast_head_json":{"title":"Arabsk\u00e1 gramatika - Talkpal","description":"Presk\u00famajte zlo\u017eitosti arabskej gramatiky a objavte jej jedine\u010dn\u00fa \u0161trukt\u00faru v porovnan\u00ed s anglickou gramatikou.","robots":{"index":"index","follow":"follow","max-snippet":"max-snippet:-1","max-image-preview":"max-image-preview:large","max-video-preview":"max-video-preview:-1"},"canonical":"https:\/\/talkpal.ai\/sk\/arabska-gramatika\/","og_locale":"sk_SK","og_type":"article","og_title":"Arabsk\u00e1 gramatika","og_description":"Zlo\u017eitos\u0165 arabskej gramatiky: cesta cez jej korene a kr\u00e1su Pam\u00e4t\u00e1te si, kedy ste sa prv\u00fdkr\u00e1t za\u010dali u\u010di\u0165 anglick\u00fa gramatiku? Zdanlivo nekone\u010dn\u00e9 pravidl\u00e1,","og_url":"https:\/\/talkpal.ai\/sk\/arabska-gramatika\/","og_site_name":"Talkpal","article_publisher":"https:\/\/www.facebook.com\/profile.php?id=100090733639311","article_modified_time":"2025-05-21T11:47:32+00:00","og_image":[{"width":512,"height":512,"url":"https:\/\/talkpal.ai\/wp-content\/uploads\/2023\/04\/arabic-united-arab-emirates.png","type":"image\/png"}],"twitter_card":"summary_large_image","twitter_site":"@talkpalai","twitter_misc":{"Predpokladan\u00fd \u010das \u010d\u00edtania":"3 min\u00faty"},"schema":{"@context":"https:\/\/schema.org","@graph":[{"@type":"WebPage","@id":"https:\/\/talkpal.ai\/sk\/arabska-gramatika\/","url":"https:\/\/talkpal.ai\/sk\/arabska-gramatika\/","name":"Arabsk\u00e1 gramatika - Talkpal","isPartOf":{"@id":"https:\/\/talkpal.ai\/sk\/#website"},"primaryImageOfPage":{"@id":"https:\/\/talkpal.ai\/sk\/arabska-gramatika\/#primaryimage"},"image":{"@id":"https:\/\/talkpal.ai\/sk\/arabska-gramatika\/#primaryimage"},"thumbnailUrl":"https:\/\/talkpal.ai\/wp-content\/uploads\/2023\/04\/arabic-united-arab-emirates.png","datePublished":"2023-05-14T13:43:38+00:00","dateModified":"2025-05-21T11:47:32+00:00","description":"Presk\u00famajte zlo\u017eitosti arabskej gramatiky a objavte jej jedine\u010dn\u00fa \u0161trukt\u00faru v porovnan\u00ed s anglickou gramatikou.","breadcrumb":{"@id":"https:\/\/talkpal.ai\/sk\/arabska-gramatika\/#breadcrumb"},"inLanguage":"sk-SK","potentialAction":[{"@type":"ReadAction","target":["https:\/\/talkpal.ai\/sk\/arabska-gramatika\/"]}]},{"@type":"ImageObject","inLanguage":"sk-SK","@id":"https:\/\/talkpal.ai\/sk\/arabska-gramatika\/#primaryimage","url":"https:\/\/talkpal.ai\/wp-content\/uploads\/2023\/04\/arabic-united-arab-emirates.png","contentUrl":"https:\/\/talkpal.ai\/wp-content\/uploads\/2023\/04\/arabic-united-arab-emirates.png","width":512,"height":512},{"@type":"BreadcrumbList","@id":"https:\/\/talkpal.ai\/sk\/arabska-gramatika\/#breadcrumb","itemListElement":[{"@type":"ListItem","position":1,"name":"Homepage","item":"https:\/\/talkpal.ai\/sk\/"},{"@type":"ListItem","position":2,"name":"Arabsk\u00e1 gramatika"}]},{"@type":"WebSite","@id":"https:\/\/talkpal.ai\/sk\/#website","url":"https:\/\/talkpal.ai\/sk\/","name":"Talkpal","description":"AI Language Learning","publisher":{"@id":"https:\/\/talkpal.ai\/sk\/#organization"},"alternateName":"Talkpal AI","potentialAction":[{"@type":"SearchAction","target":{"@type":"EntryPoint","urlTemplate":"https:\/\/talkpal.ai\/sk\/?s={search_term_string}"},"query-input":{"@type":"PropertyValueSpecification","valueRequired":true,"valueName":"search_term_string"}}],"inLanguage":"sk-SK"},{"@type":"Organization","@id":"https:\/\/talkpal.ai\/sk\/#organization","name":"Talkpal, Inc.","alternateName":"Talkpal AI","url":"https:\/\/talkpal.ai\/sk\/","logo":{"@type":"ImageObject","inLanguage":"sk-SK","@id":"https:\/\/talkpal.ai\/sk\/#\/schema\/logo\/image\/","url":"https:\/\/talkpal.ai\/wp-content\/uploads\/2024\/03\/Talkpal-Logo-Icon.png","contentUrl":"https:\/\/talkpal.ai\/wp-content\/uploads\/2024\/03\/Talkpal-Logo-Icon.png","width":2880,"height":2880,"caption":"Talkpal, Inc."},"image":{"@id":"https:\/\/talkpal.ai\/sk\/#\/schema\/logo\/image\/"},"sameAs":["https:\/\/www.facebook.com\/profile.php?id=100090733639311","https:\/\/x.com\/talkpalai","https:\/\/www.linkedin.com\/company\/talkpal\/","https:\/\/www.youtube.com\/@TalkPal\/","https:\/\/www.tiktok.com\/@talkpal","https:\/\/www.instagram.com\/talkpal_ai\/","https:\/\/www.crunchbase.com\/organization\/talkpal-9cde","https:\/\/www.g2.com\/products\/talkpal-for-business\/","https:\/\/www.trustpilot.com\/review\/talkpal.ai","https:\/\/www.capterra.com\/p\/10006800\/TalkPal\/"],"description":"Talkpal is a language learning web and mobile education app, powered by the latest AI technologies, that provides engaging experiences to its customers in many different languages to help them improve their language skills. Users can chat about unlimited amount of topics with the app and use other modes to practice their language learning.","email":"support@talkpal.ai","legalName":"Talkpal, Inc.","foundingDate":"2023-04-03","duns":"118989042","numberOfEmployees":{"@type":"QuantitativeValue","minValue":"11","maxValue":"50"},"publishingPrinciples":"https:\/\/talkpal.ai\/publishing-principles\/","actionableFeedbackPolicy":"https:\/\/talkpal.ai\/actionable-feedback-policy\/","correctionsPolicy":"https:\/\/talkpal.ai\/corrections-policy\/","ethicsPolicy":"https:\/\/talkpal.ai\/ethics-policy\/","diversityPolicy":"https:\/\/talkpal.ai\/diversity-policy\/","diversityStaffingReport":"https:\/\/talkpal.ai\/diversity-policy\/"}]}},"_links":{"self":[{"href":"https:\/\/talkpal.ai\/sk\/wp-json\/wp\/v2\/pages\/127839","targetHints":{"allow":["GET"]}}],"collection":[{"href":"https:\/\/talkpal.ai\/sk\/wp-json\/wp\/v2\/pages"}],"about":[{"href":"https:\/\/talkpal.ai\/sk\/wp-json\/wp\/v2\/types\/page"}],"author":[{"embeddable":true,"href":"https:\/\/talkpal.ai\/sk\/wp-json\/wp\/v2\/users\/1"}],"replies":[{"embeddable":true,"href":"https:\/\/talkpal.ai\/sk\/wp-json\/wp\/v2\/comments?post=127839"}],"version-history":[{"count":0,"href":"https:\/\/talkpal.ai\/sk\/wp-json\/wp\/v2\/pages\/127839\/revisions"}],"wp:featuredmedia":[{"embeddable":true,"href":"https:\/\/talkpal.ai\/sk\/wp-json\/wp\/v2\/media\/105819"}],"wp:attachment":[{"href":"https:\/\/talkpal.ai\/sk\/wp-json\/wp\/v2\/media?parent=127839"}],"curies":[{"name":"wp","href":"https:\/\/api.w.org\/{rel}","templated":true}]}}