{"id":126746,"date":"2023-03-26T12:27:22","date_gmt":"2023-03-26T12:27:22","guid":{"rendered":"http:\/\/talkpal.ai\/talianska-gramatika\/"},"modified":"2025-05-22T18:43:07","modified_gmt":"2025-05-22T18:43:07","slug":"talianska-gramatika","status":"publish","type":"page","link":"https:\/\/talkpal.ai\/sk\/talianska-gramatika\/","title":{"rendered":"Talianska gramatika"},"content":{"rendered":"\r\n\r\n\r\n<section class=\"languageChallengeSection\">\r\n    <div class=\"languageInfoWrapper\">\r\n        \r\n        <h1>Talianska gramatika<\/h1>\r\n        <p>Objavte z\u00e1klady talianskeho jazyka t\u00fdm, \u017ee sa nau\u010d\u00edte jeho z\u00e1kladn\u00e9 gramatick\u00e9 pravidl\u00e1. Zvl\u00e1dnutie talianskej gramatiky v\u00e1m pom\u00f4\u017ee sebavedomo sa vyjadrova\u0165 a hlb\u0161ie sa spoji\u0165 s bohatou talianskou kult\u00farou. Za\u010dnite sa u\u010di\u0165 taliansku gramatiku e\u0161te dnes a urobte prv\u00fd krok k plynulosti!<\/p>\r\n\r\n                            <a class=\"getStartedHidden\" href=\"https:\/\/app.talkpal.ai\/sk\/signup?lng=\">Za\u010dni<\/a>\r\n        \r\n    <\/div>\r\n\r\n    <figure>\r\n    <img decoding=\"async\" width=\"768\" height=\"768\" src=\"https:\/\/talkpal.ai\/wp-content\/uploads\/2023\/06\/italian-768x768.png\" class=\"languageImage no-lazy\" alt=\"Language learning for increased memory capacity\" fetchpriority=\"high\" sizes=\"(max-width: 768px) 150px, 768px\" srcset=\"https:\/\/talkpal.ai\/wp-content\/uploads\/2023\/06\/italian-768x768.png 768w, https:\/\/talkpal.ai\/wp-content\/uploads\/2023\/06\/italian-300x300.png 300w\" \/>\r\n    \r\n\r\n    <\/figure>\r\n\r\n            <a class=\"getStartedVisible\" href=\"https:\/\/app.talkpal.ai\/sk\/signup?lng=\">Za\u010dni<\/a>\r\n    \r\n<\/section>\r\n        <section class=\"grammarSection\">\r\n            <div class=\"grammarLinks\">\r\n                <a href=\"https:\/\/talkpal.ai\/sk\/language\/negacia-a-vypocuvanie-talianska-gramatika\/\">Neg\u00e1cia a vypo\u010d\u00favanie <\/a><a href=\"https:\/\/talkpal.ai\/sk\/language\/podstatne-mena-talianska-gramatika\/\">Podstatn\u00e9 men\u00e1 <\/a><a href=\"https:\/\/talkpal.ai\/sk\/language\/predlozky-talianska-gramatika\/\">Predlo\u017eky <\/a><a href=\"https:\/\/talkpal.ai\/sk\/language\/pridavne-mena-talianska-gramatika\/\">Pr\u00eddavn\u00e9 men\u00e1 <\/a><a href=\"https:\/\/talkpal.ai\/sk\/language\/prislovky-talianska-gramatika\/\">Pr\u00edslovky <\/a><a href=\"https:\/\/talkpal.ai\/sk\/language\/slovesa-talianska-gramatika\/\">Sloves\u00e1 <\/a><a href=\"https:\/\/talkpal.ai\/sk\/language\/spojky-talianska-gramatika\/\">Spojky <\/a><a href=\"https:\/\/talkpal.ai\/sk\/language\/syntax-a-struktura-viet-talianska-gramatika\/\">Syntax a \u0161trukt\u00fara viet <\/a><a href=\"https:\/\/talkpal.ai\/sk\/language\/zamena-talianska-gramatika\/\">Z\u00e1men\u00e1 <\/a>            <\/div>\r\n        <\/section>\r\n    <section class=\"promotionalBanner\">\r\n    <p class=\"promotionalText\">Najefekt\u00edvnej\u0161\u00ed sp\u00f4sob, ako sa nau\u010di\u0165 jazyk<\/p>\r\n    <a class=\"promotionalLink\" href=\"https:\/\/app.talkpal.ai\/sk\/signup?lng=\">Vysk\u00fa\u0161ajte Talkpal zadarmo<\/a>\r\n<\/section>\n<div class=\"wp-block-group pageContainerStyle\"><div class=\"wp-block-group__inner-container is-layout-constrained wp-block-group-is-layout-constrained\">\n<h2 class=\"wp-block-heading\" id=\"h-mastering-the-art-of-italian-grammar-your-ultimate-guide\">Zvl\u00e1dnutie umenia talianskej gramatiky: V\u00e1\u0161 dokonal\u00fd sprievodca<\/h2>\n\n\n\n<p>Ciao, <a href=\"https:\/\/talkpal.ai\/talkpal-discount-for-language-enthusiasts\/\">jazykov\u00ed nad\u0161enci<\/a>! Ste pripraven\u00ed ponori\u0165 sa do sveta talianskej gramatiky? Ste na spr\u00e1vnom mieste. Tento \u010dl\u00e1nok je nabit\u00fd \u013eahko str\u00e1vite\u013en\u00fdmi inform\u00e1ciami a konverza\u010dn\u00fdm t\u00f3nom, ktor\u00e9 v\u00e1s preved\u00fa fascinuj\u00facim (a niekedy zlo\u017eit\u00fdm) svetom talianskej gramatiky, aby ste mohli s istotou tvori\u0165 vety a vies\u0165 zmyslupln\u00e9 rozhovory s roden\u00fdmi hovorcami. Tak\u017ee sa prip\u00fatajte a za\u010dnime!<\/p>\n\n\n\n<h3 class=\"wp-block-heading\" id=\"h-but-first-why-italian-grammar\">Ale najprv, pre\u010do talianska gramatika?<\/h3>\n\n\n\n<p>Ak sa u\u010d\u00edte talian\u010dinu, je pre plynul\u00e9 rozpr\u00e1vanie, \u010d\u00edtanie a p\u00edsanie nevyhnutn\u00e9 ma\u0165 pevn\u00e9 z\u00e1klady gramatiky. <a href=\"https:\/\/talkpal.ai\/sk\/grammar\/genere-v-talianskej-gramatike\/\">Talianska gramatika<\/a> sa na prv\u00fd poh\u013ead m\u00f4\u017ee zda\u0165 zlo\u017eit\u00e1, ale po rozdelen\u00ed na men\u0161ie, \u013eah\u0161ie zvl\u00e1dnute\u013en\u00e9 \u010dasti je pomerne jednoduch\u00e1. Tak za\u010dnime va\u0161u cestu k zvl\u00e1dnutiu talianskej gramatiky!<\/p>\n\n\n\n<h3 class=\"wp-block-heading\" id=\"h-1-nouns-articles-and-gender\">1. Podstatn\u00e9 men\u00e1, \u010dleny a rod<\/h3>\n\n\n\n<p>Talianske podstatn\u00e9 men\u00e1 sa pou\u017e\u00edvaj\u00fa v dvoch rodoch: mu\u017eskom a \u017eenskom. Na rozdiel od angli\u010dtiny, kde rod podstatn\u00e9ho mena nie je d\u00f4le\u017eit\u00fd, talian\u010dina vy\u017eaduje spr\u00e1vny rod pre spr\u00e1vnu stavbu vety. Dok\u00e1\u017eete odhadn\u00fa\u0165 rod podstatn\u00fdch mien ako &#8222;tavolo&#8220; (st\u00f4l) alebo &#8222;casa&#8220; (dom)? Ak ste uh\u00e1dli mu\u017esk\u00fd rod pre &#8222;tavolo&#8220; a \u017eensk\u00fd rod pre &#8222;casa&#8220;, bravo!<\/p>\n\n\n\n<p>V talian\u010dine sa podstatn\u00e9 men\u00e1 zvy\u010dajne kon\u010dia na &#8222;-o&#8220; pre mu\u017esk\u00fd rod a na &#8222;-a&#8220; pre \u017eensk\u00fd rod. Existuj\u00fa v\u00fdnimky &#8211; niektor\u00e9 slov\u00e1 sa kon\u010dia na &#8222;-e&#8220; a m\u00f4\u017eu by\u0165 oboch rodov &#8211; ale teraz majme na pam\u00e4ti t\u00fato z\u00e1kladn\u00fa z\u00e1sadu.<\/p>\n\n\n\n<p>Teraz sa po\u010fme porozpr\u00e1va\u0165 o \u010dl\u00e1nkoch. Rovnako ako v angli\u010dtine, aj v sloven\u010dine potrebujeme \u010dleny pred podstatn\u00fdmi menami. Talian\u010dina m\u00e1 ur\u010dit\u00e9 (il, lo, la, i, gli, le) a neur\u010dit\u00e9 \u010dleny (un, uno, una).<\/p>\n\n\n\n<p>Ako si teda vybra\u0165, ktor\u00fd ur\u010dit\u00fd \u010dlen pou\u017ei\u0165?<\/p>\n\n\n\n<p>&#8211; &#8222;il&#8220; a &#8222;i&#8220; pre podstatn\u00e9 men\u00e1 mu\u017esk\u00e9ho rodu, ktor\u00e9 za\u010d\u00ednaj\u00fa na spoluhl\u00e1sku, napr. il libro (kniha), i libri (knihy)<br\/>&#8211; &#8222;lo&#8220; a &#8222;gli&#8220; pre podstatn\u00e9 men\u00e1 mu\u017esk\u00e9ho rodu, ktor\u00e9 za\u010d\u00ednaj\u00fa na &#8222;s&#8220;, po ktorom nasleduje spoluhl\u00e1ska, samohl\u00e1ska (okrem &#8222;u&#8220;) alebo &#8222;z&#8220;, napr. lo <a href=\"https:\/\/talkpal.ai\/talkpal-discount-for-students\/\">studente<\/a> (\u0161tudent), gli <a href=\"https:\/\/talkpal.ai\/talkpal-discount-for-students\/\">studenti<\/a> (\u0161tudenti)<br\/>&#8211; &#8222;la&#8220; a &#8222;le&#8220; pre podstatn\u00e9 men\u00e1 \u017eensk\u00e9ho rodu, napr. la casa (dom), le case (domy)<\/p>\n\n\n\n<h3 class=\"wp-block-heading\" id=\"h-2-adjectives-and-agreement\">2. Pr\u00eddavn\u00e9 men\u00e1 a zhoda<\/h3>\n\n\n\n<p>Pr\u00eddavn\u00e9 men\u00e1 v talian\u010dine sa musia zhodova\u0165 s podstatn\u00fdm menom, ktor\u00e9 modifikuj\u00fa, v rode a \u010d\u00edsle. Napr\u00edklad, ak chcete op\u00edsa\u0165 chutn\u00fa pizzu, povedzte &#8222;una pizza deliziosa&#8220; a nie &#8222;delizioso&#8220;. Nezabudnite, \u017ee pr\u00eddavn\u00e9 meno v talian\u010dine zvy\u010dajne nasleduje po podstatnom mene.<\/p>\n\n\n\n<h3 class=\"wp-block-heading\" id=\"h-3-verbs-tense-and-conjugation\">3. Sloves\u00e1, \u010dasovanie a \u010dasovanie<\/h3>\n\n\n\n<p>Talianske sloves\u00e1 s\u00fa d\u00f4le\u017eitou s\u00fa\u010das\u0165ou gramatiky. Existuj\u00fa tri slovesn\u00e9 kateg\u00f3rie (-are, -ere a -ire) a mno\u017estvo nepravideln\u00fdch slovies, tak\u017ee m\u00e1me \u010do robi\u0165! Pre r\u00fdchly preh\u013ead sa budeme venova\u0165 pr\u00edtomn\u00e9mu \u010dasu pravideln\u00fdch slovies.<\/p>\n\n\n\n<p>&#8211; &#8222;-are&#8220; sloves\u00e1: napr. parlare (hovori\u0165): io parlo, tu parli, lui\/lei <a href=\"https:\/\/talkpal.ai\/locations\/language-courses-in-parla\/\">parla<\/a>, noi parliamo, voi parlate, loro parlano<br\/>&#8211; &#8222;-ere&#8220; sloves\u00e1: napr. leggere (\u010d\u00edta\u0165): io leggo, tu leggi, lui\/lei legge, noi leggiamo, voi leggete, loro leggono<br\/>&#8211; &#8222;-ire&#8220; sloves\u00e1: napr. finire (dokon\u010di\u0165): io finisco, tu finisci, lui\/lei finisce, noi finiamo, voi finite, loro finiscono<\/p>\n\n\n\n<p>Nezabudnite, \u017ee toto je len \u0161pi\u010dka \u013eadovca! Existuje mnoho \u010fal\u0161\u00edch \u010dasov a nepravideln\u00fdch slovies, ktor\u00e9 sa treba nau\u010di\u0165, ale ka\u017ed\u00e1 cesta sa za\u010d\u00edna jedn\u00fdm krokom.<\/p>\n\n\n\n<h3 class=\"wp-block-heading\" id=\"h-4-prepositions-pronouns-and-more\">4. Predlo\u017eky, z\u00e1men\u00e1 a \u010fal\u0161ie!<\/h3>\n\n\n\n<p><a href=\"https:\/\/talkpal.ai\/sk\/grammar\/genere-v-talianskej-gramatike\/\">Talianska gramatika<\/a> m\u00e1 mnoho \u010fal\u0161\u00edch zlo\u017eiek, ako s\u00fa predlo\u017eky (di, a, da, in, su at\u010f.), z\u00e1men\u00e1 (io, tu, lui\/lei at\u010f.), zvratn\u00e9 sloves\u00e1 a idiomatick\u00e9 v\u00fdrazy. Ka\u017ed\u00e1 zlo\u017eka je k\u013e\u00fa\u010dom k odomknutiu va\u0161ej plynulosti, preto postupujte postupne.<\/p>\n\n\n\n<p>Na z\u00e1ver chcem poveda\u0165, \u017ee na zvl\u00e1dnutie talianskej gramatiky neexistuje \u017eiadna skratka. Vy\u017eaduje si to vytrvalos\u0165, prax a trpezlivos\u0165. Ale ke\u010f si ho osvoj\u00edte, budete m\u00f4c\u0165 za\u017ei\u0165 kr\u00e1su konverz\u00e1cie v talian\u010dine, objavova\u0165 bohat\u00fa kult\u00faru a hist\u00f3riu a preh\u013abi\u0165 svoje uznanie pre tento jazyk. <a href=\"https:\/\/talkpal.ai\/culture\/why-is-the-phrase-buona-fortuna-traditionally-considered-bad-luck-in-italian-theatre\/\">Buona fortuna<\/a>!<\/p>\n<\/div><\/div>\n\r\n<section class=\"learnNavigationSection\">\r\n            \r\n        <a href=\"https:\/\/talkpal.ai\/sk\/ucte-sa-taliansky\/\">\r\n            <div class=\"learnNavigationWrapper\">\r\n                <div class=\"learnNavigationContent\">\r\n                    <img decoding=\"async\" src=\"https:\/\/talkpal.ai\/wp-content\/uploads\/2024\/08\/Italian.jpg\" alt=\"Italian Flag\">\r\n                    <div>\r\n                        <h4>O \u0161t\u00fadiu talian\u010diny<\/h4>\r\n                        <p>Zistite v\u0161etko o talianskej gramatike.<\/p>\r\n                    <\/div>\r\n                <\/div>\r\n            <\/div>\r\n        <\/a>\r\n\r\n        \r\n        <a href=\"https:\/\/talkpal.ai\/sk\/talianske-gramaticke-cvicenia\/\">\r\n            <div class=\"learnNavigationWrapper\">\r\n                <div class=\"learnNavigationContent\">\r\n                    <img decoding=\"async\" src=\"https:\/\/talkpal.ai\/wp-content\/uploads\/2024\/08\/Italian.jpg\" alt=\"Italian Flag\">\r\n                    <div>\r\n                        <h4>Cvi\u010denie z talianskej gramatiky<\/h4>\r\n                        <p>Precvi\u010dte si taliansku gramatiku.<\/p>\r\n                    <\/div>\r\n                <\/div>\r\n            <\/div>\r\n        <\/a>\r\n\r\n        \r\n        <a href=\"https:\/\/talkpal.ai\/vocabulary_language\/italian\/\">\r\n            <div class=\"learnNavigationWrapper\">\r\n                <div class=\"learnNavigationContent\">\r\n                    <img decoding=\"async\" src=\"https:\/\/talkpal.ai\/wp-content\/uploads\/2024\/08\/Italian.jpg\" alt=\"Italian Flag\">\r\n                    <div>\r\n                        <h4>Talianska slovn\u00e1 z\u00e1soba<\/h4>\r\n                        <p>Roz\u0161\u00edrte si taliansku slovn\u00fa z\u00e1sobu.<\/p>\r\n                    <\/div>\r\n                <\/div>\r\n            <\/div>\r\n        <\/a>\r\n\r\n            <\/section>","protected":false},"excerpt":{"rendered":"<p>Zvl\u00e1dnutie umenia talianskej gramatiky: V\u00e1\u0161 dokonal\u00fd sprievodca Ciao, jazykov\u00ed nad\u0161enci! Ste pripraven\u00ed ponori\u0165 sa do sveta talianskej gramatiky? Ste na spr\u00e1vnom mieste. Tento \u010dl\u00e1nok je nabit\u00fd \u013eahko str\u00e1vite\u013en\u00fdmi inform\u00e1ciami a konverza\u010dn\u00fdm t\u00f3nom, ktor\u00e9 v\u00e1s preved\u00fa fascinuj\u00facim (a niekedy zlo\u017eit\u00fdm) svetom talianskej gramatiky, aby ste mohli s istotou tvori\u0165 vety a vies\u0165 zmyslupln\u00e9 rozhovory s roden\u00fdmi [&hellip;]<\/p>\n","protected":false},"author":1,"featured_media":76147,"parent":0,"menu_order":0,"comment_status":"closed","ping_status":"closed","template":"LearningContentPage.php","meta":{"_acf_changed":false,"footnotes":""},"class_list":["post-126746","page","type-page","status-publish","has-post-thumbnail","hentry"],"acf":[],"yoast_head":"<!-- This site is optimized with the Yoast SEO Premium plugin v27.2 (Yoast SEO v27.2) - https:\/\/yoast.com\/product\/yoast-seo-premium-wordpress\/ -->\n<title>Talianska gramatika - Talkpal<\/title>\n<meta name=\"description\" content=\"Nau\u010dte sa \u013eahko taliansku gramatiku - precvi\u010dujte jasne, pochopte pravidl\u00e1 a hovorte lep\u0161ie s jednoduch\u00fdmi pokynmi od Talkpal AI.\" \/>\n<meta name=\"robots\" content=\"index, follow, max-snippet:-1, max-image-preview:large, max-video-preview:-1\" \/>\n<link rel=\"canonical\" href=\"https:\/\/talkpal.ai\/sk\/talianska-gramatika\/\" \/>\n<meta property=\"og:locale\" content=\"sk_SK\" \/>\n<meta property=\"og:type\" content=\"article\" \/>\n<meta property=\"og:title\" content=\"Talianska gramatika\" \/>\n<meta property=\"og:description\" content=\"Zvl\u00e1dnutie umenia talianskej gramatiky: V\u00e1\u0161 dokonal\u00fd sprievodca Ciao, jazykov\u00ed nad\u0161enci! Ste pripraven\u00ed ponori\u0165 sa do sveta talianskej gramatiky? Ste na\" \/>\n<meta property=\"og:url\" content=\"https:\/\/talkpal.ai\/sk\/talianska-gramatika\/\" \/>\n<meta property=\"og:site_name\" content=\"Talkpal\" \/>\n<meta property=\"article:publisher\" content=\"https:\/\/www.facebook.com\/profile.php?id=100090733639311\" \/>\n<meta property=\"article:modified_time\" content=\"2025-05-22T18:43:07+00:00\" \/>\n<meta property=\"og:image\" content=\"https:\/\/talkpal.ai\/wp-content\/uploads\/2023\/03\/italy.png\" \/>\n\t<meta property=\"og:image:width\" content=\"512\" \/>\n\t<meta property=\"og:image:height\" content=\"512\" \/>\n\t<meta property=\"og:image:type\" content=\"image\/png\" \/>\n<meta name=\"twitter:card\" content=\"summary_large_image\" \/>\n<meta name=\"twitter:site\" content=\"@talkpalai\" \/>\n<meta name=\"twitter:label1\" content=\"Predpokladan\u00fd \u010das \u010d\u00edtania\" \/>\n\t<meta name=\"twitter:data1\" content=\"3 min\u00faty\" \/>\n<script type=\"application\/ld+json\" class=\"yoast-schema-graph\">{\"@context\":\"https:\/\/schema.org\",\"@graph\":[{\"@type\":\"WebPage\",\"@id\":\"https:\/\/talkpal.ai\/sk\/talianska-gramatika\/\",\"url\":\"https:\/\/talkpal.ai\/sk\/talianska-gramatika\/\",\"name\":\"Talianska gramatika - Talkpal\",\"isPartOf\":{\"@id\":\"https:\/\/talkpal.ai\/sk\/#website\"},\"primaryImageOfPage\":{\"@id\":\"https:\/\/talkpal.ai\/sk\/talianska-gramatika\/#primaryimage\"},\"image\":{\"@id\":\"https:\/\/talkpal.ai\/sk\/talianska-gramatika\/#primaryimage\"},\"thumbnailUrl\":\"https:\/\/talkpal.ai\/wp-content\/uploads\/2023\/03\/italy.png\",\"datePublished\":\"2023-03-26T12:27:22+00:00\",\"dateModified\":\"2025-05-22T18:43:07+00:00\",\"description\":\"Nau\u010dte sa \u013eahko taliansku gramatiku - precvi\u010dujte jasne, pochopte pravidl\u00e1 a hovorte lep\u0161ie s jednoduch\u00fdmi pokynmi od Talkpal AI.\",\"breadcrumb\":{\"@id\":\"https:\/\/talkpal.ai\/sk\/talianska-gramatika\/#breadcrumb\"},\"inLanguage\":\"sk-SK\",\"potentialAction\":[{\"@type\":\"ReadAction\",\"target\":[\"https:\/\/talkpal.ai\/sk\/talianska-gramatika\/\"]}]},{\"@type\":\"ImageObject\",\"inLanguage\":\"sk-SK\",\"@id\":\"https:\/\/talkpal.ai\/sk\/talianska-gramatika\/#primaryimage\",\"url\":\"https:\/\/talkpal.ai\/wp-content\/uploads\/2023\/03\/italy.png\",\"contentUrl\":\"https:\/\/talkpal.ai\/wp-content\/uploads\/2023\/03\/italy.png\",\"width\":512,\"height\":512,\"caption\":\"TalkPal AI learn Italian\"},{\"@type\":\"BreadcrumbList\",\"@id\":\"https:\/\/talkpal.ai\/sk\/talianska-gramatika\/#breadcrumb\",\"itemListElement\":[{\"@type\":\"ListItem\",\"position\":1,\"name\":\"Homepage\",\"item\":\"https:\/\/talkpal.ai\/sk\/\"},{\"@type\":\"ListItem\",\"position\":2,\"name\":\"Talianska gramatika\"}]},{\"@type\":\"WebSite\",\"@id\":\"https:\/\/talkpal.ai\/sk\/#website\",\"url\":\"https:\/\/talkpal.ai\/sk\/\",\"name\":\"Talkpal\",\"description\":\"AI Language Learning\",\"publisher\":{\"@id\":\"https:\/\/talkpal.ai\/sk\/#organization\"},\"alternateName\":\"Talkpal AI\",\"potentialAction\":[{\"@type\":\"SearchAction\",\"target\":{\"@type\":\"EntryPoint\",\"urlTemplate\":\"https:\/\/talkpal.ai\/sk\/?s={search_term_string}\"},\"query-input\":{\"@type\":\"PropertyValueSpecification\",\"valueRequired\":true,\"valueName\":\"search_term_string\"}}],\"inLanguage\":\"sk-SK\"},{\"@type\":\"Organization\",\"@id\":\"https:\/\/talkpal.ai\/sk\/#organization\",\"name\":\"Talkpal, Inc.\",\"alternateName\":\"Talkpal AI\",\"url\":\"https:\/\/talkpal.ai\/sk\/\",\"logo\":{\"@type\":\"ImageObject\",\"inLanguage\":\"sk-SK\",\"@id\":\"https:\/\/talkpal.ai\/sk\/#\/schema\/logo\/image\/\",\"url\":\"https:\/\/talkpal.ai\/wp-content\/uploads\/2024\/03\/Talkpal-Logo-Icon.png\",\"contentUrl\":\"https:\/\/talkpal.ai\/wp-content\/uploads\/2024\/03\/Talkpal-Logo-Icon.png\",\"width\":2880,\"height\":2880,\"caption\":\"Talkpal, Inc.\"},\"image\":{\"@id\":\"https:\/\/talkpal.ai\/sk\/#\/schema\/logo\/image\/\"},\"sameAs\":[\"https:\/\/www.facebook.com\/profile.php?id=100090733639311\",\"https:\/\/x.com\/talkpalai\",\"https:\/\/www.linkedin.com\/company\/talkpal\/\",\"https:\/\/www.youtube.com\/@TalkPal\/\",\"https:\/\/www.tiktok.com\/@talkpal\",\"https:\/\/www.instagram.com\/talkpal_ai\/\",\"https:\/\/www.crunchbase.com\/organization\/talkpal-9cde\",\"https:\/\/www.g2.com\/products\/talkpal-for-business\/\",\"https:\/\/www.trustpilot.com\/review\/talkpal.ai\",\"https:\/\/www.capterra.com\/p\/10006800\/TalkPal\/\"],\"description\":\"Talkpal is a language learning web and mobile education app, powered by the latest AI technologies, that provides engaging experiences to its customers in many different languages to help them improve their language skills. Users can chat about unlimited amount of topics with the app and use other modes to practice their language learning.\",\"email\":\"support@talkpal.ai\",\"legalName\":\"Talkpal, Inc.\",\"foundingDate\":\"2023-04-03\",\"duns\":\"118989042\",\"numberOfEmployees\":{\"@type\":\"QuantitativeValue\",\"minValue\":\"11\",\"maxValue\":\"50\"},\"publishingPrinciples\":\"https:\/\/talkpal.ai\/publishing-principles\/\",\"actionableFeedbackPolicy\":\"https:\/\/talkpal.ai\/actionable-feedback-policy\/\",\"correctionsPolicy\":\"https:\/\/talkpal.ai\/corrections-policy\/\",\"ethicsPolicy\":\"https:\/\/talkpal.ai\/ethics-policy\/\",\"diversityPolicy\":\"https:\/\/talkpal.ai\/diversity-policy\/\",\"diversityStaffingReport\":\"https:\/\/talkpal.ai\/diversity-policy\/\"}]}<\/script>\n<!-- \/ Yoast SEO Premium plugin. -->","yoast_head_json":{"title":"Talianska gramatika - Talkpal","description":"Nau\u010dte sa \u013eahko taliansku gramatiku - precvi\u010dujte jasne, pochopte pravidl\u00e1 a hovorte lep\u0161ie s jednoduch\u00fdmi pokynmi od Talkpal AI.","robots":{"index":"index","follow":"follow","max-snippet":"max-snippet:-1","max-image-preview":"max-image-preview:large","max-video-preview":"max-video-preview:-1"},"canonical":"https:\/\/talkpal.ai\/sk\/talianska-gramatika\/","og_locale":"sk_SK","og_type":"article","og_title":"Talianska gramatika","og_description":"Zvl\u00e1dnutie umenia talianskej gramatiky: V\u00e1\u0161 dokonal\u00fd sprievodca Ciao, jazykov\u00ed nad\u0161enci! Ste pripraven\u00ed ponori\u0165 sa do sveta talianskej gramatiky? Ste na","og_url":"https:\/\/talkpal.ai\/sk\/talianska-gramatika\/","og_site_name":"Talkpal","article_publisher":"https:\/\/www.facebook.com\/profile.php?id=100090733639311","article_modified_time":"2025-05-22T18:43:07+00:00","og_image":[{"width":512,"height":512,"url":"https:\/\/talkpal.ai\/wp-content\/uploads\/2023\/03\/italy.png","type":"image\/png"}],"twitter_card":"summary_large_image","twitter_site":"@talkpalai","twitter_misc":{"Predpokladan\u00fd \u010das \u010d\u00edtania":"3 min\u00faty"},"schema":{"@context":"https:\/\/schema.org","@graph":[{"@type":"WebPage","@id":"https:\/\/talkpal.ai\/sk\/talianska-gramatika\/","url":"https:\/\/talkpal.ai\/sk\/talianska-gramatika\/","name":"Talianska gramatika - Talkpal","isPartOf":{"@id":"https:\/\/talkpal.ai\/sk\/#website"},"primaryImageOfPage":{"@id":"https:\/\/talkpal.ai\/sk\/talianska-gramatika\/#primaryimage"},"image":{"@id":"https:\/\/talkpal.ai\/sk\/talianska-gramatika\/#primaryimage"},"thumbnailUrl":"https:\/\/talkpal.ai\/wp-content\/uploads\/2023\/03\/italy.png","datePublished":"2023-03-26T12:27:22+00:00","dateModified":"2025-05-22T18:43:07+00:00","description":"Nau\u010dte sa \u013eahko taliansku gramatiku - precvi\u010dujte jasne, pochopte pravidl\u00e1 a hovorte lep\u0161ie s jednoduch\u00fdmi pokynmi od Talkpal AI.","breadcrumb":{"@id":"https:\/\/talkpal.ai\/sk\/talianska-gramatika\/#breadcrumb"},"inLanguage":"sk-SK","potentialAction":[{"@type":"ReadAction","target":["https:\/\/talkpal.ai\/sk\/talianska-gramatika\/"]}]},{"@type":"ImageObject","inLanguage":"sk-SK","@id":"https:\/\/talkpal.ai\/sk\/talianska-gramatika\/#primaryimage","url":"https:\/\/talkpal.ai\/wp-content\/uploads\/2023\/03\/italy.png","contentUrl":"https:\/\/talkpal.ai\/wp-content\/uploads\/2023\/03\/italy.png","width":512,"height":512,"caption":"TalkPal AI learn Italian"},{"@type":"BreadcrumbList","@id":"https:\/\/talkpal.ai\/sk\/talianska-gramatika\/#breadcrumb","itemListElement":[{"@type":"ListItem","position":1,"name":"Homepage","item":"https:\/\/talkpal.ai\/sk\/"},{"@type":"ListItem","position":2,"name":"Talianska gramatika"}]},{"@type":"WebSite","@id":"https:\/\/talkpal.ai\/sk\/#website","url":"https:\/\/talkpal.ai\/sk\/","name":"Talkpal","description":"AI Language Learning","publisher":{"@id":"https:\/\/talkpal.ai\/sk\/#organization"},"alternateName":"Talkpal AI","potentialAction":[{"@type":"SearchAction","target":{"@type":"EntryPoint","urlTemplate":"https:\/\/talkpal.ai\/sk\/?s={search_term_string}"},"query-input":{"@type":"PropertyValueSpecification","valueRequired":true,"valueName":"search_term_string"}}],"inLanguage":"sk-SK"},{"@type":"Organization","@id":"https:\/\/talkpal.ai\/sk\/#organization","name":"Talkpal, Inc.","alternateName":"Talkpal AI","url":"https:\/\/talkpal.ai\/sk\/","logo":{"@type":"ImageObject","inLanguage":"sk-SK","@id":"https:\/\/talkpal.ai\/sk\/#\/schema\/logo\/image\/","url":"https:\/\/talkpal.ai\/wp-content\/uploads\/2024\/03\/Talkpal-Logo-Icon.png","contentUrl":"https:\/\/talkpal.ai\/wp-content\/uploads\/2024\/03\/Talkpal-Logo-Icon.png","width":2880,"height":2880,"caption":"Talkpal, Inc."},"image":{"@id":"https:\/\/talkpal.ai\/sk\/#\/schema\/logo\/image\/"},"sameAs":["https:\/\/www.facebook.com\/profile.php?id=100090733639311","https:\/\/x.com\/talkpalai","https:\/\/www.linkedin.com\/company\/talkpal\/","https:\/\/www.youtube.com\/@TalkPal\/","https:\/\/www.tiktok.com\/@talkpal","https:\/\/www.instagram.com\/talkpal_ai\/","https:\/\/www.crunchbase.com\/organization\/talkpal-9cde","https:\/\/www.g2.com\/products\/talkpal-for-business\/","https:\/\/www.trustpilot.com\/review\/talkpal.ai","https:\/\/www.capterra.com\/p\/10006800\/TalkPal\/"],"description":"Talkpal is a language learning web and mobile education app, powered by the latest AI technologies, that provides engaging experiences to its customers in many different languages to help them improve their language skills. Users can chat about unlimited amount of topics with the app and use other modes to practice their language learning.","email":"support@talkpal.ai","legalName":"Talkpal, Inc.","foundingDate":"2023-04-03","duns":"118989042","numberOfEmployees":{"@type":"QuantitativeValue","minValue":"11","maxValue":"50"},"publishingPrinciples":"https:\/\/talkpal.ai\/publishing-principles\/","actionableFeedbackPolicy":"https:\/\/talkpal.ai\/actionable-feedback-policy\/","correctionsPolicy":"https:\/\/talkpal.ai\/corrections-policy\/","ethicsPolicy":"https:\/\/talkpal.ai\/ethics-policy\/","diversityPolicy":"https:\/\/talkpal.ai\/diversity-policy\/","diversityStaffingReport":"https:\/\/talkpal.ai\/diversity-policy\/"}]}},"_links":{"self":[{"href":"https:\/\/talkpal.ai\/sk\/wp-json\/wp\/v2\/pages\/126746","targetHints":{"allow":["GET"]}}],"collection":[{"href":"https:\/\/talkpal.ai\/sk\/wp-json\/wp\/v2\/pages"}],"about":[{"href":"https:\/\/talkpal.ai\/sk\/wp-json\/wp\/v2\/types\/page"}],"author":[{"embeddable":true,"href":"https:\/\/talkpal.ai\/sk\/wp-json\/wp\/v2\/users\/1"}],"replies":[{"embeddable":true,"href":"https:\/\/talkpal.ai\/sk\/wp-json\/wp\/v2\/comments?post=126746"}],"version-history":[{"count":0,"href":"https:\/\/talkpal.ai\/sk\/wp-json\/wp\/v2\/pages\/126746\/revisions"}],"wp:featuredmedia":[{"embeddable":true,"href":"https:\/\/talkpal.ai\/sk\/wp-json\/wp\/v2\/media\/76147"}],"wp:attachment":[{"href":"https:\/\/talkpal.ai\/sk\/wp-json\/wp\/v2\/media?parent=126746"}],"curies":[{"name":"wp","href":"https:\/\/api.w.org\/{rel}","templated":true}]}}