{"id":124456,"date":"2023-03-26T11:55:54","date_gmt":"2023-03-26T11:55:54","guid":{"rendered":"http:\/\/talkpal.ai\/spanielska-gramatika\/"},"modified":"2025-05-22T18:50:10","modified_gmt":"2025-05-22T18:50:10","slug":"spanielska-gramatika","status":"publish","type":"page","link":"https:\/\/talkpal.ai\/sk\/spanielska-gramatika\/","title":{"rendered":"\u0160panielska gramatika"},"content":{"rendered":"\r\n\r\n\r\n<section class=\"languageChallengeSection\">\r\n    <div class=\"languageInfoWrapper\">\r\n        \r\n        <h1>\u0160panielska gramatika<\/h1>\r\n        <p>Ponorte sa do \u017eiv\u00e9ho sveta \u0161paniel\u010diny t\u00fdm, \u017ee si osvoj\u00edte jej z\u00e1kladn\u00e9 gramatick\u00e9 pravidl\u00e1. Pochopenie \u0161panielskej gramatiky v\u00e1m pom\u00f4\u017ee sebavedomo komunikova\u0165 a nadviaza\u0165 nov\u00e9 kontakty s mili\u00f3nmi hovoriacich na celom svete. Za\u010dnite sa u\u010di\u0165 \u0161panielsku gramatiku e\u0161te dnes a urobte prv\u00fd krok k plynulosti!<\/p>\r\n\r\n                            <a class=\"getStartedHidden\" href=\"https:\/\/app.talkpal.ai\/sk\/signup?lng=\">Za\u010dni<\/a>\r\n        \r\n    <\/div>\r\n\r\n    <figure>\r\n    <img decoding=\"async\" width=\"768\" height=\"768\" src=\"https:\/\/talkpal.ai\/wp-content\/uploads\/2023\/06\/Spanish-768x768.png\" class=\"languageImage no-lazy\" alt=\"Practical application of language learning\" fetchpriority=\"high\" sizes=\"(max-width: 768px) 150px, 768px\" srcset=\"https:\/\/talkpal.ai\/wp-content\/uploads\/2023\/06\/Spanish-768x768.png 768w, https:\/\/talkpal.ai\/wp-content\/uploads\/2023\/06\/Spanish-300x300.png 300w\" \/>\r\n    \r\n\r\n    <\/figure>\r\n\r\n            <a class=\"getStartedVisible\" href=\"https:\/\/app.talkpal.ai\/sk\/signup?lng=\">Za\u010dni<\/a>\r\n    \r\n<\/section>\r\n        <section class=\"grammarSection\">\r\n            <div class=\"grammarLinks\">\r\n                <a href=\"https:\/\/talkpal.ai\/sk\/language\/casy-konjunktiv-spanielska-gramatika\/\">\u010casy konjunkt\u00edv <\/a><a href=\"https:\/\/talkpal.ai\/sk\/language\/clanky-spanielska-gramatika\/\">\u010cl\u00e1nky <\/a><a href=\"https:\/\/talkpal.ai\/sk\/language\/indikativne-casy-spanielska-gramatika\/\">Indikat\u00edvne \u010dasy <\/a><a href=\"https:\/\/talkpal.ai\/sk\/language\/podstatne-mena-spanielska-gramatika\/\">Podstatn\u00e9 men\u00e1 <\/a><a href=\"https:\/\/talkpal.ai\/sk\/language\/predlozky-spanielska-gramatika\/\">Predlo\u017eky <\/a><a href=\"https:\/\/talkpal.ai\/sk\/language\/pridavne-mena-spanielska-gramatika\/\">Pr\u00eddavn\u00e9 men\u00e1 <\/a><a href=\"https:\/\/talkpal.ai\/sk\/language\/prislovky-spanielska-gramatika\/\">Pr\u00edslovky <\/a><a href=\"https:\/\/talkpal.ai\/sk\/language\/slovesa-spanielska-gramatika\/\">Sloves\u00e1 <\/a><a href=\"https:\/\/talkpal.ai\/sk\/language\/struktura-vety-spanielska-gramatika\/\">\u0160trukt\u00fara vety <\/a><a href=\"https:\/\/talkpal.ai\/sk\/language\/zamena-spanielska-gramatika\/\">Z\u00e1men\u00e1 <\/a>            <\/div>\r\n        <\/section>\r\n    <section class=\"promotionalBanner\">\r\n    <p class=\"promotionalText\"><\/p>\r\n    <a class=\"promotionalLink\" href=\"https:\/\/app.talkpal.ai\/sk\/signup?lng=\"><\/a>\r\n<\/section>\n<div class=\"wp-block-group pageContainerStyle\"><div class=\"wp-block-group__inner-container is-layout-constrained wp-block-group-is-layout-constrained\">\n<h2 class=\"wp-block-heading\" id=\"h-a-quick-guide-to-learning-spanish-grammar\">R\u00fdchly sprievodca u\u010den\u00edm \u0161panielskej gramatiky<\/h2>\n\n\n\n<p>Ak ste niekedy uva\u017eovali o \u0161t\u00fadiu nov\u00e9ho jazyka, je ve\u013ek\u00e1 pravdepodobnos\u0165, \u017ee v\u00e1m napadla <a href=\"https:\/\/talkpal.ai\/learn-spanish\/\">\u0161paniel\u010dina<\/a>. Ako jeden z najpou\u017e\u00edvanej\u0161\u00edch jazykov na svete pon\u00faka \u0161paniel\u010dina mno\u017estvo v\u00fdhod pre osobn\u00fd a profesion\u00e1lny rast. <a href=\"https:\/\/talkpal.ai\/sk\/ucenie\/\">U\u010denie sa<\/a> \u0161paniel\u010diny v\u00e1m umo\u017en\u00ed nielen pr\u00edstup k nov\u00fdm kult\u00faram, ale zlep\u0161\u00ed aj va\u0161e komunika\u010dn\u00e9 schopnosti. Aj ke\u010f sa ve\u013ea \u013eud\u00ed boj\u00ed, \u017ee sa zamotaj\u00fa do gramatick\u00fdch pravidiel, m\u00f4\u017eete si vyd\u00fdchnu\u0165, preto\u017ee <a href=\"https:\/\/talkpal.ai\/sk\/najlepsi-kurz-spanielciny-rychle-a-efektivne-ucenie-jazykov\/\">\u0161panielska gramatika<\/a> je relat\u00edvne jednoduch\u00e1. V tomto \u010dl\u00e1nku v\u00e1m poskytneme stru\u010dn\u00e9ho sprievodcu, ktor\u00fd v\u00e1m pom\u00f4\u017ee orientova\u0165 sa vo vzru\u0161uj\u00facom svete \u0161panielskej gramatiky ako profesion\u00e1l!<\/p>\n\n\n\n<h3 class=\"wp-block-heading\" id=\"h-1-understanding-spanish-nouns-and-articles\">1. Pochopenie \u0161panielskych podstatn\u00fdch mien a \u010dl\u00e1nkov<\/h3>\n\n\n\n<p>\u0160panielske podstatn\u00e9 men\u00e1, podobne ako v angli\u010dtine, sa pou\u017e\u00edvaj\u00fa na identifik\u00e1ciu \u013eud\u00ed, miest, objektov, my\u0161lienok a pocitov. Prv\u00fdm pravidlom, ktor\u00e9 si treba pam\u00e4ta\u0165 o \u0161panielskych podstatn\u00fdch men\u00e1ch, je, \u017ee maj\u00fa pohlavie. \u0160panielske podstatn\u00e9 men\u00e1 s\u00fa bu\u010f mu\u017esk\u00e9ho alebo \u017eensk\u00e9ho. Napr\u00edklad &#8222;libro&#8220; (kniha) je mu\u017esk\u00e9ho rodu a &#8222;casa&#8220; (dom) je \u017eensk\u00e9ho rodu. Mnohokr\u00e1t s\u00fa podstatn\u00e9 men\u00e1 zakon\u010den\u00e9 na &#8222;o&#8220; mu\u017esk\u00e9ho rodu, zatia\u013e \u010do podstatn\u00e9 men\u00e1 zakon\u010den\u00e9 na &#8222;a&#8220; \u017eensk\u00e9ho rodu.<\/p>\n\n\n\n<p>\u0160panielske \u010dleny s\u00fa podobn\u00e9 anglick\u00fdm &#8222;the&#8220;, &#8222;a&#8220; alebo &#8222;an&#8220;. S\u00fa k\u013e\u00fa\u010dovou s\u00fa\u010das\u0165ou jazyka, preto\u017ee musia s\u00fahlasi\u0165 s rodom a \u010d\u00edslom podstatn\u00e9ho mena, ktor\u00e9 opisuj\u00fa. Existuj\u00fa \u0161tyri typy \u0161panielskych \u010dl\u00e1nkov:<\/p>\n\n\n\n<p>&#8211; <strong>Ur\u010dit\u00e9 \u010dleny:<\/strong> el (mu\u017esk\u00e9 jednotn\u00e9 \u010d\u00edslo), la (\u017eensk\u00e9 jednotn\u00e9 \u010d\u00edslo), los (mu\u017esk\u00e9 mno\u017en\u00e9 \u010d\u00edslo) a las (\u017eensk\u00e9 mno\u017en\u00e9 \u010d\u00edslo).<br\/>&#8211; <strong>Neur\u010dit\u00e9 \u010dleny:<\/strong> un (a\/an mu\u017esk\u00e9ho rodu jednotn\u00e9ho \u010d\u00edsla), una (a\/an \u017eensk\u00e9ho rodu jednotn\u00e9ho \u010d\u00edsla), unos (niektor\u00e9 mu\u017esk\u00e9 rody mno\u017en\u00e9ho \u010d\u00edsla) a unas (niektor\u00e9 \u017eensk\u00e9 rody mno\u017en\u00e9ho \u010d\u00edsla).<\/p>\n\n\n\n<h3 class=\"wp-block-heading\" id=\"h-2-slaying-spanish-verbs-conjugation-and-tenses\">2. Zabitie \u0161panielskych slovies: \u010dasovanie a \u010dasy<\/h3>\n\n\n\n<p>Jedn\u00fdm z najd\u00f4le\u017eitej\u0161\u00edch aspektov u\u010denia sa \u0161panielskej gramatiky je pochopenie \u010dasovania slovies. Konjug\u00e1cia jednoducho znamen\u00e1 zmenu kore\u0148ov\u00e9ho tvaru slovesa tak, aby zodpovedal jeho predmetu a \u010dasu. Napr\u00edklad v \u0161paniel\u010dine sa hovor\u00ed &#8222;Yo como&#8220; (ja jes\u0165) a &#8222;\u00e9l come&#8220; (on jes\u0165). V\u0161imnite si, \u017ee sloveso prich\u00e1dzaj\u00faci (jes\u0165) zmen\u00ed svoju formu, ke\u010f zmen\u00edte predmet.<\/p>\n\n\n\n<p><strong>Niektor\u00e9 be\u017en\u00e9 pravideln\u00e9 sloves\u00e1 v \u0161paniel\u010dine zah\u0155\u0148aj\u00fa:<\/strong><\/p>\n\n\n\n<p>&#8211; Sloves\u00e1 AR: hablar (hovori\u0165), amar (milova\u0165) a bailar (tancova\u0165).<br\/>&#8211; ER sloves\u00e1: comer (jes\u0165), aprender (<a href=\"https:\/\/talkpal.ai\/sk\/ucit-sa-po-slovensky\/\">u\u010di\u0165 sa<\/a>) a vender (pred\u00e1va\u0165).<br\/>&#8211; IR sloves\u00e1: vivir (\u017ei\u0165), escribir (p\u00edsa\u0165) a descubrir (objavova\u0165).<\/p>\n\n\n\n<p>Rovnako ako v angli\u010dtine, \u0161paniel\u010dina m\u00e1 viac slovesn\u00fdch \u010dasov na ozna\u010denie \u010dasu, kedy sa akcia stane. Najz\u00e1kladnej\u0161ie s\u00fa:<\/p>\n\n\n\n<p><strong>&#8211; S\u00fa\u010dasnos\u0165<\/strong><br\/><strong>&#8211; Preteritum<\/strong><br\/><strong>&#8211; Nedokonal\u00e9<\/strong><br\/><strong>&#8211; Bud\u00facnos\u0165<\/strong><br\/><strong>&#8211; Podmienen\u00e9<\/strong><br\/><strong>&#8211; Pr\u00edtomn\u00fd subjunkt\u00edv<\/strong><br\/><strong>&#8211; Imperfektum subjunkt\u00edvu<\/strong><\/p>\n\n\n\n<p>Nestresujte sa u\u010den\u00edm v\u0161etk\u00fdch slovesn\u00fdch \u010dasov naraz. Postupne sa ich ujmite a cvi\u010dte, k\u00fdm sa v\u00e1m ich pou\u017e\u00edvanie nebude p\u00e1\u010di\u0165.<\/p>\n\n\n\n<h3 class=\"wp-block-heading\" id=\"h-3-creating-sentences-with-spanish-adjectives-and-adverbs\">3. Vytv\u00e1ranie viet so \u0161panielskymi pr\u00eddavn\u00fdmi menami a pr\u00edslovkami<\/h3>\n\n\n\n<p>Pr\u00eddavn\u00e9 men\u00e1 a pr\u00edslovky hraj\u00fa z\u00e1sadn\u00fa \u00falohu pri okorenen\u00ed va\u0161ich \u0161panielskych viet. Pr\u00eddavn\u00e9 men\u00e1 opisuj\u00fa vlastnosti alebo charakteristiky podstatn\u00fdch mien, zatia\u013e \u010do pr\u00edslovky opisuj\u00fa \u010diny alebo sloves\u00e1. V \u0161paniel\u010dine musia pr\u00eddavn\u00e9 men\u00e1 s\u00fahlasi\u0165 s podstatn\u00fdm menom, ktor\u00e9 opisuj\u00fa, a to tak v pohlav\u00ed, ako aj v \u010d\u00edsle.<\/p>\n\n\n\n<p>Jedn\u00fdm z k\u013e\u00fa\u010dov\u00fdch rozdielov medzi \u0161paniel\u010dinou a angli\u010dtinou je poradie pr\u00eddavn\u00fdch mien. \u0160panielske pr\u00eddavn\u00e9 men\u00e1 sa zvy\u010dajne uv\u00e1dzaj\u00fa za podstatn\u00fdm menom, napr. &#8222;un coche rojo&#8220; (\u010derven\u00e9 auto).<\/p>\n\n\n\n<p>\u0160panielske pr\u00edslovky sa na druhej strane nikdy nemenia pre pohlavie alebo \u010d\u00edslo. Podobne ako v angli\u010dtine, pr\u00edslovky sa zvy\u010dajne uv\u00e1dzaj\u00fa za slovesom, ktor\u00e9 modifikuj\u00fa, napr. &#8222;Ella habla r\u00e1pidamente&#8220; (Hovor\u00ed r\u00fdchlo).<\/p>\n\n\n\n<h3 class=\"wp-block-heading\" id=\"h-conclusion\">Z\u00e1ver<\/h3>\n\n\n\n<p><a href=\"https:\/\/talkpal.ai\/sk\/najlepsi-kurz-spanielciny-rychle-a-efektivne-ucenie-jazykov\/\">\u0160panielska gramatika<\/a> by v\u00e1s nemala desi\u0165! Samozrejme, vy\u017eaduje si to prax, ale ak budete dodr\u017eiava\u0165 tieto jednoduch\u00e9 pokyny, budete na ceste sta\u0165 sa v\u00fdnimo\u010dn\u00fdm \u0161panielskym hovorcom. Nezabudnite v\u017edy pracova\u0165 s jazykom z\u00e1bavn\u00fdm, konverza\u010dn\u00fdm sp\u00f4sobom, ke\u010f sk\u00famate podstatn\u00e9 men\u00e1, sloves\u00e1, pr\u00eddavn\u00e9 men\u00e1 a pr\u00edslovky. Pokra\u010dujte v cvi\u010den\u00ed, prijmite kult\u00faru a nechajte svoju \u0161panielsku cestu rozv\u00edja\u0165. \u00a1Buena suerte!<\/p>\n<\/div><\/div>\n\r\n<section class=\"learnNavigationSection\">\r\n            \r\n        <a href=\"https:\/\/talkpal.ai\/sk\/ucte-sa-spanielsky\/\">\r\n            <div class=\"learnNavigationWrapper\">\r\n                <div class=\"learnNavigationContent\">\r\n                    <img decoding=\"async\" src=\"https:\/\/talkpal.ai\/wp-content\/uploads\/2024\/08\/Spanish.jpg\" alt=\"Spanish Flag\">\r\n                    <div>\r\n                        <h4>O v\u00fdu\u010dbe \u0161paniel\u010diny<\/h4>\r\n                        <p>Zistite v\u0161etko o \u0161panielskej gramatike.<\/p>\r\n                    <\/div>\r\n                <\/div>\r\n            <\/div>\r\n        <\/a>\r\n\r\n        \r\n        <a href=\"https:\/\/talkpal.ai\/sk\/spanielske-gramaticke-cvicenia\/\">\r\n            <div class=\"learnNavigationWrapper\">\r\n                <div class=\"learnNavigationContent\">\r\n                    <img decoding=\"async\" src=\"https:\/\/talkpal.ai\/wp-content\/uploads\/2024\/08\/Spanish.jpg\" alt=\"Spanish Flag\">\r\n                    <div>\r\n                        <h4>Cvi\u010denie zo \u0161panielskej gramatiky<\/h4>\r\n                        <p>Precvi\u010dte si \u0161panielsku gramatiku.<\/p>\r\n                    <\/div>\r\n                <\/div>\r\n            <\/div>\r\n        <\/a>\r\n\r\n        \r\n        <a href=\"https:\/\/talkpal.ai\/vocabulary_language\/spanish\/\">\r\n            <div class=\"learnNavigationWrapper\">\r\n                <div class=\"learnNavigationContent\">\r\n                    <img decoding=\"async\" src=\"https:\/\/talkpal.ai\/wp-content\/uploads\/2024\/08\/Spanish.jpg\" alt=\"Spanish Flag\">\r\n                    <div>\r\n                        <h4>\u0160panielska slovn\u00e1 z\u00e1soba<\/h4>\r\n                        <p>Roz\u0161\u00edrte si \u0161panielsku slovn\u00fa z\u00e1sobu.<\/p>\r\n                    <\/div>\r\n                <\/div>\r\n            <\/div>\r\n        <\/a>\r\n\r\n            <\/section>","protected":false},"excerpt":{"rendered":"<p>R\u00fdchly sprievodca u\u010den\u00edm \u0161panielskej gramatiky Ak ste niekedy uva\u017eovali o \u0161t\u00fadiu nov\u00e9ho jazyka, je ve\u013ek\u00e1 pravdepodobnos\u0165, \u017ee v\u00e1m napadla \u0161paniel\u010dina. Ako jeden z najpou\u017e\u00edvanej\u0161\u00edch jazykov na svete pon\u00faka \u0161paniel\u010dina mno\u017estvo v\u00fdhod pre osobn\u00fd a profesion\u00e1lny rast. U\u010denie sa \u0161paniel\u010diny v\u00e1m umo\u017en\u00ed nielen pr\u00edstup k nov\u00fdm kult\u00faram, ale zlep\u0161\u00ed aj va\u0161e komunika\u010dn\u00e9 schopnosti. Aj ke\u010f sa [&hellip;]<\/p>\n","protected":false},"author":1,"featured_media":75484,"parent":0,"menu_order":0,"comment_status":"closed","ping_status":"closed","template":"LearningContentPage.php","meta":{"_acf_changed":false,"footnotes":""},"class_list":["post-124456","page","type-page","status-publish","has-post-thumbnail","hentry"],"acf":[],"yoast_head":"<!-- This site is optimized with the Yoast SEO Premium plugin v27.2 (Yoast SEO v27.2) - https:\/\/yoast.com\/product\/yoast-seo-premium-wordpress\/ -->\n<title>\u0160panielska gramatika - Talkpal<\/title>\n<meta name=\"description\" content=\"Zlep\u0161ite si svoje znalosti \u0161panielskej gramatiky pomocou interakt\u00edvnych cvi\u010den\u00ed ur\u010den\u00fdch pre v\u0161etky \u00farovne pokro\u010dilosti. Precvi\u010dujte \u0161paniel\u010dinu efekt\u00edvne!\" \/>\n<meta name=\"robots\" content=\"index, follow, max-snippet:-1, max-image-preview:large, max-video-preview:-1\" \/>\n<link rel=\"canonical\" href=\"https:\/\/talkpal.ai\/sk\/spanielska-gramatika\/\" \/>\n<meta property=\"og:locale\" content=\"sk_SK\" \/>\n<meta property=\"og:type\" content=\"article\" \/>\n<meta property=\"og:title\" content=\"\u0160panielska gramatika\" \/>\n<meta property=\"og:description\" content=\"R\u00fdchly sprievodca u\u010den\u00edm \u0161panielskej gramatiky Ak ste niekedy uva\u017eovali o \u0161t\u00fadiu nov\u00e9ho jazyka, je ve\u013ek\u00e1 pravdepodobnos\u0165, \u017ee v\u00e1m napadla \u0161paniel\u010dina. Ako\" \/>\n<meta property=\"og:url\" content=\"https:\/\/talkpal.ai\/sk\/spanielska-gramatika\/\" \/>\n<meta property=\"og:site_name\" content=\"Talkpal\" \/>\n<meta property=\"article:publisher\" content=\"https:\/\/www.facebook.com\/profile.php?id=100090733639311\" \/>\n<meta property=\"article:modified_time\" content=\"2025-05-22T18:50:10+00:00\" \/>\n<meta property=\"og:image\" content=\"https:\/\/talkpal.ai\/wp-content\/uploads\/2023\/03\/spain.png\" \/>\n\t<meta property=\"og:image:width\" content=\"512\" \/>\n\t<meta property=\"og:image:height\" content=\"512\" \/>\n\t<meta property=\"og:image:type\" content=\"image\/png\" \/>\n<meta name=\"twitter:card\" content=\"summary_large_image\" \/>\n<meta name=\"twitter:site\" content=\"@talkpalai\" \/>\n<meta name=\"twitter:label1\" content=\"Predpokladan\u00fd \u010das \u010d\u00edtania\" \/>\n\t<meta name=\"twitter:data1\" content=\"4 min\u00faty\" \/>\n<script type=\"application\/ld+json\" class=\"yoast-schema-graph\">{\"@context\":\"https:\/\/schema.org\",\"@graph\":[{\"@type\":\"WebPage\",\"@id\":\"https:\/\/talkpal.ai\/sk\/spanielska-gramatika\/\",\"url\":\"https:\/\/talkpal.ai\/sk\/spanielska-gramatika\/\",\"name\":\"\u0160panielska gramatika - Talkpal\",\"isPartOf\":{\"@id\":\"https:\/\/talkpal.ai\/sk\/#website\"},\"primaryImageOfPage\":{\"@id\":\"https:\/\/talkpal.ai\/sk\/spanielska-gramatika\/#primaryimage\"},\"image\":{\"@id\":\"https:\/\/talkpal.ai\/sk\/spanielska-gramatika\/#primaryimage\"},\"thumbnailUrl\":\"https:\/\/talkpal.ai\/wp-content\/uploads\/2023\/03\/spain.png\",\"datePublished\":\"2023-03-26T11:55:54+00:00\",\"dateModified\":\"2025-05-22T18:50:10+00:00\",\"description\":\"Zlep\u0161ite si svoje znalosti \u0161panielskej gramatiky pomocou interakt\u00edvnych cvi\u010den\u00ed ur\u010den\u00fdch pre v\u0161etky \u00farovne pokro\u010dilosti. Precvi\u010dujte \u0161paniel\u010dinu efekt\u00edvne!\",\"breadcrumb\":{\"@id\":\"https:\/\/talkpal.ai\/sk\/spanielska-gramatika\/#breadcrumb\"},\"inLanguage\":\"sk-SK\",\"potentialAction\":[{\"@type\":\"ReadAction\",\"target\":[\"https:\/\/talkpal.ai\/sk\/spanielska-gramatika\/\"]}]},{\"@type\":\"ImageObject\",\"inLanguage\":\"sk-SK\",\"@id\":\"https:\/\/talkpal.ai\/sk\/spanielska-gramatika\/#primaryimage\",\"url\":\"https:\/\/talkpal.ai\/wp-content\/uploads\/2023\/03\/spain.png\",\"contentUrl\":\"https:\/\/talkpal.ai\/wp-content\/uploads\/2023\/03\/spain.png\",\"width\":512,\"height\":512,\"caption\":\"TalkPal AI learn Spanish\"},{\"@type\":\"BreadcrumbList\",\"@id\":\"https:\/\/talkpal.ai\/sk\/spanielska-gramatika\/#breadcrumb\",\"itemListElement\":[{\"@type\":\"ListItem\",\"position\":1,\"name\":\"Homepage\",\"item\":\"https:\/\/talkpal.ai\/sk\/\"},{\"@type\":\"ListItem\",\"position\":2,\"name\":\"\u0160panielska gramatika\"}]},{\"@type\":\"WebSite\",\"@id\":\"https:\/\/talkpal.ai\/sk\/#website\",\"url\":\"https:\/\/talkpal.ai\/sk\/\",\"name\":\"Talkpal\",\"description\":\"AI Language Learning\",\"publisher\":{\"@id\":\"https:\/\/talkpal.ai\/sk\/#organization\"},\"alternateName\":\"Talkpal AI\",\"potentialAction\":[{\"@type\":\"SearchAction\",\"target\":{\"@type\":\"EntryPoint\",\"urlTemplate\":\"https:\/\/talkpal.ai\/sk\/?s={search_term_string}\"},\"query-input\":{\"@type\":\"PropertyValueSpecification\",\"valueRequired\":true,\"valueName\":\"search_term_string\"}}],\"inLanguage\":\"sk-SK\"},{\"@type\":\"Organization\",\"@id\":\"https:\/\/talkpal.ai\/sk\/#organization\",\"name\":\"Talkpal, Inc.\",\"alternateName\":\"Talkpal AI\",\"url\":\"https:\/\/talkpal.ai\/sk\/\",\"logo\":{\"@type\":\"ImageObject\",\"inLanguage\":\"sk-SK\",\"@id\":\"https:\/\/talkpal.ai\/sk\/#\/schema\/logo\/image\/\",\"url\":\"https:\/\/talkpal.ai\/wp-content\/uploads\/2024\/03\/Talkpal-Logo-Icon.png\",\"contentUrl\":\"https:\/\/talkpal.ai\/wp-content\/uploads\/2024\/03\/Talkpal-Logo-Icon.png\",\"width\":2880,\"height\":2880,\"caption\":\"Talkpal, Inc.\"},\"image\":{\"@id\":\"https:\/\/talkpal.ai\/sk\/#\/schema\/logo\/image\/\"},\"sameAs\":[\"https:\/\/www.facebook.com\/profile.php?id=100090733639311\",\"https:\/\/x.com\/talkpalai\",\"https:\/\/www.linkedin.com\/company\/talkpal\/\",\"https:\/\/www.youtube.com\/@TalkPal\/\",\"https:\/\/www.tiktok.com\/@talkpal\",\"https:\/\/www.instagram.com\/talkpal_ai\/\",\"https:\/\/www.crunchbase.com\/organization\/talkpal-9cde\",\"https:\/\/www.g2.com\/products\/talkpal-for-business\/\",\"https:\/\/www.trustpilot.com\/review\/talkpal.ai\",\"https:\/\/www.capterra.com\/p\/10006800\/TalkPal\/\"],\"description\":\"Talkpal is a language learning web and mobile education app, powered by the latest AI technologies, that provides engaging experiences to its customers in many different languages to help them improve their language skills. Users can chat about unlimited amount of topics with the app and use other modes to practice their language learning.\",\"email\":\"support@talkpal.ai\",\"legalName\":\"Talkpal, Inc.\",\"foundingDate\":\"2023-04-03\",\"duns\":\"118989042\",\"numberOfEmployees\":{\"@type\":\"QuantitativeValue\",\"minValue\":\"11\",\"maxValue\":\"50\"},\"publishingPrinciples\":\"https:\/\/talkpal.ai\/publishing-principles\/\",\"actionableFeedbackPolicy\":\"https:\/\/talkpal.ai\/actionable-feedback-policy\/\",\"correctionsPolicy\":\"https:\/\/talkpal.ai\/corrections-policy\/\",\"ethicsPolicy\":\"https:\/\/talkpal.ai\/ethics-policy\/\",\"diversityPolicy\":\"https:\/\/talkpal.ai\/diversity-policy\/\",\"diversityStaffingReport\":\"https:\/\/talkpal.ai\/diversity-policy\/\"}]}<\/script>\n<!-- \/ Yoast SEO Premium plugin. -->","yoast_head_json":{"title":"\u0160panielska gramatika - Talkpal","description":"Zlep\u0161ite si svoje znalosti \u0161panielskej gramatiky pomocou interakt\u00edvnych cvi\u010den\u00ed ur\u010den\u00fdch pre v\u0161etky \u00farovne pokro\u010dilosti. Precvi\u010dujte \u0161paniel\u010dinu efekt\u00edvne!","robots":{"index":"index","follow":"follow","max-snippet":"max-snippet:-1","max-image-preview":"max-image-preview:large","max-video-preview":"max-video-preview:-1"},"canonical":"https:\/\/talkpal.ai\/sk\/spanielska-gramatika\/","og_locale":"sk_SK","og_type":"article","og_title":"\u0160panielska gramatika","og_description":"R\u00fdchly sprievodca u\u010den\u00edm \u0161panielskej gramatiky Ak ste niekedy uva\u017eovali o \u0161t\u00fadiu nov\u00e9ho jazyka, je ve\u013ek\u00e1 pravdepodobnos\u0165, \u017ee v\u00e1m napadla \u0161paniel\u010dina. Ako","og_url":"https:\/\/talkpal.ai\/sk\/spanielska-gramatika\/","og_site_name":"Talkpal","article_publisher":"https:\/\/www.facebook.com\/profile.php?id=100090733639311","article_modified_time":"2025-05-22T18:50:10+00:00","og_image":[{"width":512,"height":512,"url":"https:\/\/talkpal.ai\/wp-content\/uploads\/2023\/03\/spain.png","type":"image\/png"}],"twitter_card":"summary_large_image","twitter_site":"@talkpalai","twitter_misc":{"Predpokladan\u00fd \u010das \u010d\u00edtania":"4 min\u00faty"},"schema":{"@context":"https:\/\/schema.org","@graph":[{"@type":"WebPage","@id":"https:\/\/talkpal.ai\/sk\/spanielska-gramatika\/","url":"https:\/\/talkpal.ai\/sk\/spanielska-gramatika\/","name":"\u0160panielska gramatika - Talkpal","isPartOf":{"@id":"https:\/\/talkpal.ai\/sk\/#website"},"primaryImageOfPage":{"@id":"https:\/\/talkpal.ai\/sk\/spanielska-gramatika\/#primaryimage"},"image":{"@id":"https:\/\/talkpal.ai\/sk\/spanielska-gramatika\/#primaryimage"},"thumbnailUrl":"https:\/\/talkpal.ai\/wp-content\/uploads\/2023\/03\/spain.png","datePublished":"2023-03-26T11:55:54+00:00","dateModified":"2025-05-22T18:50:10+00:00","description":"Zlep\u0161ite si svoje znalosti \u0161panielskej gramatiky pomocou interakt\u00edvnych cvi\u010den\u00ed ur\u010den\u00fdch pre v\u0161etky \u00farovne pokro\u010dilosti. Precvi\u010dujte \u0161paniel\u010dinu efekt\u00edvne!","breadcrumb":{"@id":"https:\/\/talkpal.ai\/sk\/spanielska-gramatika\/#breadcrumb"},"inLanguage":"sk-SK","potentialAction":[{"@type":"ReadAction","target":["https:\/\/talkpal.ai\/sk\/spanielska-gramatika\/"]}]},{"@type":"ImageObject","inLanguage":"sk-SK","@id":"https:\/\/talkpal.ai\/sk\/spanielska-gramatika\/#primaryimage","url":"https:\/\/talkpal.ai\/wp-content\/uploads\/2023\/03\/spain.png","contentUrl":"https:\/\/talkpal.ai\/wp-content\/uploads\/2023\/03\/spain.png","width":512,"height":512,"caption":"TalkPal AI learn Spanish"},{"@type":"BreadcrumbList","@id":"https:\/\/talkpal.ai\/sk\/spanielska-gramatika\/#breadcrumb","itemListElement":[{"@type":"ListItem","position":1,"name":"Homepage","item":"https:\/\/talkpal.ai\/sk\/"},{"@type":"ListItem","position":2,"name":"\u0160panielska gramatika"}]},{"@type":"WebSite","@id":"https:\/\/talkpal.ai\/sk\/#website","url":"https:\/\/talkpal.ai\/sk\/","name":"Talkpal","description":"AI Language Learning","publisher":{"@id":"https:\/\/talkpal.ai\/sk\/#organization"},"alternateName":"Talkpal AI","potentialAction":[{"@type":"SearchAction","target":{"@type":"EntryPoint","urlTemplate":"https:\/\/talkpal.ai\/sk\/?s={search_term_string}"},"query-input":{"@type":"PropertyValueSpecification","valueRequired":true,"valueName":"search_term_string"}}],"inLanguage":"sk-SK"},{"@type":"Organization","@id":"https:\/\/talkpal.ai\/sk\/#organization","name":"Talkpal, Inc.","alternateName":"Talkpal AI","url":"https:\/\/talkpal.ai\/sk\/","logo":{"@type":"ImageObject","inLanguage":"sk-SK","@id":"https:\/\/talkpal.ai\/sk\/#\/schema\/logo\/image\/","url":"https:\/\/talkpal.ai\/wp-content\/uploads\/2024\/03\/Talkpal-Logo-Icon.png","contentUrl":"https:\/\/talkpal.ai\/wp-content\/uploads\/2024\/03\/Talkpal-Logo-Icon.png","width":2880,"height":2880,"caption":"Talkpal, Inc."},"image":{"@id":"https:\/\/talkpal.ai\/sk\/#\/schema\/logo\/image\/"},"sameAs":["https:\/\/www.facebook.com\/profile.php?id=100090733639311","https:\/\/x.com\/talkpalai","https:\/\/www.linkedin.com\/company\/talkpal\/","https:\/\/www.youtube.com\/@TalkPal\/","https:\/\/www.tiktok.com\/@talkpal","https:\/\/www.instagram.com\/talkpal_ai\/","https:\/\/www.crunchbase.com\/organization\/talkpal-9cde","https:\/\/www.g2.com\/products\/talkpal-for-business\/","https:\/\/www.trustpilot.com\/review\/talkpal.ai","https:\/\/www.capterra.com\/p\/10006800\/TalkPal\/"],"description":"Talkpal is a language learning web and mobile education app, powered by the latest AI technologies, that provides engaging experiences to its customers in many different languages to help them improve their language skills. Users can chat about unlimited amount of topics with the app and use other modes to practice their language learning.","email":"support@talkpal.ai","legalName":"Talkpal, Inc.","foundingDate":"2023-04-03","duns":"118989042","numberOfEmployees":{"@type":"QuantitativeValue","minValue":"11","maxValue":"50"},"publishingPrinciples":"https:\/\/talkpal.ai\/publishing-principles\/","actionableFeedbackPolicy":"https:\/\/talkpal.ai\/actionable-feedback-policy\/","correctionsPolicy":"https:\/\/talkpal.ai\/corrections-policy\/","ethicsPolicy":"https:\/\/talkpal.ai\/ethics-policy\/","diversityPolicy":"https:\/\/talkpal.ai\/diversity-policy\/","diversityStaffingReport":"https:\/\/talkpal.ai\/diversity-policy\/"}]}},"_links":{"self":[{"href":"https:\/\/talkpal.ai\/sk\/wp-json\/wp\/v2\/pages\/124456","targetHints":{"allow":["GET"]}}],"collection":[{"href":"https:\/\/talkpal.ai\/sk\/wp-json\/wp\/v2\/pages"}],"about":[{"href":"https:\/\/talkpal.ai\/sk\/wp-json\/wp\/v2\/types\/page"}],"author":[{"embeddable":true,"href":"https:\/\/talkpal.ai\/sk\/wp-json\/wp\/v2\/users\/1"}],"replies":[{"embeddable":true,"href":"https:\/\/talkpal.ai\/sk\/wp-json\/wp\/v2\/comments?post=124456"}],"version-history":[{"count":0,"href":"https:\/\/talkpal.ai\/sk\/wp-json\/wp\/v2\/pages\/124456\/revisions"}],"wp:featuredmedia":[{"embeddable":true,"href":"https:\/\/talkpal.ai\/sk\/wp-json\/wp\/v2\/media\/75484"}],"wp:attachment":[{"href":"https:\/\/talkpal.ai\/sk\/wp-json\/wp\/v2\/media?parent=124456"}],"curies":[{"name":"wp","href":"https:\/\/api.w.org\/{rel}","templated":true}]}}