{"id":124249,"date":"2023-03-26T11:45:19","date_gmt":"2023-03-26T11:45:19","guid":{"rendered":"http:\/\/talkpal.ai\/francuzska-gramatika\/"},"modified":"2025-05-22T18:46:24","modified_gmt":"2025-05-22T18:46:24","slug":"francuzska-gramatika","status":"publish","type":"page","link":"https:\/\/talkpal.ai\/sk\/francuzska-gramatika\/","title":{"rendered":"Franc\u00fazska gramatika"},"content":{"rendered":"\r\n\r\n\r\n<section class=\"languageChallengeSection\">\r\n    <div class=\"languageInfoWrapper\">\r\n        \r\n        <h1>Franc\u00fazska gramatika<\/h1>\r\n        <p>Odha\u013ete eleganciu franc\u00fazskeho jazyka t\u00fdm, \u017ee si osvoj\u00edte jeho z\u00e1kladn\u00e9 gramatick\u00e9 pravidl\u00e1. Dobr\u00e1 znalos\u0165 franc\u00fazskej gramatiky v\u00e1m pom\u00f4\u017ee \u013eahko komunikova\u0165 a oceni\u0165 bohatstvo franc\u00fazskej kult\u00fary. Za\u010dnite sa u\u010di\u0165 franc\u00fazsku gramatiku e\u0161te dnes a za\u010dnite svoju cestu k plynulosti!<\/p>\r\n\r\n                            <a class=\"getStartedHidden\" href=\"https:\/\/app.talkpal.ai\/sk\/signup?lng=\">Za\u010dni<\/a>\r\n        \r\n    <\/div>\r\n\r\n    <figure>\r\n    <img decoding=\"async\" width=\"768\" height=\"768\" src=\"https:\/\/talkpal.ai\/wp-content\/uploads\/2023\/06\/french-768x768.png\" class=\"languageImage no-lazy\" alt=\"Language learning strategies for professionals\" fetchpriority=\"high\" sizes=\"(max-width: 768px) 150px, 768px\" srcset=\"https:\/\/talkpal.ai\/wp-content\/uploads\/2023\/06\/french-768x768.png 768w, https:\/\/talkpal.ai\/wp-content\/uploads\/2023\/06\/french-300x300.png 300w\" \/>\r\n    \r\n\r\n    <\/figure>\r\n\r\n            <a class=\"getStartedVisible\" href=\"https:\/\/app.talkpal.ai\/sk\/signup?lng=\">Za\u010dni<\/a>\r\n    \r\n<\/section>\r\n        <section class=\"grammarSection\">\r\n            <div class=\"grammarLinks\">\r\n                <a href=\"https:\/\/talkpal.ai\/sk\/language\/clanky-francuzska-gramatika\/\">\u010cl\u00e1nky <\/a><a href=\"https:\/\/talkpal.ai\/sk\/language\/indikativne-casy-francuzska-gramatika\/\">Indikat\u00edvne \u010dasy <\/a><a href=\"https:\/\/talkpal.ai\/sk\/language\/podstatne-mena-francuzska-gramatika\/\">Podstatn\u00e9 men\u00e1 <\/a><a href=\"https:\/\/talkpal.ai\/sk\/language\/predlozky-francuzska-gramatika\/\">Predlo\u017eky <\/a><a href=\"https:\/\/talkpal.ai\/sk\/language\/pridavne-mena-francuzska-gramatika\/\">Pr\u00eddavn\u00e9 men\u00e1 <\/a><a href=\"https:\/\/talkpal.ai\/sk\/language\/prislovky-francuzska-gramatika\/\">Pr\u00edslovky <\/a><a href=\"https:\/\/talkpal.ai\/sk\/language\/slovesa-francuzska-gramatika\/\">Sloves\u00e1 <\/a><a href=\"https:\/\/talkpal.ai\/sk\/language\/struktura-vety-francuzska-gramatika\/\">\u0160trukt\u00fara vety <\/a><a href=\"https:\/\/talkpal.ai\/sk\/language\/zamena-a-determinanty-francuzska-gramatika\/\">Z\u00e1men\u00e1 a determinanty <\/a>            <\/div>\r\n        <\/section>\r\n    <section class=\"promotionalBanner\">\r\n    <p class=\"promotionalText\"><\/p>\r\n    <a class=\"promotionalLink\" href=\"https:\/\/app.talkpal.ai\/sk\/signup?lng=\"><\/a>\r\n<\/section>\n<div class=\"wp-block-group pageContainerStyle\"><div class=\"wp-block-group__inner-container is-layout-constrained wp-block-group-is-layout-constrained\">\n<h2 class=\"wp-block-heading\" id=\"h-a-beginner-s-guide-to-french-grammar\">Sprievodca franc\u00fazskou gramatikou pre za\u010diato\u010dn\u00edkov<\/h2>\n\n\n\n<p>U\u010denie franc\u00faz\u0161tiny m\u00f4\u017ee by\u0165 vzru\u0161uj\u00facim a obohacuj\u00facim z\u00e1\u017eitkom. Zvl\u00e1dnutie franc\u00fazskej gramatiky v\u0161ak m\u00f4\u017ee by\u0165 n\u00e1ro\u010dn\u00e9 aj pre t\u00fdch, ktor\u00ed ovl\u00e1daj\u00fa angli\u010dtinu. V tomto \u010dl\u00e1nku sa budeme venova\u0165 niektor\u00fdm z\u00e1kladn\u00fdm tipom franc\u00fazskej gramatiky, ktor\u00e9 v\u00e1m pom\u00f4\u017eu zlep\u0161i\u0165 va\u0161e jazykov\u00e9 zru\u010dnosti. Ak sa s t\u00fdmito pravidlami obozn\u00e1mite a budete ich pravidelne precvi\u010dova\u0165, budete na dobrej ceste sta\u0165 sa expertom na franc\u00fazsku gramatiku.<\/p>\n\n\n\n<h3 class=\"wp-block-heading\" id=\"h-1-the-importance-of-gender-in-french-nouns\">1. V\u00fdznam pohlavia vo franc\u00fazskych podstatn\u00fdch men\u00e1ch<\/h3>\n\n\n\n<p>Jedn\u00fdm z najv\u00fdznamnej\u0161\u00edch rozdielov medzi franc\u00fazskou a anglickou gramatikou je koncept pohlavia. V\u0161etky franc\u00fazske podstatn\u00e9 men\u00e1 s\u00fa bu\u010f mu\u017esk\u00e9ho alebo \u017eensk\u00e9ho, \u010do ovplyv\u0148uje \u010dl\u00e1nky a pr\u00eddavn\u00e9 men\u00e1, ktor\u00e9 sa s nimi pou\u017e\u00edvaj\u00fa. Napr\u00edklad &#8222;le&#8220; a &#8222;la&#8220; s\u00fa ur\u010dit\u00e9 \u010dleny pre podstatn\u00e9 men\u00e1 mu\u017esk\u00e9ho a \u017eensk\u00e9ho rodu. Ke\u010f sa stretnete s nov\u00fdm podstatn\u00fdm menom, je ve\u013emi d\u00f4le\u017eit\u00e9 zapam\u00e4ta\u0165 si jeho rod, aby ste sa vyhli gramatick\u00fdm chyb\u00e1m.<\/p>\n\n\n\n<h3 class=\"wp-block-heading\" id=\"h-2-mastering-verb-conjugations\">2. Zvl\u00e1dnutie \u010dasovania slovies<\/h3>\n\n\n\n<p>Franc\u00fazske sloves\u00e1 maj\u00fa po\u010detn\u00e9 \u010dasovanie zalo\u017een\u00e9 na \u010dasov\u00fdch, n\u00e1ladov\u00fdch a podmetov\u00fdch z\u00e1men\u00e1ch. M\u00f4\u017ee sa to zda\u0165 ohromuj\u00face, ale existuj\u00fa vzory a skratky, ktor\u00e9 m\u00f4\u017eete pou\u017ei\u0165 na zjednodu\u0161enie procesu. Pravideln\u00e9 sloves\u00e1 patria do jednej z troch skup\u00edn na z\u00e1klade ich infinit\u00edvnych koncoviek (-er, -ir a -re) a ka\u017ed\u00e1 skupina m\u00e1 svoj vlastn\u00fd s\u00fabor pravidiel \u010dasovania. Akon\u00e1hle sa nau\u010d\u00edte tieto pravidl\u00e1, m\u00f4\u017eete \u013eahko konjugova\u0165 zna\u010dn\u00fd po\u010det franc\u00fazskych slovies.<\/p>\n\n\n\n<h3 class=\"wp-block-heading\" id=\"h-3-the-partitive-article-du-de-la-and-de-l\">3. Partit\u00edvny \u010dlen: du, de la a de l&#8216;<\/h3>\n\n\n\n<p>Ak hovor\u00edte o \u010dasti alebo neur\u010ditom mno\u017estve nie\u010doho, mus\u00edte pou\u017ei\u0165 pr\u00ed\u010dastie. \u010clen sa men\u00ed v z\u00e1vislosti od rodu podstatn\u00e9ho mena a od toho, \u010di sa za\u010d\u00edna na samohl\u00e1sku alebo spoluhl\u00e1sku. Pre podstatn\u00e9 men\u00e1 mu\u017esk\u00e9ho rodu pou\u017e\u00edvajte &#8222;du&#8220;, pre podstatn\u00e9 men\u00e1 \u017eensk\u00e9ho rodu &#8222;de la&#8220; a pre podstatn\u00e9 men\u00e1 za\u010d\u00ednaj\u00face samohl\u00e1skou alebo nem\u00fdm &#8222;h&#8220; pou\u017e\u00edvajte &#8222;de l&#8220;.<\/p>\n\n\n\n<h3 class=\"wp-block-heading\" id=\"h-4-adjective-agreement-and-placement\">4. Dohoda o pr\u00eddavn\u00fdch men\u00e1ch a umiestnenie<\/h3>\n\n\n\n<p>Vo franc\u00fazskej gramatike musia pr\u00eddavn\u00e9 men\u00e1 s\u00fahlasi\u0165 s podstatn\u00fdm menom, ktor\u00e9 upravuj\u00fa z h\u013eadiska pohlavia a \u010d\u00edsla. \u010casto to znamen\u00e1, \u017ee k pr\u00eddavn\u00e9mu menu mus\u00edte prida\u0165 &#8222;e&#8220;, aby bolo v \u017eenskom rode, a &#8222;s&#8220;, aby bolo v mno\u017enom \u010d\u00edsle. Okrem toho pr\u00eddavn\u00e9 men\u00e1 vo v\u0161eobecnosti nasleduj\u00fa za podstatn\u00fdm menom, ktor\u00e9 modifikuj\u00fa, s ur\u010dit\u00fdmi v\u00fdnimkami pre kr\u00e1tke a be\u017en\u00e9 pr\u00eddavn\u00e9 men\u00e1, ako s\u00fa &#8222;beau&#8220;, &#8222;vieil&#8220; a &#8222;grand&#8220;.<\/p>\n\n\n\n<p>Pr\u00edklady:<br\/>&#8211; Un chat noir (\u010cierna ma\u010dka)<br\/>&#8211; Une voiture noire (\u010cierne auto)<br\/>&#8211; Deux chats noirs (Dve \u010dierne ma\u010dky)<\/p>\n\n\n\n<h3 class=\"wp-block-heading\" id=\"h-5-passe-compose-past-tense-made-easy\">5. Passe Compose &#8211; Jednoduch\u00fd minul\u00fd \u010das<\/h3>\n\n\n\n<p>Aj ke\u010f existuje mnoho sp\u00f4sobov, ako vyjadri\u0165 minul\u00fd \u010das vo franc\u00faz\u0161tine, pass\u00e8 compos\u00e9 je jedn\u00fdm z naju\u017eito\u010dnej\u0161\u00edch a najjednoduch\u0161\u00edch na u\u010denie. Na vytvorenie <a href=\"https:\/\/talkpal.ai\/ar\/grammar_exercises\/passe-compose-%d8%aa%d9%85%d8%a7%d8%b1%d9%8a%d9%86-%d9%84%d9%84%d9%82%d9%88%d8%a7%d8%b9%d8%af-%d8%a7%d9%84%d9%81%d8%b1%d9%86%d8%b3%d9%8a%d8%a9\/\">pass\u00e9 compos\u00e9<\/a> potrebujete pr\u00edtomn\u00fd \u010das pomocn\u00e9ho slovesa &#8222;avoir&#8220; alebo &#8222;\u00eatre&#8220;, za ktor\u00fdm nasleduje minul\u00e9 pr\u00ed\u010dastie hlavn\u00e9ho slovesa. V\u00e4\u010d\u0161ina slovies pou\u017e\u00edva ako pomocn\u00e9 sloveso &#8222;avoir&#8220;, zatia\u013e \u010do niektor\u00e9 sloves\u00e1, v\u00e4\u010d\u0161inou pohybov\u00e9 a zvratn\u00e9, pou\u017e\u00edvaj\u00fa &#8222;\u00eatre&#8220;.<\/p>\n\n\n\n<p>Pr\u00edklad:<br\/>&#8211; J&#8217;ai mang\u00e9 (Jedol som)<br\/>&#8211; Nous sommes all\u00e9s (I\u0161li sme)<\/p>\n\n\n\n<h3 class=\"wp-block-heading\" id=\"h-6-engaging-with-the-language\">6. Zapojenie sa do jazyka<\/h3>\n\n\n\n<p>Jedn\u00fdm z najlep\u0161\u00edch sp\u00f4sobov, ako zlep\u0161i\u0165 svoju franc\u00fazsku gramatiku, je pravideln\u00e9 zap\u00e1janie sa do jazyka. \u010c\u00edtanie franc\u00fazskych nov\u00edn, sledovanie franc\u00fazskych filmov alebo rozhovory s roden\u00fdmi hovorcami v\u00e1m pom\u00f4\u017eu upevni\u0165 si gramatiku a roz\u0161\u00edri\u0165 slovn\u00fa z\u00e1sobu.<\/p>\n\n\n\n<h3 class=\"wp-block-heading\" id=\"h-conclusion\">Z\u00e1ver<\/h3>\n\n\n\n<p>Zvl\u00e1dnutie franc\u00fazskej gramatiky sa m\u00f4\u017ee zda\u0165 sk\u013eu\u010duj\u00face, ale s d\u00f4slednou praxou a odhodlan\u00edm m\u00f4\u017eete plynule hovori\u0165 t\u00fdmto kr\u00e1snym jazykom. Zameran\u00edm sa na z\u00e1kladn\u00e9 pravidl\u00e1 uveden\u00e9 vy\u0161\u0161ie a zapojen\u00edm sa do jazyka v r\u00f4znych kontextoch sa va\u0161e franc\u00fazske gramatick\u00e9 zru\u010dnosti r\u00fdchlo zlep\u0161\u00ed. Bonne \u0161anca na va\u0161ej ceste k zvl\u00e1dnutiu franc\u00fazskej gramatiky!<\/p>\n<\/div><\/div>\n\r\n<section class=\"learnNavigationSection\">\r\n            \r\n        <a href=\"https:\/\/talkpal.ai\/sk\/ucte-sa-francuzsky\/\">\r\n            <div class=\"learnNavigationWrapper\">\r\n                <div class=\"learnNavigationContent\">\r\n                    <img decoding=\"async\" src=\"https:\/\/talkpal.ai\/wp-content\/uploads\/2024\/08\/French.jpg\" alt=\"French Flag\">\r\n                    <div>\r\n                        <h4>O v\u00fdu\u010dbe franc\u00faz\u0161tiny<\/h4>\r\n                        <p>Zistite v\u0161etko o franc\u00fazskej gramatike.<\/p>\r\n                    <\/div>\r\n                <\/div>\r\n            <\/div>\r\n        <\/a>\r\n\r\n        \r\n        <a href=\"https:\/\/talkpal.ai\/sk\/francuzske-gramaticke-cvicenia\/\">\r\n            <div class=\"learnNavigationWrapper\">\r\n                <div class=\"learnNavigationContent\">\r\n                    <img decoding=\"async\" src=\"https:\/\/talkpal.ai\/wp-content\/uploads\/2024\/08\/French.jpg\" alt=\"French Flag\">\r\n                    <div>\r\n                        <h4>Cvi\u010denie z franc\u00fazskej gramatiky<\/h4>\r\n                        <p>Precvi\u010dte si franc\u00fazsku gramatiku.<\/p>\r\n                    <\/div>\r\n                <\/div>\r\n            <\/div>\r\n        <\/a>\r\n\r\n        \r\n        <a href=\"https:\/\/talkpal.ai\/vocabulary_language\/french\/\">\r\n            <div class=\"learnNavigationWrapper\">\r\n                <div class=\"learnNavigationContent\">\r\n                    <img decoding=\"async\" src=\"https:\/\/talkpal.ai\/wp-content\/uploads\/2024\/08\/French.jpg\" alt=\"French Flag\">\r\n                    <div>\r\n                        <h4>Franc\u00fazska slovn\u00e1 z\u00e1soba<\/h4>\r\n                        <p>Roz\u0161\u00edrte si franc\u00fazsku slovn\u00fa z\u00e1sobu.<\/p>\r\n                    <\/div>\r\n                <\/div>\r\n            <\/div>\r\n        <\/a>\r\n\r\n            <\/section>","protected":false},"excerpt":{"rendered":"<p>Sprievodca franc\u00fazskou gramatikou pre za\u010diato\u010dn\u00edkov U\u010denie franc\u00faz\u0161tiny m\u00f4\u017ee by\u0165 vzru\u0161uj\u00facim a obohacuj\u00facim z\u00e1\u017eitkom. Zvl\u00e1dnutie franc\u00fazskej gramatiky v\u0161ak m\u00f4\u017ee by\u0165 n\u00e1ro\u010dn\u00e9 aj pre t\u00fdch, ktor\u00ed ovl\u00e1daj\u00fa angli\u010dtinu. V tomto \u010dl\u00e1nku sa budeme venova\u0165 niektor\u00fdm z\u00e1kladn\u00fdm tipom franc\u00fazskej gramatiky, ktor\u00e9 v\u00e1m pom\u00f4\u017eu zlep\u0161i\u0165 va\u0161e jazykov\u00e9 zru\u010dnosti. Ak sa s t\u00fdmito pravidlami obozn\u00e1mite a budete ich pravidelne precvi\u010dova\u0165, [&hellip;]<\/p>\n","protected":false},"author":1,"featured_media":75844,"parent":0,"menu_order":0,"comment_status":"closed","ping_status":"closed","template":"LearningContentPage.php","meta":{"_acf_changed":false,"footnotes":""},"class_list":["post-124249","page","type-page","status-publish","has-post-thumbnail","hentry"],"acf":[],"yoast_head":"<!-- This site is optimized with the Yoast SEO Premium plugin v27.2 (Yoast SEO v27.2) - https:\/\/yoast.com\/product\/yoast-seo-premium-wordpress\/ -->\n<title>Franc\u00fazska gramatika - Talkpal<\/title>\n<meta name=\"description\" content=\"Osvojte si z\u00e1kladn\u00e9 pojmy franc\u00fazskej gramatiky - sloves\u00e1, \u010dasovanie, podstatn\u00e9 men\u00e1, \u010dleny, pr\u00eddavn\u00e9 men\u00e1, z\u00e1men\u00e1 a \u0161trukt\u00faru vety.\" \/>\n<meta name=\"robots\" content=\"index, follow, max-snippet:-1, max-image-preview:large, max-video-preview:-1\" \/>\n<link rel=\"canonical\" href=\"https:\/\/talkpal.ai\/sk\/francuzska-gramatika\/\" \/>\n<meta property=\"og:locale\" content=\"sk_SK\" \/>\n<meta property=\"og:type\" content=\"article\" \/>\n<meta property=\"og:title\" content=\"Franc\u00fazska gramatika\" \/>\n<meta property=\"og:description\" content=\"Sprievodca franc\u00fazskou gramatikou pre za\u010diato\u010dn\u00edkov U\u010denie franc\u00faz\u0161tiny m\u00f4\u017ee by\u0165 vzru\u0161uj\u00facim a obohacuj\u00facim z\u00e1\u017eitkom. Zvl\u00e1dnutie franc\u00fazskej gramatiky\" \/>\n<meta property=\"og:url\" content=\"https:\/\/talkpal.ai\/sk\/francuzska-gramatika\/\" \/>\n<meta property=\"og:site_name\" content=\"Talkpal\" \/>\n<meta property=\"article:publisher\" content=\"https:\/\/www.facebook.com\/profile.php?id=100090733639311\" \/>\n<meta property=\"article:modified_time\" content=\"2025-05-22T18:46:24+00:00\" \/>\n<meta property=\"og:image\" content=\"https:\/\/talkpal.ai\/wp-content\/uploads\/2023\/03\/france.png\" \/>\n\t<meta property=\"og:image:width\" content=\"512\" \/>\n\t<meta property=\"og:image:height\" content=\"512\" \/>\n\t<meta property=\"og:image:type\" content=\"image\/png\" \/>\n<meta name=\"twitter:card\" content=\"summary_large_image\" \/>\n<meta name=\"twitter:site\" content=\"@talkpalai\" \/>\n<meta name=\"twitter:label1\" content=\"Predpokladan\u00fd \u010das \u010d\u00edtania\" \/>\n\t<meta name=\"twitter:data1\" content=\"4 min\u00faty\" \/>\n<script type=\"application\/ld+json\" class=\"yoast-schema-graph\">{\"@context\":\"https:\/\/schema.org\",\"@graph\":[{\"@type\":\"WebPage\",\"@id\":\"https:\/\/talkpal.ai\/sk\/francuzska-gramatika\/\",\"url\":\"https:\/\/talkpal.ai\/sk\/francuzska-gramatika\/\",\"name\":\"Franc\u00fazska gramatika - Talkpal\",\"isPartOf\":{\"@id\":\"https:\/\/talkpal.ai\/sk\/#website\"},\"primaryImageOfPage\":{\"@id\":\"https:\/\/talkpal.ai\/sk\/francuzska-gramatika\/#primaryimage\"},\"image\":{\"@id\":\"https:\/\/talkpal.ai\/sk\/francuzska-gramatika\/#primaryimage\"},\"thumbnailUrl\":\"https:\/\/talkpal.ai\/wp-content\/uploads\/2023\/03\/france.png\",\"datePublished\":\"2023-03-26T11:45:19+00:00\",\"dateModified\":\"2025-05-22T18:46:24+00:00\",\"description\":\"Osvojte si z\u00e1kladn\u00e9 pojmy franc\u00fazskej gramatiky - sloves\u00e1, \u010dasovanie, podstatn\u00e9 men\u00e1, \u010dleny, pr\u00eddavn\u00e9 men\u00e1, z\u00e1men\u00e1 a \u0161trukt\u00faru vety.\",\"breadcrumb\":{\"@id\":\"https:\/\/talkpal.ai\/sk\/francuzska-gramatika\/#breadcrumb\"},\"inLanguage\":\"sk-SK\",\"potentialAction\":[{\"@type\":\"ReadAction\",\"target\":[\"https:\/\/talkpal.ai\/sk\/francuzska-gramatika\/\"]}]},{\"@type\":\"ImageObject\",\"inLanguage\":\"sk-SK\",\"@id\":\"https:\/\/talkpal.ai\/sk\/francuzska-gramatika\/#primaryimage\",\"url\":\"https:\/\/talkpal.ai\/wp-content\/uploads\/2023\/03\/france.png\",\"contentUrl\":\"https:\/\/talkpal.ai\/wp-content\/uploads\/2023\/03\/france.png\",\"width\":512,\"height\":512,\"caption\":\"TalkPal AI learn French\"},{\"@type\":\"BreadcrumbList\",\"@id\":\"https:\/\/talkpal.ai\/sk\/francuzska-gramatika\/#breadcrumb\",\"itemListElement\":[{\"@type\":\"ListItem\",\"position\":1,\"name\":\"Homepage\",\"item\":\"https:\/\/talkpal.ai\/sk\/\"},{\"@type\":\"ListItem\",\"position\":2,\"name\":\"Franc\u00fazska gramatika\"}]},{\"@type\":\"WebSite\",\"@id\":\"https:\/\/talkpal.ai\/sk\/#website\",\"url\":\"https:\/\/talkpal.ai\/sk\/\",\"name\":\"Talkpal\",\"description\":\"AI Language Learning\",\"publisher\":{\"@id\":\"https:\/\/talkpal.ai\/sk\/#organization\"},\"alternateName\":\"Talkpal AI\",\"potentialAction\":[{\"@type\":\"SearchAction\",\"target\":{\"@type\":\"EntryPoint\",\"urlTemplate\":\"https:\/\/talkpal.ai\/sk\/?s={search_term_string}\"},\"query-input\":{\"@type\":\"PropertyValueSpecification\",\"valueRequired\":true,\"valueName\":\"search_term_string\"}}],\"inLanguage\":\"sk-SK\"},{\"@type\":\"Organization\",\"@id\":\"https:\/\/talkpal.ai\/sk\/#organization\",\"name\":\"Talkpal, Inc.\",\"alternateName\":\"Talkpal AI\",\"url\":\"https:\/\/talkpal.ai\/sk\/\",\"logo\":{\"@type\":\"ImageObject\",\"inLanguage\":\"sk-SK\",\"@id\":\"https:\/\/talkpal.ai\/sk\/#\/schema\/logo\/image\/\",\"url\":\"https:\/\/talkpal.ai\/wp-content\/uploads\/2024\/03\/Talkpal-Logo-Icon.png\",\"contentUrl\":\"https:\/\/talkpal.ai\/wp-content\/uploads\/2024\/03\/Talkpal-Logo-Icon.png\",\"width\":2880,\"height\":2880,\"caption\":\"Talkpal, Inc.\"},\"image\":{\"@id\":\"https:\/\/talkpal.ai\/sk\/#\/schema\/logo\/image\/\"},\"sameAs\":[\"https:\/\/www.facebook.com\/profile.php?id=100090733639311\",\"https:\/\/x.com\/talkpalai\",\"https:\/\/www.linkedin.com\/company\/talkpal\/\",\"https:\/\/www.youtube.com\/@TalkPal\/\",\"https:\/\/www.tiktok.com\/@talkpal\",\"https:\/\/www.instagram.com\/talkpal_ai\/\",\"https:\/\/www.crunchbase.com\/organization\/talkpal-9cde\",\"https:\/\/www.g2.com\/products\/talkpal-for-business\/\",\"https:\/\/www.trustpilot.com\/review\/talkpal.ai\",\"https:\/\/www.capterra.com\/p\/10006800\/TalkPal\/\"],\"description\":\"Talkpal is a language learning web and mobile education app, powered by the latest AI technologies, that provides engaging experiences to its customers in many different languages to help them improve their language skills. Users can chat about unlimited amount of topics with the app and use other modes to practice their language learning.\",\"email\":\"support@talkpal.ai\",\"legalName\":\"Talkpal, Inc.\",\"foundingDate\":\"2023-04-03\",\"duns\":\"118989042\",\"numberOfEmployees\":{\"@type\":\"QuantitativeValue\",\"minValue\":\"11\",\"maxValue\":\"50\"},\"publishingPrinciples\":\"https:\/\/talkpal.ai\/publishing-principles\/\",\"actionableFeedbackPolicy\":\"https:\/\/talkpal.ai\/actionable-feedback-policy\/\",\"correctionsPolicy\":\"https:\/\/talkpal.ai\/corrections-policy\/\",\"ethicsPolicy\":\"https:\/\/talkpal.ai\/ethics-policy\/\",\"diversityPolicy\":\"https:\/\/talkpal.ai\/diversity-policy\/\",\"diversityStaffingReport\":\"https:\/\/talkpal.ai\/diversity-policy\/\"}]}<\/script>\n<!-- \/ Yoast SEO Premium plugin. -->","yoast_head_json":{"title":"Franc\u00fazska gramatika - Talkpal","description":"Osvojte si z\u00e1kladn\u00e9 pojmy franc\u00fazskej gramatiky - sloves\u00e1, \u010dasovanie, podstatn\u00e9 men\u00e1, \u010dleny, pr\u00eddavn\u00e9 men\u00e1, z\u00e1men\u00e1 a \u0161trukt\u00faru vety.","robots":{"index":"index","follow":"follow","max-snippet":"max-snippet:-1","max-image-preview":"max-image-preview:large","max-video-preview":"max-video-preview:-1"},"canonical":"https:\/\/talkpal.ai\/sk\/francuzska-gramatika\/","og_locale":"sk_SK","og_type":"article","og_title":"Franc\u00fazska gramatika","og_description":"Sprievodca franc\u00fazskou gramatikou pre za\u010diato\u010dn\u00edkov U\u010denie franc\u00faz\u0161tiny m\u00f4\u017ee by\u0165 vzru\u0161uj\u00facim a obohacuj\u00facim z\u00e1\u017eitkom. Zvl\u00e1dnutie franc\u00fazskej gramatiky","og_url":"https:\/\/talkpal.ai\/sk\/francuzska-gramatika\/","og_site_name":"Talkpal","article_publisher":"https:\/\/www.facebook.com\/profile.php?id=100090733639311","article_modified_time":"2025-05-22T18:46:24+00:00","og_image":[{"width":512,"height":512,"url":"https:\/\/talkpal.ai\/wp-content\/uploads\/2023\/03\/france.png","type":"image\/png"}],"twitter_card":"summary_large_image","twitter_site":"@talkpalai","twitter_misc":{"Predpokladan\u00fd \u010das \u010d\u00edtania":"4 min\u00faty"},"schema":{"@context":"https:\/\/schema.org","@graph":[{"@type":"WebPage","@id":"https:\/\/talkpal.ai\/sk\/francuzska-gramatika\/","url":"https:\/\/talkpal.ai\/sk\/francuzska-gramatika\/","name":"Franc\u00fazska gramatika - Talkpal","isPartOf":{"@id":"https:\/\/talkpal.ai\/sk\/#website"},"primaryImageOfPage":{"@id":"https:\/\/talkpal.ai\/sk\/francuzska-gramatika\/#primaryimage"},"image":{"@id":"https:\/\/talkpal.ai\/sk\/francuzska-gramatika\/#primaryimage"},"thumbnailUrl":"https:\/\/talkpal.ai\/wp-content\/uploads\/2023\/03\/france.png","datePublished":"2023-03-26T11:45:19+00:00","dateModified":"2025-05-22T18:46:24+00:00","description":"Osvojte si z\u00e1kladn\u00e9 pojmy franc\u00fazskej gramatiky - sloves\u00e1, \u010dasovanie, podstatn\u00e9 men\u00e1, \u010dleny, pr\u00eddavn\u00e9 men\u00e1, z\u00e1men\u00e1 a \u0161trukt\u00faru vety.","breadcrumb":{"@id":"https:\/\/talkpal.ai\/sk\/francuzska-gramatika\/#breadcrumb"},"inLanguage":"sk-SK","potentialAction":[{"@type":"ReadAction","target":["https:\/\/talkpal.ai\/sk\/francuzska-gramatika\/"]}]},{"@type":"ImageObject","inLanguage":"sk-SK","@id":"https:\/\/talkpal.ai\/sk\/francuzska-gramatika\/#primaryimage","url":"https:\/\/talkpal.ai\/wp-content\/uploads\/2023\/03\/france.png","contentUrl":"https:\/\/talkpal.ai\/wp-content\/uploads\/2023\/03\/france.png","width":512,"height":512,"caption":"TalkPal AI learn French"},{"@type":"BreadcrumbList","@id":"https:\/\/talkpal.ai\/sk\/francuzska-gramatika\/#breadcrumb","itemListElement":[{"@type":"ListItem","position":1,"name":"Homepage","item":"https:\/\/talkpal.ai\/sk\/"},{"@type":"ListItem","position":2,"name":"Franc\u00fazska gramatika"}]},{"@type":"WebSite","@id":"https:\/\/talkpal.ai\/sk\/#website","url":"https:\/\/talkpal.ai\/sk\/","name":"Talkpal","description":"AI Language Learning","publisher":{"@id":"https:\/\/talkpal.ai\/sk\/#organization"},"alternateName":"Talkpal AI","potentialAction":[{"@type":"SearchAction","target":{"@type":"EntryPoint","urlTemplate":"https:\/\/talkpal.ai\/sk\/?s={search_term_string}"},"query-input":{"@type":"PropertyValueSpecification","valueRequired":true,"valueName":"search_term_string"}}],"inLanguage":"sk-SK"},{"@type":"Organization","@id":"https:\/\/talkpal.ai\/sk\/#organization","name":"Talkpal, Inc.","alternateName":"Talkpal AI","url":"https:\/\/talkpal.ai\/sk\/","logo":{"@type":"ImageObject","inLanguage":"sk-SK","@id":"https:\/\/talkpal.ai\/sk\/#\/schema\/logo\/image\/","url":"https:\/\/talkpal.ai\/wp-content\/uploads\/2024\/03\/Talkpal-Logo-Icon.png","contentUrl":"https:\/\/talkpal.ai\/wp-content\/uploads\/2024\/03\/Talkpal-Logo-Icon.png","width":2880,"height":2880,"caption":"Talkpal, Inc."},"image":{"@id":"https:\/\/talkpal.ai\/sk\/#\/schema\/logo\/image\/"},"sameAs":["https:\/\/www.facebook.com\/profile.php?id=100090733639311","https:\/\/x.com\/talkpalai","https:\/\/www.linkedin.com\/company\/talkpal\/","https:\/\/www.youtube.com\/@TalkPal\/","https:\/\/www.tiktok.com\/@talkpal","https:\/\/www.instagram.com\/talkpal_ai\/","https:\/\/www.crunchbase.com\/organization\/talkpal-9cde","https:\/\/www.g2.com\/products\/talkpal-for-business\/","https:\/\/www.trustpilot.com\/review\/talkpal.ai","https:\/\/www.capterra.com\/p\/10006800\/TalkPal\/"],"description":"Talkpal is a language learning web and mobile education app, powered by the latest AI technologies, that provides engaging experiences to its customers in many different languages to help them improve their language skills. Users can chat about unlimited amount of topics with the app and use other modes to practice their language learning.","email":"support@talkpal.ai","legalName":"Talkpal, Inc.","foundingDate":"2023-04-03","duns":"118989042","numberOfEmployees":{"@type":"QuantitativeValue","minValue":"11","maxValue":"50"},"publishingPrinciples":"https:\/\/talkpal.ai\/publishing-principles\/","actionableFeedbackPolicy":"https:\/\/talkpal.ai\/actionable-feedback-policy\/","correctionsPolicy":"https:\/\/talkpal.ai\/corrections-policy\/","ethicsPolicy":"https:\/\/talkpal.ai\/ethics-policy\/","diversityPolicy":"https:\/\/talkpal.ai\/diversity-policy\/","diversityStaffingReport":"https:\/\/talkpal.ai\/diversity-policy\/"}]}},"_links":{"self":[{"href":"https:\/\/talkpal.ai\/sk\/wp-json\/wp\/v2\/pages\/124249","targetHints":{"allow":["GET"]}}],"collection":[{"href":"https:\/\/talkpal.ai\/sk\/wp-json\/wp\/v2\/pages"}],"about":[{"href":"https:\/\/talkpal.ai\/sk\/wp-json\/wp\/v2\/types\/page"}],"author":[{"embeddable":true,"href":"https:\/\/talkpal.ai\/sk\/wp-json\/wp\/v2\/users\/1"}],"replies":[{"embeddable":true,"href":"https:\/\/talkpal.ai\/sk\/wp-json\/wp\/v2\/comments?post=124249"}],"version-history":[{"count":0,"href":"https:\/\/talkpal.ai\/sk\/wp-json\/wp\/v2\/pages\/124249\/revisions"}],"wp:featuredmedia":[{"embeddable":true,"href":"https:\/\/talkpal.ai\/sk\/wp-json\/wp\/v2\/media\/75844"}],"wp:attachment":[{"href":"https:\/\/talkpal.ai\/sk\/wp-json\/wp\/v2\/media?parent=124249"}],"curies":[{"name":"wp","href":"https:\/\/api.w.org\/{rel}","templated":true}]}}