{"id":124116,"date":"2023-03-26T11:40:15","date_gmt":"2023-03-26T11:40:15","guid":{"rendered":"http:\/\/talkpal.ai\/nemecka-gramatika\/"},"modified":"2025-05-22T19:21:59","modified_gmt":"2025-05-22T19:21:59","slug":"nemecka-gramatika","status":"publish","type":"page","link":"https:\/\/talkpal.ai\/sk\/nemecka-gramatika\/","title":{"rendered":"Nemeck\u00e1 gramatika"},"content":{"rendered":"\r\n\r\n\r\n<section class=\"languageChallengeSection\">\r\n    <div class=\"languageInfoWrapper\">\r\n        \r\n        <h1>Nemeck\u00e1 gramatika<\/h1>\r\n        <p>Odha\u013ete \u0161trukt\u00faru nemeck\u00e9ho jazyka t\u00fdm, \u017ee si osvoj\u00edte jeho z\u00e1kladn\u00e9 gramatick\u00e9 pravidl\u00e1. Pochopenie nemeckej gramatiky v\u00e1m pom\u00f4\u017ee komunikova\u0165 s istotou a plne oceni\u0165 bohatstvo nemecky hovoriacich kult\u00far. Za\u010dnite sa u\u010di\u0165 nemeck\u00fa gramatiku e\u0161te dnes a urobte prv\u00fd krok k plynulosti!\n\n<\/p>\r\n\r\n                            <a class=\"getStartedHidden\" href=\"https:\/\/app.talkpal.ai\/sk\/signup?lng=\">Za\u010dni<\/a>\r\n        \r\n    <\/div>\r\n\r\n    <figure>\r\n    <img decoding=\"async\" width=\"768\" height=\"768\" src=\"https:\/\/talkpal.ai\/wp-content\/uploads\/2023\/06\/german-768x768.png\" class=\"languageImage no-lazy\" alt=\"Language learning for global networking\" fetchpriority=\"high\" sizes=\"(max-width: 768px) 150px, 768px\" srcset=\"https:\/\/talkpal.ai\/wp-content\/uploads\/2023\/06\/german-768x768.png 768w, https:\/\/talkpal.ai\/wp-content\/uploads\/2023\/06\/german-300x300.png 300w\" \/>\r\n    \r\n\r\n    <\/figure>\r\n\r\n            <a class=\"getStartedVisible\" href=\"https:\/\/app.talkpal.ai\/sk\/signup?lng=\">Za\u010dni<\/a>\r\n    \r\n<\/section>\r\n        <section class=\"grammarSection\">\r\n            <div class=\"grammarLinks\">\r\n                <a href=\"https:\/\/talkpal.ai\/sk\/language\/casy-nemecka-gramatika-sk\/\">\u010casy <\/a><a href=\"https:\/\/talkpal.ai\/sk\/language\/deklinacia-nemecka-gramatika\/\">Deklin\u00e1cia <\/a><a href=\"https:\/\/talkpal.ai\/sk\/language\/podstatne-mena-a-cleny-nemecka-gramatika\/\">Podstatn\u00e9 men\u00e1 a \u010dleny <\/a><a href=\"https:\/\/talkpal.ai\/sk\/language\/predlozky-nemecka-gramatika-sk\/\">Predlo\u017eky <\/a><a href=\"https:\/\/talkpal.ai\/sk\/language\/pridavne-mena-nemecka-gramatika\/\">Pr\u00eddavn\u00e9 men\u00e1 <\/a><a href=\"https:\/\/talkpal.ai\/sk\/language\/prislovky-nemecka-gramatika\/\">Pr\u00edslovky <\/a><a href=\"https:\/\/talkpal.ai\/sk\/language\/slovesa-nemecka-gramatika-sk\/\">Sloves\u00e1 <\/a><a href=\"https:\/\/talkpal.ai\/sk\/language\/struktura-vety-nemecka-gramatika\/\">\u0160trukt\u00fara vety <\/a><a href=\"https:\/\/talkpal.ai\/sk\/language\/zamena-nemecka-gramatika\/\">Z\u00e1men\u00e1 <\/a>            <\/div>\r\n        <\/section>\r\n    <section class=\"promotionalBanner\">\r\n    <p class=\"promotionalText\">Najefekt\u00edvnej\u0161\u00ed sp\u00f4sob, ako sa nau\u010di\u0165 jazyk<\/p>\r\n    <a class=\"promotionalLink\" href=\"https:\/\/app.talkpal.ai\/sk\/signup?lng=\">Vysk\u00fa\u0161ajte Talkpal zadarmo<\/a>\r\n<\/section>\n<div class=\"wp-block-group pageContainerStyle\"><div class=\"wp-block-group__inner-container is-layout-constrained wp-block-group-is-layout-constrained\">\n<h2 class=\"wp-block-heading\" id=\"h-unraveling-the-intricacies-of-german-grammar\">Odhalenie zlo\u017eitosti nemeckej gramatiky<\/h2>\n\n\n\n<p><a href=\"https:\/\/talkpal.ai\/sk\/ucenie\/\">U\u010denie sa<\/a> nem\u010diny m\u00f4\u017ee by\u0165 vzru\u0161uj\u00face a obohacuj\u00face \u00fasilie. Nielen\u017ee budete m\u00f4c\u0165 hovori\u0165 s viac ako 130 mili\u00f3nmi \u013eud\u00ed na celom svete, ale budete ma\u0165 pr\u00edstup aj k bohatej literat\u00fare, hudbe a kult\u00farnej hist\u00f3rii. Ako ka\u017ed\u00fd jazyk, zvl\u00e1dnutie nem\u010diny si vy\u017eaduje odhodlanie a trpezlivos\u0165 &#8211; najm\u00e4 pokia\u013e ide o gramatiku. Dobrou spr\u00e1vou je, \u017ee mnoh\u00e9 aspekty nemeckej gramatiky s\u00fa dos\u0165 podobn\u00e9 anglickej gramatike, \u010do u\u013eah\u010duje anglicky hovoriacim \u013eu\u010fom omota\u0165 si hlavu. V tomto \u010dl\u00e1nku sa budeme venova\u0165 niektor\u00fdm k\u013e\u00fa\u010dov\u00fdm prvkom nemeckej gramatiky a poskytneme v\u00e1m u\u017eito\u010dn\u00e9 tipy a triky, ktor\u00e9 v\u00e1m pom\u00f4\u017eu zvl\u00e1dnu\u0165 tento kr\u00e1sny a zlo\u017eit\u00fd jazyk.<\/p>\n\n\n\n<h3 class=\"wp-block-heading\" id=\"h-1-nouns-and-articles-get-your-cases-right\">1. Podstatn\u00e9 men\u00e1 a \u010dl\u00e1nky &#8211; Urobte svoje pr\u00edpady spr\u00e1vne!<\/h3>\n\n\n\n<p>Jednou z prv\u00fdch prek\u00e1\u017eok pre anglicky hovoriacich \u013eud\u00ed, ktor\u00ed sa u\u010dia nem\u010dinu, je pochopenie \u0161tyroch p\u00e1dov: nominat\u00edv, akuzat\u00edv, dat\u00edv a genit\u00edv. Ka\u017ed\u00fd pr\u00edpad signalizuje in\u00fa funkciu podstatn\u00e9ho mena vo vete, napr\u00edklad podmet, priamy objekt alebo nepriamy objekt. Okrem toho m\u00e1 nem\u010dina tri gramatick\u00e9 rody (mu\u017esk\u00e9, \u017eensk\u00e9 a kastrovan\u00e9) a \u010dl\u00e1nky pre ka\u017ed\u00fa zmenu pohlavia v z\u00e1vislosti od pr\u00edpadu. Znie to m\u00e4t\u00faco? Nemajte obavy! Ke\u010f sa lep\u0161ie zozn\u00e1mite s nem\u010dinou, za\u010dnete rozpozn\u00e1va\u0165 vzory a predv\u00edda\u0165, ktor\u00fd p\u00e1d a rod sa m\u00e1 pou\u017ei\u0165.<\/p>\n\n\n\n<p>Tip: Vytvorte graf ur\u010dit\u00fdch \u010dl\u00e1nkov (der, die, das) a neur\u010dit\u00fdch \u010dl\u00e1nkov (ein, eine, ein) pre ka\u017ed\u00e9 pohlavie a pr\u00edpad. Najprv si ich zapam\u00e4tajte, preto\u017ee bud\u00fa sl\u00fa\u017ei\u0165 ako z\u00e1klad pre pochopenie nemeckej vetnej \u0161trukt\u00fary.<\/p>\n\n\n\n<h3 class=\"wp-block-heading\" id=\"h-2-verbs-conjugate-and-dominate\">2. Sloves\u00e1 \u2013 konjugova\u0165 a dominova\u0165!<\/h3>\n\n\n\n<p>V nem\u010dine s\u00fa sloves\u00e1 nevyhnutn\u00e9 nielen na vyjadrenie akcie, ale aj na vyjadrenie \u010dasu a n\u00e1lady. Rovnako ako <a href=\"https:\/\/talkpal.ai\/learn-english-with-ai\/\">angli\u010dtina<\/a>, aj nemeck\u00e9 sloves\u00e1 musia by\u0165 \u010dasovan\u00e9, aby zodpovedali podmetu vety. Existuj\u00fa v\u0161ak niektor\u00e9 k\u013e\u00fa\u010dov\u00e9 rozdiely, vr\u00e1tane pou\u017e\u00edvania pravideln\u00fdch (slab\u00fdch) a nepravideln\u00fdch (siln\u00fdch) slovies, ako aj pou\u017eitia pomocn\u00fdch slovies pre ur\u010dit\u00e9 \u010dasy. Dobrou spr\u00e1vou je, \u017ee niektor\u00e9 aspekty nemeckej slovesnej v\u00e4zby s\u00fa jednoduch\u0161ie ako v angli\u010dtine, napr\u00edklad sa nevy\u017eaduje pou\u017e\u00edvanie &#8222;do&#8220; v ot\u00e1zkach alebo neg\u00e1ci\u00e1ch.<\/p>\n\n\n\n<p>Tip: Za\u010dnite zvl\u00e1dnut\u00edm pravideln\u00e9ho \u010dasovania slovies a potom sa vyrie\u0161te s najbe\u017enej\u0161\u00edmi nepravideln\u00fdmi slovesami. Precvi\u010dujte si pou\u017e\u00edvanie pomocn\u00fdch slovies v minulom a bud\u00facom \u010dase a \u010doskoro budete schopn\u00ed tvori\u0165 zlo\u017eitej\u0161ie vety.<\/p>\n\n\n\n<h3 class=\"wp-block-heading\" id=\"h-3-adjectives-show-your-agreement\">3. Pr\u00eddavn\u00e9 men\u00e1 \u2013 Uk\u00e1\u017ete svoj s\u00fahlas!<\/h3>\n\n\n\n<p>Pri pou\u017e\u00edvan\u00ed pr\u00eddavn\u00fdch mien na opis podstatn\u00fdch mien v nem\u010dine je d\u00f4le\u017eit\u00e9 porozumie\u0165 zhode pr\u00eddavn\u00fdch mien. To znamen\u00e1, \u017ee pr\u00eddavn\u00e9 men\u00e1 musia s\u00fahlasi\u0165 s rodom a p\u00e1dom podstatn\u00e9ho mena. V niektor\u00fdch pr\u00edpadoch je potrebn\u00e9 prida\u0165 koncovku k pr\u00eddavn\u00e9mu menu, a to na z\u00e1klade pr\u00ed\u010dastia a p\u00e1du podstatn\u00e9ho mena.<\/p>\n\n\n\n<p>Tip: Pou\u017eite graf \u010dl\u00e1nkov z predch\u00e1dzaj\u00faceho obdobia, ktor\u00fd v\u00e1m pom\u00f4\u017ee zapam\u00e4ta\u0165 si spr\u00e1vne koncovky pr\u00eddavn\u00fdch mien. Pri precvi\u010dovan\u00ed pou\u017e\u00edvania pr\u00eddavn\u00fdch mien vo vet\u00e1ch si ment\u00e1lne pozna\u010dte koncov\u00e9 vzory a to, ako s\u00favisia s rodom a pr\u00edpadom podstatn\u00e9ho mena.<\/p>\n\n\n\n<h3 class=\"wp-block-heading\" id=\"h-4-word-order-embrace-the-flexibility\">4. Slovosled &#8211; Prijmite flexibilitu!<\/h3>\n\n\n\n<p>Jednou z mnoh\u00fdch radost\u00ed nemeckej gramatiky je jej flexibiln\u00fd slovosled. Na rozdiel od angli\u010dtiny, ktor\u00e1 sa vo v\u0161eobecnosti riadi pr\u00edsnym podmetovo-slovesno-objektov\u00fdm vzorom, nemeck\u00e9 vety sa m\u00f4\u017eu l\u00ed\u0161i\u0165 vo svojej \u0161trukt\u00fare. K\u013e\u00fa\u010dom k \u00faspechu je pochopenie d\u00f4le\u017eitosti poz\u00edcie slovesa, ktor\u00e9 je zvy\u010dajne na druhom mieste v hlavnej vete a na poslednom mieste vo ved\u013eaj\u0161ej vete.<\/p>\n\n\n\n<p>Tip: Ak si chcete osvoji\u0165 r\u00f4zne vzory slovosledu, sk\u00faste prelo\u017ei\u0165 jednoduch\u00e9 anglick\u00e9 vety do nem\u010diny a potom zmeni\u0165 usporiadanie vety, pri\u010dom sloveso zostane na spr\u00e1vnom mieste. To v\u00e1m pom\u00f4\u017ee sta\u0165 sa zru\u010dnej\u0161\u00edm vo vytv\u00e1ran\u00ed jemn\u00fdch a expres\u00edvnych viet v nem\u010dine.<\/p>\n\n\n\n<h3 class=\"wp-block-heading\" id=\"h-5-prepositions-think-in-german\">5. Predlo\u017eky \u2013 myslite po nemecky!<\/h3>\n\n\n\n<p>Pravdepodobne najzlo\u017eitej\u0161ou \u010das\u0165ou u\u010denia sa nemeckej gramatiky je zvl\u00e1dnutie predlo\u017eiek. Hoci predlo\u017eky existuj\u00fa aj v angli\u010dtine a sl\u00fa\u017eia na podobn\u00fd \u00fa\u010del, ich pou\u017eitie v nem\u010dine je odli\u0161n\u00e9 a \u010dasto si vy\u017eaduje &#8222;nemeck\u00e9 myslenie&#8220;, aby ste vybrali t\u00fa spr\u00e1vnu. Napr\u00edklad anglick\u00e1 predlo\u017eka &#8222;in&#8220; sa v z\u00e1vislosti od kontextu m\u00f4\u017ee v nem\u010dine prelo\u017ei\u0165 ako &#8222;in&#8220;, &#8222;an&#8220; alebo &#8222;auf&#8220;.<\/p>\n\n\n\n<p>Tip: Vytvorte karti\u010dky s be\u017en\u00fdmi predlo\u017ekami a ich anglick\u00fdmi n\u00e1protivkami. Precvi\u010dte si ich pou\u017e\u00edvanie vo vet\u00e1ch a zamerajte sa na konkr\u00e9tne kontexty, v ktor\u00fdch sa ka\u017ed\u00e1 predlo\u017eka pou\u017e\u00edva.<\/p>\n\n\n\n<h3 class=\"wp-block-heading\" id=\"h-conclusion\">Z\u00e1ver:<\/h3>\n\n\n\n<p><a href=\"https:\/\/talkpal.ai\/sk\/grammar\/rod-v-nemeckej-gramatike\/\">Nemeck\u00e1 gramatika<\/a> sa m\u00f4\u017ee zda\u0165 spo\u010diatku n\u00e1ro\u010dn\u00e1, ale ak sa budete venova\u0165 cvi\u010deniu, trpezlivosti a s\u00fastred\u00edte sa na pochopenie z\u00e1kladn\u00fdch pravidiel a vzorov, \u010doskoro budete s \u013eahkos\u0165ou tvori\u0165 zlo\u017eit\u00e9 vety. Pochopen\u00edm zlo\u017eitosti nemeckej gramatiky anglicky hovoriaci nielen zlep\u0161ia svoje jazykov\u00e9 zru\u010dnosti, ale tie\u017e rozvin\u00fa nov\u00e9 ocenenie tohto kr\u00e1sneho a komplexn\u00e9ho jazyka. Now, auf geht&#8217;s! Je \u010das ponori\u0165 sa do sveta nemeckej gramatiky a odomkn\u00fa\u0165 svoj pln\u00fd potenci\u00e1l jazykov\u00e9ho vzdel\u00e1vania.<\/p>\n<\/div><\/div>\n\r\n<section class=\"learnNavigationSection\">\r\n            \r\n        <a href=\"https:\/\/talkpal.ai\/sk\/ucte-sa-nemecky\/\">\r\n            <div class=\"learnNavigationWrapper\">\r\n                <div class=\"learnNavigationContent\">\r\n                    <img decoding=\"async\" src=\"https:\/\/talkpal.ai\/wp-content\/uploads\/2024\/08\/German.jpg\" alt=\"German Flag\">\r\n                    <div>\r\n                        <h4>O v\u00fdu\u010dbe nem\u010diny<\/h4>\r\n                        <p>Zistite v\u0161etko o nemeckej gramatike.<\/p>\r\n                    <\/div>\r\n                <\/div>\r\n            <\/div>\r\n        <\/a>\r\n\r\n        \r\n        <a href=\"https:\/\/talkpal.ai\/sk\/nemecke-gramaticke-cvicenia\/\">\r\n            <div class=\"learnNavigationWrapper\">\r\n                <div class=\"learnNavigationContent\">\r\n                    <img decoding=\"async\" src=\"https:\/\/talkpal.ai\/wp-content\/uploads\/2024\/08\/German.jpg\" alt=\"German Flag\">\r\n                    <div>\r\n                        <h4>Cvi\u010denie z nemeckej gramatiky<\/h4>\r\n                        <p>Precvi\u010dte si nemeck\u00fa gramatiku.<\/p>\r\n                    <\/div>\r\n                <\/div>\r\n            <\/div>\r\n        <\/a>\r\n\r\n        \r\n        <a href=\"https:\/\/talkpal.ai\/vocabulary_language\/german\/\">\r\n            <div class=\"learnNavigationWrapper\">\r\n                <div class=\"learnNavigationContent\">\r\n                    <img decoding=\"async\" src=\"https:\/\/talkpal.ai\/wp-content\/uploads\/2024\/08\/German.jpg\" alt=\"German Flag\">\r\n                    <div>\r\n                        <h4>Nemeck\u00e1 slovn\u00e1 z\u00e1soba<\/h4>\r\n                        <p>Roz\u0161\u00edrte si slovn\u00fa z\u00e1sobu nem\u010diny.<\/p>\r\n                    <\/div>\r\n                <\/div>\r\n            <\/div>\r\n        <\/a>\r\n\r\n            <\/section>","protected":false},"excerpt":{"rendered":"<p>Odhalenie zlo\u017eitosti nemeckej gramatiky U\u010denie sa nem\u010diny m\u00f4\u017ee by\u0165 vzru\u0161uj\u00face a obohacuj\u00face \u00fasilie. Nielen\u017ee budete m\u00f4c\u0165 hovori\u0165 s viac ako 130 mili\u00f3nmi \u013eud\u00ed na celom svete, ale budete ma\u0165 pr\u00edstup aj k bohatej literat\u00fare, hudbe a kult\u00farnej hist\u00f3rii. Ako ka\u017ed\u00fd jazyk, zvl\u00e1dnutie nem\u010diny si vy\u017eaduje odhodlanie a trpezlivos\u0165 &#8211; najm\u00e4 pokia\u013e ide o gramatiku. Dobrou [&hellip;]<\/p>\n","protected":false},"author":1,"featured_media":75658,"parent":0,"menu_order":0,"comment_status":"closed","ping_status":"closed","template":"LearningContentPage.php","meta":{"_acf_changed":false,"footnotes":""},"class_list":["post-124116","page","type-page","status-publish","has-post-thumbnail","hentry"],"acf":[],"yoast_head":"<!-- This site is optimized with the Yoast SEO Premium plugin v27.2 (Yoast SEO v27.2) - https:\/\/yoast.com\/product\/yoast-seo-premium-wordpress\/ -->\n<title>Nemeck\u00e1 gramatika - Talkpal<\/title>\n<meta name=\"description\" content=\"Nau\u010dte sa \u013eahko nemeck\u00fa gramatiku - pochopte z\u00e1kladn\u00e9 pravidl\u00e1, precvi\u010dte si tvorbu viet a hovorte zrozumite\u013ene pomocou Talkpals podporou umelej inteligencie.\" \/>\n<meta name=\"robots\" content=\"index, follow, max-snippet:-1, max-image-preview:large, max-video-preview:-1\" \/>\n<link rel=\"canonical\" href=\"https:\/\/talkpal.ai\/sk\/nemecka-gramatika\/\" \/>\n<meta property=\"og:locale\" content=\"sk_SK\" \/>\n<meta property=\"og:type\" content=\"article\" \/>\n<meta property=\"og:title\" content=\"Nemeck\u00e1 gramatika\" \/>\n<meta property=\"og:description\" content=\"Odhalenie zlo\u017eitosti nemeckej gramatiky U\u010denie sa nem\u010diny m\u00f4\u017ee by\u0165 vzru\u0161uj\u00face a obohacuj\u00face \u00fasilie. Nielen\u017ee budete m\u00f4c\u0165 hovori\u0165 s viac ako 130 mili\u00f3nmi\" \/>\n<meta property=\"og:url\" content=\"https:\/\/talkpal.ai\/sk\/nemecka-gramatika\/\" \/>\n<meta property=\"og:site_name\" content=\"Talkpal\" \/>\n<meta property=\"article:publisher\" content=\"https:\/\/www.facebook.com\/profile.php?id=100090733639311\" \/>\n<meta property=\"article:modified_time\" content=\"2025-05-22T19:21:59+00:00\" \/>\n<meta property=\"og:image\" content=\"https:\/\/talkpal.ai\/wp-content\/uploads\/2023\/03\/germany.png\" \/>\n\t<meta property=\"og:image:width\" content=\"512\" \/>\n\t<meta property=\"og:image:height\" content=\"512\" \/>\n\t<meta property=\"og:image:type\" content=\"image\/png\" \/>\n<meta name=\"twitter:card\" content=\"summary_large_image\" \/>\n<meta name=\"twitter:site\" content=\"@talkpalai\" \/>\n<meta name=\"twitter:label1\" content=\"Predpokladan\u00fd \u010das \u010d\u00edtania\" \/>\n\t<meta name=\"twitter:data1\" content=\"5 min\u00fat\" \/>\n<script type=\"application\/ld+json\" class=\"yoast-schema-graph\">{\"@context\":\"https:\/\/schema.org\",\"@graph\":[{\"@type\":\"WebPage\",\"@id\":\"https:\/\/talkpal.ai\/sk\/nemecka-gramatika\/\",\"url\":\"https:\/\/talkpal.ai\/sk\/nemecka-gramatika\/\",\"name\":\"Nemeck\u00e1 gramatika - Talkpal\",\"isPartOf\":{\"@id\":\"https:\/\/talkpal.ai\/sk\/#website\"},\"primaryImageOfPage\":{\"@id\":\"https:\/\/talkpal.ai\/sk\/nemecka-gramatika\/#primaryimage\"},\"image\":{\"@id\":\"https:\/\/talkpal.ai\/sk\/nemecka-gramatika\/#primaryimage\"},\"thumbnailUrl\":\"https:\/\/talkpal.ai\/wp-content\/uploads\/2023\/03\/germany.png\",\"datePublished\":\"2023-03-26T11:40:15+00:00\",\"dateModified\":\"2025-05-22T19:21:59+00:00\",\"description\":\"Nau\u010dte sa \u013eahko nemeck\u00fa gramatiku - pochopte z\u00e1kladn\u00e9 pravidl\u00e1, precvi\u010dte si tvorbu viet a hovorte zrozumite\u013ene pomocou Talkpals podporou umelej inteligencie.\",\"breadcrumb\":{\"@id\":\"https:\/\/talkpal.ai\/sk\/nemecka-gramatika\/#breadcrumb\"},\"inLanguage\":\"sk-SK\",\"potentialAction\":[{\"@type\":\"ReadAction\",\"target\":[\"https:\/\/talkpal.ai\/sk\/nemecka-gramatika\/\"]}]},{\"@type\":\"ImageObject\",\"inLanguage\":\"sk-SK\",\"@id\":\"https:\/\/talkpal.ai\/sk\/nemecka-gramatika\/#primaryimage\",\"url\":\"https:\/\/talkpal.ai\/wp-content\/uploads\/2023\/03\/germany.png\",\"contentUrl\":\"https:\/\/talkpal.ai\/wp-content\/uploads\/2023\/03\/germany.png\",\"width\":512,\"height\":512,\"caption\":\"TalkPal AI learn German\"},{\"@type\":\"BreadcrumbList\",\"@id\":\"https:\/\/talkpal.ai\/sk\/nemecka-gramatika\/#breadcrumb\",\"itemListElement\":[{\"@type\":\"ListItem\",\"position\":1,\"name\":\"Homepage\",\"item\":\"https:\/\/talkpal.ai\/sk\/\"},{\"@type\":\"ListItem\",\"position\":2,\"name\":\"Nemeck\u00e1 gramatika\"}]},{\"@type\":\"WebSite\",\"@id\":\"https:\/\/talkpal.ai\/sk\/#website\",\"url\":\"https:\/\/talkpal.ai\/sk\/\",\"name\":\"Talkpal\",\"description\":\"AI Language Learning\",\"publisher\":{\"@id\":\"https:\/\/talkpal.ai\/sk\/#organization\"},\"alternateName\":\"Talkpal AI\",\"potentialAction\":[{\"@type\":\"SearchAction\",\"target\":{\"@type\":\"EntryPoint\",\"urlTemplate\":\"https:\/\/talkpal.ai\/sk\/?s={search_term_string}\"},\"query-input\":{\"@type\":\"PropertyValueSpecification\",\"valueRequired\":true,\"valueName\":\"search_term_string\"}}],\"inLanguage\":\"sk-SK\"},{\"@type\":\"Organization\",\"@id\":\"https:\/\/talkpal.ai\/sk\/#organization\",\"name\":\"Talkpal, Inc.\",\"alternateName\":\"Talkpal AI\",\"url\":\"https:\/\/talkpal.ai\/sk\/\",\"logo\":{\"@type\":\"ImageObject\",\"inLanguage\":\"sk-SK\",\"@id\":\"https:\/\/talkpal.ai\/sk\/#\/schema\/logo\/image\/\",\"url\":\"https:\/\/talkpal.ai\/wp-content\/uploads\/2024\/03\/Talkpal-Logo-Icon.png\",\"contentUrl\":\"https:\/\/talkpal.ai\/wp-content\/uploads\/2024\/03\/Talkpal-Logo-Icon.png\",\"width\":2880,\"height\":2880,\"caption\":\"Talkpal, Inc.\"},\"image\":{\"@id\":\"https:\/\/talkpal.ai\/sk\/#\/schema\/logo\/image\/\"},\"sameAs\":[\"https:\/\/www.facebook.com\/profile.php?id=100090733639311\",\"https:\/\/x.com\/talkpalai\",\"https:\/\/www.linkedin.com\/company\/talkpal\/\",\"https:\/\/www.youtube.com\/@TalkPal\/\",\"https:\/\/www.tiktok.com\/@talkpal\",\"https:\/\/www.instagram.com\/talkpal_ai\/\",\"https:\/\/www.crunchbase.com\/organization\/talkpal-9cde\",\"https:\/\/www.g2.com\/products\/talkpal-for-business\/\",\"https:\/\/www.trustpilot.com\/review\/talkpal.ai\",\"https:\/\/www.capterra.com\/p\/10006800\/TalkPal\/\"],\"description\":\"Talkpal is a language learning web and mobile education app, powered by the latest AI technologies, that provides engaging experiences to its customers in many different languages to help them improve their language skills. Users can chat about unlimited amount of topics with the app and use other modes to practice their language learning.\",\"email\":\"support@talkpal.ai\",\"legalName\":\"Talkpal, Inc.\",\"foundingDate\":\"2023-04-03\",\"duns\":\"118989042\",\"numberOfEmployees\":{\"@type\":\"QuantitativeValue\",\"minValue\":\"11\",\"maxValue\":\"50\"},\"publishingPrinciples\":\"https:\/\/talkpal.ai\/publishing-principles\/\",\"actionableFeedbackPolicy\":\"https:\/\/talkpal.ai\/actionable-feedback-policy\/\",\"correctionsPolicy\":\"https:\/\/talkpal.ai\/corrections-policy\/\",\"ethicsPolicy\":\"https:\/\/talkpal.ai\/ethics-policy\/\",\"diversityPolicy\":\"https:\/\/talkpal.ai\/diversity-policy\/\",\"diversityStaffingReport\":\"https:\/\/talkpal.ai\/diversity-policy\/\"}]}<\/script>\n<!-- \/ Yoast SEO Premium plugin. -->","yoast_head_json":{"title":"Nemeck\u00e1 gramatika - Talkpal","description":"Nau\u010dte sa \u013eahko nemeck\u00fa gramatiku - pochopte z\u00e1kladn\u00e9 pravidl\u00e1, precvi\u010dte si tvorbu viet a hovorte zrozumite\u013ene pomocou Talkpals podporou umelej inteligencie.","robots":{"index":"index","follow":"follow","max-snippet":"max-snippet:-1","max-image-preview":"max-image-preview:large","max-video-preview":"max-video-preview:-1"},"canonical":"https:\/\/talkpal.ai\/sk\/nemecka-gramatika\/","og_locale":"sk_SK","og_type":"article","og_title":"Nemeck\u00e1 gramatika","og_description":"Odhalenie zlo\u017eitosti nemeckej gramatiky U\u010denie sa nem\u010diny m\u00f4\u017ee by\u0165 vzru\u0161uj\u00face a obohacuj\u00face \u00fasilie. Nielen\u017ee budete m\u00f4c\u0165 hovori\u0165 s viac ako 130 mili\u00f3nmi","og_url":"https:\/\/talkpal.ai\/sk\/nemecka-gramatika\/","og_site_name":"Talkpal","article_publisher":"https:\/\/www.facebook.com\/profile.php?id=100090733639311","article_modified_time":"2025-05-22T19:21:59+00:00","og_image":[{"width":512,"height":512,"url":"https:\/\/talkpal.ai\/wp-content\/uploads\/2023\/03\/germany.png","type":"image\/png"}],"twitter_card":"summary_large_image","twitter_site":"@talkpalai","twitter_misc":{"Predpokladan\u00fd \u010das \u010d\u00edtania":"5 min\u00fat"},"schema":{"@context":"https:\/\/schema.org","@graph":[{"@type":"WebPage","@id":"https:\/\/talkpal.ai\/sk\/nemecka-gramatika\/","url":"https:\/\/talkpal.ai\/sk\/nemecka-gramatika\/","name":"Nemeck\u00e1 gramatika - Talkpal","isPartOf":{"@id":"https:\/\/talkpal.ai\/sk\/#website"},"primaryImageOfPage":{"@id":"https:\/\/talkpal.ai\/sk\/nemecka-gramatika\/#primaryimage"},"image":{"@id":"https:\/\/talkpal.ai\/sk\/nemecka-gramatika\/#primaryimage"},"thumbnailUrl":"https:\/\/talkpal.ai\/wp-content\/uploads\/2023\/03\/germany.png","datePublished":"2023-03-26T11:40:15+00:00","dateModified":"2025-05-22T19:21:59+00:00","description":"Nau\u010dte sa \u013eahko nemeck\u00fa gramatiku - pochopte z\u00e1kladn\u00e9 pravidl\u00e1, precvi\u010dte si tvorbu viet a hovorte zrozumite\u013ene pomocou Talkpals podporou umelej inteligencie.","breadcrumb":{"@id":"https:\/\/talkpal.ai\/sk\/nemecka-gramatika\/#breadcrumb"},"inLanguage":"sk-SK","potentialAction":[{"@type":"ReadAction","target":["https:\/\/talkpal.ai\/sk\/nemecka-gramatika\/"]}]},{"@type":"ImageObject","inLanguage":"sk-SK","@id":"https:\/\/talkpal.ai\/sk\/nemecka-gramatika\/#primaryimage","url":"https:\/\/talkpal.ai\/wp-content\/uploads\/2023\/03\/germany.png","contentUrl":"https:\/\/talkpal.ai\/wp-content\/uploads\/2023\/03\/germany.png","width":512,"height":512,"caption":"TalkPal AI learn German"},{"@type":"BreadcrumbList","@id":"https:\/\/talkpal.ai\/sk\/nemecka-gramatika\/#breadcrumb","itemListElement":[{"@type":"ListItem","position":1,"name":"Homepage","item":"https:\/\/talkpal.ai\/sk\/"},{"@type":"ListItem","position":2,"name":"Nemeck\u00e1 gramatika"}]},{"@type":"WebSite","@id":"https:\/\/talkpal.ai\/sk\/#website","url":"https:\/\/talkpal.ai\/sk\/","name":"Talkpal","description":"AI Language Learning","publisher":{"@id":"https:\/\/talkpal.ai\/sk\/#organization"},"alternateName":"Talkpal AI","potentialAction":[{"@type":"SearchAction","target":{"@type":"EntryPoint","urlTemplate":"https:\/\/talkpal.ai\/sk\/?s={search_term_string}"},"query-input":{"@type":"PropertyValueSpecification","valueRequired":true,"valueName":"search_term_string"}}],"inLanguage":"sk-SK"},{"@type":"Organization","@id":"https:\/\/talkpal.ai\/sk\/#organization","name":"Talkpal, Inc.","alternateName":"Talkpal AI","url":"https:\/\/talkpal.ai\/sk\/","logo":{"@type":"ImageObject","inLanguage":"sk-SK","@id":"https:\/\/talkpal.ai\/sk\/#\/schema\/logo\/image\/","url":"https:\/\/talkpal.ai\/wp-content\/uploads\/2024\/03\/Talkpal-Logo-Icon.png","contentUrl":"https:\/\/talkpal.ai\/wp-content\/uploads\/2024\/03\/Talkpal-Logo-Icon.png","width":2880,"height":2880,"caption":"Talkpal, Inc."},"image":{"@id":"https:\/\/talkpal.ai\/sk\/#\/schema\/logo\/image\/"},"sameAs":["https:\/\/www.facebook.com\/profile.php?id=100090733639311","https:\/\/x.com\/talkpalai","https:\/\/www.linkedin.com\/company\/talkpal\/","https:\/\/www.youtube.com\/@TalkPal\/","https:\/\/www.tiktok.com\/@talkpal","https:\/\/www.instagram.com\/talkpal_ai\/","https:\/\/www.crunchbase.com\/organization\/talkpal-9cde","https:\/\/www.g2.com\/products\/talkpal-for-business\/","https:\/\/www.trustpilot.com\/review\/talkpal.ai","https:\/\/www.capterra.com\/p\/10006800\/TalkPal\/"],"description":"Talkpal is a language learning web and mobile education app, powered by the latest AI technologies, that provides engaging experiences to its customers in many different languages to help them improve their language skills. Users can chat about unlimited amount of topics with the app and use other modes to practice their language learning.","email":"support@talkpal.ai","legalName":"Talkpal, Inc.","foundingDate":"2023-04-03","duns":"118989042","numberOfEmployees":{"@type":"QuantitativeValue","minValue":"11","maxValue":"50"},"publishingPrinciples":"https:\/\/talkpal.ai\/publishing-principles\/","actionableFeedbackPolicy":"https:\/\/talkpal.ai\/actionable-feedback-policy\/","correctionsPolicy":"https:\/\/talkpal.ai\/corrections-policy\/","ethicsPolicy":"https:\/\/talkpal.ai\/ethics-policy\/","diversityPolicy":"https:\/\/talkpal.ai\/diversity-policy\/","diversityStaffingReport":"https:\/\/talkpal.ai\/diversity-policy\/"}]}},"_links":{"self":[{"href":"https:\/\/talkpal.ai\/sk\/wp-json\/wp\/v2\/pages\/124116","targetHints":{"allow":["GET"]}}],"collection":[{"href":"https:\/\/talkpal.ai\/sk\/wp-json\/wp\/v2\/pages"}],"about":[{"href":"https:\/\/talkpal.ai\/sk\/wp-json\/wp\/v2\/types\/page"}],"author":[{"embeddable":true,"href":"https:\/\/talkpal.ai\/sk\/wp-json\/wp\/v2\/users\/1"}],"replies":[{"embeddable":true,"href":"https:\/\/talkpal.ai\/sk\/wp-json\/wp\/v2\/comments?post=124116"}],"version-history":[{"count":0,"href":"https:\/\/talkpal.ai\/sk\/wp-json\/wp\/v2\/pages\/124116\/revisions"}],"wp:featuredmedia":[{"embeddable":true,"href":"https:\/\/talkpal.ai\/sk\/wp-json\/wp\/v2\/media\/75658"}],"wp:attachment":[{"href":"https:\/\/talkpal.ai\/sk\/wp-json\/wp\/v2\/media?parent=124116"}],"curies":[{"name":"wp","href":"https:\/\/api.w.org\/{rel}","templated":true}]}}