{"id":997957,"date":"2023-10-09T10:03:45","date_gmt":"2023-10-09T10:03:45","guid":{"rendered":"https:\/\/talkpal.ai\/instructiuni-de-gestionare-a-abonamentelor\/"},"modified":"2025-07-12T09:46:46","modified_gmt":"2025-07-12T09:46:46","slug":"instructiuni-de-gestionare-a-abonamentelor","status":"publish","type":"page","link":"https:\/\/talkpal.ai\/ro\/instructiuni-de-gestionare-a-abonamentelor\/","title":{"rendered":"Instruc\u021biuni de gestionare a abonamentelor"},"content":{"rendered":"\n<p>V\u0103 pute\u021bi gestiona abonamentele \u00een aplica\u021biile noastre <a href=\"https:\/\/talkpal.ai\/es\/descargar-la-aplicacion-talkpal-para-android-e-ios\/\">App Store<\/a> (Apple <a href=\"https:\/\/talkpal.ai\/es\/descargar-la-aplicacion-talkpal-para-android-e-ios\/\">iOS<\/a>), Google Play (Android) sau pe site-ul web.<\/p>\n\n<h2 class=\"wp-block-heading\" id=\"h-app-store-apple-ios\">App Store (Apple iOS)<\/h2>\n\n<p>Re\u021bine\u021bi: Trebuie s\u0103 anula\u021bi abonamentul sau versiunea de \u00eencercare Apple cu cel pu\u021bin 24 de ore \u00eenainte de \u00eencheiere. Dac\u0103 \u00eel anula\u021bi \u00een ultima zi, se va re\u00eennoi automat.<\/p>\n\n<p>Pentru a v\u0103 anula abonamentul <a href=\"https:\/\/talkpal.ai\/ko\/ai-%ec%96%b8%ec%96%b4-%ea%b5%90%ec%82%ac\/\">Talkpal<\/a> prin intermediul App Store, urma\u021bi ace\u0219ti pa\u0219i pe dispozitivul dvs. iOS:<\/p>\n\n<p><strong>Pasul 1<\/strong> &#8211; Deschide\u021bi aplica\u021bia Set\u0103ri.<\/p>\n\n<p><strong>Pasul 2<\/strong> &#8211; Selecta\u021bi ID-ul Apple situat \u00een partea de sus a paginii.<\/p>\n\n<p><strong>Pasul 3<\/strong> &#8211; Alege\u021bi &#8222;Vizualizare ID Apple&#8221;<\/p>\n\n<p><strong>Pasul 4<\/strong> &#8211; Merge\u021bi la &#8222;Abonamente&#8221; \u0219i selecta\u021bi cel <a href=\"https:\/\/talkpal.ai\/culture\/how-do-i-use-pe-care-correctly\/\">pe care<\/a> dori\u021bi s\u0103 \u00eel anula\u021bi.<\/p>\n\n<p><strong>Pasul 5<\/strong> &#8211; Ap\u0103sa\u021bi pe &#8222;Anulare abonament&#8221;.<\/p>\n\n<h2 class=\"wp-block-heading\" id=\"h-google-play-android\">Google Play (Android)<\/h2>\n\n<p><b>Pasul 1<\/b> &#8211; Pe dispozitivul Android, naviga\u021bi la abonamentele dvs. \u00een Google Play.<\/p>\n\n<p><b>Pasul 2<\/b> &#8211; Alege\u021bi abonamentul pe care dori\u021bi s\u0103 \u00eel anula\u021bi.<\/p>\n\n<p><b>Pasul 3<\/b> &#8211; Ap\u0103sa\u021bi Anulare abonament.<\/p>\n\n<h2 class=\"wp-block-heading\" id=\"h-website\">Site web<\/h2>\n\n<p><b>Pasul 1<\/b> &#8211; Merge\u021bi la pagina contului dvs.<\/p>\n\n<p><b>Pasul 2<\/b> &#8211; Derula\u021bi \u00een jos p\u00e2n\u0103 la sec\u021biunea &#8222;Abonament&#8221;.<\/p>\n\n<p><b>Pasul 3<\/b> &#8211; Face\u021bi clic pe &#8222;Anulare abonament&#8221;.<\/p>\n","protected":false},"excerpt":{"rendered":"<p>V\u0103 pute\u021bi gestiona abonamentele \u00een aplica\u021biile noastre App Store (Apple iOS), Google Play (Android) sau pe site-ul web. App Store (Apple iOS) Re\u021bine\u021bi: Trebuie s\u0103 anula\u021bi abonamentul sau versiunea de \u00eencercare Apple cu cel pu\u021bin 24 de ore \u00eenainte de \u00eencheiere. Dac\u0103 \u00eel anula\u021bi \u00een ultima zi, se va re\u00eennoi automat. Pentru a v\u0103 anula [&hellip;]<\/p>\n","protected":false},"author":10,"featured_media":197976,"parent":0,"menu_order":0,"comment_status":"closed","ping_status":"closed","template":"","meta":{"_acf_changed":false,"footnotes":""},"class_list":["post-997957","page","type-page","status-publish","has-post-thumbnail","hentry"],"acf":[],"yoast_head":"<!-- This site is optimized with the Yoast SEO Premium plugin v27.2 (Yoast SEO v27.2) - https:\/\/yoast.com\/product\/yoast-seo-premium-wordpress\/ -->\n<title>Instruc\u021biuni de gestionare a abonamentelor - Talkpal<\/title>\n<meta name=\"description\" content=\"Urma\u021bi aceste instruc\u021biuni de gestionare a abonamentelor pentru a v\u0103 anula cu u\u0219urin\u021b\u0103 abonamentele \u00een aplica\u021biile Apple sau Google Play.\" \/>\n<meta name=\"robots\" content=\"index, follow, max-snippet:-1, max-image-preview:large, max-video-preview:-1\" \/>\n<link rel=\"canonical\" href=\"https:\/\/talkpal.ai\/ro\/instructiuni-de-gestionare-a-abonamentelor\/\" \/>\n<meta property=\"og:locale\" content=\"ro_RO\" \/>\n<meta property=\"og:type\" content=\"article\" \/>\n<meta property=\"og:title\" content=\"Instruc\u021biuni de gestionare a abonamentelor\" \/>\n<meta property=\"og:description\" content=\"V\u0103 pute\u021bi gestiona abonamentele \u00een aplica\u021biile noastre App Store (Apple iOS), Google Play (Android) sau pe site-ul web. App Store (Apple iOS) Re\u021bine\u021bi:\" \/>\n<meta property=\"og:url\" content=\"https:\/\/talkpal.ai\/ro\/instructiuni-de-gestionare-a-abonamentelor\/\" \/>\n<meta property=\"og:site_name\" content=\"Talkpal\" \/>\n<meta property=\"article:publisher\" content=\"https:\/\/www.facebook.com\/profile.php?id=100090733639311\" \/>\n<meta property=\"article:modified_time\" content=\"2025-07-12T09:46:46+00:00\" \/>\n<meta property=\"og:image\" content=\"https:\/\/talkpal.ai\/wp-content\/uploads\/2024\/03\/Talkpal-Logo-Icon.png\" \/>\n\t<meta property=\"og:image:width\" content=\"5000\" \/>\n\t<meta property=\"og:image:height\" content=\"5000\" \/>\n\t<meta property=\"og:image:type\" content=\"image\/png\" \/>\n<meta name=\"twitter:card\" content=\"summary_large_image\" \/>\n<meta name=\"twitter:site\" content=\"@talkpalai\" \/>\n<meta name=\"twitter:label1\" content=\"Timp estimat pentru citire\" \/>\n\t<meta name=\"twitter:data1\" content=\"1 minut\" \/>\n<script type=\"application\/ld+json\" class=\"yoast-schema-graph\">{\"@context\":\"https:\/\/schema.org\",\"@graph\":[{\"@type\":\"WebPage\",\"@id\":\"https:\/\/talkpal.ai\/ro\/instructiuni-de-gestionare-a-abonamentelor\/\",\"url\":\"https:\/\/talkpal.ai\/ro\/instructiuni-de-gestionare-a-abonamentelor\/\",\"name\":\"Instruc\u021biuni de gestionare a abonamentelor - Talkpal\",\"isPartOf\":{\"@id\":\"https:\/\/talkpal.ai\/ro\/#website\"},\"primaryImageOfPage\":{\"@id\":\"https:\/\/talkpal.ai\/ro\/instructiuni-de-gestionare-a-abonamentelor\/#primaryimage\"},\"image\":{\"@id\":\"https:\/\/talkpal.ai\/ro\/instructiuni-de-gestionare-a-abonamentelor\/#primaryimage\"},\"thumbnailUrl\":\"https:\/\/talkpal.ai\/wp-content\/uploads\/2024\/03\/Talkpal-Logo-Icon.png\",\"datePublished\":\"2023-10-09T10:03:45+00:00\",\"dateModified\":\"2025-07-12T09:46:46+00:00\",\"description\":\"Urma\u021bi aceste instruc\u021biuni de gestionare a abonamentelor pentru a v\u0103 anula cu u\u0219urin\u021b\u0103 abonamentele \u00een aplica\u021biile Apple sau Google Play.\",\"breadcrumb\":{\"@id\":\"https:\/\/talkpal.ai\/ro\/instructiuni-de-gestionare-a-abonamentelor\/#breadcrumb\"},\"inLanguage\":\"ro-RO\",\"potentialAction\":[{\"@type\":\"ReadAction\",\"target\":[\"https:\/\/talkpal.ai\/ro\/instructiuni-de-gestionare-a-abonamentelor\/\"]}]},{\"@type\":\"ImageObject\",\"inLanguage\":\"ro-RO\",\"@id\":\"https:\/\/talkpal.ai\/ro\/instructiuni-de-gestionare-a-abonamentelor\/#primaryimage\",\"url\":\"https:\/\/talkpal.ai\/wp-content\/uploads\/2024\/03\/Talkpal-Logo-Icon.png\",\"contentUrl\":\"https:\/\/talkpal.ai\/wp-content\/uploads\/2024\/03\/Talkpal-Logo-Icon.png\",\"width\":5000,\"height\":5000,\"caption\":\"talkpal logo\"},{\"@type\":\"BreadcrumbList\",\"@id\":\"https:\/\/talkpal.ai\/ro\/instructiuni-de-gestionare-a-abonamentelor\/#breadcrumb\",\"itemListElement\":[{\"@type\":\"ListItem\",\"position\":1,\"name\":\"Homepage\",\"item\":\"https:\/\/talkpal.ai\/ro\/\"},{\"@type\":\"ListItem\",\"position\":2,\"name\":\"Instruc\u021biuni de gestionare a abonamentelor\"}]},{\"@type\":\"WebSite\",\"@id\":\"https:\/\/talkpal.ai\/ro\/#website\",\"url\":\"https:\/\/talkpal.ai\/ro\/\",\"name\":\"Talkpal\",\"description\":\"AI Language Learning\",\"publisher\":{\"@id\":\"https:\/\/talkpal.ai\/ro\/#organization\"},\"alternateName\":\"Talkpal AI\",\"potentialAction\":[{\"@type\":\"SearchAction\",\"target\":{\"@type\":\"EntryPoint\",\"urlTemplate\":\"https:\/\/talkpal.ai\/ro\/?s={search_term_string}\"},\"query-input\":{\"@type\":\"PropertyValueSpecification\",\"valueRequired\":true,\"valueName\":\"search_term_string\"}}],\"inLanguage\":\"ro-RO\"},{\"@type\":\"Organization\",\"@id\":\"https:\/\/talkpal.ai\/ro\/#organization\",\"name\":\"Talkpal, Inc.\",\"alternateName\":\"Talkpal AI\",\"url\":\"https:\/\/talkpal.ai\/ro\/\",\"logo\":{\"@type\":\"ImageObject\",\"inLanguage\":\"ro-RO\",\"@id\":\"https:\/\/talkpal.ai\/ro\/#\/schema\/logo\/image\/\",\"url\":\"https:\/\/talkpal.ai\/wp-content\/uploads\/2024\/03\/Talkpal-Logo-Icon.png\",\"contentUrl\":\"https:\/\/talkpal.ai\/wp-content\/uploads\/2024\/03\/Talkpal-Logo-Icon.png\",\"width\":2880,\"height\":2880,\"caption\":\"Talkpal, Inc.\"},\"image\":{\"@id\":\"https:\/\/talkpal.ai\/ro\/#\/schema\/logo\/image\/\"},\"sameAs\":[\"https:\/\/www.facebook.com\/profile.php?id=100090733639311\",\"https:\/\/x.com\/talkpalai\",\"https:\/\/www.linkedin.com\/company\/talkpal\/\",\"https:\/\/www.youtube.com\/@TalkPal\/\",\"https:\/\/www.tiktok.com\/@talkpal\",\"https:\/\/www.instagram.com\/talkpal_ai\/\",\"https:\/\/www.crunchbase.com\/organization\/talkpal-9cde\",\"https:\/\/www.g2.com\/products\/talkpal-for-business\/\",\"https:\/\/www.trustpilot.com\/review\/talkpal.ai\",\"https:\/\/www.capterra.com\/p\/10006800\/TalkPal\/\"],\"description\":\"Talkpal is a language learning web and mobile education app, powered by the latest AI technologies, that provides engaging experiences to its customers in many different languages to help them improve their language skills. Users can chat about unlimited amount of topics with the app and use other modes to practice their language learning.\",\"email\":\"support@talkpal.ai\",\"legalName\":\"Talkpal, Inc.\",\"foundingDate\":\"2023-04-03\",\"duns\":\"118989042\",\"numberOfEmployees\":{\"@type\":\"QuantitativeValue\",\"minValue\":\"11\",\"maxValue\":\"50\"},\"publishingPrinciples\":\"https:\/\/talkpal.ai\/publishing-principles\/\",\"actionableFeedbackPolicy\":\"https:\/\/talkpal.ai\/actionable-feedback-policy\/\",\"correctionsPolicy\":\"https:\/\/talkpal.ai\/corrections-policy\/\",\"ethicsPolicy\":\"https:\/\/talkpal.ai\/ethics-policy\/\",\"diversityPolicy\":\"https:\/\/talkpal.ai\/diversity-policy\/\",\"diversityStaffingReport\":\"https:\/\/talkpal.ai\/diversity-policy\/\"}]}<\/script>\n<!-- \/ Yoast SEO Premium plugin. -->","yoast_head_json":{"title":"Instruc\u021biuni de gestionare a abonamentelor - Talkpal","description":"Urma\u021bi aceste instruc\u021biuni de gestionare a abonamentelor pentru a v\u0103 anula cu u\u0219urin\u021b\u0103 abonamentele \u00een aplica\u021biile Apple sau Google Play.","robots":{"index":"index","follow":"follow","max-snippet":"max-snippet:-1","max-image-preview":"max-image-preview:large","max-video-preview":"max-video-preview:-1"},"canonical":"https:\/\/talkpal.ai\/ro\/instructiuni-de-gestionare-a-abonamentelor\/","og_locale":"ro_RO","og_type":"article","og_title":"Instruc\u021biuni de gestionare a abonamentelor","og_description":"V\u0103 pute\u021bi gestiona abonamentele \u00een aplica\u021biile noastre App Store (Apple iOS), Google Play (Android) sau pe site-ul web. App Store (Apple iOS) Re\u021bine\u021bi:","og_url":"https:\/\/talkpal.ai\/ro\/instructiuni-de-gestionare-a-abonamentelor\/","og_site_name":"Talkpal","article_publisher":"https:\/\/www.facebook.com\/profile.php?id=100090733639311","article_modified_time":"2025-07-12T09:46:46+00:00","og_image":[{"width":5000,"height":5000,"url":"https:\/\/talkpal.ai\/wp-content\/uploads\/2024\/03\/Talkpal-Logo-Icon.png","type":"image\/png"}],"twitter_card":"summary_large_image","twitter_site":"@talkpalai","twitter_misc":{"Timp estimat pentru citire":"1 minut"},"schema":{"@context":"https:\/\/schema.org","@graph":[{"@type":"WebPage","@id":"https:\/\/talkpal.ai\/ro\/instructiuni-de-gestionare-a-abonamentelor\/","url":"https:\/\/talkpal.ai\/ro\/instructiuni-de-gestionare-a-abonamentelor\/","name":"Instruc\u021biuni de gestionare a abonamentelor - Talkpal","isPartOf":{"@id":"https:\/\/talkpal.ai\/ro\/#website"},"primaryImageOfPage":{"@id":"https:\/\/talkpal.ai\/ro\/instructiuni-de-gestionare-a-abonamentelor\/#primaryimage"},"image":{"@id":"https:\/\/talkpal.ai\/ro\/instructiuni-de-gestionare-a-abonamentelor\/#primaryimage"},"thumbnailUrl":"https:\/\/talkpal.ai\/wp-content\/uploads\/2024\/03\/Talkpal-Logo-Icon.png","datePublished":"2023-10-09T10:03:45+00:00","dateModified":"2025-07-12T09:46:46+00:00","description":"Urma\u021bi aceste instruc\u021biuni de gestionare a abonamentelor pentru a v\u0103 anula cu u\u0219urin\u021b\u0103 abonamentele \u00een aplica\u021biile Apple sau Google Play.","breadcrumb":{"@id":"https:\/\/talkpal.ai\/ro\/instructiuni-de-gestionare-a-abonamentelor\/#breadcrumb"},"inLanguage":"ro-RO","potentialAction":[{"@type":"ReadAction","target":["https:\/\/talkpal.ai\/ro\/instructiuni-de-gestionare-a-abonamentelor\/"]}]},{"@type":"ImageObject","inLanguage":"ro-RO","@id":"https:\/\/talkpal.ai\/ro\/instructiuni-de-gestionare-a-abonamentelor\/#primaryimage","url":"https:\/\/talkpal.ai\/wp-content\/uploads\/2024\/03\/Talkpal-Logo-Icon.png","contentUrl":"https:\/\/talkpal.ai\/wp-content\/uploads\/2024\/03\/Talkpal-Logo-Icon.png","width":5000,"height":5000,"caption":"talkpal logo"},{"@type":"BreadcrumbList","@id":"https:\/\/talkpal.ai\/ro\/instructiuni-de-gestionare-a-abonamentelor\/#breadcrumb","itemListElement":[{"@type":"ListItem","position":1,"name":"Homepage","item":"https:\/\/talkpal.ai\/ro\/"},{"@type":"ListItem","position":2,"name":"Instruc\u021biuni de gestionare a abonamentelor"}]},{"@type":"WebSite","@id":"https:\/\/talkpal.ai\/ro\/#website","url":"https:\/\/talkpal.ai\/ro\/","name":"Talkpal","description":"AI Language Learning","publisher":{"@id":"https:\/\/talkpal.ai\/ro\/#organization"},"alternateName":"Talkpal AI","potentialAction":[{"@type":"SearchAction","target":{"@type":"EntryPoint","urlTemplate":"https:\/\/talkpal.ai\/ro\/?s={search_term_string}"},"query-input":{"@type":"PropertyValueSpecification","valueRequired":true,"valueName":"search_term_string"}}],"inLanguage":"ro-RO"},{"@type":"Organization","@id":"https:\/\/talkpal.ai\/ro\/#organization","name":"Talkpal, Inc.","alternateName":"Talkpal AI","url":"https:\/\/talkpal.ai\/ro\/","logo":{"@type":"ImageObject","inLanguage":"ro-RO","@id":"https:\/\/talkpal.ai\/ro\/#\/schema\/logo\/image\/","url":"https:\/\/talkpal.ai\/wp-content\/uploads\/2024\/03\/Talkpal-Logo-Icon.png","contentUrl":"https:\/\/talkpal.ai\/wp-content\/uploads\/2024\/03\/Talkpal-Logo-Icon.png","width":2880,"height":2880,"caption":"Talkpal, Inc."},"image":{"@id":"https:\/\/talkpal.ai\/ro\/#\/schema\/logo\/image\/"},"sameAs":["https:\/\/www.facebook.com\/profile.php?id=100090733639311","https:\/\/x.com\/talkpalai","https:\/\/www.linkedin.com\/company\/talkpal\/","https:\/\/www.youtube.com\/@TalkPal\/","https:\/\/www.tiktok.com\/@talkpal","https:\/\/www.instagram.com\/talkpal_ai\/","https:\/\/www.crunchbase.com\/organization\/talkpal-9cde","https:\/\/www.g2.com\/products\/talkpal-for-business\/","https:\/\/www.trustpilot.com\/review\/talkpal.ai","https:\/\/www.capterra.com\/p\/10006800\/TalkPal\/"],"description":"Talkpal is a language learning web and mobile education app, powered by the latest AI technologies, that provides engaging experiences to its customers in many different languages to help them improve their language skills. Users can chat about unlimited amount of topics with the app and use other modes to practice their language learning.","email":"support@talkpal.ai","legalName":"Talkpal, Inc.","foundingDate":"2023-04-03","duns":"118989042","numberOfEmployees":{"@type":"QuantitativeValue","minValue":"11","maxValue":"50"},"publishingPrinciples":"https:\/\/talkpal.ai\/publishing-principles\/","actionableFeedbackPolicy":"https:\/\/talkpal.ai\/actionable-feedback-policy\/","correctionsPolicy":"https:\/\/talkpal.ai\/corrections-policy\/","ethicsPolicy":"https:\/\/talkpal.ai\/ethics-policy\/","diversityPolicy":"https:\/\/talkpal.ai\/diversity-policy\/","diversityStaffingReport":"https:\/\/talkpal.ai\/diversity-policy\/"}]}},"_links":{"self":[{"href":"https:\/\/talkpal.ai\/ro\/wp-json\/wp\/v2\/pages\/997957","targetHints":{"allow":["GET"]}}],"collection":[{"href":"https:\/\/talkpal.ai\/ro\/wp-json\/wp\/v2\/pages"}],"about":[{"href":"https:\/\/talkpal.ai\/ro\/wp-json\/wp\/v2\/types\/page"}],"author":[{"embeddable":true,"href":"https:\/\/talkpal.ai\/ro\/wp-json\/wp\/v2\/users\/10"}],"replies":[{"embeddable":true,"href":"https:\/\/talkpal.ai\/ro\/wp-json\/wp\/v2\/comments?post=997957"}],"version-history":[{"count":0,"href":"https:\/\/talkpal.ai\/ro\/wp-json\/wp\/v2\/pages\/997957\/revisions"}],"wp:featuredmedia":[{"embeddable":true,"href":"https:\/\/talkpal.ai\/ro\/wp-json\/wp\/v2\/media\/197976"}],"wp:attachment":[{"href":"https:\/\/talkpal.ai\/ro\/wp-json\/wp\/v2\/media?parent=997957"}],"curies":[{"name":"wp","href":"https:\/\/api.w.org\/{rel}","templated":true}]}}