{"id":994649,"date":"2023-12-20T15:42:12","date_gmt":"2023-12-20T15:42:12","guid":{"rendered":"https:\/\/talkpal.ai\/instructiuni-pentru-adaugarea-codului-cuponului-in-stripe-checkout\/"},"modified":"2025-06-19T18:07:47","modified_gmt":"2025-06-19T18:07:47","slug":"instructiuni-pentru-adaugarea-codului-cuponului-in-stripe-checkout","status":"publish","type":"page","link":"https:\/\/talkpal.ai\/ro\/instructiuni-pentru-adaugarea-codului-cuponului-in-stripe-checkout\/","title":{"rendered":"Instruc\u021biuni pentru ad\u0103ugarea codului cuponului \u00een Stripe Checkout"},"content":{"rendered":"\n<p>Ad\u0103uga\u021bi codul cuponului \u0219i ob\u021bine\u021bi o reducere.<\/p>\n\n<h2 class=\"wp-block-heading\" id=\"h-follow-the-steps\">Urma\u021bi pa\u0219ii<\/h2>\n\n<h3 class=\"wp-block-heading\" id=\"h-step-1\">Pasul 1:<\/h3>\n\n<p>Alege\u021bi un plan preferat.<\/p>\n\n<figure class=\"wp-block-image\"><img decoding=\"async\" src=\"https:\/\/talkpal.ai\/wp-content\/uploads\/2024\/12\/Choos-plan-screen-768x389.png\" alt=\"\"\/><\/figure>\n\n<h3 class=\"wp-block-heading\" id=\"h-step-2\">Pasul 2:<\/h3>\n\n<p>Alege\u021bi op\u021biunea de plat\u0103 cu cardul \u0219i ap\u0103sa\u021bi butonul Start.<\/p>\n\n<figure class=\"wp-block-image\"><img decoding=\"async\" src=\"https:\/\/talkpal.ai\/wp-content\/uploads\/2024\/12\/Payment-method-screen-768x389.png\" alt=\"\"\/><\/figure>\n\n<h3 class=\"wp-block-heading\" id=\"h-step-3\">Pasul 3:<\/h3>\n\n<p>Ve\u021bi fi redirec\u021bionat c\u0103tre pagina de <a href=\"https:\/\/talkpal.ai\/so\/tilmaamaha-ku-darista-koodhka-kuuban-ee-checkout-stripe\/\">checkout Stripe<\/a>.<\/p>\n\n<h3 class=\"wp-block-heading\" id=\"h-step-4\">Pasul 4:<\/h3>\n\n<p>Ap\u0103sa\u021bi \u201eAdd Promotion Code\u201d \u0219i introduce\u021bi codul, de exemplu: <strong>JOIN25<\/strong> \u0219i ap\u0103sa\u021bi \u201eAplic\u0103\u201d.<\/p>\n\n<figure class=\"wp-block-image\"><img decoding=\"async\" src=\"https:\/\/talkpal.ai\/wp-content\/uploads\/2024\/05\/Talkpal-Stripe-instructions-1024x593.png\" alt=\"\"\/><\/figure>\n\n<h3 class=\"wp-block-heading\" id=\"h-step-5\">Pasul 5:<\/h3>\n\n<p>Completa\u021bi informa\u021biile cardului dvs. \u0219i \u00eencepe\u021bi s\u0103 explora\u021bi contul Premium.<\/p>\n\n<p><\/p>\n","protected":false},"excerpt":{"rendered":"<p>Ad\u0103uga\u021bi codul cuponului \u0219i ob\u021bine\u021bi o reducere. Urma\u021bi pa\u0219ii Pasul 1: Alege\u021bi un plan preferat. Pasul 2: Alege\u021bi op\u021biunea de plat\u0103 cu cardul \u0219i ap\u0103sa\u021bi butonul Start. Pasul 3: Ve\u021bi fi redirec\u021bionat c\u0103tre pagina de checkout Stripe. Pasul 4: Ap\u0103sa\u021bi \u201eAdd Promotion Code\u201d \u0219i introduce\u021bi codul, de exemplu: JOIN25 \u0219i ap\u0103sa\u021bi \u201eAplic\u0103\u201d. Pasul 5: Completa\u021bi [&hellip;]<\/p>\n","protected":false},"author":6,"featured_media":197976,"parent":0,"menu_order":0,"comment_status":"closed","ping_status":"closed","template":"","meta":{"_acf_changed":false,"footnotes":""},"class_list":["post-994649","page","type-page","status-publish","has-post-thumbnail","hentry"],"acf":[],"yoast_head":"<!-- This site is optimized with the Yoast SEO Premium plugin v27.2 (Yoast SEO v27.2) - https:\/\/yoast.com\/product\/yoast-seo-premium-wordpress\/ -->\n<title>Instruc\u021biuni pentru ad\u0103ugarea codului cuponului \u00een Stripe Checkout - Talkpal<\/title>\n<meta name=\"description\" content=\"Afla\u021bi cum s\u0103 ad\u0103uga\u021bi cu u\u0219urin\u021b\u0103 coduri promo\u021bionale \u00een Stripe Checkout. Urma\u021bi pa\u0219i simpli pentru a \u00eembun\u0103t\u0103\u021bi experien\u021ba clientului la checkout.\" \/>\n<meta name=\"robots\" content=\"index, follow, max-snippet:-1, max-image-preview:large, max-video-preview:-1\" \/>\n<link rel=\"canonical\" href=\"https:\/\/talkpal.ai\/ro\/instructiuni-pentru-adaugarea-codului-cuponului-in-stripe-checkout\/\" \/>\n<meta property=\"og:locale\" content=\"ro_RO\" \/>\n<meta property=\"og:type\" content=\"article\" \/>\n<meta property=\"og:title\" content=\"Instruc\u021biuni pentru ad\u0103ugarea codului cuponului \u00een Stripe Checkout\" \/>\n<meta property=\"og:description\" content=\"Ad\u0103uga\u021bi codul cuponului \u0219i ob\u021bine\u021bi o reducere. Urma\u021bi pa\u0219ii Pasul 1: Alege\u021bi un plan preferat. Pasul 2: Alege\u021bi op\u021biunea de plat\u0103 cu cardul \u0219i ap\u0103sa\u021bi\" \/>\n<meta property=\"og:url\" content=\"https:\/\/talkpal.ai\/ro\/instructiuni-pentru-adaugarea-codului-cuponului-in-stripe-checkout\/\" \/>\n<meta property=\"og:site_name\" content=\"Talkpal\" \/>\n<meta property=\"article:publisher\" content=\"https:\/\/www.facebook.com\/profile.php?id=100090733639311\" \/>\n<meta property=\"article:modified_time\" content=\"2025-06-19T18:07:47+00:00\" \/>\n<meta property=\"og:image\" content=\"https:\/\/talkpal.ai\/wp-content\/uploads\/2024\/03\/Talkpal-Logo-Icon.png\" \/>\n\t<meta property=\"og:image:width\" content=\"5000\" \/>\n\t<meta property=\"og:image:height\" content=\"5000\" \/>\n\t<meta property=\"og:image:type\" content=\"image\/png\" \/>\n<meta name=\"twitter:card\" content=\"summary_large_image\" \/>\n<meta name=\"twitter:site\" content=\"@talkpalai\" \/>\n<script type=\"application\/ld+json\" class=\"yoast-schema-graph\">{\"@context\":\"https:\/\/schema.org\",\"@graph\":[{\"@type\":\"WebPage\",\"@id\":\"https:\/\/talkpal.ai\/ro\/instructiuni-pentru-adaugarea-codului-cuponului-in-stripe-checkout\/\",\"url\":\"https:\/\/talkpal.ai\/ro\/instructiuni-pentru-adaugarea-codului-cuponului-in-stripe-checkout\/\",\"name\":\"Instruc\u021biuni pentru ad\u0103ugarea codului cuponului \u00een Stripe Checkout - Talkpal\",\"isPartOf\":{\"@id\":\"https:\/\/talkpal.ai\/ro\/#website\"},\"primaryImageOfPage\":{\"@id\":\"https:\/\/talkpal.ai\/ro\/instructiuni-pentru-adaugarea-codului-cuponului-in-stripe-checkout\/#primaryimage\"},\"image\":{\"@id\":\"https:\/\/talkpal.ai\/ro\/instructiuni-pentru-adaugarea-codului-cuponului-in-stripe-checkout\/#primaryimage\"},\"thumbnailUrl\":\"https:\/\/talkpal.ai\/wp-content\/uploads\/2024\/03\/Talkpal-Logo-Icon.png\",\"datePublished\":\"2023-12-20T15:42:12+00:00\",\"dateModified\":\"2025-06-19T18:07:47+00:00\",\"description\":\"Afla\u021bi cum s\u0103 ad\u0103uga\u021bi cu u\u0219urin\u021b\u0103 coduri promo\u021bionale \u00een Stripe Checkout. Urma\u021bi pa\u0219i simpli pentru a \u00eembun\u0103t\u0103\u021bi experien\u021ba clientului la checkout.\",\"breadcrumb\":{\"@id\":\"https:\/\/talkpal.ai\/ro\/instructiuni-pentru-adaugarea-codului-cuponului-in-stripe-checkout\/#breadcrumb\"},\"inLanguage\":\"ro-RO\",\"potentialAction\":[{\"@type\":\"ReadAction\",\"target\":[\"https:\/\/talkpal.ai\/ro\/instructiuni-pentru-adaugarea-codului-cuponului-in-stripe-checkout\/\"]}]},{\"@type\":\"ImageObject\",\"inLanguage\":\"ro-RO\",\"@id\":\"https:\/\/talkpal.ai\/ro\/instructiuni-pentru-adaugarea-codului-cuponului-in-stripe-checkout\/#primaryimage\",\"url\":\"https:\/\/talkpal.ai\/wp-content\/uploads\/2024\/03\/Talkpal-Logo-Icon.png\",\"contentUrl\":\"https:\/\/talkpal.ai\/wp-content\/uploads\/2024\/03\/Talkpal-Logo-Icon.png\",\"width\":5000,\"height\":5000,\"caption\":\"talkpal logo\"},{\"@type\":\"BreadcrumbList\",\"@id\":\"https:\/\/talkpal.ai\/ro\/instructiuni-pentru-adaugarea-codului-cuponului-in-stripe-checkout\/#breadcrumb\",\"itemListElement\":[{\"@type\":\"ListItem\",\"position\":1,\"name\":\"Homepage\",\"item\":\"https:\/\/talkpal.ai\/ro\/\"},{\"@type\":\"ListItem\",\"position\":2,\"name\":\"Instruc\u021biuni pentru ad\u0103ugarea codului cuponului \u00een Stripe Checkout\"}]},{\"@type\":\"WebSite\",\"@id\":\"https:\/\/talkpal.ai\/ro\/#website\",\"url\":\"https:\/\/talkpal.ai\/ro\/\",\"name\":\"Talkpal\",\"description\":\"AI Language Learning\",\"publisher\":{\"@id\":\"https:\/\/talkpal.ai\/ro\/#organization\"},\"alternateName\":\"Talkpal AI\",\"potentialAction\":[{\"@type\":\"SearchAction\",\"target\":{\"@type\":\"EntryPoint\",\"urlTemplate\":\"https:\/\/talkpal.ai\/ro\/?s={search_term_string}\"},\"query-input\":{\"@type\":\"PropertyValueSpecification\",\"valueRequired\":true,\"valueName\":\"search_term_string\"}}],\"inLanguage\":\"ro-RO\"},{\"@type\":\"Organization\",\"@id\":\"https:\/\/talkpal.ai\/ro\/#organization\",\"name\":\"Talkpal, Inc.\",\"alternateName\":\"Talkpal AI\",\"url\":\"https:\/\/talkpal.ai\/ro\/\",\"logo\":{\"@type\":\"ImageObject\",\"inLanguage\":\"ro-RO\",\"@id\":\"https:\/\/talkpal.ai\/ro\/#\/schema\/logo\/image\/\",\"url\":\"https:\/\/talkpal.ai\/wp-content\/uploads\/2024\/03\/Talkpal-Logo-Icon.png\",\"contentUrl\":\"https:\/\/talkpal.ai\/wp-content\/uploads\/2024\/03\/Talkpal-Logo-Icon.png\",\"width\":2880,\"height\":2880,\"caption\":\"Talkpal, Inc.\"},\"image\":{\"@id\":\"https:\/\/talkpal.ai\/ro\/#\/schema\/logo\/image\/\"},\"sameAs\":[\"https:\/\/www.facebook.com\/profile.php?id=100090733639311\",\"https:\/\/x.com\/talkpalai\",\"https:\/\/www.linkedin.com\/company\/talkpal\/\",\"https:\/\/www.youtube.com\/@TalkPal\/\",\"https:\/\/www.tiktok.com\/@talkpal\",\"https:\/\/www.instagram.com\/talkpal_ai\/\",\"https:\/\/www.crunchbase.com\/organization\/talkpal-9cde\",\"https:\/\/www.g2.com\/products\/talkpal-for-business\/\",\"https:\/\/www.trustpilot.com\/review\/talkpal.ai\",\"https:\/\/www.capterra.com\/p\/10006800\/TalkPal\/\"],\"description\":\"Talkpal is a language learning web and mobile education app, powered by the latest AI technologies, that provides engaging experiences to its customers in many different languages to help them improve their language skills. Users can chat about unlimited amount of topics with the app and use other modes to practice their language learning.\",\"email\":\"support@talkpal.ai\",\"legalName\":\"Talkpal, Inc.\",\"foundingDate\":\"2023-04-03\",\"duns\":\"118989042\",\"numberOfEmployees\":{\"@type\":\"QuantitativeValue\",\"minValue\":\"11\",\"maxValue\":\"50\"},\"publishingPrinciples\":\"https:\/\/talkpal.ai\/publishing-principles\/\",\"actionableFeedbackPolicy\":\"https:\/\/talkpal.ai\/actionable-feedback-policy\/\",\"correctionsPolicy\":\"https:\/\/talkpal.ai\/corrections-policy\/\",\"ethicsPolicy\":\"https:\/\/talkpal.ai\/ethics-policy\/\",\"diversityPolicy\":\"https:\/\/talkpal.ai\/diversity-policy\/\",\"diversityStaffingReport\":\"https:\/\/talkpal.ai\/diversity-policy\/\"}]}<\/script>\n<!-- \/ Yoast SEO Premium plugin. -->","yoast_head_json":{"title":"Instruc\u021biuni pentru ad\u0103ugarea codului cuponului \u00een Stripe Checkout - Talkpal","description":"Afla\u021bi cum s\u0103 ad\u0103uga\u021bi cu u\u0219urin\u021b\u0103 coduri promo\u021bionale \u00een Stripe Checkout. Urma\u021bi pa\u0219i simpli pentru a \u00eembun\u0103t\u0103\u021bi experien\u021ba clientului la checkout.","robots":{"index":"index","follow":"follow","max-snippet":"max-snippet:-1","max-image-preview":"max-image-preview:large","max-video-preview":"max-video-preview:-1"},"canonical":"https:\/\/talkpal.ai\/ro\/instructiuni-pentru-adaugarea-codului-cuponului-in-stripe-checkout\/","og_locale":"ro_RO","og_type":"article","og_title":"Instruc\u021biuni pentru ad\u0103ugarea codului cuponului \u00een Stripe Checkout","og_description":"Ad\u0103uga\u021bi codul cuponului \u0219i ob\u021bine\u021bi o reducere. Urma\u021bi pa\u0219ii Pasul 1: Alege\u021bi un plan preferat. Pasul 2: Alege\u021bi op\u021biunea de plat\u0103 cu cardul \u0219i ap\u0103sa\u021bi","og_url":"https:\/\/talkpal.ai\/ro\/instructiuni-pentru-adaugarea-codului-cuponului-in-stripe-checkout\/","og_site_name":"Talkpal","article_publisher":"https:\/\/www.facebook.com\/profile.php?id=100090733639311","article_modified_time":"2025-06-19T18:07:47+00:00","og_image":[{"width":5000,"height":5000,"url":"https:\/\/talkpal.ai\/wp-content\/uploads\/2024\/03\/Talkpal-Logo-Icon.png","type":"image\/png"}],"twitter_card":"summary_large_image","twitter_site":"@talkpalai","schema":{"@context":"https:\/\/schema.org","@graph":[{"@type":"WebPage","@id":"https:\/\/talkpal.ai\/ro\/instructiuni-pentru-adaugarea-codului-cuponului-in-stripe-checkout\/","url":"https:\/\/talkpal.ai\/ro\/instructiuni-pentru-adaugarea-codului-cuponului-in-stripe-checkout\/","name":"Instruc\u021biuni pentru ad\u0103ugarea codului cuponului \u00een Stripe Checkout - Talkpal","isPartOf":{"@id":"https:\/\/talkpal.ai\/ro\/#website"},"primaryImageOfPage":{"@id":"https:\/\/talkpal.ai\/ro\/instructiuni-pentru-adaugarea-codului-cuponului-in-stripe-checkout\/#primaryimage"},"image":{"@id":"https:\/\/talkpal.ai\/ro\/instructiuni-pentru-adaugarea-codului-cuponului-in-stripe-checkout\/#primaryimage"},"thumbnailUrl":"https:\/\/talkpal.ai\/wp-content\/uploads\/2024\/03\/Talkpal-Logo-Icon.png","datePublished":"2023-12-20T15:42:12+00:00","dateModified":"2025-06-19T18:07:47+00:00","description":"Afla\u021bi cum s\u0103 ad\u0103uga\u021bi cu u\u0219urin\u021b\u0103 coduri promo\u021bionale \u00een Stripe Checkout. Urma\u021bi pa\u0219i simpli pentru a \u00eembun\u0103t\u0103\u021bi experien\u021ba clientului la checkout.","breadcrumb":{"@id":"https:\/\/talkpal.ai\/ro\/instructiuni-pentru-adaugarea-codului-cuponului-in-stripe-checkout\/#breadcrumb"},"inLanguage":"ro-RO","potentialAction":[{"@type":"ReadAction","target":["https:\/\/talkpal.ai\/ro\/instructiuni-pentru-adaugarea-codului-cuponului-in-stripe-checkout\/"]}]},{"@type":"ImageObject","inLanguage":"ro-RO","@id":"https:\/\/talkpal.ai\/ro\/instructiuni-pentru-adaugarea-codului-cuponului-in-stripe-checkout\/#primaryimage","url":"https:\/\/talkpal.ai\/wp-content\/uploads\/2024\/03\/Talkpal-Logo-Icon.png","contentUrl":"https:\/\/talkpal.ai\/wp-content\/uploads\/2024\/03\/Talkpal-Logo-Icon.png","width":5000,"height":5000,"caption":"talkpal logo"},{"@type":"BreadcrumbList","@id":"https:\/\/talkpal.ai\/ro\/instructiuni-pentru-adaugarea-codului-cuponului-in-stripe-checkout\/#breadcrumb","itemListElement":[{"@type":"ListItem","position":1,"name":"Homepage","item":"https:\/\/talkpal.ai\/ro\/"},{"@type":"ListItem","position":2,"name":"Instruc\u021biuni pentru ad\u0103ugarea codului cuponului \u00een Stripe Checkout"}]},{"@type":"WebSite","@id":"https:\/\/talkpal.ai\/ro\/#website","url":"https:\/\/talkpal.ai\/ro\/","name":"Talkpal","description":"AI Language Learning","publisher":{"@id":"https:\/\/talkpal.ai\/ro\/#organization"},"alternateName":"Talkpal AI","potentialAction":[{"@type":"SearchAction","target":{"@type":"EntryPoint","urlTemplate":"https:\/\/talkpal.ai\/ro\/?s={search_term_string}"},"query-input":{"@type":"PropertyValueSpecification","valueRequired":true,"valueName":"search_term_string"}}],"inLanguage":"ro-RO"},{"@type":"Organization","@id":"https:\/\/talkpal.ai\/ro\/#organization","name":"Talkpal, Inc.","alternateName":"Talkpal AI","url":"https:\/\/talkpal.ai\/ro\/","logo":{"@type":"ImageObject","inLanguage":"ro-RO","@id":"https:\/\/talkpal.ai\/ro\/#\/schema\/logo\/image\/","url":"https:\/\/talkpal.ai\/wp-content\/uploads\/2024\/03\/Talkpal-Logo-Icon.png","contentUrl":"https:\/\/talkpal.ai\/wp-content\/uploads\/2024\/03\/Talkpal-Logo-Icon.png","width":2880,"height":2880,"caption":"Talkpal, Inc."},"image":{"@id":"https:\/\/talkpal.ai\/ro\/#\/schema\/logo\/image\/"},"sameAs":["https:\/\/www.facebook.com\/profile.php?id=100090733639311","https:\/\/x.com\/talkpalai","https:\/\/www.linkedin.com\/company\/talkpal\/","https:\/\/www.youtube.com\/@TalkPal\/","https:\/\/www.tiktok.com\/@talkpal","https:\/\/www.instagram.com\/talkpal_ai\/","https:\/\/www.crunchbase.com\/organization\/talkpal-9cde","https:\/\/www.g2.com\/products\/talkpal-for-business\/","https:\/\/www.trustpilot.com\/review\/talkpal.ai","https:\/\/www.capterra.com\/p\/10006800\/TalkPal\/"],"description":"Talkpal is a language learning web and mobile education app, powered by the latest AI technologies, that provides engaging experiences to its customers in many different languages to help them improve their language skills. Users can chat about unlimited amount of topics with the app and use other modes to practice their language learning.","email":"support@talkpal.ai","legalName":"Talkpal, Inc.","foundingDate":"2023-04-03","duns":"118989042","numberOfEmployees":{"@type":"QuantitativeValue","minValue":"11","maxValue":"50"},"publishingPrinciples":"https:\/\/talkpal.ai\/publishing-principles\/","actionableFeedbackPolicy":"https:\/\/talkpal.ai\/actionable-feedback-policy\/","correctionsPolicy":"https:\/\/talkpal.ai\/corrections-policy\/","ethicsPolicy":"https:\/\/talkpal.ai\/ethics-policy\/","diversityPolicy":"https:\/\/talkpal.ai\/diversity-policy\/","diversityStaffingReport":"https:\/\/talkpal.ai\/diversity-policy\/"}]}},"_links":{"self":[{"href":"https:\/\/talkpal.ai\/ro\/wp-json\/wp\/v2\/pages\/994649","targetHints":{"allow":["GET"]}}],"collection":[{"href":"https:\/\/talkpal.ai\/ro\/wp-json\/wp\/v2\/pages"}],"about":[{"href":"https:\/\/talkpal.ai\/ro\/wp-json\/wp\/v2\/types\/page"}],"author":[{"embeddable":true,"href":"https:\/\/talkpal.ai\/ro\/wp-json\/wp\/v2\/users\/6"}],"replies":[{"embeddable":true,"href":"https:\/\/talkpal.ai\/ro\/wp-json\/wp\/v2\/comments?post=994649"}],"version-history":[{"count":0,"href":"https:\/\/talkpal.ai\/ro\/wp-json\/wp\/v2\/pages\/994649\/revisions"}],"wp:featuredmedia":[{"embeddable":true,"href":"https:\/\/talkpal.ai\/ro\/wp-json\/wp\/v2\/media\/197976"}],"wp:attachment":[{"href":"https:\/\/talkpal.ai\/ro\/wp-json\/wp\/v2\/media?parent=994649"}],"curies":[{"name":"wp","href":"https:\/\/api.w.org\/{rel}","templated":true}]}}