{"id":92065,"date":"2023-06-14T13:25:23","date_gmt":"2023-06-14T13:25:23","guid":{"rendered":"http:\/\/talkpal.ai\/exercitii-de-gramatica-engleza\/"},"modified":"2025-12-17T16:34:09","modified_gmt":"2025-12-17T16:34:09","slug":"exercitii-de-gramatica-engleza","status":"publish","type":"page","link":"https:\/\/talkpal.ai\/ro\/exercitii-de-gramatica-engleza\/","title":{"rendered":"Exerci\u021bii de gramatic\u0103 englez\u0103"},"content":{"rendered":"\r\n\r\n\r\n<section class=\"languageChallengeSection\">\r\n    <div class=\"languageInfoWrapper\">\r\n        \r\n        <h1>Exerci\u021bii de gramatic\u0103 englez\u0103<\/h1>\r\n        <p>Dori\u021bi s\u0103 v\u0103 cre\u0219te\u021bi \u00eencrederea \u00een limba <a href=\"https:\/\/talkpal.ai\/learn-english-with-ai\/\">englez\u0103<\/a>? Practicarea exerci\u021biilor gramaticale este o modalitate excelent\u0103 de a v\u0103 \u00eembun\u0103t\u0103\u021bi \u00een\u021belegerea regulilor gramaticale, de a folosi verbele corect \u0219i de a v\u0103 extinde vocabularul. \u00cencepe\u021bi ast\u0103zi s\u0103 lucra\u021bi la gramatica limbii engleze \u0219i vede\u021bi-v\u0103 abilit\u0103\u021bile \u0219i fluen\u021ba cresc\u00e2nd cu fiecare exerci\u021biu!\n\n<\/p>\r\n\r\n                            <a class=\"getStartedHidden\" href=\"https:\/\/app.talkpal.ai\/ro\/signup?lng=\">\u00cencepe<\/a>\r\n        \r\n    <\/div>\r\n\r\n    <figure>\r\n    <img decoding=\"async\" width=\"768\" height=\"768\" src=\"https:\/\/talkpal.ai\/wp-content\/uploads\/2023\/06\/English-768x768.png\" class=\"languageImage no-lazy\" alt=\"Language learning for improved multitasking\" fetchpriority=\"high\" sizes=\"(max-width: 768px) 150px, 768px\" srcset=\"https:\/\/talkpal.ai\/wp-content\/uploads\/2023\/06\/English-768x768.png 768w, https:\/\/talkpal.ai\/wp-content\/uploads\/2023\/06\/English-300x300.png 300w\" \/>\r\n    \r\n\r\n    <\/figure>\r\n\r\n            <a class=\"getStartedVisible\" href=\"https:\/\/app.talkpal.ai\/ro\/signup?lng=\">\u00cencepe<\/a>\r\n    \r\n<\/section>\r\n\r\n\r\n<!-- <section class=\"grammarSection\">\r\n    <div class=\"grammarLinks\">\r\n        <a href=\"https:\/\/talkpal.ai\/ro\/exercise_language\/adjective-gramatica-engleza\/\">Adjective <\/a><a href=\"https:\/\/talkpal.ai\/ro\/exercise_language\/adverbe-gramatica-engleza\/\">Adverbe <\/a><a href=\"https:\/\/talkpal.ai\/ro\/exercise_language\/articole-gramatica-engleza\/\">Articole <\/a><a href=\"https:\/\/talkpal.ai\/ro\/exercise_language\/comparatie-de-timpuri-gramatica-engleza\/\">Compara\u021bie de timpuri <\/a><a href=\"https:\/\/talkpal.ai\/ro\/exercise_language\/conditionale-gramatica-engleza\/\">Condi\u021bionale <\/a><a href=\"https:\/\/talkpal.ai\/ro\/exercise_language\/prepozitii-gramatica-engleza\/\">Prepozi\u021bii <\/a><a href=\"https:\/\/talkpal.ai\/ro\/exercise_language\/pronume-determinanti-gramatica-engleza\/\">Pronume \/ Determinan\u021bi <\/a><a href=\"https:\/\/talkpal.ai\/ro\/exercise_language\/propozitii-gramatica-engleza\/\">Propozi\u021bii <\/a><a href=\"https:\/\/talkpal.ai\/ro\/exercise_language\/substantive-gramatica-engleza\/\">Substantive <\/a><a href=\"https:\/\/talkpal.ai\/ro\/exercise_language\/timpuri-gramatica-engleza\/\">Timpuri <\/a><a href=\"https:\/\/talkpal.ai\/ro\/exercise_language\/verbe-gramatica-engleza\/\">Verbe <\/a>    <\/div>\r\n<\/section> -->\r\n\r\n\r\n\r\n\r\n        <section class=\"grammarSection\">\r\n            <div class=\"grammarLinks\">\r\n                <a href=\"https:\/\/talkpal.ai\/ro\/exercise_language\/adjective-gramatica-engleza\/\">Adjective <\/a><a href=\"https:\/\/talkpal.ai\/ro\/exercise_language\/adverbe-gramatica-engleza\/\">Adverbe <\/a><a href=\"https:\/\/talkpal.ai\/ro\/exercise_language\/articole-gramatica-engleza\/\">Articole <\/a><a href=\"https:\/\/talkpal.ai\/ro\/exercise_language\/comparatie-de-timpuri-gramatica-engleza\/\">Compara\u021bie de timpuri <\/a><a href=\"https:\/\/talkpal.ai\/ro\/exercise_language\/conditionale-gramatica-engleza\/\">Condi\u021bionale <\/a><a href=\"https:\/\/talkpal.ai\/ro\/exercise_language\/prepozitii-gramatica-engleza\/\">Prepozi\u021bii <\/a><a href=\"https:\/\/talkpal.ai\/ro\/exercise_language\/pronume-determinanti-gramatica-engleza\/\">Pronume \/ Determinan\u021bi <\/a><a href=\"https:\/\/talkpal.ai\/ro\/exercise_language\/propozitii-gramatica-engleza\/\">Propozi\u021bii <\/a><a href=\"https:\/\/talkpal.ai\/ro\/exercise_language\/substantive-gramatica-engleza\/\">Substantive <\/a><a href=\"https:\/\/talkpal.ai\/ro\/exercise_language\/timpuri-gramatica-engleza\/\">Timpuri <\/a><a href=\"https:\/\/talkpal.ai\/ro\/exercise_language\/verbe-gramatica-engleza\/\">Verbe <\/a>            <\/div>\r\n        <\/section>\r\n<section class=\"promotionalBanner\">\r\n    <p class=\"promotionalText\">Cel mai eficient mod de a \u00eenv\u0103\u021ba o limb\u0103<\/p>\r\n    <a class=\"promotionalLink\" href=\"https:\/\/app.talkpal.ai\/ro\/signup?lng=\">\u00cencerca\u021bi Talkpal gratuit<\/a>\r\n<\/section>\n<div class=\"wp-block-group pageContainerStyle\"><div class=\"wp-block-group__inner-container is-layout-constrained wp-block-group-is-layout-constrained\">\n<h2 class=\"wp-block-heading\" id=\"h-english-grammar-topics\">Subiecte de gramatic\u0103 englez\u0103<\/h2>\n\n\n\n<p>Gramatica limbii engleze este un set de reguli \u0219i linii directoare care determin\u0103 structura limbii engleze. Ne permite s\u0103 comunic\u0103m \u00eentre noi \u00een mod clar \u0219i eficient. C\u00e2nd \u00eenv\u0103\u021ba\u021bi limba englez\u0103, \u00een\u021belegerea gramaticii este esen\u021bial\u0103 pentru dezvoltarea unor abilit\u0103\u021bi puternice de citire, scriere \u0219i vorbire. Aceast\u0103 c\u0103l\u0103torie va cuprinde diferite componente ale gramaticii, cum ar fi adjective, adverbe, articole, condi\u021bionale, substantive, prepozi\u021bii, pronume \/ determinan\u021bi, propozi\u021bii, compara\u021bie tensionat\u0103, timpuri \u0219i verbe. S\u0103 explor\u0103m fiecare dintre aceste subiecte \u00eentr-o succesiune sugerat\u0103 pentru a face \u00eenv\u0103\u021barea gramaticii engleze\u0219ti mai eficient\u0103 \u0219i mai pl\u0103cut\u0103.<\/p>\n\n\n\n<h3 class=\"wp-block-heading\" id=\"h-1-nouns\">1. Substantive:<\/h3>\n\n\n\n<p>Substantivele sunt cele mai de baz\u0103 blocuri ale gramaticii engleze. Sunt cuvinte care reprezint\u0103 oameni, locuri, lucruri sau idei. \u00cen\u021belegerea substantivelor este esen\u021bial\u0103 pentru formarea propozi\u021biilor \u0219i transmiterea sensului \u00een limb\u0103.<\/p>\n\n\n\n<h3 class=\"wp-block-heading\" id=\"h-2-pronouns-determiners\">2. Pronume\/Determinan\u021bi:<\/h3>\n\n\n\n<p>Odat\u0103 ce a\u021bi \u00een\u021beles substantivele, \u00eenv\u0103\u021barea despre pronume \u0219i determinan\u021bi este urm\u0103torul pas. Pronumele \u00eenlocuiesc substantivele dintr-o propozi\u021bie pentru a evita repetarea, \u00een timp ce determinan\u021bii ofer\u0103 informa\u021bii despre substantiv, cum ar fi cantitatea sau posesia.<\/p>\n\n\n\n<h3 class=\"wp-block-heading\" id=\"h-3-verbs\">3. Verbe:<\/h3>\n\n\n\n<p>Verbele sunt cuvinte de ac\u021biune care exprim\u0103 ceea ce face sau experimenteaz\u0103 un substantiv. Ele sunt o parte crucial\u0103 a oric\u0103rei propozi\u021bii, iar \u00een\u021belegerea modului \u00een care func\u021bioneaz\u0103 este esen\u021bial\u0103 pentru crearea unor declara\u021bii clare \u0219i concise.<\/p>\n\n\n\n<h3 class=\"wp-block-heading\" id=\"h-4-adjectives\">4. Adjective:<\/h3>\n\n\n\n<p>Adjectivele descriu sau modific\u0103 substantivele, oferind mai multe informa\u021bii despre calit\u0103\u021bile sau caracteristicile lor. \u00cenv\u0103\u021b\u00e2nd cum s\u0103 utiliza\u021bi adjectivele \u00een mod eficient v\u0103 va \u00eembun\u0103t\u0103\u021bi capacitatea de a comunica \u00een limba englez\u0103.<\/p>\n\n\n\n<h3 class=\"wp-block-heading\" id=\"h-5-adverbs\">5. Adverbe:<\/h3>\n\n\n\n<p>Adverbele sunt similare cu adjectivele, dar modific\u0103 verbele, adjectivele sau alte adverbe. Ele descriu adesea cum, c\u00e2nd sau unde are loc o ac\u021biune. \u0218tiind cum s\u0103 folosi\u021bi adverbele va ad\u0103uga profunzime \u0219i detalii comunic\u0103rii dvs. \u00een limba englez\u0103.<\/p>\n\n\n\n<h3 class=\"wp-block-heading\" id=\"h-6-prepositions\">6. Prepozi\u021bii:<\/h3>\n\n\n\n<p>Prepozi\u021biile sunt cuvinte care arat\u0103 rela\u021bia dintre substantive, pronume \u0219i alte cuvinte dintr-o propozi\u021bie. Ele ajut\u0103 la furnizarea contextului, cum ar fi loca\u021bia, ora sau direc\u021bia.<\/p>\n\n\n\n<h3 class=\"wp-block-heading\" id=\"h-7-articles\">7. Articole:<\/h3>\n\n\n\n<p>Articolele sunt un tip de determinant care specific\u0103 dac\u0103 un substantiv este hot\u0103r\u00e2t sau nedefinit. Ele sunt importante pentru formarea corect\u0103 a propozi\u021biilor \u0219i ajut\u0103 la clarificarea sensului unei afirma\u021bii.<\/p>\n\n\n\n<h3 class=\"wp-block-heading\" id=\"h-8-tenses\">8. Timpuri:<\/h3>\n\n\n\n<p>Timpurile indic\u0103 timpul unei ac\u021biuni sau st\u0103ri de a fi. \u00cenv\u0103\u021barea diferitelor timpuri \u00een limba englez\u0103 v\u0103 va permite s\u0103 v\u0103 exprima\u021bi cu acurate\u021be, indiferent dac\u0103 discuta\u021bi despre trecut, prezent sau viitor.<\/p>\n\n\n\n<h3 class=\"wp-block-heading\" id=\"h-9-tense-comparison\">9. Compara\u021bie tensionat\u0103:<\/h3>\n\n\n\n<p>\u00cen\u021belegerea compara\u021biei tensionate este important\u0103 pentru compararea ac\u021biunilor sau st\u0103rilor \u00een diferite intervale de timp. Aceast\u0103 abilitate v\u0103 va ajuta s\u0103 comunica\u021bi idei complexe \u0219i s\u0103 dezvolta\u021bi o \u00een\u021belegere mai avansat\u0103 a gramaticii limbii engleze.<\/p>\n\n\n\n<h3 class=\"wp-block-heading\" id=\"h-10-sentences\">10. Propozi\u021bii:<\/h3>\n\n\n\n<p>Propozi\u021biile sunt fundamentul comunic\u0103rii scrise \u0219i vorbite \u00een limba englez\u0103. Baz\u00e2ndu-v\u0103 pe cuno\u0219tin\u021bele dvs. despre substantive, verbe \u0219i alte componente gramaticale, \u00eenv\u0103\u021barea despre structura propozi\u021biei v\u0103 va permite s\u0103 v\u0103 transmite\u021bi g\u00e2ndurile \u00een mod eficient \u00een limb\u0103.<\/p>\n\n\n\n<h3 class=\"wp-block-heading\" id=\"h-11-conditionals\">11. Condi\u021bionale:<\/h3>\n\n\n\n<p>Condi\u021bionalele sunt propozi\u021bii care exprim\u0103 o condi\u021bie \u0219i consecin\u021ba poten\u021bial\u0103 a acesteia. Acestea sunt un aspect avansat al gramaticii limbii engleze care v\u0103 va ajuta s\u0103 exprima\u021bi situa\u021bii ipotetice \u0219i idei complexe.<\/p>\n<\/div><\/div>\n\r\n<section class=\"learnNavigationSection\">\r\n            \r\n        <a href=\"https:\/\/talkpal.ai\/ro\/invata-engleza\/\">\r\n            <div class=\"learnNavigationWrapper\">\r\n                <div class=\"learnNavigationContent\">\r\n                    <img decoding=\"async\" src=\"https:\/\/talkpal.ai\/wp-content\/uploads\/2024\/08\/English.jpg\" alt=\"English Flag\">\r\n                    <div>\r\n                        <h4>Despre \u00eenv\u0103\u021barea limbii engleze<\/h4>\r\n                        <p>Afla\u021bi totul despre gramatica englez\u0103.<\/p>\r\n                    <\/div>\r\n                <\/div>\r\n            <\/div>\r\n        <\/a>\r\n\r\n        \r\n        <a href=\"https:\/\/talkpal.ai\/ro\/gramatica-engleza\/\">\r\n            <div class=\"learnNavigationWrapper\">\r\n                <div class=\"learnNavigationContent\">\r\n                    <img decoding=\"async\" src=\"https:\/\/talkpal.ai\/wp-content\/uploads\/2024\/08\/English.jpg\" alt=\"English Flag\">\r\n                    <div>\r\n                        <h4>Lec\u021bii de gramatic\u0103 englez\u0103<\/h4>\r\n                        <p>Practica\u021bi engleza gramatic\u0103.<\/p>\r\n                    <\/div>\r\n                <\/div>\r\n            <\/div>\r\n        <\/a>\r\n\r\n        \r\n        <a href=\"https:\/\/talkpal.ai\/vocabulary_language\/english\/\">\r\n            <div class=\"learnNavigationWrapper\">\r\n                <div class=\"learnNavigationContent\">\r\n                    <img decoding=\"async\" src=\"https:\/\/talkpal.ai\/wp-content\/uploads\/2024\/08\/English.jpg\" alt=\"English Flag\">\r\n                    <div>\r\n                        <h4>Vocabular \u00een limba englez\u0103<\/h4>\r\n                        <p>Extinde\u021bi-v\u0103 vocabularul \u00een limba englez\u0103.<\/p>\r\n                    <\/div>\r\n                <\/div>\r\n            <\/div>\r\n        <\/a>\r\n\r\n            <\/section>","protected":false},"excerpt":{"rendered":"<p>Subiecte de gramatic\u0103 englez\u0103 Gramatica limbii engleze este un set de reguli \u0219i linii directoare care determin\u0103 structura limbii engleze. Ne permite s\u0103 comunic\u0103m \u00eentre noi \u00een mod clar \u0219i eficient. C\u00e2nd \u00eenv\u0103\u021ba\u021bi limba englez\u0103, \u00een\u021belegerea gramaticii este esen\u021bial\u0103 pentru dezvoltarea unor abilit\u0103\u021bi puternice de citire, scriere \u0219i vorbire. Aceast\u0103 c\u0103l\u0103torie va cuprinde diferite componente [&hellip;]<\/p>\n","protected":false},"author":1,"featured_media":70771,"parent":0,"menu_order":0,"comment_status":"closed","ping_status":"closed","template":"LearningContentPage.php","meta":{"_acf_changed":false,"footnotes":""},"class_list":["post-92065","page","type-page","status-publish","has-post-thumbnail","hentry"],"acf":[],"yoast_head":"<!-- This site is optimized with the Yoast SEO Premium plugin v27.2 (Yoast SEO v27.2) - https:\/\/yoast.com\/product\/yoast-seo-premium-wordpress\/ -->\n<title>Exerci\u021bii de gramatic\u0103 englez\u0103 - Talkpal<\/title>\n<meta name=\"description\" content=\"\u00cembun\u0103t\u0103\u021bi\u021bi-v\u0103 cuno\u0219tin\u021bele de limba englez\u0103 cu exerci\u021bii gramaticale eficiente Talkpal. \u00cembun\u0103t\u0103\u021bi\u021bi-v\u0103 acum cuno\u0219tin\u021bele lingvistice!\" \/>\n<meta name=\"robots\" content=\"index, follow, max-snippet:-1, max-image-preview:large, max-video-preview:-1\" \/>\n<link rel=\"canonical\" href=\"https:\/\/talkpal.ai\/ro\/exercitii-de-gramatica-engleza\/\" \/>\n<meta property=\"og:locale\" content=\"ro_RO\" \/>\n<meta property=\"og:type\" content=\"article\" \/>\n<meta property=\"og:title\" content=\"Exerci\u021bii de gramatic\u0103 englez\u0103\" \/>\n<meta property=\"og:description\" content=\"Subiecte de gramatic\u0103 englez\u0103 Gramatica limbii engleze este un set de reguli \u0219i linii directoare care determin\u0103 structura limbii engleze. Ne permite s\u0103\" \/>\n<meta property=\"og:url\" content=\"https:\/\/talkpal.ai\/ro\/exercitii-de-gramatica-engleza\/\" \/>\n<meta property=\"og:site_name\" content=\"Talkpal\" \/>\n<meta property=\"article:publisher\" content=\"https:\/\/www.facebook.com\/profile.php?id=100090733639311\" \/>\n<meta property=\"article:modified_time\" content=\"2025-12-17T16:34:09+00:00\" \/>\n<meta property=\"og:image\" content=\"https:\/\/talkpal.ai\/wp-content\/uploads\/2023\/03\/united-kingdom.png\" \/>\n\t<meta property=\"og:image:width\" content=\"512\" \/>\n\t<meta property=\"og:image:height\" content=\"512\" \/>\n\t<meta property=\"og:image:type\" content=\"image\/png\" \/>\n<meta name=\"twitter:card\" content=\"summary_large_image\" \/>\n<meta name=\"twitter:site\" content=\"@talkpalai\" \/>\n<meta name=\"twitter:label1\" content=\"Timp estimat pentru citire\" \/>\n\t<meta name=\"twitter:data1\" content=\"3 minute\" \/>\n<script type=\"application\/ld+json\" class=\"yoast-schema-graph\">{\"@context\":\"https:\/\/schema.org\",\"@graph\":[{\"@type\":\"WebPage\",\"@id\":\"https:\/\/talkpal.ai\/ro\/exercitii-de-gramatica-engleza\/\",\"url\":\"https:\/\/talkpal.ai\/ro\/exercitii-de-gramatica-engleza\/\",\"name\":\"Exerci\u021bii de gramatic\u0103 englez\u0103 - Talkpal\",\"isPartOf\":{\"@id\":\"https:\/\/talkpal.ai\/ro\/#website\"},\"primaryImageOfPage\":{\"@id\":\"https:\/\/talkpal.ai\/ro\/exercitii-de-gramatica-engleza\/#primaryimage\"},\"image\":{\"@id\":\"https:\/\/talkpal.ai\/ro\/exercitii-de-gramatica-engleza\/#primaryimage\"},\"thumbnailUrl\":\"https:\/\/talkpal.ai\/wp-content\/uploads\/2023\/03\/united-kingdom.png\",\"datePublished\":\"2023-06-14T13:25:23+00:00\",\"dateModified\":\"2025-12-17T16:34:09+00:00\",\"description\":\"\u00cembun\u0103t\u0103\u021bi\u021bi-v\u0103 cuno\u0219tin\u021bele de limba englez\u0103 cu exerci\u021bii gramaticale eficiente Talkpal. \u00cembun\u0103t\u0103\u021bi\u021bi-v\u0103 acum cuno\u0219tin\u021bele lingvistice!\",\"breadcrumb\":{\"@id\":\"https:\/\/talkpal.ai\/ro\/exercitii-de-gramatica-engleza\/#breadcrumb\"},\"inLanguage\":\"ro-RO\",\"potentialAction\":[{\"@type\":\"ReadAction\",\"target\":[\"https:\/\/talkpal.ai\/ro\/exercitii-de-gramatica-engleza\/\"]}]},{\"@type\":\"ImageObject\",\"inLanguage\":\"ro-RO\",\"@id\":\"https:\/\/talkpal.ai\/ro\/exercitii-de-gramatica-engleza\/#primaryimage\",\"url\":\"https:\/\/talkpal.ai\/wp-content\/uploads\/2023\/03\/united-kingdom.png\",\"contentUrl\":\"https:\/\/talkpal.ai\/wp-content\/uploads\/2023\/03\/united-kingdom.png\",\"width\":512,\"height\":512,\"caption\":\"TalkPal AI learn English\"},{\"@type\":\"BreadcrumbList\",\"@id\":\"https:\/\/talkpal.ai\/ro\/exercitii-de-gramatica-engleza\/#breadcrumb\",\"itemListElement\":[{\"@type\":\"ListItem\",\"position\":1,\"name\":\"Homepage\",\"item\":\"https:\/\/talkpal.ai\/ro\/\"},{\"@type\":\"ListItem\",\"position\":2,\"name\":\"Exerci\u021bii de gramatic\u0103 englez\u0103\"}]},{\"@type\":\"WebSite\",\"@id\":\"https:\/\/talkpal.ai\/ro\/#website\",\"url\":\"https:\/\/talkpal.ai\/ro\/\",\"name\":\"Talkpal\",\"description\":\"AI Language Learning\",\"publisher\":{\"@id\":\"https:\/\/talkpal.ai\/ro\/#organization\"},\"alternateName\":\"Talkpal AI\",\"potentialAction\":[{\"@type\":\"SearchAction\",\"target\":{\"@type\":\"EntryPoint\",\"urlTemplate\":\"https:\/\/talkpal.ai\/ro\/?s={search_term_string}\"},\"query-input\":{\"@type\":\"PropertyValueSpecification\",\"valueRequired\":true,\"valueName\":\"search_term_string\"}}],\"inLanguage\":\"ro-RO\"},{\"@type\":\"Organization\",\"@id\":\"https:\/\/talkpal.ai\/ro\/#organization\",\"name\":\"Talkpal, Inc.\",\"alternateName\":\"Talkpal AI\",\"url\":\"https:\/\/talkpal.ai\/ro\/\",\"logo\":{\"@type\":\"ImageObject\",\"inLanguage\":\"ro-RO\",\"@id\":\"https:\/\/talkpal.ai\/ro\/#\/schema\/logo\/image\/\",\"url\":\"https:\/\/talkpal.ai\/wp-content\/uploads\/2024\/03\/Talkpal-Logo-Icon.png\",\"contentUrl\":\"https:\/\/talkpal.ai\/wp-content\/uploads\/2024\/03\/Talkpal-Logo-Icon.png\",\"width\":2880,\"height\":2880,\"caption\":\"Talkpal, Inc.\"},\"image\":{\"@id\":\"https:\/\/talkpal.ai\/ro\/#\/schema\/logo\/image\/\"},\"sameAs\":[\"https:\/\/www.facebook.com\/profile.php?id=100090733639311\",\"https:\/\/x.com\/talkpalai\",\"https:\/\/www.linkedin.com\/company\/talkpal\/\",\"https:\/\/www.youtube.com\/@TalkPal\/\",\"https:\/\/www.tiktok.com\/@talkpal\",\"https:\/\/www.instagram.com\/talkpal_ai\/\",\"https:\/\/www.crunchbase.com\/organization\/talkpal-9cde\",\"https:\/\/www.g2.com\/products\/talkpal-for-business\/\",\"https:\/\/www.trustpilot.com\/review\/talkpal.ai\",\"https:\/\/www.capterra.com\/p\/10006800\/TalkPal\/\"],\"description\":\"Talkpal is a language learning web and mobile education app, powered by the latest AI technologies, that provides engaging experiences to its customers in many different languages to help them improve their language skills. Users can chat about unlimited amount of topics with the app and use other modes to practice their language learning.\",\"email\":\"support@talkpal.ai\",\"legalName\":\"Talkpal, Inc.\",\"foundingDate\":\"2023-04-03\",\"duns\":\"118989042\",\"numberOfEmployees\":{\"@type\":\"QuantitativeValue\",\"minValue\":\"11\",\"maxValue\":\"50\"},\"publishingPrinciples\":\"https:\/\/talkpal.ai\/publishing-principles\/\",\"actionableFeedbackPolicy\":\"https:\/\/talkpal.ai\/actionable-feedback-policy\/\",\"correctionsPolicy\":\"https:\/\/talkpal.ai\/corrections-policy\/\",\"ethicsPolicy\":\"https:\/\/talkpal.ai\/ethics-policy\/\",\"diversityPolicy\":\"https:\/\/talkpal.ai\/diversity-policy\/\",\"diversityStaffingReport\":\"https:\/\/talkpal.ai\/diversity-policy\/\"}]}<\/script>\n<!-- \/ Yoast SEO Premium plugin. -->","yoast_head_json":{"title":"Exerci\u021bii de gramatic\u0103 englez\u0103 - Talkpal","description":"\u00cembun\u0103t\u0103\u021bi\u021bi-v\u0103 cuno\u0219tin\u021bele de limba englez\u0103 cu exerci\u021bii gramaticale eficiente Talkpal. \u00cembun\u0103t\u0103\u021bi\u021bi-v\u0103 acum cuno\u0219tin\u021bele lingvistice!","robots":{"index":"index","follow":"follow","max-snippet":"max-snippet:-1","max-image-preview":"max-image-preview:large","max-video-preview":"max-video-preview:-1"},"canonical":"https:\/\/talkpal.ai\/ro\/exercitii-de-gramatica-engleza\/","og_locale":"ro_RO","og_type":"article","og_title":"Exerci\u021bii de gramatic\u0103 englez\u0103","og_description":"Subiecte de gramatic\u0103 englez\u0103 Gramatica limbii engleze este un set de reguli \u0219i linii directoare care determin\u0103 structura limbii engleze. Ne permite s\u0103","og_url":"https:\/\/talkpal.ai\/ro\/exercitii-de-gramatica-engleza\/","og_site_name":"Talkpal","article_publisher":"https:\/\/www.facebook.com\/profile.php?id=100090733639311","article_modified_time":"2025-12-17T16:34:09+00:00","og_image":[{"width":512,"height":512,"url":"https:\/\/talkpal.ai\/wp-content\/uploads\/2023\/03\/united-kingdom.png","type":"image\/png"}],"twitter_card":"summary_large_image","twitter_site":"@talkpalai","twitter_misc":{"Timp estimat pentru citire":"3 minute"},"schema":{"@context":"https:\/\/schema.org","@graph":[{"@type":"WebPage","@id":"https:\/\/talkpal.ai\/ro\/exercitii-de-gramatica-engleza\/","url":"https:\/\/talkpal.ai\/ro\/exercitii-de-gramatica-engleza\/","name":"Exerci\u021bii de gramatic\u0103 englez\u0103 - Talkpal","isPartOf":{"@id":"https:\/\/talkpal.ai\/ro\/#website"},"primaryImageOfPage":{"@id":"https:\/\/talkpal.ai\/ro\/exercitii-de-gramatica-engleza\/#primaryimage"},"image":{"@id":"https:\/\/talkpal.ai\/ro\/exercitii-de-gramatica-engleza\/#primaryimage"},"thumbnailUrl":"https:\/\/talkpal.ai\/wp-content\/uploads\/2023\/03\/united-kingdom.png","datePublished":"2023-06-14T13:25:23+00:00","dateModified":"2025-12-17T16:34:09+00:00","description":"\u00cembun\u0103t\u0103\u021bi\u021bi-v\u0103 cuno\u0219tin\u021bele de limba englez\u0103 cu exerci\u021bii gramaticale eficiente Talkpal. \u00cembun\u0103t\u0103\u021bi\u021bi-v\u0103 acum cuno\u0219tin\u021bele lingvistice!","breadcrumb":{"@id":"https:\/\/talkpal.ai\/ro\/exercitii-de-gramatica-engleza\/#breadcrumb"},"inLanguage":"ro-RO","potentialAction":[{"@type":"ReadAction","target":["https:\/\/talkpal.ai\/ro\/exercitii-de-gramatica-engleza\/"]}]},{"@type":"ImageObject","inLanguage":"ro-RO","@id":"https:\/\/talkpal.ai\/ro\/exercitii-de-gramatica-engleza\/#primaryimage","url":"https:\/\/talkpal.ai\/wp-content\/uploads\/2023\/03\/united-kingdom.png","contentUrl":"https:\/\/talkpal.ai\/wp-content\/uploads\/2023\/03\/united-kingdom.png","width":512,"height":512,"caption":"TalkPal AI learn English"},{"@type":"BreadcrumbList","@id":"https:\/\/talkpal.ai\/ro\/exercitii-de-gramatica-engleza\/#breadcrumb","itemListElement":[{"@type":"ListItem","position":1,"name":"Homepage","item":"https:\/\/talkpal.ai\/ro\/"},{"@type":"ListItem","position":2,"name":"Exerci\u021bii de gramatic\u0103 englez\u0103"}]},{"@type":"WebSite","@id":"https:\/\/talkpal.ai\/ro\/#website","url":"https:\/\/talkpal.ai\/ro\/","name":"Talkpal","description":"AI Language Learning","publisher":{"@id":"https:\/\/talkpal.ai\/ro\/#organization"},"alternateName":"Talkpal AI","potentialAction":[{"@type":"SearchAction","target":{"@type":"EntryPoint","urlTemplate":"https:\/\/talkpal.ai\/ro\/?s={search_term_string}"},"query-input":{"@type":"PropertyValueSpecification","valueRequired":true,"valueName":"search_term_string"}}],"inLanguage":"ro-RO"},{"@type":"Organization","@id":"https:\/\/talkpal.ai\/ro\/#organization","name":"Talkpal, Inc.","alternateName":"Talkpal AI","url":"https:\/\/talkpal.ai\/ro\/","logo":{"@type":"ImageObject","inLanguage":"ro-RO","@id":"https:\/\/talkpal.ai\/ro\/#\/schema\/logo\/image\/","url":"https:\/\/talkpal.ai\/wp-content\/uploads\/2024\/03\/Talkpal-Logo-Icon.png","contentUrl":"https:\/\/talkpal.ai\/wp-content\/uploads\/2024\/03\/Talkpal-Logo-Icon.png","width":2880,"height":2880,"caption":"Talkpal, Inc."},"image":{"@id":"https:\/\/talkpal.ai\/ro\/#\/schema\/logo\/image\/"},"sameAs":["https:\/\/www.facebook.com\/profile.php?id=100090733639311","https:\/\/x.com\/talkpalai","https:\/\/www.linkedin.com\/company\/talkpal\/","https:\/\/www.youtube.com\/@TalkPal\/","https:\/\/www.tiktok.com\/@talkpal","https:\/\/www.instagram.com\/talkpal_ai\/","https:\/\/www.crunchbase.com\/organization\/talkpal-9cde","https:\/\/www.g2.com\/products\/talkpal-for-business\/","https:\/\/www.trustpilot.com\/review\/talkpal.ai","https:\/\/www.capterra.com\/p\/10006800\/TalkPal\/"],"description":"Talkpal is a language learning web and mobile education app, powered by the latest AI technologies, that provides engaging experiences to its customers in many different languages to help them improve their language skills. Users can chat about unlimited amount of topics with the app and use other modes to practice their language learning.","email":"support@talkpal.ai","legalName":"Talkpal, Inc.","foundingDate":"2023-04-03","duns":"118989042","numberOfEmployees":{"@type":"QuantitativeValue","minValue":"11","maxValue":"50"},"publishingPrinciples":"https:\/\/talkpal.ai\/publishing-principles\/","actionableFeedbackPolicy":"https:\/\/talkpal.ai\/actionable-feedback-policy\/","correctionsPolicy":"https:\/\/talkpal.ai\/corrections-policy\/","ethicsPolicy":"https:\/\/talkpal.ai\/ethics-policy\/","diversityPolicy":"https:\/\/talkpal.ai\/diversity-policy\/","diversityStaffingReport":"https:\/\/talkpal.ai\/diversity-policy\/"}]}},"_links":{"self":[{"href":"https:\/\/talkpal.ai\/ro\/wp-json\/wp\/v2\/pages\/92065","targetHints":{"allow":["GET"]}}],"collection":[{"href":"https:\/\/talkpal.ai\/ro\/wp-json\/wp\/v2\/pages"}],"about":[{"href":"https:\/\/talkpal.ai\/ro\/wp-json\/wp\/v2\/types\/page"}],"author":[{"embeddable":true,"href":"https:\/\/talkpal.ai\/ro\/wp-json\/wp\/v2\/users\/1"}],"replies":[{"embeddable":true,"href":"https:\/\/talkpal.ai\/ro\/wp-json\/wp\/v2\/comments?post=92065"}],"version-history":[{"count":0,"href":"https:\/\/talkpal.ai\/ro\/wp-json\/wp\/v2\/pages\/92065\/revisions"}],"wp:featuredmedia":[{"embeddable":true,"href":"https:\/\/talkpal.ai\/ro\/wp-json\/wp\/v2\/media\/70771"}],"wp:attachment":[{"href":"https:\/\/talkpal.ai\/ro\/wp-json\/wp\/v2\/media?parent=92065"}],"curies":[{"name":"wp","href":"https:\/\/api.w.org\/{rel}","templated":true}]}}