{"id":91869,"date":"2023-03-25T16:57:06","date_gmt":"2023-03-25T16:57:06","guid":{"rendered":"http:\/\/talkpal.ai\/gramatica-engleza\/"},"modified":"2025-05-22T19:26:29","modified_gmt":"2025-05-22T19:26:29","slug":"gramatica-engleza","status":"publish","type":"page","link":"https:\/\/talkpal.ai\/ro\/gramatica-engleza\/","title":{"rendered":"Gramatica englez\u0103"},"content":{"rendered":"\r\n\r\n\r\n<section class=\"languageChallengeSection\">\r\n    <div class=\"languageInfoWrapper\">\r\n        \r\n        <h1>Gramatica englez\u0103<\/h1>\r\n        <p>Sunte\u021bi gata s\u0103 \u00eencepe\u021bi s\u0103 \u00eenv\u0103\u021ba\u021bi limba <a href=\"https:\/\/talkpal.ai\/learn-english-with-ai\/\">englez\u0103<\/a>? Cu doar pu\u021bin\u0103 <a href=\"https:\/\/talkpal.ai\/grammar\/\">gramatic\u0103<\/a> \u0219i c\u00e2teva cuvinte noi, ve\u021bi conversa \u0219i v\u0103 ve\u021bi conecta cu oameni din \u00eentreaga lume \u00een cel mai scurt timp. Intr\u0103 \u0219i hai s\u0103 facem \u00eenv\u0103\u021barea limbii engleze distractiv\u0103 \u0219i u\u0219oar\u0103 &#8211; c\u0103l\u0103toria ta c\u0103tre fluen\u021b\u0103 \u00eencepe ast\u0103zi!\n\n<\/p>\r\n\r\n                            <a class=\"getStartedHidden\" href=\"https:\/\/app.talkpal.ai\/ro\/signup?lng=\">\u00cencepe<\/a>\r\n        \r\n    <\/div>\r\n\r\n    <figure>\r\n    <img decoding=\"async\" width=\"768\" height=\"768\" src=\"https:\/\/talkpal.ai\/wp-content\/uploads\/2023\/06\/English-768x768.png\" class=\"languageImage no-lazy\" alt=\"Language learning for improved multitasking\" fetchpriority=\"high\" sizes=\"(max-width: 768px) 150px, 768px\" srcset=\"https:\/\/talkpal.ai\/wp-content\/uploads\/2023\/06\/English-768x768.png 768w, https:\/\/talkpal.ai\/wp-content\/uploads\/2023\/06\/English-300x300.png 300w\" \/>\r\n    \r\n\r\n    <\/figure>\r\n\r\n            <a class=\"getStartedVisible\" href=\"https:\/\/app.talkpal.ai\/ro\/signup?lng=\">\u00cencepe<\/a>\r\n    \r\n<\/section>\r\n        <section class=\"grammarSection\">\r\n            <div class=\"grammarLinks\">\r\n                <a href=\"https:\/\/talkpal.ai\/ro\/language\/adjective-gramatica-engleza\/\">Adjective <\/a><a href=\"https:\/\/talkpal.ai\/ro\/language\/adverbe-gramatica-engleza\/\">Adverbe <\/a><a href=\"https:\/\/talkpal.ai\/ro\/language\/articole-gramatica-engleza\/\">Articole <\/a><a href=\"https:\/\/talkpal.ai\/ro\/language\/conditionale-gramatica-engleza\/\">Condi\u021bionale <\/a><a href=\"https:\/\/talkpal.ai\/ro\/language\/prepozitii-gramatica-engleza\/\">Prepozi\u021bii <\/a><a href=\"https:\/\/talkpal.ai\/ro\/language\/pronume-determinanti-gramatica-engleza\/\">Pronume \/ Determinan\u021bi <\/a><a href=\"https:\/\/talkpal.ai\/ro\/language\/propozitii-gramatica-engleza\/\">Propozi\u021bii <\/a><a href=\"https:\/\/talkpal.ai\/ro\/language\/substantive-gramatica-engleza\/\">Substantive <\/a><a href=\"https:\/\/talkpal.ai\/ro\/language\/timpuri-gramatica-engleza\/\">Timpuri <\/a><a href=\"https:\/\/talkpal.ai\/ro\/language\/verbe-gramatica-engleza\/\">Verbe <\/a>            <\/div>\r\n        <\/section>\r\n    <section class=\"promotionalBanner\">\r\n    <p class=\"promotionalText\">Cel mai eficient mod de a \u00eenv\u0103\u021ba o limb\u0103<\/p>\r\n    <a class=\"promotionalLink\" href=\"https:\/\/app.talkpal.ai\/ro\/signup?lng=\">\u00cencerca\u021bi Talkpal gratuit<\/a>\r\n<\/section>\n<div class=\"wp-block-group pageContainerStyle\"><div class=\"wp-block-group__inner-container is-layout-constrained wp-block-group-is-layout-constrained\">\n<h2 class=\"wp-block-heading\" id=\"h-the-importance-of-english-grammar-a-guide-to-mastering-the-rules-and-principles\">Importan\u021ba gramaticii engleze: un ghid pentru st\u0103p\u00e2nirea regulilor \u0219i principiilor<\/h2>\n\n\n\n<p>Av\u00e2nd \u00een vedere c\u0103 engleza este una dintre cele mai importante limbi vorbite \u00een \u00eentreaga lume, nu este de mirare c\u0103 oamenii sunt dornici s\u0103 \u00ee\u0219i \u00eembun\u0103t\u0103\u021beasc\u0103 fluen\u021ba \u0219i st\u0103p\u00e2nirea acesteia. Un aspect crucial al st\u0103p\u00e2nirii limbii engleze este \u00een\u021belegerea gramaticii <a href=\"https:\/\/talkpal.ai\/locations\/learn-english-in-sale\/\">sale<\/a>. Dar de ce este gramatica at\u00e2t de important\u0103 \u0219i cum o putem \u00eenv\u0103\u021ba eficient? \u00cen acest articol, ne vom scufunda \u00een semnifica\u021bia gramaticii engleze\u0219ti, vom discuta principiile sale cheie \u0219i vom \u00eemp\u0103rt\u0103\u0219i c\u00e2teva sfaturi utile pentru a v\u0103 perfec\u021biona abilit\u0103\u021bile.<\/p>\n\n\n\n<h3 class=\"wp-block-heading\" id=\"h-the-role-of-grammar-in-the-english-language\">Rolul gramaticii \u00een limba englez\u0103:<\/h3>\n\n\n\n<p>Deci, care este marea problem\u0103 cu gramatica? \u00cen esen\u021b\u0103, gramatica serve\u0219te ca element de baz\u0103 al oric\u0103rei limbi &#8211; este setul de reguli \u0219i principii care guverneaz\u0103 modul \u00een care folosim cuvintele pentru a forma propozi\u021bii cu <a href=\"https:\/\/talkpal.ai\/locations\/language-courses-in-sens\/\">sens<\/a>. Prin respectarea acestor reguli, putem asigura o comunicare clar\u0103 \u0219i putem evita ne\u00een\u021belegerile. Imagina\u021bi-v\u0103 c\u0103 <a href=\"https:\/\/talkpal.ai\/ko\/ai-%ec%96%b8%ec%96%b4-%ea%b5%90%ec%82%ac\/\">\u00eencerca\u021bi<\/a> s\u0103 g\u0103ti\u021bi o mas\u0103 f\u0103r\u0103 a urma o re\u021bet\u0103 &#8211; rezultatul final ar putea fi nepl\u0103cut! De asemenea, neglijarea gramaticii \u00een vorbirea \u0219i scrierea noastr\u0103 zilnic\u0103 poate duce la confuzie \u0219i interpretare gre\u0219it\u0103.<\/p>\n\n\n\n<h3 class=\"wp-block-heading\" id=\"h-key-principles-of-english-grammar\">Principiile cheie ale gramaticii limbii engleze:<\/h3>\n\n\n\n<p>\u00cen timp ce gramatica limbii engleze cuprinde o gam\u0103 larg\u0103 de reguli, exist\u0103 c\u00e2teva principii cheie <a href=\"https:\/\/talkpal.ai\/culture\/how-do-i-use-pe-care-correctly\/\">pe care<\/a> ar trebui s\u0103 le cunoa\u0219te\u021bi:<\/p>\n\n\n\n<p><strong>1. P\u0103r\u021bi de vorbire:<\/strong> Acestea sunt rolurile pe care cuvintele le joac\u0103 \u00eentr-o propozi\u021bie. \u00cen func\u021bie de func\u021bia lor, cuvintele pot fi clasificate ca substantive, pronume, verbe, adjective, adverbe, prepozi\u021bii, conjunc\u021bii sau interjec\u021bii.<\/p>\n\n\n\n<p><strong>2. Timpuri: Timpurile<\/strong> indic\u0103 timpul ac\u021biunilor sau st\u0103rile de a fi. Acestea sunt clasificate \u00een trecut, prezent \u0219i viitor, fiecare timp av\u00e2nd patru aspecte &#8211; simplu, progresiv, perfect \u0219i perfect progresiv.<\/p>\n\n\n\n<p><strong>3. Acordul subiect-verb:<\/strong> \u00cen esen\u021b\u0103, subiectul (substantivul sau pronumele) \u0219i verbul dintr-o propozi\u021bie trebuie s\u0103 fie de acord \u00een num\u0103r &#8211; singular sau plural. De exemplu, &#8222;She reads a book&#8221; \u0219i &#8222;They read books&#8221; sunt ambele corecte din punct de vedere gramatical.<\/p>\n\n\n\n<p><strong>4. Structura propozi\u021biei: O propozi\u021bie<\/strong> bine structurat\u0103 const\u0103 dintr-un subiect, verb \u0219i, adesea, un obiect. Propozi\u021biile pot fi simple (o propozi\u021bie independent\u0103), compuse (dou\u0103 sau mai multe propozi\u021bii independente) sau complexe (o propozi\u021bie independent\u0103 \u0219i una sau mai multe clauze dependente).<\/p>\n\n\n\n<p><strong>5. Punctua\u021bia:<\/strong> Semnele de punctua\u021bie, cum ar fi virgulele, punctele \u0219i punctul \u0219i virgula, sunt esen\u021biale \u00een organizarea \u0219i clarificarea limbajului scris. Punctua\u021bia corect\u0103 v\u0103 asigur\u0103 c\u0103 ideile dvs. sunt transmise cu precizie \u0219i coeren\u021b\u0103.<\/p>\n\n\n\n<h3 class=\"wp-block-heading\" id=\"h-tips-to-improve-your-english-grammar\">Sfaturi pentru a v\u0103 \u00eembun\u0103t\u0103\u021bi gramatica limbii engleze:<\/h3>\n\n\n\n<p>Acum c\u0103 am discutat despre elementele de baz\u0103 ale gramaticii engleze\u0219ti, haide\u021bi s\u0103 explor\u0103m c\u00e2teva modalit\u0103\u021bi eficiente de a v\u0103 perfec\u021biona abilit\u0103\u021bile:<\/p>\n\n\n\n<p><strong>1. Citi\u021bi \u00een mod regulat:<\/strong> Citirea este o modalitate excelent\u0103 de a internaliza gramatica corect\u0103. Cu c\u00e2t v\u0103 expune\u021bi mai mult la articole, c\u0103r\u021bi sau eseuri bine scrise, cu at\u00e2t ve\u021bi \u00een\u021belege mai bine regulile \u0219i structurile.<\/p>\n\n\n\n<p><strong>2. Exersa\u021bi scrierea:<\/strong> Scrierea regulat\u0103 v\u0103 permite s\u0103 v\u0103 aplica\u021bi cuno\u0219tin\u021bele gramaticale \u0219i s\u0103 identifica\u021bi domeniile \u00een care ave\u021bi nevoie de \u00eembun\u0103t\u0103\u021biri. Lua\u021bi \u00een considerare p\u0103strarea unui jurnal sau \u00eenceperea unui <a href=\"https:\/\/talkpal.ai\/blog\/\">blog<\/a> pentru a v\u0103 dezvolta abilit\u0103\u021bile de scriere.<\/p>\n\n\n\n<p><strong>3. Studia\u021bi resursele<\/strong> gramaticale: Pune\u021bi m\u00e2na pe c\u00e2teva c\u0103r\u021bi de gramatic\u0103, site-uri web sau aplica\u021bii de renume pentru a v\u0103 aprofunda \u00een\u021belegerea regulilor. Revizuirea regulat\u0103 a acestor materiale v\u0103 va ajuta s\u0103 v\u0103 solidifica\u021bi cuno\u0219tin\u021bele.<\/p>\n\n\n\n<p><strong>4. C\u0103uta\u021bi feedback:<\/strong> Angaja\u021bi-v\u0103 cu al\u021bii pentru a primi critici constructive cu privire la limba englez\u0103 scris\u0103 \u0219i vorbit\u0103. Acest lucru poate fi prin forumuri online, grupuri de schimb lingvistic sau prieteni \u0219i colegi care sunt competen\u021bi \u00een limba englez\u0103.<\/p>\n\n\n\n<p><strong>5. Fii r\u0103bd\u0103tor \u0219i persistent:<\/strong> \u00cenv\u0103\u021barea gramaticii este un proces gradual care necesit\u0103 timp \u0219i efort. R\u0103m\u00e2i angajat, continu\u0103 s\u0103 exersezi \u0219i s\u0103rb\u0103tore\u0219te-\u021bi progresul.<\/p>\n\n\n\n<h3 class=\"wp-block-heading\" id=\"h-conclusion\">Concluzie:<\/h3>\n\n\n\n<p>St\u0103p\u00e2nirea gramaticii limbii engleze este o piatr\u0103 de temelie esen\u021bial\u0103 pe calea fluen\u021bei. \u00cen\u021beleg\u00e2ndu-i importan\u021ba, familiariz\u00e2ndu-v\u0103 cu principiile cheie \u0219i exers\u00e2nd \u00een mod activ, ve\u021bi dob\u00e2ndi \u00een cur\u00e2nd o bun\u0103 st\u0103p\u00e2nire a limbii. Aminti\u021bi-v\u0103 c\u0103 Roma nu a fost construit\u0103 \u00eentr-o zi &#8211; a\u0219a c\u0103 ave\u021bi r\u0103bdare, distra\u021bi-v\u0103 \u0219i savura\u021bi c\u0103l\u0103toria spre o gramatic\u0103 impecabil\u0103!<\/p>\n<\/div><\/div>\n\r\n<section class=\"learnNavigationSection\">\r\n            \r\n        <a href=\"https:\/\/talkpal.ai\/ro\/invata-engleza\/\">\r\n            <div class=\"learnNavigationWrapper\">\r\n                <div class=\"learnNavigationContent\">\r\n                    <img decoding=\"async\" src=\"https:\/\/talkpal.ai\/wp-content\/uploads\/2024\/08\/English.jpg\" alt=\"English Flag\">\r\n                    <div>\r\n                        <h4>Despre \u00eenv\u0103\u021barea limbii engleze<\/h4>\r\n                        <p>Afla\u021bi totul despre gramatica englez\u0103.<\/p>\r\n                    <\/div>\r\n                <\/div>\r\n            <\/div>\r\n        <\/a>\r\n\r\n        \r\n        <a href=\"https:\/\/talkpal.ai\/ro\/exercitii-de-gramatica-engleza\/\">\r\n            <div class=\"learnNavigationWrapper\">\r\n                <div class=\"learnNavigationContent\">\r\n                    <img decoding=\"async\" src=\"https:\/\/talkpal.ai\/wp-content\/uploads\/2024\/08\/English.jpg\" alt=\"English Flag\">\r\n                    <div>\r\n                        <h4>Exerci\u021bii de gramatic\u0103 englez\u0103<\/h4>\r\n                        <p>Practica\u021bi engleza gramatic\u0103.<\/p>\r\n                    <\/div>\r\n                <\/div>\r\n            <\/div>\r\n        <\/a>\r\n\r\n        \r\n        <a href=\"https:\/\/talkpal.ai\/vocabulary_language\/english\/\">\r\n            <div class=\"learnNavigationWrapper\">\r\n                <div class=\"learnNavigationContent\">\r\n                    <img decoding=\"async\" src=\"https:\/\/talkpal.ai\/wp-content\/uploads\/2024\/08\/English.jpg\" alt=\"English Flag\">\r\n                    <div>\r\n                        <h4>Vocabular \u00een limba englez\u0103<\/h4>\r\n                        <p>Extinde\u021bi-v\u0103 vocabularul \u00een limba englez\u0103.<\/p>\r\n                    <\/div>\r\n                <\/div>\r\n            <\/div>\r\n        <\/a>\r\n\r\n            <\/section>","protected":false},"excerpt":{"rendered":"<p>Importan\u021ba gramaticii engleze: un ghid pentru st\u0103p\u00e2nirea regulilor \u0219i principiilor Av\u00e2nd \u00een vedere c\u0103 engleza este una dintre cele mai importante limbi vorbite \u00een \u00eentreaga lume, nu este de mirare c\u0103 oamenii sunt dornici s\u0103 \u00ee\u0219i \u00eembun\u0103t\u0103\u021beasc\u0103 fluen\u021ba \u0219i st\u0103p\u00e2nirea acesteia. Un aspect crucial al st\u0103p\u00e2nirii limbii engleze este \u00een\u021belegerea gramaticii sale. Dar de ce [&hellip;]<\/p>\n","protected":false},"author":1,"featured_media":70771,"parent":0,"menu_order":0,"comment_status":"closed","ping_status":"closed","template":"LearningContentPage.php","meta":{"_acf_changed":false,"footnotes":""},"class_list":["post-91869","page","type-page","status-publish","has-post-thumbnail","hentry"],"acf":[],"yoast_head":"<!-- This site is optimized with the Yoast SEO Premium plugin v27.2 (Yoast SEO v27.2) - https:\/\/yoast.com\/product\/yoast-seo-premium-wordpress\/ -->\n<title>Gramatica englez\u0103 - Talkpal<\/title>\n<meta name=\"description\" content=\"\u00cembun\u0103t\u0103\u021bi\u021bi-v\u0103 abilit\u0103\u021bile gramaticale \u00een limba englez\u0103 f\u0103r\u0103 efort cu Talkpalaplica\u021bia de \u00eenv\u0103\u021bare a limbilor str\u0103ine bazat\u0103 pe inteligen\u021b\u0103 artificial\u0103.\" \/>\n<meta name=\"robots\" content=\"index, follow, max-snippet:-1, max-image-preview:large, max-video-preview:-1\" \/>\n<link rel=\"canonical\" href=\"https:\/\/talkpal.ai\/ro\/gramatica-engleza\/\" \/>\n<meta property=\"og:locale\" content=\"ro_RO\" \/>\n<meta property=\"og:type\" content=\"article\" \/>\n<meta property=\"og:title\" content=\"Gramatica englez\u0103\" \/>\n<meta property=\"og:description\" content=\"Importan\u021ba gramaticii engleze: un ghid pentru st\u0103p\u00e2nirea regulilor \u0219i principiilor Av\u00e2nd \u00een vedere c\u0103 engleza este una dintre cele mai importante limbi\" \/>\n<meta property=\"og:url\" content=\"https:\/\/talkpal.ai\/ro\/gramatica-engleza\/\" \/>\n<meta property=\"og:site_name\" content=\"Talkpal\" \/>\n<meta property=\"article:publisher\" content=\"https:\/\/www.facebook.com\/profile.php?id=100090733639311\" \/>\n<meta property=\"article:modified_time\" content=\"2025-05-22T19:26:29+00:00\" \/>\n<meta property=\"og:image\" content=\"https:\/\/talkpal.ai\/wp-content\/uploads\/2023\/03\/united-kingdom.png\" \/>\n\t<meta property=\"og:image:width\" content=\"512\" \/>\n\t<meta property=\"og:image:height\" content=\"512\" \/>\n\t<meta property=\"og:image:type\" content=\"image\/png\" \/>\n<meta name=\"twitter:card\" content=\"summary_large_image\" \/>\n<meta name=\"twitter:site\" content=\"@talkpalai\" \/>\n<meta name=\"twitter:label1\" content=\"Timp estimat pentru citire\" \/>\n\t<meta name=\"twitter:data1\" content=\"4 minute\" \/>\n<script type=\"application\/ld+json\" class=\"yoast-schema-graph\">{\"@context\":\"https:\/\/schema.org\",\"@graph\":[{\"@type\":\"WebPage\",\"@id\":\"https:\/\/talkpal.ai\/ro\/gramatica-engleza\/\",\"url\":\"https:\/\/talkpal.ai\/ro\/gramatica-engleza\/\",\"name\":\"Gramatica englez\u0103 - Talkpal\",\"isPartOf\":{\"@id\":\"https:\/\/talkpal.ai\/ro\/#website\"},\"primaryImageOfPage\":{\"@id\":\"https:\/\/talkpal.ai\/ro\/gramatica-engleza\/#primaryimage\"},\"image\":{\"@id\":\"https:\/\/talkpal.ai\/ro\/gramatica-engleza\/#primaryimage\"},\"thumbnailUrl\":\"https:\/\/talkpal.ai\/wp-content\/uploads\/2023\/03\/united-kingdom.png\",\"datePublished\":\"2023-03-25T16:57:06+00:00\",\"dateModified\":\"2025-05-22T19:26:29+00:00\",\"description\":\"\u00cembun\u0103t\u0103\u021bi\u021bi-v\u0103 abilit\u0103\u021bile gramaticale \u00een limba englez\u0103 f\u0103r\u0103 efort cu Talkpalaplica\u021bia de \u00eenv\u0103\u021bare a limbilor str\u0103ine bazat\u0103 pe inteligen\u021b\u0103 artificial\u0103.\",\"breadcrumb\":{\"@id\":\"https:\/\/talkpal.ai\/ro\/gramatica-engleza\/#breadcrumb\"},\"inLanguage\":\"ro-RO\",\"potentialAction\":[{\"@type\":\"ReadAction\",\"target\":[\"https:\/\/talkpal.ai\/ro\/gramatica-engleza\/\"]}]},{\"@type\":\"ImageObject\",\"inLanguage\":\"ro-RO\",\"@id\":\"https:\/\/talkpal.ai\/ro\/gramatica-engleza\/#primaryimage\",\"url\":\"https:\/\/talkpal.ai\/wp-content\/uploads\/2023\/03\/united-kingdom.png\",\"contentUrl\":\"https:\/\/talkpal.ai\/wp-content\/uploads\/2023\/03\/united-kingdom.png\",\"width\":512,\"height\":512,\"caption\":\"TalkPal AI learn English\"},{\"@type\":\"BreadcrumbList\",\"@id\":\"https:\/\/talkpal.ai\/ro\/gramatica-engleza\/#breadcrumb\",\"itemListElement\":[{\"@type\":\"ListItem\",\"position\":1,\"name\":\"Homepage\",\"item\":\"https:\/\/talkpal.ai\/ro\/\"},{\"@type\":\"ListItem\",\"position\":2,\"name\":\"Gramatica englez\u0103\"}]},{\"@type\":\"WebSite\",\"@id\":\"https:\/\/talkpal.ai\/ro\/#website\",\"url\":\"https:\/\/talkpal.ai\/ro\/\",\"name\":\"Talkpal\",\"description\":\"AI Language Learning\",\"publisher\":{\"@id\":\"https:\/\/talkpal.ai\/ro\/#organization\"},\"alternateName\":\"Talkpal AI\",\"potentialAction\":[{\"@type\":\"SearchAction\",\"target\":{\"@type\":\"EntryPoint\",\"urlTemplate\":\"https:\/\/talkpal.ai\/ro\/?s={search_term_string}\"},\"query-input\":{\"@type\":\"PropertyValueSpecification\",\"valueRequired\":true,\"valueName\":\"search_term_string\"}}],\"inLanguage\":\"ro-RO\"},{\"@type\":\"Organization\",\"@id\":\"https:\/\/talkpal.ai\/ro\/#organization\",\"name\":\"Talkpal, Inc.\",\"alternateName\":\"Talkpal AI\",\"url\":\"https:\/\/talkpal.ai\/ro\/\",\"logo\":{\"@type\":\"ImageObject\",\"inLanguage\":\"ro-RO\",\"@id\":\"https:\/\/talkpal.ai\/ro\/#\/schema\/logo\/image\/\",\"url\":\"https:\/\/talkpal.ai\/wp-content\/uploads\/2024\/03\/Talkpal-Logo-Icon.png\",\"contentUrl\":\"https:\/\/talkpal.ai\/wp-content\/uploads\/2024\/03\/Talkpal-Logo-Icon.png\",\"width\":2880,\"height\":2880,\"caption\":\"Talkpal, Inc.\"},\"image\":{\"@id\":\"https:\/\/talkpal.ai\/ro\/#\/schema\/logo\/image\/\"},\"sameAs\":[\"https:\/\/www.facebook.com\/profile.php?id=100090733639311\",\"https:\/\/x.com\/talkpalai\",\"https:\/\/www.linkedin.com\/company\/talkpal\/\",\"https:\/\/www.youtube.com\/@TalkPal\/\",\"https:\/\/www.tiktok.com\/@talkpal\",\"https:\/\/www.instagram.com\/talkpal_ai\/\",\"https:\/\/www.crunchbase.com\/organization\/talkpal-9cde\",\"https:\/\/www.g2.com\/products\/talkpal-for-business\/\",\"https:\/\/www.trustpilot.com\/review\/talkpal.ai\",\"https:\/\/www.capterra.com\/p\/10006800\/TalkPal\/\"],\"description\":\"Talkpal is a language learning web and mobile education app, powered by the latest AI technologies, that provides engaging experiences to its customers in many different languages to help them improve their language skills. Users can chat about unlimited amount of topics with the app and use other modes to practice their language learning.\",\"email\":\"support@talkpal.ai\",\"legalName\":\"Talkpal, Inc.\",\"foundingDate\":\"2023-04-03\",\"duns\":\"118989042\",\"numberOfEmployees\":{\"@type\":\"QuantitativeValue\",\"minValue\":\"11\",\"maxValue\":\"50\"},\"publishingPrinciples\":\"https:\/\/talkpal.ai\/publishing-principles\/\",\"actionableFeedbackPolicy\":\"https:\/\/talkpal.ai\/actionable-feedback-policy\/\",\"correctionsPolicy\":\"https:\/\/talkpal.ai\/corrections-policy\/\",\"ethicsPolicy\":\"https:\/\/talkpal.ai\/ethics-policy\/\",\"diversityPolicy\":\"https:\/\/talkpal.ai\/diversity-policy\/\",\"diversityStaffingReport\":\"https:\/\/talkpal.ai\/diversity-policy\/\"}]}<\/script>\n<!-- \/ Yoast SEO Premium plugin. -->","yoast_head_json":{"title":"Gramatica englez\u0103 - Talkpal","description":"\u00cembun\u0103t\u0103\u021bi\u021bi-v\u0103 abilit\u0103\u021bile gramaticale \u00een limba englez\u0103 f\u0103r\u0103 efort cu Talkpalaplica\u021bia de \u00eenv\u0103\u021bare a limbilor str\u0103ine bazat\u0103 pe inteligen\u021b\u0103 artificial\u0103.","robots":{"index":"index","follow":"follow","max-snippet":"max-snippet:-1","max-image-preview":"max-image-preview:large","max-video-preview":"max-video-preview:-1"},"canonical":"https:\/\/talkpal.ai\/ro\/gramatica-engleza\/","og_locale":"ro_RO","og_type":"article","og_title":"Gramatica englez\u0103","og_description":"Importan\u021ba gramaticii engleze: un ghid pentru st\u0103p\u00e2nirea regulilor \u0219i principiilor Av\u00e2nd \u00een vedere c\u0103 engleza este una dintre cele mai importante limbi","og_url":"https:\/\/talkpal.ai\/ro\/gramatica-engleza\/","og_site_name":"Talkpal","article_publisher":"https:\/\/www.facebook.com\/profile.php?id=100090733639311","article_modified_time":"2025-05-22T19:26:29+00:00","og_image":[{"width":512,"height":512,"url":"https:\/\/talkpal.ai\/wp-content\/uploads\/2023\/03\/united-kingdom.png","type":"image\/png"}],"twitter_card":"summary_large_image","twitter_site":"@talkpalai","twitter_misc":{"Timp estimat pentru citire":"4 minute"},"schema":{"@context":"https:\/\/schema.org","@graph":[{"@type":"WebPage","@id":"https:\/\/talkpal.ai\/ro\/gramatica-engleza\/","url":"https:\/\/talkpal.ai\/ro\/gramatica-engleza\/","name":"Gramatica englez\u0103 - Talkpal","isPartOf":{"@id":"https:\/\/talkpal.ai\/ro\/#website"},"primaryImageOfPage":{"@id":"https:\/\/talkpal.ai\/ro\/gramatica-engleza\/#primaryimage"},"image":{"@id":"https:\/\/talkpal.ai\/ro\/gramatica-engleza\/#primaryimage"},"thumbnailUrl":"https:\/\/talkpal.ai\/wp-content\/uploads\/2023\/03\/united-kingdom.png","datePublished":"2023-03-25T16:57:06+00:00","dateModified":"2025-05-22T19:26:29+00:00","description":"\u00cembun\u0103t\u0103\u021bi\u021bi-v\u0103 abilit\u0103\u021bile gramaticale \u00een limba englez\u0103 f\u0103r\u0103 efort cu Talkpalaplica\u021bia de \u00eenv\u0103\u021bare a limbilor str\u0103ine bazat\u0103 pe inteligen\u021b\u0103 artificial\u0103.","breadcrumb":{"@id":"https:\/\/talkpal.ai\/ro\/gramatica-engleza\/#breadcrumb"},"inLanguage":"ro-RO","potentialAction":[{"@type":"ReadAction","target":["https:\/\/talkpal.ai\/ro\/gramatica-engleza\/"]}]},{"@type":"ImageObject","inLanguage":"ro-RO","@id":"https:\/\/talkpal.ai\/ro\/gramatica-engleza\/#primaryimage","url":"https:\/\/talkpal.ai\/wp-content\/uploads\/2023\/03\/united-kingdom.png","contentUrl":"https:\/\/talkpal.ai\/wp-content\/uploads\/2023\/03\/united-kingdom.png","width":512,"height":512,"caption":"TalkPal AI learn English"},{"@type":"BreadcrumbList","@id":"https:\/\/talkpal.ai\/ro\/gramatica-engleza\/#breadcrumb","itemListElement":[{"@type":"ListItem","position":1,"name":"Homepage","item":"https:\/\/talkpal.ai\/ro\/"},{"@type":"ListItem","position":2,"name":"Gramatica englez\u0103"}]},{"@type":"WebSite","@id":"https:\/\/talkpal.ai\/ro\/#website","url":"https:\/\/talkpal.ai\/ro\/","name":"Talkpal","description":"AI Language Learning","publisher":{"@id":"https:\/\/talkpal.ai\/ro\/#organization"},"alternateName":"Talkpal AI","potentialAction":[{"@type":"SearchAction","target":{"@type":"EntryPoint","urlTemplate":"https:\/\/talkpal.ai\/ro\/?s={search_term_string}"},"query-input":{"@type":"PropertyValueSpecification","valueRequired":true,"valueName":"search_term_string"}}],"inLanguage":"ro-RO"},{"@type":"Organization","@id":"https:\/\/talkpal.ai\/ro\/#organization","name":"Talkpal, Inc.","alternateName":"Talkpal AI","url":"https:\/\/talkpal.ai\/ro\/","logo":{"@type":"ImageObject","inLanguage":"ro-RO","@id":"https:\/\/talkpal.ai\/ro\/#\/schema\/logo\/image\/","url":"https:\/\/talkpal.ai\/wp-content\/uploads\/2024\/03\/Talkpal-Logo-Icon.png","contentUrl":"https:\/\/talkpal.ai\/wp-content\/uploads\/2024\/03\/Talkpal-Logo-Icon.png","width":2880,"height":2880,"caption":"Talkpal, Inc."},"image":{"@id":"https:\/\/talkpal.ai\/ro\/#\/schema\/logo\/image\/"},"sameAs":["https:\/\/www.facebook.com\/profile.php?id=100090733639311","https:\/\/x.com\/talkpalai","https:\/\/www.linkedin.com\/company\/talkpal\/","https:\/\/www.youtube.com\/@TalkPal\/","https:\/\/www.tiktok.com\/@talkpal","https:\/\/www.instagram.com\/talkpal_ai\/","https:\/\/www.crunchbase.com\/organization\/talkpal-9cde","https:\/\/www.g2.com\/products\/talkpal-for-business\/","https:\/\/www.trustpilot.com\/review\/talkpal.ai","https:\/\/www.capterra.com\/p\/10006800\/TalkPal\/"],"description":"Talkpal is a language learning web and mobile education app, powered by the latest AI technologies, that provides engaging experiences to its customers in many different languages to help them improve their language skills. Users can chat about unlimited amount of topics with the app and use other modes to practice their language learning.","email":"support@talkpal.ai","legalName":"Talkpal, Inc.","foundingDate":"2023-04-03","duns":"118989042","numberOfEmployees":{"@type":"QuantitativeValue","minValue":"11","maxValue":"50"},"publishingPrinciples":"https:\/\/talkpal.ai\/publishing-principles\/","actionableFeedbackPolicy":"https:\/\/talkpal.ai\/actionable-feedback-policy\/","correctionsPolicy":"https:\/\/talkpal.ai\/corrections-policy\/","ethicsPolicy":"https:\/\/talkpal.ai\/ethics-policy\/","diversityPolicy":"https:\/\/talkpal.ai\/diversity-policy\/","diversityStaffingReport":"https:\/\/talkpal.ai\/diversity-policy\/"}]}},"_links":{"self":[{"href":"https:\/\/talkpal.ai\/ro\/wp-json\/wp\/v2\/pages\/91869","targetHints":{"allow":["GET"]}}],"collection":[{"href":"https:\/\/talkpal.ai\/ro\/wp-json\/wp\/v2\/pages"}],"about":[{"href":"https:\/\/talkpal.ai\/ro\/wp-json\/wp\/v2\/types\/page"}],"author":[{"embeddable":true,"href":"https:\/\/talkpal.ai\/ro\/wp-json\/wp\/v2\/users\/1"}],"replies":[{"embeddable":true,"href":"https:\/\/talkpal.ai\/ro\/wp-json\/wp\/v2\/comments?post=91869"}],"version-history":[{"count":0,"href":"https:\/\/talkpal.ai\/ro\/wp-json\/wp\/v2\/pages\/91869\/revisions"}],"wp:featuredmedia":[{"embeddable":true,"href":"https:\/\/talkpal.ai\/ro\/wp-json\/wp\/v2\/media\/70771"}],"wp:attachment":[{"href":"https:\/\/talkpal.ai\/ro\/wp-json\/wp\/v2\/media?parent=91869"}],"curies":[{"name":"wp","href":"https:\/\/api.w.org\/{rel}","templated":true}]}}