{"id":75180,"date":"2023-05-14T14:19:07","date_gmt":"2023-05-14T14:19:07","guid":{"rendered":"http:\/\/talkpal.ai\/gramatica-limbii-romane\/"},"modified":"2025-12-17T15:34:18","modified_gmt":"2025-12-17T15:34:18","slug":"gramatica-limbii-romane","status":"publish","type":"page","link":"https:\/\/talkpal.ai\/ro\/gramatica-limbii-romane\/","title":{"rendered":"Gramatica limbii rom\u00e2ne"},"content":{"rendered":"\r\n\r\n\r\n<section class=\"languageChallengeSection\">\r\n    <div class=\"languageInfoWrapper\">\r\n        \r\n        <h1>Gramatica limbii rom\u00e2ne<\/h1>\r\n        <p>Descoperi\u021bi frumuse\u021bea limbii rom\u00e2ne prin \u00eenv\u0103\u021barea regulilor <a href=\"https:\/\/talkpal.ai\/locations\/learn-english-in-sale\/\">sale<\/a> gramaticale esen\u021biale. St\u0103p\u00e2nirea gramaticii rom\u00e2ne\u0219ti v\u0103 va ajuta s\u0103 comunica\u021bi cu \u00eencredere \u0219i s\u0103 v\u0103 conecta\u021bi cu cultura \u0219i istoria bogat\u0103 a Rom\u00e2niei. \u00cencepe s\u0103 studiezi ast\u0103zi gramatica limbii rom\u00e2ne \u0219i f\u0103 primul pas spre fluen\u021b\u0103!<\/p>\r\n\r\n                            <a class=\"getStartedHidden\" href=\"https:\/\/app.talkpal.ai\/ro\/signup?lng=\">\u00cencepe<\/a>\r\n        \r\n    <\/div>\r\n\r\n    <figure>\r\n    <img decoding=\"async\" width=\"768\" height=\"768\" src=\"https:\/\/talkpal.ai\/wp-content\/uploads\/2023\/06\/romanian-768x768.png\" class=\"languageImage no-lazy\" alt=\"Language learning for intellectual challenge\" fetchpriority=\"high\" sizes=\"(max-width: 768px) 150px, 768px\" srcset=\"https:\/\/talkpal.ai\/wp-content\/uploads\/2023\/06\/romanian-768x768.png 768w, https:\/\/talkpal.ai\/wp-content\/uploads\/2023\/06\/romanian-300x300.png 300w\" \/>\r\n    \r\n\r\n    <\/figure>\r\n\r\n            <a class=\"getStartedVisible\" href=\"https:\/\/app.talkpal.ai\/ro\/signup?lng=\">\u00cencepe<\/a>\r\n    \r\n<\/section>\r\n<section class=\"promotionalBanner\">\r\n    <p class=\"promotionalText\">Cel mai eficient mod de a \u00eenv\u0103\u021ba o limb\u0103<\/p>\r\n    <a class=\"promotionalLink\" href=\"https:\/\/app.talkpal.ai\/ro\/signup?lng=\">\u00cencerca\u021bi Talkpal gratuit<\/a>\r\n<\/section>\n<div class=\"wp-block-group pageContainerStyle\"><div class=\"wp-block-group__inner-container is-layout-constrained wp-block-group-is-layout-constrained\">\n<h2 class=\"wp-block-heading\" id=\"h-unraveling-the-mysteries-of-romanian-grammar\">Dezlegarea tainelor gramaticii limbii rom\u00e2ne<\/h2>\n\n\n\n<p>Rom\u00e2na, singura limb\u0103 romanic\u0103 vorbit\u0103 \u00een Europa de Est, ofer\u0103 o c\u0103l\u0103torie lingvistic\u0103 unic\u0103 \u0219i interesant\u0103. Travers\u00e2nd mo\u0219tenirea cultural\u0103 at\u00e2t a lumii latine, c\u00e2t \u0219i a celei slave, limba <a href=\"https:\/\/talkpal.ai\/learn-romanian\/\">rom\u00e2n\u0103<\/a> are o istorie fascinant\u0103 \u0219i un sistem gramatical interesant de explorat. A\u0219adar, fie c\u0103 sunte\u021bi un pasionat de poliglote sau doar \u00een c\u0103utarea unei noi aventuri lingvistice, pune\u021bi-v\u0103 centura \u0219i preg\u0103ti\u021bi-v\u0103 s\u0103 explora\u021bi frumuse\u021bea gramaticii rom\u00e2ne\u0219ti!<\/p>\n\n\n\n<h3 class=\"wp-block-heading\" id=\"h-1-the-alphabet-a-familiar-friend-with-a-twist\">1. Alfabetul: un prieten familiar cu o \u00eentors\u0103tur\u0103<\/h3>\n\n\n\n<p>Alfabetul rom\u00e2nesc se bazeaz\u0103 pe alfabetul latin, format din 31 de litere. Din fericire pentru vorbitorii de limba <a href=\"https:\/\/talkpal.ai\/learn-english-with-ai\/\">englez\u0103<\/a>, alfabetul este destul de asem\u0103n\u0103tor cu alfabetul englezesc, cu doar c\u00e2teva caractere \u00een plus pentru a reprezenta sunete specifice limbii rom\u00e2ne. Cu pu\u021bin\u0103 practic\u0103, st\u0103p\u00e2nirea elementelor de baz\u0103 (cum ar fi scrierea numelui sau citirea semnelor stradale) va fi o briz\u0103!<\/p>\n\n\n\n<h3 class=\"wp-block-heading\" id=\"h-2-nouns-meet-cases-the-dynamic-duo\">2. Substantivele \u00eent\u00e2lnesc cazuri: Duo-ul dinamic<\/h3>\n\n\n\n<p>Substantivele rom\u00e2ne\u0219ti se \u00eempart \u00een trei genuri (masculin, feminin \u0219i neutru) \u0219i \u00ee\u0219i schimb\u0103 forma \u00een func\u021bie de cazul gramatical (nominativ, genitiv, dativ, acuzativ sau vocativ). De\u0219i acest lucru ar putea p\u0103rea descurajant la \u00eenceput, acest sistem ofer\u0103 limbii rom\u00e2ne o bog\u0103\u021bie care permite nuan\u021be \u0219i creativitate \u00een compunerea propozi\u021biilor, f\u0103c\u00e2nd c\u0103l\u0103toria lingvistic\u0103 cu at\u00e2t mai plin\u0103 de satisfac\u021bii.<\/p>\n\n\n\n<h3 class=\"wp-block-heading\" id=\"h-3-verbs-conjugating-your-way-to-success\">3. Verbe: conjugarea drumului spre succes<\/h3>\n\n\n\n<p>Conjugarea verbelor rom\u00e2ne\u0219ti, de\u0219i pu\u021bin mai simpl\u0103 dec\u00e2t declinarea substantivelor, este totu\u0219i un proces cu mai multe fa\u021bete. Verbele \u00ee\u0219i schimb\u0103 forma \u00een func\u021bie de timp, dispozi\u021bie, voce, persoana \u0219i num\u0103rul subiectului. Ca un instrument bine reglat, verbele rom\u00e2ne\u0219ti pot transmite o gam\u0103 larg\u0103 de ac\u021biuni, emo\u021bii \u0219i inten\u021bii, permi\u021b\u00e2nd at\u00e2t exprimarea precis\u0103, c\u00e2t \u0219i cea poetic\u0103.<\/p>\n\n\n\n<h3 class=\"wp-block-heading\" id=\"h-4-flexible-word-order-shuffle-the-sentences\">4. Ordine flexibil\u0103 a cuvintelor: amesteca\u021bi propozi\u021biile<\/h3>\n\n\n\n<p>Limba rom\u00e2n\u0103 este destul de flexibil\u0103 atunci c\u00e2nd vine vorba de ordinea cuvintelor, permi\u021b\u00e2ndu-v\u0103 s\u0103 aranja\u021bi subiecte, verbe \u0219i obiecte \u00een diferite moduri, f\u0103r\u0103 a compromite sensul. Aceast\u0103 flexibilitate poate ad\u0103uga accent, poate crea contraste sau pur \u0219i simplu poate face vorbirea mai captivant\u0103. Pe m\u0103sur\u0103 ce deveni\u021bi mai priceput \u00een limba rom\u00e2n\u0103, v\u0103 ve\u021bi distra experiment\u00e2nd diferite moduri de a spune acela\u0219i lucru, g\u0103sind tonul perfect pentru orice situa\u021bie.<\/p>\n\n\n\n<h3 class=\"wp-block-heading\" id=\"h-5-wading-deeper-language-through-culture\">5. Wading Deeper: limb\u0103 prin cultur\u0103<\/h3>\n\n\n\n<p>Pentru a aprecia cu adev\u0103rat limba rom\u00e2n\u0103, trebuie s\u0103 v\u0103 scufunda\u021bi mai ad\u00e2nc \u00een cultura, istoria \u0219i mentalitatea care au modelat limba. Interac\u021biona\u021bi cu vorbitori nativi, explora\u021bi literatura rom\u00e2n\u0103 \u0219i scufunda\u021bi-v\u0103 \u00een obiceiurile \u0219i tradi\u021biile locale. Astfel, nu numai c\u0103 v\u0103 ve\u021bi \u00eembun\u0103t\u0103\u021bi cuno\u0219tin\u021bele de limb\u0103, dar ve\u021bi descoperi \u0219i frumuse\u021bea cu multiple fa\u021bete a culturii rom\u00e2ne\u0219ti.<\/p>\n\n\n\n<h3 class=\"wp-block-heading\" id=\"h-in-conclusion-embrace-the-magic-of-romanian-grammar\">\u00cen concluzie: \u00eembr\u0103\u021bi\u0219eaz\u0103 magia gramaticii rom\u00e2ne\u0219ti<\/h3>\n\n\n\n<p>Gramatica limbii rom\u00e2ne poate p\u0103rea o enigm\u0103 la \u00eenceput, dar cu timp, r\u0103bdare \u0219i un interes asiduu pentru limb\u0103, ve\u021bi descoperi secretele acestei comori lingvistice remarcabile. Deci, de ce s\u0103 a\u0219tep\u021bi? \u00cencepe\u021bi-v\u0103 c\u0103l\u0103toria \u00een limba rom\u00e2n\u0103 ast\u0103zi \u0219i bucura\u021bi-v\u0103 de frumuse\u021bea gramaticii sale, a culturii sale \u0219i a lumii captivante <a href=\"https:\/\/talkpal.ai\/culture\/how-do-i-use-pe-care-correctly\/\">pe care<\/a> v-o deschide.<\/p>\n<\/div><\/div>\n\r\n<section class=\"learnNavigationSection\">\r\n            \r\n        <a href=\"https:\/\/talkpal.ai\/ro\/invatati-romana\/\">\r\n            <div class=\"learnNavigationWrapper\">\r\n                <div class=\"learnNavigationContent\">\r\n                    <img decoding=\"async\" src=\"https:\/\/talkpal.ai\/wp-content\/uploads\/2024\/08\/Romanian.jpg\" alt=\"Romanian Flag\">\r\n                    <div>\r\n                        <h4>Despre \u00eenv\u0103\u021barea limbii rom\u00e2ne<\/h4>\r\n                        <p>Afla\u021bi totul despre limba rom\u00e2n\u0103 gramatic\u0103.<\/p>\r\n                    <\/div>\r\n                <\/div>\r\n            <\/div>\r\n        <\/a>\r\n\r\n        \r\n        <a href=\"https:\/\/talkpal.ai\/ro\/exercitii-de-gramatica-romana\/\">\r\n            <div class=\"learnNavigationWrapper\">\r\n                <div class=\"learnNavigationContent\">\r\n                    <img decoding=\"async\" src=\"https:\/\/talkpal.ai\/wp-content\/uploads\/2024\/08\/Romanian.jpg\" alt=\"Romanian Flag\">\r\n                    <div>\r\n                        <h4>Exerci\u021biu de gramatic\u0103 rom\u00e2n\u0103<\/h4>\r\n                        <p>Practica\u021bi limba rom\u00e2n\u0103 gramatic\u0103.<\/p>\r\n                    <\/div>\r\n                <\/div>\r\n            <\/div>\r\n        <\/a>\r\n\r\n        \r\n        <a href=\"https:\/\/talkpal.ai\/vocabulary_language\/romanian\/\">\r\n            <div class=\"learnNavigationWrapper\">\r\n                <div class=\"learnNavigationContent\">\r\n                    <img decoding=\"async\" src=\"https:\/\/talkpal.ai\/wp-content\/uploads\/2024\/08\/Romanian.jpg\" alt=\"Romanian Flag\">\r\n                    <div>\r\n                        <h4>Vocabular rom\u00e2nesc<\/h4>\r\n                        <p>Extinde\u021bi-v\u0103 vocabularul \u00een limba rom\u00e2n\u0103.<\/p>\r\n                    <\/div>\r\n                <\/div>\r\n            <\/div>\r\n        <\/a>\r\n\r\n            <\/section>","protected":false},"excerpt":{"rendered":"<p>Dezlegarea tainelor gramaticii limbii rom\u00e2ne Rom\u00e2na, singura limb\u0103 romanic\u0103 vorbit\u0103 \u00een Europa de Est, ofer\u0103 o c\u0103l\u0103torie lingvistic\u0103 unic\u0103 \u0219i interesant\u0103. Travers\u00e2nd mo\u0219tenirea cultural\u0103 at\u00e2t a lumii latine, c\u00e2t \u0219i a celei slave, limba rom\u00e2n\u0103 are o istorie fascinant\u0103 \u0219i un sistem gramatical interesant de explorat. A\u0219adar, fie c\u0103 sunte\u021bi un pasionat de poliglote sau [&hellip;]<\/p>\n","protected":false},"author":1,"featured_media":71541,"parent":0,"menu_order":0,"comment_status":"closed","ping_status":"closed","template":"LearningContentPage.php","meta":{"_acf_changed":false,"footnotes":""},"class_list":["post-75180","page","type-page","status-publish","has-post-thumbnail","hentry"],"acf":[],"yoast_head":"<!-- This site is optimized with the Yoast SEO Premium plugin v27.2 (Yoast SEO v27.2) - https:\/\/yoast.com\/product\/yoast-seo-premium-wordpress\/ -->\n<title>Gramatica limbii rom\u00e2ne - Talkpal<\/title>\n<meta name=\"description\" content=\"Explora\u021bi lumea fascinant\u0103 a gramaticii rom\u00e2ne\u0219ti \u0219i descoperi\u021bi caracteristicile unice ale acestei frumoase limbi romanice.\" \/>\n<meta name=\"robots\" content=\"index, follow, max-snippet:-1, max-image-preview:large, max-video-preview:-1\" \/>\n<link rel=\"canonical\" href=\"https:\/\/talkpal.ai\/ro\/gramatica-limbii-romane\/\" \/>\n<meta property=\"og:locale\" content=\"ro_RO\" \/>\n<meta property=\"og:type\" content=\"article\" \/>\n<meta property=\"og:title\" content=\"Gramatica limbii rom\u00e2ne\" \/>\n<meta property=\"og:description\" content=\"Dezlegarea tainelor gramaticii limbii rom\u00e2ne Rom\u00e2na, singura limb\u0103 romanic\u0103 vorbit\u0103 \u00een Europa de Est, ofer\u0103 o c\u0103l\u0103torie lingvistic\u0103 unic\u0103 \u0219i interesant\u0103.\" \/>\n<meta property=\"og:url\" content=\"https:\/\/talkpal.ai\/ro\/gramatica-limbii-romane\/\" \/>\n<meta property=\"og:site_name\" content=\"Talkpal\" \/>\n<meta property=\"article:publisher\" content=\"https:\/\/www.facebook.com\/profile.php?id=100090733639311\" \/>\n<meta property=\"article:modified_time\" content=\"2025-12-17T15:34:18+00:00\" \/>\n<meta property=\"og:image\" content=\"https:\/\/talkpal.ai\/wp-content\/uploads\/2023\/05\/romania.png\" \/>\n\t<meta property=\"og:image:width\" content=\"512\" \/>\n\t<meta property=\"og:image:height\" content=\"512\" \/>\n\t<meta property=\"og:image:type\" content=\"image\/png\" \/>\n<meta name=\"twitter:card\" content=\"summary_large_image\" \/>\n<meta name=\"twitter:site\" content=\"@talkpalai\" \/>\n<meta name=\"twitter:label1\" content=\"Timp estimat pentru citire\" \/>\n\t<meta name=\"twitter:data1\" content=\"3 minute\" \/>\n<script type=\"application\/ld+json\" class=\"yoast-schema-graph\">{\"@context\":\"https:\/\/schema.org\",\"@graph\":[{\"@type\":\"WebPage\",\"@id\":\"https:\/\/talkpal.ai\/ro\/gramatica-limbii-romane\/\",\"url\":\"https:\/\/talkpal.ai\/ro\/gramatica-limbii-romane\/\",\"name\":\"Gramatica limbii rom\u00e2ne - Talkpal\",\"isPartOf\":{\"@id\":\"https:\/\/talkpal.ai\/ro\/#website\"},\"primaryImageOfPage\":{\"@id\":\"https:\/\/talkpal.ai\/ro\/gramatica-limbii-romane\/#primaryimage\"},\"image\":{\"@id\":\"https:\/\/talkpal.ai\/ro\/gramatica-limbii-romane\/#primaryimage\"},\"thumbnailUrl\":\"https:\/\/talkpal.ai\/wp-content\/uploads\/2023\/05\/romania.png\",\"datePublished\":\"2023-05-14T14:19:07+00:00\",\"dateModified\":\"2025-12-17T15:34:18+00:00\",\"description\":\"Explora\u021bi lumea fascinant\u0103 a gramaticii rom\u00e2ne\u0219ti \u0219i descoperi\u021bi caracteristicile unice ale acestei frumoase limbi romanice.\",\"breadcrumb\":{\"@id\":\"https:\/\/talkpal.ai\/ro\/gramatica-limbii-romane\/#breadcrumb\"},\"inLanguage\":\"ro-RO\",\"potentialAction\":[{\"@type\":\"ReadAction\",\"target\":[\"https:\/\/talkpal.ai\/ro\/gramatica-limbii-romane\/\"]}]},{\"@type\":\"ImageObject\",\"inLanguage\":\"ro-RO\",\"@id\":\"https:\/\/talkpal.ai\/ro\/gramatica-limbii-romane\/#primaryimage\",\"url\":\"https:\/\/talkpal.ai\/wp-content\/uploads\/2023\/05\/romania.png\",\"contentUrl\":\"https:\/\/talkpal.ai\/wp-content\/uploads\/2023\/05\/romania.png\",\"width\":512,\"height\":512},{\"@type\":\"BreadcrumbList\",\"@id\":\"https:\/\/talkpal.ai\/ro\/gramatica-limbii-romane\/#breadcrumb\",\"itemListElement\":[{\"@type\":\"ListItem\",\"position\":1,\"name\":\"Homepage\",\"item\":\"https:\/\/talkpal.ai\/ro\/\"},{\"@type\":\"ListItem\",\"position\":2,\"name\":\"Gramatica limbii rom\u00e2ne\"}]},{\"@type\":\"WebSite\",\"@id\":\"https:\/\/talkpal.ai\/ro\/#website\",\"url\":\"https:\/\/talkpal.ai\/ro\/\",\"name\":\"Talkpal\",\"description\":\"AI Language Learning\",\"publisher\":{\"@id\":\"https:\/\/talkpal.ai\/ro\/#organization\"},\"alternateName\":\"Talkpal AI\",\"potentialAction\":[{\"@type\":\"SearchAction\",\"target\":{\"@type\":\"EntryPoint\",\"urlTemplate\":\"https:\/\/talkpal.ai\/ro\/?s={search_term_string}\"},\"query-input\":{\"@type\":\"PropertyValueSpecification\",\"valueRequired\":true,\"valueName\":\"search_term_string\"}}],\"inLanguage\":\"ro-RO\"},{\"@type\":\"Organization\",\"@id\":\"https:\/\/talkpal.ai\/ro\/#organization\",\"name\":\"Talkpal, Inc.\",\"alternateName\":\"Talkpal AI\",\"url\":\"https:\/\/talkpal.ai\/ro\/\",\"logo\":{\"@type\":\"ImageObject\",\"inLanguage\":\"ro-RO\",\"@id\":\"https:\/\/talkpal.ai\/ro\/#\/schema\/logo\/image\/\",\"url\":\"https:\/\/talkpal.ai\/wp-content\/uploads\/2024\/03\/Talkpal-Logo-Icon.png\",\"contentUrl\":\"https:\/\/talkpal.ai\/wp-content\/uploads\/2024\/03\/Talkpal-Logo-Icon.png\",\"width\":2880,\"height\":2880,\"caption\":\"Talkpal, Inc.\"},\"image\":{\"@id\":\"https:\/\/talkpal.ai\/ro\/#\/schema\/logo\/image\/\"},\"sameAs\":[\"https:\/\/www.facebook.com\/profile.php?id=100090733639311\",\"https:\/\/x.com\/talkpalai\",\"https:\/\/www.linkedin.com\/company\/talkpal\/\",\"https:\/\/www.youtube.com\/@TalkPal\/\",\"https:\/\/www.tiktok.com\/@talkpal\",\"https:\/\/www.instagram.com\/talkpal_ai\/\",\"https:\/\/www.crunchbase.com\/organization\/talkpal-9cde\",\"https:\/\/www.g2.com\/products\/talkpal-for-business\/\",\"https:\/\/www.trustpilot.com\/review\/talkpal.ai\",\"https:\/\/www.capterra.com\/p\/10006800\/TalkPal\/\"],\"description\":\"Talkpal is a language learning web and mobile education app, powered by the latest AI technologies, that provides engaging experiences to its customers in many different languages to help them improve their language skills. Users can chat about unlimited amount of topics with the app and use other modes to practice their language learning.\",\"email\":\"support@talkpal.ai\",\"legalName\":\"Talkpal, Inc.\",\"foundingDate\":\"2023-04-03\",\"duns\":\"118989042\",\"numberOfEmployees\":{\"@type\":\"QuantitativeValue\",\"minValue\":\"11\",\"maxValue\":\"50\"},\"publishingPrinciples\":\"https:\/\/talkpal.ai\/publishing-principles\/\",\"actionableFeedbackPolicy\":\"https:\/\/talkpal.ai\/actionable-feedback-policy\/\",\"correctionsPolicy\":\"https:\/\/talkpal.ai\/corrections-policy\/\",\"ethicsPolicy\":\"https:\/\/talkpal.ai\/ethics-policy\/\",\"diversityPolicy\":\"https:\/\/talkpal.ai\/diversity-policy\/\",\"diversityStaffingReport\":\"https:\/\/talkpal.ai\/diversity-policy\/\"}]}<\/script>\n<!-- \/ Yoast SEO Premium plugin. -->","yoast_head_json":{"title":"Gramatica limbii rom\u00e2ne - Talkpal","description":"Explora\u021bi lumea fascinant\u0103 a gramaticii rom\u00e2ne\u0219ti \u0219i descoperi\u021bi caracteristicile unice ale acestei frumoase limbi romanice.","robots":{"index":"index","follow":"follow","max-snippet":"max-snippet:-1","max-image-preview":"max-image-preview:large","max-video-preview":"max-video-preview:-1"},"canonical":"https:\/\/talkpal.ai\/ro\/gramatica-limbii-romane\/","og_locale":"ro_RO","og_type":"article","og_title":"Gramatica limbii rom\u00e2ne","og_description":"Dezlegarea tainelor gramaticii limbii rom\u00e2ne Rom\u00e2na, singura limb\u0103 romanic\u0103 vorbit\u0103 \u00een Europa de Est, ofer\u0103 o c\u0103l\u0103torie lingvistic\u0103 unic\u0103 \u0219i interesant\u0103.","og_url":"https:\/\/talkpal.ai\/ro\/gramatica-limbii-romane\/","og_site_name":"Talkpal","article_publisher":"https:\/\/www.facebook.com\/profile.php?id=100090733639311","article_modified_time":"2025-12-17T15:34:18+00:00","og_image":[{"width":512,"height":512,"url":"https:\/\/talkpal.ai\/wp-content\/uploads\/2023\/05\/romania.png","type":"image\/png"}],"twitter_card":"summary_large_image","twitter_site":"@talkpalai","twitter_misc":{"Timp estimat pentru citire":"3 minute"},"schema":{"@context":"https:\/\/schema.org","@graph":[{"@type":"WebPage","@id":"https:\/\/talkpal.ai\/ro\/gramatica-limbii-romane\/","url":"https:\/\/talkpal.ai\/ro\/gramatica-limbii-romane\/","name":"Gramatica limbii rom\u00e2ne - Talkpal","isPartOf":{"@id":"https:\/\/talkpal.ai\/ro\/#website"},"primaryImageOfPage":{"@id":"https:\/\/talkpal.ai\/ro\/gramatica-limbii-romane\/#primaryimage"},"image":{"@id":"https:\/\/talkpal.ai\/ro\/gramatica-limbii-romane\/#primaryimage"},"thumbnailUrl":"https:\/\/talkpal.ai\/wp-content\/uploads\/2023\/05\/romania.png","datePublished":"2023-05-14T14:19:07+00:00","dateModified":"2025-12-17T15:34:18+00:00","description":"Explora\u021bi lumea fascinant\u0103 a gramaticii rom\u00e2ne\u0219ti \u0219i descoperi\u021bi caracteristicile unice ale acestei frumoase limbi romanice.","breadcrumb":{"@id":"https:\/\/talkpal.ai\/ro\/gramatica-limbii-romane\/#breadcrumb"},"inLanguage":"ro-RO","potentialAction":[{"@type":"ReadAction","target":["https:\/\/talkpal.ai\/ro\/gramatica-limbii-romane\/"]}]},{"@type":"ImageObject","inLanguage":"ro-RO","@id":"https:\/\/talkpal.ai\/ro\/gramatica-limbii-romane\/#primaryimage","url":"https:\/\/talkpal.ai\/wp-content\/uploads\/2023\/05\/romania.png","contentUrl":"https:\/\/talkpal.ai\/wp-content\/uploads\/2023\/05\/romania.png","width":512,"height":512},{"@type":"BreadcrumbList","@id":"https:\/\/talkpal.ai\/ro\/gramatica-limbii-romane\/#breadcrumb","itemListElement":[{"@type":"ListItem","position":1,"name":"Homepage","item":"https:\/\/talkpal.ai\/ro\/"},{"@type":"ListItem","position":2,"name":"Gramatica limbii rom\u00e2ne"}]},{"@type":"WebSite","@id":"https:\/\/talkpal.ai\/ro\/#website","url":"https:\/\/talkpal.ai\/ro\/","name":"Talkpal","description":"AI Language Learning","publisher":{"@id":"https:\/\/talkpal.ai\/ro\/#organization"},"alternateName":"Talkpal AI","potentialAction":[{"@type":"SearchAction","target":{"@type":"EntryPoint","urlTemplate":"https:\/\/talkpal.ai\/ro\/?s={search_term_string}"},"query-input":{"@type":"PropertyValueSpecification","valueRequired":true,"valueName":"search_term_string"}}],"inLanguage":"ro-RO"},{"@type":"Organization","@id":"https:\/\/talkpal.ai\/ro\/#organization","name":"Talkpal, Inc.","alternateName":"Talkpal AI","url":"https:\/\/talkpal.ai\/ro\/","logo":{"@type":"ImageObject","inLanguage":"ro-RO","@id":"https:\/\/talkpal.ai\/ro\/#\/schema\/logo\/image\/","url":"https:\/\/talkpal.ai\/wp-content\/uploads\/2024\/03\/Talkpal-Logo-Icon.png","contentUrl":"https:\/\/talkpal.ai\/wp-content\/uploads\/2024\/03\/Talkpal-Logo-Icon.png","width":2880,"height":2880,"caption":"Talkpal, Inc."},"image":{"@id":"https:\/\/talkpal.ai\/ro\/#\/schema\/logo\/image\/"},"sameAs":["https:\/\/www.facebook.com\/profile.php?id=100090733639311","https:\/\/x.com\/talkpalai","https:\/\/www.linkedin.com\/company\/talkpal\/","https:\/\/www.youtube.com\/@TalkPal\/","https:\/\/www.tiktok.com\/@talkpal","https:\/\/www.instagram.com\/talkpal_ai\/","https:\/\/www.crunchbase.com\/organization\/talkpal-9cde","https:\/\/www.g2.com\/products\/talkpal-for-business\/","https:\/\/www.trustpilot.com\/review\/talkpal.ai","https:\/\/www.capterra.com\/p\/10006800\/TalkPal\/"],"description":"Talkpal is a language learning web and mobile education app, powered by the latest AI technologies, that provides engaging experiences to its customers in many different languages to help them improve their language skills. Users can chat about unlimited amount of topics with the app and use other modes to practice their language learning.","email":"support@talkpal.ai","legalName":"Talkpal, Inc.","foundingDate":"2023-04-03","duns":"118989042","numberOfEmployees":{"@type":"QuantitativeValue","minValue":"11","maxValue":"50"},"publishingPrinciples":"https:\/\/talkpal.ai\/publishing-principles\/","actionableFeedbackPolicy":"https:\/\/talkpal.ai\/actionable-feedback-policy\/","correctionsPolicy":"https:\/\/talkpal.ai\/corrections-policy\/","ethicsPolicy":"https:\/\/talkpal.ai\/ethics-policy\/","diversityPolicy":"https:\/\/talkpal.ai\/diversity-policy\/","diversityStaffingReport":"https:\/\/talkpal.ai\/diversity-policy\/"}]}},"_links":{"self":[{"href":"https:\/\/talkpal.ai\/ro\/wp-json\/wp\/v2\/pages\/75180","targetHints":{"allow":["GET"]}}],"collection":[{"href":"https:\/\/talkpal.ai\/ro\/wp-json\/wp\/v2\/pages"}],"about":[{"href":"https:\/\/talkpal.ai\/ro\/wp-json\/wp\/v2\/types\/page"}],"author":[{"embeddable":true,"href":"https:\/\/talkpal.ai\/ro\/wp-json\/wp\/v2\/users\/1"}],"replies":[{"embeddable":true,"href":"https:\/\/talkpal.ai\/ro\/wp-json\/wp\/v2\/comments?post=75180"}],"version-history":[{"count":0,"href":"https:\/\/talkpal.ai\/ro\/wp-json\/wp\/v2\/pages\/75180\/revisions"}],"wp:featuredmedia":[{"embeddable":true,"href":"https:\/\/talkpal.ai\/ro\/wp-json\/wp\/v2\/media\/71541"}],"wp:attachment":[{"href":"https:\/\/talkpal.ai\/ro\/wp-json\/wp\/v2\/media?parent=75180"}],"curies":[{"name":"wp","href":"https:\/\/api.w.org\/{rel}","templated":true}]}}