{"id":166776,"date":"2023-04-03T14:56:00","date_gmt":"2023-04-03T14:56:00","guid":{"rendered":"http:\/\/talkpal.ai\/despre\/"},"modified":"2026-03-06T16:33:35","modified_gmt":"2026-03-06T16:33:35","slug":"despre","status":"publish","type":"page","link":"https:\/\/talkpal.ai\/ro\/despre\/","title":{"rendered":"Despre"},"content":{"rendered":"\n<p id=\"h-\"><a href=\"https:\/\/talkpal.ai\/ko\/ai-%ec%96%b8%ec%96%b4-%ea%b5%90%ec%82%ac\/\">Talkpal<\/a>, Inc. este o companie de \u00eenv\u0103\u021bare a limbilor str\u0103ine bazat\u0103 pe inteligen\u021b\u0103 artificial\u0103, cu misiunea de a face vorbirea oric\u0103rei limbi accesibile tuturor, oriunde. Talkpal dezvolt\u0103 una dintre cele mai avansate platforme de tutoriat lingvistic <a href=\"https:\/\/talkpal.ai\/speaking-with-ai\/\">AI<\/a> din lume, ajut\u00e2nd milioane de cursan\u021bi s\u0103 practice conversa\u021bii reale cu \u00eencredere.<\/p>\n\n<p>Fondat \u00een 2023, Talkpal a fost construit pe o convingere simpl\u0103, dar puternic\u0103: <a href=\"https:\/\/talkpal.ai\/ro\/aplicatie-gratuita-pentru-invatarea-limbilor\/\">\u00eenv\u0103\u021barea limbilor<\/a> str\u0103ine nu ar trebui s\u0103 fie un privilegiu \u0219i ar trebui s\u0103 fie accesibil\u0103 tuturor. Prin combinarea inteligen\u021bei artificiale de ultim\u0103 genera\u021bie cu expertiza \u0219i cercetarea lingvistic\u0103, Talkpal elimin\u0103 barierele tradi\u021bionale precum costul, timpul \u0219i teama de a vorbi &#8211; \u00eenlocuindu-le cu o practic\u0103 personalizat\u0103, f\u0103r\u0103 presiune, disponibil\u0103 pe mai multe platforme 24\/7.<\/p>\n\n<p>Ast\u0103zi, Talkpal accept\u0103 peste 80 de limbi, deserve\u0219te milioane de cursan\u021bi din peste 180 de \u021b\u0103ri \u0219i este disponibil pe Web, <a href=\"https:\/\/talkpal.ai\/es\/descargar-la-aplicacion-talkpal-para-android-e-ios\/\">iOS<\/a> \u0219i <a href=\"https:\/\/talkpal.ai\/es\/descargar-la-aplicacion-talkpal-para-android-e-ios\/\">Android<\/a>.<\/p>\n\n<h2 class=\"wp-block-heading\" id=\"h-our-mission\">Misiunea noastr\u0103<\/h2>\n\n<p>Misiunea noastr\u0103 este s\u0103 revolu\u021bion\u0103m \u00eenv\u0103\u021barea limbilor str\u0103ine prin oferirea unei experien\u021be atractive, interactive \u0219i personalizate de medita\u021bii lingvistice bazate pe inteligen\u021ba artificial\u0103.<br\/><br\/>Ne str\u0103duim s\u0103 spargem barierele lingvistice, s\u0103 \u00eencuraj\u0103m conexiunile globale \u0219i s\u0103 cultiv\u0103m o comunitate de cursan\u021bi pasiona\u021bi, \u00eemputernicindu-i s\u0103 comunice cu \u00eencredere \u0219i fluent \u00een limba aleas\u0103.<\/p>\n\n<h2 class=\"wp-block-heading\" id=\"h-our-vision\">Viziunea noastr\u0103<\/h2>\n\n<p>Viziunea noastr\u0103 este de a deveni liderul mondial \u00een domeniul tutorilor de <a href=\"https:\/\/talkpal.ai\/ro\/tutor-de-limbi-straine\/\">limbi str\u0103ine<\/a> cu inteligen\u021b\u0103 artificial\u0103, transform\u00e2nd modul \u00een care oamenii \u00eenva\u021b\u0103 limbi str\u0103ine prin conversa\u021bii imersive, bazate pe context \u0219i tehnologie de \u00eenv\u0103\u021bare adaptiv\u0103.<br\/><br\/>Ne propunem s\u0103 inspir\u0103m \u0219i s\u0103 cultiv\u0103m dragostea pentru \u00eenv\u0103\u021barea limbilor str\u0103ine, \u00eencuraj\u00e2nd schimburile culturale \u0219i reduc\u00e2nd decalajul de comunicare transfrontalier, model\u00e2nd \u00een cele din urm\u0103 o lume mai conectat\u0103 \u0219i mai \u00een\u021beleg\u0103toare.<\/p>\n\n<h2 class=\"wp-block-heading\" id=\"h-our-story\">Povestea noastr\u0103<\/h2>\n\n<p>Talkpal a fost fondat\u0103 de <a href=\"https:\/\/talkpal.ai\/locations\/language-courses-in-david\/\">David<\/a> Gegechkori (foto st\u00e2nga) \u0219i Dimitri Dekanozishvili (foto dreapta), ca urmare a unei frustr\u0103ri comune fa\u021b\u0103 de metodele tradi\u021bionale de \u00eenv\u0103\u021bare a limbilor str\u0103ine, care deseori nu reu\u0219esc s\u0103 preg\u0103teasc\u0103 cursan\u021bii pentru vorbirea \u00een lumea real\u0103.<\/p>\n\n<div class=\"wp-block-columns is-layout-flex wp-container-core-columns-is-layout-9d6595d7 wp-block-columns-is-layout-flex\">\n<div class=\"wp-block-column is-layout-flow wp-block-column-is-layout-flow\" style=\"flex-basis:50%\"><div class=\"wp-block-image\">\n<figure class=\"alignleft size-large\"><img decoding=\"async\" width=\"1024\" height=\"683\" src=\"https:\/\/talkpal.ai\/wp-content\/uploads\/2025\/12\/Talkpal-Entrepreneur-1024x683.jpg\" alt=\"\" class=\"wp-image-1557444\" style=\"aspect-ratio:1.4992888417882142\" srcset=\"https:\/\/talkpal.ai\/wp-content\/uploads\/2025\/12\/Talkpal-Entrepreneur-1024x683.jpg 1024w, https:\/\/talkpal.ai\/wp-content\/uploads\/2025\/12\/Talkpal-Entrepreneur-300x200.jpg 300w, https:\/\/talkpal.ai\/wp-content\/uploads\/2025\/12\/Talkpal-Entrepreneur-768x512.jpg 768w, https:\/\/talkpal.ai\/wp-content\/uploads\/2025\/12\/Talkpal-Entrepreneur.jpg 1344w\" sizes=\"(max-width: 1024px) 100vw, 1024px\" \/><\/figure>\n<\/div><\/div>\n\n\n\n<div class=\"wp-block-column is-layout-flow wp-block-column-is-layout-flow\" style=\"flex-basis:50%\">\n<p>\u00cenc\u0103 de la \u00eenceput, obiectivul a fost clar: s\u0103 construim un companion lingvistic AI care s\u0103 semene mai pu\u021bin cu un manual \u0219i mai mult cu un partener de conversa\u021bie care s\u0103 ne sus\u021bin\u0103. Numele &#8222;Talkpal&#8221; reflect\u0103 aceast\u0103 filozofie &#8211; un companion prietenos, mereu disponibil, care \u00eencurajeaz\u0103 cursan\u021bii s\u0103 exerseze vorbirea f\u0103r\u0103 teama de judecat\u0103.<\/p>\n\n\n\n<p>\u00cencep\u00e2nd ca produs web, Talkpal s-a extins rapid la platformele mobile, form\u00e2nd o echip\u0103 global\u0103 de ingineri AI, lingvi\u0219ti, educatori, marketeri \u0219i designeri de produse. Prin itera\u021bie continu\u0103, cercetare \u0219i feedback din partea utilizatorilor, Talkpal a evoluat \u00eentr-o platform\u0103 cuprinz\u0103toare de \u00eenv\u0103\u021bare a limbilor str\u0103ine cu inteligen\u021b\u0103 artificial\u0103 \u00een care au \u00eencredere milioane de utilizatori din \u00eentreaga lume.<\/p>\n<\/div>\n<\/div>\n\n<h2 class=\"wp-block-heading\" id=\"h-what-we-do\">Ce facem<\/h2>\n\n<p>Talkpal ofer\u0103 experien\u021be de \u00eenv\u0103\u021bare prin voce \u0219i text bazate pe inteligen\u021b\u0103 artificial\u0103, concepute pentru a simula interac\u021biunea uman\u0103 real\u0103. Platforma noastr\u0103 se adapteaz\u0103 dinamic la nivelul, obiectivele \u0219i stilul de \u00eenv\u0103\u021bare al fiec\u0103rui cursant.<\/p>\n\n<p>Principalele capacit\u0103\u021bi includ:<\/p>\n\n<ul class=\"wp-block-list\">\n<li>Conversa\u021bii AI naturale pentru exersarea vorbirii<\/li>\n\n\n\n<li>Feedback \u00een timp real cu privire la pronun\u021bie, gramatic\u0103 \u0219i fluen\u021b\u0103<\/li>\n\n\n\n<li>Sprijin pentru \u00eencep\u0103tori p\u00e2n\u0103 la cursan\u021bi avansa\u021bi<\/li>\n\n\n\n<li>Lec\u021bii \u00een peste 80 de limbi de circula\u021bie interna\u021bional\u0103, inclusiv englez\u0103, spaniol\u0103, german\u0103, francez\u0103, italian\u0103, japonez\u0103, chinez\u0103, coreean\u0103, arab\u0103, olandez\u0103, portughez\u0103, suedez\u0103, ebraic\u0103, greac\u0103, turc\u0103, finlandez\u0103 \u0219i afrikaans, albanez\u0103, armean\u0103, asamez\u0103, azer\u0103, basc\u0103, bielorus\u0103, bengalez\u0103, bosniac\u0103, bulgar\u0103, birmanez\u0103, cantonez\u0103, catalan\u0103, croat\u0103, ceh\u0103, danez\u0103, eston\u0103, galician\u0103, georgian\u0103, gujarati, hindi, maghiar\u0103, islandez\u0103, indonezian\u0103, irlandez\u0103, javanez\u0103, kannada, kazah\u0103, khmer\u0103, lao, leton\u0103, lituanian\u0103, macedonean\u0103, malay, malayalam, maltez\u0103, maori, marathi, mongol\u0103, nepalez\u0103, norvegian\u0103, odia, Pashto, persan\u0103, polonez\u0103, punjabi, rom\u00e2n\u0103, rus\u0103, s\u00e2rb\u0103, sinhala, slovac\u0103, sloven\u0103, somalez\u0103, swahili, tagalog\u0103, tamil, telugu, tailandez\u0103, ucrainean\u0103, urdu, uzbec\u0103, vietnamez\u0103, galez\u0103, zulu \u0219i multe altele<\/li>\n\n\n\n<li>Un model freemium cu planuri de abonament flexibile<\/li>\n\n\n\n<li>Solu\u021bii enterprise dedicate pentru universit\u0103\u021bi, \u0219coli de limbi str\u0103ine, companii \u0219i alte organiza\u021bii<\/li>\n<\/ul>\n\n<p>Con\u021binutul \u0219i sistemele noastre sunt dezvoltate \u00een colaborare cu exper\u021bi lingvistici \u0219i cercet\u0103tori AI, asigur\u00e2nd at\u00e2t soliditatea pedagogic\u0103, c\u00e2t \u0219i excelen\u021ba tehnic\u0103.<\/p>\n\n<h2 class=\"wp-block-heading\" id=\"h-research-backed-learning\">\u00cenv\u0103\u021bare bazat\u0103 pe cercetare<\/h2>\n\n<p>Eficacitatea Talkpal a fost examinat\u0103 \u00een mai multe studii academice, \u00een special \u00een contexte ESL \u0219i EFL. Cercet\u0103rile au ar\u0103tat \u00eembun\u0103t\u0103\u021biri semnificative din punct de vedere statistic \u00een ceea ce prive\u0219te fluen\u021ba vorbirii, pronun\u021bia, gramatica \u0219i \u00eencrederea cursan\u021bilor atunci c\u00e2nd folosesc instrumente de conversa\u021bie bazate pe inteligen\u021b\u0103 artificial\u0103 precum Talkpal.<\/p>\n\n<p>Aceast\u0103 abordare bazat\u0103 pe cercetare st\u0103 la baza angajamentului nostru de a crea nu doar tehnologii inovatoare, ci \u0219i experien\u021be de \u00eenv\u0103\u021bare a limbilor str\u0103ine eficiente \u0219i m\u0103surabile.<\/p>\n\n<h2 class=\"wp-block-heading\" id=\"h-trusted-by-learners-worldwide\">De \u00eencredere pentru cursan\u021bii din \u00eentreaga lume<\/h2>\n\n<p>Milioane de utilizatori din \u00eentreaga lume au \u00eencredere \u00een Talkpal, care prime\u0219te \u00een mod constant ratinguri bune \u00een magazinele de aplica\u021bii \u0219i pe platformele de recenzii. Cursan\u021bii subliniaz\u0103 frecvent:<\/p>\n\n<ul class=\"wp-block-list\">\n<li>Mediul f\u0103r\u0103 presiune pentru practica vorbirii<\/li>\n\n\n\n<li>Feedback imediat, ac\u021bionabil<\/li>\n\n\n\n<li>Flexibilitatea de a \u00eenv\u0103\u021ba oric\u00e2nd, oriunde<\/li>\n\n\n\n<li>Posibilitatea de a exersa f\u0103r\u0103 a avea nevoie de un partener de limb\u0103 uman\u0103<\/li>\n<\/ul>\n\n<h2 class=\"wp-block-heading\" id=\"h-our-commitment\">Angajamentul nostru<\/h2>\n\n<p>La Talkpal, ne angaj\u0103m s\u0103:<\/p>\n\n<ul class=\"wp-block-list\">\n<li><strong>Inovare<\/strong> &#8211; progrese continue \u00een domeniul inteligen\u021bei artificiale \u0219i al tehnologiei educa\u021bionale<\/li>\n\n\n\n<li><strong>Calitate<\/strong> &#8211; experien\u021be de \u00eenv\u0103\u021bare sus\u021binute de cercetare<\/li>\n\n\n\n<li><strong>Accesibilitate<\/strong> &#8211; \u00eenv\u0103\u021barea limbilor str\u0103ine la pre\u021buri accesibile \u0219i incluzive pentru to\u021bi<\/li>\n\n\n\n<li><strong>Impact global<\/strong> &#8211; consolidarea comunic\u0103rii \u00eentre culturi<\/li>\n<\/ul>\n\n<p>Credem c\u0103 limbajul are puterea de a schimba vie\u021bi &#8211; iar cu ajutorul AI, aceast\u0103 putere poate ajunge la toat\u0103 lumea.<\/p>\n\n<p><\/p>\n","protected":false},"excerpt":{"rendered":"<p>Talkpal, Inc. este o companie de \u00eenv\u0103\u021bare a limbilor str\u0103ine bazat\u0103 pe inteligen\u021b\u0103 artificial\u0103, cu misiunea de a face vorbirea oric\u0103rei limbi accesibile tuturor, oriunde. Talkpal dezvolt\u0103 una dintre cele mai avansate platforme de tutoriat lingvistic AI din lume, ajut\u00e2nd milioane de cursan\u021bi s\u0103 practice conversa\u021bii reale cu \u00eencredere. Fondat \u00een 2023, Talkpal a fost [&hellip;]<\/p>\n","protected":false},"author":1,"featured_media":197976,"parent":0,"menu_order":0,"comment_status":"closed","ping_status":"closed","template":"","meta":{"_acf_changed":false,"footnotes":""},"class_list":["post-166776","page","type-page","status-publish","has-post-thumbnail","hentry"],"acf":[],"yoast_head":"<!-- This site is optimized with the Yoast SEO Premium plugin v27.2 (Yoast SEO v27.2) - https:\/\/yoast.com\/product\/yoast-seo-premium-wordpress\/ -->\n<title>Despre - Talkpal<\/title>\n<meta name=\"description\" content=\"Talkpal este un tutore AI de limbi bazat pe GPT, fondat cu convingerea c\u0103 \u00eenv\u0103\u021barea limbilor ar trebui s\u0103 fie accesibil\u0103 tuturor.\" \/>\n<meta name=\"robots\" content=\"index, follow, max-snippet:-1, max-image-preview:large, max-video-preview:-1\" \/>\n<link rel=\"canonical\" href=\"https:\/\/talkpal.ai\/ro\/despre\/\" \/>\n<meta property=\"og:locale\" content=\"ro_RO\" \/>\n<meta property=\"og:type\" content=\"article\" \/>\n<meta property=\"og:title\" content=\"Despre\" \/>\n<meta property=\"og:description\" content=\"Talkpal, Inc. este o companie de \u00eenv\u0103\u021bare a limbilor str\u0103ine bazat\u0103 pe inteligen\u021b\u0103 artificial\u0103, cu misiunea de a face vorbirea oric\u0103rei limbi accesibile\" \/>\n<meta property=\"og:url\" content=\"https:\/\/talkpal.ai\/ro\/despre\/\" \/>\n<meta property=\"og:site_name\" content=\"Talkpal\" \/>\n<meta property=\"article:publisher\" content=\"https:\/\/www.facebook.com\/profile.php?id=100090733639311\" \/>\n<meta property=\"article:modified_time\" content=\"2026-03-06T16:33:35+00:00\" \/>\n<meta property=\"og:image\" content=\"https:\/\/talkpal.ai\/wp-content\/uploads\/2024\/03\/Talkpal-Logo-Icon.png\" \/>\n\t<meta property=\"og:image:width\" content=\"5000\" \/>\n\t<meta property=\"og:image:height\" content=\"5000\" \/>\n\t<meta property=\"og:image:type\" content=\"image\/png\" \/>\n<meta name=\"twitter:card\" content=\"summary_large_image\" \/>\n<meta name=\"twitter:site\" content=\"@talkpalai\" \/>\n<meta name=\"twitter:label1\" content=\"Timp estimat pentru citire\" \/>\n\t<meta name=\"twitter:data1\" content=\"5 minute\" \/>\n<script type=\"application\/ld+json\" class=\"yoast-schema-graph\">{\"@context\":\"https:\/\/schema.org\",\"@graph\":[{\"@type\":\"WebPage\",\"@id\":\"https:\/\/talkpal.ai\/ro\/despre\/\",\"url\":\"https:\/\/talkpal.ai\/ro\/despre\/\",\"name\":\"Despre - Talkpal\",\"isPartOf\":{\"@id\":\"https:\/\/talkpal.ai\/ro\/#website\"},\"primaryImageOfPage\":{\"@id\":\"https:\/\/talkpal.ai\/ro\/despre\/#primaryimage\"},\"image\":{\"@id\":\"https:\/\/talkpal.ai\/ro\/despre\/#primaryimage\"},\"thumbnailUrl\":\"https:\/\/talkpal.ai\/wp-content\/uploads\/2024\/03\/Talkpal-Logo-Icon.png\",\"datePublished\":\"2023-04-03T14:56:00+00:00\",\"dateModified\":\"2026-03-06T16:33:35+00:00\",\"description\":\"Talkpal este un tutore AI de limbi bazat pe GPT, fondat cu convingerea c\u0103 \u00eenv\u0103\u021barea limbilor ar trebui s\u0103 fie accesibil\u0103 tuturor.\",\"breadcrumb\":{\"@id\":\"https:\/\/talkpal.ai\/ro\/despre\/#breadcrumb\"},\"inLanguage\":\"ro-RO\",\"potentialAction\":[{\"@type\":\"ReadAction\",\"target\":[\"https:\/\/talkpal.ai\/ro\/despre\/\"]}]},{\"@type\":\"ImageObject\",\"inLanguage\":\"ro-RO\",\"@id\":\"https:\/\/talkpal.ai\/ro\/despre\/#primaryimage\",\"url\":\"https:\/\/talkpal.ai\/wp-content\/uploads\/2024\/03\/Talkpal-Logo-Icon.png\",\"contentUrl\":\"https:\/\/talkpal.ai\/wp-content\/uploads\/2024\/03\/Talkpal-Logo-Icon.png\",\"width\":5000,\"height\":5000,\"caption\":\"Logo-ul Talkpal f\u0103r\u0103 semn verbal\"},{\"@type\":\"BreadcrumbList\",\"@id\":\"https:\/\/talkpal.ai\/ro\/despre\/#breadcrumb\",\"itemListElement\":[{\"@type\":\"ListItem\",\"position\":1,\"name\":\"Homepage\",\"item\":\"https:\/\/talkpal.ai\/ro\/\"},{\"@type\":\"ListItem\",\"position\":2,\"name\":\"Despre\"}]},{\"@type\":\"WebSite\",\"@id\":\"https:\/\/talkpal.ai\/ro\/#website\",\"url\":\"https:\/\/talkpal.ai\/ro\/\",\"name\":\"Talkpal\",\"description\":\"AI Language Learning\",\"publisher\":{\"@id\":\"https:\/\/talkpal.ai\/ro\/#organization\"},\"alternateName\":\"Talkpal AI\",\"potentialAction\":[{\"@type\":\"SearchAction\",\"target\":{\"@type\":\"EntryPoint\",\"urlTemplate\":\"https:\/\/talkpal.ai\/ro\/?s={search_term_string}\"},\"query-input\":{\"@type\":\"PropertyValueSpecification\",\"valueRequired\":true,\"valueName\":\"search_term_string\"}}],\"inLanguage\":\"ro-RO\"},{\"@type\":\"Organization\",\"@id\":\"https:\/\/talkpal.ai\/ro\/#organization\",\"name\":\"Talkpal, Inc.\",\"alternateName\":\"Talkpal AI\",\"url\":\"https:\/\/talkpal.ai\/ro\/\",\"logo\":{\"@type\":\"ImageObject\",\"inLanguage\":\"ro-RO\",\"@id\":\"https:\/\/talkpal.ai\/ro\/#\/schema\/logo\/image\/\",\"url\":\"https:\/\/talkpal.ai\/wp-content\/uploads\/2024\/03\/Talkpal-Logo-Icon.png\",\"contentUrl\":\"https:\/\/talkpal.ai\/wp-content\/uploads\/2024\/03\/Talkpal-Logo-Icon.png\",\"width\":2880,\"height\":2880,\"caption\":\"Talkpal, Inc.\"},\"image\":{\"@id\":\"https:\/\/talkpal.ai\/ro\/#\/schema\/logo\/image\/\"},\"sameAs\":[\"https:\/\/www.facebook.com\/profile.php?id=100090733639311\",\"https:\/\/x.com\/talkpalai\",\"https:\/\/www.linkedin.com\/company\/talkpal\/\",\"https:\/\/www.youtube.com\/@TalkPal\/\",\"https:\/\/www.tiktok.com\/@talkpal\",\"https:\/\/www.instagram.com\/talkpal_ai\/\",\"https:\/\/www.crunchbase.com\/organization\/talkpal-9cde\",\"https:\/\/www.g2.com\/products\/talkpal-for-business\/\",\"https:\/\/www.trustpilot.com\/review\/talkpal.ai\",\"https:\/\/www.capterra.com\/p\/10006800\/TalkPal\/\"],\"description\":\"Talkpal is a language learning web and mobile education app, powered by the latest AI technologies, that provides engaging experiences to its customers in many different languages to help them improve their language skills. Users can chat about unlimited amount of topics with the app and use other modes to practice their language learning.\",\"email\":\"support@talkpal.ai\",\"legalName\":\"Talkpal, Inc.\",\"foundingDate\":\"2023-04-03\",\"duns\":\"118989042\",\"numberOfEmployees\":{\"@type\":\"QuantitativeValue\",\"minValue\":\"11\",\"maxValue\":\"50\"},\"publishingPrinciples\":\"https:\/\/talkpal.ai\/publishing-principles\/\",\"actionableFeedbackPolicy\":\"https:\/\/talkpal.ai\/actionable-feedback-policy\/\",\"correctionsPolicy\":\"https:\/\/talkpal.ai\/corrections-policy\/\",\"ethicsPolicy\":\"https:\/\/talkpal.ai\/ethics-policy\/\",\"diversityPolicy\":\"https:\/\/talkpal.ai\/diversity-policy\/\",\"diversityStaffingReport\":\"https:\/\/talkpal.ai\/diversity-policy\/\"}]}<\/script>\n<!-- \/ Yoast SEO Premium plugin. -->","yoast_head_json":{"title":"Despre - Talkpal","description":"Talkpal este un tutore AI de limbi bazat pe GPT, fondat cu convingerea c\u0103 \u00eenv\u0103\u021barea limbilor ar trebui s\u0103 fie accesibil\u0103 tuturor.","robots":{"index":"index","follow":"follow","max-snippet":"max-snippet:-1","max-image-preview":"max-image-preview:large","max-video-preview":"max-video-preview:-1"},"canonical":"https:\/\/talkpal.ai\/ro\/despre\/","og_locale":"ro_RO","og_type":"article","og_title":"Despre","og_description":"Talkpal, Inc. este o companie de \u00eenv\u0103\u021bare a limbilor str\u0103ine bazat\u0103 pe inteligen\u021b\u0103 artificial\u0103, cu misiunea de a face vorbirea oric\u0103rei limbi accesibile","og_url":"https:\/\/talkpal.ai\/ro\/despre\/","og_site_name":"Talkpal","article_publisher":"https:\/\/www.facebook.com\/profile.php?id=100090733639311","article_modified_time":"2026-03-06T16:33:35+00:00","og_image":[{"width":5000,"height":5000,"url":"https:\/\/talkpal.ai\/wp-content\/uploads\/2024\/03\/Talkpal-Logo-Icon.png","type":"image\/png"}],"twitter_card":"summary_large_image","twitter_site":"@talkpalai","twitter_misc":{"Timp estimat pentru citire":"5 minute"},"schema":{"@context":"https:\/\/schema.org","@graph":[{"@type":"WebPage","@id":"https:\/\/talkpal.ai\/ro\/despre\/","url":"https:\/\/talkpal.ai\/ro\/despre\/","name":"Despre - Talkpal","isPartOf":{"@id":"https:\/\/talkpal.ai\/ro\/#website"},"primaryImageOfPage":{"@id":"https:\/\/talkpal.ai\/ro\/despre\/#primaryimage"},"image":{"@id":"https:\/\/talkpal.ai\/ro\/despre\/#primaryimage"},"thumbnailUrl":"https:\/\/talkpal.ai\/wp-content\/uploads\/2024\/03\/Talkpal-Logo-Icon.png","datePublished":"2023-04-03T14:56:00+00:00","dateModified":"2026-03-06T16:33:35+00:00","description":"Talkpal este un tutore AI de limbi bazat pe GPT, fondat cu convingerea c\u0103 \u00eenv\u0103\u021barea limbilor ar trebui s\u0103 fie accesibil\u0103 tuturor.","breadcrumb":{"@id":"https:\/\/talkpal.ai\/ro\/despre\/#breadcrumb"},"inLanguage":"ro-RO","potentialAction":[{"@type":"ReadAction","target":["https:\/\/talkpal.ai\/ro\/despre\/"]}]},{"@type":"ImageObject","inLanguage":"ro-RO","@id":"https:\/\/talkpal.ai\/ro\/despre\/#primaryimage","url":"https:\/\/talkpal.ai\/wp-content\/uploads\/2024\/03\/Talkpal-Logo-Icon.png","contentUrl":"https:\/\/talkpal.ai\/wp-content\/uploads\/2024\/03\/Talkpal-Logo-Icon.png","width":5000,"height":5000,"caption":"Logo-ul Talkpal f\u0103r\u0103 semn verbal"},{"@type":"BreadcrumbList","@id":"https:\/\/talkpal.ai\/ro\/despre\/#breadcrumb","itemListElement":[{"@type":"ListItem","position":1,"name":"Homepage","item":"https:\/\/talkpal.ai\/ro\/"},{"@type":"ListItem","position":2,"name":"Despre"}]},{"@type":"WebSite","@id":"https:\/\/talkpal.ai\/ro\/#website","url":"https:\/\/talkpal.ai\/ro\/","name":"Talkpal","description":"AI Language Learning","publisher":{"@id":"https:\/\/talkpal.ai\/ro\/#organization"},"alternateName":"Talkpal AI","potentialAction":[{"@type":"SearchAction","target":{"@type":"EntryPoint","urlTemplate":"https:\/\/talkpal.ai\/ro\/?s={search_term_string}"},"query-input":{"@type":"PropertyValueSpecification","valueRequired":true,"valueName":"search_term_string"}}],"inLanguage":"ro-RO"},{"@type":"Organization","@id":"https:\/\/talkpal.ai\/ro\/#organization","name":"Talkpal, Inc.","alternateName":"Talkpal AI","url":"https:\/\/talkpal.ai\/ro\/","logo":{"@type":"ImageObject","inLanguage":"ro-RO","@id":"https:\/\/talkpal.ai\/ro\/#\/schema\/logo\/image\/","url":"https:\/\/talkpal.ai\/wp-content\/uploads\/2024\/03\/Talkpal-Logo-Icon.png","contentUrl":"https:\/\/talkpal.ai\/wp-content\/uploads\/2024\/03\/Talkpal-Logo-Icon.png","width":2880,"height":2880,"caption":"Talkpal, Inc."},"image":{"@id":"https:\/\/talkpal.ai\/ro\/#\/schema\/logo\/image\/"},"sameAs":["https:\/\/www.facebook.com\/profile.php?id=100090733639311","https:\/\/x.com\/talkpalai","https:\/\/www.linkedin.com\/company\/talkpal\/","https:\/\/www.youtube.com\/@TalkPal\/","https:\/\/www.tiktok.com\/@talkpal","https:\/\/www.instagram.com\/talkpal_ai\/","https:\/\/www.crunchbase.com\/organization\/talkpal-9cde","https:\/\/www.g2.com\/products\/talkpal-for-business\/","https:\/\/www.trustpilot.com\/review\/talkpal.ai","https:\/\/www.capterra.com\/p\/10006800\/TalkPal\/"],"description":"Talkpal is a language learning web and mobile education app, powered by the latest AI technologies, that provides engaging experiences to its customers in many different languages to help them improve their language skills. Users can chat about unlimited amount of topics with the app and use other modes to practice their language learning.","email":"support@talkpal.ai","legalName":"Talkpal, Inc.","foundingDate":"2023-04-03","duns":"118989042","numberOfEmployees":{"@type":"QuantitativeValue","minValue":"11","maxValue":"50"},"publishingPrinciples":"https:\/\/talkpal.ai\/publishing-principles\/","actionableFeedbackPolicy":"https:\/\/talkpal.ai\/actionable-feedback-policy\/","correctionsPolicy":"https:\/\/talkpal.ai\/corrections-policy\/","ethicsPolicy":"https:\/\/talkpal.ai\/ethics-policy\/","diversityPolicy":"https:\/\/talkpal.ai\/diversity-policy\/","diversityStaffingReport":"https:\/\/talkpal.ai\/diversity-policy\/"}]}},"_links":{"self":[{"href":"https:\/\/talkpal.ai\/ro\/wp-json\/wp\/v2\/pages\/166776","targetHints":{"allow":["GET"]}}],"collection":[{"href":"https:\/\/talkpal.ai\/ro\/wp-json\/wp\/v2\/pages"}],"about":[{"href":"https:\/\/talkpal.ai\/ro\/wp-json\/wp\/v2\/types\/page"}],"author":[{"embeddable":true,"href":"https:\/\/talkpal.ai\/ro\/wp-json\/wp\/v2\/users\/1"}],"replies":[{"embeddable":true,"href":"https:\/\/talkpal.ai\/ro\/wp-json\/wp\/v2\/comments?post=166776"}],"version-history":[{"count":0,"href":"https:\/\/talkpal.ai\/ro\/wp-json\/wp\/v2\/pages\/166776\/revisions"}],"wp:featuredmedia":[{"embeddable":true,"href":"https:\/\/talkpal.ai\/ro\/wp-json\/wp\/v2\/media\/197976"}],"wp:attachment":[{"href":"https:\/\/talkpal.ai\/ro\/wp-json\/wp\/v2\/media?parent=166776"}],"curies":[{"name":"wp","href":"https:\/\/api.w.org\/{rel}","templated":true}]}}