{"id":166624,"date":"2023-06-16T10:58:35","date_gmt":"2023-06-16T10:58:35","guid":{"rendered":"http:\/\/talkpal.ai\/exercitii-de-gramatica-rusa\/"},"modified":"2025-12-17T16:23:42","modified_gmt":"2025-12-17T16:23:42","slug":"exercitii-de-gramatica-rusa","status":"publish","type":"page","link":"https:\/\/talkpal.ai\/ro\/exercitii-de-gramatica-rusa\/","title":{"rendered":"Exerci\u021bii de gramatic\u0103 rus\u0103"},"content":{"rendered":"\r\n\r\n\r\n<section class=\"languageChallengeSection\">\r\n    <div class=\"languageInfoWrapper\">\r\n        \r\n        <h1>Exerci\u021bii de gramatic\u0103 rus\u0103<\/h1>\r\n        <p>Sunte\u021bi gata s\u0103 v\u0103 consolida\u021bi cuno\u0219tin\u021bele de limba <a href=\"https:\/\/talkpal.ai\/learn-russian\/\">rus\u0103<\/a>? Practicarea exerci\u021biilor gramaticale este una dintre cele mai bune modalit\u0103\u021bi de a st\u0103p\u00e2ni structura propozi\u021biilor, conjugarea verbelor \u0219i regulile unice ale limbii <a href=\"https:\/\/talkpal.ai\/locations\/language-courses-in-ruse\/\">ruse<\/a>. \u00cencepe\u021bi s\u0103 explora\u021bi ast\u0103zi gramatica rus\u0103 \u0219i urm\u0103ri\u021bi cum v\u0103 cre\u0219te \u00een\u021belegerea \u0219i fluen\u021ba cu fiecare exerci\u021biu!<\/p>\r\n\r\n                            <a class=\"getStartedHidden\" href=\"https:\/\/app.talkpal.ai\/ro\/signup?lng=\">\u00cencepe<\/a>\r\n        \r\n    <\/div>\r\n\r\n    <figure>\r\n    <img decoding=\"async\" width=\"768\" height=\"768\" src=\"https:\/\/talkpal.ai\/wp-content\/uploads\/2023\/06\/russian-768x768.png\" class=\"languageImage no-lazy\" alt=\"Language learning for multicultural understanding\" fetchpriority=\"high\" sizes=\"(max-width: 768px) 150px, 768px\" srcset=\"https:\/\/talkpal.ai\/wp-content\/uploads\/2023\/06\/russian-768x768.png 768w, https:\/\/talkpal.ai\/wp-content\/uploads\/2023\/06\/russian-300x300.png 300w\" \/>\r\n    \r\n\r\n    <\/figure>\r\n\r\n            <a class=\"getStartedVisible\" href=\"https:\/\/app.talkpal.ai\/ro\/signup?lng=\">\u00cencepe<\/a>\r\n    \r\n<\/section>\r\n\r\n\r\n<!-- <section class=\"grammarSection\">\r\n    <div class=\"grammarLinks\">\r\n            <\/div>\r\n<\/section> -->\r\n\r\n\r\n\r\n\r\n<section class=\"promotionalBanner\">\r\n    <p class=\"promotionalText\">Cel mai eficient mod de a \u00eenv\u0103\u021ba o limb\u0103<\/p>\r\n    <a class=\"promotionalLink\" href=\"https:\/\/app.talkpal.ai\/ro\/signup?lng=\">\u00cencerca\u021bi Talkpal gratuit<\/a>\r\n<\/section>\n<div class=\"wp-block-group pageContainerStyle\"><div class=\"wp-block-group__inner-container is-layout-constrained wp-block-group-is-layout-constrained\">\n<h2 class=\"wp-block-heading\" id=\"h-russian-grammar-topics\">Subiecte gramaticale ruse\u0219ti<\/h2>\n\n\n\n<p>\u00cenv\u0103\u021barea limbii ruse poate fi o experien\u021b\u0103 incredibil de plin\u0103 de satisfac\u021bii \u0219i stimulant\u0103 din punct de vedere intelectual. Limba rus\u0103 nu este doar bogat\u0103 \u00een vocabular \u0219i putere expresiv\u0103, ci ofer\u0103 \u0219i o fereastr\u0103 c\u0103tre cultura, istoria \u0219i literatura fascinant\u0103 a Rusiei \u0219i a fostei Uniuni Sovietice. Pe m\u0103sur\u0103 ce v\u0103 \u00eembarca\u021bi \u00een c\u0103l\u0103toria dvs. pentru a \u00eenv\u0103\u021ba limba rus\u0103, este important s\u0103 v\u0103 familiariza\u021bi cu diferitele subiecte de <a href=\"https:\/\/talkpal.ai\/grammar\/\">gramatic\u0103<\/a> care vor forma fundamentul abilit\u0103\u021bilor lingvistice. \u00cen acest ghid, vom oferi o prezentare general\u0103 a subiectelor esen\u021biale de <a href=\"https:\/\/talkpal.ai\/russian-grammar\/\">gramatic\u0103 rus\u0103<\/a>, inclusiv timpuri, verbe, substantive, articole, pronume, adjective, adverbe, prepozi\u021bii \u0219i structura propozi\u021biei. Prin st\u0103p\u00e2nirea acestor elemente fundamentale, ve\u021bi fi pe drumul cel bun pentru a vorbi fluent \u00een limba rus\u0103.<\/p>\n\n\n\n<h3 class=\"wp-block-heading\" id=\"h-1-nouns\">1. Substantive:<\/h3>\n\n\n\n<p>\u00cencepe\u021bi prin \u00eenv\u0103\u021barea substantivelor ruse\u0219ti, deoarece acestea sunt blocurile de baz\u0103 ale limbii. Substantivele ruse\u0219ti au trei genuri (masculin, feminin \u0219i neutru) \u0219i \u0219ase cazuri (nominativ, genitiv, dativ, acuzativ, instrumental \u0219i prepozi\u021bional). \u00cen\u021belegerea genului \u0219i a sistemului de cazuri este crucial\u0103 pentru utilizarea corect\u0103 a substantivelor \u00een propozi\u021bii.<\/p>\n\n\n\n<h3 class=\"wp-block-heading\" id=\"h-2-pronouns\">2. Pronume:<\/h3>\n\n\n\n<p>Dup\u0103 ce v-a\u021bi familiarizat cu substantivele, trece\u021bi la pronume, care \u00eenlocuiesc substantivele \u00een propozi\u021bii pentru a evita repeti\u021bia. Pronumele au, de asemenea, genuri \u0219i cazuri, \u0219i este important s\u0103 le \u00eenv\u0103\u021b\u0103m formele \u0219i utilizarea.<\/p>\n\n\n\n<h3 class=\"wp-block-heading\" id=\"h-3-adjectives\">3. Adjective:<\/h3>\n\n\n\n<p>Adjectivele descriu sau modific\u0103 substantive \u0219i pronume. Ei sunt de acord cu substantivele <a href=\"https:\/\/talkpal.ai\/culture\/how-do-i-use-pe-care-correctly\/\">pe care<\/a> le modific\u0103 \u00een gen, num\u0103r \u0219i caz. Afla\u021bi diferitele forme \u0219i termina\u021bii ale adjectivelor pentru a le folosi corect.<\/p>\n\n\n\n<h3 class=\"wp-block-heading\" id=\"h-4-verbs\">4. Verbe:<\/h3>\n\n\n\n<p>Verbele sunt coloana vertebral\u0103 a oric\u0103rei propozi\u021bii, deoarece exprim\u0103 ac\u021biuni, st\u0103ri sau apari\u021bii. \u00cen limba rus\u0103, verbele au dou\u0103 aspecte (perfectiv \u0219i imperfectiv) \u0219i se conjug\u0103 \u00een func\u021bie de persoan\u0103, num\u0103r \u0219i timp. Familiariza\u021bi-v\u0103 cu modelele \u0219i aspectele de conjugare pentru a forma forme verbale exacte.<\/p>\n\n\n\n<h3 class=\"wp-block-heading\" id=\"h-5-tenses-indicative\">5. Timpuri orientative:<\/h3>\n\n\n\n<p>Rusa are trei timpuri indicative: trecut, prezent \u0219i viitor. Afla\u021bi cum s\u0103 forma\u021bi \u0219i s\u0103 utiliza\u021bi aceste timpuri pentru a exprima ac\u021biuni \u0219i evenimente \u00een diferite intervale de timp.<\/p>\n\n\n\n<h3 class=\"wp-block-heading\" id=\"h-6-tenses-subjunctive\">6. Timpuri conjunctive:<\/h3>\n\n\n\n<p>Starea conjunctiv\u0103 exprim\u0103 situa\u021bii ipotetice, dorin\u021be sau condi\u021bii ireale. Afla\u021bi cum s\u0103 forma\u021bi conjunctivul \u00een limba rus\u0103 \u0219i c\u00e2nd s\u0103 \u00eel utiliza\u021bi \u00een propozi\u021bii.<\/p>\n\n\n\n<h3 class=\"wp-block-heading\" id=\"h-7-tense-comparison\">7. Compara\u021bie tensionat\u0103:<\/h3>\n\n\n\n<p>\u00cen\u021belegerea modului de comparare \u0219i contrastare a ac\u021biunilor la diferite timpuri este esen\u021bial\u0103 pentru o comunicare clar\u0103. Exersa\u021bi folosind diferite timpuri \u00eempreun\u0103 pentru a exprima g\u00e2nduri \u0219i idei complexe.<\/p>\n\n\n\n<h3 class=\"wp-block-heading\" id=\"h-8-adverbs\">8. Adverbe:<\/h3>\n\n\n\n<p>Adverbele modific\u0103 verbe, adjective sau alte adverbe, furniz\u00e2nd informa\u021bii despre cum, c\u00e2nd, unde sau \u00een ce m\u0103sur\u0103 are loc o ac\u021biune. Afla\u021bi adverbele ruse\u0219ti comune \u0219i utilizarea lor pentru a v\u0103 \u00eembun\u0103t\u0103\u021bi propozi\u021biile.<\/p>\n\n\n\n<h3 class=\"wp-block-heading\" id=\"h-9-prepositions\">9. Prepozi\u021bii:<\/h3>\n\n\n\n<p>Prepozi\u021biile leag\u0103 substantive, pronume sau fraze de alte cuvinte dintr-o propozi\u021bie, indic\u00e2nd rela\u021bii precum loca\u021bia, direc\u021bia, timpul sau scopul. Familiariza\u021bi-v\u0103 cu prepozi\u021biile ruse\u0219ti \u0219i cazurile lor corespunz\u0103toare pentru a construi propozi\u021bii corecte din punct de vedere gramatical.<\/p>\n\n\n\n<h3 class=\"wp-block-heading\" id=\"h-10-sentence-structure\">10. Structura propozi\u021biei:<\/h3>\n\n\n\n<p>\u00cen cele din urm\u0103, afla\u021bi elementele de baz\u0103 ale structurii propozi\u021biei ruse\u0219ti, inclusiv ordinea cuvintelor, negarea \u0219i formarea \u00eentreb\u0103rilor. \u00cen\u021belegerea modului de construire corect\u0103 a propozi\u021biilor v\u0103 va asigura c\u0103 limba rus\u0103 vorbit\u0103 \u0219i scris\u0103 este clar\u0103 \u0219i u\u0219or de \u00een\u021beles.<\/p>\n\n\n\n<p>Urm\u00e2nd aceast\u0103 secven\u021b\u0103 \u0219i dedic\u00e2nd timp fiec\u0103rui subiect de gramatic\u0103, ve\u021bi dezvolta o baz\u0103 solid\u0103 \u00een limba rus\u0103, permi\u021b\u00e2ndu-v\u0103 s\u0103 comunica\u021bi eficient \u0219i s\u0103 aprecia\u021bi frumuse\u021bea \u0219i profunzimea limbii.<\/p>\n<\/div><\/div>\n\r\n<section class=\"learnNavigationSection\">\r\n            \r\n        <a href=\"https:\/\/talkpal.ai\/ro\/invata-limba-rusa\/\">\r\n            <div class=\"learnNavigationWrapper\">\r\n                <div class=\"learnNavigationContent\">\r\n                    <img decoding=\"async\" src=\"https:\/\/talkpal.ai\/wp-content\/uploads\/2024\/08\/Russian.jpg\" alt=\"Russian Flag\">\r\n                    <div>\r\n                        <h4>Despre \u00eenv\u0103\u021barea limbii ruse<\/h4>\r\n                        <p>Afla\u021bi totul despre gramatica rus\u0103.<\/p>\r\n                    <\/div>\r\n                <\/div>\r\n            <\/div>\r\n        <\/a>\r\n\r\n        \r\n        <a href=\"https:\/\/talkpal.ai\/ro\/gramatica-rusa\/\">\r\n            <div class=\"learnNavigationWrapper\">\r\n                <div class=\"learnNavigationContent\">\r\n                    <img decoding=\"async\" src=\"https:\/\/talkpal.ai\/wp-content\/uploads\/2024\/08\/Russian.jpg\" alt=\"Russian Flag\">\r\n                    <div>\r\n                        <h4>Lec\u021bii de gramatic\u0103 rus\u0103<\/h4>\r\n                        <p>Exersa\u021bi gramatica rus\u0103.<\/p>\r\n                    <\/div>\r\n                <\/div>\r\n            <\/div>\r\n        <\/a>\r\n\r\n        \r\n        <a href=\"https:\/\/talkpal.ai\/vocabulary_language\/russian\/\">\r\n            <div class=\"learnNavigationWrapper\">\r\n                <div class=\"learnNavigationContent\">\r\n                    <img decoding=\"async\" src=\"https:\/\/talkpal.ai\/wp-content\/uploads\/2024\/08\/Russian.jpg\" alt=\"Russian Flag\">\r\n                    <div>\r\n                        <h4>Vocabular rusesc<\/h4>\r\n                        <p>Extinde\u021bi-v\u0103 vocabularul rusesc.<\/p>\r\n                    <\/div>\r\n                <\/div>\r\n            <\/div>\r\n        <\/a>\r\n\r\n            <\/section>","protected":false},"excerpt":{"rendered":"<p>Subiecte gramaticale ruse\u0219ti \u00cenv\u0103\u021barea limbii ruse poate fi o experien\u021b\u0103 incredibil de plin\u0103 de satisfac\u021bii \u0219i stimulant\u0103 din punct de vedere intelectual. Limba rus\u0103 nu este doar bogat\u0103 \u00een vocabular \u0219i putere expresiv\u0103, ci ofer\u0103 \u0219i o fereastr\u0103 c\u0103tre cultura, istoria \u0219i literatura fascinant\u0103 a Rusiei \u0219i a fostei Uniuni Sovietice. Pe m\u0103sur\u0103 ce v\u0103 [&hellip;]<\/p>\n","protected":false},"author":6,"featured_media":108150,"parent":0,"menu_order":0,"comment_status":"closed","ping_status":"closed","template":"LearningContentPage.php","meta":{"_acf_changed":false,"footnotes":""},"class_list":["post-166624","page","type-page","status-publish","has-post-thumbnail","hentry"],"acf":[],"yoast_head":"<!-- This site is optimized with the Yoast SEO Premium plugin v27.2 (Yoast SEO v27.2) - https:\/\/yoast.com\/product\/yoast-seo-premium-wordpress\/ -->\n<title>Exerci\u021bii de gramatic\u0103 rus\u0103 - Talkpal<\/title>\n<meta name=\"description\" content=\"Explora\u021bi exerci\u021biile esen\u021biale de gramatic\u0103 rus\u0103 pentru a v\u0103 consolida abilit\u0103\u021bile lingvistice \u0219i pentru a vorbi fluent \u00een limba rus\u0103.\" \/>\n<meta name=\"robots\" content=\"index, follow, max-snippet:-1, max-image-preview:large, max-video-preview:-1\" \/>\n<link rel=\"canonical\" href=\"https:\/\/talkpal.ai\/ro\/exercitii-de-gramatica-rusa\/\" \/>\n<meta property=\"og:locale\" content=\"ro_RO\" \/>\n<meta property=\"og:type\" content=\"article\" \/>\n<meta property=\"og:title\" content=\"Exerci\u021bii de gramatic\u0103 rus\u0103\" \/>\n<meta property=\"og:description\" content=\"Subiecte gramaticale ruse\u0219ti \u00cenv\u0103\u021barea limbii ruse poate fi o experien\u021b\u0103 incredibil de plin\u0103 de satisfac\u021bii \u0219i stimulant\u0103 din punct de vedere intelectual.\" \/>\n<meta property=\"og:url\" content=\"https:\/\/talkpal.ai\/ro\/exercitii-de-gramatica-rusa\/\" \/>\n<meta property=\"og:site_name\" content=\"Talkpal\" \/>\n<meta property=\"article:publisher\" content=\"https:\/\/www.facebook.com\/profile.php?id=100090733639311\" \/>\n<meta property=\"article:modified_time\" content=\"2025-12-17T16:23:42+00:00\" \/>\n<meta property=\"og:image\" content=\"https:\/\/talkpal.ai\/wp-content\/uploads\/2023\/04\/rusia.png\" \/>\n\t<meta property=\"og:image:width\" content=\"512\" \/>\n\t<meta property=\"og:image:height\" content=\"512\" \/>\n\t<meta property=\"og:image:type\" content=\"image\/png\" \/>\n<meta name=\"twitter:card\" content=\"summary_large_image\" \/>\n<meta name=\"twitter:site\" content=\"@talkpalai\" \/>\n<meta name=\"twitter:label1\" content=\"Timp estimat pentru citire\" \/>\n\t<meta name=\"twitter:data1\" content=\"3 minute\" \/>\n<script type=\"application\/ld+json\" class=\"yoast-schema-graph\">{\"@context\":\"https:\/\/schema.org\",\"@graph\":[{\"@type\":\"WebPage\",\"@id\":\"https:\/\/talkpal.ai\/ro\/exercitii-de-gramatica-rusa\/\",\"url\":\"https:\/\/talkpal.ai\/ro\/exercitii-de-gramatica-rusa\/\",\"name\":\"Exerci\u021bii de gramatic\u0103 rus\u0103 - Talkpal\",\"isPartOf\":{\"@id\":\"https:\/\/talkpal.ai\/ro\/#website\"},\"primaryImageOfPage\":{\"@id\":\"https:\/\/talkpal.ai\/ro\/exercitii-de-gramatica-rusa\/#primaryimage\"},\"image\":{\"@id\":\"https:\/\/talkpal.ai\/ro\/exercitii-de-gramatica-rusa\/#primaryimage\"},\"thumbnailUrl\":\"https:\/\/talkpal.ai\/wp-content\/uploads\/2023\/04\/rusia.png\",\"datePublished\":\"2023-06-16T10:58:35+00:00\",\"dateModified\":\"2025-12-17T16:23:42+00:00\",\"description\":\"Explora\u021bi exerci\u021biile esen\u021biale de gramatic\u0103 rus\u0103 pentru a v\u0103 consolida abilit\u0103\u021bile lingvistice \u0219i pentru a vorbi fluent \u00een limba rus\u0103.\",\"breadcrumb\":{\"@id\":\"https:\/\/talkpal.ai\/ro\/exercitii-de-gramatica-rusa\/#breadcrumb\"},\"inLanguage\":\"ro-RO\",\"potentialAction\":[{\"@type\":\"ReadAction\",\"target\":[\"https:\/\/talkpal.ai\/ro\/exercitii-de-gramatica-rusa\/\"]}]},{\"@type\":\"ImageObject\",\"inLanguage\":\"ro-RO\",\"@id\":\"https:\/\/talkpal.ai\/ro\/exercitii-de-gramatica-rusa\/#primaryimage\",\"url\":\"https:\/\/talkpal.ai\/wp-content\/uploads\/2023\/04\/rusia.png\",\"contentUrl\":\"https:\/\/talkpal.ai\/wp-content\/uploads\/2023\/04\/rusia.png\",\"width\":512,\"height\":512},{\"@type\":\"BreadcrumbList\",\"@id\":\"https:\/\/talkpal.ai\/ro\/exercitii-de-gramatica-rusa\/#breadcrumb\",\"itemListElement\":[{\"@type\":\"ListItem\",\"position\":1,\"name\":\"Homepage\",\"item\":\"https:\/\/talkpal.ai\/ro\/\"},{\"@type\":\"ListItem\",\"position\":2,\"name\":\"Exerci\u021bii de gramatic\u0103 rus\u0103\"}]},{\"@type\":\"WebSite\",\"@id\":\"https:\/\/talkpal.ai\/ro\/#website\",\"url\":\"https:\/\/talkpal.ai\/ro\/\",\"name\":\"Talkpal\",\"description\":\"AI Language Learning\",\"publisher\":{\"@id\":\"https:\/\/talkpal.ai\/ro\/#organization\"},\"alternateName\":\"Talkpal AI\",\"potentialAction\":[{\"@type\":\"SearchAction\",\"target\":{\"@type\":\"EntryPoint\",\"urlTemplate\":\"https:\/\/talkpal.ai\/ro\/?s={search_term_string}\"},\"query-input\":{\"@type\":\"PropertyValueSpecification\",\"valueRequired\":true,\"valueName\":\"search_term_string\"}}],\"inLanguage\":\"ro-RO\"},{\"@type\":\"Organization\",\"@id\":\"https:\/\/talkpal.ai\/ro\/#organization\",\"name\":\"Talkpal, Inc.\",\"alternateName\":\"Talkpal AI\",\"url\":\"https:\/\/talkpal.ai\/ro\/\",\"logo\":{\"@type\":\"ImageObject\",\"inLanguage\":\"ro-RO\",\"@id\":\"https:\/\/talkpal.ai\/ro\/#\/schema\/logo\/image\/\",\"url\":\"https:\/\/talkpal.ai\/wp-content\/uploads\/2024\/03\/Talkpal-Logo-Icon.png\",\"contentUrl\":\"https:\/\/talkpal.ai\/wp-content\/uploads\/2024\/03\/Talkpal-Logo-Icon.png\",\"width\":2880,\"height\":2880,\"caption\":\"Talkpal, Inc.\"},\"image\":{\"@id\":\"https:\/\/talkpal.ai\/ro\/#\/schema\/logo\/image\/\"},\"sameAs\":[\"https:\/\/www.facebook.com\/profile.php?id=100090733639311\",\"https:\/\/x.com\/talkpalai\",\"https:\/\/www.linkedin.com\/company\/talkpal\/\",\"https:\/\/www.youtube.com\/@TalkPal\/\",\"https:\/\/www.tiktok.com\/@talkpal\",\"https:\/\/www.instagram.com\/talkpal_ai\/\",\"https:\/\/www.crunchbase.com\/organization\/talkpal-9cde\",\"https:\/\/www.g2.com\/products\/talkpal-for-business\/\",\"https:\/\/www.trustpilot.com\/review\/talkpal.ai\",\"https:\/\/www.capterra.com\/p\/10006800\/TalkPal\/\"],\"description\":\"Talkpal is a language learning web and mobile education app, powered by the latest AI technologies, that provides engaging experiences to its customers in many different languages to help them improve their language skills. Users can chat about unlimited amount of topics with the app and use other modes to practice their language learning.\",\"email\":\"support@talkpal.ai\",\"legalName\":\"Talkpal, Inc.\",\"foundingDate\":\"2023-04-03\",\"duns\":\"118989042\",\"numberOfEmployees\":{\"@type\":\"QuantitativeValue\",\"minValue\":\"11\",\"maxValue\":\"50\"},\"publishingPrinciples\":\"https:\/\/talkpal.ai\/publishing-principles\/\",\"actionableFeedbackPolicy\":\"https:\/\/talkpal.ai\/actionable-feedback-policy\/\",\"correctionsPolicy\":\"https:\/\/talkpal.ai\/corrections-policy\/\",\"ethicsPolicy\":\"https:\/\/talkpal.ai\/ethics-policy\/\",\"diversityPolicy\":\"https:\/\/talkpal.ai\/diversity-policy\/\",\"diversityStaffingReport\":\"https:\/\/talkpal.ai\/diversity-policy\/\"}]}<\/script>\n<!-- \/ Yoast SEO Premium plugin. -->","yoast_head_json":{"title":"Exerci\u021bii de gramatic\u0103 rus\u0103 - Talkpal","description":"Explora\u021bi exerci\u021biile esen\u021biale de gramatic\u0103 rus\u0103 pentru a v\u0103 consolida abilit\u0103\u021bile lingvistice \u0219i pentru a vorbi fluent \u00een limba rus\u0103.","robots":{"index":"index","follow":"follow","max-snippet":"max-snippet:-1","max-image-preview":"max-image-preview:large","max-video-preview":"max-video-preview:-1"},"canonical":"https:\/\/talkpal.ai\/ro\/exercitii-de-gramatica-rusa\/","og_locale":"ro_RO","og_type":"article","og_title":"Exerci\u021bii de gramatic\u0103 rus\u0103","og_description":"Subiecte gramaticale ruse\u0219ti \u00cenv\u0103\u021barea limbii ruse poate fi o experien\u021b\u0103 incredibil de plin\u0103 de satisfac\u021bii \u0219i stimulant\u0103 din punct de vedere intelectual.","og_url":"https:\/\/talkpal.ai\/ro\/exercitii-de-gramatica-rusa\/","og_site_name":"Talkpal","article_publisher":"https:\/\/www.facebook.com\/profile.php?id=100090733639311","article_modified_time":"2025-12-17T16:23:42+00:00","og_image":[{"width":512,"height":512,"url":"https:\/\/talkpal.ai\/wp-content\/uploads\/2023\/04\/rusia.png","type":"image\/png"}],"twitter_card":"summary_large_image","twitter_site":"@talkpalai","twitter_misc":{"Timp estimat pentru citire":"3 minute"},"schema":{"@context":"https:\/\/schema.org","@graph":[{"@type":"WebPage","@id":"https:\/\/talkpal.ai\/ro\/exercitii-de-gramatica-rusa\/","url":"https:\/\/talkpal.ai\/ro\/exercitii-de-gramatica-rusa\/","name":"Exerci\u021bii de gramatic\u0103 rus\u0103 - Talkpal","isPartOf":{"@id":"https:\/\/talkpal.ai\/ro\/#website"},"primaryImageOfPage":{"@id":"https:\/\/talkpal.ai\/ro\/exercitii-de-gramatica-rusa\/#primaryimage"},"image":{"@id":"https:\/\/talkpal.ai\/ro\/exercitii-de-gramatica-rusa\/#primaryimage"},"thumbnailUrl":"https:\/\/talkpal.ai\/wp-content\/uploads\/2023\/04\/rusia.png","datePublished":"2023-06-16T10:58:35+00:00","dateModified":"2025-12-17T16:23:42+00:00","description":"Explora\u021bi exerci\u021biile esen\u021biale de gramatic\u0103 rus\u0103 pentru a v\u0103 consolida abilit\u0103\u021bile lingvistice \u0219i pentru a vorbi fluent \u00een limba rus\u0103.","breadcrumb":{"@id":"https:\/\/talkpal.ai\/ro\/exercitii-de-gramatica-rusa\/#breadcrumb"},"inLanguage":"ro-RO","potentialAction":[{"@type":"ReadAction","target":["https:\/\/talkpal.ai\/ro\/exercitii-de-gramatica-rusa\/"]}]},{"@type":"ImageObject","inLanguage":"ro-RO","@id":"https:\/\/talkpal.ai\/ro\/exercitii-de-gramatica-rusa\/#primaryimage","url":"https:\/\/talkpal.ai\/wp-content\/uploads\/2023\/04\/rusia.png","contentUrl":"https:\/\/talkpal.ai\/wp-content\/uploads\/2023\/04\/rusia.png","width":512,"height":512},{"@type":"BreadcrumbList","@id":"https:\/\/talkpal.ai\/ro\/exercitii-de-gramatica-rusa\/#breadcrumb","itemListElement":[{"@type":"ListItem","position":1,"name":"Homepage","item":"https:\/\/talkpal.ai\/ro\/"},{"@type":"ListItem","position":2,"name":"Exerci\u021bii de gramatic\u0103 rus\u0103"}]},{"@type":"WebSite","@id":"https:\/\/talkpal.ai\/ro\/#website","url":"https:\/\/talkpal.ai\/ro\/","name":"Talkpal","description":"AI Language Learning","publisher":{"@id":"https:\/\/talkpal.ai\/ro\/#organization"},"alternateName":"Talkpal AI","potentialAction":[{"@type":"SearchAction","target":{"@type":"EntryPoint","urlTemplate":"https:\/\/talkpal.ai\/ro\/?s={search_term_string}"},"query-input":{"@type":"PropertyValueSpecification","valueRequired":true,"valueName":"search_term_string"}}],"inLanguage":"ro-RO"},{"@type":"Organization","@id":"https:\/\/talkpal.ai\/ro\/#organization","name":"Talkpal, Inc.","alternateName":"Talkpal AI","url":"https:\/\/talkpal.ai\/ro\/","logo":{"@type":"ImageObject","inLanguage":"ro-RO","@id":"https:\/\/talkpal.ai\/ro\/#\/schema\/logo\/image\/","url":"https:\/\/talkpal.ai\/wp-content\/uploads\/2024\/03\/Talkpal-Logo-Icon.png","contentUrl":"https:\/\/talkpal.ai\/wp-content\/uploads\/2024\/03\/Talkpal-Logo-Icon.png","width":2880,"height":2880,"caption":"Talkpal, Inc."},"image":{"@id":"https:\/\/talkpal.ai\/ro\/#\/schema\/logo\/image\/"},"sameAs":["https:\/\/www.facebook.com\/profile.php?id=100090733639311","https:\/\/x.com\/talkpalai","https:\/\/www.linkedin.com\/company\/talkpal\/","https:\/\/www.youtube.com\/@TalkPal\/","https:\/\/www.tiktok.com\/@talkpal","https:\/\/www.instagram.com\/talkpal_ai\/","https:\/\/www.crunchbase.com\/organization\/talkpal-9cde","https:\/\/www.g2.com\/products\/talkpal-for-business\/","https:\/\/www.trustpilot.com\/review\/talkpal.ai","https:\/\/www.capterra.com\/p\/10006800\/TalkPal\/"],"description":"Talkpal is a language learning web and mobile education app, powered by the latest AI technologies, that provides engaging experiences to its customers in many different languages to help them improve their language skills. Users can chat about unlimited amount of topics with the app and use other modes to practice their language learning.","email":"support@talkpal.ai","legalName":"Talkpal, Inc.","foundingDate":"2023-04-03","duns":"118989042","numberOfEmployees":{"@type":"QuantitativeValue","minValue":"11","maxValue":"50"},"publishingPrinciples":"https:\/\/talkpal.ai\/publishing-principles\/","actionableFeedbackPolicy":"https:\/\/talkpal.ai\/actionable-feedback-policy\/","correctionsPolicy":"https:\/\/talkpal.ai\/corrections-policy\/","ethicsPolicy":"https:\/\/talkpal.ai\/ethics-policy\/","diversityPolicy":"https:\/\/talkpal.ai\/diversity-policy\/","diversityStaffingReport":"https:\/\/talkpal.ai\/diversity-policy\/"}]}},"_links":{"self":[{"href":"https:\/\/talkpal.ai\/ro\/wp-json\/wp\/v2\/pages\/166624","targetHints":{"allow":["GET"]}}],"collection":[{"href":"https:\/\/talkpal.ai\/ro\/wp-json\/wp\/v2\/pages"}],"about":[{"href":"https:\/\/talkpal.ai\/ro\/wp-json\/wp\/v2\/types\/page"}],"author":[{"embeddable":true,"href":"https:\/\/talkpal.ai\/ro\/wp-json\/wp\/v2\/users\/6"}],"replies":[{"embeddable":true,"href":"https:\/\/talkpal.ai\/ro\/wp-json\/wp\/v2\/comments?post=166624"}],"version-history":[{"count":0,"href":"https:\/\/talkpal.ai\/ro\/wp-json\/wp\/v2\/pages\/166624\/revisions"}],"wp:featuredmedia":[{"embeddable":true,"href":"https:\/\/talkpal.ai\/ro\/wp-json\/wp\/v2\/media\/108150"}],"wp:attachment":[{"href":"https:\/\/talkpal.ai\/ro\/wp-json\/wp\/v2\/media?parent=166624"}],"curies":[{"name":"wp","href":"https:\/\/api.w.org\/{rel}","templated":true}]}}