{"id":166167,"date":"2023-06-16T11:38:32","date_gmt":"2023-06-16T11:38:32","guid":{"rendered":"http:\/\/talkpal.ai\/exercitii-de-gramatica-azera\/"},"modified":"2025-05-22T21:35:19","modified_gmt":"2025-05-22T21:35:19","slug":"exercitii-de-gramatica-azera","status":"publish","type":"page","link":"https:\/\/talkpal.ai\/ro\/exercitii-de-gramatica-azera\/","title":{"rendered":"Exerci\u021bii de gramatic\u0103 azer\u0103"},"content":{"rendered":"\r\n\r\n\r\n<section class=\"languageChallengeSection\">\r\n    <div class=\"languageInfoWrapper\">\r\n        \r\n        <h1>Exerci\u021bii de gramatic\u0103 azer\u0103<\/h1>\r\n        <p>Dori\u021bi s\u0103 v\u0103 \u00eembun\u0103t\u0103\u021bi\u021bi competen\u021bele \u00een limba azer\u0103? Practicarea exerci\u021biilor gramaticale este modalitatea perfect\u0103 de a \u00een\u021belege structura propozi\u021biilor, termina\u021biile verbelor \u0219i modelele care fac limba unic\u0103. \u00cencepe\u021bi ast\u0103zi s\u0103 practica\u021bi gramatica azer\u0103 \u0219i vede\u021bi cum \u00eencrederea \u0219i fluen\u021ba dumneavoastr\u0103 cresc cu fiecare pas!<\/p>\r\n\r\n                            <a class=\"getStartedHidden\" href=\"https:\/\/app.talkpal.ai\/ro\/signup?lng=\">\u00cencepe<\/a>\r\n        \r\n    <\/div>\r\n\r\n    <figure>\r\n    <img decoding=\"async\" width=\"768\" height=\"768\" src=\"https:\/\/talkpal.ai\/wp-content\/uploads\/2023\/06\/azerbaijani-768x768.png\" class=\"languageImage no-lazy\" alt=\"Language learning for enhanced cognitive skills\" fetchpriority=\"high\" sizes=\"(max-width: 768px) 150px, 768px\" srcset=\"https:\/\/talkpal.ai\/wp-content\/uploads\/2023\/06\/azerbaijani-768x768.png 768w, https:\/\/talkpal.ai\/wp-content\/uploads\/2023\/06\/azerbaijani-300x300.png 300w\" \/>\r\n    \r\n\r\n    <\/figure>\r\n\r\n            <a class=\"getStartedVisible\" href=\"https:\/\/app.talkpal.ai\/ro\/signup?lng=\">\u00cencepe<\/a>\r\n    \r\n<\/section>\r\n\r\n\r\n<!-- <section class=\"grammarSection\">\r\n    <div class=\"grammarLinks\">\r\n            <\/div>\r\n<\/section> -->\r\n\r\n\r\n\r\n\r\n<section class=\"promotionalBanner\">\r\n    <p class=\"promotionalText\">Cel mai eficient mod de a \u00eenv\u0103\u021ba o limb\u0103<\/p>\r\n    <a class=\"promotionalLink\" href=\"https:\/\/app.talkpal.ai\/ro\/signup?lng=\">\u00cencerca\u021bi Talkpal gratuit<\/a>\r\n<\/section>\n<div class=\"wp-block-group pageContainerStyle\"><div class=\"wp-block-group__inner-container is-layout-constrained wp-block-group-is-layout-constrained\">\n<h2 class=\"wp-block-heading\" id=\"h-azerbaijani-grammar-topics\">Subiecte gramaticale azere<\/h2>\n\n\n\n<p>Azer\u0103, cunoscut\u0103 \u0219i sub numele de azer\u0103, este o limb\u0103 turcic\u0103 vorbit\u0103 \u00een principal \u00een <a href=\"https:\/\/talkpal.ai\/learn-azerbaijani\/\">Azerbaidjan<\/a> \u0219i \u00een regiunile \u00eenconjur\u0103toare. Este limba oficial\u0103 a Republicii Azerbaidjan \u0219i are vorbitori semnificativi \u00een Iran, Turcia, <a href=\"https:\/\/talkpal.ai\/locations\/language-courses-in-georgia\/\">Georgia<\/a> \u0219i <a href=\"https:\/\/talkpal.ai\/learn-russian\/\">Rusia<\/a>. \u00cen calitate de cursant al limbii azere, este esen\u021bial s\u0103 \u00een\u021belege\u021bi aspectele fundamentale ale limbii, cum ar fi gramatica, sintaxa \u0219i vocabularul. Acest ghid v\u0103 va oferi o imagine de ansamblu asupra subiectelor esen\u021biale ale gramaticii azere, grupate \u00eentr-o secven\u021b\u0103 logic\u0103 pentru a v\u0103 ajuta s\u0103 \u00eenv\u0103\u021ba\u021bi limba eficient \u0219i cu u\u0219urin\u021b\u0103.<\/p>\n\n\n\n<h3 class=\"wp-block-heading\" id=\"h-1-nouns-and-articles\">1. Substantive \u0219i articole:<\/h3>\n\n\n\n<p>\u00cen azer\u0103, substantivele sunt elementele de baz\u0103 ale propozi\u021biilor, iar \u00een\u021belegerea utiliz\u0103rii lor este crucial\u0103. Substantivele nu au gen \u0219i nu exist\u0103 <a href=\"https:\/\/talkpal.ai\/culture\/what-is-the-indefinite-article-in-romanian\/\">articol nehot\u0103r\u00e2t<\/a>. Cu toate acestea, articolul hot\u0103r\u00e2t este ad\u0103ugat ca sufix la substantiv.<\/p>\n\n\n\n<h3 class=\"wp-block-heading\" id=\"h-2-adjectives\">2. Adjective:<\/h3>\n\n\n\n<p>Adjectivele \u00een azer\u0103 sunt folosite pentru a descrie substantivele. Ele vin \u00eentotdeauna \u00eenaintea substantivului <a href=\"https:\/\/talkpal.ai\/culture\/how-do-i-use-pe-care-correctly\/\">pe care<\/a> \u00eel modific\u0103 \u0219i nu \u00ee\u0219i schimb\u0103 forma \u00een func\u021bie de genul sau num\u0103rul substantivului.<\/p>\n\n\n\n<h3 class=\"wp-block-heading\" id=\"h-3-pronouns-determiners\">3. Pronume\/Determinan\u021bi:<\/h3>\n\n\n\n<p>Pronumele sunt folosite pentru a \u00eenlocui substantive, \u00een timp ce determinan\u021bii sunt folosi\u021bi pentru a specifica cantitatea sau caracterul definit al substantivului. Ambele sunt componente esen\u021biale ale propozi\u021biilor azere.<\/p>\n\n\n\n<h3 class=\"wp-block-heading\" id=\"h-4-verbs\">4. Verbe:<\/h3>\n\n\n\n<p>Verbele azere sunt cuvintele de ac\u021biune ale limbii. \u00ce\u0219i schimb\u0103 forma \u00een func\u021bie de timp, dispozi\u021bie \u0219i voce. \u00cen\u021belegerea conjug\u0103rii verbelor este crucial\u0103 pentru st\u0103p\u00e2nirea gramaticii azere.<\/p>\n\n\n\n<h3 class=\"wp-block-heading\" id=\"h-5-tenses\">5. Timpuri:<\/h3>\n\n\n\n<p>Azerbaidjanul are \u0219ase timpuri &#8211; prezent, trecut, viitor, prezent perfect, trecut perfect \u0219i viitor perfect. Fiecare timp are regulile <a href=\"https:\/\/talkpal.ai\/locations\/learn-english-in-sale\/\">sale<\/a> de conjugare \u0219i este folosit pentru a exprima ac\u021biuni sau st\u0103ri \u00een momente diferite.<\/p>\n\n\n\n<h3 class=\"wp-block-heading\" id=\"h-6-tense-comparison\">6. Compara\u021bie tensionat\u0103:<\/h3>\n\n\n\n<p>Compararea timpurilor \u00een azer\u0103 v\u0103 ajut\u0103 s\u0103 \u00een\u021belege\u021bi diferen\u021bele \u00een exprimarea timpului \u0219i a ac\u021biunilor. Este o abilitate crucial\u0103 pentru o comunicare eficient\u0103.<\/p>\n\n\n\n<h3 class=\"wp-block-heading\" id=\"h-7-progressive\">7. Progresiv:<\/h3>\n\n\n\n<p>Aspectul progresiv \u00een Azerbaidjan este folosit pentru a descrie ac\u021biunile \u00een curs de desf\u0103\u0219urare. Se formeaz\u0103 prin utilizarea verbelor auxiliare \u0219i este esen\u021bial pentru a \u00een\u021belege fluxul evenimentelor \u00eentr-o propozi\u021bie.<\/p>\n\n\n\n<h3 class=\"wp-block-heading\" id=\"h-8-perfect-progressive\">8. Progresiv perfect:<\/h3>\n\n\n\n<p>Timpurile progresive perfecte sunt folosite pentru a descrie ac\u021biuni care au \u00eenceput \u00een trecut \u0219i continu\u0103 p\u00e2n\u0103 \u00een prezent sau viitor. Acestea combin\u0103 aspectele perfecte \u0219i progresive \u0219i sunt esen\u021biale pentru exprimarea ac\u021biunilor complexe.<\/p>\n\n\n\n<h3 class=\"wp-block-heading\" id=\"h-9-adverbs\">9. Adverbe:<\/h3>\n\n\n\n<p>Adverbele \u00een azer\u0103 sunt folosite pentru a modifica verbe, adjective sau alte adverbe. Acestea ofer\u0103 informa\u021bii suplimentare despre ac\u021biuni sau st\u0103ri \u0219i sunt esen\u021biale pentru crearea unor propozi\u021bii mai precise \u0219i descriptive.<\/p>\n\n\n\n<h3 class=\"wp-block-heading\" id=\"h-10-conditionals\">10. Condi\u021bionale:<\/h3>\n\n\n\n<p>Condi\u021bionalele sunt folosite pentru a exprima situa\u021bii ipotetice \u0219i posibilele consecin\u021be ale acestora. Acestea sunt esen\u021biale pentru exprimarea incertitudinilor \u0219i pentru a face predic\u021bii \u00een Azerbaidjan.<\/p>\n\n\n\n<h3 class=\"wp-block-heading\" id=\"h-11-prepositions\">11. Prepozi\u021bii:<\/h3>\n\n\n\n<p>Prepozi\u021biile sunt folosite pentru a ar\u0103ta rela\u021biile dintre substantive sau pronume \u0219i alte cuvinte dintr-o propozi\u021bie. Ele sunt esen\u021biale pentru exprimarea rela\u021biilor spa\u021biale, temporale \u0219i logice \u00een Azerbaidjan.<\/p>\n\n\n\n<h3 class=\"wp-block-heading\" id=\"h-12-sentences\">12. Propozi\u021bii:<\/h3>\n\n\n\n<p>Propozi\u021biile azere urmeaz\u0103 o ordine de cuvinte subiect-obiect-verb (SOV). \u00cen\u021belegerea structurii propozi\u021biilor este crucial\u0103 pentru comunicarea eficient\u0103 \u0219i st\u0103p\u00e2nirea limbii azere.<\/p>\n<\/div><\/div>\n\r\n<section class=\"learnNavigationSection\">\r\n            \r\n        <a href=\"https:\/\/talkpal.ai\/ro\/invata-azera\/\">\r\n            <div class=\"learnNavigationWrapper\">\r\n                <div class=\"learnNavigationContent\">\r\n                    <img decoding=\"async\" src=\"https:\/\/talkpal.ai\/wp-content\/uploads\/2024\/08\/Azerbaijani.jpg\" alt=\"Azerbaijani Flag\">\r\n                    <div>\r\n                        <h4>Despre \u00eenv\u0103\u021barea \u00een Azerbaidjan<\/h4>\r\n                        <p>Afla\u021bi totul despre gramatica azer\u0103 .<\/p>\r\n                    <\/div>\r\n                <\/div>\r\n            <\/div>\r\n        <\/a>\r\n\r\n        \r\n        <a href=\"https:\/\/talkpal.ai\/ro\/gramatica-azera\/\">\r\n            <div class=\"learnNavigationWrapper\">\r\n                <div class=\"learnNavigationContent\">\r\n                    <img decoding=\"async\" src=\"https:\/\/talkpal.ai\/wp-content\/uploads\/2024\/08\/Azerbaijani.jpg\" alt=\"Azerbaijani Flag\">\r\n                    <div>\r\n                        <h4>Lec\u021bii de gramatic\u0103 azer\u0103<\/h4>\r\n                        <p>Exersa\u021bi gramatica azer\u0103.<\/p>\r\n                    <\/div>\r\n                <\/div>\r\n            <\/div>\r\n        <\/a>\r\n\r\n        \r\n        <a href=\"https:\/\/talkpal.ai\/vocabulary_language\/azerbaijani\/\">\r\n            <div class=\"learnNavigationWrapper\">\r\n                <div class=\"learnNavigationContent\">\r\n                    <img decoding=\"async\" src=\"https:\/\/talkpal.ai\/wp-content\/uploads\/2024\/08\/Azerbaijani.jpg\" alt=\"Azerbaijani Flag\">\r\n                    <div>\r\n                        <h4>Vocabular \u00een azerbaidjan\u0103<\/h4>\r\n                        <p>Extinde\u021bi-v\u0103 vocabularul \u00een azer\u0103.<\/p>\r\n                    <\/div>\r\n                <\/div>\r\n            <\/div>\r\n        <\/a>\r\n\r\n            <\/section>","protected":false},"excerpt":{"rendered":"<p>Subiecte gramaticale azere Azer\u0103, cunoscut\u0103 \u0219i sub numele de azer\u0103, este o limb\u0103 turcic\u0103 vorbit\u0103 \u00een principal \u00een Azerbaidjan \u0219i \u00een regiunile \u00eenconjur\u0103toare. Este limba oficial\u0103 a Republicii Azerbaidjan \u0219i are vorbitori semnificativi \u00een Iran, Turcia, Georgia \u0219i Rusia. \u00cen calitate de cursant al limbii azere, este esen\u021bial s\u0103 \u00een\u021belege\u021bi aspectele fundamentale ale limbii, cum [&hellip;]<\/p>\n","protected":false},"author":6,"featured_media":109497,"parent":0,"menu_order":0,"comment_status":"closed","ping_status":"closed","template":"LearningContentPage.php","meta":{"_acf_changed":false,"footnotes":""},"class_list":["post-166167","page","type-page","status-publish","has-post-thumbnail","hentry"],"acf":[],"yoast_head":"<!-- This site is optimized with the Yoast SEO Premium plugin v27.2 (Yoast SEO v27.2) - https:\/\/yoast.com\/product\/yoast-seo-premium-wordpress\/ -->\n<title>Exerci\u021bii de gramatic\u0103 azer\u0103 - Talkpal<\/title>\n<meta name=\"description\" content=\"\u00cembun\u0103t\u0103\u021be\u0219te-\u021bi cuno\u0219tin\u021bele de limba azer\u0103 cu exerci\u021bii interactive de gramatic\u0103 azer\u0103 de la Talkpal, tutorele t\u0103u lingvistic cu inteligen\u021b\u0103 artificial\u0103.\" \/>\n<meta name=\"robots\" content=\"index, follow, max-snippet:-1, max-image-preview:large, max-video-preview:-1\" \/>\n<link rel=\"canonical\" href=\"https:\/\/talkpal.ai\/ro\/exercitii-de-gramatica-azera\/\" \/>\n<meta property=\"og:locale\" content=\"ro_RO\" \/>\n<meta property=\"og:type\" content=\"article\" \/>\n<meta property=\"og:title\" content=\"Exerci\u021bii de gramatic\u0103 azer\u0103\" \/>\n<meta property=\"og:description\" content=\"Subiecte gramaticale azere Azer\u0103, cunoscut\u0103 \u0219i sub numele de azer\u0103, este o limb\u0103 turcic\u0103 vorbit\u0103 \u00een principal \u00een Azerbaidjan \u0219i \u00een regiunile\" \/>\n<meta property=\"og:url\" content=\"https:\/\/talkpal.ai\/ro\/exercitii-de-gramatica-azera\/\" \/>\n<meta property=\"og:site_name\" content=\"Talkpal\" \/>\n<meta property=\"article:publisher\" content=\"https:\/\/www.facebook.com\/profile.php?id=100090733639311\" \/>\n<meta property=\"article:modified_time\" content=\"2025-05-22T21:35:19+00:00\" \/>\n<meta property=\"og:image\" content=\"https:\/\/talkpal.ai\/wp-content\/uploads\/2023\/05\/azerbaijan.png\" \/>\n\t<meta property=\"og:image:width\" content=\"512\" \/>\n\t<meta property=\"og:image:height\" content=\"512\" \/>\n\t<meta property=\"og:image:type\" content=\"image\/png\" \/>\n<meta name=\"twitter:card\" content=\"summary_large_image\" \/>\n<meta name=\"twitter:site\" content=\"@talkpalai\" \/>\n<meta name=\"twitter:label1\" content=\"Timp estimat pentru citire\" \/>\n\t<meta name=\"twitter:data1\" content=\"3 minute\" \/>\n<script type=\"application\/ld+json\" class=\"yoast-schema-graph\">{\"@context\":\"https:\/\/schema.org\",\"@graph\":[{\"@type\":\"WebPage\",\"@id\":\"https:\/\/talkpal.ai\/ro\/exercitii-de-gramatica-azera\/\",\"url\":\"https:\/\/talkpal.ai\/ro\/exercitii-de-gramatica-azera\/\",\"name\":\"Exerci\u021bii de gramatic\u0103 azer\u0103 - Talkpal\",\"isPartOf\":{\"@id\":\"https:\/\/talkpal.ai\/ro\/#website\"},\"primaryImageOfPage\":{\"@id\":\"https:\/\/talkpal.ai\/ro\/exercitii-de-gramatica-azera\/#primaryimage\"},\"image\":{\"@id\":\"https:\/\/talkpal.ai\/ro\/exercitii-de-gramatica-azera\/#primaryimage\"},\"thumbnailUrl\":\"https:\/\/talkpal.ai\/wp-content\/uploads\/2023\/05\/azerbaijan.png\",\"datePublished\":\"2023-06-16T11:38:32+00:00\",\"dateModified\":\"2025-05-22T21:35:19+00:00\",\"description\":\"\u00cembun\u0103t\u0103\u021be\u0219te-\u021bi cuno\u0219tin\u021bele de limba azer\u0103 cu exerci\u021bii interactive de gramatic\u0103 azer\u0103 de la Talkpal, tutorele t\u0103u lingvistic cu inteligen\u021b\u0103 artificial\u0103.\",\"breadcrumb\":{\"@id\":\"https:\/\/talkpal.ai\/ro\/exercitii-de-gramatica-azera\/#breadcrumb\"},\"inLanguage\":\"ro-RO\",\"potentialAction\":[{\"@type\":\"ReadAction\",\"target\":[\"https:\/\/talkpal.ai\/ro\/exercitii-de-gramatica-azera\/\"]}]},{\"@type\":\"ImageObject\",\"inLanguage\":\"ro-RO\",\"@id\":\"https:\/\/talkpal.ai\/ro\/exercitii-de-gramatica-azera\/#primaryimage\",\"url\":\"https:\/\/talkpal.ai\/wp-content\/uploads\/2023\/05\/azerbaijan.png\",\"contentUrl\":\"https:\/\/talkpal.ai\/wp-content\/uploads\/2023\/05\/azerbaijan.png\",\"width\":512,\"height\":512},{\"@type\":\"BreadcrumbList\",\"@id\":\"https:\/\/talkpal.ai\/ro\/exercitii-de-gramatica-azera\/#breadcrumb\",\"itemListElement\":[{\"@type\":\"ListItem\",\"position\":1,\"name\":\"Homepage\",\"item\":\"https:\/\/talkpal.ai\/ro\/\"},{\"@type\":\"ListItem\",\"position\":2,\"name\":\"Exerci\u021bii de gramatic\u0103 azer\u0103\"}]},{\"@type\":\"WebSite\",\"@id\":\"https:\/\/talkpal.ai\/ro\/#website\",\"url\":\"https:\/\/talkpal.ai\/ro\/\",\"name\":\"Talkpal\",\"description\":\"AI Language Learning\",\"publisher\":{\"@id\":\"https:\/\/talkpal.ai\/ro\/#organization\"},\"alternateName\":\"Talkpal AI\",\"potentialAction\":[{\"@type\":\"SearchAction\",\"target\":{\"@type\":\"EntryPoint\",\"urlTemplate\":\"https:\/\/talkpal.ai\/ro\/?s={search_term_string}\"},\"query-input\":{\"@type\":\"PropertyValueSpecification\",\"valueRequired\":true,\"valueName\":\"search_term_string\"}}],\"inLanguage\":\"ro-RO\"},{\"@type\":\"Organization\",\"@id\":\"https:\/\/talkpal.ai\/ro\/#organization\",\"name\":\"Talkpal, Inc.\",\"alternateName\":\"Talkpal AI\",\"url\":\"https:\/\/talkpal.ai\/ro\/\",\"logo\":{\"@type\":\"ImageObject\",\"inLanguage\":\"ro-RO\",\"@id\":\"https:\/\/talkpal.ai\/ro\/#\/schema\/logo\/image\/\",\"url\":\"https:\/\/talkpal.ai\/wp-content\/uploads\/2024\/03\/Talkpal-Logo-Icon.png\",\"contentUrl\":\"https:\/\/talkpal.ai\/wp-content\/uploads\/2024\/03\/Talkpal-Logo-Icon.png\",\"width\":2880,\"height\":2880,\"caption\":\"Talkpal, Inc.\"},\"image\":{\"@id\":\"https:\/\/talkpal.ai\/ro\/#\/schema\/logo\/image\/\"},\"sameAs\":[\"https:\/\/www.facebook.com\/profile.php?id=100090733639311\",\"https:\/\/x.com\/talkpalai\",\"https:\/\/www.linkedin.com\/company\/talkpal\/\",\"https:\/\/www.youtube.com\/@TalkPal\/\",\"https:\/\/www.tiktok.com\/@talkpal\",\"https:\/\/www.instagram.com\/talkpal_ai\/\",\"https:\/\/www.crunchbase.com\/organization\/talkpal-9cde\",\"https:\/\/www.g2.com\/products\/talkpal-for-business\/\",\"https:\/\/www.trustpilot.com\/review\/talkpal.ai\",\"https:\/\/www.capterra.com\/p\/10006800\/TalkPal\/\"],\"description\":\"Talkpal is a language learning web and mobile education app, powered by the latest AI technologies, that provides engaging experiences to its customers in many different languages to help them improve their language skills. Users can chat about unlimited amount of topics with the app and use other modes to practice their language learning.\",\"email\":\"support@talkpal.ai\",\"legalName\":\"Talkpal, Inc.\",\"foundingDate\":\"2023-04-03\",\"duns\":\"118989042\",\"numberOfEmployees\":{\"@type\":\"QuantitativeValue\",\"minValue\":\"11\",\"maxValue\":\"50\"},\"publishingPrinciples\":\"https:\/\/talkpal.ai\/publishing-principles\/\",\"actionableFeedbackPolicy\":\"https:\/\/talkpal.ai\/actionable-feedback-policy\/\",\"correctionsPolicy\":\"https:\/\/talkpal.ai\/corrections-policy\/\",\"ethicsPolicy\":\"https:\/\/talkpal.ai\/ethics-policy\/\",\"diversityPolicy\":\"https:\/\/talkpal.ai\/diversity-policy\/\",\"diversityStaffingReport\":\"https:\/\/talkpal.ai\/diversity-policy\/\"}]}<\/script>\n<!-- \/ Yoast SEO Premium plugin. -->","yoast_head_json":{"title":"Exerci\u021bii de gramatic\u0103 azer\u0103 - Talkpal","description":"\u00cembun\u0103t\u0103\u021be\u0219te-\u021bi cuno\u0219tin\u021bele de limba azer\u0103 cu exerci\u021bii interactive de gramatic\u0103 azer\u0103 de la Talkpal, tutorele t\u0103u lingvistic cu inteligen\u021b\u0103 artificial\u0103.","robots":{"index":"index","follow":"follow","max-snippet":"max-snippet:-1","max-image-preview":"max-image-preview:large","max-video-preview":"max-video-preview:-1"},"canonical":"https:\/\/talkpal.ai\/ro\/exercitii-de-gramatica-azera\/","og_locale":"ro_RO","og_type":"article","og_title":"Exerci\u021bii de gramatic\u0103 azer\u0103","og_description":"Subiecte gramaticale azere Azer\u0103, cunoscut\u0103 \u0219i sub numele de azer\u0103, este o limb\u0103 turcic\u0103 vorbit\u0103 \u00een principal \u00een Azerbaidjan \u0219i \u00een regiunile","og_url":"https:\/\/talkpal.ai\/ro\/exercitii-de-gramatica-azera\/","og_site_name":"Talkpal","article_publisher":"https:\/\/www.facebook.com\/profile.php?id=100090733639311","article_modified_time":"2025-05-22T21:35:19+00:00","og_image":[{"width":512,"height":512,"url":"https:\/\/talkpal.ai\/wp-content\/uploads\/2023\/05\/azerbaijan.png","type":"image\/png"}],"twitter_card":"summary_large_image","twitter_site":"@talkpalai","twitter_misc":{"Timp estimat pentru citire":"3 minute"},"schema":{"@context":"https:\/\/schema.org","@graph":[{"@type":"WebPage","@id":"https:\/\/talkpal.ai\/ro\/exercitii-de-gramatica-azera\/","url":"https:\/\/talkpal.ai\/ro\/exercitii-de-gramatica-azera\/","name":"Exerci\u021bii de gramatic\u0103 azer\u0103 - Talkpal","isPartOf":{"@id":"https:\/\/talkpal.ai\/ro\/#website"},"primaryImageOfPage":{"@id":"https:\/\/talkpal.ai\/ro\/exercitii-de-gramatica-azera\/#primaryimage"},"image":{"@id":"https:\/\/talkpal.ai\/ro\/exercitii-de-gramatica-azera\/#primaryimage"},"thumbnailUrl":"https:\/\/talkpal.ai\/wp-content\/uploads\/2023\/05\/azerbaijan.png","datePublished":"2023-06-16T11:38:32+00:00","dateModified":"2025-05-22T21:35:19+00:00","description":"\u00cembun\u0103t\u0103\u021be\u0219te-\u021bi cuno\u0219tin\u021bele de limba azer\u0103 cu exerci\u021bii interactive de gramatic\u0103 azer\u0103 de la Talkpal, tutorele t\u0103u lingvistic cu inteligen\u021b\u0103 artificial\u0103.","breadcrumb":{"@id":"https:\/\/talkpal.ai\/ro\/exercitii-de-gramatica-azera\/#breadcrumb"},"inLanguage":"ro-RO","potentialAction":[{"@type":"ReadAction","target":["https:\/\/talkpal.ai\/ro\/exercitii-de-gramatica-azera\/"]}]},{"@type":"ImageObject","inLanguage":"ro-RO","@id":"https:\/\/talkpal.ai\/ro\/exercitii-de-gramatica-azera\/#primaryimage","url":"https:\/\/talkpal.ai\/wp-content\/uploads\/2023\/05\/azerbaijan.png","contentUrl":"https:\/\/talkpal.ai\/wp-content\/uploads\/2023\/05\/azerbaijan.png","width":512,"height":512},{"@type":"BreadcrumbList","@id":"https:\/\/talkpal.ai\/ro\/exercitii-de-gramatica-azera\/#breadcrumb","itemListElement":[{"@type":"ListItem","position":1,"name":"Homepage","item":"https:\/\/talkpal.ai\/ro\/"},{"@type":"ListItem","position":2,"name":"Exerci\u021bii de gramatic\u0103 azer\u0103"}]},{"@type":"WebSite","@id":"https:\/\/talkpal.ai\/ro\/#website","url":"https:\/\/talkpal.ai\/ro\/","name":"Talkpal","description":"AI Language Learning","publisher":{"@id":"https:\/\/talkpal.ai\/ro\/#organization"},"alternateName":"Talkpal AI","potentialAction":[{"@type":"SearchAction","target":{"@type":"EntryPoint","urlTemplate":"https:\/\/talkpal.ai\/ro\/?s={search_term_string}"},"query-input":{"@type":"PropertyValueSpecification","valueRequired":true,"valueName":"search_term_string"}}],"inLanguage":"ro-RO"},{"@type":"Organization","@id":"https:\/\/talkpal.ai\/ro\/#organization","name":"Talkpal, Inc.","alternateName":"Talkpal AI","url":"https:\/\/talkpal.ai\/ro\/","logo":{"@type":"ImageObject","inLanguage":"ro-RO","@id":"https:\/\/talkpal.ai\/ro\/#\/schema\/logo\/image\/","url":"https:\/\/talkpal.ai\/wp-content\/uploads\/2024\/03\/Talkpal-Logo-Icon.png","contentUrl":"https:\/\/talkpal.ai\/wp-content\/uploads\/2024\/03\/Talkpal-Logo-Icon.png","width":2880,"height":2880,"caption":"Talkpal, Inc."},"image":{"@id":"https:\/\/talkpal.ai\/ro\/#\/schema\/logo\/image\/"},"sameAs":["https:\/\/www.facebook.com\/profile.php?id=100090733639311","https:\/\/x.com\/talkpalai","https:\/\/www.linkedin.com\/company\/talkpal\/","https:\/\/www.youtube.com\/@TalkPal\/","https:\/\/www.tiktok.com\/@talkpal","https:\/\/www.instagram.com\/talkpal_ai\/","https:\/\/www.crunchbase.com\/organization\/talkpal-9cde","https:\/\/www.g2.com\/products\/talkpal-for-business\/","https:\/\/www.trustpilot.com\/review\/talkpal.ai","https:\/\/www.capterra.com\/p\/10006800\/TalkPal\/"],"description":"Talkpal is a language learning web and mobile education app, powered by the latest AI technologies, that provides engaging experiences to its customers in many different languages to help them improve their language skills. Users can chat about unlimited amount of topics with the app and use other modes to practice their language learning.","email":"support@talkpal.ai","legalName":"Talkpal, Inc.","foundingDate":"2023-04-03","duns":"118989042","numberOfEmployees":{"@type":"QuantitativeValue","minValue":"11","maxValue":"50"},"publishingPrinciples":"https:\/\/talkpal.ai\/publishing-principles\/","actionableFeedbackPolicy":"https:\/\/talkpal.ai\/actionable-feedback-policy\/","correctionsPolicy":"https:\/\/talkpal.ai\/corrections-policy\/","ethicsPolicy":"https:\/\/talkpal.ai\/ethics-policy\/","diversityPolicy":"https:\/\/talkpal.ai\/diversity-policy\/","diversityStaffingReport":"https:\/\/talkpal.ai\/diversity-policy\/"}]}},"_links":{"self":[{"href":"https:\/\/talkpal.ai\/ro\/wp-json\/wp\/v2\/pages\/166167","targetHints":{"allow":["GET"]}}],"collection":[{"href":"https:\/\/talkpal.ai\/ro\/wp-json\/wp\/v2\/pages"}],"about":[{"href":"https:\/\/talkpal.ai\/ro\/wp-json\/wp\/v2\/types\/page"}],"author":[{"embeddable":true,"href":"https:\/\/talkpal.ai\/ro\/wp-json\/wp\/v2\/users\/6"}],"replies":[{"embeddable":true,"href":"https:\/\/talkpal.ai\/ro\/wp-json\/wp\/v2\/comments?post=166167"}],"version-history":[{"count":0,"href":"https:\/\/talkpal.ai\/ro\/wp-json\/wp\/v2\/pages\/166167\/revisions"}],"wp:featuredmedia":[{"embeddable":true,"href":"https:\/\/talkpal.ai\/ro\/wp-json\/wp\/v2\/media\/109497"}],"wp:attachment":[{"href":"https:\/\/talkpal.ai\/ro\/wp-json\/wp\/v2\/media?parent=166167"}],"curies":[{"name":"wp","href":"https:\/\/api.w.org\/{rel}","templated":true}]}}