{"id":165669,"date":"2023-06-16T11:55:18","date_gmt":"2023-06-16T11:55:18","guid":{"rendered":"http:\/\/talkpal.ai\/exercitii-de-gramatica-belarusa\/"},"modified":"2025-05-23T11:20:04","modified_gmt":"2025-05-23T11:20:04","slug":"exercitii-de-gramatica-belarusa","status":"publish","type":"page","link":"https:\/\/talkpal.ai\/ro\/exercitii-de-gramatica-belarusa\/","title":{"rendered":"Exerci\u021bii de gramatic\u0103 belarus\u0103"},"content":{"rendered":"\r\n\r\n\r\n<section class=\"languageChallengeSection\">\r\n    <div class=\"languageInfoWrapper\">\r\n        \r\n        <h1>Exerci\u021bii de gramatic\u0103 belarus\u0103<\/h1>\r\n        <p>Dori\u021bi s\u0103 v\u0103 \u00eembun\u0103t\u0103\u021bi\u021bi cuno\u0219tin\u021bele de limba bielorus\u0103? Practicarea exerci\u021biilor gramaticale este o modalitate excelent\u0103 de a st\u0103p\u00e2ni structura propozi\u021biilor, formele verbale \u0219i caracteristicile distinctive ale limbii belaruse. \u00cencepe\u021bi ast\u0103zi explorarea gramaticii bieloruse \u0219i urm\u0103ri\u021bi cum v\u0103 cre\u0219te \u00een\u021belegerea \u0219i fluen\u021ba cu fiecare exerci\u021biu!<\/p>\r\n\r\n                            <a class=\"getStartedHidden\" href=\"https:\/\/app.talkpal.ai\/ro\/signup?lng=\">\u00cencepe<\/a>\r\n        \r\n    <\/div>\r\n\r\n    <figure>\r\n    <img decoding=\"async\" width=\"768\" height=\"768\" src=\"https:\/\/talkpal.ai\/wp-content\/uploads\/2023\/06\/belarusian-768x768.png\" class=\"languageImage no-lazy\" alt=\"Language learning for academic excellence\" fetchpriority=\"high\" sizes=\"(max-width: 768px) 150px, 768px\" srcset=\"https:\/\/talkpal.ai\/wp-content\/uploads\/2023\/06\/belarusian-768x768.png 768w, https:\/\/talkpal.ai\/wp-content\/uploads\/2023\/06\/belarusian-300x300.png 300w\" \/>\r\n    \r\n\r\n    <\/figure>\r\n\r\n            <a class=\"getStartedVisible\" href=\"https:\/\/app.talkpal.ai\/ro\/signup?lng=\">\u00cencepe<\/a>\r\n    \r\n<\/section>\r\n\r\n\r\n<!-- <section class=\"grammarSection\">\r\n    <div class=\"grammarLinks\">\r\n            <\/div>\r\n<\/section> -->\r\n\r\n\r\n\r\n\r\n<section class=\"promotionalBanner\">\r\n    <p class=\"promotionalText\">Cel mai eficient mod de a \u00eenv\u0103\u021ba o limb\u0103<\/p>\r\n    <a class=\"promotionalLink\" href=\"https:\/\/app.talkpal.ai\/ro\/signup?lng=\">\u00cencerca\u021bi Talkpal gratuit<\/a>\r\n<\/section>\n<div class=\"wp-block-group pageContainerStyle\"><div class=\"wp-block-group__inner-container is-layout-constrained wp-block-group-is-layout-constrained\">\n<h2 class=\"wp-block-heading\" id=\"h-belarusian-grammar-topics\">Subiecte gramaticale din Belarus<\/h2>\n\n\n\n<p>Bielorusa este o limb\u0103 est-slav\u0103 vorbit\u0103 predominant \u00een Belarus de aproximativ 70% din popula\u021bie. Ca limb\u0103 slav\u0103, are asem\u0103n\u0103ri cu rusa \u0219i ucraineana, ceea ce face mai u\u0219or pentru vorbitorii acestor limbi s\u0103 \u00eenve\u021be bielorusa. Cu toate acestea, are caracteristicile <a href=\"https:\/\/talkpal.ai\/locations\/learn-english-in-sale\/\">sale<\/a> unice, iar \u00eenv\u0103\u021barea gramaticii sale poate fi o experien\u021b\u0103 plin\u0103 de satisfac\u021bii pentru pasiona\u021bii de <a href=\"https:\/\/talkpal.ai\/ro\/tutor-de-limbi-straine\/\">limbi str\u0103ine<\/a>. \u00cen acest articol, vom explora subiectele esen\u021biale de <a href=\"https:\/\/talkpal.ai\/grammar\/\">gramatic\u0103<\/a> <a href=\"https:\/\/talkpal.ai\/learn-belarusian\/\">belarus\u0103<\/a> \u00eentr-o secven\u021b\u0103 care v\u0103 va ajuta s\u0103 \u00eenv\u0103\u021ba\u021bi limba mai eficient.<\/p>\n\n\n\n<h3 class=\"wp-block-heading\" id=\"h-1-nouns\">1. Substantive:<\/h3>\n\n\n\n<p>\u00cencepe\u021bi prin a \u00eenv\u0103\u021ba substantive bieloruse, care pot fi masculine, feminine sau neutre. Acestea au \u0219ase cazuri: nominativ, acuzativ, genitiv, dativ, instrumental \u0219i prepozi\u021bional, care determin\u0103 func\u021bia substantivului \u00een cadrul unei propozi\u021bii. Acorda\u021bi aten\u021bie termina\u021biilor substantivelor \u0219i modelelor de declinare, deoarece acestea v\u0103 vor ajuta s\u0103 \u00een\u021belege\u021bi cum se schimb\u0103 substantivele \u00een diferite cazuri.<\/p>\n\n\n\n<h3 class=\"wp-block-heading\" id=\"h-2-articles\">2. Articole:<\/h3>\n\n\n\n<p>Spre deosebire de <a href=\"https:\/\/talkpal.ai\/learn-english-with-ai\/\">englez\u0103<\/a>, bielorus\u0103 nu are articole. Prin urmare, v\u0103 pute\u021bi concentra pe \u00eenv\u0103\u021barea altor aspecte ale limbii f\u0103r\u0103 s\u0103 v\u0103 face\u021bi griji cu privire la acest subiect.<\/p>\n\n\n\n<h3 class=\"wp-block-heading\" id=\"h-3-pronouns-determiners\">3. Pronume\/Determinan\u021bi:<\/h3>\n\n\n\n<p>Apoi, \u00eenv\u0103\u021ba\u021bi pronumele \u0219i determinan\u021bii, care func\u021bioneaz\u0103 similar cu echivalentele lor engleze\u0219ti. Ele \u00eenlocuiesc substantivele \u0219i transmit informa\u021bii despre posesie, cantitate sau identitate. Exist\u0103 pronume personale, posesive, demonstrative, interogative \u0219i relative \u00een bielorus\u0103 \u0219i trebuie s\u0103 memora\u021bi formele \u0219i utilizarea lor.<\/p>\n\n\n\n<h3 class=\"wp-block-heading\" id=\"h-4-adjectives\">4. Adjective:<\/h3>\n\n\n\n<p>Adjectivele \u00een bielorus\u0103 sunt de acord cu substantivul <a href=\"https:\/\/talkpal.ai\/culture\/how-do-i-use-pe-care-correctly\/\">pe care<\/a> \u00eel modific\u0103 \u00een gen, num\u0103r \u0219i caz. Afla\u021bi termina\u021biile adjectivale \u0219i cum s\u0103 forma\u021bi grade comparative \u0219i superlative pentru a exprima diferite niveluri de compara\u021bie.<\/p>\n\n\n\n<h3 class=\"wp-block-heading\" id=\"h-5-verbs\">5. Verbe:<\/h3>\n\n\n\n<p>Verbele sunt cruciale \u00een belarus\u0103, deoarece transmit ac\u021biuni, st\u0103ri \u0219i evenimente. Afla\u021bi despre conjugarea verbelor, care const\u0103 din dou\u0103 grupuri: prima conjugare (mai ales verbe masculine) \u0219i a doua conjugare (mai ales verbe feminine). De asemenea, studia\u021bi st\u0103rile imperative \u0219i conjunctive \u0219i cum s\u0103 le forma\u021bi.<\/p>\n\n\n\n<h3 class=\"wp-block-heading\" id=\"h-6-tenses\">6. Timpuri:<\/h3>\n\n\n\n<p>Bielorusa are trei timpuri principale: trecut, prezent \u0219i viitor. Afla\u021bi cum s\u0103 forma\u021bi \u0219i s\u0103 utiliza\u021bi aceste timpuri pentru a vorbi despre evenimente \u0219i ac\u021biuni \u00een momente diferite.<\/p>\n\n\n\n<h3 class=\"wp-block-heading\" id=\"h-7-tense-comparison\">7. Compara\u021bie tensionat\u0103:<\/h3>\n\n\n\n<p>Compararea timpurilor \u00een bielorus\u0103 este esen\u021bial\u0103 pentru \u00een\u021belegerea rela\u021biei dintre evenimentele trecute, prezente \u0219i viitoare. Studia\u021bi succesiunea timpurilor \u0219i modul de utilizare a acestora \u00een propozi\u021bii complexe.<\/p>\n\n\n\n<h3 class=\"wp-block-heading\" id=\"h-8-progressive\">8. Progresiv:<\/h3>\n\n\n\n<p>Belarusul folose\u0219te forma progresiv\u0103 pentru a exprima ac\u021biunile \u00een curs. Afla\u021bi cum s\u0103 forma\u021bi acest aspect cu conjugarea verbelor \u0219i verbele auxiliare corespunz\u0103toare.<\/p>\n\n\n\n<h3 class=\"wp-block-heading\" id=\"h-9-perfect-progressive\">9. Progresiv perfect:<\/h3>\n\n\n\n<p>Aspectul progresiv perfect \u00een limba belarus\u0103 combin\u0103 conceptele de finalizare \u0219i durat\u0103. Afla\u021bi cum s\u0103 forma\u021bi acest aspect folosind verbe auxiliare \u0219i formele verbale corecte.<\/p>\n\n\n\n<h3 class=\"wp-block-heading\" id=\"h-10-adverbs\">10. Adverbe:<\/h3>\n\n\n\n<p>Adverbele modific\u0103 verbele, adjectivele \u0219i alte adverbe, ad\u0103ug\u00e2nd mai multe informa\u021bii propozi\u021biei. Afla\u021bi diferitele tipuri de adverbe \u00een limba belarus\u0103, formarea lor \u0219i plasarea lor \u00een propozi\u021bie.<\/p>\n\n\n\n<h3 class=\"wp-block-heading\" id=\"h-11-prepositions\">11. Prepozi\u021bii:<\/h3>\n\n\n\n<p>Prepozi\u021biile sunt esen\u021biale pentru exprimarea rela\u021biilor dintre cuvinte \u00eentr-o propozi\u021bie. Afla\u021bi cele mai frecvente prepozi\u021bii bieloruse, cazurile lor \u0219i cum s\u0103 le folosi\u021bi cu substantive \u0219i pronume.<\/p>\n\n\n\n<h3 class=\"wp-block-heading\" id=\"h-12-conditionals\">12. Condi\u021bionale:<\/h3>\n\n\n\n<p>Condi\u021bionalele exprim\u0103 situa\u021bii ipotetice \u0219i consecin\u021bele acestora. Studia\u021bi cele trei tipuri de condi\u021bionali din belarus\u0103: reale, ireale \u0219i mixte \u0219i formele lor verbale corespunz\u0103toare.<\/p>\n\n\n\n<h3 class=\"wp-block-heading\" id=\"h-13-sentences\">13. Propozi\u021bii:<\/h3>\n\n\n\n<p>\u00cen cele din urm\u0103, afla\u021bi despre structurile propozi\u021biilor din Belarus, inclusiv propozi\u021bii simple, compuse \u0219i complexe. Exersa\u021bi combinarea diferitelor elemente gramaticale pentru a construi propozi\u021bii \u0219i pentru a v\u0103 \u00eembun\u0103t\u0103\u021bi abilit\u0103\u021bile lingvistice generale.<\/p>\n<\/div><\/div>\n\r\n<section class=\"learnNavigationSection\">\r\n            \r\n        <a href=\"https:\/\/talkpal.ai\/ro\/invata-bielorusa\/\">\r\n            <div class=\"learnNavigationWrapper\">\r\n                <div class=\"learnNavigationContent\">\r\n                    <img decoding=\"async\" src=\"https:\/\/talkpal.ai\/wp-content\/uploads\/2024\/08\/Belarusian.jpg\" alt=\"Belarusian Flag\">\r\n                    <div>\r\n                        <h4>Despre Belarusian Learning<\/h4>\r\n                        <p>Afla\u021bi totul despre gramatica belarus\u0103 .<\/p>\r\n                    <\/div>\r\n                <\/div>\r\n            <\/div>\r\n        <\/a>\r\n\r\n        \r\n        <a href=\"https:\/\/talkpal.ai\/ro\/gramatica-belarusa\/\">\r\n            <div class=\"learnNavigationWrapper\">\r\n                <div class=\"learnNavigationContent\">\r\n                    <img decoding=\"async\" src=\"https:\/\/talkpal.ai\/wp-content\/uploads\/2024\/08\/Belarusian.jpg\" alt=\"Belarusian Flag\">\r\n                    <div>\r\n                        <h4>Lec\u021bii de gramatic\u0103 belarus\u0103<\/h4>\r\n                        <p>Exersa\u021bi gramatica belarus\u0103.<\/p>\r\n                    <\/div>\r\n                <\/div>\r\n            <\/div>\r\n        <\/a>\r\n\r\n        \r\n        <a href=\"https:\/\/talkpal.ai\/vocabulary_language\/belarusian\/\">\r\n            <div class=\"learnNavigationWrapper\">\r\n                <div class=\"learnNavigationContent\">\r\n                    <img decoding=\"async\" src=\"https:\/\/talkpal.ai\/wp-content\/uploads\/2024\/08\/Belarusian.jpg\" alt=\"Belarusian Flag\">\r\n                    <div>\r\n                        <h4>Vocabular \u00een limba belarus\u0103<\/h4>\r\n                        <p>Extinde\u021bi-v\u0103 vocabularul \u00een belarus\u0103.<\/p>\r\n                    <\/div>\r\n                <\/div>\r\n            <\/div>\r\n        <\/a>\r\n\r\n            <\/section>","protected":false},"excerpt":{"rendered":"<p>Subiecte gramaticale din Belarus Bielorusa este o limb\u0103 est-slav\u0103 vorbit\u0103 predominant \u00een Belarus de aproximativ 70% din popula\u021bie. Ca limb\u0103 slav\u0103, are asem\u0103n\u0103ri cu rusa \u0219i ucraineana, ceea ce face mai u\u0219or pentru vorbitorii acestor limbi s\u0103 \u00eenve\u021be bielorusa. Cu toate acestea, are caracteristicile sale unice, iar \u00eenv\u0103\u021barea gramaticii sale poate fi o experien\u021b\u0103 plin\u0103 [&hellip;]<\/p>\n","protected":false},"author":6,"featured_media":110488,"parent":0,"menu_order":0,"comment_status":"closed","ping_status":"closed","template":"LearningContentPage.php","meta":{"_acf_changed":false,"footnotes":""},"class_list":["post-165669","page","type-page","status-publish","has-post-thumbnail","hentry"],"acf":[],"yoast_head":"<!-- This site is optimized with the Yoast SEO Premium plugin v27.2 (Yoast SEO v27.2) - https:\/\/yoast.com\/product\/yoast-seo-premium-wordpress\/ -->\n<title>Exerci\u021bii de gramatic\u0103 belarus\u0103 - Talkpal<\/title>\n<meta name=\"description\" content=\"\u00cent\u0103re\u0219te-\u021bi cuno\u0219tin\u021bele de bielorus\u0103 cu exerci\u021bii interactive de gramatic\u0103 bielorus\u0103 de la Talkpal, tutorele dvs. lingvistic bazat pe inteligen\u021b\u0103 artificial\u0103.\" \/>\n<meta name=\"robots\" content=\"index, follow, max-snippet:-1, max-image-preview:large, max-video-preview:-1\" \/>\n<link rel=\"canonical\" href=\"https:\/\/talkpal.ai\/ro\/exercitii-de-gramatica-belarusa\/\" \/>\n<meta property=\"og:locale\" content=\"ro_RO\" \/>\n<meta property=\"og:type\" content=\"article\" \/>\n<meta property=\"og:title\" content=\"Exerci\u021bii de gramatic\u0103 belarus\u0103\" \/>\n<meta property=\"og:description\" content=\"Subiecte gramaticale din Belarus Bielorusa este o limb\u0103 est-slav\u0103 vorbit\u0103 predominant \u00een Belarus de aproximativ 70% din popula\u021bie. Ca limb\u0103 slav\u0103, are\" \/>\n<meta property=\"og:url\" content=\"https:\/\/talkpal.ai\/ro\/exercitii-de-gramatica-belarusa\/\" \/>\n<meta property=\"og:site_name\" content=\"Talkpal\" \/>\n<meta property=\"article:publisher\" content=\"https:\/\/www.facebook.com\/profile.php?id=100090733639311\" \/>\n<meta property=\"article:modified_time\" content=\"2025-05-23T11:20:04+00:00\" \/>\n<meta property=\"og:image\" content=\"https:\/\/talkpal.ai\/wp-content\/uploads\/2023\/05\/belarus.png\" \/>\n\t<meta property=\"og:image:width\" content=\"512\" \/>\n\t<meta property=\"og:image:height\" content=\"512\" \/>\n\t<meta property=\"og:image:type\" content=\"image\/png\" \/>\n<meta name=\"twitter:card\" content=\"summary_large_image\" \/>\n<meta name=\"twitter:site\" content=\"@talkpalai\" \/>\n<meta name=\"twitter:label1\" content=\"Timp estimat pentru citire\" \/>\n\t<meta name=\"twitter:data1\" content=\"3 minute\" \/>\n<script type=\"application\/ld+json\" class=\"yoast-schema-graph\">{\"@context\":\"https:\/\/schema.org\",\"@graph\":[{\"@type\":\"WebPage\",\"@id\":\"https:\/\/talkpal.ai\/ro\/exercitii-de-gramatica-belarusa\/\",\"url\":\"https:\/\/talkpal.ai\/ro\/exercitii-de-gramatica-belarusa\/\",\"name\":\"Exerci\u021bii de gramatic\u0103 belarus\u0103 - Talkpal\",\"isPartOf\":{\"@id\":\"https:\/\/talkpal.ai\/ro\/#website\"},\"primaryImageOfPage\":{\"@id\":\"https:\/\/talkpal.ai\/ro\/exercitii-de-gramatica-belarusa\/#primaryimage\"},\"image\":{\"@id\":\"https:\/\/talkpal.ai\/ro\/exercitii-de-gramatica-belarusa\/#primaryimage\"},\"thumbnailUrl\":\"https:\/\/talkpal.ai\/wp-content\/uploads\/2023\/05\/belarus.png\",\"datePublished\":\"2023-06-16T11:55:18+00:00\",\"dateModified\":\"2025-05-23T11:20:04+00:00\",\"description\":\"\u00cent\u0103re\u0219te-\u021bi cuno\u0219tin\u021bele de bielorus\u0103 cu exerci\u021bii interactive de gramatic\u0103 bielorus\u0103 de la Talkpal, tutorele dvs. lingvistic bazat pe inteligen\u021b\u0103 artificial\u0103.\",\"breadcrumb\":{\"@id\":\"https:\/\/talkpal.ai\/ro\/exercitii-de-gramatica-belarusa\/#breadcrumb\"},\"inLanguage\":\"ro-RO\",\"potentialAction\":[{\"@type\":\"ReadAction\",\"target\":[\"https:\/\/talkpal.ai\/ro\/exercitii-de-gramatica-belarusa\/\"]}]},{\"@type\":\"ImageObject\",\"inLanguage\":\"ro-RO\",\"@id\":\"https:\/\/talkpal.ai\/ro\/exercitii-de-gramatica-belarusa\/#primaryimage\",\"url\":\"https:\/\/talkpal.ai\/wp-content\/uploads\/2023\/05\/belarus.png\",\"contentUrl\":\"https:\/\/talkpal.ai\/wp-content\/uploads\/2023\/05\/belarus.png\",\"width\":512,\"height\":512},{\"@type\":\"BreadcrumbList\",\"@id\":\"https:\/\/talkpal.ai\/ro\/exercitii-de-gramatica-belarusa\/#breadcrumb\",\"itemListElement\":[{\"@type\":\"ListItem\",\"position\":1,\"name\":\"Homepage\",\"item\":\"https:\/\/talkpal.ai\/ro\/\"},{\"@type\":\"ListItem\",\"position\":2,\"name\":\"Exerci\u021bii de gramatic\u0103 belarus\u0103\"}]},{\"@type\":\"WebSite\",\"@id\":\"https:\/\/talkpal.ai\/ro\/#website\",\"url\":\"https:\/\/talkpal.ai\/ro\/\",\"name\":\"Talkpal\",\"description\":\"AI Language Learning\",\"publisher\":{\"@id\":\"https:\/\/talkpal.ai\/ro\/#organization\"},\"alternateName\":\"Talkpal AI\",\"potentialAction\":[{\"@type\":\"SearchAction\",\"target\":{\"@type\":\"EntryPoint\",\"urlTemplate\":\"https:\/\/talkpal.ai\/ro\/?s={search_term_string}\"},\"query-input\":{\"@type\":\"PropertyValueSpecification\",\"valueRequired\":true,\"valueName\":\"search_term_string\"}}],\"inLanguage\":\"ro-RO\"},{\"@type\":\"Organization\",\"@id\":\"https:\/\/talkpal.ai\/ro\/#organization\",\"name\":\"Talkpal, Inc.\",\"alternateName\":\"Talkpal AI\",\"url\":\"https:\/\/talkpal.ai\/ro\/\",\"logo\":{\"@type\":\"ImageObject\",\"inLanguage\":\"ro-RO\",\"@id\":\"https:\/\/talkpal.ai\/ro\/#\/schema\/logo\/image\/\",\"url\":\"https:\/\/talkpal.ai\/wp-content\/uploads\/2024\/03\/Talkpal-Logo-Icon.png\",\"contentUrl\":\"https:\/\/talkpal.ai\/wp-content\/uploads\/2024\/03\/Talkpal-Logo-Icon.png\",\"width\":2880,\"height\":2880,\"caption\":\"Talkpal, Inc.\"},\"image\":{\"@id\":\"https:\/\/talkpal.ai\/ro\/#\/schema\/logo\/image\/\"},\"sameAs\":[\"https:\/\/www.facebook.com\/profile.php?id=100090733639311\",\"https:\/\/x.com\/talkpalai\",\"https:\/\/www.linkedin.com\/company\/talkpal\/\",\"https:\/\/www.youtube.com\/@TalkPal\/\",\"https:\/\/www.tiktok.com\/@talkpal\",\"https:\/\/www.instagram.com\/talkpal_ai\/\",\"https:\/\/www.crunchbase.com\/organization\/talkpal-9cde\",\"https:\/\/www.g2.com\/products\/talkpal-for-business\/\",\"https:\/\/www.trustpilot.com\/review\/talkpal.ai\",\"https:\/\/www.capterra.com\/p\/10006800\/TalkPal\/\"],\"description\":\"Talkpal is a language learning web and mobile education app, powered by the latest AI technologies, that provides engaging experiences to its customers in many different languages to help them improve their language skills. Users can chat about unlimited amount of topics with the app and use other modes to practice their language learning.\",\"email\":\"support@talkpal.ai\",\"legalName\":\"Talkpal, Inc.\",\"foundingDate\":\"2023-04-03\",\"duns\":\"118989042\",\"numberOfEmployees\":{\"@type\":\"QuantitativeValue\",\"minValue\":\"11\",\"maxValue\":\"50\"},\"publishingPrinciples\":\"https:\/\/talkpal.ai\/publishing-principles\/\",\"actionableFeedbackPolicy\":\"https:\/\/talkpal.ai\/actionable-feedback-policy\/\",\"correctionsPolicy\":\"https:\/\/talkpal.ai\/corrections-policy\/\",\"ethicsPolicy\":\"https:\/\/talkpal.ai\/ethics-policy\/\",\"diversityPolicy\":\"https:\/\/talkpal.ai\/diversity-policy\/\",\"diversityStaffingReport\":\"https:\/\/talkpal.ai\/diversity-policy\/\"}]}<\/script>\n<!-- \/ Yoast SEO Premium plugin. -->","yoast_head_json":{"title":"Exerci\u021bii de gramatic\u0103 belarus\u0103 - Talkpal","description":"\u00cent\u0103re\u0219te-\u021bi cuno\u0219tin\u021bele de bielorus\u0103 cu exerci\u021bii interactive de gramatic\u0103 bielorus\u0103 de la Talkpal, tutorele dvs. lingvistic bazat pe inteligen\u021b\u0103 artificial\u0103.","robots":{"index":"index","follow":"follow","max-snippet":"max-snippet:-1","max-image-preview":"max-image-preview:large","max-video-preview":"max-video-preview:-1"},"canonical":"https:\/\/talkpal.ai\/ro\/exercitii-de-gramatica-belarusa\/","og_locale":"ro_RO","og_type":"article","og_title":"Exerci\u021bii de gramatic\u0103 belarus\u0103","og_description":"Subiecte gramaticale din Belarus Bielorusa este o limb\u0103 est-slav\u0103 vorbit\u0103 predominant \u00een Belarus de aproximativ 70% din popula\u021bie. Ca limb\u0103 slav\u0103, are","og_url":"https:\/\/talkpal.ai\/ro\/exercitii-de-gramatica-belarusa\/","og_site_name":"Talkpal","article_publisher":"https:\/\/www.facebook.com\/profile.php?id=100090733639311","article_modified_time":"2025-05-23T11:20:04+00:00","og_image":[{"width":512,"height":512,"url":"https:\/\/talkpal.ai\/wp-content\/uploads\/2023\/05\/belarus.png","type":"image\/png"}],"twitter_card":"summary_large_image","twitter_site":"@talkpalai","twitter_misc":{"Timp estimat pentru citire":"3 minute"},"schema":{"@context":"https:\/\/schema.org","@graph":[{"@type":"WebPage","@id":"https:\/\/talkpal.ai\/ro\/exercitii-de-gramatica-belarusa\/","url":"https:\/\/talkpal.ai\/ro\/exercitii-de-gramatica-belarusa\/","name":"Exerci\u021bii de gramatic\u0103 belarus\u0103 - Talkpal","isPartOf":{"@id":"https:\/\/talkpal.ai\/ro\/#website"},"primaryImageOfPage":{"@id":"https:\/\/talkpal.ai\/ro\/exercitii-de-gramatica-belarusa\/#primaryimage"},"image":{"@id":"https:\/\/talkpal.ai\/ro\/exercitii-de-gramatica-belarusa\/#primaryimage"},"thumbnailUrl":"https:\/\/talkpal.ai\/wp-content\/uploads\/2023\/05\/belarus.png","datePublished":"2023-06-16T11:55:18+00:00","dateModified":"2025-05-23T11:20:04+00:00","description":"\u00cent\u0103re\u0219te-\u021bi cuno\u0219tin\u021bele de bielorus\u0103 cu exerci\u021bii interactive de gramatic\u0103 bielorus\u0103 de la Talkpal, tutorele dvs. lingvistic bazat pe inteligen\u021b\u0103 artificial\u0103.","breadcrumb":{"@id":"https:\/\/talkpal.ai\/ro\/exercitii-de-gramatica-belarusa\/#breadcrumb"},"inLanguage":"ro-RO","potentialAction":[{"@type":"ReadAction","target":["https:\/\/talkpal.ai\/ro\/exercitii-de-gramatica-belarusa\/"]}]},{"@type":"ImageObject","inLanguage":"ro-RO","@id":"https:\/\/talkpal.ai\/ro\/exercitii-de-gramatica-belarusa\/#primaryimage","url":"https:\/\/talkpal.ai\/wp-content\/uploads\/2023\/05\/belarus.png","contentUrl":"https:\/\/talkpal.ai\/wp-content\/uploads\/2023\/05\/belarus.png","width":512,"height":512},{"@type":"BreadcrumbList","@id":"https:\/\/talkpal.ai\/ro\/exercitii-de-gramatica-belarusa\/#breadcrumb","itemListElement":[{"@type":"ListItem","position":1,"name":"Homepage","item":"https:\/\/talkpal.ai\/ro\/"},{"@type":"ListItem","position":2,"name":"Exerci\u021bii de gramatic\u0103 belarus\u0103"}]},{"@type":"WebSite","@id":"https:\/\/talkpal.ai\/ro\/#website","url":"https:\/\/talkpal.ai\/ro\/","name":"Talkpal","description":"AI Language Learning","publisher":{"@id":"https:\/\/talkpal.ai\/ro\/#organization"},"alternateName":"Talkpal AI","potentialAction":[{"@type":"SearchAction","target":{"@type":"EntryPoint","urlTemplate":"https:\/\/talkpal.ai\/ro\/?s={search_term_string}"},"query-input":{"@type":"PropertyValueSpecification","valueRequired":true,"valueName":"search_term_string"}}],"inLanguage":"ro-RO"},{"@type":"Organization","@id":"https:\/\/talkpal.ai\/ro\/#organization","name":"Talkpal, Inc.","alternateName":"Talkpal AI","url":"https:\/\/talkpal.ai\/ro\/","logo":{"@type":"ImageObject","inLanguage":"ro-RO","@id":"https:\/\/talkpal.ai\/ro\/#\/schema\/logo\/image\/","url":"https:\/\/talkpal.ai\/wp-content\/uploads\/2024\/03\/Talkpal-Logo-Icon.png","contentUrl":"https:\/\/talkpal.ai\/wp-content\/uploads\/2024\/03\/Talkpal-Logo-Icon.png","width":2880,"height":2880,"caption":"Talkpal, Inc."},"image":{"@id":"https:\/\/talkpal.ai\/ro\/#\/schema\/logo\/image\/"},"sameAs":["https:\/\/www.facebook.com\/profile.php?id=100090733639311","https:\/\/x.com\/talkpalai","https:\/\/www.linkedin.com\/company\/talkpal\/","https:\/\/www.youtube.com\/@TalkPal\/","https:\/\/www.tiktok.com\/@talkpal","https:\/\/www.instagram.com\/talkpal_ai\/","https:\/\/www.crunchbase.com\/organization\/talkpal-9cde","https:\/\/www.g2.com\/products\/talkpal-for-business\/","https:\/\/www.trustpilot.com\/review\/talkpal.ai","https:\/\/www.capterra.com\/p\/10006800\/TalkPal\/"],"description":"Talkpal is a language learning web and mobile education app, powered by the latest AI technologies, that provides engaging experiences to its customers in many different languages to help them improve their language skills. Users can chat about unlimited amount of topics with the app and use other modes to practice their language learning.","email":"support@talkpal.ai","legalName":"Talkpal, Inc.","foundingDate":"2023-04-03","duns":"118989042","numberOfEmployees":{"@type":"QuantitativeValue","minValue":"11","maxValue":"50"},"publishingPrinciples":"https:\/\/talkpal.ai\/publishing-principles\/","actionableFeedbackPolicy":"https:\/\/talkpal.ai\/actionable-feedback-policy\/","correctionsPolicy":"https:\/\/talkpal.ai\/corrections-policy\/","ethicsPolicy":"https:\/\/talkpal.ai\/ethics-policy\/","diversityPolicy":"https:\/\/talkpal.ai\/diversity-policy\/","diversityStaffingReport":"https:\/\/talkpal.ai\/diversity-policy\/"}]}},"_links":{"self":[{"href":"https:\/\/talkpal.ai\/ro\/wp-json\/wp\/v2\/pages\/165669","targetHints":{"allow":["GET"]}}],"collection":[{"href":"https:\/\/talkpal.ai\/ro\/wp-json\/wp\/v2\/pages"}],"about":[{"href":"https:\/\/talkpal.ai\/ro\/wp-json\/wp\/v2\/types\/page"}],"author":[{"embeddable":true,"href":"https:\/\/talkpal.ai\/ro\/wp-json\/wp\/v2\/users\/6"}],"replies":[{"embeddable":true,"href":"https:\/\/talkpal.ai\/ro\/wp-json\/wp\/v2\/comments?post=165669"}],"version-history":[{"count":0,"href":"https:\/\/talkpal.ai\/ro\/wp-json\/wp\/v2\/pages\/165669\/revisions"}],"wp:featuredmedia":[{"embeddable":true,"href":"https:\/\/talkpal.ai\/ro\/wp-json\/wp\/v2\/media\/110488"}],"wp:attachment":[{"href":"https:\/\/talkpal.ai\/ro\/wp-json\/wp\/v2\/media?parent=165669"}],"curies":[{"name":"wp","href":"https:\/\/api.w.org\/{rel}","templated":true}]}}