{"id":164046,"date":"2023-06-16T13:02:09","date_gmt":"2023-06-16T13:02:09","guid":{"rendered":"http:\/\/talkpal.ai\/exercitii-de-gramatica-croata\/"},"modified":"2025-12-17T16:25:58","modified_gmt":"2025-12-17T16:25:58","slug":"exercitii-de-gramatica-croata","status":"publish","type":"page","link":"https:\/\/talkpal.ai\/ro\/exercitii-de-gramatica-croata\/","title":{"rendered":"Exerci\u021bii de gramatic\u0103 croat\u0103"},"content":{"rendered":"\r\n\r\n\r\n<section class=\"languageChallengeSection\">\r\n    <div class=\"languageInfoWrapper\">\r\n        \r\n        <h1>Exerci\u021bii de gramatic\u0103 croat\u0103<\/h1>\r\n        <p>Dori\u021bi s\u0103 deveni\u021bi mai \u00eencrez\u0103tori \u00een limba croat\u0103? Practicarea exerci\u021biilor gramaticale v\u0103 va ajuta s\u0103 st\u0103p\u00e2ni\u021bi structura propozi\u021biilor, formele verbale \u0219i caracteristicile unice ale limbii <a href=\"https:\/\/talkpal.ai\/learn-croatian\/\">croate<\/a>. \u00cencepe\u021bi ast\u0103zi explorarea gramaticii croate \u0219i urm\u0103ri\u021bi cum v\u0103 \u00eembun\u0103t\u0103\u021bi\u021bi abilit\u0103\u021bile \u0219i fluen\u021ba cu fiecare exerci\u021biu nou!\n\n<\/p>\r\n\r\n                            <a class=\"getStartedHidden\" href=\"https:\/\/app.talkpal.ai\/ro\/signup?lng=\">\u00cencepe<\/a>\r\n        \r\n    <\/div>\r\n\r\n    <figure>\r\n    <img decoding=\"async\" width=\"768\" height=\"768\" src=\"https:\/\/talkpal.ai\/wp-content\/uploads\/2023\/06\/croatian-768x768.png\" class=\"languageImage no-lazy\" alt=\"Language learning for successful interaction\" fetchpriority=\"high\" sizes=\"(max-width: 768px) 150px, 768px\" srcset=\"https:\/\/talkpal.ai\/wp-content\/uploads\/2023\/06\/croatian-768x768.png 768w, https:\/\/talkpal.ai\/wp-content\/uploads\/2023\/06\/croatian-300x300.png 300w\" \/>\r\n    \r\n\r\n    <\/figure>\r\n\r\n            <a class=\"getStartedVisible\" href=\"https:\/\/app.talkpal.ai\/ro\/signup?lng=\">\u00cencepe<\/a>\r\n    \r\n<\/section>\r\n\r\n\r\n<!-- <section class=\"grammarSection\">\r\n    <div class=\"grammarLinks\">\r\n            <\/div>\r\n<\/section> -->\r\n\r\n\r\n\r\n\r\n<section class=\"promotionalBanner\">\r\n    <p class=\"promotionalText\">Cel mai eficient mod de a \u00eenv\u0103\u021ba o limb\u0103<\/p>\r\n    <a class=\"promotionalLink\" href=\"https:\/\/app.talkpal.ai\/ro\/signup?lng=\">\u00cencerca\u021bi Talkpal gratuit<\/a>\r\n<\/section>\n<div class=\"wp-block-group pageContainerStyle\"><div class=\"wp-block-group__inner-container is-layout-constrained wp-block-group-is-layout-constrained\">\n<h2 class=\"wp-block-heading\" id=\"h-croatian-grammar-topics\">Subiecte gramaticale croate<\/h2>\n\n\n\n<p><a href=\"https:\/\/talkpal.ai\/learn-croatian\/\">Croata<\/a>, o limb\u0103 slav\u0103 sudic\u0103, este limba oficial\u0103 a Croa\u021biei \u0219i una dintre limbile oficiale ale Bosniei \u0219i Her\u021begovinei. Este un limbaj complex \u0219i bogat, cu o istorie \u00eendelungat\u0103 \u0219i un sistem gramatical unic. Pentru cursan\u021bi, este esen\u021bial s\u0103 \u00een\u021beleag\u0103 aspectele fundamentale ale gramaticii croate pentru a deveni competen\u021bi \u00een limb\u0103. Acest ghid v\u0103 va ajuta s\u0103 naviga\u021bi prin subiectele cheie de <a href=\"https:\/\/talkpal.ai\/grammar\/\">gramatic\u0103<\/a>, cum ar fi timpurile, verbele, substantivele \u0219i multe altele, \u00eentr-o secven\u021b\u0103 care v\u0103 va facilita procesul de \u00eenv\u0103\u021bare \u0219i va oferi o baz\u0103 solid\u0103 pentru st\u0103p\u00e2nirea acestei limbi frumoase.<\/p>\n\n\n\n<h3 class=\"wp-block-heading\" id=\"h-1-nouns\">1. Substantive:<\/h3>\n\n\n\n<p>Substantivele sunt prima piatr\u0103 de temelie a oric\u0103rei limbi, iar substantivele croate au trei genuri &#8211; masculin, feminin \u0219i neutru, care afecteaz\u0103 declinarea \u0219i acordul cu adjectivele \u0219i pronumele. Familiariza\u021bi-v\u0103 cu diferitele sexe \u0219i termina\u021biile lor respective.<\/p>\n\n\n\n<h3 class=\"wp-block-heading\" id=\"h-2-articles\">2. Articole:<\/h3>\n\n\n\n<p>\u00cen croat\u0103 nu exist\u0103 articole precum &#8222;the&#8221; sau &#8222;a&#8221; \u00een <a href=\"https:\/\/talkpal.ai\/learn-english-with-ai\/\">englez\u0103<\/a>, ceea ce face mai u\u0219or pentru \u00eencep\u0103tori s\u0103 \u00eenceap\u0103 s\u0103 construiasc\u0103 propozi\u021bii simple f\u0103r\u0103 s\u0103 \u00ee\u0219i fac\u0103 griji cu privire la utilizarea articolelor.<\/p>\n\n\n\n<h3 class=\"wp-block-heading\" id=\"h-3-pronouns-determiners\">3. Pronume\/Determinan\u021bi:<\/h3>\n\n\n\n<p>Pronumele sunt folosite pentru a \u00eenlocui substantivele \u00een propozi\u021bii, \u00een timp ce determinan\u021bii indic\u0103 specificitatea unui substantiv. Afla\u021bi diferitele tipuri de pronume (personale, posesive, demonstrative etc.) \u0219i declinarea lor \u00een func\u021bie de sex, num\u0103r \u0219i caz.<\/p>\n\n\n\n<h3 class=\"wp-block-heading\" id=\"h-4-adjectives\">4. Adjective:<\/h3>\n\n\n\n<p>Adjectivele descriu calit\u0103\u021bile substantivelor \u0219i sunt de acord cu genul, num\u0103rul \u0219i cazul substantivului <a href=\"https:\/\/talkpal.ai\/culture\/how-do-i-use-pe-care-correctly\/\">pe care<\/a> \u00eel modific\u0103. Afla\u021bi formele de baz\u0103 \u0219i modelele de declinare ale adjectivelor.<\/p>\n\n\n\n<h3 class=\"wp-block-heading\" id=\"h-5-verbs\">5. Verbe:<\/h3>\n\n\n\n<p>Verbele sunt nucleul oric\u0103rei propozi\u021bii, exprim\u00e2nd ac\u021biuni sau st\u0103ri. Verbele croate sunt conjugate \u00een func\u021bie de timp, dispozi\u021bie, voce \u0219i persoan\u0103. \u00cencepe\u021bi cu cele mai comune verbe regulate \u0219i modelele lor de conjugare \u00een timpul prezent.<\/p>\n\n\n\n<h3 class=\"wp-block-heading\" id=\"h-6-tenses\">6. Timpuri:<\/h3>\n\n\n\n<p>Croata are \u0219apte timpuri &#8211; prezent, viitor I, viitor II, trecut, pluperfect, aorist \u0219i imperfect. \u00cencepe\u021bi cu timpul prezent \u0219i apoi trece\u021bi la timpurile trecute \u0219i viitoare, \u00eenv\u0103\u021b\u00e2nd modelele de conjugare pentru fiecare.<\/p>\n\n\n\n<h3 class=\"wp-block-heading\" id=\"h-7-tense-comparison\">7. Compara\u021bie tensionat\u0103:<\/h3>\n\n\n\n<p>\u00cen\u021belegerea diferen\u021belor \u0219i asem\u0103n\u0103rilor dintre timpuri este crucial\u0103 \u00een st\u0103p\u00e2nirea limbii croate. Compara\u021bi timpurile \u0219i exersa\u021bi folosindu-le \u00een context.<\/p>\n\n\n\n<h3 class=\"wp-block-heading\" id=\"h-8-progressive\">8. Progresiv:<\/h3>\n\n\n\n<p>Aspectul progresiv exprim\u0103 ac\u021biuni care sunt \u00een curs de desf\u0103\u0219urare sau continue. Croata nu are o form\u0103 progresiv\u0103 separat\u0103, cum ar fi engleza, dar pute\u021bi transmite sensul progresiv folosind forme verbale specifice, adverbe sau construc\u021bii.<\/p>\n\n\n\n<h3 class=\"wp-block-heading\" id=\"h-9-perfect-progressive\">9. Progresiv perfect:<\/h3>\n\n\n\n<p>Acest aspect combin\u0103 semnifica\u021biile perfecte \u0219i progresive. \u00cen croat\u0103, se exprim\u0103 prin utilizarea timpului perfect cu o form\u0103 sau construc\u021bie verbal\u0103 specific\u0103 care indic\u0103 ac\u021biunea continu\u0103.<\/p>\n\n\n\n<h3 class=\"wp-block-heading\" id=\"h-10-adverbs\">10. Adverbe:<\/h3>\n\n\n\n<p>Adverbele modific\u0103 verbe, adjective sau alte adverbe \u0219i indic\u0103 de obicei modul, locul, timpul sau gradul. Afla\u021bi cele mai frecvente adverbe croate \u0219i plasarea lor \u00een propozi\u021bii.<\/p>\n\n\n\n<h3 class=\"wp-block-heading\" id=\"h-11-prepositions\">11. Prepozi\u021bii:<\/h3>\n\n\n\n<p>Prepozi\u021biile sunt folosite pentru a indica rela\u021biile dintre cuvinte, cum ar fi loca\u021bia, direc\u021bia, timpul sau posesia. Afla\u021bi cele mai frecvente prepozi\u021bii croate \u0219i cazurile pe care le guverneaz\u0103.<\/p>\n\n\n\n<h3 class=\"wp-block-heading\" id=\"h-12-conditionals\">12. Condi\u021bionale:<\/h3>\n\n\n\n<p>Condi\u021bionalele exprim\u0103 situa\u021bii sau condi\u021bii ipotetice \u0219i consecin\u021bele acestora. Croata are trei tipuri de condi\u021bionale &#8211; reale, ireale \u0219i mixte. Afla\u021bi formarea \u0219i utilizarea fiec\u0103rui tip.<\/p>\n\n\n\n<h3 class=\"wp-block-heading\" id=\"h-13-sentences\">13. Propozi\u021bii:<\/h3>\n\n\n\n<p>\u00cen cele din urm\u0103, exersa\u021bi combinarea tuturor elementelor gramaticale pe care le-a\u021bi \u00eenv\u0103\u021bat pentru a construi propozi\u021bii simple \u0219i complexe \u00een croat\u0103. Acest lucru v\u0103 va ajuta s\u0103 v\u0103 dezvolta\u021bi fluen\u021ba lingvistic\u0103 \u0219i \u00een\u021belegerea gramaticii croate \u00een ansamblu.<\/p>\n<\/div><\/div>\n\r\n<section class=\"learnNavigationSection\">\r\n            \r\n        <a href=\"https:\/\/talkpal.ai\/ro\/invata-croata\/\">\r\n            <div class=\"learnNavigationWrapper\">\r\n                <div class=\"learnNavigationContent\">\r\n                    <img decoding=\"async\" src=\"https:\/\/talkpal.ai\/wp-content\/uploads\/2024\/08\/Croatian.jpg\" alt=\"Croatian Flag\">\r\n                    <div>\r\n                        <h4>Despre \u00eenv\u0103\u021barea limbii croate<\/h4>\r\n                        <p>Afla\u021bi totul despre gramatica croat\u0103 .<\/p>\r\n                    <\/div>\r\n                <\/div>\r\n            <\/div>\r\n        <\/a>\r\n\r\n        \r\n        <a href=\"https:\/\/talkpal.ai\/ro\/gramatica-croata\/\">\r\n            <div class=\"learnNavigationWrapper\">\r\n                <div class=\"learnNavigationContent\">\r\n                    <img decoding=\"async\" src=\"https:\/\/talkpal.ai\/wp-content\/uploads\/2024\/08\/Croatian.jpg\" alt=\"Croatian Flag\">\r\n                    <div>\r\n                        <h4>Lec\u021bii de gramatic\u0103 croat\u0103<\/h4>\r\n                        <p>Exersa\u021bi gramatica croat\u0103.<\/p>\r\n                    <\/div>\r\n                <\/div>\r\n            <\/div>\r\n        <\/a>\r\n\r\n        \r\n        <a href=\"https:\/\/talkpal.ai\/vocabulary_language\/croatian\/\">\r\n            <div class=\"learnNavigationWrapper\">\r\n                <div class=\"learnNavigationContent\">\r\n                    <img decoding=\"async\" src=\"https:\/\/talkpal.ai\/wp-content\/uploads\/2024\/08\/Croatian.jpg\" alt=\"Croatian Flag\">\r\n                    <div>\r\n                        <h4>Vocabular \u00een croat\u0103<\/h4>\r\n                        <p>Extinde\u021bi-v\u0103 vocabularul croat.<\/p>\r\n                    <\/div>\r\n                <\/div>\r\n            <\/div>\r\n        <\/a>\r\n\r\n            <\/section>","protected":false},"excerpt":{"rendered":"<p>Subiecte gramaticale croate Croata, o limb\u0103 slav\u0103 sudic\u0103, este limba oficial\u0103 a Croa\u021biei \u0219i una dintre limbile oficiale ale Bosniei \u0219i Her\u021begovinei. Este un limbaj complex \u0219i bogat, cu o istorie \u00eendelungat\u0103 \u0219i un sistem gramatical unic. Pentru cursan\u021bi, este esen\u021bial s\u0103 \u00een\u021beleag\u0103 aspectele fundamentale ale gramaticii croate pentru a deveni competen\u021bi \u00een limb\u0103. Acest [&hellip;]<\/p>\n","protected":false},"author":6,"featured_media":110260,"parent":0,"menu_order":0,"comment_status":"closed","ping_status":"closed","template":"LearningContentPage.php","meta":{"_acf_changed":false,"footnotes":""},"class_list":["post-164046","page","type-page","status-publish","has-post-thumbnail","hentry"],"acf":[],"yoast_head":"<!-- This site is optimized with the Yoast SEO Premium plugin v27.2 (Yoast SEO v27.2) - https:\/\/yoast.com\/product\/yoast-seo-premium-wordpress\/ -->\n<title>Exerci\u021bii de gramatic\u0103 croat\u0103 - Talkpal<\/title>\n<meta name=\"description\" content=\"\u00cenv\u0103\u021ba\u021bi croata cu exerci\u021bii eficiente de gramatic\u0103 croat\u0103 care simplific\u0103 \u00eenv\u0103\u021barea timpurilor, verbelor \u0219i substantivelor pentru utilizatori.\" \/>\n<meta name=\"robots\" content=\"index, follow, max-snippet:-1, max-image-preview:large, max-video-preview:-1\" \/>\n<link rel=\"canonical\" href=\"https:\/\/talkpal.ai\/ro\/exercitii-de-gramatica-croata\/\" \/>\n<meta property=\"og:locale\" content=\"ro_RO\" \/>\n<meta property=\"og:type\" content=\"article\" \/>\n<meta property=\"og:title\" content=\"Exerci\u021bii de gramatic\u0103 croat\u0103\" \/>\n<meta property=\"og:description\" content=\"Subiecte gramaticale croate Croata, o limb\u0103 slav\u0103 sudic\u0103, este limba oficial\u0103 a Croa\u021biei \u0219i una dintre limbile oficiale ale Bosniei \u0219i Her\u021begovinei. Este\" \/>\n<meta property=\"og:url\" content=\"https:\/\/talkpal.ai\/ro\/exercitii-de-gramatica-croata\/\" \/>\n<meta property=\"og:site_name\" content=\"Talkpal\" \/>\n<meta property=\"article:publisher\" content=\"https:\/\/www.facebook.com\/profile.php?id=100090733639311\" \/>\n<meta property=\"article:modified_time\" content=\"2025-12-17T16:25:58+00:00\" \/>\n<meta property=\"og:image\" content=\"https:\/\/talkpal.ai\/wp-content\/uploads\/2023\/05\/croatia.png\" \/>\n\t<meta property=\"og:image:width\" content=\"512\" \/>\n\t<meta property=\"og:image:height\" content=\"512\" \/>\n\t<meta property=\"og:image:type\" content=\"image\/png\" \/>\n<meta name=\"twitter:card\" content=\"summary_large_image\" \/>\n<meta name=\"twitter:site\" content=\"@talkpalai\" \/>\n<meta name=\"twitter:label1\" content=\"Timp estimat pentru citire\" \/>\n\t<meta name=\"twitter:data1\" content=\"3 minute\" \/>\n<script type=\"application\/ld+json\" class=\"yoast-schema-graph\">{\"@context\":\"https:\/\/schema.org\",\"@graph\":[{\"@type\":\"WebPage\",\"@id\":\"https:\/\/talkpal.ai\/ro\/exercitii-de-gramatica-croata\/\",\"url\":\"https:\/\/talkpal.ai\/ro\/exercitii-de-gramatica-croata\/\",\"name\":\"Exerci\u021bii de gramatic\u0103 croat\u0103 - Talkpal\",\"isPartOf\":{\"@id\":\"https:\/\/talkpal.ai\/ro\/#website\"},\"primaryImageOfPage\":{\"@id\":\"https:\/\/talkpal.ai\/ro\/exercitii-de-gramatica-croata\/#primaryimage\"},\"image\":{\"@id\":\"https:\/\/talkpal.ai\/ro\/exercitii-de-gramatica-croata\/#primaryimage\"},\"thumbnailUrl\":\"https:\/\/talkpal.ai\/wp-content\/uploads\/2023\/05\/croatia.png\",\"datePublished\":\"2023-06-16T13:02:09+00:00\",\"dateModified\":\"2025-12-17T16:25:58+00:00\",\"description\":\"\u00cenv\u0103\u021ba\u021bi croata cu exerci\u021bii eficiente de gramatic\u0103 croat\u0103 care simplific\u0103 \u00eenv\u0103\u021barea timpurilor, verbelor \u0219i substantivelor pentru utilizatori.\",\"breadcrumb\":{\"@id\":\"https:\/\/talkpal.ai\/ro\/exercitii-de-gramatica-croata\/#breadcrumb\"},\"inLanguage\":\"ro-RO\",\"potentialAction\":[{\"@type\":\"ReadAction\",\"target\":[\"https:\/\/talkpal.ai\/ro\/exercitii-de-gramatica-croata\/\"]}]},{\"@type\":\"ImageObject\",\"inLanguage\":\"ro-RO\",\"@id\":\"https:\/\/talkpal.ai\/ro\/exercitii-de-gramatica-croata\/#primaryimage\",\"url\":\"https:\/\/talkpal.ai\/wp-content\/uploads\/2023\/05\/croatia.png\",\"contentUrl\":\"https:\/\/talkpal.ai\/wp-content\/uploads\/2023\/05\/croatia.png\",\"width\":512,\"height\":512},{\"@type\":\"BreadcrumbList\",\"@id\":\"https:\/\/talkpal.ai\/ro\/exercitii-de-gramatica-croata\/#breadcrumb\",\"itemListElement\":[{\"@type\":\"ListItem\",\"position\":1,\"name\":\"Homepage\",\"item\":\"https:\/\/talkpal.ai\/ro\/\"},{\"@type\":\"ListItem\",\"position\":2,\"name\":\"Exerci\u021bii de gramatic\u0103 croat\u0103\"}]},{\"@type\":\"WebSite\",\"@id\":\"https:\/\/talkpal.ai\/ro\/#website\",\"url\":\"https:\/\/talkpal.ai\/ro\/\",\"name\":\"Talkpal\",\"description\":\"AI Language Learning\",\"publisher\":{\"@id\":\"https:\/\/talkpal.ai\/ro\/#organization\"},\"alternateName\":\"Talkpal AI\",\"potentialAction\":[{\"@type\":\"SearchAction\",\"target\":{\"@type\":\"EntryPoint\",\"urlTemplate\":\"https:\/\/talkpal.ai\/ro\/?s={search_term_string}\"},\"query-input\":{\"@type\":\"PropertyValueSpecification\",\"valueRequired\":true,\"valueName\":\"search_term_string\"}}],\"inLanguage\":\"ro-RO\"},{\"@type\":\"Organization\",\"@id\":\"https:\/\/talkpal.ai\/ro\/#organization\",\"name\":\"Talkpal, Inc.\",\"alternateName\":\"Talkpal AI\",\"url\":\"https:\/\/talkpal.ai\/ro\/\",\"logo\":{\"@type\":\"ImageObject\",\"inLanguage\":\"ro-RO\",\"@id\":\"https:\/\/talkpal.ai\/ro\/#\/schema\/logo\/image\/\",\"url\":\"https:\/\/talkpal.ai\/wp-content\/uploads\/2024\/03\/Talkpal-Logo-Icon.png\",\"contentUrl\":\"https:\/\/talkpal.ai\/wp-content\/uploads\/2024\/03\/Talkpal-Logo-Icon.png\",\"width\":2880,\"height\":2880,\"caption\":\"Talkpal, Inc.\"},\"image\":{\"@id\":\"https:\/\/talkpal.ai\/ro\/#\/schema\/logo\/image\/\"},\"sameAs\":[\"https:\/\/www.facebook.com\/profile.php?id=100090733639311\",\"https:\/\/x.com\/talkpalai\",\"https:\/\/www.linkedin.com\/company\/talkpal\/\",\"https:\/\/www.youtube.com\/@TalkPal\/\",\"https:\/\/www.tiktok.com\/@talkpal\",\"https:\/\/www.instagram.com\/talkpal_ai\/\",\"https:\/\/www.crunchbase.com\/organization\/talkpal-9cde\",\"https:\/\/www.g2.com\/products\/talkpal-for-business\/\",\"https:\/\/www.trustpilot.com\/review\/talkpal.ai\",\"https:\/\/www.capterra.com\/p\/10006800\/TalkPal\/\"],\"description\":\"Talkpal is a language learning web and mobile education app, powered by the latest AI technologies, that provides engaging experiences to its customers in many different languages to help them improve their language skills. Users can chat about unlimited amount of topics with the app and use other modes to practice their language learning.\",\"email\":\"support@talkpal.ai\",\"legalName\":\"Talkpal, Inc.\",\"foundingDate\":\"2023-04-03\",\"duns\":\"118989042\",\"numberOfEmployees\":{\"@type\":\"QuantitativeValue\",\"minValue\":\"11\",\"maxValue\":\"50\"},\"publishingPrinciples\":\"https:\/\/talkpal.ai\/publishing-principles\/\",\"actionableFeedbackPolicy\":\"https:\/\/talkpal.ai\/actionable-feedback-policy\/\",\"correctionsPolicy\":\"https:\/\/talkpal.ai\/corrections-policy\/\",\"ethicsPolicy\":\"https:\/\/talkpal.ai\/ethics-policy\/\",\"diversityPolicy\":\"https:\/\/talkpal.ai\/diversity-policy\/\",\"diversityStaffingReport\":\"https:\/\/talkpal.ai\/diversity-policy\/\"}]}<\/script>\n<!-- \/ Yoast SEO Premium plugin. -->","yoast_head_json":{"title":"Exerci\u021bii de gramatic\u0103 croat\u0103 - Talkpal","description":"\u00cenv\u0103\u021ba\u021bi croata cu exerci\u021bii eficiente de gramatic\u0103 croat\u0103 care simplific\u0103 \u00eenv\u0103\u021barea timpurilor, verbelor \u0219i substantivelor pentru utilizatori.","robots":{"index":"index","follow":"follow","max-snippet":"max-snippet:-1","max-image-preview":"max-image-preview:large","max-video-preview":"max-video-preview:-1"},"canonical":"https:\/\/talkpal.ai\/ro\/exercitii-de-gramatica-croata\/","og_locale":"ro_RO","og_type":"article","og_title":"Exerci\u021bii de gramatic\u0103 croat\u0103","og_description":"Subiecte gramaticale croate Croata, o limb\u0103 slav\u0103 sudic\u0103, este limba oficial\u0103 a Croa\u021biei \u0219i una dintre limbile oficiale ale Bosniei \u0219i Her\u021begovinei. Este","og_url":"https:\/\/talkpal.ai\/ro\/exercitii-de-gramatica-croata\/","og_site_name":"Talkpal","article_publisher":"https:\/\/www.facebook.com\/profile.php?id=100090733639311","article_modified_time":"2025-12-17T16:25:58+00:00","og_image":[{"width":512,"height":512,"url":"https:\/\/talkpal.ai\/wp-content\/uploads\/2023\/05\/croatia.png","type":"image\/png"}],"twitter_card":"summary_large_image","twitter_site":"@talkpalai","twitter_misc":{"Timp estimat pentru citire":"3 minute"},"schema":{"@context":"https:\/\/schema.org","@graph":[{"@type":"WebPage","@id":"https:\/\/talkpal.ai\/ro\/exercitii-de-gramatica-croata\/","url":"https:\/\/talkpal.ai\/ro\/exercitii-de-gramatica-croata\/","name":"Exerci\u021bii de gramatic\u0103 croat\u0103 - Talkpal","isPartOf":{"@id":"https:\/\/talkpal.ai\/ro\/#website"},"primaryImageOfPage":{"@id":"https:\/\/talkpal.ai\/ro\/exercitii-de-gramatica-croata\/#primaryimage"},"image":{"@id":"https:\/\/talkpal.ai\/ro\/exercitii-de-gramatica-croata\/#primaryimage"},"thumbnailUrl":"https:\/\/talkpal.ai\/wp-content\/uploads\/2023\/05\/croatia.png","datePublished":"2023-06-16T13:02:09+00:00","dateModified":"2025-12-17T16:25:58+00:00","description":"\u00cenv\u0103\u021ba\u021bi croata cu exerci\u021bii eficiente de gramatic\u0103 croat\u0103 care simplific\u0103 \u00eenv\u0103\u021barea timpurilor, verbelor \u0219i substantivelor pentru utilizatori.","breadcrumb":{"@id":"https:\/\/talkpal.ai\/ro\/exercitii-de-gramatica-croata\/#breadcrumb"},"inLanguage":"ro-RO","potentialAction":[{"@type":"ReadAction","target":["https:\/\/talkpal.ai\/ro\/exercitii-de-gramatica-croata\/"]}]},{"@type":"ImageObject","inLanguage":"ro-RO","@id":"https:\/\/talkpal.ai\/ro\/exercitii-de-gramatica-croata\/#primaryimage","url":"https:\/\/talkpal.ai\/wp-content\/uploads\/2023\/05\/croatia.png","contentUrl":"https:\/\/talkpal.ai\/wp-content\/uploads\/2023\/05\/croatia.png","width":512,"height":512},{"@type":"BreadcrumbList","@id":"https:\/\/talkpal.ai\/ro\/exercitii-de-gramatica-croata\/#breadcrumb","itemListElement":[{"@type":"ListItem","position":1,"name":"Homepage","item":"https:\/\/talkpal.ai\/ro\/"},{"@type":"ListItem","position":2,"name":"Exerci\u021bii de gramatic\u0103 croat\u0103"}]},{"@type":"WebSite","@id":"https:\/\/talkpal.ai\/ro\/#website","url":"https:\/\/talkpal.ai\/ro\/","name":"Talkpal","description":"AI Language Learning","publisher":{"@id":"https:\/\/talkpal.ai\/ro\/#organization"},"alternateName":"Talkpal AI","potentialAction":[{"@type":"SearchAction","target":{"@type":"EntryPoint","urlTemplate":"https:\/\/talkpal.ai\/ro\/?s={search_term_string}"},"query-input":{"@type":"PropertyValueSpecification","valueRequired":true,"valueName":"search_term_string"}}],"inLanguage":"ro-RO"},{"@type":"Organization","@id":"https:\/\/talkpal.ai\/ro\/#organization","name":"Talkpal, Inc.","alternateName":"Talkpal AI","url":"https:\/\/talkpal.ai\/ro\/","logo":{"@type":"ImageObject","inLanguage":"ro-RO","@id":"https:\/\/talkpal.ai\/ro\/#\/schema\/logo\/image\/","url":"https:\/\/talkpal.ai\/wp-content\/uploads\/2024\/03\/Talkpal-Logo-Icon.png","contentUrl":"https:\/\/talkpal.ai\/wp-content\/uploads\/2024\/03\/Talkpal-Logo-Icon.png","width":2880,"height":2880,"caption":"Talkpal, Inc."},"image":{"@id":"https:\/\/talkpal.ai\/ro\/#\/schema\/logo\/image\/"},"sameAs":["https:\/\/www.facebook.com\/profile.php?id=100090733639311","https:\/\/x.com\/talkpalai","https:\/\/www.linkedin.com\/company\/talkpal\/","https:\/\/www.youtube.com\/@TalkPal\/","https:\/\/www.tiktok.com\/@talkpal","https:\/\/www.instagram.com\/talkpal_ai\/","https:\/\/www.crunchbase.com\/organization\/talkpal-9cde","https:\/\/www.g2.com\/products\/talkpal-for-business\/","https:\/\/www.trustpilot.com\/review\/talkpal.ai","https:\/\/www.capterra.com\/p\/10006800\/TalkPal\/"],"description":"Talkpal is a language learning web and mobile education app, powered by the latest AI technologies, that provides engaging experiences to its customers in many different languages to help them improve their language skills. Users can chat about unlimited amount of topics with the app and use other modes to practice their language learning.","email":"support@talkpal.ai","legalName":"Talkpal, Inc.","foundingDate":"2023-04-03","duns":"118989042","numberOfEmployees":{"@type":"QuantitativeValue","minValue":"11","maxValue":"50"},"publishingPrinciples":"https:\/\/talkpal.ai\/publishing-principles\/","actionableFeedbackPolicy":"https:\/\/talkpal.ai\/actionable-feedback-policy\/","correctionsPolicy":"https:\/\/talkpal.ai\/corrections-policy\/","ethicsPolicy":"https:\/\/talkpal.ai\/ethics-policy\/","diversityPolicy":"https:\/\/talkpal.ai\/diversity-policy\/","diversityStaffingReport":"https:\/\/talkpal.ai\/diversity-policy\/"}]}},"_links":{"self":[{"href":"https:\/\/talkpal.ai\/ro\/wp-json\/wp\/v2\/pages\/164046","targetHints":{"allow":["GET"]}}],"collection":[{"href":"https:\/\/talkpal.ai\/ro\/wp-json\/wp\/v2\/pages"}],"about":[{"href":"https:\/\/talkpal.ai\/ro\/wp-json\/wp\/v2\/types\/page"}],"author":[{"embeddable":true,"href":"https:\/\/talkpal.ai\/ro\/wp-json\/wp\/v2\/users\/6"}],"replies":[{"embeddable":true,"href":"https:\/\/talkpal.ai\/ro\/wp-json\/wp\/v2\/comments?post=164046"}],"version-history":[{"count":0,"href":"https:\/\/talkpal.ai\/ro\/wp-json\/wp\/v2\/pages\/164046\/revisions"}],"wp:featuredmedia":[{"embeddable":true,"href":"https:\/\/talkpal.ai\/ro\/wp-json\/wp\/v2\/media\/110260"}],"wp:attachment":[{"href":"https:\/\/talkpal.ai\/ro\/wp-json\/wp\/v2\/media?parent=164046"}],"curies":[{"name":"wp","href":"https:\/\/api.w.org\/{rel}","templated":true}]}}