{"id":163704,"date":"2023-06-16T13:10:39","date_gmt":"2023-06-16T13:10:39","guid":{"rendered":"http:\/\/talkpal.ai\/exercitii-de-gramatica-ceha\/"},"modified":"2025-12-17T16:28:10","modified_gmt":"2025-12-17T16:28:10","slug":"exercitii-de-gramatica-ceha","status":"publish","type":"page","link":"https:\/\/talkpal.ai\/ro\/exercitii-de-gramatica-ceha\/","title":{"rendered":"Exerci\u021bii de gramatic\u0103 ceh\u0103"},"content":{"rendered":"\r\n\r\n\r\n<section class=\"languageChallengeSection\">\r\n    <div class=\"languageInfoWrapper\">\r\n        \r\n        <h1>Exerci\u021bii de gramatic\u0103 ceh\u0103<\/h1>\r\n        <p>Sunte\u021bi gata s\u0103 v\u0103 ascu\u021bi\u021bi abilit\u0103\u021bile cehe? Practicarea exerci\u021biilor gramaticale este modul perfect de a st\u0103p\u00e2ni structura propozi\u021biilor, termina\u021biile verbelor \u0219i modelele distinctive ale limbii cehe. \u00cencepe\u021bi ast\u0103zi s\u0103 lucra\u021bi la gramatica ceh\u0103 \u0219i vede\u021bi cum v\u0103 cre\u0219te \u00eencrederea \u0219i fluen\u021ba cu fiecare exerci\u021biu!\n\n<\/p>\r\n\r\n                            <a class=\"getStartedHidden\" href=\"https:\/\/app.talkpal.ai\/ro\/signup?lng=\">\u00cencepe<\/a>\r\n        \r\n    <\/div>\r\n\r\n    <figure>\r\n    <img decoding=\"async\" width=\"768\" height=\"768\" src=\"https:\/\/talkpal.ai\/wp-content\/uploads\/2023\/06\/Czech-768x768.png\" class=\"languageImage no-lazy\" alt=\"Language learning for intellectual development\" fetchpriority=\"high\" sizes=\"(max-width: 768px) 150px, 768px\" srcset=\"https:\/\/talkpal.ai\/wp-content\/uploads\/2023\/06\/Czech-768x768.png 768w, https:\/\/talkpal.ai\/wp-content\/uploads\/2023\/06\/Czech-300x300.png 300w\" \/>\r\n    \r\n\r\n    <\/figure>\r\n\r\n            <a class=\"getStartedVisible\" href=\"https:\/\/app.talkpal.ai\/ro\/signup?lng=\">\u00cencepe<\/a>\r\n    \r\n<\/section>\r\n\r\n\r\n<!-- <section class=\"grammarSection\">\r\n    <div class=\"grammarLinks\">\r\n            <\/div>\r\n<\/section> -->\r\n\r\n\r\n\r\n\r\n<section class=\"promotionalBanner\">\r\n    <p class=\"promotionalText\">Cel mai eficient mod de a \u00eenv\u0103\u021ba o limb\u0103<\/p>\r\n    <a class=\"promotionalLink\" href=\"https:\/\/app.talkpal.ai\/ro\/signup?lng=\">\u00cencerca\u021bi Talkpal gratuit<\/a>\r\n<\/section>\n<div class=\"wp-block-group pageContainerStyle\"><div class=\"wp-block-group__inner-container is-layout-constrained wp-block-group-is-layout-constrained\">\n<h2 class=\"wp-block-heading\" id=\"h-czech-grammar-topics\">Subiecte de gramatic\u0103 ceh\u0103<\/h2>\n\n\n\n<p>\u00cenv\u0103\u021barea unei noi limbi poate fi o experien\u021b\u0103 interesant\u0103 \u0219i \u00eembog\u0103\u021bit\u0103, iar limba ceh\u0103 nu face excep\u021bie. Cu istoria sa bogat\u0103 \u0219i farmecul slav unic, limba ceh\u0103 ofer\u0103 cursan\u021bilor o poart\u0103 c\u0103tre inima Europei Centrale. Pentru a profita la maximum de c\u0103l\u0103toria dumneavoastr\u0103 \u00een limba ceh\u0103, este esen\u021bial s\u0103 \u00een\u021belege\u021bi \u0219i s\u0103 st\u0103p\u00e2ni\u021bi gramatica, care este coloana vertebral\u0103 a oric\u0103rei limbi. De la timpuri \u0219i verbe la adjective \u0219i prepozi\u021bii, cunoa\u0219terea acestor subiecte gramaticale v\u0103 va ajuta s\u0103 comunica\u021bi eficient \u0219i cu \u00eencredere. \u00cen acest ghid, v\u0103 vom prezenta subiectele esen\u021biale de <a href=\"https:\/\/talkpal.ai\/czech-grammar\/\">gramatic\u0103 ceh\u0103<\/a>, grupate \u00eentr-o secven\u021b\u0103 care v\u0103 va facilita \u00eenv\u0103\u021barea \u0219i \u00een\u021belegerea limbii.<\/p>\n\n\n\n<h3 class=\"wp-block-heading\" id=\"h-1-nouns\">1. Substantive:<\/h3>\n\n\n\n<p>\u00cencepe\u021bi \u00eenv\u0103\u021barea cu substantive cehe, deoarece acestea sunt fundamentul limbii. Substantivele cehe au trei genuri (masculin, feminin \u0219i neutru) \u0219i \u0219apte cazuri (nominativ, genitiv, dativ, acuzativ, vocativ, locativ \u0219i instrumental). \u00cen\u021belegerea genului \u0219i a sistemului de cazuri este crucial\u0103 pentru formarea corect\u0103 a propozi\u021biilor.<\/p>\n\n\n\n<h3 class=\"wp-block-heading\" id=\"h-2-articles\">2. Articole:<\/h3>\n\n\n\n<p>limba ceh\u0103 nu are articole nehot\u0103r\u00e2te (a, an), iar articolul hot\u0103r\u00e2t (the) este folosit numai \u00een anumite situa\u021bii specifice. Afla\u021bi c\u00e2nd \u0219i cum s\u0103 utiliza\u021bi articolul hot\u0103r\u00e2t pentru a v\u0103 \u00eembun\u0103t\u0103\u021bi \u00een\u021belegerea gramaticii cehe.<\/p>\n\n\n\n<h3 class=\"wp-block-heading\" id=\"h-3-pronouns-determiners\">3. Pronume\/Determinan\u021bi:<\/h3>\n\n\n\n<p>Pronumele \u00eenlocuiesc substantivele \u00een propozi\u021bii, \u00een timp ce determinan\u021bii specific\u0103 sau modific\u0103 substantivele. Familiariza\u021bi-v\u0103 cu pronumele personale, posesive, demonstrative, reflexive \u0219i interogative cehe, precum \u0219i cu determinan\u021bii, pentru a crea propozi\u021bii mai complexe.<\/p>\n\n\n\n<h3 class=\"wp-block-heading\" id=\"h-4-adjectives\">4. Adjective:<\/h3>\n\n\n\n<p>Adjectivele descriu sau modific\u0103 substantivele \u00een limba ceh\u0103. Afla\u021bi cum s\u0103 le utiliza\u021bi \u00een sexul, num\u0103rul \u0219i cazul corect pentru a fi de acord cu substantivul <a href=\"https:\/\/talkpal.ai\/culture\/how-do-i-use-pe-care-correctly\/\">pe care<\/a> \u00eel descriu.<\/p>\n\n\n\n<h3 class=\"wp-block-heading\" id=\"h-5-adverbs\">5. Adverbe:<\/h3>\n\n\n\n<p>Adverbele modific\u0103 verbe, adjective sau alte adverbe. Acestea ofer\u0103 informa\u021bii suplimentare despre ac\u021biune, cum ar fi modul, timpul sau locul. St\u0103p\u00e2nirea adverbelor cehe v\u0103 va ajuta s\u0103 v\u0103 transmite\u021bi mesajul mai precis.<\/p>\n\n\n\n<h3 class=\"wp-block-heading\" id=\"h-6-verbs\">6. Verbe:<\/h3>\n\n\n\n<p>Verbele cehe sunt esen\u021biale pentru exprimarea ac\u021biunilor, evenimentelor sau st\u0103rilor. Afla\u021bi modelele de conjugare, timpurile (trecut, prezent \u0219i viitor) \u0219i aspectele (perfective \u0219i imperfective) pentru a comunica eficient.<\/p>\n\n\n\n<h3 class=\"wp-block-heading\" id=\"h-7-tense-comparison\">7. Compara\u021bie tensionat\u0103:<\/h3>\n\n\n\n<p>\u00cen\u021belegerea diferen\u021belor \u0219i utilizarea timpurilor cehe (trecut, prezent \u0219i viitor) v\u0103 va permite s\u0103 v\u0103 exprima\u021bi g\u00e2ndurile cu exactitate \u0219i s\u0103 evita\u021bi confuzia.<\/p>\n\n\n\n<h3 class=\"wp-block-heading\" id=\"h-8-progressive-and-perfect-progressive\">8. Progresiv \u0219i perfect progresiv:<\/h3>\n\n\n\n<p>Ceha nu are echivalente directe pentru timpurile progresive \u0219i progresive perfecte engleze\u0219ti. \u00cen schimb, limbajul folose\u0219te diferite aspecte verbale (perfectiv \u0219i imperfectiv) \u0219i construc\u021bii pentru a transmite semnifica\u021bii similare. Afla\u021bi cum s\u0103 forma\u021bi \u0219i s\u0103 utiliza\u021bi aceste construc\u021bii pentru a exprima ac\u021biunile \u00een curs sau finalizate.<\/p>\n\n\n\n<h3 class=\"wp-block-heading\" id=\"h-9-conditionals\">9. Condi\u021bionale:<\/h3>\n\n\n\n<p>Condi\u021bionalele sunt folosite pentru a exprima situa\u021bii sau condi\u021bii ipotetice. St\u0103p\u00e2ne\u0219te formele condi\u021bionale cehe pentru a discuta posibilit\u0103\u021bile \u0219i a face predic\u021bii.<\/p>\n\n\n\n<h3 class=\"wp-block-heading\" id=\"h-10-prepositions\">10. Prepozi\u021bii:<\/h3>\n\n\n\n<p>Prepozi\u021biile sunt folosite pentru a indica rela\u021biile dintre cuvinte, cum ar fi loca\u021bia, direc\u021bia, timpul sau cauza. \u00cenv\u0103\u021barea \u0219i utilizarea corect\u0103 a prepozi\u021biilor cehe v\u0103 va ajuta s\u0103 construi\u021bi propozi\u021bii clare \u0219i semnificative.<\/p>\n\n\n\n<h3 class=\"wp-block-heading\" id=\"h-11-sentences\">11. Propozi\u021bii:<\/h3>\n\n\n\n<p>\u00cen cele din urm\u0103, exersa\u021bi formarea propozi\u021biilor cehe combin\u00e2nd elementele gramaticale pe care le-a\u021bi \u00eenv\u0103\u021bat. Concentra\u021bi-v\u0103 pe crearea de propozi\u021bii simple, compuse, complexe \u0219i complexe pentru a v\u0103 \u00eembun\u0103t\u0103\u021bi fluen\u021ba \u0219i abilit\u0103\u021bile de comunicare \u00een limba ceh\u0103.<\/p>\n<\/div><\/div>\n\r\n<section class=\"learnNavigationSection\">\r\n            \r\n        <a href=\"https:\/\/talkpal.ai\/ro\/invata-limba-ceha\/\">\r\n            <div class=\"learnNavigationWrapper\">\r\n                <div class=\"learnNavigationContent\">\r\n                    <img decoding=\"async\" src=\"https:\/\/talkpal.ai\/wp-content\/uploads\/2024\/08\/Czech.jpg\" alt=\"Czech Flag\">\r\n                    <div>\r\n                        <h4>Despre Czech Learning<\/h4>\r\n                        <p>Afla\u021bi totul despre gramatica limbii cehe .<\/p>\r\n                    <\/div>\r\n                <\/div>\r\n            <\/div>\r\n        <\/a>\r\n\r\n        \r\n        <a href=\"https:\/\/talkpal.ai\/ro\/gramatica-limbii-cehe\/\">\r\n            <div class=\"learnNavigationWrapper\">\r\n                <div class=\"learnNavigationContent\">\r\n                    <img decoding=\"async\" src=\"https:\/\/talkpal.ai\/wp-content\/uploads\/2024\/08\/Czech.jpg\" alt=\"Czech Flag\">\r\n                    <div>\r\n                        <h4>Lec\u021bii de gramatic\u0103 ceh\u0103<\/h4>\r\n                        <p>Exersa\u021bi gramatica ceh\u0103.<\/p>\r\n                    <\/div>\r\n                <\/div>\r\n            <\/div>\r\n        <\/a>\r\n\r\n        \r\n        <a href=\"https:\/\/talkpal.ai\/vocabulary_language\/czech\/\">\r\n            <div class=\"learnNavigationWrapper\">\r\n                <div class=\"learnNavigationContent\">\r\n                    <img decoding=\"async\" src=\"https:\/\/talkpal.ai\/wp-content\/uploads\/2024\/08\/Czech.jpg\" alt=\"Czech Flag\">\r\n                    <div>\r\n                        <h4>Vocabular ceh<\/h4>\r\n                        <p>Extinde\u021bi-v\u0103 vocabularul ceh.<\/p>\r\n                    <\/div>\r\n                <\/div>\r\n            <\/div>\r\n        <\/a>\r\n\r\n            <\/section>","protected":false},"excerpt":{"rendered":"<p>Subiecte de gramatic\u0103 ceh\u0103 \u00cenv\u0103\u021barea unei noi limbi poate fi o experien\u021b\u0103 interesant\u0103 \u0219i \u00eembog\u0103\u021bit\u0103, iar limba ceh\u0103 nu face excep\u021bie. Cu istoria sa bogat\u0103 \u0219i farmecul slav unic, limba ceh\u0103 ofer\u0103 cursan\u021bilor o poart\u0103 c\u0103tre inima Europei Centrale. Pentru a profita la maximum de c\u0103l\u0103toria dumneavoastr\u0103 \u00een limba ceh\u0103, este esen\u021bial s\u0103 \u00een\u021belege\u021bi \u0219i [&hellip;]<\/p>\n","protected":false},"author":6,"featured_media":111604,"parent":0,"menu_order":0,"comment_status":"closed","ping_status":"closed","template":"LearningContentPage.php","meta":{"_acf_changed":false,"footnotes":""},"class_list":["post-163704","page","type-page","status-publish","has-post-thumbnail","hentry"],"acf":[],"yoast_head":"<!-- This site is optimized with the Yoast SEO Premium plugin v27.2 (Yoast SEO v27.2) - https:\/\/yoast.com\/product\/yoast-seo-premium-wordpress\/ -->\n<title>Exerci\u021bii de gramatic\u0103 ceh\u0103 - Talkpal<\/title>\n<meta name=\"description\" content=\"Descoperi\u021bi secretele limbii cehe cu exerci\u021bii esen\u021biale de gramatic\u0103 ceh\u0103 pentru o comunicare sigur\u0103.\" \/>\n<meta name=\"robots\" content=\"index, follow, max-snippet:-1, max-image-preview:large, max-video-preview:-1\" \/>\n<link rel=\"canonical\" href=\"https:\/\/talkpal.ai\/ro\/exercitii-de-gramatica-ceha\/\" \/>\n<meta property=\"og:locale\" content=\"ro_RO\" \/>\n<meta property=\"og:type\" content=\"article\" \/>\n<meta property=\"og:title\" content=\"Exerci\u021bii de gramatic\u0103 ceh\u0103\" \/>\n<meta property=\"og:description\" content=\"Subiecte de gramatic\u0103 ceh\u0103 \u00cenv\u0103\u021barea unei noi limbi poate fi o experien\u021b\u0103 interesant\u0103 \u0219i \u00eembog\u0103\u021bit\u0103, iar limba ceh\u0103 nu face excep\u021bie. Cu istoria sa bogat\u0103\" \/>\n<meta property=\"og:url\" content=\"https:\/\/talkpal.ai\/ro\/exercitii-de-gramatica-ceha\/\" \/>\n<meta property=\"og:site_name\" content=\"Talkpal\" \/>\n<meta property=\"article:publisher\" content=\"https:\/\/www.facebook.com\/profile.php?id=100090733639311\" \/>\n<meta property=\"article:modified_time\" content=\"2025-12-17T16:28:10+00:00\" \/>\n<meta property=\"og:image\" content=\"https:\/\/talkpal.ai\/wp-content\/uploads\/2023\/05\/czech-republic.png\" \/>\n\t<meta property=\"og:image:width\" content=\"512\" \/>\n\t<meta property=\"og:image:height\" content=\"512\" \/>\n\t<meta property=\"og:image:type\" content=\"image\/png\" \/>\n<meta name=\"twitter:card\" content=\"summary_large_image\" \/>\n<meta name=\"twitter:site\" content=\"@talkpalai\" \/>\n<meta name=\"twitter:label1\" content=\"Timp estimat pentru citire\" \/>\n\t<meta name=\"twitter:data1\" content=\"3 minute\" \/>\n<script type=\"application\/ld+json\" class=\"yoast-schema-graph\">{\"@context\":\"https:\/\/schema.org\",\"@graph\":[{\"@type\":\"WebPage\",\"@id\":\"https:\/\/talkpal.ai\/ro\/exercitii-de-gramatica-ceha\/\",\"url\":\"https:\/\/talkpal.ai\/ro\/exercitii-de-gramatica-ceha\/\",\"name\":\"Exerci\u021bii de gramatic\u0103 ceh\u0103 - Talkpal\",\"isPartOf\":{\"@id\":\"https:\/\/talkpal.ai\/ro\/#website\"},\"primaryImageOfPage\":{\"@id\":\"https:\/\/talkpal.ai\/ro\/exercitii-de-gramatica-ceha\/#primaryimage\"},\"image\":{\"@id\":\"https:\/\/talkpal.ai\/ro\/exercitii-de-gramatica-ceha\/#primaryimage\"},\"thumbnailUrl\":\"https:\/\/talkpal.ai\/wp-content\/uploads\/2023\/05\/czech-republic.png\",\"datePublished\":\"2023-06-16T13:10:39+00:00\",\"dateModified\":\"2025-12-17T16:28:10+00:00\",\"description\":\"Descoperi\u021bi secretele limbii cehe cu exerci\u021bii esen\u021biale de gramatic\u0103 ceh\u0103 pentru o comunicare sigur\u0103.\",\"breadcrumb\":{\"@id\":\"https:\/\/talkpal.ai\/ro\/exercitii-de-gramatica-ceha\/#breadcrumb\"},\"inLanguage\":\"ro-RO\",\"potentialAction\":[{\"@type\":\"ReadAction\",\"target\":[\"https:\/\/talkpal.ai\/ro\/exercitii-de-gramatica-ceha\/\"]}]},{\"@type\":\"ImageObject\",\"inLanguage\":\"ro-RO\",\"@id\":\"https:\/\/talkpal.ai\/ro\/exercitii-de-gramatica-ceha\/#primaryimage\",\"url\":\"https:\/\/talkpal.ai\/wp-content\/uploads\/2023\/05\/czech-republic.png\",\"contentUrl\":\"https:\/\/talkpal.ai\/wp-content\/uploads\/2023\/05\/czech-republic.png\",\"width\":512,\"height\":512},{\"@type\":\"BreadcrumbList\",\"@id\":\"https:\/\/talkpal.ai\/ro\/exercitii-de-gramatica-ceha\/#breadcrumb\",\"itemListElement\":[{\"@type\":\"ListItem\",\"position\":1,\"name\":\"Homepage\",\"item\":\"https:\/\/talkpal.ai\/ro\/\"},{\"@type\":\"ListItem\",\"position\":2,\"name\":\"Exerci\u021bii de gramatic\u0103 ceh\u0103\"}]},{\"@type\":\"WebSite\",\"@id\":\"https:\/\/talkpal.ai\/ro\/#website\",\"url\":\"https:\/\/talkpal.ai\/ro\/\",\"name\":\"Talkpal\",\"description\":\"AI Language Learning\",\"publisher\":{\"@id\":\"https:\/\/talkpal.ai\/ro\/#organization\"},\"alternateName\":\"Talkpal AI\",\"potentialAction\":[{\"@type\":\"SearchAction\",\"target\":{\"@type\":\"EntryPoint\",\"urlTemplate\":\"https:\/\/talkpal.ai\/ro\/?s={search_term_string}\"},\"query-input\":{\"@type\":\"PropertyValueSpecification\",\"valueRequired\":true,\"valueName\":\"search_term_string\"}}],\"inLanguage\":\"ro-RO\"},{\"@type\":\"Organization\",\"@id\":\"https:\/\/talkpal.ai\/ro\/#organization\",\"name\":\"Talkpal, Inc.\",\"alternateName\":\"Talkpal AI\",\"url\":\"https:\/\/talkpal.ai\/ro\/\",\"logo\":{\"@type\":\"ImageObject\",\"inLanguage\":\"ro-RO\",\"@id\":\"https:\/\/talkpal.ai\/ro\/#\/schema\/logo\/image\/\",\"url\":\"https:\/\/talkpal.ai\/wp-content\/uploads\/2024\/03\/Talkpal-Logo-Icon.png\",\"contentUrl\":\"https:\/\/talkpal.ai\/wp-content\/uploads\/2024\/03\/Talkpal-Logo-Icon.png\",\"width\":2880,\"height\":2880,\"caption\":\"Talkpal, Inc.\"},\"image\":{\"@id\":\"https:\/\/talkpal.ai\/ro\/#\/schema\/logo\/image\/\"},\"sameAs\":[\"https:\/\/www.facebook.com\/profile.php?id=100090733639311\",\"https:\/\/x.com\/talkpalai\",\"https:\/\/www.linkedin.com\/company\/talkpal\/\",\"https:\/\/www.youtube.com\/@TalkPal\/\",\"https:\/\/www.tiktok.com\/@talkpal\",\"https:\/\/www.instagram.com\/talkpal_ai\/\",\"https:\/\/www.crunchbase.com\/organization\/talkpal-9cde\",\"https:\/\/www.g2.com\/products\/talkpal-for-business\/\",\"https:\/\/www.trustpilot.com\/review\/talkpal.ai\",\"https:\/\/www.capterra.com\/p\/10006800\/TalkPal\/\"],\"description\":\"Talkpal is a language learning web and mobile education app, powered by the latest AI technologies, that provides engaging experiences to its customers in many different languages to help them improve their language skills. Users can chat about unlimited amount of topics with the app and use other modes to practice their language learning.\",\"email\":\"support@talkpal.ai\",\"legalName\":\"Talkpal, Inc.\",\"foundingDate\":\"2023-04-03\",\"duns\":\"118989042\",\"numberOfEmployees\":{\"@type\":\"QuantitativeValue\",\"minValue\":\"11\",\"maxValue\":\"50\"},\"publishingPrinciples\":\"https:\/\/talkpal.ai\/publishing-principles\/\",\"actionableFeedbackPolicy\":\"https:\/\/talkpal.ai\/actionable-feedback-policy\/\",\"correctionsPolicy\":\"https:\/\/talkpal.ai\/corrections-policy\/\",\"ethicsPolicy\":\"https:\/\/talkpal.ai\/ethics-policy\/\",\"diversityPolicy\":\"https:\/\/talkpal.ai\/diversity-policy\/\",\"diversityStaffingReport\":\"https:\/\/talkpal.ai\/diversity-policy\/\"}]}<\/script>\n<!-- \/ Yoast SEO Premium plugin. -->","yoast_head_json":{"title":"Exerci\u021bii de gramatic\u0103 ceh\u0103 - Talkpal","description":"Descoperi\u021bi secretele limbii cehe cu exerci\u021bii esen\u021biale de gramatic\u0103 ceh\u0103 pentru o comunicare sigur\u0103.","robots":{"index":"index","follow":"follow","max-snippet":"max-snippet:-1","max-image-preview":"max-image-preview:large","max-video-preview":"max-video-preview:-1"},"canonical":"https:\/\/talkpal.ai\/ro\/exercitii-de-gramatica-ceha\/","og_locale":"ro_RO","og_type":"article","og_title":"Exerci\u021bii de gramatic\u0103 ceh\u0103","og_description":"Subiecte de gramatic\u0103 ceh\u0103 \u00cenv\u0103\u021barea unei noi limbi poate fi o experien\u021b\u0103 interesant\u0103 \u0219i \u00eembog\u0103\u021bit\u0103, iar limba ceh\u0103 nu face excep\u021bie. Cu istoria sa bogat\u0103","og_url":"https:\/\/talkpal.ai\/ro\/exercitii-de-gramatica-ceha\/","og_site_name":"Talkpal","article_publisher":"https:\/\/www.facebook.com\/profile.php?id=100090733639311","article_modified_time":"2025-12-17T16:28:10+00:00","og_image":[{"width":512,"height":512,"url":"https:\/\/talkpal.ai\/wp-content\/uploads\/2023\/05\/czech-republic.png","type":"image\/png"}],"twitter_card":"summary_large_image","twitter_site":"@talkpalai","twitter_misc":{"Timp estimat pentru citire":"3 minute"},"schema":{"@context":"https:\/\/schema.org","@graph":[{"@type":"WebPage","@id":"https:\/\/talkpal.ai\/ro\/exercitii-de-gramatica-ceha\/","url":"https:\/\/talkpal.ai\/ro\/exercitii-de-gramatica-ceha\/","name":"Exerci\u021bii de gramatic\u0103 ceh\u0103 - Talkpal","isPartOf":{"@id":"https:\/\/talkpal.ai\/ro\/#website"},"primaryImageOfPage":{"@id":"https:\/\/talkpal.ai\/ro\/exercitii-de-gramatica-ceha\/#primaryimage"},"image":{"@id":"https:\/\/talkpal.ai\/ro\/exercitii-de-gramatica-ceha\/#primaryimage"},"thumbnailUrl":"https:\/\/talkpal.ai\/wp-content\/uploads\/2023\/05\/czech-republic.png","datePublished":"2023-06-16T13:10:39+00:00","dateModified":"2025-12-17T16:28:10+00:00","description":"Descoperi\u021bi secretele limbii cehe cu exerci\u021bii esen\u021biale de gramatic\u0103 ceh\u0103 pentru o comunicare sigur\u0103.","breadcrumb":{"@id":"https:\/\/talkpal.ai\/ro\/exercitii-de-gramatica-ceha\/#breadcrumb"},"inLanguage":"ro-RO","potentialAction":[{"@type":"ReadAction","target":["https:\/\/talkpal.ai\/ro\/exercitii-de-gramatica-ceha\/"]}]},{"@type":"ImageObject","inLanguage":"ro-RO","@id":"https:\/\/talkpal.ai\/ro\/exercitii-de-gramatica-ceha\/#primaryimage","url":"https:\/\/talkpal.ai\/wp-content\/uploads\/2023\/05\/czech-republic.png","contentUrl":"https:\/\/talkpal.ai\/wp-content\/uploads\/2023\/05\/czech-republic.png","width":512,"height":512},{"@type":"BreadcrumbList","@id":"https:\/\/talkpal.ai\/ro\/exercitii-de-gramatica-ceha\/#breadcrumb","itemListElement":[{"@type":"ListItem","position":1,"name":"Homepage","item":"https:\/\/talkpal.ai\/ro\/"},{"@type":"ListItem","position":2,"name":"Exerci\u021bii de gramatic\u0103 ceh\u0103"}]},{"@type":"WebSite","@id":"https:\/\/talkpal.ai\/ro\/#website","url":"https:\/\/talkpal.ai\/ro\/","name":"Talkpal","description":"AI Language Learning","publisher":{"@id":"https:\/\/talkpal.ai\/ro\/#organization"},"alternateName":"Talkpal AI","potentialAction":[{"@type":"SearchAction","target":{"@type":"EntryPoint","urlTemplate":"https:\/\/talkpal.ai\/ro\/?s={search_term_string}"},"query-input":{"@type":"PropertyValueSpecification","valueRequired":true,"valueName":"search_term_string"}}],"inLanguage":"ro-RO"},{"@type":"Organization","@id":"https:\/\/talkpal.ai\/ro\/#organization","name":"Talkpal, Inc.","alternateName":"Talkpal AI","url":"https:\/\/talkpal.ai\/ro\/","logo":{"@type":"ImageObject","inLanguage":"ro-RO","@id":"https:\/\/talkpal.ai\/ro\/#\/schema\/logo\/image\/","url":"https:\/\/talkpal.ai\/wp-content\/uploads\/2024\/03\/Talkpal-Logo-Icon.png","contentUrl":"https:\/\/talkpal.ai\/wp-content\/uploads\/2024\/03\/Talkpal-Logo-Icon.png","width":2880,"height":2880,"caption":"Talkpal, Inc."},"image":{"@id":"https:\/\/talkpal.ai\/ro\/#\/schema\/logo\/image\/"},"sameAs":["https:\/\/www.facebook.com\/profile.php?id=100090733639311","https:\/\/x.com\/talkpalai","https:\/\/www.linkedin.com\/company\/talkpal\/","https:\/\/www.youtube.com\/@TalkPal\/","https:\/\/www.tiktok.com\/@talkpal","https:\/\/www.instagram.com\/talkpal_ai\/","https:\/\/www.crunchbase.com\/organization\/talkpal-9cde","https:\/\/www.g2.com\/products\/talkpal-for-business\/","https:\/\/www.trustpilot.com\/review\/talkpal.ai","https:\/\/www.capterra.com\/p\/10006800\/TalkPal\/"],"description":"Talkpal is a language learning web and mobile education app, powered by the latest AI technologies, that provides engaging experiences to its customers in many different languages to help them improve their language skills. Users can chat about unlimited amount of topics with the app and use other modes to practice their language learning.","email":"support@talkpal.ai","legalName":"Talkpal, Inc.","foundingDate":"2023-04-03","duns":"118989042","numberOfEmployees":{"@type":"QuantitativeValue","minValue":"11","maxValue":"50"},"publishingPrinciples":"https:\/\/talkpal.ai\/publishing-principles\/","actionableFeedbackPolicy":"https:\/\/talkpal.ai\/actionable-feedback-policy\/","correctionsPolicy":"https:\/\/talkpal.ai\/corrections-policy\/","ethicsPolicy":"https:\/\/talkpal.ai\/ethics-policy\/","diversityPolicy":"https:\/\/talkpal.ai\/diversity-policy\/","diversityStaffingReport":"https:\/\/talkpal.ai\/diversity-policy\/"}]}},"_links":{"self":[{"href":"https:\/\/talkpal.ai\/ro\/wp-json\/wp\/v2\/pages\/163704","targetHints":{"allow":["GET"]}}],"collection":[{"href":"https:\/\/talkpal.ai\/ro\/wp-json\/wp\/v2\/pages"}],"about":[{"href":"https:\/\/talkpal.ai\/ro\/wp-json\/wp\/v2\/types\/page"}],"author":[{"embeddable":true,"href":"https:\/\/talkpal.ai\/ro\/wp-json\/wp\/v2\/users\/6"}],"replies":[{"embeddable":true,"href":"https:\/\/talkpal.ai\/ro\/wp-json\/wp\/v2\/comments?post=163704"}],"version-history":[{"count":0,"href":"https:\/\/talkpal.ai\/ro\/wp-json\/wp\/v2\/pages\/163704\/revisions"}],"wp:featuredmedia":[{"embeddable":true,"href":"https:\/\/talkpal.ai\/ro\/wp-json\/wp\/v2\/media\/111604"}],"wp:attachment":[{"href":"https:\/\/talkpal.ai\/ro\/wp-json\/wp\/v2\/media?parent=163704"}],"curies":[{"name":"wp","href":"https:\/\/api.w.org\/{rel}","templated":true}]}}