{"id":163371,"date":"2023-06-16T13:19:10","date_gmt":"2023-06-16T13:19:10","guid":{"rendered":"http:\/\/talkpal.ai\/exercitii-de-gramatica-daneza\/"},"modified":"2025-12-17T16:30:17","modified_gmt":"2025-12-17T16:30:17","slug":"exercitii-de-gramatica-daneza","status":"publish","type":"page","link":"https:\/\/talkpal.ai\/ro\/exercitii-de-gramatica-daneza\/","title":{"rendered":"Exerci\u021bii de gramatic\u0103 danez\u0103"},"content":{"rendered":"\r\n\r\n\r\n<section class=\"languageChallengeSection\">\r\n    <div class=\"languageInfoWrapper\">\r\n        \r\n        <h1>Exerci\u021bii de gramatic\u0103 danez\u0103<\/h1>\r\n        <p>Sunte\u021bi gata s\u0103 v\u0103 \u00eembun\u0103t\u0103\u021bi\u021bi limba danez\u0103? Practicarea exerci\u021biilor gramaticale este o modalitate fantastic\u0103 de a st\u0103p\u00e2ni structura propozi\u021biilor, conjugarea verbelor \u0219i caracteristicile speciale ale limbii daneze. \u00cencepe\u021bi ast\u0103zi s\u0103 lucra\u021bi la gramatica danez\u0103 \u0219i vede\u021bi cum v\u0103 cresc abilit\u0103\u021bile \u0219i \u00eencrederea cu fiecare exerci\u021biu!\n\n<\/p>\r\n\r\n                            <a class=\"getStartedHidden\" href=\"https:\/\/app.talkpal.ai\/ro\/signup?lng=\">\u00cencepe<\/a>\r\n        \r\n    <\/div>\r\n\r\n    <figure>\r\n    <img decoding=\"async\" width=\"768\" height=\"768\" src=\"https:\/\/talkpal.ai\/wp-content\/uploads\/2023\/06\/danish-768x768.png\" class=\"languageImage no-lazy\" alt=\"Language learning for career enhancement\" fetchpriority=\"high\" sizes=\"(max-width: 768px) 150px, 768px\" srcset=\"https:\/\/talkpal.ai\/wp-content\/uploads\/2023\/06\/danish-768x768.png 768w, https:\/\/talkpal.ai\/wp-content\/uploads\/2023\/06\/danish-300x300.png 300w\" \/>\r\n    \r\n\r\n    <\/figure>\r\n\r\n            <a class=\"getStartedVisible\" href=\"https:\/\/app.talkpal.ai\/ro\/signup?lng=\">\u00cencepe<\/a>\r\n    \r\n<\/section>\r\n\r\n\r\n<!-- <section class=\"grammarSection\">\r\n    <div class=\"grammarLinks\">\r\n            <\/div>\r\n<\/section> -->\r\n\r\n\r\n\r\n\r\n<section class=\"promotionalBanner\">\r\n    <p class=\"promotionalText\">Cel mai eficient mod de a \u00eenv\u0103\u021ba o limb\u0103<\/p>\r\n    <a class=\"promotionalLink\" href=\"https:\/\/app.talkpal.ai\/ro\/signup?lng=\">\u00cencerca\u021bi Talkpal gratuit<\/a>\r\n<\/section>\n<div class=\"wp-block-group pageContainerStyle\"><div class=\"wp-block-group__inner-container is-layout-constrained wp-block-group-is-layout-constrained\">\n<h2 class=\"wp-block-heading\" id=\"h-danish-grammar-topics\">Subiecte gramaticale daneze<\/h2>\n\n\n\n<p>\u00cenv\u0103\u021barea limbii daneze poate fi o experien\u021b\u0103 plin\u0103 de satisfac\u021bii \u0219i pl\u0103cut\u0103 pentru cei interesa\u021bi s\u0103 exploreze cultura \u0219i istoria bogat\u0103 a Danemarcei. Ca limb\u0103 germanic\u0103 de nord, daneza \u00eemp\u0103rt\u0103\u0219e\u0219te multe asem\u0103n\u0103ri cu alte limbi scandinave, cum ar fi suedeza \u0219i norvegiana. Prin st\u0103p\u00e2nirea limbii daneze, deschide\u021bi oportunit\u0103\u021bi de a v\u0103 conecta cu vorbitori nativi, de a v\u0103 bucura de literatura danez\u0103 \u0219i de a v\u0103 aprofunda \u00een\u021belegerea societ\u0103\u021bii daneze. Pentru a ob\u021bine fluen\u021b\u0103 \u00een danez\u0103, este esen\u021bial s\u0103 v\u0103 familiariza\u021bi cu diferite subiecte de <a href=\"https:\/\/talkpal.ai\/grammar\/\">gramatic\u0103<\/a>, care sunt elementele de baz\u0103 ale limbii. \u00cen acest ghid, vom explora secven\u021ba <a href=\"https:\/\/talkpal.ai\/culture\/how-do-i-use-pe-care-correctly\/\">pe care<\/a> ar trebui s\u0103 o urma\u021bi \u00een \u00eenv\u0103\u021barea gramaticii daneze, acoperind subiecte precum timpuri, verbe, substantive \u0219i multe altele.<\/p>\n\n\n\n<h3 class=\"wp-block-heading\" id=\"h-1-nouns-articles-and-pronouns-determiners\">1. Substantive, articole \u0219i pronume\/determinan\u021bi:<\/h3>\n\n\n\n<p>\u00cencepe\u021bi prin a \u00eenv\u0103\u021ba elementele de baz\u0103 ale substantivelor daneze, inclusiv sexul \u0219i num\u0103rul acestora. Familiariza\u021bi-v\u0103 cu articolele definite \u0219i nedeterminate, precum \u0219i cu diferitele tipuri de pronume \u0219i determinan\u021bi. Acest lucru v\u0103 va ajuta s\u0103 construi\u021bi o baz\u0103 solid\u0103 pentru formarea propozi\u021biilor simple.<\/p>\n\n\n\n<h3 class=\"wp-block-heading\" id=\"h-2-adjectives-and-adverbs\">2. Adjective \u0219i adverbe:<\/h3>\n\n\n\n<p>Dup\u0103 ce a\u021bi \u00een\u021beles elementele de baz\u0103 ale substantivelor \u0219i pronumelor, trece\u021bi la adjective \u0219i adverbe. Afla\u021bi cum s\u0103 descrie\u021bi substantivele cu acordul adjectival adecvat \u0219i s\u0103 utiliza\u021bi adverbe pentru a modifica verbe, adjective \u0219i alte adverbe.<\/p>\n\n\n\n<h3 class=\"wp-block-heading\" id=\"h-3-verbs-and-tenses\">3. Verbe \u0219i timpuri:<\/h3>\n\n\n\n<p>St\u0103p\u00e2ne\u0219te conjugarea verbelor regulate \u0219i neregulate la timpul prezent, trecut \u0219i viitor. \u00cen\u021belegerea compara\u021biei tensionate v\u0103 va ajuta s\u0103 exprima\u021bi ac\u021biuni sau evenimente care apar \u00een momente diferite.<\/p>\n\n\n\n<h3 class=\"wp-block-heading\" id=\"h-4-progressive-and-perfect-progressive\">4. Progresiv \u0219i perfect progresiv:<\/h3>\n\n\n\n<p>Aceste aspecte ale gramaticii daneze v\u0103 permit s\u0103 descrie\u021bi ac\u021biuni sau evenimente \u00een curs \u0219i ac\u021biuni care au fost finalizate, dar sunt \u00eenc\u0103 relevante. Afla\u021bi formele verbale adecvate \u0219i verbele auxiliare utilizate \u00een timpurile progresive \u0219i progresive perfecte.<\/p>\n\n\n\n<h3 class=\"wp-block-heading\" id=\"h-5-prepositions\">5. Prepozi\u021bii:<\/h3>\n\n\n\n<p>Studia\u021bi utilizarea prepozi\u021biilor pentru a exprima rela\u021biile dintre cuvinte, cum ar fi loca\u021bia, direc\u021bia, timpul \u0219i cauza.<\/p>\n\n\n\n<h3 class=\"wp-block-heading\" id=\"h-6-sentences\">6. Propozi\u021bii:<\/h3>\n\n\n\n<p>\u00cenv\u0103\u021ba\u021bi s\u0103 construi\u021bi propozi\u021bii simple \u0219i complexe folosind ordinea corect\u0103 a cuvintelor, care este esen\u021bial\u0103 pentru o comunicare clar\u0103 \u0219i eficient\u0103 \u00een danez\u0103.<\/p>\n\n\n\n<h3 class=\"wp-block-heading\" id=\"h-7-conditionals\">7. Condi\u021bionale:<\/h3>\n\n\n\n<p>\u00cen cele din urm\u0103, familiariza\u021bi-v\u0103 cu diferitele tipuri de condi\u021bionale utilizate \u00een danez\u0103 pentru a exprima situa\u021bii ipotetice \u0219i consecin\u021bele acestora.<\/p>\n\n\n\n<p>Urm\u00e2nd aceast\u0103 secven\u021b\u0103, v\u0103 pute\u021bi construi sistematic cuno\u0219tin\u021bele de <a href=\"https:\/\/talkpal.ai\/danish-grammar\/\">gramatic\u0103 danez\u0103<\/a> \u0219i pute\u021bi dezvolta abilit\u0103\u021bile necesare pentru a comunica eficient \u00een limba respectiv\u0103. Nu uita\u021bi s\u0103 practica\u021bi \u00een mod regulat \u0219i s\u0103 v\u0103 scufunda\u021bi \u00een limb\u0103 c\u00e2t mai mult posibil pentru a ob\u021bine cele mai bune rezultate.<\/p>\n<\/div><\/div>\n\r\n<section class=\"learnNavigationSection\">\r\n            \r\n        <a href=\"https:\/\/talkpal.ai\/ro\/invata-daneza\/\">\r\n            <div class=\"learnNavigationWrapper\">\r\n                <div class=\"learnNavigationContent\">\r\n                    <img decoding=\"async\" src=\"https:\/\/talkpal.ai\/wp-content\/uploads\/2024\/08\/Danish.jpg\" alt=\"Danish Flag\">\r\n                    <div>\r\n                        <h4>Despre \u00eenv\u0103\u021barea danez\u0103<\/h4>\r\n                        <p>Afla\u021bi totul despre gramatica danez\u0103.<\/p>\r\n                    <\/div>\r\n                <\/div>\r\n            <\/div>\r\n        <\/a>\r\n\r\n        \r\n        <a href=\"https:\/\/talkpal.ai\/ro\/gramatica-daneza\/\">\r\n            <div class=\"learnNavigationWrapper\">\r\n                <div class=\"learnNavigationContent\">\r\n                    <img decoding=\"async\" src=\"https:\/\/talkpal.ai\/wp-content\/uploads\/2024\/08\/Danish.jpg\" alt=\"Danish Flag\">\r\n                    <div>\r\n                        <h4>Lec\u021bii de gramatic\u0103 danez\u0103<\/h4>\r\n                        <p>Exersa\u021bi gramatica danez\u0103.<\/p>\r\n                    <\/div>\r\n                <\/div>\r\n            <\/div>\r\n        <\/a>\r\n\r\n        \r\n        <a href=\"https:\/\/talkpal.ai\/vocabulary_language\/danish\/\">\r\n            <div class=\"learnNavigationWrapper\">\r\n                <div class=\"learnNavigationContent\">\r\n                    <img decoding=\"async\" src=\"https:\/\/talkpal.ai\/wp-content\/uploads\/2024\/08\/Danish.jpg\" alt=\"Danish Flag\">\r\n                    <div>\r\n                        <h4>Vocabular danez<\/h4>\r\n                        <p>Extinde\u021bi-v\u0103 vocabularul danez.<\/p>\r\n                    <\/div>\r\n                <\/div>\r\n            <\/div>\r\n        <\/a>\r\n\r\n            <\/section>","protected":false},"excerpt":{"rendered":"<p>Subiecte gramaticale daneze \u00cenv\u0103\u021barea limbii daneze poate fi o experien\u021b\u0103 plin\u0103 de satisfac\u021bii \u0219i pl\u0103cut\u0103 pentru cei interesa\u021bi s\u0103 exploreze cultura \u0219i istoria bogat\u0103 a Danemarcei. Ca limb\u0103 germanic\u0103 de nord, daneza \u00eemp\u0103rt\u0103\u0219e\u0219te multe asem\u0103n\u0103ri cu alte limbi scandinave, cum ar fi suedeza \u0219i norvegiana. Prin st\u0103p\u00e2nirea limbii daneze, deschide\u021bi oportunit\u0103\u021bi de a v\u0103 conecta [&hellip;]<\/p>\n","protected":false},"author":6,"featured_media":111119,"parent":0,"menu_order":0,"comment_status":"closed","ping_status":"closed","template":"LearningContentPage.php","meta":{"_acf_changed":false,"footnotes":""},"class_list":["post-163371","page","type-page","status-publish","has-post-thumbnail","hentry"],"acf":[],"yoast_head":"<!-- This site is optimized with the Yoast SEO Premium plugin v27.2 (Yoast SEO v27.2) - https:\/\/yoast.com\/product\/yoast-seo-premium-wordpress\/ -->\n<title>Exerci\u021bii de gramatic\u0103 danez\u0103 - Talkpal<\/title>\n<meta name=\"description\" content=\"Descoperi\u021bi secretele exerci\u021biilor de gramatic\u0103 danez\u0103 pentru a v\u0103 \u00eembun\u0103t\u0103\u021bi competen\u021bele lingvistice \u0219i a v\u0103 conecta eficient la cultura danez\u0103.\" \/>\n<meta name=\"robots\" content=\"index, follow, max-snippet:-1, max-image-preview:large, max-video-preview:-1\" \/>\n<link rel=\"canonical\" href=\"https:\/\/talkpal.ai\/ro\/exercitii-de-gramatica-daneza\/\" \/>\n<meta property=\"og:locale\" content=\"ro_RO\" \/>\n<meta property=\"og:type\" content=\"article\" \/>\n<meta property=\"og:title\" content=\"Exerci\u021bii de gramatic\u0103 danez\u0103\" \/>\n<meta property=\"og:description\" content=\"Subiecte gramaticale daneze \u00cenv\u0103\u021barea limbii daneze poate fi o experien\u021b\u0103 plin\u0103 de satisfac\u021bii \u0219i pl\u0103cut\u0103 pentru cei interesa\u021bi s\u0103 exploreze cultura \u0219i\" \/>\n<meta property=\"og:url\" content=\"https:\/\/talkpal.ai\/ro\/exercitii-de-gramatica-daneza\/\" \/>\n<meta property=\"og:site_name\" content=\"Talkpal\" \/>\n<meta property=\"article:publisher\" content=\"https:\/\/www.facebook.com\/profile.php?id=100090733639311\" \/>\n<meta property=\"article:modified_time\" content=\"2025-12-17T16:30:17+00:00\" \/>\n<meta property=\"og:image\" content=\"https:\/\/talkpal.ai\/wp-content\/uploads\/2023\/05\/denmark.png\" \/>\n\t<meta property=\"og:image:width\" content=\"512\" \/>\n\t<meta property=\"og:image:height\" content=\"512\" \/>\n\t<meta property=\"og:image:type\" content=\"image\/png\" \/>\n<meta name=\"twitter:card\" content=\"summary_large_image\" \/>\n<meta name=\"twitter:site\" content=\"@talkpalai\" \/>\n<meta name=\"twitter:label1\" content=\"Timp estimat pentru citire\" \/>\n\t<meta name=\"twitter:data1\" content=\"2 minute\" \/>\n<script type=\"application\/ld+json\" class=\"yoast-schema-graph\">{\"@context\":\"https:\/\/schema.org\",\"@graph\":[{\"@type\":\"WebPage\",\"@id\":\"https:\/\/talkpal.ai\/ro\/exercitii-de-gramatica-daneza\/\",\"url\":\"https:\/\/talkpal.ai\/ro\/exercitii-de-gramatica-daneza\/\",\"name\":\"Exerci\u021bii de gramatic\u0103 danez\u0103 - Talkpal\",\"isPartOf\":{\"@id\":\"https:\/\/talkpal.ai\/ro\/#website\"},\"primaryImageOfPage\":{\"@id\":\"https:\/\/talkpal.ai\/ro\/exercitii-de-gramatica-daneza\/#primaryimage\"},\"image\":{\"@id\":\"https:\/\/talkpal.ai\/ro\/exercitii-de-gramatica-daneza\/#primaryimage\"},\"thumbnailUrl\":\"https:\/\/talkpal.ai\/wp-content\/uploads\/2023\/05\/denmark.png\",\"datePublished\":\"2023-06-16T13:19:10+00:00\",\"dateModified\":\"2025-12-17T16:30:17+00:00\",\"description\":\"Descoperi\u021bi secretele exerci\u021biilor de gramatic\u0103 danez\u0103 pentru a v\u0103 \u00eembun\u0103t\u0103\u021bi competen\u021bele lingvistice \u0219i a v\u0103 conecta eficient la cultura danez\u0103.\",\"breadcrumb\":{\"@id\":\"https:\/\/talkpal.ai\/ro\/exercitii-de-gramatica-daneza\/#breadcrumb\"},\"inLanguage\":\"ro-RO\",\"potentialAction\":[{\"@type\":\"ReadAction\",\"target\":[\"https:\/\/talkpal.ai\/ro\/exercitii-de-gramatica-daneza\/\"]}]},{\"@type\":\"ImageObject\",\"inLanguage\":\"ro-RO\",\"@id\":\"https:\/\/talkpal.ai\/ro\/exercitii-de-gramatica-daneza\/#primaryimage\",\"url\":\"https:\/\/talkpal.ai\/wp-content\/uploads\/2023\/05\/denmark.png\",\"contentUrl\":\"https:\/\/talkpal.ai\/wp-content\/uploads\/2023\/05\/denmark.png\",\"width\":512,\"height\":512},{\"@type\":\"BreadcrumbList\",\"@id\":\"https:\/\/talkpal.ai\/ro\/exercitii-de-gramatica-daneza\/#breadcrumb\",\"itemListElement\":[{\"@type\":\"ListItem\",\"position\":1,\"name\":\"Homepage\",\"item\":\"https:\/\/talkpal.ai\/ro\/\"},{\"@type\":\"ListItem\",\"position\":2,\"name\":\"Exerci\u021bii de gramatic\u0103 danez\u0103\"}]},{\"@type\":\"WebSite\",\"@id\":\"https:\/\/talkpal.ai\/ro\/#website\",\"url\":\"https:\/\/talkpal.ai\/ro\/\",\"name\":\"Talkpal\",\"description\":\"AI Language Learning\",\"publisher\":{\"@id\":\"https:\/\/talkpal.ai\/ro\/#organization\"},\"alternateName\":\"Talkpal AI\",\"potentialAction\":[{\"@type\":\"SearchAction\",\"target\":{\"@type\":\"EntryPoint\",\"urlTemplate\":\"https:\/\/talkpal.ai\/ro\/?s={search_term_string}\"},\"query-input\":{\"@type\":\"PropertyValueSpecification\",\"valueRequired\":true,\"valueName\":\"search_term_string\"}}],\"inLanguage\":\"ro-RO\"},{\"@type\":\"Organization\",\"@id\":\"https:\/\/talkpal.ai\/ro\/#organization\",\"name\":\"Talkpal, Inc.\",\"alternateName\":\"Talkpal AI\",\"url\":\"https:\/\/talkpal.ai\/ro\/\",\"logo\":{\"@type\":\"ImageObject\",\"inLanguage\":\"ro-RO\",\"@id\":\"https:\/\/talkpal.ai\/ro\/#\/schema\/logo\/image\/\",\"url\":\"https:\/\/talkpal.ai\/wp-content\/uploads\/2024\/03\/Talkpal-Logo-Icon.png\",\"contentUrl\":\"https:\/\/talkpal.ai\/wp-content\/uploads\/2024\/03\/Talkpal-Logo-Icon.png\",\"width\":2880,\"height\":2880,\"caption\":\"Talkpal, Inc.\"},\"image\":{\"@id\":\"https:\/\/talkpal.ai\/ro\/#\/schema\/logo\/image\/\"},\"sameAs\":[\"https:\/\/www.facebook.com\/profile.php?id=100090733639311\",\"https:\/\/x.com\/talkpalai\",\"https:\/\/www.linkedin.com\/company\/talkpal\/\",\"https:\/\/www.youtube.com\/@TalkPal\/\",\"https:\/\/www.tiktok.com\/@talkpal\",\"https:\/\/www.instagram.com\/talkpal_ai\/\",\"https:\/\/www.crunchbase.com\/organization\/talkpal-9cde\",\"https:\/\/www.g2.com\/products\/talkpal-for-business\/\",\"https:\/\/www.trustpilot.com\/review\/talkpal.ai\",\"https:\/\/www.capterra.com\/p\/10006800\/TalkPal\/\"],\"description\":\"Talkpal is a language learning web and mobile education app, powered by the latest AI technologies, that provides engaging experiences to its customers in many different languages to help them improve their language skills. Users can chat about unlimited amount of topics with the app and use other modes to practice their language learning.\",\"email\":\"support@talkpal.ai\",\"legalName\":\"Talkpal, Inc.\",\"foundingDate\":\"2023-04-03\",\"duns\":\"118989042\",\"numberOfEmployees\":{\"@type\":\"QuantitativeValue\",\"minValue\":\"11\",\"maxValue\":\"50\"},\"publishingPrinciples\":\"https:\/\/talkpal.ai\/publishing-principles\/\",\"actionableFeedbackPolicy\":\"https:\/\/talkpal.ai\/actionable-feedback-policy\/\",\"correctionsPolicy\":\"https:\/\/talkpal.ai\/corrections-policy\/\",\"ethicsPolicy\":\"https:\/\/talkpal.ai\/ethics-policy\/\",\"diversityPolicy\":\"https:\/\/talkpal.ai\/diversity-policy\/\",\"diversityStaffingReport\":\"https:\/\/talkpal.ai\/diversity-policy\/\"}]}<\/script>\n<!-- \/ Yoast SEO Premium plugin. -->","yoast_head_json":{"title":"Exerci\u021bii de gramatic\u0103 danez\u0103 - Talkpal","description":"Descoperi\u021bi secretele exerci\u021biilor de gramatic\u0103 danez\u0103 pentru a v\u0103 \u00eembun\u0103t\u0103\u021bi competen\u021bele lingvistice \u0219i a v\u0103 conecta eficient la cultura danez\u0103.","robots":{"index":"index","follow":"follow","max-snippet":"max-snippet:-1","max-image-preview":"max-image-preview:large","max-video-preview":"max-video-preview:-1"},"canonical":"https:\/\/talkpal.ai\/ro\/exercitii-de-gramatica-daneza\/","og_locale":"ro_RO","og_type":"article","og_title":"Exerci\u021bii de gramatic\u0103 danez\u0103","og_description":"Subiecte gramaticale daneze \u00cenv\u0103\u021barea limbii daneze poate fi o experien\u021b\u0103 plin\u0103 de satisfac\u021bii \u0219i pl\u0103cut\u0103 pentru cei interesa\u021bi s\u0103 exploreze cultura \u0219i","og_url":"https:\/\/talkpal.ai\/ro\/exercitii-de-gramatica-daneza\/","og_site_name":"Talkpal","article_publisher":"https:\/\/www.facebook.com\/profile.php?id=100090733639311","article_modified_time":"2025-12-17T16:30:17+00:00","og_image":[{"width":512,"height":512,"url":"https:\/\/talkpal.ai\/wp-content\/uploads\/2023\/05\/denmark.png","type":"image\/png"}],"twitter_card":"summary_large_image","twitter_site":"@talkpalai","twitter_misc":{"Timp estimat pentru citire":"2 minute"},"schema":{"@context":"https:\/\/schema.org","@graph":[{"@type":"WebPage","@id":"https:\/\/talkpal.ai\/ro\/exercitii-de-gramatica-daneza\/","url":"https:\/\/talkpal.ai\/ro\/exercitii-de-gramatica-daneza\/","name":"Exerci\u021bii de gramatic\u0103 danez\u0103 - Talkpal","isPartOf":{"@id":"https:\/\/talkpal.ai\/ro\/#website"},"primaryImageOfPage":{"@id":"https:\/\/talkpal.ai\/ro\/exercitii-de-gramatica-daneza\/#primaryimage"},"image":{"@id":"https:\/\/talkpal.ai\/ro\/exercitii-de-gramatica-daneza\/#primaryimage"},"thumbnailUrl":"https:\/\/talkpal.ai\/wp-content\/uploads\/2023\/05\/denmark.png","datePublished":"2023-06-16T13:19:10+00:00","dateModified":"2025-12-17T16:30:17+00:00","description":"Descoperi\u021bi secretele exerci\u021biilor de gramatic\u0103 danez\u0103 pentru a v\u0103 \u00eembun\u0103t\u0103\u021bi competen\u021bele lingvistice \u0219i a v\u0103 conecta eficient la cultura danez\u0103.","breadcrumb":{"@id":"https:\/\/talkpal.ai\/ro\/exercitii-de-gramatica-daneza\/#breadcrumb"},"inLanguage":"ro-RO","potentialAction":[{"@type":"ReadAction","target":["https:\/\/talkpal.ai\/ro\/exercitii-de-gramatica-daneza\/"]}]},{"@type":"ImageObject","inLanguage":"ro-RO","@id":"https:\/\/talkpal.ai\/ro\/exercitii-de-gramatica-daneza\/#primaryimage","url":"https:\/\/talkpal.ai\/wp-content\/uploads\/2023\/05\/denmark.png","contentUrl":"https:\/\/talkpal.ai\/wp-content\/uploads\/2023\/05\/denmark.png","width":512,"height":512},{"@type":"BreadcrumbList","@id":"https:\/\/talkpal.ai\/ro\/exercitii-de-gramatica-daneza\/#breadcrumb","itemListElement":[{"@type":"ListItem","position":1,"name":"Homepage","item":"https:\/\/talkpal.ai\/ro\/"},{"@type":"ListItem","position":2,"name":"Exerci\u021bii de gramatic\u0103 danez\u0103"}]},{"@type":"WebSite","@id":"https:\/\/talkpal.ai\/ro\/#website","url":"https:\/\/talkpal.ai\/ro\/","name":"Talkpal","description":"AI Language Learning","publisher":{"@id":"https:\/\/talkpal.ai\/ro\/#organization"},"alternateName":"Talkpal AI","potentialAction":[{"@type":"SearchAction","target":{"@type":"EntryPoint","urlTemplate":"https:\/\/talkpal.ai\/ro\/?s={search_term_string}"},"query-input":{"@type":"PropertyValueSpecification","valueRequired":true,"valueName":"search_term_string"}}],"inLanguage":"ro-RO"},{"@type":"Organization","@id":"https:\/\/talkpal.ai\/ro\/#organization","name":"Talkpal, Inc.","alternateName":"Talkpal AI","url":"https:\/\/talkpal.ai\/ro\/","logo":{"@type":"ImageObject","inLanguage":"ro-RO","@id":"https:\/\/talkpal.ai\/ro\/#\/schema\/logo\/image\/","url":"https:\/\/talkpal.ai\/wp-content\/uploads\/2024\/03\/Talkpal-Logo-Icon.png","contentUrl":"https:\/\/talkpal.ai\/wp-content\/uploads\/2024\/03\/Talkpal-Logo-Icon.png","width":2880,"height":2880,"caption":"Talkpal, Inc."},"image":{"@id":"https:\/\/talkpal.ai\/ro\/#\/schema\/logo\/image\/"},"sameAs":["https:\/\/www.facebook.com\/profile.php?id=100090733639311","https:\/\/x.com\/talkpalai","https:\/\/www.linkedin.com\/company\/talkpal\/","https:\/\/www.youtube.com\/@TalkPal\/","https:\/\/www.tiktok.com\/@talkpal","https:\/\/www.instagram.com\/talkpal_ai\/","https:\/\/www.crunchbase.com\/organization\/talkpal-9cde","https:\/\/www.g2.com\/products\/talkpal-for-business\/","https:\/\/www.trustpilot.com\/review\/talkpal.ai","https:\/\/www.capterra.com\/p\/10006800\/TalkPal\/"],"description":"Talkpal is a language learning web and mobile education app, powered by the latest AI technologies, that provides engaging experiences to its customers in many different languages to help them improve their language skills. Users can chat about unlimited amount of topics with the app and use other modes to practice their language learning.","email":"support@talkpal.ai","legalName":"Talkpal, Inc.","foundingDate":"2023-04-03","duns":"118989042","numberOfEmployees":{"@type":"QuantitativeValue","minValue":"11","maxValue":"50"},"publishingPrinciples":"https:\/\/talkpal.ai\/publishing-principles\/","actionableFeedbackPolicy":"https:\/\/talkpal.ai\/actionable-feedback-policy\/","correctionsPolicy":"https:\/\/talkpal.ai\/corrections-policy\/","ethicsPolicy":"https:\/\/talkpal.ai\/ethics-policy\/","diversityPolicy":"https:\/\/talkpal.ai\/diversity-policy\/","diversityStaffingReport":"https:\/\/talkpal.ai\/diversity-policy\/"}]}},"_links":{"self":[{"href":"https:\/\/talkpal.ai\/ro\/wp-json\/wp\/v2\/pages\/163371","targetHints":{"allow":["GET"]}}],"collection":[{"href":"https:\/\/talkpal.ai\/ro\/wp-json\/wp\/v2\/pages"}],"about":[{"href":"https:\/\/talkpal.ai\/ro\/wp-json\/wp\/v2\/types\/page"}],"author":[{"embeddable":true,"href":"https:\/\/talkpal.ai\/ro\/wp-json\/wp\/v2\/users\/6"}],"replies":[{"embeddable":true,"href":"https:\/\/talkpal.ai\/ro\/wp-json\/wp\/v2\/comments?post=163371"}],"version-history":[{"count":0,"href":"https:\/\/talkpal.ai\/ro\/wp-json\/wp\/v2\/pages\/163371\/revisions"}],"wp:featuredmedia":[{"embeddable":true,"href":"https:\/\/talkpal.ai\/ro\/wp-json\/wp\/v2\/media\/111119"}],"wp:attachment":[{"href":"https:\/\/talkpal.ai\/ro\/wp-json\/wp\/v2\/media?parent=163371"}],"curies":[{"name":"wp","href":"https:\/\/api.w.org\/{rel}","templated":true}]}}