{"id":163075,"date":"2023-06-16T13:25:56","date_gmt":"2023-06-16T13:25:56","guid":{"rendered":"http:\/\/talkpal.ai\/exercitii-de-gramatica-estona\/"},"modified":"2025-12-17T15:57:16","modified_gmt":"2025-12-17T15:57:16","slug":"exercitii-de-gramatica-estona","status":"publish","type":"page","link":"https:\/\/talkpal.ai\/ro\/exercitii-de-gramatica-estona\/","title":{"rendered":"Exerci\u021bii de gramatic\u0103 eston\u0103"},"content":{"rendered":"\r\n\r\n\r\n<section class=\"languageChallengeSection\">\r\n    <div class=\"languageInfoWrapper\">\r\n        \r\n        <h1>Exerci\u021bii de gramatic\u0103 eston\u0103<\/h1>\r\n        <p>Vre\u021bi s\u0103 st\u0103p\u00e2ni\u021bi limba eston\u0103? Exerci\u021biile gramaticale focalizate sunt modalitatea perfect\u0103 de a \u00een\u021belege structura propozi\u021biilor, formele verbale \u0219i modelele cheie unice \u00een limba eston\u0103. \u00cencepe\u021bi ast\u0103zi s\u0103 practica\u021bi gramatica eston\u0103 \u0219i vede\u021bi cum v\u0103 cresc abilit\u0103\u021bile \u0219i \u00eencrederea cu fiecare sesiune!<\/p>\r\n\r\n                            <a class=\"getStartedHidden\" href=\"https:\/\/app.talkpal.ai\/ro\/signup?lng=\">\u00cencepe<\/a>\r\n        \r\n    <\/div>\r\n\r\n    <figure>\r\n    <img decoding=\"async\" width=\"768\" height=\"768\" src=\"https:\/\/talkpal.ai\/wp-content\/uploads\/2023\/06\/Estonian-768x768.png\" class=\"languageImage no-lazy\" alt=\"Secret tricks of language learning\" fetchpriority=\"high\" sizes=\"(max-width: 768px) 150px, 768px\" srcset=\"https:\/\/talkpal.ai\/wp-content\/uploads\/2023\/06\/Estonian-768x768.png 768w, https:\/\/talkpal.ai\/wp-content\/uploads\/2023\/06\/Estonian-300x300.png 300w\" \/>\r\n    \r\n\r\n    <\/figure>\r\n\r\n            <a class=\"getStartedVisible\" href=\"https:\/\/app.talkpal.ai\/ro\/signup?lng=\">\u00cencepe<\/a>\r\n    \r\n<\/section>\r\n\r\n\r\n<!-- <section class=\"grammarSection\">\r\n    <div class=\"grammarLinks\">\r\n            <\/div>\r\n<\/section> -->\r\n\r\n\r\n\r\n\r\n<section class=\"promotionalBanner\">\r\n    <p class=\"promotionalText\">Cel mai eficient mod de a \u00eenv\u0103\u021ba o limb\u0103<\/p>\r\n    <a class=\"promotionalLink\" href=\"https:\/\/app.talkpal.ai\/ro\/signup?lng=\">\u00cencerca\u021bi Talkpal gratuit<\/a>\r\n<\/section>\n<div class=\"wp-block-group pageContainerStyle\"><div class=\"wp-block-group__inner-container is-layout-constrained wp-block-group-is-layout-constrained\">\n<h2 class=\"wp-block-heading\" id=\"h-estonian-grammar-topics\">Subiecte de gramatic\u0103 eston\u0103<\/h2>\n\n\n\n<p>\u00cenv\u0103\u021barea unei noi limbi poate fi o c\u0103l\u0103torie interesant\u0103 \u0219i plin\u0103 de satisfac\u021bii, deschiz\u00e2nd noi oportunit\u0103\u021bi pentru cre\u0219terea personal\u0103, explorarea cultural\u0103 \u0219i avansarea profesional\u0103. Estona, ca limb\u0103 uralic\u0103, ofer\u0103 o experien\u021b\u0103 lingvistic\u0103 unic\u0103 \u0219i fascinant\u0103 pentru cursan\u021bii care pot fi mai familiariza\u021bi cu limbile indo-europene. Cu sistemul s\u0103u gramatical complex \u0219i vocabularul bogat, estona reprezint\u0103 o oportunitate provocatoare \u0219i captivant\u0103 pentru pasiona\u021bii de <a href=\"https:\/\/talkpal.ai\/ro\/tutor-de-limbi-straine\/\">limbi str\u0103ine<\/a>. Pentru a profita la maximum de \u00eenv\u0103\u021barea limbii estoniene, este esen\u021bial s\u0103 ave\u021bi o abordare structurat\u0103, concentr\u00e2ndu-v\u0103 pe subiectele de <a href=\"https:\/\/talkpal.ai\/grammar\/\">gramatic\u0103<\/a> \u00eentr-o secven\u021b\u0103 care v\u0103 ajut\u0103 s\u0103 construi\u021bi o baz\u0103 solid\u0103 \u0219i s\u0103 v\u0103 dezvolta\u021bi treptat abilit\u0103\u021bile.<\/p>\n\n\n\n<h3 class=\"wp-block-heading\" id=\"h-1-nouns-and-pronouns-determiners\">1. Substantive \u0219i pronume\/determinan\u021bi:<\/h3>\n\n\n\n<p>\u00cencepe\u021bi prin a \u00eenv\u0103\u021ba elementele de baz\u0103 ale substantivelor estoniene, inclusiv declin\u0103rile \u0219i cazurile lor. Familiariza\u021bi-v\u0103 cu pronumele \u0219i determinan\u021bii care iau acelea\u0219i forme ca substantivele, deoarece acestea sunt esen\u021biale pentru construirea propozi\u021biilor simple.<\/p>\n\n\n\n<h3 class=\"wp-block-heading\" id=\"h-2-adjectives-and-adverbs\">2. Adjective \u0219i adverbe:<\/h3>\n\n\n\n<p>Trece\u021bi la adjective, \u00eenv\u0103\u021b\u00e2nd cum sunt de acord cu substantivele <a href=\"https:\/\/talkpal.ai\/culture\/how-do-i-use-pe-care-correctly\/\">pe care<\/a> le modific\u0103 \u0219i cum s\u0103 le refuza\u021bi. Adverbele, care ofer\u0103 informa\u021bii suplimentare despre verbe, adjective \u0219i alte adverbe, v\u0103 vor ajuta s\u0103 crea\u021bi propozi\u021bii mai complexe \u0219i descriptive.<\/p>\n\n\n\n<h3 class=\"wp-block-heading\" id=\"h-3-verbs\">3. Verbe:<\/h3>\n\n\n\n<p>Conjugarea verbelor estoniene poate fi dificil\u0103, dar este esen\u021bial\u0103 pentru st\u0103p\u00e2nirea limbii. Studia\u021bi diferitele tipuri de verbe, modelele lor de conjugare \u0219i diferitele timpuri pentru a exprima ac\u021biuni \u0219i evenimente din prezent, trecut \u0219i viitor.<\/p>\n\n\n\n<h3 class=\"wp-block-heading\" id=\"h-4-tenses-and-tense-comparison\">4. Compara\u021bie \u00eentre timpuri \u0219i tensiuni:<\/h3>\n\n\n\n<p>Aprofunda\u021bi-v\u0103 \u00een\u021belegerea timpurilor compar\u00e2nd utilizarea lor \u00een diferite contexte. Acest lucru v\u0103 va ajuta s\u0103 alege\u021bi timpul adecvat pentru a transmite cu exactitate semnifica\u021bia dorit\u0103.<\/p>\n\n\n\n<h3 class=\"wp-block-heading\" id=\"h-5-progressive-and-perfect-progressive\">5. Progresiv \u0219i perfect progresiv:<\/h3>\n\n\n\n<p>Aceste aspecte ale verbelor estoniene exprim\u0103 ac\u021biuni continue sau continue. Afla\u021bi cum s\u0103 le forma\u021bi \u0219i s\u0103 le utiliza\u021bi pentru a ad\u0103uga nuan\u021be comunic\u0103rii dvs.<\/p>\n\n\n\n<h3 class=\"wp-block-heading\" id=\"h-6-articles\">6. Articole:<\/h3>\n\n\n\n<p>Estona nu are articole definite sau nehot\u0103r\u00e2te precum engleza, dar este esen\u021bial s\u0103 \u00een\u021belegem cum s\u0103 transmitem acela\u0219i \u00een\u021beles folosind alte instrumente lingvistice.<\/p>\n\n\n\n<h3 class=\"wp-block-heading\" id=\"h-7-prepositions\">7. Prepozi\u021bii:<\/h3>\n\n\n\n<p>\u00cenv\u0103\u021ba\u021bi prepozi\u021biile estoniene pentru a exprima rela\u021biile dintre cuvintele dintr-o propozi\u021bie, cum ar fi loca\u021bia, direc\u021bia \u0219i timpul.<\/p>\n\n\n\n<h3 class=\"wp-block-heading\" id=\"h-8-conditionals\">8. Condi\u021bionale:<\/h3>\n\n\n\n<p>St\u0103p\u00e2ne\u0219te starea de spirit condi\u021bionat\u0103 pentru a exprima situa\u021bii ipotetice sau ac\u021biuni dependente de condi\u021bii specifice.<\/p>\n\n\n\n<h3 class=\"wp-block-heading\" id=\"h-9-sentences\">9. Propozi\u021bii:<\/h3>\n\n\n\n<p>\u00cen cele din urm\u0103, exersa\u021bi construirea diferitelor tipuri de propozi\u021bii &#8211; simple, compuse \u0219i complexe &#8211; folosind toate subiectele gramaticale pe care le-a\u021bi \u00eenv\u0103\u021bat. Acest lucru v\u0103 va ajuta s\u0103 deveni\u021bi mai fluen\u021bi \u0219i mai \u00eencrez\u0103tori \u00een abilit\u0103\u021bile dvs. de comunicare estoniene.<\/p>\n<\/div><\/div>\n\r\n<section class=\"learnNavigationSection\">\r\n            \r\n        <a href=\"https:\/\/talkpal.ai\/ro\/invata-estona\/\">\r\n            <div class=\"learnNavigationWrapper\">\r\n                <div class=\"learnNavigationContent\">\r\n                    <img decoding=\"async\" src=\"https:\/\/talkpal.ai\/wp-content\/uploads\/2024\/08\/Estonian.jpg\" alt=\"Estonian Flag\">\r\n                    <div>\r\n                        <h4>Despre \u00eenv\u0103\u021barea limbii estoniene<\/h4>\r\n                        <p>Afla\u021bi totul despre gramatica eston\u0103 .<\/p>\r\n                    <\/div>\r\n                <\/div>\r\n            <\/div>\r\n        <\/a>\r\n\r\n        \r\n        <a href=\"https:\/\/talkpal.ai\/ro\/gramatica-estona\/\">\r\n            <div class=\"learnNavigationWrapper\">\r\n                <div class=\"learnNavigationContent\">\r\n                    <img decoding=\"async\" src=\"https:\/\/talkpal.ai\/wp-content\/uploads\/2024\/08\/Estonian.jpg\" alt=\"Estonian Flag\">\r\n                    <div>\r\n                        <h4>Lec\u021bii de gramatic\u0103 eston\u0103<\/h4>\r\n                        <p>Exersa\u021bi gramatica eston\u0103.<\/p>\r\n                    <\/div>\r\n                <\/div>\r\n            <\/div>\r\n        <\/a>\r\n\r\n        \r\n        <a href=\"https:\/\/talkpal.ai\/vocabulary_language\/estonian\/\">\r\n            <div class=\"learnNavigationWrapper\">\r\n                <div class=\"learnNavigationContent\">\r\n                    <img decoding=\"async\" src=\"https:\/\/talkpal.ai\/wp-content\/uploads\/2024\/08\/Estonian.jpg\" alt=\"Estonian Flag\">\r\n                    <div>\r\n                        <h4>Vocabular estonian<\/h4>\r\n                        <p>Extinde\u021bi-v\u0103 vocabularul estonian.<\/p>\r\n                    <\/div>\r\n                <\/div>\r\n            <\/div>\r\n        <\/a>\r\n\r\n            <\/section>","protected":false},"excerpt":{"rendered":"<p>Subiecte de gramatic\u0103 eston\u0103 \u00cenv\u0103\u021barea unei noi limbi poate fi o c\u0103l\u0103torie interesant\u0103 \u0219i plin\u0103 de satisfac\u021bii, deschiz\u00e2nd noi oportunit\u0103\u021bi pentru cre\u0219terea personal\u0103, explorarea cultural\u0103 \u0219i avansarea profesional\u0103. Estona, ca limb\u0103 uralic\u0103, ofer\u0103 o experien\u021b\u0103 lingvistic\u0103 unic\u0103 \u0219i fascinant\u0103 pentru cursan\u021bii care pot fi mai familiariza\u021bi cu limbile indo-europene. Cu sistemul s\u0103u gramatical complex \u0219i [&hellip;]<\/p>\n","protected":false},"author":6,"featured_media":112520,"parent":0,"menu_order":0,"comment_status":"closed","ping_status":"closed","template":"LearningContentPage.php","meta":{"_acf_changed":false,"footnotes":""},"class_list":["post-163075","page","type-page","status-publish","has-post-thumbnail","hentry"],"acf":[],"yoast_head":"<!-- This site is optimized with the Yoast SEO Premium plugin v27.2 (Yoast SEO v27.2) - https:\/\/yoast.com\/product\/yoast-seo-premium-wordpress\/ -->\n<title>Exerci\u021bii de gramatic\u0103 eston\u0103 - Talkpal<\/title>\n<meta name=\"description\" content=\"Exersa\u021bi gramatica eston\u0103 cu exerci\u021bii interactive concepute pentru a v\u0103 \u00eembun\u0103t\u0103\u021bi competen\u021bele lingvistice rapid \u0219i eficient.\" \/>\n<meta name=\"robots\" content=\"index, follow, max-snippet:-1, max-image-preview:large, max-video-preview:-1\" \/>\n<link rel=\"canonical\" href=\"https:\/\/talkpal.ai\/ro\/exercitii-de-gramatica-estona\/\" \/>\n<meta property=\"og:locale\" content=\"ro_RO\" \/>\n<meta property=\"og:type\" content=\"article\" \/>\n<meta property=\"og:title\" content=\"Exerci\u021bii de gramatic\u0103 eston\u0103\" \/>\n<meta property=\"og:description\" content=\"Subiecte de gramatic\u0103 eston\u0103 \u00cenv\u0103\u021barea unei noi limbi poate fi o c\u0103l\u0103torie interesant\u0103 \u0219i plin\u0103 de satisfac\u021bii, deschiz\u00e2nd noi oportunit\u0103\u021bi pentru\" \/>\n<meta property=\"og:url\" content=\"https:\/\/talkpal.ai\/ro\/exercitii-de-gramatica-estona\/\" \/>\n<meta property=\"og:site_name\" content=\"Talkpal\" \/>\n<meta property=\"article:publisher\" content=\"https:\/\/www.facebook.com\/profile.php?id=100090733639311\" \/>\n<meta property=\"article:modified_time\" content=\"2025-12-17T15:57:16+00:00\" \/>\n<meta property=\"og:image\" content=\"https:\/\/talkpal.ai\/wp-content\/uploads\/2023\/05\/estonia.png\" \/>\n\t<meta property=\"og:image:width\" content=\"512\" \/>\n\t<meta property=\"og:image:height\" content=\"512\" \/>\n\t<meta property=\"og:image:type\" content=\"image\/png\" \/>\n<meta name=\"twitter:card\" content=\"summary_large_image\" \/>\n<meta name=\"twitter:site\" content=\"@talkpalai\" \/>\n<meta name=\"twitter:label1\" content=\"Timp estimat pentru citire\" \/>\n\t<meta name=\"twitter:data1\" content=\"2 minute\" \/>\n<script type=\"application\/ld+json\" class=\"yoast-schema-graph\">{\"@context\":\"https:\/\/schema.org\",\"@graph\":[{\"@type\":\"WebPage\",\"@id\":\"https:\/\/talkpal.ai\/ro\/exercitii-de-gramatica-estona\/\",\"url\":\"https:\/\/talkpal.ai\/ro\/exercitii-de-gramatica-estona\/\",\"name\":\"Exerci\u021bii de gramatic\u0103 eston\u0103 - Talkpal\",\"isPartOf\":{\"@id\":\"https:\/\/talkpal.ai\/ro\/#website\"},\"primaryImageOfPage\":{\"@id\":\"https:\/\/talkpal.ai\/ro\/exercitii-de-gramatica-estona\/#primaryimage\"},\"image\":{\"@id\":\"https:\/\/talkpal.ai\/ro\/exercitii-de-gramatica-estona\/#primaryimage\"},\"thumbnailUrl\":\"https:\/\/talkpal.ai\/wp-content\/uploads\/2023\/05\/estonia.png\",\"datePublished\":\"2023-06-16T13:25:56+00:00\",\"dateModified\":\"2025-12-17T15:57:16+00:00\",\"description\":\"Exersa\u021bi gramatica eston\u0103 cu exerci\u021bii interactive concepute pentru a v\u0103 \u00eembun\u0103t\u0103\u021bi competen\u021bele lingvistice rapid \u0219i eficient.\",\"breadcrumb\":{\"@id\":\"https:\/\/talkpal.ai\/ro\/exercitii-de-gramatica-estona\/#breadcrumb\"},\"inLanguage\":\"ro-RO\",\"potentialAction\":[{\"@type\":\"ReadAction\",\"target\":[\"https:\/\/talkpal.ai\/ro\/exercitii-de-gramatica-estona\/\"]}]},{\"@type\":\"ImageObject\",\"inLanguage\":\"ro-RO\",\"@id\":\"https:\/\/talkpal.ai\/ro\/exercitii-de-gramatica-estona\/#primaryimage\",\"url\":\"https:\/\/talkpal.ai\/wp-content\/uploads\/2023\/05\/estonia.png\",\"contentUrl\":\"https:\/\/talkpal.ai\/wp-content\/uploads\/2023\/05\/estonia.png\",\"width\":512,\"height\":512},{\"@type\":\"BreadcrumbList\",\"@id\":\"https:\/\/talkpal.ai\/ro\/exercitii-de-gramatica-estona\/#breadcrumb\",\"itemListElement\":[{\"@type\":\"ListItem\",\"position\":1,\"name\":\"Homepage\",\"item\":\"https:\/\/talkpal.ai\/ro\/\"},{\"@type\":\"ListItem\",\"position\":2,\"name\":\"Exerci\u021bii de gramatic\u0103 eston\u0103\"}]},{\"@type\":\"WebSite\",\"@id\":\"https:\/\/talkpal.ai\/ro\/#website\",\"url\":\"https:\/\/talkpal.ai\/ro\/\",\"name\":\"Talkpal\",\"description\":\"AI Language Learning\",\"publisher\":{\"@id\":\"https:\/\/talkpal.ai\/ro\/#organization\"},\"alternateName\":\"Talkpal AI\",\"potentialAction\":[{\"@type\":\"SearchAction\",\"target\":{\"@type\":\"EntryPoint\",\"urlTemplate\":\"https:\/\/talkpal.ai\/ro\/?s={search_term_string}\"},\"query-input\":{\"@type\":\"PropertyValueSpecification\",\"valueRequired\":true,\"valueName\":\"search_term_string\"}}],\"inLanguage\":\"ro-RO\"},{\"@type\":\"Organization\",\"@id\":\"https:\/\/talkpal.ai\/ro\/#organization\",\"name\":\"Talkpal, Inc.\",\"alternateName\":\"Talkpal AI\",\"url\":\"https:\/\/talkpal.ai\/ro\/\",\"logo\":{\"@type\":\"ImageObject\",\"inLanguage\":\"ro-RO\",\"@id\":\"https:\/\/talkpal.ai\/ro\/#\/schema\/logo\/image\/\",\"url\":\"https:\/\/talkpal.ai\/wp-content\/uploads\/2024\/03\/Talkpal-Logo-Icon.png\",\"contentUrl\":\"https:\/\/talkpal.ai\/wp-content\/uploads\/2024\/03\/Talkpal-Logo-Icon.png\",\"width\":2880,\"height\":2880,\"caption\":\"Talkpal, Inc.\"},\"image\":{\"@id\":\"https:\/\/talkpal.ai\/ro\/#\/schema\/logo\/image\/\"},\"sameAs\":[\"https:\/\/www.facebook.com\/profile.php?id=100090733639311\",\"https:\/\/x.com\/talkpalai\",\"https:\/\/www.linkedin.com\/company\/talkpal\/\",\"https:\/\/www.youtube.com\/@TalkPal\/\",\"https:\/\/www.tiktok.com\/@talkpal\",\"https:\/\/www.instagram.com\/talkpal_ai\/\",\"https:\/\/www.crunchbase.com\/organization\/talkpal-9cde\",\"https:\/\/www.g2.com\/products\/talkpal-for-business\/\",\"https:\/\/www.trustpilot.com\/review\/talkpal.ai\",\"https:\/\/www.capterra.com\/p\/10006800\/TalkPal\/\"],\"description\":\"Talkpal is a language learning web and mobile education app, powered by the latest AI technologies, that provides engaging experiences to its customers in many different languages to help them improve their language skills. Users can chat about unlimited amount of topics with the app and use other modes to practice their language learning.\",\"email\":\"support@talkpal.ai\",\"legalName\":\"Talkpal, Inc.\",\"foundingDate\":\"2023-04-03\",\"duns\":\"118989042\",\"numberOfEmployees\":{\"@type\":\"QuantitativeValue\",\"minValue\":\"11\",\"maxValue\":\"50\"},\"publishingPrinciples\":\"https:\/\/talkpal.ai\/publishing-principles\/\",\"actionableFeedbackPolicy\":\"https:\/\/talkpal.ai\/actionable-feedback-policy\/\",\"correctionsPolicy\":\"https:\/\/talkpal.ai\/corrections-policy\/\",\"ethicsPolicy\":\"https:\/\/talkpal.ai\/ethics-policy\/\",\"diversityPolicy\":\"https:\/\/talkpal.ai\/diversity-policy\/\",\"diversityStaffingReport\":\"https:\/\/talkpal.ai\/diversity-policy\/\"}]}<\/script>\n<!-- \/ Yoast SEO Premium plugin. -->","yoast_head_json":{"title":"Exerci\u021bii de gramatic\u0103 eston\u0103 - Talkpal","description":"Exersa\u021bi gramatica eston\u0103 cu exerci\u021bii interactive concepute pentru a v\u0103 \u00eembun\u0103t\u0103\u021bi competen\u021bele lingvistice rapid \u0219i eficient.","robots":{"index":"index","follow":"follow","max-snippet":"max-snippet:-1","max-image-preview":"max-image-preview:large","max-video-preview":"max-video-preview:-1"},"canonical":"https:\/\/talkpal.ai\/ro\/exercitii-de-gramatica-estona\/","og_locale":"ro_RO","og_type":"article","og_title":"Exerci\u021bii de gramatic\u0103 eston\u0103","og_description":"Subiecte de gramatic\u0103 eston\u0103 \u00cenv\u0103\u021barea unei noi limbi poate fi o c\u0103l\u0103torie interesant\u0103 \u0219i plin\u0103 de satisfac\u021bii, deschiz\u00e2nd noi oportunit\u0103\u021bi pentru","og_url":"https:\/\/talkpal.ai\/ro\/exercitii-de-gramatica-estona\/","og_site_name":"Talkpal","article_publisher":"https:\/\/www.facebook.com\/profile.php?id=100090733639311","article_modified_time":"2025-12-17T15:57:16+00:00","og_image":[{"width":512,"height":512,"url":"https:\/\/talkpal.ai\/wp-content\/uploads\/2023\/05\/estonia.png","type":"image\/png"}],"twitter_card":"summary_large_image","twitter_site":"@talkpalai","twitter_misc":{"Timp estimat pentru citire":"2 minute"},"schema":{"@context":"https:\/\/schema.org","@graph":[{"@type":"WebPage","@id":"https:\/\/talkpal.ai\/ro\/exercitii-de-gramatica-estona\/","url":"https:\/\/talkpal.ai\/ro\/exercitii-de-gramatica-estona\/","name":"Exerci\u021bii de gramatic\u0103 eston\u0103 - Talkpal","isPartOf":{"@id":"https:\/\/talkpal.ai\/ro\/#website"},"primaryImageOfPage":{"@id":"https:\/\/talkpal.ai\/ro\/exercitii-de-gramatica-estona\/#primaryimage"},"image":{"@id":"https:\/\/talkpal.ai\/ro\/exercitii-de-gramatica-estona\/#primaryimage"},"thumbnailUrl":"https:\/\/talkpal.ai\/wp-content\/uploads\/2023\/05\/estonia.png","datePublished":"2023-06-16T13:25:56+00:00","dateModified":"2025-12-17T15:57:16+00:00","description":"Exersa\u021bi gramatica eston\u0103 cu exerci\u021bii interactive concepute pentru a v\u0103 \u00eembun\u0103t\u0103\u021bi competen\u021bele lingvistice rapid \u0219i eficient.","breadcrumb":{"@id":"https:\/\/talkpal.ai\/ro\/exercitii-de-gramatica-estona\/#breadcrumb"},"inLanguage":"ro-RO","potentialAction":[{"@type":"ReadAction","target":["https:\/\/talkpal.ai\/ro\/exercitii-de-gramatica-estona\/"]}]},{"@type":"ImageObject","inLanguage":"ro-RO","@id":"https:\/\/talkpal.ai\/ro\/exercitii-de-gramatica-estona\/#primaryimage","url":"https:\/\/talkpal.ai\/wp-content\/uploads\/2023\/05\/estonia.png","contentUrl":"https:\/\/talkpal.ai\/wp-content\/uploads\/2023\/05\/estonia.png","width":512,"height":512},{"@type":"BreadcrumbList","@id":"https:\/\/talkpal.ai\/ro\/exercitii-de-gramatica-estona\/#breadcrumb","itemListElement":[{"@type":"ListItem","position":1,"name":"Homepage","item":"https:\/\/talkpal.ai\/ro\/"},{"@type":"ListItem","position":2,"name":"Exerci\u021bii de gramatic\u0103 eston\u0103"}]},{"@type":"WebSite","@id":"https:\/\/talkpal.ai\/ro\/#website","url":"https:\/\/talkpal.ai\/ro\/","name":"Talkpal","description":"AI Language Learning","publisher":{"@id":"https:\/\/talkpal.ai\/ro\/#organization"},"alternateName":"Talkpal AI","potentialAction":[{"@type":"SearchAction","target":{"@type":"EntryPoint","urlTemplate":"https:\/\/talkpal.ai\/ro\/?s={search_term_string}"},"query-input":{"@type":"PropertyValueSpecification","valueRequired":true,"valueName":"search_term_string"}}],"inLanguage":"ro-RO"},{"@type":"Organization","@id":"https:\/\/talkpal.ai\/ro\/#organization","name":"Talkpal, Inc.","alternateName":"Talkpal AI","url":"https:\/\/talkpal.ai\/ro\/","logo":{"@type":"ImageObject","inLanguage":"ro-RO","@id":"https:\/\/talkpal.ai\/ro\/#\/schema\/logo\/image\/","url":"https:\/\/talkpal.ai\/wp-content\/uploads\/2024\/03\/Talkpal-Logo-Icon.png","contentUrl":"https:\/\/talkpal.ai\/wp-content\/uploads\/2024\/03\/Talkpal-Logo-Icon.png","width":2880,"height":2880,"caption":"Talkpal, Inc."},"image":{"@id":"https:\/\/talkpal.ai\/ro\/#\/schema\/logo\/image\/"},"sameAs":["https:\/\/www.facebook.com\/profile.php?id=100090733639311","https:\/\/x.com\/talkpalai","https:\/\/www.linkedin.com\/company\/talkpal\/","https:\/\/www.youtube.com\/@TalkPal\/","https:\/\/www.tiktok.com\/@talkpal","https:\/\/www.instagram.com\/talkpal_ai\/","https:\/\/www.crunchbase.com\/organization\/talkpal-9cde","https:\/\/www.g2.com\/products\/talkpal-for-business\/","https:\/\/www.trustpilot.com\/review\/talkpal.ai","https:\/\/www.capterra.com\/p\/10006800\/TalkPal\/"],"description":"Talkpal is a language learning web and mobile education app, powered by the latest AI technologies, that provides engaging experiences to its customers in many different languages to help them improve their language skills. Users can chat about unlimited amount of topics with the app and use other modes to practice their language learning.","email":"support@talkpal.ai","legalName":"Talkpal, Inc.","foundingDate":"2023-04-03","duns":"118989042","numberOfEmployees":{"@type":"QuantitativeValue","minValue":"11","maxValue":"50"},"publishingPrinciples":"https:\/\/talkpal.ai\/publishing-principles\/","actionableFeedbackPolicy":"https:\/\/talkpal.ai\/actionable-feedback-policy\/","correctionsPolicy":"https:\/\/talkpal.ai\/corrections-policy\/","ethicsPolicy":"https:\/\/talkpal.ai\/ethics-policy\/","diversityPolicy":"https:\/\/talkpal.ai\/diversity-policy\/","diversityStaffingReport":"https:\/\/talkpal.ai\/diversity-policy\/"}]}},"_links":{"self":[{"href":"https:\/\/talkpal.ai\/ro\/wp-json\/wp\/v2\/pages\/163075","targetHints":{"allow":["GET"]}}],"collection":[{"href":"https:\/\/talkpal.ai\/ro\/wp-json\/wp\/v2\/pages"}],"about":[{"href":"https:\/\/talkpal.ai\/ro\/wp-json\/wp\/v2\/types\/page"}],"author":[{"embeddable":true,"href":"https:\/\/talkpal.ai\/ro\/wp-json\/wp\/v2\/users\/6"}],"replies":[{"embeddable":true,"href":"https:\/\/talkpal.ai\/ro\/wp-json\/wp\/v2\/comments?post=163075"}],"version-history":[{"count":0,"href":"https:\/\/talkpal.ai\/ro\/wp-json\/wp\/v2\/pages\/163075\/revisions"}],"wp:featuredmedia":[{"embeddable":true,"href":"https:\/\/talkpal.ai\/ro\/wp-json\/wp\/v2\/media\/112520"}],"wp:attachment":[{"href":"https:\/\/talkpal.ai\/ro\/wp-json\/wp\/v2\/media?parent=163075"}],"curies":[{"name":"wp","href":"https:\/\/api.w.org\/{rel}","templated":true}]}}