{"id":162496,"date":"2023-06-21T14:18:43","date_gmt":"2023-06-21T14:18:43","guid":{"rendered":"http:\/\/talkpal.ai\/exercitii-de-gramatica-greaca\/"},"modified":"2025-12-17T16:03:53","modified_gmt":"2025-12-17T16:03:53","slug":"exercitii-de-gramatica-greaca","status":"publish","type":"page","link":"https:\/\/talkpal.ai\/ro\/exercitii-de-gramatica-greaca\/","title":{"rendered":"Exerci\u021bii de gramatic\u0103 greac\u0103"},"content":{"rendered":"\r\n\r\n\r\n<section class=\"languageChallengeSection\">\r\n    <div class=\"languageInfoWrapper\">\r\n        \r\n        <h1>Exerci\u021bii de gramatic\u0103 greac\u0103<\/h1>\r\n        <p>S\u0103 facem \u00eenv\u0103\u021barea limbii grece\u0219ti distractiv\u0103 \u0219i u\u0219oar\u0103! \u00cencerca\u021bi aceste exerci\u021bii simple pentru a exersa c\u00e2teva no\u021biuni fundamentale de <a href=\"https:\/\/talkpal.ai\/greek-grammar\/\">gramatic\u0103 greac\u0103<\/a> \u0219i pentru a v\u0103 da startul \u00een c\u0103l\u0103toria dumneavoastr\u0103 lingvistic\u0103.<\/p>\r\n\r\n                            <a class=\"getStartedHidden\" href=\"https:\/\/app.talkpal.ai\/ro\/signup?lng=\">\u00cencepe<\/a>\r\n        \r\n    <\/div>\r\n\r\n    <figure>\r\n    <img decoding=\"async\" width=\"768\" height=\"768\" src=\"https:\/\/talkpal.ai\/wp-content\/uploads\/2023\/06\/greek-768x768.png\" class=\"languageImage no-lazy\" alt=\"Language learning to boost personal capability\" fetchpriority=\"high\" sizes=\"(max-width: 768px) 150px, 768px\" srcset=\"https:\/\/talkpal.ai\/wp-content\/uploads\/2023\/06\/greek-768x768.png 768w, https:\/\/talkpal.ai\/wp-content\/uploads\/2023\/06\/greek-300x300.png 300w\" \/>\r\n    \r\n\r\n    <\/figure>\r\n\r\n            <a class=\"getStartedVisible\" href=\"https:\/\/app.talkpal.ai\/ro\/signup?lng=\">\u00cencepe<\/a>\r\n    \r\n<\/section>\r\n\r\n\r\n<!-- <section class=\"grammarSection\">\r\n    <div class=\"grammarLinks\">\r\n            <\/div>\r\n<\/section> -->\r\n\r\n\r\n\r\n\r\n<section class=\"promotionalBanner\">\r\n    <p class=\"promotionalText\">Cel mai eficient mod de a \u00eenv\u0103\u021ba o limb\u0103<\/p>\r\n    <a class=\"promotionalLink\" href=\"https:\/\/app.talkpal.ai\/ro\/signup?lng=\">\u00cencerca\u021bi Talkpal gratuit<\/a>\r\n<\/section>\n<div class=\"wp-block-group pageContainerStyle\"><div class=\"wp-block-group__inner-container is-layout-constrained wp-block-group-is-layout-constrained\">\n<h2 class=\"wp-block-heading\" id=\"h-greek-grammar-topics\">Subiecte de gramatic\u0103 greac\u0103<\/h2>\n\n\n\n<p>\u00cenv\u0103\u021barea limbii grece\u0219ti poate fi o experien\u021b\u0103 incredibil de plin\u0103 de satisfac\u021bii, deoarece ofer\u0103 o poart\u0103 c\u0103tre o cultur\u0103, literatur\u0103 \u0219i istorie bogat\u0103 \u0219i divers\u0103. Limba <a href=\"https:\/\/talkpal.ai\/learn-greek\/\">greac\u0103<\/a> are o structur\u0103 gramatical\u0103 unic\u0103, care poate fi fascinant\u0103 de explorat. Familiarizarea cu gramatica greac\u0103 este esen\u021bial\u0103 pentru st\u0103p\u00e2nirea limbii, deoarece v\u0103 va permite s\u0103 comunica\u021bi eficient \u0219i precis. Acest ghid v\u0103 va oferi o imagine de ansamblu asupra unora dintre subiectele cheie ale gramaticii grece\u0219ti, grupate \u00eentr-o secven\u021b\u0103 care conduce la \u00eenv\u0103\u021barea limbii. De la timpuri \u0219i verbe la prepozi\u021bii \u0219i propozi\u021bii, acest ghid v\u0103 va pune pe calea de a deveni competen\u021bi \u00een limba greac\u0103.<\/p>\n\n\n\n<h3 class=\"wp-block-heading\" id=\"h-1-nouns\">1. Substantive:<\/h3>\n\n\n\n<p>Substantivele sunt blocurile de construc\u021bie ale oric\u0103rei limbi, iar greaca nu face excep\u021bie. Ele sunt folosite pentru a reprezenta oameni, locuri, lucruri sau idei. \u00cen greac\u0103, substantivele au gen (masculin, feminin sau neutru), num\u0103r (singular sau plural) \u0219i caz (nominativ, genitiv, acuzativ sau vocativ). \u00cen\u021belegerea acestor propriet\u0103\u021bi \u0219i a inflexiunilor lor este crucial\u0103 pentru formarea propozi\u021biilor.<\/p>\n\n\n\n<h3 class=\"wp-block-heading\" id=\"h-2-articles\">2. Articole:<\/h3>\n\n\n\n<p>Articolele \u00een limba greac\u0103 sunt esen\u021biale pentru specificarea caracterului definitiv al unui substantiv. Ei sunt de acord cu substantivul \u00een gen, num\u0103r \u0219i caz. Exist\u0103 articole definite (care corespund la &#8222;the&#8221;) \u0219i nedefinite (care corespund la &#8222;a&#8221; sau &#8222;an&#8221;) <a href=\"https:\/\/talkpal.ai\/culture\/how-do-i-use-pe-care-correctly\/\">pe care<\/a> trebuie s\u0103 le \u00eenv\u0103\u021ba\u021bi \u0219i s\u0103 le folosi\u021bi corect.<\/p>\n\n\n\n<h3 class=\"wp-block-heading\" id=\"h-3-adjectives\">3. Adjective:<\/h3>\n\n\n\n<p>Adjectivele descriu sau modific\u0103 substantivele, oferind informa\u021bii suplimentare despre calit\u0103\u021bile sau caracteristicile lor. \u00cen greac\u0103, adjectivele sunt \u00een acord cu substantivele pe care le modific\u0103 \u00een gen, num\u0103r \u0219i caz \u0219i au declin\u0103ri diferite \u00een func\u021bie de aceste propriet\u0103\u021bi.<\/p>\n\n\n\n<h3 class=\"wp-block-heading\" id=\"h-4-pronouns-determiners\">4. Pronume\/Determinan\u021bi:<\/h3>\n\n\n\n<p>Pronumele sunt folosite pentru a \u00eenlocui substantivele, \u00een timp ce determinan\u021bii le specific\u0103 sau le cuantific\u0103. \u00cen greac\u0103, at\u00e2t pronumele c\u00e2t \u0219i determinan\u021bii flexioneaz\u0103 pentru gen, num\u0103r \u0219i caz, la fel ca substantivele \u0219i adjectivele. C\u00e2teva exemple includ pronumele personale (eu, tu, el, ea etc.), pronumele demonstrative (aceasta, aceea) \u0219i pronumele posesive (mea, ta, lui, ei etc.).<\/p>\n\n\n\n<h3 class=\"wp-block-heading\" id=\"h-5-verbs\">5. Verbe:<\/h3>\n\n\n\n<p>Verbele exprim\u0103 ac\u021biuni, apari\u021bii sau st\u0103ri. Verbele grece\u0219ti au diferite forme \u00een func\u021bie de timp, dispozi\u021bie, voce \u0219i persoan\u0103. \u00cen\u021belegerea diferitelor conjug\u0103ri \u0219i a modului \u00een care acestea sunt utilizate este crucial\u0103 pentru construirea \u0219i \u00een\u021belegerea propozi\u021biilor.<\/p>\n\n\n\n<h3 class=\"wp-block-heading\" id=\"h-6-tenses\">6. Timpuri:<\/h3>\n\n\n\n<p>Greaca are mai multe timpuri, cum ar fi prezent, trecut \u0219i viitor. Fiecare timp este folosit pentru a indica ora unei ac\u021biuni, a unui eveniment sau a unei st\u0103ri. \u00cenv\u0103\u021barea diferitelor timpuri \u0219i conjug\u0103rile lor v\u0103 va ajuta s\u0103 v\u0103 exprima\u021bi cu exactitate \u0219i s\u0103-i \u00een\u021belege\u021bi pe ceilal\u021bi.<\/p>\n\n\n\n<h3 class=\"wp-block-heading\" id=\"h-7-tense-comparison\">7. Compara\u021bie tensionat\u0103:<\/h3>\n\n\n\n<p>Compararea timpurilor \u00een greac\u0103 este important\u0103 pentru \u00een\u021belegerea nuan\u021belor limbii. Aceasta implic\u0103 \u00eenv\u0103\u021barea modului de exprimare a ac\u021biunilor sau st\u0103rilor care apar simultan, secven\u021bial sau condi\u021bionat.<\/p>\n\n\n\n<h3 class=\"wp-block-heading\" id=\"h-8-progressive\">8. Progresiv:<\/h3>\n\n\n\n<p>Aspectul progresiv \u00een limba greac\u0103 este folosit pentru a indica ac\u021biuni continue sau continue. \u00cenv\u0103\u021b\u00e2nd cum s\u0103 forma\u021bi \u0219i s\u0103 utiliza\u021bi aspectul progresiv v\u0103 va ajuta s\u0103 transmite\u021bi ac\u021biuni care se \u00eent\u00e2mpl\u0103 \u00een prezent sau se \u00eent\u00e2mpl\u0103 \u00een trecut.<\/p>\n\n\n\n<h3 class=\"wp-block-heading\" id=\"h-9-perfect-progressive\">9. Progresiv perfect:<\/h3>\n\n\n\n<p>Aspectul progresiv perfect \u00een limba greac\u0103 combin\u0103 conceptele de completare \u0219i continuitate. Este folosit pentru a exprima ac\u021biuni sau st\u0103ri care au \u00eenceput \u00een trecut \u0219i au continuat p\u00e2n\u0103 la un anumit moment \u00een timp.<\/p>\n\n\n\n<h3 class=\"wp-block-heading\" id=\"h-10-adverbs\">10. Adverbe:<\/h3>\n\n\n\n<p>Adverbele ofer\u0103 informa\u021bii suplimentare despre verbe, adjective sau alte adverbe. Ele pot exprima modul, frecven\u021ba, gradul, timpul sau locul. \u00cenv\u0103\u021barea diferitelor tipuri de adverbe \u0219i plasarea lor corect\u0103 \u00eentr-o propozi\u021bie v\u0103 va \u00eembun\u0103t\u0103\u021bi fluen\u021ba general\u0103 \u00een limba greac\u0103.<\/p>\n\n\n\n<h3 class=\"wp-block-heading\" id=\"h-11-conditionals\">11. Condi\u021bionale:<\/h3>\n\n\n\n<p>Condi\u021bionalele sunt folosite pentru a exprima situa\u021bii ipotetice \u0219i consecin\u021bele acestora. Greaca are mai multe tipuri de condi\u021bionale, inclusiv reale, ireale \u0219i mixte. \u00cen\u021belegerea \u0219i utilizarea condi\u021bionalelor este necesar\u0103 pentru exprimarea g\u00e2ndurilor \u0219i ideilor complexe.<\/p>\n\n\n\n<h3 class=\"wp-block-heading\" id=\"h-12-prepositions\">12. Prepozi\u021bii:<\/h3>\n\n\n\n<p>Prepozi\u021biile sunt cuvinte mici care indic\u0103 rela\u021biile dintre substantive, pronume sau alte cuvinte dintr-o propozi\u021bie. Ele pot exprima loca\u021bia, ora, direc\u021bia, cauza \u0219i multe altele. \u00cenv\u0103\u021barea diferitelor prepozi\u021bii \u0219i utilizarea lor corect\u0103 v\u0103 va ajuta s\u0103 forma\u021bi propozi\u021bii mai precise \u0219i mai coerente.<\/p>\n\n\n\n<h3 class=\"wp-block-heading\" id=\"h-13-sentences\">13. Propozi\u021bii:<\/h3>\n\n\n\n<p>\u00cen cele din urm\u0103, st\u0103p\u00e2nirea structurii propozi\u021biei este esen\u021bial\u0103 pentru comunicarea eficient\u0103 \u00een limba greac\u0103. Aceasta implic\u0103 \u00een\u021belegerea ordinii corecte a cuvintelor \u0219i utilizarea diferitelor elemente gramaticale, cum ar fi subiectul, verbul \u0219i obiectul. \u00cenv\u0103\u021b\u00e2nd cum s\u0103 construi\u021bi diferite tipuri de propozi\u021bii, ve\u021bi fi pe cale s\u0103 deveni\u021bi competen\u021bi \u00een limba greac\u0103.<\/p>\n<\/div><\/div>\n\r\n<section class=\"learnNavigationSection\">\r\n            \r\n        <a href=\"https:\/\/talkpal.ai\/ro\/invata-greaca\/\">\r\n            <div class=\"learnNavigationWrapper\">\r\n                <div class=\"learnNavigationContent\">\r\n                    <img decoding=\"async\" src=\"https:\/\/talkpal.ai\/wp-content\/uploads\/2024\/08\/Greek.jpg\" alt=\"Greek Flag\">\r\n                    <div>\r\n                        <h4>Despre Greek Learning<\/h4>\r\n                        <p>Afla\u021bi totul despre gramatica greac\u0103.<\/p>\r\n                    <\/div>\r\n                <\/div>\r\n            <\/div>\r\n        <\/a>\r\n\r\n        \r\n        <a href=\"https:\/\/talkpal.ai\/ro\/gramatica-greaca\/\">\r\n            <div class=\"learnNavigationWrapper\">\r\n                <div class=\"learnNavigationContent\">\r\n                    <img decoding=\"async\" src=\"https:\/\/talkpal.ai\/wp-content\/uploads\/2024\/08\/Greek.jpg\" alt=\"Greek Flag\">\r\n                    <div>\r\n                        <h4>Lec\u021bii de gramatic\u0103 greac\u0103<\/h4>\r\n                        <p>Exersa\u021bi gramatica greac\u0103.<\/p>\r\n                    <\/div>\r\n                <\/div>\r\n            <\/div>\r\n        <\/a>\r\n\r\n        \r\n        <a href=\"https:\/\/talkpal.ai\/vocabulary_language\/greek\/\">\r\n            <div class=\"learnNavigationWrapper\">\r\n                <div class=\"learnNavigationContent\">\r\n                    <img decoding=\"async\" src=\"https:\/\/talkpal.ai\/wp-content\/uploads\/2024\/08\/Greek.jpg\" alt=\"Greek Flag\">\r\n                    <div>\r\n                        <h4>Vocabular grecesc<\/h4>\r\n                        <p>Extinde\u021bi-v\u0103 vocabularul grecesc.<\/p>\r\n                    <\/div>\r\n                <\/div>\r\n            <\/div>\r\n        <\/a>\r\n\r\n            <\/section>","protected":false},"excerpt":{"rendered":"<p>Subiecte de gramatic\u0103 greac\u0103 \u00cenv\u0103\u021barea limbii grece\u0219ti poate fi o experien\u021b\u0103 incredibil de plin\u0103 de satisfac\u021bii, deoarece ofer\u0103 o poart\u0103 c\u0103tre o cultur\u0103, literatur\u0103 \u0219i istorie bogat\u0103 \u0219i divers\u0103. Limba greac\u0103 are o structur\u0103 gramatical\u0103 unic\u0103, care poate fi fascinant\u0103 de explorat. Familiarizarea cu gramatica greac\u0103 este esen\u021bial\u0103 pentru st\u0103p\u00e2nirea limbii, deoarece v\u0103 va permite [&hellip;]<\/p>\n","protected":false},"author":6,"featured_media":112767,"parent":0,"menu_order":0,"comment_status":"closed","ping_status":"closed","template":"LearningContentPage.php","meta":{"_acf_changed":false,"footnotes":""},"class_list":["post-162496","page","type-page","status-publish","has-post-thumbnail","hentry"],"acf":[],"yoast_head":"<!-- This site is optimized with the Yoast SEO Premium plugin v27.2 (Yoast SEO v27.2) - https:\/\/yoast.com\/product\/yoast-seo-premium-wordpress\/ -->\n<title>Exerci\u021bii de gramatic\u0103 greac\u0103 - Talkpal<\/title>\n<meta name=\"description\" content=\"\u00cembun\u0103t\u0103\u021bi\u021bi-v\u0103 cu u\u0219urin\u021b\u0103 cuno\u0219tin\u021bele de gramatic\u0103 greac\u0103 - practica\u021bi exerci\u021bii interactive, \u00eembun\u0103t\u0103\u021bi\u021bi-v\u0103 rapid \u0219i c\u00e2\u0219tiga\u021bi \u00eencredere cu Talkpal AI.\" \/>\n<meta name=\"robots\" content=\"index, follow, max-snippet:-1, max-image-preview:large, max-video-preview:-1\" \/>\n<link rel=\"canonical\" href=\"https:\/\/talkpal.ai\/ro\/exercitii-de-gramatica-greaca\/\" \/>\n<meta property=\"og:locale\" content=\"ro_RO\" \/>\n<meta property=\"og:type\" content=\"article\" \/>\n<meta property=\"og:title\" content=\"Exerci\u021bii de gramatic\u0103 greac\u0103\" \/>\n<meta property=\"og:description\" content=\"Subiecte de gramatic\u0103 greac\u0103 \u00cenv\u0103\u021barea limbii grece\u0219ti poate fi o experien\u021b\u0103 incredibil de plin\u0103 de satisfac\u021bii, deoarece ofer\u0103 o poart\u0103 c\u0103tre o cultur\u0103,\" \/>\n<meta property=\"og:url\" content=\"https:\/\/talkpal.ai\/ro\/exercitii-de-gramatica-greaca\/\" \/>\n<meta property=\"og:site_name\" content=\"Talkpal\" \/>\n<meta property=\"article:publisher\" content=\"https:\/\/www.facebook.com\/profile.php?id=100090733639311\" \/>\n<meta property=\"article:modified_time\" content=\"2025-12-17T16:03:53+00:00\" \/>\n<meta property=\"og:image\" content=\"https:\/\/talkpal.ai\/wp-content\/uploads\/2023\/05\/greece.png\" \/>\n\t<meta property=\"og:image:width\" content=\"512\" \/>\n\t<meta property=\"og:image:height\" content=\"512\" \/>\n\t<meta property=\"og:image:type\" content=\"image\/png\" \/>\n<meta name=\"twitter:card\" content=\"summary_large_image\" \/>\n<meta name=\"twitter:site\" content=\"@talkpalai\" \/>\n<meta name=\"twitter:label1\" content=\"Timp estimat pentru citire\" \/>\n\t<meta name=\"twitter:data1\" content=\"4 minute\" \/>\n<script type=\"application\/ld+json\" class=\"yoast-schema-graph\">{\"@context\":\"https:\/\/schema.org\",\"@graph\":[{\"@type\":\"WebPage\",\"@id\":\"https:\/\/talkpal.ai\/ro\/exercitii-de-gramatica-greaca\/\",\"url\":\"https:\/\/talkpal.ai\/ro\/exercitii-de-gramatica-greaca\/\",\"name\":\"Exerci\u021bii de gramatic\u0103 greac\u0103 - Talkpal\",\"isPartOf\":{\"@id\":\"https:\/\/talkpal.ai\/ro\/#website\"},\"primaryImageOfPage\":{\"@id\":\"https:\/\/talkpal.ai\/ro\/exercitii-de-gramatica-greaca\/#primaryimage\"},\"image\":{\"@id\":\"https:\/\/talkpal.ai\/ro\/exercitii-de-gramatica-greaca\/#primaryimage\"},\"thumbnailUrl\":\"https:\/\/talkpal.ai\/wp-content\/uploads\/2023\/05\/greece.png\",\"datePublished\":\"2023-06-21T14:18:43+00:00\",\"dateModified\":\"2025-12-17T16:03:53+00:00\",\"description\":\"\u00cembun\u0103t\u0103\u021bi\u021bi-v\u0103 cu u\u0219urin\u021b\u0103 cuno\u0219tin\u021bele de gramatic\u0103 greac\u0103 - practica\u021bi exerci\u021bii interactive, \u00eembun\u0103t\u0103\u021bi\u021bi-v\u0103 rapid \u0219i c\u00e2\u0219tiga\u021bi \u00eencredere cu Talkpal AI.\",\"breadcrumb\":{\"@id\":\"https:\/\/talkpal.ai\/ro\/exercitii-de-gramatica-greaca\/#breadcrumb\"},\"inLanguage\":\"ro-RO\",\"potentialAction\":[{\"@type\":\"ReadAction\",\"target\":[\"https:\/\/talkpal.ai\/ro\/exercitii-de-gramatica-greaca\/\"]}]},{\"@type\":\"ImageObject\",\"inLanguage\":\"ro-RO\",\"@id\":\"https:\/\/talkpal.ai\/ro\/exercitii-de-gramatica-greaca\/#primaryimage\",\"url\":\"https:\/\/talkpal.ai\/wp-content\/uploads\/2023\/05\/greece.png\",\"contentUrl\":\"https:\/\/talkpal.ai\/wp-content\/uploads\/2023\/05\/greece.png\",\"width\":512,\"height\":512},{\"@type\":\"BreadcrumbList\",\"@id\":\"https:\/\/talkpal.ai\/ro\/exercitii-de-gramatica-greaca\/#breadcrumb\",\"itemListElement\":[{\"@type\":\"ListItem\",\"position\":1,\"name\":\"Homepage\",\"item\":\"https:\/\/talkpal.ai\/ro\/\"},{\"@type\":\"ListItem\",\"position\":2,\"name\":\"Exerci\u021bii de gramatic\u0103 greac\u0103\"}]},{\"@type\":\"WebSite\",\"@id\":\"https:\/\/talkpal.ai\/ro\/#website\",\"url\":\"https:\/\/talkpal.ai\/ro\/\",\"name\":\"Talkpal\",\"description\":\"AI Language Learning\",\"publisher\":{\"@id\":\"https:\/\/talkpal.ai\/ro\/#organization\"},\"alternateName\":\"Talkpal AI\",\"potentialAction\":[{\"@type\":\"SearchAction\",\"target\":{\"@type\":\"EntryPoint\",\"urlTemplate\":\"https:\/\/talkpal.ai\/ro\/?s={search_term_string}\"},\"query-input\":{\"@type\":\"PropertyValueSpecification\",\"valueRequired\":true,\"valueName\":\"search_term_string\"}}],\"inLanguage\":\"ro-RO\"},{\"@type\":\"Organization\",\"@id\":\"https:\/\/talkpal.ai\/ro\/#organization\",\"name\":\"Talkpal, Inc.\",\"alternateName\":\"Talkpal AI\",\"url\":\"https:\/\/talkpal.ai\/ro\/\",\"logo\":{\"@type\":\"ImageObject\",\"inLanguage\":\"ro-RO\",\"@id\":\"https:\/\/talkpal.ai\/ro\/#\/schema\/logo\/image\/\",\"url\":\"https:\/\/talkpal.ai\/wp-content\/uploads\/2024\/03\/Talkpal-Logo-Icon.png\",\"contentUrl\":\"https:\/\/talkpal.ai\/wp-content\/uploads\/2024\/03\/Talkpal-Logo-Icon.png\",\"width\":2880,\"height\":2880,\"caption\":\"Talkpal, Inc.\"},\"image\":{\"@id\":\"https:\/\/talkpal.ai\/ro\/#\/schema\/logo\/image\/\"},\"sameAs\":[\"https:\/\/www.facebook.com\/profile.php?id=100090733639311\",\"https:\/\/x.com\/talkpalai\",\"https:\/\/www.linkedin.com\/company\/talkpal\/\",\"https:\/\/www.youtube.com\/@TalkPal\/\",\"https:\/\/www.tiktok.com\/@talkpal\",\"https:\/\/www.instagram.com\/talkpal_ai\/\",\"https:\/\/www.crunchbase.com\/organization\/talkpal-9cde\",\"https:\/\/www.g2.com\/products\/talkpal-for-business\/\",\"https:\/\/www.trustpilot.com\/review\/talkpal.ai\",\"https:\/\/www.capterra.com\/p\/10006800\/TalkPal\/\"],\"description\":\"Talkpal is a language learning web and mobile education app, powered by the latest AI technologies, that provides engaging experiences to its customers in many different languages to help them improve their language skills. Users can chat about unlimited amount of topics with the app and use other modes to practice their language learning.\",\"email\":\"support@talkpal.ai\",\"legalName\":\"Talkpal, Inc.\",\"foundingDate\":\"2023-04-03\",\"duns\":\"118989042\",\"numberOfEmployees\":{\"@type\":\"QuantitativeValue\",\"minValue\":\"11\",\"maxValue\":\"50\"},\"publishingPrinciples\":\"https:\/\/talkpal.ai\/publishing-principles\/\",\"actionableFeedbackPolicy\":\"https:\/\/talkpal.ai\/actionable-feedback-policy\/\",\"correctionsPolicy\":\"https:\/\/talkpal.ai\/corrections-policy\/\",\"ethicsPolicy\":\"https:\/\/talkpal.ai\/ethics-policy\/\",\"diversityPolicy\":\"https:\/\/talkpal.ai\/diversity-policy\/\",\"diversityStaffingReport\":\"https:\/\/talkpal.ai\/diversity-policy\/\"}]}<\/script>\n<!-- \/ Yoast SEO Premium plugin. -->","yoast_head_json":{"title":"Exerci\u021bii de gramatic\u0103 greac\u0103 - Talkpal","description":"\u00cembun\u0103t\u0103\u021bi\u021bi-v\u0103 cu u\u0219urin\u021b\u0103 cuno\u0219tin\u021bele de gramatic\u0103 greac\u0103 - practica\u021bi exerci\u021bii interactive, \u00eembun\u0103t\u0103\u021bi\u021bi-v\u0103 rapid \u0219i c\u00e2\u0219tiga\u021bi \u00eencredere cu Talkpal AI.","robots":{"index":"index","follow":"follow","max-snippet":"max-snippet:-1","max-image-preview":"max-image-preview:large","max-video-preview":"max-video-preview:-1"},"canonical":"https:\/\/talkpal.ai\/ro\/exercitii-de-gramatica-greaca\/","og_locale":"ro_RO","og_type":"article","og_title":"Exerci\u021bii de gramatic\u0103 greac\u0103","og_description":"Subiecte de gramatic\u0103 greac\u0103 \u00cenv\u0103\u021barea limbii grece\u0219ti poate fi o experien\u021b\u0103 incredibil de plin\u0103 de satisfac\u021bii, deoarece ofer\u0103 o poart\u0103 c\u0103tre o cultur\u0103,","og_url":"https:\/\/talkpal.ai\/ro\/exercitii-de-gramatica-greaca\/","og_site_name":"Talkpal","article_publisher":"https:\/\/www.facebook.com\/profile.php?id=100090733639311","article_modified_time":"2025-12-17T16:03:53+00:00","og_image":[{"width":512,"height":512,"url":"https:\/\/talkpal.ai\/wp-content\/uploads\/2023\/05\/greece.png","type":"image\/png"}],"twitter_card":"summary_large_image","twitter_site":"@talkpalai","twitter_misc":{"Timp estimat pentru citire":"4 minute"},"schema":{"@context":"https:\/\/schema.org","@graph":[{"@type":"WebPage","@id":"https:\/\/talkpal.ai\/ro\/exercitii-de-gramatica-greaca\/","url":"https:\/\/talkpal.ai\/ro\/exercitii-de-gramatica-greaca\/","name":"Exerci\u021bii de gramatic\u0103 greac\u0103 - Talkpal","isPartOf":{"@id":"https:\/\/talkpal.ai\/ro\/#website"},"primaryImageOfPage":{"@id":"https:\/\/talkpal.ai\/ro\/exercitii-de-gramatica-greaca\/#primaryimage"},"image":{"@id":"https:\/\/talkpal.ai\/ro\/exercitii-de-gramatica-greaca\/#primaryimage"},"thumbnailUrl":"https:\/\/talkpal.ai\/wp-content\/uploads\/2023\/05\/greece.png","datePublished":"2023-06-21T14:18:43+00:00","dateModified":"2025-12-17T16:03:53+00:00","description":"\u00cembun\u0103t\u0103\u021bi\u021bi-v\u0103 cu u\u0219urin\u021b\u0103 cuno\u0219tin\u021bele de gramatic\u0103 greac\u0103 - practica\u021bi exerci\u021bii interactive, \u00eembun\u0103t\u0103\u021bi\u021bi-v\u0103 rapid \u0219i c\u00e2\u0219tiga\u021bi \u00eencredere cu Talkpal AI.","breadcrumb":{"@id":"https:\/\/talkpal.ai\/ro\/exercitii-de-gramatica-greaca\/#breadcrumb"},"inLanguage":"ro-RO","potentialAction":[{"@type":"ReadAction","target":["https:\/\/talkpal.ai\/ro\/exercitii-de-gramatica-greaca\/"]}]},{"@type":"ImageObject","inLanguage":"ro-RO","@id":"https:\/\/talkpal.ai\/ro\/exercitii-de-gramatica-greaca\/#primaryimage","url":"https:\/\/talkpal.ai\/wp-content\/uploads\/2023\/05\/greece.png","contentUrl":"https:\/\/talkpal.ai\/wp-content\/uploads\/2023\/05\/greece.png","width":512,"height":512},{"@type":"BreadcrumbList","@id":"https:\/\/talkpal.ai\/ro\/exercitii-de-gramatica-greaca\/#breadcrumb","itemListElement":[{"@type":"ListItem","position":1,"name":"Homepage","item":"https:\/\/talkpal.ai\/ro\/"},{"@type":"ListItem","position":2,"name":"Exerci\u021bii de gramatic\u0103 greac\u0103"}]},{"@type":"WebSite","@id":"https:\/\/talkpal.ai\/ro\/#website","url":"https:\/\/talkpal.ai\/ro\/","name":"Talkpal","description":"AI Language Learning","publisher":{"@id":"https:\/\/talkpal.ai\/ro\/#organization"},"alternateName":"Talkpal AI","potentialAction":[{"@type":"SearchAction","target":{"@type":"EntryPoint","urlTemplate":"https:\/\/talkpal.ai\/ro\/?s={search_term_string}"},"query-input":{"@type":"PropertyValueSpecification","valueRequired":true,"valueName":"search_term_string"}}],"inLanguage":"ro-RO"},{"@type":"Organization","@id":"https:\/\/talkpal.ai\/ro\/#organization","name":"Talkpal, Inc.","alternateName":"Talkpal AI","url":"https:\/\/talkpal.ai\/ro\/","logo":{"@type":"ImageObject","inLanguage":"ro-RO","@id":"https:\/\/talkpal.ai\/ro\/#\/schema\/logo\/image\/","url":"https:\/\/talkpal.ai\/wp-content\/uploads\/2024\/03\/Talkpal-Logo-Icon.png","contentUrl":"https:\/\/talkpal.ai\/wp-content\/uploads\/2024\/03\/Talkpal-Logo-Icon.png","width":2880,"height":2880,"caption":"Talkpal, Inc."},"image":{"@id":"https:\/\/talkpal.ai\/ro\/#\/schema\/logo\/image\/"},"sameAs":["https:\/\/www.facebook.com\/profile.php?id=100090733639311","https:\/\/x.com\/talkpalai","https:\/\/www.linkedin.com\/company\/talkpal\/","https:\/\/www.youtube.com\/@TalkPal\/","https:\/\/www.tiktok.com\/@talkpal","https:\/\/www.instagram.com\/talkpal_ai\/","https:\/\/www.crunchbase.com\/organization\/talkpal-9cde","https:\/\/www.g2.com\/products\/talkpal-for-business\/","https:\/\/www.trustpilot.com\/review\/talkpal.ai","https:\/\/www.capterra.com\/p\/10006800\/TalkPal\/"],"description":"Talkpal is a language learning web and mobile education app, powered by the latest AI technologies, that provides engaging experiences to its customers in many different languages to help them improve their language skills. Users can chat about unlimited amount of topics with the app and use other modes to practice their language learning.","email":"support@talkpal.ai","legalName":"Talkpal, Inc.","foundingDate":"2023-04-03","duns":"118989042","numberOfEmployees":{"@type":"QuantitativeValue","minValue":"11","maxValue":"50"},"publishingPrinciples":"https:\/\/talkpal.ai\/publishing-principles\/","actionableFeedbackPolicy":"https:\/\/talkpal.ai\/actionable-feedback-policy\/","correctionsPolicy":"https:\/\/talkpal.ai\/corrections-policy\/","ethicsPolicy":"https:\/\/talkpal.ai\/ethics-policy\/","diversityPolicy":"https:\/\/talkpal.ai\/diversity-policy\/","diversityStaffingReport":"https:\/\/talkpal.ai\/diversity-policy\/"}]}},"_links":{"self":[{"href":"https:\/\/talkpal.ai\/ro\/wp-json\/wp\/v2\/pages\/162496","targetHints":{"allow":["GET"]}}],"collection":[{"href":"https:\/\/talkpal.ai\/ro\/wp-json\/wp\/v2\/pages"}],"about":[{"href":"https:\/\/talkpal.ai\/ro\/wp-json\/wp\/v2\/types\/page"}],"author":[{"embeddable":true,"href":"https:\/\/talkpal.ai\/ro\/wp-json\/wp\/v2\/users\/6"}],"replies":[{"embeddable":true,"href":"https:\/\/talkpal.ai\/ro\/wp-json\/wp\/v2\/comments?post=162496"}],"version-history":[{"count":0,"href":"https:\/\/talkpal.ai\/ro\/wp-json\/wp\/v2\/pages\/162496\/revisions"}],"wp:featuredmedia":[{"embeddable":true,"href":"https:\/\/talkpal.ai\/ro\/wp-json\/wp\/v2\/media\/112767"}],"wp:attachment":[{"href":"https:\/\/talkpal.ai\/ro\/wp-json\/wp\/v2\/media?parent=162496"}],"curies":[{"name":"wp","href":"https:\/\/api.w.org\/{rel}","templated":true}]}}