{"id":162224,"date":"2023-06-21T14:25:56","date_gmt":"2023-06-21T14:25:56","guid":{"rendered":"http:\/\/talkpal.ai\/exercitii-de-gramatica-ebraica\/"},"modified":"2025-12-17T16:05:48","modified_gmt":"2025-12-17T16:05:48","slug":"exercitii-de-gramatica-ebraica","status":"publish","type":"page","link":"https:\/\/talkpal.ai\/ro\/exercitii-de-gramatica-ebraica\/","title":{"rendered":"Exerci\u021bii de gramatic\u0103 ebraic\u0103"},"content":{"rendered":"\r\n\r\n\r\n<section class=\"languageChallengeSection\">\r\n    <div class=\"languageInfoWrapper\">\r\n        \r\n        <h1>Exerci\u021bii de gramatic\u0103 ebraic\u0103<\/h1>\r\n        <p>Sunte\u021bi gata s\u0103 v\u0103 scufunda\u021bi \u00een gramatica <a href=\"https:\/\/talkpal.ai\/learn-hebrew\/\">ebraic\u0103<\/a>? Aceste exerci\u021bii simple v\u0103 vor ajuta s\u0103 v\u0103 acomoda\u021bi cu elementele de baz\u0103 \u0219i s\u0103 v\u0103 consolida\u021bi \u00eencrederea pe m\u0103sur\u0103 ce \u00eenv\u0103\u021ba\u021bi aceast\u0103 limb\u0103 frumoas\u0103.<\/p>\r\n\r\n                            <a class=\"getStartedHidden\" href=\"https:\/\/app.talkpal.ai\/ro\/signup?lng=\">\u00cencepe<\/a>\r\n        \r\n    <\/div>\r\n\r\n    <figure>\r\n    <img decoding=\"async\" width=\"768\" height=\"768\" src=\"https:\/\/talkpal.ai\/wp-content\/uploads\/2023\/06\/hebrew-768x768.png\" class=\"languageImage no-lazy\" alt=\"Language learning for proficient communication\" fetchpriority=\"high\" sizes=\"(max-width: 768px) 150px, 768px\" srcset=\"https:\/\/talkpal.ai\/wp-content\/uploads\/2023\/06\/hebrew-768x768.png 768w, https:\/\/talkpal.ai\/wp-content\/uploads\/2023\/06\/hebrew-300x300.png 300w\" \/>\r\n    \r\n\r\n    <\/figure>\r\n\r\n            <a class=\"getStartedVisible\" href=\"https:\/\/app.talkpal.ai\/ro\/signup?lng=\">\u00cencepe<\/a>\r\n    \r\n<\/section>\r\n\r\n\r\n<!-- <section class=\"grammarSection\">\r\n    <div class=\"grammarLinks\">\r\n            <\/div>\r\n<\/section> -->\r\n\r\n\r\n\r\n\r\n<section class=\"promotionalBanner\">\r\n    <p class=\"promotionalText\">Cel mai eficient mod de a \u00eenv\u0103\u021ba o limb\u0103<\/p>\r\n    <a class=\"promotionalLink\" href=\"https:\/\/app.talkpal.ai\/ro\/signup?lng=\">\u00cencerca\u021bi Talkpal gratuit<\/a>\r\n<\/section>\n<div class=\"wp-block-group pageContainerStyle\"><div class=\"wp-block-group__inner-container is-layout-constrained wp-block-group-is-layout-constrained\">\n<h2 class=\"wp-block-heading\" id=\"h-hebrew-grammar-topics\">Subiecte de gramatic\u0103 ebraic\u0103<\/h2>\n\n\n\n<p>Ebraica este o limb\u0103 fascinant\u0103 \u0219i antic\u0103 care are o mare semnifica\u021bie istoric\u0103 \u0219i cultural\u0103. Fiind una dintre cele mai vechi limbi din lume, a evoluat \u0219i s-a adaptat de-a lungul timpului, ceea ce o face at\u00e2t o limb\u0103 provocatoare, c\u00e2t \u0219i plin\u0103 de satisfac\u021bii de \u00eenv\u0103\u021bat. Indiferent dac\u0103 \u00eenve\u021bi ebraica din motive religioase, pentru a te conecta cu mo\u0219tenirea ta sau pur \u0219i simplu pentru cre\u0219terea personal\u0103, \u00een\u021belegerea gramaticii este esen\u021bial\u0103 pentru o comunicare eficient\u0103. \u00cen acest ghid, vom explora subiectele cheie de <a href=\"https:\/\/talkpal.ai\/hebrew-grammar\/\">gramatic\u0103 ebraic\u0103<\/a> <a href=\"https:\/\/talkpal.ai\/culture\/how-do-i-use-pe-care-correctly\/\">pe care<\/a> trebuie s\u0103 le st\u0103p\u00e2ne\u0219ti \u00eentr-o secven\u021b\u0103 logic\u0103, oferind o baz\u0103 solid\u0103 pentru c\u0103l\u0103toria ta de \u00eenv\u0103\u021bare a limbilor str\u0103ine.<\/p>\n\n\n\n<h3 class=\"wp-block-heading\" id=\"h-1-nouns\">1. Substantive:<\/h3>\n\n\n\n<p>Ca elemente de baz\u0103 ale oric\u0103rei limbi, \u00een\u021belegerea substantivelor ebraice este crucial\u0103. Substantivele \u00een ebraic\u0103 au gen (masculin sau feminin) \u0219i num\u0103r (singular, plural \u0219i uneori dual). \u00cenv\u0103\u021barea modelelor pentru acordul de gen \u0219i num\u0103r v\u0103 va ajuta s\u0103 forma\u021bi propozi\u021bii de baz\u0103 \u0219i s\u0103 \u00een\u021belege\u021bi structura limbii.<\/p>\n\n\n\n<h3 class=\"wp-block-heading\" id=\"h-2-articles\">2. Articole:<\/h3>\n\n\n\n<p>Ebraica are un articol hot\u0103r\u00e2t, &#8222;\u05d4&#8221; (ha), care este ata\u0219at la \u00eenceputul unui substantiv pentru a indica faptul c\u0103 acesta este specific sau cunoscut. Nu exist\u0103 un <a href=\"https:\/\/talkpal.ai\/culture\/what-is-the-indefinite-article-in-romanian\/\">articol nehot\u0103r\u00e2t<\/a> \u00een ebraic\u0103, a\u0219a c\u0103 \u00eenv\u0103\u021barea momentului \u0219i a modului de utilizare a articolului hot\u0103r\u00e2t este esen\u021bial\u0103 pentru o comunicare adecvat\u0103.<\/p>\n\n\n\n<h3 class=\"wp-block-heading\" id=\"h-3-adjectives\">3. Adjective:<\/h3>\n\n\n\n<p>Adjectivele ebraice, ca \u0219i substantivele, au acord de gen \u0219i num\u0103r. Ei urmeaz\u0103 substantivul pe care \u00eel modific\u0103 \u0219i trebuie s\u0103 fie de acord \u00een gen \u0219i num\u0103r. \u00cen\u021belegerea modelelor \u0219i regulilor pentru acordul adjectival v\u0103 va ajuta s\u0103 descrie\u021bi cu exactitate obiecte \u0219i idei \u00een ebraic\u0103.<\/p>\n\n\n\n<h3 class=\"wp-block-heading\" id=\"h-4-pronouns-determiners\">4. Pronume\/Determinan\u021bi:<\/h3>\n\n\n\n<p>Pronumele \u00eenlocuiesc substantivele \u00een propozi\u021bii, \u00een timp ce determinan\u021bii le specific\u0103 sau le cuantific\u0103. Ambele joac\u0103 un rol crucial \u00een a face ebraica mai fluent\u0103 \u0219i mai natural\u0103. St\u0103p\u00e2nirea diferitelor pronume (subiect, obiect, posesiv) \u0219i determinan\u021bi (demonstrativ, interogativ, nedefinit) v\u0103 va ajuta s\u0103 crea\u021bi propozi\u021bii mai complexe \u0219i s\u0103 v\u0103 transmite\u021bi ideile mai eficient.<\/p>\n\n\n\n<h3 class=\"wp-block-heading\" id=\"h-5-verbs\">5. Verbe:<\/h3>\n\n\n\n<p>Verbele \u00een ebraic\u0103 se afl\u0103 \u00een centrul gramaticii limbii. Ele se bazeaz\u0103 pe un sistem radicular format din trei sau patru consoane \u0219i sunt conjugate \u00een func\u021bie de timp, persoan\u0103, sex \u0219i num\u0103r. Familiarizarea cu diferitele forme \u0219i timpuri verbale v\u0103 va permite s\u0103 exprima\u021bi ac\u021biuni \u0219i st\u0103ri \u00een mod eficient.<\/p>\n\n\n\n<h3 class=\"wp-block-heading\" id=\"h-6-tenses\">6. Timpuri:<\/h3>\n\n\n\n<p>Ebraica are trei timpuri principale: trecut, prezent \u0219i viitor. Fiecare timp are reguli de conjugare specifice care depind de r\u0103d\u0103cina verbului \u0219i de genul \u0219i num\u0103rul subiectului. \u00cen\u021belegerea acestor reguli v\u0103 va permite s\u0103 transmite\u021bi cu exactitate calendarul ac\u021biunilor.<\/p>\n\n\n\n<h3 class=\"wp-block-heading\" id=\"h-7-tense-comparison\">7. Compara\u021bie tensionat\u0103:<\/h3>\n\n\n\n<p>Este esen\u021bial s\u0103 \u0219tim c\u00e2nd \u0219i cum s\u0103 folosim fiecare timp ebraic pentru a comunica eficient. Compararea \u0219i contrastarea diferitelor timpuri v\u0103 va ajuta s\u0103 \u00een\u021belege\u021bi nuan\u021bele limbii \u0219i v\u0103 va permite s\u0103 v\u0103 exprima\u021bi mai precis.<\/p>\n\n\n\n<h3 class=\"wp-block-heading\" id=\"h-8-progressive-and-perfect-progressive\">8. Progresiv \u0219i perfect progresiv:<\/h3>\n\n\n\n<p>Aceste forme verbale sunt folosite pentru a indica ac\u021biunile \u00een curs sau finalizate. Forma progresiv\u0103 este folosit\u0103 pentru ac\u021biuni care sunt \u00eenc\u0103 \u00een desf\u0103\u0219urare, \u00een timp ce progresivul perfect subliniaz\u0103 finalizarea unei ac\u021biuni. \u00cen\u021belegerea acestor forme v\u0103 va spori capacitatea de a exprima idei \u0219i ac\u021biuni complexe.<\/p>\n\n\n\n<h3 class=\"wp-block-heading\" id=\"h-9-adverbs\">9. Adverbe:<\/h3>\n\n\n\n<p>Adverbele modific\u0103 verbe, adjective sau alte adverbe, oferind informa\u021bii suplimentare despre ac\u021biunea sau calitatea descris\u0103. \u00cenv\u0103\u021barea diferitelor tipuri de adverbe ebraice \u0219i cum s\u0103 le folosi\u021bi corect va ad\u0103uga varietate \u0219i profunzime abilit\u0103\u021bilor dvs. lingvistice.<\/p>\n\n\n\n<h3 class=\"wp-block-heading\" id=\"h-10-prepositions\">10. Prepozi\u021bii:<\/h3>\n\n\n\n<p>Prepozi\u021biile conecteaz\u0103 substantive, pronume sau alte cuvinte pentru a ar\u0103ta rela\u021biile \u00een timp, loca\u021bie sau alte contexte. St\u0103p\u00e2nirea prepozi\u021biilor ebraice v\u0103 va ajuta s\u0103 crea\u021bi propozi\u021bii mai complexe \u0219i s\u0103 exprima\u021bi mai clar rela\u021biile dintre idei.<\/p>\n\n\n\n<h3 class=\"wp-block-heading\" id=\"h-11-conditionals\">11. Condi\u021bionale:<\/h3>\n\n\n\n<p>Condi\u021bionalele ebraice sunt folosite pentru a exprima situa\u021bii ipotetice \u0219i consecin\u021bele acestora. \u00cenv\u0103\u021barea diferitelor structuri condi\u021bionale (dac\u0103 \/ atunci afirma\u021bii) v\u0103 va permite s\u0103 comunica\u021bi eficient \u00een situa\u021bii ipotetice sau incerte.<\/p>\n\n\n\n<h3 class=\"wp-block-heading\" id=\"h-12-sentences\">12. Propozi\u021bii:<\/h3>\n\n\n\n<p>\u00cen cele din urm\u0103, punerea tuturor componentelor gramaticale \u00eempreun\u0103 pentru a forma propozi\u021bii complete \u0219i coerente este scopul final al \u00eenv\u0103\u021b\u0103rii limbii ebraice. Exersa\u021bi combinarea substantivelor, verbelor, adjectivelor \u0219i a altor elemente pentru a crea propozi\u021bii care s\u0103 v\u0103 transmit\u0103 cu exactitate g\u00e2ndurile \u0219i ideile \u00een limba ebraic\u0103.<\/p>\n<\/div><\/div>\n\r\n<section class=\"learnNavigationSection\">\r\n            \r\n        <a href=\"https:\/\/talkpal.ai\/ro\/invata-ebraica\/\">\r\n            <div class=\"learnNavigationWrapper\">\r\n                <div class=\"learnNavigationContent\">\r\n                    <img decoding=\"async\" src=\"https:\/\/talkpal.ai\/wp-content\/uploads\/2024\/08\/Hebrew.jpg\" alt=\"Israel Flag\">\r\n                    <div>\r\n                        <h4>Despre \u00eenv\u0103\u021barea ebraic\u0103<\/h4>\r\n                        <p>Afla\u021bi totul despre gramatica ebraic\u0103.<\/p>\r\n                    <\/div>\r\n                <\/div>\r\n            <\/div>\r\n        <\/a>\r\n\r\n        \r\n        <a href=\"https:\/\/talkpal.ai\/ro\/gramatica-ebraica\/\">\r\n            <div class=\"learnNavigationWrapper\">\r\n                <div class=\"learnNavigationContent\">\r\n                    <img decoding=\"async\" src=\"https:\/\/talkpal.ai\/wp-content\/uploads\/2024\/08\/Hebrew.jpg\" alt=\"Israel Flag\">\r\n                    <div>\r\n                        <h4>Lec\u021bii de gramatic\u0103 ebraic\u0103<\/h4>\r\n                        <p>Exersa\u021bi gramatica ebraic\u0103.<\/p>\r\n                    <\/div>\r\n                <\/div>\r\n            <\/div>\r\n        <\/a>\r\n\r\n        \r\n        <a href=\"https:\/\/talkpal.ai\/vocabulary_language\/hebrew\/\">\r\n            <div class=\"learnNavigationWrapper\">\r\n                <div class=\"learnNavigationContent\">\r\n                    <img decoding=\"async\" src=\"https:\/\/talkpal.ai\/wp-content\/uploads\/2024\/08\/Hebrew.jpg\" alt=\"Israel Flag\">\r\n                    <div>\r\n                        <h4>Vocabular ebraic<\/h4>\r\n                        <p>Extinde\u021bi-v\u0103 vocabularul ebraic.<\/p>\r\n                    <\/div>\r\n                <\/div>\r\n            <\/div>\r\n        <\/a>\r\n\r\n            <\/section>","protected":false},"excerpt":{"rendered":"<p>Subiecte de gramatic\u0103 ebraic\u0103 Ebraica este o limb\u0103 fascinant\u0103 \u0219i antic\u0103 care are o mare semnifica\u021bie istoric\u0103 \u0219i cultural\u0103. Fiind una dintre cele mai vechi limbi din lume, a evoluat \u0219i s-a adaptat de-a lungul timpului, ceea ce o face at\u00e2t o limb\u0103 provocatoare, c\u00e2t \u0219i plin\u0103 de satisfac\u021bii de \u00eenv\u0103\u021bat. Indiferent dac\u0103 \u00eenve\u021bi ebraica [&hellip;]<\/p>\n","protected":false},"author":6,"featured_media":113004,"parent":0,"menu_order":0,"comment_status":"closed","ping_status":"closed","template":"LearningContentPage.php","meta":{"_acf_changed":false,"footnotes":""},"class_list":["post-162224","page","type-page","status-publish","has-post-thumbnail","hentry"],"acf":[],"yoast_head":"<!-- This site is optimized with the Yoast SEO Premium plugin v27.2 (Yoast SEO v27.2) - https:\/\/yoast.com\/product\/yoast-seo-premium-wordpress\/ -->\n<title>Exerci\u021bii de gramatic\u0103 ebraic\u0103 - Talkpal<\/title>\n<meta name=\"description\" content=\"Stimuleaz\u0103-\u021bi gramatica ebraic\u0103 - implic\u0103-te \u00een exerci\u021bii clare \u0219i practice pentru a-\u021bi consolida cu u\u0219urin\u021b\u0103 abilit\u0103\u021bile lingvistice cu Talkpal AI.\" \/>\n<meta name=\"robots\" content=\"index, follow, max-snippet:-1, max-image-preview:large, max-video-preview:-1\" \/>\n<link rel=\"canonical\" href=\"https:\/\/talkpal.ai\/ro\/exercitii-de-gramatica-ebraica\/\" \/>\n<meta property=\"og:locale\" content=\"ro_RO\" \/>\n<meta property=\"og:type\" content=\"article\" \/>\n<meta property=\"og:title\" content=\"Exerci\u021bii de gramatic\u0103 ebraic\u0103\" \/>\n<meta property=\"og:description\" content=\"Subiecte de gramatic\u0103 ebraic\u0103 Ebraica este o limb\u0103 fascinant\u0103 \u0219i antic\u0103 care are o mare semnifica\u021bie istoric\u0103 \u0219i cultural\u0103. Fiind una dintre cele mai\" \/>\n<meta property=\"og:url\" content=\"https:\/\/talkpal.ai\/ro\/exercitii-de-gramatica-ebraica\/\" \/>\n<meta property=\"og:site_name\" content=\"Talkpal\" \/>\n<meta property=\"article:publisher\" content=\"https:\/\/www.facebook.com\/profile.php?id=100090733639311\" \/>\n<meta property=\"article:modified_time\" content=\"2025-12-17T16:05:48+00:00\" \/>\n<meta property=\"og:image\" content=\"https:\/\/talkpal.ai\/wp-content\/uploads\/2023\/05\/israel.png\" \/>\n\t<meta property=\"og:image:width\" content=\"512\" \/>\n\t<meta property=\"og:image:height\" content=\"512\" \/>\n\t<meta property=\"og:image:type\" content=\"image\/png\" \/>\n<meta name=\"twitter:card\" content=\"summary_large_image\" \/>\n<meta name=\"twitter:site\" content=\"@talkpalai\" \/>\n<meta name=\"twitter:label1\" content=\"Timp estimat pentru citire\" \/>\n\t<meta name=\"twitter:data1\" content=\"4 minute\" \/>\n<script type=\"application\/ld+json\" class=\"yoast-schema-graph\">{\"@context\":\"https:\/\/schema.org\",\"@graph\":[{\"@type\":\"WebPage\",\"@id\":\"https:\/\/talkpal.ai\/ro\/exercitii-de-gramatica-ebraica\/\",\"url\":\"https:\/\/talkpal.ai\/ro\/exercitii-de-gramatica-ebraica\/\",\"name\":\"Exerci\u021bii de gramatic\u0103 ebraic\u0103 - Talkpal\",\"isPartOf\":{\"@id\":\"https:\/\/talkpal.ai\/ro\/#website\"},\"primaryImageOfPage\":{\"@id\":\"https:\/\/talkpal.ai\/ro\/exercitii-de-gramatica-ebraica\/#primaryimage\"},\"image\":{\"@id\":\"https:\/\/talkpal.ai\/ro\/exercitii-de-gramatica-ebraica\/#primaryimage\"},\"thumbnailUrl\":\"https:\/\/talkpal.ai\/wp-content\/uploads\/2023\/05\/israel.png\",\"datePublished\":\"2023-06-21T14:25:56+00:00\",\"dateModified\":\"2025-12-17T16:05:48+00:00\",\"description\":\"Stimuleaz\u0103-\u021bi gramatica ebraic\u0103 - implic\u0103-te \u00een exerci\u021bii clare \u0219i practice pentru a-\u021bi consolida cu u\u0219urin\u021b\u0103 abilit\u0103\u021bile lingvistice cu Talkpal AI.\",\"breadcrumb\":{\"@id\":\"https:\/\/talkpal.ai\/ro\/exercitii-de-gramatica-ebraica\/#breadcrumb\"},\"inLanguage\":\"ro-RO\",\"potentialAction\":[{\"@type\":\"ReadAction\",\"target\":[\"https:\/\/talkpal.ai\/ro\/exercitii-de-gramatica-ebraica\/\"]}]},{\"@type\":\"ImageObject\",\"inLanguage\":\"ro-RO\",\"@id\":\"https:\/\/talkpal.ai\/ro\/exercitii-de-gramatica-ebraica\/#primaryimage\",\"url\":\"https:\/\/talkpal.ai\/wp-content\/uploads\/2023\/05\/israel.png\",\"contentUrl\":\"https:\/\/talkpal.ai\/wp-content\/uploads\/2023\/05\/israel.png\",\"width\":512,\"height\":512},{\"@type\":\"BreadcrumbList\",\"@id\":\"https:\/\/talkpal.ai\/ro\/exercitii-de-gramatica-ebraica\/#breadcrumb\",\"itemListElement\":[{\"@type\":\"ListItem\",\"position\":1,\"name\":\"Homepage\",\"item\":\"https:\/\/talkpal.ai\/ro\/\"},{\"@type\":\"ListItem\",\"position\":2,\"name\":\"Exerci\u021bii de gramatic\u0103 ebraic\u0103\"}]},{\"@type\":\"WebSite\",\"@id\":\"https:\/\/talkpal.ai\/ro\/#website\",\"url\":\"https:\/\/talkpal.ai\/ro\/\",\"name\":\"Talkpal\",\"description\":\"AI Language Learning\",\"publisher\":{\"@id\":\"https:\/\/talkpal.ai\/ro\/#organization\"},\"alternateName\":\"Talkpal AI\",\"potentialAction\":[{\"@type\":\"SearchAction\",\"target\":{\"@type\":\"EntryPoint\",\"urlTemplate\":\"https:\/\/talkpal.ai\/ro\/?s={search_term_string}\"},\"query-input\":{\"@type\":\"PropertyValueSpecification\",\"valueRequired\":true,\"valueName\":\"search_term_string\"}}],\"inLanguage\":\"ro-RO\"},{\"@type\":\"Organization\",\"@id\":\"https:\/\/talkpal.ai\/ro\/#organization\",\"name\":\"Talkpal, Inc.\",\"alternateName\":\"Talkpal AI\",\"url\":\"https:\/\/talkpal.ai\/ro\/\",\"logo\":{\"@type\":\"ImageObject\",\"inLanguage\":\"ro-RO\",\"@id\":\"https:\/\/talkpal.ai\/ro\/#\/schema\/logo\/image\/\",\"url\":\"https:\/\/talkpal.ai\/wp-content\/uploads\/2024\/03\/Talkpal-Logo-Icon.png\",\"contentUrl\":\"https:\/\/talkpal.ai\/wp-content\/uploads\/2024\/03\/Talkpal-Logo-Icon.png\",\"width\":2880,\"height\":2880,\"caption\":\"Talkpal, Inc.\"},\"image\":{\"@id\":\"https:\/\/talkpal.ai\/ro\/#\/schema\/logo\/image\/\"},\"sameAs\":[\"https:\/\/www.facebook.com\/profile.php?id=100090733639311\",\"https:\/\/x.com\/talkpalai\",\"https:\/\/www.linkedin.com\/company\/talkpal\/\",\"https:\/\/www.youtube.com\/@TalkPal\/\",\"https:\/\/www.tiktok.com\/@talkpal\",\"https:\/\/www.instagram.com\/talkpal_ai\/\",\"https:\/\/www.crunchbase.com\/organization\/talkpal-9cde\",\"https:\/\/www.g2.com\/products\/talkpal-for-business\/\",\"https:\/\/www.trustpilot.com\/review\/talkpal.ai\",\"https:\/\/www.capterra.com\/p\/10006800\/TalkPal\/\"],\"description\":\"Talkpal is a language learning web and mobile education app, powered by the latest AI technologies, that provides engaging experiences to its customers in many different languages to help them improve their language skills. Users can chat about unlimited amount of topics with the app and use other modes to practice their language learning.\",\"email\":\"support@talkpal.ai\",\"legalName\":\"Talkpal, Inc.\",\"foundingDate\":\"2023-04-03\",\"duns\":\"118989042\",\"numberOfEmployees\":{\"@type\":\"QuantitativeValue\",\"minValue\":\"11\",\"maxValue\":\"50\"},\"publishingPrinciples\":\"https:\/\/talkpal.ai\/publishing-principles\/\",\"actionableFeedbackPolicy\":\"https:\/\/talkpal.ai\/actionable-feedback-policy\/\",\"correctionsPolicy\":\"https:\/\/talkpal.ai\/corrections-policy\/\",\"ethicsPolicy\":\"https:\/\/talkpal.ai\/ethics-policy\/\",\"diversityPolicy\":\"https:\/\/talkpal.ai\/diversity-policy\/\",\"diversityStaffingReport\":\"https:\/\/talkpal.ai\/diversity-policy\/\"}]}<\/script>\n<!-- \/ Yoast SEO Premium plugin. -->","yoast_head_json":{"title":"Exerci\u021bii de gramatic\u0103 ebraic\u0103 - Talkpal","description":"Stimuleaz\u0103-\u021bi gramatica ebraic\u0103 - implic\u0103-te \u00een exerci\u021bii clare \u0219i practice pentru a-\u021bi consolida cu u\u0219urin\u021b\u0103 abilit\u0103\u021bile lingvistice cu Talkpal AI.","robots":{"index":"index","follow":"follow","max-snippet":"max-snippet:-1","max-image-preview":"max-image-preview:large","max-video-preview":"max-video-preview:-1"},"canonical":"https:\/\/talkpal.ai\/ro\/exercitii-de-gramatica-ebraica\/","og_locale":"ro_RO","og_type":"article","og_title":"Exerci\u021bii de gramatic\u0103 ebraic\u0103","og_description":"Subiecte de gramatic\u0103 ebraic\u0103 Ebraica este o limb\u0103 fascinant\u0103 \u0219i antic\u0103 care are o mare semnifica\u021bie istoric\u0103 \u0219i cultural\u0103. Fiind una dintre cele mai","og_url":"https:\/\/talkpal.ai\/ro\/exercitii-de-gramatica-ebraica\/","og_site_name":"Talkpal","article_publisher":"https:\/\/www.facebook.com\/profile.php?id=100090733639311","article_modified_time":"2025-12-17T16:05:48+00:00","og_image":[{"width":512,"height":512,"url":"https:\/\/talkpal.ai\/wp-content\/uploads\/2023\/05\/israel.png","type":"image\/png"}],"twitter_card":"summary_large_image","twitter_site":"@talkpalai","twitter_misc":{"Timp estimat pentru citire":"4 minute"},"schema":{"@context":"https:\/\/schema.org","@graph":[{"@type":"WebPage","@id":"https:\/\/talkpal.ai\/ro\/exercitii-de-gramatica-ebraica\/","url":"https:\/\/talkpal.ai\/ro\/exercitii-de-gramatica-ebraica\/","name":"Exerci\u021bii de gramatic\u0103 ebraic\u0103 - Talkpal","isPartOf":{"@id":"https:\/\/talkpal.ai\/ro\/#website"},"primaryImageOfPage":{"@id":"https:\/\/talkpal.ai\/ro\/exercitii-de-gramatica-ebraica\/#primaryimage"},"image":{"@id":"https:\/\/talkpal.ai\/ro\/exercitii-de-gramatica-ebraica\/#primaryimage"},"thumbnailUrl":"https:\/\/talkpal.ai\/wp-content\/uploads\/2023\/05\/israel.png","datePublished":"2023-06-21T14:25:56+00:00","dateModified":"2025-12-17T16:05:48+00:00","description":"Stimuleaz\u0103-\u021bi gramatica ebraic\u0103 - implic\u0103-te \u00een exerci\u021bii clare \u0219i practice pentru a-\u021bi consolida cu u\u0219urin\u021b\u0103 abilit\u0103\u021bile lingvistice cu Talkpal AI.","breadcrumb":{"@id":"https:\/\/talkpal.ai\/ro\/exercitii-de-gramatica-ebraica\/#breadcrumb"},"inLanguage":"ro-RO","potentialAction":[{"@type":"ReadAction","target":["https:\/\/talkpal.ai\/ro\/exercitii-de-gramatica-ebraica\/"]}]},{"@type":"ImageObject","inLanguage":"ro-RO","@id":"https:\/\/talkpal.ai\/ro\/exercitii-de-gramatica-ebraica\/#primaryimage","url":"https:\/\/talkpal.ai\/wp-content\/uploads\/2023\/05\/israel.png","contentUrl":"https:\/\/talkpal.ai\/wp-content\/uploads\/2023\/05\/israel.png","width":512,"height":512},{"@type":"BreadcrumbList","@id":"https:\/\/talkpal.ai\/ro\/exercitii-de-gramatica-ebraica\/#breadcrumb","itemListElement":[{"@type":"ListItem","position":1,"name":"Homepage","item":"https:\/\/talkpal.ai\/ro\/"},{"@type":"ListItem","position":2,"name":"Exerci\u021bii de gramatic\u0103 ebraic\u0103"}]},{"@type":"WebSite","@id":"https:\/\/talkpal.ai\/ro\/#website","url":"https:\/\/talkpal.ai\/ro\/","name":"Talkpal","description":"AI Language Learning","publisher":{"@id":"https:\/\/talkpal.ai\/ro\/#organization"},"alternateName":"Talkpal AI","potentialAction":[{"@type":"SearchAction","target":{"@type":"EntryPoint","urlTemplate":"https:\/\/talkpal.ai\/ro\/?s={search_term_string}"},"query-input":{"@type":"PropertyValueSpecification","valueRequired":true,"valueName":"search_term_string"}}],"inLanguage":"ro-RO"},{"@type":"Organization","@id":"https:\/\/talkpal.ai\/ro\/#organization","name":"Talkpal, Inc.","alternateName":"Talkpal AI","url":"https:\/\/talkpal.ai\/ro\/","logo":{"@type":"ImageObject","inLanguage":"ro-RO","@id":"https:\/\/talkpal.ai\/ro\/#\/schema\/logo\/image\/","url":"https:\/\/talkpal.ai\/wp-content\/uploads\/2024\/03\/Talkpal-Logo-Icon.png","contentUrl":"https:\/\/talkpal.ai\/wp-content\/uploads\/2024\/03\/Talkpal-Logo-Icon.png","width":2880,"height":2880,"caption":"Talkpal, Inc."},"image":{"@id":"https:\/\/talkpal.ai\/ro\/#\/schema\/logo\/image\/"},"sameAs":["https:\/\/www.facebook.com\/profile.php?id=100090733639311","https:\/\/x.com\/talkpalai","https:\/\/www.linkedin.com\/company\/talkpal\/","https:\/\/www.youtube.com\/@TalkPal\/","https:\/\/www.tiktok.com\/@talkpal","https:\/\/www.instagram.com\/talkpal_ai\/","https:\/\/www.crunchbase.com\/organization\/talkpal-9cde","https:\/\/www.g2.com\/products\/talkpal-for-business\/","https:\/\/www.trustpilot.com\/review\/talkpal.ai","https:\/\/www.capterra.com\/p\/10006800\/TalkPal\/"],"description":"Talkpal is a language learning web and mobile education app, powered by the latest AI technologies, that provides engaging experiences to its customers in many different languages to help them improve their language skills. Users can chat about unlimited amount of topics with the app and use other modes to practice their language learning.","email":"support@talkpal.ai","legalName":"Talkpal, Inc.","foundingDate":"2023-04-03","duns":"118989042","numberOfEmployees":{"@type":"QuantitativeValue","minValue":"11","maxValue":"50"},"publishingPrinciples":"https:\/\/talkpal.ai\/publishing-principles\/","actionableFeedbackPolicy":"https:\/\/talkpal.ai\/actionable-feedback-policy\/","correctionsPolicy":"https:\/\/talkpal.ai\/corrections-policy\/","ethicsPolicy":"https:\/\/talkpal.ai\/ethics-policy\/","diversityPolicy":"https:\/\/talkpal.ai\/diversity-policy\/","diversityStaffingReport":"https:\/\/talkpal.ai\/diversity-policy\/"}]}},"_links":{"self":[{"href":"https:\/\/talkpal.ai\/ro\/wp-json\/wp\/v2\/pages\/162224","targetHints":{"allow":["GET"]}}],"collection":[{"href":"https:\/\/talkpal.ai\/ro\/wp-json\/wp\/v2\/pages"}],"about":[{"href":"https:\/\/talkpal.ai\/ro\/wp-json\/wp\/v2\/types\/page"}],"author":[{"embeddable":true,"href":"https:\/\/talkpal.ai\/ro\/wp-json\/wp\/v2\/users\/6"}],"replies":[{"embeddable":true,"href":"https:\/\/talkpal.ai\/ro\/wp-json\/wp\/v2\/comments?post=162224"}],"version-history":[{"count":0,"href":"https:\/\/talkpal.ai\/ro\/wp-json\/wp\/v2\/pages\/162224\/revisions"}],"wp:featuredmedia":[{"embeddable":true,"href":"https:\/\/talkpal.ai\/ro\/wp-json\/wp\/v2\/media\/113004"}],"wp:attachment":[{"href":"https:\/\/talkpal.ai\/ro\/wp-json\/wp\/v2\/media?parent=162224"}],"curies":[{"name":"wp","href":"https:\/\/api.w.org\/{rel}","templated":true}]}}