{"id":161954,"date":"2023-06-21T14:29:48","date_gmt":"2023-06-21T14:29:48","guid":{"rendered":"http:\/\/talkpal.ai\/exercitii-de-gramatica-maghiara\/"},"modified":"2025-12-17T16:06:25","modified_gmt":"2025-12-17T16:06:25","slug":"exercitii-de-gramatica-maghiara","status":"publish","type":"page","link":"https:\/\/talkpal.ai\/ro\/exercitii-de-gramatica-maghiara\/","title":{"rendered":"Exerci\u021bii de gramatic\u0103 maghiar\u0103"},"content":{"rendered":"\r\n\r\n\r\n<section class=\"languageChallengeSection\">\r\n    <div class=\"languageInfoWrapper\">\r\n        \r\n        <h1>Exerci\u021bii de gramatic\u0103 maghiar\u0103<\/h1>\r\n        <p>Sunte\u021bi gata s\u0103 v\u0103 consolida\u021bi competen\u021bele \u00een limba maghiar\u0103? Practicarea exerci\u021biilor gramaticale este o modalitate fantastic\u0103 de a st\u0103p\u00e2ni ordinea cuvintelor, termina\u021biile verbelor \u0219i structura unic\u0103 a limbii maghiare. Scufunda\u021bi-v\u0103 ast\u0103zi \u00een gramatica maghiar\u0103 \u0219i vede\u021bi-v\u0103 \u00eencrederea \u0219i fluen\u021ba cresc\u00e2nd cu fiecare exerci\u021biu!<\/p>\r\n\r\n                            <a class=\"getStartedHidden\" href=\"https:\/\/app.talkpal.ai\/ro\/signup?lng=\">\u00cencepe<\/a>\r\n        \r\n    <\/div>\r\n\r\n    <figure>\r\n    <img decoding=\"async\" width=\"768\" height=\"768\" src=\"https:\/\/talkpal.ai\/wp-content\/uploads\/2023\/06\/hungarian-768x768.png\" class=\"languageImage no-lazy\" alt=\"Language learning strategies for advanced learners\" fetchpriority=\"high\" sizes=\"(max-width: 768px) 150px, 768px\" srcset=\"https:\/\/talkpal.ai\/wp-content\/uploads\/2023\/06\/hungarian-768x768.png 768w, https:\/\/talkpal.ai\/wp-content\/uploads\/2023\/06\/hungarian-300x300.png 300w\" \/>\r\n    \r\n\r\n    <\/figure>\r\n\r\n            <a class=\"getStartedVisible\" href=\"https:\/\/app.talkpal.ai\/ro\/signup?lng=\">\u00cencepe<\/a>\r\n    \r\n<\/section>\r\n\r\n\r\n<!-- <section class=\"grammarSection\">\r\n    <div class=\"grammarLinks\">\r\n            <\/div>\r\n<\/section> -->\r\n\r\n\r\n\r\n\r\n<section class=\"promotionalBanner\">\r\n    <p class=\"promotionalText\">Cel mai eficient mod de a \u00eenv\u0103\u021ba o limb\u0103<\/p>\r\n    <a class=\"promotionalLink\" href=\"https:\/\/app.talkpal.ai\/ro\/signup?lng=\">\u00cencerca\u021bi Talkpal gratuit<\/a>\r\n<\/section>\n<div class=\"wp-block-group pageContainerStyle\"><div class=\"wp-block-group__inner-container is-layout-constrained wp-block-group-is-layout-constrained\">\n<h2 class=\"wp-block-heading\" id=\"h-hungarian-grammar-topics\">Subiecte gramaticale maghiare<\/h2>\n\n\n\n<p>\u00cenv\u0103\u021barea unei noi limbi poate fi o experien\u021b\u0103 palpitant\u0103 \u0219i plin\u0103 de satisfac\u021bii. Cu toate acestea, poate fi, de asemenea, destul de cople\u0219itor, mai ales c\u00e2nd vine vorba de \u00een\u021belegerea \u0219i st\u0103p\u00e2nirea subiectelor gramaticale. O abordare bine structurat\u0103 a \u00eenv\u0103\u021b\u0103rii gramaticii este crucial\u0103 pentru succesul \u00een dob\u00e2ndirea unei noi limbi. \u00cen acest ghid, am grupat subiectele gramaticale \u00eentr-o secven\u021b\u0103 care v\u0103 va ajuta s\u0103 \u00eenv\u0103\u021ba\u021bi limba mai eficient. Prin \u00een\u021belegerea \u0219i st\u0103p\u00e2nirea acestor subiecte, ve\u021bi fi pe cale s\u0103 deveni\u021bi competen\u021bi \u00een limba \u021bint\u0103.<\/p>\n\n\n\n<h3 class=\"wp-block-heading\" id=\"h-1-nouns-and-articles\">1. Substantive \u0219i articole<\/h3>\n\n\n\n<p>\u00cencepe\u021bi c\u0103l\u0103toria de \u00eenv\u0103\u021bare a limbilor str\u0103ine \u00een\u021beleg\u00e2nd elementele de baz\u0103 ale substantivelor \u0219i articolelor. Substantivele sunt cuvinte care reprezint\u0103 oameni, locuri, lucruri sau idei. Articolele sunt folosite pentru a indica specificitatea unui substantiv. \u00cenv\u0103\u021barea acestora v\u0103 va ajuta s\u0103 forma\u021bi propozi\u021bii simple \u0219i s\u0103 \u00een\u021belege\u021bi structura limbii.<\/p>\n\n\n\n<h3 class=\"wp-block-heading\" id=\"h-2-pronouns-determiners\">2. Pronume\/Determinan\u021bi<\/h3>\n\n\n\n<p>Pronumele \u00eenlocuiesc substantivele \u00eentr-o propozi\u021bie \u0219i ajut\u0103 la evitarea repeti\u021biilor, \u00een timp ce determinan\u021bii ofer\u0103 informa\u021bii despre cantitatea sau caracterul definitiv al unui substantiv. St\u0103p\u00e2nirea acestor subiecte v\u0103 va \u00eembun\u0103t\u0103\u021bi fluen\u021ba \u0219i \u00een\u021belegerea.<\/p>\n\n\n\n<h3 class=\"wp-block-heading\" id=\"h-3-adjectives-and-adverbs\">3. Adjective \u0219i adverbe<\/h3>\n\n\n\n<p>Adjectivele descriu substantive, \u00een timp ce adverbele modific\u0103 verbe, adjective sau alte adverbe. \u00cenv\u0103\u021b\u00e2ndu-le, pute\u021bi ad\u0103uga mai multe detalii \u0219i claritate propozi\u021biilor dvs., f\u0103c\u00e2ndu-v\u0103 abilit\u0103\u021bile lingvistice mai expresive \u0219i mai captivante.<\/p>\n\n\n\n<h3 class=\"wp-block-heading\" id=\"h-4-verbs-tenses-and-tense-comparison\">4. Verbe, timpuri \u0219i compara\u021bii tensionate<\/h3>\n\n\n\n<p>Verbele transmit ac\u021biuni sau st\u0103ri de a fi, iar timpurile indic\u0103 timpul \u00een care are loc o ac\u021biune. \u00cen\u021belegerea compara\u021biei tensionate v\u0103 permite s\u0103 discuta\u021bi cu exactitate ac\u021biunile trecute, prezente \u0219i viitoare.<\/p>\n\n\n\n<h3 class=\"wp-block-heading\" id=\"h-5-progressive-and-perfect-progressive\">5. Progresiv \u0219i perfect progresiv<\/h3>\n\n\n\n<p>Timpul progresiv se concentreaz\u0103 pe ac\u021biunile \u00een desf\u0103\u0219urare, \u00een timp ce timpul progresiv perfect subliniaz\u0103 durata unei ac\u021biuni p\u00e2n\u0103 la un anumit moment \u00een timp. Aceste timpuri v\u0103 sporesc capacitatea de a exprima g\u00e2nduri \u0219i idei complexe \u00een limb\u0103.<\/p>\n\n\n\n<h3 class=\"wp-block-heading\" id=\"h-6-conditionals\">6. Condi\u021bionale<\/h3>\n\n\n\n<p>Condi\u021bionalele descriu situa\u021bii ipotetice sau posibile \u0219i consecin\u021bele acestora. St\u0103p\u00e2nirea condi\u021bionalelor v\u0103 ajut\u0103 s\u0103 exprima\u021bi g\u00e2nduri mai nuan\u021bate \u0219i mai detaliate \u00een limba \u021bint\u0103.<\/p>\n\n\n\n<h3 class=\"wp-block-heading\" id=\"h-7-prepositions\">7. Prepozi\u021bii<\/h3>\n\n\n\n<p>Prepozi\u021biile arat\u0103 rela\u021biile dintre cuvintele dintr-o propozi\u021bie, cum ar fi loca\u021bia, direc\u021bia sau timpul. Aceste cuvinte mici joac\u0103 un rol semnificativ \u00een modelarea sensului unei propozi\u021bii.<\/p>\n\n\n\n<h3 class=\"wp-block-heading\" id=\"h-8-sentences\">8. Propozi\u021bii<\/h3>\n\n\n\n<p>\u00cen cele din urm\u0103, \u00een\u021belegerea structurii propozi\u021biei \u0219i capacitatea de a construi diferite tipuri de propozi\u021bii este esen\u021bial\u0103 pentru o comunicare clar\u0103 \u0219i eficient\u0103 \u00een orice limb\u0103. Afla\u021bi cum s\u0103 forma\u021bi propozi\u021bii simple, compuse \u0219i complexe \u0219i practica\u021bi utilizarea diferitelor structuri de propozi\u021bii pentru a v\u0103 transmite g\u00e2ndurile cu exactitate.<\/p>\n<\/div><\/div>\n\r\n<section class=\"learnNavigationSection\">\r\n            \r\n        <a href=\"https:\/\/talkpal.ai\/ro\/invata-maghiara\/\">\r\n            <div class=\"learnNavigationWrapper\">\r\n                <div class=\"learnNavigationContent\">\r\n                    <img decoding=\"async\" src=\"https:\/\/talkpal.ai\/wp-content\/uploads\/2024\/08\/Hungarian.jpg\" alt=\"Hungarian Flag\">\r\n                    <div>\r\n                        <h4>Despre \u00eenv\u0103\u021b\u0103m\u00e2ntul maghiar<\/h4>\r\n                        <p>Afla\u021bi totul despre gramatica limbii maghiare .<\/p>\r\n                    <\/div>\r\n                <\/div>\r\n            <\/div>\r\n        <\/a>\r\n\r\n        \r\n        <a href=\"https:\/\/talkpal.ai\/ro\/gramatica-limbii-maghiare\/\">\r\n            <div class=\"learnNavigationWrapper\">\r\n                <div class=\"learnNavigationContent\">\r\n                    <img decoding=\"async\" src=\"https:\/\/talkpal.ai\/wp-content\/uploads\/2024\/08\/Hungarian.jpg\" alt=\"Hungarian Flag\">\r\n                    <div>\r\n                        <h4>Lec\u021bii de gramatic\u0103 maghiar\u0103<\/h4>\r\n                        <p>Exersa\u021bi gramatica maghiar\u0103.<\/p>\r\n                    <\/div>\r\n                <\/div>\r\n            <\/div>\r\n        <\/a>\r\n\r\n        \r\n        <a href=\"https:\/\/talkpal.ai\/vocabulary_language\/hungarian\/\">\r\n            <div class=\"learnNavigationWrapper\">\r\n                <div class=\"learnNavigationContent\">\r\n                    <img decoding=\"async\" src=\"https:\/\/talkpal.ai\/wp-content\/uploads\/2024\/08\/Hungarian.jpg\" alt=\"Hungarian Flag\">\r\n                    <div>\r\n                        <h4>Vocabularul maghiar<\/h4>\r\n                        <p>Extinde\u021bi-v\u0103 vocabularul \u00een limba maghiar\u0103.<\/p>\r\n                    <\/div>\r\n                <\/div>\r\n            <\/div>\r\n        <\/a>\r\n\r\n            <\/section>","protected":false},"excerpt":{"rendered":"<p>Subiecte gramaticale maghiare \u00cenv\u0103\u021barea unei noi limbi poate fi o experien\u021b\u0103 palpitant\u0103 \u0219i plin\u0103 de satisfac\u021bii. Cu toate acestea, poate fi, de asemenea, destul de cople\u0219itor, mai ales c\u00e2nd vine vorba de \u00een\u021belegerea \u0219i st\u0103p\u00e2nirea subiectelor gramaticale. O abordare bine structurat\u0103 a \u00eenv\u0103\u021b\u0103rii gramaticii este crucial\u0103 pentru succesul \u00een dob\u00e2ndirea unei noi limbi. \u00cen acest [&hellip;]<\/p>\n","protected":false},"author":6,"featured_media":113228,"parent":0,"menu_order":0,"comment_status":"closed","ping_status":"closed","template":"LearningContentPage.php","meta":{"_acf_changed":false,"footnotes":""},"class_list":["post-161954","page","type-page","status-publish","has-post-thumbnail","hentry"],"acf":[],"yoast_head":"<!-- This site is optimized with the Yoast SEO Premium plugin v27.2 (Yoast SEO v27.2) - https:\/\/yoast.com\/product\/yoast-seo-premium-wordpress\/ -->\n<title>Exerci\u021bii de gramatic\u0103 maghiar\u0103 - Talkpal<\/title>\n<meta name=\"description\" content=\"\u00cembun\u0103t\u0103\u021bi\u021bi-v\u0103 cu u\u0219urin\u021b\u0103 abilit\u0103\u021bile gramaticale \u00een limba maghiar\u0103 - completa\u021bi exerci\u021bii practice, practic\u0103 interactiv\u0103 \u0219i primi\u021bi feedback personalizat\" \/>\n<meta name=\"robots\" content=\"index, follow, max-snippet:-1, max-image-preview:large, max-video-preview:-1\" \/>\n<link rel=\"canonical\" href=\"https:\/\/talkpal.ai\/ro\/exercitii-de-gramatica-maghiara\/\" \/>\n<meta property=\"og:locale\" content=\"ro_RO\" \/>\n<meta property=\"og:type\" content=\"article\" \/>\n<meta property=\"og:title\" content=\"Exerci\u021bii de gramatic\u0103 maghiar\u0103\" \/>\n<meta property=\"og:description\" content=\"Subiecte gramaticale maghiare \u00cenv\u0103\u021barea unei noi limbi poate fi o experien\u021b\u0103 palpitant\u0103 \u0219i plin\u0103 de satisfac\u021bii. Cu toate acestea, poate fi, de asemenea,\" \/>\n<meta property=\"og:url\" content=\"https:\/\/talkpal.ai\/ro\/exercitii-de-gramatica-maghiara\/\" \/>\n<meta property=\"og:site_name\" content=\"Talkpal\" \/>\n<meta property=\"article:publisher\" content=\"https:\/\/www.facebook.com\/profile.php?id=100090733639311\" \/>\n<meta property=\"article:modified_time\" content=\"2025-12-17T16:06:25+00:00\" \/>\n<meta property=\"og:image\" content=\"https:\/\/talkpal.ai\/wp-content\/uploads\/2023\/05\/Hungarian.png\" \/>\n\t<meta property=\"og:image:width\" content=\"512\" \/>\n\t<meta property=\"og:image:height\" content=\"512\" \/>\n\t<meta property=\"og:image:type\" content=\"image\/png\" \/>\n<meta name=\"twitter:card\" content=\"summary_large_image\" \/>\n<meta name=\"twitter:site\" content=\"@talkpalai\" \/>\n<meta name=\"twitter:label1\" content=\"Timp estimat pentru citire\" \/>\n\t<meta name=\"twitter:data1\" content=\"2 minute\" \/>\n<script type=\"application\/ld+json\" class=\"yoast-schema-graph\">{\"@context\":\"https:\/\/schema.org\",\"@graph\":[{\"@type\":\"WebPage\",\"@id\":\"https:\/\/talkpal.ai\/ro\/exercitii-de-gramatica-maghiara\/\",\"url\":\"https:\/\/talkpal.ai\/ro\/exercitii-de-gramatica-maghiara\/\",\"name\":\"Exerci\u021bii de gramatic\u0103 maghiar\u0103 - Talkpal\",\"isPartOf\":{\"@id\":\"https:\/\/talkpal.ai\/ro\/#website\"},\"primaryImageOfPage\":{\"@id\":\"https:\/\/talkpal.ai\/ro\/exercitii-de-gramatica-maghiara\/#primaryimage\"},\"image\":{\"@id\":\"https:\/\/talkpal.ai\/ro\/exercitii-de-gramatica-maghiara\/#primaryimage\"},\"thumbnailUrl\":\"https:\/\/talkpal.ai\/wp-content\/uploads\/2023\/05\/Hungarian.png\",\"datePublished\":\"2023-06-21T14:29:48+00:00\",\"dateModified\":\"2025-12-17T16:06:25+00:00\",\"description\":\"\u00cembun\u0103t\u0103\u021bi\u021bi-v\u0103 cu u\u0219urin\u021b\u0103 abilit\u0103\u021bile gramaticale \u00een limba maghiar\u0103 - completa\u021bi exerci\u021bii practice, practic\u0103 interactiv\u0103 \u0219i primi\u021bi feedback personalizat\",\"breadcrumb\":{\"@id\":\"https:\/\/talkpal.ai\/ro\/exercitii-de-gramatica-maghiara\/#breadcrumb\"},\"inLanguage\":\"ro-RO\",\"potentialAction\":[{\"@type\":\"ReadAction\",\"target\":[\"https:\/\/talkpal.ai\/ro\/exercitii-de-gramatica-maghiara\/\"]}]},{\"@type\":\"ImageObject\",\"inLanguage\":\"ro-RO\",\"@id\":\"https:\/\/talkpal.ai\/ro\/exercitii-de-gramatica-maghiara\/#primaryimage\",\"url\":\"https:\/\/talkpal.ai\/wp-content\/uploads\/2023\/05\/Hungarian.png\",\"contentUrl\":\"https:\/\/talkpal.ai\/wp-content\/uploads\/2023\/05\/Hungarian.png\",\"width\":512,\"height\":512},{\"@type\":\"BreadcrumbList\",\"@id\":\"https:\/\/talkpal.ai\/ro\/exercitii-de-gramatica-maghiara\/#breadcrumb\",\"itemListElement\":[{\"@type\":\"ListItem\",\"position\":1,\"name\":\"Homepage\",\"item\":\"https:\/\/talkpal.ai\/ro\/\"},{\"@type\":\"ListItem\",\"position\":2,\"name\":\"Exerci\u021bii de gramatic\u0103 maghiar\u0103\"}]},{\"@type\":\"WebSite\",\"@id\":\"https:\/\/talkpal.ai\/ro\/#website\",\"url\":\"https:\/\/talkpal.ai\/ro\/\",\"name\":\"Talkpal\",\"description\":\"AI Language Learning\",\"publisher\":{\"@id\":\"https:\/\/talkpal.ai\/ro\/#organization\"},\"alternateName\":\"Talkpal AI\",\"potentialAction\":[{\"@type\":\"SearchAction\",\"target\":{\"@type\":\"EntryPoint\",\"urlTemplate\":\"https:\/\/talkpal.ai\/ro\/?s={search_term_string}\"},\"query-input\":{\"@type\":\"PropertyValueSpecification\",\"valueRequired\":true,\"valueName\":\"search_term_string\"}}],\"inLanguage\":\"ro-RO\"},{\"@type\":\"Organization\",\"@id\":\"https:\/\/talkpal.ai\/ro\/#organization\",\"name\":\"Talkpal, Inc.\",\"alternateName\":\"Talkpal AI\",\"url\":\"https:\/\/talkpal.ai\/ro\/\",\"logo\":{\"@type\":\"ImageObject\",\"inLanguage\":\"ro-RO\",\"@id\":\"https:\/\/talkpal.ai\/ro\/#\/schema\/logo\/image\/\",\"url\":\"https:\/\/talkpal.ai\/wp-content\/uploads\/2024\/03\/Talkpal-Logo-Icon.png\",\"contentUrl\":\"https:\/\/talkpal.ai\/wp-content\/uploads\/2024\/03\/Talkpal-Logo-Icon.png\",\"width\":2880,\"height\":2880,\"caption\":\"Talkpal, Inc.\"},\"image\":{\"@id\":\"https:\/\/talkpal.ai\/ro\/#\/schema\/logo\/image\/\"},\"sameAs\":[\"https:\/\/www.facebook.com\/profile.php?id=100090733639311\",\"https:\/\/x.com\/talkpalai\",\"https:\/\/www.linkedin.com\/company\/talkpal\/\",\"https:\/\/www.youtube.com\/@TalkPal\/\",\"https:\/\/www.tiktok.com\/@talkpal\",\"https:\/\/www.instagram.com\/talkpal_ai\/\",\"https:\/\/www.crunchbase.com\/organization\/talkpal-9cde\",\"https:\/\/www.g2.com\/products\/talkpal-for-business\/\",\"https:\/\/www.trustpilot.com\/review\/talkpal.ai\",\"https:\/\/www.capterra.com\/p\/10006800\/TalkPal\/\"],\"description\":\"Talkpal is a language learning web and mobile education app, powered by the latest AI technologies, that provides engaging experiences to its customers in many different languages to help them improve their language skills. Users can chat about unlimited amount of topics with the app and use other modes to practice their language learning.\",\"email\":\"support@talkpal.ai\",\"legalName\":\"Talkpal, Inc.\",\"foundingDate\":\"2023-04-03\",\"duns\":\"118989042\",\"numberOfEmployees\":{\"@type\":\"QuantitativeValue\",\"minValue\":\"11\",\"maxValue\":\"50\"},\"publishingPrinciples\":\"https:\/\/talkpal.ai\/publishing-principles\/\",\"actionableFeedbackPolicy\":\"https:\/\/talkpal.ai\/actionable-feedback-policy\/\",\"correctionsPolicy\":\"https:\/\/talkpal.ai\/corrections-policy\/\",\"ethicsPolicy\":\"https:\/\/talkpal.ai\/ethics-policy\/\",\"diversityPolicy\":\"https:\/\/talkpal.ai\/diversity-policy\/\",\"diversityStaffingReport\":\"https:\/\/talkpal.ai\/diversity-policy\/\"}]}<\/script>\n<!-- \/ Yoast SEO Premium plugin. -->","yoast_head_json":{"title":"Exerci\u021bii de gramatic\u0103 maghiar\u0103 - Talkpal","description":"\u00cembun\u0103t\u0103\u021bi\u021bi-v\u0103 cu u\u0219urin\u021b\u0103 abilit\u0103\u021bile gramaticale \u00een limba maghiar\u0103 - completa\u021bi exerci\u021bii practice, practic\u0103 interactiv\u0103 \u0219i primi\u021bi feedback personalizat","robots":{"index":"index","follow":"follow","max-snippet":"max-snippet:-1","max-image-preview":"max-image-preview:large","max-video-preview":"max-video-preview:-1"},"canonical":"https:\/\/talkpal.ai\/ro\/exercitii-de-gramatica-maghiara\/","og_locale":"ro_RO","og_type":"article","og_title":"Exerci\u021bii de gramatic\u0103 maghiar\u0103","og_description":"Subiecte gramaticale maghiare \u00cenv\u0103\u021barea unei noi limbi poate fi o experien\u021b\u0103 palpitant\u0103 \u0219i plin\u0103 de satisfac\u021bii. Cu toate acestea, poate fi, de asemenea,","og_url":"https:\/\/talkpal.ai\/ro\/exercitii-de-gramatica-maghiara\/","og_site_name":"Talkpal","article_publisher":"https:\/\/www.facebook.com\/profile.php?id=100090733639311","article_modified_time":"2025-12-17T16:06:25+00:00","og_image":[{"width":512,"height":512,"url":"https:\/\/talkpal.ai\/wp-content\/uploads\/2023\/05\/Hungarian.png","type":"image\/png"}],"twitter_card":"summary_large_image","twitter_site":"@talkpalai","twitter_misc":{"Timp estimat pentru citire":"2 minute"},"schema":{"@context":"https:\/\/schema.org","@graph":[{"@type":"WebPage","@id":"https:\/\/talkpal.ai\/ro\/exercitii-de-gramatica-maghiara\/","url":"https:\/\/talkpal.ai\/ro\/exercitii-de-gramatica-maghiara\/","name":"Exerci\u021bii de gramatic\u0103 maghiar\u0103 - Talkpal","isPartOf":{"@id":"https:\/\/talkpal.ai\/ro\/#website"},"primaryImageOfPage":{"@id":"https:\/\/talkpal.ai\/ro\/exercitii-de-gramatica-maghiara\/#primaryimage"},"image":{"@id":"https:\/\/talkpal.ai\/ro\/exercitii-de-gramatica-maghiara\/#primaryimage"},"thumbnailUrl":"https:\/\/talkpal.ai\/wp-content\/uploads\/2023\/05\/Hungarian.png","datePublished":"2023-06-21T14:29:48+00:00","dateModified":"2025-12-17T16:06:25+00:00","description":"\u00cembun\u0103t\u0103\u021bi\u021bi-v\u0103 cu u\u0219urin\u021b\u0103 abilit\u0103\u021bile gramaticale \u00een limba maghiar\u0103 - completa\u021bi exerci\u021bii practice, practic\u0103 interactiv\u0103 \u0219i primi\u021bi feedback personalizat","breadcrumb":{"@id":"https:\/\/talkpal.ai\/ro\/exercitii-de-gramatica-maghiara\/#breadcrumb"},"inLanguage":"ro-RO","potentialAction":[{"@type":"ReadAction","target":["https:\/\/talkpal.ai\/ro\/exercitii-de-gramatica-maghiara\/"]}]},{"@type":"ImageObject","inLanguage":"ro-RO","@id":"https:\/\/talkpal.ai\/ro\/exercitii-de-gramatica-maghiara\/#primaryimage","url":"https:\/\/talkpal.ai\/wp-content\/uploads\/2023\/05\/Hungarian.png","contentUrl":"https:\/\/talkpal.ai\/wp-content\/uploads\/2023\/05\/Hungarian.png","width":512,"height":512},{"@type":"BreadcrumbList","@id":"https:\/\/talkpal.ai\/ro\/exercitii-de-gramatica-maghiara\/#breadcrumb","itemListElement":[{"@type":"ListItem","position":1,"name":"Homepage","item":"https:\/\/talkpal.ai\/ro\/"},{"@type":"ListItem","position":2,"name":"Exerci\u021bii de gramatic\u0103 maghiar\u0103"}]},{"@type":"WebSite","@id":"https:\/\/talkpal.ai\/ro\/#website","url":"https:\/\/talkpal.ai\/ro\/","name":"Talkpal","description":"AI Language Learning","publisher":{"@id":"https:\/\/talkpal.ai\/ro\/#organization"},"alternateName":"Talkpal AI","potentialAction":[{"@type":"SearchAction","target":{"@type":"EntryPoint","urlTemplate":"https:\/\/talkpal.ai\/ro\/?s={search_term_string}"},"query-input":{"@type":"PropertyValueSpecification","valueRequired":true,"valueName":"search_term_string"}}],"inLanguage":"ro-RO"},{"@type":"Organization","@id":"https:\/\/talkpal.ai\/ro\/#organization","name":"Talkpal, Inc.","alternateName":"Talkpal AI","url":"https:\/\/talkpal.ai\/ro\/","logo":{"@type":"ImageObject","inLanguage":"ro-RO","@id":"https:\/\/talkpal.ai\/ro\/#\/schema\/logo\/image\/","url":"https:\/\/talkpal.ai\/wp-content\/uploads\/2024\/03\/Talkpal-Logo-Icon.png","contentUrl":"https:\/\/talkpal.ai\/wp-content\/uploads\/2024\/03\/Talkpal-Logo-Icon.png","width":2880,"height":2880,"caption":"Talkpal, Inc."},"image":{"@id":"https:\/\/talkpal.ai\/ro\/#\/schema\/logo\/image\/"},"sameAs":["https:\/\/www.facebook.com\/profile.php?id=100090733639311","https:\/\/x.com\/talkpalai","https:\/\/www.linkedin.com\/company\/talkpal\/","https:\/\/www.youtube.com\/@TalkPal\/","https:\/\/www.tiktok.com\/@talkpal","https:\/\/www.instagram.com\/talkpal_ai\/","https:\/\/www.crunchbase.com\/organization\/talkpal-9cde","https:\/\/www.g2.com\/products\/talkpal-for-business\/","https:\/\/www.trustpilot.com\/review\/talkpal.ai","https:\/\/www.capterra.com\/p\/10006800\/TalkPal\/"],"description":"Talkpal is a language learning web and mobile education app, powered by the latest AI technologies, that provides engaging experiences to its customers in many different languages to help them improve their language skills. Users can chat about unlimited amount of topics with the app and use other modes to practice their language learning.","email":"support@talkpal.ai","legalName":"Talkpal, Inc.","foundingDate":"2023-04-03","duns":"118989042","numberOfEmployees":{"@type":"QuantitativeValue","minValue":"11","maxValue":"50"},"publishingPrinciples":"https:\/\/talkpal.ai\/publishing-principles\/","actionableFeedbackPolicy":"https:\/\/talkpal.ai\/actionable-feedback-policy\/","correctionsPolicy":"https:\/\/talkpal.ai\/corrections-policy\/","ethicsPolicy":"https:\/\/talkpal.ai\/ethics-policy\/","diversityPolicy":"https:\/\/talkpal.ai\/diversity-policy\/","diversityStaffingReport":"https:\/\/talkpal.ai\/diversity-policy\/"}]}},"_links":{"self":[{"href":"https:\/\/talkpal.ai\/ro\/wp-json\/wp\/v2\/pages\/161954","targetHints":{"allow":["GET"]}}],"collection":[{"href":"https:\/\/talkpal.ai\/ro\/wp-json\/wp\/v2\/pages"}],"about":[{"href":"https:\/\/talkpal.ai\/ro\/wp-json\/wp\/v2\/types\/page"}],"author":[{"embeddable":true,"href":"https:\/\/talkpal.ai\/ro\/wp-json\/wp\/v2\/users\/6"}],"replies":[{"embeddable":true,"href":"https:\/\/talkpal.ai\/ro\/wp-json\/wp\/v2\/comments?post=161954"}],"version-history":[{"count":0,"href":"https:\/\/talkpal.ai\/ro\/wp-json\/wp\/v2\/pages\/161954\/revisions"}],"wp:featuredmedia":[{"embeddable":true,"href":"https:\/\/talkpal.ai\/ro\/wp-json\/wp\/v2\/media\/113228"}],"wp:attachment":[{"href":"https:\/\/talkpal.ai\/ro\/wp-json\/wp\/v2\/media?parent=161954"}],"curies":[{"name":"wp","href":"https:\/\/api.w.org\/{rel}","templated":true}]}}