{"id":160780,"date":"2023-06-22T08:01:09","date_gmt":"2023-06-22T08:01:09","guid":{"rendered":"http:\/\/talkpal.ai\/exercitii-de-gramatica-kazaha\/"},"modified":"2025-12-17T15:23:05","modified_gmt":"2025-12-17T15:23:05","slug":"exercitii-de-gramatica-kazaha","status":"publish","type":"page","link":"https:\/\/talkpal.ai\/ro\/exercitii-de-gramatica-kazaha\/","title":{"rendered":"Exerci\u021bii de gramatic\u0103 kazah\u0103"},"content":{"rendered":"\r\n\r\n\r\n<section class=\"languageChallengeSection\">\r\n    <div class=\"languageInfoWrapper\">\r\n        \r\n        <h1>Exerci\u021bii de gramatic\u0103 kazah\u0103<\/h1>\r\n        <p>Sunte\u021bi gata s\u0103 v\u0103 consolida\u021bi \u00eencrederea \u00een limba <a href=\"https:\/\/talkpal.ai\/learn-kazakh\/\">kazah\u0103<\/a>? Concentrarea asupra exerci\u021biilor gramaticale este o modalitate excelent\u0103 de a st\u0103p\u00e2ni structura propozi\u021biilor, formele verbale \u0219i modelele lingvistice esen\u021biale. \u00cencepe\u021bi s\u0103 practica\u021bi ast\u0103zi <a href=\"https:\/\/talkpal.ai\/kazakh-grammar\/\">gramatica kazah\u0103<\/a> \u0219i vede\u021bi progrese reale pe m\u0103sur\u0103 ce v\u0103 consolida\u021bi \u00een\u021belegerea pas cu pas!<\/p>\r\n\r\n                            <a class=\"getStartedHidden\" href=\"https:\/\/app.talkpal.ai\/ro\/signup?lng=\">\u00cencepe<\/a>\r\n        \r\n    <\/div>\r\n\r\n    <figure>\r\n    <img decoding=\"async\" width=\"768\" height=\"768\" src=\"https:\/\/talkpal.ai\/wp-content\/uploads\/2023\/06\/Khazak-768x768.png\" class=\"languageImage no-lazy\" alt=\"Language learning for increased negotiation skills\" fetchpriority=\"high\" sizes=\"(max-width: 768px) 150px, 768px\" srcset=\"https:\/\/talkpal.ai\/wp-content\/uploads\/2023\/06\/Khazak-768x768.png 768w, https:\/\/talkpal.ai\/wp-content\/uploads\/2023\/06\/Khazak-300x300.png 300w\" \/>\r\n    \r\n\r\n    <\/figure>\r\n\r\n            <a class=\"getStartedVisible\" href=\"https:\/\/app.talkpal.ai\/ro\/signup?lng=\">\u00cencepe<\/a>\r\n    \r\n<\/section>\r\n\r\n\r\n<!-- <section class=\"grammarSection\">\r\n    <div class=\"grammarLinks\">\r\n            <\/div>\r\n<\/section> -->\r\n\r\n\r\n\r\n\r\n<section class=\"promotionalBanner\">\r\n    <p class=\"promotionalText\">Cel mai eficient mod de a \u00eenv\u0103\u021ba o limb\u0103<\/p>\r\n    <a class=\"promotionalLink\" href=\"https:\/\/app.talkpal.ai\/ro\/signup?lng=\">\u00cencerca\u021bi Talkpal gratuit<\/a>\r\n<\/section>\n<div class=\"wp-block-group pageContainerStyle\"><div class=\"wp-block-group__inner-container is-layout-constrained wp-block-group-is-layout-constrained\">\n<h2 class=\"wp-block-heading\" id=\"h-kazakh-grammar-topics\">Subiecte gramaticale kazahe<\/h2>\n\n\n\n<p>\u00cenv\u0103\u021barea unei noi limbi poate fi o experien\u021b\u0103 provocatoare, dar plin\u0103 de satisfac\u021bii, care deschide oportunit\u0103\u021bi de cre\u0219tere personal\u0103 \u0219i profesional\u0103. Una dintre limbile care c\u00e2\u0219tig\u0103 popularitate \u00een r\u00e2ndul cursan\u021bilor de <a href=\"https:\/\/talkpal.ai\/ro\/tutor-de-limbi-straine\/\">limbi str\u0103ine<\/a> este kazaha, o limb\u0103 turcic\u0103 vorbit\u0103 de milioane de oameni din Kazahstan \u0219i regiunile \u00eenconjur\u0103toare. Gramatica kazah\u0103 este unic\u0103, cu o structur\u0103 bogat\u0103 \u0219i diverse elemente care necesit\u0103 o abordare sistematic\u0103 a \u00eenv\u0103\u021b\u0103rii. \u00cen acest ghid, vom discuta mai multe subiecte esen\u021biale de <a href=\"https:\/\/talkpal.ai\/kazakh-grammar\/\">gramatic\u0103 kazah\u0103<\/a>, inclusiv timpuri, substantive, verbe, articole, pronume, adjective, adverbe, condi\u021bionale, prepozi\u021bii \u0219i structuri de propozi\u021bie. Prin \u00een\u021belegerea secven\u021bei de \u00eenv\u0103\u021bare a acestor subiecte, pute\u021bi progresa \u00een mod eficient \u00een c\u0103l\u0103toria dvs. spre st\u0103p\u00e2nirea limbii kazahe.<\/p>\n\n\n\n<h3 class=\"wp-block-heading\" id=\"h-1-nouns\">1. Substantive:<\/h3>\n\n\n\n<p>Fundamentul oric\u0103rei limbi \u00eencepe cu \u00eenv\u0103\u021barea substantivelor <a href=\"https:\/\/talkpal.ai\/locations\/learn-english-in-sale\/\">sale<\/a>. \u00cen kazah\u0103, substantivele nu au gen, dar au cazuri. \u00cen\u021belegerea diferitelor cazuri \u0219i a func\u021biilor lor este crucial\u0103 pentru construirea vocabularului \u0219i formarea propozi\u021biilor de baz\u0103.<\/p>\n\n\n\n<h3 class=\"wp-block-heading\" id=\"h-2-articles\">2. Articole:<\/h3>\n\n\n\n<p>Articolele nu sunt prezente \u00een limba kazah\u0103, ceea ce face mai u\u0219or pentru cursan\u021bi s\u0103 se concentreze asupra altor aspecte gramaticale.<\/p>\n\n\n\n<h3 class=\"wp-block-heading\" id=\"h-3-pronouns-determiners\">3. Pronume\/Determinan\u021bi:<\/h3>\n\n\n\n<p>Acestea sunt esen\u021biale \u00een \u00eenlocuirea substantivelor \u0219i specificarea cantit\u0103\u021bii sau identit\u0103\u021bii lor. \u00cenv\u0103\u021barea pronumelor \u0219i a determinan\u021bilor v\u0103 va ajuta s\u0103 crea\u021bi propozi\u021bii mai complexe \u0219i s\u0103 v\u0103 \u00eembun\u0103t\u0103\u021bi\u021bi fluen\u021ba general\u0103.<\/p>\n\n\n\n<h3 class=\"wp-block-heading\" id=\"h-4-verbs\">4. Verbe:<\/h3>\n\n\n\n<p>Verbele sunt coloana vertebral\u0103 a oric\u0103rei limbi, iar \u00eenv\u0103\u021barea modelelor lor de conjugare este crucial\u0103. \u00cen kazah\u0103, verbele sunt conjugate pe baza timpului, dispozi\u021biei \u0219i vocii. Familiarizarea cu aceste conjug\u0103ri v\u0103 va permite s\u0103 exprima\u021bi cu exactitate ac\u021biunile \u0219i evenimentele.<\/p>\n\n\n\n<h3 class=\"wp-block-heading\" id=\"h-5-tenses\">5. Timpuri:<\/h3>\n\n\n\n<p>Kazahul are mai multe timpuri, inclusiv trecut, prezent \u0219i viitor. \u00cenv\u0103\u021barea modului de formare \u0219i utilizare corect\u0103 a acestor timpuri este esen\u021bial\u0103 pentru transmiterea timpului ac\u021biunilor \u0219i evenimentelor.<\/p>\n\n\n\n<h3 class=\"wp-block-heading\" id=\"h-6-tense-comparison\">6. Compara\u021bie tensionat\u0103:<\/h3>\n\n\n\n<p>\u00cen\u021belegerea diferen\u021bei dintre timpuri \u0219i modul \u00een care acestea interac\u021bioneaz\u0103 \u00eentre ele v\u0103 va aprofunda \u00een\u021belegerea gramaticii kazahe.<\/p>\n\n\n\n<h3 class=\"wp-block-heading\" id=\"h-7-progressive\">7. Progresiv:<\/h3>\n\n\n\n<p>Acest aspect indic\u0103 ac\u021biuni \u00een curs de desf\u0103\u0219urare. \u00cenv\u0103\u021barea formei progresive \u00een kazah\u0103 v\u0103 va ajuta s\u0103 exprima\u021bi ac\u021biuni care se \u00eent\u00e2mpl\u0103 \u00een prezent sau se \u00eent\u00e2mpl\u0103 la un moment dat.<\/p>\n\n\n\n<h3 class=\"wp-block-heading\" id=\"h-8-perfect-progressive\">8. Progresiv perfect:<\/h3>\n\n\n\n<p>Progresivul perfect combin\u0103 aspectele perfecte \u0219i progresive pentru a indica o ac\u021biune care a \u00eenceput \u00een trecut \u0219i este \u00eenc\u0103 \u00een curs de desf\u0103\u0219urare. St\u0103p\u00e2nirea acestui aspect v\u0103 va spori capacitatea de a exprima idei complexe \u00een limba kazah\u0103.<\/p>\n\n\n\n<h3 class=\"wp-block-heading\" id=\"h-9-adjectives\">9. Adjective:<\/h3>\n\n\n\n<p>Adjectivele descriu calit\u0103\u021bile \u0219i tr\u0103s\u0103turile substantivelor. \u00cenv\u0103\u021barea corect\u0103 a utiliz\u0103rii adjectivelor \u00een kazah\u0103 v\u0103 va \u00eembog\u0103\u021bi vocabularul \u0219i v\u0103 va permite s\u0103 furniza\u021bi descrieri mai detaliate.<\/p>\n\n\n\n<h3 class=\"wp-block-heading\" id=\"h-10-adverbs\">10. Adverbe:<\/h3>\n\n\n\n<p>Adverbele modific\u0103 verbele, adjectivele \u0219i alte adverbe. Dob\u00e2ndirea cuno\u0219tin\u021belor despre adverbele kazahe \u0219i utilizarea lor v\u0103 va \u00eembun\u0103t\u0103\u021bi capacitatea de a exprima mai precis ac\u021biuni \u0219i evenimente.<\/p>\n\n\n\n<h3 class=\"wp-block-heading\" id=\"h-11-conditionals\">11. Condi\u021bionale:<\/h3>\n\n\n\n<p>Condi\u021bionalele sunt folosite pentru a exprima situa\u021bii ipotetice \u0219i posibilele consecin\u021be ale acestora. St\u0103p\u00e2nirea utiliz\u0103rii condi\u021bionalelor \u00een kazah\u0103 v\u0103 va ajuta s\u0103 transmite\u021bi idei complexe \u0219i scenarii ipotetice.<\/p>\n\n\n\n<h3 class=\"wp-block-heading\" id=\"h-12-prepositions\">12. Prepozi\u021bii:<\/h3>\n\n\n\n<p>Prepozi\u021biile indic\u0103 rela\u021bia dintre substantive \u00eentr-o propozi\u021bie. \u00cenv\u0103\u021barea prepozi\u021biilor kazahe \u0219i a func\u021biilor lor v\u0103 va permite s\u0103 construi\u021bi propozi\u021bii mai complexe.<\/p>\n\n\n\n<h3 class=\"wp-block-heading\" id=\"h-13-sentences\">13. Propozi\u021bii:<\/h3>\n\n\n\n<p>\u00cen cele din urm\u0103, \u00een\u021belegerea structurilor propozi\u021biilor \u0219i a regulilor de combinare a diferitelor elemente gramaticale este esen\u021bial\u0103 pentru st\u0103p\u00e2nirea limbii kazahe. Aceste cuno\u0219tin\u021be v\u0103 vor permite s\u0103 comunica\u021bi eficient \u0219i precis \u00een diferite situa\u021bii.<\/p>\n<\/div><\/div>\n\r\n<section class=\"learnNavigationSection\">\r\n            \r\n        <a href=\"https:\/\/talkpal.ai\/ro\/invata-kazaha\/\">\r\n            <div class=\"learnNavigationWrapper\">\r\n                <div class=\"learnNavigationContent\">\r\n                    <img decoding=\"async\" src=\"https:\/\/talkpal.ai\/wp-content\/uploads\/2024\/08\/Kazakh.jpg\" alt=\"Kazakh Flag\">\r\n                    <div>\r\n                        <h4>Despre \u00eenv\u0103\u021barea kazah\u0103<\/h4>\r\n                        <p>Afla\u021bi totul despre gramatica kazah\u0103 .<\/p>\r\n                    <\/div>\r\n                <\/div>\r\n            <\/div>\r\n        <\/a>\r\n\r\n        \r\n        <a href=\"https:\/\/talkpal.ai\/ro\/gramatica-kazaha\/\">\r\n            <div class=\"learnNavigationWrapper\">\r\n                <div class=\"learnNavigationContent\">\r\n                    <img decoding=\"async\" src=\"https:\/\/talkpal.ai\/wp-content\/uploads\/2024\/08\/Kazakh.jpg\" alt=\"Kazakh Flag\">\r\n                    <div>\r\n                        <h4>Lec\u021bii de gramatic\u0103 kazah\u0103<\/h4>\r\n                        <p>Exersa\u021bi gramatica kazah\u0103.<\/p>\r\n                    <\/div>\r\n                <\/div>\r\n            <\/div>\r\n        <\/a>\r\n\r\n        \r\n        <a href=\"https:\/\/talkpal.ai\/vocabulary_language\/kazakh\/\">\r\n            <div class=\"learnNavigationWrapper\">\r\n                <div class=\"learnNavigationContent\">\r\n                    <img decoding=\"async\" src=\"https:\/\/talkpal.ai\/wp-content\/uploads\/2024\/08\/Kazakh.jpg\" alt=\"Kazakh Flag\">\r\n                    <div>\r\n                        <h4>Vocabular kazah<\/h4>\r\n                        <p>Extinde\u021bi-v\u0103 vocabularul kazah.<\/p>\r\n                    <\/div>\r\n                <\/div>\r\n            <\/div>\r\n        <\/a>\r\n\r\n            <\/section>","protected":false},"excerpt":{"rendered":"<p>Subiecte gramaticale kazahe \u00cenv\u0103\u021barea unei noi limbi poate fi o experien\u021b\u0103 provocatoare, dar plin\u0103 de satisfac\u021bii, care deschide oportunit\u0103\u021bi de cre\u0219tere personal\u0103 \u0219i profesional\u0103. Una dintre limbile care c\u00e2\u0219tig\u0103 popularitate \u00een r\u00e2ndul cursan\u021bilor de limbi str\u0103ine este kazaha, o limb\u0103 turcic\u0103 vorbit\u0103 de milioane de oameni din Kazahstan \u0219i regiunile \u00eenconjur\u0103toare. Gramatica kazah\u0103 este unic\u0103, [&hellip;]<\/p>\n","protected":false},"author":6,"featured_media":114145,"parent":0,"menu_order":0,"comment_status":"closed","ping_status":"closed","template":"LearningContentPage.php","meta":{"_acf_changed":false,"footnotes":""},"class_list":["post-160780","page","type-page","status-publish","has-post-thumbnail","hentry"],"acf":[],"yoast_head":"<!-- This site is optimized with the Yoast SEO Premium plugin v27.2 (Yoast SEO v27.2) - https:\/\/yoast.com\/product\/yoast-seo-premium-wordpress\/ -->\n<title>Exerci\u021bii de gramatic\u0103 kazah\u0103 - Talkpal<\/title>\n<meta name=\"description\" content=\"\u00cembun\u0103t\u0103\u021bi\u021bi-v\u0103 eficient abilit\u0103\u021bile gramaticale kazahe - \u00eembun\u0103t\u0103\u021bi\u021bi acurate\u021bea, practica\u021bi exerci\u021bii interactive \u0219i perfec\u021biona\u021bi utilizarea!\" \/>\n<meta name=\"robots\" content=\"index, follow, max-snippet:-1, max-image-preview:large, max-video-preview:-1\" \/>\n<link rel=\"canonical\" href=\"https:\/\/talkpal.ai\/ro\/exercitii-de-gramatica-kazaha\/\" \/>\n<meta property=\"og:locale\" content=\"ro_RO\" \/>\n<meta property=\"og:type\" content=\"article\" \/>\n<meta property=\"og:title\" content=\"Exerci\u021bii de gramatic\u0103 kazah\u0103\" \/>\n<meta property=\"og:description\" content=\"Subiecte gramaticale kazahe \u00cenv\u0103\u021barea unei noi limbi poate fi o experien\u021b\u0103 provocatoare, dar plin\u0103 de satisfac\u021bii, care deschide oportunit\u0103\u021bi de cre\u0219tere\" \/>\n<meta property=\"og:url\" content=\"https:\/\/talkpal.ai\/ro\/exercitii-de-gramatica-kazaha\/\" \/>\n<meta property=\"og:site_name\" content=\"Talkpal\" \/>\n<meta property=\"article:publisher\" content=\"https:\/\/www.facebook.com\/profile.php?id=100090733639311\" \/>\n<meta property=\"article:modified_time\" content=\"2025-12-17T15:23:05+00:00\" \/>\n<meta property=\"og:image\" content=\"https:\/\/talkpal.ai\/wp-content\/uploads\/2023\/05\/kazakhstan.png\" \/>\n\t<meta property=\"og:image:width\" content=\"512\" \/>\n\t<meta property=\"og:image:height\" content=\"512\" \/>\n\t<meta property=\"og:image:type\" content=\"image\/png\" \/>\n<meta name=\"twitter:card\" content=\"summary_large_image\" \/>\n<meta name=\"twitter:site\" content=\"@talkpalai\" \/>\n<meta name=\"twitter:label1\" content=\"Timp estimat pentru citire\" \/>\n\t<meta name=\"twitter:data1\" content=\"3 minute\" \/>\n<script type=\"application\/ld+json\" class=\"yoast-schema-graph\">{\"@context\":\"https:\/\/schema.org\",\"@graph\":[{\"@type\":\"WebPage\",\"@id\":\"https:\/\/talkpal.ai\/ro\/exercitii-de-gramatica-kazaha\/\",\"url\":\"https:\/\/talkpal.ai\/ro\/exercitii-de-gramatica-kazaha\/\",\"name\":\"Exerci\u021bii de gramatic\u0103 kazah\u0103 - Talkpal\",\"isPartOf\":{\"@id\":\"https:\/\/talkpal.ai\/ro\/#website\"},\"primaryImageOfPage\":{\"@id\":\"https:\/\/talkpal.ai\/ro\/exercitii-de-gramatica-kazaha\/#primaryimage\"},\"image\":{\"@id\":\"https:\/\/talkpal.ai\/ro\/exercitii-de-gramatica-kazaha\/#primaryimage\"},\"thumbnailUrl\":\"https:\/\/talkpal.ai\/wp-content\/uploads\/2023\/05\/kazakhstan.png\",\"datePublished\":\"2023-06-22T08:01:09+00:00\",\"dateModified\":\"2025-12-17T15:23:05+00:00\",\"description\":\"\u00cembun\u0103t\u0103\u021bi\u021bi-v\u0103 eficient abilit\u0103\u021bile gramaticale kazahe - \u00eembun\u0103t\u0103\u021bi\u021bi acurate\u021bea, practica\u021bi exerci\u021bii interactive \u0219i perfec\u021biona\u021bi utilizarea!\",\"breadcrumb\":{\"@id\":\"https:\/\/talkpal.ai\/ro\/exercitii-de-gramatica-kazaha\/#breadcrumb\"},\"inLanguage\":\"ro-RO\",\"potentialAction\":[{\"@type\":\"ReadAction\",\"target\":[\"https:\/\/talkpal.ai\/ro\/exercitii-de-gramatica-kazaha\/\"]}]},{\"@type\":\"ImageObject\",\"inLanguage\":\"ro-RO\",\"@id\":\"https:\/\/talkpal.ai\/ro\/exercitii-de-gramatica-kazaha\/#primaryimage\",\"url\":\"https:\/\/talkpal.ai\/wp-content\/uploads\/2023\/05\/kazakhstan.png\",\"contentUrl\":\"https:\/\/talkpal.ai\/wp-content\/uploads\/2023\/05\/kazakhstan.png\",\"width\":512,\"height\":512},{\"@type\":\"BreadcrumbList\",\"@id\":\"https:\/\/talkpal.ai\/ro\/exercitii-de-gramatica-kazaha\/#breadcrumb\",\"itemListElement\":[{\"@type\":\"ListItem\",\"position\":1,\"name\":\"Homepage\",\"item\":\"https:\/\/talkpal.ai\/ro\/\"},{\"@type\":\"ListItem\",\"position\":2,\"name\":\"Exerci\u021bii de gramatic\u0103 kazah\u0103\"}]},{\"@type\":\"WebSite\",\"@id\":\"https:\/\/talkpal.ai\/ro\/#website\",\"url\":\"https:\/\/talkpal.ai\/ro\/\",\"name\":\"Talkpal\",\"description\":\"AI Language Learning\",\"publisher\":{\"@id\":\"https:\/\/talkpal.ai\/ro\/#organization\"},\"alternateName\":\"Talkpal AI\",\"potentialAction\":[{\"@type\":\"SearchAction\",\"target\":{\"@type\":\"EntryPoint\",\"urlTemplate\":\"https:\/\/talkpal.ai\/ro\/?s={search_term_string}\"},\"query-input\":{\"@type\":\"PropertyValueSpecification\",\"valueRequired\":true,\"valueName\":\"search_term_string\"}}],\"inLanguage\":\"ro-RO\"},{\"@type\":\"Organization\",\"@id\":\"https:\/\/talkpal.ai\/ro\/#organization\",\"name\":\"Talkpal, Inc.\",\"alternateName\":\"Talkpal AI\",\"url\":\"https:\/\/talkpal.ai\/ro\/\",\"logo\":{\"@type\":\"ImageObject\",\"inLanguage\":\"ro-RO\",\"@id\":\"https:\/\/talkpal.ai\/ro\/#\/schema\/logo\/image\/\",\"url\":\"https:\/\/talkpal.ai\/wp-content\/uploads\/2024\/03\/Talkpal-Logo-Icon.png\",\"contentUrl\":\"https:\/\/talkpal.ai\/wp-content\/uploads\/2024\/03\/Talkpal-Logo-Icon.png\",\"width\":2880,\"height\":2880,\"caption\":\"Talkpal, Inc.\"},\"image\":{\"@id\":\"https:\/\/talkpal.ai\/ro\/#\/schema\/logo\/image\/\"},\"sameAs\":[\"https:\/\/www.facebook.com\/profile.php?id=100090733639311\",\"https:\/\/x.com\/talkpalai\",\"https:\/\/www.linkedin.com\/company\/talkpal\/\",\"https:\/\/www.youtube.com\/@TalkPal\/\",\"https:\/\/www.tiktok.com\/@talkpal\",\"https:\/\/www.instagram.com\/talkpal_ai\/\",\"https:\/\/www.crunchbase.com\/organization\/talkpal-9cde\",\"https:\/\/www.g2.com\/products\/talkpal-for-business\/\",\"https:\/\/www.trustpilot.com\/review\/talkpal.ai\",\"https:\/\/www.capterra.com\/p\/10006800\/TalkPal\/\"],\"description\":\"Talkpal is a language learning web and mobile education app, powered by the latest AI technologies, that provides engaging experiences to its customers in many different languages to help them improve their language skills. Users can chat about unlimited amount of topics with the app and use other modes to practice their language learning.\",\"email\":\"support@talkpal.ai\",\"legalName\":\"Talkpal, Inc.\",\"foundingDate\":\"2023-04-03\",\"duns\":\"118989042\",\"numberOfEmployees\":{\"@type\":\"QuantitativeValue\",\"minValue\":\"11\",\"maxValue\":\"50\"},\"publishingPrinciples\":\"https:\/\/talkpal.ai\/publishing-principles\/\",\"actionableFeedbackPolicy\":\"https:\/\/talkpal.ai\/actionable-feedback-policy\/\",\"correctionsPolicy\":\"https:\/\/talkpal.ai\/corrections-policy\/\",\"ethicsPolicy\":\"https:\/\/talkpal.ai\/ethics-policy\/\",\"diversityPolicy\":\"https:\/\/talkpal.ai\/diversity-policy\/\",\"diversityStaffingReport\":\"https:\/\/talkpal.ai\/diversity-policy\/\"}]}<\/script>\n<!-- \/ Yoast SEO Premium plugin. -->","yoast_head_json":{"title":"Exerci\u021bii de gramatic\u0103 kazah\u0103 - Talkpal","description":"\u00cembun\u0103t\u0103\u021bi\u021bi-v\u0103 eficient abilit\u0103\u021bile gramaticale kazahe - \u00eembun\u0103t\u0103\u021bi\u021bi acurate\u021bea, practica\u021bi exerci\u021bii interactive \u0219i perfec\u021biona\u021bi utilizarea!","robots":{"index":"index","follow":"follow","max-snippet":"max-snippet:-1","max-image-preview":"max-image-preview:large","max-video-preview":"max-video-preview:-1"},"canonical":"https:\/\/talkpal.ai\/ro\/exercitii-de-gramatica-kazaha\/","og_locale":"ro_RO","og_type":"article","og_title":"Exerci\u021bii de gramatic\u0103 kazah\u0103","og_description":"Subiecte gramaticale kazahe \u00cenv\u0103\u021barea unei noi limbi poate fi o experien\u021b\u0103 provocatoare, dar plin\u0103 de satisfac\u021bii, care deschide oportunit\u0103\u021bi de cre\u0219tere","og_url":"https:\/\/talkpal.ai\/ro\/exercitii-de-gramatica-kazaha\/","og_site_name":"Talkpal","article_publisher":"https:\/\/www.facebook.com\/profile.php?id=100090733639311","article_modified_time":"2025-12-17T15:23:05+00:00","og_image":[{"width":512,"height":512,"url":"https:\/\/talkpal.ai\/wp-content\/uploads\/2023\/05\/kazakhstan.png","type":"image\/png"}],"twitter_card":"summary_large_image","twitter_site":"@talkpalai","twitter_misc":{"Timp estimat pentru citire":"3 minute"},"schema":{"@context":"https:\/\/schema.org","@graph":[{"@type":"WebPage","@id":"https:\/\/talkpal.ai\/ro\/exercitii-de-gramatica-kazaha\/","url":"https:\/\/talkpal.ai\/ro\/exercitii-de-gramatica-kazaha\/","name":"Exerci\u021bii de gramatic\u0103 kazah\u0103 - Talkpal","isPartOf":{"@id":"https:\/\/talkpal.ai\/ro\/#website"},"primaryImageOfPage":{"@id":"https:\/\/talkpal.ai\/ro\/exercitii-de-gramatica-kazaha\/#primaryimage"},"image":{"@id":"https:\/\/talkpal.ai\/ro\/exercitii-de-gramatica-kazaha\/#primaryimage"},"thumbnailUrl":"https:\/\/talkpal.ai\/wp-content\/uploads\/2023\/05\/kazakhstan.png","datePublished":"2023-06-22T08:01:09+00:00","dateModified":"2025-12-17T15:23:05+00:00","description":"\u00cembun\u0103t\u0103\u021bi\u021bi-v\u0103 eficient abilit\u0103\u021bile gramaticale kazahe - \u00eembun\u0103t\u0103\u021bi\u021bi acurate\u021bea, practica\u021bi exerci\u021bii interactive \u0219i perfec\u021biona\u021bi utilizarea!","breadcrumb":{"@id":"https:\/\/talkpal.ai\/ro\/exercitii-de-gramatica-kazaha\/#breadcrumb"},"inLanguage":"ro-RO","potentialAction":[{"@type":"ReadAction","target":["https:\/\/talkpal.ai\/ro\/exercitii-de-gramatica-kazaha\/"]}]},{"@type":"ImageObject","inLanguage":"ro-RO","@id":"https:\/\/talkpal.ai\/ro\/exercitii-de-gramatica-kazaha\/#primaryimage","url":"https:\/\/talkpal.ai\/wp-content\/uploads\/2023\/05\/kazakhstan.png","contentUrl":"https:\/\/talkpal.ai\/wp-content\/uploads\/2023\/05\/kazakhstan.png","width":512,"height":512},{"@type":"BreadcrumbList","@id":"https:\/\/talkpal.ai\/ro\/exercitii-de-gramatica-kazaha\/#breadcrumb","itemListElement":[{"@type":"ListItem","position":1,"name":"Homepage","item":"https:\/\/talkpal.ai\/ro\/"},{"@type":"ListItem","position":2,"name":"Exerci\u021bii de gramatic\u0103 kazah\u0103"}]},{"@type":"WebSite","@id":"https:\/\/talkpal.ai\/ro\/#website","url":"https:\/\/talkpal.ai\/ro\/","name":"Talkpal","description":"AI Language Learning","publisher":{"@id":"https:\/\/talkpal.ai\/ro\/#organization"},"alternateName":"Talkpal AI","potentialAction":[{"@type":"SearchAction","target":{"@type":"EntryPoint","urlTemplate":"https:\/\/talkpal.ai\/ro\/?s={search_term_string}"},"query-input":{"@type":"PropertyValueSpecification","valueRequired":true,"valueName":"search_term_string"}}],"inLanguage":"ro-RO"},{"@type":"Organization","@id":"https:\/\/talkpal.ai\/ro\/#organization","name":"Talkpal, Inc.","alternateName":"Talkpal AI","url":"https:\/\/talkpal.ai\/ro\/","logo":{"@type":"ImageObject","inLanguage":"ro-RO","@id":"https:\/\/talkpal.ai\/ro\/#\/schema\/logo\/image\/","url":"https:\/\/talkpal.ai\/wp-content\/uploads\/2024\/03\/Talkpal-Logo-Icon.png","contentUrl":"https:\/\/talkpal.ai\/wp-content\/uploads\/2024\/03\/Talkpal-Logo-Icon.png","width":2880,"height":2880,"caption":"Talkpal, Inc."},"image":{"@id":"https:\/\/talkpal.ai\/ro\/#\/schema\/logo\/image\/"},"sameAs":["https:\/\/www.facebook.com\/profile.php?id=100090733639311","https:\/\/x.com\/talkpalai","https:\/\/www.linkedin.com\/company\/talkpal\/","https:\/\/www.youtube.com\/@TalkPal\/","https:\/\/www.tiktok.com\/@talkpal","https:\/\/www.instagram.com\/talkpal_ai\/","https:\/\/www.crunchbase.com\/organization\/talkpal-9cde","https:\/\/www.g2.com\/products\/talkpal-for-business\/","https:\/\/www.trustpilot.com\/review\/talkpal.ai","https:\/\/www.capterra.com\/p\/10006800\/TalkPal\/"],"description":"Talkpal is a language learning web and mobile education app, powered by the latest AI technologies, that provides engaging experiences to its customers in many different languages to help them improve their language skills. Users can chat about unlimited amount of topics with the app and use other modes to practice their language learning.","email":"support@talkpal.ai","legalName":"Talkpal, Inc.","foundingDate":"2023-04-03","duns":"118989042","numberOfEmployees":{"@type":"QuantitativeValue","minValue":"11","maxValue":"50"},"publishingPrinciples":"https:\/\/talkpal.ai\/publishing-principles\/","actionableFeedbackPolicy":"https:\/\/talkpal.ai\/actionable-feedback-policy\/","correctionsPolicy":"https:\/\/talkpal.ai\/corrections-policy\/","ethicsPolicy":"https:\/\/talkpal.ai\/ethics-policy\/","diversityPolicy":"https:\/\/talkpal.ai\/diversity-policy\/","diversityStaffingReport":"https:\/\/talkpal.ai\/diversity-policy\/"}]}},"_links":{"self":[{"href":"https:\/\/talkpal.ai\/ro\/wp-json\/wp\/v2\/pages\/160780","targetHints":{"allow":["GET"]}}],"collection":[{"href":"https:\/\/talkpal.ai\/ro\/wp-json\/wp\/v2\/pages"}],"about":[{"href":"https:\/\/talkpal.ai\/ro\/wp-json\/wp\/v2\/types\/page"}],"author":[{"embeddable":true,"href":"https:\/\/talkpal.ai\/ro\/wp-json\/wp\/v2\/users\/6"}],"replies":[{"embeddable":true,"href":"https:\/\/talkpal.ai\/ro\/wp-json\/wp\/v2\/comments?post=160780"}],"version-history":[{"count":0,"href":"https:\/\/talkpal.ai\/ro\/wp-json\/wp\/v2\/pages\/160780\/revisions"}],"wp:featuredmedia":[{"embeddable":true,"href":"https:\/\/talkpal.ai\/ro\/wp-json\/wp\/v2\/media\/114145"}],"wp:attachment":[{"href":"https:\/\/talkpal.ai\/ro\/wp-json\/wp\/v2\/media?parent=160780"}],"curies":[{"name":"wp","href":"https:\/\/api.w.org\/{rel}","templated":true}]}}