{"id":160439,"date":"2023-06-22T08:07:24","date_gmt":"2023-06-22T08:07:24","guid":{"rendered":"http:\/\/talkpal.ai\/exercitii-de-gramatica-letona\/"},"modified":"2025-12-17T15:50:51","modified_gmt":"2025-12-17T15:50:51","slug":"exercitii-de-gramatica-letona","status":"publish","type":"page","link":"https:\/\/talkpal.ai\/ro\/exercitii-de-gramatica-letona\/","title":{"rendered":"Exerci\u021bii de gramatic\u0103 leton\u0103"},"content":{"rendered":"\r\n\r\n\r\n<section class=\"languageChallengeSection\">\r\n    <div class=\"languageInfoWrapper\">\r\n        \r\n        <h1>Exerci\u021bii de gramatic\u0103 leton\u0103<\/h1>\r\n        <p>Dori\u021bi s\u0103 v\u0103 sim\u021bi\u021bi mai \u00eencrez\u0103tori folosind letona? Practicarea exerci\u021biilor gramaticale este o modalitate excelent\u0103 de a st\u0103p\u00e2ni structura propozi\u021biilor, formele verbale \u0219i modelele distinctive ale limbii letone. \u00cencepe\u021bi ast\u0103zi explorarea gramaticii letone \u0219i vede\u021bi cum v\u0103 \u00eembun\u0103t\u0103\u021bi\u021bi abilit\u0103\u021bile \u0219i fluen\u021ba cu fiecare exerci\u021biu!<\/p>\r\n\r\n                            <a class=\"getStartedHidden\" href=\"https:\/\/app.talkpal.ai\/ro\/signup?lng=\">\u00cencepe<\/a>\r\n        \r\n    <\/div>\r\n\r\n    <figure>\r\n    <img decoding=\"async\" width=\"768\" height=\"768\" src=\"https:\/\/talkpal.ai\/wp-content\/uploads\/2023\/06\/latvian-768x768.png\" class=\"languageImage no-lazy\" alt=\"Language learning to access more cultures\" fetchpriority=\"high\" sizes=\"(max-width: 768px) 150px, 768px\" srcset=\"https:\/\/talkpal.ai\/wp-content\/uploads\/2023\/06\/latvian-768x768.png 768w, https:\/\/talkpal.ai\/wp-content\/uploads\/2023\/06\/latvian-300x300.png 300w\" \/>\r\n    \r\n\r\n    <\/figure>\r\n\r\n            <a class=\"getStartedVisible\" href=\"https:\/\/app.talkpal.ai\/ro\/signup?lng=\">\u00cencepe<\/a>\r\n    \r\n<\/section>\r\n\r\n\r\n<!-- <section class=\"grammarSection\">\r\n    <div class=\"grammarLinks\">\r\n            <\/div>\r\n<\/section> -->\r\n\r\n\r\n\r\n\r\n<section class=\"promotionalBanner\">\r\n    <p class=\"promotionalText\">Cel mai eficient mod de a \u00eenv\u0103\u021ba o limb\u0103<\/p>\r\n    <a class=\"promotionalLink\" href=\"https:\/\/app.talkpal.ai\/ro\/signup?lng=\">\u00cencerca\u021bi Talkpal gratuit<\/a>\r\n<\/section>\n<div class=\"wp-block-group pageContainerStyle\"><div class=\"wp-block-group__inner-container is-layout-constrained wp-block-group-is-layout-constrained\">\n<h2 class=\"wp-block-heading\" id=\"h-latvian-grammar-topics\">Subiecte de gramatic\u0103 leton\u0103<\/h2>\n\n\n\n<p>\u00cenv\u0103\u021barea unei noi limbi poate fi o experien\u021b\u0103 interesant\u0103 \u0219i plin\u0103 de satisfac\u021bii, iar letona nu face excep\u021bie. Ca limb\u0103 oficial\u0103 a Letoniei \u0219i una dintre limbile baltice, letona are propria sa structur\u0103 gramatical\u0103 unic\u0103 \u0219i reguli care o diferen\u021biaz\u0103 de alte limbi europene. Pentru a \u00eenv\u0103\u021ba eficient limba <a href=\"https:\/\/talkpal.ai\/learn-latvian\/\">leton\u0103<\/a>, este important s\u0103 \u00een\u021belege\u021bi \u0219i s\u0103 st\u0103p\u00e2ni\u021bi diferite subiecte de <a href=\"https:\/\/talkpal.ai\/grammar\/\">gramatic\u0103<\/a> \u00eentr-o secven\u021b\u0103 logic\u0103. Acest ghid va oferi o prezentare general\u0103 a subiectelor cheie de <a href=\"https:\/\/talkpal.ai\/latvian-grammar\/\">gramatic\u0103 leton\u0103<\/a>, inclusiv timpuri, verbe, substantive, articole, pronume, determinan\u021bi, adjective, adverbe, condi\u021bionale, prepozi\u021bii \u0219i structura propozi\u021biei, pentru a v\u0103 ajuta s\u0103 construi\u021bi o baz\u0103 solid\u0103 \u00een limb\u0103.<\/p>\n\n\n\n<h3 class=\"wp-block-heading\" id=\"h-1-nouns-and-articles\">1. Substantive \u0219i articole:<\/h3>\n\n\n\n<p>\u00cen leton\u0103, substantivele au dou\u0103 genuri: masculin \u0219i feminin. Ei au, de asemenea, \u0219apte cazuri, care determin\u0103 func\u021bia substantivului \u00eentr-o propozi\u021bie. Articolele nu sunt prezente \u00een leton\u0103, astfel \u00eenc\u00e2t \u00een\u021belegerea genurilor \u0219i cazurilor substantivale este crucial\u0103 pentru o comunicare adecvat\u0103.<\/p>\n\n\n\n<h3 class=\"wp-block-heading\" id=\"h-2-adjectives\">2. Adjective:<\/h3>\n\n\n\n<p>Adjectivele \u00een leton\u0103 sunt \u00een acord cu substantivele <a href=\"https:\/\/talkpal.ai\/culture\/how-do-i-use-pe-care-correctly\/\">pe care<\/a> le modific\u0103 \u00een gen, num\u0103r \u0219i caz. Declinarea adjectivului de \u00eenv\u0103\u021bare este important\u0103 pentru formarea unor descrieri \u0219i compara\u021bii exacte.<\/p>\n\n\n\n<h3 class=\"wp-block-heading\" id=\"h-3-pronouns-and-determiners\">3. Pronume \u0219i determinan\u021bi:<\/h3>\n\n\n\n<p>Pronumele \u00eenlocuiesc substantivele \u00een propozi\u021bii, \u00een timp ce determinan\u021bii specific\u0103 sau cuantific\u0103 substantivele. Ambele sunt elemente esen\u021biale ale gramaticii letone \u0219i ar trebui \u00eenv\u0103\u021bate de timpuriu pentru a forma propozi\u021bii exacte.<\/p>\n\n\n\n<h3 class=\"wp-block-heading\" id=\"h-4-verbs-and-tenses\">4. Verbe \u0219i timpuri:<\/h3>\n\n\n\n<p>Verbele letone au trei timpuri: trecut, prezent \u0219i viitor. \u00cen\u021belegerea modului de conjugare a verbelor \u00een aceste timpuri este esen\u021bial\u0103 pentru exprimarea ac\u021biunilor \u0219i evenimentelor. \u00cen plus, verbele au trei st\u0103ri: indicativ, <a href=\"https:\/\/talkpal.ai\/ja\/grammar_exercises\/imperatif-%e3%83%95%e3%83%a9%e3%83%b3%e3%82%b9%e3%81%ae%e6%96%87%e6%b3%95%e3%81%ae%e3%81%9f%e3%82%81%e3%81%ae%e6%bc%94%e7%bf%92\/\">imperativ<\/a> \u0219i conjunctiv.<\/p>\n\n\n\n<h3 class=\"wp-block-heading\" id=\"h-5-progressive-and-perfect-progressive\">5. Progresiv \u0219i perfect progresiv:<\/h3>\n\n\n\n<p>Aceste aspecte exprim\u0103 ac\u021biuni continue sau continue. \u00cenv\u0103\u021barea lor v\u0103 va ajuta s\u0103 descrie\u021bi ac\u021biuni care sunt \u00een curs de desf\u0103\u0219urare sau au fost \u00een curs de desf\u0103\u0219urare pe o perioad\u0103 de timp.<\/p>\n\n\n\n<h3 class=\"wp-block-heading\" id=\"h-6-tense-comparison\">6. Compara\u021bie tensionat\u0103:<\/h3>\n\n\n\n<p>\u00cen\u021belegerea modului \u00een care timpurile se raporteaz\u0103 unul la cel\u0103lalt este esen\u021bial\u0103 pentru exprimarea ac\u021biunilor \u0219i evenimentelor cu exactitate \u00een diferite intervale de timp.<\/p>\n\n\n\n<h3 class=\"wp-block-heading\" id=\"h-7-adverbs\">7. Adverbe:<\/h3>\n\n\n\n<p>Adverbele modific\u0103 verbe, adjective sau alte adverbe, oferind informa\u021bii suplimentare despre ac\u021biunea sau calitatea descris\u0103. Ele sunt esen\u021biale pentru a ad\u0103uga detalii \u0219i nuan\u021be propozi\u021biilor tale.<\/p>\n\n\n\n<h3 class=\"wp-block-heading\" id=\"h-8-prepositions\">8. Prepozi\u021bii:<\/h3>\n\n\n\n<p>Prepozi\u021biile arat\u0103 rela\u021bia dintre cuvintele dintr-o propozi\u021bie, cum ar fi loca\u021bia, direc\u021bia sau timpul. St\u0103p\u00e2nirea prepozi\u021biilor este vital\u0103 pentru construirea unor propozi\u021bii coerente \u0219i semnificative.<\/p>\n\n\n\n<h3 class=\"wp-block-heading\" id=\"h-9-conditionals\">9. Condi\u021bionale:<\/h3>\n\n\n\n<p>Propozi\u021biile condi\u021bionate exprim\u0103 situa\u021bii ipotetice \u0219i posibilele lor rezultate. \u00cenv\u0103\u021barea modului de formare \u0219i utilizare a condi\u021bionalelor este esen\u021bial\u0103 pentru exprimarea ideilor \u0219i posibilit\u0103\u021bilor complexe.<\/p>\n\n\n\n<h3 class=\"wp-block-heading\" id=\"h-10-sentences\">10. Propozi\u021bii:<\/h3>\n\n\n\n<p>\u00cen\u021belegerea structurii propozi\u021biei letone, a ordinii cuvintelor \u0219i a punctua\u021biei este crucial\u0103 pentru formarea unor afirma\u021bii, \u00eentreb\u0103ri \u0219i comenzi clare \u0219i exacte. Prin st\u0103p\u00e2nirea tuturor subiectelor gramaticale prezentate mai sus, ve\u021bi fi pe cale s\u0103 deveni\u021bi competen\u021bi \u00een limba leton\u0103.<\/p>\n<\/div><\/div>\n\r\n<section class=\"learnNavigationSection\">\r\n            \r\n        <a href=\"https:\/\/talkpal.ai\/ro\/invata-letona\/\">\r\n            <div class=\"learnNavigationWrapper\">\r\n                <div class=\"learnNavigationContent\">\r\n                    <img decoding=\"async\" src=\"https:\/\/talkpal.ai\/wp-content\/uploads\/2024\/08\/Latvian.jpg\" alt=\"Latvian Flag\">\r\n                    <div>\r\n                        <h4>Despre \u00eenv\u0103\u021barea limbii letone<\/h4>\r\n                        <p>Afla\u021bi totul despre gramatica leton\u0103 .<\/p>\r\n                    <\/div>\r\n                <\/div>\r\n            <\/div>\r\n        <\/a>\r\n\r\n        \r\n        <a href=\"https:\/\/talkpal.ai\/ro\/gramatica-letona\/\">\r\n            <div class=\"learnNavigationWrapper\">\r\n                <div class=\"learnNavigationContent\">\r\n                    <img decoding=\"async\" src=\"https:\/\/talkpal.ai\/wp-content\/uploads\/2024\/08\/Latvian.jpg\" alt=\"Latvian Flag\">\r\n                    <div>\r\n                        <h4>Lec\u021bii de gramatic\u0103 leton\u0103<\/h4>\r\n                        <p>Exersa\u021bi gramatica leton\u0103.<\/p>\r\n                    <\/div>\r\n                <\/div>\r\n            <\/div>\r\n        <\/a>\r\n\r\n        \r\n        <a href=\"https:\/\/talkpal.ai\/vocabulary_language\/latvian\/\">\r\n            <div class=\"learnNavigationWrapper\">\r\n                <div class=\"learnNavigationContent\">\r\n                    <img decoding=\"async\" src=\"https:\/\/talkpal.ai\/wp-content\/uploads\/2024\/08\/Latvian.jpg\" alt=\"Latvian Flag\">\r\n                    <div>\r\n                        <h4>Vocabular leton<\/h4>\r\n                        <p>Extinde\u021bi-v\u0103 vocabularul leton.<\/p>\r\n                    <\/div>\r\n                <\/div>\r\n            <\/div>\r\n        <\/a>\r\n\r\n            <\/section>","protected":false},"excerpt":{"rendered":"<p>Subiecte de gramatic\u0103 leton\u0103 \u00cenv\u0103\u021barea unei noi limbi poate fi o experien\u021b\u0103 interesant\u0103 \u0219i plin\u0103 de satisfac\u021bii, iar letona nu face excep\u021bie. Ca limb\u0103 oficial\u0103 a Letoniei \u0219i una dintre limbile baltice, letona are propria sa structur\u0103 gramatical\u0103 unic\u0103 \u0219i reguli care o diferen\u021biaz\u0103 de alte limbi europene. Pentru a \u00eenv\u0103\u021ba eficient limba leton\u0103, este [&hellip;]<\/p>\n","protected":false},"author":6,"featured_media":114428,"parent":0,"menu_order":0,"comment_status":"closed","ping_status":"closed","template":"LearningContentPage.php","meta":{"_acf_changed":false,"footnotes":""},"class_list":["post-160439","page","type-page","status-publish","has-post-thumbnail","hentry"],"acf":[],"yoast_head":"<!-- This site is optimized with the Yoast SEO Premium plugin v27.2 (Yoast SEO v27.2) - https:\/\/yoast.com\/product\/yoast-seo-premium-wordpress\/ -->\n<title>Exerci\u021bii de gramatic\u0103 leton\u0103 - Talkpal<\/title>\n<meta name=\"description\" content=\"Ascu\u021bi\u021bi-v\u0103 gramatica leton\u0103 prin exerci\u021bii captivante Talkpal exerci\u021bii captivante - \u00eembun\u0103t\u0103\u021bi\u021bi acurate\u021bea \u0219i stimula\u021bi abilit\u0103\u021bile \u00een mod eficient cu ajutorul lec\u021biilor interactive cu AI.\" \/>\n<meta name=\"robots\" content=\"index, follow, max-snippet:-1, max-image-preview:large, max-video-preview:-1\" \/>\n<link rel=\"canonical\" href=\"https:\/\/talkpal.ai\/ro\/exercitii-de-gramatica-letona\/\" \/>\n<meta property=\"og:locale\" content=\"ro_RO\" \/>\n<meta property=\"og:type\" content=\"article\" \/>\n<meta property=\"og:title\" content=\"Exerci\u021bii de gramatic\u0103 leton\u0103\" \/>\n<meta property=\"og:description\" content=\"Subiecte de gramatic\u0103 leton\u0103 \u00cenv\u0103\u021barea unei noi limbi poate fi o experien\u021b\u0103 interesant\u0103 \u0219i plin\u0103 de satisfac\u021bii, iar letona nu face excep\u021bie. Ca limb\u0103\" \/>\n<meta property=\"og:url\" content=\"https:\/\/talkpal.ai\/ro\/exercitii-de-gramatica-letona\/\" \/>\n<meta property=\"og:site_name\" content=\"Talkpal\" \/>\n<meta property=\"article:publisher\" content=\"https:\/\/www.facebook.com\/profile.php?id=100090733639311\" \/>\n<meta property=\"article:modified_time\" content=\"2025-12-17T15:50:51+00:00\" \/>\n<meta property=\"og:image\" content=\"https:\/\/talkpal.ai\/wp-content\/uploads\/2023\/05\/latvia.png\" \/>\n\t<meta property=\"og:image:width\" content=\"512\" \/>\n\t<meta property=\"og:image:height\" content=\"512\" \/>\n\t<meta property=\"og:image:type\" content=\"image\/png\" \/>\n<meta name=\"twitter:card\" content=\"summary_large_image\" \/>\n<meta name=\"twitter:site\" content=\"@talkpalai\" \/>\n<meta name=\"twitter:label1\" content=\"Timp estimat pentru citire\" \/>\n\t<meta name=\"twitter:data1\" content=\"3 minute\" \/>\n<script type=\"application\/ld+json\" class=\"yoast-schema-graph\">{\"@context\":\"https:\/\/schema.org\",\"@graph\":[{\"@type\":\"WebPage\",\"@id\":\"https:\/\/talkpal.ai\/ro\/exercitii-de-gramatica-letona\/\",\"url\":\"https:\/\/talkpal.ai\/ro\/exercitii-de-gramatica-letona\/\",\"name\":\"Exerci\u021bii de gramatic\u0103 leton\u0103 - Talkpal\",\"isPartOf\":{\"@id\":\"https:\/\/talkpal.ai\/ro\/#website\"},\"primaryImageOfPage\":{\"@id\":\"https:\/\/talkpal.ai\/ro\/exercitii-de-gramatica-letona\/#primaryimage\"},\"image\":{\"@id\":\"https:\/\/talkpal.ai\/ro\/exercitii-de-gramatica-letona\/#primaryimage\"},\"thumbnailUrl\":\"https:\/\/talkpal.ai\/wp-content\/uploads\/2023\/05\/latvia.png\",\"datePublished\":\"2023-06-22T08:07:24+00:00\",\"dateModified\":\"2025-12-17T15:50:51+00:00\",\"description\":\"Ascu\u021bi\u021bi-v\u0103 gramatica leton\u0103 prin exerci\u021bii captivante Talkpal exerci\u021bii captivante - \u00eembun\u0103t\u0103\u021bi\u021bi acurate\u021bea \u0219i stimula\u021bi abilit\u0103\u021bile \u00een mod eficient cu ajutorul lec\u021biilor interactive cu AI.\",\"breadcrumb\":{\"@id\":\"https:\/\/talkpal.ai\/ro\/exercitii-de-gramatica-letona\/#breadcrumb\"},\"inLanguage\":\"ro-RO\",\"potentialAction\":[{\"@type\":\"ReadAction\",\"target\":[\"https:\/\/talkpal.ai\/ro\/exercitii-de-gramatica-letona\/\"]}]},{\"@type\":\"ImageObject\",\"inLanguage\":\"ro-RO\",\"@id\":\"https:\/\/talkpal.ai\/ro\/exercitii-de-gramatica-letona\/#primaryimage\",\"url\":\"https:\/\/talkpal.ai\/wp-content\/uploads\/2023\/05\/latvia.png\",\"contentUrl\":\"https:\/\/talkpal.ai\/wp-content\/uploads\/2023\/05\/latvia.png\",\"width\":512,\"height\":512},{\"@type\":\"BreadcrumbList\",\"@id\":\"https:\/\/talkpal.ai\/ro\/exercitii-de-gramatica-letona\/#breadcrumb\",\"itemListElement\":[{\"@type\":\"ListItem\",\"position\":1,\"name\":\"Homepage\",\"item\":\"https:\/\/talkpal.ai\/ro\/\"},{\"@type\":\"ListItem\",\"position\":2,\"name\":\"Exerci\u021bii de gramatic\u0103 leton\u0103\"}]},{\"@type\":\"WebSite\",\"@id\":\"https:\/\/talkpal.ai\/ro\/#website\",\"url\":\"https:\/\/talkpal.ai\/ro\/\",\"name\":\"Talkpal\",\"description\":\"AI Language Learning\",\"publisher\":{\"@id\":\"https:\/\/talkpal.ai\/ro\/#organization\"},\"alternateName\":\"Talkpal AI\",\"potentialAction\":[{\"@type\":\"SearchAction\",\"target\":{\"@type\":\"EntryPoint\",\"urlTemplate\":\"https:\/\/talkpal.ai\/ro\/?s={search_term_string}\"},\"query-input\":{\"@type\":\"PropertyValueSpecification\",\"valueRequired\":true,\"valueName\":\"search_term_string\"}}],\"inLanguage\":\"ro-RO\"},{\"@type\":\"Organization\",\"@id\":\"https:\/\/talkpal.ai\/ro\/#organization\",\"name\":\"Talkpal, Inc.\",\"alternateName\":\"Talkpal AI\",\"url\":\"https:\/\/talkpal.ai\/ro\/\",\"logo\":{\"@type\":\"ImageObject\",\"inLanguage\":\"ro-RO\",\"@id\":\"https:\/\/talkpal.ai\/ro\/#\/schema\/logo\/image\/\",\"url\":\"https:\/\/talkpal.ai\/wp-content\/uploads\/2024\/03\/Talkpal-Logo-Icon.png\",\"contentUrl\":\"https:\/\/talkpal.ai\/wp-content\/uploads\/2024\/03\/Talkpal-Logo-Icon.png\",\"width\":2880,\"height\":2880,\"caption\":\"Talkpal, Inc.\"},\"image\":{\"@id\":\"https:\/\/talkpal.ai\/ro\/#\/schema\/logo\/image\/\"},\"sameAs\":[\"https:\/\/www.facebook.com\/profile.php?id=100090733639311\",\"https:\/\/x.com\/talkpalai\",\"https:\/\/www.linkedin.com\/company\/talkpal\/\",\"https:\/\/www.youtube.com\/@TalkPal\/\",\"https:\/\/www.tiktok.com\/@talkpal\",\"https:\/\/www.instagram.com\/talkpal_ai\/\",\"https:\/\/www.crunchbase.com\/organization\/talkpal-9cde\",\"https:\/\/www.g2.com\/products\/talkpal-for-business\/\",\"https:\/\/www.trustpilot.com\/review\/talkpal.ai\",\"https:\/\/www.capterra.com\/p\/10006800\/TalkPal\/\"],\"description\":\"Talkpal is a language learning web and mobile education app, powered by the latest AI technologies, that provides engaging experiences to its customers in many different languages to help them improve their language skills. Users can chat about unlimited amount of topics with the app and use other modes to practice their language learning.\",\"email\":\"support@talkpal.ai\",\"legalName\":\"Talkpal, Inc.\",\"foundingDate\":\"2023-04-03\",\"duns\":\"118989042\",\"numberOfEmployees\":{\"@type\":\"QuantitativeValue\",\"minValue\":\"11\",\"maxValue\":\"50\"},\"publishingPrinciples\":\"https:\/\/talkpal.ai\/publishing-principles\/\",\"actionableFeedbackPolicy\":\"https:\/\/talkpal.ai\/actionable-feedback-policy\/\",\"correctionsPolicy\":\"https:\/\/talkpal.ai\/corrections-policy\/\",\"ethicsPolicy\":\"https:\/\/talkpal.ai\/ethics-policy\/\",\"diversityPolicy\":\"https:\/\/talkpal.ai\/diversity-policy\/\",\"diversityStaffingReport\":\"https:\/\/talkpal.ai\/diversity-policy\/\"}]}<\/script>\n<!-- \/ Yoast SEO Premium plugin. -->","yoast_head_json":{"title":"Exerci\u021bii de gramatic\u0103 leton\u0103 - Talkpal","description":"Ascu\u021bi\u021bi-v\u0103 gramatica leton\u0103 prin exerci\u021bii captivante Talkpal exerci\u021bii captivante - \u00eembun\u0103t\u0103\u021bi\u021bi acurate\u021bea \u0219i stimula\u021bi abilit\u0103\u021bile \u00een mod eficient cu ajutorul lec\u021biilor interactive cu AI.","robots":{"index":"index","follow":"follow","max-snippet":"max-snippet:-1","max-image-preview":"max-image-preview:large","max-video-preview":"max-video-preview:-1"},"canonical":"https:\/\/talkpal.ai\/ro\/exercitii-de-gramatica-letona\/","og_locale":"ro_RO","og_type":"article","og_title":"Exerci\u021bii de gramatic\u0103 leton\u0103","og_description":"Subiecte de gramatic\u0103 leton\u0103 \u00cenv\u0103\u021barea unei noi limbi poate fi o experien\u021b\u0103 interesant\u0103 \u0219i plin\u0103 de satisfac\u021bii, iar letona nu face excep\u021bie. Ca limb\u0103","og_url":"https:\/\/talkpal.ai\/ro\/exercitii-de-gramatica-letona\/","og_site_name":"Talkpal","article_publisher":"https:\/\/www.facebook.com\/profile.php?id=100090733639311","article_modified_time":"2025-12-17T15:50:51+00:00","og_image":[{"width":512,"height":512,"url":"https:\/\/talkpal.ai\/wp-content\/uploads\/2023\/05\/latvia.png","type":"image\/png"}],"twitter_card":"summary_large_image","twitter_site":"@talkpalai","twitter_misc":{"Timp estimat pentru citire":"3 minute"},"schema":{"@context":"https:\/\/schema.org","@graph":[{"@type":"WebPage","@id":"https:\/\/talkpal.ai\/ro\/exercitii-de-gramatica-letona\/","url":"https:\/\/talkpal.ai\/ro\/exercitii-de-gramatica-letona\/","name":"Exerci\u021bii de gramatic\u0103 leton\u0103 - Talkpal","isPartOf":{"@id":"https:\/\/talkpal.ai\/ro\/#website"},"primaryImageOfPage":{"@id":"https:\/\/talkpal.ai\/ro\/exercitii-de-gramatica-letona\/#primaryimage"},"image":{"@id":"https:\/\/talkpal.ai\/ro\/exercitii-de-gramatica-letona\/#primaryimage"},"thumbnailUrl":"https:\/\/talkpal.ai\/wp-content\/uploads\/2023\/05\/latvia.png","datePublished":"2023-06-22T08:07:24+00:00","dateModified":"2025-12-17T15:50:51+00:00","description":"Ascu\u021bi\u021bi-v\u0103 gramatica leton\u0103 prin exerci\u021bii captivante Talkpal exerci\u021bii captivante - \u00eembun\u0103t\u0103\u021bi\u021bi acurate\u021bea \u0219i stimula\u021bi abilit\u0103\u021bile \u00een mod eficient cu ajutorul lec\u021biilor interactive cu AI.","breadcrumb":{"@id":"https:\/\/talkpal.ai\/ro\/exercitii-de-gramatica-letona\/#breadcrumb"},"inLanguage":"ro-RO","potentialAction":[{"@type":"ReadAction","target":["https:\/\/talkpal.ai\/ro\/exercitii-de-gramatica-letona\/"]}]},{"@type":"ImageObject","inLanguage":"ro-RO","@id":"https:\/\/talkpal.ai\/ro\/exercitii-de-gramatica-letona\/#primaryimage","url":"https:\/\/talkpal.ai\/wp-content\/uploads\/2023\/05\/latvia.png","contentUrl":"https:\/\/talkpal.ai\/wp-content\/uploads\/2023\/05\/latvia.png","width":512,"height":512},{"@type":"BreadcrumbList","@id":"https:\/\/talkpal.ai\/ro\/exercitii-de-gramatica-letona\/#breadcrumb","itemListElement":[{"@type":"ListItem","position":1,"name":"Homepage","item":"https:\/\/talkpal.ai\/ro\/"},{"@type":"ListItem","position":2,"name":"Exerci\u021bii de gramatic\u0103 leton\u0103"}]},{"@type":"WebSite","@id":"https:\/\/talkpal.ai\/ro\/#website","url":"https:\/\/talkpal.ai\/ro\/","name":"Talkpal","description":"AI Language Learning","publisher":{"@id":"https:\/\/talkpal.ai\/ro\/#organization"},"alternateName":"Talkpal AI","potentialAction":[{"@type":"SearchAction","target":{"@type":"EntryPoint","urlTemplate":"https:\/\/talkpal.ai\/ro\/?s={search_term_string}"},"query-input":{"@type":"PropertyValueSpecification","valueRequired":true,"valueName":"search_term_string"}}],"inLanguage":"ro-RO"},{"@type":"Organization","@id":"https:\/\/talkpal.ai\/ro\/#organization","name":"Talkpal, Inc.","alternateName":"Talkpal AI","url":"https:\/\/talkpal.ai\/ro\/","logo":{"@type":"ImageObject","inLanguage":"ro-RO","@id":"https:\/\/talkpal.ai\/ro\/#\/schema\/logo\/image\/","url":"https:\/\/talkpal.ai\/wp-content\/uploads\/2024\/03\/Talkpal-Logo-Icon.png","contentUrl":"https:\/\/talkpal.ai\/wp-content\/uploads\/2024\/03\/Talkpal-Logo-Icon.png","width":2880,"height":2880,"caption":"Talkpal, Inc."},"image":{"@id":"https:\/\/talkpal.ai\/ro\/#\/schema\/logo\/image\/"},"sameAs":["https:\/\/www.facebook.com\/profile.php?id=100090733639311","https:\/\/x.com\/talkpalai","https:\/\/www.linkedin.com\/company\/talkpal\/","https:\/\/www.youtube.com\/@TalkPal\/","https:\/\/www.tiktok.com\/@talkpal","https:\/\/www.instagram.com\/talkpal_ai\/","https:\/\/www.crunchbase.com\/organization\/talkpal-9cde","https:\/\/www.g2.com\/products\/talkpal-for-business\/","https:\/\/www.trustpilot.com\/review\/talkpal.ai","https:\/\/www.capterra.com\/p\/10006800\/TalkPal\/"],"description":"Talkpal is a language learning web and mobile education app, powered by the latest AI technologies, that provides engaging experiences to its customers in many different languages to help them improve their language skills. Users can chat about unlimited amount of topics with the app and use other modes to practice their language learning.","email":"support@talkpal.ai","legalName":"Talkpal, Inc.","foundingDate":"2023-04-03","duns":"118989042","numberOfEmployees":{"@type":"QuantitativeValue","minValue":"11","maxValue":"50"},"publishingPrinciples":"https:\/\/talkpal.ai\/publishing-principles\/","actionableFeedbackPolicy":"https:\/\/talkpal.ai\/actionable-feedback-policy\/","correctionsPolicy":"https:\/\/talkpal.ai\/corrections-policy\/","ethicsPolicy":"https:\/\/talkpal.ai\/ethics-policy\/","diversityPolicy":"https:\/\/talkpal.ai\/diversity-policy\/","diversityStaffingReport":"https:\/\/talkpal.ai\/diversity-policy\/"}]}},"_links":{"self":[{"href":"https:\/\/talkpal.ai\/ro\/wp-json\/wp\/v2\/pages\/160439","targetHints":{"allow":["GET"]}}],"collection":[{"href":"https:\/\/talkpal.ai\/ro\/wp-json\/wp\/v2\/pages"}],"about":[{"href":"https:\/\/talkpal.ai\/ro\/wp-json\/wp\/v2\/types\/page"}],"author":[{"embeddable":true,"href":"https:\/\/talkpal.ai\/ro\/wp-json\/wp\/v2\/users\/6"}],"replies":[{"embeddable":true,"href":"https:\/\/talkpal.ai\/ro\/wp-json\/wp\/v2\/comments?post=160439"}],"version-history":[{"count":0,"href":"https:\/\/talkpal.ai\/ro\/wp-json\/wp\/v2\/pages\/160439\/revisions"}],"wp:featuredmedia":[{"embeddable":true,"href":"https:\/\/talkpal.ai\/ro\/wp-json\/wp\/v2\/media\/114428"}],"wp:attachment":[{"href":"https:\/\/talkpal.ai\/ro\/wp-json\/wp\/v2\/media?parent=160439"}],"curies":[{"name":"wp","href":"https:\/\/api.w.org\/{rel}","templated":true}]}}