{"id":160157,"date":"2023-06-22T08:12:52","date_gmt":"2023-06-22T08:12:52","guid":{"rendered":"http:\/\/talkpal.ai\/exercitii-de-gramatica-lituaniana\/"},"modified":"2025-12-17T15:52:37","modified_gmt":"2025-12-17T15:52:37","slug":"exercitii-de-gramatica-lituaniana","status":"publish","type":"page","link":"https:\/\/talkpal.ai\/ro\/exercitii-de-gramatica-lituaniana\/","title":{"rendered":"Exerci\u021bii de gramatic\u0103 lituanian\u0103"},"content":{"rendered":"\r\n\r\n\r\n<section class=\"languageChallengeSection\">\r\n    <div class=\"languageInfoWrapper\">\r\n        \r\n        <h1>Exerci\u021bii de gramatic\u0103 lituanian\u0103<\/h1>\r\n        <p>Sunte\u021bi preg\u0103ti\u021bi s\u0103 trece\u021bi la urm\u0103torul nivel \u00een limba lituanian\u0103? Practicarea exerci\u021biilor gramaticale este o modalitate excelent\u0103 de a st\u0103p\u00e2ni structura propozi\u021biilor, formele verbale \u0219i modelele unice ale limbii lituaniene. \u00cencepe\u021bi ast\u0103zi explorarea gramaticii lituaniene \u0219i vede\u021bi cum v\u0103 cresc abilit\u0103\u021bile \u0219i \u00eencrederea cu fiecare exerci\u021biu!<\/p>\r\n\r\n                            <a class=\"getStartedHidden\" href=\"https:\/\/app.talkpal.ai\/ro\/signup?lng=\">\u00cencepe<\/a>\r\n        \r\n    <\/div>\r\n\r\n    <figure>\r\n    <img decoding=\"async\" width=\"768\" height=\"768\" src=\"https:\/\/talkpal.ai\/wp-content\/uploads\/2023\/06\/lithuenian-768x768.png\" class=\"languageImage no-lazy\" alt=\"Language learning for boosting creativity\" fetchpriority=\"high\" sizes=\"(max-width: 768px) 150px, 768px\" srcset=\"https:\/\/talkpal.ai\/wp-content\/uploads\/2023\/06\/lithuenian-768x768.png 768w, https:\/\/talkpal.ai\/wp-content\/uploads\/2023\/06\/lithuenian-300x300.png 300w\" \/>\r\n    \r\n\r\n    <\/figure>\r\n\r\n            <a class=\"getStartedVisible\" href=\"https:\/\/app.talkpal.ai\/ro\/signup?lng=\">\u00cencepe<\/a>\r\n    \r\n<\/section>\r\n\r\n\r\n<!-- <section class=\"grammarSection\">\r\n    <div class=\"grammarLinks\">\r\n            <\/div>\r\n<\/section> -->\r\n\r\n\r\n\r\n\r\n<section class=\"promotionalBanner\">\r\n    <p class=\"promotionalText\">Cel mai eficient mod de a \u00eenv\u0103\u021ba o limb\u0103<\/p>\r\n    <a class=\"promotionalLink\" href=\"https:\/\/app.talkpal.ai\/ro\/signup?lng=\">\u00cencerca\u021bi Talkpal gratuit<\/a>\r\n<\/section>\n<div class=\"wp-block-group pageContainerStyle\"><div class=\"wp-block-group__inner-container is-layout-constrained wp-block-group-is-layout-constrained\">\n<h2 class=\"wp-block-heading\" id=\"h-lithuanian-grammar-topics\">Subiecte gramaticale lituaniene<\/h2>\n\n\n\n<p>\u00cenv\u0103\u021barea limbii lituaniene nu este doar o experien\u021b\u0103 unic\u0103 \u0219i plin\u0103 de satisfac\u021bii, ci deschide \u0219i o lume cu totul nou\u0103 de explorare cultural\u0103. Lituaniana, ca limb\u0103 baltic\u0103, a p\u0103strat multe caracteristici ale limbilor antice indo-europene, f\u0103c\u00e2ndu-l o limb\u0103 important\u0103 pentru studiile istorice \u0219i lingvistice. Gramatica limbii lituaniene poate p\u0103rea complex\u0103, dar descompunerea acesteia \u00een subiecte mai mici \u0219i \u00eenv\u0103\u021barea lor \u00eentr-o secven\u021b\u0103 logic\u0103 v\u0103 va face c\u0103l\u0103toria mai lin\u0103 \u0219i mai pl\u0103cut\u0103. \u00cen acest ghid, vom prezenta subiectele gramaticale lituaniene \u00een ordinea \u00een care ar trebui s\u0103 le \u00eenv\u0103\u021ba\u021bi, oferind o scurt\u0103 prezentare general\u0103 a fiec\u0103rui subiect.<\/p>\n\n\n\n<h3 class=\"wp-block-heading\" id=\"h-1-nouns\">1. Substantive:<\/h3>\n\n\n\n<p>Substantivele formeaz\u0103 coloana vertebral\u0103 a majorit\u0103\u021bii propozi\u021biilor, a\u0219a c\u0103 \u00eencepe\u021bi prin a \u00eenv\u0103\u021ba sistemul de declin\u0103ri ale substantivelor \u00een lituanian\u0103. Exist\u0103 cinci declin\u0103ri substantivale, fiecare cu propriul set de termina\u021bii pentru formele singulare \u0219i <a href=\"https:\/\/talkpal.ai\/zh-hans\/grammar_exercises\/plurale-%e6%84%8f%e5%a4%a7%e5%88%a9%e8%af%ad%e6%b3%95%e7%bb%83%e4%b9%a0\/\">plurale<\/a>. Acorda\u021bi aten\u021bie genului substantivelor, deoarece acest lucru va influen\u021ba termina\u021biile folosite \u00een declin.<\/p>\n\n\n\n<h3 class=\"wp-block-heading\" id=\"h-2-articles\">2. Articole:<\/h3>\n\n\n\n<p>Spre deosebire de <a href=\"https:\/\/talkpal.ai\/learn-english-with-ai\/\">englez\u0103<\/a>, lituaniana nu are articole definite sau nedefinite, a\u0219a c\u0103 ve\u021bi avea o component\u0103 gramatical\u0103 mai pu\u021bin de care s\u0103 v\u0103 face\u021bi griji!<\/p>\n\n\n\n<h3 class=\"wp-block-heading\" id=\"h-3-adjectives\">3. Adjective:<\/h3>\n\n\n\n<p>Adjectivele sunt de acord cu substantivele \u00een gen, caz \u0219i num\u0103r. Afla\u021bi diferitele termina\u021bii adjectivale \u0219i cum se schimb\u0103 \u00een func\u021bie de substantivul <a href=\"https:\/\/talkpal.ai\/culture\/how-do-i-use-pe-care-correctly\/\">pe care<\/a> \u00eel modific\u0103.<\/p>\n\n\n\n<h3 class=\"wp-block-heading\" id=\"h-4-pronouns-determiners\">4. Pronume\/Determinan\u021bi:<\/h3>\n\n\n\n<p>Ca \u0219i \u00een alte limbi, pronumele \u0219i determinatorii ajut\u0103 la asigurarea clarit\u0103\u021bii \u0219i specificit\u0103\u021bii \u00een propozi\u021bii. Afla\u021bi diferitele tipuri de pronume \u0219i determinan\u021bi, precum \u0219i diferitele lor forme \u0219i utiliz\u0103ri \u00een lituanian\u0103.<\/p>\n\n\n\n<h3 class=\"wp-block-heading\" id=\"h-5-verbs\">5. Verbe:<\/h3>\n\n\n\n<p>Verbele sunt esen\u021biale pentru transmiterea ac\u021biunilor \u0219i st\u0103rilor de a fi. \u00cencepe\u021bi cu timpul prezent \u0219i apoi trece\u021bi la timpurile trecute \u0219i viitoare. Acorda\u021bi aten\u021bie modelelor de conjugare, precum \u0219i verbelor neregulate.<\/p>\n\n\n\n<h3 class=\"wp-block-heading\" id=\"h-6-tense-comparison\">6. Compara\u021bie tensionat\u0103:<\/h3>\n\n\n\n<p>Dup\u0103 st\u0103p\u00e2nirea timpurilor de baz\u0103, \u00eenv\u0103\u021ba\u021bi cum s\u0103 le compara\u021bi \u0219i s\u0103 \u00een\u021belege\u021bi nuan\u021bele utiliz\u0103rii lor. Aceasta include \u00een\u021belegerea diferen\u021belor dintre timpurile simple \u0219i compuse, precum \u0219i timpul progresiv perfect.<\/p>\n\n\n\n<h3 class=\"wp-block-heading\" id=\"h-7-progressive-and-perfect-progressive\">7. Progresiv \u0219i progresiv perfect:<\/h3>\n\n\n\n<p>Lituaniana nu are forme progresive specifice, cum ar fi engleza, dar pute\u021bi exprima ac\u021biuni \u00een curs \u0219i finalizate folosind construc\u021bii specifice. Afla\u021bi aceste construc\u021bii \u0219i cum s\u0103 le utiliza\u021bi eficient.<\/p>\n\n\n\n<h3 class=\"wp-block-heading\" id=\"h-8-adverbs\">8. Adverbe:<\/h3>\n\n\n\n<p>Adjectivele modific\u0103 substantivele, \u00een timp ce adverbele modific\u0103 verbele, adjectivele sau alte adverbe. Afla\u021bi diferitele tipuri de adverbe \u0219i plasarea lor \u00een propozi\u021bii.<\/p>\n\n\n\n<h3 class=\"wp-block-heading\" id=\"h-9-prepositions\">9. Prepozi\u021bii:<\/h3>\n\n\n\n<p>Prepozi\u021biile arat\u0103 rela\u021bia dintre cuvintele dintr-o propozi\u021bie. Afla\u021bi diferitele prepozi\u021bii \u0219i utilizarea lor \u00een diferite contexte.<\/p>\n\n\n\n<h3 class=\"wp-block-heading\" id=\"h-10-conditionals\">10. Condi\u021bionale:<\/h3>\n\n\n\n<p>Condi\u021bionalele exprim\u0103 situa\u021bii ipotetice sau ireale. Afla\u021bi diferitele tipuri de condi\u021bionale \u0219i construc\u021biile lor respective \u00een lituanian\u0103.<\/p>\n\n\n\n<h3 class=\"wp-block-heading\" id=\"h-11-sentences\">11. Propozi\u021bii:<\/h3>\n\n\n\n<p>\u00cen cele din urm\u0103, aduce\u021bi totul \u00eempreun\u0103 \u00eenv\u0103\u021b\u00e2nd despre structura propozi\u021biei \u00een lituanian\u0103. \u00cen\u021belege\u021bi ordinea de baz\u0103 a cuvintelor \u0219i modul \u00een care poate fi adaptat\u0103 pentru accentuare sau claritate. Exersa\u021bi crearea de propozi\u021bii folosind toate componentele gramaticale pe care le-a\u021bi \u00eenv\u0103\u021bat p\u00e2n\u0103 acum.<\/p>\n\n\n\n<p>Urm\u0103rind aceast\u0103 succesiune de subiecte, ve\u021bi dob\u00e2ndi o \u00een\u021belegere solid\u0103 a gramaticii lituaniene \u0219i ve\u021bi fi pe drumul cel bun c\u0103tre fluen\u021ba \u00een limb\u0103.<\/p>\n<\/div><\/div>\n\r\n<section class=\"learnNavigationSection\">\r\n            \r\n        <a href=\"https:\/\/talkpal.ai\/ro\/invata-lituaniana\/\">\r\n            <div class=\"learnNavigationWrapper\">\r\n                <div class=\"learnNavigationContent\">\r\n                    <img decoding=\"async\" src=\"https:\/\/talkpal.ai\/wp-content\/uploads\/2024\/08\/Lithuanian.jpg\" alt=\"Lithuanian Flag\">\r\n                    <div>\r\n                        <h4>Despre \u00eenv\u0103\u021barea lituanian\u0103<\/h4>\r\n                        <p>Afla\u021bi totul despre gramatica lituanian\u0103 .<\/p>\r\n                    <\/div>\r\n                <\/div>\r\n            <\/div>\r\n        <\/a>\r\n\r\n        \r\n        <a href=\"https:\/\/talkpal.ai\/ro\/gramatica-lituaniana\/\">\r\n            <div class=\"learnNavigationWrapper\">\r\n                <div class=\"learnNavigationContent\">\r\n                    <img decoding=\"async\" src=\"https:\/\/talkpal.ai\/wp-content\/uploads\/2024\/08\/Lithuanian.jpg\" alt=\"Lithuanian Flag\">\r\n                    <div>\r\n                        <h4>Lec\u021bii de gramatic\u0103 lituanian\u0103<\/h4>\r\n                        <p>Exersa\u021bi gramatica lituanian\u0103.<\/p>\r\n                    <\/div>\r\n                <\/div>\r\n            <\/div>\r\n        <\/a>\r\n\r\n        \r\n        <a href=\"https:\/\/talkpal.ai\/vocabulary_language\/lithuanian\/\">\r\n            <div class=\"learnNavigationWrapper\">\r\n                <div class=\"learnNavigationContent\">\r\n                    <img decoding=\"async\" src=\"https:\/\/talkpal.ai\/wp-content\/uploads\/2024\/08\/Lithuanian.jpg\" alt=\"Lithuanian Flag\">\r\n                    <div>\r\n                        <h4>Vocabular lituanian<\/h4>\r\n                        <p>Extinde\u021bi-v\u0103 vocabularul lituanian.<\/p>\r\n                    <\/div>\r\n                <\/div>\r\n            <\/div>\r\n        <\/a>\r\n\r\n            <\/section>","protected":false},"excerpt":{"rendered":"<p>Subiecte gramaticale lituaniene \u00cenv\u0103\u021barea limbii lituaniene nu este doar o experien\u021b\u0103 unic\u0103 \u0219i plin\u0103 de satisfac\u021bii, ci deschide \u0219i o lume cu totul nou\u0103 de explorare cultural\u0103. Lituaniana, ca limb\u0103 baltic\u0103, a p\u0103strat multe caracteristici ale limbilor antice indo-europene, f\u0103c\u00e2ndu-l o limb\u0103 important\u0103 pentru studiile istorice \u0219i lingvistice. Gramatica limbii lituaniene poate p\u0103rea complex\u0103, dar [&hellip;]<\/p>\n","protected":false},"author":6,"featured_media":146147,"parent":0,"menu_order":0,"comment_status":"closed","ping_status":"closed","template":"LearningContentPage.php","meta":{"_acf_changed":false,"footnotes":""},"class_list":["post-160157","page","type-page","status-publish","has-post-thumbnail","hentry"],"acf":[],"yoast_head":"<!-- This site is optimized with the Yoast SEO Premium plugin v27.2 (Yoast SEO v27.2) - https:\/\/yoast.com\/product\/yoast-seo-premium-wordpress\/ -->\n<title>Exerci\u021bii de gramatic\u0103 lituanian\u0103 - Talkpal<\/title>\n<meta name=\"description\" content=\"St\u0103p\u00e2ni\u021bi complexitatea limbii cu exerci\u021bii de gramatic\u0103 lituanian\u0103 captivante, care v\u0103 sporesc nivelul de competen\u021b\u0103.\" \/>\n<meta name=\"robots\" content=\"index, follow, max-snippet:-1, max-image-preview:large, max-video-preview:-1\" \/>\n<link rel=\"canonical\" href=\"https:\/\/talkpal.ai\/ro\/exercitii-de-gramatica-lituaniana\/\" \/>\n<meta property=\"og:locale\" content=\"ro_RO\" \/>\n<meta property=\"og:type\" content=\"article\" \/>\n<meta property=\"og:title\" content=\"Exerci\u021bii de gramatic\u0103 lituanian\u0103\" \/>\n<meta property=\"og:description\" content=\"Subiecte gramaticale lituaniene \u00cenv\u0103\u021barea limbii lituaniene nu este doar o experien\u021b\u0103 unic\u0103 \u0219i plin\u0103 de satisfac\u021bii, ci deschide \u0219i o lume cu totul nou\u0103\" \/>\n<meta property=\"og:url\" content=\"https:\/\/talkpal.ai\/ro\/exercitii-de-gramatica-lituaniana\/\" \/>\n<meta property=\"og:site_name\" content=\"Talkpal\" \/>\n<meta property=\"article:publisher\" content=\"https:\/\/www.facebook.com\/profile.php?id=100090733639311\" \/>\n<meta property=\"article:modified_time\" content=\"2025-12-17T15:52:37+00:00\" \/>\n<meta property=\"og:image\" content=\"https:\/\/talkpal.ai\/wp-content\/uploads\/2023\/05\/Lithuanian.png\" \/>\n\t<meta property=\"og:image:width\" content=\"512\" \/>\n\t<meta property=\"og:image:height\" content=\"512\" \/>\n\t<meta property=\"og:image:type\" content=\"image\/png\" \/>\n<meta name=\"twitter:card\" content=\"summary_large_image\" \/>\n<meta name=\"twitter:site\" content=\"@talkpalai\" \/>\n<meta name=\"twitter:label1\" content=\"Timp estimat pentru citire\" \/>\n\t<meta name=\"twitter:data1\" content=\"3 minute\" \/>\n<script type=\"application\/ld+json\" class=\"yoast-schema-graph\">{\"@context\":\"https:\/\/schema.org\",\"@graph\":[{\"@type\":\"WebPage\",\"@id\":\"https:\/\/talkpal.ai\/ro\/exercitii-de-gramatica-lituaniana\/\",\"url\":\"https:\/\/talkpal.ai\/ro\/exercitii-de-gramatica-lituaniana\/\",\"name\":\"Exerci\u021bii de gramatic\u0103 lituanian\u0103 - Talkpal\",\"isPartOf\":{\"@id\":\"https:\/\/talkpal.ai\/ro\/#website\"},\"primaryImageOfPage\":{\"@id\":\"https:\/\/talkpal.ai\/ro\/exercitii-de-gramatica-lituaniana\/#primaryimage\"},\"image\":{\"@id\":\"https:\/\/talkpal.ai\/ro\/exercitii-de-gramatica-lituaniana\/#primaryimage\"},\"thumbnailUrl\":\"https:\/\/talkpal.ai\/wp-content\/uploads\/2023\/05\/Lithuanian.png\",\"datePublished\":\"2023-06-22T08:12:52+00:00\",\"dateModified\":\"2025-12-17T15:52:37+00:00\",\"description\":\"St\u0103p\u00e2ni\u021bi complexitatea limbii cu exerci\u021bii de gramatic\u0103 lituanian\u0103 captivante, care v\u0103 sporesc nivelul de competen\u021b\u0103.\",\"breadcrumb\":{\"@id\":\"https:\/\/talkpal.ai\/ro\/exercitii-de-gramatica-lituaniana\/#breadcrumb\"},\"inLanguage\":\"ro-RO\",\"potentialAction\":[{\"@type\":\"ReadAction\",\"target\":[\"https:\/\/talkpal.ai\/ro\/exercitii-de-gramatica-lituaniana\/\"]}]},{\"@type\":\"ImageObject\",\"inLanguage\":\"ro-RO\",\"@id\":\"https:\/\/talkpal.ai\/ro\/exercitii-de-gramatica-lituaniana\/#primaryimage\",\"url\":\"https:\/\/talkpal.ai\/wp-content\/uploads\/2023\/05\/Lithuanian.png\",\"contentUrl\":\"https:\/\/talkpal.ai\/wp-content\/uploads\/2023\/05\/Lithuanian.png\",\"width\":512,\"height\":512},{\"@type\":\"BreadcrumbList\",\"@id\":\"https:\/\/talkpal.ai\/ro\/exercitii-de-gramatica-lituaniana\/#breadcrumb\",\"itemListElement\":[{\"@type\":\"ListItem\",\"position\":1,\"name\":\"Homepage\",\"item\":\"https:\/\/talkpal.ai\/ro\/\"},{\"@type\":\"ListItem\",\"position\":2,\"name\":\"Exerci\u021bii de gramatic\u0103 lituanian\u0103\"}]},{\"@type\":\"WebSite\",\"@id\":\"https:\/\/talkpal.ai\/ro\/#website\",\"url\":\"https:\/\/talkpal.ai\/ro\/\",\"name\":\"Talkpal\",\"description\":\"AI Language Learning\",\"publisher\":{\"@id\":\"https:\/\/talkpal.ai\/ro\/#organization\"},\"alternateName\":\"Talkpal AI\",\"potentialAction\":[{\"@type\":\"SearchAction\",\"target\":{\"@type\":\"EntryPoint\",\"urlTemplate\":\"https:\/\/talkpal.ai\/ro\/?s={search_term_string}\"},\"query-input\":{\"@type\":\"PropertyValueSpecification\",\"valueRequired\":true,\"valueName\":\"search_term_string\"}}],\"inLanguage\":\"ro-RO\"},{\"@type\":\"Organization\",\"@id\":\"https:\/\/talkpal.ai\/ro\/#organization\",\"name\":\"Talkpal, Inc.\",\"alternateName\":\"Talkpal AI\",\"url\":\"https:\/\/talkpal.ai\/ro\/\",\"logo\":{\"@type\":\"ImageObject\",\"inLanguage\":\"ro-RO\",\"@id\":\"https:\/\/talkpal.ai\/ro\/#\/schema\/logo\/image\/\",\"url\":\"https:\/\/talkpal.ai\/wp-content\/uploads\/2024\/03\/Talkpal-Logo-Icon.png\",\"contentUrl\":\"https:\/\/talkpal.ai\/wp-content\/uploads\/2024\/03\/Talkpal-Logo-Icon.png\",\"width\":2880,\"height\":2880,\"caption\":\"Talkpal, Inc.\"},\"image\":{\"@id\":\"https:\/\/talkpal.ai\/ro\/#\/schema\/logo\/image\/\"},\"sameAs\":[\"https:\/\/www.facebook.com\/profile.php?id=100090733639311\",\"https:\/\/x.com\/talkpalai\",\"https:\/\/www.linkedin.com\/company\/talkpal\/\",\"https:\/\/www.youtube.com\/@TalkPal\/\",\"https:\/\/www.tiktok.com\/@talkpal\",\"https:\/\/www.instagram.com\/talkpal_ai\/\",\"https:\/\/www.crunchbase.com\/organization\/talkpal-9cde\",\"https:\/\/www.g2.com\/products\/talkpal-for-business\/\",\"https:\/\/www.trustpilot.com\/review\/talkpal.ai\",\"https:\/\/www.capterra.com\/p\/10006800\/TalkPal\/\"],\"description\":\"Talkpal is a language learning web and mobile education app, powered by the latest AI technologies, that provides engaging experiences to its customers in many different languages to help them improve their language skills. Users can chat about unlimited amount of topics with the app and use other modes to practice their language learning.\",\"email\":\"support@talkpal.ai\",\"legalName\":\"Talkpal, Inc.\",\"foundingDate\":\"2023-04-03\",\"duns\":\"118989042\",\"numberOfEmployees\":{\"@type\":\"QuantitativeValue\",\"minValue\":\"11\",\"maxValue\":\"50\"},\"publishingPrinciples\":\"https:\/\/talkpal.ai\/publishing-principles\/\",\"actionableFeedbackPolicy\":\"https:\/\/talkpal.ai\/actionable-feedback-policy\/\",\"correctionsPolicy\":\"https:\/\/talkpal.ai\/corrections-policy\/\",\"ethicsPolicy\":\"https:\/\/talkpal.ai\/ethics-policy\/\",\"diversityPolicy\":\"https:\/\/talkpal.ai\/diversity-policy\/\",\"diversityStaffingReport\":\"https:\/\/talkpal.ai\/diversity-policy\/\"}]}<\/script>\n<!-- \/ Yoast SEO Premium plugin. -->","yoast_head_json":{"title":"Exerci\u021bii de gramatic\u0103 lituanian\u0103 - Talkpal","description":"St\u0103p\u00e2ni\u021bi complexitatea limbii cu exerci\u021bii de gramatic\u0103 lituanian\u0103 captivante, care v\u0103 sporesc nivelul de competen\u021b\u0103.","robots":{"index":"index","follow":"follow","max-snippet":"max-snippet:-1","max-image-preview":"max-image-preview:large","max-video-preview":"max-video-preview:-1"},"canonical":"https:\/\/talkpal.ai\/ro\/exercitii-de-gramatica-lituaniana\/","og_locale":"ro_RO","og_type":"article","og_title":"Exerci\u021bii de gramatic\u0103 lituanian\u0103","og_description":"Subiecte gramaticale lituaniene \u00cenv\u0103\u021barea limbii lituaniene nu este doar o experien\u021b\u0103 unic\u0103 \u0219i plin\u0103 de satisfac\u021bii, ci deschide \u0219i o lume cu totul nou\u0103","og_url":"https:\/\/talkpal.ai\/ro\/exercitii-de-gramatica-lituaniana\/","og_site_name":"Talkpal","article_publisher":"https:\/\/www.facebook.com\/profile.php?id=100090733639311","article_modified_time":"2025-12-17T15:52:37+00:00","og_image":[{"width":512,"height":512,"url":"https:\/\/talkpal.ai\/wp-content\/uploads\/2023\/05\/Lithuanian.png","type":"image\/png"}],"twitter_card":"summary_large_image","twitter_site":"@talkpalai","twitter_misc":{"Timp estimat pentru citire":"3 minute"},"schema":{"@context":"https:\/\/schema.org","@graph":[{"@type":"WebPage","@id":"https:\/\/talkpal.ai\/ro\/exercitii-de-gramatica-lituaniana\/","url":"https:\/\/talkpal.ai\/ro\/exercitii-de-gramatica-lituaniana\/","name":"Exerci\u021bii de gramatic\u0103 lituanian\u0103 - Talkpal","isPartOf":{"@id":"https:\/\/talkpal.ai\/ro\/#website"},"primaryImageOfPage":{"@id":"https:\/\/talkpal.ai\/ro\/exercitii-de-gramatica-lituaniana\/#primaryimage"},"image":{"@id":"https:\/\/talkpal.ai\/ro\/exercitii-de-gramatica-lituaniana\/#primaryimage"},"thumbnailUrl":"https:\/\/talkpal.ai\/wp-content\/uploads\/2023\/05\/Lithuanian.png","datePublished":"2023-06-22T08:12:52+00:00","dateModified":"2025-12-17T15:52:37+00:00","description":"St\u0103p\u00e2ni\u021bi complexitatea limbii cu exerci\u021bii de gramatic\u0103 lituanian\u0103 captivante, care v\u0103 sporesc nivelul de competen\u021b\u0103.","breadcrumb":{"@id":"https:\/\/talkpal.ai\/ro\/exercitii-de-gramatica-lituaniana\/#breadcrumb"},"inLanguage":"ro-RO","potentialAction":[{"@type":"ReadAction","target":["https:\/\/talkpal.ai\/ro\/exercitii-de-gramatica-lituaniana\/"]}]},{"@type":"ImageObject","inLanguage":"ro-RO","@id":"https:\/\/talkpal.ai\/ro\/exercitii-de-gramatica-lituaniana\/#primaryimage","url":"https:\/\/talkpal.ai\/wp-content\/uploads\/2023\/05\/Lithuanian.png","contentUrl":"https:\/\/talkpal.ai\/wp-content\/uploads\/2023\/05\/Lithuanian.png","width":512,"height":512},{"@type":"BreadcrumbList","@id":"https:\/\/talkpal.ai\/ro\/exercitii-de-gramatica-lituaniana\/#breadcrumb","itemListElement":[{"@type":"ListItem","position":1,"name":"Homepage","item":"https:\/\/talkpal.ai\/ro\/"},{"@type":"ListItem","position":2,"name":"Exerci\u021bii de gramatic\u0103 lituanian\u0103"}]},{"@type":"WebSite","@id":"https:\/\/talkpal.ai\/ro\/#website","url":"https:\/\/talkpal.ai\/ro\/","name":"Talkpal","description":"AI Language Learning","publisher":{"@id":"https:\/\/talkpal.ai\/ro\/#organization"},"alternateName":"Talkpal AI","potentialAction":[{"@type":"SearchAction","target":{"@type":"EntryPoint","urlTemplate":"https:\/\/talkpal.ai\/ro\/?s={search_term_string}"},"query-input":{"@type":"PropertyValueSpecification","valueRequired":true,"valueName":"search_term_string"}}],"inLanguage":"ro-RO"},{"@type":"Organization","@id":"https:\/\/talkpal.ai\/ro\/#organization","name":"Talkpal, Inc.","alternateName":"Talkpal AI","url":"https:\/\/talkpal.ai\/ro\/","logo":{"@type":"ImageObject","inLanguage":"ro-RO","@id":"https:\/\/talkpal.ai\/ro\/#\/schema\/logo\/image\/","url":"https:\/\/talkpal.ai\/wp-content\/uploads\/2024\/03\/Talkpal-Logo-Icon.png","contentUrl":"https:\/\/talkpal.ai\/wp-content\/uploads\/2024\/03\/Talkpal-Logo-Icon.png","width":2880,"height":2880,"caption":"Talkpal, Inc."},"image":{"@id":"https:\/\/talkpal.ai\/ro\/#\/schema\/logo\/image\/"},"sameAs":["https:\/\/www.facebook.com\/profile.php?id=100090733639311","https:\/\/x.com\/talkpalai","https:\/\/www.linkedin.com\/company\/talkpal\/","https:\/\/www.youtube.com\/@TalkPal\/","https:\/\/www.tiktok.com\/@talkpal","https:\/\/www.instagram.com\/talkpal_ai\/","https:\/\/www.crunchbase.com\/organization\/talkpal-9cde","https:\/\/www.g2.com\/products\/talkpal-for-business\/","https:\/\/www.trustpilot.com\/review\/talkpal.ai","https:\/\/www.capterra.com\/p\/10006800\/TalkPal\/"],"description":"Talkpal is a language learning web and mobile education app, powered by the latest AI technologies, that provides engaging experiences to its customers in many different languages to help them improve their language skills. Users can chat about unlimited amount of topics with the app and use other modes to practice their language learning.","email":"support@talkpal.ai","legalName":"Talkpal, Inc.","foundingDate":"2023-04-03","duns":"118989042","numberOfEmployees":{"@type":"QuantitativeValue","minValue":"11","maxValue":"50"},"publishingPrinciples":"https:\/\/talkpal.ai\/publishing-principles\/","actionableFeedbackPolicy":"https:\/\/talkpal.ai\/actionable-feedback-policy\/","correctionsPolicy":"https:\/\/talkpal.ai\/corrections-policy\/","ethicsPolicy":"https:\/\/talkpal.ai\/ethics-policy\/","diversityPolicy":"https:\/\/talkpal.ai\/diversity-policy\/","diversityStaffingReport":"https:\/\/talkpal.ai\/diversity-policy\/"}]}},"_links":{"self":[{"href":"https:\/\/talkpal.ai\/ro\/wp-json\/wp\/v2\/pages\/160157","targetHints":{"allow":["GET"]}}],"collection":[{"href":"https:\/\/talkpal.ai\/ro\/wp-json\/wp\/v2\/pages"}],"about":[{"href":"https:\/\/talkpal.ai\/ro\/wp-json\/wp\/v2\/types\/page"}],"author":[{"embeddable":true,"href":"https:\/\/talkpal.ai\/ro\/wp-json\/wp\/v2\/users\/6"}],"replies":[{"embeddable":true,"href":"https:\/\/talkpal.ai\/ro\/wp-json\/wp\/v2\/comments?post=160157"}],"version-history":[{"count":0,"href":"https:\/\/talkpal.ai\/ro\/wp-json\/wp\/v2\/pages\/160157\/revisions"}],"wp:featuredmedia":[{"embeddable":true,"href":"https:\/\/talkpal.ai\/ro\/wp-json\/wp\/v2\/media\/146147"}],"wp:attachment":[{"href":"https:\/\/talkpal.ai\/ro\/wp-json\/wp\/v2\/media?parent=160157"}],"curies":[{"name":"wp","href":"https:\/\/api.w.org\/{rel}","templated":true}]}}