{"id":159862,"date":"2023-06-22T08:24:14","date_gmt":"2023-06-22T08:24:14","guid":{"rendered":"http:\/\/talkpal.ai\/exercitii-de-gramatica-macedoneana\/"},"modified":"2025-12-17T16:01:32","modified_gmt":"2025-12-17T16:01:32","slug":"exercitii-de-gramatica-macedoneana","status":"publish","type":"page","link":"https:\/\/talkpal.ai\/ro\/exercitii-de-gramatica-macedoneana\/","title":{"rendered":"Exerci\u021bii de gramatic\u0103 macedonean\u0103"},"content":{"rendered":"\r\n\r\n\r\n<section class=\"languageChallengeSection\">\r\n    <div class=\"languageInfoWrapper\">\r\n        \r\n        <h1>Exerci\u021bii de gramatic\u0103 macedonean\u0103<\/h1>\r\n        <p>C\u0103uta\u021bi s\u0103 v\u0103 consolida\u021bi \u00eencrederea \u00een limba macedonean\u0103? Practicarea exerci\u021biilor gramaticale este o modalitate excelent\u0103 de a \u00een\u021belege structura propozi\u021biilor, formele verbale \u0219i caracteristicile unice ale limbii macedonene. \u00cencepe\u021bi ast\u0103zi explorarea gramaticii macedonene \u0219i vede\u021bi-v\u0103 abilit\u0103\u021bile \u0219i fluen\u021ba cresc\u00e2nd cu fiecare exerci\u021biu!<\/p>\r\n\r\n                            <a class=\"getStartedHidden\" href=\"https:\/\/app.talkpal.ai\/ro\/signup?lng=\">\u00cencepe<\/a>\r\n        \r\n    <\/div>\r\n\r\n    <figure>\r\n    <img decoding=\"async\" width=\"768\" height=\"768\" src=\"https:\/\/talkpal.ai\/wp-content\/uploads\/2023\/06\/macedonian-768x768.png\" class=\"languageImage no-lazy\" alt=\"Language learning through conversational practice\" fetchpriority=\"high\" sizes=\"(max-width: 768px) 150px, 768px\" srcset=\"https:\/\/talkpal.ai\/wp-content\/uploads\/2023\/06\/macedonian-768x768.png 768w, https:\/\/talkpal.ai\/wp-content\/uploads\/2023\/06\/macedonian-300x300.png 300w\" \/>\r\n    \r\n\r\n    <\/figure>\r\n\r\n            <a class=\"getStartedVisible\" href=\"https:\/\/app.talkpal.ai\/ro\/signup?lng=\">\u00cencepe<\/a>\r\n    \r\n<\/section>\r\n\r\n\r\n<!-- <section class=\"grammarSection\">\r\n    <div class=\"grammarLinks\">\r\n            <\/div>\r\n<\/section> -->\r\n\r\n\r\n\r\n\r\n<section class=\"promotionalBanner\">\r\n    <p class=\"promotionalText\">Cel mai eficient mod de a \u00eenv\u0103\u021ba o limb\u0103<\/p>\r\n    <a class=\"promotionalLink\" href=\"https:\/\/app.talkpal.ai\/ro\/signup?lng=\">\u00cencerca\u021bi Talkpal gratuit<\/a>\r\n<\/section>\n<div class=\"wp-block-group pageContainerStyle\"><div class=\"wp-block-group__inner-container is-layout-constrained wp-block-group-is-layout-constrained\">\n<h2 class=\"wp-block-heading\" id=\"h-macedonian-grammar-topics\">Subiecte de gramatic\u0103 macedonean\u0103<\/h2>\n\n\n\n<header id=\"main-header\" data-height-onload=\"80\" data-height-loaded=\"true\" data-fixed-height-onload=\"80\">\n<p>Macedoneana, o limb\u0103 slav\u0103 de sud, este limba oficial\u0103 a Macedoniei de Nord. Este vorbit\u0103 de peste dou\u0103 milioane de oameni din \u00eentreaga lume \u0219i ofer\u0103 o experien\u021b\u0103 lingvistic\u0103 unic\u0103 datorit\u0103 regulilor gramaticale specifice \u0219i vocabularului bogat. Acest ghid v\u0103 va oferi o prezentare general\u0103 a subiectelor esen\u021biale de <a href=\"https:\/\/talkpal.ai\/macedonian-grammar\/\">gramatic\u0103 macedonean\u0103<\/a>, organizate \u00eentr-o secven\u021b\u0103 care v\u0103 va facilita procesul de \u00eenv\u0103\u021bare. De la timpuri la structuri de propozi\u021bii, vom acoperi toate informa\u021biile necesare pentru a v\u0103 ajuta s\u0103 \u00eencepe\u021bi c\u0103l\u0103toria spre st\u0103p\u00e2nirea limbii macedonene.<\/p>\n<h3>1. Substantive:<\/h3>\n<p>Ca \u0219i alte limbi slave, substantivele macedonene au trei genuri (masculin, feminin \u0219i neutru) \u0219i sunt flexionate pentru caz \u0219i num\u0103r. \u00cenv\u0103\u021barea genului \u0219i a inflexiunilor corecte este crucial\u0103 pentru formarea propozi\u021biilor corecte din punct de vedere gramatical.<\/p>\n<h3>2. Articole:<\/h3>\n<p>limba macedonean\u0103 are un singur articol hot\u0103r\u00e2t, care variaz\u0103 \u00een func\u021bie de sex \u0219i caz. \u00cen macedonean\u0103 nu exist\u0103 articole nedefinite, dar numeralul &#8222;unu&#8221; poate fi folosit \u00een mod similar.<\/p>\n<h3>3. Adjective:<\/h3>\n<p>Adjectivele \u00een macedonean\u0103 sunt de acord cu substantivele <a href=\"https:\/\/talkpal.ai\/culture\/how-do-i-use-pe-care-correctly\/\">pe care<\/a> le modific\u0103 \u00een gen, num\u0103r \u0219i caz. Ele au at\u00e2t forme lungi, c\u00e2t \u0219i scurte, care sunt utilizate \u00een diferite contexte.<\/p>\n<h3>4. Pronume\/Determinan\u021bi:<\/h3>\n<p>Macedoneana are o varietate de pronume \u0219i determinan\u021bi, care sunt esen\u021biali \u00een formarea propozi\u021biilor. Ei \u00eenlocuiesc sau modific\u0103 substantivele \u0219i sunt de acord cu ele \u00een gen, num\u0103r \u0219i caz.<\/p>\n<h3>5. Verbe:<\/h3>\n<p>Verbele sunt esen\u021biale pentru gramatica macedonean\u0103. Ele se conjug\u0103 pentru persoan\u0103 \u0219i num\u0103r \u0219i au diferite timpuri, aspecte \u0219i dispozi\u021bii.<\/p>\n<h3>6. Timpuri:<\/h3>\n<p>Macedoneana are trei timpuri de baz\u0103 \u2013 trecut, prezent \u0219i viitor. Ele sunt formate folosind diferite conjug\u0103ri ale verbelor \u0219i verbe auxiliare. Este esen\u021bial s\u0103 \u00een\u021belegem formarea \u0219i utilizarea fiec\u0103rui timp pentru a exprima cu exactitate ac\u021biunile \u0219i evenimentele.<\/p>\n<h3>7. Compara\u021bie tensionat\u0103:<\/h3>\n<p>Compararea ac\u021biunilor \u0219i evenimentelor la timpuri diferite este esen\u021bial\u0103 pentru a transmite <a href=\"https:\/\/talkpal.ai\/locations\/language-courses-in-sens\/\">sens<\/a>. \u00cen macedonean\u0103, aceast\u0103 compara\u021bie se realizeaz\u0103 prin utilizarea unor forme verbale specifice \u0219i a unor verbe auxiliare.<\/p>\n<h3>8. Progresiv:<\/h3>\n<p>Aspectul progresiv \u00een macedonean\u0103 este folosit pentru a indica ac\u021biunile \u00een curs de desf\u0103\u0219urare. Se formeaz\u0103 folosind timpul prezent al verbului &#8222;a fi&#8221; \u0219i participiul prezent activ al verbului principal.<\/p>\n<h3>9. Progresiv perfect:<\/h3>\n<p>Acest aspect combin\u0103 aspectele progresive \u0219i perfecte pentru a descrie ac\u021biuni care au fost \u00een curs de desf\u0103\u0219urare \u00een trecut \u0219i au o leg\u0103tur\u0103 cu prezentul. Se formeaz\u0103 folosind timpul prezent al verbului &#8222;a fi&#8221; \u0219i participiul trecut activ al verbului principal.<\/p>\n<h3>10. Adverbe:<\/h3>\n<p>Adverbele \u00een macedonean\u0103 sunt folosite pentru a modifica verbe, adjective sau alte adverbe. De obicei nu \u00ee\u0219i schimb\u0103 forma \u0219i pot fi u\u0219or de recunoscut dup\u0103 termina\u021biile lor tipice.<\/p>\n<h3>11. Condi\u021bionale:<\/h3>\n<p>Macedoneana are trei tipuri de condi\u021bionale \u2013 real\u0103, ireal\u0103 \u0219i poten\u021bial\u0103. Ele sunt folosite pentru a exprima situa\u021bii ipotetice \u0219i consecin\u021bele acestora.<\/p>\n<h3>12. Prepozi\u021bii:<\/h3>\n<p>Prepozi\u021biile \u00een macedonean\u0103 sunt esen\u021biale \u00een formarea frazelor \u0219i propozi\u021biilor. Ele indic\u0103 diferite rela\u021bii \u00eentre cuvinte, cum ar fi loca\u021bia, direc\u021bia, timpul sau cauza.<\/p>\n<h3>13. Propozi\u021bii:<\/h3>\n<p>\u00cen\u021belegerea structurii propozi\u021biilor macedonene este crucial\u0103 pentru o comunicare eficient\u0103. Propozi\u021biile macedonene urmeaz\u0103 de obicei ordinea cuvintelor subiect-verb-obiect (SVO), dar pot ap\u0103rea varia\u021bii \u00een func\u021bie de accent \u0219i context.<\/p>\n<\/header>\n\n\n\n<footer> <\/footer>\n<\/div><\/div>\n\r\n<section class=\"learnNavigationSection\">\r\n            \r\n        <a href=\"https:\/\/talkpal.ai\/ro\/invata-macedoneana\/\">\r\n            <div class=\"learnNavigationWrapper\">\r\n                <div class=\"learnNavigationContent\">\r\n                    <img decoding=\"async\" src=\"https:\/\/talkpal.ai\/wp-content\/uploads\/2024\/08\/Macedonian.jpg\" alt=\"Macedonian Flag\">\r\n                    <div>\r\n                        <h4>Despre \u00eenv\u0103\u021barea macedonean\u0103<\/h4>\r\n                        <p>Afla\u021bi totul despre gramatica macedonean\u0103 .<\/p>\r\n                    <\/div>\r\n                <\/div>\r\n            <\/div>\r\n        <\/a>\r\n\r\n        \r\n        <a href=\"https:\/\/talkpal.ai\/ro\/gramatica-macedoneana\/\">\r\n            <div class=\"learnNavigationWrapper\">\r\n                <div class=\"learnNavigationContent\">\r\n                    <img decoding=\"async\" src=\"https:\/\/talkpal.ai\/wp-content\/uploads\/2024\/08\/Macedonian.jpg\" alt=\"Macedonian Flag\">\r\n                    <div>\r\n                        <h4>Lec\u021bii de gramatic\u0103 macedonean\u0103<\/h4>\r\n                        <p>Exersa\u021bi gramatica macedonean\u0103.<\/p>\r\n                    <\/div>\r\n                <\/div>\r\n            <\/div>\r\n        <\/a>\r\n\r\n        \r\n        <a href=\"https:\/\/talkpal.ai\/vocabulary_language\/macedonian\/\">\r\n            <div class=\"learnNavigationWrapper\">\r\n                <div class=\"learnNavigationContent\">\r\n                    <img decoding=\"async\" src=\"https:\/\/talkpal.ai\/wp-content\/uploads\/2024\/08\/Macedonian.jpg\" alt=\"Macedonian Flag\">\r\n                    <div>\r\n                        <h4>Vocabular macedonean<\/h4>\r\n                        <p>Extinde\u021bi-v\u0103 vocabularul macedonean.<\/p>\r\n                    <\/div>\r\n                <\/div>\r\n            <\/div>\r\n        <\/a>\r\n\r\n            <\/section>","protected":false},"excerpt":{"rendered":"<p>Subiecte de gramatic\u0103 macedonean\u0103 Macedoneana, o limb\u0103 slav\u0103 de sud, este limba oficial\u0103 a Macedoniei de Nord. Este vorbit\u0103 de peste dou\u0103 milioane de oameni din \u00eentreaga lume \u0219i ofer\u0103 o experien\u021b\u0103 lingvistic\u0103 unic\u0103 datorit\u0103 regulilor gramaticale specifice \u0219i vocabularului bogat. Acest ghid v\u0103 va oferi o prezentare general\u0103 a subiectelor esen\u021biale de gramatic\u0103 macedonean\u0103, [&hellip;]<\/p>\n","protected":false},"author":6,"featured_media":115441,"parent":0,"menu_order":0,"comment_status":"closed","ping_status":"closed","template":"LearningContentPage.php","meta":{"_acf_changed":false,"footnotes":""},"class_list":["post-159862","page","type-page","status-publish","has-post-thumbnail","hentry"],"acf":[],"yoast_head":"<!-- This site is optimized with the Yoast SEO Premium plugin v27.2 (Yoast SEO v27.2) - https:\/\/yoast.com\/product\/yoast-seo-premium-wordpress\/ -->\n<title>Exerci\u021bii de gramatic\u0103 macedonean\u0103 - Talkpal<\/title>\n<meta name=\"description\" content=\"\u00cenv\u0103\u021ba\u021bi gramatica macedonean\u0103 cu exerci\u021bii interactive de gramatic\u0103 macedonean\u0103 de la Talkpal, tutorele t\u0103u lingvistic cu inteligen\u021b\u0103 artificial\u0103.\" \/>\n<meta name=\"robots\" content=\"index, follow, max-snippet:-1, max-image-preview:large, max-video-preview:-1\" \/>\n<link rel=\"canonical\" href=\"https:\/\/talkpal.ai\/ro\/exercitii-de-gramatica-macedoneana\/\" \/>\n<meta property=\"og:locale\" content=\"ro_RO\" \/>\n<meta property=\"og:type\" content=\"article\" \/>\n<meta property=\"og:title\" content=\"Exerci\u021bii de gramatic\u0103 macedonean\u0103\" \/>\n<meta property=\"og:description\" content=\"Subiecte de gramatic\u0103 macedonean\u0103 Macedoneana, o limb\u0103 slav\u0103 de sud, este limba oficial\u0103 a Macedoniei de Nord. Este vorbit\u0103 de peste dou\u0103 milioane de\" \/>\n<meta property=\"og:url\" content=\"https:\/\/talkpal.ai\/ro\/exercitii-de-gramatica-macedoneana\/\" \/>\n<meta property=\"og:site_name\" content=\"Talkpal\" \/>\n<meta property=\"article:publisher\" content=\"https:\/\/www.facebook.com\/profile.php?id=100090733639311\" \/>\n<meta property=\"article:modified_time\" content=\"2025-12-17T16:01:32+00:00\" \/>\n<meta property=\"og:image\" content=\"https:\/\/talkpal.ai\/wp-content\/uploads\/2023\/05\/republic-of-macedonia.png\" \/>\n\t<meta property=\"og:image:width\" content=\"512\" \/>\n\t<meta property=\"og:image:height\" content=\"512\" \/>\n\t<meta property=\"og:image:type\" content=\"image\/png\" \/>\n<meta name=\"twitter:card\" content=\"summary_large_image\" \/>\n<meta name=\"twitter:site\" content=\"@talkpalai\" \/>\n<meta name=\"twitter:label1\" content=\"Timp estimat pentru citire\" \/>\n\t<meta name=\"twitter:data1\" content=\"3 minute\" \/>\n<script type=\"application\/ld+json\" class=\"yoast-schema-graph\">{\"@context\":\"https:\/\/schema.org\",\"@graph\":[{\"@type\":\"WebPage\",\"@id\":\"https:\/\/talkpal.ai\/ro\/exercitii-de-gramatica-macedoneana\/\",\"url\":\"https:\/\/talkpal.ai\/ro\/exercitii-de-gramatica-macedoneana\/\",\"name\":\"Exerci\u021bii de gramatic\u0103 macedonean\u0103 - Talkpal\",\"isPartOf\":{\"@id\":\"https:\/\/talkpal.ai\/ro\/#website\"},\"primaryImageOfPage\":{\"@id\":\"https:\/\/talkpal.ai\/ro\/exercitii-de-gramatica-macedoneana\/#primaryimage\"},\"image\":{\"@id\":\"https:\/\/talkpal.ai\/ro\/exercitii-de-gramatica-macedoneana\/#primaryimage\"},\"thumbnailUrl\":\"https:\/\/talkpal.ai\/wp-content\/uploads\/2023\/05\/republic-of-macedonia.png\",\"datePublished\":\"2023-06-22T08:24:14+00:00\",\"dateModified\":\"2025-12-17T16:01:32+00:00\",\"description\":\"\u00cenv\u0103\u021ba\u021bi gramatica macedonean\u0103 cu exerci\u021bii interactive de gramatic\u0103 macedonean\u0103 de la Talkpal, tutorele t\u0103u lingvistic cu inteligen\u021b\u0103 artificial\u0103.\",\"breadcrumb\":{\"@id\":\"https:\/\/talkpal.ai\/ro\/exercitii-de-gramatica-macedoneana\/#breadcrumb\"},\"inLanguage\":\"ro-RO\",\"potentialAction\":[{\"@type\":\"ReadAction\",\"target\":[\"https:\/\/talkpal.ai\/ro\/exercitii-de-gramatica-macedoneana\/\"]}]},{\"@type\":\"ImageObject\",\"inLanguage\":\"ro-RO\",\"@id\":\"https:\/\/talkpal.ai\/ro\/exercitii-de-gramatica-macedoneana\/#primaryimage\",\"url\":\"https:\/\/talkpal.ai\/wp-content\/uploads\/2023\/05\/republic-of-macedonia.png\",\"contentUrl\":\"https:\/\/talkpal.ai\/wp-content\/uploads\/2023\/05\/republic-of-macedonia.png\",\"width\":512,\"height\":512},{\"@type\":\"BreadcrumbList\",\"@id\":\"https:\/\/talkpal.ai\/ro\/exercitii-de-gramatica-macedoneana\/#breadcrumb\",\"itemListElement\":[{\"@type\":\"ListItem\",\"position\":1,\"name\":\"Homepage\",\"item\":\"https:\/\/talkpal.ai\/ro\/\"},{\"@type\":\"ListItem\",\"position\":2,\"name\":\"Exerci\u021bii de gramatic\u0103 macedonean\u0103\"}]},{\"@type\":\"WebSite\",\"@id\":\"https:\/\/talkpal.ai\/ro\/#website\",\"url\":\"https:\/\/talkpal.ai\/ro\/\",\"name\":\"Talkpal\",\"description\":\"AI Language Learning\",\"publisher\":{\"@id\":\"https:\/\/talkpal.ai\/ro\/#organization\"},\"alternateName\":\"Talkpal AI\",\"potentialAction\":[{\"@type\":\"SearchAction\",\"target\":{\"@type\":\"EntryPoint\",\"urlTemplate\":\"https:\/\/talkpal.ai\/ro\/?s={search_term_string}\"},\"query-input\":{\"@type\":\"PropertyValueSpecification\",\"valueRequired\":true,\"valueName\":\"search_term_string\"}}],\"inLanguage\":\"ro-RO\"},{\"@type\":\"Organization\",\"@id\":\"https:\/\/talkpal.ai\/ro\/#organization\",\"name\":\"Talkpal, Inc.\",\"alternateName\":\"Talkpal AI\",\"url\":\"https:\/\/talkpal.ai\/ro\/\",\"logo\":{\"@type\":\"ImageObject\",\"inLanguage\":\"ro-RO\",\"@id\":\"https:\/\/talkpal.ai\/ro\/#\/schema\/logo\/image\/\",\"url\":\"https:\/\/talkpal.ai\/wp-content\/uploads\/2024\/03\/Talkpal-Logo-Icon.png\",\"contentUrl\":\"https:\/\/talkpal.ai\/wp-content\/uploads\/2024\/03\/Talkpal-Logo-Icon.png\",\"width\":2880,\"height\":2880,\"caption\":\"Talkpal, Inc.\"},\"image\":{\"@id\":\"https:\/\/talkpal.ai\/ro\/#\/schema\/logo\/image\/\"},\"sameAs\":[\"https:\/\/www.facebook.com\/profile.php?id=100090733639311\",\"https:\/\/x.com\/talkpalai\",\"https:\/\/www.linkedin.com\/company\/talkpal\/\",\"https:\/\/www.youtube.com\/@TalkPal\/\",\"https:\/\/www.tiktok.com\/@talkpal\",\"https:\/\/www.instagram.com\/talkpal_ai\/\",\"https:\/\/www.crunchbase.com\/organization\/talkpal-9cde\",\"https:\/\/www.g2.com\/products\/talkpal-for-business\/\",\"https:\/\/www.trustpilot.com\/review\/talkpal.ai\",\"https:\/\/www.capterra.com\/p\/10006800\/TalkPal\/\"],\"description\":\"Talkpal is a language learning web and mobile education app, powered by the latest AI technologies, that provides engaging experiences to its customers in many different languages to help them improve their language skills. Users can chat about unlimited amount of topics with the app and use other modes to practice their language learning.\",\"email\":\"support@talkpal.ai\",\"legalName\":\"Talkpal, Inc.\",\"foundingDate\":\"2023-04-03\",\"duns\":\"118989042\",\"numberOfEmployees\":{\"@type\":\"QuantitativeValue\",\"minValue\":\"11\",\"maxValue\":\"50\"},\"publishingPrinciples\":\"https:\/\/talkpal.ai\/publishing-principles\/\",\"actionableFeedbackPolicy\":\"https:\/\/talkpal.ai\/actionable-feedback-policy\/\",\"correctionsPolicy\":\"https:\/\/talkpal.ai\/corrections-policy\/\",\"ethicsPolicy\":\"https:\/\/talkpal.ai\/ethics-policy\/\",\"diversityPolicy\":\"https:\/\/talkpal.ai\/diversity-policy\/\",\"diversityStaffingReport\":\"https:\/\/talkpal.ai\/diversity-policy\/\"}]}<\/script>\n<!-- \/ Yoast SEO Premium plugin. -->","yoast_head_json":{"title":"Exerci\u021bii de gramatic\u0103 macedonean\u0103 - Talkpal","description":"\u00cenv\u0103\u021ba\u021bi gramatica macedonean\u0103 cu exerci\u021bii interactive de gramatic\u0103 macedonean\u0103 de la Talkpal, tutorele t\u0103u lingvistic cu inteligen\u021b\u0103 artificial\u0103.","robots":{"index":"index","follow":"follow","max-snippet":"max-snippet:-1","max-image-preview":"max-image-preview:large","max-video-preview":"max-video-preview:-1"},"canonical":"https:\/\/talkpal.ai\/ro\/exercitii-de-gramatica-macedoneana\/","og_locale":"ro_RO","og_type":"article","og_title":"Exerci\u021bii de gramatic\u0103 macedonean\u0103","og_description":"Subiecte de gramatic\u0103 macedonean\u0103 Macedoneana, o limb\u0103 slav\u0103 de sud, este limba oficial\u0103 a Macedoniei de Nord. Este vorbit\u0103 de peste dou\u0103 milioane de","og_url":"https:\/\/talkpal.ai\/ro\/exercitii-de-gramatica-macedoneana\/","og_site_name":"Talkpal","article_publisher":"https:\/\/www.facebook.com\/profile.php?id=100090733639311","article_modified_time":"2025-12-17T16:01:32+00:00","og_image":[{"width":512,"height":512,"url":"https:\/\/talkpal.ai\/wp-content\/uploads\/2023\/05\/republic-of-macedonia.png","type":"image\/png"}],"twitter_card":"summary_large_image","twitter_site":"@talkpalai","twitter_misc":{"Timp estimat pentru citire":"3 minute"},"schema":{"@context":"https:\/\/schema.org","@graph":[{"@type":"WebPage","@id":"https:\/\/talkpal.ai\/ro\/exercitii-de-gramatica-macedoneana\/","url":"https:\/\/talkpal.ai\/ro\/exercitii-de-gramatica-macedoneana\/","name":"Exerci\u021bii de gramatic\u0103 macedonean\u0103 - Talkpal","isPartOf":{"@id":"https:\/\/talkpal.ai\/ro\/#website"},"primaryImageOfPage":{"@id":"https:\/\/talkpal.ai\/ro\/exercitii-de-gramatica-macedoneana\/#primaryimage"},"image":{"@id":"https:\/\/talkpal.ai\/ro\/exercitii-de-gramatica-macedoneana\/#primaryimage"},"thumbnailUrl":"https:\/\/talkpal.ai\/wp-content\/uploads\/2023\/05\/republic-of-macedonia.png","datePublished":"2023-06-22T08:24:14+00:00","dateModified":"2025-12-17T16:01:32+00:00","description":"\u00cenv\u0103\u021ba\u021bi gramatica macedonean\u0103 cu exerci\u021bii interactive de gramatic\u0103 macedonean\u0103 de la Talkpal, tutorele t\u0103u lingvistic cu inteligen\u021b\u0103 artificial\u0103.","breadcrumb":{"@id":"https:\/\/talkpal.ai\/ro\/exercitii-de-gramatica-macedoneana\/#breadcrumb"},"inLanguage":"ro-RO","potentialAction":[{"@type":"ReadAction","target":["https:\/\/talkpal.ai\/ro\/exercitii-de-gramatica-macedoneana\/"]}]},{"@type":"ImageObject","inLanguage":"ro-RO","@id":"https:\/\/talkpal.ai\/ro\/exercitii-de-gramatica-macedoneana\/#primaryimage","url":"https:\/\/talkpal.ai\/wp-content\/uploads\/2023\/05\/republic-of-macedonia.png","contentUrl":"https:\/\/talkpal.ai\/wp-content\/uploads\/2023\/05\/republic-of-macedonia.png","width":512,"height":512},{"@type":"BreadcrumbList","@id":"https:\/\/talkpal.ai\/ro\/exercitii-de-gramatica-macedoneana\/#breadcrumb","itemListElement":[{"@type":"ListItem","position":1,"name":"Homepage","item":"https:\/\/talkpal.ai\/ro\/"},{"@type":"ListItem","position":2,"name":"Exerci\u021bii de gramatic\u0103 macedonean\u0103"}]},{"@type":"WebSite","@id":"https:\/\/talkpal.ai\/ro\/#website","url":"https:\/\/talkpal.ai\/ro\/","name":"Talkpal","description":"AI Language Learning","publisher":{"@id":"https:\/\/talkpal.ai\/ro\/#organization"},"alternateName":"Talkpal AI","potentialAction":[{"@type":"SearchAction","target":{"@type":"EntryPoint","urlTemplate":"https:\/\/talkpal.ai\/ro\/?s={search_term_string}"},"query-input":{"@type":"PropertyValueSpecification","valueRequired":true,"valueName":"search_term_string"}}],"inLanguage":"ro-RO"},{"@type":"Organization","@id":"https:\/\/talkpal.ai\/ro\/#organization","name":"Talkpal, Inc.","alternateName":"Talkpal AI","url":"https:\/\/talkpal.ai\/ro\/","logo":{"@type":"ImageObject","inLanguage":"ro-RO","@id":"https:\/\/talkpal.ai\/ro\/#\/schema\/logo\/image\/","url":"https:\/\/talkpal.ai\/wp-content\/uploads\/2024\/03\/Talkpal-Logo-Icon.png","contentUrl":"https:\/\/talkpal.ai\/wp-content\/uploads\/2024\/03\/Talkpal-Logo-Icon.png","width":2880,"height":2880,"caption":"Talkpal, Inc."},"image":{"@id":"https:\/\/talkpal.ai\/ro\/#\/schema\/logo\/image\/"},"sameAs":["https:\/\/www.facebook.com\/profile.php?id=100090733639311","https:\/\/x.com\/talkpalai","https:\/\/www.linkedin.com\/company\/talkpal\/","https:\/\/www.youtube.com\/@TalkPal\/","https:\/\/www.tiktok.com\/@talkpal","https:\/\/www.instagram.com\/talkpal_ai\/","https:\/\/www.crunchbase.com\/organization\/talkpal-9cde","https:\/\/www.g2.com\/products\/talkpal-for-business\/","https:\/\/www.trustpilot.com\/review\/talkpal.ai","https:\/\/www.capterra.com\/p\/10006800\/TalkPal\/"],"description":"Talkpal is a language learning web and mobile education app, powered by the latest AI technologies, that provides engaging experiences to its customers in many different languages to help them improve their language skills. Users can chat about unlimited amount of topics with the app and use other modes to practice their language learning.","email":"support@talkpal.ai","legalName":"Talkpal, Inc.","foundingDate":"2023-04-03","duns":"118989042","numberOfEmployees":{"@type":"QuantitativeValue","minValue":"11","maxValue":"50"},"publishingPrinciples":"https:\/\/talkpal.ai\/publishing-principles\/","actionableFeedbackPolicy":"https:\/\/talkpal.ai\/actionable-feedback-policy\/","correctionsPolicy":"https:\/\/talkpal.ai\/corrections-policy\/","ethicsPolicy":"https:\/\/talkpal.ai\/ethics-policy\/","diversityPolicy":"https:\/\/talkpal.ai\/diversity-policy\/","diversityStaffingReport":"https:\/\/talkpal.ai\/diversity-policy\/"}]}},"_links":{"self":[{"href":"https:\/\/talkpal.ai\/ro\/wp-json\/wp\/v2\/pages\/159862","targetHints":{"allow":["GET"]}}],"collection":[{"href":"https:\/\/talkpal.ai\/ro\/wp-json\/wp\/v2\/pages"}],"about":[{"href":"https:\/\/talkpal.ai\/ro\/wp-json\/wp\/v2\/types\/page"}],"author":[{"embeddable":true,"href":"https:\/\/talkpal.ai\/ro\/wp-json\/wp\/v2\/users\/6"}],"replies":[{"embeddable":true,"href":"https:\/\/talkpal.ai\/ro\/wp-json\/wp\/v2\/comments?post=159862"}],"version-history":[{"count":0,"href":"https:\/\/talkpal.ai\/ro\/wp-json\/wp\/v2\/pages\/159862\/revisions"}],"wp:featuredmedia":[{"embeddable":true,"href":"https:\/\/talkpal.ai\/ro\/wp-json\/wp\/v2\/media\/115441"}],"wp:attachment":[{"href":"https:\/\/talkpal.ai\/ro\/wp-json\/wp\/v2\/media?parent=159862"}],"curies":[{"name":"wp","href":"https:\/\/api.w.org\/{rel}","templated":true}]}}